{"id":18100,"date":"2019-08-28T22:11:35","date_gmt":"2019-08-28T20:11:35","guid":{"rendered":"https:\/\/landioustravel.com\/?page_id=18100"},"modified":"2019-08-28T22:11:36","modified_gmt":"2019-08-28T20:11:36","slug":"egyptska-mesta","status":"publish","type":"page","link":"https:\/\/landioustravel.com\/cs\/egypt\/egyptska-mesta\/","title":{"rendered":"Egyptsk\u00e1 m\u011bsta"},"content":{"rendered":"\n<p><amp-fit-text layout=\"fixed-height\" min-font-size=\"6\" max-font-size=\"72\" height=\"80\">Kdy\u017e se pod\u00edv\u00e1me na mapu Egypta, zjist\u00edme, \u017ee v\u011bt\u0161ina egyptsk\u00fdch guvern\u00e9r\u016f, m\u011bst a m\u011bst se nach\u00e1z\u00ed pod\u00e9l \u0159eky Nilu. Egypt m\u00e1 v\u00edce ne\u017e 200 m\u011bst s populac\u00ed v\u00edce ne\u017e 15 000 s.<\/amp-fit-text><\/p>\n\n\n\n<amp-fit-text layout=\"fixed-height\" min-font-size=\"6\" max-font-size=\"72\" height=\"80\"><h2 class=\"wp-block-heading\">Administrativn\u00ed rozd\u011blen\u00ed v Egypt\u011b<\/h2><\/amp-fit-text>\n\n\n\n<p><amp-fit-text layout=\"fixed-height\" min-font-size=\"6\" max-font-size=\"72\" height=\"80\">Administrativn\u011b je Egypt rozd\u011blen do 27 guvern\u00e9r\u016f. Podle toho je ka\u017ed\u00e1 provincie spravov\u00e1na guvern\u00e9rem, kter\u00e9ho jmenuje egyptsk\u00fd prezident.<\/amp-fit-text><\/p>\n\n\n\n<ul class=\"wp-block-list\"><li>Aswan<\/li><li> Asyut<\/li><li> Al-Bahr Al-Ahmar (Rud\u00e9 mo\u0159e)<\/li><li> Al-Buhayrah<\/li><li> Port Said<\/li><li> K\u00e1hira<\/li><li> Dakahlia<\/li><li> Damietta<\/li><li> Fayyum<\/li><li> Al-Gharbiyyah<\/li><li> Alexandrie<\/li><li> Ismailia<\/li><li> Ji\u017en\u00ed Sinaj<\/li><li> Severn\u00ed Sinaj<\/li><li> Giza<\/li><li> Kafr El-Shaykh<\/li><li> Matruh<\/li><li> Al-Minufiyyah<\/li><li> Al-Minya<\/li><li> Al-Qalyubiyyah<\/li><li> Qena<\/li><li> Al-Sharqiyyah<\/li><li> Sohag<\/li><li> Suez<\/li><li> Luxor<\/li><li> Tak\u00e9 Al-Wadi Al-Jadid<\/li><\/ul>\n","protected":false},"excerpt":{"rendered":"<p>Kdy\u017e se pod\u00edv\u00e1me na mapu Egypta, zjist\u00edme, \u017ee v\u011bt\u0161ina egyptsk\u00fdch guvern\u00e9r\u016f, m\u011bst a m\u011bst se nach\u00e1z\u00ed pod\u00e9l \u0159eky Nilu. Egypt m\u00e1 v\u00edce ne\u017e 200 m\u011bst s populac\u00ed v\u00edce ne\u017e 15 000 s. Administrativn\u00ed rozd\u011blen\u00ed v Egypt\u011b Administrativn\u011b je Egypt rozd\u011blen do 27 guvern\u00e9r\u016f. Podle toho je ka\u017ed\u00e1 provincie spravov\u00e1na guvern\u00e9rem, kter\u00e9ho jmenuje egyptsk\u00fd prezident. Aswan [&hellip;]<\/p>\n","protected":false},"author":1,"featured_media":0,"parent":17694,"menu_order":2,"comment_status":"open","ping_status":"closed","template":"","meta":{"_coblocks_attr":"","_coblocks_dimensions":"","_coblocks_responsive_height":"","_coblocks_accordion_ie_support":"","_uag_custom_page_level_css":"","footnotes":""},"class_list":["post-18100","page","type-page","status-publish","hentry"],"yoast_head":"<!-- This site is optimized with the Yoast SEO Premium plugin v26.9 (Yoast SEO v27.4) - https:\/\/yoast.com\/product\/yoast-seo-premium-wordpress\/ -->\n<title>Egyptsk\u00e1 m\u011bsta<\/title>\n<meta name=\"description\" content=\"Egyptsk\u00e1 m\u011bsta Kdy\u017e se pod\u00edv\u00e1me na mapu Egypta, zjist\u00edme, \u017ee v\u011bt\u0161ina egyptsk\u00fdch guvern\u00e9r\u016f, m\u011bst a m\u011bst se nach\u00e1z\u00ed pod\u00e9l \u0159eky Nilu. Egypt m\u00e1 v\u00edce ne\u017e 200 m\u011bst s populac\u00ed v\u00edce ne\u017e 15 000 s\" \/>\n<meta name=\"robots\" content=\"index, follow, max-snippet:-1, max-image-preview:large, max-video-preview:-1\" \/>\n<link rel=\"canonical\" href=\"https:\/\/landioustravel.com\/cs\/egypt\/egyptska-mesta\/\" \/>\n<meta property=\"og:locale\" content=\"cs_CZ\" \/>\n<meta property=\"og:type\" content=\"article\" \/>\n<meta property=\"og:title\" content=\"Egyptsk\u00e1 m\u011bsta\" \/>\n<meta property=\"og:description\" content=\"Egyptsk\u00e1 m\u011bsta Kdy\u017e se pod\u00edv\u00e1me na mapu Egypta, zjist\u00edme, \u017ee v\u011bt\u0161ina egyptsk\u00fdch guvern\u00e9r\u016f, m\u011bst a m\u011bst se nach\u00e1z\u00ed pod\u00e9l \u0159eky Nilu. Egypt m\u00e1 v\u00edce ne\u017e 200 m\u011bst s populac\u00ed v\u00edce ne\u017e 15 000 s\" \/>\n<meta property=\"og:url\" content=\"https:\/\/landioustravel.com\/cs\/egypt\/egyptska-mesta\/\" \/>\n<meta property=\"og:site_name\" content=\"Landious Travel\" \/>\n<meta property=\"article:publisher\" content=\"https:\/\/web.facebook.com\/landiousEgypt\" \/>\n<meta property=\"article:modified_time\" content=\"2019-08-28T20:11:36+00:00\" \/>\n<meta name=\"twitter:card\" content=\"summary_large_image\" \/>\n<meta name=\"twitter:site\" content=\"@LandiousTours\" \/>\n<meta name=\"twitter:label1\" content=\"Odhadovan\u00e1 doba \u010dten\u00ed\" \/>\n\t<meta name=\"twitter:data1\" content=\"1 minuta\" \/>\n<script type=\"application\/ld+json\" class=\"yoast-schema-graph\">{\"@context\":\"https:\\\/\\\/schema.org\",\"@graph\":[{\"@type\":\"WebPage\",\"@id\":\"https:\\\/\\\/landioustravel.com\\\/cs\\\/egypt\\\/egyptska-mesta\\\/\",\"url\":\"https:\\\/\\\/landioustravel.com\\\/cs\\\/egypt\\\/egyptska-mesta\\\/\",\"name\":\"Egyptsk\u00e1 m\u011bsta\",\"isPartOf\":{\"@id\":\"https:\\\/\\\/landioustravel.com\\\/cs\\\/#website\"},\"datePublished\":\"2019-08-28T20:11:35+00:00\",\"dateModified\":\"2019-08-28T20:11:36+00:00\",\"description\":\"Egyptsk\u00e1 m\u011bsta Kdy\u017e se pod\u00edv\u00e1me na mapu Egypta, zjist\u00edme, \u017ee v\u011bt\u0161ina egyptsk\u00fdch guvern\u00e9r\u016f, m\u011bst a m\u011bst se nach\u00e1z\u00ed pod\u00e9l \u0159eky Nilu. Egypt m\u00e1 v\u00edce ne\u017e 200 m\u011bst s populac\u00ed v\u00edce ne\u017e 15 000 s\",\"breadcrumb\":{\"@id\":\"https:\\\/\\\/landioustravel.com\\\/cs\\\/egypt\\\/egyptska-mesta\\\/#breadcrumb\"},\"inLanguage\":\"cs\",\"potentialAction\":[{\"@type\":\"ReadAction\",\"target\":[\"https:\\\/\\\/landioustravel.com\\\/cs\\\/egypt\\\/egyptska-mesta\\\/\"]}]},{\"@type\":\"BreadcrumbList\",\"@id\":\"https:\\\/\\\/landioustravel.com\\\/cs\\\/egypt\\\/egyptska-mesta\\\/#breadcrumb\",\"itemListElement\":[{\"@type\":\"ListItem\",\"position\":1,\"name\":\"Home\",\"item\":\"https:\\\/\\\/landioustravel.com\\\/cs\\\/\"},{\"@type\":\"ListItem\",\"position\":2,\"name\":\"Egypt\",\"item\":\"https:\\\/\\\/landioustravel.com\\\/cs\\\/egypt\\\/\"},{\"@type\":\"ListItem\",\"position\":3,\"name\":\"Egyptsk\u00e1 m\u011bsta\"}]},{\"@type\":\"WebSite\",\"@id\":\"https:\\\/\\\/landioustravel.com\\\/cs\\\/#website\",\"url\":\"https:\\\/\\\/landioustravel.com\\\/cs\\\/\",\"name\":\"Landious Travel\",\"description\":\"Excursions, trips and cruises in Egypt\",\"publisher\":{\"@id\":\"https:\\\/\\\/landioustravel.com\\\/cs\\\/#organization\"},\"potentialAction\":[{\"@type\":\"SearchAction\",\"target\":{\"@type\":\"EntryPoint\",\"urlTemplate\":\"https:\\\/\\\/landioustravel.com\\\/cs\\\/?s={search_term_string}\"},\"query-input\":{\"@type\":\"PropertyValueSpecification\",\"valueRequired\":true,\"valueName\":\"search_term_string\"}}],\"inLanguage\":\"cs\"},{\"@type\":[\"Organization\",\"Place\"],\"@id\":\"https:\\\/\\\/landioustravel.com\\\/cs\\\/#organization\",\"name\":\"Landious Travel\",\"alternateName\":\"Landious Travel\",\"url\":\"https:\\\/\\\/landioustravel.com\\\/cs\\\/\",\"logo\":{\"@id\":\"https:\\\/\\\/landioustravel.com\\\/cs\\\/egypt\\\/egyptska-mesta\\\/#local-main-organization-logo\"},\"image\":{\"@id\":\"https:\\\/\\\/landioustravel.com\\\/cs\\\/egypt\\\/egyptska-mesta\\\/#local-main-organization-logo\"},\"sameAs\":[\"https:\\\/\\\/web.facebook.com\\\/landiousEgypt\",\"https:\\\/\\\/x.com\\\/LandiousTours\",\"https:\\\/\\\/mastodon.social\\\/@landious\"],\"legalName\":\"Landious Travel\",\"telephone\":[],\"openingHoursSpecification\":[{\"@type\":\"OpeningHoursSpecification\",\"dayOfWeek\":[\"Monday\",\"Tuesday\",\"Wednesday\",\"Thursday\",\"Friday\",\"Saturday\",\"Sunday\"],\"opens\":\"09:00\",\"closes\":\"17:00\"}]},{\"@type\":\"ImageObject\",\"inLanguage\":\"cs\",\"@id\":\"https:\\\/\\\/landioustravel.com\\\/cs\\\/egypt\\\/egyptska-mesta\\\/#local-main-organization-logo\",\"url\":\"https:\\\/\\\/i0.wp.com\\\/landioustravel.com\\\/wp-content\\\/uploads\\\/2021\\\/06\\\/Landious-T.png?fit=500%2C500&ssl=1\",\"contentUrl\":\"https:\\\/\\\/i0.wp.com\\\/landioustravel.com\\\/wp-content\\\/uploads\\\/2021\\\/06\\\/Landious-T.png?fit=500%2C500&ssl=1\",\"width\":500,\"height\":500,\"caption\":\"Landious Travel\"}]}<\/script>\n<!-- \/ Yoast SEO Premium plugin. -->","yoast_head_json":{"title":"Egyptsk\u00e1 m\u011bsta","description":"Egyptsk\u00e1 m\u011bsta Kdy\u017e se pod\u00edv\u00e1me na mapu Egypta, zjist\u00edme, \u017ee v\u011bt\u0161ina egyptsk\u00fdch guvern\u00e9r\u016f, m\u011bst a m\u011bst se nach\u00e1z\u00ed pod\u00e9l \u0159eky Nilu. Egypt m\u00e1 v\u00edce ne\u017e 200 m\u011bst s populac\u00ed v\u00edce ne\u017e 15 000 s","robots":{"index":"index","follow":"follow","max-snippet":"max-snippet:-1","max-image-preview":"max-image-preview:large","max-video-preview":"max-video-preview:-1"},"canonical":"https:\/\/landioustravel.com\/cs\/egypt\/egyptska-mesta\/","og_locale":"cs_CZ","og_type":"article","og_title":"Egyptsk\u00e1 m\u011bsta","og_description":"Egyptsk\u00e1 m\u011bsta Kdy\u017e se pod\u00edv\u00e1me na mapu Egypta, zjist\u00edme, \u017ee v\u011bt\u0161ina egyptsk\u00fdch guvern\u00e9r\u016f, m\u011bst a m\u011bst se nach\u00e1z\u00ed pod\u00e9l \u0159eky Nilu. Egypt m\u00e1 v\u00edce ne\u017e 200 m\u011bst s populac\u00ed v\u00edce ne\u017e 15 000 s","og_url":"https:\/\/landioustravel.com\/cs\/egypt\/egyptska-mesta\/","og_site_name":"Landious Travel","article_publisher":"https:\/\/web.facebook.com\/landiousEgypt","article_modified_time":"2019-08-28T20:11:36+00:00","twitter_card":"summary_large_image","twitter_site":"@LandiousTours","twitter_misc":{"Odhadovan\u00e1 doba \u010dten\u00ed":"1 minuta"},"schema":{"@context":"https:\/\/schema.org","@graph":[{"@type":"WebPage","@id":"https:\/\/landioustravel.com\/cs\/egypt\/egyptska-mesta\/","url":"https:\/\/landioustravel.com\/cs\/egypt\/egyptska-mesta\/","name":"Egyptsk\u00e1 m\u011bsta","isPartOf":{"@id":"https:\/\/landioustravel.com\/cs\/#website"},"datePublished":"2019-08-28T20:11:35+00:00","dateModified":"2019-08-28T20:11:36+00:00","description":"Egyptsk\u00e1 m\u011bsta Kdy\u017e se pod\u00edv\u00e1me na mapu Egypta, zjist\u00edme, \u017ee v\u011bt\u0161ina egyptsk\u00fdch guvern\u00e9r\u016f, m\u011bst a m\u011bst se nach\u00e1z\u00ed pod\u00e9l \u0159eky Nilu. Egypt m\u00e1 v\u00edce ne\u017e 200 m\u011bst s populac\u00ed v\u00edce ne\u017e 15 000 s","breadcrumb":{"@id":"https:\/\/landioustravel.com\/cs\/egypt\/egyptska-mesta\/#breadcrumb"},"inLanguage":"cs","potentialAction":[{"@type":"ReadAction","target":["https:\/\/landioustravel.com\/cs\/egypt\/egyptska-mesta\/"]}]},{"@type":"BreadcrumbList","@id":"https:\/\/landioustravel.com\/cs\/egypt\/egyptska-mesta\/#breadcrumb","itemListElement":[{"@type":"ListItem","position":1,"name":"Home","item":"https:\/\/landioustravel.com\/cs\/"},{"@type":"ListItem","position":2,"name":"Egypt","item":"https:\/\/landioustravel.com\/cs\/egypt\/"},{"@type":"ListItem","position":3,"name":"Egyptsk\u00e1 m\u011bsta"}]},{"@type":"WebSite","@id":"https:\/\/landioustravel.com\/cs\/#website","url":"https:\/\/landioustravel.com\/cs\/","name":"Landious Travel","description":"Excursions, trips and cruises in Egypt","publisher":{"@id":"https:\/\/landioustravel.com\/cs\/#organization"},"potentialAction":[{"@type":"SearchAction","target":{"@type":"EntryPoint","urlTemplate":"https:\/\/landioustravel.com\/cs\/?s={search_term_string}"},"query-input":{"@type":"PropertyValueSpecification","valueRequired":true,"valueName":"search_term_string"}}],"inLanguage":"cs"},{"@type":["Organization","Place"],"@id":"https:\/\/landioustravel.com\/cs\/#organization","name":"Landious Travel","alternateName":"Landious Travel","url":"https:\/\/landioustravel.com\/cs\/","logo":{"@id":"https:\/\/landioustravel.com\/cs\/egypt\/egyptska-mesta\/#local-main-organization-logo"},"image":{"@id":"https:\/\/landioustravel.com\/cs\/egypt\/egyptska-mesta\/#local-main-organization-logo"},"sameAs":["https:\/\/web.facebook.com\/landiousEgypt","https:\/\/x.com\/LandiousTours","https:\/\/mastodon.social\/@landious"],"legalName":"Landious Travel","telephone":[],"openingHoursSpecification":[{"@type":"OpeningHoursSpecification","dayOfWeek":["Monday","Tuesday","Wednesday","Thursday","Friday","Saturday","Sunday"],"opens":"09:00","closes":"17:00"}]},{"@type":"ImageObject","inLanguage":"cs","@id":"https:\/\/landioustravel.com\/cs\/egypt\/egyptska-mesta\/#local-main-organization-logo","url":"https:\/\/i0.wp.com\/landioustravel.com\/wp-content\/uploads\/2021\/06\/Landious-T.png?fit=500%2C500&ssl=1","contentUrl":"https:\/\/i0.wp.com\/landioustravel.com\/wp-content\/uploads\/2021\/06\/Landious-T.png?fit=500%2C500&ssl=1","width":500,"height":500,"caption":"Landious Travel"}]}},"uagb_featured_image_src":{"full":false,"thumbnail":false,"medium":false,"medium_large":false,"large":false,"1536x1536":false,"2048x2048":false,"newspack-article-block-landscape-large":false,"newspack-article-block-portrait-large":false,"newspack-article-block-square-large":false,"newspack-article-block-landscape-medium":false,"newspack-article-block-portrait-medium":false,"newspack-article-block-square-medium":false,"newspack-article-block-landscape-intermediate":false,"newspack-article-block-portrait-intermediate":false,"newspack-article-block-square-intermediate":false,"newspack-article-block-landscape-small":false,"newspack-article-block-portrait-small":false,"newspack-article-block-square-small":false,"newspack-article-block-landscape-tiny":false,"newspack-article-block-portrait-tiny":false,"newspack-article-block-square-tiny":false,"newspack-article-block-uncropped":false,"woocommerce_thumbnail":false,"woocommerce_single":false,"woocommerce_gallery_thumbnail":false},"uagb_author_info":{"display_name":"Mofreh Landious","author_link":"https:\/\/landioustravel.com\/cs\/author\/landious\/"},"uagb_comment_info":0,"uagb_excerpt":"Kdy\u017e se pod\u00edv\u00e1me na mapu Egypta, zjist\u00edme, \u017ee v\u011bt\u0161ina egyptsk\u00fdch guvern\u00e9r\u016f, m\u011bst a m\u011bst se nach\u00e1z\u00ed pod\u00e9l \u0159eky Nilu. Egypt m\u00e1 v\u00edce ne\u017e 200 m\u011bst s populac\u00ed v\u00edce ne\u017e 15 000 s. Administrativn\u00ed rozd\u011blen\u00ed v Egypt\u011b Administrativn\u011b je Egypt rozd\u011blen do 27 guvern\u00e9r\u016f. Podle toho je ka\u017ed\u00e1 provincie spravov\u00e1na guvern\u00e9rem, kter\u00e9ho jmenuje egyptsk\u00fd prezident. Aswan&hellip;","jetpack_sharing_enabled":true,"jetpack_shortlink":"https:\/\/wp.me\/Par4r5-4HW","jetpack_likes_enabled":true,"amp_enabled":true,"_links":{"self":[{"href":"https:\/\/landioustravel.com\/cs\/wp-json\/wp\/v2\/pages\/18100","targetHints":{"allow":["GET"]}}],"collection":[{"href":"https:\/\/landioustravel.com\/cs\/wp-json\/wp\/v2\/pages"}],"about":[{"href":"https:\/\/landioustravel.com\/cs\/wp-json\/wp\/v2\/types\/page"}],"author":[{"embeddable":true,"href":"https:\/\/landioustravel.com\/cs\/wp-json\/wp\/v2\/users\/1"}],"replies":[{"embeddable":true,"href":"https:\/\/landioustravel.com\/cs\/wp-json\/wp\/v2\/comments?post=18100"}],"version-history":[{"count":0,"href":"https:\/\/landioustravel.com\/cs\/wp-json\/wp\/v2\/pages\/18100\/revisions"}],"up":[{"embeddable":true,"href":"https:\/\/landioustravel.com\/cs\/wp-json\/wp\/v2\/pages\/17694"}],"wp:attachment":[{"href":"https:\/\/landioustravel.com\/cs\/wp-json\/wp\/v2\/media?parent=18100"}],"curies":[{"name":"wp","href":"https:\/\/api.w.org\/{rel}","templated":true}]}}