{"id":19712,"date":"2019-09-21T07:47:41","date_gmt":"2019-09-21T05:47:41","guid":{"rendered":"https:\/\/landioustravel.com\/?page_id=19712"},"modified":"2019-09-21T07:47:42","modified_gmt":"2019-09-21T05:47:42","slug":"bohyne-isis","status":"publish","type":"page","link":"https:\/\/landioustravel.com\/cs\/egypt\/egyptska-bozstva\/bohyne-isis\/","title":{"rendered":"Bohyn\u011b Isis"},"content":{"rendered":"\n<p><amp-fit-text layout=\"fixed-height\" min-font-size=\"6\" max-font-size=\"72\" height=\"80\">Isis je jednou ze slavn\u00fdch bohyn\u00ed ve starov\u011bk\u00e9m Egypt\u011b. Byla bohyn\u00ed plodnosti, mate\u0159stv\u00ed, magie, smrti, uzdraven\u00ed a znovuzrozen\u00ed. Isis poch\u00e1zela z bo\u017esk\u00e9 rodiny. Byla prvn\u00ed dcerou Geba, boha Zem\u011b, a Nutem, bohyn\u00ed oblohy. Isis byla vdan\u00e1 za sv\u00e9ho bratra Osirise a porodila boha Horuse.<\/amp-fit-text><\/p>\n\n\n\n<amp-fit-text layout=\"fixed-height\" min-font-size=\"6\" max-font-size=\"72\" height=\"80\"><h2 class=\"wp-block-heading\">Isisova bo\u017esk\u00e1 pozice ve starov\u011bk\u00e9m Egypt\u011b<\/h2><\/amp-fit-text>\n\n\n\n<p><amp-fit-text layout=\"fixed-height\" min-font-size=\"6\" max-font-size=\"72\" height=\"80\">Bohyn\u011b Isis byla poprv\u00e9 zm\u00edn\u011bna ve Star\u00e9m kr\u00e1lovstv\u00ed jako jedna z hlavn\u00edch postav m\u00fdtu Osiris. Tam postr\u00e1dala Isis vlastn\u00ed chr\u00e1my a starov\u011bc\u00ed Egyp\u0165an\u00e9 ji uct\u00edvali mezi ostatn\u00edmi bo\u017estvy. Hr\u00e1la omezenou roli v kr\u00e1lovsk\u00fdch ritu\u00e1lech a chr\u00e1mov\u00fdch ritu\u00e1lech, a\u010dkoli byla v\u00fdznamn\u011bj\u0161\u00ed v poh\u0159ebn\u00edch praktik\u00e1ch a magick\u00fdch textech. Postupn\u011b rostla d\u016fle\u017eitost, a\u017e se stala jedn\u00edm z nejd\u016fle\u017eit\u011bj\u0161\u00edch bo\u017estev starov\u011bk\u00e9ho Egypta.<\/amp-fit-text><\/p>\n\n\n\n<p><amp-fit-text layout=\"fixed-height\" min-font-size=\"6\" max-font-size=\"72\" height=\"80\">Po\u010d\u00ednaje nov\u00fdm kr\u00e1lovstv\u00edm se Osiris a Isis stali nejv\u00edce \u0161iroce uct\u00edvan\u00fdmi egyptsk\u00fdmi bo\u017estvy a Isis absorbovala vlastnosti mnoha jin\u00fdch bohy\u0148. B\u011bhem tohoto obdob\u00ed do\u0161lo k v\u00fdznamn\u00e9 ud\u00e1losti, kter\u00e1 byla sv\u011bdkem budov\u00e1n\u00ed zasv\u011bcen\u00fdch chr\u00e1m\u016f pro Osiris a Isis v Egypt\u011b i v Nubii.<\/amp-fit-text><\/p>\n\n\n\n<p><amp-fit-text layout=\"fixed-height\" min-font-size=\"6\" max-font-size=\"72\" height=\"80\">Bohyn\u011b Isis si z\u00edskala nej\u0161ir\u0161\u00ed pov\u011bst b\u011bhem hel\u00e9nistick\u00e9ho obdob\u00ed (323\u201330 p\u0159. Nl). Tam ji \u0158ekov\u00e9 a Egyp\u0165an\u00e9 uct\u00edvali, spolu s nov\u00fdm bohem Serapisem. Jej\u00ed kult se roz\u0161\u00ed\u0159il po cel\u00e9 \u0159\u00edmsk\u00e9 \u0159\u00ed\u0161i a Isis byla uct\u00edv\u00e1na v oblasti od Anglie po Afgh\u00e1nist\u00e1n.<\/amp-fit-text><\/p>\n\n\n\n<amp-fit-text layout=\"fixed-height\" min-font-size=\"6\" max-font-size=\"72\" height=\"80\"><h2 class=\"wp-block-heading\">Isisovy oddan\u00e9 chr\u00e1my<\/h2><\/amp-fit-text>\n\n\n\n<p><amp-fit-text layout=\"fixed-height\" min-font-size=\"6\" max-font-size=\"72\" height=\"80\">S roz\u0161\u00ed\u0159en\u00edm Isisovy reputace byly n\u011bkter\u00e9 chr\u00e1my zasv\u011bceny jej\u00edmu kultu. Prvn\u00ed hlavn\u00ed chr\u00e1m byl postaven kr\u00e1lem pozdn\u00edho obdob\u00ed Nectanebo II (360\u2013343 BCE) v Behbeit el-Hagar, v centr\u00e1ln\u00ed delt\u011b Nilu. Dal\u0161\u00ed chr\u00e1my zasv\u011bcen\u00e9 jej\u00edmu kultu byly postaveny b\u011bhem \u0159ecko-\u0159\u00edmsk\u00e9ho obdob\u00ed, v\u010detn\u011b ostrovn\u00edho chr\u00e1mu Philae.<\/amp-fit-text><\/p>\n","protected":false},"excerpt":{"rendered":"<p>Isis je jednou ze slavn\u00fdch bohyn\u00ed ve starov\u011bk\u00e9m Egypt\u011b. Byla bohyn\u00ed plodnosti, mate\u0159stv\u00ed, magie, smrti, uzdraven\u00ed a znovuzrozen\u00ed. Isis poch\u00e1zela z bo\u017esk\u00e9 rodiny. Byla prvn\u00ed dcerou Geba, boha Zem\u011b, a Nutem, bohyn\u00ed oblohy. Isis byla vdan\u00e1 za sv\u00e9ho bratra Osirise a porodila boha Horuse. Isisova bo\u017esk\u00e1 pozice ve starov\u011bk\u00e9m Egypt\u011b Bohyn\u011b Isis byla poprv\u00e9 zm\u00edn\u011bna [&hellip;]<\/p>\n","protected":false},"author":1,"featured_media":19715,"parent":19611,"menu_order":0,"comment_status":"open","ping_status":"closed","template":"","meta":{"_coblocks_attr":"","_coblocks_dimensions":"","_coblocks_responsive_height":"","_coblocks_accordion_ie_support":"","_uag_custom_page_level_css":"","footnotes":""},"class_list":["post-19712","page","type-page","status-publish","has-post-thumbnail","hentry"],"yoast_head":"<!-- This site is optimized with the Yoast SEO Premium plugin v26.9 (Yoast SEO v27.5) - https:\/\/yoast.com\/product\/yoast-seo-premium-wordpress\/ -->\n<title>Bohyn\u011b Isis<\/title>\n<meta name=\"description\" content=\"Isis je jednou ze slavn\u00fdch bohyn\u00ed ve starov\u011bk\u00e9m Egypt\u011b. Byla bohyn\u00ed plodnosti, mate\u0159stv\u00ed, magie, smrti, uzdraven\u00ed a znovuzrozen\u00ed.\" \/>\n<meta name=\"robots\" content=\"index, follow, max-snippet:-1, max-image-preview:large, max-video-preview:-1\" \/>\n<link rel=\"canonical\" href=\"https:\/\/landioustravel.com\/cs\/egypt\/egyptska-bozstva\/bohyne-isis\/\" \/>\n<meta property=\"og:locale\" content=\"cs_CZ\" \/>\n<meta property=\"og:type\" content=\"article\" \/>\n<meta property=\"og:title\" content=\"Bohyn\u011b Isis\" \/>\n<meta property=\"og:description\" content=\"Isis je jednou ze slavn\u00fdch bohyn\u00ed ve starov\u011bk\u00e9m Egypt\u011b. Byla bohyn\u00ed plodnosti, mate\u0159stv\u00ed, magie, smrti, uzdraven\u00ed a znovuzrozen\u00ed.\" \/>\n<meta property=\"og:url\" content=\"https:\/\/landioustravel.com\/cs\/egypt\/egyptska-bozstva\/bohyne-isis\/\" \/>\n<meta property=\"og:site_name\" content=\"Landious Travel\" \/>\n<meta property=\"article:publisher\" content=\"https:\/\/web.facebook.com\/landiousEgypt\" \/>\n<meta property=\"article:modified_time\" content=\"2019-09-21T05:47:42+00:00\" \/>\n<meta property=\"og:image\" content=\"https:\/\/i0.wp.com\/landioustravel.com\/wp-content\/uploads\/2019\/04\/isis_dakka-e1600892518337.jpg?fit=1200%2C677&ssl=1\" \/>\n\t<meta property=\"og:image:width\" content=\"1200\" \/>\n\t<meta property=\"og:image:height\" content=\"677\" \/>\n\t<meta property=\"og:image:type\" content=\"image\/jpeg\" \/>\n<meta name=\"twitter:card\" content=\"summary_large_image\" \/>\n<meta name=\"twitter:site\" content=\"@LandiousTours\" \/>\n<meta name=\"twitter:label1\" content=\"Odhadovan\u00e1 doba \u010dten\u00ed\" \/>\n\t<meta name=\"twitter:data1\" content=\"2 minuty\" \/>\n<script type=\"application\/ld+json\" class=\"yoast-schema-graph\">{\"@context\":\"https:\\\/\\\/schema.org\",\"@graph\":[{\"@type\":\"WebPage\",\"@id\":\"https:\\\/\\\/landioustravel.com\\\/cs\\\/egypt\\\/egyptska-bozstva\\\/bohyne-isis\\\/\",\"url\":\"https:\\\/\\\/landioustravel.com\\\/cs\\\/egypt\\\/egyptska-bozstva\\\/bohyne-isis\\\/\",\"name\":\"Bohyn\u011b Isis\",\"isPartOf\":{\"@id\":\"https:\\\/\\\/landioustravel.com\\\/cs\\\/#website\"},\"primaryImageOfPage\":{\"@id\":\"https:\\\/\\\/landioustravel.com\\\/cs\\\/egypt\\\/egyptska-bozstva\\\/bohyne-isis\\\/#primaryimage\"},\"image\":{\"@id\":\"https:\\\/\\\/landioustravel.com\\\/cs\\\/egypt\\\/egyptska-bozstva\\\/bohyne-isis\\\/#primaryimage\"},\"thumbnailUrl\":\"https:\\\/\\\/i0.wp.com\\\/landioustravel.com\\\/wp-content\\\/uploads\\\/2019\\\/04\\\/isis_dakka-e1600892518337.jpg?fit=1200%2C677&ssl=1\",\"datePublished\":\"2019-09-21T05:47:41+00:00\",\"dateModified\":\"2019-09-21T05:47:42+00:00\",\"description\":\"Isis je jednou ze slavn\u00fdch bohyn\u00ed ve starov\u011bk\u00e9m Egypt\u011b. Byla bohyn\u00ed plodnosti, mate\u0159stv\u00ed, magie, smrti, uzdraven\u00ed a znovuzrozen\u00ed.\",\"breadcrumb\":{\"@id\":\"https:\\\/\\\/landioustravel.com\\\/cs\\\/egypt\\\/egyptska-bozstva\\\/bohyne-isis\\\/#breadcrumb\"},\"inLanguage\":\"cs\",\"potentialAction\":[{\"@type\":\"ReadAction\",\"target\":[\"https:\\\/\\\/landioustravel.com\\\/cs\\\/egypt\\\/egyptska-bozstva\\\/bohyne-isis\\\/\"]}]},{\"@type\":\"ImageObject\",\"inLanguage\":\"cs\",\"@id\":\"https:\\\/\\\/landioustravel.com\\\/cs\\\/egypt\\\/egyptska-bozstva\\\/bohyne-isis\\\/#primaryimage\",\"url\":\"https:\\\/\\\/i0.wp.com\\\/landioustravel.com\\\/wp-content\\\/uploads\\\/2019\\\/04\\\/isis_dakka-e1600892518337.jpg?fit=1200%2C677&ssl=1\",\"contentUrl\":\"https:\\\/\\\/i0.wp.com\\\/landioustravel.com\\\/wp-content\\\/uploads\\\/2019\\\/04\\\/isis_dakka-e1600892518337.jpg?fit=1200%2C677&ssl=1\",\"width\":1200,\"height\":677,\"caption\":\"Goddess Isis in temple of Dakka\"},{\"@type\":\"BreadcrumbList\",\"@id\":\"https:\\\/\\\/landioustravel.com\\\/cs\\\/egypt\\\/egyptska-bozstva\\\/bohyne-isis\\\/#breadcrumb\",\"itemListElement\":[{\"@type\":\"ListItem\",\"position\":1,\"name\":\"Home\",\"item\":\"https:\\\/\\\/landioustravel.com\\\/cs\\\/\"},{\"@type\":\"ListItem\",\"position\":2,\"name\":\"Egypt\",\"item\":\"https:\\\/\\\/landioustravel.com\\\/cs\\\/egypt\\\/\"},{\"@type\":\"ListItem\",\"position\":3,\"name\":\"Staroegyptsk\u00e1 bo\u017estva\",\"item\":\"https:\\\/\\\/landioustravel.com\\\/cs\\\/egypt\\\/egyptska-bozstva\\\/\"},{\"@type\":\"ListItem\",\"position\":4,\"name\":\"Bohyn\u011b Isis\"}]},{\"@type\":\"WebSite\",\"@id\":\"https:\\\/\\\/landioustravel.com\\\/cs\\\/#website\",\"url\":\"https:\\\/\\\/landioustravel.com\\\/cs\\\/\",\"name\":\"Landious Travel\",\"description\":\"Excursions, trips and cruises in Egypt\",\"publisher\":{\"@id\":\"https:\\\/\\\/landioustravel.com\\\/cs\\\/#organization\"},\"potentialAction\":[{\"@type\":\"SearchAction\",\"target\":{\"@type\":\"EntryPoint\",\"urlTemplate\":\"https:\\\/\\\/landioustravel.com\\\/cs\\\/?s={search_term_string}\"},\"query-input\":{\"@type\":\"PropertyValueSpecification\",\"valueRequired\":true,\"valueName\":\"search_term_string\"}}],\"inLanguage\":\"cs\"},{\"@type\":[\"Organization\",\"Place\"],\"@id\":\"https:\\\/\\\/landioustravel.com\\\/cs\\\/#organization\",\"name\":\"Landious Travel\",\"alternateName\":\"Landious Travel\",\"url\":\"https:\\\/\\\/landioustravel.com\\\/cs\\\/\",\"logo\":{\"@id\":\"https:\\\/\\\/landioustravel.com\\\/cs\\\/egypt\\\/egyptska-bozstva\\\/bohyne-isis\\\/#local-main-organization-logo\"},\"image\":{\"@id\":\"https:\\\/\\\/landioustravel.com\\\/cs\\\/egypt\\\/egyptska-bozstva\\\/bohyne-isis\\\/#local-main-organization-logo\"},\"sameAs\":[\"https:\\\/\\\/web.facebook.com\\\/landiousEgypt\",\"https:\\\/\\\/x.com\\\/LandiousTours\",\"https:\\\/\\\/mastodon.social\\\/@landious\"],\"legalName\":\"Landious Travel\",\"telephone\":[],\"openingHoursSpecification\":[{\"@type\":\"OpeningHoursSpecification\",\"dayOfWeek\":[\"Monday\",\"Tuesday\",\"Wednesday\",\"Thursday\",\"Friday\",\"Saturday\",\"Sunday\"],\"opens\":\"09:00\",\"closes\":\"17:00\"}]},{\"@type\":\"ImageObject\",\"inLanguage\":\"cs\",\"@id\":\"https:\\\/\\\/landioustravel.com\\\/cs\\\/egypt\\\/egyptska-bozstva\\\/bohyne-isis\\\/#local-main-organization-logo\",\"url\":\"https:\\\/\\\/i0.wp.com\\\/landioustravel.com\\\/wp-content\\\/uploads\\\/2021\\\/06\\\/Landious-T.png?fit=500%2C500&ssl=1\",\"contentUrl\":\"https:\\\/\\\/i0.wp.com\\\/landioustravel.com\\\/wp-content\\\/uploads\\\/2021\\\/06\\\/Landious-T.png?fit=500%2C500&ssl=1\",\"width\":500,\"height\":500,\"caption\":\"Landious Travel\"}]}<\/script>\n<!-- \/ Yoast SEO Premium plugin. -->","yoast_head_json":{"title":"Bohyn\u011b Isis","description":"Isis je jednou ze slavn\u00fdch bohyn\u00ed ve starov\u011bk\u00e9m Egypt\u011b. Byla bohyn\u00ed plodnosti, mate\u0159stv\u00ed, magie, smrti, uzdraven\u00ed a znovuzrozen\u00ed.","robots":{"index":"index","follow":"follow","max-snippet":"max-snippet:-1","max-image-preview":"max-image-preview:large","max-video-preview":"max-video-preview:-1"},"canonical":"https:\/\/landioustravel.com\/cs\/egypt\/egyptska-bozstva\/bohyne-isis\/","og_locale":"cs_CZ","og_type":"article","og_title":"Bohyn\u011b Isis","og_description":"Isis je jednou ze slavn\u00fdch bohyn\u00ed ve starov\u011bk\u00e9m Egypt\u011b. Byla bohyn\u00ed plodnosti, mate\u0159stv\u00ed, magie, smrti, uzdraven\u00ed a znovuzrozen\u00ed.","og_url":"https:\/\/landioustravel.com\/cs\/egypt\/egyptska-bozstva\/bohyne-isis\/","og_site_name":"Landious Travel","article_publisher":"https:\/\/web.facebook.com\/landiousEgypt","article_modified_time":"2019-09-21T05:47:42+00:00","og_image":[{"width":1200,"height":677,"url":"https:\/\/i0.wp.com\/landioustravel.com\/wp-content\/uploads\/2019\/04\/isis_dakka-e1600892518337.jpg?fit=1200%2C677&ssl=1","type":"image\/jpeg"}],"twitter_card":"summary_large_image","twitter_site":"@LandiousTours","twitter_misc":{"Odhadovan\u00e1 doba \u010dten\u00ed":"2 minuty"},"schema":{"@context":"https:\/\/schema.org","@graph":[{"@type":"WebPage","@id":"https:\/\/landioustravel.com\/cs\/egypt\/egyptska-bozstva\/bohyne-isis\/","url":"https:\/\/landioustravel.com\/cs\/egypt\/egyptska-bozstva\/bohyne-isis\/","name":"Bohyn\u011b Isis","isPartOf":{"@id":"https:\/\/landioustravel.com\/cs\/#website"},"primaryImageOfPage":{"@id":"https:\/\/landioustravel.com\/cs\/egypt\/egyptska-bozstva\/bohyne-isis\/#primaryimage"},"image":{"@id":"https:\/\/landioustravel.com\/cs\/egypt\/egyptska-bozstva\/bohyne-isis\/#primaryimage"},"thumbnailUrl":"https:\/\/i0.wp.com\/landioustravel.com\/wp-content\/uploads\/2019\/04\/isis_dakka-e1600892518337.jpg?fit=1200%2C677&ssl=1","datePublished":"2019-09-21T05:47:41+00:00","dateModified":"2019-09-21T05:47:42+00:00","description":"Isis je jednou ze slavn\u00fdch bohyn\u00ed ve starov\u011bk\u00e9m Egypt\u011b. Byla bohyn\u00ed plodnosti, mate\u0159stv\u00ed, magie, smrti, uzdraven\u00ed a znovuzrozen\u00ed.","breadcrumb":{"@id":"https:\/\/landioustravel.com\/cs\/egypt\/egyptska-bozstva\/bohyne-isis\/#breadcrumb"},"inLanguage":"cs","potentialAction":[{"@type":"ReadAction","target":["https:\/\/landioustravel.com\/cs\/egypt\/egyptska-bozstva\/bohyne-isis\/"]}]},{"@type":"ImageObject","inLanguage":"cs","@id":"https:\/\/landioustravel.com\/cs\/egypt\/egyptska-bozstva\/bohyne-isis\/#primaryimage","url":"https:\/\/i0.wp.com\/landioustravel.com\/wp-content\/uploads\/2019\/04\/isis_dakka-e1600892518337.jpg?fit=1200%2C677&ssl=1","contentUrl":"https:\/\/i0.wp.com\/landioustravel.com\/wp-content\/uploads\/2019\/04\/isis_dakka-e1600892518337.jpg?fit=1200%2C677&ssl=1","width":1200,"height":677,"caption":"Goddess Isis in temple of Dakka"},{"@type":"BreadcrumbList","@id":"https:\/\/landioustravel.com\/cs\/egypt\/egyptska-bozstva\/bohyne-isis\/#breadcrumb","itemListElement":[{"@type":"ListItem","position":1,"name":"Home","item":"https:\/\/landioustravel.com\/cs\/"},{"@type":"ListItem","position":2,"name":"Egypt","item":"https:\/\/landioustravel.com\/cs\/egypt\/"},{"@type":"ListItem","position":3,"name":"Staroegyptsk\u00e1 bo\u017estva","item":"https:\/\/landioustravel.com\/cs\/egypt\/egyptska-bozstva\/"},{"@type":"ListItem","position":4,"name":"Bohyn\u011b Isis"}]},{"@type":"WebSite","@id":"https:\/\/landioustravel.com\/cs\/#website","url":"https:\/\/landioustravel.com\/cs\/","name":"Landious Travel","description":"Excursions, trips and cruises in Egypt","publisher":{"@id":"https:\/\/landioustravel.com\/cs\/#organization"},"potentialAction":[{"@type":"SearchAction","target":{"@type":"EntryPoint","urlTemplate":"https:\/\/landioustravel.com\/cs\/?s={search_term_string}"},"query-input":{"@type":"PropertyValueSpecification","valueRequired":true,"valueName":"search_term_string"}}],"inLanguage":"cs"},{"@type":["Organization","Place"],"@id":"https:\/\/landioustravel.com\/cs\/#organization","name":"Landious Travel","alternateName":"Landious Travel","url":"https:\/\/landioustravel.com\/cs\/","logo":{"@id":"https:\/\/landioustravel.com\/cs\/egypt\/egyptska-bozstva\/bohyne-isis\/#local-main-organization-logo"},"image":{"@id":"https:\/\/landioustravel.com\/cs\/egypt\/egyptska-bozstva\/bohyne-isis\/#local-main-organization-logo"},"sameAs":["https:\/\/web.facebook.com\/landiousEgypt","https:\/\/x.com\/LandiousTours","https:\/\/mastodon.social\/@landious"],"legalName":"Landious Travel","telephone":[],"openingHoursSpecification":[{"@type":"OpeningHoursSpecification","dayOfWeek":["Monday","Tuesday","Wednesday","Thursday","Friday","Saturday","Sunday"],"opens":"09:00","closes":"17:00"}]},{"@type":"ImageObject","inLanguage":"cs","@id":"https:\/\/landioustravel.com\/cs\/egypt\/egyptska-bozstva\/bohyne-isis\/#local-main-organization-logo","url":"https:\/\/i0.wp.com\/landioustravel.com\/wp-content\/uploads\/2021\/06\/Landious-T.png?fit=500%2C500&ssl=1","contentUrl":"https:\/\/i0.wp.com\/landioustravel.com\/wp-content\/uploads\/2021\/06\/Landious-T.png?fit=500%2C500&ssl=1","width":500,"height":500,"caption":"Landious Travel"}]}},"uagb_featured_image_src":{"full":["https:\/\/i0.wp.com\/landioustravel.com\/wp-content\/uploads\/2019\/04\/isis_dakka-e1600892518337.jpg?fit=1200%2C677&ssl=1",1200,677,false],"thumbnail":["https:\/\/i0.wp.com\/landioustravel.com\/wp-content\/uploads\/2019\/04\/isis_dakka-e1600892518337.jpg?resize=150%2C150&ssl=1",150,150,true],"medium":["https:\/\/i0.wp.com\/landioustravel.com\/wp-content\/uploads\/2019\/04\/isis_dakka-e1600892518337.jpg?fit=300%2C169&ssl=1",300,169,true],"medium_large":["https:\/\/i0.wp.com\/landioustravel.com\/wp-content\/uploads\/2019\/04\/isis_dakka-e1600892518337.jpg?fit=768%2C433&ssl=1",768,433,true],"large":["https:\/\/i0.wp.com\/landioustravel.com\/wp-content\/uploads\/2019\/04\/isis_dakka-e1600892518337.jpg?fit=980%2C553&ssl=1",980,553,true],"1536x1536":["https:\/\/i0.wp.com\/landioustravel.com\/wp-content\/uploads\/2019\/04\/isis_dakka-e1600892518337.jpg?fit=1536%2C867&ssl=1",1536,867,true],"2048x2048":["https:\/\/i0.wp.com\/landioustravel.com\/wp-content\/uploads\/2019\/04\/isis_dakka-e1600892518337.jpg?fit=2048%2C1155&ssl=1",2048,1155,true],"newspack-article-block-landscape-large":["https:\/\/i0.wp.com\/landioustravel.com\/wp-content\/uploads\/2019\/04\/isis_dakka-e1600892518337.jpg?resize=1200%2C677&ssl=1",1200,900,true],"newspack-article-block-portrait-large":["https:\/\/i0.wp.com\/landioustravel.com\/wp-content\/uploads\/2019\/04\/isis_dakka-e1600892518337.jpg?resize=900%2C677&ssl=1",900,677,true],"newspack-article-block-square-large":["https:\/\/i0.wp.com\/landioustravel.com\/wp-content\/uploads\/2019\/04\/isis_dakka-e1600892518337.jpg?resize=1200%2C677&ssl=1",1200,1200,true],"newspack-article-block-landscape-medium":["https:\/\/i0.wp.com\/landioustravel.com\/wp-content\/uploads\/2019\/04\/isis_dakka-e1600892518337.jpg?resize=800%2C600&ssl=1",800,600,true],"newspack-article-block-portrait-medium":["https:\/\/i0.wp.com\/landioustravel.com\/wp-content\/uploads\/2019\/04\/isis_dakka-e1600892518337.jpg?resize=600%2C677&ssl=1",600,677,true],"newspack-article-block-square-medium":["https:\/\/i0.wp.com\/landioustravel.com\/wp-content\/uploads\/2019\/04\/isis_dakka-e1600892518337.jpg?resize=800%2C677&ssl=1",800,677,true],"newspack-article-block-landscape-intermediate":["https:\/\/i0.wp.com\/landioustravel.com\/wp-content\/uploads\/2019\/04\/isis_dakka-e1600892518337.jpg?resize=600%2C450&ssl=1",600,450,true],"newspack-article-block-portrait-intermediate":["https:\/\/i0.wp.com\/landioustravel.com\/wp-content\/uploads\/2019\/04\/isis_dakka-e1600892518337.jpg?resize=450%2C600&ssl=1",450,600,true],"newspack-article-block-square-intermediate":["https:\/\/i0.wp.com\/landioustravel.com\/wp-content\/uploads\/2019\/04\/isis_dakka-e1600892518337.jpg?resize=600%2C600&ssl=1",600,600,true],"newspack-article-block-landscape-small":["https:\/\/i0.wp.com\/landioustravel.com\/wp-content\/uploads\/2019\/04\/isis_dakka-e1600892518337.jpg?resize=400%2C300&ssl=1",400,300,true],"newspack-article-block-portrait-small":["https:\/\/i0.wp.com\/landioustravel.com\/wp-content\/uploads\/2019\/04\/isis_dakka-e1600892518337.jpg?resize=300%2C400&ssl=1",300,400,true],"newspack-article-block-square-small":["https:\/\/i0.wp.com\/landioustravel.com\/wp-content\/uploads\/2019\/04\/isis_dakka-e1600892518337.jpg?resize=400%2C400&ssl=1",400,400,true],"newspack-article-block-landscape-tiny":["https:\/\/i0.wp.com\/landioustravel.com\/wp-content\/uploads\/2019\/04\/isis_dakka-e1600892518337.jpg?resize=200%2C150&ssl=1",200,150,true],"newspack-article-block-portrait-tiny":["https:\/\/i0.wp.com\/landioustravel.com\/wp-content\/uploads\/2019\/04\/isis_dakka-e1600892518337.jpg?resize=150%2C200&ssl=1",150,200,true],"newspack-article-block-square-tiny":["https:\/\/i0.wp.com\/landioustravel.com\/wp-content\/uploads\/2019\/04\/isis_dakka-e1600892518337.jpg?resize=200%2C200&ssl=1",200,200,true],"newspack-article-block-uncropped":["https:\/\/i0.wp.com\/landioustravel.com\/wp-content\/uploads\/2019\/04\/isis_dakka-e1600892518337.jpg?fit=1200%2C677&ssl=1",1200,677,true],"woocommerce_thumbnail":["https:\/\/i0.wp.com\/landioustravel.com\/wp-content\/uploads\/2019\/04\/isis_dakka-e1600892518337.jpg?resize=324%2C324&ssl=1",324,324,true],"woocommerce_single":["https:\/\/i0.wp.com\/landioustravel.com\/wp-content\/uploads\/2019\/04\/isis_dakka-e1600892518337.jpg?fit=416%2C235&ssl=1",416,235,true],"woocommerce_gallery_thumbnail":["https:\/\/i0.wp.com\/landioustravel.com\/wp-content\/uploads\/2019\/04\/isis_dakka-e1600892518337.jpg?resize=100%2C100&ssl=1",100,100,true]},"uagb_author_info":{"display_name":"Mofreh Landious","author_link":"https:\/\/landioustravel.com\/cs\/author\/landious\/"},"uagb_comment_info":0,"uagb_excerpt":"Isis je jednou ze slavn\u00fdch bohyn\u00ed ve starov\u011bk\u00e9m Egypt\u011b. Byla bohyn\u00ed plodnosti, mate\u0159stv\u00ed, magie, smrti, uzdraven\u00ed a znovuzrozen\u00ed. Isis poch\u00e1zela z bo\u017esk\u00e9 rodiny. Byla prvn\u00ed dcerou Geba, boha Zem\u011b, a Nutem, bohyn\u00ed oblohy. Isis byla vdan\u00e1 za sv\u00e9ho bratra Osirise a porodila boha Horuse. Isisova bo\u017esk\u00e1 pozice ve starov\u011bk\u00e9m Egypt\u011b Bohyn\u011b Isis byla poprv\u00e9 zm\u00edn\u011bna&hellip;","jetpack_sharing_enabled":true,"jetpack_shortlink":"https:\/\/wp.me\/Par4r5-57W","jetpack_likes_enabled":true,"amp_enabled":true,"_links":{"self":[{"href":"https:\/\/landioustravel.com\/cs\/wp-json\/wp\/v2\/pages\/19712","targetHints":{"allow":["GET"]}}],"collection":[{"href":"https:\/\/landioustravel.com\/cs\/wp-json\/wp\/v2\/pages"}],"about":[{"href":"https:\/\/landioustravel.com\/cs\/wp-json\/wp\/v2\/types\/page"}],"author":[{"embeddable":true,"href":"https:\/\/landioustravel.com\/cs\/wp-json\/wp\/v2\/users\/1"}],"replies":[{"embeddable":true,"href":"https:\/\/landioustravel.com\/cs\/wp-json\/wp\/v2\/comments?post=19712"}],"version-history":[{"count":0,"href":"https:\/\/landioustravel.com\/cs\/wp-json\/wp\/v2\/pages\/19712\/revisions"}],"up":[{"embeddable":true,"href":"https:\/\/landioustravel.com\/cs\/wp-json\/wp\/v2\/pages\/19611"}],"wp:featuredmedia":[{"embeddable":true,"href":"https:\/\/landioustravel.com\/cs\/wp-json\/wp\/v2\/media\/19715"}],"wp:attachment":[{"href":"https:\/\/landioustravel.com\/cs\/wp-json\/wp\/v2\/media?parent=19712"}],"curies":[{"name":"wp","href":"https:\/\/api.w.org\/{rel}","templated":true}]}}