{"id":20698,"date":"2019-10-26T05:36:58","date_gmt":"2019-10-26T03:36:58","guid":{"rendered":"https:\/\/landioustravel.com\/?page_id=20698"},"modified":"2019-10-26T05:36:59","modified_gmt":"2019-10-26T03:36:59","slug":"chramy-karnaku","status":"publish","type":"page","link":"https:\/\/landioustravel.com\/cs\/egypt\/egyptske-chramy\/chramy-karnaku\/","title":{"rendered":"Chr\u00e1my Karnaku"},"content":{"rendered":"\n<p><amp-fit-text layout=\"fixed-height\" min-font-size=\"6\" max-font-size=\"72\" height=\"80\">Kl\u00ed\u010dov\u00fdm rozd\u00edlem mezi Karnakem a v\u011bt\u0161inou ostatn\u00edch chr\u00e1m\u016f a m\u00edst v Egypt\u011b je doba, po kterou byl postaven a vyvinut. Trvalo dlouho, ne\u017e bylo dosa\u017eeno jeho kone\u010dn\u00e9ho tvaru. Tady nemluv\u00edme o jednom chr\u00e1mu; ale komplex chr\u00e1m\u016f. Stavba byla jako staroegyptsk\u00fd chr\u00e1m zah\u00e1jena ve st\u0159edn\u00edm kr\u00e1lovstv\u00ed a pokra\u010dovala do doby Ptolemaiov\u00e9. T\u00e9m\u011b\u0159 v\u0161ichni vl\u00e1dci starov\u011bk\u00e9ho Egypta zanechali sv\u00e9 stopy v tomto obrovsk\u00e9m a obrovsk\u00e9m komplexu. Do budov p\u0159isp\u011blo p\u0159ibli\u017en\u011b t\u0159icet faraon\u016f. Tato konstrukce procesu a renovace vedla k velikosti, slo\u017eitosti a rozmanitosti jinde nevid\u011bn\u00e9. Opravdu, je to nejv\u011bt\u0161\u00ed n\u00e1bo\u017eensk\u00e1 budova, kter\u00e1 kdy byla vyrobena, pokr\u00fdvaj\u00edc\u00ed asi 200 hektar\u016f, a poutn\u00ed m\u00edsto bylo t\u00e9m\u011b\u0159 2 000 let.<\/amp-fit-text><\/p>\n\n\n\n<p><amp-fit-text layout=\"fixed-height\" min-font-size=\"6\" max-font-size=\"72\" height=\"80\">V komplexu chr\u00e1m\u016f Karnak se nach\u00e1z\u00ed \u0159ada chr\u00e1m\u016f, kapl\u00ed, sto\u017e\u00e1r\u016f a dal\u0161\u00edch budov. Stavba komplexu za\u010dala za vl\u00e1dy Senusreta I. ve St\u0159edn\u00edm kr\u00e1lovstv\u00ed a pokra\u010dovala a\u017e do ptolemaie. A\u010dkoli, kdy\u017e se podrobn\u011b pod\u00edv\u00e1me na m\u00edsto, najdeme v\u011bt\u0161inu budov poch\u00e1zej\u00edc\u00edch z Nov\u00e9ho kr\u00e1lovstv\u00ed.<\/amp-fit-text><\/p>\n\n\n\n<p><amp-fit-text layout=\"fixed-height\" min-font-size=\"6\" max-font-size=\"72\" height=\"80\">Tento komplex je rozs\u00e1hl\u00fdm otev\u0159en\u00fdm m\u00edstem. Skl\u00e1d\u00e1 se ze \u010dty\u0159 hlavn\u00edch \u010d\u00e1st\u00ed: velk\u00fd chr\u00e1m Amon, are\u00e1l Mut, are\u00e1l Montu a demontovan\u00fd chr\u00e1m Amenhotep IV. Existuje tak\u00e9 n\u011bkolik men\u0161\u00edch chr\u00e1m\u016f a svatyn\u00ed, kter\u00e9 spojuj\u00ed okrsek Mut, okrsek Amun-Re a Luxorsk\u00fd chr\u00e1m.<\/amp-fit-text><\/p>\n\n\n\n<p><amp-fit-text layout=\"fixed-height\" min-font-size=\"6\" max-font-size=\"72\" height=\"80\">Komplex Karnaku m\u00e1 n\u011bkolik budov a prvk\u016f. Zde se pokus\u00edme podat p\u0159edstavu o v\u011bt\u0161in\u011b z nich:<\/amp-fit-text><\/p>\n","protected":false},"excerpt":{"rendered":"<p>Kl\u00ed\u010dov\u00fdm rozd\u00edlem mezi Karnakem a v\u011bt\u0161inou ostatn\u00edch chr\u00e1m\u016f a m\u00edst v Egypt\u011b je doba, po kterou byl postaven a vyvinut. Trvalo dlouho, ne\u017e bylo dosa\u017eeno jeho kone\u010dn\u00e9ho tvaru. Tady nemluv\u00edme o jednom chr\u00e1mu; ale komplex chr\u00e1m\u016f. Stavba byla jako staroegyptsk\u00fd chr\u00e1m zah\u00e1jena ve st\u0159edn\u00edm kr\u00e1lovstv\u00ed a pokra\u010dovala do doby Ptolemaiov\u00e9. T\u00e9m\u011b\u0159 v\u0161ichni vl\u00e1dci starov\u011bk\u00e9ho Egypta [&hellip;]<\/p>\n","protected":false},"author":1,"featured_media":20700,"parent":18960,"menu_order":2,"comment_status":"open","ping_status":"closed","template":"","meta":{"_coblocks_attr":"","_coblocks_dimensions":"","_coblocks_responsive_height":"","_coblocks_accordion_ie_support":"","_uag_custom_page_level_css":"","footnotes":""},"class_list":["post-20698","page","type-page","status-publish","has-post-thumbnail","hentry"],"yoast_head":"<!-- This site is optimized with the Yoast SEO Premium plugin v26.9 (Yoast SEO v27.4) - https:\/\/yoast.com\/product\/yoast-seo-premium-wordpress\/ -->\n<title>Chr\u00e1my Karnaku<\/title>\n<meta name=\"description\" content=\"Kl\u00ed\u010dov\u00fdm rozd\u00edlem mezi Karnakem a v\u011bt\u0161inou ostatn\u00edch chr\u00e1m\u016f a m\u00edst v Egypt\u011b je doba, po kterou byl postaven a vyvinut. Trvalo dlouho, ne\u017e bylo dosa\u017eeno jeho kone\u010dn\u00e9ho tvaru. Tady nemluv\u00edme o jednom chr\u00e1mu; ale komplex chr\u00e1m\u016f. Stavba byla jako staroegyptsk\u00fd chr\u00e1m zah\u00e1jena ve st\u0159edn\u00edm kr\u00e1lovstv\u00ed a pokra\u010dovala do doby Ptolemaiov\u00e9\" \/>\n<meta name=\"robots\" content=\"index, follow, max-snippet:-1, max-image-preview:large, max-video-preview:-1\" \/>\n<link rel=\"canonical\" href=\"https:\/\/landioustravel.com\/cs\/egypt\/egyptske-chramy\/chramy-karnaku\/\" \/>\n<meta property=\"og:locale\" content=\"cs_CZ\" \/>\n<meta property=\"og:type\" content=\"article\" \/>\n<meta property=\"og:title\" content=\"Chr\u00e1my Karnaku\" \/>\n<meta property=\"og:description\" content=\"Kl\u00ed\u010dov\u00fdm rozd\u00edlem mezi Karnakem a v\u011bt\u0161inou ostatn\u00edch chr\u00e1m\u016f a m\u00edst v Egypt\u011b je doba, po kterou byl postaven a vyvinut. Trvalo dlouho, ne\u017e bylo dosa\u017eeno jeho kone\u010dn\u00e9ho tvaru. Tady nemluv\u00edme o jednom chr\u00e1mu; ale komplex chr\u00e1m\u016f. Stavba byla jako staroegyptsk\u00fd chr\u00e1m zah\u00e1jena ve st\u0159edn\u00edm kr\u00e1lovstv\u00ed a pokra\u010dovala do doby Ptolemaiov\u00e9\" \/>\n<meta property=\"og:url\" content=\"https:\/\/landioustravel.com\/cs\/egypt\/egyptske-chramy\/chramy-karnaku\/\" \/>\n<meta property=\"og:site_name\" content=\"Landious Travel\" \/>\n<meta property=\"article:publisher\" content=\"https:\/\/web.facebook.com\/landiousEgypt\" \/>\n<meta property=\"article:modified_time\" content=\"2019-10-26T03:36:59+00:00\" \/>\n<meta property=\"og:image\" content=\"https:\/\/i0.wp.com\/landioustravel.com\/wp-content\/uploads\/2019\/03\/temples_of_karnak-e1553299115520.jpg?fit=1200%2C675&ssl=1\" \/>\n\t<meta property=\"og:image:width\" content=\"1200\" \/>\n\t<meta property=\"og:image:height\" content=\"675\" \/>\n\t<meta property=\"og:image:type\" content=\"image\/jpeg\" \/>\n<meta name=\"twitter:card\" content=\"summary_large_image\" \/>\n<meta name=\"twitter:site\" content=\"@LandiousTours\" \/>\n<meta name=\"twitter:label1\" content=\"Odhadovan\u00e1 doba \u010dten\u00ed\" \/>\n\t<meta name=\"twitter:data1\" content=\"1 minuta\" \/>\n<script type=\"application\/ld+json\" class=\"yoast-schema-graph\">{\"@context\":\"https:\\\/\\\/schema.org\",\"@graph\":[{\"@type\":\"WebPage\",\"@id\":\"https:\\\/\\\/landioustravel.com\\\/cs\\\/egypt\\\/egyptske-chramy\\\/chramy-karnaku\\\/\",\"url\":\"https:\\\/\\\/landioustravel.com\\\/cs\\\/egypt\\\/egyptske-chramy\\\/chramy-karnaku\\\/\",\"name\":\"Chr\u00e1my Karnaku\",\"isPartOf\":{\"@id\":\"https:\\\/\\\/landioustravel.com\\\/cs\\\/#website\"},\"primaryImageOfPage\":{\"@id\":\"https:\\\/\\\/landioustravel.com\\\/cs\\\/egypt\\\/egyptske-chramy\\\/chramy-karnaku\\\/#primaryimage\"},\"image\":{\"@id\":\"https:\\\/\\\/landioustravel.com\\\/cs\\\/egypt\\\/egyptske-chramy\\\/chramy-karnaku\\\/#primaryimage\"},\"thumbnailUrl\":\"https:\\\/\\\/i0.wp.com\\\/landioustravel.com\\\/wp-content\\\/uploads\\\/2019\\\/03\\\/temples_of_karnak-e1553299115520.jpg?fit=1200%2C675&ssl=1\",\"datePublished\":\"2019-10-26T03:36:58+00:00\",\"dateModified\":\"2019-10-26T03:36:59+00:00\",\"description\":\"Kl\u00ed\u010dov\u00fdm rozd\u00edlem mezi Karnakem a v\u011bt\u0161inou ostatn\u00edch chr\u00e1m\u016f a m\u00edst v Egypt\u011b je doba, po kterou byl postaven a vyvinut. Trvalo dlouho, ne\u017e bylo dosa\u017eeno jeho kone\u010dn\u00e9ho tvaru. Tady nemluv\u00edme o jednom chr\u00e1mu; ale komplex chr\u00e1m\u016f. Stavba byla jako staroegyptsk\u00fd chr\u00e1m zah\u00e1jena ve st\u0159edn\u00edm kr\u00e1lovstv\u00ed a pokra\u010dovala do doby Ptolemaiov\u00e9\",\"breadcrumb\":{\"@id\":\"https:\\\/\\\/landioustravel.com\\\/cs\\\/egypt\\\/egyptske-chramy\\\/chramy-karnaku\\\/#breadcrumb\"},\"inLanguage\":\"cs\",\"potentialAction\":[{\"@type\":\"ReadAction\",\"target\":[\"https:\\\/\\\/landioustravel.com\\\/cs\\\/egypt\\\/egyptske-chramy\\\/chramy-karnaku\\\/\"]}]},{\"@type\":\"ImageObject\",\"inLanguage\":\"cs\",\"@id\":\"https:\\\/\\\/landioustravel.com\\\/cs\\\/egypt\\\/egyptske-chramy\\\/chramy-karnaku\\\/#primaryimage\",\"url\":\"https:\\\/\\\/i0.wp.com\\\/landioustravel.com\\\/wp-content\\\/uploads\\\/2019\\\/03\\\/temples_of_karnak-e1553299115520.jpg?fit=1200%2C675&ssl=1\",\"contentUrl\":\"https:\\\/\\\/i0.wp.com\\\/landioustravel.com\\\/wp-content\\\/uploads\\\/2019\\\/03\\\/temples_of_karnak-e1553299115520.jpg?fit=1200%2C675&ssl=1\",\"width\":1200,\"height\":675,\"caption\":\"Temples of Karnak\"},{\"@type\":\"BreadcrumbList\",\"@id\":\"https:\\\/\\\/landioustravel.com\\\/cs\\\/egypt\\\/egyptske-chramy\\\/chramy-karnaku\\\/#breadcrumb\",\"itemListElement\":[{\"@type\":\"ListItem\",\"position\":1,\"name\":\"Home\",\"item\":\"https:\\\/\\\/landioustravel.com\\\/cs\\\/\"},{\"@type\":\"ListItem\",\"position\":2,\"name\":\"Egypt\",\"item\":\"https:\\\/\\\/landioustravel.com\\\/cs\\\/egypt\\\/\"},{\"@type\":\"ListItem\",\"position\":3,\"name\":\"Egyptsk\u00e9 chr\u00e1my\",\"item\":\"https:\\\/\\\/landioustravel.com\\\/cs\\\/egypt\\\/egyptske-chramy\\\/\"},{\"@type\":\"ListItem\",\"position\":4,\"name\":\"Chr\u00e1my Karnaku\"}]},{\"@type\":\"WebSite\",\"@id\":\"https:\\\/\\\/landioustravel.com\\\/cs\\\/#website\",\"url\":\"https:\\\/\\\/landioustravel.com\\\/cs\\\/\",\"name\":\"Landious Travel\",\"description\":\"Excursions, trips and cruises in Egypt\",\"publisher\":{\"@id\":\"https:\\\/\\\/landioustravel.com\\\/cs\\\/#organization\"},\"potentialAction\":[{\"@type\":\"SearchAction\",\"target\":{\"@type\":\"EntryPoint\",\"urlTemplate\":\"https:\\\/\\\/landioustravel.com\\\/cs\\\/?s={search_term_string}\"},\"query-input\":{\"@type\":\"PropertyValueSpecification\",\"valueRequired\":true,\"valueName\":\"search_term_string\"}}],\"inLanguage\":\"cs\"},{\"@type\":[\"Organization\",\"Place\"],\"@id\":\"https:\\\/\\\/landioustravel.com\\\/cs\\\/#organization\",\"name\":\"Landious Travel\",\"alternateName\":\"Landious Travel\",\"url\":\"https:\\\/\\\/landioustravel.com\\\/cs\\\/\",\"logo\":{\"@id\":\"https:\\\/\\\/landioustravel.com\\\/cs\\\/egypt\\\/egyptske-chramy\\\/chramy-karnaku\\\/#local-main-organization-logo\"},\"image\":{\"@id\":\"https:\\\/\\\/landioustravel.com\\\/cs\\\/egypt\\\/egyptske-chramy\\\/chramy-karnaku\\\/#local-main-organization-logo\"},\"sameAs\":[\"https:\\\/\\\/web.facebook.com\\\/landiousEgypt\",\"https:\\\/\\\/x.com\\\/LandiousTours\",\"https:\\\/\\\/mastodon.social\\\/@landious\"],\"legalName\":\"Landious Travel\",\"telephone\":[],\"openingHoursSpecification\":[{\"@type\":\"OpeningHoursSpecification\",\"dayOfWeek\":[\"Monday\",\"Tuesday\",\"Wednesday\",\"Thursday\",\"Friday\",\"Saturday\",\"Sunday\"],\"opens\":\"09:00\",\"closes\":\"17:00\"}]},{\"@type\":\"ImageObject\",\"inLanguage\":\"cs\",\"@id\":\"https:\\\/\\\/landioustravel.com\\\/cs\\\/egypt\\\/egyptske-chramy\\\/chramy-karnaku\\\/#local-main-organization-logo\",\"url\":\"https:\\\/\\\/i0.wp.com\\\/landioustravel.com\\\/wp-content\\\/uploads\\\/2021\\\/06\\\/Landious-T.png?fit=500%2C500&ssl=1\",\"contentUrl\":\"https:\\\/\\\/i0.wp.com\\\/landioustravel.com\\\/wp-content\\\/uploads\\\/2021\\\/06\\\/Landious-T.png?fit=500%2C500&ssl=1\",\"width\":500,\"height\":500,\"caption\":\"Landious Travel\"}]}<\/script>\n<!-- \/ Yoast SEO Premium plugin. -->","yoast_head_json":{"title":"Chr\u00e1my Karnaku","description":"Kl\u00ed\u010dov\u00fdm rozd\u00edlem mezi Karnakem a v\u011bt\u0161inou ostatn\u00edch chr\u00e1m\u016f a m\u00edst v Egypt\u011b je doba, po kterou byl postaven a vyvinut. Trvalo dlouho, ne\u017e bylo dosa\u017eeno jeho kone\u010dn\u00e9ho tvaru. Tady nemluv\u00edme o jednom chr\u00e1mu; ale komplex chr\u00e1m\u016f. Stavba byla jako staroegyptsk\u00fd chr\u00e1m zah\u00e1jena ve st\u0159edn\u00edm kr\u00e1lovstv\u00ed a pokra\u010dovala do doby Ptolemaiov\u00e9","robots":{"index":"index","follow":"follow","max-snippet":"max-snippet:-1","max-image-preview":"max-image-preview:large","max-video-preview":"max-video-preview:-1"},"canonical":"https:\/\/landioustravel.com\/cs\/egypt\/egyptske-chramy\/chramy-karnaku\/","og_locale":"cs_CZ","og_type":"article","og_title":"Chr\u00e1my Karnaku","og_description":"Kl\u00ed\u010dov\u00fdm rozd\u00edlem mezi Karnakem a v\u011bt\u0161inou ostatn\u00edch chr\u00e1m\u016f a m\u00edst v Egypt\u011b je doba, po kterou byl postaven a vyvinut. Trvalo dlouho, ne\u017e bylo dosa\u017eeno jeho kone\u010dn\u00e9ho tvaru. Tady nemluv\u00edme o jednom chr\u00e1mu; ale komplex chr\u00e1m\u016f. Stavba byla jako staroegyptsk\u00fd chr\u00e1m zah\u00e1jena ve st\u0159edn\u00edm kr\u00e1lovstv\u00ed a pokra\u010dovala do doby Ptolemaiov\u00e9","og_url":"https:\/\/landioustravel.com\/cs\/egypt\/egyptske-chramy\/chramy-karnaku\/","og_site_name":"Landious Travel","article_publisher":"https:\/\/web.facebook.com\/landiousEgypt","article_modified_time":"2019-10-26T03:36:59+00:00","og_image":[{"width":1200,"height":675,"url":"https:\/\/i0.wp.com\/landioustravel.com\/wp-content\/uploads\/2019\/03\/temples_of_karnak-e1553299115520.jpg?fit=1200%2C675&ssl=1","type":"image\/jpeg"}],"twitter_card":"summary_large_image","twitter_site":"@LandiousTours","twitter_misc":{"Odhadovan\u00e1 doba \u010dten\u00ed":"1 minuta"},"schema":{"@context":"https:\/\/schema.org","@graph":[{"@type":"WebPage","@id":"https:\/\/landioustravel.com\/cs\/egypt\/egyptske-chramy\/chramy-karnaku\/","url":"https:\/\/landioustravel.com\/cs\/egypt\/egyptske-chramy\/chramy-karnaku\/","name":"Chr\u00e1my Karnaku","isPartOf":{"@id":"https:\/\/landioustravel.com\/cs\/#website"},"primaryImageOfPage":{"@id":"https:\/\/landioustravel.com\/cs\/egypt\/egyptske-chramy\/chramy-karnaku\/#primaryimage"},"image":{"@id":"https:\/\/landioustravel.com\/cs\/egypt\/egyptske-chramy\/chramy-karnaku\/#primaryimage"},"thumbnailUrl":"https:\/\/i0.wp.com\/landioustravel.com\/wp-content\/uploads\/2019\/03\/temples_of_karnak-e1553299115520.jpg?fit=1200%2C675&ssl=1","datePublished":"2019-10-26T03:36:58+00:00","dateModified":"2019-10-26T03:36:59+00:00","description":"Kl\u00ed\u010dov\u00fdm rozd\u00edlem mezi Karnakem a v\u011bt\u0161inou ostatn\u00edch chr\u00e1m\u016f a m\u00edst v Egypt\u011b je doba, po kterou byl postaven a vyvinut. Trvalo dlouho, ne\u017e bylo dosa\u017eeno jeho kone\u010dn\u00e9ho tvaru. Tady nemluv\u00edme o jednom chr\u00e1mu; ale komplex chr\u00e1m\u016f. Stavba byla jako staroegyptsk\u00fd chr\u00e1m zah\u00e1jena ve st\u0159edn\u00edm kr\u00e1lovstv\u00ed a pokra\u010dovala do doby Ptolemaiov\u00e9","breadcrumb":{"@id":"https:\/\/landioustravel.com\/cs\/egypt\/egyptske-chramy\/chramy-karnaku\/#breadcrumb"},"inLanguage":"cs","potentialAction":[{"@type":"ReadAction","target":["https:\/\/landioustravel.com\/cs\/egypt\/egyptske-chramy\/chramy-karnaku\/"]}]},{"@type":"ImageObject","inLanguage":"cs","@id":"https:\/\/landioustravel.com\/cs\/egypt\/egyptske-chramy\/chramy-karnaku\/#primaryimage","url":"https:\/\/i0.wp.com\/landioustravel.com\/wp-content\/uploads\/2019\/03\/temples_of_karnak-e1553299115520.jpg?fit=1200%2C675&ssl=1","contentUrl":"https:\/\/i0.wp.com\/landioustravel.com\/wp-content\/uploads\/2019\/03\/temples_of_karnak-e1553299115520.jpg?fit=1200%2C675&ssl=1","width":1200,"height":675,"caption":"Temples of Karnak"},{"@type":"BreadcrumbList","@id":"https:\/\/landioustravel.com\/cs\/egypt\/egyptske-chramy\/chramy-karnaku\/#breadcrumb","itemListElement":[{"@type":"ListItem","position":1,"name":"Home","item":"https:\/\/landioustravel.com\/cs\/"},{"@type":"ListItem","position":2,"name":"Egypt","item":"https:\/\/landioustravel.com\/cs\/egypt\/"},{"@type":"ListItem","position":3,"name":"Egyptsk\u00e9 chr\u00e1my","item":"https:\/\/landioustravel.com\/cs\/egypt\/egyptske-chramy\/"},{"@type":"ListItem","position":4,"name":"Chr\u00e1my Karnaku"}]},{"@type":"WebSite","@id":"https:\/\/landioustravel.com\/cs\/#website","url":"https:\/\/landioustravel.com\/cs\/","name":"Landious Travel","description":"Excursions, trips and cruises in Egypt","publisher":{"@id":"https:\/\/landioustravel.com\/cs\/#organization"},"potentialAction":[{"@type":"SearchAction","target":{"@type":"EntryPoint","urlTemplate":"https:\/\/landioustravel.com\/cs\/?s={search_term_string}"},"query-input":{"@type":"PropertyValueSpecification","valueRequired":true,"valueName":"search_term_string"}}],"inLanguage":"cs"},{"@type":["Organization","Place"],"@id":"https:\/\/landioustravel.com\/cs\/#organization","name":"Landious Travel","alternateName":"Landious Travel","url":"https:\/\/landioustravel.com\/cs\/","logo":{"@id":"https:\/\/landioustravel.com\/cs\/egypt\/egyptske-chramy\/chramy-karnaku\/#local-main-organization-logo"},"image":{"@id":"https:\/\/landioustravel.com\/cs\/egypt\/egyptske-chramy\/chramy-karnaku\/#local-main-organization-logo"},"sameAs":["https:\/\/web.facebook.com\/landiousEgypt","https:\/\/x.com\/LandiousTours","https:\/\/mastodon.social\/@landious"],"legalName":"Landious Travel","telephone":[],"openingHoursSpecification":[{"@type":"OpeningHoursSpecification","dayOfWeek":["Monday","Tuesday","Wednesday","Thursday","Friday","Saturday","Sunday"],"opens":"09:00","closes":"17:00"}]},{"@type":"ImageObject","inLanguage":"cs","@id":"https:\/\/landioustravel.com\/cs\/egypt\/egyptske-chramy\/chramy-karnaku\/#local-main-organization-logo","url":"https:\/\/i0.wp.com\/landioustravel.com\/wp-content\/uploads\/2021\/06\/Landious-T.png?fit=500%2C500&ssl=1","contentUrl":"https:\/\/i0.wp.com\/landioustravel.com\/wp-content\/uploads\/2021\/06\/Landious-T.png?fit=500%2C500&ssl=1","width":500,"height":500,"caption":"Landious Travel"}]}},"uagb_featured_image_src":{"full":["https:\/\/i0.wp.com\/landioustravel.com\/wp-content\/uploads\/2019\/03\/temples_of_karnak-e1553299115520.jpg?fit=1200%2C675&ssl=1",1200,675,false],"thumbnail":["https:\/\/i0.wp.com\/landioustravel.com\/wp-content\/uploads\/2019\/03\/temples_of_karnak-e1553299115520.jpg?resize=150%2C150&ssl=1",150,150,true],"medium":["https:\/\/i0.wp.com\/landioustravel.com\/wp-content\/uploads\/2019\/03\/temples_of_karnak-e1553299115520.jpg?fit=300%2C169&ssl=1",300,169,true],"medium_large":["https:\/\/i0.wp.com\/landioustravel.com\/wp-content\/uploads\/2019\/03\/temples_of_karnak-e1553299115520.jpg?fit=768%2C432&ssl=1",768,432,true],"large":["https:\/\/i0.wp.com\/landioustravel.com\/wp-content\/uploads\/2019\/03\/temples_of_karnak-e1553299115520.jpg?fit=980%2C551&ssl=1",980,551,true],"1536x1536":["https:\/\/i0.wp.com\/landioustravel.com\/wp-content\/uploads\/2019\/03\/temples_of_karnak-e1553299115520.jpg?fit=1200%2C675&ssl=1",1200,675,true],"2048x2048":["https:\/\/i0.wp.com\/landioustravel.com\/wp-content\/uploads\/2019\/03\/temples_of_karnak-e1553299115520.jpg?fit=1200%2C675&ssl=1",1200,675,true],"newspack-article-block-landscape-large":["https:\/\/i0.wp.com\/landioustravel.com\/wp-content\/uploads\/2019\/03\/temples_of_karnak-e1553299115520.jpg?resize=1200%2C675&ssl=1",1200,675,true],"newspack-article-block-portrait-large":["https:\/\/i0.wp.com\/landioustravel.com\/wp-content\/uploads\/2019\/03\/temples_of_karnak-e1553299115520.jpg?resize=900%2C675&ssl=1",900,675,true],"newspack-article-block-square-large":["https:\/\/i0.wp.com\/landioustravel.com\/wp-content\/uploads\/2019\/03\/temples_of_karnak-e1553299115520.jpg?resize=1200%2C675&ssl=1",1200,675,true],"newspack-article-block-landscape-medium":["https:\/\/i0.wp.com\/landioustravel.com\/wp-content\/uploads\/2019\/03\/temples_of_karnak-e1553299115520.jpg?resize=800%2C600&ssl=1",800,600,true],"newspack-article-block-portrait-medium":["https:\/\/i0.wp.com\/landioustravel.com\/wp-content\/uploads\/2019\/03\/temples_of_karnak-e1553299115520.jpg?resize=600%2C675&ssl=1",600,675,true],"newspack-article-block-square-medium":["https:\/\/i0.wp.com\/landioustravel.com\/wp-content\/uploads\/2019\/03\/temples_of_karnak-e1553299115520.jpg?resize=800%2C675&ssl=1",800,675,true],"newspack-article-block-landscape-intermediate":["https:\/\/i0.wp.com\/landioustravel.com\/wp-content\/uploads\/2019\/03\/temples_of_karnak-e1553299115520.jpg?resize=600%2C450&ssl=1",600,450,true],"newspack-article-block-portrait-intermediate":["https:\/\/i0.wp.com\/landioustravel.com\/wp-content\/uploads\/2019\/03\/temples_of_karnak-e1553299115520.jpg?resize=450%2C600&ssl=1",450,600,true],"newspack-article-block-square-intermediate":["https:\/\/i0.wp.com\/landioustravel.com\/wp-content\/uploads\/2019\/03\/temples_of_karnak-e1553299115520.jpg?resize=600%2C600&ssl=1",600,600,true],"newspack-article-block-landscape-small":["https:\/\/i0.wp.com\/landioustravel.com\/wp-content\/uploads\/2019\/03\/temples_of_karnak-e1553299115520.jpg?resize=400%2C300&ssl=1",400,300,true],"newspack-article-block-portrait-small":["https:\/\/i0.wp.com\/landioustravel.com\/wp-content\/uploads\/2019\/03\/temples_of_karnak-e1553299115520.jpg?resize=300%2C400&ssl=1",300,400,true],"newspack-article-block-square-small":["https:\/\/i0.wp.com\/landioustravel.com\/wp-content\/uploads\/2019\/03\/temples_of_karnak-e1553299115520.jpg?resize=400%2C400&ssl=1",400,400,true],"newspack-article-block-landscape-tiny":["https:\/\/i0.wp.com\/landioustravel.com\/wp-content\/uploads\/2019\/03\/temples_of_karnak-e1553299115520.jpg?resize=200%2C150&ssl=1",200,150,true],"newspack-article-block-portrait-tiny":["https:\/\/i0.wp.com\/landioustravel.com\/wp-content\/uploads\/2019\/03\/temples_of_karnak-e1553299115520.jpg?resize=150%2C200&ssl=1",150,200,true],"newspack-article-block-square-tiny":["https:\/\/i0.wp.com\/landioustravel.com\/wp-content\/uploads\/2019\/03\/temples_of_karnak-e1553299115520.jpg?resize=200%2C200&ssl=1",200,200,true],"newspack-article-block-uncropped":["https:\/\/i0.wp.com\/landioustravel.com\/wp-content\/uploads\/2019\/03\/temples_of_karnak-e1553299115520.jpg?fit=1200%2C675&ssl=1",1200,675,true],"woocommerce_thumbnail":["https:\/\/i0.wp.com\/landioustravel.com\/wp-content\/uploads\/2019\/03\/temples_of_karnak-e1553299115520.jpg?resize=324%2C324&ssl=1",324,324,true],"woocommerce_single":["https:\/\/i0.wp.com\/landioustravel.com\/wp-content\/uploads\/2019\/03\/temples_of_karnak-e1553299115520.jpg?fit=416%2C234&ssl=1",416,234,true],"woocommerce_gallery_thumbnail":["https:\/\/i0.wp.com\/landioustravel.com\/wp-content\/uploads\/2019\/03\/temples_of_karnak-e1553299115520.jpg?resize=100%2C100&ssl=1",100,100,true]},"uagb_author_info":{"display_name":"Mofreh Landious","author_link":"https:\/\/landioustravel.com\/cs\/author\/landious\/"},"uagb_comment_info":0,"uagb_excerpt":"Kl\u00ed\u010dov\u00fdm rozd\u00edlem mezi Karnakem a v\u011bt\u0161inou ostatn\u00edch chr\u00e1m\u016f a m\u00edst v Egypt\u011b je doba, po kterou byl postaven a vyvinut. Trvalo dlouho, ne\u017e bylo dosa\u017eeno jeho kone\u010dn\u00e9ho tvaru. Tady nemluv\u00edme o jednom chr\u00e1mu; ale komplex chr\u00e1m\u016f. Stavba byla jako staroegyptsk\u00fd chr\u00e1m zah\u00e1jena ve st\u0159edn\u00edm kr\u00e1lovstv\u00ed a pokra\u010dovala do doby Ptolemaiov\u00e9. T\u00e9m\u011b\u0159 v\u0161ichni vl\u00e1dci starov\u011bk\u00e9ho Egypta&hellip;","jetpack_sharing_enabled":true,"jetpack_shortlink":"https:\/\/wp.me\/Par4r5-5nQ","jetpack_likes_enabled":true,"amp_enabled":true,"_links":{"self":[{"href":"https:\/\/landioustravel.com\/cs\/wp-json\/wp\/v2\/pages\/20698","targetHints":{"allow":["GET"]}}],"collection":[{"href":"https:\/\/landioustravel.com\/cs\/wp-json\/wp\/v2\/pages"}],"about":[{"href":"https:\/\/landioustravel.com\/cs\/wp-json\/wp\/v2\/types\/page"}],"author":[{"embeddable":true,"href":"https:\/\/landioustravel.com\/cs\/wp-json\/wp\/v2\/users\/1"}],"replies":[{"embeddable":true,"href":"https:\/\/landioustravel.com\/cs\/wp-json\/wp\/v2\/comments?post=20698"}],"version-history":[{"count":0,"href":"https:\/\/landioustravel.com\/cs\/wp-json\/wp\/v2\/pages\/20698\/revisions"}],"up":[{"embeddable":true,"href":"https:\/\/landioustravel.com\/cs\/wp-json\/wp\/v2\/pages\/18960"}],"wp:featuredmedia":[{"embeddable":true,"href":"https:\/\/landioustravel.com\/cs\/wp-json\/wp\/v2\/media\/20700"}],"wp:attachment":[{"href":"https:\/\/landioustravel.com\/cs\/wp-json\/wp\/v2\/media?parent=20698"}],"curies":[{"name":"wp","href":"https:\/\/api.w.org\/{rel}","templated":true}]}}