{"id":38711,"date":"2021-10-03T20:44:05","date_gmt":"2021-10-03T18:44:05","guid":{"rendered":"https:\/\/landioustravel.com\/?page_id=38711"},"modified":"2021-10-04T03:06:32","modified_gmt":"2021-10-04T01:06:32","slug":"udoli-kralu","status":"publish","type":"page","link":"https:\/\/landioustravel.com\/cs\/udoli-kralu\/","title":{"rendered":"\u00dadol\u00ed kr\u00e1l\u016f"},"content":{"rendered":"\n<p>\u00dadol\u00ed kr\u00e1l\u016f je rokle se skalami. Toto \u00fadol\u00ed m\u00e1 dv\u011b hlavn\u00ed divize: V\u00fdchodn\u00ed a Z\u00e1padn\u00ed. Ve v\u00fdchodn\u00ed \u010d\u00e1sti je mnoho hrob\u016f, jejich\u017e p\u0159ibli\u017en\u00fd po\u010det je 64; t\u00e9m\u011b\u0159 v\u0161ichni jsou kr\u00e1lov\u0161t\u00ed. V z\u00e1padn\u00edm regionu v\u0161ak existuj\u00ed hrobky, kter\u00fdch nen\u00ed tolik.<\/p>\n\n\n\t\t\t\t<div class=\"wp-block-uagb-table-of-contents uagb-toc__align-left uagb-toc__columns-1  uagb-block-d4578cb5      \"\n\t\t\t\t\tdata-scroll= \"1\"\n\t\t\t\t\tdata-offset= \"30\"\n\t\t\t\t\tstyle=\"\"\n\t\t\t\t>\n\t\t\t\t<div class=\"uagb-toc__wrap\">\n\t\t\t\t\t\t<div class=\"uagb-toc__title\">\n\t\t\t\t\t\t\tObsah\t\t\t\t\t\t<\/div>\n\t\t\t\t\t\t\t\t\t\t\t\t\t\t\t\t\t\t\t\t\t\t<div class=\"uagb-toc__list-wrap \">\n\t\t\t\t\t\t<ol class=\"uagb-toc__list\"><li class=\"uagb-toc__list\"><a href=\"#um\u00edst\u011bn\u00ed-\u00fadol\u00ed-kr\u00e1l\u016f\" class=\"uagb-toc-link__trigger\">Um\u00edst\u011bn\u00ed \u00dadol\u00ed kr\u00e1l\u016f<\/a><li class=\"uagb-toc__list\"><a href=\"#rozlo\u017een\u00ed-\u00fadol\u00ed-kr\u00e1l\u016f\" class=\"uagb-toc-link__trigger\">Rozlo\u017een\u00ed \u00dadol\u00ed kr\u00e1l\u016f<\/a><li class=\"uagb-toc__list\"><a href=\"#d\u011bjiny\" class=\"uagb-toc-link__trigger\">D\u011bjiny<\/a><li class=\"uagb-toc__list\"><a href=\"#v\u00fdvoj-pl\u00e1n\u016f-hrobek\" class=\"uagb-toc-link__trigger\">V\u00fdvoj pl\u00e1n\u016f hrobek<\/a><li class=\"uagb-toc__list\"><a href=\"#interi\u00e9ry\" class=\"uagb-toc-link__trigger\">Interi\u00e9ry<\/a><li class=\"uagb-toc__list\"><a href=\"#loupe\u017e-v-\u00fadol\u00ed-kr\u00e1l\u016f\" class=\"uagb-toc-link__trigger\">Loupe\u017e v \u00fadol\u00ed kr\u00e1l\u016f<\/a><li class=\"uagb-toc__list\"><a href=\"#pokladnice-deir-el-bahari\" class=\"uagb-toc-link__trigger\">Pokladnice Deir El Bahari<\/a><li class=\"uagb-toc__list\"><a href=\"#nov\u00e9-objevy\" class=\"uagb-toc-link__trigger\">Nov\u00e9 objevy<\/a><li class=\"uagb-toc__list\"><a href=\"#mumie-kr\u00e1l\u016f-v-egyptsk\u00e9m-muzeu\" class=\"uagb-toc-link__trigger\">Mumie kr\u00e1l\u016f v Egyptsk\u00e9m muzeu<\/a><li class=\"uagb-toc__list\"><a href=\"#z\u00e1v\u011br\" class=\"uagb-toc-link__trigger\">Z\u00e1v\u011br<\/a><\/ol>\t\t\t\t\t<\/div>\n\t\t\t\t\t\t\t\t\t<\/div>\n\t\t\t\t<\/div>\n\t\t\t\n\n\n<h2 class=\"wp-block-heading\" id=\"h-um-st-n-dol-kr-l\">Um\u00edst\u011bn\u00ed \u00dadol\u00ed kr\u00e1l\u016f<\/h2>\n\n\n\n<p>\u00dadol\u00ed kr\u00e1l\u016f le\u017e\u00ed v z\u00e1padn\u00ed pou\u0161ti <a href=\"https:\/\/landioustravel.com\/cs\/egypt\/egyptska-mesta\/guverner-luxor\/\">Luxor<\/a>, Luxor Necropolis &#8211; <a href=\"https:\/\/landioustravel.com\/cs\/egypt\/\">Egypt<\/a>.<\/p>\n\n\n\n<div style=\"min-height:400px\" data-map-attr=\"\/qaddress\/q:\/qvalley of the kings, LUXOR\/q||\/qlat\/q:\/qundefined\/q||\/qlng\/q:\/qundefined\/q||\/qskin\/q:\/qstandard\/q||\/qzoom\/q:\/q12\/q||\/qiconSize\/q:\/q36\/q||\/qmapTypeControl\/q:\/qtrue\/q||\/qzoomControl\/q:\/qtrue\/q||\/qstreetViewControl\/q:\/qtrue\/q||\/qfullscreenControl\/q:\/qtrue\/q\" class=\"wp-block-coblocks-map\"><iframe title=\"Google Map\" frameborder=\"0\" style=\"width:100%;min-height:400px\" src=\"https:\/\/www.google.com\/maps?q=valley%20of%20the%20kings%2C%20LUXOR&amp;output=embed&amp;hl=en-US&amp;z=12\"><\/iframe><\/div>\n\n\n\n<h2 class=\"wp-block-heading\">Rozlo\u017een\u00ed \u00dadol\u00ed kr\u00e1l\u016f<\/h2>\n\n\n\n<p>V\u0161echny hrobky tam maj\u00ed podobn\u00e9 rozlo\u017een\u00ed &#8211; po vstupu je strm\u00e1 svahov\u00e1 chodba, kter\u00e1 jde daleko do hloubky a\u017e 100 metr\u016f, a na konci uli\u010dky jsou asi t\u0159i nebo \u010dty\u0159i m\u00edstnosti. Starov\u011bc\u00ed Egyp\u0165an\u00e9 zdobili v\u0161echny st\u011bny a stropy pestrobarevn\u00fdmi obrazy zobrazuj\u00edc\u00edmi \u017eivot a \u010diny prov\u00e1d\u011bn\u00e9 vl\u00e1dci. Kresby st\u00e1le neztratily jas a barevnou kombinaci.<\/p>\n\n\n\n<p>Dnes jsou ze v\u0161ech hrobek objeven\u00fdch archeology nejv\u00fdznamn\u011bj\u0161\u00ed hrobky Amenhotepa II, Thutmose III, Tutanchamona a \u010dty\u0159 Ramses\u016f.<\/p>\n\n\n\n<p>\u00dadol\u00ed je od konce 18. stolet\u00ed v\u00fdzkumn\u00fdm a vykop\u00e1vkov\u00fdm centrem. Zpo\u010d\u00e1tku tam pracovali archeologov\u00e9; pot\u00e9 provedli egyptologick\u00fd v\u00fdzkum. I v na\u0161\u00ed dob\u011b je toto m\u00edsto velk\u00fdm z\u00e1jmem v\u0161ech. V roce 1969 objevili archeologov\u00e9 hrobku Tutanchamona. D\u00edky tomuto objevu se \u00dadol\u00ed kr\u00e1l\u016f stalo velmi obl\u00edben\u00fdm a <a href=\"https:\/\/en.unesco.org\/countries\/egypt\" target=\"_blank\" rel=\"noreferrer noopener\">UNESCO<\/a> ho za\u0159adilo na sv\u016fj seznam.<\/p>\n\n\n\n<h2 class=\"wp-block-heading\">D\u011bjiny<\/h2>\n\n\n\n<p>Ve starov\u011bku naz\u00fdvali sta\u0159\u00ed Egyp\u0165an\u00e9 \u00dadol\u00ed kr\u00e1l\u016f \u201eVelk\u00fdm m\u00edstem\u201c. Navrhuj\u00ed egyptologov\u00e9 n\u011bkolik d\u016fvod\u016f, pro\u010d si sta\u0159\u00ed Egyp\u0165an\u00e9 vybrali tuto skaln\u00ed rokli do \u00fadol\u00ed? Prvn\u00ed d\u016fvod, pro\u010d je toto m\u00edsto izolov\u00e1no od th\u00e9bsk\u00e9 nekropole, co\u017e usnad\u0148uje ochranu tohoto \u00fazem\u00ed. Druh\u00fdm d\u016fvodem je, \u017ee slunce zapad\u00e1 za toto m\u00edsto pobl\u00ed\u017e <a href=\"https:\/\/landioustravel.com\/cs\/egypt\/reka-nil\/\">\u0159eky Nil<\/a>, na z\u00e1padn\u00ed stran\u011b. T\u0159et\u00ed d\u016fvod, legend\u00e1rn\u00ed horsk\u00e1 noha m\u00e1 podobnou formaci jako pyramida.<\/p>\n\n\n\n<p>Z generace na generaci byly kr\u00e1lovsk\u00e9 pr\u016fvody pos\u00edl\u00e1ny z jin\u00fdch pam\u011btn\u00edch <a href=\"https:\/\/landioustravel.com\/cs\/egypt\/egyptske-chramy\/\">chr\u00e1m\u016f<\/a> nach\u00e1zej\u00edc\u00edch se v \u00fadol\u00ed Nilu a sv\u00fdmi pohyby p\u0159ipom\u00ednaly z\u00e1pad slunce. Za celou dobu existence Nov\u00e9 \u0159\u00ed\u0161e pro\u0161la rozmanitost hrobek <a href=\"https:\/\/landioustravel.com\/cs\/egypt\/faraoni-egypta\/\">faraon\u016f<\/a> mnoha \u00fapravami.<\/p>\n\n\n\n<h2 class=\"wp-block-heading\">V\u00fdvoj pl\u00e1n\u016f hrobek<\/h2>\n\n\n\n<p>Hroby z 18. stolet\u00ed m\u011bly chodbu, kter\u00e1 se ot\u00e1\u010dela o 90 stup\u0148\u016f. P\u0159esto v 19. stolet\u00ed stavitel\u00e9 ud\u011blali rovnou chodbu. Uprost\u0159ed t\u00e9to chodby byly velk\u00e9 sloupov\u00e9 s\u00edn\u011b, d\u016fl, pokladnice a poh\u0159ebn\u00ed komora. Tyto chodby \u0161ly hluboko do tlou\u0161\u0165ky zdi. Ve dvac\u00e1t\u00e9m stolet\u00ed byly hrobky podobn\u00e9 minulosti. Starov\u011bc\u00ed stavitel\u00e9 \u0159ezali poh\u0159by v nejvy\u0161\u0161\u00edch vrstv\u00e1ch b\u0159idlice nebo v\u00e1pna.<\/p>\n\n\n\n<h2 class=\"wp-block-heading\">Interi\u00e9ry<\/h2>\n\n\n\n<p>Starov\u011bc\u00ed stavitel\u00e9 18. stolet\u00ed spojovali ka\u017edou m\u00edstnost a chodbu s posmrtn\u00fdm \u017eivotem a ka\u017ed\u00fd m\u011bl sv\u00e9 jm\u00e9no. Nap\u0159\u00edklad \u201e\u010dek\u00e1rna\u201c byl n\u00e1zev dolu, kter\u00fdm proch\u00e1zela odpadn\u00ed voda. \u201eZlat\u00fd d\u016fm\u201c byl v\u0161ak n\u00e1zev pro poh\u0159ebn\u00ed komoru.<\/p>\n\n\n\n<p>Starov\u011bc\u00ed Egyp\u0165an\u00e9 aplikovali mimo\u0159\u00e1dn\u00e9 obrazy a zdoben\u00e9 reli\u00e9fy na ka\u017edou \u010d\u00e1st zdi a byli p\u0159\u00edtomni u v\u011bt\u0161iny hrobek kr\u00e1l\u016f. Ka\u017ed\u00e1 \u00faleva je pozoruhodn\u00e1 jedine\u010dnost\u00ed, jasem a propracovanost\u00ed. Reprodukuj\u00ed mnoho oblast\u00ed jin\u00e9ho sv\u011bta. Tak\u00e9 uk\u00e1zali mrtv\u00e9ho faraona ve v\u00edce sc\u00e9n\u00e1ch pod azurov\u011b modr\u00fdm stropem, zdoben\u00fdm z\u00e1\u0159\u00edc\u00edmi hv\u011bzdami. T\u00edmto zp\u016fsobem, kdy\u017e stoj\u00ed p\u0159ed <a href=\"https:\/\/landioustravel.com\/cs\/egypt\/egyptska-bozstva\/\">bo\u017estvy<\/a>, je to v\u0161echno fascinuj\u00edc\u00ed.<\/p>\n\n\n\n<h2 class=\"wp-block-heading\">Loupe\u017e v \u00fadol\u00ed kr\u00e1l\u016f<\/h2>\n\n\n\n<p>\u00dadol\u00ed kr\u00e1l\u016f, stejn\u011b jako nejstar\u0161\u00ed <a href=\"https:\/\/landioustravel.com\/cs\/gizsky-pyramidovy-komplex\/\">pyramidy<\/a>, nemohlo odolat lupi\u010dsk\u00fdm ruk\u00e1m, p\u0159esto\u017ee zvl\u00e1\u0161tn\u00ed str\u00e1\u017eci \u201em\u011bsto mrtv\u00fdch\u201c a jeho poklady sledovali dnem i noc\u00ed. Existuj\u00ed informace, \u017ee samotn\u00ed \u00fa\u0159edn\u00edci byli zlo\u010dinci, kte\u0159\u00ed se pod\u00edleli na drancov\u00e1n\u00ed a m\u011bli organizovat spolehliv\u00e9 zabezpe\u010den\u00ed. Na konci dvac\u00e1t\u00e9 dynastie byl Egypt na \u00fastupu. Proto byly vyneseny klenoty faraon\u016f, kte\u0159\u00ed byli mezi prvn\u00edmi poh\u0159beni. Pot\u00e9 poslali tyto klenoty ke zpracov\u00e1n\u00ed, aby pomohly st\u00e1tu se v\u0161emi mo\u017en\u00fdmi silami a doplnily st\u00e1tn\u00ed pokladnu.<\/p>\n\n\n\n<h2 class=\"wp-block-heading\">Pokladnice Deir El Bahari<\/h2>\n\n\n\n<p>V roce 1871 na\u0161el Howard Carter v \u00dadol\u00ed kr\u00e1l\u016f zazd\u011bn\u00fd vchod na \u00fapat\u00ed kamenn\u00e9ho svahu v <a href=\"https:\/\/landioustravel.com\/cs\/komplex-deir-bahari\/\">Deir el-Bahri<\/a>, kter\u00fd se nach\u00e1z\u00ed p\u0159\u00edmo naproti Th\u00e9b\u00e1m, na z\u00e1padn\u00edm b\u0159ehu \u0159eky Nil. Dva brat\u0159i, kte\u0159\u00ed objevili vchod, do n\u011bj vnikli a za\u010dali hloubit. Kdy\u017e dos\u00e1hli hloubky asi 13 metr\u016f, na\u0161li obrovskou chodbu, kter\u00e1 se t\u00e1hla 70 metr\u016f a vedla do samotn\u00fdch hlubin \u00fatesu. Po cel\u00e9 chodb\u011b byly velk\u00e9 boxy obsahuj\u00edc\u00ed mumie a velk\u00e9 mno\u017estv\u00ed poh\u0159ebn\u00edch pot\u0159eb.<\/p>\n\n\n\n<p>Tito dva brat\u0159i se pokusili prodat ve\u0161ker\u00fd obsah poh\u0159bu. Pot\u00e9, co je v roce 1881 egyptsk\u00e9 policejn\u00ed slu\u017eby dopadly, se\u0161li s polici\u00ed k hrobce. Na\u0161li tam velk\u00e9 mno\u017estv\u00ed rakv\u00ed, ve kter\u00fdch odpo\u010d\u00edvali kr\u00e1lov\u00e9. Sarkof\u00e1gov\u00e9 se rozt\u00e1hli a\u017e na doraz a le\u017eeli na podlaze. Mnoz\u00ed se op\u00edrali o zdi, rakve byly ob\u0159\u00ed a jejich v\u00e1ha byla \u00fa\u017easn\u00e1. Sta\u0159\u00ed Egyp\u0165an\u00e9 je pokovili zlatem a vyle\u0161tili do vysok\u00e9ho lesku. V samotn\u00fdch hlubin\u00e1ch ke\u0161e objevili archeologov\u00e9 mumie faraon\u016f Amenhotepa I, Ahmose I, Thutmose a mnoha dal\u0161\u00edch. Celkem archeologov\u00e9 na\u0161li 37 sarkof\u00e1g\u016f s dokonale zachovan\u00fdmi mumiemi kr\u00e1l\u016f.<\/p>\n\n\n\n<h2 class=\"wp-block-heading\">Nov\u00e9 objevy<\/h2>\n\n\n\n<p>Ji\u017e v na\u0161\u00ed dob\u011b, na sam\u00e9m za\u010d\u00e1tku roku 2006, na\u0161li v\u011bdci v \u00dadol\u00ed hrobku, skl\u00e1daj\u00edc\u00ed se pouze z jedn\u00e9 komory, ale kter\u00e1 je dodnes neporu\u0161en\u00e1, na\u0161li v n\u00ed p\u011bt mumi\u00ed, kter\u00e9 byly v d\u0159ev\u011bn\u00fdch rakv\u00edch. Mumie m\u011bly masky s obrazy ur\u010den\u00fdmi k poh\u0159bu. Na\u0161li tak\u00e9 20 masivn\u00edch n\u00e1dob z keramiky, na kter\u00fdch bylo vid\u011bt pe\u010de\u0165 faraona. Jednalo se o prvn\u00ed poh\u0159eb, kter\u00fd archeologov\u00e9 na\u0161li po objeven\u00ed hrobky Tutanchamona v roce 1922.<\/p>\n\n\n\n<p>Expedice, kter\u00e1 tam pracovala v polovin\u011b 90. let, vykopala hrobky 19. dynastie. V roce 2005 objevila stejn\u00e1 mise chatr\u010de d\u011bln\u00edk\u016f, kter\u00fdch bylo 4. Tak\u00e9 expedice na\u0161la pod t\u011bmito chatami dal\u0161\u00ed poh\u0159eb.<\/p>\n\n\n\n<p>V roce 2009, od ledna do b\u0159ezna, expedice University of Basel, kter\u00e1 pokra\u010dovala v pr\u00e1ci a prov\u00e1d\u011bn\u00ed vykop\u00e1vek, prozkoumala dv\u011b hrobky, kter\u00e9 nem\u011bly \u017e\u00e1dn\u00e9 zn\u00e1mky. P\u0159i dal\u0161\u00edm v\u00fdzkumu u\u017e egyptologov\u00e9 zjistili, \u017ee sta\u0159\u00ed Egyp\u0165an\u00e9 tyto hrobky \u00fapln\u011b nedokon\u010dili. P\u0159esto to nezabr\u00e1nilo faraonovu poh\u0159bu. Do na\u0161\u00ed doby se dochovaly pouze mal\u00e9 fragmenty sarkof\u00e1g\u016f a lidsk\u00fdch ostatk\u016f. Egyptologov\u00e9 tak\u00e9 zjistili, \u017ee tyto dva hroby pat\u0159ily dynastii XVIII. Nav\u00edc zjistili, \u017ee prvn\u00ed lupi\u010di hrobek byli ve starov\u011bku, v 21. dynastii.<\/p>\n\n\n\n<p>Ji\u017e v roce 2017 v\u011bdci pro v\u00fdzkum DNA odebrali vzorky z poh\u0159b\u016f dynasti\u00ed XVIII a XXII-XXV. Zku\u0161en\u00ed u\u010denci se pokus\u00ed identifikovat n\u00fabijsk\u00fd a levantsk\u00fd lid pomoc\u00ed r\u016fzn\u00fdch n\u00e1pis\u016f na hrn\u010d\u00ed\u0159sk\u00fdch d\u017eb\u00e1nech.<\/p>\n\n\n\n<h2 class=\"wp-block-heading\">Mumie kr\u00e1l\u016f v Egyptsk\u00e9m muzeu<\/h2>\n\n\n\n<p>Ministerstvo staro\u017eitnost\u00ed vystavuje v\u0161echny mumie v <a href=\"https:\/\/landioustravel.com\/cs\/egyptske-muzeum\/\">Egyptsk\u00e9m muzeu<\/a>, kter\u00e9 se nach\u00e1z\u00ed v <a href=\"https:\/\/landioustravel.com\/cs\/egypt\/egyptska-mesta\/guvernorat-kahira\/\">K\u00e1hi\u0159e<\/a> (Egypt). P\u0159esto je Tutanchamonova mumie jedin\u00e1, kde le\u017eela t\u00e9m\u011b\u0159 t\u0159i a p\u016fl tis\u00edcilet\u00ed.<\/p>\n\n\n\n<h2 class=\"wp-block-heading\">Z\u00e1v\u011br<\/h2>\n\n\n\n<p>\u00dadol\u00ed kr\u00e1l\u016f je n\u00e1dhern\u00e1 a okouzluj\u00edc\u00ed staroegyptsk\u00e1 pam\u00e1tka. Ka\u017ed\u00fd, kdo m\u00e1 r\u00e1d takov\u00e1 m\u00edsta, mus\u00ed nav\u0161t\u00edvit \u00dadol\u00ed kr\u00e1l\u016f. Vr\u00e1tilo by v\u00e1s to do starov\u011bku a ohromilo v\u00e1s jeho mistrovsk\u00e9 d\u00edlo.<\/p>\n","protected":false},"excerpt":{"rendered":"<p>\u00dadol\u00ed kr\u00e1l\u016f je rokle se skalami. Toto \u00fadol\u00ed m\u00e1 dv\u011b hlavn\u00ed divize: V\u00fdchodn\u00ed a Z\u00e1padn\u00ed. Ve v\u00fdchodn\u00ed \u010d\u00e1sti je mnoho hrob\u016f, jejich\u017e p\u0159ibli\u017en\u00fd po\u010det je 64; t\u00e9m\u011b\u0159 v\u0161ichni jsou kr\u00e1lov\u0161t\u00ed. V z\u00e1padn\u00edm regionu v\u0161ak existuj\u00ed hrobky, kter\u00fdch nen\u00ed tolik. Um\u00edst\u011bn\u00ed \u00dadol\u00ed kr\u00e1l\u016f \u00dadol\u00ed kr\u00e1l\u016f le\u017e\u00ed v z\u00e1padn\u00ed pou\u0161ti Luxor, Luxor Necropolis &#8211; Egypt. Rozlo\u017een\u00ed \u00dadol\u00ed [&hellip;]<\/p>\n","protected":false},"author":1,"featured_media":0,"parent":0,"menu_order":0,"comment_status":"open","ping_status":"closed","template":"","meta":{"_coblocks_attr":"","_coblocks_dimensions":"","_coblocks_responsive_height":"","_coblocks_accordion_ie_support":"","_uag_custom_page_level_css":"","footnotes":""},"class_list":["post-38711","page","type-page","status-publish","hentry"],"yoast_head":"<!-- This site is optimized with the Yoast SEO Premium plugin v27.5 (Yoast SEO v27.5) - https:\/\/yoast.com\/product\/yoast-seo-premium-wordpress\/ -->\n<title>\u00dadol\u00ed kr\u00e1l\u016f<\/title>\n<meta name=\"description\" content=\"\u00dadol\u00ed kr\u00e1l\u016f je rokle se skalami. Toto \u00fadol\u00ed m\u00e1 dv\u011b hlavn\u00ed divize: V\u00fdchodn\u00ed a Z\u00e1padn\u00ed. Ve v\u00fdchodn\u00ed \u010d\u00e1sti je mnoho hrob\u016f, jejich\u017e p\u0159ibli\u017en\u00fd\" \/>\n<meta name=\"robots\" content=\"index, follow, max-snippet:-1, max-image-preview:large, max-video-preview:-1\" \/>\n<link rel=\"canonical\" href=\"https:\/\/landioustravel.com\/cs\/udoli-kralu\/\" \/>\n<meta property=\"og:locale\" content=\"cs_CZ\" \/>\n<meta property=\"og:type\" content=\"article\" \/>\n<meta property=\"og:title\" content=\"\u00dadol\u00ed kr\u00e1l\u016f\" \/>\n<meta property=\"og:description\" content=\"\u00dadol\u00ed kr\u00e1l\u016f je rokle se skalami. Toto \u00fadol\u00ed m\u00e1 dv\u011b hlavn\u00ed divize: V\u00fdchodn\u00ed a Z\u00e1padn\u00ed. Ve v\u00fdchodn\u00ed \u010d\u00e1sti je mnoho hrob\u016f, jejich\u017e p\u0159ibli\u017en\u00fd\" \/>\n<meta property=\"og:url\" content=\"https:\/\/landioustravel.com\/cs\/udoli-kralu\/\" \/>\n<meta property=\"og:site_name\" content=\"Landious Travel\" \/>\n<meta property=\"article:publisher\" content=\"https:\/\/web.facebook.com\/landiousEgypt\" \/>\n<meta property=\"article:modified_time\" content=\"2021-10-04T01:06:32+00:00\" \/>\n<meta name=\"twitter:card\" content=\"summary_large_image\" \/>\n<meta name=\"twitter:site\" content=\"@LandiousTours\" \/>\n<meta name=\"twitter:label1\" content=\"Odhadovan\u00e1 doba \u010dten\u00ed\" \/>\n\t<meta name=\"twitter:data1\" content=\"5 minut\" \/>\n<script type=\"application\/ld+json\" class=\"yoast-schema-graph\">{\"@context\":\"https:\\\/\\\/schema.org\",\"@graph\":[{\"@type\":\"WebPage\",\"@id\":\"https:\\\/\\\/landioustravel.com\\\/cs\\\/udoli-kralu\\\/\",\"url\":\"https:\\\/\\\/landioustravel.com\\\/cs\\\/udoli-kralu\\\/\",\"name\":\"\u00dadol\u00ed kr\u00e1l\u016f\",\"isPartOf\":{\"@id\":\"https:\\\/\\\/landioustravel.com\\\/cs\\\/#website\"},\"datePublished\":\"2021-10-03T18:44:05+00:00\",\"dateModified\":\"2021-10-04T01:06:32+00:00\",\"description\":\"\u00dadol\u00ed kr\u00e1l\u016f je rokle se skalami. Toto \u00fadol\u00ed m\u00e1 dv\u011b hlavn\u00ed divize: V\u00fdchodn\u00ed a Z\u00e1padn\u00ed. Ve v\u00fdchodn\u00ed \u010d\u00e1sti je mnoho hrob\u016f, jejich\u017e p\u0159ibli\u017en\u00fd\",\"breadcrumb\":{\"@id\":\"https:\\\/\\\/landioustravel.com\\\/cs\\\/udoli-kralu\\\/#breadcrumb\"},\"inLanguage\":\"cs\",\"potentialAction\":[{\"@type\":\"ReadAction\",\"target\":[\"https:\\\/\\\/landioustravel.com\\\/cs\\\/udoli-kralu\\\/\"]}]},{\"@type\":\"BreadcrumbList\",\"@id\":\"https:\\\/\\\/landioustravel.com\\\/cs\\\/udoli-kralu\\\/#breadcrumb\",\"itemListElement\":[{\"@type\":\"ListItem\",\"position\":1,\"name\":\"Home\",\"item\":\"https:\\\/\\\/landioustravel.com\\\/cs\\\/\"},{\"@type\":\"ListItem\",\"position\":2,\"name\":\"\u00dadol\u00ed kr\u00e1l\u016f\"}]},{\"@type\":\"WebSite\",\"@id\":\"https:\\\/\\\/landioustravel.com\\\/cs\\\/#website\",\"url\":\"https:\\\/\\\/landioustravel.com\\\/cs\\\/\",\"name\":\"Landious Travel\",\"description\":\"Excursions, trips and cruises in Egypt\",\"publisher\":{\"@id\":\"https:\\\/\\\/landioustravel.com\\\/cs\\\/#organization\"},\"potentialAction\":[{\"@type\":\"SearchAction\",\"target\":{\"@type\":\"EntryPoint\",\"urlTemplate\":\"https:\\\/\\\/landioustravel.com\\\/cs\\\/?s={search_term_string}\"},\"query-input\":{\"@type\":\"PropertyValueSpecification\",\"valueRequired\":true,\"valueName\":\"search_term_string\"}}],\"inLanguage\":\"cs\"},{\"@type\":[\"Organization\",\"Place\"],\"@id\":\"https:\\\/\\\/landioustravel.com\\\/cs\\\/#organization\",\"name\":\"Landious Travel\",\"alternateName\":\"Landious Travel\",\"url\":\"https:\\\/\\\/landioustravel.com\\\/cs\\\/\",\"logo\":{\"@id\":\"https:\\\/\\\/landioustravel.com\\\/cs\\\/udoli-kralu\\\/#local-main-organization-logo\"},\"image\":{\"@id\":\"https:\\\/\\\/landioustravel.com\\\/cs\\\/udoli-kralu\\\/#local-main-organization-logo\"},\"sameAs\":[\"https:\\\/\\\/web.facebook.com\\\/landiousEgypt\",\"https:\\\/\\\/x.com\\\/LandiousTours\",\"https:\\\/\\\/mastodon.social\\\/@landious\"],\"legalName\":\"Landious Travel\",\"telephone\":[],\"openingHoursSpecification\":[{\"@type\":\"OpeningHoursSpecification\",\"dayOfWeek\":[\"Monday\",\"Tuesday\",\"Wednesday\",\"Thursday\",\"Friday\",\"Saturday\",\"Sunday\"],\"opens\":\"09:00\",\"closes\":\"17:00\"}]},{\"@type\":\"ImageObject\",\"inLanguage\":\"cs\",\"@id\":\"https:\\\/\\\/landioustravel.com\\\/cs\\\/udoli-kralu\\\/#local-main-organization-logo\",\"url\":\"https:\\\/\\\/i0.wp.com\\\/landioustravel.com\\\/wp-content\\\/uploads\\\/2021\\\/06\\\/Landious-T.png?fit=500%2C500&ssl=1\",\"contentUrl\":\"https:\\\/\\\/i0.wp.com\\\/landioustravel.com\\\/wp-content\\\/uploads\\\/2021\\\/06\\\/Landious-T.png?fit=500%2C500&ssl=1\",\"width\":500,\"height\":500,\"caption\":\"Landious Travel\"}]}<\/script>\n<!-- \/ Yoast SEO Premium plugin. -->","yoast_head_json":{"title":"\u00dadol\u00ed kr\u00e1l\u016f","description":"\u00dadol\u00ed kr\u00e1l\u016f je rokle se skalami. Toto \u00fadol\u00ed m\u00e1 dv\u011b hlavn\u00ed divize: V\u00fdchodn\u00ed a Z\u00e1padn\u00ed. Ve v\u00fdchodn\u00ed \u010d\u00e1sti je mnoho hrob\u016f, jejich\u017e p\u0159ibli\u017en\u00fd","robots":{"index":"index","follow":"follow","max-snippet":"max-snippet:-1","max-image-preview":"max-image-preview:large","max-video-preview":"max-video-preview:-1"},"canonical":"https:\/\/landioustravel.com\/cs\/udoli-kralu\/","og_locale":"cs_CZ","og_type":"article","og_title":"\u00dadol\u00ed kr\u00e1l\u016f","og_description":"\u00dadol\u00ed kr\u00e1l\u016f je rokle se skalami. Toto \u00fadol\u00ed m\u00e1 dv\u011b hlavn\u00ed divize: V\u00fdchodn\u00ed a Z\u00e1padn\u00ed. Ve v\u00fdchodn\u00ed \u010d\u00e1sti je mnoho hrob\u016f, jejich\u017e p\u0159ibli\u017en\u00fd","og_url":"https:\/\/landioustravel.com\/cs\/udoli-kralu\/","og_site_name":"Landious Travel","article_publisher":"https:\/\/web.facebook.com\/landiousEgypt","article_modified_time":"2021-10-04T01:06:32+00:00","twitter_card":"summary_large_image","twitter_site":"@LandiousTours","twitter_misc":{"Odhadovan\u00e1 doba \u010dten\u00ed":"5 minut"},"schema":{"@context":"https:\/\/schema.org","@graph":[{"@type":"WebPage","@id":"https:\/\/landioustravel.com\/cs\/udoli-kralu\/","url":"https:\/\/landioustravel.com\/cs\/udoli-kralu\/","name":"\u00dadol\u00ed kr\u00e1l\u016f","isPartOf":{"@id":"https:\/\/landioustravel.com\/cs\/#website"},"datePublished":"2021-10-03T18:44:05+00:00","dateModified":"2021-10-04T01:06:32+00:00","description":"\u00dadol\u00ed kr\u00e1l\u016f je rokle se skalami. Toto \u00fadol\u00ed m\u00e1 dv\u011b hlavn\u00ed divize: V\u00fdchodn\u00ed a Z\u00e1padn\u00ed. Ve v\u00fdchodn\u00ed \u010d\u00e1sti je mnoho hrob\u016f, jejich\u017e p\u0159ibli\u017en\u00fd","breadcrumb":{"@id":"https:\/\/landioustravel.com\/cs\/udoli-kralu\/#breadcrumb"},"inLanguage":"cs","potentialAction":[{"@type":"ReadAction","target":["https:\/\/landioustravel.com\/cs\/udoli-kralu\/"]}]},{"@type":"BreadcrumbList","@id":"https:\/\/landioustravel.com\/cs\/udoli-kralu\/#breadcrumb","itemListElement":[{"@type":"ListItem","position":1,"name":"Home","item":"https:\/\/landioustravel.com\/cs\/"},{"@type":"ListItem","position":2,"name":"\u00dadol\u00ed kr\u00e1l\u016f"}]},{"@type":"WebSite","@id":"https:\/\/landioustravel.com\/cs\/#website","url":"https:\/\/landioustravel.com\/cs\/","name":"Landious Travel","description":"Excursions, trips and cruises in Egypt","publisher":{"@id":"https:\/\/landioustravel.com\/cs\/#organization"},"potentialAction":[{"@type":"SearchAction","target":{"@type":"EntryPoint","urlTemplate":"https:\/\/landioustravel.com\/cs\/?s={search_term_string}"},"query-input":{"@type":"PropertyValueSpecification","valueRequired":true,"valueName":"search_term_string"}}],"inLanguage":"cs"},{"@type":["Organization","Place"],"@id":"https:\/\/landioustravel.com\/cs\/#organization","name":"Landious Travel","alternateName":"Landious Travel","url":"https:\/\/landioustravel.com\/cs\/","logo":{"@id":"https:\/\/landioustravel.com\/cs\/udoli-kralu\/#local-main-organization-logo"},"image":{"@id":"https:\/\/landioustravel.com\/cs\/udoli-kralu\/#local-main-organization-logo"},"sameAs":["https:\/\/web.facebook.com\/landiousEgypt","https:\/\/x.com\/LandiousTours","https:\/\/mastodon.social\/@landious"],"legalName":"Landious Travel","telephone":[],"openingHoursSpecification":[{"@type":"OpeningHoursSpecification","dayOfWeek":["Monday","Tuesday","Wednesday","Thursday","Friday","Saturday","Sunday"],"opens":"09:00","closes":"17:00"}]},{"@type":"ImageObject","inLanguage":"cs","@id":"https:\/\/landioustravel.com\/cs\/udoli-kralu\/#local-main-organization-logo","url":"https:\/\/i0.wp.com\/landioustravel.com\/wp-content\/uploads\/2021\/06\/Landious-T.png?fit=500%2C500&ssl=1","contentUrl":"https:\/\/i0.wp.com\/landioustravel.com\/wp-content\/uploads\/2021\/06\/Landious-T.png?fit=500%2C500&ssl=1","width":500,"height":500,"caption":"Landious Travel"}]}},"uagb_featured_image_src":{"full":false,"thumbnail":false,"medium":false,"medium_large":false,"large":false,"1536x1536":false,"2048x2048":false,"newspack-article-block-landscape-large":false,"newspack-article-block-portrait-large":false,"newspack-article-block-square-large":false,"newspack-article-block-landscape-medium":false,"newspack-article-block-portrait-medium":false,"newspack-article-block-square-medium":false,"newspack-article-block-landscape-intermediate":false,"newspack-article-block-portrait-intermediate":false,"newspack-article-block-square-intermediate":false,"newspack-article-block-landscape-small":false,"newspack-article-block-portrait-small":false,"newspack-article-block-square-small":false,"newspack-article-block-landscape-tiny":false,"newspack-article-block-portrait-tiny":false,"newspack-article-block-square-tiny":false,"newspack-article-block-uncropped":false,"woocommerce_thumbnail":false,"woocommerce_single":false,"woocommerce_gallery_thumbnail":false},"uagb_author_info":{"display_name":"Mofreh Landious","author_link":"https:\/\/landioustravel.com\/cs\/author\/landious\/"},"uagb_comment_info":0,"uagb_excerpt":"\u00dadol\u00ed kr\u00e1l\u016f je rokle se skalami. Toto \u00fadol\u00ed m\u00e1 dv\u011b hlavn\u00ed divize: V\u00fdchodn\u00ed a Z\u00e1padn\u00ed. Ve v\u00fdchodn\u00ed \u010d\u00e1sti je mnoho hrob\u016f, jejich\u017e p\u0159ibli\u017en\u00fd po\u010det je 64; t\u00e9m\u011b\u0159 v\u0161ichni jsou kr\u00e1lov\u0161t\u00ed. V z\u00e1padn\u00edm regionu v\u0161ak existuj\u00ed hrobky, kter\u00fdch nen\u00ed tolik. Um\u00edst\u011bn\u00ed \u00dadol\u00ed kr\u00e1l\u016f \u00dadol\u00ed kr\u00e1l\u016f le\u017e\u00ed v z\u00e1padn\u00ed pou\u0161ti Luxor, Luxor Necropolis &#8211; Egypt. Rozlo\u017een\u00ed \u00dadol\u00ed&hellip;","jetpack_sharing_enabled":true,"jetpack_shortlink":"https:\/\/wp.me\/Par4r5-a4n","jetpack_likes_enabled":true,"amp_enabled":true,"_links":{"self":[{"href":"https:\/\/landioustravel.com\/cs\/wp-json\/wp\/v2\/pages\/38711","targetHints":{"allow":["GET"]}}],"collection":[{"href":"https:\/\/landioustravel.com\/cs\/wp-json\/wp\/v2\/pages"}],"about":[{"href":"https:\/\/landioustravel.com\/cs\/wp-json\/wp\/v2\/types\/page"}],"author":[{"embeddable":true,"href":"https:\/\/landioustravel.com\/cs\/wp-json\/wp\/v2\/users\/1"}],"replies":[{"embeddable":true,"href":"https:\/\/landioustravel.com\/cs\/wp-json\/wp\/v2\/comments?post=38711"}],"version-history":[{"count":0,"href":"https:\/\/landioustravel.com\/cs\/wp-json\/wp\/v2\/pages\/38711\/revisions"}],"wp:attachment":[{"href":"https:\/\/landioustravel.com\/cs\/wp-json\/wp\/v2\/media?parent=38711"}],"curies":[{"name":"wp","href":"https:\/\/api.w.org\/{rel}","templated":true}]}}