{"id":18145,"date":"2019-05-23T16:17:54","date_gmt":"2019-08-29T02:15:04","guid":{"rendered":"https:\/\/landioustravel.com\/?post_type=product&#038;p=18145"},"modified":"2025-10-01T20:25:01","modified_gmt":"2025-10-01T17:25:01","slug":"rychlostni-lod-oranzovy-ostrov-hurghada","status":"publish","type":"product","link":"https:\/\/landioustravel.com\/cs\/shop\/rychlostni-lod-oranzovy-ostrov-hurghada\/","title":{"rendered":"Soukrom\u00e1 rychlostn\u00ed lo\u010f na oran\u017eov\u00fd ostrov v Hurghad\u011b"},"content":{"rendered":"<p>N\u00e1dhern\u00fd soukrom\u00fd v\u00fdlet rychlou lod\u00ed do Orange Bay v Hurghad\u011b! Doporu\u010dujeme v\u00fdlet, proto\u017ee umo\u017e\u0148uje turist\u016fm pobavit se u mo\u0159e! V\u00fdlet v\u00e1m d\u00e1v\u00e1 mo\u017enost vid\u011bt kr\u00e1sn\u00e9 kor\u00e1ly a r\u016fzn\u00e9 ryby. Nav\u00edc si u\u017eijete piknik lod\u00ed p\u0159es Rud\u00e9 mo\u0159e a ocitnete se v Orange Bay na Grand Giftun Islandu s dal\u0161\u00edmi slu\u017ebami na samotn\u00e9 pl\u00e1\u017ei. Stoj\u00ed za zm\u00ednku, \u017ee ostrov je bl\u00edzko pob\u0159e\u017e\u00ed Hurghady!<\/p>\n<h2>Hlavn\u00ed body programu exkurze na ostrov Orange Bay<\/h2>\n<ul>\n<li>Koup\u00e1n\u00ed na otev\u0159en\u00e9m mo\u0159i z motorov\u00e9ho \u010dlunu<\/li>\n<li>\u0160norchlov\u00e1n\u00ed s maskami a ploutvemi na otev\u0159en\u00e9m mo\u0159i<\/li>\n<li>Tak\u00e9 p\u0159ist\u00e1n\u00ed na pl\u00e1\u017ei Orange Bay na ostrov\u011b Giftun<\/li>\n<\/ul>\n<h3>Program soukrom\u00e9ho v\u00fdletu rychlou lod\u00ed na pl\u00e1\u017e Orange Bay z Hurghady<\/h3>\n<ul>\n<li>Vyb\u00edr\u00e1me v\u00e1s z hotelu p\u0159ibli\u017en\u011b v 08:00<\/li>\n<li>Po vyzvednut\u00ed v\u0161ech p\u0159\u00edchoz\u00edch jede autobus do p\u0159\u00edstavu. Cesta do p\u0159\u00edstavu trv\u00e1 p\u0159ibli\u017en\u011b 20 minut<\/li>\n<li>V p\u0159\u00edstavu najdete motorov\u00fd \u010dlun. Je to elegantn\u00ed! Tento \u010dlun je vybaven pohodln\u00fdmi sedadly a lednic\u00ed. Skl\u00e1d\u00e1 se. Jakmile se dostanete na motorov\u00fd \u010dlun, m\u016f\u017eete se p\u0159ipravit na poh\u00e1dkov\u00fd piknik p\u0159es Rud\u00e9 mo\u0159e<\/li>\n<li>Motorov\u00fd \u010dlun postupuje p\u0159es Rud\u00e9 mo\u0159e sm\u011brem k n\u00e1dhern\u00e9mu m\u00edstu pro kor\u00e1ly, kde m\u016f\u017eete zastavit. Tam m\u016f\u017eete plavat a \u0161norchlovat s maskami a ploutvemi<\/li>\n<li>Va\u0161e dal\u0161\u00ed zast\u00e1vka bude na snov\u00e9m Orange Bay na Giftun Islandu. Bereme v\u00e1s na motorov\u00fd \u010dlun. V\u00e1\u0161 pr\u016fvodce v\u00e1m poskytne pohled na mo\u017enosti na pl\u00e1\u017ei &#8211; toalety, stany a sol\u00e1ria.<\/li>\n<li>Na ostrov\u011b str\u00e1v\u00edte t\u0159i hodiny. B\u011bhem t\u00e9to doby budete m\u00edt dostatek \u010dasu na plav\u00e1n\u00ed a op\u00e1len\u00ed<\/li>\n<li>Tato \u201esoukrom\u00e1 rychlostn\u00ed lo\u010f do Orange Bay v Hurghad\u011b\u201c kon\u010d\u00ed p\u0159ibli\u017en\u011b ve 13:00.<\/li>\n<\/ul>\n<h4>Co je zahrnuto v cen\u011b z\u00e1jezdu<\/h4>\n<ul>\n<li>Soukrom\u00fd rychlostn\u00ed \u010dlun<\/li>\n<li>Vybaven\u00ed na \u0161norchlov\u00e1n\u00ed (masky a ploutve)<\/li>\n<li>N\u00e1poje a \u010derstv\u00e9 ovoce na motorov\u00e9m \u010dlunu<\/li>\n<li>V\u0161echna za\u0159\u00edzen\u00ed na ostrov\u011b (stan, sol\u00e1rium a toaleta)<\/li>\n<li>Tak\u00e9 Transfer do p\u0159\u00edstavu a zp\u011bt do hotelu<\/li>\n<\/ul>\n<h5>Co nen\u00ed zahrnuto v cen\u011b z\u00e1jezdu<\/h5>\n<ul>\n<li>J\u00eddlo na ostrovech<\/li>\n<li>N\u00e1poje na ostrovech<\/li>\n<li>Video DVD<\/li>\n<li>Tak\u00e9, Photo CD<\/li>\n<\/ul>\n<h6>CO SE S V\u00c1MI UZAV\u00cdR\u00c1 NA V\u00ddLET<\/h6>\n<ul>\n<li>Ru\u010dn\u00edk<\/li>\n<li>Tak\u00e9, opalovac\u00ed kr\u00e9m<\/li>\n<\/ul>\n<h6>DNY EXKURZN\u00cd ORGANIZACE<\/h6>\n<ul>\n<li>Denn\u011b od 08:00 do 13:00<\/li>\n<\/ul>\n<h6>U\u017dITE\u010cN\u00c9 GESTY O SPEEDBOATOV\u00ddCH ZA\u0158\u00cdZEN\u00cdCH<\/h6>\n<p>V\u0161echny na\u0161e rychlostn\u00ed lod\u011b maj\u00ed zvukov\u00fd syst\u00e9m JBL, sprchu se sladkou vodou, top Bimini, slune\u010dn\u00ed terasu, krabici na led, elektrick\u00e9 z\u00e1suvky a \u017eeb\u0159\u00edk. Na druh\u00e9 stran\u011b se motorov\u00e9 \u010dluny li\u0161\u00ed podle v\u00fdkonu motoru a kapacity sedadla. N\u00e1sleduj\u00edc\u00ed seznam uv\u00e1d\u00ed tyto varianty:<\/p>\n<ul>\n<li>140 HP se 4 sedadly<\/li>\n<li>140 HP se 6 sedadly<\/li>\n<li>200 HP se 6 sedadly<\/li>\n<li>250 HP s 8 sedadly. Tento je vybaven toaletou<\/li>\n<li>Tak\u00e9 500 HP s 8 sedadly<\/li>\n<\/ul>\n","protected":false},"excerpt":{"rendered":"<p>P\u0159ipravte se na vzru\u0161uj\u00edc\u00ed dobrodru\u017estv\u00ed! R\u00e1no v\u00e1s vyzvedneme z va\u0161eho hotelu a vezmeme v\u00e1s na vzru\u0161uj\u00edc\u00ed j\u00edzdu motorov\u00fdm \u010dlunem na dva \u00fa\u017easn\u00e9 ostrovy v Rud\u00e9m mo\u0159i.<\/p>\n<p>Na\u0161\u00ed prvn\u00ed zast\u00e1vkou je Orange Bay, kde si m\u016f\u017eete odpo\u010dinout na kr\u00e1sn\u00fdch pl\u00e1\u017e\u00edch s b\u00edl\u00fdm p\u00edskem a opalovat se. Budete m\u00edt spoustu \u010dasu na pozn\u00e1v\u00e1n\u00ed nov\u00fdch p\u0159\u00e1tel p\u0159i poslechu hudby a vychutn\u00e1v\u00e1n\u00ed si tropick\u00e9 atmosf\u00e9ry.<\/p>\n<p>D\u00e1le se vyd\u00e1me na Orange Island, kde m\u016f\u017eete prozkoumat podmo\u0159sk\u00fd sv\u011bt Rud\u00e9ho mo\u0159e s na\u0161\u00ed v\u00fdbavou na \u0161norchlov\u00e1n\u00ed. Nezapome\u0148te po\u0159\u00eddit \u00fa\u017easn\u00e9 fotografie, kter\u00e9 m\u016f\u017eete sd\u00edlet se sv\u00fdmi p\u0159\u00e1teli a rodinou doma!<\/p>\n<p>N\u00e1\u0161 t\u00fdm se postar\u00e1 o to, abyste m\u011bli bezpe\u010dn\u00fd a p\u0159\u00edjemn\u00fd v\u00fdlet. Rezervujte si sv\u016fj soukrom\u00fd nebo spole\u010dn\u00fd v\u00fdlet motorov\u00fdm \u010dlunem ji\u017e nyn\u00ed a poznejte kr\u00e1sy egyptsk\u00e9ho Karibiku!<\/p>\n","protected":false},"featured_media":129051,"comment_status":"open","ping_status":"closed","template":"","meta":{"_coblocks_attr":"","_coblocks_dimensions":"","_coblocks_responsive_height":"","_coblocks_accordion_ie_support":"","_uag_custom_page_level_css":"","jetpack_publicize_message":"","jetpack_publicize_feature_enabled":true,"jetpack_social_post_already_shared":true,"jetpack_social_options":{"image_generator_settings":{"template":"highway","default_image_id":0,"font":"","enabled":false},"version":2},"_wpas_customize_per_network":false},"product_brand":[],"product_cat":[16311,16316],"product_tag":[16348,16362,16363,16349,16338,16324,16368],"class_list":{"0":"post-18145","1":"product","2":"type-product","3":"status-publish","4":"has-post-thumbnail","6":"product_cat-individualni-vylety-hurghada","7":"product_cat-namorni-vylety-hurghada","8":"product_tag-hurghada-cs","9":"product_tag-more-cs","10":"product_tag-namorni-vylety","11":"product_tag-ostrov","12":"product_tag-vylet","13":"product_tag-vylety-lodi-v-hurghade","14":"product_tag-snorchlovani","16":"first","17":"instock","18":"sale","19":"taxable","20":"shipping-taxable","21":"purchasable","22":"product-type-variable"},"yoast_head":"<!-- This site is optimized with the Yoast SEO Premium plugin v26.9 (Yoast SEO v27.4) - https:\/\/yoast.com\/product\/yoast-seo-premium-wordpress\/ -->\n<title>Soukrom\u00e1 rychlostn\u00ed lo\u010f na oran\u017eov\u00fd ostrov v Hurghad\u011b<\/title>\n<meta name=\"description\" content=\"Soukrom\u00e1 rychlostn\u00ed lo\u010f na oran\u017eov\u00fd ostrov v Hurghad\u011b Doporu\u010dujeme v\u00fdlet, proto\u017ee umo\u017e\u0148uje turist\u016fm pobavit se u mo\u0159e! V\u00fdlet v\u00e1m d\u00e1v\u00e1 mo\u017enost vid\u011bt kr\u00e1sn\u00e9\" \/>\n<meta name=\"robots\" content=\"index, follow, max-snippet:-1, max-image-preview:large, max-video-preview:-1\" \/>\n<link rel=\"canonical\" href=\"https:\/\/landioustravel.com\/cs\/shop\/rychlostni-lod-oranzovy-ostrov-hurghada\/\" \/>\n<meta property=\"og:locale\" content=\"cs_CZ\" \/>\n<meta property=\"og:type\" content=\"article\" \/>\n<meta property=\"og:title\" content=\"Soukrom\u00e1 rychlostn\u00ed lo\u010f na oran\u017eov\u00fd ostrov v Hurghad\u011b\" \/>\n<meta property=\"og:description\" content=\"Landious Travel\" \/>\n<meta property=\"og:url\" content=\"https:\/\/landioustravel.com\/cs\/shop\/rychlostni-lod-oranzovy-ostrov-hurghada\/\" \/>\n<meta property=\"og:site_name\" content=\"Landious Travel\" \/>\n<meta property=\"article:publisher\" content=\"https:\/\/web.facebook.com\/landiousEgypt\" \/>\n<meta property=\"article:modified_time\" content=\"2025-10-01T17:25:01+00:00\" \/>\n<meta property=\"og:image\" content=\"https:\/\/i0.wp.com\/landioustravel.com\/wp-content\/uploads\/2019\/05\/Orange-Bay-by-Speedboat-Hurghada.jpg?fit=1200%2C657&ssl=1\" \/>\n\t<meta property=\"og:image:width\" content=\"1200\" \/>\n\t<meta property=\"og:image:height\" content=\"657\" \/>\n\t<meta property=\"og:image:type\" content=\"image\/jpeg\" \/>\n<meta name=\"twitter:card\" content=\"summary_large_image\" \/>\n<meta name=\"twitter:site\" content=\"@LandiousTours\" \/>\n<meta name=\"twitter:label1\" content=\"Odhadovan\u00e1 doba \u010dten\u00ed\" \/>\n\t<meta name=\"twitter:data1\" content=\"2 minuty\" \/>\n<script type=\"application\/ld+json\" class=\"yoast-schema-graph\">{\"@context\":\"https:\\\/\\\/schema.org\",\"@graph\":[{\"@type\":\"WebPage\",\"@id\":\"https:\\\/\\\/landioustravel.com\\\/cs\\\/shop\\\/rychlostni-lod-oranzovy-ostrov-hurghada\\\/\",\"url\":\"https:\\\/\\\/landioustravel.com\\\/cs\\\/shop\\\/rychlostni-lod-oranzovy-ostrov-hurghada\\\/\",\"name\":\"Soukrom\u00e1 rychlostn\u00ed lo\u010f na oran\u017eov\u00fd ostrov v Hurghad\u011b\",\"isPartOf\":{\"@id\":\"https:\\\/\\\/landioustravel.com\\\/cs\\\/#website\"},\"primaryImageOfPage\":{\"@id\":\"https:\\\/\\\/landioustravel.com\\\/cs\\\/shop\\\/rychlostni-lod-oranzovy-ostrov-hurghada\\\/#primaryimage\"},\"image\":{\"@id\":\"https:\\\/\\\/landioustravel.com\\\/cs\\\/shop\\\/rychlostni-lod-oranzovy-ostrov-hurghada\\\/#primaryimage\"},\"thumbnailUrl\":\"https:\\\/\\\/i0.wp.com\\\/landioustravel.com\\\/wp-content\\\/uploads\\\/2019\\\/05\\\/Orange-Bay-by-Speedboat-Hurghada.jpg?fit=1200%2C657&ssl=1\",\"datePublished\":\"2019-08-29T02:15:04+00:00\",\"dateModified\":\"2025-10-01T17:25:01+00:00\",\"description\":\"Soukrom\u00e1 rychlostn\u00ed lo\u010f na oran\u017eov\u00fd ostrov v Hurghad\u011b Doporu\u010dujeme v\u00fdlet, proto\u017ee umo\u017e\u0148uje turist\u016fm pobavit se u mo\u0159e! V\u00fdlet v\u00e1m d\u00e1v\u00e1 mo\u017enost vid\u011bt kr\u00e1sn\u00e9\",\"breadcrumb\":{\"@id\":\"https:\\\/\\\/landioustravel.com\\\/cs\\\/shop\\\/rychlostni-lod-oranzovy-ostrov-hurghada\\\/#breadcrumb\"},\"inLanguage\":\"cs\",\"potentialAction\":[{\"@type\":\"ReadAction\",\"target\":[\"https:\\\/\\\/landioustravel.com\\\/cs\\\/shop\\\/rychlostni-lod-oranzovy-ostrov-hurghada\\\/\"]}]},{\"@type\":\"ImageObject\",\"inLanguage\":\"cs\",\"@id\":\"https:\\\/\\\/landioustravel.com\\\/cs\\\/shop\\\/rychlostni-lod-oranzovy-ostrov-hurghada\\\/#primaryimage\",\"url\":\"https:\\\/\\\/i0.wp.com\\\/landioustravel.com\\\/wp-content\\\/uploads\\\/2019\\\/05\\\/Orange-Bay-by-Speedboat-Hurghada.jpg?fit=1200%2C657&ssl=1\",\"contentUrl\":\"https:\\\/\\\/i0.wp.com\\\/landioustravel.com\\\/wp-content\\\/uploads\\\/2019\\\/05\\\/Orange-Bay-by-Speedboat-Hurghada.jpg?fit=1200%2C657&ssl=1\",\"width\":1200,\"height\":657,\"caption\":\"Orange Bay by Speedboat Hurghada\"},{\"@type\":\"BreadcrumbList\",\"@id\":\"https:\\\/\\\/landioustravel.com\\\/cs\\\/shop\\\/rychlostni-lod-oranzovy-ostrov-hurghada\\\/#breadcrumb\",\"itemListElement\":[{\"@type\":\"ListItem\",\"position\":1,\"name\":\"Home\",\"item\":\"https:\\\/\\\/landioustravel.com\\\/cs\\\/\"},{\"@type\":\"ListItem\",\"position\":2,\"name\":\"Slu\u017eby a v\u00fdlety\",\"item\":\"https:\\\/\\\/landioustravel.com\\\/cs\\\/\"},{\"@type\":\"ListItem\",\"position\":3,\"name\":\"Soukrom\u00e1 rychlostn\u00ed lo\u010f na oran\u017eov\u00fd ostrov v Hurghad\u011b\"}]},{\"@type\":\"WebSite\",\"@id\":\"https:\\\/\\\/landioustravel.com\\\/cs\\\/#website\",\"url\":\"https:\\\/\\\/landioustravel.com\\\/cs\\\/\",\"name\":\"Landious Travel\",\"description\":\"Excursions, trips and cruises in Egypt\",\"publisher\":{\"@id\":\"https:\\\/\\\/landioustravel.com\\\/cs\\\/#organization\"},\"potentialAction\":[{\"@type\":\"SearchAction\",\"target\":{\"@type\":\"EntryPoint\",\"urlTemplate\":\"https:\\\/\\\/landioustravel.com\\\/cs\\\/?s={search_term_string}\"},\"query-input\":{\"@type\":\"PropertyValueSpecification\",\"valueRequired\":true,\"valueName\":\"search_term_string\"}}],\"inLanguage\":\"cs\"},{\"@type\":[\"Organization\",\"Place\"],\"@id\":\"https:\\\/\\\/landioustravel.com\\\/cs\\\/#organization\",\"name\":\"Landious Travel\",\"alternateName\":\"Landious Travel\",\"url\":\"https:\\\/\\\/landioustravel.com\\\/cs\\\/\",\"logo\":{\"@id\":\"https:\\\/\\\/landioustravel.com\\\/cs\\\/shop\\\/rychlostni-lod-oranzovy-ostrov-hurghada\\\/#local-main-organization-logo\"},\"image\":{\"@id\":\"https:\\\/\\\/landioustravel.com\\\/cs\\\/shop\\\/rychlostni-lod-oranzovy-ostrov-hurghada\\\/#local-main-organization-logo\"},\"sameAs\":[\"https:\\\/\\\/web.facebook.com\\\/landiousEgypt\",\"https:\\\/\\\/x.com\\\/LandiousTours\",\"https:\\\/\\\/mastodon.social\\\/@landious\"],\"legalName\":\"Landious Travel\",\"telephone\":[],\"openingHoursSpecification\":[{\"@type\":\"OpeningHoursSpecification\",\"dayOfWeek\":[\"Monday\",\"Tuesday\",\"Wednesday\",\"Thursday\",\"Friday\",\"Saturday\",\"Sunday\"],\"opens\":\"09:00\",\"closes\":\"17:00\"}]},{\"@type\":\"ImageObject\",\"inLanguage\":\"cs\",\"@id\":\"https:\\\/\\\/landioustravel.com\\\/cs\\\/shop\\\/rychlostni-lod-oranzovy-ostrov-hurghada\\\/#local-main-organization-logo\",\"url\":\"https:\\\/\\\/i0.wp.com\\\/landioustravel.com\\\/wp-content\\\/uploads\\\/2021\\\/06\\\/Landious-T.png?fit=500%2C500&ssl=1\",\"contentUrl\":\"https:\\\/\\\/i0.wp.com\\\/landioustravel.com\\\/wp-content\\\/uploads\\\/2021\\\/06\\\/Landious-T.png?fit=500%2C500&ssl=1\",\"width\":500,\"height\":500,\"caption\":\"Landious Travel\"}]}<\/script>\n<!-- \/ Yoast SEO Premium plugin. -->","yoast_head_json":{"title":"Soukrom\u00e1 rychlostn\u00ed lo\u010f na oran\u017eov\u00fd ostrov v Hurghad\u011b","description":"Soukrom\u00e1 rychlostn\u00ed lo\u010f na oran\u017eov\u00fd ostrov v Hurghad\u011b Doporu\u010dujeme v\u00fdlet, proto\u017ee umo\u017e\u0148uje turist\u016fm pobavit se u mo\u0159e! V\u00fdlet v\u00e1m d\u00e1v\u00e1 mo\u017enost vid\u011bt kr\u00e1sn\u00e9","robots":{"index":"index","follow":"follow","max-snippet":"max-snippet:-1","max-image-preview":"max-image-preview:large","max-video-preview":"max-video-preview:-1"},"canonical":"https:\/\/landioustravel.com\/cs\/shop\/rychlostni-lod-oranzovy-ostrov-hurghada\/","og_locale":"cs_CZ","og_type":"article","og_title":"Soukrom\u00e1 rychlostn\u00ed lo\u010f na oran\u017eov\u00fd ostrov v Hurghad\u011b","og_description":"Landious Travel","og_url":"https:\/\/landioustravel.com\/cs\/shop\/rychlostni-lod-oranzovy-ostrov-hurghada\/","og_site_name":"Landious Travel","article_publisher":"https:\/\/web.facebook.com\/landiousEgypt","article_modified_time":"2025-10-01T17:25:01+00:00","og_image":[{"width":1200,"height":657,"url":"https:\/\/i0.wp.com\/landioustravel.com\/wp-content\/uploads\/2019\/05\/Orange-Bay-by-Speedboat-Hurghada.jpg?fit=1200%2C657&ssl=1","type":"image\/jpeg"}],"twitter_card":"summary_large_image","twitter_site":"@LandiousTours","twitter_misc":{"Odhadovan\u00e1 doba \u010dten\u00ed":"2 minuty"},"schema":{"@context":"https:\/\/schema.org","@graph":[{"@type":"WebPage","@id":"https:\/\/landioustravel.com\/cs\/shop\/rychlostni-lod-oranzovy-ostrov-hurghada\/","url":"https:\/\/landioustravel.com\/cs\/shop\/rychlostni-lod-oranzovy-ostrov-hurghada\/","name":"Soukrom\u00e1 rychlostn\u00ed lo\u010f na oran\u017eov\u00fd ostrov v Hurghad\u011b","isPartOf":{"@id":"https:\/\/landioustravel.com\/cs\/#website"},"primaryImageOfPage":{"@id":"https:\/\/landioustravel.com\/cs\/shop\/rychlostni-lod-oranzovy-ostrov-hurghada\/#primaryimage"},"image":{"@id":"https:\/\/landioustravel.com\/cs\/shop\/rychlostni-lod-oranzovy-ostrov-hurghada\/#primaryimage"},"thumbnailUrl":"https:\/\/i0.wp.com\/landioustravel.com\/wp-content\/uploads\/2019\/05\/Orange-Bay-by-Speedboat-Hurghada.jpg?fit=1200%2C657&ssl=1","datePublished":"2019-08-29T02:15:04+00:00","dateModified":"2025-10-01T17:25:01+00:00","description":"Soukrom\u00e1 rychlostn\u00ed lo\u010f na oran\u017eov\u00fd ostrov v Hurghad\u011b Doporu\u010dujeme v\u00fdlet, proto\u017ee umo\u017e\u0148uje turist\u016fm pobavit se u mo\u0159e! V\u00fdlet v\u00e1m d\u00e1v\u00e1 mo\u017enost vid\u011bt kr\u00e1sn\u00e9","breadcrumb":{"@id":"https:\/\/landioustravel.com\/cs\/shop\/rychlostni-lod-oranzovy-ostrov-hurghada\/#breadcrumb"},"inLanguage":"cs","potentialAction":[{"@type":"ReadAction","target":["https:\/\/landioustravel.com\/cs\/shop\/rychlostni-lod-oranzovy-ostrov-hurghada\/"]}]},{"@type":"ImageObject","inLanguage":"cs","@id":"https:\/\/landioustravel.com\/cs\/shop\/rychlostni-lod-oranzovy-ostrov-hurghada\/#primaryimage","url":"https:\/\/i0.wp.com\/landioustravel.com\/wp-content\/uploads\/2019\/05\/Orange-Bay-by-Speedboat-Hurghada.jpg?fit=1200%2C657&ssl=1","contentUrl":"https:\/\/i0.wp.com\/landioustravel.com\/wp-content\/uploads\/2019\/05\/Orange-Bay-by-Speedboat-Hurghada.jpg?fit=1200%2C657&ssl=1","width":1200,"height":657,"caption":"Orange Bay by Speedboat Hurghada"},{"@type":"BreadcrumbList","@id":"https:\/\/landioustravel.com\/cs\/shop\/rychlostni-lod-oranzovy-ostrov-hurghada\/#breadcrumb","itemListElement":[{"@type":"ListItem","position":1,"name":"Home","item":"https:\/\/landioustravel.com\/cs\/"},{"@type":"ListItem","position":2,"name":"Slu\u017eby a v\u00fdlety","item":"https:\/\/landioustravel.com\/cs\/"},{"@type":"ListItem","position":3,"name":"Soukrom\u00e1 rychlostn\u00ed lo\u010f na oran\u017eov\u00fd ostrov v Hurghad\u011b"}]},{"@type":"WebSite","@id":"https:\/\/landioustravel.com\/cs\/#website","url":"https:\/\/landioustravel.com\/cs\/","name":"Landious Travel","description":"Excursions, trips and cruises in Egypt","publisher":{"@id":"https:\/\/landioustravel.com\/cs\/#organization"},"potentialAction":[{"@type":"SearchAction","target":{"@type":"EntryPoint","urlTemplate":"https:\/\/landioustravel.com\/cs\/?s={search_term_string}"},"query-input":{"@type":"PropertyValueSpecification","valueRequired":true,"valueName":"search_term_string"}}],"inLanguage":"cs"},{"@type":["Organization","Place"],"@id":"https:\/\/landioustravel.com\/cs\/#organization","name":"Landious Travel","alternateName":"Landious Travel","url":"https:\/\/landioustravel.com\/cs\/","logo":{"@id":"https:\/\/landioustravel.com\/cs\/shop\/rychlostni-lod-oranzovy-ostrov-hurghada\/#local-main-organization-logo"},"image":{"@id":"https:\/\/landioustravel.com\/cs\/shop\/rychlostni-lod-oranzovy-ostrov-hurghada\/#local-main-organization-logo"},"sameAs":["https:\/\/web.facebook.com\/landiousEgypt","https:\/\/x.com\/LandiousTours","https:\/\/mastodon.social\/@landious"],"legalName":"Landious Travel","telephone":[],"openingHoursSpecification":[{"@type":"OpeningHoursSpecification","dayOfWeek":["Monday","Tuesday","Wednesday","Thursday","Friday","Saturday","Sunday"],"opens":"09:00","closes":"17:00"}]},{"@type":"ImageObject","inLanguage":"cs","@id":"https:\/\/landioustravel.com\/cs\/shop\/rychlostni-lod-oranzovy-ostrov-hurghada\/#local-main-organization-logo","url":"https:\/\/i0.wp.com\/landioustravel.com\/wp-content\/uploads\/2021\/06\/Landious-T.png?fit=500%2C500&ssl=1","contentUrl":"https:\/\/i0.wp.com\/landioustravel.com\/wp-content\/uploads\/2021\/06\/Landious-T.png?fit=500%2C500&ssl=1","width":500,"height":500,"caption":"Landious Travel"}]}},"jetpack_publicize_connections":[],"uagb_featured_image_src":{"full":["https:\/\/i0.wp.com\/landioustravel.com\/wp-content\/uploads\/2019\/05\/Orange-Bay-by-Speedboat-Hurghada.jpg?fit=1200%2C657&ssl=1",1200,657,false],"thumbnail":["https:\/\/i0.wp.com\/landioustravel.com\/wp-content\/uploads\/2019\/05\/Orange-Bay-by-Speedboat-Hurghada.jpg?resize=150%2C150&ssl=1",150,150,true],"medium":["https:\/\/i0.wp.com\/landioustravel.com\/wp-content\/uploads\/2019\/05\/Orange-Bay-by-Speedboat-Hurghada.jpg?fit=300%2C164&ssl=1",300,164,true],"medium_large":["https:\/\/i0.wp.com\/landioustravel.com\/wp-content\/uploads\/2019\/05\/Orange-Bay-by-Speedboat-Hurghada.jpg?fit=768%2C420&ssl=1",768,420,true],"large":["https:\/\/i0.wp.com\/landioustravel.com\/wp-content\/uploads\/2019\/05\/Orange-Bay-by-Speedboat-Hurghada.jpg?fit=980%2C537&ssl=1",980,537,true],"1536x1536":["https:\/\/i0.wp.com\/landioustravel.com\/wp-content\/uploads\/2019\/05\/Orange-Bay-by-Speedboat-Hurghada.jpg?fit=1200%2C657&ssl=1",1200,657,true],"2048x2048":["https:\/\/i0.wp.com\/landioustravel.com\/wp-content\/uploads\/2019\/05\/Orange-Bay-by-Speedboat-Hurghada.jpg?fit=1200%2C657&ssl=1",1200,657,true],"newspack-article-block-landscape-large":["https:\/\/i0.wp.com\/landioustravel.com\/wp-content\/uploads\/2019\/05\/Orange-Bay-by-Speedboat-Hurghada.jpg?resize=1200%2C657&ssl=1",1200,657,true],"newspack-article-block-portrait-large":["https:\/\/i0.wp.com\/landioustravel.com\/wp-content\/uploads\/2019\/05\/Orange-Bay-by-Speedboat-Hurghada.jpg?resize=900%2C657&ssl=1",900,657,true],"newspack-article-block-square-large":["https:\/\/i0.wp.com\/landioustravel.com\/wp-content\/uploads\/2019\/05\/Orange-Bay-by-Speedboat-Hurghada.jpg?resize=1200%2C657&ssl=1",1200,657,true],"newspack-article-block-landscape-medium":["https:\/\/i0.wp.com\/landioustravel.com\/wp-content\/uploads\/2019\/05\/Orange-Bay-by-Speedboat-Hurghada.jpg?resize=800%2C600&ssl=1",800,600,true],"newspack-article-block-portrait-medium":["https:\/\/i0.wp.com\/landioustravel.com\/wp-content\/uploads\/2019\/05\/Orange-Bay-by-Speedboat-Hurghada.jpg?resize=600%2C657&ssl=1",600,657,true],"newspack-article-block-square-medium":["https:\/\/i0.wp.com\/landioustravel.com\/wp-content\/uploads\/2019\/05\/Orange-Bay-by-Speedboat-Hurghada.jpg?resize=800%2C657&ssl=1",800,657,true],"newspack-article-block-landscape-intermediate":["https:\/\/i0.wp.com\/landioustravel.com\/wp-content\/uploads\/2019\/05\/Orange-Bay-by-Speedboat-Hurghada.jpg?resize=600%2C450&ssl=1",600,450,true],"newspack-article-block-portrait-intermediate":["https:\/\/i0.wp.com\/landioustravel.com\/wp-content\/uploads\/2019\/05\/Orange-Bay-by-Speedboat-Hurghada.jpg?resize=450%2C600&ssl=1",450,600,true],"newspack-article-block-square-intermediate":["https:\/\/i0.wp.com\/landioustravel.com\/wp-content\/uploads\/2019\/05\/Orange-Bay-by-Speedboat-Hurghada.jpg?resize=600%2C600&ssl=1",600,600,true],"newspack-article-block-landscape-small":["https:\/\/i0.wp.com\/landioustravel.com\/wp-content\/uploads\/2019\/05\/Orange-Bay-by-Speedboat-Hurghada.jpg?resize=400%2C300&ssl=1",400,300,true],"newspack-article-block-portrait-small":["https:\/\/i0.wp.com\/landioustravel.com\/wp-content\/uploads\/2019\/05\/Orange-Bay-by-Speedboat-Hurghada.jpg?resize=300%2C400&ssl=1",300,400,true],"newspack-article-block-square-small":["https:\/\/i0.wp.com\/landioustravel.com\/wp-content\/uploads\/2019\/05\/Orange-Bay-by-Speedboat-Hurghada.jpg?resize=400%2C400&ssl=1",400,400,true],"newspack-article-block-landscape-tiny":["https:\/\/i0.wp.com\/landioustravel.com\/wp-content\/uploads\/2019\/05\/Orange-Bay-by-Speedboat-Hurghada.jpg?resize=200%2C150&ssl=1",200,150,true],"newspack-article-block-portrait-tiny":["https:\/\/i0.wp.com\/landioustravel.com\/wp-content\/uploads\/2019\/05\/Orange-Bay-by-Speedboat-Hurghada.jpg?resize=150%2C200&ssl=1",150,200,true],"newspack-article-block-square-tiny":["https:\/\/i0.wp.com\/landioustravel.com\/wp-content\/uploads\/2019\/05\/Orange-Bay-by-Speedboat-Hurghada.jpg?resize=200%2C200&ssl=1",200,200,true],"newspack-article-block-uncropped":["https:\/\/i0.wp.com\/landioustravel.com\/wp-content\/uploads\/2019\/05\/Orange-Bay-by-Speedboat-Hurghada.jpg?fit=1200%2C657&ssl=1",1200,657,true],"woocommerce_thumbnail":["https:\/\/i0.wp.com\/landioustravel.com\/wp-content\/uploads\/2019\/05\/Orange-Bay-by-Speedboat-Hurghada.jpg?resize=324%2C324&ssl=1",324,324,true],"woocommerce_single":["https:\/\/i0.wp.com\/landioustravel.com\/wp-content\/uploads\/2019\/05\/Orange-Bay-by-Speedboat-Hurghada.jpg?fit=416%2C228&ssl=1",416,228,true],"woocommerce_gallery_thumbnail":["https:\/\/i0.wp.com\/landioustravel.com\/wp-content\/uploads\/2019\/05\/Orange-Bay-by-Speedboat-Hurghada.jpg?resize=100%2C100&ssl=1",100,100,true]},"uagb_author_info":{"display_name":"Mofreh Landious","author_link":"https:\/\/landioustravel.com\/cs\/author\/"},"uagb_comment_info":3,"uagb_excerpt":"P\u0159ipravte se na vzru\u0161uj\u00edc\u00ed dobrodru\u017estv\u00ed! R\u00e1no v\u00e1s vyzvedneme z va\u0161eho hotelu a vezmeme v\u00e1s na vzru\u0161uj\u00edc\u00ed j\u00edzdu motorov\u00fdm \u010dlunem na dva \u00fa\u017easn\u00e9 ostrovy v Rud\u00e9m mo\u0159i. Na\u0161\u00ed prvn\u00ed zast\u00e1vkou je Orange Bay, kde si m\u016f\u017eete odpo\u010dinout na kr\u00e1sn\u00fdch pl\u00e1\u017e\u00edch s b\u00edl\u00fdm p\u00edskem a opalovat se. Budete m\u00edt spoustu \u010dasu na pozn\u00e1v\u00e1n\u00ed nov\u00fdch p\u0159\u00e1tel p\u0159i poslechu&hellip;","jetpack_sharing_enabled":true,"jetpack_likes_enabled":true,"amp_enabled":true,"_links":{"self":[{"href":"https:\/\/landioustravel.com\/cs\/wp-json\/wp\/v2\/product\/18145","targetHints":{"allow":["GET"]}}],"collection":[{"href":"https:\/\/landioustravel.com\/cs\/wp-json\/wp\/v2\/product"}],"about":[{"href":"https:\/\/landioustravel.com\/cs\/wp-json\/wp\/v2\/types\/product"}],"replies":[{"embeddable":true,"href":"https:\/\/landioustravel.com\/cs\/wp-json\/wp\/v2\/comments?post=18145"}],"wp:featuredmedia":[{"embeddable":true,"href":"https:\/\/landioustravel.com\/cs\/wp-json\/wp\/v2\/media\/129051"}],"wp:attachment":[{"href":"https:\/\/landioustravel.com\/cs\/wp-json\/wp\/v2\/media?parent=18145"}],"wp:term":[{"taxonomy":"product_brand","embeddable":true,"href":"https:\/\/landioustravel.com\/cs\/wp-json\/wp\/v2\/product_brand?post=18145"},{"taxonomy":"product_cat","embeddable":true,"href":"https:\/\/landioustravel.com\/cs\/wp-json\/wp\/v2\/product_cat?post=18145"},{"taxonomy":"product_tag","embeddable":true,"href":"https:\/\/landioustravel.com\/cs\/wp-json\/wp\/v2\/product_tag?post=18145"}],"curies":[{"name":"wp","href":"https:\/\/api.w.org\/{rel}","templated":true}]}}