{"id":18230,"date":"2019-04-13T04:48:18","date_gmt":"2019-08-29T22:51:25","guid":{"rendered":"https:\/\/landioustravel.com\/?post_type=product&#038;p=18230"},"modified":"2026-04-06T19:13:33","modified_gmt":"2026-04-06T17:13:33","slug":"individualni-vylet-sohag-hurghada","status":"publish","type":"product","link":"https:\/\/landioustravel.com\/cs\/shop\/individualni-vylet-sohag-hurghada\/","title":{"rendered":"Individu\u00e1ln\u00ed v\u00fdlet do Abydosu &#8211; Sohag z Hurghady"},"content":{"rendered":"<p>Zaj\u00edmav\u00fd individu\u00e1ln\u00ed v\u00fdlet do Abydosu &#8211; Sohagu z Hurghady! Doporu\u010dujeme v\u00fdlet, proto\u017ee umo\u017e\u0148uje turist\u016fm vid\u011bt velk\u00e9 mno\u017estv\u00ed atrakc\u00ed ve dvou m\u011bstech _ Abydos a Sohag. Tyto pam\u00e1tky byly postaveny b\u011bhem dvou r\u016fzn\u00fdch obdob\u00ed egyptsk\u00e9 historie &#8211; starov\u011bk\u00e9ho Egypta a \u0158\u00edmsk\u00e9 \u0159\u00ed\u0161e. Umo\u017e\u0148uje z\u00edskat velkou \u010d\u00e1st radosti a dozv\u011bd\u011bt se v\u00edce o historii zem\u011b.<\/p>\n<h2>Hlavn\u00ed body programu Abydos &#8211; Sohag<\/h2>\n<ul>\n<li>N\u00e1v\u0161t\u011bva chr\u00e1m\u016f Abydos<\/li>\n<li>Ob\u011bd<\/li>\n<li>Tak\u00e9 \u010cerven\u00fd kl\u00e1\u0161ter a B\u00edl\u00fd kl\u00e1\u0161ter v Sohagu<\/li>\n<\/ul>\n<h3>Program v\u00fdletu do Abydosu &#8211; Sohagu z Hurghady<\/h3>\n<ul>\n<li>Z hotelu vyb\u00edr\u00e1me kolem 04:00 r\u00e1no<\/li>\n<li>Po vyzvednut\u00ed v\u00e1s autobus (limuz\u00edna nebo minibus) jede sm\u011brem k m\u011bstu Qena kolem m\u011bsta Safaga. St\u0159edisko Safaga se nach\u00e1z\u00ed 45 km ji\u017en\u011b od Hurghady na pob\u0159e\u017e\u00ed Rud\u00e9ho mo\u0159e; zat\u00edmco m\u011bsto Qena se nach\u00e1z\u00ed ve vzd\u00e1lenosti 220 km v \u00fadol\u00ed Nilu. Cesta z centra Hurghady do Qeny trv\u00e1 asi 3 hodiny. Z Qeny jedete d\u00e1le na sever k guvern\u00e9ru Sohag, abyste dostali vesnici Abydos. Z\u00edsk\u00e1n\u00ed Abydos trv\u00e1 asi hodinu.<\/li>\n<\/ul>\n<h4>Program v Abydosu<\/h4>\n<ul>\n<li>Jakmile doraz\u00edte do guvern\u00e9ra Sohagu, p\u0159esn\u011bji do Abydosu, zah\u00e1j\u00edte sv\u016fj individu\u00e1ln\u00ed v\u00fdlet do chr\u00e1mu Osiris. Jedn\u00e1 se o komplex chr\u00e1m\u016f a budov. V chr\u00e1mu za\u010d\u00edn\u00e1 vysv\u011btlen\u00ed va\u0161eho pr\u016fvodce a pot\u00e9 ukazuje \u010dasto nav\u0161t\u011bvovan\u00e1 m\u00edsta tohoto velk\u00e9ho komplexu. Samotn\u00fd komplex obsahuje r\u016fzn\u00e9 chr\u00e1my a budovy. V\u00e1\u0161 pr\u016fvodce bude m\u00edt za \u00fakol uk\u00e1zat v\u0161echny tyto chr\u00e1my a d\u00e1t voln\u00fd \u010das fotografov\u00e1n\u00ed<\/li>\n<\/ul>\n<h4>Program v Sohagu<\/h4>\n<ul>\n<li>Pak jedete na sever do Sohagu. Prvn\u00ed zast\u00e1vka bude v restauraci.<\/li>\n<li>Po ob\u011bd\u011b pojedete do nedalek\u00fdch k\u0159es\u0165ansk\u00fdch kl\u00e1\u0161ter\u016f &#8211; \u010cerven\u00fd kl\u00e1\u0161ter a B\u00edl\u00fd kl\u00e1\u0161ter.<\/li>\n<li>V\u00e1\u0161 pr\u016fvodce op\u011bt za\u010dne s jeho vysv\u011btlen\u00edm a ukazuje \u010dasto nav\u0161t\u011bvovan\u00e1 m\u00edsta tohoto velk\u00e9ho komplexu. Samotn\u00fd komplex obsahuje r\u016fzn\u00e9 chr\u00e1my a budovy. V\u00e1\u0161 pr\u016fvodce bude m\u00edt za \u00fakol uk\u00e1zat v\u0161echny tyto chr\u00e1my a d\u00e1t voln\u00fd \u010das fotografov\u00e1n\u00ed<\/li>\n<li>N\u00e1\u0161 autobus odj\u00ed\u017ed\u00ed zp\u011bt po takov\u00e9 n\u00e1dhern\u00e9 individu\u00e1ln\u00ed cest\u011b do Sohagu<\/li>\n<li>Tento \u201eindividu\u00e1ln\u00ed v\u00fdlet do Abydos-Sohagu z Hurghady\u201c kon\u010d\u00ed p\u0159ibli\u017en\u011b v 22:00<\/li>\n<\/ul>\n<h4>Co je zahrnuto v cen\u011b z\u00e1jezdu<\/h4>\n<ul>\n<li>Vstupenky na n\u00e1v\u0161t\u011bvu chr\u00e1m\u016f<\/li>\n<li>Ob\u011bd<\/li>\n<li>N\u00e1poje<\/li>\n<li>Soukrom\u00fd pr\u016fvodce<\/li>\n<li>Tak\u00e9, Soukrom\u00e9 vozidlo do Abydos &#8211; Sohag, a zp\u011bt do hotelu<\/li>\n<\/ul>\n<h5>Co nen\u00ed zahrnuto v cen\u011b z\u00e1jezdu<\/h5>\n<ul>\n<li>Dal\u0161\u00ed programy exkurze, kter\u00e9 nejsou sou\u010d\u00e1st\u00ed v\u00fd\u0161e uveden\u00e9ho programu<\/li>\n<\/ul>\n<h6>CO SE S V\u00c1MI UZAV\u00cdR\u00c1 NA V\u00ddLET<\/h6>\n<ul>\n<li>Sn\u00eddan\u011b box<\/li>\n<li>Tak\u00e9 oble\u010den\u00ed pro sez\u00f3nu<\/li>\n<\/ul>\n<h6>DNY EXKURZN\u00cd ORGANIZACE<\/h6>\n<ul>\n<li>Denn\u011b od 04: 00-22: 00<\/li>\n<\/ul>\n","protected":false},"excerpt":{"rendered":"<p>Za\u017eijte z\u00e1zraky Abydosu a Sohagu na nezapomenuteln\u00e9 cest\u011b z Hurghady. B\u011bhem tohoto dobrodru\u017estv\u00ed nav\u0161t\u00edv\u00edte fascinuj\u00edc\u00ed chr\u00e1my Abydos a vychutn\u00e1te si delik\u00e1tn\u00ed ob\u011bd. Pot\u00e9 se vyd\u00e1te do Sohagu, abyste prozkoumali \u010cerven\u00fd a B\u00edl\u00fd kl\u00e1\u0161ter. V\u0161echny tyto neuv\u011b\u0159iteln\u00e9 pam\u00e1tky jsou zahrnuty v cen\u011b spolu s transfery, vstupenkami a ob\u011bdem. Nenechte si uj\u00edt p\u0159\u00edle\u017eitost vydat se na soukrom\u00fd, mimo\u0159\u00e1dn\u00fd jednodenn\u00ed v\u00fdlet do Abydosu z Hurghady, dopln\u011bn\u00fd soukrom\u00fdm klimatizovan\u00fdm vozidlem a znal\u00fdm egyptologick\u00fdm pr\u016fvodcem.<\/p>\n<p>Odpo\u010di\u0148te si od pl\u00e1\u017ee a za\u017eijte luxusn\u00ed cestu do chr\u00e1m\u016f Dendera a Abydos na soukrom\u00e9m jednodenn\u00edm v\u00fdletu. S va\u0161\u00edm osobn\u00edm egyptologick\u00fdm pr\u016fvodcem po va\u0161em boku zah\u00e1j\u00edte svou cestu do Qeny a uraz\u00edte 60 km pod\u00e9l pob\u0159e\u017e\u00ed Rud\u00e9ho mo\u0159e do Safagy, dal\u0161\u00edho m\u011bsta po Hurghad\u011b. Pot\u00e9 pojedete 160 km v\u00fdchodn\u00ed pou\u0161t\u00ed Egypta do \u00fadol\u00ed Nilu. Po hodin\u011b a p\u016fl od vyzvednut\u00ed se zastav\u00edte v kav\u00e1rn\u011b na sn\u00eddani a k\u00e1vu a pou\u017eijete toalety.<\/p>\n<p>Objevte v\u00fdznam chr\u00e1mu Abydos, jednoho z nejd\u016fle\u017eit\u011bj\u0161\u00edch n\u00e1bo\u017eensk\u00fdch center v Egypt\u011b. Tato nekropole, kter\u00e1 se nach\u00e1z\u00ed asi 9 mil (15 km) ji\u017en\u011b od modern\u00edho m\u011bsta Balyana, byla m\u00edstem uct\u00edv\u00e1n\u00ed Osirise, boha smrti a vegetace, poch\u00e1zej\u00edc\u00ed z dob Star\u00e9 \u0159\u00ed\u0161e. Chr\u00e1m Sety I. se svou jedine\u010dnou architekturou a vysoce kvalitn\u00edmi reli\u00e9fy zauj\u00edm\u00e1 p\u0159edn\u00ed postaven\u00ed v n\u00e1bo\u017eensk\u00fdch stavb\u00e1ch Nov\u00e9 \u0159\u00ed\u0161e. P\u0159ipravte se na nezapomenuteln\u00e9 dobrodru\u017estv\u00ed a za\u017eijte kouzlo Abydosu a Sohagu.<\/p>\n","protected":false},"featured_media":99401,"comment_status":"open","ping_status":"closed","template":"","meta":{"_coblocks_attr":"","_coblocks_dimensions":"","_coblocks_responsive_height":"","_coblocks_accordion_ie_support":"","_uag_custom_page_level_css":"","jetpack_publicize_message":"","jetpack_publicize_feature_enabled":true,"jetpack_social_post_already_shared":true,"jetpack_social_options":{"image_generator_settings":{"template":"highway","default_image_id":0,"font":"","enabled":false},"version":2},"_wpas_customize_per_network":false},"product_brand":[],"product_cat":[16315,16311],"product_tag":[16348,16366,16338,16341],"class_list":{"0":"post-18230","1":"product","2":"type-product","3":"status-publish","4":"has-post-thumbnail","6":"product_cat-historicke-exkurze-hurghada","7":"product_cat-individualni-vylety-hurghada","8":"product_tag-hurghada-cs","9":"product_tag-prohlidka-pamatek","10":"product_tag-vylet","11":"product_tag-vylety-z-hurghady","13":"first","14":"instock","15":"sale","16":"taxable","17":"shipping-taxable","18":"purchasable","19":"product-type-variable"},"yoast_head":"<!-- This site is optimized with the Yoast SEO Premium plugin v26.9 (Yoast SEO v27.5) - https:\/\/yoast.com\/product\/yoast-seo-premium-wordpress\/ -->\n<title>Individu\u00e1ln\u00ed v\u00fdlet do Abydosu - Sohag z Hurghady<\/title>\n<meta name=\"description\" content=\"Individu\u00e1ln\u00ed v\u00fdlet do Abydosu - Sohag z Hurghady proto\u017ee umo\u017e\u0148uje turist\u016fm vid\u011bt velk\u00e9 mno\u017estv\u00ed atrakc\u00ed ve dvou m\u011bstech _ Abydos a Sohag. Tyto pam\u00e1tky byly\" \/>\n<meta name=\"robots\" content=\"index, follow, max-snippet:-1, max-image-preview:large, max-video-preview:-1\" \/>\n<link rel=\"canonical\" href=\"https:\/\/landioustravel.com\/cs\/shop\/individualni-vylet-sohag-hurghada\/\" \/>\n<meta property=\"og:locale\" content=\"cs_CZ\" \/>\n<meta property=\"og:type\" content=\"article\" \/>\n<meta property=\"og:title\" content=\"Individu\u00e1ln\u00ed v\u00fdlet do Abydosu - Sohag z Hurghady\" \/>\n<meta property=\"og:description\" content=\"Landious Travel\" \/>\n<meta property=\"og:url\" content=\"https:\/\/landioustravel.com\/cs\/shop\/individualni-vylet-sohag-hurghada\/\" \/>\n<meta property=\"og:site_name\" content=\"Landious Travel\" \/>\n<meta property=\"article:publisher\" content=\"https:\/\/web.facebook.com\/landiousEgypt\" \/>\n<meta property=\"article:modified_time\" content=\"2026-04-06T17:13:33+00:00\" \/>\n<meta property=\"og:image\" content=\"https:\/\/i0.wp.com\/landioustravel.com\/wp-content\/uploads\/2022\/05\/Temple-of-Seti-I-Abydos-e1651811713381.jpg?fit=1200%2C675&ssl=1\" \/>\n\t<meta property=\"og:image:width\" content=\"1200\" \/>\n\t<meta property=\"og:image:height\" content=\"675\" \/>\n\t<meta property=\"og:image:type\" content=\"image\/jpeg\" \/>\n<meta name=\"twitter:card\" content=\"summary_large_image\" \/>\n<meta name=\"twitter:site\" content=\"@LandiousTours\" \/>\n<meta name=\"twitter:label1\" content=\"Odhadovan\u00e1 doba \u010dten\u00ed\" \/>\n\t<meta name=\"twitter:data1\" content=\"2 minuty\" \/>\n<script type=\"application\/ld+json\" class=\"yoast-schema-graph\">{\"@context\":\"https:\\\/\\\/schema.org\",\"@graph\":[{\"@type\":\"WebPage\",\"@id\":\"https:\\\/\\\/landioustravel.com\\\/cs\\\/shop\\\/individualni-vylet-sohag-hurghada\\\/\",\"url\":\"https:\\\/\\\/landioustravel.com\\\/cs\\\/shop\\\/individualni-vylet-sohag-hurghada\\\/\",\"name\":\"Individu\u00e1ln\u00ed v\u00fdlet do Abydosu - Sohag z Hurghady\",\"isPartOf\":{\"@id\":\"https:\\\/\\\/landioustravel.com\\\/cs\\\/#website\"},\"primaryImageOfPage\":{\"@id\":\"https:\\\/\\\/landioustravel.com\\\/cs\\\/shop\\\/individualni-vylet-sohag-hurghada\\\/#primaryimage\"},\"image\":{\"@id\":\"https:\\\/\\\/landioustravel.com\\\/cs\\\/shop\\\/individualni-vylet-sohag-hurghada\\\/#primaryimage\"},\"thumbnailUrl\":\"https:\\\/\\\/i0.wp.com\\\/landioustravel.com\\\/wp-content\\\/uploads\\\/2022\\\/05\\\/Temple-of-Seti-I-Abydos-e1651811713381.jpg?fit=1200%2C675&ssl=1\",\"datePublished\":\"2019-08-29T22:51:25+00:00\",\"dateModified\":\"2026-04-06T17:13:33+00:00\",\"description\":\"Individu\u00e1ln\u00ed v\u00fdlet do Abydosu - Sohag z Hurghady proto\u017ee umo\u017e\u0148uje turist\u016fm vid\u011bt velk\u00e9 mno\u017estv\u00ed atrakc\u00ed ve dvou m\u011bstech _ Abydos a Sohag. Tyto pam\u00e1tky byly\",\"breadcrumb\":{\"@id\":\"https:\\\/\\\/landioustravel.com\\\/cs\\\/shop\\\/individualni-vylet-sohag-hurghada\\\/#breadcrumb\"},\"inLanguage\":\"cs\",\"potentialAction\":[{\"@type\":\"ReadAction\",\"target\":[\"https:\\\/\\\/landioustravel.com\\\/cs\\\/shop\\\/individualni-vylet-sohag-hurghada\\\/\"]}]},{\"@type\":\"ImageObject\",\"inLanguage\":\"cs\",\"@id\":\"https:\\\/\\\/landioustravel.com\\\/cs\\\/shop\\\/individualni-vylet-sohag-hurghada\\\/#primaryimage\",\"url\":\"https:\\\/\\\/i0.wp.com\\\/landioustravel.com\\\/wp-content\\\/uploads\\\/2022\\\/05\\\/Temple-of-Seti-I-Abydos-e1651811713381.jpg?fit=1200%2C675&ssl=1\",\"contentUrl\":\"https:\\\/\\\/i0.wp.com\\\/landioustravel.com\\\/wp-content\\\/uploads\\\/2022\\\/05\\\/Temple-of-Seti-I-Abydos-e1651811713381.jpg?fit=1200%2C675&ssl=1\",\"width\":1200,\"height\":675,\"caption\":\"Temple of Seti I at Abydos\"},{\"@type\":\"BreadcrumbList\",\"@id\":\"https:\\\/\\\/landioustravel.com\\\/cs\\\/shop\\\/individualni-vylet-sohag-hurghada\\\/#breadcrumb\",\"itemListElement\":[{\"@type\":\"ListItem\",\"position\":1,\"name\":\"Home\",\"item\":\"https:\\\/\\\/landioustravel.com\\\/cs\\\/\"},{\"@type\":\"ListItem\",\"position\":2,\"name\":\"Slu\u017eby a v\u00fdlety\",\"item\":\"https:\\\/\\\/landioustravel.com\\\/cs\\\/\"},{\"@type\":\"ListItem\",\"position\":3,\"name\":\"Individu\u00e1ln\u00ed v\u00fdlet do Abydosu &#8211; Sohag z Hurghady\"}]},{\"@type\":\"WebSite\",\"@id\":\"https:\\\/\\\/landioustravel.com\\\/cs\\\/#website\",\"url\":\"https:\\\/\\\/landioustravel.com\\\/cs\\\/\",\"name\":\"Landious Travel\",\"description\":\"Excursions, trips and cruises in Egypt\",\"publisher\":{\"@id\":\"https:\\\/\\\/landioustravel.com\\\/cs\\\/#organization\"},\"potentialAction\":[{\"@type\":\"SearchAction\",\"target\":{\"@type\":\"EntryPoint\",\"urlTemplate\":\"https:\\\/\\\/landioustravel.com\\\/cs\\\/?s={search_term_string}\"},\"query-input\":{\"@type\":\"PropertyValueSpecification\",\"valueRequired\":true,\"valueName\":\"search_term_string\"}}],\"inLanguage\":\"cs\"},{\"@type\":[\"Organization\",\"Place\"],\"@id\":\"https:\\\/\\\/landioustravel.com\\\/cs\\\/#organization\",\"name\":\"Landious Travel\",\"alternateName\":\"Landious Travel\",\"url\":\"https:\\\/\\\/landioustravel.com\\\/cs\\\/\",\"logo\":{\"@id\":\"https:\\\/\\\/landioustravel.com\\\/cs\\\/shop\\\/individualni-vylet-sohag-hurghada\\\/#local-main-organization-logo\"},\"image\":{\"@id\":\"https:\\\/\\\/landioustravel.com\\\/cs\\\/shop\\\/individualni-vylet-sohag-hurghada\\\/#local-main-organization-logo\"},\"sameAs\":[\"https:\\\/\\\/web.facebook.com\\\/landiousEgypt\",\"https:\\\/\\\/x.com\\\/LandiousTours\",\"https:\\\/\\\/mastodon.social\\\/@landious\"],\"legalName\":\"Landious Travel\",\"telephone\":[],\"openingHoursSpecification\":[{\"@type\":\"OpeningHoursSpecification\",\"dayOfWeek\":[\"Monday\",\"Tuesday\",\"Wednesday\",\"Thursday\",\"Friday\",\"Saturday\",\"Sunday\"],\"opens\":\"09:00\",\"closes\":\"17:00\"}]},{\"@type\":\"ImageObject\",\"inLanguage\":\"cs\",\"@id\":\"https:\\\/\\\/landioustravel.com\\\/cs\\\/shop\\\/individualni-vylet-sohag-hurghada\\\/#local-main-organization-logo\",\"url\":\"https:\\\/\\\/i0.wp.com\\\/landioustravel.com\\\/wp-content\\\/uploads\\\/2021\\\/06\\\/Landious-T.png?fit=500%2C500&ssl=1\",\"contentUrl\":\"https:\\\/\\\/i0.wp.com\\\/landioustravel.com\\\/wp-content\\\/uploads\\\/2021\\\/06\\\/Landious-T.png?fit=500%2C500&ssl=1\",\"width\":500,\"height\":500,\"caption\":\"Landious Travel\"}]}<\/script>\n<!-- \/ Yoast SEO Premium plugin. -->","yoast_head_json":{"title":"Individu\u00e1ln\u00ed v\u00fdlet do Abydosu - Sohag z Hurghady","description":"Individu\u00e1ln\u00ed v\u00fdlet do Abydosu - Sohag z Hurghady proto\u017ee umo\u017e\u0148uje turist\u016fm vid\u011bt velk\u00e9 mno\u017estv\u00ed atrakc\u00ed ve dvou m\u011bstech _ Abydos a Sohag. Tyto pam\u00e1tky byly","robots":{"index":"index","follow":"follow","max-snippet":"max-snippet:-1","max-image-preview":"max-image-preview:large","max-video-preview":"max-video-preview:-1"},"canonical":"https:\/\/landioustravel.com\/cs\/shop\/individualni-vylet-sohag-hurghada\/","og_locale":"cs_CZ","og_type":"article","og_title":"Individu\u00e1ln\u00ed v\u00fdlet do Abydosu - Sohag z Hurghady","og_description":"Landious Travel","og_url":"https:\/\/landioustravel.com\/cs\/shop\/individualni-vylet-sohag-hurghada\/","og_site_name":"Landious Travel","article_publisher":"https:\/\/web.facebook.com\/landiousEgypt","article_modified_time":"2026-04-06T17:13:33+00:00","og_image":[{"width":1200,"height":675,"url":"https:\/\/i0.wp.com\/landioustravel.com\/wp-content\/uploads\/2022\/05\/Temple-of-Seti-I-Abydos-e1651811713381.jpg?fit=1200%2C675&ssl=1","type":"image\/jpeg"}],"twitter_card":"summary_large_image","twitter_site":"@LandiousTours","twitter_misc":{"Odhadovan\u00e1 doba \u010dten\u00ed":"2 minuty"},"schema":{"@context":"https:\/\/schema.org","@graph":[{"@type":"WebPage","@id":"https:\/\/landioustravel.com\/cs\/shop\/individualni-vylet-sohag-hurghada\/","url":"https:\/\/landioustravel.com\/cs\/shop\/individualni-vylet-sohag-hurghada\/","name":"Individu\u00e1ln\u00ed v\u00fdlet do Abydosu - Sohag z Hurghady","isPartOf":{"@id":"https:\/\/landioustravel.com\/cs\/#website"},"primaryImageOfPage":{"@id":"https:\/\/landioustravel.com\/cs\/shop\/individualni-vylet-sohag-hurghada\/#primaryimage"},"image":{"@id":"https:\/\/landioustravel.com\/cs\/shop\/individualni-vylet-sohag-hurghada\/#primaryimage"},"thumbnailUrl":"https:\/\/i0.wp.com\/landioustravel.com\/wp-content\/uploads\/2022\/05\/Temple-of-Seti-I-Abydos-e1651811713381.jpg?fit=1200%2C675&ssl=1","datePublished":"2019-08-29T22:51:25+00:00","dateModified":"2026-04-06T17:13:33+00:00","description":"Individu\u00e1ln\u00ed v\u00fdlet do Abydosu - Sohag z Hurghady proto\u017ee umo\u017e\u0148uje turist\u016fm vid\u011bt velk\u00e9 mno\u017estv\u00ed atrakc\u00ed ve dvou m\u011bstech _ Abydos a Sohag. Tyto pam\u00e1tky byly","breadcrumb":{"@id":"https:\/\/landioustravel.com\/cs\/shop\/individualni-vylet-sohag-hurghada\/#breadcrumb"},"inLanguage":"cs","potentialAction":[{"@type":"ReadAction","target":["https:\/\/landioustravel.com\/cs\/shop\/individualni-vylet-sohag-hurghada\/"]}]},{"@type":"ImageObject","inLanguage":"cs","@id":"https:\/\/landioustravel.com\/cs\/shop\/individualni-vylet-sohag-hurghada\/#primaryimage","url":"https:\/\/i0.wp.com\/landioustravel.com\/wp-content\/uploads\/2022\/05\/Temple-of-Seti-I-Abydos-e1651811713381.jpg?fit=1200%2C675&ssl=1","contentUrl":"https:\/\/i0.wp.com\/landioustravel.com\/wp-content\/uploads\/2022\/05\/Temple-of-Seti-I-Abydos-e1651811713381.jpg?fit=1200%2C675&ssl=1","width":1200,"height":675,"caption":"Temple of Seti I at Abydos"},{"@type":"BreadcrumbList","@id":"https:\/\/landioustravel.com\/cs\/shop\/individualni-vylet-sohag-hurghada\/#breadcrumb","itemListElement":[{"@type":"ListItem","position":1,"name":"Home","item":"https:\/\/landioustravel.com\/cs\/"},{"@type":"ListItem","position":2,"name":"Slu\u017eby a v\u00fdlety","item":"https:\/\/landioustravel.com\/cs\/"},{"@type":"ListItem","position":3,"name":"Individu\u00e1ln\u00ed v\u00fdlet do Abydosu &#8211; Sohag z Hurghady"}]},{"@type":"WebSite","@id":"https:\/\/landioustravel.com\/cs\/#website","url":"https:\/\/landioustravel.com\/cs\/","name":"Landious Travel","description":"Excursions, trips and cruises in Egypt","publisher":{"@id":"https:\/\/landioustravel.com\/cs\/#organization"},"potentialAction":[{"@type":"SearchAction","target":{"@type":"EntryPoint","urlTemplate":"https:\/\/landioustravel.com\/cs\/?s={search_term_string}"},"query-input":{"@type":"PropertyValueSpecification","valueRequired":true,"valueName":"search_term_string"}}],"inLanguage":"cs"},{"@type":["Organization","Place"],"@id":"https:\/\/landioustravel.com\/cs\/#organization","name":"Landious Travel","alternateName":"Landious Travel","url":"https:\/\/landioustravel.com\/cs\/","logo":{"@id":"https:\/\/landioustravel.com\/cs\/shop\/individualni-vylet-sohag-hurghada\/#local-main-organization-logo"},"image":{"@id":"https:\/\/landioustravel.com\/cs\/shop\/individualni-vylet-sohag-hurghada\/#local-main-organization-logo"},"sameAs":["https:\/\/web.facebook.com\/landiousEgypt","https:\/\/x.com\/LandiousTours","https:\/\/mastodon.social\/@landious"],"legalName":"Landious Travel","telephone":[],"openingHoursSpecification":[{"@type":"OpeningHoursSpecification","dayOfWeek":["Monday","Tuesday","Wednesday","Thursday","Friday","Saturday","Sunday"],"opens":"09:00","closes":"17:00"}]},{"@type":"ImageObject","inLanguage":"cs","@id":"https:\/\/landioustravel.com\/cs\/shop\/individualni-vylet-sohag-hurghada\/#local-main-organization-logo","url":"https:\/\/i0.wp.com\/landioustravel.com\/wp-content\/uploads\/2021\/06\/Landious-T.png?fit=500%2C500&ssl=1","contentUrl":"https:\/\/i0.wp.com\/landioustravel.com\/wp-content\/uploads\/2021\/06\/Landious-T.png?fit=500%2C500&ssl=1","width":500,"height":500,"caption":"Landious Travel"}]}},"jetpack_publicize_connections":[],"uagb_featured_image_src":{"full":["https:\/\/i0.wp.com\/landioustravel.com\/wp-content\/uploads\/2022\/05\/Temple-of-Seti-I-Abydos-e1651811713381.jpg?fit=1200%2C675&ssl=1",1200,675,false],"thumbnail":["https:\/\/i0.wp.com\/landioustravel.com\/wp-content\/uploads\/2022\/05\/Temple-of-Seti-I-Abydos-e1651811713381.jpg?resize=150%2C150&ssl=1",150,150,true],"medium":["https:\/\/i0.wp.com\/landioustravel.com\/wp-content\/uploads\/2022\/05\/Temple-of-Seti-I-Abydos-e1651811713381.jpg?fit=300%2C169&ssl=1",300,169,true],"medium_large":["https:\/\/i0.wp.com\/landioustravel.com\/wp-content\/uploads\/2022\/05\/Temple-of-Seti-I-Abydos-e1651811713381.jpg?fit=768%2C432&ssl=1",768,432,true],"large":["https:\/\/i0.wp.com\/landioustravel.com\/wp-content\/uploads\/2022\/05\/Temple-of-Seti-I-Abydos-e1651811713381.jpg?fit=980%2C551&ssl=1",980,551,true],"1536x1536":["https:\/\/i0.wp.com\/landioustravel.com\/wp-content\/uploads\/2022\/05\/Temple-of-Seti-I-Abydos-e1651811713381.jpg?fit=1200%2C675&ssl=1",1200,675,true],"2048x2048":["https:\/\/i0.wp.com\/landioustravel.com\/wp-content\/uploads\/2022\/05\/Temple-of-Seti-I-Abydos-e1651811713381.jpg?fit=1200%2C675&ssl=1",1200,675,true],"newspack-article-block-landscape-large":["https:\/\/i0.wp.com\/landioustravel.com\/wp-content\/uploads\/2022\/05\/Temple-of-Seti-I-Abydos-e1651811713381.jpg?resize=1200%2C675&ssl=1",1200,675,true],"newspack-article-block-portrait-large":["https:\/\/i0.wp.com\/landioustravel.com\/wp-content\/uploads\/2022\/05\/Temple-of-Seti-I-Abydos-e1651811713381.jpg?resize=900%2C675&ssl=1",900,675,true],"newspack-article-block-square-large":["https:\/\/i0.wp.com\/landioustravel.com\/wp-content\/uploads\/2022\/05\/Temple-of-Seti-I-Abydos-e1651811713381.jpg?resize=1200%2C675&ssl=1",1200,675,true],"newspack-article-block-landscape-medium":["https:\/\/i0.wp.com\/landioustravel.com\/wp-content\/uploads\/2022\/05\/Temple-of-Seti-I-Abydos-e1651811713381.jpg?resize=800%2C600&ssl=1",800,600,true],"newspack-article-block-portrait-medium":["https:\/\/i0.wp.com\/landioustravel.com\/wp-content\/uploads\/2022\/05\/Temple-of-Seti-I-Abydos-e1651811713381.jpg?resize=600%2C675&ssl=1",600,675,true],"newspack-article-block-square-medium":["https:\/\/i0.wp.com\/landioustravel.com\/wp-content\/uploads\/2022\/05\/Temple-of-Seti-I-Abydos-e1651811713381.jpg?resize=800%2C675&ssl=1",800,675,true],"newspack-article-block-landscape-intermediate":["https:\/\/i0.wp.com\/landioustravel.com\/wp-content\/uploads\/2022\/05\/Temple-of-Seti-I-Abydos-e1651811713381.jpg?resize=600%2C450&ssl=1",600,450,true],"newspack-article-block-portrait-intermediate":["https:\/\/i0.wp.com\/landioustravel.com\/wp-content\/uploads\/2022\/05\/Temple-of-Seti-I-Abydos-e1651811713381.jpg?resize=450%2C600&ssl=1",450,600,true],"newspack-article-block-square-intermediate":["https:\/\/i0.wp.com\/landioustravel.com\/wp-content\/uploads\/2022\/05\/Temple-of-Seti-I-Abydos-e1651811713381.jpg?resize=600%2C600&ssl=1",600,600,true],"newspack-article-block-landscape-small":["https:\/\/i0.wp.com\/landioustravel.com\/wp-content\/uploads\/2022\/05\/Temple-of-Seti-I-Abydos-e1651811713381.jpg?resize=400%2C300&ssl=1",400,300,true],"newspack-article-block-portrait-small":["https:\/\/i0.wp.com\/landioustravel.com\/wp-content\/uploads\/2022\/05\/Temple-of-Seti-I-Abydos-e1651811713381.jpg?resize=300%2C400&ssl=1",300,400,true],"newspack-article-block-square-small":["https:\/\/i0.wp.com\/landioustravel.com\/wp-content\/uploads\/2022\/05\/Temple-of-Seti-I-Abydos-e1651811713381.jpg?resize=400%2C400&ssl=1",400,400,true],"newspack-article-block-landscape-tiny":["https:\/\/i0.wp.com\/landioustravel.com\/wp-content\/uploads\/2022\/05\/Temple-of-Seti-I-Abydos-e1651811713381.jpg?resize=200%2C150&ssl=1",200,150,true],"newspack-article-block-portrait-tiny":["https:\/\/i0.wp.com\/landioustravel.com\/wp-content\/uploads\/2022\/05\/Temple-of-Seti-I-Abydos-e1651811713381.jpg?resize=150%2C200&ssl=1",150,200,true],"newspack-article-block-square-tiny":["https:\/\/i0.wp.com\/landioustravel.com\/wp-content\/uploads\/2022\/05\/Temple-of-Seti-I-Abydos-e1651811713381.jpg?resize=200%2C200&ssl=1",200,200,true],"newspack-article-block-uncropped":["https:\/\/i0.wp.com\/landioustravel.com\/wp-content\/uploads\/2022\/05\/Temple-of-Seti-I-Abydos-e1651811713381.jpg?fit=1200%2C675&ssl=1",1200,675,true],"woocommerce_thumbnail":["https:\/\/i0.wp.com\/landioustravel.com\/wp-content\/uploads\/2022\/05\/Temple-of-Seti-I-Abydos-e1651811713381.jpg?resize=324%2C324&ssl=1",324,324,true],"woocommerce_single":["https:\/\/i0.wp.com\/landioustravel.com\/wp-content\/uploads\/2022\/05\/Temple-of-Seti-I-Abydos-e1651811713381.jpg?fit=416%2C234&ssl=1",416,234,true],"woocommerce_gallery_thumbnail":["https:\/\/i0.wp.com\/landioustravel.com\/wp-content\/uploads\/2022\/05\/Temple-of-Seti-I-Abydos-e1651811713381.jpg?resize=100%2C100&ssl=1",100,100,true]},"uagb_author_info":{"display_name":"Mofreh Landious","author_link":"https:\/\/landioustravel.com\/cs\/author\/"},"uagb_comment_info":4,"uagb_excerpt":"Za\u017eijte z\u00e1zraky Abydosu a Sohagu na nezapomenuteln\u00e9 cest\u011b z Hurghady. B\u011bhem tohoto dobrodru\u017estv\u00ed nav\u0161t\u00edv\u00edte fascinuj\u00edc\u00ed chr\u00e1my Abydos a vychutn\u00e1te si delik\u00e1tn\u00ed ob\u011bd. Pot\u00e9 se vyd\u00e1te do Sohagu, abyste prozkoumali \u010cerven\u00fd a B\u00edl\u00fd kl\u00e1\u0161ter. V\u0161echny tyto neuv\u011b\u0159iteln\u00e9 pam\u00e1tky jsou zahrnuty v cen\u011b spolu s transfery, vstupenkami a ob\u011bdem. Nenechte si uj\u00edt p\u0159\u00edle\u017eitost vydat se na soukrom\u00fd,&hellip;","jetpack_sharing_enabled":true,"jetpack_likes_enabled":true,"amp_enabled":true,"_links":{"self":[{"href":"https:\/\/landioustravel.com\/cs\/wp-json\/wp\/v2\/product\/18230","targetHints":{"allow":["GET"]}}],"collection":[{"href":"https:\/\/landioustravel.com\/cs\/wp-json\/wp\/v2\/product"}],"about":[{"href":"https:\/\/landioustravel.com\/cs\/wp-json\/wp\/v2\/types\/product"}],"replies":[{"embeddable":true,"href":"https:\/\/landioustravel.com\/cs\/wp-json\/wp\/v2\/comments?post=18230"}],"wp:featuredmedia":[{"embeddable":true,"href":"https:\/\/landioustravel.com\/cs\/wp-json\/wp\/v2\/media\/99401"}],"wp:attachment":[{"href":"https:\/\/landioustravel.com\/cs\/wp-json\/wp\/v2\/media?parent=18230"}],"wp:term":[{"taxonomy":"product_brand","embeddable":true,"href":"https:\/\/landioustravel.com\/cs\/wp-json\/wp\/v2\/product_brand?post=18230"},{"taxonomy":"product_cat","embeddable":true,"href":"https:\/\/landioustravel.com\/cs\/wp-json\/wp\/v2\/product_cat?post=18230"},{"taxonomy":"product_tag","embeddable":true,"href":"https:\/\/landioustravel.com\/cs\/wp-json\/wp\/v2\/product_tag?post=18230"}],"curies":[{"name":"wp","href":"https:\/\/api.w.org\/{rel}","templated":true}]}}