{"id":18257,"date":"2019-04-07T04:10:56","date_gmt":"2019-08-30T00:54:14","guid":{"rendered":"https:\/\/landioustravel.com\/?post_type=product&#038;p=18257"},"modified":"2024-09-27T19:36:39","modified_gmt":"2024-09-27T16:36:39","slug":"individualni-vylet-abydos-hurghada","status":"publish","type":"product","link":"https:\/\/landioustravel.com\/cs\/shop\/individualni-vylet-abydos-hurghada\/","title":{"rendered":"Individu\u00e1ln\u00ed v\u00fdlet do Abydosu &#8211; Dendera z Hurghady"},"content":{"rendered":"<p>Zaj\u00edmav\u00fd individu\u00e1ln\u00ed v\u00fdlet do Abydosu &#8211; Dendera z Hurghady, guvern\u00e9r Rud\u00e9ho mo\u0159e! Doporu\u010dujeme v\u00fdlet, proto\u017ee umo\u017e\u0148uje turist\u016fm vid\u011bt velk\u00e9 mno\u017estv\u00ed atrakc\u00ed ve dvou m\u011bstech _ Dendera a Sohag. Tyto pam\u00e1tky byly postaveny b\u011bhem dvou r\u016fzn\u00fdch obdob\u00ed egyptsk\u00e9 historie &#8211; starov\u011bk\u00e9ho Egypta a \u0158\u00edmsk\u00e9 \u0159\u00ed\u0161e. Umo\u017e\u0148uje z\u00edskat velkou \u010d\u00e1st radosti a dozv\u011bd\u011bt se v\u00edce o historii zem\u011b.<\/p>\n<h2>Hlavn\u00ed body programu exkurze do Abydos-Dendera<\/h2>\n<ul>\n<li>N\u00e1v\u0161t\u011bva chr\u00e1m\u016f Abydos<\/li>\n<li>Ob\u011bd<\/li>\n<li>Tak\u00e9 chr\u00e1m bohyn\u011b Hathor v Dendera<\/li>\n<\/ul>\n<h3>Program individu\u00e1ln\u00ed cesty do Dendera-Abydos z Hurghady<\/h3>\n<ul>\n<li>Z hotelu vyb\u00edr\u00e1me kolem 04:00 r\u00e1no<\/li>\n<li>Po vyzvednut\u00ed v\u00e1s autobus (limuz\u00edna nebo minibus) jede sm\u011brem k m\u011bstu Qena kolem m\u011bsta Safaga. St\u0159edisko Safaga se nach\u00e1z\u00ed 45 km ji\u017en\u011b od Hurghady na pob\u0159e\u017e\u00ed Rud\u00e9ho mo\u0159e; zat\u00edmco m\u011bsto Qena se nach\u00e1z\u00ed ve vzd\u00e1lenosti 220 km v \u00fadol\u00ed Nilu. Cesta z centra Hurghady do Qeny trv\u00e1 asi 3 hodiny. Z Qeny jedete d\u00e1le na sever k guvern\u00e9ru Sohag, abyste dostali vesnici Abydos. Z\u00edsk\u00e1n\u00ed Abydos trv\u00e1 asi hodinu.<\/li>\n<\/ul>\n<h4>Program v Abydosu<\/h4>\n<ul>\n<li>Jakmile doraz\u00edte do guvern\u00e9ra Sohagu, p\u0159esn\u011bji do Abydosu, zah\u00e1j\u00edte program v\u00fdlet\u016f v chr\u00e1mu Osiris. Jedn\u00e1 se o komplex chr\u00e1m\u016f a budov. V chr\u00e1mu za\u010d\u00edn\u00e1 vysv\u011btlen\u00ed va\u0161eho pr\u016fvodce a pot\u00e9 ukazuje \u010dasto nav\u0161t\u011bvovan\u00e1 m\u00edsta tohoto velk\u00e9ho komplexu. Samotn\u00fd komplex obsahuje r\u016fzn\u00e9 chr\u00e1my a budovy. V\u00e1\u0161 pr\u016fvodce bude m\u00edt za \u00fakol uk\u00e1zat v\u0161echny tyto chr\u00e1my a d\u00e1t voln\u00fd \u010das fotografov\u00e1n\u00ed<\/li>\n<\/ul>\n<h4>Program v Qen\u011b<\/h4>\n<ul>\n<li>Potom jedete zp\u011bt do Qeny. Prvn\u00ed zast\u00e1vka bude v restauraci.<\/li>\n<li>Po ob\u011bd\u011b dojedete do nedalek\u00e9 vesnice Dendera, kde m\u016f\u017eete nav\u0161t\u00edvit komplex chr\u00e1mu Dendera. V\u00e1\u0161 pr\u016fvodce op\u011bt za\u010dne s jeho vysv\u011btlen\u00edm a ukazuje \u010dasto nav\u0161t\u011bvovan\u00e1 m\u00edsta tohoto velk\u00e9ho komplexu. Samotn\u00fd komplex obsahuje r\u016fzn\u00e9 chr\u00e1my a budovy. V\u00e1\u0161 pr\u016fvodce bude m\u00edt za \u00fakol uk\u00e1zat v\u0161echny tyto chr\u00e1my a d\u00e1t voln\u00fd \u010das fotografov\u00e1n\u00ed<\/li>\n<li>Nakonec se vyd\u00e1te zp\u011bt do Hurghady po tak \u00fa\u017easn\u00e9m v\u00fdletu v Abydosu &#8211; Dendera.<\/li>\n<li>Individu\u00e1ln\u00ed v\u00fdlet do Abydos-Dendera z Hurghady kon\u010d\u00ed p\u0159ibli\u017en\u011b ve 20:00<\/li>\n<\/ul>\n<h4>Co je zahrnuto v cen\u011b v\u00fdletu do Abydosu<\/h4>\n<ul>\n<li>Vstupenky na n\u00e1v\u0161t\u011bvu chr\u00e1m\u016f<\/li>\n<li>Ob\u011bd<\/li>\n<li>N\u00e1poje<\/li>\n<li>Soukrom\u00fd pr\u016fvodce<\/li>\n<li>Tak\u00e9 soukrom\u00e9 vozidlo do Abydos &#8211; Dendera a zp\u011bt do hotelu<\/li>\n<\/ul>\n<h5>Co nen\u00ed zahrnuto v cen\u011b z\u00e1jezdu<\/h5>\n<ul>\n<li>Dal\u0161\u00ed programy exkurze, kter\u00e9 nejsou sou\u010d\u00e1st\u00ed v\u00fd\u0161e uveden\u00e9ho programu<\/li>\n<\/ul>\n<h6>CO SE S V\u00c1MI UD\u011aLAT NA JEDNOTLIVOU V\u00ddLET DO ABYDOSU Z HURGHADY<\/h6>\n<ul>\n<li>Sn\u00eddan\u011b box<\/li>\n<li>Tak\u00e9 oble\u010den\u00ed pro sez\u00f3nu<\/li>\n<\/ul>\n<h6>DNY EXKURZN\u00cd ORGANIZACE<\/h6>\n<ul>\n<li>Denn\u011b od 04: 00-20: 00<\/li>\n<\/ul>\n","protected":false},"excerpt":{"rendered":"<p>Vydejte se na dechberouc\u00ed cestu do Abydos-Dendery z Hurghady a objevte \u00fa\u017easn\u00e9 chr\u00e1my Abydos. P\u0159ipravte se na to, \u017ee budete uneseni kr\u00e1sou chr\u00e1mu, a po n\u00e1v\u0161t\u011bv\u011b si dop\u0159ejte lahodn\u00fd ob\u011bd, ne\u017e se vyd\u00e1te do komplexu Dendera Temple. Prohl\u00eddkov\u00fd bal\u00ed\u010dek zahrnuje v\u0161e od dopravy po vstupenky a ob\u011bd, tak\u017ee se m\u016f\u017eete posadit, relaxovat a u\u017e\u00edt si celodenn\u00ed prohl\u00eddku chr\u00e1m\u016f Dendera a Abydos z Hurghady. Prozkoumejte dechberouc\u00ed chr\u00e1m Hathor, bohyn\u011b l\u00e1sky, hudby a l\u00e9\u010den\u00ed, a pot\u00e9 se p\u0159esu\u0148te do Osirisova chr\u00e1mu v Abydosu, v\u00fdznamn\u00e9ho n\u00e1bo\u017eensk\u00e9ho m\u00edsta pro star\u00e9 Egyp\u0165any. Stejn\u011b jako modern\u00ed muslimov\u00e9 tou\u017e\u00ed dokon\u010dit pou\u0165 do Mekky alespo\u0148 jednou za \u017eivot, sta\u0159\u00ed Egyp\u0165an\u00e9 snili o n\u00e1v\u0161t\u011bv\u011b Abydu, kter\u00fd byl \u00fazce spojen s br\u00e1nou do posmrtn\u00e9ho \u017eivota.<\/p>\n<p>Va\u0161e dobrodru\u017estv\u00ed s Landious Travel za\u010d\u00edn\u00e1 vyzvednut\u00edm z hotelu v Hurghad\u011b v 6:00. Pot\u00e9 se p\u0159esunete do chr\u00e1mu Dendera, kter\u00fd je asi 220 kilometr\u016f od Hurghady, se zast\u00e1vkou v pou\u0161ti. P\u0159ipravte se na to, \u017ee v\u00e1s uchv\u00e1t\u00ed historie chr\u00e1mu, kdy\u017e se k v\u00e1m v 8:30 p\u0159ipoj\u00ed pr\u016fvodce egyptologem v Dende\u0159e. Chr\u00e1m Hathor byl prim\u00e1rn\u011b postaven b\u011bhem pozdn\u00edho Ptolemaiova obdob\u00ed a je po vzoru jin\u00fdch klasick\u00fdch egyptsk\u00fdch chr\u00e1m\u016f. Naraz\u00edte tak\u00e9 na vyobrazen\u00ed ptolemaiovsk\u00fdch vl\u00e1dc\u016f, v\u010detn\u011b legend\u00e1rn\u00ed Kleopatry VII. a jej\u00edho syna od Julia Caesara, Ptolemaia XV.<\/p>\n<p>V 10:30 se p\u0159i j\u00edzd\u011b z chr\u00e1mu Dendera do chr\u00e1mu Abydos p\u0159ipoutejte. Abydos je jedn\u00edm z nejv\u00fdznamn\u011bj\u0161\u00edch archeologick\u00fdch nalezi\u0161\u0165 starov\u011bk\u00e9ho Egypta, jeho\u017e nejpozoruhodn\u011bj\u0161\u00edm prvkem je pam\u011btn\u00ed chr\u00e1m Setiho I. Obsahuje chronologick\u00fd seznam, kter\u00fd ukazuje kartu\u0161e v\u011bt\u0161iny dynastick\u00fdch faraon\u016f Egypta, naz\u00fdvan\u00fd Abydosk\u00fd kr\u00e1lovsk\u00fd seznam. Seti I. byl otcem Ramesse II., kter\u00fd v\u011bt\u0161inu stavby chr\u00e1mu dokon\u010dil po smrti sv\u00e9ho otce. Chr\u00e1m, kter\u00fd postavil, obsahuje mal\u00e9 kaple zasv\u011bcen\u00e9 ka\u017ed\u00e9mu z hlavn\u00edch boh\u016f a je pova\u017eov\u00e1n za jeden z nejlep\u0161\u00edch chr\u00e1m\u016f v cel\u00e9m Egypt\u011b. Abydos byl \u00fazce spojen s branou do posmrtn\u00e9ho \u017eivota a pro star\u00e9 Egyp\u0165any byl v\u00fdznamn\u00fdm n\u00e1bo\u017eensk\u00fdm m\u00edstem. P\u0159ipravte se na b\u00e1je\u010dn\u00fd egyptsk\u00fd ob\u011bd v chr\u00e1mu Abydos ve 14:45.<\/p>\n<p>Po ob\u011bd\u011b je \u010das vr\u00e1tit se z chr\u00e1mu Abydos zp\u011bt do hotelu v Hurghad\u011b, ale ne d\u0159\u00edve, ne\u017e se pono\u0159\u00edte do vzpom\u00ednek na va\u0161i pozoruhodnou samostatnou cestu do Abydos-Dendery.<\/p>\n","protected":false},"featured_media":99497,"comment_status":"open","ping_status":"closed","template":"","meta":{"_coblocks_attr":"","_coblocks_dimensions":"","_coblocks_responsive_height":"","_coblocks_accordion_ie_support":"","_uag_custom_page_level_css":"","jetpack_post_was_ever_published":false,"jetpack_publicize_message":"","jetpack_publicize_feature_enabled":true,"jetpack_social_post_already_shared":true,"jetpack_social_options":{"image_generator_settings":{"template":"highway","default_image_id":0,"font":"","enabled":false},"version":2},"_wpas_customize_per_network":false},"product_brand":[],"product_cat":[16315,16311],"product_tag":[16329,16348,16366,16338,16341],"class_list":{"0":"post-18257","1":"product","2":"type-product","3":"status-publish","4":"has-post-thumbnail","6":"product_cat-historicke-exkurze-hurghada","7":"product_cat-individualni-vylety-hurghada","8":"product_tag-dendera-cs","9":"product_tag-hurghada-cs","10":"product_tag-prohlidka-pamatek","11":"product_tag-vylet","12":"product_tag-vylety-z-hurghady","14":"first","15":"instock","16":"sale","17":"taxable","18":"shipping-taxable","19":"purchasable","20":"product-type-variable"},"yoast_head":"<!-- This site is optimized with the Yoast SEO Premium plugin v26.9 (Yoast SEO v27.3) - https:\/\/yoast.com\/product\/yoast-seo-premium-wordpress\/ -->\n<title>Individu\u00e1ln\u00ed v\u00fdlet do Abydosu - Dendera z Hurghady<\/title>\n<meta name=\"description\" content=\"Individu\u00e1ln\u00ed v\u00fdlet do Abydosu - Dendera z Hurghady guvern\u00e9r Rud\u00e9ho mo\u0159e! Doporu\u010dujeme v\u00fdlet, proto\u017ee umo\u017e\u0148uje turist\u016fm vid\u011bt velk\u00e9 mno\u017estv\u00ed atrakc\u00ed ve dvou\" \/>\n<meta name=\"robots\" content=\"index, follow, max-snippet:-1, max-image-preview:large, max-video-preview:-1\" \/>\n<link rel=\"canonical\" href=\"https:\/\/landioustravel.com\/cs\/shop\/individualni-vylet-abydos-hurghada\/\" \/>\n<meta property=\"og:locale\" content=\"cs_CZ\" \/>\n<meta property=\"og:type\" content=\"article\" \/>\n<meta property=\"og:title\" content=\"Individu\u00e1ln\u00ed v\u00fdlet do Abydosu - Dendera z Hurghady\" \/>\n<meta property=\"og:description\" content=\"Landious Travel\" \/>\n<meta property=\"og:url\" content=\"https:\/\/landioustravel.com\/cs\/shop\/individualni-vylet-abydos-hurghada\/\" \/>\n<meta property=\"og:site_name\" content=\"Landious Travel\" \/>\n<meta property=\"article:publisher\" content=\"https:\/\/web.facebook.com\/landiousEgypt\" \/>\n<meta property=\"article:modified_time\" content=\"2024-09-27T16:36:39+00:00\" \/>\n<meta property=\"og:image\" content=\"https:\/\/i0.wp.com\/landioustravel.com\/wp-content\/uploads\/2022\/07\/Dendera-e1657106168248.jpg?fit=1200%2C675&ssl=1\" \/>\n\t<meta property=\"og:image:width\" content=\"1200\" \/>\n\t<meta property=\"og:image:height\" content=\"675\" \/>\n\t<meta property=\"og:image:type\" content=\"image\/jpeg\" \/>\n<meta name=\"twitter:card\" content=\"summary_large_image\" \/>\n<meta name=\"twitter:site\" content=\"@LandiousTours\" \/>\n<meta name=\"twitter:label1\" content=\"Odhadovan\u00e1 doba \u010dten\u00ed\" \/>\n\t<meta name=\"twitter:data1\" content=\"2 minuty\" \/>\n<script type=\"application\/ld+json\" class=\"yoast-schema-graph\">{\"@context\":\"https:\\\/\\\/schema.org\",\"@graph\":[{\"@type\":\"WebPage\",\"@id\":\"https:\\\/\\\/landioustravel.com\\\/cs\\\/shop\\\/individualni-vylet-abydos-hurghada\\\/\",\"url\":\"https:\\\/\\\/landioustravel.com\\\/cs\\\/shop\\\/individualni-vylet-abydos-hurghada\\\/\",\"name\":\"Individu\u00e1ln\u00ed v\u00fdlet do Abydosu - Dendera z Hurghady\",\"isPartOf\":{\"@id\":\"https:\\\/\\\/landioustravel.com\\\/cs\\\/#website\"},\"primaryImageOfPage\":{\"@id\":\"https:\\\/\\\/landioustravel.com\\\/cs\\\/shop\\\/individualni-vylet-abydos-hurghada\\\/#primaryimage\"},\"image\":{\"@id\":\"https:\\\/\\\/landioustravel.com\\\/cs\\\/shop\\\/individualni-vylet-abydos-hurghada\\\/#primaryimage\"},\"thumbnailUrl\":\"https:\\\/\\\/i0.wp.com\\\/landioustravel.com\\\/wp-content\\\/uploads\\\/2022\\\/07\\\/Dendera-e1657106168248.jpg?fit=1200%2C675&ssl=1\",\"datePublished\":\"2019-08-30T00:54:14+00:00\",\"dateModified\":\"2024-09-27T16:36:39+00:00\",\"description\":\"Individu\u00e1ln\u00ed v\u00fdlet do Abydosu - Dendera z Hurghady guvern\u00e9r Rud\u00e9ho mo\u0159e! Doporu\u010dujeme v\u00fdlet, proto\u017ee umo\u017e\u0148uje turist\u016fm vid\u011bt velk\u00e9 mno\u017estv\u00ed atrakc\u00ed ve dvou\",\"breadcrumb\":{\"@id\":\"https:\\\/\\\/landioustravel.com\\\/cs\\\/shop\\\/individualni-vylet-abydos-hurghada\\\/#breadcrumb\"},\"inLanguage\":\"cs\",\"potentialAction\":[{\"@type\":\"ReadAction\",\"target\":[\"https:\\\/\\\/landioustravel.com\\\/cs\\\/shop\\\/individualni-vylet-abydos-hurghada\\\/\"]}]},{\"@type\":\"ImageObject\",\"inLanguage\":\"cs\",\"@id\":\"https:\\\/\\\/landioustravel.com\\\/cs\\\/shop\\\/individualni-vylet-abydos-hurghada\\\/#primaryimage\",\"url\":\"https:\\\/\\\/i0.wp.com\\\/landioustravel.com\\\/wp-content\\\/uploads\\\/2022\\\/07\\\/Dendera-e1657106168248.jpg?fit=1200%2C675&ssl=1\",\"contentUrl\":\"https:\\\/\\\/i0.wp.com\\\/landioustravel.com\\\/wp-content\\\/uploads\\\/2022\\\/07\\\/Dendera-e1657106168248.jpg?fit=1200%2C675&ssl=1\",\"width\":1200,\"height\":675,\"caption\":\"Dendera\"},{\"@type\":\"BreadcrumbList\",\"@id\":\"https:\\\/\\\/landioustravel.com\\\/cs\\\/shop\\\/individualni-vylet-abydos-hurghada\\\/#breadcrumb\",\"itemListElement\":[{\"@type\":\"ListItem\",\"position\":1,\"name\":\"Home\",\"item\":\"https:\\\/\\\/landioustravel.com\\\/cs\\\/\"},{\"@type\":\"ListItem\",\"position\":2,\"name\":\"Slu\u017eby a v\u00fdlety\",\"item\":\"https:\\\/\\\/landioustravel.com\\\/cs\\\/\"},{\"@type\":\"ListItem\",\"position\":3,\"name\":\"Individu\u00e1ln\u00ed v\u00fdlet do Abydosu &#8211; Dendera z Hurghady\"}]},{\"@type\":\"WebSite\",\"@id\":\"https:\\\/\\\/landioustravel.com\\\/cs\\\/#website\",\"url\":\"https:\\\/\\\/landioustravel.com\\\/cs\\\/\",\"name\":\"Landious Travel\",\"description\":\"Excursions, trips and cruises in Egypt\",\"publisher\":{\"@id\":\"https:\\\/\\\/landioustravel.com\\\/cs\\\/#organization\"},\"potentialAction\":[{\"@type\":\"SearchAction\",\"target\":{\"@type\":\"EntryPoint\",\"urlTemplate\":\"https:\\\/\\\/landioustravel.com\\\/cs\\\/?s={search_term_string}\"},\"query-input\":{\"@type\":\"PropertyValueSpecification\",\"valueRequired\":true,\"valueName\":\"search_term_string\"}}],\"inLanguage\":\"cs\"},{\"@type\":[\"Organization\",\"Place\"],\"@id\":\"https:\\\/\\\/landioustravel.com\\\/cs\\\/#organization\",\"name\":\"Landious Travel\",\"alternateName\":\"Landious Travel\",\"url\":\"https:\\\/\\\/landioustravel.com\\\/cs\\\/\",\"logo\":{\"@id\":\"https:\\\/\\\/landioustravel.com\\\/cs\\\/shop\\\/individualni-vylet-abydos-hurghada\\\/#local-main-organization-logo\"},\"image\":{\"@id\":\"https:\\\/\\\/landioustravel.com\\\/cs\\\/shop\\\/individualni-vylet-abydos-hurghada\\\/#local-main-organization-logo\"},\"sameAs\":[\"https:\\\/\\\/web.facebook.com\\\/landiousEgypt\",\"https:\\\/\\\/x.com\\\/LandiousTours\",\"https:\\\/\\\/mastodon.social\\\/@landious\"],\"legalName\":\"Landious Travel\",\"telephone\":[],\"openingHoursSpecification\":[{\"@type\":\"OpeningHoursSpecification\",\"dayOfWeek\":[\"Monday\",\"Tuesday\",\"Wednesday\",\"Thursday\",\"Friday\",\"Saturday\",\"Sunday\"],\"opens\":\"09:00\",\"closes\":\"17:00\"}]},{\"@type\":\"ImageObject\",\"inLanguage\":\"cs\",\"@id\":\"https:\\\/\\\/landioustravel.com\\\/cs\\\/shop\\\/individualni-vylet-abydos-hurghada\\\/#local-main-organization-logo\",\"url\":\"https:\\\/\\\/i0.wp.com\\\/landioustravel.com\\\/wp-content\\\/uploads\\\/2021\\\/06\\\/Landious-T.png?fit=500%2C500&ssl=1\",\"contentUrl\":\"https:\\\/\\\/i0.wp.com\\\/landioustravel.com\\\/wp-content\\\/uploads\\\/2021\\\/06\\\/Landious-T.png?fit=500%2C500&ssl=1\",\"width\":500,\"height\":500,\"caption\":\"Landious Travel\"}]}<\/script>\n<!-- \/ Yoast SEO Premium plugin. -->","yoast_head_json":{"title":"Individu\u00e1ln\u00ed v\u00fdlet do Abydosu - Dendera z Hurghady","description":"Individu\u00e1ln\u00ed v\u00fdlet do Abydosu - Dendera z Hurghady guvern\u00e9r Rud\u00e9ho mo\u0159e! Doporu\u010dujeme v\u00fdlet, proto\u017ee umo\u017e\u0148uje turist\u016fm vid\u011bt velk\u00e9 mno\u017estv\u00ed atrakc\u00ed ve dvou","robots":{"index":"index","follow":"follow","max-snippet":"max-snippet:-1","max-image-preview":"max-image-preview:large","max-video-preview":"max-video-preview:-1"},"canonical":"https:\/\/landioustravel.com\/cs\/shop\/individualni-vylet-abydos-hurghada\/","og_locale":"cs_CZ","og_type":"article","og_title":"Individu\u00e1ln\u00ed v\u00fdlet do Abydosu - Dendera z Hurghady","og_description":"Landious Travel","og_url":"https:\/\/landioustravel.com\/cs\/shop\/individualni-vylet-abydos-hurghada\/","og_site_name":"Landious Travel","article_publisher":"https:\/\/web.facebook.com\/landiousEgypt","article_modified_time":"2024-09-27T16:36:39+00:00","og_image":[{"width":1200,"height":675,"url":"https:\/\/i0.wp.com\/landioustravel.com\/wp-content\/uploads\/2022\/07\/Dendera-e1657106168248.jpg?fit=1200%2C675&ssl=1","type":"image\/jpeg"}],"twitter_card":"summary_large_image","twitter_site":"@LandiousTours","twitter_misc":{"Odhadovan\u00e1 doba \u010dten\u00ed":"2 minuty"},"schema":{"@context":"https:\/\/schema.org","@graph":[{"@type":"WebPage","@id":"https:\/\/landioustravel.com\/cs\/shop\/individualni-vylet-abydos-hurghada\/","url":"https:\/\/landioustravel.com\/cs\/shop\/individualni-vylet-abydos-hurghada\/","name":"Individu\u00e1ln\u00ed v\u00fdlet do Abydosu - Dendera z Hurghady","isPartOf":{"@id":"https:\/\/landioustravel.com\/cs\/#website"},"primaryImageOfPage":{"@id":"https:\/\/landioustravel.com\/cs\/shop\/individualni-vylet-abydos-hurghada\/#primaryimage"},"image":{"@id":"https:\/\/landioustravel.com\/cs\/shop\/individualni-vylet-abydos-hurghada\/#primaryimage"},"thumbnailUrl":"https:\/\/i0.wp.com\/landioustravel.com\/wp-content\/uploads\/2022\/07\/Dendera-e1657106168248.jpg?fit=1200%2C675&ssl=1","datePublished":"2019-08-30T00:54:14+00:00","dateModified":"2024-09-27T16:36:39+00:00","description":"Individu\u00e1ln\u00ed v\u00fdlet do Abydosu - Dendera z Hurghady guvern\u00e9r Rud\u00e9ho mo\u0159e! Doporu\u010dujeme v\u00fdlet, proto\u017ee umo\u017e\u0148uje turist\u016fm vid\u011bt velk\u00e9 mno\u017estv\u00ed atrakc\u00ed ve dvou","breadcrumb":{"@id":"https:\/\/landioustravel.com\/cs\/shop\/individualni-vylet-abydos-hurghada\/#breadcrumb"},"inLanguage":"cs","potentialAction":[{"@type":"ReadAction","target":["https:\/\/landioustravel.com\/cs\/shop\/individualni-vylet-abydos-hurghada\/"]}]},{"@type":"ImageObject","inLanguage":"cs","@id":"https:\/\/landioustravel.com\/cs\/shop\/individualni-vylet-abydos-hurghada\/#primaryimage","url":"https:\/\/i0.wp.com\/landioustravel.com\/wp-content\/uploads\/2022\/07\/Dendera-e1657106168248.jpg?fit=1200%2C675&ssl=1","contentUrl":"https:\/\/i0.wp.com\/landioustravel.com\/wp-content\/uploads\/2022\/07\/Dendera-e1657106168248.jpg?fit=1200%2C675&ssl=1","width":1200,"height":675,"caption":"Dendera"},{"@type":"BreadcrumbList","@id":"https:\/\/landioustravel.com\/cs\/shop\/individualni-vylet-abydos-hurghada\/#breadcrumb","itemListElement":[{"@type":"ListItem","position":1,"name":"Home","item":"https:\/\/landioustravel.com\/cs\/"},{"@type":"ListItem","position":2,"name":"Slu\u017eby a v\u00fdlety","item":"https:\/\/landioustravel.com\/cs\/"},{"@type":"ListItem","position":3,"name":"Individu\u00e1ln\u00ed v\u00fdlet do Abydosu &#8211; Dendera z Hurghady"}]},{"@type":"WebSite","@id":"https:\/\/landioustravel.com\/cs\/#website","url":"https:\/\/landioustravel.com\/cs\/","name":"Landious Travel","description":"Excursions, trips and cruises in Egypt","publisher":{"@id":"https:\/\/landioustravel.com\/cs\/#organization"},"potentialAction":[{"@type":"SearchAction","target":{"@type":"EntryPoint","urlTemplate":"https:\/\/landioustravel.com\/cs\/?s={search_term_string}"},"query-input":{"@type":"PropertyValueSpecification","valueRequired":true,"valueName":"search_term_string"}}],"inLanguage":"cs"},{"@type":["Organization","Place"],"@id":"https:\/\/landioustravel.com\/cs\/#organization","name":"Landious Travel","alternateName":"Landious Travel","url":"https:\/\/landioustravel.com\/cs\/","logo":{"@id":"https:\/\/landioustravel.com\/cs\/shop\/individualni-vylet-abydos-hurghada\/#local-main-organization-logo"},"image":{"@id":"https:\/\/landioustravel.com\/cs\/shop\/individualni-vylet-abydos-hurghada\/#local-main-organization-logo"},"sameAs":["https:\/\/web.facebook.com\/landiousEgypt","https:\/\/x.com\/LandiousTours","https:\/\/mastodon.social\/@landious"],"legalName":"Landious Travel","telephone":[],"openingHoursSpecification":[{"@type":"OpeningHoursSpecification","dayOfWeek":["Monday","Tuesday","Wednesday","Thursday","Friday","Saturday","Sunday"],"opens":"09:00","closes":"17:00"}]},{"@type":"ImageObject","inLanguage":"cs","@id":"https:\/\/landioustravel.com\/cs\/shop\/individualni-vylet-abydos-hurghada\/#local-main-organization-logo","url":"https:\/\/i0.wp.com\/landioustravel.com\/wp-content\/uploads\/2021\/06\/Landious-T.png?fit=500%2C500&ssl=1","contentUrl":"https:\/\/i0.wp.com\/landioustravel.com\/wp-content\/uploads\/2021\/06\/Landious-T.png?fit=500%2C500&ssl=1","width":500,"height":500,"caption":"Landious Travel"}]}},"jetpack_publicize_connections":[],"uagb_featured_image_src":{"full":["https:\/\/i0.wp.com\/landioustravel.com\/wp-content\/uploads\/2022\/07\/Dendera-e1657106168248.jpg?fit=1200%2C675&ssl=1",1200,675,false],"thumbnail":["https:\/\/i0.wp.com\/landioustravel.com\/wp-content\/uploads\/2022\/07\/Dendera-e1657106168248.jpg?resize=150%2C150&ssl=1",150,150,true],"medium":["https:\/\/i0.wp.com\/landioustravel.com\/wp-content\/uploads\/2022\/07\/Dendera-e1657106168248.jpg?fit=300%2C169&ssl=1",300,169,true],"medium_large":["https:\/\/i0.wp.com\/landioustravel.com\/wp-content\/uploads\/2022\/07\/Dendera-e1657106168248.jpg?fit=768%2C432&ssl=1",768,432,true],"large":["https:\/\/i0.wp.com\/landioustravel.com\/wp-content\/uploads\/2022\/07\/Dendera-e1657106168248.jpg?fit=980%2C551&ssl=1",980,551,true],"1536x1536":["https:\/\/i0.wp.com\/landioustravel.com\/wp-content\/uploads\/2022\/07\/Dendera-e1657106168248.jpg?fit=1200%2C675&ssl=1",1200,675,true],"2048x2048":["https:\/\/i0.wp.com\/landioustravel.com\/wp-content\/uploads\/2022\/07\/Dendera-e1657106168248.jpg?fit=1200%2C675&ssl=1",1200,675,true],"newspack-article-block-landscape-large":["https:\/\/i0.wp.com\/landioustravel.com\/wp-content\/uploads\/2022\/07\/Dendera-e1657106168248.jpg?resize=1200%2C675&ssl=1",1200,675,true],"newspack-article-block-portrait-large":["https:\/\/i0.wp.com\/landioustravel.com\/wp-content\/uploads\/2022\/07\/Dendera-e1657106168248.jpg?resize=900%2C675&ssl=1",900,675,true],"newspack-article-block-square-large":["https:\/\/i0.wp.com\/landioustravel.com\/wp-content\/uploads\/2022\/07\/Dendera-e1657106168248.jpg?resize=1200%2C675&ssl=1",1200,675,true],"newspack-article-block-landscape-medium":["https:\/\/i0.wp.com\/landioustravel.com\/wp-content\/uploads\/2022\/07\/Dendera-e1657106168248.jpg?resize=800%2C600&ssl=1",800,600,true],"newspack-article-block-portrait-medium":["https:\/\/i0.wp.com\/landioustravel.com\/wp-content\/uploads\/2022\/07\/Dendera-e1657106168248.jpg?resize=600%2C675&ssl=1",600,675,true],"newspack-article-block-square-medium":["https:\/\/i0.wp.com\/landioustravel.com\/wp-content\/uploads\/2022\/07\/Dendera-e1657106168248.jpg?resize=800%2C675&ssl=1",800,675,true],"newspack-article-block-landscape-intermediate":["https:\/\/i0.wp.com\/landioustravel.com\/wp-content\/uploads\/2022\/07\/Dendera-e1657106168248.jpg?resize=600%2C450&ssl=1",600,450,true],"newspack-article-block-portrait-intermediate":["https:\/\/i0.wp.com\/landioustravel.com\/wp-content\/uploads\/2022\/07\/Dendera-e1657106168248.jpg?resize=450%2C600&ssl=1",450,600,true],"newspack-article-block-square-intermediate":["https:\/\/i0.wp.com\/landioustravel.com\/wp-content\/uploads\/2022\/07\/Dendera-e1657106168248.jpg?resize=600%2C600&ssl=1",600,600,true],"newspack-article-block-landscape-small":["https:\/\/i0.wp.com\/landioustravel.com\/wp-content\/uploads\/2022\/07\/Dendera-e1657106168248.jpg?resize=400%2C300&ssl=1",400,300,true],"newspack-article-block-portrait-small":["https:\/\/i0.wp.com\/landioustravel.com\/wp-content\/uploads\/2022\/07\/Dendera-e1657106168248.jpg?resize=300%2C400&ssl=1",300,400,true],"newspack-article-block-square-small":["https:\/\/i0.wp.com\/landioustravel.com\/wp-content\/uploads\/2022\/07\/Dendera-e1657106168248.jpg?resize=400%2C400&ssl=1",400,400,true],"newspack-article-block-landscape-tiny":["https:\/\/i0.wp.com\/landioustravel.com\/wp-content\/uploads\/2022\/07\/Dendera-e1657106168248.jpg?resize=200%2C150&ssl=1",200,150,true],"newspack-article-block-portrait-tiny":["https:\/\/i0.wp.com\/landioustravel.com\/wp-content\/uploads\/2022\/07\/Dendera-e1657106168248.jpg?resize=150%2C200&ssl=1",150,200,true],"newspack-article-block-square-tiny":["https:\/\/i0.wp.com\/landioustravel.com\/wp-content\/uploads\/2022\/07\/Dendera-e1657106168248.jpg?resize=200%2C200&ssl=1",200,200,true],"newspack-article-block-uncropped":["https:\/\/i0.wp.com\/landioustravel.com\/wp-content\/uploads\/2022\/07\/Dendera-e1657106168248.jpg?fit=1200%2C675&ssl=1",1200,675,true],"woocommerce_thumbnail":["https:\/\/i0.wp.com\/landioustravel.com\/wp-content\/uploads\/2022\/07\/Dendera-e1657106168248.jpg?resize=324%2C324&ssl=1",324,324,true],"woocommerce_single":["https:\/\/i0.wp.com\/landioustravel.com\/wp-content\/uploads\/2022\/07\/Dendera-e1657106168248.jpg?fit=416%2C234&ssl=1",416,234,true],"woocommerce_gallery_thumbnail":["https:\/\/i0.wp.com\/landioustravel.com\/wp-content\/uploads\/2022\/07\/Dendera-e1657106168248.jpg?resize=100%2C100&ssl=1",100,100,true]},"uagb_author_info":{"display_name":"Mofreh Landious","author_link":"https:\/\/landioustravel.com\/cs\/author\/"},"uagb_comment_info":2,"uagb_excerpt":"Vydejte se na dechberouc\u00ed cestu do Abydos-Dendery z Hurghady a objevte \u00fa\u017easn\u00e9 chr\u00e1my Abydos. P\u0159ipravte se na to, \u017ee budete uneseni kr\u00e1sou chr\u00e1mu, a po n\u00e1v\u0161t\u011bv\u011b si dop\u0159ejte lahodn\u00fd ob\u011bd, ne\u017e se vyd\u00e1te do komplexu Dendera Temple. Prohl\u00eddkov\u00fd bal\u00ed\u010dek zahrnuje v\u0161e od dopravy po vstupenky a ob\u011bd, tak\u017ee se m\u016f\u017eete posadit, relaxovat a u\u017e\u00edt si&hellip;","jetpack_sharing_enabled":true,"jetpack_likes_enabled":true,"amp_enabled":true,"_links":{"self":[{"href":"https:\/\/landioustravel.com\/cs\/wp-json\/wp\/v2\/product\/18257","targetHints":{"allow":["GET"]}}],"collection":[{"href":"https:\/\/landioustravel.com\/cs\/wp-json\/wp\/v2\/product"}],"about":[{"href":"https:\/\/landioustravel.com\/cs\/wp-json\/wp\/v2\/types\/product"}],"replies":[{"embeddable":true,"href":"https:\/\/landioustravel.com\/cs\/wp-json\/wp\/v2\/comments?post=18257"}],"wp:featuredmedia":[{"embeddable":true,"href":"https:\/\/landioustravel.com\/cs\/wp-json\/wp\/v2\/media\/99497"}],"wp:attachment":[{"href":"https:\/\/landioustravel.com\/cs\/wp-json\/wp\/v2\/media?parent=18257"}],"wp:term":[{"taxonomy":"product_brand","embeddable":true,"href":"https:\/\/landioustravel.com\/cs\/wp-json\/wp\/v2\/product_brand?post=18257"},{"taxonomy":"product_cat","embeddable":true,"href":"https:\/\/landioustravel.com\/cs\/wp-json\/wp\/v2\/product_cat?post=18257"},{"taxonomy":"product_tag","embeddable":true,"href":"https:\/\/landioustravel.com\/cs\/wp-json\/wp\/v2\/product_tag?post=18257"}],"curies":[{"name":"wp","href":"https:\/\/api.w.org\/{rel}","templated":true}]}}