{"id":18349,"date":"2023-03-28T02:23:35","date_gmt":"2019-08-30T09:16:18","guid":{"rendered":"https:\/\/landioustravel.com\/?post_type=product&#038;p=18349"},"modified":"2023-12-05T19:15:46","modified_gmt":"2023-12-05T17:15:46","slug":"exkurze-super-gouna-hurghada","status":"publish","type":"product","link":"https:\/\/landioustravel.com\/cs\/shop\/exkurze-super-gouna-hurghada\/","title":{"rendered":"Exkurze Super Gouna z Hurghady"},"content":{"rendered":"<p>Fantastick\u00fd v\u00fdlet po mo\u0159i do egyptsk\u00fdch Ben\u00e1tek (El-Gouna) z Hurghady! Doporu\u010dujeme v\u00fdlet, proto\u017ee umo\u017e\u0148uje turist\u016fm dob\u0159e se bavit v mo\u0159i. Tak\u00e9 umo\u017e\u0148uje vid\u011bt kr\u00e1sn\u00e9 kor\u00e1ly a r\u016fzn\u00e9 ryby a u\u017e\u00edvat si lodn\u00edho pikniku u Rud\u00e9ho mo\u0159e. V\u00fdlet v\u00e1m d\u00e1v\u00e1 p\u0159\u00edle\u017eitost naj\u00edt se v egyptsk\u00fdch Ben\u00e1tk\u00e1ch _ El Gouna a plavat s delf\u00edny!<\/p>\n<p>Tento program m\u00e1 celou \u0159adu z\u00e1bavn\u00fdch bod\u016f: to je d\u016fvod, pro\u010d tomu \u0159\u00edk\u00e1me: Exkurze Super Gouna z Hurghady!<\/p>\n<h2>Hlavn\u00ed body exkurzn\u00edho programu Super El Gouna z Hurghady<\/h2>\n<ul>\n<li>Plav\u00e1n\u00ed s delf\u00edny na otev\u0159en\u00e9m mo\u0159i<\/li>\n<li>\u0160norchlov\u00e1n\u00ed<\/li>\n<li>Ob\u011bd<\/li>\n<li>Sledov\u00e1n\u00ed mo\u0159sk\u00e9ho \u017eivota na ponorce<\/li>\n<li>Prohl\u00eddka laguny El Gouna<\/li>\n<li>Tak\u00e9 proch\u00e1zka turn\u00e9 v El-Gouna<\/li>\n<\/ul>\n<h3>Program v\u00fdlet\u016f do El Gouna z Hurghady<\/h3>\n<ul>\n<li>Vyb\u00edr\u00e1me v\u00e1s z hotelu p\u0159ibli\u017en\u011b v 08:00<\/li>\n<li>Pot\u00e9, co vezme v\u0161echny p\u0159\u00edchoz\u00ed, autobus jde do p\u0159\u00edstavu. Cesta do p\u0159\u00edstavu trv\u00e1 asi 35 minut<\/li>\n<li>Jachtu najdete v p\u0159\u00edstavu. Je to velk\u00fd a elegantn\u00ed! Tato jachta se skl\u00e1d\u00e1 ze dvou pater. Jakmile se dostanete na jachtu, je nutn\u00e9 sundat obuv a stoupat ve druh\u00e9m pat\u0159e pro opalov\u00e1n\u00ed na horn\u00ed slune\u010dn\u00ed palub\u011b<\/li>\n<li>Jakmile se skupina shrom\u00e1\u017ed\u00ed, jachta pokra\u010duje p\u0159es Rud\u00e9 mo\u0159e. D\u00e1le na kr\u00e1sn\u00e9m m\u00edst\u011b s mo\u0159sk\u00fdmi kor\u00e1ly ud\u011bl\u00e1te prvn\u00ed zast\u00e1vku na otev\u0159en\u00e9m mo\u0159i. Tam m\u016f\u017eete plavat s delf\u00edny a \u0161norchlovat s maskami a ploutvemi<\/li>\n<li>Po t\u00e9to n\u00e1dhern\u00e9 zast\u00e1vce se jachta pohybuje sm\u011brem k n\u00e1dhern\u00e9mu m\u011bstu El-Gouna<\/li>\n<li>Jakmile jste tak bl\u00edzko egyptsk\u00fdch Ben\u00e1tek, vezm\u011bte si motorov\u00fd \u010dlun, abyste se bl\u00ed\u017ee pod\u00edvali na El Gouna. Lo\u010f proch\u00e1z\u00ed kan\u00e1ly egyptsk\u00fdch Ben\u00e1tek, aby v\u00e1m umo\u017enila vid\u011bt m\u00edsto zevnit\u0159. Je to fantastick\u00fd v\u00fdlet do laguny, kde v\u00e1\u0161 pr\u016fvodce poskytne informace o zaj\u00edmavostech a historii tohoto letoviska<\/li>\n<li>Po takov\u00e9m turn\u00e9 p\u0159istane\u0161 na El-Goun\u011b a vyraz\u00ed\u0161 na m\u00edsto. Pr\u016fvodce v\u00e1s op\u011bt doprov\u00e1z\u00ed a ukazuje pam\u00e1tky v El Gouna<\/li>\n<li>V El-Goun\u011b m\u016f\u017eete vid\u011bt podmo\u0159sk\u00fd sv\u011bt na ponorce. Polo ponorka se nach\u00e1z\u00ed v p\u0159\u00edstavu egyptsk\u00fdch Ben\u00e1tek<\/li>\n<li>D\u00e1le v\u00e1s odvezeme zp\u011bt na jachtu. V prvn\u00edm pat\u0159e va\u0161\u00ed lodi se skupina shroma\u017e\u010fuje na ob\u011bd. B\u011bhem ob\u011bda bude bufet otev\u0159en\u00fd<\/li>\n<li>Tato exkurze Super Gouna z Hurghady kon\u010d\u00ed p\u0159ibli\u017en\u011b v 16:30<\/li>\n<\/ul>\n<h4>Co je zahrnuto v cen\u011b z\u00e1jezdu<\/h4>\n<ul>\n<li>Masky a ploutve<\/li>\n<li>J\u00eddlo a pit\u00ed<\/li>\n<li>Tak\u00e9 Transfer do p\u0159\u00edstavu a zp\u011bt do hotelu<\/li>\n<\/ul>\n<h5>Co nen\u00ed zahrnuto v cen\u011b z\u00e1jezdu<\/h5>\n<ul>\n<li>Video DVD<\/li>\n<li>Tak\u00e9, Photo CD<\/li>\n<\/ul>\n<h6>CO SE S V\u00c1MI U\u017d\u00cdV\u00c1 PRO TOUR<\/h6>\n<ul>\n<li>Ru\u010dn\u00edk<\/li>\n<li>Tak\u00e9, opalovac\u00ed kr\u00e9m<\/li>\n<\/ul>\n<h6>DNY EXKURZN\u00cd ORGANIZACE<\/h6>\n<ul>\n<li>Denn\u011b od 08: 00-17: 00<\/li>\n<\/ul>\n","protected":false},"excerpt":{"rendered":"<p>Za\u017eijte n\u00e1dhern\u00e9 a \u017eiv\u00e9 m\u011bsto El Gouna ve vzru\u0161uj\u00edc\u00ed plavb\u011b lod\u00ed, kter\u00e1 v\u00e1m vyraz\u00ed dech. N\u00e1\u0161 z\u00e1jezd je navr\u017een tak, aby v\u00e1m poskytl nezapomenuteln\u00fd z\u00e1\u017eitek, kter\u00fd je bohat\u00fd na z\u00e1bavu a dobrodru\u017estv\u00ed.<\/p>\n<p>Pohodlnou lod\u00ed v\u00e1s odvezeme z pob\u0159e\u017e\u00ed Hurghady do El Gouny, zn\u00e1m\u00e9 tak\u00e9 jako egyptsk\u00e9 Ben\u00e1tky. Po cest\u011b budete m\u00edt mo\u017enost vid\u011bt \u00fachvatn\u00e9 delf\u00edny v jejich p\u0159irozen\u00e9m prost\u0159ed\u00ed v Dolphin House. Ne\u017e se vyd\u00e1me do El Gouny, m\u016f\u017eete si tak\u00e9 ud\u011blat p\u0159est\u00e1vku na ryby a \u0161norchlov\u00e1n\u00ed.<\/p>\n<p>El Gouna je mal\u00e9 m\u011bste\u010dko le\u017e\u00edc\u00ed asi 20 km severn\u011b od Hurghady u Rud\u00e9ho mo\u0159e. Je zn\u00e1m\u00fd pro sv\u00e9 rozs\u00e1hl\u00e9 p\u00edse\u010dn\u00e9 pl\u00e1\u017ee a skv\u011bl\u00e9 v\u011btrn\u00e9 podm\u00ednky, d\u00edky \u010demu\u017e je obl\u00edben\u00fdm m\u00edstem pro pot\u00e1p\u011b\u010de a surfa\u0159e. Budete okouzleni tradi\u010dn\u00ed architekturou dom\u016f, kter\u00e9 lemuj\u00ed uli\u010dky a zavedou v\u00e1s p\u0159\u00edmo do Orientu.<\/p>\n<p>B\u011bhem plavby lod\u00ed budete m\u00edt mo\u017enost plavat a \u0161norchlovat s maskami a ploutvemi. Jakmile doraz\u00edte do El Gouna, zah\u00e1j\u00edte okru\u017en\u00ed j\u00edzdu motorov\u00fdm \u010dlunem po vodn\u00edch kan\u00e1lech a lagun\u00e1ch tohoto letoviska. Podmo\u0159sk\u00fd sv\u011bt m\u016f\u017eete sledovat i na poloponorce. V cen\u011b z\u00e1jezdu je ob\u011bd a pit\u00ed.<\/p>\n<p>N\u00e1\u0161 t\u00fdm profesion\u00e1ln\u00edch pr\u016fvodc\u016f v\u00e1m bude po celou dobu cesty pom\u00e1hat a zajist\u00ed v\u00e1m nezapomenuteln\u00e9 z\u00e1\u017eitky. Ch\u00e1peme, jak je d\u016fle\u017eit\u00e9, aby byl v\u00e1\u0161 v\u00fdlet pohodln\u00fd a p\u0159\u00edjemn\u00fd, a proto poskytujeme prvot\u0159\u00eddn\u00ed transfery z va\u0161eho hotelu v klimatizovan\u00fdch vozidlech.<\/p>\n<p>Chceme, abyste m\u011bli z\u00e1\u017eitek, kter\u00fd si budete pamatovat po cel\u00fd \u017eivot. Proto nab\u00edz\u00edme ve\u0161ker\u00e9 pot\u0159ebn\u00e9 vybaven\u00ed pro ryba\u0159en\u00ed a \u0161norchlov\u00e1n\u00ed a dokonce i vodn\u00ed sporty. B\u011bhem cel\u00e9ho v\u00fdletu m\u016f\u017eete po\u0159izovat fotografie, abyste zachytili tyto vz\u00e1cn\u00e9 okam\u017eiky.<\/p>\n<p>Nenechte si uj\u00edt tuto p\u0159\u00edle\u017eitost prozkoumat El Gouna a jej\u00ed bohatou historii. Po prohl\u00eddce lod\u00ed v\u00e1s odvezeme zp\u011bt do va\u0161eho hotelu v Hurghad\u011b. \u010cas n\u00e1vratu je 16:30. Rezervujte si sv\u016fj v\u00fdlet ji\u017e nyn\u00ed a nechte n\u00e1s vz\u00edt v\u00e1s na cestu, na kterou nikdy nezapomenete!<\/p>\n","protected":false},"featured_media":46481,"comment_status":"open","ping_status":"closed","template":"","meta":{"_coblocks_attr":"","_coblocks_dimensions":"","_coblocks_responsive_height":"","_coblocks_accordion_ie_support":"","_uag_custom_page_level_css":"","jetpack_publicize_message":"","jetpack_publicize_feature_enabled":true,"jetpack_social_post_already_shared":true,"jetpack_social_options":{"image_generator_settings":{"template":"highway","default_image_id":0,"font":"","enabled":false},"version":2},"_wpas_customize_per_network":false},"product_brand":[],"product_cat":[16316,16314],"product_tag":[16333,16336,16348,16362,16363,16365,16338,16341,16368],"class_list":{"0":"post-18349","1":"product","2":"type-product","3":"status-publish","4":"has-post-thumbnail","6":"product_cat-namorni-vylety-hurghada","7":"product_cat-vylety-hurghada","8":"product_tag-dum-delfinu","9":"product_tag-el-gouna-cs","10":"product_tag-hurghada-cs","11":"product_tag-more-cs","12":"product_tag-namorni-vylety","13":"product_tag-polo-ponorka","14":"product_tag-vylet","15":"product_tag-vylety-z-hurghady","16":"product_tag-snorchlovani","17":"pa_age-dite-1-4-roky","18":"pa_age-dite-5-11-let","19":"pa_age-dospely","21":"first","22":"instock","23":"sale","24":"purchasable","25":"product-type-variable"},"yoast_head":"<!-- This site is optimized with the Yoast SEO Premium plugin v26.9 (Yoast SEO v27.4) - https:\/\/yoast.com\/product\/yoast-seo-premium-wordpress\/ -->\n<title>Exkurze Super Gouna z Hurghady<\/title>\n<meta name=\"description\" content=\"Exkurze Super Gouna z Hurghady Doporu\u010dujeme v\u00fdlet, proto\u017ee umo\u017e\u0148uje turist\u016fm dob\u0159e se bavit v mo\u0159i. Tak\u00e9 umo\u017e\u0148uje vid\u011bt kr\u00e1sn\u00e9 kor\u00e1ly a r\u016fzn\u00e9 ryby a u\u017e\u00edvat\" \/>\n<meta name=\"robots\" content=\"index, follow, max-snippet:-1, max-image-preview:large, max-video-preview:-1\" \/>\n<link rel=\"canonical\" href=\"https:\/\/landioustravel.com\/cs\/shop\/exkurze-super-gouna-hurghada\/\" \/>\n<meta property=\"og:locale\" content=\"cs_CZ\" \/>\n<meta property=\"og:type\" content=\"article\" \/>\n<meta property=\"og:title\" content=\"Exkurze Super Gouna z Hurghady\" \/>\n<meta property=\"og:description\" content=\"Landious Travel\" \/>\n<meta property=\"og:url\" content=\"https:\/\/landioustravel.com\/cs\/shop\/exkurze-super-gouna-hurghada\/\" \/>\n<meta property=\"og:site_name\" content=\"Landious Travel\" \/>\n<meta property=\"article:publisher\" content=\"https:\/\/web.facebook.com\/landiousEgypt\" \/>\n<meta property=\"article:modified_time\" content=\"2023-12-05T17:15:46+00:00\" \/>\n<meta property=\"og:image\" content=\"https:\/\/i0.wp.com\/landioustravel.com\/wp-content\/uploads\/2019\/02\/Super-Gouna-Trip-Hurghada-e1617742910305.jpg?fit=1200%2C675&ssl=1\" \/>\n\t<meta property=\"og:image:width\" content=\"1200\" \/>\n\t<meta property=\"og:image:height\" content=\"675\" \/>\n\t<meta property=\"og:image:type\" content=\"image\/jpeg\" \/>\n<meta name=\"twitter:card\" content=\"summary_large_image\" \/>\n<meta name=\"twitter:site\" content=\"@LandiousTours\" \/>\n<meta name=\"twitter:label1\" content=\"Odhadovan\u00e1 doba \u010dten\u00ed\" \/>\n\t<meta name=\"twitter:data1\" content=\"2 minuty\" \/>\n<script type=\"application\/ld+json\" class=\"yoast-schema-graph\">{\"@context\":\"https:\\\/\\\/schema.org\",\"@graph\":[{\"@type\":\"WebPage\",\"@id\":\"https:\\\/\\\/landioustravel.com\\\/cs\\\/shop\\\/exkurze-super-gouna-hurghada\\\/\",\"url\":\"https:\\\/\\\/landioustravel.com\\\/cs\\\/shop\\\/exkurze-super-gouna-hurghada\\\/\",\"name\":\"Exkurze Super Gouna z Hurghady\",\"isPartOf\":{\"@id\":\"https:\\\/\\\/landioustravel.com\\\/cs\\\/#website\"},\"primaryImageOfPage\":{\"@id\":\"https:\\\/\\\/landioustravel.com\\\/cs\\\/shop\\\/exkurze-super-gouna-hurghada\\\/#primaryimage\"},\"image\":{\"@id\":\"https:\\\/\\\/landioustravel.com\\\/cs\\\/shop\\\/exkurze-super-gouna-hurghada\\\/#primaryimage\"},\"thumbnailUrl\":\"https:\\\/\\\/i0.wp.com\\\/landioustravel.com\\\/wp-content\\\/uploads\\\/2019\\\/02\\\/Super-Gouna-Trip-Hurghada-e1617742910305.jpg?fit=1200%2C675&ssl=1\",\"datePublished\":\"2019-08-30T09:16:18+00:00\",\"dateModified\":\"2023-12-05T17:15:46+00:00\",\"description\":\"Exkurze Super Gouna z Hurghady Doporu\u010dujeme v\u00fdlet, proto\u017ee umo\u017e\u0148uje turist\u016fm dob\u0159e se bavit v mo\u0159i. Tak\u00e9 umo\u017e\u0148uje vid\u011bt kr\u00e1sn\u00e9 kor\u00e1ly a r\u016fzn\u00e9 ryby a u\u017e\u00edvat\",\"breadcrumb\":{\"@id\":\"https:\\\/\\\/landioustravel.com\\\/cs\\\/shop\\\/exkurze-super-gouna-hurghada\\\/#breadcrumb\"},\"inLanguage\":\"cs\",\"potentialAction\":[{\"@type\":\"ReadAction\",\"target\":[\"https:\\\/\\\/landioustravel.com\\\/cs\\\/shop\\\/exkurze-super-gouna-hurghada\\\/\"]}]},{\"@type\":\"ImageObject\",\"inLanguage\":\"cs\",\"@id\":\"https:\\\/\\\/landioustravel.com\\\/cs\\\/shop\\\/exkurze-super-gouna-hurghada\\\/#primaryimage\",\"url\":\"https:\\\/\\\/i0.wp.com\\\/landioustravel.com\\\/wp-content\\\/uploads\\\/2019\\\/02\\\/Super-Gouna-Trip-Hurghada-e1617742910305.jpg?fit=1200%2C675&ssl=1\",\"contentUrl\":\"https:\\\/\\\/i0.wp.com\\\/landioustravel.com\\\/wp-content\\\/uploads\\\/2019\\\/02\\\/Super-Gouna-Trip-Hurghada-e1617742910305.jpg?fit=1200%2C675&ssl=1\",\"width\":1200,\"height\":675,\"caption\":\"Super Gouna Trip Hurghada\"},{\"@type\":\"BreadcrumbList\",\"@id\":\"https:\\\/\\\/landioustravel.com\\\/cs\\\/shop\\\/exkurze-super-gouna-hurghada\\\/#breadcrumb\",\"itemListElement\":[{\"@type\":\"ListItem\",\"position\":1,\"name\":\"Home\",\"item\":\"https:\\\/\\\/landioustravel.com\\\/cs\\\/\"},{\"@type\":\"ListItem\",\"position\":2,\"name\":\"Slu\u017eby a v\u00fdlety\",\"item\":\"https:\\\/\\\/landioustravel.com\\\/cs\\\/\"},{\"@type\":\"ListItem\",\"position\":3,\"name\":\"Exkurze Super Gouna z Hurghady\"}]},{\"@type\":\"WebSite\",\"@id\":\"https:\\\/\\\/landioustravel.com\\\/cs\\\/#website\",\"url\":\"https:\\\/\\\/landioustravel.com\\\/cs\\\/\",\"name\":\"Landious Travel\",\"description\":\"Excursions, trips and cruises in Egypt\",\"publisher\":{\"@id\":\"https:\\\/\\\/landioustravel.com\\\/cs\\\/#organization\"},\"potentialAction\":[{\"@type\":\"SearchAction\",\"target\":{\"@type\":\"EntryPoint\",\"urlTemplate\":\"https:\\\/\\\/landioustravel.com\\\/cs\\\/?s={search_term_string}\"},\"query-input\":{\"@type\":\"PropertyValueSpecification\",\"valueRequired\":true,\"valueName\":\"search_term_string\"}}],\"inLanguage\":\"cs\"},{\"@type\":[\"Organization\",\"Place\"],\"@id\":\"https:\\\/\\\/landioustravel.com\\\/cs\\\/#organization\",\"name\":\"Landious Travel\",\"alternateName\":\"Landious Travel\",\"url\":\"https:\\\/\\\/landioustravel.com\\\/cs\\\/\",\"logo\":{\"@id\":\"https:\\\/\\\/landioustravel.com\\\/cs\\\/shop\\\/exkurze-super-gouna-hurghada\\\/#local-main-organization-logo\"},\"image\":{\"@id\":\"https:\\\/\\\/landioustravel.com\\\/cs\\\/shop\\\/exkurze-super-gouna-hurghada\\\/#local-main-organization-logo\"},\"sameAs\":[\"https:\\\/\\\/web.facebook.com\\\/landiousEgypt\",\"https:\\\/\\\/x.com\\\/LandiousTours\",\"https:\\\/\\\/mastodon.social\\\/@landious\"],\"legalName\":\"Landious Travel\",\"telephone\":[],\"openingHoursSpecification\":[{\"@type\":\"OpeningHoursSpecification\",\"dayOfWeek\":[\"Monday\",\"Tuesday\",\"Wednesday\",\"Thursday\",\"Friday\",\"Saturday\",\"Sunday\"],\"opens\":\"09:00\",\"closes\":\"17:00\"}]},{\"@type\":\"ImageObject\",\"inLanguage\":\"cs\",\"@id\":\"https:\\\/\\\/landioustravel.com\\\/cs\\\/shop\\\/exkurze-super-gouna-hurghada\\\/#local-main-organization-logo\",\"url\":\"https:\\\/\\\/i0.wp.com\\\/landioustravel.com\\\/wp-content\\\/uploads\\\/2021\\\/06\\\/Landious-T.png?fit=500%2C500&ssl=1\",\"contentUrl\":\"https:\\\/\\\/i0.wp.com\\\/landioustravel.com\\\/wp-content\\\/uploads\\\/2021\\\/06\\\/Landious-T.png?fit=500%2C500&ssl=1\",\"width\":500,\"height\":500,\"caption\":\"Landious Travel\"}]}<\/script>\n<!-- \/ Yoast SEO Premium plugin. -->","yoast_head_json":{"title":"Exkurze Super Gouna z Hurghady","description":"Exkurze Super Gouna z Hurghady Doporu\u010dujeme v\u00fdlet, proto\u017ee umo\u017e\u0148uje turist\u016fm dob\u0159e se bavit v mo\u0159i. Tak\u00e9 umo\u017e\u0148uje vid\u011bt kr\u00e1sn\u00e9 kor\u00e1ly a r\u016fzn\u00e9 ryby a u\u017e\u00edvat","robots":{"index":"index","follow":"follow","max-snippet":"max-snippet:-1","max-image-preview":"max-image-preview:large","max-video-preview":"max-video-preview:-1"},"canonical":"https:\/\/landioustravel.com\/cs\/shop\/exkurze-super-gouna-hurghada\/","og_locale":"cs_CZ","og_type":"article","og_title":"Exkurze Super Gouna z Hurghady","og_description":"Landious Travel","og_url":"https:\/\/landioustravel.com\/cs\/shop\/exkurze-super-gouna-hurghada\/","og_site_name":"Landious Travel","article_publisher":"https:\/\/web.facebook.com\/landiousEgypt","article_modified_time":"2023-12-05T17:15:46+00:00","og_image":[{"width":1200,"height":675,"url":"https:\/\/i0.wp.com\/landioustravel.com\/wp-content\/uploads\/2019\/02\/Super-Gouna-Trip-Hurghada-e1617742910305.jpg?fit=1200%2C675&ssl=1","type":"image\/jpeg"}],"twitter_card":"summary_large_image","twitter_site":"@LandiousTours","twitter_misc":{"Odhadovan\u00e1 doba \u010dten\u00ed":"2 minuty"},"schema":{"@context":"https:\/\/schema.org","@graph":[{"@type":"WebPage","@id":"https:\/\/landioustravel.com\/cs\/shop\/exkurze-super-gouna-hurghada\/","url":"https:\/\/landioustravel.com\/cs\/shop\/exkurze-super-gouna-hurghada\/","name":"Exkurze Super Gouna z Hurghady","isPartOf":{"@id":"https:\/\/landioustravel.com\/cs\/#website"},"primaryImageOfPage":{"@id":"https:\/\/landioustravel.com\/cs\/shop\/exkurze-super-gouna-hurghada\/#primaryimage"},"image":{"@id":"https:\/\/landioustravel.com\/cs\/shop\/exkurze-super-gouna-hurghada\/#primaryimage"},"thumbnailUrl":"https:\/\/i0.wp.com\/landioustravel.com\/wp-content\/uploads\/2019\/02\/Super-Gouna-Trip-Hurghada-e1617742910305.jpg?fit=1200%2C675&ssl=1","datePublished":"2019-08-30T09:16:18+00:00","dateModified":"2023-12-05T17:15:46+00:00","description":"Exkurze Super Gouna z Hurghady Doporu\u010dujeme v\u00fdlet, proto\u017ee umo\u017e\u0148uje turist\u016fm dob\u0159e se bavit v mo\u0159i. Tak\u00e9 umo\u017e\u0148uje vid\u011bt kr\u00e1sn\u00e9 kor\u00e1ly a r\u016fzn\u00e9 ryby a u\u017e\u00edvat","breadcrumb":{"@id":"https:\/\/landioustravel.com\/cs\/shop\/exkurze-super-gouna-hurghada\/#breadcrumb"},"inLanguage":"cs","potentialAction":[{"@type":"ReadAction","target":["https:\/\/landioustravel.com\/cs\/shop\/exkurze-super-gouna-hurghada\/"]}]},{"@type":"ImageObject","inLanguage":"cs","@id":"https:\/\/landioustravel.com\/cs\/shop\/exkurze-super-gouna-hurghada\/#primaryimage","url":"https:\/\/i0.wp.com\/landioustravel.com\/wp-content\/uploads\/2019\/02\/Super-Gouna-Trip-Hurghada-e1617742910305.jpg?fit=1200%2C675&ssl=1","contentUrl":"https:\/\/i0.wp.com\/landioustravel.com\/wp-content\/uploads\/2019\/02\/Super-Gouna-Trip-Hurghada-e1617742910305.jpg?fit=1200%2C675&ssl=1","width":1200,"height":675,"caption":"Super Gouna Trip Hurghada"},{"@type":"BreadcrumbList","@id":"https:\/\/landioustravel.com\/cs\/shop\/exkurze-super-gouna-hurghada\/#breadcrumb","itemListElement":[{"@type":"ListItem","position":1,"name":"Home","item":"https:\/\/landioustravel.com\/cs\/"},{"@type":"ListItem","position":2,"name":"Slu\u017eby a v\u00fdlety","item":"https:\/\/landioustravel.com\/cs\/"},{"@type":"ListItem","position":3,"name":"Exkurze Super Gouna z Hurghady"}]},{"@type":"WebSite","@id":"https:\/\/landioustravel.com\/cs\/#website","url":"https:\/\/landioustravel.com\/cs\/","name":"Landious Travel","description":"Excursions, trips and cruises in Egypt","publisher":{"@id":"https:\/\/landioustravel.com\/cs\/#organization"},"potentialAction":[{"@type":"SearchAction","target":{"@type":"EntryPoint","urlTemplate":"https:\/\/landioustravel.com\/cs\/?s={search_term_string}"},"query-input":{"@type":"PropertyValueSpecification","valueRequired":true,"valueName":"search_term_string"}}],"inLanguage":"cs"},{"@type":["Organization","Place"],"@id":"https:\/\/landioustravel.com\/cs\/#organization","name":"Landious Travel","alternateName":"Landious Travel","url":"https:\/\/landioustravel.com\/cs\/","logo":{"@id":"https:\/\/landioustravel.com\/cs\/shop\/exkurze-super-gouna-hurghada\/#local-main-organization-logo"},"image":{"@id":"https:\/\/landioustravel.com\/cs\/shop\/exkurze-super-gouna-hurghada\/#local-main-organization-logo"},"sameAs":["https:\/\/web.facebook.com\/landiousEgypt","https:\/\/x.com\/LandiousTours","https:\/\/mastodon.social\/@landious"],"legalName":"Landious Travel","telephone":[],"openingHoursSpecification":[{"@type":"OpeningHoursSpecification","dayOfWeek":["Monday","Tuesday","Wednesday","Thursday","Friday","Saturday","Sunday"],"opens":"09:00","closes":"17:00"}]},{"@type":"ImageObject","inLanguage":"cs","@id":"https:\/\/landioustravel.com\/cs\/shop\/exkurze-super-gouna-hurghada\/#local-main-organization-logo","url":"https:\/\/i0.wp.com\/landioustravel.com\/wp-content\/uploads\/2021\/06\/Landious-T.png?fit=500%2C500&ssl=1","contentUrl":"https:\/\/i0.wp.com\/landioustravel.com\/wp-content\/uploads\/2021\/06\/Landious-T.png?fit=500%2C500&ssl=1","width":500,"height":500,"caption":"Landious Travel"}]}},"jetpack_publicize_connections":[],"uagb_featured_image_src":{"full":["https:\/\/i0.wp.com\/landioustravel.com\/wp-content\/uploads\/2019\/02\/Super-Gouna-Trip-Hurghada-e1617742910305.jpg?fit=1200%2C675&ssl=1",1200,675,false],"thumbnail":["https:\/\/i0.wp.com\/landioustravel.com\/wp-content\/uploads\/2019\/02\/Super-Gouna-Trip-Hurghada-e1617742910305.jpg?resize=150%2C150&ssl=1",150,150,true],"medium":["https:\/\/i0.wp.com\/landioustravel.com\/wp-content\/uploads\/2019\/02\/Super-Gouna-Trip-Hurghada-e1617742910305.jpg?fit=300%2C169&ssl=1",300,169,true],"medium_large":["https:\/\/i0.wp.com\/landioustravel.com\/wp-content\/uploads\/2019\/02\/Super-Gouna-Trip-Hurghada-e1617742910305.jpg?fit=768%2C432&ssl=1",768,432,true],"large":["https:\/\/i0.wp.com\/landioustravel.com\/wp-content\/uploads\/2019\/02\/Super-Gouna-Trip-Hurghada-e1617742910305.jpg?fit=980%2C551&ssl=1",980,551,true],"1536x1536":["https:\/\/i0.wp.com\/landioustravel.com\/wp-content\/uploads\/2019\/02\/Super-Gouna-Trip-Hurghada-e1617742910305.jpg?fit=1536%2C864&ssl=1",1536,864,true],"2048x2048":["https:\/\/i0.wp.com\/landioustravel.com\/wp-content\/uploads\/2019\/02\/Super-Gouna-Trip-Hurghada-e1617742910305.jpg?fit=2048%2C1152&ssl=1",2048,1152,true],"newspack-article-block-landscape-large":["https:\/\/i0.wp.com\/landioustravel.com\/wp-content\/uploads\/2019\/02\/Super-Gouna-Trip-Hurghada-e1617742910305.jpg?resize=1200%2C675&ssl=1",1200,900,true],"newspack-article-block-portrait-large":["https:\/\/i0.wp.com\/landioustravel.com\/wp-content\/uploads\/2019\/02\/Super-Gouna-Trip-Hurghada-e1617742910305.jpg?resize=900%2C675&ssl=1",900,1200,true],"newspack-article-block-square-large":["https:\/\/i0.wp.com\/landioustravel.com\/wp-content\/uploads\/2019\/02\/Super-Gouna-Trip-Hurghada-e1617742910305.jpg?resize=1200%2C675&ssl=1",1200,1200,true],"newspack-article-block-landscape-medium":["https:\/\/i0.wp.com\/landioustravel.com\/wp-content\/uploads\/2019\/02\/Super-Gouna-Trip-Hurghada-e1617742910305.jpg?resize=800%2C600&ssl=1",800,600,true],"newspack-article-block-portrait-medium":["https:\/\/i0.wp.com\/landioustravel.com\/wp-content\/uploads\/2019\/02\/Super-Gouna-Trip-Hurghada-e1617742910305.jpg?resize=600%2C675&ssl=1",600,800,true],"newspack-article-block-square-medium":["https:\/\/i0.wp.com\/landioustravel.com\/wp-content\/uploads\/2019\/02\/Super-Gouna-Trip-Hurghada-e1617742910305.jpg?resize=800%2C675&ssl=1",800,800,true],"newspack-article-block-landscape-intermediate":["https:\/\/i0.wp.com\/landioustravel.com\/wp-content\/uploads\/2019\/02\/Super-Gouna-Trip-Hurghada-e1617742910305.jpg?resize=600%2C450&ssl=1",600,450,true],"newspack-article-block-portrait-intermediate":["https:\/\/i0.wp.com\/landioustravel.com\/wp-content\/uploads\/2019\/02\/Super-Gouna-Trip-Hurghada-e1617742910305.jpg?resize=450%2C600&ssl=1",450,600,true],"newspack-article-block-square-intermediate":["https:\/\/i0.wp.com\/landioustravel.com\/wp-content\/uploads\/2019\/02\/Super-Gouna-Trip-Hurghada-e1617742910305.jpg?resize=600%2C600&ssl=1",600,600,true],"newspack-article-block-landscape-small":["https:\/\/i0.wp.com\/landioustravel.com\/wp-content\/uploads\/2019\/02\/Super-Gouna-Trip-Hurghada-e1617742910305.jpg?resize=400%2C300&ssl=1",400,300,true],"newspack-article-block-portrait-small":["https:\/\/i0.wp.com\/landioustravel.com\/wp-content\/uploads\/2019\/02\/Super-Gouna-Trip-Hurghada-e1617742910305.jpg?resize=300%2C400&ssl=1",300,400,true],"newspack-article-block-square-small":["https:\/\/i0.wp.com\/landioustravel.com\/wp-content\/uploads\/2019\/02\/Super-Gouna-Trip-Hurghada-e1617742910305.jpg?resize=400%2C400&ssl=1",400,400,true],"newspack-article-block-landscape-tiny":["https:\/\/i0.wp.com\/landioustravel.com\/wp-content\/uploads\/2019\/02\/Super-Gouna-Trip-Hurghada-e1617742910305.jpg?resize=200%2C150&ssl=1",200,150,true],"newspack-article-block-portrait-tiny":["https:\/\/i0.wp.com\/landioustravel.com\/wp-content\/uploads\/2019\/02\/Super-Gouna-Trip-Hurghada-e1617742910305.jpg?resize=150%2C200&ssl=1",150,200,true],"newspack-article-block-square-tiny":["https:\/\/i0.wp.com\/landioustravel.com\/wp-content\/uploads\/2019\/02\/Super-Gouna-Trip-Hurghada-e1617742910305.jpg?resize=200%2C200&ssl=1",200,200,true],"newspack-article-block-uncropped":["https:\/\/i0.wp.com\/landioustravel.com\/wp-content\/uploads\/2019\/02\/Super-Gouna-Trip-Hurghada-e1617742910305.jpg?fit=1200%2C675&ssl=1",1200,675,true],"woocommerce_thumbnail":["https:\/\/i0.wp.com\/landioustravel.com\/wp-content\/uploads\/2019\/02\/Super-Gouna-Trip-Hurghada-e1617742910305.jpg?resize=324%2C324&ssl=1",324,324,true],"woocommerce_single":["https:\/\/i0.wp.com\/landioustravel.com\/wp-content\/uploads\/2019\/02\/Super-Gouna-Trip-Hurghada-e1617742910305.jpg?fit=416%2C234&ssl=1",416,234,true],"woocommerce_gallery_thumbnail":["https:\/\/i0.wp.com\/landioustravel.com\/wp-content\/uploads\/2019\/02\/Super-Gouna-Trip-Hurghada-e1617742910305.jpg?resize=100%2C100&ssl=1",100,100,true]},"uagb_author_info":{"display_name":"Mofreh Landious","author_link":"https:\/\/landioustravel.com\/cs\/author\/"},"uagb_comment_info":2,"uagb_excerpt":"Za\u017eijte n\u00e1dhern\u00e9 a \u017eiv\u00e9 m\u011bsto El Gouna ve vzru\u0161uj\u00edc\u00ed plavb\u011b lod\u00ed, kter\u00e1 v\u00e1m vyraz\u00ed dech. N\u00e1\u0161 z\u00e1jezd je navr\u017een tak, aby v\u00e1m poskytl nezapomenuteln\u00fd z\u00e1\u017eitek, kter\u00fd je bohat\u00fd na z\u00e1bavu a dobrodru\u017estv\u00ed. Pohodlnou lod\u00ed v\u00e1s odvezeme z pob\u0159e\u017e\u00ed Hurghady do El Gouny, zn\u00e1m\u00e9 tak\u00e9 jako egyptsk\u00e9 Ben\u00e1tky. Po cest\u011b budete m\u00edt mo\u017enost vid\u011bt \u00fachvatn\u00e9 delf\u00edny&hellip;","jetpack_sharing_enabled":true,"jetpack_likes_enabled":true,"amp_enabled":true,"_links":{"self":[{"href":"https:\/\/landioustravel.com\/cs\/wp-json\/wp\/v2\/product\/18349","targetHints":{"allow":["GET"]}}],"collection":[{"href":"https:\/\/landioustravel.com\/cs\/wp-json\/wp\/v2\/product"}],"about":[{"href":"https:\/\/landioustravel.com\/cs\/wp-json\/wp\/v2\/types\/product"}],"replies":[{"embeddable":true,"href":"https:\/\/landioustravel.com\/cs\/wp-json\/wp\/v2\/comments?post=18349"}],"wp:featuredmedia":[{"embeddable":true,"href":"https:\/\/landioustravel.com\/cs\/wp-json\/wp\/v2\/media\/46481"}],"wp:attachment":[{"href":"https:\/\/landioustravel.com\/cs\/wp-json\/wp\/v2\/media?parent=18349"}],"wp:term":[{"taxonomy":"product_brand","embeddable":true,"href":"https:\/\/landioustravel.com\/cs\/wp-json\/wp\/v2\/product_brand?post=18349"},{"taxonomy":"product_cat","embeddable":true,"href":"https:\/\/landioustravel.com\/cs\/wp-json\/wp\/v2\/product_cat?post=18349"},{"taxonomy":"product_tag","embeddable":true,"href":"https:\/\/landioustravel.com\/cs\/wp-json\/wp\/v2\/product_tag?post=18349"}],"curies":[{"name":"wp","href":"https:\/\/api.w.org\/{rel}","templated":true}]}}