{"id":18734,"date":"2019-09-01T12:31:20","date_gmt":"2019-09-01T15:05:27","guid":{"rendered":"https:\/\/landioustravel.com\/?post_type=product&#038;p=18734"},"modified":"2024-05-14T03:55:43","modified_gmt":"2024-05-14T00:55:43","slug":"trihodinovy-moto-safari-safaga","status":"publish","type":"product","link":"https:\/\/landioustravel.com\/cs\/shop\/trihodinovy-moto-safari-safaga\/","title":{"rendered":"T\u0159\u00edhodinov\u00fd moto safari v Safag\u011b"},"content":{"rendered":"<p>B\u011bhem v\u00fdletu na pou\u0161tn\u00ed safari \u201eT\u0159\u00edhodinov\u00fd moto safari v <a href=\"https:\/\/landioustravel.com\/cs\/mesto-safaga\/\">Safag\u011b<\/a>\u201c si m\u016f\u017eete u\u017e\u00edt \u010dty\u0159kolku na vzd\u00e1lenost 50 km! V\u00fdlet v\u00e1m umo\u017en\u00ed u\u017e\u00edt si pou\u0161tn\u00ed p\u0159\u00edroda v Egypt\u011b i v\u00fdhled na mo\u0159e! Doporu\u010dujeme tento program, proto\u017ee je to jedin\u00fd, kter\u00fd d\u00e1v\u00e1 p\u0159\u00edle\u017eitost jezdit na \u010dty\u0159kolk\u00e1ch pod\u00e9l pob\u0159e\u017e\u00ed Rud\u00e9ho mo\u0159e!<\/p>\n<h2>Hlavn\u00ed body programu exkurze pro \u010dty\u0159kolky<\/h2>\n<ul>\n<li>\u010cty\u0159kolka na vzd\u00e1lenost 25 km v pou\u0161ti<\/li>\n<li>\u010cty\u0159kolka na vzd\u00e1lenost 25 km pod\u00e9l pob\u0159e\u017e\u00ed Rud\u00e9ho mo\u0159e<\/li>\n<\/ul>\n<h3>T\u0159\u00edhodinov\u00fd v\u00fdletn\u00ed program Moto Safari v Safag\u011b<\/h3>\n<ul>\n<li>Vyb\u00edr\u00e1me v\u00e1s z hotelu p\u0159ibli\u017en\u011b v 08:00 r\u00e1no<\/li>\n<li>Po vyzvednut\u00ed v\u0161ech p\u0159\u00edchoz\u00edch n\u00e1\u0161 minibus \/ Jeep jde sm\u011brem k pou\u0161ti, kde je \u010dty\u0159kolka. Cesta k z\u00e1kladn\u011b trv\u00e1 asi 30 minut<\/li>\n<li>Nejprve se mus\u00edte p\u0159ipravit na \u0161\u00e1tek, helmu a slune\u010dn\u00ed br\u00fdle<\/li>\n<li>Pot\u00e9 budete m\u00edt instrukt\u00e1\u017e a v\u00fdcvik na kr\u00e1tkou dobu, ne\u017e za\u010dnete \u0159\u00eddit<\/li>\n<li>D\u00e1le pojedete 10 km p\u0159es pou\u0161\u0165, ne\u017e se dostanete k pob\u0159e\u017e\u00ed Rud\u00e9ho mo\u0159e<\/li>\n<li>Pot\u00e9, co se dostanete k Rud\u00e9mu mo\u0159i, pokra\u010dujete v j\u00edzd\u011b pod\u00e9l pob\u0159e\u017e\u00ed 15 km<\/li>\n<li>Na konci t\u00e9to \u00fa\u017easn\u00e9 j\u00edzdy se na chv\u00edli zastav\u00edte a vyfot\u00edte<\/li>\n<li>Op\u011bt se p\u0159ipravte na cestu 25 km zp\u011bt na z\u00e1kladnu.<\/li>\n<li>Tento vzru\u0161uj\u00edc\u00ed v\u00fdlet pro \u010dty\u0159kolky na safari trv\u00e1 p\u0159ibli\u017en\u011b t\u0159i hodiny.<\/li>\n<li>Tento \u201et\u0159\u00edhodinov\u00fd moto safari v Safag\u011b\u201c kon\u010d\u00ed p\u0159ibli\u017en\u011b v 12:00<\/li>\n<\/ul>\n<h4>Co je zahrnuto v cen\u011b z\u00e1jezdu<\/h4>\n<ul>\n<li>P\u0159eve\u010fte na pou\u0161\u0165 a zp\u011bt do hotelu<\/li>\n<\/ul>\n<h5>Co nen\u00ed zahrnuto v cen\u011b z\u00e1jezdu<\/h5>\n<ul>\n<li>Video DVD<\/li>\n<li>Tak\u00e9, Photo CD<\/li>\n<\/ul>\n<h6>Co vz\u00edt na t\u0159\u00edhodinov\u00fd v\u00fdlet na safari<\/h6>\n<ul>\n<li>\u0160\u00e1tek<\/li>\n<li>Tak\u00e9 slune\u010dn\u00ed br\u00fdle<\/li>\n<\/ul>\n<h6>DNY EXKURZN\u00cd ORGANIZACE<\/h6>\n<ul>\n<li>Denn\u011b od 08: 00-12: 00<\/li>\n<\/ul>\n","protected":false},"excerpt":{"rendered":"<p>Jste p\u0159ipraveni na nezapomenuteln\u00e9 dobrodru\u017estv\u00ed? Moto Safari 3 hours Hurghada je perfektn\u00ed p\u0159\u00edle\u017eitost\u00ed pro v\u00e1s a va\u0161e bl\u00edzk\u00e9 za\u017e\u00edt vzru\u0161en\u00ed z j\u00edzdy na \u010dty\u0159kolce uprost\u0159ed n\u00e1dhern\u00e9 scen\u00e9rie Egypta. Tato j\u00edzda slibuje adrenalinov\u00fd z\u00e1\u017eitek, kter\u00fd si m\u016f\u017eete v\u00e1\u017eit a sd\u00edlet s ostatn\u00edmi.<\/p>\n<p>\u010cty\u0159kolka je v\u0161estrann\u00fd zp\u016fsob dopravy, kter\u00fd kombinuje ty nejlep\u0161\u00ed vlastnosti motocyklu, d\u017e\u00edpu a traktoru. Je speci\u00e1ln\u011b navr\u017een pro j\u00edzdu v ter\u00e9nu, d\u00edky \u010demu\u017e je va\u0161e cesta egyptsk\u00fdmi pou\u0161t\u011bmi vzru\u0161uj\u00edc\u00ed ne\u017e kdykoli p\u0159edt\u00edm.<\/p>\n<p>B\u011bhem prohl\u00eddky Moto Safari budete m\u00edt \u0161anci u\u017e\u00edt si hodinovou nez\u00e1vislou j\u00edzdu v ter\u00e9nu! Bezpe\u010dnost je na\u0161\u00ed nejvy\u0161\u0161\u00ed prioritou a ka\u017ed\u00fd \u00fa\u010dastn\u00edk absolvuje povinn\u00e9 bezpe\u010dnostn\u00ed \u0161kolen\u00ed v angli\u010dtin\u011b, ne\u017e se pust\u00ed do dobrodru\u017estv\u00ed. Dostanete ve\u0161ker\u00e9 pot\u0159ebn\u00e9 vybaven\u00ed, l\u00e1hev vody a pr\u016fvodce po celou dobu prohl\u00eddky.<\/p>\n<p>P\u0159ipojte se k n\u00e1m na t\u00e9to vzru\u0161uj\u00edc\u00ed 3hodinov\u00e9 cest\u011b ze Safaga\/Soma Bay a prozkoumejte n\u00e1dhernou pou\u0161\u0165 na \u010dty\u0159kolce. Tato prohl\u00eddka, kter\u00e1 pokr\u00fdv\u00e1 vzd\u00e1lenost 50 km, v\u00e1m umo\u017en\u00ed objevit kr\u00e1su egyptsk\u00e9 pou\u0161tn\u00ed p\u0159\u00edrody a z\u00e1rove\u0148 si u\u017e\u00edt \u00fa\u017easn\u00fd v\u00fdhled na mo\u0159e. Cena zahrnuje transfery a pr\u016fvodce, tak\u017ee se nemus\u00edte o nic starat.<\/p>\n<p>Ch\u00e1peme, \u017ee dobrodru\u017estv\u00ed m\u016f\u017ee b\u00fdt nervy dr\u00e1saj\u00edc\u00ed, a proto s v\u00e1mi bude n\u00e1\u0161 t\u00fdm na ka\u017ed\u00e9m kroku. Od vyzvednut\u00ed ve va\u0161em hotelu a\u017e po stanici \u010dty\u0159kolek v\u00e1s provedeme v\u0161emi d\u016fle\u017eit\u00fdmi detaily \u010dty\u0159kolky, ne\u017e vyraz\u00edte. Dob\u00fdt p\u00edse\u010dn\u00e9 duny a u\u017e\u00edt si ohromuj\u00edc\u00ed v\u00fdhledy na egyptskou pou\u0161\u0165. Asi po hodin\u011b doraz\u00edme do tradi\u010dn\u00ed bedu\u00ednsk\u00e9 vesnice, kde m\u016f\u017eete za\u017e\u00edt m\u00edstn\u00ed kulturu.<\/p>\n<p>Na konci z\u00e1jezdu se vr\u00e1t\u00edme p\u0159es p\u00edse\u010dn\u00e9 duny a pou\u0161\u0165 do v\u00fdchoz\u00edho bodu safari na \u010dty\u0159kolk\u00e1ch a budete odvezeni zp\u011bt do sv\u00e9ho hotelu v Soma Bay. Slibujeme, \u017ee to bude z\u00e1\u017eitek, na kter\u00fd nikdy nezapomenete! Nenechte si uj\u00edt toto fascinuj\u00edc\u00ed \u0161pi\u010dkov\u00e9 pou\u0161tn\u00ed dobrodru\u017estv\u00ed na \u010dty\u0159kolk\u00e1ch b\u011bhem sv\u00e9 dovolen\u00e9 v Soma Bay.<\/p>\n","protected":false},"featured_media":18717,"comment_status":"open","ping_status":"closed","template":"","meta":{"_coblocks_attr":"","_coblocks_dimensions":"","_coblocks_responsive_height":"","_coblocks_accordion_ie_support":"","_uag_custom_page_level_css":"","jetpack_publicize_message":"","jetpack_publicize_feature_enabled":true,"jetpack_social_post_already_shared":true,"jetpack_social_options":{"image_generator_settings":{"template":"highway","default_image_id":0,"font":"","enabled":false},"version":2},"_wpas_customize_per_network":false},"product_brand":[],"product_cat":[23489,16884],"product_tag":[16357,16330,16358,16338],"class_list":{"0":"post-18734","1":"product","2":"type-product","3":"status-publish","4":"has-post-thumbnail","6":"product_cat-safari-vylety-safaze","7":"product_cat-vylety-safaga","8":"product_tag-jizda-na-ctyrkolkach","9":"product_tag-poustni-safari","10":"product_tag-safari-cs","11":"product_tag-vylet","13":"first","14":"instock","15":"sale","16":"taxable","17":"shipping-taxable","18":"purchasable","19":"product-type-variable"},"yoast_head":"<!-- This site is optimized with the Yoast SEO Premium plugin v26.9 (Yoast SEO v27.4) - https:\/\/yoast.com\/product\/yoast-seo-premium-wordpress\/ -->\n<title>T\u0159\u00edhodinov\u00fd moto safari v Safag\u011b<\/title>\n<meta name=\"description\" content=\"B\u011bhem v\u00fdletu na pou\u0161tn\u00ed safari \u201e T\u0159\u00edhodinov\u00fd moto safari v Safag\u011b \u201c si m\u016f\u017eete u\u017e\u00edt \u010dty\u0159kolku na vzd\u00e1lenost 50 km! V\u00fdlet v\u00e1m umo\u017en\u00ed u\u017e\u00edt si pou\u0161tn\u00ed p\u0159\u00edroda\" \/>\n<meta name=\"robots\" content=\"index, follow, max-snippet:-1, max-image-preview:large, max-video-preview:-1\" \/>\n<link rel=\"canonical\" href=\"https:\/\/landioustravel.com\/cs\/shop\/trihodinovy-moto-safari-safaga\/\" \/>\n<meta property=\"og:locale\" content=\"cs_CZ\" \/>\n<meta property=\"og:type\" content=\"article\" \/>\n<meta property=\"og:title\" content=\"T\u0159\u00edhodinov\u00fd moto safari v Safag\u011b\" \/>\n<meta property=\"og:description\" content=\"Landious Travel\" \/>\n<meta property=\"og:url\" content=\"https:\/\/landioustravel.com\/cs\/shop\/trihodinovy-moto-safari-safaga\/\" \/>\n<meta property=\"og:site_name\" content=\"Landious Travel\" \/>\n<meta property=\"article:publisher\" content=\"https:\/\/web.facebook.com\/landiousEgypt\" \/>\n<meta property=\"article:modified_time\" content=\"2024-05-14T00:55:43+00:00\" \/>\n<meta property=\"og:image\" content=\"https:\/\/landioustravel.com\/wp-content\/uploads\/2019\/09\/Quad_biking_for_three_hours_in_Safaga2-1024x575.jpg\" \/>\n\t<meta property=\"og:image:width\" content=\"1024\" \/>\n\t<meta property=\"og:image:height\" content=\"575\" \/>\n\t<meta property=\"og:image:type\" content=\"image\/jpeg\" \/>\n<meta name=\"twitter:card\" content=\"summary_large_image\" \/>\n<meta name=\"twitter:site\" content=\"@LandiousTours\" \/>\n<meta name=\"twitter:label1\" content=\"Odhadovan\u00e1 doba \u010dten\u00ed\" \/>\n\t<meta name=\"twitter:data1\" content=\"2 minuty\" \/>\n<script type=\"application\/ld+json\" class=\"yoast-schema-graph\">{\"@context\":\"https:\\\/\\\/schema.org\",\"@graph\":[{\"@type\":\"WebPage\",\"@id\":\"https:\\\/\\\/landioustravel.com\\\/cs\\\/shop\\\/trihodinovy-moto-safari-safaga\\\/\",\"url\":\"https:\\\/\\\/landioustravel.com\\\/cs\\\/shop\\\/trihodinovy-moto-safari-safaga\\\/\",\"name\":\"T\u0159\u00edhodinov\u00fd moto safari v Safag\u011b\",\"isPartOf\":{\"@id\":\"https:\\\/\\\/landioustravel.com\\\/cs\\\/#website\"},\"primaryImageOfPage\":{\"@id\":\"https:\\\/\\\/landioustravel.com\\\/cs\\\/shop\\\/trihodinovy-moto-safari-safaga\\\/#primaryimage\"},\"image\":{\"@id\":\"https:\\\/\\\/landioustravel.com\\\/cs\\\/shop\\\/trihodinovy-moto-safari-safaga\\\/#primaryimage\"},\"thumbnailUrl\":\"https:\\\/\\\/i0.wp.com\\\/landioustravel.com\\\/wp-content\\\/uploads\\\/2019\\\/09\\\/Quad_biking_for_three_hours_in_Safaga2.jpg?fit=3687%2C2071&ssl=1\",\"datePublished\":\"2019-09-01T15:05:27+00:00\",\"dateModified\":\"2024-05-14T00:55:43+00:00\",\"description\":\"B\u011bhem v\u00fdletu na pou\u0161tn\u00ed safari \u201e T\u0159\u00edhodinov\u00fd moto safari v Safag\u011b \u201c si m\u016f\u017eete u\u017e\u00edt \u010dty\u0159kolku na vzd\u00e1lenost 50 km! V\u00fdlet v\u00e1m umo\u017en\u00ed u\u017e\u00edt si pou\u0161tn\u00ed p\u0159\u00edroda\",\"breadcrumb\":{\"@id\":\"https:\\\/\\\/landioustravel.com\\\/cs\\\/shop\\\/trihodinovy-moto-safari-safaga\\\/#breadcrumb\"},\"inLanguage\":\"cs\",\"potentialAction\":[{\"@type\":\"ReadAction\",\"target\":[\"https:\\\/\\\/landioustravel.com\\\/cs\\\/shop\\\/trihodinovy-moto-safari-safaga\\\/\"]}]},{\"@type\":\"ImageObject\",\"inLanguage\":\"cs\",\"@id\":\"https:\\\/\\\/landioustravel.com\\\/cs\\\/shop\\\/trihodinovy-moto-safari-safaga\\\/#primaryimage\",\"url\":\"https:\\\/\\\/i0.wp.com\\\/landioustravel.com\\\/wp-content\\\/uploads\\\/2019\\\/09\\\/Quad_biking_for_three_hours_in_Safaga2.jpg?fit=3687%2C2071&ssl=1\",\"contentUrl\":\"https:\\\/\\\/i0.wp.com\\\/landioustravel.com\\\/wp-content\\\/uploads\\\/2019\\\/09\\\/Quad_biking_for_three_hours_in_Safaga2.jpg?fit=3687%2C2071&ssl=1\",\"width\":3687,\"height\":2071,\"caption\":\"Three Hours Moto Safari in Safaga\"},{\"@type\":\"BreadcrumbList\",\"@id\":\"https:\\\/\\\/landioustravel.com\\\/cs\\\/shop\\\/trihodinovy-moto-safari-safaga\\\/#breadcrumb\",\"itemListElement\":[{\"@type\":\"ListItem\",\"position\":1,\"name\":\"Home\",\"item\":\"https:\\\/\\\/landioustravel.com\\\/cs\\\/\"},{\"@type\":\"ListItem\",\"position\":2,\"name\":\"Slu\u017eby a v\u00fdlety\",\"item\":\"https:\\\/\\\/landioustravel.com\\\/cs\\\/\"},{\"@type\":\"ListItem\",\"position\":3,\"name\":\"T\u0159\u00edhodinov\u00fd moto safari v Safag\u011b\"}]},{\"@type\":\"WebSite\",\"@id\":\"https:\\\/\\\/landioustravel.com\\\/cs\\\/#website\",\"url\":\"https:\\\/\\\/landioustravel.com\\\/cs\\\/\",\"name\":\"Landious Travel\",\"description\":\"Excursions, trips and cruises in Egypt\",\"publisher\":{\"@id\":\"https:\\\/\\\/landioustravel.com\\\/cs\\\/#organization\"},\"potentialAction\":[{\"@type\":\"SearchAction\",\"target\":{\"@type\":\"EntryPoint\",\"urlTemplate\":\"https:\\\/\\\/landioustravel.com\\\/cs\\\/?s={search_term_string}\"},\"query-input\":{\"@type\":\"PropertyValueSpecification\",\"valueRequired\":true,\"valueName\":\"search_term_string\"}}],\"inLanguage\":\"cs\"},{\"@type\":[\"Organization\",\"Place\"],\"@id\":\"https:\\\/\\\/landioustravel.com\\\/cs\\\/#organization\",\"name\":\"Landious Travel\",\"alternateName\":\"Landious Travel\",\"url\":\"https:\\\/\\\/landioustravel.com\\\/cs\\\/\",\"logo\":{\"@id\":\"https:\\\/\\\/landioustravel.com\\\/cs\\\/shop\\\/trihodinovy-moto-safari-safaga\\\/#local-main-organization-logo\"},\"image\":{\"@id\":\"https:\\\/\\\/landioustravel.com\\\/cs\\\/shop\\\/trihodinovy-moto-safari-safaga\\\/#local-main-organization-logo\"},\"sameAs\":[\"https:\\\/\\\/web.facebook.com\\\/landiousEgypt\",\"https:\\\/\\\/x.com\\\/LandiousTours\",\"https:\\\/\\\/mastodon.social\\\/@landious\"],\"legalName\":\"Landious Travel\",\"telephone\":[],\"openingHoursSpecification\":[{\"@type\":\"OpeningHoursSpecification\",\"dayOfWeek\":[\"Monday\",\"Tuesday\",\"Wednesday\",\"Thursday\",\"Friday\",\"Saturday\",\"Sunday\"],\"opens\":\"09:00\",\"closes\":\"17:00\"}]},{\"@type\":\"ImageObject\",\"inLanguage\":\"cs\",\"@id\":\"https:\\\/\\\/landioustravel.com\\\/cs\\\/shop\\\/trihodinovy-moto-safari-safaga\\\/#local-main-organization-logo\",\"url\":\"https:\\\/\\\/i0.wp.com\\\/landioustravel.com\\\/wp-content\\\/uploads\\\/2021\\\/06\\\/Landious-T.png?fit=500%2C500&ssl=1\",\"contentUrl\":\"https:\\\/\\\/i0.wp.com\\\/landioustravel.com\\\/wp-content\\\/uploads\\\/2021\\\/06\\\/Landious-T.png?fit=500%2C500&ssl=1\",\"width\":500,\"height\":500,\"caption\":\"Landious Travel\"}]}<\/script>\n<!-- \/ Yoast SEO Premium plugin. -->","yoast_head_json":{"title":"T\u0159\u00edhodinov\u00fd moto safari v Safag\u011b","description":"B\u011bhem v\u00fdletu na pou\u0161tn\u00ed safari \u201e T\u0159\u00edhodinov\u00fd moto safari v Safag\u011b \u201c si m\u016f\u017eete u\u017e\u00edt \u010dty\u0159kolku na vzd\u00e1lenost 50 km! V\u00fdlet v\u00e1m umo\u017en\u00ed u\u017e\u00edt si pou\u0161tn\u00ed p\u0159\u00edroda","robots":{"index":"index","follow":"follow","max-snippet":"max-snippet:-1","max-image-preview":"max-image-preview:large","max-video-preview":"max-video-preview:-1"},"canonical":"https:\/\/landioustravel.com\/cs\/shop\/trihodinovy-moto-safari-safaga\/","og_locale":"cs_CZ","og_type":"article","og_title":"T\u0159\u00edhodinov\u00fd moto safari v Safag\u011b","og_description":"Landious Travel","og_url":"https:\/\/landioustravel.com\/cs\/shop\/trihodinovy-moto-safari-safaga\/","og_site_name":"Landious Travel","article_publisher":"https:\/\/web.facebook.com\/landiousEgypt","article_modified_time":"2024-05-14T00:55:43+00:00","og_image":[{"width":1024,"height":575,"url":"https:\/\/landioustravel.com\/wp-content\/uploads\/2019\/09\/Quad_biking_for_three_hours_in_Safaga2-1024x575.jpg","type":"image\/jpeg"}],"twitter_card":"summary_large_image","twitter_site":"@LandiousTours","twitter_misc":{"Odhadovan\u00e1 doba \u010dten\u00ed":"2 minuty"},"schema":{"@context":"https:\/\/schema.org","@graph":[{"@type":"WebPage","@id":"https:\/\/landioustravel.com\/cs\/shop\/trihodinovy-moto-safari-safaga\/","url":"https:\/\/landioustravel.com\/cs\/shop\/trihodinovy-moto-safari-safaga\/","name":"T\u0159\u00edhodinov\u00fd moto safari v Safag\u011b","isPartOf":{"@id":"https:\/\/landioustravel.com\/cs\/#website"},"primaryImageOfPage":{"@id":"https:\/\/landioustravel.com\/cs\/shop\/trihodinovy-moto-safari-safaga\/#primaryimage"},"image":{"@id":"https:\/\/landioustravel.com\/cs\/shop\/trihodinovy-moto-safari-safaga\/#primaryimage"},"thumbnailUrl":"https:\/\/i0.wp.com\/landioustravel.com\/wp-content\/uploads\/2019\/09\/Quad_biking_for_three_hours_in_Safaga2.jpg?fit=3687%2C2071&ssl=1","datePublished":"2019-09-01T15:05:27+00:00","dateModified":"2024-05-14T00:55:43+00:00","description":"B\u011bhem v\u00fdletu na pou\u0161tn\u00ed safari \u201e T\u0159\u00edhodinov\u00fd moto safari v Safag\u011b \u201c si m\u016f\u017eete u\u017e\u00edt \u010dty\u0159kolku na vzd\u00e1lenost 50 km! V\u00fdlet v\u00e1m umo\u017en\u00ed u\u017e\u00edt si pou\u0161tn\u00ed p\u0159\u00edroda","breadcrumb":{"@id":"https:\/\/landioustravel.com\/cs\/shop\/trihodinovy-moto-safari-safaga\/#breadcrumb"},"inLanguage":"cs","potentialAction":[{"@type":"ReadAction","target":["https:\/\/landioustravel.com\/cs\/shop\/trihodinovy-moto-safari-safaga\/"]}]},{"@type":"ImageObject","inLanguage":"cs","@id":"https:\/\/landioustravel.com\/cs\/shop\/trihodinovy-moto-safari-safaga\/#primaryimage","url":"https:\/\/i0.wp.com\/landioustravel.com\/wp-content\/uploads\/2019\/09\/Quad_biking_for_three_hours_in_Safaga2.jpg?fit=3687%2C2071&ssl=1","contentUrl":"https:\/\/i0.wp.com\/landioustravel.com\/wp-content\/uploads\/2019\/09\/Quad_biking_for_three_hours_in_Safaga2.jpg?fit=3687%2C2071&ssl=1","width":3687,"height":2071,"caption":"Three Hours Moto Safari in Safaga"},{"@type":"BreadcrumbList","@id":"https:\/\/landioustravel.com\/cs\/shop\/trihodinovy-moto-safari-safaga\/#breadcrumb","itemListElement":[{"@type":"ListItem","position":1,"name":"Home","item":"https:\/\/landioustravel.com\/cs\/"},{"@type":"ListItem","position":2,"name":"Slu\u017eby a v\u00fdlety","item":"https:\/\/landioustravel.com\/cs\/"},{"@type":"ListItem","position":3,"name":"T\u0159\u00edhodinov\u00fd moto safari v Safag\u011b"}]},{"@type":"WebSite","@id":"https:\/\/landioustravel.com\/cs\/#website","url":"https:\/\/landioustravel.com\/cs\/","name":"Landious Travel","description":"Excursions, trips and cruises in Egypt","publisher":{"@id":"https:\/\/landioustravel.com\/cs\/#organization"},"potentialAction":[{"@type":"SearchAction","target":{"@type":"EntryPoint","urlTemplate":"https:\/\/landioustravel.com\/cs\/?s={search_term_string}"},"query-input":{"@type":"PropertyValueSpecification","valueRequired":true,"valueName":"search_term_string"}}],"inLanguage":"cs"},{"@type":["Organization","Place"],"@id":"https:\/\/landioustravel.com\/cs\/#organization","name":"Landious Travel","alternateName":"Landious Travel","url":"https:\/\/landioustravel.com\/cs\/","logo":{"@id":"https:\/\/landioustravel.com\/cs\/shop\/trihodinovy-moto-safari-safaga\/#local-main-organization-logo"},"image":{"@id":"https:\/\/landioustravel.com\/cs\/shop\/trihodinovy-moto-safari-safaga\/#local-main-organization-logo"},"sameAs":["https:\/\/web.facebook.com\/landiousEgypt","https:\/\/x.com\/LandiousTours","https:\/\/mastodon.social\/@landious"],"legalName":"Landious Travel","telephone":[],"openingHoursSpecification":[{"@type":"OpeningHoursSpecification","dayOfWeek":["Monday","Tuesday","Wednesday","Thursday","Friday","Saturday","Sunday"],"opens":"09:00","closes":"17:00"}]},{"@type":"ImageObject","inLanguage":"cs","@id":"https:\/\/landioustravel.com\/cs\/shop\/trihodinovy-moto-safari-safaga\/#local-main-organization-logo","url":"https:\/\/i0.wp.com\/landioustravel.com\/wp-content\/uploads\/2021\/06\/Landious-T.png?fit=500%2C500&ssl=1","contentUrl":"https:\/\/i0.wp.com\/landioustravel.com\/wp-content\/uploads\/2021\/06\/Landious-T.png?fit=500%2C500&ssl=1","width":500,"height":500,"caption":"Landious Travel"}]}},"jetpack_publicize_connections":[],"uagb_featured_image_src":{"full":["https:\/\/i0.wp.com\/landioustravel.com\/wp-content\/uploads\/2019\/09\/Quad_biking_for_three_hours_in_Safaga2.jpg?fit=3687%2C2071&ssl=1",3687,2071,false],"thumbnail":["https:\/\/i0.wp.com\/landioustravel.com\/wp-content\/uploads\/2019\/09\/Quad_biking_for_three_hours_in_Safaga2.jpg?resize=150%2C150&ssl=1",150,150,true],"medium":["https:\/\/i0.wp.com\/landioustravel.com\/wp-content\/uploads\/2019\/09\/Quad_biking_for_three_hours_in_Safaga2.jpg?fit=300%2C169&ssl=1",300,169,true],"medium_large":["https:\/\/i0.wp.com\/landioustravel.com\/wp-content\/uploads\/2019\/09\/Quad_biking_for_three_hours_in_Safaga2.jpg?fit=768%2C431&ssl=1",768,431,true],"large":["https:\/\/i0.wp.com\/landioustravel.com\/wp-content\/uploads\/2019\/09\/Quad_biking_for_three_hours_in_Safaga2.jpg?fit=980%2C550&ssl=1",980,550,true],"1536x1536":["https:\/\/i0.wp.com\/landioustravel.com\/wp-content\/uploads\/2019\/09\/Quad_biking_for_three_hours_in_Safaga2.jpg?fit=1536%2C863&ssl=1",1536,863,true],"2048x2048":["https:\/\/i0.wp.com\/landioustravel.com\/wp-content\/uploads\/2019\/09\/Quad_biking_for_three_hours_in_Safaga2.jpg?fit=2048%2C1150&ssl=1",2048,1150,true],"newspack-article-block-landscape-large":["https:\/\/i0.wp.com\/landioustravel.com\/wp-content\/uploads\/2019\/09\/Quad_biking_for_three_hours_in_Safaga2.jpg?resize=1200%2C900&ssl=1",1200,900,true],"newspack-article-block-portrait-large":["https:\/\/i0.wp.com\/landioustravel.com\/wp-content\/uploads\/2019\/09\/Quad_biking_for_three_hours_in_Safaga2.jpg?resize=900%2C1200&ssl=1",900,1200,true],"newspack-article-block-square-large":["https:\/\/i0.wp.com\/landioustravel.com\/wp-content\/uploads\/2019\/09\/Quad_biking_for_three_hours_in_Safaga2.jpg?resize=1200%2C1200&ssl=1",1200,1200,true],"newspack-article-block-landscape-medium":["https:\/\/i0.wp.com\/landioustravel.com\/wp-content\/uploads\/2019\/09\/Quad_biking_for_three_hours_in_Safaga2.jpg?resize=800%2C600&ssl=1",800,600,true],"newspack-article-block-portrait-medium":["https:\/\/i0.wp.com\/landioustravel.com\/wp-content\/uploads\/2019\/09\/Quad_biking_for_three_hours_in_Safaga2.jpg?resize=600%2C800&ssl=1",600,800,true],"newspack-article-block-square-medium":["https:\/\/i0.wp.com\/landioustravel.com\/wp-content\/uploads\/2019\/09\/Quad_biking_for_three_hours_in_Safaga2.jpg?resize=800%2C800&ssl=1",800,800,true],"newspack-article-block-landscape-intermediate":["https:\/\/i0.wp.com\/landioustravel.com\/wp-content\/uploads\/2019\/09\/Quad_biking_for_three_hours_in_Safaga2.jpg?resize=600%2C450&ssl=1",600,450,true],"newspack-article-block-portrait-intermediate":["https:\/\/i0.wp.com\/landioustravel.com\/wp-content\/uploads\/2019\/09\/Quad_biking_for_three_hours_in_Safaga2.jpg?resize=450%2C600&ssl=1",450,600,true],"newspack-article-block-square-intermediate":["https:\/\/i0.wp.com\/landioustravel.com\/wp-content\/uploads\/2019\/09\/Quad_biking_for_three_hours_in_Safaga2.jpg?resize=600%2C600&ssl=1",600,600,true],"newspack-article-block-landscape-small":["https:\/\/i0.wp.com\/landioustravel.com\/wp-content\/uploads\/2019\/09\/Quad_biking_for_three_hours_in_Safaga2.jpg?resize=400%2C300&ssl=1",400,300,true],"newspack-article-block-portrait-small":["https:\/\/i0.wp.com\/landioustravel.com\/wp-content\/uploads\/2019\/09\/Quad_biking_for_three_hours_in_Safaga2.jpg?resize=300%2C400&ssl=1",300,400,true],"newspack-article-block-square-small":["https:\/\/i0.wp.com\/landioustravel.com\/wp-content\/uploads\/2019\/09\/Quad_biking_for_three_hours_in_Safaga2.jpg?resize=400%2C400&ssl=1",400,400,true],"newspack-article-block-landscape-tiny":["https:\/\/i0.wp.com\/landioustravel.com\/wp-content\/uploads\/2019\/09\/Quad_biking_for_three_hours_in_Safaga2.jpg?resize=200%2C150&ssl=1",200,150,true],"newspack-article-block-portrait-tiny":["https:\/\/i0.wp.com\/landioustravel.com\/wp-content\/uploads\/2019\/09\/Quad_biking_for_three_hours_in_Safaga2.jpg?resize=150%2C200&ssl=1",150,200,true],"newspack-article-block-square-tiny":["https:\/\/i0.wp.com\/landioustravel.com\/wp-content\/uploads\/2019\/09\/Quad_biking_for_three_hours_in_Safaga2.jpg?resize=200%2C200&ssl=1",200,200,true],"newspack-article-block-uncropped":["https:\/\/i0.wp.com\/landioustravel.com\/wp-content\/uploads\/2019\/09\/Quad_biking_for_three_hours_in_Safaga2.jpg?fit=1200%2C674&ssl=1",1200,674,true],"woocommerce_thumbnail":["https:\/\/i0.wp.com\/landioustravel.com\/wp-content\/uploads\/2019\/09\/Quad_biking_for_three_hours_in_Safaga2.jpg?resize=324%2C324&ssl=1",324,324,true],"woocommerce_single":["https:\/\/i0.wp.com\/landioustravel.com\/wp-content\/uploads\/2019\/09\/Quad_biking_for_three_hours_in_Safaga2.jpg?fit=416%2C234&ssl=1",416,234,true],"woocommerce_gallery_thumbnail":["https:\/\/i0.wp.com\/landioustravel.com\/wp-content\/uploads\/2019\/09\/Quad_biking_for_three_hours_in_Safaga2.jpg?resize=100%2C100&ssl=1",100,100,true]},"uagb_author_info":{"display_name":"Mofreh Landious","author_link":"https:\/\/landioustravel.com\/cs\/author\/"},"uagb_comment_info":2,"uagb_excerpt":"Jste p\u0159ipraveni na nezapomenuteln\u00e9 dobrodru\u017estv\u00ed? Moto Safari 3 hours Hurghada je perfektn\u00ed p\u0159\u00edle\u017eitost\u00ed pro v\u00e1s a va\u0161e bl\u00edzk\u00e9 za\u017e\u00edt vzru\u0161en\u00ed z j\u00edzdy na \u010dty\u0159kolce uprost\u0159ed n\u00e1dhern\u00e9 scen\u00e9rie Egypta. Tato j\u00edzda slibuje adrenalinov\u00fd z\u00e1\u017eitek, kter\u00fd si m\u016f\u017eete v\u00e1\u017eit a sd\u00edlet s ostatn\u00edmi. \u010cty\u0159kolka je v\u0161estrann\u00fd zp\u016fsob dopravy, kter\u00fd kombinuje ty nejlep\u0161\u00ed vlastnosti motocyklu, d\u017e\u00edpu a traktoru.&hellip;","jetpack_sharing_enabled":true,"jetpack_likes_enabled":true,"amp_enabled":true,"_links":{"self":[{"href":"https:\/\/landioustravel.com\/cs\/wp-json\/wp\/v2\/product\/18734","targetHints":{"allow":["GET"]}}],"collection":[{"href":"https:\/\/landioustravel.com\/cs\/wp-json\/wp\/v2\/product"}],"about":[{"href":"https:\/\/landioustravel.com\/cs\/wp-json\/wp\/v2\/types\/product"}],"replies":[{"embeddable":true,"href":"https:\/\/landioustravel.com\/cs\/wp-json\/wp\/v2\/comments?post=18734"}],"wp:featuredmedia":[{"embeddable":true,"href":"https:\/\/landioustravel.com\/cs\/wp-json\/wp\/v2\/media\/18717"}],"wp:attachment":[{"href":"https:\/\/landioustravel.com\/cs\/wp-json\/wp\/v2\/media?parent=18734"}],"wp:term":[{"taxonomy":"product_brand","embeddable":true,"href":"https:\/\/landioustravel.com\/cs\/wp-json\/wp\/v2\/product_brand?post=18734"},{"taxonomy":"product_cat","embeddable":true,"href":"https:\/\/landioustravel.com\/cs\/wp-json\/wp\/v2\/product_cat?post=18734"},{"taxonomy":"product_tag","embeddable":true,"href":"https:\/\/landioustravel.com\/cs\/wp-json\/wp\/v2\/product_tag?post=18734"}],"curies":[{"name":"wp","href":"https:\/\/api.w.org\/{rel}","templated":true}]}}