{"id":19003,"date":"2018-12-07T20:25:21","date_gmt":"2019-09-04T10:05:59","guid":{"rendered":"https:\/\/landioustravel.com\/?post_type=product&#038;p=19003"},"modified":"2024-08-14T04:29:08","modified_gmt":"2024-08-14T01:29:08","slug":"snorchlovaci-exkurze-ras-mohammed-sarm","status":"publish","type":"product","link":"https:\/\/landioustravel.com\/cs\/shop\/snorchlovaci-exkurze-ras-mohammed-sarm\/","title":{"rendered":"\u0160norchlovac\u00ed exkurze k Ras Mohammedovi ze \u0160arm a\u0161-\u0160ajchu"},"content":{"rendered":"<p>N\u00e1dhern\u00fd v\u00fdlet lod\u00ed do chr\u00e1n\u011bn\u00e9 oblasti Ras Mohammed v \u0160arm a\u0161-\u0160ajchu! Doporu\u010dujeme v\u00fdlet, proto\u017ee umo\u017e\u0148uje turist\u016fm pobavit se u mo\u0159e! V\u00fdlet v\u00e1m d\u00e1v\u00e1 p\u0159\u00edle\u017eitost vid\u011bt kr\u00e1sn\u00e9 kor\u00e1ly a r\u016fzn\u00e9 ryby pomoc\u00ed masek a ploutv\u00ed. St\u00e1le si m\u016f\u017eete u\u017e\u00edvat mo\u0159sk\u00e9ho pikniku p\u0159es Rud\u00e9 mo\u0159e na jednom z nejzn\u00e1m\u011bj\u0161\u00edch m\u00edst na sv\u011bt\u011b. \u201e\u0160norchlovac\u00ed exkurze k Ras Mohammedovi ze \u0160arm a\u0161-\u0160ajchu\u201c je jednou z kr\u00e1sn\u00fdch slu\u017eeb, kter\u00e9 v\u00e1m p\u0159edstavujeme v \u0160arm a\u0161-\u0161ajchu v guinejsk\u00e9m m\u011bst\u011b Ji\u017en\u00ed Sinaj.<\/p>\n<h2>Hlavn\u00ed body programu exkurze k Ras Mohammedovi<\/h2>\n<ul>\n<li>Plavat na otev\u0159en\u00e9m mo\u0159i z jachty<\/li>\n<li>\u0160norchlov\u00e1n\u00ed s maskami a ploutvemi<\/li>\n<li>Tak\u00e9 ob\u011bd na lodi<\/li>\n<\/ul>\n<h3>Program v\u00fdlet\u016f do rezervy Ras Mohammed v \u0160arm a\u0161-\u0160ajchu<\/h3>\n<ul>\n<li>Jste vyzvednuti z hotelu p\u0159ibli\u017en\u011b v 08:00<\/li>\n<li>Pot\u00e9, co vezme v\u0161echny p\u0159\u00edchoz\u00ed, autobus jde do p\u0159\u00edstavu. Cesta do p\u0159\u00edstavu trv\u00e1 p\u0159ibli\u017en\u011b 20 minut<\/li>\n<li>Jachtu najdete v p\u0159\u00edstavu. Je to velk\u00fd a elegantn\u00ed! Jachta se skl\u00e1d\u00e1 ze dvou pater. Jakmile jdete do jachty, je nutn\u00e9 sundat va\u0161i obuv a stoupat ve druh\u00e9m pat\u0159e pro opalov\u00e1n\u00ed na horn\u00ed slune\u010dn\u00ed palub\u011b<\/li>\n<li>Jakmile se skupina shrom\u00e1\u017ed\u00ed, jachta pokra\u010duje p\u0159es Rud\u00e9 mo\u0159e. A pak na kr\u00e1sn\u00e9m m\u00edst\u011b kor\u00e1lov\u00e9ho mo\u0159e se zastav\u00edte. Tam m\u016f\u017eete plavat a \u0161norchlovat s maskami a ploutvemi<\/li>\n<li>Po takov\u00e9 zast\u00e1vce za\u010dne v\u00e1\u0161 ob\u011bd. B\u011bhem ob\u011bda se skupina shroma\u017e\u010fuje v prvn\u00edm pat\u0159e pobl\u00ed\u017e bufetu.<\/li>\n<li>Jachta se d\u00e1le pohybuje a na jin\u00e9m m\u00edst\u011b se zastavuje, aby opakovala plav\u00e1n\u00ed s maskami a ploutvemi.<\/li>\n<li>Tato \u201e\u0160norchlovac\u00ed exkurze k Ras Mohammedovi ze Sharm El-Sheikh\u201c kon\u010d\u00ed p\u0159ibli\u017en\u011b v 18:30<\/li>\n<\/ul>\n<h4>Co je zahrnuto v cen\u011b z\u00e1jezdu<\/h4>\n<ul>\n<li>J\u00eddlo<\/li>\n<li>Tak\u00e9 Transfer do p\u0159\u00edstavu a zp\u011bt do hotelu<\/li>\n<\/ul>\n<h5>Co nen\u00ed zahrnuto v cen\u011b z\u00e1jezdu<\/h5>\n<ul>\n<li>Vybaven\u00ed na \u0161norchlov\u00e1n\u00ed<\/li>\n<li>Video DVD<\/li>\n<li>Tak\u00e9, Photo CD<\/li>\n<\/ul>\n<h6>Co si vz\u00edt s sebou na cestu<\/h6>\n<ul>\n<li>Ru\u010dn\u00edk<\/li>\n<li>Vybaven\u00ed na \u0161norchlov\u00e1n\u00ed<\/li>\n<li>Tak\u00e9, opalovac\u00ed kr\u00e9m<\/li>\n<\/ul>\n<h6>DNY EXKURZN\u00cd ORGANIZACE<\/h6>\n<ul>\n<li>Denn\u011b od 08: 00-17: 00<\/li>\n<\/ul>\n","protected":false},"excerpt":{"rendered":"<p>Poznejte kr\u00e1su majest\u00e1tn\u00edch kor\u00e1lov\u00fdch \u00fates\u016f Rud\u00e9ho mo\u0159e na pohodln\u00e9m a bezpe\u010dn\u00e9m \u0161norchlovac\u00edm v\u00fdletu do n\u00e1rodn\u00edho parku Ras Mohammed. A\u0165 u\u017e d\u00e1v\u00e1te p\u0159ednost \u0161norchlov\u00e1n\u00ed v k\u0159i\u0161\u0165\u00e1lov\u011b \u010dist\u00fdch vod\u00e1ch nebo se jen vyh\u0159\u00edv\u00e1te v teple slunce na palub\u011b, pro ka\u017ed\u00e9ho m\u00e1me n\u011bco, co si u\u017eije. N\u00e1\u0161 p\u0159\u00e1telsk\u00fd pr\u016fvodce s v\u00e1mi bude na ka\u017ed\u00e9m kroku a zajist\u00ed v\u00e1m z\u00e1bavu a nezapomenuteln\u00fd \u010das. B\u011bhem cesty ud\u011bl\u00e1me dv\u011b a\u017e t\u0159i zast\u00e1vky podle po\u010das\u00ed, jednou z nich je ohromuj\u00edc\u00ed White Island sandbar. Vezm\u011bte pros\u00edm na v\u011bdom\u00ed, \u017ee n\u00e1klady na vybaven\u00ed pro \u0161norchlov\u00e1n\u00ed a vstupn\u00e9 do parku nejsou zahrnuty v cen\u011b v\u00fdletu.<\/p>\n<p>Vydejte se s n\u00e1mi na n\u00e1dhern\u00fd v\u00fdlet lod\u00ed v chr\u00e1n\u011bn\u00e9 oblasti Ras Mohammed! Tento n\u00e1rodn\u00ed park je domovem n\u011bkter\u00fdch z nejkr\u00e1sn\u011bj\u0161\u00edch kor\u00e1lov\u00fdch \u00fates\u016f a ryb v Sharm El-Sheikhu, co\u017e z n\u011bj \u010din\u00ed c\u00edl, kter\u00fd mus\u00ed milovn\u00edci p\u0159\u00edrody nav\u0161t\u00edvit. Na\u0161e lo\u010f v\u00e1s zaveze na nejlep\u0161\u00ed m\u00edsta pro \u0161norchlov\u00e1n\u00ed v t\u00e9to oblasti, kde m\u016f\u017eete objevovat z\u00e1zraky podmo\u0159sk\u00e9ho sv\u011bta. M\u016f\u017eete si tak\u00e9 vybrat plav\u00e1n\u00ed nebo opalov\u00e1n\u00ed, pokud chcete. B\u011bhem cesty v\u00e1s n\u00e1\u0161 zku\u0161en\u00fd pr\u016fvodce sezn\u00e1m\u00ed s r\u016fzn\u00fdmi druhy ryb v t\u00e9to oblasti a zajist\u00ed va\u0161i bezpe\u010dnost po celou dobu.<\/p>\n<p>Ch\u00e1peme, \u017ee va\u0161e pohodl\u00ed a po\u017eitek jsou d\u016fle\u017eit\u00e9, a proto jsme pro v\u00e1s zahrnuli chutn\u00fd ob\u011bd na palub\u011b lodi, kter\u00fd si m\u016f\u017eete vychutnat. O nic se nemus\u00edte starat, proto\u017ee se postar\u00e1me o v\u0161echny va\u0161e p\u0159esuny A\/C Vanem a poskytneme v\u00e1m z\u00e1\u017eitek bez stresu.<\/p>\n<p>Na konci dne v\u00e1s na\u0161e lo\u010f doprovod\u00ed zp\u011bt do p\u0159\u00edstavu Sharm a odtud v\u00e1s odveze zp\u011bt do va\u0161eho hotelu. Douf\u00e1me, \u017ee v\u00e1\u0161 v\u00fdlet s n\u00e1mi bude nezapomenuteln\u00fd a pln\u00fd trval\u00fdch vzpom\u00ednek!<\/p>\n","protected":false},"featured_media":100343,"comment_status":"open","ping_status":"closed","template":"","meta":{"_coblocks_attr":"","_coblocks_dimensions":"","_coblocks_responsive_height":"","_coblocks_accordion_ie_support":"","_uag_custom_page_level_css":"","jetpack_publicize_message":"","jetpack_publicize_feature_enabled":true,"jetpack_social_post_already_shared":true,"jetpack_social_options":{"image_generator_settings":{"template":"highway","default_image_id":0,"font":"","enabled":false},"version":2},"_wpas_customize_per_network":false},"product_brand":[],"product_cat":[16317,16309],"product_tag":[16362,16363,16338,16378,16368],"class_list":{"0":"post-19003","1":"product","2":"type-product","3":"status-publish","4":"has-post-thumbnail","6":"product_cat-namorni-vylety-sarm-sajch","7":"product_cat-vylety-sarm-sajch","8":"product_tag-more-cs","9":"product_tag-namorni-vylety","10":"product_tag-vylet","11":"product_tag-sarm-as-sajch","12":"product_tag-snorchlovani","13":"pa_age-dite-1-4-roky","14":"pa_age-dite-5-11-let","15":"pa_age-dospely","17":"first","18":"instock","19":"sale","20":"purchasable","21":"product-type-variable"},"yoast_head":"<!-- This site is optimized with the Yoast SEO Premium plugin v26.9 (Yoast SEO v27.4) - https:\/\/yoast.com\/product\/yoast-seo-premium-wordpress\/ -->\n<title>\u0160norchlovac\u00ed exkurze k Ras Mohammedovi ze \u0160arm a\u0161-\u0160ajchu<\/title>\n<meta name=\"description\" content=\"\u0160norchlovac\u00ed exkurze k Ras Mohammedovi ze \u0160arm a\u0161-\u0160ajchu Doporu\u010dujeme v\u00fdlet, proto\u017ee umo\u017e\u0148uje turist\u016fm pobavit se u mo\u0159e! V\u00fdlet v\u00e1m d\u00e1v\u00e1 p\u0159\u00edle\u017eitost vid\u011bt\" \/>\n<meta name=\"robots\" content=\"index, follow, max-snippet:-1, max-image-preview:large, max-video-preview:-1\" \/>\n<link rel=\"canonical\" href=\"https:\/\/landioustravel.com\/cs\/shop\/snorchlovaci-exkurze-ras-mohammed-sarm\/\" \/>\n<meta property=\"og:locale\" content=\"cs_CZ\" \/>\n<meta property=\"og:type\" content=\"article\" \/>\n<meta property=\"og:title\" content=\"\u0160norchlovac\u00ed exkurze k Ras Mohammedovi ze \u0160arm a\u0161-\u0160ajchu\" \/>\n<meta property=\"og:description\" content=\"Landious Travel\" \/>\n<meta property=\"og:url\" content=\"https:\/\/landioustravel.com\/cs\/shop\/snorchlovaci-exkurze-ras-mohammed-sarm\/\" \/>\n<meta property=\"og:site_name\" content=\"Landious Travel\" \/>\n<meta property=\"article:publisher\" content=\"https:\/\/web.facebook.com\/landiousEgypt\" \/>\n<meta property=\"article:modified_time\" content=\"2024-08-14T01:29:08+00:00\" \/>\n<meta property=\"og:image\" content=\"https:\/\/i0.wp.com\/landioustravel.com\/wp-content\/uploads\/2018\/12\/Ras-Mohammed-Snorkelling-Trip-Sharm-El-Sheikh-e1669505579298.jpg?fit=1200%2C675&ssl=1\" \/>\n\t<meta property=\"og:image:width\" content=\"1200\" \/>\n\t<meta property=\"og:image:height\" content=\"675\" \/>\n\t<meta property=\"og:image:type\" content=\"image\/jpeg\" \/>\n<meta name=\"twitter:card\" content=\"summary_large_image\" \/>\n<meta name=\"twitter:site\" content=\"@LandiousTours\" \/>\n<meta name=\"twitter:label1\" content=\"Odhadovan\u00e1 doba \u010dten\u00ed\" \/>\n\t<meta name=\"twitter:data1\" content=\"2 minuty\" \/>\n<script type=\"application\/ld+json\" class=\"yoast-schema-graph\">{\"@context\":\"https:\\\/\\\/schema.org\",\"@graph\":[{\"@type\":\"WebPage\",\"@id\":\"https:\\\/\\\/landioustravel.com\\\/cs\\\/shop\\\/snorchlovaci-exkurze-ras-mohammed-sarm\\\/\",\"url\":\"https:\\\/\\\/landioustravel.com\\\/cs\\\/shop\\\/snorchlovaci-exkurze-ras-mohammed-sarm\\\/\",\"name\":\"\u0160norchlovac\u00ed exkurze k Ras Mohammedovi ze \u0160arm a\u0161-\u0160ajchu\",\"isPartOf\":{\"@id\":\"https:\\\/\\\/landioustravel.com\\\/cs\\\/#website\"},\"primaryImageOfPage\":{\"@id\":\"https:\\\/\\\/landioustravel.com\\\/cs\\\/shop\\\/snorchlovaci-exkurze-ras-mohammed-sarm\\\/#primaryimage\"},\"image\":{\"@id\":\"https:\\\/\\\/landioustravel.com\\\/cs\\\/shop\\\/snorchlovaci-exkurze-ras-mohammed-sarm\\\/#primaryimage\"},\"thumbnailUrl\":\"https:\\\/\\\/i0.wp.com\\\/landioustravel.com\\\/wp-content\\\/uploads\\\/2018\\\/12\\\/Ras-Mohammed-Snorkelling-Trip-Sharm-El-Sheikh-e1669505579298.jpg?fit=1200%2C675&ssl=1\",\"datePublished\":\"2019-09-04T10:05:59+00:00\",\"dateModified\":\"2024-08-14T01:29:08+00:00\",\"description\":\"\u0160norchlovac\u00ed exkurze k Ras Mohammedovi ze \u0160arm a\u0161-\u0160ajchu Doporu\u010dujeme v\u00fdlet, proto\u017ee umo\u017e\u0148uje turist\u016fm pobavit se u mo\u0159e! V\u00fdlet v\u00e1m d\u00e1v\u00e1 p\u0159\u00edle\u017eitost vid\u011bt\",\"breadcrumb\":{\"@id\":\"https:\\\/\\\/landioustravel.com\\\/cs\\\/shop\\\/snorchlovaci-exkurze-ras-mohammed-sarm\\\/#breadcrumb\"},\"inLanguage\":\"cs\",\"potentialAction\":[{\"@type\":\"ReadAction\",\"target\":[\"https:\\\/\\\/landioustravel.com\\\/cs\\\/shop\\\/snorchlovaci-exkurze-ras-mohammed-sarm\\\/\"]}]},{\"@type\":\"ImageObject\",\"inLanguage\":\"cs\",\"@id\":\"https:\\\/\\\/landioustravel.com\\\/cs\\\/shop\\\/snorchlovaci-exkurze-ras-mohammed-sarm\\\/#primaryimage\",\"url\":\"https:\\\/\\\/i0.wp.com\\\/landioustravel.com\\\/wp-content\\\/uploads\\\/2018\\\/12\\\/Ras-Mohammed-Snorkelling-Trip-Sharm-El-Sheikh-e1669505579298.jpg?fit=1200%2C675&ssl=1\",\"contentUrl\":\"https:\\\/\\\/i0.wp.com\\\/landioustravel.com\\\/wp-content\\\/uploads\\\/2018\\\/12\\\/Ras-Mohammed-Snorkelling-Trip-Sharm-El-Sheikh-e1669505579298.jpg?fit=1200%2C675&ssl=1\",\"width\":1200,\"height\":675,\"caption\":\"Ras Mohammed Snorkelling Trip Sharm El Sheikh\"},{\"@type\":\"BreadcrumbList\",\"@id\":\"https:\\\/\\\/landioustravel.com\\\/cs\\\/shop\\\/snorchlovaci-exkurze-ras-mohammed-sarm\\\/#breadcrumb\",\"itemListElement\":[{\"@type\":\"ListItem\",\"position\":1,\"name\":\"Home\",\"item\":\"https:\\\/\\\/landioustravel.com\\\/cs\\\/\"},{\"@type\":\"ListItem\",\"position\":2,\"name\":\"Slu\u017eby a v\u00fdlety\",\"item\":\"https:\\\/\\\/landioustravel.com\\\/cs\\\/\"},{\"@type\":\"ListItem\",\"position\":3,\"name\":\"\u0160norchlovac\u00ed exkurze k Ras Mohammedovi ze \u0160arm a\u0161-\u0160ajchu\"}]},{\"@type\":\"WebSite\",\"@id\":\"https:\\\/\\\/landioustravel.com\\\/cs\\\/#website\",\"url\":\"https:\\\/\\\/landioustravel.com\\\/cs\\\/\",\"name\":\"Landious Travel\",\"description\":\"Excursions, trips and cruises in Egypt\",\"publisher\":{\"@id\":\"https:\\\/\\\/landioustravel.com\\\/cs\\\/#organization\"},\"potentialAction\":[{\"@type\":\"SearchAction\",\"target\":{\"@type\":\"EntryPoint\",\"urlTemplate\":\"https:\\\/\\\/landioustravel.com\\\/cs\\\/?s={search_term_string}\"},\"query-input\":{\"@type\":\"PropertyValueSpecification\",\"valueRequired\":true,\"valueName\":\"search_term_string\"}}],\"inLanguage\":\"cs\"},{\"@type\":[\"Organization\",\"Place\"],\"@id\":\"https:\\\/\\\/landioustravel.com\\\/cs\\\/#organization\",\"name\":\"Landious Travel\",\"alternateName\":\"Landious Travel\",\"url\":\"https:\\\/\\\/landioustravel.com\\\/cs\\\/\",\"logo\":{\"@id\":\"https:\\\/\\\/landioustravel.com\\\/cs\\\/shop\\\/snorchlovaci-exkurze-ras-mohammed-sarm\\\/#local-main-organization-logo\"},\"image\":{\"@id\":\"https:\\\/\\\/landioustravel.com\\\/cs\\\/shop\\\/snorchlovaci-exkurze-ras-mohammed-sarm\\\/#local-main-organization-logo\"},\"sameAs\":[\"https:\\\/\\\/web.facebook.com\\\/landiousEgypt\",\"https:\\\/\\\/x.com\\\/LandiousTours\",\"https:\\\/\\\/mastodon.social\\\/@landious\"],\"legalName\":\"Landious Travel\",\"telephone\":[],\"openingHoursSpecification\":[{\"@type\":\"OpeningHoursSpecification\",\"dayOfWeek\":[\"Monday\",\"Tuesday\",\"Wednesday\",\"Thursday\",\"Friday\",\"Saturday\",\"Sunday\"],\"opens\":\"09:00\",\"closes\":\"17:00\"}]},{\"@type\":\"ImageObject\",\"inLanguage\":\"cs\",\"@id\":\"https:\\\/\\\/landioustravel.com\\\/cs\\\/shop\\\/snorchlovaci-exkurze-ras-mohammed-sarm\\\/#local-main-organization-logo\",\"url\":\"https:\\\/\\\/i0.wp.com\\\/landioustravel.com\\\/wp-content\\\/uploads\\\/2021\\\/06\\\/Landious-T.png?fit=500%2C500&ssl=1\",\"contentUrl\":\"https:\\\/\\\/i0.wp.com\\\/landioustravel.com\\\/wp-content\\\/uploads\\\/2021\\\/06\\\/Landious-T.png?fit=500%2C500&ssl=1\",\"width\":500,\"height\":500,\"caption\":\"Landious Travel\"}]}<\/script>\n<!-- \/ Yoast SEO Premium plugin. -->","yoast_head_json":{"title":"\u0160norchlovac\u00ed exkurze k Ras Mohammedovi ze \u0160arm a\u0161-\u0160ajchu","description":"\u0160norchlovac\u00ed exkurze k Ras Mohammedovi ze \u0160arm a\u0161-\u0160ajchu Doporu\u010dujeme v\u00fdlet, proto\u017ee umo\u017e\u0148uje turist\u016fm pobavit se u mo\u0159e! V\u00fdlet v\u00e1m d\u00e1v\u00e1 p\u0159\u00edle\u017eitost vid\u011bt","robots":{"index":"index","follow":"follow","max-snippet":"max-snippet:-1","max-image-preview":"max-image-preview:large","max-video-preview":"max-video-preview:-1"},"canonical":"https:\/\/landioustravel.com\/cs\/shop\/snorchlovaci-exkurze-ras-mohammed-sarm\/","og_locale":"cs_CZ","og_type":"article","og_title":"\u0160norchlovac\u00ed exkurze k Ras Mohammedovi ze \u0160arm a\u0161-\u0160ajchu","og_description":"Landious Travel","og_url":"https:\/\/landioustravel.com\/cs\/shop\/snorchlovaci-exkurze-ras-mohammed-sarm\/","og_site_name":"Landious Travel","article_publisher":"https:\/\/web.facebook.com\/landiousEgypt","article_modified_time":"2024-08-14T01:29:08+00:00","og_image":[{"width":1200,"height":675,"url":"https:\/\/i0.wp.com\/landioustravel.com\/wp-content\/uploads\/2018\/12\/Ras-Mohammed-Snorkelling-Trip-Sharm-El-Sheikh-e1669505579298.jpg?fit=1200%2C675&ssl=1","type":"image\/jpeg"}],"twitter_card":"summary_large_image","twitter_site":"@LandiousTours","twitter_misc":{"Odhadovan\u00e1 doba \u010dten\u00ed":"2 minuty"},"schema":{"@context":"https:\/\/schema.org","@graph":[{"@type":"WebPage","@id":"https:\/\/landioustravel.com\/cs\/shop\/snorchlovaci-exkurze-ras-mohammed-sarm\/","url":"https:\/\/landioustravel.com\/cs\/shop\/snorchlovaci-exkurze-ras-mohammed-sarm\/","name":"\u0160norchlovac\u00ed exkurze k Ras Mohammedovi ze \u0160arm a\u0161-\u0160ajchu","isPartOf":{"@id":"https:\/\/landioustravel.com\/cs\/#website"},"primaryImageOfPage":{"@id":"https:\/\/landioustravel.com\/cs\/shop\/snorchlovaci-exkurze-ras-mohammed-sarm\/#primaryimage"},"image":{"@id":"https:\/\/landioustravel.com\/cs\/shop\/snorchlovaci-exkurze-ras-mohammed-sarm\/#primaryimage"},"thumbnailUrl":"https:\/\/i0.wp.com\/landioustravel.com\/wp-content\/uploads\/2018\/12\/Ras-Mohammed-Snorkelling-Trip-Sharm-El-Sheikh-e1669505579298.jpg?fit=1200%2C675&ssl=1","datePublished":"2019-09-04T10:05:59+00:00","dateModified":"2024-08-14T01:29:08+00:00","description":"\u0160norchlovac\u00ed exkurze k Ras Mohammedovi ze \u0160arm a\u0161-\u0160ajchu Doporu\u010dujeme v\u00fdlet, proto\u017ee umo\u017e\u0148uje turist\u016fm pobavit se u mo\u0159e! V\u00fdlet v\u00e1m d\u00e1v\u00e1 p\u0159\u00edle\u017eitost vid\u011bt","breadcrumb":{"@id":"https:\/\/landioustravel.com\/cs\/shop\/snorchlovaci-exkurze-ras-mohammed-sarm\/#breadcrumb"},"inLanguage":"cs","potentialAction":[{"@type":"ReadAction","target":["https:\/\/landioustravel.com\/cs\/shop\/snorchlovaci-exkurze-ras-mohammed-sarm\/"]}]},{"@type":"ImageObject","inLanguage":"cs","@id":"https:\/\/landioustravel.com\/cs\/shop\/snorchlovaci-exkurze-ras-mohammed-sarm\/#primaryimage","url":"https:\/\/i0.wp.com\/landioustravel.com\/wp-content\/uploads\/2018\/12\/Ras-Mohammed-Snorkelling-Trip-Sharm-El-Sheikh-e1669505579298.jpg?fit=1200%2C675&ssl=1","contentUrl":"https:\/\/i0.wp.com\/landioustravel.com\/wp-content\/uploads\/2018\/12\/Ras-Mohammed-Snorkelling-Trip-Sharm-El-Sheikh-e1669505579298.jpg?fit=1200%2C675&ssl=1","width":1200,"height":675,"caption":"Ras Mohammed Snorkelling Trip Sharm El Sheikh"},{"@type":"BreadcrumbList","@id":"https:\/\/landioustravel.com\/cs\/shop\/snorchlovaci-exkurze-ras-mohammed-sarm\/#breadcrumb","itemListElement":[{"@type":"ListItem","position":1,"name":"Home","item":"https:\/\/landioustravel.com\/cs\/"},{"@type":"ListItem","position":2,"name":"Slu\u017eby a v\u00fdlety","item":"https:\/\/landioustravel.com\/cs\/"},{"@type":"ListItem","position":3,"name":"\u0160norchlovac\u00ed exkurze k Ras Mohammedovi ze \u0160arm a\u0161-\u0160ajchu"}]},{"@type":"WebSite","@id":"https:\/\/landioustravel.com\/cs\/#website","url":"https:\/\/landioustravel.com\/cs\/","name":"Landious Travel","description":"Excursions, trips and cruises in Egypt","publisher":{"@id":"https:\/\/landioustravel.com\/cs\/#organization"},"potentialAction":[{"@type":"SearchAction","target":{"@type":"EntryPoint","urlTemplate":"https:\/\/landioustravel.com\/cs\/?s={search_term_string}"},"query-input":{"@type":"PropertyValueSpecification","valueRequired":true,"valueName":"search_term_string"}}],"inLanguage":"cs"},{"@type":["Organization","Place"],"@id":"https:\/\/landioustravel.com\/cs\/#organization","name":"Landious Travel","alternateName":"Landious Travel","url":"https:\/\/landioustravel.com\/cs\/","logo":{"@id":"https:\/\/landioustravel.com\/cs\/shop\/snorchlovaci-exkurze-ras-mohammed-sarm\/#local-main-organization-logo"},"image":{"@id":"https:\/\/landioustravel.com\/cs\/shop\/snorchlovaci-exkurze-ras-mohammed-sarm\/#local-main-organization-logo"},"sameAs":["https:\/\/web.facebook.com\/landiousEgypt","https:\/\/x.com\/LandiousTours","https:\/\/mastodon.social\/@landious"],"legalName":"Landious Travel","telephone":[],"openingHoursSpecification":[{"@type":"OpeningHoursSpecification","dayOfWeek":["Monday","Tuesday","Wednesday","Thursday","Friday","Saturday","Sunday"],"opens":"09:00","closes":"17:00"}]},{"@type":"ImageObject","inLanguage":"cs","@id":"https:\/\/landioustravel.com\/cs\/shop\/snorchlovaci-exkurze-ras-mohammed-sarm\/#local-main-organization-logo","url":"https:\/\/i0.wp.com\/landioustravel.com\/wp-content\/uploads\/2021\/06\/Landious-T.png?fit=500%2C500&ssl=1","contentUrl":"https:\/\/i0.wp.com\/landioustravel.com\/wp-content\/uploads\/2021\/06\/Landious-T.png?fit=500%2C500&ssl=1","width":500,"height":500,"caption":"Landious Travel"}]}},"jetpack_publicize_connections":[],"uagb_featured_image_src":{"full":["https:\/\/i0.wp.com\/landioustravel.com\/wp-content\/uploads\/2018\/12\/Ras-Mohammed-Snorkelling-Trip-Sharm-El-Sheikh-e1669505579298.jpg?fit=1200%2C675&ssl=1",1200,675,false],"thumbnail":["https:\/\/i0.wp.com\/landioustravel.com\/wp-content\/uploads\/2018\/12\/Ras-Mohammed-Snorkelling-Trip-Sharm-El-Sheikh-e1669505579298.jpg?resize=150%2C150&ssl=1",150,150,true],"medium":["https:\/\/i0.wp.com\/landioustravel.com\/wp-content\/uploads\/2018\/12\/Ras-Mohammed-Snorkelling-Trip-Sharm-El-Sheikh-e1669505579298.jpg?fit=300%2C169&ssl=1",300,169,true],"medium_large":["https:\/\/i0.wp.com\/landioustravel.com\/wp-content\/uploads\/2018\/12\/Ras-Mohammed-Snorkelling-Trip-Sharm-El-Sheikh-e1669505579298.jpg?fit=768%2C432&ssl=1",768,432,true],"large":["https:\/\/i0.wp.com\/landioustravel.com\/wp-content\/uploads\/2018\/12\/Ras-Mohammed-Snorkelling-Trip-Sharm-El-Sheikh-e1669505579298.jpg?fit=980%2C551&ssl=1",980,551,true],"1536x1536":["https:\/\/i0.wp.com\/landioustravel.com\/wp-content\/uploads\/2018\/12\/Ras-Mohammed-Snorkelling-Trip-Sharm-El-Sheikh-e1669505579298.jpg?fit=1536%2C931&ssl=1",1536,931,true],"2048x2048":["https:\/\/i0.wp.com\/landioustravel.com\/wp-content\/uploads\/2018\/12\/Ras-Mohammed-Snorkelling-Trip-Sharm-El-Sheikh-e1669505579298.jpg?fit=1200%2C675&ssl=1",1200,675,true],"newspack-article-block-landscape-large":["https:\/\/i0.wp.com\/landioustravel.com\/wp-content\/uploads\/2018\/12\/Ras-Mohammed-Snorkelling-Trip-Sharm-El-Sheikh-e1669505579298.jpg?resize=1200%2C675&ssl=1",1200,675,true],"newspack-article-block-portrait-large":["https:\/\/i0.wp.com\/landioustravel.com\/wp-content\/uploads\/2018\/12\/Ras-Mohammed-Snorkelling-Trip-Sharm-El-Sheikh-e1669505579298.jpg?resize=900%2C675&ssl=1",900,675,true],"newspack-article-block-square-large":["https:\/\/i0.wp.com\/landioustravel.com\/wp-content\/uploads\/2018\/12\/Ras-Mohammed-Snorkelling-Trip-Sharm-El-Sheikh-e1669505579298.jpg?resize=1200%2C675&ssl=1",1200,675,true],"newspack-article-block-landscape-medium":["https:\/\/i0.wp.com\/landioustravel.com\/wp-content\/uploads\/2018\/12\/Ras-Mohammed-Snorkelling-Trip-Sharm-El-Sheikh-e1669505579298.jpg?resize=800%2C600&ssl=1",800,600,true],"newspack-article-block-portrait-medium":["https:\/\/i0.wp.com\/landioustravel.com\/wp-content\/uploads\/2018\/12\/Ras-Mohammed-Snorkelling-Trip-Sharm-El-Sheikh-e1669505579298.jpg?resize=600%2C675&ssl=1",600,675,true],"newspack-article-block-square-medium":["https:\/\/i0.wp.com\/landioustravel.com\/wp-content\/uploads\/2018\/12\/Ras-Mohammed-Snorkelling-Trip-Sharm-El-Sheikh-e1669505579298.jpg?resize=800%2C675&ssl=1",800,675,true],"newspack-article-block-landscape-intermediate":["https:\/\/i0.wp.com\/landioustravel.com\/wp-content\/uploads\/2018\/12\/Ras-Mohammed-Snorkelling-Trip-Sharm-El-Sheikh-e1669505579298.jpg?resize=600%2C450&ssl=1",600,450,true],"newspack-article-block-portrait-intermediate":["https:\/\/i0.wp.com\/landioustravel.com\/wp-content\/uploads\/2018\/12\/Ras-Mohammed-Snorkelling-Trip-Sharm-El-Sheikh-e1669505579298.jpg?resize=450%2C600&ssl=1",450,600,true],"newspack-article-block-square-intermediate":["https:\/\/i0.wp.com\/landioustravel.com\/wp-content\/uploads\/2018\/12\/Ras-Mohammed-Snorkelling-Trip-Sharm-El-Sheikh-e1669505579298.jpg?resize=600%2C600&ssl=1",600,600,true],"newspack-article-block-landscape-small":["https:\/\/i0.wp.com\/landioustravel.com\/wp-content\/uploads\/2018\/12\/Ras-Mohammed-Snorkelling-Trip-Sharm-El-Sheikh-e1669505579298.jpg?resize=400%2C300&ssl=1",400,300,true],"newspack-article-block-portrait-small":["https:\/\/i0.wp.com\/landioustravel.com\/wp-content\/uploads\/2018\/12\/Ras-Mohammed-Snorkelling-Trip-Sharm-El-Sheikh-e1669505579298.jpg?resize=300%2C400&ssl=1",300,400,true],"newspack-article-block-square-small":["https:\/\/i0.wp.com\/landioustravel.com\/wp-content\/uploads\/2018\/12\/Ras-Mohammed-Snorkelling-Trip-Sharm-El-Sheikh-e1669505579298.jpg?resize=400%2C400&ssl=1",400,400,true],"newspack-article-block-landscape-tiny":["https:\/\/i0.wp.com\/landioustravel.com\/wp-content\/uploads\/2018\/12\/Ras-Mohammed-Snorkelling-Trip-Sharm-El-Sheikh-e1669505579298.jpg?resize=200%2C150&ssl=1",200,150,true],"newspack-article-block-portrait-tiny":["https:\/\/i0.wp.com\/landioustravel.com\/wp-content\/uploads\/2018\/12\/Ras-Mohammed-Snorkelling-Trip-Sharm-El-Sheikh-e1669505579298.jpg?resize=150%2C200&ssl=1",150,200,true],"newspack-article-block-square-tiny":["https:\/\/i0.wp.com\/landioustravel.com\/wp-content\/uploads\/2018\/12\/Ras-Mohammed-Snorkelling-Trip-Sharm-El-Sheikh-e1669505579298.jpg?resize=200%2C200&ssl=1",200,200,true],"newspack-article-block-uncropped":["https:\/\/i0.wp.com\/landioustravel.com\/wp-content\/uploads\/2018\/12\/Ras-Mohammed-Snorkelling-Trip-Sharm-El-Sheikh-e1669505579298.jpg?fit=1200%2C675&ssl=1",1200,675,true],"woocommerce_thumbnail":["https:\/\/i0.wp.com\/landioustravel.com\/wp-content\/uploads\/2018\/12\/Ras-Mohammed-Snorkelling-Trip-Sharm-El-Sheikh-e1669505579298.jpg?resize=324%2C324&ssl=1",324,324,true],"woocommerce_single":["https:\/\/i0.wp.com\/landioustravel.com\/wp-content\/uploads\/2018\/12\/Ras-Mohammed-Snorkelling-Trip-Sharm-El-Sheikh-e1669505579298.jpg?fit=416%2C234&ssl=1",416,234,true],"woocommerce_gallery_thumbnail":["https:\/\/i0.wp.com\/landioustravel.com\/wp-content\/uploads\/2018\/12\/Ras-Mohammed-Snorkelling-Trip-Sharm-El-Sheikh-e1669505579298.jpg?resize=100%2C100&ssl=1",100,100,true]},"uagb_author_info":{"display_name":"Mofreh Landious","author_link":"https:\/\/landioustravel.com\/cs\/author\/"},"uagb_comment_info":4,"uagb_excerpt":"Poznejte kr\u00e1su majest\u00e1tn\u00edch kor\u00e1lov\u00fdch \u00fates\u016f Rud\u00e9ho mo\u0159e na pohodln\u00e9m a bezpe\u010dn\u00e9m \u0161norchlovac\u00edm v\u00fdletu do n\u00e1rodn\u00edho parku Ras Mohammed. A\u0165 u\u017e d\u00e1v\u00e1te p\u0159ednost \u0161norchlov\u00e1n\u00ed v k\u0159i\u0161\u0165\u00e1lov\u011b \u010dist\u00fdch vod\u00e1ch nebo se jen vyh\u0159\u00edv\u00e1te v teple slunce na palub\u011b, pro ka\u017ed\u00e9ho m\u00e1me n\u011bco, co si u\u017eije. N\u00e1\u0161 p\u0159\u00e1telsk\u00fd pr\u016fvodce s v\u00e1mi bude na ka\u017ed\u00e9m kroku a zajist\u00ed v\u00e1m&hellip;","jetpack_sharing_enabled":true,"jetpack_likes_enabled":true,"amp_enabled":true,"_links":{"self":[{"href":"https:\/\/landioustravel.com\/cs\/wp-json\/wp\/v2\/product\/19003","targetHints":{"allow":["GET"]}}],"collection":[{"href":"https:\/\/landioustravel.com\/cs\/wp-json\/wp\/v2\/product"}],"about":[{"href":"https:\/\/landioustravel.com\/cs\/wp-json\/wp\/v2\/types\/product"}],"replies":[{"embeddable":true,"href":"https:\/\/landioustravel.com\/cs\/wp-json\/wp\/v2\/comments?post=19003"}],"wp:featuredmedia":[{"embeddable":true,"href":"https:\/\/landioustravel.com\/cs\/wp-json\/wp\/v2\/media\/100343"}],"wp:attachment":[{"href":"https:\/\/landioustravel.com\/cs\/wp-json\/wp\/v2\/media?parent=19003"}],"wp:term":[{"taxonomy":"product_brand","embeddable":true,"href":"https:\/\/landioustravel.com\/cs\/wp-json\/wp\/v2\/product_brand?post=19003"},{"taxonomy":"product_cat","embeddable":true,"href":"https:\/\/landioustravel.com\/cs\/wp-json\/wp\/v2\/product_cat?post=19003"},{"taxonomy":"product_tag","embeddable":true,"href":"https:\/\/landioustravel.com\/cs\/wp-json\/wp\/v2\/product_tag?post=19003"}],"curies":[{"name":"wp","href":"https:\/\/api.w.org\/{rel}","templated":true}]}}