{"id":19006,"date":"2018-12-06T15:16:29","date_gmt":"2019-09-04T10:18:13","guid":{"rendered":"https:\/\/landioustravel.com\/?post_type=product&#038;p=19006"},"modified":"2026-04-20T19:13:42","modified_gmt":"2026-04-20T17:13:42","slug":"vylet-potapeni-ras-mohammed-sarm","status":"publish","type":"product","link":"https:\/\/landioustravel.com\/cs\/shop\/vylet-potapeni-ras-mohammed-sarm\/","title":{"rendered":"V\u00fdlet na pot\u00e1p\u011bn\u00ed v Ras Mohammedovi ze \u0160arm a\u0161-\u0161ajchu"},"content":{"rendered":"<p>N\u00e1dhern\u00e1 mo\u0159sk\u00e1 exkurze pro pot\u00e1p\u011bn\u00ed v letovisku \u0160arm a\u0161-\u0160ajch! Doporu\u010dujeme! V\u00fdlet umo\u017e\u0148uje turist\u016fm vid\u011bt kr\u00e1sn\u00e9 kor\u00e1ly a r\u016fzn\u00e9 ryby pod vodou na jednom z nejzn\u00e1m\u011bj\u0161\u00edch m\u00edst na sv\u011bt\u011b &#8211; chr\u00e1n\u011bn\u00e9 oblasti Ras Mohammed. V\u00fdlet tak\u00e9 umo\u017e\u0148uje vychutnat si mo\u0159sk\u00fd piknik p\u0159es Rud\u00e9 mo\u0159e na velmi kr\u00e1sn\u00e9m m\u00edst\u011b.<\/p>\n<h2>Hlavn\u00ed body programu exkurze na pot\u00e1p\u011bn\u00ed<\/h2>\n<ul>\n<li>Mo\u0159sk\u00fd piknik<\/li>\n<li>Plav\u00e1n\u00ed na otev\u0159en\u00e9m mo\u0159i z jachty<\/li>\n<li>Pot\u00e1p\u011bn\u00ed dvakr\u00e1t pod vodou<\/li>\n<li>Tak\u00e9 ob\u011bd na lodi<\/li>\n<\/ul>\n<h3>Program v\u00fdlet\u016f pro pot\u00e1p\u011bn\u00ed &#8211; Ras Mohammed v Sharm El-Sheikh<\/h3>\n<ul>\n<li>Vyb\u00edr\u00e1me v\u00e1s z hotelu p\u0159ibli\u017en\u011b v 08:00<\/li>\n<li>Pot\u00e9, co vezme v\u0161echny p\u0159\u00edchoz\u00ed, autobus jde do p\u0159\u00edstavu. Cesta do p\u0159\u00edstavu trv\u00e1 asi 30 minut<\/li>\n<li>Jachtu najdete v p\u0159\u00edstavu. Je to velk\u00fd a elegantn\u00ed! Jachta se skl\u00e1d\u00e1 ze dvou pater. Jakmile jdete do jachty, je nutn\u00e9 sundat va\u0161i obuv a stoupat ve druh\u00e9m pat\u0159e pro opalov\u00e1n\u00ed na horn\u00ed slune\u010dn\u00ed palub\u011b<\/li>\n<li>Jakmile se skupina shrom\u00e1\u017ed\u00ed, jachta pokra\u010duje p\u0159es Rud\u00e9 mo\u0159e. D\u00e1le na kr\u00e1sn\u00fdch kor\u00e1lech zastav\u00edte na otev\u0159en\u00e9m mo\u0159i. Tam m\u016f\u017eete j\u00edt pot\u00e1p\u011bt<\/li>\n<li>Po takov\u00e9 zast\u00e1vce se skupina shrom\u00e1\u017ed\u00ed v prvn\u00edm pat\u0159e jachty k ob\u011bdu. B\u011bhem ob\u011bda bude bufet otev\u0159en\u00fd<\/li>\n<li>Cesta pokra\u010duje a umo\u017e\u0148uje v\u00e1m druhou zast\u00e1vku na pot\u00e1p\u011bn\u00ed v jin\u00e9m mo\u0159sk\u00e9m m\u00edst\u011b.<\/li>\n<li>Tato \u201ePot\u00e1p\u011b\u010dsk\u00e1 exkurze v Ras Mohammedovi ze \u0160arm a\u0161-\u0160ajchu\u201c kon\u010d\u00ed p\u0159ibli\u017en\u011b v 16:30<\/li>\n<\/ul>\n<h4>Co je zahrnuto v cen\u011b z\u00e1jezdu<\/h4>\n<ul>\n<li>Vybaven\u00ed na \u0161norchlov\u00e1n\u00ed<\/li>\n<li>Pot\u00e1p\u011b\u010dsk\u00e9 vybaven\u00ed<\/li>\n<li>J\u00eddlo a pit\u00ed<\/li>\n<li>Tak\u00e9 Transfer do p\u0159\u00edstavu a zp\u011bt do hotelu<\/li>\n<\/ul>\n<h5>Co nen\u00ed zahrnuto v cen\u011b z\u00e1jezdu<\/h5>\n<ul>\n<li>Video DVD<\/li>\n<li>Tak\u00e9, Photo CD<\/li>\n<\/ul>\n<h6>Co si vz\u00edt s sebou na cestu<\/h6>\n<ul>\n<li>Ru\u010dn\u00edk<\/li>\n<li>Tak\u00e9, opalovac\u00ed kr\u00e9m<\/li>\n<\/ul>\n<h6>DNY EXKURZN\u00cd ORGANIZACE<\/h6>\n<ul>\n<li>Denn\u011b od 08: 00-17: 00<\/li>\n<\/ul>\n","protected":false},"excerpt":{"rendered":"<p>Vydejte se na vzru\u0161uj\u00edc\u00ed dobrodru\u017estv\u00ed z p\u0159\u00edstavu Sharm El Sheikh a objevte z\u00e1zraky Rud\u00e9ho mo\u0159e jako nikdy p\u0159edt\u00edm! Na t\u00e9to neuv\u011b\u0159iteln\u00e9 plavb\u011b lod\u00ed se dostanete do ohromuj\u00edc\u00edho n\u00e1rodn\u00edho parku Ras Mohammed a na White Island, kde m\u016f\u017eete prozkoumat pulzuj\u00edc\u00ed kor\u00e1lov\u00fd \u00fates a k\u0159i\u0161\u0165\u00e1lov\u011b \u010dist\u00e9 vody.<\/p>\n<p>P\u0159ipravte se na nezapomenuteln\u00fd z\u00e1\u017eitek, kdy\u017e nastoup\u00edte na pohodlnou jachtu a vyplujete sm\u011brem k nejji\u017en\u011bj\u0161\u00edmu c\u00edpu Sinajsk\u00e9ho poloostrova. S \u010derstv\u00fdm mo\u0159sk\u00fdm v\u00e1nkem na tv\u00e1\u0159i a jisk\u0159iv\u00fdmi vodami v\u0161ude kolem se budete c\u00edtit jako v r\u00e1ji! A to je jen za\u010d\u00e1tek.<\/p>\n<p>Jakmile doraz\u00edte do n\u00e1rodn\u00edho parku Ras Mohammed, budete ohromeni \u00fachvatn\u00fdm podmo\u0159sk\u00fdm sv\u011btem, kter\u00fd na v\u00e1s \u010dek\u00e1. P\u0159ipravte se na to, \u017ee v\u00e1s uchv\u00e1t\u00ed barevn\u00e9 ryby, kor\u00e1lov\u00e9 \u00fatvary a dal\u0161\u00ed fascinuj\u00edc\u00ed mo\u0159\u0161t\u00ed tvorov\u00e9. S pomoc\u00ed na\u0161eho profesion\u00e1ln\u00edho pr\u016fvodce se m\u016f\u017eete pot\u00e1p\u011bt dvakr\u00e1t a vydat se na dobrodru\u017estv\u00ed, abyste vid\u011bli v\u00edce z \u00fatesu.<\/p>\n<p>T\u00edm ale dobrodru\u017estv\u00ed nekon\u010d\u00ed! D\u00e1le v\u00e1s vezmeme na ohromuj\u00edc\u00ed White Island, kde m\u016f\u017eete relaxovat na m\u011bkk\u00e9m p\u00edsku, fotografovat \u0161umiv\u00e9 Rud\u00e9 mo\u0159e a \u0161norchlovat v okoln\u00edch m\u011blk\u00fdch vod\u00e1ch. A zat\u00edmco vy to v\u0161echno budete d\u011blat, m\u016f\u017eete si na palub\u011b jachty vychutnat lahodn\u00fd ob\u011bd formou bufetu. Od r\u00fd\u017ee, t\u011bstovin, sal\u00e1t\u016f a grilovan\u00e9ho ku\u0159ete a\u017e po ryby, pro ka\u017ed\u00e9ho m\u00e1me n\u011bco.<\/p>\n<p>Jak se den ch\u00fdl\u00ed ke konci, budete vysazeni zp\u011bt ve sv\u00e9m hotelu a budete se c\u00edtit napln\u011bn\u00ed a \u0161\u0165astn\u00ed. Tento pot\u00e1p\u011b\u010dsk\u00fd v\u00fdlet do n\u00e1rodn\u00edho parku Ras Mohammed je povinnou destinac\u00ed pro milovn\u00edky p\u0159\u00edrody a my se postar\u00e1me o to, abyste si u\u017eili z\u00e1bavu a nezapomenuteln\u00fd \u010das.<\/p>\n<p>P\u0159ipojte se k n\u00e1m na tento neuv\u011b\u0159iteln\u00fd v\u00fdlet lod\u00ed a poj\u010fme si spole\u010dn\u011b vytvo\u0159it nezapomenuteln\u00e9 vzpom\u00ednky!<\/p>\n","protected":false},"featured_media":100407,"comment_status":"open","ping_status":"closed","template":"","meta":{"_coblocks_attr":"","_coblocks_dimensions":"","_coblocks_responsive_height":"","_coblocks_accordion_ie_support":"","_uag_custom_page_level_css":"","jetpack_publicize_message":"","jetpack_publicize_feature_enabled":true,"jetpack_social_post_already_shared":true,"jetpack_social_options":{"image_generator_settings":{"template":"highway","default_image_id":0,"font":"","enabled":false},"version":2},"_wpas_customize_per_network":false},"product_brand":[],"product_cat":[16317,16309],"product_tag":[16362,16363,16331,16338,16378,16368],"class_list":{"0":"post-19006","1":"product","2":"type-product","3":"status-publish","4":"has-post-thumbnail","6":"product_cat-namorni-vylety-sarm-sajch","7":"product_cat-vylety-sarm-sajch","8":"product_tag-more-cs","9":"product_tag-namorni-vylety","10":"product_tag-potapeni","11":"product_tag-vylet","12":"product_tag-sarm-as-sajch","13":"product_tag-snorchlovani","14":"pa_age-dite","15":"pa_age-dospely","17":"first","18":"instock","19":"sale","20":"purchasable","21":"product-type-variable"},"yoast_head":"<!-- This site is optimized with the Yoast SEO Premium plugin v26.9 (Yoast SEO v27.5) - https:\/\/yoast.com\/product\/yoast-seo-premium-wordpress\/ -->\n<title>V\u00fdlet na pot\u00e1p\u011bn\u00ed v Ras Mohammedovi ze \u0160arm a\u0161-\u0161ajchu<\/title>\n<meta name=\"description\" content=\"V\u00fdlet na pot\u00e1p\u011bn\u00ed v Ras Mohammedovi ze \u0160arm a\u0161-\u0161ajchu Doporu\u010dujeme! V\u00fdlet umo\u017e\u0148uje turist\u016fm vid\u011bt kr\u00e1sn\u00e9 kor\u00e1ly a r\u016fzn\u00e9 ryby pod vodou na jednom z\" \/>\n<meta name=\"robots\" content=\"index, follow, max-snippet:-1, max-image-preview:large, max-video-preview:-1\" \/>\n<link rel=\"canonical\" href=\"https:\/\/landioustravel.com\/cs\/shop\/vylet-potapeni-ras-mohammed-sarm\/\" \/>\n<meta property=\"og:locale\" content=\"cs_CZ\" \/>\n<meta property=\"og:type\" content=\"article\" \/>\n<meta property=\"og:title\" content=\"V\u00fdlet na pot\u00e1p\u011bn\u00ed v Ras Mohammedovi ze \u0160arm a\u0161-\u0161ajchu\" \/>\n<meta property=\"og:description\" content=\"Landious Travel\" \/>\n<meta property=\"og:url\" content=\"https:\/\/landioustravel.com\/cs\/shop\/vylet-potapeni-ras-mohammed-sarm\/\" \/>\n<meta property=\"og:site_name\" content=\"Landious Travel\" \/>\n<meta property=\"article:publisher\" content=\"https:\/\/web.facebook.com\/landiousEgypt\" \/>\n<meta property=\"article:modified_time\" content=\"2026-04-20T17:13:42+00:00\" \/>\n<meta property=\"og:image\" content=\"https:\/\/i0.wp.com\/landioustravel.com\/wp-content\/uploads\/2018\/12\/Ras-Muhammad-Protected-Diving-e1669506469715.jpg?fit=1200%2C675&ssl=1\" \/>\n\t<meta property=\"og:image:width\" content=\"1200\" \/>\n\t<meta property=\"og:image:height\" content=\"675\" \/>\n\t<meta property=\"og:image:type\" content=\"image\/jpeg\" \/>\n<meta name=\"twitter:card\" content=\"summary_large_image\" \/>\n<meta name=\"twitter:site\" content=\"@LandiousTours\" \/>\n<meta name=\"twitter:label1\" content=\"Odhadovan\u00e1 doba \u010dten\u00ed\" \/>\n\t<meta name=\"twitter:data1\" content=\"2 minuty\" \/>\n<script type=\"application\/ld+json\" class=\"yoast-schema-graph\">{\"@context\":\"https:\\\/\\\/schema.org\",\"@graph\":[{\"@type\":\"WebPage\",\"@id\":\"https:\\\/\\\/landioustravel.com\\\/cs\\\/shop\\\/vylet-potapeni-ras-mohammed-sarm\\\/\",\"url\":\"https:\\\/\\\/landioustravel.com\\\/cs\\\/shop\\\/vylet-potapeni-ras-mohammed-sarm\\\/\",\"name\":\"V\u00fdlet na pot\u00e1p\u011bn\u00ed v Ras Mohammedovi ze \u0160arm a\u0161-\u0161ajchu\",\"isPartOf\":{\"@id\":\"https:\\\/\\\/landioustravel.com\\\/cs\\\/#website\"},\"primaryImageOfPage\":{\"@id\":\"https:\\\/\\\/landioustravel.com\\\/cs\\\/shop\\\/vylet-potapeni-ras-mohammed-sarm\\\/#primaryimage\"},\"image\":{\"@id\":\"https:\\\/\\\/landioustravel.com\\\/cs\\\/shop\\\/vylet-potapeni-ras-mohammed-sarm\\\/#primaryimage\"},\"thumbnailUrl\":\"https:\\\/\\\/i0.wp.com\\\/landioustravel.com\\\/wp-content\\\/uploads\\\/2018\\\/12\\\/Ras-Muhammad-Protected-Diving-e1669506469715.jpg?fit=1200%2C675&ssl=1\",\"datePublished\":\"2019-09-04T10:18:13+00:00\",\"dateModified\":\"2026-04-20T17:13:42+00:00\",\"description\":\"V\u00fdlet na pot\u00e1p\u011bn\u00ed v Ras Mohammedovi ze \u0160arm a\u0161-\u0161ajchu Doporu\u010dujeme! V\u00fdlet umo\u017e\u0148uje turist\u016fm vid\u011bt kr\u00e1sn\u00e9 kor\u00e1ly a r\u016fzn\u00e9 ryby pod vodou na jednom z\",\"breadcrumb\":{\"@id\":\"https:\\\/\\\/landioustravel.com\\\/cs\\\/shop\\\/vylet-potapeni-ras-mohammed-sarm\\\/#breadcrumb\"},\"inLanguage\":\"cs\",\"potentialAction\":[{\"@type\":\"ReadAction\",\"target\":[\"https:\\\/\\\/landioustravel.com\\\/cs\\\/shop\\\/vylet-potapeni-ras-mohammed-sarm\\\/\"]}]},{\"@type\":\"ImageObject\",\"inLanguage\":\"cs\",\"@id\":\"https:\\\/\\\/landioustravel.com\\\/cs\\\/shop\\\/vylet-potapeni-ras-mohammed-sarm\\\/#primaryimage\",\"url\":\"https:\\\/\\\/i0.wp.com\\\/landioustravel.com\\\/wp-content\\\/uploads\\\/2018\\\/12\\\/Ras-Muhammad-Protected-Diving-e1669506469715.jpg?fit=1200%2C675&ssl=1\",\"contentUrl\":\"https:\\\/\\\/i0.wp.com\\\/landioustravel.com\\\/wp-content\\\/uploads\\\/2018\\\/12\\\/Ras-Muhammad-Protected-Diving-e1669506469715.jpg?fit=1200%2C675&ssl=1\",\"width\":1200,\"height\":675,\"caption\":\"Ras Mohammed Diving Excursion Sharm\"},{\"@type\":\"BreadcrumbList\",\"@id\":\"https:\\\/\\\/landioustravel.com\\\/cs\\\/shop\\\/vylet-potapeni-ras-mohammed-sarm\\\/#breadcrumb\",\"itemListElement\":[{\"@type\":\"ListItem\",\"position\":1,\"name\":\"Home\",\"item\":\"https:\\\/\\\/landioustravel.com\\\/cs\\\/\"},{\"@type\":\"ListItem\",\"position\":2,\"name\":\"Slu\u017eby a v\u00fdlety\",\"item\":\"https:\\\/\\\/landioustravel.com\\\/cs\\\/\"},{\"@type\":\"ListItem\",\"position\":3,\"name\":\"V\u00fdlet na pot\u00e1p\u011bn\u00ed v Ras Mohammedovi ze \u0160arm a\u0161-\u0161ajchu\"}]},{\"@type\":\"WebSite\",\"@id\":\"https:\\\/\\\/landioustravel.com\\\/cs\\\/#website\",\"url\":\"https:\\\/\\\/landioustravel.com\\\/cs\\\/\",\"name\":\"Landious Travel\",\"description\":\"Excursions, trips and cruises in Egypt\",\"publisher\":{\"@id\":\"https:\\\/\\\/landioustravel.com\\\/cs\\\/#organization\"},\"potentialAction\":[{\"@type\":\"SearchAction\",\"target\":{\"@type\":\"EntryPoint\",\"urlTemplate\":\"https:\\\/\\\/landioustravel.com\\\/cs\\\/?s={search_term_string}\"},\"query-input\":{\"@type\":\"PropertyValueSpecification\",\"valueRequired\":true,\"valueName\":\"search_term_string\"}}],\"inLanguage\":\"cs\"},{\"@type\":[\"Organization\",\"Place\"],\"@id\":\"https:\\\/\\\/landioustravel.com\\\/cs\\\/#organization\",\"name\":\"Landious Travel\",\"alternateName\":\"Landious Travel\",\"url\":\"https:\\\/\\\/landioustravel.com\\\/cs\\\/\",\"logo\":{\"@id\":\"https:\\\/\\\/landioustravel.com\\\/cs\\\/shop\\\/vylet-potapeni-ras-mohammed-sarm\\\/#local-main-organization-logo\"},\"image\":{\"@id\":\"https:\\\/\\\/landioustravel.com\\\/cs\\\/shop\\\/vylet-potapeni-ras-mohammed-sarm\\\/#local-main-organization-logo\"},\"sameAs\":[\"https:\\\/\\\/web.facebook.com\\\/landiousEgypt\",\"https:\\\/\\\/x.com\\\/LandiousTours\",\"https:\\\/\\\/mastodon.social\\\/@landious\"],\"legalName\":\"Landious Travel\",\"telephone\":[],\"openingHoursSpecification\":[{\"@type\":\"OpeningHoursSpecification\",\"dayOfWeek\":[\"Monday\",\"Tuesday\",\"Wednesday\",\"Thursday\",\"Friday\",\"Saturday\",\"Sunday\"],\"opens\":\"09:00\",\"closes\":\"17:00\"}]},{\"@type\":\"ImageObject\",\"inLanguage\":\"cs\",\"@id\":\"https:\\\/\\\/landioustravel.com\\\/cs\\\/shop\\\/vylet-potapeni-ras-mohammed-sarm\\\/#local-main-organization-logo\",\"url\":\"https:\\\/\\\/i0.wp.com\\\/landioustravel.com\\\/wp-content\\\/uploads\\\/2021\\\/06\\\/Landious-T.png?fit=500%2C500&ssl=1\",\"contentUrl\":\"https:\\\/\\\/i0.wp.com\\\/landioustravel.com\\\/wp-content\\\/uploads\\\/2021\\\/06\\\/Landious-T.png?fit=500%2C500&ssl=1\",\"width\":500,\"height\":500,\"caption\":\"Landious Travel\"}]}<\/script>\n<!-- \/ Yoast SEO Premium plugin. -->","yoast_head_json":{"title":"V\u00fdlet na pot\u00e1p\u011bn\u00ed v Ras Mohammedovi ze \u0160arm a\u0161-\u0161ajchu","description":"V\u00fdlet na pot\u00e1p\u011bn\u00ed v Ras Mohammedovi ze \u0160arm a\u0161-\u0161ajchu Doporu\u010dujeme! V\u00fdlet umo\u017e\u0148uje turist\u016fm vid\u011bt kr\u00e1sn\u00e9 kor\u00e1ly a r\u016fzn\u00e9 ryby pod vodou na jednom z","robots":{"index":"index","follow":"follow","max-snippet":"max-snippet:-1","max-image-preview":"max-image-preview:large","max-video-preview":"max-video-preview:-1"},"canonical":"https:\/\/landioustravel.com\/cs\/shop\/vylet-potapeni-ras-mohammed-sarm\/","og_locale":"cs_CZ","og_type":"article","og_title":"V\u00fdlet na pot\u00e1p\u011bn\u00ed v Ras Mohammedovi ze \u0160arm a\u0161-\u0161ajchu","og_description":"Landious Travel","og_url":"https:\/\/landioustravel.com\/cs\/shop\/vylet-potapeni-ras-mohammed-sarm\/","og_site_name":"Landious Travel","article_publisher":"https:\/\/web.facebook.com\/landiousEgypt","article_modified_time":"2026-04-20T17:13:42+00:00","og_image":[{"width":1200,"height":675,"url":"https:\/\/i0.wp.com\/landioustravel.com\/wp-content\/uploads\/2018\/12\/Ras-Muhammad-Protected-Diving-e1669506469715.jpg?fit=1200%2C675&ssl=1","type":"image\/jpeg"}],"twitter_card":"summary_large_image","twitter_site":"@LandiousTours","twitter_misc":{"Odhadovan\u00e1 doba \u010dten\u00ed":"2 minuty"},"schema":{"@context":"https:\/\/schema.org","@graph":[{"@type":"WebPage","@id":"https:\/\/landioustravel.com\/cs\/shop\/vylet-potapeni-ras-mohammed-sarm\/","url":"https:\/\/landioustravel.com\/cs\/shop\/vylet-potapeni-ras-mohammed-sarm\/","name":"V\u00fdlet na pot\u00e1p\u011bn\u00ed v Ras Mohammedovi ze \u0160arm a\u0161-\u0161ajchu","isPartOf":{"@id":"https:\/\/landioustravel.com\/cs\/#website"},"primaryImageOfPage":{"@id":"https:\/\/landioustravel.com\/cs\/shop\/vylet-potapeni-ras-mohammed-sarm\/#primaryimage"},"image":{"@id":"https:\/\/landioustravel.com\/cs\/shop\/vylet-potapeni-ras-mohammed-sarm\/#primaryimage"},"thumbnailUrl":"https:\/\/i0.wp.com\/landioustravel.com\/wp-content\/uploads\/2018\/12\/Ras-Muhammad-Protected-Diving-e1669506469715.jpg?fit=1200%2C675&ssl=1","datePublished":"2019-09-04T10:18:13+00:00","dateModified":"2026-04-20T17:13:42+00:00","description":"V\u00fdlet na pot\u00e1p\u011bn\u00ed v Ras Mohammedovi ze \u0160arm a\u0161-\u0161ajchu Doporu\u010dujeme! V\u00fdlet umo\u017e\u0148uje turist\u016fm vid\u011bt kr\u00e1sn\u00e9 kor\u00e1ly a r\u016fzn\u00e9 ryby pod vodou na jednom z","breadcrumb":{"@id":"https:\/\/landioustravel.com\/cs\/shop\/vylet-potapeni-ras-mohammed-sarm\/#breadcrumb"},"inLanguage":"cs","potentialAction":[{"@type":"ReadAction","target":["https:\/\/landioustravel.com\/cs\/shop\/vylet-potapeni-ras-mohammed-sarm\/"]}]},{"@type":"ImageObject","inLanguage":"cs","@id":"https:\/\/landioustravel.com\/cs\/shop\/vylet-potapeni-ras-mohammed-sarm\/#primaryimage","url":"https:\/\/i0.wp.com\/landioustravel.com\/wp-content\/uploads\/2018\/12\/Ras-Muhammad-Protected-Diving-e1669506469715.jpg?fit=1200%2C675&ssl=1","contentUrl":"https:\/\/i0.wp.com\/landioustravel.com\/wp-content\/uploads\/2018\/12\/Ras-Muhammad-Protected-Diving-e1669506469715.jpg?fit=1200%2C675&ssl=1","width":1200,"height":675,"caption":"Ras Mohammed Diving Excursion Sharm"},{"@type":"BreadcrumbList","@id":"https:\/\/landioustravel.com\/cs\/shop\/vylet-potapeni-ras-mohammed-sarm\/#breadcrumb","itemListElement":[{"@type":"ListItem","position":1,"name":"Home","item":"https:\/\/landioustravel.com\/cs\/"},{"@type":"ListItem","position":2,"name":"Slu\u017eby a v\u00fdlety","item":"https:\/\/landioustravel.com\/cs\/"},{"@type":"ListItem","position":3,"name":"V\u00fdlet na pot\u00e1p\u011bn\u00ed v Ras Mohammedovi ze \u0160arm a\u0161-\u0161ajchu"}]},{"@type":"WebSite","@id":"https:\/\/landioustravel.com\/cs\/#website","url":"https:\/\/landioustravel.com\/cs\/","name":"Landious Travel","description":"Excursions, trips and cruises in Egypt","publisher":{"@id":"https:\/\/landioustravel.com\/cs\/#organization"},"potentialAction":[{"@type":"SearchAction","target":{"@type":"EntryPoint","urlTemplate":"https:\/\/landioustravel.com\/cs\/?s={search_term_string}"},"query-input":{"@type":"PropertyValueSpecification","valueRequired":true,"valueName":"search_term_string"}}],"inLanguage":"cs"},{"@type":["Organization","Place"],"@id":"https:\/\/landioustravel.com\/cs\/#organization","name":"Landious Travel","alternateName":"Landious Travel","url":"https:\/\/landioustravel.com\/cs\/","logo":{"@id":"https:\/\/landioustravel.com\/cs\/shop\/vylet-potapeni-ras-mohammed-sarm\/#local-main-organization-logo"},"image":{"@id":"https:\/\/landioustravel.com\/cs\/shop\/vylet-potapeni-ras-mohammed-sarm\/#local-main-organization-logo"},"sameAs":["https:\/\/web.facebook.com\/landiousEgypt","https:\/\/x.com\/LandiousTours","https:\/\/mastodon.social\/@landious"],"legalName":"Landious Travel","telephone":[],"openingHoursSpecification":[{"@type":"OpeningHoursSpecification","dayOfWeek":["Monday","Tuesday","Wednesday","Thursday","Friday","Saturday","Sunday"],"opens":"09:00","closes":"17:00"}]},{"@type":"ImageObject","inLanguage":"cs","@id":"https:\/\/landioustravel.com\/cs\/shop\/vylet-potapeni-ras-mohammed-sarm\/#local-main-organization-logo","url":"https:\/\/i0.wp.com\/landioustravel.com\/wp-content\/uploads\/2021\/06\/Landious-T.png?fit=500%2C500&ssl=1","contentUrl":"https:\/\/i0.wp.com\/landioustravel.com\/wp-content\/uploads\/2021\/06\/Landious-T.png?fit=500%2C500&ssl=1","width":500,"height":500,"caption":"Landious Travel"}]}},"jetpack_publicize_connections":[],"uagb_featured_image_src":{"full":["https:\/\/i0.wp.com\/landioustravel.com\/wp-content\/uploads\/2018\/12\/Ras-Muhammad-Protected-Diving-e1669506469715.jpg?fit=1200%2C675&ssl=1",1200,675,false],"thumbnail":["https:\/\/i0.wp.com\/landioustravel.com\/wp-content\/uploads\/2018\/12\/Ras-Muhammad-Protected-Diving-e1669506469715.jpg?resize=150%2C150&ssl=1",150,150,true],"medium":["https:\/\/i0.wp.com\/landioustravel.com\/wp-content\/uploads\/2018\/12\/Ras-Muhammad-Protected-Diving-e1669506469715.jpg?fit=300%2C169&ssl=1",300,169,true],"medium_large":["https:\/\/i0.wp.com\/landioustravel.com\/wp-content\/uploads\/2018\/12\/Ras-Muhammad-Protected-Diving-e1669506469715.jpg?fit=768%2C432&ssl=1",768,432,true],"large":["https:\/\/i0.wp.com\/landioustravel.com\/wp-content\/uploads\/2018\/12\/Ras-Muhammad-Protected-Diving-e1669506469715.jpg?fit=980%2C551&ssl=1",980,551,true],"1536x1536":["https:\/\/i0.wp.com\/landioustravel.com\/wp-content\/uploads\/2018\/12\/Ras-Muhammad-Protected-Diving-e1669506469715.jpg?fit=1536%2C996&ssl=1",1536,996,true],"2048x2048":["https:\/\/i0.wp.com\/landioustravel.com\/wp-content\/uploads\/2018\/12\/Ras-Muhammad-Protected-Diving-e1669506469715.jpg?fit=1200%2C675&ssl=1",1200,675,true],"newspack-article-block-landscape-large":["https:\/\/i0.wp.com\/landioustravel.com\/wp-content\/uploads\/2018\/12\/Ras-Muhammad-Protected-Diving-e1669506469715.jpg?resize=1200%2C675&ssl=1",1200,675,true],"newspack-article-block-portrait-large":["https:\/\/i0.wp.com\/landioustravel.com\/wp-content\/uploads\/2018\/12\/Ras-Muhammad-Protected-Diving-e1669506469715.jpg?resize=900%2C675&ssl=1",900,675,true],"newspack-article-block-square-large":["https:\/\/i0.wp.com\/landioustravel.com\/wp-content\/uploads\/2018\/12\/Ras-Muhammad-Protected-Diving-e1669506469715.jpg?resize=1200%2C675&ssl=1",1200,675,true],"newspack-article-block-landscape-medium":["https:\/\/i0.wp.com\/landioustravel.com\/wp-content\/uploads\/2018\/12\/Ras-Muhammad-Protected-Diving-e1669506469715.jpg?resize=800%2C600&ssl=1",800,600,true],"newspack-article-block-portrait-medium":["https:\/\/i0.wp.com\/landioustravel.com\/wp-content\/uploads\/2018\/12\/Ras-Muhammad-Protected-Diving-e1669506469715.jpg?resize=600%2C675&ssl=1",600,675,true],"newspack-article-block-square-medium":["https:\/\/i0.wp.com\/landioustravel.com\/wp-content\/uploads\/2018\/12\/Ras-Muhammad-Protected-Diving-e1669506469715.jpg?resize=800%2C675&ssl=1",800,675,true],"newspack-article-block-landscape-intermediate":["https:\/\/i0.wp.com\/landioustravel.com\/wp-content\/uploads\/2018\/12\/Ras-Muhammad-Protected-Diving-e1669506469715.jpg?resize=600%2C450&ssl=1",600,450,true],"newspack-article-block-portrait-intermediate":["https:\/\/i0.wp.com\/landioustravel.com\/wp-content\/uploads\/2018\/12\/Ras-Muhammad-Protected-Diving-e1669506469715.jpg?resize=450%2C600&ssl=1",450,600,true],"newspack-article-block-square-intermediate":["https:\/\/i0.wp.com\/landioustravel.com\/wp-content\/uploads\/2018\/12\/Ras-Muhammad-Protected-Diving-e1669506469715.jpg?resize=600%2C600&ssl=1",600,600,true],"newspack-article-block-landscape-small":["https:\/\/i0.wp.com\/landioustravel.com\/wp-content\/uploads\/2018\/12\/Ras-Muhammad-Protected-Diving-e1669506469715.jpg?resize=400%2C300&ssl=1",400,300,true],"newspack-article-block-portrait-small":["https:\/\/i0.wp.com\/landioustravel.com\/wp-content\/uploads\/2018\/12\/Ras-Muhammad-Protected-Diving-e1669506469715.jpg?resize=300%2C400&ssl=1",300,400,true],"newspack-article-block-square-small":["https:\/\/i0.wp.com\/landioustravel.com\/wp-content\/uploads\/2018\/12\/Ras-Muhammad-Protected-Diving-e1669506469715.jpg?resize=400%2C400&ssl=1",400,400,true],"newspack-article-block-landscape-tiny":["https:\/\/i0.wp.com\/landioustravel.com\/wp-content\/uploads\/2018\/12\/Ras-Muhammad-Protected-Diving-e1669506469715.jpg?resize=200%2C150&ssl=1",200,150,true],"newspack-article-block-portrait-tiny":["https:\/\/i0.wp.com\/landioustravel.com\/wp-content\/uploads\/2018\/12\/Ras-Muhammad-Protected-Diving-e1669506469715.jpg?resize=150%2C200&ssl=1",150,200,true],"newspack-article-block-square-tiny":["https:\/\/i0.wp.com\/landioustravel.com\/wp-content\/uploads\/2018\/12\/Ras-Muhammad-Protected-Diving-e1669506469715.jpg?resize=200%2C200&ssl=1",200,200,true],"newspack-article-block-uncropped":["https:\/\/i0.wp.com\/landioustravel.com\/wp-content\/uploads\/2018\/12\/Ras-Muhammad-Protected-Diving-e1669506469715.jpg?fit=1200%2C675&ssl=1",1200,675,true],"woocommerce_thumbnail":["https:\/\/i0.wp.com\/landioustravel.com\/wp-content\/uploads\/2018\/12\/Ras-Muhammad-Protected-Diving-e1669506469715.jpg?resize=324%2C324&ssl=1",324,324,true],"woocommerce_single":["https:\/\/i0.wp.com\/landioustravel.com\/wp-content\/uploads\/2018\/12\/Ras-Muhammad-Protected-Diving-e1669506469715.jpg?fit=416%2C234&ssl=1",416,234,true],"woocommerce_gallery_thumbnail":["https:\/\/i0.wp.com\/landioustravel.com\/wp-content\/uploads\/2018\/12\/Ras-Muhammad-Protected-Diving-e1669506469715.jpg?resize=100%2C100&ssl=1",100,100,true]},"uagb_author_info":{"display_name":"Mofreh Landious","author_link":"https:\/\/landioustravel.com\/cs\/author\/"},"uagb_comment_info":5,"uagb_excerpt":"Vydejte se na vzru\u0161uj\u00edc\u00ed dobrodru\u017estv\u00ed z p\u0159\u00edstavu Sharm El Sheikh a objevte z\u00e1zraky Rud\u00e9ho mo\u0159e jako nikdy p\u0159edt\u00edm! Na t\u00e9to neuv\u011b\u0159iteln\u00e9 plavb\u011b lod\u00ed se dostanete do ohromuj\u00edc\u00edho n\u00e1rodn\u00edho parku Ras Mohammed a na White Island, kde m\u016f\u017eete prozkoumat pulzuj\u00edc\u00ed kor\u00e1lov\u00fd \u00fates a k\u0159i\u0161\u0165\u00e1lov\u011b \u010dist\u00e9 vody. P\u0159ipravte se na nezapomenuteln\u00fd z\u00e1\u017eitek, kdy\u017e nastoup\u00edte na pohodlnou jachtu&hellip;","jetpack_sharing_enabled":true,"jetpack_likes_enabled":true,"amp_enabled":true,"_links":{"self":[{"href":"https:\/\/landioustravel.com\/cs\/wp-json\/wp\/v2\/product\/19006","targetHints":{"allow":["GET"]}}],"collection":[{"href":"https:\/\/landioustravel.com\/cs\/wp-json\/wp\/v2\/product"}],"about":[{"href":"https:\/\/landioustravel.com\/cs\/wp-json\/wp\/v2\/types\/product"}],"replies":[{"embeddable":true,"href":"https:\/\/landioustravel.com\/cs\/wp-json\/wp\/v2\/comments?post=19006"}],"wp:featuredmedia":[{"embeddable":true,"href":"https:\/\/landioustravel.com\/cs\/wp-json\/wp\/v2\/media\/100407"}],"wp:attachment":[{"href":"https:\/\/landioustravel.com\/cs\/wp-json\/wp\/v2\/media?parent=19006"}],"wp:term":[{"taxonomy":"product_brand","embeddable":true,"href":"https:\/\/landioustravel.com\/cs\/wp-json\/wp\/v2\/product_brand?post=19006"},{"taxonomy":"product_cat","embeddable":true,"href":"https:\/\/landioustravel.com\/cs\/wp-json\/wp\/v2\/product_cat?post=19006"},{"taxonomy":"product_tag","embeddable":true,"href":"https:\/\/landioustravel.com\/cs\/wp-json\/wp\/v2\/product_tag?post=19006"}],"curies":[{"name":"wp","href":"https:\/\/api.w.org\/{rel}","templated":true}]}}