{"id":19040,"date":"2023-03-28T02:48:03","date_gmt":"2019-09-05T00:17:32","guid":{"rendered":"https:\/\/landioustravel.com\/?post_type=product&#038;p=19040"},"modified":"2025-10-19T20:14:54","modified_gmt":"2025-10-19T17:14:54","slug":"exkurze-ostrov-paradise-hurghada","status":"publish","type":"product","link":"https:\/\/landioustravel.com\/cs\/shop\/exkurze-ostrov-paradise-hurghada\/","title":{"rendered":"Exkurze na ostrov Paradise v Hurghad\u011b"},"content":{"rendered":"<p>N\u00e1dhern\u00e1 mo\u0159sk\u00e1 exkurze na pl\u00e1\u017e Paradise Island na ostrov\u011b Grand Giftun v Hurghad\u011b! Doporu\u010dujeme v\u00fdlet, proto\u017ee umo\u017e\u0148uje turist\u016fm pobavit se u mo\u0159e! V\u00fdlet v\u00e1m d\u00e1v\u00e1 mo\u017enost vid\u011bt kr\u00e1sn\u00e9 kor\u00e1ly a r\u016fzn\u00e9 ryby. Nav\u00edc si u\u017eijete piknik lod\u00ed p\u0159es Rud\u00e9 mo\u0159e a sami se ocitnete na Giftun Islandu s dal\u0161\u00edmi slu\u017ebami na samotn\u00e9 pl\u00e1\u017ei. Ostrov se nach\u00e1z\u00ed v bl\u00edzkosti pob\u0159e\u017e\u00ed Hurghady!<\/p>\n<h2>Hlavn\u00ed body programu exkurze na Paradise Island-Beach<\/h2>\n<ul>\n<li>Plav\u00e1n\u00ed na otev\u0159en\u00e9m mo\u0159i z jachty<\/li>\n<li>\u0160norchlov\u00e1n\u00ed s maskami a ploutvemi na otev\u0159en\u00e9m mo\u0159i<\/li>\n<li>J\u00eddlo<\/li>\n<li>Tak\u00e9 p\u0159ist\u00e1n\u00ed na Paradise Beach na Giftun Islandu<\/li>\n<\/ul>\n<h3>Program v\u00fdletu lod\u00ed na Paradise Beach z Hurghady<\/h3>\n<ul>\n<li>Vyb\u00edr\u00e1me v\u00e1s z hotelu p\u0159ibli\u017en\u011b v 08:00<\/li>\n<li>Pot\u00e9, co vezme v\u0161echny p\u0159\u00edchoz\u00ed, autobus jde do p\u0159\u00edstavu. Cesta do p\u0159\u00edstavu trv\u00e1 p\u0159ibli\u017en\u011b 20 minut<\/li>\n<li>Jachtu najdete v p\u0159\u00edstavu. Je to velk\u00fd a elegantn\u00ed! Jachta se skl\u00e1d\u00e1 ze dvou pater. Jakmile jdete do jachty, je nutn\u00e9 sundat obuv a stoupat ve druh\u00e9m pat\u0159e opalov\u00e1n\u00ed v horn\u00ed slune\u010dn\u00ed palub\u011b<\/li>\n<li>Jakmile se skupina shrom\u00e1\u017ed\u00ed, jachta pokra\u010duje p\u0159es Rud\u00e9 mo\u0159e. D\u00e1le na kr\u00e1sn\u00fdch kor\u00e1lech se zastav\u00edte. Tam m\u016f\u017eete plavat a \u0161norchlovat s maskami a ploutvemi<\/li>\n<li>Po takov\u00e9 zast\u00e1vce budete jezdit na hra\u010dk\u00e1ch z ban\u00e1n\u016f a na pohovce<\/li>\n<li>Va\u0161e dal\u0161\u00ed zast\u00e1vka bude na Giftun Islandu. Vezmeme v\u00e1s na motorov\u00fd \u010dlun na Paradise Island. V\u00e1\u0161 pr\u016fvodce v\u00e1m poskytne pohled na mo\u017enosti na pl\u00e1\u017eov\u00fdch toalet\u00e1ch, v restauraci a na d\u011btsk\u00fdch skluzavk\u00e1ch.<\/li>\n<li>Na ostrov\u011b str\u00e1v\u00edte t\u0159i hodiny. B\u011bhem t\u00e9to doby budete m\u00edt dostatek \u010dasu na plav\u00e1n\u00ed a op\u00e1len\u00ed<br \/>\nRestaurace se nach\u00e1z\u00ed na samotn\u00e9m ostrov\u011b. V dob\u011b ob\u011bda se bufet otev\u00edr\u00e1 bohat\u00fdm menu.<\/li>\n<li>Po ob\u011bd\u011b sledujete z\u00e1bavnou show _ b\u0159i\u0161n\u00ed tanec a fak\u00edr<\/li>\n<li>Exkurze na ostrov Paradise Paradise v Hurghad\u011b kon\u010d\u00ed p\u0159ibli\u017en\u011b v 17:30.<\/li>\n<\/ul>\n<h4>Co je zahrnuto v cen\u011b z\u00e1jezdu<\/h4>\n<ul>\n<li>Masky a ploutve<\/li>\n<li>J\u00eddlo<\/li>\n<li>Tak\u00e9 Transfer do p\u0159\u00edstavu a zp\u011bt do hotelu<\/li>\n<\/ul>\n<h5>Co nen\u00ed zahrnuto v cen\u011b z\u00e1jezdu<\/h5>\n<ul>\n<li>Video DVD<\/li>\n<li>Tak\u00e9, Photo CD<\/li>\n<\/ul>\n<h6>Co si vz\u00edt s sebou na cestu<\/h6>\n<ul>\n<li>Ru\u010dn\u00edk<\/li>\n<li>Tak\u00e9, opalovac\u00ed kr\u00e9m<\/li>\n<\/ul>\n<h6>DNY EXKURZN\u00cd ORGANIZACE<\/h6>\n<ul>\n<li>Denn\u011b od 08: 00-17: 00<\/li>\n<\/ul>\n","protected":false},"excerpt":{"rendered":"<p>Jste p\u0159ipraveni na nezapomenuteln\u00fd v\u00fdlet k mo\u0159i v Hurghad\u011b? M\u00e1me v\u00e1s na dosah! Vydejte se s n\u00e1mi na cestu na Paradise Beach, kde si m\u016f\u017eete dop\u0159\u00e1t n\u00e1dhern\u00fd piknik a p\u0159itom nas\u00e1vat kr\u00e1sy Rud\u00e9ho mo\u0159e. Pono\u0159te se do otev\u0159en\u00e9ho mo\u0159e a prozkoumejte n\u00e1dhern\u00fd podmo\u0159sk\u00fd sv\u011bt s v\u00fdbavou na \u0161norchlov\u00e1n\u00ed. A pokud to nesta\u010d\u00ed, nasko\u010dte na vodn\u00ed hra\u010dku ban\u00e1n nebo pohovku a svezte se na vln\u00e1ch jako prof\u00edk!<\/p>\n<p>Ale po\u010dkat, je toho v\u00edc! Vezmeme v\u00e1s tak\u00e9 na ohromuj\u00edc\u00ed ostrov Giftun, kde se m\u016f\u017eete vyh\u0159\u00edvat ve zlat\u00e9m p\u00edsku, plavat v k\u0159i\u0161\u0165\u00e1lov\u011b \u010dist\u00e9 vod\u011b a po\u0159izovat dechberouc\u00ed sn\u00edmky. A ned\u011blej si starosti s ob\u011bdem; to m\u00e1me taky o\u0161et\u0159en\u00e9. U\u017eijte si hostinu formou otev\u0159en\u00e9ho bufetu a kochejte se n\u00e1dhern\u00fdm v\u00fdhledem.<\/p>\n<p>D\u011bti si u\u017eij\u00ed na\u0161i pl\u00e1\u017eovou z\u00e1bavu a dosp\u011bl\u00ed se mohou zapojit do z\u00e1bavy p\u0159i vodn\u00edch hr\u00e1ch a volejbalu. A pokud tou\u017e\u00edte po kulturn\u00edm z\u00e1\u017eitku, m\u00e1me pro v\u00e1s tak\u00e9 p\u0159ipraveno. N\u00e1\u0161 celodenn\u00ed v\u00fdlet zahrnuje vystoupen\u00ed b\u0159i\u0161n\u00edch tanc\u016f a folklorn\u00ed show. Je to perfektn\u00ed zp\u016fsob, jak str\u00e1vit cel\u00fd den u pob\u0159e\u017e\u00ed Hurghady.<\/p>\n<p>V\u0161echno je pro v\u00e1s zorganizov\u00e1no, tak\u017ee v\u00e1m nezb\u00fdv\u00e1 nic jin\u00e9ho, ne\u017e se posadit, relaxovat a u\u017e\u00edt si dobrodru\u017estv\u00ed. Nenechte si uj\u00edt tuto jedine\u010dnou p\u0159\u00edle\u017eitost prozkoumat Paradise Island, sou\u010d\u00e1st n\u00e1rodn\u00edho parku Giftun Island. Rezervujte si v\u00fdlet je\u0161t\u011b dnes!<\/p>\n","protected":false},"featured_media":100463,"comment_status":"open","ping_status":"closed","template":"","meta":{"_coblocks_attr":"","_coblocks_dimensions":"","_coblocks_responsive_height":"","_coblocks_accordion_ie_support":"","_uag_custom_page_level_css":"","jetpack_publicize_message":"","jetpack_publicize_feature_enabled":true,"jetpack_social_post_already_shared":true,"jetpack_social_options":{"image_generator_settings":{"template":"highway","default_image_id":0,"font":"","enabled":false},"version":2},"_wpas_customize_per_network":false},"product_brand":[],"product_cat":[16316,16314],"product_tag":[16348,16362,16363,16349,16353,16338,16324,16368],"class_list":{"0":"post-19040","1":"product","2":"type-product","3":"status-publish","4":"has-post-thumbnail","6":"product_cat-namorni-vylety-hurghada","7":"product_cat-vylety-hurghada","8":"product_tag-hurghada-cs","9":"product_tag-more-cs","10":"product_tag-namorni-vylety","11":"product_tag-ostrov","12":"product_tag-raj-ostrov","13":"product_tag-vylet","14":"product_tag-vylety-lodi-v-hurghade","15":"product_tag-snorchlovani","16":"pa_age-dite-1-4-roky","17":"pa_age-dite-5-11-let","18":"pa_age-dospely","20":"first","21":"instock","22":"sale","23":"purchasable","24":"product-type-variable"},"yoast_head":"<!-- This site is optimized with the Yoast SEO Premium plugin v26.9 (Yoast SEO v27.4) - https:\/\/yoast.com\/product\/yoast-seo-premium-wordpress\/ -->\n<title>Exkurze na ostrov Paradise v Hurghad\u011b<\/title>\n<meta name=\"description\" content=\"Exkurze na ostrov Paradise v Hurghad\u011b Doporu\u010dujeme v\u00fdlet, proto\u017ee umo\u017e\u0148uje turist\u016fm pobavit se u mo\u0159e! V\u00fdlet v\u00e1m d\u00e1v\u00e1 mo\u017enost vid\u011bt kr\u00e1sn\u00e9 kor\u00e1ly a r\u016fzn\u00e9\" \/>\n<meta name=\"robots\" content=\"index, follow, max-snippet:-1, max-image-preview:large, max-video-preview:-1\" \/>\n<link rel=\"canonical\" href=\"https:\/\/landioustravel.com\/cs\/shop\/exkurze-ostrov-paradise-hurghada\/\" \/>\n<meta property=\"og:locale\" content=\"cs_CZ\" \/>\n<meta property=\"og:type\" content=\"article\" \/>\n<meta property=\"og:title\" content=\"Exkurze na ostrov Paradise v Hurghad\u011b\" \/>\n<meta property=\"og:description\" content=\"Landious Travel\" \/>\n<meta property=\"og:url\" content=\"https:\/\/landioustravel.com\/cs\/shop\/exkurze-ostrov-paradise-hurghada\/\" \/>\n<meta property=\"og:site_name\" content=\"Landious Travel\" \/>\n<meta property=\"article:publisher\" content=\"https:\/\/web.facebook.com\/landiousEgypt\" \/>\n<meta property=\"article:modified_time\" content=\"2025-10-19T17:14:54+00:00\" \/>\n<meta property=\"og:image\" content=\"https:\/\/i0.wp.com\/landioustravel.com\/wp-content\/uploads\/2018\/11\/Paradise-Island-Excursion-from-Hurghada-e1669581867502.jpg?fit=1200%2C675&ssl=1\" \/>\n\t<meta property=\"og:image:width\" content=\"1200\" \/>\n\t<meta property=\"og:image:height\" content=\"675\" \/>\n\t<meta property=\"og:image:type\" content=\"image\/jpeg\" \/>\n<meta name=\"twitter:card\" content=\"summary_large_image\" \/>\n<meta name=\"twitter:site\" content=\"@LandiousTours\" \/>\n<meta name=\"twitter:label1\" content=\"Odhadovan\u00e1 doba \u010dten\u00ed\" \/>\n\t<meta name=\"twitter:data1\" content=\"2 minuty\" \/>\n<script type=\"application\/ld+json\" class=\"yoast-schema-graph\">{\"@context\":\"https:\\\/\\\/schema.org\",\"@graph\":[{\"@type\":\"WebPage\",\"@id\":\"https:\\\/\\\/landioustravel.com\\\/cs\\\/shop\\\/exkurze-ostrov-paradise-hurghada\\\/\",\"url\":\"https:\\\/\\\/landioustravel.com\\\/cs\\\/shop\\\/exkurze-ostrov-paradise-hurghada\\\/\",\"name\":\"Exkurze na ostrov Paradise v Hurghad\u011b\",\"isPartOf\":{\"@id\":\"https:\\\/\\\/landioustravel.com\\\/cs\\\/#website\"},\"primaryImageOfPage\":{\"@id\":\"https:\\\/\\\/landioustravel.com\\\/cs\\\/shop\\\/exkurze-ostrov-paradise-hurghada\\\/#primaryimage\"},\"image\":{\"@id\":\"https:\\\/\\\/landioustravel.com\\\/cs\\\/shop\\\/exkurze-ostrov-paradise-hurghada\\\/#primaryimage\"},\"thumbnailUrl\":\"https:\\\/\\\/i0.wp.com\\\/landioustravel.com\\\/wp-content\\\/uploads\\\/2018\\\/11\\\/Paradise-Island-Excursion-from-Hurghada-e1669581867502.jpg?fit=1200%2C675&ssl=1\",\"datePublished\":\"2019-09-05T00:17:32+00:00\",\"dateModified\":\"2025-10-19T17:14:54+00:00\",\"description\":\"Exkurze na ostrov Paradise v Hurghad\u011b Doporu\u010dujeme v\u00fdlet, proto\u017ee umo\u017e\u0148uje turist\u016fm pobavit se u mo\u0159e! V\u00fdlet v\u00e1m d\u00e1v\u00e1 mo\u017enost vid\u011bt kr\u00e1sn\u00e9 kor\u00e1ly a r\u016fzn\u00e9\",\"breadcrumb\":{\"@id\":\"https:\\\/\\\/landioustravel.com\\\/cs\\\/shop\\\/exkurze-ostrov-paradise-hurghada\\\/#breadcrumb\"},\"inLanguage\":\"cs\",\"potentialAction\":[{\"@type\":\"ReadAction\",\"target\":[\"https:\\\/\\\/landioustravel.com\\\/cs\\\/shop\\\/exkurze-ostrov-paradise-hurghada\\\/\"]}]},{\"@type\":\"ImageObject\",\"inLanguage\":\"cs\",\"@id\":\"https:\\\/\\\/landioustravel.com\\\/cs\\\/shop\\\/exkurze-ostrov-paradise-hurghada\\\/#primaryimage\",\"url\":\"https:\\\/\\\/i0.wp.com\\\/landioustravel.com\\\/wp-content\\\/uploads\\\/2018\\\/11\\\/Paradise-Island-Excursion-from-Hurghada-e1669581867502.jpg?fit=1200%2C675&ssl=1\",\"contentUrl\":\"https:\\\/\\\/i0.wp.com\\\/landioustravel.com\\\/wp-content\\\/uploads\\\/2018\\\/11\\\/Paradise-Island-Excursion-from-Hurghada-e1669581867502.jpg?fit=1200%2C675&ssl=1\",\"width\":1200,\"height\":675,\"caption\":\"Paradise Island Excursion from Hurghada\"},{\"@type\":\"BreadcrumbList\",\"@id\":\"https:\\\/\\\/landioustravel.com\\\/cs\\\/shop\\\/exkurze-ostrov-paradise-hurghada\\\/#breadcrumb\",\"itemListElement\":[{\"@type\":\"ListItem\",\"position\":1,\"name\":\"Home\",\"item\":\"https:\\\/\\\/landioustravel.com\\\/cs\\\/\"},{\"@type\":\"ListItem\",\"position\":2,\"name\":\"Slu\u017eby a v\u00fdlety\",\"item\":\"https:\\\/\\\/landioustravel.com\\\/cs\\\/\"},{\"@type\":\"ListItem\",\"position\":3,\"name\":\"Exkurze na ostrov Paradise v Hurghad\u011b\"}]},{\"@type\":\"WebSite\",\"@id\":\"https:\\\/\\\/landioustravel.com\\\/cs\\\/#website\",\"url\":\"https:\\\/\\\/landioustravel.com\\\/cs\\\/\",\"name\":\"Landious Travel\",\"description\":\"Excursions, trips and cruises in Egypt\",\"publisher\":{\"@id\":\"https:\\\/\\\/landioustravel.com\\\/cs\\\/#organization\"},\"potentialAction\":[{\"@type\":\"SearchAction\",\"target\":{\"@type\":\"EntryPoint\",\"urlTemplate\":\"https:\\\/\\\/landioustravel.com\\\/cs\\\/?s={search_term_string}\"},\"query-input\":{\"@type\":\"PropertyValueSpecification\",\"valueRequired\":true,\"valueName\":\"search_term_string\"}}],\"inLanguage\":\"cs\"},{\"@type\":[\"Organization\",\"Place\"],\"@id\":\"https:\\\/\\\/landioustravel.com\\\/cs\\\/#organization\",\"name\":\"Landious Travel\",\"alternateName\":\"Landious Travel\",\"url\":\"https:\\\/\\\/landioustravel.com\\\/cs\\\/\",\"logo\":{\"@id\":\"https:\\\/\\\/landioustravel.com\\\/cs\\\/shop\\\/exkurze-ostrov-paradise-hurghada\\\/#local-main-organization-logo\"},\"image\":{\"@id\":\"https:\\\/\\\/landioustravel.com\\\/cs\\\/shop\\\/exkurze-ostrov-paradise-hurghada\\\/#local-main-organization-logo\"},\"sameAs\":[\"https:\\\/\\\/web.facebook.com\\\/landiousEgypt\",\"https:\\\/\\\/x.com\\\/LandiousTours\",\"https:\\\/\\\/mastodon.social\\\/@landious\"],\"legalName\":\"Landious Travel\",\"telephone\":[],\"openingHoursSpecification\":[{\"@type\":\"OpeningHoursSpecification\",\"dayOfWeek\":[\"Monday\",\"Tuesday\",\"Wednesday\",\"Thursday\",\"Friday\",\"Saturday\",\"Sunday\"],\"opens\":\"09:00\",\"closes\":\"17:00\"}]},{\"@type\":\"ImageObject\",\"inLanguage\":\"cs\",\"@id\":\"https:\\\/\\\/landioustravel.com\\\/cs\\\/shop\\\/exkurze-ostrov-paradise-hurghada\\\/#local-main-organization-logo\",\"url\":\"https:\\\/\\\/i0.wp.com\\\/landioustravel.com\\\/wp-content\\\/uploads\\\/2021\\\/06\\\/Landious-T.png?fit=500%2C500&ssl=1\",\"contentUrl\":\"https:\\\/\\\/i0.wp.com\\\/landioustravel.com\\\/wp-content\\\/uploads\\\/2021\\\/06\\\/Landious-T.png?fit=500%2C500&ssl=1\",\"width\":500,\"height\":500,\"caption\":\"Landious Travel\"}]}<\/script>\n<!-- \/ Yoast SEO Premium plugin. -->","yoast_head_json":{"title":"Exkurze na ostrov Paradise v Hurghad\u011b","description":"Exkurze na ostrov Paradise v Hurghad\u011b Doporu\u010dujeme v\u00fdlet, proto\u017ee umo\u017e\u0148uje turist\u016fm pobavit se u mo\u0159e! V\u00fdlet v\u00e1m d\u00e1v\u00e1 mo\u017enost vid\u011bt kr\u00e1sn\u00e9 kor\u00e1ly a r\u016fzn\u00e9","robots":{"index":"index","follow":"follow","max-snippet":"max-snippet:-1","max-image-preview":"max-image-preview:large","max-video-preview":"max-video-preview:-1"},"canonical":"https:\/\/landioustravel.com\/cs\/shop\/exkurze-ostrov-paradise-hurghada\/","og_locale":"cs_CZ","og_type":"article","og_title":"Exkurze na ostrov Paradise v Hurghad\u011b","og_description":"Landious Travel","og_url":"https:\/\/landioustravel.com\/cs\/shop\/exkurze-ostrov-paradise-hurghada\/","og_site_name":"Landious Travel","article_publisher":"https:\/\/web.facebook.com\/landiousEgypt","article_modified_time":"2025-10-19T17:14:54+00:00","og_image":[{"width":1200,"height":675,"url":"https:\/\/i0.wp.com\/landioustravel.com\/wp-content\/uploads\/2018\/11\/Paradise-Island-Excursion-from-Hurghada-e1669581867502.jpg?fit=1200%2C675&ssl=1","type":"image\/jpeg"}],"twitter_card":"summary_large_image","twitter_site":"@LandiousTours","twitter_misc":{"Odhadovan\u00e1 doba \u010dten\u00ed":"2 minuty"},"schema":{"@context":"https:\/\/schema.org","@graph":[{"@type":"WebPage","@id":"https:\/\/landioustravel.com\/cs\/shop\/exkurze-ostrov-paradise-hurghada\/","url":"https:\/\/landioustravel.com\/cs\/shop\/exkurze-ostrov-paradise-hurghada\/","name":"Exkurze na ostrov Paradise v Hurghad\u011b","isPartOf":{"@id":"https:\/\/landioustravel.com\/cs\/#website"},"primaryImageOfPage":{"@id":"https:\/\/landioustravel.com\/cs\/shop\/exkurze-ostrov-paradise-hurghada\/#primaryimage"},"image":{"@id":"https:\/\/landioustravel.com\/cs\/shop\/exkurze-ostrov-paradise-hurghada\/#primaryimage"},"thumbnailUrl":"https:\/\/i0.wp.com\/landioustravel.com\/wp-content\/uploads\/2018\/11\/Paradise-Island-Excursion-from-Hurghada-e1669581867502.jpg?fit=1200%2C675&ssl=1","datePublished":"2019-09-05T00:17:32+00:00","dateModified":"2025-10-19T17:14:54+00:00","description":"Exkurze na ostrov Paradise v Hurghad\u011b Doporu\u010dujeme v\u00fdlet, proto\u017ee umo\u017e\u0148uje turist\u016fm pobavit se u mo\u0159e! V\u00fdlet v\u00e1m d\u00e1v\u00e1 mo\u017enost vid\u011bt kr\u00e1sn\u00e9 kor\u00e1ly a r\u016fzn\u00e9","breadcrumb":{"@id":"https:\/\/landioustravel.com\/cs\/shop\/exkurze-ostrov-paradise-hurghada\/#breadcrumb"},"inLanguage":"cs","potentialAction":[{"@type":"ReadAction","target":["https:\/\/landioustravel.com\/cs\/shop\/exkurze-ostrov-paradise-hurghada\/"]}]},{"@type":"ImageObject","inLanguage":"cs","@id":"https:\/\/landioustravel.com\/cs\/shop\/exkurze-ostrov-paradise-hurghada\/#primaryimage","url":"https:\/\/i0.wp.com\/landioustravel.com\/wp-content\/uploads\/2018\/11\/Paradise-Island-Excursion-from-Hurghada-e1669581867502.jpg?fit=1200%2C675&ssl=1","contentUrl":"https:\/\/i0.wp.com\/landioustravel.com\/wp-content\/uploads\/2018\/11\/Paradise-Island-Excursion-from-Hurghada-e1669581867502.jpg?fit=1200%2C675&ssl=1","width":1200,"height":675,"caption":"Paradise Island Excursion from Hurghada"},{"@type":"BreadcrumbList","@id":"https:\/\/landioustravel.com\/cs\/shop\/exkurze-ostrov-paradise-hurghada\/#breadcrumb","itemListElement":[{"@type":"ListItem","position":1,"name":"Home","item":"https:\/\/landioustravel.com\/cs\/"},{"@type":"ListItem","position":2,"name":"Slu\u017eby a v\u00fdlety","item":"https:\/\/landioustravel.com\/cs\/"},{"@type":"ListItem","position":3,"name":"Exkurze na ostrov Paradise v Hurghad\u011b"}]},{"@type":"WebSite","@id":"https:\/\/landioustravel.com\/cs\/#website","url":"https:\/\/landioustravel.com\/cs\/","name":"Landious Travel","description":"Excursions, trips and cruises in Egypt","publisher":{"@id":"https:\/\/landioustravel.com\/cs\/#organization"},"potentialAction":[{"@type":"SearchAction","target":{"@type":"EntryPoint","urlTemplate":"https:\/\/landioustravel.com\/cs\/?s={search_term_string}"},"query-input":{"@type":"PropertyValueSpecification","valueRequired":true,"valueName":"search_term_string"}}],"inLanguage":"cs"},{"@type":["Organization","Place"],"@id":"https:\/\/landioustravel.com\/cs\/#organization","name":"Landious Travel","alternateName":"Landious Travel","url":"https:\/\/landioustravel.com\/cs\/","logo":{"@id":"https:\/\/landioustravel.com\/cs\/shop\/exkurze-ostrov-paradise-hurghada\/#local-main-organization-logo"},"image":{"@id":"https:\/\/landioustravel.com\/cs\/shop\/exkurze-ostrov-paradise-hurghada\/#local-main-organization-logo"},"sameAs":["https:\/\/web.facebook.com\/landiousEgypt","https:\/\/x.com\/LandiousTours","https:\/\/mastodon.social\/@landious"],"legalName":"Landious Travel","telephone":[],"openingHoursSpecification":[{"@type":"OpeningHoursSpecification","dayOfWeek":["Monday","Tuesday","Wednesday","Thursday","Friday","Saturday","Sunday"],"opens":"09:00","closes":"17:00"}]},{"@type":"ImageObject","inLanguage":"cs","@id":"https:\/\/landioustravel.com\/cs\/shop\/exkurze-ostrov-paradise-hurghada\/#local-main-organization-logo","url":"https:\/\/i0.wp.com\/landioustravel.com\/wp-content\/uploads\/2021\/06\/Landious-T.png?fit=500%2C500&ssl=1","contentUrl":"https:\/\/i0.wp.com\/landioustravel.com\/wp-content\/uploads\/2021\/06\/Landious-T.png?fit=500%2C500&ssl=1","width":500,"height":500,"caption":"Landious Travel"}]}},"jetpack_publicize_connections":[],"uagb_featured_image_src":{"full":["https:\/\/i0.wp.com\/landioustravel.com\/wp-content\/uploads\/2018\/11\/Paradise-Island-Excursion-from-Hurghada-e1669581867502.jpg?fit=1200%2C675&ssl=1",1200,675,false],"thumbnail":["https:\/\/i0.wp.com\/landioustravel.com\/wp-content\/uploads\/2018\/11\/Paradise-Island-Excursion-from-Hurghada-e1669581867502.jpg?resize=150%2C150&ssl=1",150,150,true],"medium":["https:\/\/i0.wp.com\/landioustravel.com\/wp-content\/uploads\/2018\/11\/Paradise-Island-Excursion-from-Hurghada-e1669581867502.jpg?fit=300%2C169&ssl=1",300,169,true],"medium_large":["https:\/\/i0.wp.com\/landioustravel.com\/wp-content\/uploads\/2018\/11\/Paradise-Island-Excursion-from-Hurghada-e1669581867502.jpg?fit=768%2C432&ssl=1",768,432,true],"large":["https:\/\/i0.wp.com\/landioustravel.com\/wp-content\/uploads\/2018\/11\/Paradise-Island-Excursion-from-Hurghada-e1669581867502.jpg?fit=980%2C551&ssl=1",980,551,true],"1536x1536":["https:\/\/i0.wp.com\/landioustravel.com\/wp-content\/uploads\/2018\/11\/Paradise-Island-Excursion-from-Hurghada-e1669581867502.jpg?fit=1200%2C675&ssl=1",1200,675,true],"2048x2048":["https:\/\/i0.wp.com\/landioustravel.com\/wp-content\/uploads\/2018\/11\/Paradise-Island-Excursion-from-Hurghada-e1669581867502.jpg?fit=1200%2C675&ssl=1",1200,675,true],"newspack-article-block-landscape-large":["https:\/\/i0.wp.com\/landioustravel.com\/wp-content\/uploads\/2018\/11\/Paradise-Island-Excursion-from-Hurghada-e1669581867502.jpg?resize=1200%2C675&ssl=1",1200,675,true],"newspack-article-block-portrait-large":["https:\/\/i0.wp.com\/landioustravel.com\/wp-content\/uploads\/2018\/11\/Paradise-Island-Excursion-from-Hurghada-e1669581867502.jpg?resize=900%2C675&ssl=1",900,675,true],"newspack-article-block-square-large":["https:\/\/i0.wp.com\/landioustravel.com\/wp-content\/uploads\/2018\/11\/Paradise-Island-Excursion-from-Hurghada-e1669581867502.jpg?resize=1200%2C675&ssl=1",1200,675,true],"newspack-article-block-landscape-medium":["https:\/\/i0.wp.com\/landioustravel.com\/wp-content\/uploads\/2018\/11\/Paradise-Island-Excursion-from-Hurghada-e1669581867502.jpg?resize=800%2C600&ssl=1",800,600,true],"newspack-article-block-portrait-medium":["https:\/\/i0.wp.com\/landioustravel.com\/wp-content\/uploads\/2018\/11\/Paradise-Island-Excursion-from-Hurghada-e1669581867502.jpg?resize=600%2C675&ssl=1",600,675,true],"newspack-article-block-square-medium":["https:\/\/i0.wp.com\/landioustravel.com\/wp-content\/uploads\/2018\/11\/Paradise-Island-Excursion-from-Hurghada-e1669581867502.jpg?resize=800%2C675&ssl=1",800,675,true],"newspack-article-block-landscape-intermediate":["https:\/\/i0.wp.com\/landioustravel.com\/wp-content\/uploads\/2018\/11\/Paradise-Island-Excursion-from-Hurghada-e1669581867502.jpg?resize=600%2C450&ssl=1",600,450,true],"newspack-article-block-portrait-intermediate":["https:\/\/i0.wp.com\/landioustravel.com\/wp-content\/uploads\/2018\/11\/Paradise-Island-Excursion-from-Hurghada-e1669581867502.jpg?resize=450%2C600&ssl=1",450,600,true],"newspack-article-block-square-intermediate":["https:\/\/i0.wp.com\/landioustravel.com\/wp-content\/uploads\/2018\/11\/Paradise-Island-Excursion-from-Hurghada-e1669581867502.jpg?resize=600%2C600&ssl=1",600,600,true],"newspack-article-block-landscape-small":["https:\/\/i0.wp.com\/landioustravel.com\/wp-content\/uploads\/2018\/11\/Paradise-Island-Excursion-from-Hurghada-e1669581867502.jpg?resize=400%2C300&ssl=1",400,300,true],"newspack-article-block-portrait-small":["https:\/\/i0.wp.com\/landioustravel.com\/wp-content\/uploads\/2018\/11\/Paradise-Island-Excursion-from-Hurghada-e1669581867502.jpg?resize=300%2C400&ssl=1",300,400,true],"newspack-article-block-square-small":["https:\/\/i0.wp.com\/landioustravel.com\/wp-content\/uploads\/2018\/11\/Paradise-Island-Excursion-from-Hurghada-e1669581867502.jpg?resize=400%2C400&ssl=1",400,400,true],"newspack-article-block-landscape-tiny":["https:\/\/i0.wp.com\/landioustravel.com\/wp-content\/uploads\/2018\/11\/Paradise-Island-Excursion-from-Hurghada-e1669581867502.jpg?resize=200%2C150&ssl=1",200,150,true],"newspack-article-block-portrait-tiny":["https:\/\/i0.wp.com\/landioustravel.com\/wp-content\/uploads\/2018\/11\/Paradise-Island-Excursion-from-Hurghada-e1669581867502.jpg?resize=150%2C200&ssl=1",150,200,true],"newspack-article-block-square-tiny":["https:\/\/i0.wp.com\/landioustravel.com\/wp-content\/uploads\/2018\/11\/Paradise-Island-Excursion-from-Hurghada-e1669581867502.jpg?resize=200%2C200&ssl=1",200,200,true],"newspack-article-block-uncropped":["https:\/\/i0.wp.com\/landioustravel.com\/wp-content\/uploads\/2018\/11\/Paradise-Island-Excursion-from-Hurghada-e1669581867502.jpg?fit=1200%2C675&ssl=1",1200,675,true],"woocommerce_thumbnail":["https:\/\/i0.wp.com\/landioustravel.com\/wp-content\/uploads\/2018\/11\/Paradise-Island-Excursion-from-Hurghada-e1669581867502.jpg?resize=324%2C324&ssl=1",324,324,true],"woocommerce_single":["https:\/\/i0.wp.com\/landioustravel.com\/wp-content\/uploads\/2018\/11\/Paradise-Island-Excursion-from-Hurghada-e1669581867502.jpg?fit=416%2C234&ssl=1",416,234,true],"woocommerce_gallery_thumbnail":["https:\/\/i0.wp.com\/landioustravel.com\/wp-content\/uploads\/2018\/11\/Paradise-Island-Excursion-from-Hurghada-e1669581867502.jpg?resize=100%2C100&ssl=1",100,100,true]},"uagb_author_info":{"display_name":"Mofreh Landious","author_link":"https:\/\/landioustravel.com\/cs\/author\/"},"uagb_comment_info":7,"uagb_excerpt":"Jste p\u0159ipraveni na nezapomenuteln\u00fd v\u00fdlet k mo\u0159i v Hurghad\u011b? M\u00e1me v\u00e1s na dosah! Vydejte se s n\u00e1mi na cestu na Paradise Beach, kde si m\u016f\u017eete dop\u0159\u00e1t n\u00e1dhern\u00fd piknik a p\u0159itom nas\u00e1vat kr\u00e1sy Rud\u00e9ho mo\u0159e. Pono\u0159te se do otev\u0159en\u00e9ho mo\u0159e a prozkoumejte n\u00e1dhern\u00fd podmo\u0159sk\u00fd sv\u011bt s v\u00fdbavou na \u0161norchlov\u00e1n\u00ed. A pokud to nesta\u010d\u00ed, nasko\u010dte na vodn\u00ed&hellip;","jetpack_sharing_enabled":true,"jetpack_likes_enabled":true,"amp_enabled":true,"_links":{"self":[{"href":"https:\/\/landioustravel.com\/cs\/wp-json\/wp\/v2\/product\/19040","targetHints":{"allow":["GET"]}}],"collection":[{"href":"https:\/\/landioustravel.com\/cs\/wp-json\/wp\/v2\/product"}],"about":[{"href":"https:\/\/landioustravel.com\/cs\/wp-json\/wp\/v2\/types\/product"}],"replies":[{"embeddable":true,"href":"https:\/\/landioustravel.com\/cs\/wp-json\/wp\/v2\/comments?post=19040"}],"wp:featuredmedia":[{"embeddable":true,"href":"https:\/\/landioustravel.com\/cs\/wp-json\/wp\/v2\/media\/100463"}],"wp:attachment":[{"href":"https:\/\/landioustravel.com\/cs\/wp-json\/wp\/v2\/media?parent=19040"}],"wp:term":[{"taxonomy":"product_brand","embeddable":true,"href":"https:\/\/landioustravel.com\/cs\/wp-json\/wp\/v2\/product_brand?post=19040"},{"taxonomy":"product_cat","embeddable":true,"href":"https:\/\/landioustravel.com\/cs\/wp-json\/wp\/v2\/product_cat?post=19040"},{"taxonomy":"product_tag","embeddable":true,"href":"https:\/\/landioustravel.com\/cs\/wp-json\/wp\/v2\/product_tag?post=19040"}],"curies":[{"name":"wp","href":"https:\/\/api.w.org\/{rel}","templated":true}]}}