{"id":19065,"date":"2018-11-23T18:34:37","date_gmt":"2019-09-05T04:35:14","guid":{"rendered":"https:\/\/landioustravel.com\/?post_type=product&#038;p=19065"},"modified":"2024-04-10T04:49:53","modified_gmt":"2024-04-10T02:49:53","slug":"exkurze-grand-akvaria-hurghada","status":"publish","type":"product","link":"https:\/\/landioustravel.com\/cs\/shop\/exkurze-grand-akvaria-hurghada\/","title":{"rendered":"Exkurze do Grand akv\u00e1ria z Hurghady"},"content":{"rendered":"<p>Zaj\u00edmav\u00e1 z\u00e1bavn\u00e1 exkurze do nejv\u011bt\u0161\u00edho akv\u00e1ria v Hurghad\u011b _ Grand Aquarium! Doporu\u010dujeme v\u00fdlet, proto\u017ee umo\u017e\u0148uje turist\u016fm vid\u011bt nejv\u011bt\u0161\u00ed akv\u00e1rium v \u200b\u200bEgypt\u011b. Na samotn\u00e9m m\u00edst\u011b se nach\u00e1z\u00ed zoologick\u00e1 zahrada!<\/p>\n<h2>Hlavn\u00ed body programu v\u00fdlet\u016f do Grand Aquarium<\/h2>\n<ul>\n<li>Orientace akv\u00e1ria a zoo s profesion\u00e1ln\u00edm pr\u016fvodcem<\/li>\n<li>Bezplatn\u00e1 prohl\u00eddka v Grand Aquarium<\/li>\n<li>Tak\u00e9, fotografov\u00e1n\u00ed s mo\u0159sk\u00fdmi tvory a zv\u00ed\u0159aty<\/li>\n<\/ul>\n<h3>Program exkurze do Grand Aquarium z Hurghady<\/h3>\n<ul>\n<li>Vyb\u00edr\u00e1me v\u00e1s z va\u0161eho hotelu p\u0159ibli\u017en\u011b v 10:00<\/li>\n<li>Po vyzvednut\u00ed v\u0161ech p\u0159\u00edchoz\u00edch jede autobus do Velk\u00e9ho akv\u00e1ria. Z\u00edsk\u00e1n\u00ed m\u00edsta trv\u00e1 p\u0159ibli\u017en\u011b 20 minut.<\/li>\n<li>Na za\u010d\u00e1tku programu exkurze v\u00e1m pr\u016fvodce uk\u00e1\u017ee, kter\u00e9 \u010d\u00e1sti Grand Aquarium m\u00e1. Je to nejv\u011bt\u0161\u00ed akv\u00e1rium, kter\u00e9 m\u00e1me v Hurghad\u011b. Toto m\u00edsto m\u00e1 uvnit\u0159 \u0161est sekc\u00ed.<\/li>\n<li>Pot\u00e9 budete m\u00edt t\u00e9m\u011b\u0159 dv\u011b hodiny k zobrazen\u00ed v\u0161ech \u010d\u00e1st\u00ed Grand Aquarium.<\/li>\n<li>Za zm\u00ednku stoj\u00ed, \u017ee na tomto m\u00edst\u011b je 6 sekc\u00ed a dal\u0161\u00ed, restaurace a kav\u00e1rna.<\/li>\n<li>Prvn\u00ed sekce _ Africk\u00fd de\u0161tn\u00fd prales<\/li>\n<li>Druh\u00e1 \u010d\u00e1st _ mo\u0159sk\u00e9 akv\u00e1rium<\/li>\n<li>T\u0159et\u00ed \u010d\u00e1st &#8211; sladkovodn\u00ed akv\u00e1rium.<\/li>\n<li>\u010ctvrt\u00e1 sekce _ Zoo<\/li>\n<li>P\u00e1t\u00e1 sekce _ Biologick\u00e9 muzeum<\/li>\n<li>A \u0161est\u00e1 sekce &#8211; arabsk\u00fd stan<\/li>\n<li>Nakonec autobus odjede zp\u011bt do sv\u00fdch hotel\u016f po tak n\u00e1dhern\u00e9 cest\u011b. Exkurze do Grand Aquarium z Hurghady obvykle trv\u00e1 na tomto kr\u00e1sn\u00e9m m\u00edst\u011b dv\u011b hodiny<\/li>\n<li>Exkurze do Grand Aquarium z Hurghady kon\u010d\u00ed p\u0159ibli\u017en\u011b ve 12:00<\/li>\n<\/ul>\n<h4>Co je zahrnuto v cen\u011b z\u00e1jezdu<\/h4>\n<ul>\n<li>P\u0159eve\u010fte do akv\u00e1ria a zp\u011bt do hotelu<\/li>\n<li>Vstupenky tak\u00e9<\/li>\n<\/ul>\n<h5>Co nen\u00ed zahrnuto v cen\u011b z\u00e1jezdu<\/h5>\n<ul>\n<li>Video DVD<\/li>\n<li>Tak\u00e9, Photo CD<\/li>\n<\/ul>\n<h6>CO SE S V\u00c1MI UZAV\u00cdR\u00c1 NA V\u00ddLET<\/h6>\n<ul>\n<li>Slune\u010dn\u00ed br\u00fdle<\/li>\n<\/ul>\n<h6>DNY EXKURZN\u00cd ORGANIZACE<\/h6>\n<ul>\n<li>Denn\u011b od 10:00 do 12:00<\/li>\n<li>Denn\u011b od 14:00 do 16:00<\/li>\n<\/ul>\n","protected":false},"excerpt":{"rendered":"<p>Chcete se sv\u00fdmi d\u011btmi za\u017e\u00edt kulturn\u00ed a vzd\u011bl\u00e1vac\u00ed v\u00fdlet, kde se mohou dozv\u011bd\u011bt o rozmanit\u00e9m mo\u0159sk\u00e9m \u017eivot\u011b Rud\u00e9ho mo\u0159e? Nehledejte nic jin\u00e9ho ne\u017e Grand Aquarium v Hurghad\u011b! S v\u00edce ne\u017e 1000 druhy barevn\u00fdch ryb vystaven\u00fdch ve sklen\u011bn\u00fdch n\u00e1dr\u017e\u00edch bude va\u0161e rodina uchv\u00e1cena.<\/p>\n<p>Na\u0161e Grand Aquarium Tour z Hurghady zahrnuje transfery z va\u0161eho hotelu a 120minutovou prohl\u00eddku, kter\u00e1 zahrnuje podvodn\u00ed tunel, mo\u0159sk\u00e9 akv\u00e1rium, Wadi AL Hitan, mini ZOO, de\u0161tn\u00fd prales a bedu\u00ednsk\u00fd stan. Pokud m\u00e1te v Hurghad\u011b jen kr\u00e1tk\u00fd \u010das, nebojte se \u2013 nab\u00edz\u00edme 90minutovou prohl\u00eddku akv\u00e1ria, kde uvid\u00edte zelen\u00e9 mo\u0159sk\u00e9 \u017eelvy, \u017eraloky a dal\u0161\u00ed. Po prohl\u00eddce v\u00e1s vr\u00e1t\u00edme do hotelu VIP minibusem nebo soukrom\u00fdm autem.<\/p>\n<p>Hurghada Grand Aquarium je vynikaj\u00edc\u00ed volbou pro rodiny, kter\u00e9 hledaj\u00ed to nejlep\u0161\u00ed, co v Hurghad\u011b d\u011blat s d\u011btmi. Showroomy obsahuj\u00ed mal\u00e9 i velk\u00e9 barevn\u00e9 rybky Rud\u00e9ho mo\u0159e a v\u00edce ne\u017e 1200 druh\u016f mo\u0159sk\u00fdch tvor\u016f, v\u010detn\u011b \u017eralok\u016f, rejnok\u016f, zelen\u00fdch mo\u0159sk\u00fdch \u017eelv a dal\u0161\u00edch. Je to ide\u00e1ln\u00ed m\u00edsto, kde se m\u016f\u017eete dozv\u011bd\u011bt o mo\u0159sk\u00e9m \u017eivot\u011b v Hurghad\u011b v Rud\u00e9m mo\u0159i v Egypt\u011b a roz\u0161\u00ed\u0159it sv\u00e9 znalosti.<\/p>\n<p>Na\u0161e soukrom\u00e1 prohl\u00eddka je k dispozici ka\u017ed\u00fd den a trv\u00e1 dv\u011b hodiny. Prohl\u00eddka je bezbari\u00e9rov\u00e1 a lze ji p\u0159izp\u016fsobit va\u0161emu rozvrhu \u2013 vyzvedneme v\u00e1s z va\u0161eho hotelu v 9:00 nebo kdykoli do 14:30. a nechat t\u011b, kdykoli bude\u0161 cht\u00edt.<\/p>\n<p>N\u00e1\u0161 z\u00e1jezd zahrnuje soukrom\u00fd transfer z hotel\u016f v Hurghad\u011b, pr\u016fvodce, v\u0161echny dan\u011b, vstupn\u00e9 a manipula\u010dn\u00ed poplatky a tak\u00e9 miner\u00e1ln\u00ed vodu. Na m\u00edst\u011b m\u016f\u017eete sv\u00e9mu pr\u016fvodci zaplatit v egyptsk\u00fdch libr\u00e1ch, dolarech, eurech nebo libr\u00e1ch \u0161terlink\u016f.<\/p>\n<p>V Grand Aquarium v\u011b\u0159\u00edme, \u017ee vzd\u011bl\u00e1v\u00e1n\u00ed a z\u00e1bava jdou ruku v ruce. Douf\u00e1me, \u017ee se k n\u00e1m p\u0159ipoj\u00edte na z\u00e1bavn\u00e9 a pou\u010dn\u00e9 prohl\u00eddce, na kterou bude va\u0161e rodina vzpom\u00ednat v nadch\u00e1zej\u00edc\u00edch letech.<\/p>\n","protected":false},"featured_media":100552,"comment_status":"open","ping_status":"closed","template":"","meta":{"_coblocks_attr":"","_coblocks_dimensions":"","_coblocks_responsive_height":"","_coblocks_accordion_ie_support":"","_uag_custom_page_level_css":"","jetpack_publicize_message":"","jetpack_publicize_feature_enabled":true,"jetpack_social_post_already_shared":true,"jetpack_social_options":{"image_generator_settings":{"template":"highway","default_image_id":0,"font":"","enabled":false},"version":2},"_wpas_customize_per_network":false},"product_brand":[],"product_cat":[16314,16319],"product_tag":[16323,16348,16338],"class_list":{"0":"post-19065","1":"product","2":"type-product","3":"status-publish","4":"has-post-thumbnail","6":"product_cat-vylety-hurghada","7":"product_cat-zabavni-vylety-hurghada","8":"product_tag-akvarium-cs","9":"product_tag-hurghada-cs","10":"product_tag-vylet","11":"pa_age-dite-1-4-roky","12":"pa_age-dite-5-11-let","13":"pa_age-dospely","15":"first","16":"instock","17":"sale","18":"purchasable","19":"product-type-variable"},"yoast_head":"<!-- This site is optimized with the Yoast SEO Premium plugin v26.9 (Yoast SEO v27.4) - https:\/\/yoast.com\/product\/yoast-seo-premium-wordpress\/ -->\n<title>Exkurze do Grand akv\u00e1ria z Hurghady<\/title>\n<meta name=\"description\" content=\"Exkurze do Grand akv\u00e1ria z Hurghady Doporu\u010dujeme v\u00fdlet, proto\u017ee umo\u017e\u0148uje turist\u016fm vid\u011bt nejv\u011bt\u0161\u00ed akv\u00e1rium v \u200b\u200bEgypt\u011b. Na samotn\u00e9m m\u00edst\u011b se nach\u00e1z\u00ed\" \/>\n<meta name=\"robots\" content=\"index, follow, max-snippet:-1, max-image-preview:large, max-video-preview:-1\" \/>\n<link rel=\"canonical\" href=\"https:\/\/landioustravel.com\/cs\/shop\/exkurze-grand-akvaria-hurghada\/\" \/>\n<meta property=\"og:locale\" content=\"cs_CZ\" \/>\n<meta property=\"og:type\" content=\"article\" \/>\n<meta property=\"og:title\" content=\"Exkurze do Grand akv\u00e1ria z Hurghady\" \/>\n<meta property=\"og:description\" content=\"Landious Travel\" \/>\n<meta property=\"og:url\" content=\"https:\/\/landioustravel.com\/cs\/shop\/exkurze-grand-akvaria-hurghada\/\" \/>\n<meta property=\"og:site_name\" content=\"Landious Travel\" \/>\n<meta property=\"article:publisher\" content=\"https:\/\/web.facebook.com\/landiousEgypt\" \/>\n<meta property=\"article:modified_time\" content=\"2024-04-10T02:49:53+00:00\" \/>\n<meta property=\"og:image\" content=\"https:\/\/i0.wp.com\/landioustravel.com\/wp-content\/uploads\/2018\/11\/Grand-Aquarium-Excursion-Hurghada-e1669666185802.jpg?fit=1200%2C675&ssl=1\" \/>\n\t<meta property=\"og:image:width\" content=\"1200\" \/>\n\t<meta property=\"og:image:height\" content=\"675\" \/>\n\t<meta property=\"og:image:type\" content=\"image\/jpeg\" \/>\n<meta name=\"twitter:card\" content=\"summary_large_image\" \/>\n<meta name=\"twitter:site\" content=\"@LandiousTours\" \/>\n<meta name=\"twitter:label1\" content=\"Odhadovan\u00e1 doba \u010dten\u00ed\" \/>\n\t<meta name=\"twitter:data1\" content=\"2 minuty\" \/>\n<script type=\"application\/ld+json\" class=\"yoast-schema-graph\">{\"@context\":\"https:\\\/\\\/schema.org\",\"@graph\":[{\"@type\":\"WebPage\",\"@id\":\"https:\\\/\\\/landioustravel.com\\\/cs\\\/shop\\\/exkurze-grand-akvaria-hurghada\\\/\",\"url\":\"https:\\\/\\\/landioustravel.com\\\/cs\\\/shop\\\/exkurze-grand-akvaria-hurghada\\\/\",\"name\":\"Exkurze do Grand akv\u00e1ria z Hurghady\",\"isPartOf\":{\"@id\":\"https:\\\/\\\/landioustravel.com\\\/cs\\\/#website\"},\"primaryImageOfPage\":{\"@id\":\"https:\\\/\\\/landioustravel.com\\\/cs\\\/shop\\\/exkurze-grand-akvaria-hurghada\\\/#primaryimage\"},\"image\":{\"@id\":\"https:\\\/\\\/landioustravel.com\\\/cs\\\/shop\\\/exkurze-grand-akvaria-hurghada\\\/#primaryimage\"},\"thumbnailUrl\":\"https:\\\/\\\/i0.wp.com\\\/landioustravel.com\\\/wp-content\\\/uploads\\\/2018\\\/11\\\/Grand-Aquarium-Excursion-Hurghada-e1669666185802.jpg?fit=1200%2C675&ssl=1\",\"datePublished\":\"2019-09-05T04:35:14+00:00\",\"dateModified\":\"2024-04-10T02:49:53+00:00\",\"description\":\"Exkurze do Grand akv\u00e1ria z Hurghady Doporu\u010dujeme v\u00fdlet, proto\u017ee umo\u017e\u0148uje turist\u016fm vid\u011bt nejv\u011bt\u0161\u00ed akv\u00e1rium v \u200b\u200bEgypt\u011b. Na samotn\u00e9m m\u00edst\u011b se nach\u00e1z\u00ed\",\"breadcrumb\":{\"@id\":\"https:\\\/\\\/landioustravel.com\\\/cs\\\/shop\\\/exkurze-grand-akvaria-hurghada\\\/#breadcrumb\"},\"inLanguage\":\"cs\",\"potentialAction\":[{\"@type\":\"ReadAction\",\"target\":[\"https:\\\/\\\/landioustravel.com\\\/cs\\\/shop\\\/exkurze-grand-akvaria-hurghada\\\/\"]}]},{\"@type\":\"ImageObject\",\"inLanguage\":\"cs\",\"@id\":\"https:\\\/\\\/landioustravel.com\\\/cs\\\/shop\\\/exkurze-grand-akvaria-hurghada\\\/#primaryimage\",\"url\":\"https:\\\/\\\/i0.wp.com\\\/landioustravel.com\\\/wp-content\\\/uploads\\\/2018\\\/11\\\/Grand-Aquarium-Excursion-Hurghada-e1669666185802.jpg?fit=1200%2C675&ssl=1\",\"contentUrl\":\"https:\\\/\\\/i0.wp.com\\\/landioustravel.com\\\/wp-content\\\/uploads\\\/2018\\\/11\\\/Grand-Aquarium-Excursion-Hurghada-e1669666185802.jpg?fit=1200%2C675&ssl=1\",\"width\":1200,\"height\":675,\"caption\":\"Grand Aquarium Excursion Hurghada\"},{\"@type\":\"BreadcrumbList\",\"@id\":\"https:\\\/\\\/landioustravel.com\\\/cs\\\/shop\\\/exkurze-grand-akvaria-hurghada\\\/#breadcrumb\",\"itemListElement\":[{\"@type\":\"ListItem\",\"position\":1,\"name\":\"Home\",\"item\":\"https:\\\/\\\/landioustravel.com\\\/cs\\\/\"},{\"@type\":\"ListItem\",\"position\":2,\"name\":\"Slu\u017eby a v\u00fdlety\",\"item\":\"https:\\\/\\\/landioustravel.com\\\/cs\\\/\"},{\"@type\":\"ListItem\",\"position\":3,\"name\":\"Exkurze do Grand akv\u00e1ria z Hurghady\"}]},{\"@type\":\"WebSite\",\"@id\":\"https:\\\/\\\/landioustravel.com\\\/cs\\\/#website\",\"url\":\"https:\\\/\\\/landioustravel.com\\\/cs\\\/\",\"name\":\"Landious Travel\",\"description\":\"Excursions, trips and cruises in Egypt\",\"publisher\":{\"@id\":\"https:\\\/\\\/landioustravel.com\\\/cs\\\/#organization\"},\"potentialAction\":[{\"@type\":\"SearchAction\",\"target\":{\"@type\":\"EntryPoint\",\"urlTemplate\":\"https:\\\/\\\/landioustravel.com\\\/cs\\\/?s={search_term_string}\"},\"query-input\":{\"@type\":\"PropertyValueSpecification\",\"valueRequired\":true,\"valueName\":\"search_term_string\"}}],\"inLanguage\":\"cs\"},{\"@type\":[\"Organization\",\"Place\"],\"@id\":\"https:\\\/\\\/landioustravel.com\\\/cs\\\/#organization\",\"name\":\"Landious Travel\",\"alternateName\":\"Landious Travel\",\"url\":\"https:\\\/\\\/landioustravel.com\\\/cs\\\/\",\"logo\":{\"@id\":\"https:\\\/\\\/landioustravel.com\\\/cs\\\/shop\\\/exkurze-grand-akvaria-hurghada\\\/#local-main-organization-logo\"},\"image\":{\"@id\":\"https:\\\/\\\/landioustravel.com\\\/cs\\\/shop\\\/exkurze-grand-akvaria-hurghada\\\/#local-main-organization-logo\"},\"sameAs\":[\"https:\\\/\\\/web.facebook.com\\\/landiousEgypt\",\"https:\\\/\\\/x.com\\\/LandiousTours\",\"https:\\\/\\\/mastodon.social\\\/@landious\"],\"legalName\":\"Landious Travel\",\"telephone\":[],\"openingHoursSpecification\":[{\"@type\":\"OpeningHoursSpecification\",\"dayOfWeek\":[\"Monday\",\"Tuesday\",\"Wednesday\",\"Thursday\",\"Friday\",\"Saturday\",\"Sunday\"],\"opens\":\"09:00\",\"closes\":\"17:00\"}]},{\"@type\":\"ImageObject\",\"inLanguage\":\"cs\",\"@id\":\"https:\\\/\\\/landioustravel.com\\\/cs\\\/shop\\\/exkurze-grand-akvaria-hurghada\\\/#local-main-organization-logo\",\"url\":\"https:\\\/\\\/i0.wp.com\\\/landioustravel.com\\\/wp-content\\\/uploads\\\/2021\\\/06\\\/Landious-T.png?fit=500%2C500&ssl=1\",\"contentUrl\":\"https:\\\/\\\/i0.wp.com\\\/landioustravel.com\\\/wp-content\\\/uploads\\\/2021\\\/06\\\/Landious-T.png?fit=500%2C500&ssl=1\",\"width\":500,\"height\":500,\"caption\":\"Landious Travel\"}]}<\/script>\n<!-- \/ Yoast SEO Premium plugin. -->","yoast_head_json":{"title":"Exkurze do Grand akv\u00e1ria z Hurghady","description":"Exkurze do Grand akv\u00e1ria z Hurghady Doporu\u010dujeme v\u00fdlet, proto\u017ee umo\u017e\u0148uje turist\u016fm vid\u011bt nejv\u011bt\u0161\u00ed akv\u00e1rium v \u200b\u200bEgypt\u011b. Na samotn\u00e9m m\u00edst\u011b se nach\u00e1z\u00ed","robots":{"index":"index","follow":"follow","max-snippet":"max-snippet:-1","max-image-preview":"max-image-preview:large","max-video-preview":"max-video-preview:-1"},"canonical":"https:\/\/landioustravel.com\/cs\/shop\/exkurze-grand-akvaria-hurghada\/","og_locale":"cs_CZ","og_type":"article","og_title":"Exkurze do Grand akv\u00e1ria z Hurghady","og_description":"Landious Travel","og_url":"https:\/\/landioustravel.com\/cs\/shop\/exkurze-grand-akvaria-hurghada\/","og_site_name":"Landious Travel","article_publisher":"https:\/\/web.facebook.com\/landiousEgypt","article_modified_time":"2024-04-10T02:49:53+00:00","og_image":[{"width":1200,"height":675,"url":"https:\/\/i0.wp.com\/landioustravel.com\/wp-content\/uploads\/2018\/11\/Grand-Aquarium-Excursion-Hurghada-e1669666185802.jpg?fit=1200%2C675&ssl=1","type":"image\/jpeg"}],"twitter_card":"summary_large_image","twitter_site":"@LandiousTours","twitter_misc":{"Odhadovan\u00e1 doba \u010dten\u00ed":"2 minuty"},"schema":{"@context":"https:\/\/schema.org","@graph":[{"@type":"WebPage","@id":"https:\/\/landioustravel.com\/cs\/shop\/exkurze-grand-akvaria-hurghada\/","url":"https:\/\/landioustravel.com\/cs\/shop\/exkurze-grand-akvaria-hurghada\/","name":"Exkurze do Grand akv\u00e1ria z Hurghady","isPartOf":{"@id":"https:\/\/landioustravel.com\/cs\/#website"},"primaryImageOfPage":{"@id":"https:\/\/landioustravel.com\/cs\/shop\/exkurze-grand-akvaria-hurghada\/#primaryimage"},"image":{"@id":"https:\/\/landioustravel.com\/cs\/shop\/exkurze-grand-akvaria-hurghada\/#primaryimage"},"thumbnailUrl":"https:\/\/i0.wp.com\/landioustravel.com\/wp-content\/uploads\/2018\/11\/Grand-Aquarium-Excursion-Hurghada-e1669666185802.jpg?fit=1200%2C675&ssl=1","datePublished":"2019-09-05T04:35:14+00:00","dateModified":"2024-04-10T02:49:53+00:00","description":"Exkurze do Grand akv\u00e1ria z Hurghady Doporu\u010dujeme v\u00fdlet, proto\u017ee umo\u017e\u0148uje turist\u016fm vid\u011bt nejv\u011bt\u0161\u00ed akv\u00e1rium v \u200b\u200bEgypt\u011b. Na samotn\u00e9m m\u00edst\u011b se nach\u00e1z\u00ed","breadcrumb":{"@id":"https:\/\/landioustravel.com\/cs\/shop\/exkurze-grand-akvaria-hurghada\/#breadcrumb"},"inLanguage":"cs","potentialAction":[{"@type":"ReadAction","target":["https:\/\/landioustravel.com\/cs\/shop\/exkurze-grand-akvaria-hurghada\/"]}]},{"@type":"ImageObject","inLanguage":"cs","@id":"https:\/\/landioustravel.com\/cs\/shop\/exkurze-grand-akvaria-hurghada\/#primaryimage","url":"https:\/\/i0.wp.com\/landioustravel.com\/wp-content\/uploads\/2018\/11\/Grand-Aquarium-Excursion-Hurghada-e1669666185802.jpg?fit=1200%2C675&ssl=1","contentUrl":"https:\/\/i0.wp.com\/landioustravel.com\/wp-content\/uploads\/2018\/11\/Grand-Aquarium-Excursion-Hurghada-e1669666185802.jpg?fit=1200%2C675&ssl=1","width":1200,"height":675,"caption":"Grand Aquarium Excursion Hurghada"},{"@type":"BreadcrumbList","@id":"https:\/\/landioustravel.com\/cs\/shop\/exkurze-grand-akvaria-hurghada\/#breadcrumb","itemListElement":[{"@type":"ListItem","position":1,"name":"Home","item":"https:\/\/landioustravel.com\/cs\/"},{"@type":"ListItem","position":2,"name":"Slu\u017eby a v\u00fdlety","item":"https:\/\/landioustravel.com\/cs\/"},{"@type":"ListItem","position":3,"name":"Exkurze do Grand akv\u00e1ria z Hurghady"}]},{"@type":"WebSite","@id":"https:\/\/landioustravel.com\/cs\/#website","url":"https:\/\/landioustravel.com\/cs\/","name":"Landious Travel","description":"Excursions, trips and cruises in Egypt","publisher":{"@id":"https:\/\/landioustravel.com\/cs\/#organization"},"potentialAction":[{"@type":"SearchAction","target":{"@type":"EntryPoint","urlTemplate":"https:\/\/landioustravel.com\/cs\/?s={search_term_string}"},"query-input":{"@type":"PropertyValueSpecification","valueRequired":true,"valueName":"search_term_string"}}],"inLanguage":"cs"},{"@type":["Organization","Place"],"@id":"https:\/\/landioustravel.com\/cs\/#organization","name":"Landious Travel","alternateName":"Landious Travel","url":"https:\/\/landioustravel.com\/cs\/","logo":{"@id":"https:\/\/landioustravel.com\/cs\/shop\/exkurze-grand-akvaria-hurghada\/#local-main-organization-logo"},"image":{"@id":"https:\/\/landioustravel.com\/cs\/shop\/exkurze-grand-akvaria-hurghada\/#local-main-organization-logo"},"sameAs":["https:\/\/web.facebook.com\/landiousEgypt","https:\/\/x.com\/LandiousTours","https:\/\/mastodon.social\/@landious"],"legalName":"Landious Travel","telephone":[],"openingHoursSpecification":[{"@type":"OpeningHoursSpecification","dayOfWeek":["Monday","Tuesday","Wednesday","Thursday","Friday","Saturday","Sunday"],"opens":"09:00","closes":"17:00"}]},{"@type":"ImageObject","inLanguage":"cs","@id":"https:\/\/landioustravel.com\/cs\/shop\/exkurze-grand-akvaria-hurghada\/#local-main-organization-logo","url":"https:\/\/i0.wp.com\/landioustravel.com\/wp-content\/uploads\/2021\/06\/Landious-T.png?fit=500%2C500&ssl=1","contentUrl":"https:\/\/i0.wp.com\/landioustravel.com\/wp-content\/uploads\/2021\/06\/Landious-T.png?fit=500%2C500&ssl=1","width":500,"height":500,"caption":"Landious Travel"}]}},"jetpack_publicize_connections":[],"uagb_featured_image_src":{"full":["https:\/\/i0.wp.com\/landioustravel.com\/wp-content\/uploads\/2018\/11\/Grand-Aquarium-Excursion-Hurghada-e1669666185802.jpg?fit=1200%2C675&ssl=1",1200,675,false],"thumbnail":["https:\/\/i0.wp.com\/landioustravel.com\/wp-content\/uploads\/2018\/11\/Grand-Aquarium-Excursion-Hurghada-e1669666185802.jpg?resize=150%2C150&ssl=1",150,150,true],"medium":["https:\/\/i0.wp.com\/landioustravel.com\/wp-content\/uploads\/2018\/11\/Grand-Aquarium-Excursion-Hurghada-e1669666185802.jpg?fit=300%2C169&ssl=1",300,169,true],"medium_large":["https:\/\/i0.wp.com\/landioustravel.com\/wp-content\/uploads\/2018\/11\/Grand-Aquarium-Excursion-Hurghada-e1669666185802.jpg?fit=768%2C432&ssl=1",768,432,true],"large":["https:\/\/i0.wp.com\/landioustravel.com\/wp-content\/uploads\/2018\/11\/Grand-Aquarium-Excursion-Hurghada-e1669666185802.jpg?fit=980%2C551&ssl=1",980,551,true],"1536x1536":["https:\/\/i0.wp.com\/landioustravel.com\/wp-content\/uploads\/2018\/11\/Grand-Aquarium-Excursion-Hurghada-e1669666185802.jpg?fit=1536%2C864&ssl=1",1536,864,true],"2048x2048":["https:\/\/i0.wp.com\/landioustravel.com\/wp-content\/uploads\/2018\/11\/Grand-Aquarium-Excursion-Hurghada-e1669666185802.jpg?fit=1200%2C675&ssl=1",1200,675,true],"newspack-article-block-landscape-large":["https:\/\/i0.wp.com\/landioustravel.com\/wp-content\/uploads\/2018\/11\/Grand-Aquarium-Excursion-Hurghada-e1669666185802.jpg?resize=1200%2C675&ssl=1",1200,675,true],"newspack-article-block-portrait-large":["https:\/\/i0.wp.com\/landioustravel.com\/wp-content\/uploads\/2018\/11\/Grand-Aquarium-Excursion-Hurghada-e1669666185802.jpg?resize=900%2C675&ssl=1",900,675,true],"newspack-article-block-square-large":["https:\/\/i0.wp.com\/landioustravel.com\/wp-content\/uploads\/2018\/11\/Grand-Aquarium-Excursion-Hurghada-e1669666185802.jpg?resize=1200%2C675&ssl=1",1200,675,true],"newspack-article-block-landscape-medium":["https:\/\/i0.wp.com\/landioustravel.com\/wp-content\/uploads\/2018\/11\/Grand-Aquarium-Excursion-Hurghada-e1669666185802.jpg?resize=800%2C600&ssl=1",800,600,true],"newspack-article-block-portrait-medium":["https:\/\/i0.wp.com\/landioustravel.com\/wp-content\/uploads\/2018\/11\/Grand-Aquarium-Excursion-Hurghada-e1669666185802.jpg?resize=600%2C675&ssl=1",600,675,true],"newspack-article-block-square-medium":["https:\/\/i0.wp.com\/landioustravel.com\/wp-content\/uploads\/2018\/11\/Grand-Aquarium-Excursion-Hurghada-e1669666185802.jpg?resize=800%2C675&ssl=1",800,675,true],"newspack-article-block-landscape-intermediate":["https:\/\/i0.wp.com\/landioustravel.com\/wp-content\/uploads\/2018\/11\/Grand-Aquarium-Excursion-Hurghada-e1669666185802.jpg?resize=600%2C450&ssl=1",600,450,true],"newspack-article-block-portrait-intermediate":["https:\/\/i0.wp.com\/landioustravel.com\/wp-content\/uploads\/2018\/11\/Grand-Aquarium-Excursion-Hurghada-e1669666185802.jpg?resize=450%2C600&ssl=1",450,600,true],"newspack-article-block-square-intermediate":["https:\/\/i0.wp.com\/landioustravel.com\/wp-content\/uploads\/2018\/11\/Grand-Aquarium-Excursion-Hurghada-e1669666185802.jpg?resize=600%2C600&ssl=1",600,600,true],"newspack-article-block-landscape-small":["https:\/\/i0.wp.com\/landioustravel.com\/wp-content\/uploads\/2018\/11\/Grand-Aquarium-Excursion-Hurghada-e1669666185802.jpg?resize=400%2C300&ssl=1",400,300,true],"newspack-article-block-portrait-small":["https:\/\/i0.wp.com\/landioustravel.com\/wp-content\/uploads\/2018\/11\/Grand-Aquarium-Excursion-Hurghada-e1669666185802.jpg?resize=300%2C400&ssl=1",300,400,true],"newspack-article-block-square-small":["https:\/\/i0.wp.com\/landioustravel.com\/wp-content\/uploads\/2018\/11\/Grand-Aquarium-Excursion-Hurghada-e1669666185802.jpg?resize=400%2C400&ssl=1",400,400,true],"newspack-article-block-landscape-tiny":["https:\/\/i0.wp.com\/landioustravel.com\/wp-content\/uploads\/2018\/11\/Grand-Aquarium-Excursion-Hurghada-e1669666185802.jpg?resize=200%2C150&ssl=1",200,150,true],"newspack-article-block-portrait-tiny":["https:\/\/i0.wp.com\/landioustravel.com\/wp-content\/uploads\/2018\/11\/Grand-Aquarium-Excursion-Hurghada-e1669666185802.jpg?resize=150%2C200&ssl=1",150,200,true],"newspack-article-block-square-tiny":["https:\/\/i0.wp.com\/landioustravel.com\/wp-content\/uploads\/2018\/11\/Grand-Aquarium-Excursion-Hurghada-e1669666185802.jpg?resize=200%2C200&ssl=1",200,200,true],"newspack-article-block-uncropped":["https:\/\/i0.wp.com\/landioustravel.com\/wp-content\/uploads\/2018\/11\/Grand-Aquarium-Excursion-Hurghada-e1669666185802.jpg?fit=1200%2C675&ssl=1",1200,675,true],"woocommerce_thumbnail":["https:\/\/i0.wp.com\/landioustravel.com\/wp-content\/uploads\/2018\/11\/Grand-Aquarium-Excursion-Hurghada-e1669666185802.jpg?resize=324%2C324&ssl=1",324,324,true],"woocommerce_single":["https:\/\/i0.wp.com\/landioustravel.com\/wp-content\/uploads\/2018\/11\/Grand-Aquarium-Excursion-Hurghada-e1669666185802.jpg?fit=416%2C234&ssl=1",416,234,true],"woocommerce_gallery_thumbnail":["https:\/\/i0.wp.com\/landioustravel.com\/wp-content\/uploads\/2018\/11\/Grand-Aquarium-Excursion-Hurghada-e1669666185802.jpg?resize=100%2C100&ssl=1",100,100,true]},"uagb_author_info":{"display_name":"Mofreh Landious","author_link":"https:\/\/landioustravel.com\/cs\/author\/"},"uagb_comment_info":3,"uagb_excerpt":"Chcete se sv\u00fdmi d\u011btmi za\u017e\u00edt kulturn\u00ed a vzd\u011bl\u00e1vac\u00ed v\u00fdlet, kde se mohou dozv\u011bd\u011bt o rozmanit\u00e9m mo\u0159sk\u00e9m \u017eivot\u011b Rud\u00e9ho mo\u0159e? Nehledejte nic jin\u00e9ho ne\u017e Grand Aquarium v Hurghad\u011b! S v\u00edce ne\u017e 1000 druhy barevn\u00fdch ryb vystaven\u00fdch ve sklen\u011bn\u00fdch n\u00e1dr\u017e\u00edch bude va\u0161e rodina uchv\u00e1cena. Na\u0161e Grand Aquarium Tour z Hurghady zahrnuje transfery z va\u0161eho hotelu a 120minutovou&hellip;","jetpack_sharing_enabled":true,"jetpack_likes_enabled":true,"amp_enabled":true,"_links":{"self":[{"href":"https:\/\/landioustravel.com\/cs\/wp-json\/wp\/v2\/product\/19065","targetHints":{"allow":["GET"]}}],"collection":[{"href":"https:\/\/landioustravel.com\/cs\/wp-json\/wp\/v2\/product"}],"about":[{"href":"https:\/\/landioustravel.com\/cs\/wp-json\/wp\/v2\/types\/product"}],"replies":[{"embeddable":true,"href":"https:\/\/landioustravel.com\/cs\/wp-json\/wp\/v2\/comments?post=19065"}],"wp:featuredmedia":[{"embeddable":true,"href":"https:\/\/landioustravel.com\/cs\/wp-json\/wp\/v2\/media\/100552"}],"wp:attachment":[{"href":"https:\/\/landioustravel.com\/cs\/wp-json\/wp\/v2\/media?parent=19065"}],"wp:term":[{"taxonomy":"product_brand","embeddable":true,"href":"https:\/\/landioustravel.com\/cs\/wp-json\/wp\/v2\/product_brand?post=19065"},{"taxonomy":"product_cat","embeddable":true,"href":"https:\/\/landioustravel.com\/cs\/wp-json\/wp\/v2\/product_cat?post=19065"},{"taxonomy":"product_tag","embeddable":true,"href":"https:\/\/landioustravel.com\/cs\/wp-json\/wp\/v2\/product_tag?post=19065"}],"curies":[{"name":"wp","href":"https:\/\/api.w.org\/{rel}","templated":true}]}}