{"id":19074,"date":"2018-11-19T15:43:39","date_gmt":"2019-09-05T07:04:02","guid":{"rendered":"https:\/\/landioustravel.com\/?post_type=product&#038;p=19074"},"modified":"2026-04-25T12:41:18","modified_gmt":"2026-04-25T09:41:18","slug":"exkurze-dzip-safari-hurghada","status":"publish","type":"product","link":"https:\/\/landioustravel.com\/cs\/shop\/exkurze-dzip-safari-hurghada\/","title":{"rendered":"Exkurze Super d\u017e\u00edp Safari v Hurghad\u011b"},"content":{"rendered":"<p>Velmi aktivn\u00ed v\u00fdlet na Jeep Safari v Hurghad\u011b! Doporu\u010dujeme v\u00fdlet, proto\u017ee umo\u017e\u0148uje turist\u016fm dob\u0159e se projet d\u017e\u00edpy p\u0159es srdce pou\u0161t\u011b, na velkou vzd\u00e1lenost &#8211; 50 km. Tak\u00e9 umo\u017e\u0148uje vid\u011bt pou\u0161\u0165 v Egypt\u011b a poznat bedu\u00ednskou kulturu. Tento program naz\u00fdv\u00e1me Exkurze Super Jeep-Safari v Hurghad\u011b, proto\u017ee obsahuje dal\u0161\u00ed z\u00e1bavn\u00e9 body. Zahrnuje j\u00edzdu na velbloudech a n\u00e1v\u0161t\u011bvu ter\u00e1ria. Pak nav\u0161t\u00edv\u00edte bedu\u00edny a dozv\u00edte se o jejich kultu\u0159e. Na\u0161i turist\u00e9 maj\u00ed tak\u00e9 \u010das na ve\u010de\u0159i a orient\u00e1ln\u00ed tance<\/p>\n<h2>Hlavn\u00ed body programu exkurze na Jeep Safari z Hurghady<\/h2>\n<ul>\n<li>Jeep jede 50 km v pou\u0161ti<\/li>\n<li>Pak j\u00edzda na velbloudu<\/li>\n<li>Dal\u0161\u00ed, n\u00e1v\u0161t\u011bva ter\u00e1ria<\/li>\n<li>A bedu\u00ednsk\u00e1 vesnice<\/li>\n<li>P\u0159esto, m\u00edt \u010das na ve\u010de\u0159i a orient\u00e1ln\u00ed tance<\/li>\n<\/ul>\n<h3>Program exkurze Super Jeep Safari v Hurghad\u011b<\/h3>\n<ul>\n<li>Vyb\u00edr\u00e1me v\u00e1s z hotelu p\u0159ibli\u017en\u011b ve 13:00<\/li>\n<li>Pot\u00e9, co zvedl v\u0161echny p\u0159\u00edchoz\u00ed, d\u017e\u00edp jede sm\u011brem k pou\u0161ti, kde je d\u017e\u00edpov\u00e1 z\u00e1kladna. Cesta trv\u00e1 p\u0159ibli\u017en\u011b 20 minut.<\/li>\n<li>Nejprve se budete muset p\u0159ipravit na sob\u011b slune\u010dn\u00ed br\u00fdle a uv\u00e1zat si \u0161\u00e1tek na hlavu<\/li>\n<li>Pot\u00e9 je na kr\u00e1tkou dobu instrukce a \u0161kolen\u00ed<\/li>\n<li>D\u00e1le proch\u00e1z\u00ed\u0161 25 km kopci a horami pou\u0161t\u011b do vesnice Bedouin<\/li>\n<li>Jakmile doraz\u00edte do bedu\u00ednsk\u00e9 vesnice, vyd\u00e1te se na velbloudsk\u00e9 j\u00edzdy a fotografujete bedu\u00edny<\/li>\n<li>Pak nav\u0161t\u00edv\u00edte ter\u00e1rium<\/li>\n<li>Po n\u00e1v\u0161t\u011bv\u011b ter\u00e1ria v\u00e1s pr\u016fvodce doprov\u00e1z\u00ed do bedu\u00ednsk\u00e9 vesnice. Ukazuje, jak bedu\u00edni va\u0159\u00ed chl\u00e9b a jak se obl\u00e9kaj\u00ed<\/li>\n<li>Ve stanu bedu\u00edn\u016f dostanete ve\u010de\u0159i. A nav\u00edc sledujete orient\u00e1ln\u00ed tance a dalekohledem vid\u00edte hv\u011bzdy<\/li>\n<li>Pot\u00e9 se p\u0159ipravte zp\u011bt na pou\u0161\u0165 25 km<\/li>\n<li>Nakonec se po takov\u00e9 \u00fa\u017easn\u00e9 j\u00edzd\u011b d\u017e\u00edpem vr\u00e1t\u00edte do sv\u00fdch hotel\u016f.<\/li>\n<li>Tato \u201eExkurze Super Jeep Safari v Hurghad\u011b\u201c kon\u010d\u00ed p\u0159ibli\u017en\u011b v 19:00<\/li>\n<\/ul>\n<h4>Co je zahrnuto v cen\u011b z\u00e1jezdu<\/h4>\n<ul>\n<li>Ob\u011bd<\/li>\n<li>Tak\u00e9 transfer do pou\u0161t\u011b a zp\u011bt do hotelu<\/li>\n<\/ul>\n<h5>Co nen\u00ed zahrnuto v cen\u011b z\u00e1jezdu<\/h5>\n<ul>\n<li>Video DVD<\/li>\n<li>Tak\u00e9, Photo CD<\/li>\n<\/ul>\n<h6>Co si vz\u00edt s sebou na cestu<\/h6>\n<ul>\n<li>\u0160\u00e1tek<\/li>\n<li>Tak\u00e9 slune\u010dn\u00ed br\u00fdle<\/li>\n<\/ul>\n<h6>DNY EXKURZN\u00cd ORGANIZACE<\/h6>\n<ul>\n<li>Denn\u011b od 13:00 do 19:00<\/li>\n<\/ul>\n","protected":false},"excerpt":{"rendered":"<p>Vydejte se na nezapomenuteln\u00e9 dobrodru\u017estv\u00ed v pou\u0161ti pobl\u00ed\u017e Hurghady s na\u0161\u00edm programem Jeep Safari. Na\u0161e prohl\u00eddka nab\u00edz\u00ed vzru\u0161uj\u00edc\u00ed z\u00e1\u017eitek, kdy se projedete d\u017e\u00edpem, setk\u00e1te se s bedu\u00ednsk\u00fdmi lidmi a dozv\u00edte se o jejich kultu\u0159e. Budete m\u00edt tak\u00e9 mo\u017enost projet se na velbloudech, nav\u0161t\u00edvit ter\u00e1rium a vychutnat si lahodnou ve\u010de\u0159i s orient\u00e1ln\u00edmi tanci. V cen\u011b z\u00e1jezdu jsou transfery a ve\u010de\u0159e, tak\u017ee v\u0161e, co mus\u00edte ud\u011blat, je sed\u011bt, relaxovat a u\u017e\u00edvat si j\u00edzdu.<\/p>\n<p>P\u0159idejte se k n\u00e1m na na\u0161em dobrodru\u017estv\u00ed na Jeepu do bedu\u00ednsk\u00e9 vesnice Hurghada a za\u017eijte kouzlo Sahary. N\u00e1\u0161 t\u00fdm v\u00e1s vyzvedne z va\u0161eho hotelu d\u017e\u00edpem 4x4WD a odveze v\u00e1s do na\u0161eho safari centra, kde si m\u016f\u017eete odpo\u010dinout a setkat se s va\u0161\u00edm pr\u016fvodcem.<\/p>\n<p>Ch\u00e1peme d\u016fle\u017eitost p\u0159\u00edrody a toho, jak m\u016f\u017ee \u010dlov\u011bku p\u0159in\u00e9st m\u00edr a radost do \u017eivota. Proto v\u00e1m nab\u00edz\u00edme mo\u017enost prozkoumat pou\u0161\u0165 a u\u017e\u00edt si jej\u00ed z\u00e1zraky. B\u011bhem prohl\u00eddky si ud\u011bl\u00e1me zast\u00e1vku, abychom vid\u011bli fatamorg\u00e1nu a vy\u0161plh\u00e1me na obrovskou p\u00edse\u010dnou dunu, abychom si u\u017eili dechberouc\u00ed v\u00fdhled. Po 45 minut\u00e1ch j\u00edzdy (30 km) s v\u00fdhledem na majest\u00e1tn\u00ed Sinajsk\u00e9 hory doraz\u00edte do bedu\u00ednsk\u00e9 vesnice.<\/p>\n<p>Bedu\u00ednsk\u00e1 vesnice je jedine\u010dn\u00fdm m\u00edstem, kde se m\u016f\u017eete dozv\u011bd\u011bt o bedu\u00ednsk\u00e9m \u017eivotn\u00edm stylu a tradic\u00edch. Ochutnejte lahodn\u00fd bedu\u00ednsk\u00fd chl\u00e9b a \u010daj, proje\u010fte se na velbloudu a nav\u0161tivte na\u0161e ter\u00e1rium, kde uvid\u00edte n\u011bkter\u00e9 z nejv\u00edce fascinuj\u00edc\u00edch tvor\u016f pou\u0161t\u011b.<\/p>\n<p>P\u0159i z\u00e1padu slunce si u\u017eijete n\u00e1dhernou bedu\u00ednskou ve\u010de\u0159i formou otev\u0159en\u00e9ho bufetu s neomezen\u00fdm mno\u017estv\u00edm n\u00e1poj\u016f a vody. Pobav\u00ed v\u00e1s tak\u00e9 fantastick\u00e1 orient\u00e1ln\u00ed show v\u010detn\u011b Tanury a b\u0159i\u0161n\u00edch tanc\u016f. Nakonec v\u00e1s vezmeme zp\u011bt do v\u00fdchoz\u00edho bodu s va\u0161\u00edm Jeepem 4x4WD.<\/p>\n<p>Douf\u00e1me, \u017ee se k n\u00e1m p\u0159ipoj\u00edte na tomto dobrodru\u017estv\u00ed a vytvo\u0159\u00edte si nezapomenuteln\u00e9 vzpom\u00ednky, kter\u00e9 v\u00e1m z\u016fstanou na cel\u00fd \u017eivot.<\/p>\n","protected":false},"featured_media":100591,"comment_status":"open","ping_status":"closed","template":"","meta":{"_coblocks_attr":"","_coblocks_dimensions":"","_coblocks_responsive_height":"","_coblocks_accordion_ie_support":"","_uag_custom_page_level_css":"","jetpack_publicize_message":"","jetpack_publicize_feature_enabled":true,"jetpack_social_post_already_shared":true,"jetpack_social_options":{"image_generator_settings":{"template":"highway","default_image_id":0,"font":"","enabled":false},"version":2},"_wpas_customize_per_network":false},"product_brand":[],"product_cat":[16318,16314],"product_tag":[16348,16350,16358,16338],"class_list":{"0":"post-19074","1":"product","2":"type-product","3":"status-publish","4":"has-post-thumbnail","6":"product_cat-vylety-safari-hurghada","7":"product_cat-vylety-hurghada","8":"product_tag-hurghada-cs","9":"product_tag-jeep-safari-cs","10":"product_tag-safari-cs","11":"product_tag-vylet","12":"pa_age-dite","13":"pa_age-dospely","15":"first","16":"instock","17":"sale","18":"purchasable","19":"product-type-variable"},"yoast_head":"<!-- This site is optimized with the Yoast SEO Premium plugin v27.5 (Yoast SEO v27.5) - https:\/\/yoast.com\/product\/yoast-seo-premium-wordpress\/ -->\n<title>Exkurze Super d\u017e\u00edp Safari v Hurghad\u011b<\/title>\n<meta name=\"description\" content=\"Exkurze Super d\u017e\u00edp Safari v Hurghad\u011b Doporu\u010dujeme v\u00fdlet, proto\u017ee umo\u017e\u0148uje turist\u016fm dob\u0159e se projet d\u017e\u00edpy p\u0159es srdce pou\u0161t\u011b, na velkou vzd\u00e1lenost - 50 km.\" \/>\n<meta name=\"robots\" content=\"index, follow, max-snippet:-1, max-image-preview:large, max-video-preview:-1\" \/>\n<link rel=\"canonical\" href=\"https:\/\/landioustravel.com\/cs\/shop\/exkurze-dzip-safari-hurghada\/\" \/>\n<meta property=\"og:locale\" content=\"cs_CZ\" \/>\n<meta property=\"og:type\" content=\"article\" \/>\n<meta property=\"og:title\" content=\"Exkurze Super d\u017e\u00edp Safari v Hurghad\u011b\" \/>\n<meta property=\"og:description\" content=\"Landious Travel\" \/>\n<meta property=\"og:url\" content=\"https:\/\/landioustravel.com\/cs\/shop\/exkurze-dzip-safari-hurghada\/\" \/>\n<meta property=\"og:site_name\" content=\"Landious Travel\" \/>\n<meta property=\"article:publisher\" content=\"https:\/\/web.facebook.com\/landiousEgypt\" \/>\n<meta property=\"article:modified_time\" content=\"2026-04-25T09:41:18+00:00\" \/>\n<meta property=\"og:image\" content=\"https:\/\/i0.wp.com\/landioustravel.com\/wp-content\/uploads\/2018\/11\/Super-Jeep-Safari-Excursion-from-Hurghada-e1669672083615.jpg?fit=1200%2C675&ssl=1\" \/>\n\t<meta property=\"og:image:width\" content=\"1200\" \/>\n\t<meta property=\"og:image:height\" content=\"675\" \/>\n\t<meta property=\"og:image:type\" content=\"image\/jpeg\" \/>\n<meta name=\"twitter:card\" content=\"summary_large_image\" \/>\n<meta name=\"twitter:site\" content=\"@LandiousTours\" \/>\n<meta name=\"twitter:label1\" content=\"Odhadovan\u00e1 doba \u010dten\u00ed\" \/>\n\t<meta name=\"twitter:data1\" content=\"2 minuty\" \/>\n<script type=\"application\/ld+json\" class=\"yoast-schema-graph\">{\"@context\":\"https:\\\/\\\/schema.org\",\"@graph\":[{\"@type\":\"WebPage\",\"@id\":\"https:\\\/\\\/landioustravel.com\\\/cs\\\/shop\\\/exkurze-dzip-safari-hurghada\\\/\",\"url\":\"https:\\\/\\\/landioustravel.com\\\/cs\\\/shop\\\/exkurze-dzip-safari-hurghada\\\/\",\"name\":\"Exkurze Super d\u017e\u00edp Safari v Hurghad\u011b\",\"isPartOf\":{\"@id\":\"https:\\\/\\\/landioustravel.com\\\/cs\\\/#website\"},\"primaryImageOfPage\":{\"@id\":\"https:\\\/\\\/landioustravel.com\\\/cs\\\/shop\\\/exkurze-dzip-safari-hurghada\\\/#primaryimage\"},\"image\":{\"@id\":\"https:\\\/\\\/landioustravel.com\\\/cs\\\/shop\\\/exkurze-dzip-safari-hurghada\\\/#primaryimage\"},\"thumbnailUrl\":\"https:\\\/\\\/i0.wp.com\\\/landioustravel.com\\\/wp-content\\\/uploads\\\/2018\\\/11\\\/Super-Jeep-Safari-Excursion-from-Hurghada-e1669672083615.jpg?fit=1200%2C675&ssl=1\",\"datePublished\":\"2019-09-05T07:04:02+00:00\",\"dateModified\":\"2026-04-25T09:41:18+00:00\",\"description\":\"Exkurze Super d\u017e\u00edp Safari v Hurghad\u011b Doporu\u010dujeme v\u00fdlet, proto\u017ee umo\u017e\u0148uje turist\u016fm dob\u0159e se projet d\u017e\u00edpy p\u0159es srdce pou\u0161t\u011b, na velkou vzd\u00e1lenost - 50 km.\",\"breadcrumb\":{\"@id\":\"https:\\\/\\\/landioustravel.com\\\/cs\\\/shop\\\/exkurze-dzip-safari-hurghada\\\/#breadcrumb\"},\"inLanguage\":\"cs\",\"potentialAction\":[{\"@type\":\"ReadAction\",\"target\":[\"https:\\\/\\\/landioustravel.com\\\/cs\\\/shop\\\/exkurze-dzip-safari-hurghada\\\/\"]}]},{\"@type\":\"ImageObject\",\"inLanguage\":\"cs\",\"@id\":\"https:\\\/\\\/landioustravel.com\\\/cs\\\/shop\\\/exkurze-dzip-safari-hurghada\\\/#primaryimage\",\"url\":\"https:\\\/\\\/i0.wp.com\\\/landioustravel.com\\\/wp-content\\\/uploads\\\/2018\\\/11\\\/Super-Jeep-Safari-Excursion-from-Hurghada-e1669672083615.jpg?fit=1200%2C675&ssl=1\",\"contentUrl\":\"https:\\\/\\\/i0.wp.com\\\/landioustravel.com\\\/wp-content\\\/uploads\\\/2018\\\/11\\\/Super-Jeep-Safari-Excursion-from-Hurghada-e1669672083615.jpg?fit=1200%2C675&ssl=1\",\"width\":1200,\"height\":675,\"caption\":\"Super Jeep Safari Excursion from Hurghada\"},{\"@type\":\"BreadcrumbList\",\"@id\":\"https:\\\/\\\/landioustravel.com\\\/cs\\\/shop\\\/exkurze-dzip-safari-hurghada\\\/#breadcrumb\",\"itemListElement\":[{\"@type\":\"ListItem\",\"position\":1,\"name\":\"Home\",\"item\":\"https:\\\/\\\/landioustravel.com\\\/cs\\\/\"},{\"@type\":\"ListItem\",\"position\":2,\"name\":\"Slu\u017eby a v\u00fdlety\",\"item\":\"https:\\\/\\\/landioustravel.com\\\/cs\\\/\"},{\"@type\":\"ListItem\",\"position\":3,\"name\":\"Exkurze Super d\u017e\u00edp Safari v Hurghad\u011b\"}]},{\"@type\":\"WebSite\",\"@id\":\"https:\\\/\\\/landioustravel.com\\\/cs\\\/#website\",\"url\":\"https:\\\/\\\/landioustravel.com\\\/cs\\\/\",\"name\":\"Landious Travel\",\"description\":\"Excursions, trips and cruises in Egypt\",\"publisher\":{\"@id\":\"https:\\\/\\\/landioustravel.com\\\/cs\\\/#organization\"},\"potentialAction\":[{\"@type\":\"SearchAction\",\"target\":{\"@type\":\"EntryPoint\",\"urlTemplate\":\"https:\\\/\\\/landioustravel.com\\\/cs\\\/?s={search_term_string}\"},\"query-input\":{\"@type\":\"PropertyValueSpecification\",\"valueRequired\":true,\"valueName\":\"search_term_string\"}}],\"inLanguage\":\"cs\"},{\"@type\":[\"Organization\",\"Place\"],\"@id\":\"https:\\\/\\\/landioustravel.com\\\/cs\\\/#organization\",\"name\":\"Landious Travel\",\"alternateName\":\"Landious Travel\",\"url\":\"https:\\\/\\\/landioustravel.com\\\/cs\\\/\",\"logo\":{\"@id\":\"https:\\\/\\\/landioustravel.com\\\/cs\\\/shop\\\/exkurze-dzip-safari-hurghada\\\/#local-main-organization-logo\"},\"image\":{\"@id\":\"https:\\\/\\\/landioustravel.com\\\/cs\\\/shop\\\/exkurze-dzip-safari-hurghada\\\/#local-main-organization-logo\"},\"sameAs\":[\"https:\\\/\\\/web.facebook.com\\\/landiousEgypt\",\"https:\\\/\\\/x.com\\\/LandiousTours\",\"https:\\\/\\\/mastodon.social\\\/@landious\"],\"legalName\":\"Landious Travel\",\"telephone\":[],\"openingHoursSpecification\":[{\"@type\":\"OpeningHoursSpecification\",\"dayOfWeek\":[\"Monday\",\"Tuesday\",\"Wednesday\",\"Thursday\",\"Friday\",\"Saturday\",\"Sunday\"],\"opens\":\"09:00\",\"closes\":\"17:00\"}]},{\"@type\":\"ImageObject\",\"inLanguage\":\"cs\",\"@id\":\"https:\\\/\\\/landioustravel.com\\\/cs\\\/shop\\\/exkurze-dzip-safari-hurghada\\\/#local-main-organization-logo\",\"url\":\"https:\\\/\\\/i0.wp.com\\\/landioustravel.com\\\/wp-content\\\/uploads\\\/2021\\\/06\\\/Landious-T.png?fit=500%2C500&ssl=1\",\"contentUrl\":\"https:\\\/\\\/i0.wp.com\\\/landioustravel.com\\\/wp-content\\\/uploads\\\/2021\\\/06\\\/Landious-T.png?fit=500%2C500&ssl=1\",\"width\":500,\"height\":500,\"caption\":\"Landious Travel\"}]}<\/script>\n<!-- \/ Yoast SEO Premium plugin. -->","yoast_head_json":{"title":"Exkurze Super d\u017e\u00edp Safari v Hurghad\u011b","description":"Exkurze Super d\u017e\u00edp Safari v Hurghad\u011b Doporu\u010dujeme v\u00fdlet, proto\u017ee umo\u017e\u0148uje turist\u016fm dob\u0159e se projet d\u017e\u00edpy p\u0159es srdce pou\u0161t\u011b, na velkou vzd\u00e1lenost - 50 km.","robots":{"index":"index","follow":"follow","max-snippet":"max-snippet:-1","max-image-preview":"max-image-preview:large","max-video-preview":"max-video-preview:-1"},"canonical":"https:\/\/landioustravel.com\/cs\/shop\/exkurze-dzip-safari-hurghada\/","og_locale":"cs_CZ","og_type":"article","og_title":"Exkurze Super d\u017e\u00edp Safari v Hurghad\u011b","og_description":"Landious Travel","og_url":"https:\/\/landioustravel.com\/cs\/shop\/exkurze-dzip-safari-hurghada\/","og_site_name":"Landious Travel","article_publisher":"https:\/\/web.facebook.com\/landiousEgypt","article_modified_time":"2026-04-25T09:41:18+00:00","og_image":[{"width":1200,"height":675,"url":"https:\/\/i0.wp.com\/landioustravel.com\/wp-content\/uploads\/2018\/11\/Super-Jeep-Safari-Excursion-from-Hurghada-e1669672083615.jpg?fit=1200%2C675&ssl=1","type":"image\/jpeg"}],"twitter_card":"summary_large_image","twitter_site":"@LandiousTours","twitter_misc":{"Odhadovan\u00e1 doba \u010dten\u00ed":"2 minuty"},"schema":{"@context":"https:\/\/schema.org","@graph":[{"@type":"WebPage","@id":"https:\/\/landioustravel.com\/cs\/shop\/exkurze-dzip-safari-hurghada\/","url":"https:\/\/landioustravel.com\/cs\/shop\/exkurze-dzip-safari-hurghada\/","name":"Exkurze Super d\u017e\u00edp Safari v Hurghad\u011b","isPartOf":{"@id":"https:\/\/landioustravel.com\/cs\/#website"},"primaryImageOfPage":{"@id":"https:\/\/landioustravel.com\/cs\/shop\/exkurze-dzip-safari-hurghada\/#primaryimage"},"image":{"@id":"https:\/\/landioustravel.com\/cs\/shop\/exkurze-dzip-safari-hurghada\/#primaryimage"},"thumbnailUrl":"https:\/\/i0.wp.com\/landioustravel.com\/wp-content\/uploads\/2018\/11\/Super-Jeep-Safari-Excursion-from-Hurghada-e1669672083615.jpg?fit=1200%2C675&ssl=1","datePublished":"2019-09-05T07:04:02+00:00","dateModified":"2026-04-25T09:41:18+00:00","description":"Exkurze Super d\u017e\u00edp Safari v Hurghad\u011b Doporu\u010dujeme v\u00fdlet, proto\u017ee umo\u017e\u0148uje turist\u016fm dob\u0159e se projet d\u017e\u00edpy p\u0159es srdce pou\u0161t\u011b, na velkou vzd\u00e1lenost - 50 km.","breadcrumb":{"@id":"https:\/\/landioustravel.com\/cs\/shop\/exkurze-dzip-safari-hurghada\/#breadcrumb"},"inLanguage":"cs","potentialAction":[{"@type":"ReadAction","target":["https:\/\/landioustravel.com\/cs\/shop\/exkurze-dzip-safari-hurghada\/"]}]},{"@type":"ImageObject","inLanguage":"cs","@id":"https:\/\/landioustravel.com\/cs\/shop\/exkurze-dzip-safari-hurghada\/#primaryimage","url":"https:\/\/i0.wp.com\/landioustravel.com\/wp-content\/uploads\/2018\/11\/Super-Jeep-Safari-Excursion-from-Hurghada-e1669672083615.jpg?fit=1200%2C675&ssl=1","contentUrl":"https:\/\/i0.wp.com\/landioustravel.com\/wp-content\/uploads\/2018\/11\/Super-Jeep-Safari-Excursion-from-Hurghada-e1669672083615.jpg?fit=1200%2C675&ssl=1","width":1200,"height":675,"caption":"Super Jeep Safari Excursion from Hurghada"},{"@type":"BreadcrumbList","@id":"https:\/\/landioustravel.com\/cs\/shop\/exkurze-dzip-safari-hurghada\/#breadcrumb","itemListElement":[{"@type":"ListItem","position":1,"name":"Home","item":"https:\/\/landioustravel.com\/cs\/"},{"@type":"ListItem","position":2,"name":"Slu\u017eby a v\u00fdlety","item":"https:\/\/landioustravel.com\/cs\/"},{"@type":"ListItem","position":3,"name":"Exkurze Super d\u017e\u00edp Safari v Hurghad\u011b"}]},{"@type":"WebSite","@id":"https:\/\/landioustravel.com\/cs\/#website","url":"https:\/\/landioustravel.com\/cs\/","name":"Landious Travel","description":"Excursions, trips and cruises in Egypt","publisher":{"@id":"https:\/\/landioustravel.com\/cs\/#organization"},"potentialAction":[{"@type":"SearchAction","target":{"@type":"EntryPoint","urlTemplate":"https:\/\/landioustravel.com\/cs\/?s={search_term_string}"},"query-input":{"@type":"PropertyValueSpecification","valueRequired":true,"valueName":"search_term_string"}}],"inLanguage":"cs"},{"@type":["Organization","Place"],"@id":"https:\/\/landioustravel.com\/cs\/#organization","name":"Landious Travel","alternateName":"Landious Travel","url":"https:\/\/landioustravel.com\/cs\/","logo":{"@id":"https:\/\/landioustravel.com\/cs\/shop\/exkurze-dzip-safari-hurghada\/#local-main-organization-logo"},"image":{"@id":"https:\/\/landioustravel.com\/cs\/shop\/exkurze-dzip-safari-hurghada\/#local-main-organization-logo"},"sameAs":["https:\/\/web.facebook.com\/landiousEgypt","https:\/\/x.com\/LandiousTours","https:\/\/mastodon.social\/@landious"],"legalName":"Landious Travel","telephone":[],"openingHoursSpecification":[{"@type":"OpeningHoursSpecification","dayOfWeek":["Monday","Tuesday","Wednesday","Thursday","Friday","Saturday","Sunday"],"opens":"09:00","closes":"17:00"}]},{"@type":"ImageObject","inLanguage":"cs","@id":"https:\/\/landioustravel.com\/cs\/shop\/exkurze-dzip-safari-hurghada\/#local-main-organization-logo","url":"https:\/\/i0.wp.com\/landioustravel.com\/wp-content\/uploads\/2021\/06\/Landious-T.png?fit=500%2C500&ssl=1","contentUrl":"https:\/\/i0.wp.com\/landioustravel.com\/wp-content\/uploads\/2021\/06\/Landious-T.png?fit=500%2C500&ssl=1","width":500,"height":500,"caption":"Landious Travel"}]}},"jetpack_publicize_connections":[],"uagb_featured_image_src":{"full":["https:\/\/i0.wp.com\/landioustravel.com\/wp-content\/uploads\/2018\/11\/Super-Jeep-Safari-Excursion-from-Hurghada-e1669672083615.jpg?fit=1200%2C675&ssl=1",1200,675,false],"thumbnail":["https:\/\/i0.wp.com\/landioustravel.com\/wp-content\/uploads\/2018\/11\/Super-Jeep-Safari-Excursion-from-Hurghada-e1669672083615.jpg?resize=150%2C150&ssl=1",150,150,true],"medium":["https:\/\/i0.wp.com\/landioustravel.com\/wp-content\/uploads\/2018\/11\/Super-Jeep-Safari-Excursion-from-Hurghada-e1669672083615.jpg?fit=300%2C169&ssl=1",300,169,true],"medium_large":["https:\/\/i0.wp.com\/landioustravel.com\/wp-content\/uploads\/2018\/11\/Super-Jeep-Safari-Excursion-from-Hurghada-e1669672083615.jpg?fit=768%2C432&ssl=1",768,432,true],"large":["https:\/\/i0.wp.com\/landioustravel.com\/wp-content\/uploads\/2018\/11\/Super-Jeep-Safari-Excursion-from-Hurghada-e1669672083615.jpg?fit=980%2C551&ssl=1",980,551,true],"1536x1536":["https:\/\/i0.wp.com\/landioustravel.com\/wp-content\/uploads\/2018\/11\/Super-Jeep-Safari-Excursion-from-Hurghada-e1669672083615.jpg?fit=1200%2C675&ssl=1",1200,675,true],"2048x2048":["https:\/\/i0.wp.com\/landioustravel.com\/wp-content\/uploads\/2018\/11\/Super-Jeep-Safari-Excursion-from-Hurghada-e1669672083615.jpg?fit=1200%2C675&ssl=1",1200,675,true],"newspack-article-block-landscape-large":["https:\/\/i0.wp.com\/landioustravel.com\/wp-content\/uploads\/2018\/11\/Super-Jeep-Safari-Excursion-from-Hurghada-e1669672083615.jpg?resize=1200%2C675&ssl=1",1200,675,true],"newspack-article-block-portrait-large":["https:\/\/i0.wp.com\/landioustravel.com\/wp-content\/uploads\/2018\/11\/Super-Jeep-Safari-Excursion-from-Hurghada-e1669672083615.jpg?resize=900%2C675&ssl=1",900,675,true],"newspack-article-block-square-large":["https:\/\/i0.wp.com\/landioustravel.com\/wp-content\/uploads\/2018\/11\/Super-Jeep-Safari-Excursion-from-Hurghada-e1669672083615.jpg?resize=1200%2C675&ssl=1",1200,675,true],"newspack-article-block-landscape-medium":["https:\/\/i0.wp.com\/landioustravel.com\/wp-content\/uploads\/2018\/11\/Super-Jeep-Safari-Excursion-from-Hurghada-e1669672083615.jpg?resize=800%2C600&ssl=1",800,600,true],"newspack-article-block-portrait-medium":["https:\/\/i0.wp.com\/landioustravel.com\/wp-content\/uploads\/2018\/11\/Super-Jeep-Safari-Excursion-from-Hurghada-e1669672083615.jpg?resize=600%2C675&ssl=1",600,675,true],"newspack-article-block-square-medium":["https:\/\/i0.wp.com\/landioustravel.com\/wp-content\/uploads\/2018\/11\/Super-Jeep-Safari-Excursion-from-Hurghada-e1669672083615.jpg?resize=800%2C675&ssl=1",800,675,true],"newspack-article-block-landscape-intermediate":["https:\/\/i0.wp.com\/landioustravel.com\/wp-content\/uploads\/2018\/11\/Super-Jeep-Safari-Excursion-from-Hurghada-e1669672083615.jpg?resize=600%2C450&ssl=1",600,450,true],"newspack-article-block-portrait-intermediate":["https:\/\/i0.wp.com\/landioustravel.com\/wp-content\/uploads\/2018\/11\/Super-Jeep-Safari-Excursion-from-Hurghada-e1669672083615.jpg?resize=450%2C600&ssl=1",450,600,true],"newspack-article-block-square-intermediate":["https:\/\/i0.wp.com\/landioustravel.com\/wp-content\/uploads\/2018\/11\/Super-Jeep-Safari-Excursion-from-Hurghada-e1669672083615.jpg?resize=600%2C600&ssl=1",600,600,true],"newspack-article-block-landscape-small":["https:\/\/i0.wp.com\/landioustravel.com\/wp-content\/uploads\/2018\/11\/Super-Jeep-Safari-Excursion-from-Hurghada-e1669672083615.jpg?resize=400%2C300&ssl=1",400,300,true],"newspack-article-block-portrait-small":["https:\/\/i0.wp.com\/landioustravel.com\/wp-content\/uploads\/2018\/11\/Super-Jeep-Safari-Excursion-from-Hurghada-e1669672083615.jpg?resize=300%2C400&ssl=1",300,400,true],"newspack-article-block-square-small":["https:\/\/i0.wp.com\/landioustravel.com\/wp-content\/uploads\/2018\/11\/Super-Jeep-Safari-Excursion-from-Hurghada-e1669672083615.jpg?resize=400%2C400&ssl=1",400,400,true],"newspack-article-block-landscape-tiny":["https:\/\/i0.wp.com\/landioustravel.com\/wp-content\/uploads\/2018\/11\/Super-Jeep-Safari-Excursion-from-Hurghada-e1669672083615.jpg?resize=200%2C150&ssl=1",200,150,true],"newspack-article-block-portrait-tiny":["https:\/\/i0.wp.com\/landioustravel.com\/wp-content\/uploads\/2018\/11\/Super-Jeep-Safari-Excursion-from-Hurghada-e1669672083615.jpg?resize=150%2C200&ssl=1",150,200,true],"newspack-article-block-square-tiny":["https:\/\/i0.wp.com\/landioustravel.com\/wp-content\/uploads\/2018\/11\/Super-Jeep-Safari-Excursion-from-Hurghada-e1669672083615.jpg?resize=200%2C200&ssl=1",200,200,true],"newspack-article-block-uncropped":["https:\/\/i0.wp.com\/landioustravel.com\/wp-content\/uploads\/2018\/11\/Super-Jeep-Safari-Excursion-from-Hurghada-e1669672083615.jpg?fit=1200%2C675&ssl=1",1200,675,true],"woocommerce_thumbnail":["https:\/\/i0.wp.com\/landioustravel.com\/wp-content\/uploads\/2018\/11\/Super-Jeep-Safari-Excursion-from-Hurghada-e1669672083615.jpg?resize=324%2C324&ssl=1",324,324,true],"woocommerce_single":["https:\/\/i0.wp.com\/landioustravel.com\/wp-content\/uploads\/2018\/11\/Super-Jeep-Safari-Excursion-from-Hurghada-e1669672083615.jpg?fit=416%2C234&ssl=1",416,234,true],"woocommerce_gallery_thumbnail":["https:\/\/i0.wp.com\/landioustravel.com\/wp-content\/uploads\/2018\/11\/Super-Jeep-Safari-Excursion-from-Hurghada-e1669672083615.jpg?resize=100%2C100&ssl=1",100,100,true]},"uagb_author_info":{"display_name":"Mofreh Landious","author_link":"https:\/\/landioustravel.com\/cs\/author\/"},"uagb_comment_info":6,"uagb_excerpt":"Vydejte se na nezapomenuteln\u00e9 dobrodru\u017estv\u00ed v pou\u0161ti pobl\u00ed\u017e Hurghady s na\u0161\u00edm programem Jeep Safari. Na\u0161e prohl\u00eddka nab\u00edz\u00ed vzru\u0161uj\u00edc\u00ed z\u00e1\u017eitek, kdy se projedete d\u017e\u00edpem, setk\u00e1te se s bedu\u00ednsk\u00fdmi lidmi a dozv\u00edte se o jejich kultu\u0159e. Budete m\u00edt tak\u00e9 mo\u017enost projet se na velbloudech, nav\u0161t\u00edvit ter\u00e1rium a vychutnat si lahodnou ve\u010de\u0159i s orient\u00e1ln\u00edmi tanci. V cen\u011b z\u00e1jezdu&hellip;","jetpack_sharing_enabled":true,"jetpack_likes_enabled":true,"amp_enabled":true,"_links":{"self":[{"href":"https:\/\/landioustravel.com\/cs\/wp-json\/wp\/v2\/product\/19074","targetHints":{"allow":["GET"]}}],"collection":[{"href":"https:\/\/landioustravel.com\/cs\/wp-json\/wp\/v2\/product"}],"about":[{"href":"https:\/\/landioustravel.com\/cs\/wp-json\/wp\/v2\/types\/product"}],"replies":[{"embeddable":true,"href":"https:\/\/landioustravel.com\/cs\/wp-json\/wp\/v2\/comments?post=19074"}],"wp:featuredmedia":[{"embeddable":true,"href":"https:\/\/landioustravel.com\/cs\/wp-json\/wp\/v2\/media\/100591"}],"wp:attachment":[{"href":"https:\/\/landioustravel.com\/cs\/wp-json\/wp\/v2\/media?parent=19074"}],"wp:term":[{"taxonomy":"product_brand","embeddable":true,"href":"https:\/\/landioustravel.com\/cs\/wp-json\/wp\/v2\/product_brand?post=19074"},{"taxonomy":"product_cat","embeddable":true,"href":"https:\/\/landioustravel.com\/cs\/wp-json\/wp\/v2\/product_cat?post=19074"},{"taxonomy":"product_tag","embeddable":true,"href":"https:\/\/landioustravel.com\/cs\/wp-json\/wp\/v2\/product_tag?post=19074"}],"curies":[{"name":"wp","href":"https:\/\/api.w.org\/{rel}","templated":true}]}}