{"id":19087,"date":"2023-03-28T02:54:40","date_gmt":"2019-09-05T09:34:18","guid":{"rendered":"https:\/\/landioustravel.com\/?post_type=product&#038;p=19087"},"modified":"2026-04-12T19:13:52","modified_gmt":"2026-04-12T17:13:52","slug":"namorni-vylet-polo-ponorka-hurghada","status":"publish","type":"product","link":"https:\/\/landioustravel.com\/cs\/shop\/namorni-vylet-polo-ponorka-hurghada\/","title":{"rendered":"N\u00e1mo\u0159n\u00ed v\u00fdlet na polo ponorku v Hurghad\u011b"},"content":{"rendered":"<p>Obl\u00edben\u00e1 plavba po mo\u0159i na ponorce v Hurghad\u011b! Doporu\u010dujeme v\u00fdlet, proto\u017ee umo\u017e\u0148uje turist\u016fm v\u0161ech v\u011bkov\u00fdch skupin pobavit se u mo\u0159e a sledovat kor\u00e1ly a spoustu ryb. A tak\u00e9 v\u00e1m umo\u017en\u00ed vychutnat si mo\u0159sk\u00fd piknik p\u0159es Rud\u00e9 mo\u0159e.<\/p>\n<h2>Hlavn\u00ed body v\u00fdletn\u00edho programu na polo ponorce<\/h2>\n<ul>\n<li>\u0160norchlov\u00e1n\u00ed na otev\u0159en\u00e9m mo\u0159i s maskami a ploutvemi<\/li>\n<li>Sledov\u00e1n\u00ed podmo\u0159sk\u00e9ho sv\u011bta na palub\u011b ponorky<\/li>\n<\/ul>\n<h3>Program exkurze do polo ponorky v Hurghad\u011b<\/h3>\n<ul>\n<li>Sb\u00edr\u00e1me v\u00e1s p\u0159ibli\u017en\u011b v 10:00 z va\u0161eho hotelu<\/li>\n<li>Pot\u00e9, co vezme v\u0161echny p\u0159\u00edchoz\u00ed, autobus jde do p\u0159\u00edstavu. Cesta do p\u0159\u00edstavu trv\u00e1 p\u0159ibli\u017en\u011b 20 minut<\/li>\n<li>Na za\u010d\u00e1tku programu exkurze budete m\u00edt u Rud\u00e9ho mo\u0159e mo\u0159sk\u00fd piknik<\/li>\n<li>Pot\u00e9 sestoup\u00edte do prvn\u00edho patra ponorky, kde uvid\u00edte asi 45 minut ryby a kor\u00e1ly<\/li>\n<li>D\u00e1le se ponorka zastavuje na otev\u0159en\u00e9m mo\u0159i. Tam budete moci plavat na otev\u0159en\u00e9m mo\u0159i asi 45 minut.<\/li>\n<li>Na cest\u011b zp\u011bt do p\u0159\u00edstavu budete m\u00edt st\u00e1le \u0161anci vid\u011bt kor\u00e1ly a ryby.<\/li>\n<li>Tento \u201ePlavba po mo\u0159i na ponorce v Hurghad\u011b\u201c kon\u010d\u00ed p\u0159ibli\u017en\u011b ve 13:00<\/li>\n<\/ul>\n<h4>Co je zahrnuto v cen\u011b z\u00e1jezdu<\/h4>\n<ul>\n<li>Masky a ploutve<\/li>\n<li>Tak\u00e9 Transfer do p\u0159\u00edstavu a zp\u011bt do hotelu<\/li>\n<\/ul>\n<h5>Co nen\u00ed zahrnuto v cen\u011b z\u00e1jezdu<\/h5>\n<ul>\n<li>Video DVD<\/li>\n<li>Tak\u00e9, Photo CD<\/li>\n<\/ul>\n<h6>Co s sebou vz\u00edt na turn\u00e9<\/h6>\n<ul>\n<li>Ru\u010dn\u00edk<\/li>\n<li>Tak\u00e9, opalovac\u00ed kr\u00e9m<\/li>\n<\/ul>\n<h6>DNY EXKURZN\u00cd ORGANIZACE<\/h6>\n<ul>\n<li>Denn\u011b od 010: 00 &#8211; 14:00<\/li>\n<\/ul>\n","protected":false},"excerpt":{"rendered":"<p>P\u0159ipravte se na \u00fa\u017easn\u00e9 dobrodru\u017estv\u00ed p\u0159i prozkoum\u00e1v\u00e1n\u00ed \u00fachvatn\u00e9ho podmo\u0159sk\u00e9ho sv\u011bta Rud\u00e9ho mo\u0159e na t\u00e9to plavb\u011b po Hurghad\u011b! Nasko\u010dte na palubu poloponorky a nechte se uchv\u00e1tit dechberouc\u00edmi v\u00fdhledy na kor\u00e1lov\u00e9 \u00fatesy a pulzuj\u00edc\u00ed mo\u0159sk\u00fd \u017eivot p\u0159es velk\u00e1 panoramatick\u00e1 okna. Sledujte sv\u00e9ho pr\u016fvodce p\u0159i \u0161norchlov\u00e1n\u00ed a plav\u00e1n\u00ed mezi exotick\u00fdmi rybami a barevn\u00fdmi kor\u00e1ly a p\u0159ipravte se na skute\u010dn\u011b nezapomenuteln\u00fd z\u00e1\u017eitek. Vzhledem k tomu, \u017ee b\u011bhem dne je k dispozici n\u011bkolik \u010das\u016f odjezd\u016f, tato bezprobl\u00e9mov\u00e1 prohl\u00eddka zahrnuje pohodln\u00e9 vyzvednut\u00ed a odvoz z hotelu v Hurghad\u011b. P\u0159ij\u010fte a p\u0159ipojte se k n\u00e1m na fantastick\u00fd v\u00fdlet po mo\u0159i na dvoupatrov\u00e9 poloponorce, kter\u00fd ve v\u00e1s zanech\u00e1 nezapomenuteln\u00e9 vzpom\u00ednky!<\/p>\n","protected":false},"featured_media":53284,"comment_status":"open","ping_status":"closed","template":"","meta":{"_coblocks_attr":"","_coblocks_dimensions":"","_coblocks_responsive_height":"","_coblocks_accordion_ie_support":"","_uag_custom_page_level_css":"","jetpack_publicize_message":"","jetpack_publicize_feature_enabled":true,"jetpack_social_post_already_shared":true,"jetpack_social_options":{"image_generator_settings":{"template":"highway","default_image_id":0,"font":"","enabled":false},"version":2},"_wpas_customize_per_network":false},"product_brand":[],"product_cat":[16316,16314],"product_tag":[16348,16362,16363,16365,16338,16368],"class_list":{"0":"post-19087","1":"product","2":"type-product","3":"status-publish","4":"has-post-thumbnail","6":"product_cat-namorni-vylety-hurghada","7":"product_cat-vylety-hurghada","8":"product_tag-hurghada-cs","9":"product_tag-more-cs","10":"product_tag-namorni-vylety","11":"product_tag-polo-ponorka","12":"product_tag-vylet","13":"product_tag-snorchlovani","14":"pa_age-child-1-4-years","15":"pa_age-child-5-11-years","16":"pa_age-adult","18":"first","19":"instock","20":"sale","21":"purchasable","22":"product-type-variable"},"yoast_head":"<!-- This site is optimized with the Yoast SEO Premium plugin v26.9 (Yoast SEO v27.4) - https:\/\/yoast.com\/product\/yoast-seo-premium-wordpress\/ -->\n<title>N\u00e1mo\u0159n\u00ed v\u00fdlet na polo ponorku v Hurghad\u011b<\/title>\n<meta name=\"description\" content=\"N\u00e1mo\u0159n\u00ed v\u00fdlet na polo ponorku v Hurghad\u011b Doporu\u010dujeme v\u00fdlet, proto\u017ee umo\u017e\u0148uje turist\u016fm v\u0161ech v\u011bkov\u00fdch skupin pobavit se u mo\u0159e a sledovat kor\u00e1ly a spoustu\" \/>\n<meta name=\"robots\" content=\"index, follow, max-snippet:-1, max-image-preview:large, max-video-preview:-1\" \/>\n<link rel=\"canonical\" href=\"https:\/\/landioustravel.com\/cs\/shop\/namorni-vylet-polo-ponorka-hurghada\/\" \/>\n<meta property=\"og:locale\" content=\"cs_CZ\" \/>\n<meta property=\"og:type\" content=\"article\" \/>\n<meta property=\"og:title\" content=\"N\u00e1mo\u0159n\u00ed v\u00fdlet na polo ponorku v Hurghad\u011b\" \/>\n<meta property=\"og:description\" content=\"Landious Travel\" \/>\n<meta property=\"og:url\" content=\"https:\/\/landioustravel.com\/cs\/shop\/namorni-vylet-polo-ponorka-hurghada\/\" \/>\n<meta property=\"og:site_name\" content=\"Landious Travel\" \/>\n<meta property=\"article:publisher\" content=\"https:\/\/web.facebook.com\/landiousEgypt\" \/>\n<meta property=\"article:modified_time\" content=\"2026-04-12T17:13:52+00:00\" \/>\n<meta property=\"og:image\" content=\"https:\/\/i0.wp.com\/landioustravel.com\/wp-content\/uploads\/2021\/03\/Semi-Submarine-Trip-Hurghada-e1623681169122.jpg?fit=1200%2C675&ssl=1\" \/>\n\t<meta property=\"og:image:width\" content=\"1200\" \/>\n\t<meta property=\"og:image:height\" content=\"675\" \/>\n\t<meta property=\"og:image:type\" content=\"image\/jpeg\" \/>\n<meta name=\"twitter:card\" content=\"summary_large_image\" \/>\n<meta name=\"twitter:site\" content=\"@LandiousTours\" \/>\n<meta name=\"twitter:label1\" content=\"Odhadovan\u00e1 doba \u010dten\u00ed\" \/>\n\t<meta name=\"twitter:data1\" content=\"1 minuta\" \/>\n<script type=\"application\/ld+json\" class=\"yoast-schema-graph\">{\"@context\":\"https:\\\/\\\/schema.org\",\"@graph\":[{\"@type\":\"WebPage\",\"@id\":\"https:\\\/\\\/landioustravel.com\\\/cs\\\/shop\\\/namorni-vylet-polo-ponorka-hurghada\\\/\",\"url\":\"https:\\\/\\\/landioustravel.com\\\/cs\\\/shop\\\/namorni-vylet-polo-ponorka-hurghada\\\/\",\"name\":\"N\u00e1mo\u0159n\u00ed v\u00fdlet na polo ponorku v Hurghad\u011b\",\"isPartOf\":{\"@id\":\"https:\\\/\\\/landioustravel.com\\\/cs\\\/#website\"},\"primaryImageOfPage\":{\"@id\":\"https:\\\/\\\/landioustravel.com\\\/cs\\\/shop\\\/namorni-vylet-polo-ponorka-hurghada\\\/#primaryimage\"},\"image\":{\"@id\":\"https:\\\/\\\/landioustravel.com\\\/cs\\\/shop\\\/namorni-vylet-polo-ponorka-hurghada\\\/#primaryimage\"},\"thumbnailUrl\":\"https:\\\/\\\/i0.wp.com\\\/landioustravel.com\\\/wp-content\\\/uploads\\\/2021\\\/03\\\/Semi-Submarine-Trip-Hurghada-e1623681169122.jpg?fit=1200%2C675&ssl=1\",\"datePublished\":\"2019-09-05T09:34:18+00:00\",\"dateModified\":\"2026-04-12T17:13:52+00:00\",\"description\":\"N\u00e1mo\u0159n\u00ed v\u00fdlet na polo ponorku v Hurghad\u011b Doporu\u010dujeme v\u00fdlet, proto\u017ee umo\u017e\u0148uje turist\u016fm v\u0161ech v\u011bkov\u00fdch skupin pobavit se u mo\u0159e a sledovat kor\u00e1ly a spoustu\",\"breadcrumb\":{\"@id\":\"https:\\\/\\\/landioustravel.com\\\/cs\\\/shop\\\/namorni-vylet-polo-ponorka-hurghada\\\/#breadcrumb\"},\"inLanguage\":\"cs\",\"potentialAction\":[{\"@type\":\"ReadAction\",\"target\":[\"https:\\\/\\\/landioustravel.com\\\/cs\\\/shop\\\/namorni-vylet-polo-ponorka-hurghada\\\/\"]}]},{\"@type\":\"ImageObject\",\"inLanguage\":\"cs\",\"@id\":\"https:\\\/\\\/landioustravel.com\\\/cs\\\/shop\\\/namorni-vylet-polo-ponorka-hurghada\\\/#primaryimage\",\"url\":\"https:\\\/\\\/i0.wp.com\\\/landioustravel.com\\\/wp-content\\\/uploads\\\/2021\\\/03\\\/Semi-Submarine-Trip-Hurghada-e1623681169122.jpg?fit=1200%2C675&ssl=1\",\"contentUrl\":\"https:\\\/\\\/i0.wp.com\\\/landioustravel.com\\\/wp-content\\\/uploads\\\/2021\\\/03\\\/Semi-Submarine-Trip-Hurghada-e1623681169122.jpg?fit=1200%2C675&ssl=1\",\"width\":1200,\"height\":675,\"caption\":\"Semi Submarine Trip Hurghada\"},{\"@type\":\"BreadcrumbList\",\"@id\":\"https:\\\/\\\/landioustravel.com\\\/cs\\\/shop\\\/namorni-vylet-polo-ponorka-hurghada\\\/#breadcrumb\",\"itemListElement\":[{\"@type\":\"ListItem\",\"position\":1,\"name\":\"Home\",\"item\":\"https:\\\/\\\/landioustravel.com\\\/cs\\\/\"},{\"@type\":\"ListItem\",\"position\":2,\"name\":\"Slu\u017eby a v\u00fdlety\",\"item\":\"https:\\\/\\\/landioustravel.com\\\/cs\\\/\"},{\"@type\":\"ListItem\",\"position\":3,\"name\":\"N\u00e1mo\u0159n\u00ed v\u00fdlet na polo ponorku v Hurghad\u011b\"}]},{\"@type\":\"WebSite\",\"@id\":\"https:\\\/\\\/landioustravel.com\\\/cs\\\/#website\",\"url\":\"https:\\\/\\\/landioustravel.com\\\/cs\\\/\",\"name\":\"Landious Travel\",\"description\":\"Excursions, trips and cruises in Egypt\",\"publisher\":{\"@id\":\"https:\\\/\\\/landioustravel.com\\\/cs\\\/#organization\"},\"potentialAction\":[{\"@type\":\"SearchAction\",\"target\":{\"@type\":\"EntryPoint\",\"urlTemplate\":\"https:\\\/\\\/landioustravel.com\\\/cs\\\/?s={search_term_string}\"},\"query-input\":{\"@type\":\"PropertyValueSpecification\",\"valueRequired\":true,\"valueName\":\"search_term_string\"}}],\"inLanguage\":\"cs\"},{\"@type\":[\"Organization\",\"Place\"],\"@id\":\"https:\\\/\\\/landioustravel.com\\\/cs\\\/#organization\",\"name\":\"Landious Travel\",\"alternateName\":\"Landious Travel\",\"url\":\"https:\\\/\\\/landioustravel.com\\\/cs\\\/\",\"logo\":{\"@id\":\"https:\\\/\\\/landioustravel.com\\\/cs\\\/shop\\\/namorni-vylet-polo-ponorka-hurghada\\\/#local-main-organization-logo\"},\"image\":{\"@id\":\"https:\\\/\\\/landioustravel.com\\\/cs\\\/shop\\\/namorni-vylet-polo-ponorka-hurghada\\\/#local-main-organization-logo\"},\"sameAs\":[\"https:\\\/\\\/web.facebook.com\\\/landiousEgypt\",\"https:\\\/\\\/x.com\\\/LandiousTours\",\"https:\\\/\\\/mastodon.social\\\/@landious\"],\"legalName\":\"Landious Travel\",\"telephone\":[],\"openingHoursSpecification\":[{\"@type\":\"OpeningHoursSpecification\",\"dayOfWeek\":[\"Monday\",\"Tuesday\",\"Wednesday\",\"Thursday\",\"Friday\",\"Saturday\",\"Sunday\"],\"opens\":\"09:00\",\"closes\":\"17:00\"}]},{\"@type\":\"ImageObject\",\"inLanguage\":\"cs\",\"@id\":\"https:\\\/\\\/landioustravel.com\\\/cs\\\/shop\\\/namorni-vylet-polo-ponorka-hurghada\\\/#local-main-organization-logo\",\"url\":\"https:\\\/\\\/i0.wp.com\\\/landioustravel.com\\\/wp-content\\\/uploads\\\/2021\\\/06\\\/Landious-T.png?fit=500%2C500&ssl=1\",\"contentUrl\":\"https:\\\/\\\/i0.wp.com\\\/landioustravel.com\\\/wp-content\\\/uploads\\\/2021\\\/06\\\/Landious-T.png?fit=500%2C500&ssl=1\",\"width\":500,\"height\":500,\"caption\":\"Landious Travel\"}]}<\/script>\n<!-- \/ Yoast SEO Premium plugin. -->","yoast_head_json":{"title":"N\u00e1mo\u0159n\u00ed v\u00fdlet na polo ponorku v Hurghad\u011b","description":"N\u00e1mo\u0159n\u00ed v\u00fdlet na polo ponorku v Hurghad\u011b Doporu\u010dujeme v\u00fdlet, proto\u017ee umo\u017e\u0148uje turist\u016fm v\u0161ech v\u011bkov\u00fdch skupin pobavit se u mo\u0159e a sledovat kor\u00e1ly a spoustu","robots":{"index":"index","follow":"follow","max-snippet":"max-snippet:-1","max-image-preview":"max-image-preview:large","max-video-preview":"max-video-preview:-1"},"canonical":"https:\/\/landioustravel.com\/cs\/shop\/namorni-vylet-polo-ponorka-hurghada\/","og_locale":"cs_CZ","og_type":"article","og_title":"N\u00e1mo\u0159n\u00ed v\u00fdlet na polo ponorku v Hurghad\u011b","og_description":"Landious Travel","og_url":"https:\/\/landioustravel.com\/cs\/shop\/namorni-vylet-polo-ponorka-hurghada\/","og_site_name":"Landious Travel","article_publisher":"https:\/\/web.facebook.com\/landiousEgypt","article_modified_time":"2026-04-12T17:13:52+00:00","og_image":[{"width":1200,"height":675,"url":"https:\/\/i0.wp.com\/landioustravel.com\/wp-content\/uploads\/2021\/03\/Semi-Submarine-Trip-Hurghada-e1623681169122.jpg?fit=1200%2C675&ssl=1","type":"image\/jpeg"}],"twitter_card":"summary_large_image","twitter_site":"@LandiousTours","twitter_misc":{"Odhadovan\u00e1 doba \u010dten\u00ed":"1 minuta"},"schema":{"@context":"https:\/\/schema.org","@graph":[{"@type":"WebPage","@id":"https:\/\/landioustravel.com\/cs\/shop\/namorni-vylet-polo-ponorka-hurghada\/","url":"https:\/\/landioustravel.com\/cs\/shop\/namorni-vylet-polo-ponorka-hurghada\/","name":"N\u00e1mo\u0159n\u00ed v\u00fdlet na polo ponorku v Hurghad\u011b","isPartOf":{"@id":"https:\/\/landioustravel.com\/cs\/#website"},"primaryImageOfPage":{"@id":"https:\/\/landioustravel.com\/cs\/shop\/namorni-vylet-polo-ponorka-hurghada\/#primaryimage"},"image":{"@id":"https:\/\/landioustravel.com\/cs\/shop\/namorni-vylet-polo-ponorka-hurghada\/#primaryimage"},"thumbnailUrl":"https:\/\/i0.wp.com\/landioustravel.com\/wp-content\/uploads\/2021\/03\/Semi-Submarine-Trip-Hurghada-e1623681169122.jpg?fit=1200%2C675&ssl=1","datePublished":"2019-09-05T09:34:18+00:00","dateModified":"2026-04-12T17:13:52+00:00","description":"N\u00e1mo\u0159n\u00ed v\u00fdlet na polo ponorku v Hurghad\u011b Doporu\u010dujeme v\u00fdlet, proto\u017ee umo\u017e\u0148uje turist\u016fm v\u0161ech v\u011bkov\u00fdch skupin pobavit se u mo\u0159e a sledovat kor\u00e1ly a spoustu","breadcrumb":{"@id":"https:\/\/landioustravel.com\/cs\/shop\/namorni-vylet-polo-ponorka-hurghada\/#breadcrumb"},"inLanguage":"cs","potentialAction":[{"@type":"ReadAction","target":["https:\/\/landioustravel.com\/cs\/shop\/namorni-vylet-polo-ponorka-hurghada\/"]}]},{"@type":"ImageObject","inLanguage":"cs","@id":"https:\/\/landioustravel.com\/cs\/shop\/namorni-vylet-polo-ponorka-hurghada\/#primaryimage","url":"https:\/\/i0.wp.com\/landioustravel.com\/wp-content\/uploads\/2021\/03\/Semi-Submarine-Trip-Hurghada-e1623681169122.jpg?fit=1200%2C675&ssl=1","contentUrl":"https:\/\/i0.wp.com\/landioustravel.com\/wp-content\/uploads\/2021\/03\/Semi-Submarine-Trip-Hurghada-e1623681169122.jpg?fit=1200%2C675&ssl=1","width":1200,"height":675,"caption":"Semi Submarine Trip Hurghada"},{"@type":"BreadcrumbList","@id":"https:\/\/landioustravel.com\/cs\/shop\/namorni-vylet-polo-ponorka-hurghada\/#breadcrumb","itemListElement":[{"@type":"ListItem","position":1,"name":"Home","item":"https:\/\/landioustravel.com\/cs\/"},{"@type":"ListItem","position":2,"name":"Slu\u017eby a v\u00fdlety","item":"https:\/\/landioustravel.com\/cs\/"},{"@type":"ListItem","position":3,"name":"N\u00e1mo\u0159n\u00ed v\u00fdlet na polo ponorku v Hurghad\u011b"}]},{"@type":"WebSite","@id":"https:\/\/landioustravel.com\/cs\/#website","url":"https:\/\/landioustravel.com\/cs\/","name":"Landious Travel","description":"Excursions, trips and cruises in Egypt","publisher":{"@id":"https:\/\/landioustravel.com\/cs\/#organization"},"potentialAction":[{"@type":"SearchAction","target":{"@type":"EntryPoint","urlTemplate":"https:\/\/landioustravel.com\/cs\/?s={search_term_string}"},"query-input":{"@type":"PropertyValueSpecification","valueRequired":true,"valueName":"search_term_string"}}],"inLanguage":"cs"},{"@type":["Organization","Place"],"@id":"https:\/\/landioustravel.com\/cs\/#organization","name":"Landious Travel","alternateName":"Landious Travel","url":"https:\/\/landioustravel.com\/cs\/","logo":{"@id":"https:\/\/landioustravel.com\/cs\/shop\/namorni-vylet-polo-ponorka-hurghada\/#local-main-organization-logo"},"image":{"@id":"https:\/\/landioustravel.com\/cs\/shop\/namorni-vylet-polo-ponorka-hurghada\/#local-main-organization-logo"},"sameAs":["https:\/\/web.facebook.com\/landiousEgypt","https:\/\/x.com\/LandiousTours","https:\/\/mastodon.social\/@landious"],"legalName":"Landious Travel","telephone":[],"openingHoursSpecification":[{"@type":"OpeningHoursSpecification","dayOfWeek":["Monday","Tuesday","Wednesday","Thursday","Friday","Saturday","Sunday"],"opens":"09:00","closes":"17:00"}]},{"@type":"ImageObject","inLanguage":"cs","@id":"https:\/\/landioustravel.com\/cs\/shop\/namorni-vylet-polo-ponorka-hurghada\/#local-main-organization-logo","url":"https:\/\/i0.wp.com\/landioustravel.com\/wp-content\/uploads\/2021\/06\/Landious-T.png?fit=500%2C500&ssl=1","contentUrl":"https:\/\/i0.wp.com\/landioustravel.com\/wp-content\/uploads\/2021\/06\/Landious-T.png?fit=500%2C500&ssl=1","width":500,"height":500,"caption":"Landious Travel"}]}},"jetpack_publicize_connections":[],"uagb_featured_image_src":{"full":["https:\/\/i0.wp.com\/landioustravel.com\/wp-content\/uploads\/2021\/03\/Semi-Submarine-Trip-Hurghada-e1623681169122.jpg?fit=1200%2C675&ssl=1",1200,675,false],"thumbnail":["https:\/\/i0.wp.com\/landioustravel.com\/wp-content\/uploads\/2021\/03\/Semi-Submarine-Trip-Hurghada-e1623681169122.jpg?resize=150%2C150&ssl=1",150,150,true],"medium":["https:\/\/i0.wp.com\/landioustravel.com\/wp-content\/uploads\/2021\/03\/Semi-Submarine-Trip-Hurghada-e1623681169122.jpg?fit=300%2C169&ssl=1",300,169,true],"medium_large":["https:\/\/i0.wp.com\/landioustravel.com\/wp-content\/uploads\/2021\/03\/Semi-Submarine-Trip-Hurghada-e1623681169122.jpg?fit=768%2C432&ssl=1",768,432,true],"large":["https:\/\/i0.wp.com\/landioustravel.com\/wp-content\/uploads\/2021\/03\/Semi-Submarine-Trip-Hurghada-e1623681169122.jpg?fit=980%2C551&ssl=1",980,551,true],"1536x1536":["https:\/\/i0.wp.com\/landioustravel.com\/wp-content\/uploads\/2021\/03\/Semi-Submarine-Trip-Hurghada-e1623681169122.jpg?fit=1200%2C675&ssl=1",1200,675,true],"2048x2048":["https:\/\/i0.wp.com\/landioustravel.com\/wp-content\/uploads\/2021\/03\/Semi-Submarine-Trip-Hurghada-e1623681169122.jpg?fit=1200%2C675&ssl=1",1200,675,true],"newspack-article-block-landscape-large":["https:\/\/i0.wp.com\/landioustravel.com\/wp-content\/uploads\/2021\/03\/Semi-Submarine-Trip-Hurghada-e1623681169122.jpg?resize=1200%2C675&ssl=1",1200,675,true],"newspack-article-block-portrait-large":["https:\/\/i0.wp.com\/landioustravel.com\/wp-content\/uploads\/2021\/03\/Semi-Submarine-Trip-Hurghada-e1623681169122.jpg?resize=900%2C675&ssl=1",900,675,true],"newspack-article-block-square-large":["https:\/\/i0.wp.com\/landioustravel.com\/wp-content\/uploads\/2021\/03\/Semi-Submarine-Trip-Hurghada-e1623681169122.jpg?resize=1200%2C675&ssl=1",1200,675,true],"newspack-article-block-landscape-medium":["https:\/\/i0.wp.com\/landioustravel.com\/wp-content\/uploads\/2021\/03\/Semi-Submarine-Trip-Hurghada-e1623681169122.jpg?resize=800%2C600&ssl=1",800,600,true],"newspack-article-block-portrait-medium":["https:\/\/i0.wp.com\/landioustravel.com\/wp-content\/uploads\/2021\/03\/Semi-Submarine-Trip-Hurghada-e1623681169122.jpg?resize=600%2C675&ssl=1",600,675,true],"newspack-article-block-square-medium":["https:\/\/i0.wp.com\/landioustravel.com\/wp-content\/uploads\/2021\/03\/Semi-Submarine-Trip-Hurghada-e1623681169122.jpg?resize=800%2C675&ssl=1",800,675,true],"newspack-article-block-landscape-intermediate":["https:\/\/i0.wp.com\/landioustravel.com\/wp-content\/uploads\/2021\/03\/Semi-Submarine-Trip-Hurghada-e1623681169122.jpg?resize=600%2C450&ssl=1",600,450,true],"newspack-article-block-portrait-intermediate":["https:\/\/i0.wp.com\/landioustravel.com\/wp-content\/uploads\/2021\/03\/Semi-Submarine-Trip-Hurghada-e1623681169122.jpg?resize=450%2C600&ssl=1",450,600,true],"newspack-article-block-square-intermediate":["https:\/\/i0.wp.com\/landioustravel.com\/wp-content\/uploads\/2021\/03\/Semi-Submarine-Trip-Hurghada-e1623681169122.jpg?resize=600%2C600&ssl=1",600,600,true],"newspack-article-block-landscape-small":["https:\/\/i0.wp.com\/landioustravel.com\/wp-content\/uploads\/2021\/03\/Semi-Submarine-Trip-Hurghada-e1623681169122.jpg?resize=400%2C300&ssl=1",400,300,true],"newspack-article-block-portrait-small":["https:\/\/i0.wp.com\/landioustravel.com\/wp-content\/uploads\/2021\/03\/Semi-Submarine-Trip-Hurghada-e1623681169122.jpg?resize=300%2C400&ssl=1",300,400,true],"newspack-article-block-square-small":["https:\/\/i0.wp.com\/landioustravel.com\/wp-content\/uploads\/2021\/03\/Semi-Submarine-Trip-Hurghada-e1623681169122.jpg?resize=400%2C400&ssl=1",400,400,true],"newspack-article-block-landscape-tiny":["https:\/\/i0.wp.com\/landioustravel.com\/wp-content\/uploads\/2021\/03\/Semi-Submarine-Trip-Hurghada-e1623681169122.jpg?resize=200%2C150&ssl=1",200,150,true],"newspack-article-block-portrait-tiny":["https:\/\/i0.wp.com\/landioustravel.com\/wp-content\/uploads\/2021\/03\/Semi-Submarine-Trip-Hurghada-e1623681169122.jpg?resize=150%2C200&ssl=1",150,200,true],"newspack-article-block-square-tiny":["https:\/\/i0.wp.com\/landioustravel.com\/wp-content\/uploads\/2021\/03\/Semi-Submarine-Trip-Hurghada-e1623681169122.jpg?resize=200%2C200&ssl=1",200,200,true],"newspack-article-block-uncropped":["https:\/\/i0.wp.com\/landioustravel.com\/wp-content\/uploads\/2021\/03\/Semi-Submarine-Trip-Hurghada-e1623681169122.jpg?fit=1200%2C675&ssl=1",1200,675,true],"woocommerce_thumbnail":["https:\/\/i0.wp.com\/landioustravel.com\/wp-content\/uploads\/2021\/03\/Semi-Submarine-Trip-Hurghada-e1623681169122.jpg?resize=324%2C324&ssl=1",324,324,true],"woocommerce_single":["https:\/\/i0.wp.com\/landioustravel.com\/wp-content\/uploads\/2021\/03\/Semi-Submarine-Trip-Hurghada-e1623681169122.jpg?fit=416%2C234&ssl=1",416,234,true],"woocommerce_gallery_thumbnail":["https:\/\/i0.wp.com\/landioustravel.com\/wp-content\/uploads\/2021\/03\/Semi-Submarine-Trip-Hurghada-e1623681169122.jpg?resize=100%2C100&ssl=1",100,100,true]},"uagb_author_info":{"display_name":"Mofreh Landious","author_link":"https:\/\/landioustravel.com\/cs\/author\/"},"uagb_comment_info":5,"uagb_excerpt":"P\u0159ipravte se na \u00fa\u017easn\u00e9 dobrodru\u017estv\u00ed p\u0159i prozkoum\u00e1v\u00e1n\u00ed \u00fachvatn\u00e9ho podmo\u0159sk\u00e9ho sv\u011bta Rud\u00e9ho mo\u0159e na t\u00e9to plavb\u011b po Hurghad\u011b! Nasko\u010dte na palubu poloponorky a nechte se uchv\u00e1tit dechberouc\u00edmi v\u00fdhledy na kor\u00e1lov\u00e9 \u00fatesy a pulzuj\u00edc\u00ed mo\u0159sk\u00fd \u017eivot p\u0159es velk\u00e1 panoramatick\u00e1 okna. Sledujte sv\u00e9ho pr\u016fvodce p\u0159i \u0161norchlov\u00e1n\u00ed a plav\u00e1n\u00ed mezi exotick\u00fdmi rybami a barevn\u00fdmi kor\u00e1ly a p\u0159ipravte se na&hellip;","jetpack_sharing_enabled":true,"jetpack_likes_enabled":true,"amp_enabled":true,"_links":{"self":[{"href":"https:\/\/landioustravel.com\/cs\/wp-json\/wp\/v2\/product\/19087","targetHints":{"allow":["GET"]}}],"collection":[{"href":"https:\/\/landioustravel.com\/cs\/wp-json\/wp\/v2\/product"}],"about":[{"href":"https:\/\/landioustravel.com\/cs\/wp-json\/wp\/v2\/types\/product"}],"replies":[{"embeddable":true,"href":"https:\/\/landioustravel.com\/cs\/wp-json\/wp\/v2\/comments?post=19087"}],"wp:featuredmedia":[{"embeddable":true,"href":"https:\/\/landioustravel.com\/cs\/wp-json\/wp\/v2\/media\/53284"}],"wp:attachment":[{"href":"https:\/\/landioustravel.com\/cs\/wp-json\/wp\/v2\/media?parent=19087"}],"wp:term":[{"taxonomy":"product_brand","embeddable":true,"href":"https:\/\/landioustravel.com\/cs\/wp-json\/wp\/v2\/product_brand?post=19087"},{"taxonomy":"product_cat","embeddable":true,"href":"https:\/\/landioustravel.com\/cs\/wp-json\/wp\/v2\/product_cat?post=19087"},{"taxonomy":"product_tag","embeddable":true,"href":"https:\/\/landioustravel.com\/cs\/wp-json\/wp\/v2\/product_tag?post=19087"}],"curies":[{"name":"wp","href":"https:\/\/api.w.org\/{rel}","templated":true}]}}