{"id":19122,"date":"2023-03-27T15:36:54","date_gmt":"2019-09-06T08:24:18","guid":{"rendered":"https:\/\/landioustravel.com\/?post_type=product&#038;p=19122"},"modified":"2024-07-22T18:42:26","modified_gmt":"2024-07-22T15:42:26","slug":"trihodinovy-moto-safari-hurghada","status":"publish","type":"product","link":"https:\/\/landioustravel.com\/cs\/shop\/trihodinovy-moto-safari-hurghada\/","title":{"rendered":"T\u0159\u00edhodinov\u00fd moto safari v Hurghad\u011b"},"content":{"rendered":"<p>Velmi aktivn\u00ed v\u00fdlet pro \u010dty\u0159kolky v Hurghad\u011b! Doporu\u010dujeme v\u00fdlet na to, \u017ee umo\u017e\u0148uje turist\u016fm str\u00e1vit dobr\u00fd \u010das na \u010dty\u0159kolk\u00e1ch na dlouhou vzd\u00e1lenost v pou\u0161ti _ 50 km, objevovat pou\u0161\u0165 v Hurghad\u011b a seznamovat se s kulturou bedu\u00edn\u016f.<\/p>\n<h2>Hlavn\u00ed body programu exkurze pro \u010dty\u0159kolky<\/h2>\n<ul>\n<li>\u010cty\u0159kolka na vzd\u00e1lenost 50 km v pou\u0161ti<\/li>\n<li>J\u00edzda na velbloudovi<\/li>\n<li>Tak\u00e9 pit\u00ed \u010daje v bedu\u00ednsk\u00e9m stanu<\/li>\n<\/ul>\n<h3>T\u0159\u00edhodinov\u00fd v\u00fdletn\u00ed program Moto Safari v Hurghad\u011b<\/h3>\n<ul>\n<li>Vyb\u00edr\u00e1me v\u00e1s z hotelu p\u0159ibli\u017en\u011b v 08:00 r\u00e1no<\/li>\n<li>Po vyzvednut\u00ed v\u0161ech p\u0159\u00edchoz\u00edch n\u00e1\u0161 minibus \/ Jeep jde sm\u011brem k pou\u0161ti, kde je \u010dty\u0159kolka. Cesta k z\u00e1kladn\u011b trv\u00e1 asi 30 minut<\/li>\n<li>Na za\u010d\u00e1tku se mus\u00edte p\u0159ipravit na \u0161\u00e1tek, helmu a slune\u010dn\u00ed br\u00fdle<\/li>\n<li>Pak je na kr\u00e1tkou dobu instrukce a \u0161kolen\u00ed<\/li>\n<li>D\u00e1le pojedete 25 km p\u0159es pou\u0161\u0165 do vesnice Bedouin<\/li>\n<li>Jakmile doraz\u00edte do vesnice bedu\u00edn\u016f, p\u016fjdete na velbloudech a fotografujete bedu\u00edny<\/li>\n<li>Po j\u00edzd\u011b na velbloudu v\u00e1s pr\u016fvodce doprov\u00e1z\u00ed do bedu\u00ednsk\u00e9ho stanu. Tam pijete \u010daj a pt\u00e1te se pr\u016fvodce, na kter\u00fd pot\u0159ebujete odpov\u011bd\u011bt<\/li>\n<li>Op\u011bt se p\u0159ipravte na cestu 25 km zp\u011bt na z\u00e1kladnu. Tento v\u00fdlet na \u010dty\u0159kolce na safari obvykle trv\u00e1 t\u0159i hodiny.<\/li>\n<li>Toto \u201eT\u0159i hodiny Moto Safari v Hurghad\u011b\u201c kon\u010d\u00ed p\u0159ibli\u017en\u011b ve 12:00<\/li>\n<\/ul>\n<h4>Co je zahrnuto v cen\u011b z\u00e1jezdu<\/h4>\n<ul>\n<li>P\u0159eve\u010fte na pou\u0161\u0165 a zp\u011bt do hotelu<\/li>\n<\/ul>\n<h5>Co nen\u00ed zahrnuto v cen\u011b z\u00e1jezdu<\/h5>\n<ul>\n<li>Video DVD<\/li>\n<li>Tak\u00e9, Photo CD<\/li>\n<\/ul>\n<h6>Co vz\u00edt na t\u0159\u00edhodinov\u00fd v\u00fdlet na safari<\/h6>\n<ul>\n<li>\u0160\u00e1tek<\/li>\n<li>Tak\u00e9 slune\u010dn\u00ed br\u00fdle<\/li>\n<\/ul>\n<h6>DNY EXKURZN\u00cd ORGANIZACE<\/h6>\n<ul>\n<li>Denn\u011b od 08: 00-12: 00<\/li>\n<\/ul>\n","protected":false},"excerpt":{"rendered":"<p>P\u0159ipravte se na nezapomenuteln\u00e9 dobrodru\u017estv\u00ed! Na prohl\u00eddce s pr\u016fvodcem z Hurghady nasko\u010dte na \u010dty\u0159kolku a prozkoumejte \u00fa\u017easnou v\u00fdchodn\u00ed Saharu. M\u016f\u017eete dokonce nav\u0161t\u00edvit tradi\u010dn\u00ed bedu\u00ednskou vesnici na \u010daj a vodn\u00ed d\u00fdmku a dozv\u011bd\u011bt se o jejich fascinuj\u00edc\u00edm zp\u016fsobu \u017eivota v pou\u0161ti. Nejlep\u0161\u00ed \u010d\u00e1st? Tento z\u00e1\u017eitek se odehr\u00e1v\u00e1 b\u011bhem chladn\u011bj\u0161\u00edch rann\u00edch hodin a zahrnuje zp\u00e1te\u010dn\u00ed hotelov\u00e9 transfery a ve\u0161ker\u00e9 pot\u0159ebn\u00e9 vybaven\u00ed. A pokud by v\u00e1m to nesta\u010dilo, m\u016f\u017eete se tak\u00e9 rozhodnout pro ATV Quad Safari, Camel Ride &amp; Beduin Village Tour. Poci\u0165te, jak se v\u00e1m na \u010dty\u0159kolce zved\u00e1 adrenalin, kdy\u017e proj\u00ed\u017ed\u00edte dunami, pak si odpo\u010di\u0148te u tradi\u010dn\u00edho \u010daje a proj\u00ed\u017e\u010fky na velbloudu. D\u00edky 3hodinov\u00e9mu pou\u0161tn\u00edmu safari budete m\u00edt spoustu \u010dasu nas\u00e1t \u00fa\u017easnou pou\u0161tn\u00ed scen\u00e9rii a spojit se s m\u00edstn\u00ed bedu\u00ednskou kulturou. Tak na co \u010dek\u00e1\u0161? Rezervujte si sv\u00e9 dobrodru\u017estv\u00ed je\u0161t\u011b dnes a p\u0159ipravte se na j\u00edzdu sv\u00e9ho \u017eivota!<\/p>\n","protected":false},"featured_media":131023,"comment_status":"open","ping_status":"closed","template":"","meta":{"_coblocks_attr":"","_coblocks_dimensions":"","_coblocks_responsive_height":"","_coblocks_accordion_ie_support":"","_uag_custom_page_level_css":"","jetpack_publicize_message":"","jetpack_publicize_feature_enabled":true,"jetpack_social_post_already_shared":true,"jetpack_social_options":{"image_generator_settings":{"template":"highway","default_image_id":0,"font":"","enabled":false},"version":2},"_wpas_customize_per_network":false},"product_brand":[],"product_cat":[16318,16314],"product_tag":[16348,16357,16358,16338],"class_list":{"0":"post-19122","1":"product","2":"type-product","3":"status-publish","4":"has-post-thumbnail","6":"product_cat-vylety-safari-hurghada","7":"product_cat-vylety-hurghada","8":"product_tag-hurghada-cs","9":"product_tag-jizda-na-ctyrkolkach","10":"product_tag-safari-cs","11":"product_tag-vylet","13":"first","14":"instock","15":"sale","16":"taxable","17":"shipping-taxable","18":"purchasable","19":"product-type-variable"},"yoast_head":"<!-- This site is optimized with the Yoast SEO Premium plugin v26.9 (Yoast SEO v27.4) - https:\/\/yoast.com\/product\/yoast-seo-premium-wordpress\/ -->\n<title>T\u0159\u00edhodinov\u00fd moto safari v Hurghad\u011b<\/title>\n<meta name=\"description\" content=\"T\u0159\u00edhodinov\u00fd moto safari v Hurghad\u011b Doporu\u010dujeme v\u00fdlet na to, \u017ee umo\u017e\u0148uje turist\u016fm str\u00e1vit dobr\u00fd \u010das na \u010dty\u0159kolk\u00e1ch na dlouhou vzd\u00e1lenost v pou\u0161ti _ 50 km\" \/>\n<meta name=\"robots\" content=\"index, follow, max-snippet:-1, max-image-preview:large, max-video-preview:-1\" \/>\n<link rel=\"canonical\" href=\"https:\/\/landioustravel.com\/cs\/shop\/trihodinovy-moto-safari-hurghada\/\" \/>\n<meta property=\"og:locale\" content=\"cs_CZ\" \/>\n<meta property=\"og:type\" content=\"article\" \/>\n<meta property=\"og:title\" content=\"T\u0159\u00edhodinov\u00fd moto safari v Hurghad\u011b\" \/>\n<meta property=\"og:description\" content=\"Landious Travel\" \/>\n<meta property=\"og:url\" content=\"https:\/\/landioustravel.com\/cs\/shop\/trihodinovy-moto-safari-hurghada\/\" \/>\n<meta property=\"og:site_name\" content=\"Landious Travel\" \/>\n<meta property=\"article:publisher\" content=\"https:\/\/web.facebook.com\/landiousEgypt\" \/>\n<meta property=\"article:modified_time\" content=\"2024-07-22T15:42:26+00:00\" \/>\n<meta property=\"og:image\" content=\"https:\/\/i0.wp.com\/landioustravel.com\/wp-content\/uploads\/2018\/11\/Quad-Biking-Safari-Hurghada-e1670018168119.jpg?fit=1201%2C675&ssl=1\" \/>\n\t<meta property=\"og:image:width\" content=\"1201\" \/>\n\t<meta property=\"og:image:height\" content=\"675\" \/>\n\t<meta property=\"og:image:type\" content=\"image\/jpeg\" \/>\n<meta name=\"twitter:card\" content=\"summary_large_image\" \/>\n<meta name=\"twitter:site\" content=\"@LandiousTours\" \/>\n<meta name=\"twitter:label1\" content=\"Odhadovan\u00e1 doba \u010dten\u00ed\" \/>\n\t<meta name=\"twitter:data1\" content=\"2 minuty\" \/>\n<script type=\"application\/ld+json\" class=\"yoast-schema-graph\">{\"@context\":\"https:\\\/\\\/schema.org\",\"@graph\":[{\"@type\":\"WebPage\",\"@id\":\"https:\\\/\\\/landioustravel.com\\\/cs\\\/shop\\\/trihodinovy-moto-safari-hurghada\\\/\",\"url\":\"https:\\\/\\\/landioustravel.com\\\/cs\\\/shop\\\/trihodinovy-moto-safari-hurghada\\\/\",\"name\":\"T\u0159\u00edhodinov\u00fd moto safari v Hurghad\u011b\",\"isPartOf\":{\"@id\":\"https:\\\/\\\/landioustravel.com\\\/cs\\\/#website\"},\"primaryImageOfPage\":{\"@id\":\"https:\\\/\\\/landioustravel.com\\\/cs\\\/shop\\\/trihodinovy-moto-safari-hurghada\\\/#primaryimage\"},\"image\":{\"@id\":\"https:\\\/\\\/landioustravel.com\\\/cs\\\/shop\\\/trihodinovy-moto-safari-hurghada\\\/#primaryimage\"},\"thumbnailUrl\":\"https:\\\/\\\/i0.wp.com\\\/landioustravel.com\\\/wp-content\\\/uploads\\\/2018\\\/11\\\/Quad-Biking-Safari-Hurghada-e1670018168119.jpg?fit=1201%2C675&ssl=1\",\"datePublished\":\"2019-09-06T08:24:18+00:00\",\"dateModified\":\"2024-07-22T15:42:26+00:00\",\"description\":\"T\u0159\u00edhodinov\u00fd moto safari v Hurghad\u011b Doporu\u010dujeme v\u00fdlet na to, \u017ee umo\u017e\u0148uje turist\u016fm str\u00e1vit dobr\u00fd \u010das na \u010dty\u0159kolk\u00e1ch na dlouhou vzd\u00e1lenost v pou\u0161ti _ 50 km\",\"breadcrumb\":{\"@id\":\"https:\\\/\\\/landioustravel.com\\\/cs\\\/shop\\\/trihodinovy-moto-safari-hurghada\\\/#breadcrumb\"},\"inLanguage\":\"cs\",\"potentialAction\":[{\"@type\":\"ReadAction\",\"target\":[\"https:\\\/\\\/landioustravel.com\\\/cs\\\/shop\\\/trihodinovy-moto-safari-hurghada\\\/\"]}]},{\"@type\":\"ImageObject\",\"inLanguage\":\"cs\",\"@id\":\"https:\\\/\\\/landioustravel.com\\\/cs\\\/shop\\\/trihodinovy-moto-safari-hurghada\\\/#primaryimage\",\"url\":\"https:\\\/\\\/i0.wp.com\\\/landioustravel.com\\\/wp-content\\\/uploads\\\/2018\\\/11\\\/Quad-Biking-Safari-Hurghada-e1670018168119.jpg?fit=1201%2C675&ssl=1\",\"contentUrl\":\"https:\\\/\\\/i0.wp.com\\\/landioustravel.com\\\/wp-content\\\/uploads\\\/2018\\\/11\\\/Quad-Biking-Safari-Hurghada-e1670018168119.jpg?fit=1201%2C675&ssl=1\",\"width\":1201,\"height\":675,\"caption\":\"Quad Biking Safari Hurghada\"},{\"@type\":\"BreadcrumbList\",\"@id\":\"https:\\\/\\\/landioustravel.com\\\/cs\\\/shop\\\/trihodinovy-moto-safari-hurghada\\\/#breadcrumb\",\"itemListElement\":[{\"@type\":\"ListItem\",\"position\":1,\"name\":\"Home\",\"item\":\"https:\\\/\\\/landioustravel.com\\\/cs\\\/\"},{\"@type\":\"ListItem\",\"position\":2,\"name\":\"Slu\u017eby a v\u00fdlety\",\"item\":\"https:\\\/\\\/landioustravel.com\\\/cs\\\/\"},{\"@type\":\"ListItem\",\"position\":3,\"name\":\"T\u0159\u00edhodinov\u00fd moto safari v Hurghad\u011b\"}]},{\"@type\":\"WebSite\",\"@id\":\"https:\\\/\\\/landioustravel.com\\\/cs\\\/#website\",\"url\":\"https:\\\/\\\/landioustravel.com\\\/cs\\\/\",\"name\":\"Landious Travel\",\"description\":\"Excursions, trips and cruises in Egypt\",\"publisher\":{\"@id\":\"https:\\\/\\\/landioustravel.com\\\/cs\\\/#organization\"},\"potentialAction\":[{\"@type\":\"SearchAction\",\"target\":{\"@type\":\"EntryPoint\",\"urlTemplate\":\"https:\\\/\\\/landioustravel.com\\\/cs\\\/?s={search_term_string}\"},\"query-input\":{\"@type\":\"PropertyValueSpecification\",\"valueRequired\":true,\"valueName\":\"search_term_string\"}}],\"inLanguage\":\"cs\"},{\"@type\":[\"Organization\",\"Place\"],\"@id\":\"https:\\\/\\\/landioustravel.com\\\/cs\\\/#organization\",\"name\":\"Landious Travel\",\"alternateName\":\"Landious Travel\",\"url\":\"https:\\\/\\\/landioustravel.com\\\/cs\\\/\",\"logo\":{\"@id\":\"https:\\\/\\\/landioustravel.com\\\/cs\\\/shop\\\/trihodinovy-moto-safari-hurghada\\\/#local-main-organization-logo\"},\"image\":{\"@id\":\"https:\\\/\\\/landioustravel.com\\\/cs\\\/shop\\\/trihodinovy-moto-safari-hurghada\\\/#local-main-organization-logo\"},\"sameAs\":[\"https:\\\/\\\/web.facebook.com\\\/landiousEgypt\",\"https:\\\/\\\/x.com\\\/LandiousTours\",\"https:\\\/\\\/mastodon.social\\\/@landious\"],\"legalName\":\"Landious Travel\",\"telephone\":[],\"openingHoursSpecification\":[{\"@type\":\"OpeningHoursSpecification\",\"dayOfWeek\":[\"Monday\",\"Tuesday\",\"Wednesday\",\"Thursday\",\"Friday\",\"Saturday\",\"Sunday\"],\"opens\":\"09:00\",\"closes\":\"17:00\"}]},{\"@type\":\"ImageObject\",\"inLanguage\":\"cs\",\"@id\":\"https:\\\/\\\/landioustravel.com\\\/cs\\\/shop\\\/trihodinovy-moto-safari-hurghada\\\/#local-main-organization-logo\",\"url\":\"https:\\\/\\\/i0.wp.com\\\/landioustravel.com\\\/wp-content\\\/uploads\\\/2021\\\/06\\\/Landious-T.png?fit=500%2C500&ssl=1\",\"contentUrl\":\"https:\\\/\\\/i0.wp.com\\\/landioustravel.com\\\/wp-content\\\/uploads\\\/2021\\\/06\\\/Landious-T.png?fit=500%2C500&ssl=1\",\"width\":500,\"height\":500,\"caption\":\"Landious Travel\"}]}<\/script>\n<!-- \/ Yoast SEO Premium plugin. -->","yoast_head_json":{"title":"T\u0159\u00edhodinov\u00fd moto safari v Hurghad\u011b","description":"T\u0159\u00edhodinov\u00fd moto safari v Hurghad\u011b Doporu\u010dujeme v\u00fdlet na to, \u017ee umo\u017e\u0148uje turist\u016fm str\u00e1vit dobr\u00fd \u010das na \u010dty\u0159kolk\u00e1ch na dlouhou vzd\u00e1lenost v pou\u0161ti _ 50 km","robots":{"index":"index","follow":"follow","max-snippet":"max-snippet:-1","max-image-preview":"max-image-preview:large","max-video-preview":"max-video-preview:-1"},"canonical":"https:\/\/landioustravel.com\/cs\/shop\/trihodinovy-moto-safari-hurghada\/","og_locale":"cs_CZ","og_type":"article","og_title":"T\u0159\u00edhodinov\u00fd moto safari v Hurghad\u011b","og_description":"Landious Travel","og_url":"https:\/\/landioustravel.com\/cs\/shop\/trihodinovy-moto-safari-hurghada\/","og_site_name":"Landious Travel","article_publisher":"https:\/\/web.facebook.com\/landiousEgypt","article_modified_time":"2024-07-22T15:42:26+00:00","og_image":[{"width":1201,"height":675,"url":"https:\/\/i0.wp.com\/landioustravel.com\/wp-content\/uploads\/2018\/11\/Quad-Biking-Safari-Hurghada-e1670018168119.jpg?fit=1201%2C675&ssl=1","type":"image\/jpeg"}],"twitter_card":"summary_large_image","twitter_site":"@LandiousTours","twitter_misc":{"Odhadovan\u00e1 doba \u010dten\u00ed":"2 minuty"},"schema":{"@context":"https:\/\/schema.org","@graph":[{"@type":"WebPage","@id":"https:\/\/landioustravel.com\/cs\/shop\/trihodinovy-moto-safari-hurghada\/","url":"https:\/\/landioustravel.com\/cs\/shop\/trihodinovy-moto-safari-hurghada\/","name":"T\u0159\u00edhodinov\u00fd moto safari v Hurghad\u011b","isPartOf":{"@id":"https:\/\/landioustravel.com\/cs\/#website"},"primaryImageOfPage":{"@id":"https:\/\/landioustravel.com\/cs\/shop\/trihodinovy-moto-safari-hurghada\/#primaryimage"},"image":{"@id":"https:\/\/landioustravel.com\/cs\/shop\/trihodinovy-moto-safari-hurghada\/#primaryimage"},"thumbnailUrl":"https:\/\/i0.wp.com\/landioustravel.com\/wp-content\/uploads\/2018\/11\/Quad-Biking-Safari-Hurghada-e1670018168119.jpg?fit=1201%2C675&ssl=1","datePublished":"2019-09-06T08:24:18+00:00","dateModified":"2024-07-22T15:42:26+00:00","description":"T\u0159\u00edhodinov\u00fd moto safari v Hurghad\u011b Doporu\u010dujeme v\u00fdlet na to, \u017ee umo\u017e\u0148uje turist\u016fm str\u00e1vit dobr\u00fd \u010das na \u010dty\u0159kolk\u00e1ch na dlouhou vzd\u00e1lenost v pou\u0161ti _ 50 km","breadcrumb":{"@id":"https:\/\/landioustravel.com\/cs\/shop\/trihodinovy-moto-safari-hurghada\/#breadcrumb"},"inLanguage":"cs","potentialAction":[{"@type":"ReadAction","target":["https:\/\/landioustravel.com\/cs\/shop\/trihodinovy-moto-safari-hurghada\/"]}]},{"@type":"ImageObject","inLanguage":"cs","@id":"https:\/\/landioustravel.com\/cs\/shop\/trihodinovy-moto-safari-hurghada\/#primaryimage","url":"https:\/\/i0.wp.com\/landioustravel.com\/wp-content\/uploads\/2018\/11\/Quad-Biking-Safari-Hurghada-e1670018168119.jpg?fit=1201%2C675&ssl=1","contentUrl":"https:\/\/i0.wp.com\/landioustravel.com\/wp-content\/uploads\/2018\/11\/Quad-Biking-Safari-Hurghada-e1670018168119.jpg?fit=1201%2C675&ssl=1","width":1201,"height":675,"caption":"Quad Biking Safari Hurghada"},{"@type":"BreadcrumbList","@id":"https:\/\/landioustravel.com\/cs\/shop\/trihodinovy-moto-safari-hurghada\/#breadcrumb","itemListElement":[{"@type":"ListItem","position":1,"name":"Home","item":"https:\/\/landioustravel.com\/cs\/"},{"@type":"ListItem","position":2,"name":"Slu\u017eby a v\u00fdlety","item":"https:\/\/landioustravel.com\/cs\/"},{"@type":"ListItem","position":3,"name":"T\u0159\u00edhodinov\u00fd moto safari v Hurghad\u011b"}]},{"@type":"WebSite","@id":"https:\/\/landioustravel.com\/cs\/#website","url":"https:\/\/landioustravel.com\/cs\/","name":"Landious Travel","description":"Excursions, trips and cruises in Egypt","publisher":{"@id":"https:\/\/landioustravel.com\/cs\/#organization"},"potentialAction":[{"@type":"SearchAction","target":{"@type":"EntryPoint","urlTemplate":"https:\/\/landioustravel.com\/cs\/?s={search_term_string}"},"query-input":{"@type":"PropertyValueSpecification","valueRequired":true,"valueName":"search_term_string"}}],"inLanguage":"cs"},{"@type":["Organization","Place"],"@id":"https:\/\/landioustravel.com\/cs\/#organization","name":"Landious Travel","alternateName":"Landious Travel","url":"https:\/\/landioustravel.com\/cs\/","logo":{"@id":"https:\/\/landioustravel.com\/cs\/shop\/trihodinovy-moto-safari-hurghada\/#local-main-organization-logo"},"image":{"@id":"https:\/\/landioustravel.com\/cs\/shop\/trihodinovy-moto-safari-hurghada\/#local-main-organization-logo"},"sameAs":["https:\/\/web.facebook.com\/landiousEgypt","https:\/\/x.com\/LandiousTours","https:\/\/mastodon.social\/@landious"],"legalName":"Landious Travel","telephone":[],"openingHoursSpecification":[{"@type":"OpeningHoursSpecification","dayOfWeek":["Monday","Tuesday","Wednesday","Thursday","Friday","Saturday","Sunday"],"opens":"09:00","closes":"17:00"}]},{"@type":"ImageObject","inLanguage":"cs","@id":"https:\/\/landioustravel.com\/cs\/shop\/trihodinovy-moto-safari-hurghada\/#local-main-organization-logo","url":"https:\/\/i0.wp.com\/landioustravel.com\/wp-content\/uploads\/2021\/06\/Landious-T.png?fit=500%2C500&ssl=1","contentUrl":"https:\/\/i0.wp.com\/landioustravel.com\/wp-content\/uploads\/2021\/06\/Landious-T.png?fit=500%2C500&ssl=1","width":500,"height":500,"caption":"Landious Travel"}]}},"jetpack_publicize_connections":[],"uagb_featured_image_src":{"full":["https:\/\/i0.wp.com\/landioustravel.com\/wp-content\/uploads\/2018\/11\/Quad-Biking-Safari-Hurghada-e1670018168119.jpg?fit=1201%2C675&ssl=1",1201,675,false],"thumbnail":["https:\/\/i0.wp.com\/landioustravel.com\/wp-content\/uploads\/2018\/11\/Quad-Biking-Safari-Hurghada-e1670018168119.jpg?resize=150%2C150&ssl=1",150,150,true],"medium":["https:\/\/i0.wp.com\/landioustravel.com\/wp-content\/uploads\/2018\/11\/Quad-Biking-Safari-Hurghada-e1670018168119.jpg?fit=300%2C169&ssl=1",300,169,true],"medium_large":["https:\/\/i0.wp.com\/landioustravel.com\/wp-content\/uploads\/2018\/11\/Quad-Biking-Safari-Hurghada-e1670018168119.jpg?fit=768%2C432&ssl=1",768,432,true],"large":["https:\/\/i0.wp.com\/landioustravel.com\/wp-content\/uploads\/2018\/11\/Quad-Biking-Safari-Hurghada-e1670018168119.jpg?fit=980%2C551&ssl=1",980,551,true],"1536x1536":["https:\/\/i0.wp.com\/landioustravel.com\/wp-content\/uploads\/2018\/11\/Quad-Biking-Safari-Hurghada-e1670018168119.jpg?fit=1536%2C597&ssl=1",1536,597,true],"2048x2048":["https:\/\/i0.wp.com\/landioustravel.com\/wp-content\/uploads\/2018\/11\/Quad-Biking-Safari-Hurghada-e1670018168119.jpg?fit=1201%2C675&ssl=1",1201,675,true],"newspack-article-block-landscape-large":["https:\/\/i0.wp.com\/landioustravel.com\/wp-content\/uploads\/2018\/11\/Quad-Biking-Safari-Hurghada-e1670018168119.jpg?resize=1200%2C674&ssl=1",1200,674,true],"newspack-article-block-portrait-large":["https:\/\/i0.wp.com\/landioustravel.com\/wp-content\/uploads\/2018\/11\/Quad-Biking-Safari-Hurghada-e1670018168119.jpg?resize=900%2C675&ssl=1",900,675,true],"newspack-article-block-square-large":["https:\/\/i0.wp.com\/landioustravel.com\/wp-content\/uploads\/2018\/11\/Quad-Biking-Safari-Hurghada-e1670018168119.jpg?resize=1200%2C674&ssl=1",1200,674,true],"newspack-article-block-landscape-medium":["https:\/\/i0.wp.com\/landioustravel.com\/wp-content\/uploads\/2018\/11\/Quad-Biking-Safari-Hurghada-e1670018168119.jpg?resize=800%2C600&ssl=1",800,600,true],"newspack-article-block-portrait-medium":["https:\/\/i0.wp.com\/landioustravel.com\/wp-content\/uploads\/2018\/11\/Quad-Biking-Safari-Hurghada-e1670018168119.jpg?resize=600%2C675&ssl=1",600,675,true],"newspack-article-block-square-medium":["https:\/\/i0.wp.com\/landioustravel.com\/wp-content\/uploads\/2018\/11\/Quad-Biking-Safari-Hurghada-e1670018168119.jpg?resize=800%2C675&ssl=1",800,675,true],"newspack-article-block-landscape-intermediate":["https:\/\/i0.wp.com\/landioustravel.com\/wp-content\/uploads\/2018\/11\/Quad-Biking-Safari-Hurghada-e1670018168119.jpg?resize=600%2C450&ssl=1",600,450,true],"newspack-article-block-portrait-intermediate":["https:\/\/i0.wp.com\/landioustravel.com\/wp-content\/uploads\/2018\/11\/Quad-Biking-Safari-Hurghada-e1670018168119.jpg?resize=450%2C600&ssl=1",450,600,true],"newspack-article-block-square-intermediate":["https:\/\/i0.wp.com\/landioustravel.com\/wp-content\/uploads\/2018\/11\/Quad-Biking-Safari-Hurghada-e1670018168119.jpg?resize=600%2C600&ssl=1",600,600,true],"newspack-article-block-landscape-small":["https:\/\/i0.wp.com\/landioustravel.com\/wp-content\/uploads\/2018\/11\/Quad-Biking-Safari-Hurghada-e1670018168119.jpg?resize=400%2C300&ssl=1",400,300,true],"newspack-article-block-portrait-small":["https:\/\/i0.wp.com\/landioustravel.com\/wp-content\/uploads\/2018\/11\/Quad-Biking-Safari-Hurghada-e1670018168119.jpg?resize=300%2C400&ssl=1",300,400,true],"newspack-article-block-square-small":["https:\/\/i0.wp.com\/landioustravel.com\/wp-content\/uploads\/2018\/11\/Quad-Biking-Safari-Hurghada-e1670018168119.jpg?resize=400%2C400&ssl=1",400,400,true],"newspack-article-block-landscape-tiny":["https:\/\/i0.wp.com\/landioustravel.com\/wp-content\/uploads\/2018\/11\/Quad-Biking-Safari-Hurghada-e1670018168119.jpg?resize=200%2C150&ssl=1",200,150,true],"newspack-article-block-portrait-tiny":["https:\/\/i0.wp.com\/landioustravel.com\/wp-content\/uploads\/2018\/11\/Quad-Biking-Safari-Hurghada-e1670018168119.jpg?resize=150%2C200&ssl=1",150,200,true],"newspack-article-block-square-tiny":["https:\/\/i0.wp.com\/landioustravel.com\/wp-content\/uploads\/2018\/11\/Quad-Biking-Safari-Hurghada-e1670018168119.jpg?resize=200%2C200&ssl=1",200,200,true],"newspack-article-block-uncropped":["https:\/\/i0.wp.com\/landioustravel.com\/wp-content\/uploads\/2018\/11\/Quad-Biking-Safari-Hurghada-e1670018168119.jpg?fit=1200%2C674&ssl=1",1200,674,true],"woocommerce_thumbnail":["https:\/\/i0.wp.com\/landioustravel.com\/wp-content\/uploads\/2018\/11\/Quad-Biking-Safari-Hurghada-e1670018168119.jpg?resize=324%2C324&ssl=1",324,324,true],"woocommerce_single":["https:\/\/i0.wp.com\/landioustravel.com\/wp-content\/uploads\/2018\/11\/Quad-Biking-Safari-Hurghada-e1670018168119.jpg?fit=416%2C234&ssl=1",416,234,true],"woocommerce_gallery_thumbnail":["https:\/\/i0.wp.com\/landioustravel.com\/wp-content\/uploads\/2018\/11\/Quad-Biking-Safari-Hurghada-e1670018168119.jpg?resize=100%2C100&ssl=1",100,100,true]},"uagb_author_info":{"display_name":"Mofreh Landious","author_link":"https:\/\/landioustravel.com\/cs\/author\/"},"uagb_comment_info":5,"uagb_excerpt":"P\u0159ipravte se na nezapomenuteln\u00e9 dobrodru\u017estv\u00ed! Na prohl\u00eddce s pr\u016fvodcem z Hurghady nasko\u010dte na \u010dty\u0159kolku a prozkoumejte \u00fa\u017easnou v\u00fdchodn\u00ed Saharu. M\u016f\u017eete dokonce nav\u0161t\u00edvit tradi\u010dn\u00ed bedu\u00ednskou vesnici na \u010daj a vodn\u00ed d\u00fdmku a dozv\u011bd\u011bt se o jejich fascinuj\u00edc\u00edm zp\u016fsobu \u017eivota v pou\u0161ti. Nejlep\u0161\u00ed \u010d\u00e1st? Tento z\u00e1\u017eitek se odehr\u00e1v\u00e1 b\u011bhem chladn\u011bj\u0161\u00edch rann\u00edch hodin a zahrnuje zp\u00e1te\u010dn\u00ed hotelov\u00e9 transfery&hellip;","jetpack_sharing_enabled":true,"jetpack_likes_enabled":true,"amp_enabled":true,"_links":{"self":[{"href":"https:\/\/landioustravel.com\/cs\/wp-json\/wp\/v2\/product\/19122","targetHints":{"allow":["GET"]}}],"collection":[{"href":"https:\/\/landioustravel.com\/cs\/wp-json\/wp\/v2\/product"}],"about":[{"href":"https:\/\/landioustravel.com\/cs\/wp-json\/wp\/v2\/types\/product"}],"replies":[{"embeddable":true,"href":"https:\/\/landioustravel.com\/cs\/wp-json\/wp\/v2\/comments?post=19122"}],"wp:featuredmedia":[{"embeddable":true,"href":"https:\/\/landioustravel.com\/cs\/wp-json\/wp\/v2\/media\/131023"}],"wp:attachment":[{"href":"https:\/\/landioustravel.com\/cs\/wp-json\/wp\/v2\/media?parent=19122"}],"wp:term":[{"taxonomy":"product_brand","embeddable":true,"href":"https:\/\/landioustravel.com\/cs\/wp-json\/wp\/v2\/product_brand?post=19122"},{"taxonomy":"product_cat","embeddable":true,"href":"https:\/\/landioustravel.com\/cs\/wp-json\/wp\/v2\/product_cat?post=19122"},{"taxonomy":"product_tag","embeddable":true,"href":"https:\/\/landioustravel.com\/cs\/wp-json\/wp\/v2\/product_tag?post=19122"}],"curies":[{"name":"wp","href":"https:\/\/api.w.org\/{rel}","templated":true}]}}