{"id":19130,"date":"2018-11-12T08:00:37","date_gmt":"2019-09-06T10:47:15","guid":{"rendered":"https:\/\/landioustravel.com\/?post_type=product&#038;p=19130"},"modified":"2026-01-03T19:24:52","modified_gmt":"2026-01-03T17:24:52","slug":"exkurze-utopie-hurghada","status":"publish","type":"product","link":"https:\/\/landioustravel.com\/cs\/shop\/exkurze-utopie-hurghada\/","title":{"rendered":"Exkurze super utopie z Hurghady"},"content":{"rendered":"<p>N\u00e1dhern\u00fd v\u00fdlet na ostrov Utopie z letoviska Hurghada! Doporu\u010dujeme v\u00fdlet, proto\u017ee umo\u017e\u0148uje turist\u016fm p\u0159ist\u00e1t na jednom z nejzdrav\u011bj\u0161\u00edch ostrov\u016f v Egypt\u011b. Tento v\u00fdlet umo\u017e\u0148uje str\u00e1vit dobr\u00fd \u010das na mo\u0159i pozn\u00e1v\u00e1n\u00edm kr\u00e1sn\u00fdch kor\u00e1l\u016f a r\u016fzn\u00fdch ryb, u\u017e\u00edvat si mo\u0159sk\u00e9ho pikniku p\u0159es Rud\u00e9 mo\u0159e a dostat se na samotn\u00fd ostrov Utopia. Krom\u011b toho turist\u00e9 jezd\u00ed na ban\u00e1nov\u00fdch a pohovkov\u00fdch hra\u010dk\u00e1ch. Proto naz\u00fdv\u00e1me tento program Excursion Super Utopia from Hurghada. Je to opravdu \u00fa\u017easn\u00fd z\u00e1\u017eitek na pat\u011b t\u011bla i du\u0161e!<\/p>\n<h2>Hlavn\u00ed body programu v\u00fdlet\u016f na ostrov Utopia<\/h2>\n<ul>\n<li>Plav\u00e1n\u00ed na otev\u0159en\u00e9m mo\u0159i z jachty<\/li>\n<li>Ryb\u00e1\u0159sk\u00e1 \u010dinnost<\/li>\n<li>Ob\u011bd na lodi<\/li>\n<li>Proj\u00ed\u017e\u010fky s ban\u00e1ny a pohovkami<\/li>\n<li>Tak\u00e9 p\u0159ist\u00e1n\u00ed na ostrov\u011b Utopie<\/li>\n<\/ul>\n<h3>Program exkurze na ostrov Utopia (Super) z Hurghady<\/h3>\n<ul>\n<li>Vyzvednut\u00ed z hotelu p\u0159ibli\u017en\u011b v 08:00<\/li>\n<li>Pot\u00e9, co vezme v\u0161echny p\u0159\u00edchoz\u00ed, autobus jde do p\u0159\u00edstavu. Cesta do p\u0159\u00edstavu trv\u00e1 p\u0159ibli\u017en\u011b 45 minut<\/li>\n<li>Jachtu najdete v p\u0159\u00edstavu. Je to velk\u00fd a elegantn\u00ed! Jachta m\u00e1 dv\u011b patra. Jakmile se dostanete do jachty, je nutn\u00e9 si sundat obuv a stoupat ve druh\u00e9m pat\u0159e pro opalov\u00e1n\u00ed na horn\u00ed slune\u010dn\u00ed palub\u011b<\/li>\n<li>Jachta se pohybuje po Rud\u00e9m mo\u0159i, jakmile se skupina shrom\u00e1\u017ed\u00ed. Na kr\u00e1sn\u00fdch kor\u00e1lech se zastav\u00edte na otev\u0159en\u00e9m mo\u0159i. Tam m\u016f\u017eete plavat a \u0161norchlovat s maskami a ploutvemi<\/li>\n<li>D\u00e1le budete m\u00edt zast\u00e1vku na jin\u00e9m m\u00edst\u011b, kde m\u016f\u017eete ryba\u0159it<\/li>\n<li>Po ryba\u0159en\u00ed jedete lod\u00ed s pr\u016fhledn\u00fdm dnem na ostrov Utopie<\/li>\n<li>Z ostrova budete moci j\u00edt do mo\u0159e nebo se pot\u0159\u00edt na m\u011bkk\u00e9m p\u00edsku na pl\u00e1\u017ei<\/li>\n<li>Potom v\u00e1s vezmeme zp\u011bt na lo\u010f na ob\u011bd. B\u011bhem ob\u011bda bude bufet otev\u0159en\u00fd<\/li>\n<li>Po ob\u011bd\u011b si m\u016f\u017eete zajezdit na hra\u010dk\u00e1ch s ban\u00e1nem a vodn\u00ed sprchou<\/li>\n<li>Tento \u201ev\u00fdletn\u00ed program na ostrov Utopie\u201c kon\u010d\u00ed p\u0159ibli\u017en\u011b v 16:30<\/li>\n<\/ul>\n<h4>Co je zahrnuto v cen\u011b z\u00e1jezdu<\/h4>\n<ul>\n<li>Vybaven\u00ed na \u0161norchlov\u00e1n\u00ed<\/li>\n<li>J\u00eddlo a pit\u00ed<\/li>\n<li>Tak\u00e9 Transfer do p\u0159\u00edstavu a zp\u011bt do hotelu<\/li>\n<\/ul>\n<h5>Co nen\u00ed zahrnuto v cen\u011b z\u00e1jezdu<\/h5>\n<ul>\n<li>Video DVD<\/li>\n<li>Tak\u00e9, Photo CD<\/li>\n<\/ul>\n<h6>Co si vz\u00edt s sebou na cestu<\/h6>\n<ul>\n<li>Ru\u010dn\u00edk<\/li>\n<li>Tak\u00e9, opalovac\u00ed kr\u00e9m<\/li>\n<\/ul>\n<h6>DNY EXKURZN\u00cd ORGANIZACE<\/h6>\n<ul>\n<li>Denn\u011b od 08: 00-17: 00<\/li>\n<\/ul>\n","protected":false},"excerpt":{"rendered":"<p>Jsme nad\u0161eni, \u017ee v\u00e1m m\u016f\u017eeme nab\u00eddnout nezapomenuteln\u00fd n\u00e1mo\u0159n\u00ed v\u00fdlet na ostrov Utopia! N\u00e1\u0161 program je navr\u017een tak, aby v\u00e1m poskytl \u0159adu vzru\u0161uj\u00edc\u00edch vodn\u00edch sport\u016f a mo\u017enost prozkoumat ostrov. Od plav\u00e1n\u00ed a \u0161norchlov\u00e1n\u00ed po ryba\u0159en\u00ed a j\u00edzdu na vodn\u00edch hra\u010dk\u00e1ch na ban\u00e1nu a pohovce, tento program slibuje den pln\u00fd dobrodru\u017estv\u00ed a z\u00e1bavy. Ch\u00e1peme, jak d\u016fle\u017eit\u00e1 je bezpe\u010dnost a pohodl\u00ed pro na\u0161e hosty, a proto nab\u00edz\u00edme bezplatn\u00e9 transfery, ob\u011bdy a n\u00e1poje, abychom zajistili bezstarostn\u00fd z\u00e1\u017eitek. Tento v\u00fdlet je ide\u00e1ln\u00ed pro ka\u017ed\u00e9ho, kdo hled\u00e1 odu\u0161evn\u011bl\u00fd a omlazuj\u00edc\u00ed z\u00e1\u017eitek uprost\u0159ed k\u0159i\u0161\u0165\u00e1lov\u011b \u010dist\u00e9 vody Rud\u00e9ho mo\u0159e.<\/p>\n<p>B\u011bhem v\u00fdletu v\u00e1m poskytneme ve\u0161ker\u00e9 pot\u0159ebn\u00e9 vybaven\u00ed pro dosp\u011bl\u00e9 i d\u011bti, abyste si mohli u\u017e\u00edt dv\u011b zast\u00e1vky na \u0161norchlov\u00e1n\u00ed, ka\u017edou v d\u00e9lce jedn\u00e9 hodiny. Budete m\u00edt p\u0159\u00edle\u017eitost zbl\u00edzka pozorovat r\u016fzn\u00e9 druhy kor\u00e1l\u016f a ryb, d\u00edky \u010demu\u017e budete m\u00edt opravdu kouzeln\u00fd z\u00e1\u017eitek. Po \u0161norchlov\u00e1n\u00ed v\u00e1s pohost\u00edme lahodn\u00fdm orient\u00e1ln\u00edm ob\u011bdem, kter\u00fd zahrnuje t\u011bstoviny, r\u00fd\u017ei, brambory, maso, ryby, sal\u00e1ty a ovoce. K uha\u0161en\u00ed \u017e\u00edzn\u011b nab\u00edz\u00edme v\u00fdb\u011br nealko n\u00e1poj\u016f.<\/p>\n<p>Po ob\u011bd\u011b budete m\u00edt 1,30 hodiny na prozkoum\u00e1n\u00ed ostrova a nas\u00e1t jeho kr\u00e1su. Pom\u016f\u017eeme v\u00e1m, pokud m\u00e1te n\u00e1ladu na ryba\u0159en\u00ed. Poskytujeme ve\u0161ker\u00e9 pot\u0159ebn\u00e9 vybaven\u00ed, aby byl v\u00e1\u0161 ryb\u00e1\u0159sk\u00fd z\u00e1\u017eitek nezapomenuteln\u00fd. Chcete-li p\u0159idat na vzru\u0161en\u00ed, nab\u00edz\u00edme zdarma ban\u00e1nov\u00fd \u010dlun a j\u00edzdu na bl\u00e1zniv\u00e9 pohovce spolu s v\u00fdletem na prosklen\u00e9 lodi.<\/p>\n<p>Ch\u00e1peme, \u017ee bezpe\u010dnost je nejvy\u0161\u0161\u00ed prioritou, a proto jsme zajistili, aby byla lo\u010f vybavena v\u0161emi nezbytn\u00fdmi bezpe\u010dnostn\u00edmi opat\u0159en\u00edmi. Chceme, abyste si v\u00fdlet u\u017eili naplno bez starost\u00ed. Tento v\u00fdlet doporu\u010dujeme v\u0161em milovn\u00edk\u016fm vodn\u00edch sport\u016f, kte\u0159\u00ed cht\u011bj\u00ed omladit svou mysl, t\u011blo i du\u0161i uprost\u0159ed kouzeln\u00fdch vod ostrova Utopia.<\/p>\n","protected":false},"featured_media":29152,"comment_status":"open","ping_status":"closed","template":"","meta":{"_coblocks_attr":"","_coblocks_dimensions":"","_coblocks_responsive_height":"","_coblocks_accordion_ie_support":"","_uag_custom_page_level_css":"","jetpack_publicize_message":"","jetpack_publicize_feature_enabled":true,"jetpack_social_post_already_shared":true,"jetpack_social_options":{"image_generator_settings":{"template":"highway","default_image_id":0,"font":"","enabled":false},"version":2},"_wpas_customize_per_network":false},"product_brand":[],"product_cat":[16316,16314],"product_tag":[16348,16362,16363,16349,16338,16341,16368],"class_list":{"0":"post-19130","1":"product","2":"type-product","3":"status-publish","4":"has-post-thumbnail","6":"product_cat-namorni-vylety-hurghada","7":"product_cat-vylety-hurghada","8":"product_tag-hurghada-cs","9":"product_tag-more-cs","10":"product_tag-namorni-vylety","11":"product_tag-ostrov","12":"product_tag-vylet","13":"product_tag-vylety-z-hurghady","14":"product_tag-snorchlovani","15":"pa_age-dite-1-4-roky","16":"pa_age-dite-5-11-let","17":"pa_age-dospely","19":"first","20":"instock","21":"sale","22":"purchasable","23":"product-type-variable"},"yoast_head":"<!-- This site is optimized with the Yoast SEO Premium plugin v26.9 (Yoast SEO v27.4) - https:\/\/yoast.com\/product\/yoast-seo-premium-wordpress\/ -->\n<title>Exkurze super utopie z Hurghady<\/title>\n<meta name=\"description\" content=\"Exkurze super utopie z Hurghady Doporu\u010dujeme v\u00fdlet, proto\u017ee umo\u017e\u0148uje turist\u016fm p\u0159ist\u00e1t na jednom z nejzdrav\u011bj\u0161\u00edch ostrov\u016f v Egypt\u011b. Tento v\u00fdlet umo\u017e\u0148uje\" \/>\n<meta name=\"robots\" content=\"index, follow, max-snippet:-1, max-image-preview:large, max-video-preview:-1\" \/>\n<link rel=\"canonical\" href=\"https:\/\/landioustravel.com\/cs\/shop\/exkurze-utopie-hurghada\/\" \/>\n<meta property=\"og:locale\" content=\"cs_CZ\" \/>\n<meta property=\"og:type\" content=\"article\" \/>\n<meta property=\"og:title\" content=\"Exkurze super utopie z Hurghady\" \/>\n<meta property=\"og:description\" content=\"Landious Travel\" \/>\n<meta property=\"og:url\" content=\"https:\/\/landioustravel.com\/cs\/shop\/exkurze-utopie-hurghada\/\" \/>\n<meta property=\"og:site_name\" content=\"Landious Travel\" \/>\n<meta property=\"article:publisher\" content=\"https:\/\/web.facebook.com\/landiousEgypt\" \/>\n<meta property=\"article:modified_time\" content=\"2026-01-03T17:24:52+00:00\" \/>\n<meta property=\"og:image\" content=\"https:\/\/i0.wp.com\/landioustravel.com\/wp-content\/uploads\/2021\/03\/Utopia_snprkelling_trip-e1615595681766.jpg?fit=1200%2C675&ssl=1\" \/>\n\t<meta property=\"og:image:width\" content=\"1200\" \/>\n\t<meta property=\"og:image:height\" content=\"675\" \/>\n\t<meta property=\"og:image:type\" content=\"image\/jpeg\" \/>\n<meta name=\"twitter:card\" content=\"summary_large_image\" \/>\n<meta name=\"twitter:site\" content=\"@LandiousTours\" \/>\n<meta name=\"twitter:label1\" content=\"Odhadovan\u00e1 doba \u010dten\u00ed\" \/>\n\t<meta name=\"twitter:data1\" content=\"2 minuty\" \/>\n<script type=\"application\/ld+json\" class=\"yoast-schema-graph\">{\"@context\":\"https:\\\/\\\/schema.org\",\"@graph\":[{\"@type\":\"WebPage\",\"@id\":\"https:\\\/\\\/landioustravel.com\\\/cs\\\/shop\\\/exkurze-utopie-hurghada\\\/\",\"url\":\"https:\\\/\\\/landioustravel.com\\\/cs\\\/shop\\\/exkurze-utopie-hurghada\\\/\",\"name\":\"Exkurze super utopie z Hurghady\",\"isPartOf\":{\"@id\":\"https:\\\/\\\/landioustravel.com\\\/cs\\\/#website\"},\"primaryImageOfPage\":{\"@id\":\"https:\\\/\\\/landioustravel.com\\\/cs\\\/shop\\\/exkurze-utopie-hurghada\\\/#primaryimage\"},\"image\":{\"@id\":\"https:\\\/\\\/landioustravel.com\\\/cs\\\/shop\\\/exkurze-utopie-hurghada\\\/#primaryimage\"},\"thumbnailUrl\":\"https:\\\/\\\/i0.wp.com\\\/landioustravel.com\\\/wp-content\\\/uploads\\\/2021\\\/03\\\/Utopia_snprkelling_trip-e1615595681766.jpg?fit=1200%2C675&ssl=1\",\"datePublished\":\"2019-09-06T10:47:15+00:00\",\"dateModified\":\"2026-01-03T17:24:52+00:00\",\"description\":\"Exkurze super utopie z Hurghady Doporu\u010dujeme v\u00fdlet, proto\u017ee umo\u017e\u0148uje turist\u016fm p\u0159ist\u00e1t na jednom z nejzdrav\u011bj\u0161\u00edch ostrov\u016f v Egypt\u011b. Tento v\u00fdlet umo\u017e\u0148uje\",\"breadcrumb\":{\"@id\":\"https:\\\/\\\/landioustravel.com\\\/cs\\\/shop\\\/exkurze-utopie-hurghada\\\/#breadcrumb\"},\"inLanguage\":\"cs\",\"potentialAction\":[{\"@type\":\"ReadAction\",\"target\":[\"https:\\\/\\\/landioustravel.com\\\/cs\\\/shop\\\/exkurze-utopie-hurghada\\\/\"]}]},{\"@type\":\"ImageObject\",\"inLanguage\":\"cs\",\"@id\":\"https:\\\/\\\/landioustravel.com\\\/cs\\\/shop\\\/exkurze-utopie-hurghada\\\/#primaryimage\",\"url\":\"https:\\\/\\\/i0.wp.com\\\/landioustravel.com\\\/wp-content\\\/uploads\\\/2021\\\/03\\\/Utopia_snprkelling_trip-e1615595681766.jpg?fit=1200%2C675&ssl=1\",\"contentUrl\":\"https:\\\/\\\/i0.wp.com\\\/landioustravel.com\\\/wp-content\\\/uploads\\\/2021\\\/03\\\/Utopia_snprkelling_trip-e1615595681766.jpg?fit=1200%2C675&ssl=1\",\"width\":1200,\"height\":675,\"caption\":\"\u042d\u043a\u0441\u043a\u0443\u0440\u0441\u0438\u044f \u0421\u0443\u043f\u0435\u0440 \u0423\u0442\u043e\u043f\u0438\u044f \u0438\u0437 \u0425\u0443\u0440\u0433\u0430\u0434\u044b\"},{\"@type\":\"BreadcrumbList\",\"@id\":\"https:\\\/\\\/landioustravel.com\\\/cs\\\/shop\\\/exkurze-utopie-hurghada\\\/#breadcrumb\",\"itemListElement\":[{\"@type\":\"ListItem\",\"position\":1,\"name\":\"Home\",\"item\":\"https:\\\/\\\/landioustravel.com\\\/cs\\\/\"},{\"@type\":\"ListItem\",\"position\":2,\"name\":\"Slu\u017eby a v\u00fdlety\",\"item\":\"https:\\\/\\\/landioustravel.com\\\/cs\\\/\"},{\"@type\":\"ListItem\",\"position\":3,\"name\":\"Exkurze super utopie z Hurghady\"}]},{\"@type\":\"WebSite\",\"@id\":\"https:\\\/\\\/landioustravel.com\\\/cs\\\/#website\",\"url\":\"https:\\\/\\\/landioustravel.com\\\/cs\\\/\",\"name\":\"Landious Travel\",\"description\":\"Excursions, trips and cruises in Egypt\",\"publisher\":{\"@id\":\"https:\\\/\\\/landioustravel.com\\\/cs\\\/#organization\"},\"potentialAction\":[{\"@type\":\"SearchAction\",\"target\":{\"@type\":\"EntryPoint\",\"urlTemplate\":\"https:\\\/\\\/landioustravel.com\\\/cs\\\/?s={search_term_string}\"},\"query-input\":{\"@type\":\"PropertyValueSpecification\",\"valueRequired\":true,\"valueName\":\"search_term_string\"}}],\"inLanguage\":\"cs\"},{\"@type\":[\"Organization\",\"Place\"],\"@id\":\"https:\\\/\\\/landioustravel.com\\\/cs\\\/#organization\",\"name\":\"Landious Travel\",\"alternateName\":\"Landious Travel\",\"url\":\"https:\\\/\\\/landioustravel.com\\\/cs\\\/\",\"logo\":{\"@id\":\"https:\\\/\\\/landioustravel.com\\\/cs\\\/shop\\\/exkurze-utopie-hurghada\\\/#local-main-organization-logo\"},\"image\":{\"@id\":\"https:\\\/\\\/landioustravel.com\\\/cs\\\/shop\\\/exkurze-utopie-hurghada\\\/#local-main-organization-logo\"},\"sameAs\":[\"https:\\\/\\\/web.facebook.com\\\/landiousEgypt\",\"https:\\\/\\\/x.com\\\/LandiousTours\",\"https:\\\/\\\/mastodon.social\\\/@landious\"],\"legalName\":\"Landious Travel\",\"telephone\":[],\"openingHoursSpecification\":[{\"@type\":\"OpeningHoursSpecification\",\"dayOfWeek\":[\"Monday\",\"Tuesday\",\"Wednesday\",\"Thursday\",\"Friday\",\"Saturday\",\"Sunday\"],\"opens\":\"09:00\",\"closes\":\"17:00\"}]},{\"@type\":\"ImageObject\",\"inLanguage\":\"cs\",\"@id\":\"https:\\\/\\\/landioustravel.com\\\/cs\\\/shop\\\/exkurze-utopie-hurghada\\\/#local-main-organization-logo\",\"url\":\"https:\\\/\\\/i0.wp.com\\\/landioustravel.com\\\/wp-content\\\/uploads\\\/2021\\\/06\\\/Landious-T.png?fit=500%2C500&ssl=1\",\"contentUrl\":\"https:\\\/\\\/i0.wp.com\\\/landioustravel.com\\\/wp-content\\\/uploads\\\/2021\\\/06\\\/Landious-T.png?fit=500%2C500&ssl=1\",\"width\":500,\"height\":500,\"caption\":\"Landious Travel\"}]}<\/script>\n<!-- \/ Yoast SEO Premium plugin. -->","yoast_head_json":{"title":"Exkurze super utopie z Hurghady","description":"Exkurze super utopie z Hurghady Doporu\u010dujeme v\u00fdlet, proto\u017ee umo\u017e\u0148uje turist\u016fm p\u0159ist\u00e1t na jednom z nejzdrav\u011bj\u0161\u00edch ostrov\u016f v Egypt\u011b. Tento v\u00fdlet umo\u017e\u0148uje","robots":{"index":"index","follow":"follow","max-snippet":"max-snippet:-1","max-image-preview":"max-image-preview:large","max-video-preview":"max-video-preview:-1"},"canonical":"https:\/\/landioustravel.com\/cs\/shop\/exkurze-utopie-hurghada\/","og_locale":"cs_CZ","og_type":"article","og_title":"Exkurze super utopie z Hurghady","og_description":"Landious Travel","og_url":"https:\/\/landioustravel.com\/cs\/shop\/exkurze-utopie-hurghada\/","og_site_name":"Landious Travel","article_publisher":"https:\/\/web.facebook.com\/landiousEgypt","article_modified_time":"2026-01-03T17:24:52+00:00","og_image":[{"width":1200,"height":675,"url":"https:\/\/i0.wp.com\/landioustravel.com\/wp-content\/uploads\/2021\/03\/Utopia_snprkelling_trip-e1615595681766.jpg?fit=1200%2C675&ssl=1","type":"image\/jpeg"}],"twitter_card":"summary_large_image","twitter_site":"@LandiousTours","twitter_misc":{"Odhadovan\u00e1 doba \u010dten\u00ed":"2 minuty"},"schema":{"@context":"https:\/\/schema.org","@graph":[{"@type":"WebPage","@id":"https:\/\/landioustravel.com\/cs\/shop\/exkurze-utopie-hurghada\/","url":"https:\/\/landioustravel.com\/cs\/shop\/exkurze-utopie-hurghada\/","name":"Exkurze super utopie z Hurghady","isPartOf":{"@id":"https:\/\/landioustravel.com\/cs\/#website"},"primaryImageOfPage":{"@id":"https:\/\/landioustravel.com\/cs\/shop\/exkurze-utopie-hurghada\/#primaryimage"},"image":{"@id":"https:\/\/landioustravel.com\/cs\/shop\/exkurze-utopie-hurghada\/#primaryimage"},"thumbnailUrl":"https:\/\/i0.wp.com\/landioustravel.com\/wp-content\/uploads\/2021\/03\/Utopia_snprkelling_trip-e1615595681766.jpg?fit=1200%2C675&ssl=1","datePublished":"2019-09-06T10:47:15+00:00","dateModified":"2026-01-03T17:24:52+00:00","description":"Exkurze super utopie z Hurghady Doporu\u010dujeme v\u00fdlet, proto\u017ee umo\u017e\u0148uje turist\u016fm p\u0159ist\u00e1t na jednom z nejzdrav\u011bj\u0161\u00edch ostrov\u016f v Egypt\u011b. Tento v\u00fdlet umo\u017e\u0148uje","breadcrumb":{"@id":"https:\/\/landioustravel.com\/cs\/shop\/exkurze-utopie-hurghada\/#breadcrumb"},"inLanguage":"cs","potentialAction":[{"@type":"ReadAction","target":["https:\/\/landioustravel.com\/cs\/shop\/exkurze-utopie-hurghada\/"]}]},{"@type":"ImageObject","inLanguage":"cs","@id":"https:\/\/landioustravel.com\/cs\/shop\/exkurze-utopie-hurghada\/#primaryimage","url":"https:\/\/i0.wp.com\/landioustravel.com\/wp-content\/uploads\/2021\/03\/Utopia_snprkelling_trip-e1615595681766.jpg?fit=1200%2C675&ssl=1","contentUrl":"https:\/\/i0.wp.com\/landioustravel.com\/wp-content\/uploads\/2021\/03\/Utopia_snprkelling_trip-e1615595681766.jpg?fit=1200%2C675&ssl=1","width":1200,"height":675,"caption":"\u042d\u043a\u0441\u043a\u0443\u0440\u0441\u0438\u044f \u0421\u0443\u043f\u0435\u0440 \u0423\u0442\u043e\u043f\u0438\u044f \u0438\u0437 \u0425\u0443\u0440\u0433\u0430\u0434\u044b"},{"@type":"BreadcrumbList","@id":"https:\/\/landioustravel.com\/cs\/shop\/exkurze-utopie-hurghada\/#breadcrumb","itemListElement":[{"@type":"ListItem","position":1,"name":"Home","item":"https:\/\/landioustravel.com\/cs\/"},{"@type":"ListItem","position":2,"name":"Slu\u017eby a v\u00fdlety","item":"https:\/\/landioustravel.com\/cs\/"},{"@type":"ListItem","position":3,"name":"Exkurze super utopie z Hurghady"}]},{"@type":"WebSite","@id":"https:\/\/landioustravel.com\/cs\/#website","url":"https:\/\/landioustravel.com\/cs\/","name":"Landious Travel","description":"Excursions, trips and cruises in Egypt","publisher":{"@id":"https:\/\/landioustravel.com\/cs\/#organization"},"potentialAction":[{"@type":"SearchAction","target":{"@type":"EntryPoint","urlTemplate":"https:\/\/landioustravel.com\/cs\/?s={search_term_string}"},"query-input":{"@type":"PropertyValueSpecification","valueRequired":true,"valueName":"search_term_string"}}],"inLanguage":"cs"},{"@type":["Organization","Place"],"@id":"https:\/\/landioustravel.com\/cs\/#organization","name":"Landious Travel","alternateName":"Landious Travel","url":"https:\/\/landioustravel.com\/cs\/","logo":{"@id":"https:\/\/landioustravel.com\/cs\/shop\/exkurze-utopie-hurghada\/#local-main-organization-logo"},"image":{"@id":"https:\/\/landioustravel.com\/cs\/shop\/exkurze-utopie-hurghada\/#local-main-organization-logo"},"sameAs":["https:\/\/web.facebook.com\/landiousEgypt","https:\/\/x.com\/LandiousTours","https:\/\/mastodon.social\/@landious"],"legalName":"Landious Travel","telephone":[],"openingHoursSpecification":[{"@type":"OpeningHoursSpecification","dayOfWeek":["Monday","Tuesday","Wednesday","Thursday","Friday","Saturday","Sunday"],"opens":"09:00","closes":"17:00"}]},{"@type":"ImageObject","inLanguage":"cs","@id":"https:\/\/landioustravel.com\/cs\/shop\/exkurze-utopie-hurghada\/#local-main-organization-logo","url":"https:\/\/i0.wp.com\/landioustravel.com\/wp-content\/uploads\/2021\/06\/Landious-T.png?fit=500%2C500&ssl=1","contentUrl":"https:\/\/i0.wp.com\/landioustravel.com\/wp-content\/uploads\/2021\/06\/Landious-T.png?fit=500%2C500&ssl=1","width":500,"height":500,"caption":"Landious Travel"}]}},"jetpack_publicize_connections":[],"uagb_featured_image_src":{"full":["https:\/\/i0.wp.com\/landioustravel.com\/wp-content\/uploads\/2021\/03\/Utopia_snprkelling_trip-e1615595681766.jpg?fit=1200%2C675&ssl=1",1200,675,false],"thumbnail":["https:\/\/i0.wp.com\/landioustravel.com\/wp-content\/uploads\/2021\/03\/Utopia_snprkelling_trip-e1615595681766.jpg?resize=150%2C150&ssl=1",150,150,true],"medium":["https:\/\/i0.wp.com\/landioustravel.com\/wp-content\/uploads\/2021\/03\/Utopia_snprkelling_trip-e1615595681766.jpg?fit=300%2C169&ssl=1",300,169,true],"medium_large":["https:\/\/i0.wp.com\/landioustravel.com\/wp-content\/uploads\/2021\/03\/Utopia_snprkelling_trip-e1615595681766.jpg?fit=768%2C432&ssl=1",768,432,true],"large":["https:\/\/i0.wp.com\/landioustravel.com\/wp-content\/uploads\/2021\/03\/Utopia_snprkelling_trip-e1615595681766.jpg?fit=980%2C551&ssl=1",980,551,true],"1536x1536":["https:\/\/i0.wp.com\/landioustravel.com\/wp-content\/uploads\/2021\/03\/Utopia_snprkelling_trip-e1615595681766.jpg?fit=1536%2C864&ssl=1",1536,864,true],"2048x2048":["https:\/\/i0.wp.com\/landioustravel.com\/wp-content\/uploads\/2021\/03\/Utopia_snprkelling_trip-e1615595681766.jpg?fit=2048%2C1152&ssl=1",2048,1152,true],"newspack-article-block-landscape-large":["https:\/\/i0.wp.com\/landioustravel.com\/wp-content\/uploads\/2021\/03\/Utopia_snprkelling_trip-e1615595681766.jpg?resize=1200%2C675&ssl=1",1200,900,true],"newspack-article-block-portrait-large":["https:\/\/i0.wp.com\/landioustravel.com\/wp-content\/uploads\/2021\/03\/Utopia_snprkelling_trip-e1615595681766.jpg?resize=900%2C675&ssl=1",900,675,true],"newspack-article-block-square-large":["https:\/\/i0.wp.com\/landioustravel.com\/wp-content\/uploads\/2021\/03\/Utopia_snprkelling_trip-e1615595681766.jpg?resize=1200%2C675&ssl=1",1200,1200,true],"newspack-article-block-landscape-medium":["https:\/\/i0.wp.com\/landioustravel.com\/wp-content\/uploads\/2021\/03\/Utopia_snprkelling_trip-e1615595681766.jpg?resize=800%2C600&ssl=1",800,600,true],"newspack-article-block-portrait-medium":["https:\/\/i0.wp.com\/landioustravel.com\/wp-content\/uploads\/2021\/03\/Utopia_snprkelling_trip-e1615595681766.jpg?resize=600%2C675&ssl=1",600,675,true],"newspack-article-block-square-medium":["https:\/\/i0.wp.com\/landioustravel.com\/wp-content\/uploads\/2021\/03\/Utopia_snprkelling_trip-e1615595681766.jpg?resize=800%2C675&ssl=1",800,675,true],"newspack-article-block-landscape-intermediate":["https:\/\/i0.wp.com\/landioustravel.com\/wp-content\/uploads\/2021\/03\/Utopia_snprkelling_trip-e1615595681766.jpg?resize=600%2C450&ssl=1",600,450,true],"newspack-article-block-portrait-intermediate":["https:\/\/i0.wp.com\/landioustravel.com\/wp-content\/uploads\/2021\/03\/Utopia_snprkelling_trip-e1615595681766.jpg?resize=450%2C600&ssl=1",450,600,true],"newspack-article-block-square-intermediate":["https:\/\/i0.wp.com\/landioustravel.com\/wp-content\/uploads\/2021\/03\/Utopia_snprkelling_trip-e1615595681766.jpg?resize=600%2C600&ssl=1",600,600,true],"newspack-article-block-landscape-small":["https:\/\/i0.wp.com\/landioustravel.com\/wp-content\/uploads\/2021\/03\/Utopia_snprkelling_trip-e1615595681766.jpg?resize=400%2C300&ssl=1",400,300,true],"newspack-article-block-portrait-small":["https:\/\/i0.wp.com\/landioustravel.com\/wp-content\/uploads\/2021\/03\/Utopia_snprkelling_trip-e1615595681766.jpg?resize=300%2C400&ssl=1",300,400,true],"newspack-article-block-square-small":["https:\/\/i0.wp.com\/landioustravel.com\/wp-content\/uploads\/2021\/03\/Utopia_snprkelling_trip-e1615595681766.jpg?resize=400%2C400&ssl=1",400,400,true],"newspack-article-block-landscape-tiny":["https:\/\/i0.wp.com\/landioustravel.com\/wp-content\/uploads\/2021\/03\/Utopia_snprkelling_trip-e1615595681766.jpg?resize=200%2C150&ssl=1",200,150,true],"newspack-article-block-portrait-tiny":["https:\/\/i0.wp.com\/landioustravel.com\/wp-content\/uploads\/2021\/03\/Utopia_snprkelling_trip-e1615595681766.jpg?resize=150%2C200&ssl=1",150,200,true],"newspack-article-block-square-tiny":["https:\/\/i0.wp.com\/landioustravel.com\/wp-content\/uploads\/2021\/03\/Utopia_snprkelling_trip-e1615595681766.jpg?resize=200%2C200&ssl=1",200,200,true],"newspack-article-block-uncropped":["https:\/\/i0.wp.com\/landioustravel.com\/wp-content\/uploads\/2021\/03\/Utopia_snprkelling_trip-e1615595681766.jpg?fit=1200%2C675&ssl=1",1200,675,true],"woocommerce_thumbnail":["https:\/\/i0.wp.com\/landioustravel.com\/wp-content\/uploads\/2021\/03\/Utopia_snprkelling_trip-e1615595681766.jpg?resize=324%2C324&ssl=1",324,324,true],"woocommerce_single":["https:\/\/i0.wp.com\/landioustravel.com\/wp-content\/uploads\/2021\/03\/Utopia_snprkelling_trip-e1615595681766.jpg?fit=416%2C234&ssl=1",416,234,true],"woocommerce_gallery_thumbnail":["https:\/\/i0.wp.com\/landioustravel.com\/wp-content\/uploads\/2021\/03\/Utopia_snprkelling_trip-e1615595681766.jpg?resize=100%2C100&ssl=1",100,100,true]},"uagb_author_info":{"display_name":"Mofreh Landious","author_link":"https:\/\/landioustravel.com\/cs\/author\/"},"uagb_comment_info":8,"uagb_excerpt":"Jsme nad\u0161eni, \u017ee v\u00e1m m\u016f\u017eeme nab\u00eddnout nezapomenuteln\u00fd n\u00e1mo\u0159n\u00ed v\u00fdlet na ostrov Utopia! N\u00e1\u0161 program je navr\u017een tak, aby v\u00e1m poskytl \u0159adu vzru\u0161uj\u00edc\u00edch vodn\u00edch sport\u016f a mo\u017enost prozkoumat ostrov. Od plav\u00e1n\u00ed a \u0161norchlov\u00e1n\u00ed po ryba\u0159en\u00ed a j\u00edzdu na vodn\u00edch hra\u010dk\u00e1ch na ban\u00e1nu a pohovce, tento program slibuje den pln\u00fd dobrodru\u017estv\u00ed a z\u00e1bavy. Ch\u00e1peme, jak d\u016fle\u017eit\u00e1 je&hellip;","jetpack_sharing_enabled":true,"jetpack_likes_enabled":true,"amp_enabled":true,"_links":{"self":[{"href":"https:\/\/landioustravel.com\/cs\/wp-json\/wp\/v2\/product\/19130","targetHints":{"allow":["GET"]}}],"collection":[{"href":"https:\/\/landioustravel.com\/cs\/wp-json\/wp\/v2\/product"}],"about":[{"href":"https:\/\/landioustravel.com\/cs\/wp-json\/wp\/v2\/types\/product"}],"replies":[{"embeddable":true,"href":"https:\/\/landioustravel.com\/cs\/wp-json\/wp\/v2\/comments?post=19130"}],"wp:featuredmedia":[{"embeddable":true,"href":"https:\/\/landioustravel.com\/cs\/wp-json\/wp\/v2\/media\/29152"}],"wp:attachment":[{"href":"https:\/\/landioustravel.com\/cs\/wp-json\/wp\/v2\/media?parent=19130"}],"wp:term":[{"taxonomy":"product_brand","embeddable":true,"href":"https:\/\/landioustravel.com\/cs\/wp-json\/wp\/v2\/product_brand?post=19130"},{"taxonomy":"product_cat","embeddable":true,"href":"https:\/\/landioustravel.com\/cs\/wp-json\/wp\/v2\/product_cat?post=19130"},{"taxonomy":"product_tag","embeddable":true,"href":"https:\/\/landioustravel.com\/cs\/wp-json\/wp\/v2\/product_tag?post=19130"}],"curies":[{"name":"wp","href":"https:\/\/api.w.org\/{rel}","templated":true}]}}