{"id":19137,"date":"2018-11-12T00:52:50","date_gmt":"2019-09-06T11:24:13","guid":{"rendered":"https:\/\/landioustravel.com\/?post_type=product&#038;p=19137"},"modified":"2024-09-17T20:14:02","modified_gmt":"2024-09-17T17:14:02","slug":"exkurze-kahira-giza-hurghada","status":"publish","type":"product","link":"https:\/\/landioustravel.com\/cs\/shop\/exkurze-kahira-giza-hurghada\/","title":{"rendered":"Exkurze do K\u00e1hiry &#8211; G\u00edzy z Hurghady"},"content":{"rendered":"<p>N\u00e1dhern\u00fd v\u00fdlet do K\u00e1hiry &#8211; G\u00edzy z Hurghady! Doporu\u010dujeme v\u00fdlet s ohledem na skute\u010dnost, \u017ee turist\u016fm umo\u017en\u00ed vid\u011bt nejp\u016fsobiv\u011bj\u0161\u00ed pam\u00e1tky, postaven\u00e9 b\u011bhem starov\u011bk\u00e9ho Egypta, a dozv\u011bd\u011bt se v\u00edce o historii zem\u011b.<\/p>\n<h2>Hlavn\u00ed body programu exkurze v K\u00e1hi\u0159e<\/h2>\n<ul>\n<li>N\u00e1v\u0161t\u011bva egyptsk\u00e9ho muzea v K\u00e1hi\u0159e<\/li>\n<li>Ob\u011bd<\/li>\n<li>Nav\u0161tivte t\u0159i pyramidy v G\u00edze<\/li>\n<li>Nav\u0161tivte tak\u00e9 Velkou sfingu v pyramidov\u00e9m komplexu<\/li>\n<\/ul>\n<h3>Program Trip to Cairo-Giza from Hurghada<\/h3>\n<ul>\n<li>Vyzvedneme z hotelu kolem 02:00 r\u00e1no<\/li>\n<li>Pot\u00e9, co zvedl v\u0161echny p\u0159\u00edchoz\u00ed, minibus odj\u00ed\u017ed\u00ed do K\u00e1hiry kolem m\u011bsta Ras Ghareb, Zaafaran, Ain Sozno a Suez. V\u0161echna tato m\u011bsta jsou na sever od Hurghady, na pob\u0159e\u017e\u00ed Rud\u00e9ho mo\u0159e. Cesta z centra Hurghady do K\u00e1hiry trv\u00e1 asi 6 hodin<\/li>\n<li>Za zm\u00ednku stoj\u00ed exkurze do K\u00e1hiry &#8211; G\u00edzy z Hurghady do dvou r\u016fzn\u00fdch m\u011bst _ K\u00e1hira a G\u00edza<\/li>\n<\/ul>\n<h4>Program v K\u00e1hi\u0159e<\/h4>\n<ul>\n<li>Jakmile doraz\u00edte do K\u00e1hiry, uk\u00e1\u017eeme Egyptsk\u00e9 muzeum. V\u00e1\u0161 pr\u016fvodce bude m\u00edt za \u00fakol uk\u00e1zat v\u0161echny tyto chr\u00e1my a d\u00e1t voln\u00fd \u010das fotografov\u00e1n\u00ed<\/li>\n<li>Po n\u00e1v\u0161t\u011bv\u011b egyptsk\u00e9ho muzea v K\u00e1hi\u0159e zah\u00e1j\u00edte v\u00fdlet lod\u00ed po Nilu. Jedn\u00e1 se o dopl\u0148kov\u00fd program a lze si jej objednat p\u0159edem prost\u0159ednictv\u00edm n\u00e1s! Jakmile lo\u010f na Nilu kon\u010d\u00ed, m\u00ed\u0159\u00edte do jin\u00e9ho m\u011bsta _ G\u00edze<\/li>\n<\/ul>\n<h4>Program v G\u00edze<\/h4>\n<ul>\n<li>Prohl\u00eddka pokra\u010duje v G\u00edze. Prvn\u00ed zast\u00e1vka bude v restauraci. Nab\u00edz\u00ed bufet<\/li>\n<li>Pot\u00e9 jde skupina do pyramidov\u00e9ho komplexu, kde jsou velk\u00e9 t\u0159i pyramidy a Sfinga. V\u00e1\u0161 pr\u016fvodce je zobraz\u00ed a d\u00e1 jim obr\u00e1zek<\/li>\n<li>N\u00e1\u0161 autobus odj\u00ed\u017ed\u00ed zp\u011bt po takov\u00e9m programu v n\u00e1dhern\u00fdch m\u011bstech K\u00e1hira a G\u00edza.<\/li>\n<li>Tato \u201eExkurze do K\u00e1hiry &#8211; G\u00edzy z Hurghady\u201c kon\u010d\u00ed p\u0159ibli\u017en\u011b v 22:00<\/li>\n<\/ul>\n<h4>Co je zahrnuto v cen\u011b z\u00e1jezdu<\/h4>\n<ul>\n<li>Vstupenky na n\u00e1v\u0161t\u011bvu chr\u00e1m\u016f<\/li>\n<li>Ob\u011bd<\/li>\n<li>Pr\u016fvodce<\/li>\n<li>Tak\u00e9 transfer do K\u00e1hiry a zp\u011bt do hotelu<\/li>\n<\/ul>\n<h5>Co nen\u00ed zahrnuto v cen\u011b z\u00e1jezdu<\/h5>\n<ul>\n<li>Dal\u0161\u00ed programy exkurze, pokud nejsou sou\u010d\u00e1st\u00ed v\u00fd\u0161e uveden\u00e9ho programu<\/li>\n<li>Tak\u00e9 n\u00e1poje v restauraci<\/li>\n<\/ul>\n<h6>CO SE VZTAHUJETE S V\u00ddLETEM DO K\u00c1HIRA &#8211; GIZA<\/h6>\n<ul>\n<li>Sn\u00eddan\u011b box<\/li>\n<li>Tak\u00e9 oble\u010den\u00ed pro sez\u00f3nu<\/li>\n<\/ul>\n<h6>DNY EXKURZN\u00cd ORGANIZACE<\/h6>\n<ul>\n<li>Denn\u011b od 02: 00-22: 00<\/li>\n<\/ul>\n","protected":false},"excerpt":{"rendered":"<p>Vydejte se na cestu do K\u00e1hiry a my se postar\u00e1me o va\u0161e pohodl\u00ed a bezpe\u010dnost. N\u00e1\u0161 klimatizovan\u00fd autobus v\u00e1s vyzvedne z va\u0161eho hotelu v Hurghad\u011b a proveze v\u00e1s ohromuj\u00edc\u00ed scen\u00e9ri\u00ed Rud\u00e9ho mo\u0159e a pou\u0161t\u011b. Jakmile doraz\u00edte do K\u00e1hiry, v\u00e1\u0161 pr\u016fvodce v\u00e1s bude \u010dekat, aby v\u00e1s vzal na v\u00fdlet autobusem. Ch\u00e1peme, \u017ee cestov\u00e1n\u00ed na nov\u00e9 m\u00edsto m\u016f\u017ee b\u00fdt zdrcuj\u00edc\u00ed, tak\u017ee v\u00e1m budeme pom\u00e1hat na ka\u017ed\u00e9m kroku.<\/p>\n<p>Egyptsk\u00e9 n\u00e1rodn\u00ed muzeum je atrakce, kterou mus\u00edte vid\u011bt, a na\u0161e prohl\u00eddka v\u00e1s tam zavede k obdivov\u00e1n\u00ed faraonsk\u00fdch poklad\u016f, v\u010detn\u011b Tutanchamonova zlat\u00e9ho pokladu a fascinuj\u00edc\u00edch sarkof\u00e1g\u016f. Dostanete se tak\u00e9 k n\u00e1v\u0161t\u011bv\u011b slavn\u00fdch pyramid, kter\u00e9 jsou pova\u017eov\u00e1ny za jeden ze sedmi div\u016f sv\u011bta. V\u00e1\u0161 pr\u016fvodce v\u00e1m d\u00e1 dostatek \u010dasu na obdivov\u00e1n\u00ed pyramid a dechberouc\u00ed v\u00fdhled z n\u00e1horn\u00ed plo\u0161iny. A samoz\u0159ejm\u011b \u017e\u00e1dn\u00e1 n\u00e1v\u0161t\u011bva pyramid se neobejde bez spat\u0159en\u00ed Sfingy.<\/p>\n<p>Pokud v\u00e1m je\u0161t\u011b n\u011bjak\u00e1 energie zbyla, nab\u00edz\u00edme fakultativn\u00ed v\u00fdlet na Nilu za p\u0159\u00edplatek.<\/p>\n<p>Ch\u00e1peme, \u017ee si nechcete nechat uj\u00edt starov\u011bk\u00e9 z\u00e1zraky K\u00e1hiry jen proto, \u017ee jste v Hurghad\u011b. Proto jsme si dali za c\u00edl poskytnout v\u00e1m pohodln\u00fd a pohodln\u00fd zp\u016fsob, jak za\u017e\u00edt to nejlep\u0161\u00ed z K\u00e1hiry. N\u00e1\u0161 \u0159idi\u010d-pr\u016fvodce v\u00e1s odveze v klimatizovan\u00e9m vozidle a v cen\u011b je i chutn\u00fd ob\u011bd a n\u00e1v\u0161t\u011bva m\u00edstn\u00edho bazaru. Budete m\u00edt v\u0161e, co pot\u0159ebujete k vytvo\u0159en\u00ed vzpom\u00ednek, kter\u00e9 v\u00e1m vydr\u017e\u00ed na cel\u00fd \u017eivot.<\/p>\n<p>V\u00edme, \u017ee cestov\u00e1n\u00ed m\u016f\u017ee b\u00fdt stresuj\u00edc\u00ed, a proto v\u00e1m ho chceme co nejv\u00edce usnadnit. Proto v\u00e1s vyzvedneme z va\u0161eho hotelu v \u010dase, kter\u00fd v\u00e1m vyhovuje, a postar\u00e1me se o v\u0161echny detaily. M\u016f\u017eete se posadit, relaxovat a nechat n\u00e1s uk\u00e1zat v\u00e1m z\u00e1zraky K\u00e1hiry.<\/p>\n","protected":false},"featured_media":46705,"comment_status":"open","ping_status":"closed","template":"","meta":{"_coblocks_attr":"","_coblocks_dimensions":"","_coblocks_responsive_height":"","_coblocks_accordion_ie_support":"","_uag_custom_page_level_css":"","jetpack_post_was_ever_published":false,"jetpack_publicize_message":"","jetpack_publicize_feature_enabled":true,"jetpack_social_post_already_shared":true,"jetpack_social_options":{"image_generator_settings":{"template":"highway","default_image_id":0,"font":"","enabled":false},"version":2},"_wpas_customize_per_network":false},"product_brand":[],"product_cat":[16315,16314],"product_tag":[16348,16326,16366,16355,16369,16338,16341],"class_list":{"0":"post-19137","1":"product","2":"type-product","3":"status-publish","4":"has-post-thumbnail","6":"product_cat-historicke-exkurze-hurghada","7":"product_cat-vylety-hurghada","8":"product_tag-hurghada-cs","9":"product_tag-kahira","10":"product_tag-prohlidka-pamatek","11":"product_tag-pyramidy","12":"product_tag-sfinga-cs","13":"product_tag-vylet","14":"product_tag-vylety-z-hurghady","15":"pa_age-dite-1-4-roky","16":"pa_age-dite-5-11-let","17":"pa_age-dospely","19":"first","20":"instock","21":"sale","22":"purchasable","23":"product-type-variable"},"yoast_head":"<!-- This site is optimized with the Yoast SEO Premium plugin v26.9 (Yoast SEO v27.3) - https:\/\/yoast.com\/product\/yoast-seo-premium-wordpress\/ -->\n<title>Exkurze do K\u00e1hiry - G\u00edzy z Hurghady<\/title>\n<meta name=\"description\" content=\"Exkurze do K\u00e1hiry - G\u00edzy z Hurghady Doporu\u010dujeme v\u00fdlet s ohledem na skute\u010dnost, \u017ee turist\u016fm umo\u017en\u00ed vid\u011bt nejp\u016fsobiv\u011bj\u0161\u00ed pam\u00e1tky, postaven\u00e9 b\u011bhem starov\u011bk\u00e9ho\" \/>\n<meta name=\"robots\" content=\"index, follow, max-snippet:-1, max-image-preview:large, max-video-preview:-1\" \/>\n<link rel=\"canonical\" href=\"https:\/\/landioustravel.com\/cs\/shop\/exkurze-kahira-giza-hurghada\/\" \/>\n<meta property=\"og:locale\" content=\"cs_CZ\" \/>\n<meta property=\"og:type\" content=\"article\" \/>\n<meta property=\"og:title\" content=\"Exkurze do K\u00e1hiry - G\u00edzy z Hurghady\" \/>\n<meta property=\"og:description\" content=\"Landious Travel\" \/>\n<meta property=\"og:url\" content=\"https:\/\/landioustravel.com\/cs\/shop\/exkurze-kahira-giza-hurghada\/\" \/>\n<meta property=\"og:site_name\" content=\"Landious Travel\" \/>\n<meta property=\"article:publisher\" content=\"https:\/\/web.facebook.com\/landiousEgypt\" \/>\n<meta property=\"article:modified_time\" content=\"2024-09-17T17:14:02+00:00\" \/>\n<meta property=\"og:image\" content=\"https:\/\/i0.wp.com\/landioustravel.com\/wp-content\/uploads\/2018\/11\/Giza-Cairo-Excursion-Hurghada-e1617832610155.jpg?fit=1200%2C674&ssl=1\" \/>\n\t<meta property=\"og:image:width\" content=\"1200\" \/>\n\t<meta property=\"og:image:height\" content=\"674\" \/>\n\t<meta property=\"og:image:type\" content=\"image\/jpeg\" \/>\n<meta name=\"twitter:card\" content=\"summary_large_image\" \/>\n<meta name=\"twitter:site\" content=\"@LandiousTours\" \/>\n<meta name=\"twitter:label1\" content=\"Odhadovan\u00e1 doba \u010dten\u00ed\" \/>\n\t<meta name=\"twitter:data1\" content=\"2 minuty\" \/>\n<script type=\"application\/ld+json\" class=\"yoast-schema-graph\">{\"@context\":\"https:\\\/\\\/schema.org\",\"@graph\":[{\"@type\":\"WebPage\",\"@id\":\"https:\\\/\\\/landioustravel.com\\\/cs\\\/shop\\\/exkurze-kahira-giza-hurghada\\\/\",\"url\":\"https:\\\/\\\/landioustravel.com\\\/cs\\\/shop\\\/exkurze-kahira-giza-hurghada\\\/\",\"name\":\"Exkurze do K\u00e1hiry - G\u00edzy z Hurghady\",\"isPartOf\":{\"@id\":\"https:\\\/\\\/landioustravel.com\\\/cs\\\/#website\"},\"primaryImageOfPage\":{\"@id\":\"https:\\\/\\\/landioustravel.com\\\/cs\\\/shop\\\/exkurze-kahira-giza-hurghada\\\/#primaryimage\"},\"image\":{\"@id\":\"https:\\\/\\\/landioustravel.com\\\/cs\\\/shop\\\/exkurze-kahira-giza-hurghada\\\/#primaryimage\"},\"thumbnailUrl\":\"https:\\\/\\\/i0.wp.com\\\/landioustravel.com\\\/wp-content\\\/uploads\\\/2018\\\/11\\\/Giza-Cairo-Excursion-Hurghada-e1617832610155.jpg?fit=1200%2C674&ssl=1\",\"datePublished\":\"2019-09-06T11:24:13+00:00\",\"dateModified\":\"2024-09-17T17:14:02+00:00\",\"description\":\"Exkurze do K\u00e1hiry - G\u00edzy z Hurghady Doporu\u010dujeme v\u00fdlet s ohledem na skute\u010dnost, \u017ee turist\u016fm umo\u017en\u00ed vid\u011bt nejp\u016fsobiv\u011bj\u0161\u00ed pam\u00e1tky, postaven\u00e9 b\u011bhem starov\u011bk\u00e9ho\",\"breadcrumb\":{\"@id\":\"https:\\\/\\\/landioustravel.com\\\/cs\\\/shop\\\/exkurze-kahira-giza-hurghada\\\/#breadcrumb\"},\"inLanguage\":\"cs\",\"potentialAction\":[{\"@type\":\"ReadAction\",\"target\":[\"https:\\\/\\\/landioustravel.com\\\/cs\\\/shop\\\/exkurze-kahira-giza-hurghada\\\/\"]}]},{\"@type\":\"ImageObject\",\"inLanguage\":\"cs\",\"@id\":\"https:\\\/\\\/landioustravel.com\\\/cs\\\/shop\\\/exkurze-kahira-giza-hurghada\\\/#primaryimage\",\"url\":\"https:\\\/\\\/i0.wp.com\\\/landioustravel.com\\\/wp-content\\\/uploads\\\/2018\\\/11\\\/Giza-Cairo-Excursion-Hurghada-e1617832610155.jpg?fit=1200%2C674&ssl=1\",\"contentUrl\":\"https:\\\/\\\/i0.wp.com\\\/landioustravel.com\\\/wp-content\\\/uploads\\\/2018\\\/11\\\/Giza-Cairo-Excursion-Hurghada-e1617832610155.jpg?fit=1200%2C674&ssl=1\",\"width\":1200,\"height\":674,\"caption\":\"Giza Cairo Excursion Hurghada\"},{\"@type\":\"BreadcrumbList\",\"@id\":\"https:\\\/\\\/landioustravel.com\\\/cs\\\/shop\\\/exkurze-kahira-giza-hurghada\\\/#breadcrumb\",\"itemListElement\":[{\"@type\":\"ListItem\",\"position\":1,\"name\":\"Home\",\"item\":\"https:\\\/\\\/landioustravel.com\\\/cs\\\/\"},{\"@type\":\"ListItem\",\"position\":2,\"name\":\"Slu\u017eby a v\u00fdlety\",\"item\":\"https:\\\/\\\/landioustravel.com\\\/cs\\\/\"},{\"@type\":\"ListItem\",\"position\":3,\"name\":\"Exkurze do K\u00e1hiry &#8211; G\u00edzy z Hurghady\"}]},{\"@type\":\"WebSite\",\"@id\":\"https:\\\/\\\/landioustravel.com\\\/cs\\\/#website\",\"url\":\"https:\\\/\\\/landioustravel.com\\\/cs\\\/\",\"name\":\"Landious Travel\",\"description\":\"Excursions, trips and cruises in Egypt\",\"publisher\":{\"@id\":\"https:\\\/\\\/landioustravel.com\\\/cs\\\/#organization\"},\"potentialAction\":[{\"@type\":\"SearchAction\",\"target\":{\"@type\":\"EntryPoint\",\"urlTemplate\":\"https:\\\/\\\/landioustravel.com\\\/cs\\\/?s={search_term_string}\"},\"query-input\":{\"@type\":\"PropertyValueSpecification\",\"valueRequired\":true,\"valueName\":\"search_term_string\"}}],\"inLanguage\":\"cs\"},{\"@type\":[\"Organization\",\"Place\"],\"@id\":\"https:\\\/\\\/landioustravel.com\\\/cs\\\/#organization\",\"name\":\"Landious Travel\",\"alternateName\":\"Landious Travel\",\"url\":\"https:\\\/\\\/landioustravel.com\\\/cs\\\/\",\"logo\":{\"@id\":\"https:\\\/\\\/landioustravel.com\\\/cs\\\/shop\\\/exkurze-kahira-giza-hurghada\\\/#local-main-organization-logo\"},\"image\":{\"@id\":\"https:\\\/\\\/landioustravel.com\\\/cs\\\/shop\\\/exkurze-kahira-giza-hurghada\\\/#local-main-organization-logo\"},\"sameAs\":[\"https:\\\/\\\/web.facebook.com\\\/landiousEgypt\",\"https:\\\/\\\/x.com\\\/LandiousTours\",\"https:\\\/\\\/mastodon.social\\\/@landious\"],\"legalName\":\"Landious Travel\",\"telephone\":[],\"openingHoursSpecification\":[{\"@type\":\"OpeningHoursSpecification\",\"dayOfWeek\":[\"Monday\",\"Tuesday\",\"Wednesday\",\"Thursday\",\"Friday\",\"Saturday\",\"Sunday\"],\"opens\":\"09:00\",\"closes\":\"17:00\"}]},{\"@type\":\"ImageObject\",\"inLanguage\":\"cs\",\"@id\":\"https:\\\/\\\/landioustravel.com\\\/cs\\\/shop\\\/exkurze-kahira-giza-hurghada\\\/#local-main-organization-logo\",\"url\":\"https:\\\/\\\/i0.wp.com\\\/landioustravel.com\\\/wp-content\\\/uploads\\\/2021\\\/06\\\/Landious-T.png?fit=500%2C500&ssl=1\",\"contentUrl\":\"https:\\\/\\\/i0.wp.com\\\/landioustravel.com\\\/wp-content\\\/uploads\\\/2021\\\/06\\\/Landious-T.png?fit=500%2C500&ssl=1\",\"width\":500,\"height\":500,\"caption\":\"Landious Travel\"}]}<\/script>\n<!-- \/ Yoast SEO Premium plugin. -->","yoast_head_json":{"title":"Exkurze do K\u00e1hiry - G\u00edzy z Hurghady","description":"Exkurze do K\u00e1hiry - G\u00edzy z Hurghady Doporu\u010dujeme v\u00fdlet s ohledem na skute\u010dnost, \u017ee turist\u016fm umo\u017en\u00ed vid\u011bt nejp\u016fsobiv\u011bj\u0161\u00ed pam\u00e1tky, postaven\u00e9 b\u011bhem starov\u011bk\u00e9ho","robots":{"index":"index","follow":"follow","max-snippet":"max-snippet:-1","max-image-preview":"max-image-preview:large","max-video-preview":"max-video-preview:-1"},"canonical":"https:\/\/landioustravel.com\/cs\/shop\/exkurze-kahira-giza-hurghada\/","og_locale":"cs_CZ","og_type":"article","og_title":"Exkurze do K\u00e1hiry - G\u00edzy z Hurghady","og_description":"Landious Travel","og_url":"https:\/\/landioustravel.com\/cs\/shop\/exkurze-kahira-giza-hurghada\/","og_site_name":"Landious Travel","article_publisher":"https:\/\/web.facebook.com\/landiousEgypt","article_modified_time":"2024-09-17T17:14:02+00:00","og_image":[{"width":1200,"height":674,"url":"https:\/\/i0.wp.com\/landioustravel.com\/wp-content\/uploads\/2018\/11\/Giza-Cairo-Excursion-Hurghada-e1617832610155.jpg?fit=1200%2C674&ssl=1","type":"image\/jpeg"}],"twitter_card":"summary_large_image","twitter_site":"@LandiousTours","twitter_misc":{"Odhadovan\u00e1 doba \u010dten\u00ed":"2 minuty"},"schema":{"@context":"https:\/\/schema.org","@graph":[{"@type":"WebPage","@id":"https:\/\/landioustravel.com\/cs\/shop\/exkurze-kahira-giza-hurghada\/","url":"https:\/\/landioustravel.com\/cs\/shop\/exkurze-kahira-giza-hurghada\/","name":"Exkurze do K\u00e1hiry - G\u00edzy z Hurghady","isPartOf":{"@id":"https:\/\/landioustravel.com\/cs\/#website"},"primaryImageOfPage":{"@id":"https:\/\/landioustravel.com\/cs\/shop\/exkurze-kahira-giza-hurghada\/#primaryimage"},"image":{"@id":"https:\/\/landioustravel.com\/cs\/shop\/exkurze-kahira-giza-hurghada\/#primaryimage"},"thumbnailUrl":"https:\/\/i0.wp.com\/landioustravel.com\/wp-content\/uploads\/2018\/11\/Giza-Cairo-Excursion-Hurghada-e1617832610155.jpg?fit=1200%2C674&ssl=1","datePublished":"2019-09-06T11:24:13+00:00","dateModified":"2024-09-17T17:14:02+00:00","description":"Exkurze do K\u00e1hiry - G\u00edzy z Hurghady Doporu\u010dujeme v\u00fdlet s ohledem na skute\u010dnost, \u017ee turist\u016fm umo\u017en\u00ed vid\u011bt nejp\u016fsobiv\u011bj\u0161\u00ed pam\u00e1tky, postaven\u00e9 b\u011bhem starov\u011bk\u00e9ho","breadcrumb":{"@id":"https:\/\/landioustravel.com\/cs\/shop\/exkurze-kahira-giza-hurghada\/#breadcrumb"},"inLanguage":"cs","potentialAction":[{"@type":"ReadAction","target":["https:\/\/landioustravel.com\/cs\/shop\/exkurze-kahira-giza-hurghada\/"]}]},{"@type":"ImageObject","inLanguage":"cs","@id":"https:\/\/landioustravel.com\/cs\/shop\/exkurze-kahira-giza-hurghada\/#primaryimage","url":"https:\/\/i0.wp.com\/landioustravel.com\/wp-content\/uploads\/2018\/11\/Giza-Cairo-Excursion-Hurghada-e1617832610155.jpg?fit=1200%2C674&ssl=1","contentUrl":"https:\/\/i0.wp.com\/landioustravel.com\/wp-content\/uploads\/2018\/11\/Giza-Cairo-Excursion-Hurghada-e1617832610155.jpg?fit=1200%2C674&ssl=1","width":1200,"height":674,"caption":"Giza Cairo Excursion Hurghada"},{"@type":"BreadcrumbList","@id":"https:\/\/landioustravel.com\/cs\/shop\/exkurze-kahira-giza-hurghada\/#breadcrumb","itemListElement":[{"@type":"ListItem","position":1,"name":"Home","item":"https:\/\/landioustravel.com\/cs\/"},{"@type":"ListItem","position":2,"name":"Slu\u017eby a v\u00fdlety","item":"https:\/\/landioustravel.com\/cs\/"},{"@type":"ListItem","position":3,"name":"Exkurze do K\u00e1hiry &#8211; G\u00edzy z Hurghady"}]},{"@type":"WebSite","@id":"https:\/\/landioustravel.com\/cs\/#website","url":"https:\/\/landioustravel.com\/cs\/","name":"Landious Travel","description":"Excursions, trips and cruises in Egypt","publisher":{"@id":"https:\/\/landioustravel.com\/cs\/#organization"},"potentialAction":[{"@type":"SearchAction","target":{"@type":"EntryPoint","urlTemplate":"https:\/\/landioustravel.com\/cs\/?s={search_term_string}"},"query-input":{"@type":"PropertyValueSpecification","valueRequired":true,"valueName":"search_term_string"}}],"inLanguage":"cs"},{"@type":["Organization","Place"],"@id":"https:\/\/landioustravel.com\/cs\/#organization","name":"Landious Travel","alternateName":"Landious Travel","url":"https:\/\/landioustravel.com\/cs\/","logo":{"@id":"https:\/\/landioustravel.com\/cs\/shop\/exkurze-kahira-giza-hurghada\/#local-main-organization-logo"},"image":{"@id":"https:\/\/landioustravel.com\/cs\/shop\/exkurze-kahira-giza-hurghada\/#local-main-organization-logo"},"sameAs":["https:\/\/web.facebook.com\/landiousEgypt","https:\/\/x.com\/LandiousTours","https:\/\/mastodon.social\/@landious"],"legalName":"Landious Travel","telephone":[],"openingHoursSpecification":[{"@type":"OpeningHoursSpecification","dayOfWeek":["Monday","Tuesday","Wednesday","Thursday","Friday","Saturday","Sunday"],"opens":"09:00","closes":"17:00"}]},{"@type":"ImageObject","inLanguage":"cs","@id":"https:\/\/landioustravel.com\/cs\/shop\/exkurze-kahira-giza-hurghada\/#local-main-organization-logo","url":"https:\/\/i0.wp.com\/landioustravel.com\/wp-content\/uploads\/2021\/06\/Landious-T.png?fit=500%2C500&ssl=1","contentUrl":"https:\/\/i0.wp.com\/landioustravel.com\/wp-content\/uploads\/2021\/06\/Landious-T.png?fit=500%2C500&ssl=1","width":500,"height":500,"caption":"Landious Travel"}]}},"jetpack_publicize_connections":[],"uagb_featured_image_src":{"full":["https:\/\/i0.wp.com\/landioustravel.com\/wp-content\/uploads\/2018\/11\/Giza-Cairo-Excursion-Hurghada-e1617832610155.jpg?fit=1200%2C674&ssl=1",1200,674,false],"thumbnail":["https:\/\/i0.wp.com\/landioustravel.com\/wp-content\/uploads\/2018\/11\/Giza-Cairo-Excursion-Hurghada-e1617832610155.jpg?resize=150%2C150&ssl=1",150,150,true],"medium":["https:\/\/i0.wp.com\/landioustravel.com\/wp-content\/uploads\/2018\/11\/Giza-Cairo-Excursion-Hurghada-e1617832610155.jpg?fit=300%2C169&ssl=1",300,169,true],"medium_large":["https:\/\/i0.wp.com\/landioustravel.com\/wp-content\/uploads\/2018\/11\/Giza-Cairo-Excursion-Hurghada-e1617832610155.jpg?fit=768%2C432&ssl=1",768,432,true],"large":["https:\/\/i0.wp.com\/landioustravel.com\/wp-content\/uploads\/2018\/11\/Giza-Cairo-Excursion-Hurghada-e1617832610155.jpg?fit=980%2C550&ssl=1",980,550,true],"1536x1536":["https:\/\/i0.wp.com\/landioustravel.com\/wp-content\/uploads\/2018\/11\/Giza-Cairo-Excursion-Hurghada-e1617832610155.jpg?fit=1536%2C863&ssl=1",1536,863,true],"2048x2048":["https:\/\/i0.wp.com\/landioustravel.com\/wp-content\/uploads\/2018\/11\/Giza-Cairo-Excursion-Hurghada-e1617832610155.jpg?fit=1200%2C674&ssl=1",1200,674,true],"newspack-article-block-landscape-large":["https:\/\/i0.wp.com\/landioustravel.com\/wp-content\/uploads\/2018\/11\/Giza-Cairo-Excursion-Hurghada-e1617832610155.jpg?resize=1200%2C674&ssl=1",1200,900,true],"newspack-article-block-portrait-large":["https:\/\/i0.wp.com\/landioustravel.com\/wp-content\/uploads\/2018\/11\/Giza-Cairo-Excursion-Hurghada-e1617832610155.jpg?resize=900%2C674&ssl=1",900,921,true],"newspack-article-block-square-large":["https:\/\/i0.wp.com\/landioustravel.com\/wp-content\/uploads\/2018\/11\/Giza-Cairo-Excursion-Hurghada-e1617832610155.jpg?resize=1200%2C674&ssl=1",1200,921,true],"newspack-article-block-landscape-medium":["https:\/\/i0.wp.com\/landioustravel.com\/wp-content\/uploads\/2018\/11\/Giza-Cairo-Excursion-Hurghada-e1617832610155.jpg?resize=800%2C600&ssl=1",800,600,true],"newspack-article-block-portrait-medium":["https:\/\/i0.wp.com\/landioustravel.com\/wp-content\/uploads\/2018\/11\/Giza-Cairo-Excursion-Hurghada-e1617832610155.jpg?resize=600%2C674&ssl=1",600,800,true],"newspack-article-block-square-medium":["https:\/\/i0.wp.com\/landioustravel.com\/wp-content\/uploads\/2018\/11\/Giza-Cairo-Excursion-Hurghada-e1617832610155.jpg?resize=800%2C674&ssl=1",800,800,true],"newspack-article-block-landscape-intermediate":["https:\/\/i0.wp.com\/landioustravel.com\/wp-content\/uploads\/2018\/11\/Giza-Cairo-Excursion-Hurghada-e1617832610155.jpg?resize=600%2C450&ssl=1",600,450,true],"newspack-article-block-portrait-intermediate":["https:\/\/i0.wp.com\/landioustravel.com\/wp-content\/uploads\/2018\/11\/Giza-Cairo-Excursion-Hurghada-e1617832610155.jpg?resize=450%2C600&ssl=1",450,600,true],"newspack-article-block-square-intermediate":["https:\/\/i0.wp.com\/landioustravel.com\/wp-content\/uploads\/2018\/11\/Giza-Cairo-Excursion-Hurghada-e1617832610155.jpg?resize=600%2C600&ssl=1",600,600,true],"newspack-article-block-landscape-small":["https:\/\/i0.wp.com\/landioustravel.com\/wp-content\/uploads\/2018\/11\/Giza-Cairo-Excursion-Hurghada-e1617832610155.jpg?resize=400%2C300&ssl=1",400,300,true],"newspack-article-block-portrait-small":["https:\/\/i0.wp.com\/landioustravel.com\/wp-content\/uploads\/2018\/11\/Giza-Cairo-Excursion-Hurghada-e1617832610155.jpg?resize=300%2C400&ssl=1",300,400,true],"newspack-article-block-square-small":["https:\/\/i0.wp.com\/landioustravel.com\/wp-content\/uploads\/2018\/11\/Giza-Cairo-Excursion-Hurghada-e1617832610155.jpg?resize=400%2C400&ssl=1",400,400,true],"newspack-article-block-landscape-tiny":["https:\/\/i0.wp.com\/landioustravel.com\/wp-content\/uploads\/2018\/11\/Giza-Cairo-Excursion-Hurghada-e1617832610155.jpg?resize=200%2C150&ssl=1",200,150,true],"newspack-article-block-portrait-tiny":["https:\/\/i0.wp.com\/landioustravel.com\/wp-content\/uploads\/2018\/11\/Giza-Cairo-Excursion-Hurghada-e1617832610155.jpg?resize=150%2C200&ssl=1",150,200,true],"newspack-article-block-square-tiny":["https:\/\/i0.wp.com\/landioustravel.com\/wp-content\/uploads\/2018\/11\/Giza-Cairo-Excursion-Hurghada-e1617832610155.jpg?resize=200%2C200&ssl=1",200,200,true],"newspack-article-block-uncropped":["https:\/\/i0.wp.com\/landioustravel.com\/wp-content\/uploads\/2018\/11\/Giza-Cairo-Excursion-Hurghada-e1617832610155.jpg?fit=1200%2C674&ssl=1",1200,674,true],"woocommerce_thumbnail":["https:\/\/i0.wp.com\/landioustravel.com\/wp-content\/uploads\/2018\/11\/Giza-Cairo-Excursion-Hurghada-e1617832610155.jpg?resize=324%2C324&ssl=1",324,324,true],"woocommerce_single":["https:\/\/i0.wp.com\/landioustravel.com\/wp-content\/uploads\/2018\/11\/Giza-Cairo-Excursion-Hurghada-e1617832610155.jpg?fit=416%2C234&ssl=1",416,234,true],"woocommerce_gallery_thumbnail":["https:\/\/i0.wp.com\/landioustravel.com\/wp-content\/uploads\/2018\/11\/Giza-Cairo-Excursion-Hurghada-e1617832610155.jpg?resize=100%2C100&ssl=1",100,100,true]},"uagb_author_info":{"display_name":"Mofreh Landious","author_link":"https:\/\/landioustravel.com\/cs\/author\/"},"uagb_comment_info":6,"uagb_excerpt":"Vydejte se na cestu do K\u00e1hiry a my se postar\u00e1me o va\u0161e pohodl\u00ed a bezpe\u010dnost. N\u00e1\u0161 klimatizovan\u00fd autobus v\u00e1s vyzvedne z va\u0161eho hotelu v Hurghad\u011b a proveze v\u00e1s ohromuj\u00edc\u00ed scen\u00e9ri\u00ed Rud\u00e9ho mo\u0159e a pou\u0161t\u011b. Jakmile doraz\u00edte do K\u00e1hiry, v\u00e1\u0161 pr\u016fvodce v\u00e1s bude \u010dekat, aby v\u00e1s vzal na v\u00fdlet autobusem. Ch\u00e1peme, \u017ee cestov\u00e1n\u00ed na nov\u00e9 m\u00edsto&hellip;","jetpack_sharing_enabled":true,"jetpack_likes_enabled":true,"amp_enabled":true,"_links":{"self":[{"href":"https:\/\/landioustravel.com\/cs\/wp-json\/wp\/v2\/product\/19137","targetHints":{"allow":["GET"]}}],"collection":[{"href":"https:\/\/landioustravel.com\/cs\/wp-json\/wp\/v2\/product"}],"about":[{"href":"https:\/\/landioustravel.com\/cs\/wp-json\/wp\/v2\/types\/product"}],"replies":[{"embeddable":true,"href":"https:\/\/landioustravel.com\/cs\/wp-json\/wp\/v2\/comments?post=19137"}],"wp:featuredmedia":[{"embeddable":true,"href":"https:\/\/landioustravel.com\/cs\/wp-json\/wp\/v2\/media\/46705"}],"wp:attachment":[{"href":"https:\/\/landioustravel.com\/cs\/wp-json\/wp\/v2\/media?parent=19137"}],"wp:term":[{"taxonomy":"product_brand","embeddable":true,"href":"https:\/\/landioustravel.com\/cs\/wp-json\/wp\/v2\/product_brand?post=19137"},{"taxonomy":"product_cat","embeddable":true,"href":"https:\/\/landioustravel.com\/cs\/wp-json\/wp\/v2\/product_cat?post=19137"},{"taxonomy":"product_tag","embeddable":true,"href":"https:\/\/landioustravel.com\/cs\/wp-json\/wp\/v2\/product_tag?post=19137"}],"curies":[{"name":"wp","href":"https:\/\/api.w.org\/{rel}","templated":true}]}}