{"id":19144,"date":"2018-11-13T08:22:45","date_gmt":"2019-09-06T13:54:50","guid":{"rendered":"https:\/\/landioustravel.com\/?post_type=product&#038;p=19144"},"modified":"2025-10-01T20:20:47","modified_gmt":"2025-10-01T17:20:47","slug":"vylet-ostrov-giftun-hurghada","status":"publish","type":"product","link":"https:\/\/landioustravel.com\/cs\/shop\/vylet-ostrov-giftun-hurghada\/","title":{"rendered":"V\u00fdlet na ostrov Giftun v Hurghad\u011b"},"content":{"rendered":"<p>N\u00e1dhern\u00fd v\u00fdlet lod\u00ed na Grand Giftun Island v Hurghad\u011b! Doporu\u010dujeme v\u00fdlet, proto\u017ee to umo\u017e\u0148uje turist\u016fm m\u00edt dobr\u00fd \u010das u mo\u0159e! V\u00fdlet v\u00e1m d\u00e1v\u00e1 mo\u017enost vid\u011bt kr\u00e1sn\u00e9 kor\u00e1ly a r\u016fzn\u00e9 ryby. St\u00e1le si m\u016f\u017eete u\u017e\u00edvat mo\u0159sk\u00fd piknik pod\u00e9l pob\u0159e\u017e\u00ed Rud\u00e9ho mo\u0159e a p\u0159ist\u00e1vat na Giftun Islandu. Ostrov se nach\u00e1z\u00ed v bl\u00edzkosti mo\u0159sk\u00e9ho pob\u0159e\u017e\u00ed Read v Hurghad\u011b.<\/p>\n<h2>Hlavn\u00ed body programu exkurze na Giftun Island<\/h2>\n<ul>\n<li>Plav\u00e1n\u00ed dvakr\u00e1t na otev\u0159en\u00e9m mo\u0159i z jachty<\/li>\n<li>\u0160norchlov\u00e1n\u00ed s maskami a ploutvemi na otev\u0159en\u00e9m mo\u0159i<\/li>\n<li>J\u00eddlo<\/li>\n<li>Krom\u011b toho p\u0159ist\u00e1n\u00ed na Giftun Islandu<\/li>\n<\/ul>\n<h3>Program v\u00fdlet\u016f na Giftun Island v Hurghad\u011b<\/h3>\n<ul>\n<li>Vyb\u00edr\u00e1me v\u00e1s z va\u0161eho hotelu p\u0159ibli\u017en\u011b v 08:00<\/li>\n<li>Po vyzvednut\u00ed v\u0161ech p\u0159\u00edchoz\u00edch jede autobus do p\u0159\u00edstavu. Cesta do p\u0159\u00edstavu trv\u00e1 30 minut<\/li>\n<li>Jachtu najdete v p\u0159\u00edstavu. Je to velk\u00fd a elegantn\u00ed! Tato jachta se skl\u00e1d\u00e1 ze dvou pater. Jakmile se dostanete na jachtu, je nutn\u00e9 sundat obuv a stoupat do druh\u00e9ho patra opalov\u00e1n\u00ed na horn\u00ed slune\u010dn\u00ed palub\u011b<\/li>\n<li>Jakmile se skupina shrom\u00e1\u017ed\u00ed, jachta pokra\u010duje p\u0159es Rud\u00e9 mo\u0159e. A na kr\u00e1sn\u00e9m kor\u00e1lov\u00e9m m\u00edst\u011b zastav\u00edte na otev\u0159en\u00e9m mo\u0159i. Tam m\u016f\u017eete plavat a \u0161norchlovat s maskami a ploutvemi<\/li>\n<li>D\u00e1le v\u00e1s odvezeme na Giftun Island na motorov\u00e9m \u010dlunu<\/li>\n<li>Ze samotn\u00e9ho ostrova bude mo\u017en\u00e9 j\u00edt do mo\u0159e, nebo jen na vlk na m\u011bkk\u00e9m p\u00edsku na pl\u00e1\u017ei<\/li>\n<li>Po t\u00e9to \u00fa\u017easn\u00e9 zast\u00e1vce se vr\u00e1t\u00edte na jachtu na ob\u011bd. B\u011bhem ob\u011bda bude bufet otev\u0159en\u00fd<\/li>\n<li>Krom\u011b toho budete m\u00edt \u010das j\u00edt se plavat a \u0161norchlovat s maskami a ploutvemi na jin\u00e9m mo\u0159sk\u00e9m m\u00edst\u011b<\/li>\n<li>Tato \u201eExkurze na ostrov Giftun v Hurghad\u011b\u201c kon\u010d\u00ed p\u0159ibli\u017en\u011b v 16:30<\/li>\n<\/ul>\n<h4>Co je zahrnuto v cen\u011b z\u00e1jezdu<\/h4>\n<ul>\n<li>Masky a ploutve<\/li>\n<li>J\u00eddlo a pit\u00ed<\/li>\n<li>Tak\u00e9 Transfer do p\u0159\u00edstavu a zp\u011bt do hotelu<\/li>\n<\/ul>\n<h5>Co nen\u00ed zahrnuto v cen\u011b z\u00e1jezdu<\/h5>\n<ul>\n<li>Video DVD<\/li>\n<li>Tak\u00e9, Photo CD<\/li>\n<\/ul>\n<h6>Co si vz\u00edt s sebou na cestu<\/h6>\n<ul>\n<li>Ru\u010dn\u00edk<\/li>\n<li>Tak\u00e9, opalovac\u00ed kr\u00e9m<\/li>\n<\/ul>\n<h6>DNY EXKURZN\u00cd ORGANIZACE<\/h6>\n<ul>\n<li>Denn\u011b od 08: 00-17: 00<\/li>\n<\/ul>\n","protected":false},"excerpt":{"rendered":"<p>Zaslou\u017e\u00edte si n\u011bjak\u00fd \u010das na odpo\u010dinek a relaxaci a jak to ud\u011blat l\u00e9pe ne\u017e v\u00fdletem na ostrov Giftun v Hurghad\u011b? Kdy\u017e doraz\u00edte na ostrov, p\u0159iv\u00edt\u00e1 v\u00e1s zlat\u00fd p\u00edsek a k\u0159i\u0161\u0165\u00e1lov\u011b \u010dist\u00e1 voda, ide\u00e1ln\u00ed pro koup\u00e1n\u00ed a po\u0159izov\u00e1n\u00ed dechberouc\u00edch fotografi\u00ed. Budete m\u00edt cel\u00fd den na opalov\u00e1n\u00ed a klid na Paradise Island. Aby byl v\u00e1\u0161 den je\u0161t\u011b p\u0159\u00edjemn\u011bj\u0161\u00ed, v cen\u011b z\u00e1jezdu je zahrnut ob\u011bd a nealko.<\/p>\n<p>Tato celodenn\u00ed exkurze se o v\u0161e postar\u00e1, tak\u017ee se m\u016f\u017eete soust\u0159edit na to, jak co nejl\u00e9pe vyu\u017e\u00edt sv\u016fj \u010das. Budete m\u00edt p\u0159\u00edle\u017eitost za\u017e\u00edt n\u011bkolik kulturn\u00edch vystoupen\u00ed, v\u010detn\u011b b\u0159i\u0161n\u00edch tanc\u016f a folklorn\u00edch show, a to v\u0161e p\u0159i prozkoum\u00e1v\u00e1n\u00ed kr\u00e1sn\u00fdch m\u00edst pro \u0161norchlov\u00e1n\u00ed a u\u017e\u00edv\u00e1n\u00ed si vodn\u00edch aktivit, jako jsou ban\u00e1nov\u00e9 a pohovky. Nebudete se muset starat o nic pl\u00e1novat \u2013 o v\u0161e se postar\u00e1me za v\u00e1s, v\u010detn\u011b zp\u00e1te\u010dn\u00edch transfer\u016f do az va\u0161eho ubytov\u00e1n\u00ed v Hurghad\u011b.<\/p>\n<p>Po vyzvednut\u00ed z va\u0161eho hotelu budete p\u0159evezeni na lo\u010f kotv\u00edc\u00ed u Rud\u00e9ho mo\u0159e. P\u0159i plavb\u011b sm\u011brem k Paradise Island budete m\u00edt mo\u017enost obdivovat \u00fa\u017easn\u00e9 podmo\u0159sk\u00e9 \u00fatesy a pl\u00e1\u017ee. Str\u00e1vte den na ostrov\u011b objevov\u00e1n\u00edm, \u0161norchlov\u00e1n\u00edm a vychutn\u00e1vejte si lahodn\u00fd ob\u011bd p\u0159ipraven\u00fd a pod\u00e1van\u00fd p\u0159\u00edmo na lodi. Pot\u00e9 se vydejte zp\u011bt k Rud\u00e9mu mo\u0159i, kde se m\u016f\u017eete v\u011bnovat \u0161norchlov\u00e1n\u00ed a vodn\u00edm aktivit\u00e1m, ne\u017e se p\u0159esunete zp\u011bt do hotelu.<\/p>\n<p>Ch\u00e1peme, jak d\u016fle\u017eit\u00e9 je odpo\u010dinout si od shonu ka\u017edodenn\u00edho \u017eivota, a chceme, aby byl v\u00e1\u0161 den co nejp\u0159\u00edjemn\u011bj\u0161\u00ed a bez stresu. Proto jsme se za v\u00e1s postarali o v\u0161echny detaily, abyste se mohli pohodln\u011b usadit, relaxovat a u\u017e\u00edvat si kr\u00e1sy ostrova Giftun.<\/p>\n","protected":false},"featured_media":19146,"comment_status":"open","ping_status":"closed","template":"","meta":{"_coblocks_attr":"","_coblocks_dimensions":"","_coblocks_responsive_height":"","_coblocks_accordion_ie_support":"","_uag_custom_page_level_css":"","jetpack_publicize_message":"","jetpack_publicize_feature_enabled":true,"jetpack_social_post_already_shared":true,"jetpack_social_options":{"image_generator_settings":{"template":"highway","default_image_id":0,"font":"","enabled":false},"version":2},"_wpas_customize_per_network":false},"product_brand":[],"product_cat":[16316,16314],"product_tag":[16348,16362,16363,16349,16353,16338,16368],"class_list":{"0":"post-19144","1":"product","2":"type-product","3":"status-publish","4":"has-post-thumbnail","6":"product_cat-namorni-vylety-hurghada","7":"product_cat-vylety-hurghada","8":"product_tag-hurghada-cs","9":"product_tag-more-cs","10":"product_tag-namorni-vylety","11":"product_tag-ostrov","12":"product_tag-raj-ostrov","13":"product_tag-vylet","14":"product_tag-snorchlovani","16":"first","17":"instock","18":"sale","19":"virtual","20":"purchasable","21":"product-type-simple"},"yoast_head":"<!-- This site is optimized with the Yoast SEO Premium plugin v26.9 (Yoast SEO v27.4) - https:\/\/yoast.com\/product\/yoast-seo-premium-wordpress\/ -->\n<title>V\u00fdlet na ostrov Giftun v Hurghad\u011b<\/title>\n<meta name=\"description\" content=\"V\u00fdlet na ostrov Giftun v Hurghad\u011b Doporu\u010dujeme v\u00fdlet, proto\u017ee to umo\u017e\u0148uje turist\u016fm m\u00edt dobr\u00fd \u010das u mo\u0159e! V\u00fdlet v\u00e1m d\u00e1v\u00e1 mo\u017enost vid\u011bt kr\u00e1sn\u00e9 kor\u00e1ly a r\u016fzn\u00e9\" \/>\n<meta name=\"robots\" content=\"index, follow, max-snippet:-1, max-image-preview:large, max-video-preview:-1\" \/>\n<link rel=\"canonical\" href=\"https:\/\/landioustravel.com\/cs\/shop\/vylet-ostrov-giftun-hurghada\/\" \/>\n<meta property=\"og:locale\" content=\"cs_CZ\" \/>\n<meta property=\"og:type\" content=\"article\" \/>\n<meta property=\"og:title\" content=\"V\u00fdlet na ostrov Giftun v Hurghad\u011b\" \/>\n<meta property=\"og:description\" content=\"Landious Travel\" \/>\n<meta property=\"og:url\" content=\"https:\/\/landioustravel.com\/cs\/shop\/vylet-ostrov-giftun-hurghada\/\" \/>\n<meta property=\"og:site_name\" content=\"Landious Travel\" \/>\n<meta property=\"article:publisher\" content=\"https:\/\/web.facebook.com\/landiousEgypt\" \/>\n<meta property=\"article:modified_time\" content=\"2025-10-01T17:20:47+00:00\" \/>\n<meta property=\"og:image\" content=\"https:\/\/i0.wp.com\/landioustravel.com\/wp-content\/uploads\/2019\/01\/Boat_trip_Giftun_island_in_Hurghada-e1551839736620.jpg?fit=1200%2C676&ssl=1\" \/>\n\t<meta property=\"og:image:width\" content=\"1200\" \/>\n\t<meta property=\"og:image:height\" content=\"676\" \/>\n\t<meta property=\"og:image:type\" content=\"image\/jpeg\" \/>\n<meta name=\"twitter:card\" content=\"summary_large_image\" \/>\n<meta name=\"twitter:site\" content=\"@LandiousTours\" \/>\n<meta name=\"twitter:label1\" content=\"Odhadovan\u00e1 doba \u010dten\u00ed\" \/>\n\t<meta name=\"twitter:data1\" content=\"2 minuty\" \/>\n<script type=\"application\/ld+json\" class=\"yoast-schema-graph\">{\"@context\":\"https:\\\/\\\/schema.org\",\"@graph\":[{\"@type\":\"WebPage\",\"@id\":\"https:\\\/\\\/landioustravel.com\\\/cs\\\/shop\\\/vylet-ostrov-giftun-hurghada\\\/\",\"url\":\"https:\\\/\\\/landioustravel.com\\\/cs\\\/shop\\\/vylet-ostrov-giftun-hurghada\\\/\",\"name\":\"V\u00fdlet na ostrov Giftun v Hurghad\u011b\",\"isPartOf\":{\"@id\":\"https:\\\/\\\/landioustravel.com\\\/cs\\\/#website\"},\"primaryImageOfPage\":{\"@id\":\"https:\\\/\\\/landioustravel.com\\\/cs\\\/shop\\\/vylet-ostrov-giftun-hurghada\\\/#primaryimage\"},\"image\":{\"@id\":\"https:\\\/\\\/landioustravel.com\\\/cs\\\/shop\\\/vylet-ostrov-giftun-hurghada\\\/#primaryimage\"},\"thumbnailUrl\":\"https:\\\/\\\/i0.wp.com\\\/landioustravel.com\\\/wp-content\\\/uploads\\\/2019\\\/01\\\/Boat_trip_Giftun_island_in_Hurghada-e1551839736620.jpg?fit=1200%2C676&ssl=1\",\"datePublished\":\"2019-09-06T13:54:50+00:00\",\"dateModified\":\"2025-10-01T17:20:47+00:00\",\"description\":\"V\u00fdlet na ostrov Giftun v Hurghad\u011b Doporu\u010dujeme v\u00fdlet, proto\u017ee to umo\u017e\u0148uje turist\u016fm m\u00edt dobr\u00fd \u010das u mo\u0159e! V\u00fdlet v\u00e1m d\u00e1v\u00e1 mo\u017enost vid\u011bt kr\u00e1sn\u00e9 kor\u00e1ly a r\u016fzn\u00e9\",\"breadcrumb\":{\"@id\":\"https:\\\/\\\/landioustravel.com\\\/cs\\\/shop\\\/vylet-ostrov-giftun-hurghada\\\/#breadcrumb\"},\"inLanguage\":\"cs\",\"potentialAction\":[{\"@type\":\"ReadAction\",\"target\":[\"https:\\\/\\\/landioustravel.com\\\/cs\\\/shop\\\/vylet-ostrov-giftun-hurghada\\\/\"]}]},{\"@type\":\"ImageObject\",\"inLanguage\":\"cs\",\"@id\":\"https:\\\/\\\/landioustravel.com\\\/cs\\\/shop\\\/vylet-ostrov-giftun-hurghada\\\/#primaryimage\",\"url\":\"https:\\\/\\\/i0.wp.com\\\/landioustravel.com\\\/wp-content\\\/uploads\\\/2019\\\/01\\\/Boat_trip_Giftun_island_in_Hurghada-e1551839736620.jpg?fit=1200%2C676&ssl=1\",\"contentUrl\":\"https:\\\/\\\/i0.wp.com\\\/landioustravel.com\\\/wp-content\\\/uploads\\\/2019\\\/01\\\/Boat_trip_Giftun_island_in_Hurghada-e1551839736620.jpg?fit=1200%2C676&ssl=1\",\"width\":1200,\"height\":676,\"caption\":\"Boat trip Giftun island in Hurghada\"},{\"@type\":\"BreadcrumbList\",\"@id\":\"https:\\\/\\\/landioustravel.com\\\/cs\\\/shop\\\/vylet-ostrov-giftun-hurghada\\\/#breadcrumb\",\"itemListElement\":[{\"@type\":\"ListItem\",\"position\":1,\"name\":\"Home\",\"item\":\"https:\\\/\\\/landioustravel.com\\\/cs\\\/\"},{\"@type\":\"ListItem\",\"position\":2,\"name\":\"Slu\u017eby a v\u00fdlety\",\"item\":\"https:\\\/\\\/landioustravel.com\\\/cs\\\/\"},{\"@type\":\"ListItem\",\"position\":3,\"name\":\"V\u00fdlet na ostrov Giftun v Hurghad\u011b\"}]},{\"@type\":\"WebSite\",\"@id\":\"https:\\\/\\\/landioustravel.com\\\/cs\\\/#website\",\"url\":\"https:\\\/\\\/landioustravel.com\\\/cs\\\/\",\"name\":\"Landious Travel\",\"description\":\"Excursions, trips and cruises in Egypt\",\"publisher\":{\"@id\":\"https:\\\/\\\/landioustravel.com\\\/cs\\\/#organization\"},\"potentialAction\":[{\"@type\":\"SearchAction\",\"target\":{\"@type\":\"EntryPoint\",\"urlTemplate\":\"https:\\\/\\\/landioustravel.com\\\/cs\\\/?s={search_term_string}\"},\"query-input\":{\"@type\":\"PropertyValueSpecification\",\"valueRequired\":true,\"valueName\":\"search_term_string\"}}],\"inLanguage\":\"cs\"},{\"@type\":[\"Organization\",\"Place\"],\"@id\":\"https:\\\/\\\/landioustravel.com\\\/cs\\\/#organization\",\"name\":\"Landious Travel\",\"alternateName\":\"Landious Travel\",\"url\":\"https:\\\/\\\/landioustravel.com\\\/cs\\\/\",\"logo\":{\"@id\":\"https:\\\/\\\/landioustravel.com\\\/cs\\\/shop\\\/vylet-ostrov-giftun-hurghada\\\/#local-main-organization-logo\"},\"image\":{\"@id\":\"https:\\\/\\\/landioustravel.com\\\/cs\\\/shop\\\/vylet-ostrov-giftun-hurghada\\\/#local-main-organization-logo\"},\"sameAs\":[\"https:\\\/\\\/web.facebook.com\\\/landiousEgypt\",\"https:\\\/\\\/x.com\\\/LandiousTours\",\"https:\\\/\\\/mastodon.social\\\/@landious\"],\"legalName\":\"Landious Travel\",\"telephone\":[],\"openingHoursSpecification\":[{\"@type\":\"OpeningHoursSpecification\",\"dayOfWeek\":[\"Monday\",\"Tuesday\",\"Wednesday\",\"Thursday\",\"Friday\",\"Saturday\",\"Sunday\"],\"opens\":\"09:00\",\"closes\":\"17:00\"}]},{\"@type\":\"ImageObject\",\"inLanguage\":\"cs\",\"@id\":\"https:\\\/\\\/landioustravel.com\\\/cs\\\/shop\\\/vylet-ostrov-giftun-hurghada\\\/#local-main-organization-logo\",\"url\":\"https:\\\/\\\/i0.wp.com\\\/landioustravel.com\\\/wp-content\\\/uploads\\\/2021\\\/06\\\/Landious-T.png?fit=500%2C500&ssl=1\",\"contentUrl\":\"https:\\\/\\\/i0.wp.com\\\/landioustravel.com\\\/wp-content\\\/uploads\\\/2021\\\/06\\\/Landious-T.png?fit=500%2C500&ssl=1\",\"width\":500,\"height\":500,\"caption\":\"Landious Travel\"}]}<\/script>\n<!-- \/ Yoast SEO Premium plugin. -->","yoast_head_json":{"title":"V\u00fdlet na ostrov Giftun v Hurghad\u011b","description":"V\u00fdlet na ostrov Giftun v Hurghad\u011b Doporu\u010dujeme v\u00fdlet, proto\u017ee to umo\u017e\u0148uje turist\u016fm m\u00edt dobr\u00fd \u010das u mo\u0159e! V\u00fdlet v\u00e1m d\u00e1v\u00e1 mo\u017enost vid\u011bt kr\u00e1sn\u00e9 kor\u00e1ly a r\u016fzn\u00e9","robots":{"index":"index","follow":"follow","max-snippet":"max-snippet:-1","max-image-preview":"max-image-preview:large","max-video-preview":"max-video-preview:-1"},"canonical":"https:\/\/landioustravel.com\/cs\/shop\/vylet-ostrov-giftun-hurghada\/","og_locale":"cs_CZ","og_type":"article","og_title":"V\u00fdlet na ostrov Giftun v Hurghad\u011b","og_description":"Landious Travel","og_url":"https:\/\/landioustravel.com\/cs\/shop\/vylet-ostrov-giftun-hurghada\/","og_site_name":"Landious Travel","article_publisher":"https:\/\/web.facebook.com\/landiousEgypt","article_modified_time":"2025-10-01T17:20:47+00:00","og_image":[{"width":1200,"height":676,"url":"https:\/\/i0.wp.com\/landioustravel.com\/wp-content\/uploads\/2019\/01\/Boat_trip_Giftun_island_in_Hurghada-e1551839736620.jpg?fit=1200%2C676&ssl=1","type":"image\/jpeg"}],"twitter_card":"summary_large_image","twitter_site":"@LandiousTours","twitter_misc":{"Odhadovan\u00e1 doba \u010dten\u00ed":"2 minuty"},"schema":{"@context":"https:\/\/schema.org","@graph":[{"@type":"WebPage","@id":"https:\/\/landioustravel.com\/cs\/shop\/vylet-ostrov-giftun-hurghada\/","url":"https:\/\/landioustravel.com\/cs\/shop\/vylet-ostrov-giftun-hurghada\/","name":"V\u00fdlet na ostrov Giftun v Hurghad\u011b","isPartOf":{"@id":"https:\/\/landioustravel.com\/cs\/#website"},"primaryImageOfPage":{"@id":"https:\/\/landioustravel.com\/cs\/shop\/vylet-ostrov-giftun-hurghada\/#primaryimage"},"image":{"@id":"https:\/\/landioustravel.com\/cs\/shop\/vylet-ostrov-giftun-hurghada\/#primaryimage"},"thumbnailUrl":"https:\/\/i0.wp.com\/landioustravel.com\/wp-content\/uploads\/2019\/01\/Boat_trip_Giftun_island_in_Hurghada-e1551839736620.jpg?fit=1200%2C676&ssl=1","datePublished":"2019-09-06T13:54:50+00:00","dateModified":"2025-10-01T17:20:47+00:00","description":"V\u00fdlet na ostrov Giftun v Hurghad\u011b Doporu\u010dujeme v\u00fdlet, proto\u017ee to umo\u017e\u0148uje turist\u016fm m\u00edt dobr\u00fd \u010das u mo\u0159e! V\u00fdlet v\u00e1m d\u00e1v\u00e1 mo\u017enost vid\u011bt kr\u00e1sn\u00e9 kor\u00e1ly a r\u016fzn\u00e9","breadcrumb":{"@id":"https:\/\/landioustravel.com\/cs\/shop\/vylet-ostrov-giftun-hurghada\/#breadcrumb"},"inLanguage":"cs","potentialAction":[{"@type":"ReadAction","target":["https:\/\/landioustravel.com\/cs\/shop\/vylet-ostrov-giftun-hurghada\/"]}]},{"@type":"ImageObject","inLanguage":"cs","@id":"https:\/\/landioustravel.com\/cs\/shop\/vylet-ostrov-giftun-hurghada\/#primaryimage","url":"https:\/\/i0.wp.com\/landioustravel.com\/wp-content\/uploads\/2019\/01\/Boat_trip_Giftun_island_in_Hurghada-e1551839736620.jpg?fit=1200%2C676&ssl=1","contentUrl":"https:\/\/i0.wp.com\/landioustravel.com\/wp-content\/uploads\/2019\/01\/Boat_trip_Giftun_island_in_Hurghada-e1551839736620.jpg?fit=1200%2C676&ssl=1","width":1200,"height":676,"caption":"Boat trip Giftun island in Hurghada"},{"@type":"BreadcrumbList","@id":"https:\/\/landioustravel.com\/cs\/shop\/vylet-ostrov-giftun-hurghada\/#breadcrumb","itemListElement":[{"@type":"ListItem","position":1,"name":"Home","item":"https:\/\/landioustravel.com\/cs\/"},{"@type":"ListItem","position":2,"name":"Slu\u017eby a v\u00fdlety","item":"https:\/\/landioustravel.com\/cs\/"},{"@type":"ListItem","position":3,"name":"V\u00fdlet na ostrov Giftun v Hurghad\u011b"}]},{"@type":"WebSite","@id":"https:\/\/landioustravel.com\/cs\/#website","url":"https:\/\/landioustravel.com\/cs\/","name":"Landious Travel","description":"Excursions, trips and cruises in Egypt","publisher":{"@id":"https:\/\/landioustravel.com\/cs\/#organization"},"potentialAction":[{"@type":"SearchAction","target":{"@type":"EntryPoint","urlTemplate":"https:\/\/landioustravel.com\/cs\/?s={search_term_string}"},"query-input":{"@type":"PropertyValueSpecification","valueRequired":true,"valueName":"search_term_string"}}],"inLanguage":"cs"},{"@type":["Organization","Place"],"@id":"https:\/\/landioustravel.com\/cs\/#organization","name":"Landious Travel","alternateName":"Landious Travel","url":"https:\/\/landioustravel.com\/cs\/","logo":{"@id":"https:\/\/landioustravel.com\/cs\/shop\/vylet-ostrov-giftun-hurghada\/#local-main-organization-logo"},"image":{"@id":"https:\/\/landioustravel.com\/cs\/shop\/vylet-ostrov-giftun-hurghada\/#local-main-organization-logo"},"sameAs":["https:\/\/web.facebook.com\/landiousEgypt","https:\/\/x.com\/LandiousTours","https:\/\/mastodon.social\/@landious"],"legalName":"Landious Travel","telephone":[],"openingHoursSpecification":[{"@type":"OpeningHoursSpecification","dayOfWeek":["Monday","Tuesday","Wednesday","Thursday","Friday","Saturday","Sunday"],"opens":"09:00","closes":"17:00"}]},{"@type":"ImageObject","inLanguage":"cs","@id":"https:\/\/landioustravel.com\/cs\/shop\/vylet-ostrov-giftun-hurghada\/#local-main-organization-logo","url":"https:\/\/i0.wp.com\/landioustravel.com\/wp-content\/uploads\/2021\/06\/Landious-T.png?fit=500%2C500&ssl=1","contentUrl":"https:\/\/i0.wp.com\/landioustravel.com\/wp-content\/uploads\/2021\/06\/Landious-T.png?fit=500%2C500&ssl=1","width":500,"height":500,"caption":"Landious Travel"}]}},"jetpack_publicize_connections":[],"uagb_featured_image_src":{"full":["https:\/\/i0.wp.com\/landioustravel.com\/wp-content\/uploads\/2019\/01\/Boat_trip_Giftun_island_in_Hurghada-e1551839736620.jpg?fit=1200%2C676&ssl=1",1200,676,false],"thumbnail":["https:\/\/i0.wp.com\/landioustravel.com\/wp-content\/uploads\/2019\/01\/Boat_trip_Giftun_island_in_Hurghada-e1551839736620.jpg?resize=150%2C150&ssl=1",150,150,true],"medium":["https:\/\/i0.wp.com\/landioustravel.com\/wp-content\/uploads\/2019\/01\/Boat_trip_Giftun_island_in_Hurghada-e1551839736620.jpg?fit=300%2C169&ssl=1",300,169,true],"medium_large":["https:\/\/i0.wp.com\/landioustravel.com\/wp-content\/uploads\/2019\/01\/Boat_trip_Giftun_island_in_Hurghada-e1551839736620.jpg?fit=768%2C433&ssl=1",768,433,true],"large":["https:\/\/i0.wp.com\/landioustravel.com\/wp-content\/uploads\/2019\/01\/Boat_trip_Giftun_island_in_Hurghada-e1551839736620.jpg?fit=980%2C552&ssl=1",980,552,true],"1536x1536":["https:\/\/i0.wp.com\/landioustravel.com\/wp-content\/uploads\/2019\/01\/Boat_trip_Giftun_island_in_Hurghada-e1551839736620.jpg?fit=1200%2C676&ssl=1",1200,676,true],"2048x2048":["https:\/\/i0.wp.com\/landioustravel.com\/wp-content\/uploads\/2019\/01\/Boat_trip_Giftun_island_in_Hurghada-e1551839736620.jpg?fit=1200%2C676&ssl=1",1200,676,true],"newspack-article-block-landscape-large":["https:\/\/i0.wp.com\/landioustravel.com\/wp-content\/uploads\/2019\/01\/Boat_trip_Giftun_island_in_Hurghada-e1551839736620.jpg?resize=1200%2C676&ssl=1",1200,676,true],"newspack-article-block-portrait-large":["https:\/\/i0.wp.com\/landioustravel.com\/wp-content\/uploads\/2019\/01\/Boat_trip_Giftun_island_in_Hurghada-e1551839736620.jpg?resize=900%2C676&ssl=1",900,676,true],"newspack-article-block-square-large":["https:\/\/i0.wp.com\/landioustravel.com\/wp-content\/uploads\/2019\/01\/Boat_trip_Giftun_island_in_Hurghada-e1551839736620.jpg?resize=1200%2C676&ssl=1",1200,676,true],"newspack-article-block-landscape-medium":["https:\/\/i0.wp.com\/landioustravel.com\/wp-content\/uploads\/2019\/01\/Boat_trip_Giftun_island_in_Hurghada-e1551839736620.jpg?resize=800%2C600&ssl=1",800,600,true],"newspack-article-block-portrait-medium":["https:\/\/i0.wp.com\/landioustravel.com\/wp-content\/uploads\/2019\/01\/Boat_trip_Giftun_island_in_Hurghada-e1551839736620.jpg?resize=600%2C676&ssl=1",600,676,true],"newspack-article-block-square-medium":["https:\/\/i0.wp.com\/landioustravel.com\/wp-content\/uploads\/2019\/01\/Boat_trip_Giftun_island_in_Hurghada-e1551839736620.jpg?resize=800%2C676&ssl=1",800,676,true],"newspack-article-block-landscape-intermediate":["https:\/\/i0.wp.com\/landioustravel.com\/wp-content\/uploads\/2019\/01\/Boat_trip_Giftun_island_in_Hurghada-e1551839736620.jpg?resize=600%2C450&ssl=1",600,450,true],"newspack-article-block-portrait-intermediate":["https:\/\/i0.wp.com\/landioustravel.com\/wp-content\/uploads\/2019\/01\/Boat_trip_Giftun_island_in_Hurghada-e1551839736620.jpg?resize=450%2C600&ssl=1",450,600,true],"newspack-article-block-square-intermediate":["https:\/\/i0.wp.com\/landioustravel.com\/wp-content\/uploads\/2019\/01\/Boat_trip_Giftun_island_in_Hurghada-e1551839736620.jpg?resize=600%2C600&ssl=1",600,600,true],"newspack-article-block-landscape-small":["https:\/\/i0.wp.com\/landioustravel.com\/wp-content\/uploads\/2019\/01\/Boat_trip_Giftun_island_in_Hurghada-e1551839736620.jpg?resize=400%2C300&ssl=1",400,300,true],"newspack-article-block-portrait-small":["https:\/\/i0.wp.com\/landioustravel.com\/wp-content\/uploads\/2019\/01\/Boat_trip_Giftun_island_in_Hurghada-e1551839736620.jpg?resize=300%2C400&ssl=1",300,400,true],"newspack-article-block-square-small":["https:\/\/i0.wp.com\/landioustravel.com\/wp-content\/uploads\/2019\/01\/Boat_trip_Giftun_island_in_Hurghada-e1551839736620.jpg?resize=400%2C400&ssl=1",400,400,true],"newspack-article-block-landscape-tiny":["https:\/\/i0.wp.com\/landioustravel.com\/wp-content\/uploads\/2019\/01\/Boat_trip_Giftun_island_in_Hurghada-e1551839736620.jpg?resize=200%2C150&ssl=1",200,150,true],"newspack-article-block-portrait-tiny":["https:\/\/i0.wp.com\/landioustravel.com\/wp-content\/uploads\/2019\/01\/Boat_trip_Giftun_island_in_Hurghada-e1551839736620.jpg?resize=150%2C200&ssl=1",150,200,true],"newspack-article-block-square-tiny":["https:\/\/i0.wp.com\/landioustravel.com\/wp-content\/uploads\/2019\/01\/Boat_trip_Giftun_island_in_Hurghada-e1551839736620.jpg?resize=200%2C200&ssl=1",200,200,true],"newspack-article-block-uncropped":["https:\/\/i0.wp.com\/landioustravel.com\/wp-content\/uploads\/2019\/01\/Boat_trip_Giftun_island_in_Hurghada-e1551839736620.jpg?fit=1200%2C676&ssl=1",1200,676,true],"woocommerce_thumbnail":["https:\/\/i0.wp.com\/landioustravel.com\/wp-content\/uploads\/2019\/01\/Boat_trip_Giftun_island_in_Hurghada-e1551839736620.jpg?resize=324%2C324&ssl=1",324,324,true],"woocommerce_single":["https:\/\/i0.wp.com\/landioustravel.com\/wp-content\/uploads\/2019\/01\/Boat_trip_Giftun_island_in_Hurghada-e1551839736620.jpg?fit=416%2C234&ssl=1",416,234,true],"woocommerce_gallery_thumbnail":["https:\/\/i0.wp.com\/landioustravel.com\/wp-content\/uploads\/2019\/01\/Boat_trip_Giftun_island_in_Hurghada-e1551839736620.jpg?resize=100%2C100&ssl=1",100,100,true]},"uagb_author_info":{"display_name":"Mofreh Landious","author_link":"https:\/\/landioustravel.com\/cs\/author\/"},"uagb_comment_info":7,"uagb_excerpt":"Zaslou\u017e\u00edte si n\u011bjak\u00fd \u010das na odpo\u010dinek a relaxaci a jak to ud\u011blat l\u00e9pe ne\u017e v\u00fdletem na ostrov Giftun v Hurghad\u011b? Kdy\u017e doraz\u00edte na ostrov, p\u0159iv\u00edt\u00e1 v\u00e1s zlat\u00fd p\u00edsek a k\u0159i\u0161\u0165\u00e1lov\u011b \u010dist\u00e1 voda, ide\u00e1ln\u00ed pro koup\u00e1n\u00ed a po\u0159izov\u00e1n\u00ed dechberouc\u00edch fotografi\u00ed. Budete m\u00edt cel\u00fd den na opalov\u00e1n\u00ed a klid na Paradise Island. Aby byl v\u00e1\u0161 den je\u0161t\u011b&hellip;","jetpack_sharing_enabled":true,"jetpack_likes_enabled":true,"amp_enabled":true,"_links":{"self":[{"href":"https:\/\/landioustravel.com\/cs\/wp-json\/wp\/v2\/product\/19144","targetHints":{"allow":["GET"]}}],"collection":[{"href":"https:\/\/landioustravel.com\/cs\/wp-json\/wp\/v2\/product"}],"about":[{"href":"https:\/\/landioustravel.com\/cs\/wp-json\/wp\/v2\/types\/product"}],"replies":[{"embeddable":true,"href":"https:\/\/landioustravel.com\/cs\/wp-json\/wp\/v2\/comments?post=19144"}],"wp:featuredmedia":[{"embeddable":true,"href":"https:\/\/landioustravel.com\/cs\/wp-json\/wp\/v2\/media\/19146"}],"wp:attachment":[{"href":"https:\/\/landioustravel.com\/cs\/wp-json\/wp\/v2\/media?parent=19144"}],"wp:term":[{"taxonomy":"product_brand","embeddable":true,"href":"https:\/\/landioustravel.com\/cs\/wp-json\/wp\/v2\/product_brand?post=19144"},{"taxonomy":"product_cat","embeddable":true,"href":"https:\/\/landioustravel.com\/cs\/wp-json\/wp\/v2\/product_cat?post=19144"},{"taxonomy":"product_tag","embeddable":true,"href":"https:\/\/landioustravel.com\/cs\/wp-json\/wp\/v2\/product_tag?post=19144"}],"curies":[{"name":"wp","href":"https:\/\/api.w.org\/{rel}","templated":true}]}}