{"id":25453,"date":"2020-10-18T10:11:09","date_gmt":"2020-10-25T21:32:33","guid":{"rendered":"https:\/\/landioustravel.com\/?post_type=product&#038;p=25453"},"modified":"2025-10-01T20:16:15","modified_gmt":"2025-10-01T17:16:15","slug":"plavani-delfiny-hurghada","status":"publish","type":"product","link":"https:\/\/landioustravel.com\/cs\/shop\/plavani-delfiny-hurghada\/","title":{"rendered":"Plav\u00e1n\u00ed s delf\u00edny v Hurghad\u011b"},"content":{"rendered":"<p>Obl\u00edben\u00e1 z\u00e1bavn\u00e1 exkurze ke koup\u00e1n\u00ed s p\u0159\u00e1telsk\u00fdmi delf\u00edny v egyptsk\u00e9 <a href=\"https:\/\/landioustravel.com\/cs\/mesto-hurghada\/\">Hurghad\u011b<\/a>! V\u00fdlet doporu\u010dujeme, proto\u017ee umo\u017e\u0148uje turist\u016fm dob\u0159e se koupat s delf\u00edny. Tento z\u00e1\u017eitek z plav\u00e1n\u00ed delf\u00edn\u016f je skv\u011bl\u00fd zp\u016fsob, jak se bl\u00ed\u017ee setkat s t\u011bmito kr\u00e1sn\u00fdmi a mil\u00fdmi tvory. S delf\u00edny se m\u016f\u017eete dotknout, pol\u00edbit, obejmout, plavat, zp\u00edvat a hr\u00e1t si. Jak\u00fd b\u00e1je\u010dn\u00fd z\u00e1\u017eitek b\u00fdt schopen d\u011blat tyto radostn\u00e9 \u010dinnosti! Je to zp\u016fsob, jak se s rodinou pod\u011blit o n\u011bkter\u00e9 \u0161\u0165astn\u00e9 vzpom\u00ednky p\u0159i interakci s t\u011bmito chytr\u00fdmi mo\u0159sk\u00fdmi savci. Samoz\u0159ejm\u011b m\u016f\u017eete celou rodinu doprov\u00e1zet, aby vykon\u00e1vali tuto \u010dinnost a plnili si sny. Je to opravdu jeden z nejlep\u0161\u00edch z\u00e1bavn\u00edch v\u00fdlet\u016f, kter\u00e9 m\u016f\u017eete v Hurghad\u011b podniknout!<\/p>\n<h2>Hlavn\u00ed body programu v\u00fdletu pro plav\u00e1n\u00ed s delf\u00edny<\/h2>\n<ul>\n<li>Plav\u00e1n\u00ed s delf\u00edny v baz\u00e9nu<\/li>\n<li>Fotografie a instrukt\u00e1\u017e DVD<\/li>\n<\/ul>\n<h3>Program plav\u00e1n\u00ed s delf\u00edny v Hurghad\u011b<\/h3>\n<ul>\n<li>Z\u00e1stupce Landious Travel v\u00e1s vyzvedne z hotelu v Hurghad\u011b p\u0159ibli\u017en\u011b v 9:00<\/li>\n<li>Po vyzvednut\u00ed v\u0161ech p\u0159\u00edchoz\u00edch jede autobus do delfin\u00e1riia v Hurghad\u011b. Cesta do delfin\u00e1rium trv\u00e1 p\u0159ibli\u017en\u011b 30 minut<\/li>\n<li>V delfin\u00e1riu budete m\u00edt mo\u017enost p\u0159evl\u00e9knout se a v p\u0159\u00edpad\u011b pot\u0159eby si obl\u00e9knout plavky a z\u00e1chrann\u00e9 vesty<\/li>\n<li>Jedn\u00edm z nejv\u00edce fascinuj\u00edc\u00edch bude, kdy\u017e budete komunikovat s jedn\u00edm z nejp\u0159\u00e1tel\u0161t\u011bj\u0161\u00edch a nejinteligentn\u011bj\u0161\u00edch druh\u016f na sv\u011bt\u011b, s delf\u00edny! Dal\u0161\u00ed hlavn\u00ed zast\u00e1vkou bude plav\u00e1n\u00ed s p\u0159\u00e1telsk\u00fdmi delf\u00edny. Hod\u00ed se v\u0161em v\u011bkov\u00fdm skupin\u00e1m, aby se bavili s t\u011bmito roztomil\u00fdmi tvory ve velk\u00e9m baz\u00e9nu. Pro ka\u017ed\u00e9 dv\u011b osoby budete m\u00edt jednoho delf\u00edna a profesion\u00e1ln\u00edho tren\u00e9ra, kter\u00fd v\u00e1m pom\u016f\u017ee u\u017e\u00edt si tento vzru\u0161uj\u00edc\u00ed z\u00e1\u017eitek. U\u017eijte si sv\u016fj z\u00e1\u017eitek z plav\u00e1n\u00ed s delf\u00edny dotykem, mazlen\u00edm, obj\u00edm\u00e1n\u00edm a l\u00edb\u00e1n\u00edm t\u011bchto rozko\u0161n\u00fdch tvor\u016f v baz\u00e9nu. Nezapome\u0148te se usm\u00edvat do kamery!<\/li>\n<li>V\u00e1\u017ete si tyto nezapomenuteln\u00e9 vzpom\u00ednky na digit\u00e1ln\u00edch fotografi\u00edch plav\u00e1n\u00ed s delf\u00ednem<\/li>\n<li>Jakmile dokon\u010d\u00edte interakci, spust\u00ed se instrukt\u00e1\u017e s obr\u00e1zkem a DVD. Na konci plav\u00e1n\u00ed s delf\u00edny v\u00e1m v\u00e1\u0161 tren\u00e9r nab\u00eddne, abyste si po\u0159\u00eddili n\u011bjak\u00e9 obr\u00e1zky, abyste si tyto kr\u00e1sn\u00e9 okam\u017eiky zapamatovali. Pot\u00e9 v\u00e1m tyto obr\u00e1zky budou nab\u00eddnuty za p\u0159\u00edplatek. Cena se li\u0161\u00ed podle jeho velikosti. Bude to n\u011bco voliteln\u00e9ho m\u00edt to. Instrukt\u00e1\u017e DVD bude trvat 30 minut<\/li>\n<li>Po tak \u00fa\u017easn\u00e9m v\u00fdletu s delf\u00edny odjede v\u00e1\u0161 autobus zp\u011bt do va\u0161ich hotel\u016f. Op\u011bt v\u00e1s doprovod\u00edme do va\u0161ich hotel\u016f<\/li>\n<li>Tato \u201ePlavba s delf\u00edny v Hurghad\u011b\u201c kon\u010d\u00ed p\u0159ibli\u017en\u011b v 16:30<\/li>\n<\/ul>\n<h4>Co je zahrnuto v cen\u011b z\u00e1jezdu<\/h4>\n<ul>\n<li>Profesion\u00e1ln\u00ed tren\u00e9r<\/li>\n<li>Z\u00e1chrann\u00e1 vesta<\/li>\n<li>Tak\u00e9 transfer do delfin\u00e1riia a zp\u011bt do hotelu<\/li>\n<\/ul>\n<h5>Co nen\u00ed zahrnuto v cen\u011b z\u00e1jezdu<\/h5>\n<ul>\n<li>Video DVD<\/li>\n<li>Tak\u00e9 Photo CD<\/li>\n<\/ul>\n<h6>Co si vz\u00edt s sebou na cestu<\/h6>\n<ul>\n<li>Ru\u010dn\u00edk<\/li>\n<li>Tak\u00e9 opalovac\u00ed kr\u00e9m<\/li>\n<li>Extra hotovost<\/li>\n<\/ul>\n<h6>Dny organizace v\u00fdlet\u016f<\/h6>\n<ul>\n<li>Denn\u011b od 09: 00-12: 00<\/li>\n<\/ul>\n","protected":false},"excerpt":{"rendered":"<p>Za\u017eijte radost z plav\u00e1n\u00ed s delf\u00edny zbl\u00edzka v Hurghad\u011b s na\u0161\u00edm \u00fa\u017easn\u00fdm v\u00fdletem. Na\u0161i odborn\u00ed tren\u00e9\u0159i budou dohl\u00ed\u017eet na va\u0161e 5minutov\u00e9 plav\u00e1n\u00ed a daj\u00ed v\u00e1m \u0161anci hr\u00e1t si, dot\u00fdkat se a dokonce i dostat polibek od delf\u00edna. Budete m\u00edt p\u0159\u00edle\u017eitost komunikovat s t\u011bmito kr\u00e1sn\u00fdmi tvory v p\u0159\u00e1telsk\u00e9m a bezpe\u010dn\u00e9m prost\u0159ed\u00ed.<\/p>\n<p>Toto dobrodru\u017estv\u00ed je vhodn\u00e9 pro lidi v\u0161ech v\u011bkov\u00fdch kategori\u00ed, v\u010detn\u011b d\u011bt\u00ed a neplavc\u016f. P\u0159ed z\u00e1\u017eitkem budete instruov\u00e1ni a b\u011bhem sezen\u00ed budete prov\u00e1zeni, co\u017e zajist\u00ed, \u017ee s na\u0161imi p\u0159\u00e1telsk\u00fdmi delf\u00edny za\u017eijete nezapomenuteln\u00fd \u010das.<\/p>\n<p>Zachy\u0165te vzpom\u00ednky profesion\u00e1ln\u00edmi fotografiemi, kter\u00e9 si m\u016f\u017eete po cest\u011b zakoupit. Za p\u0159\u00edplatek si m\u016f\u017eete plav\u00e1n\u00ed prodlou\u017eit o 5 a\u017e 10 minut nebo obdr\u017e\u00edte DVD se z\u00e1\u017eitkem.<\/p>\n<p>N\u00e1\u0161 v\u00fdlet zahrnuje vyzvednut\u00ed a odvoz ve va\u0161em hotelu v Hurghad\u011b, stejn\u011b jako v\u0161echny transfery klimatizovan\u00fdm vozidlem a vstupn\u00e9. Nenechte si uj\u00edt tuto jedine\u010dnou p\u0159\u00edle\u017eitost zaplavat si s delf\u00edny a vytvo\u0159it si nezapomenuteln\u00e9 vzpom\u00ednky.<\/p>\n","protected":false},"featured_media":25789,"comment_status":"open","ping_status":"closed","template":"","meta":{"_coblocks_attr":"","_coblocks_dimensions":"","_coblocks_responsive_height":"","_coblocks_accordion_ie_support":"","_uag_custom_page_level_css":"","jetpack_post_was_ever_published":false,"jetpack_publicize_message":"","jetpack_publicize_feature_enabled":true,"jetpack_social_post_already_shared":true,"jetpack_social_options":{"image_generator_settings":{"template":"highway","default_image_id":0,"font":"","enabled":false},"version":2},"_wpas_customize_per_network":false},"product_brand":[],"product_cat":[16314,16319],"product_tag":[22656,16335,16348,16338,16341],"class_list":{"0":"post-25453","1":"product","2":"type-product","3":"status-publish","4":"has-post-thumbnail","6":"product_cat-vylety-hurghada","7":"product_cat-zabavni-vylety-hurghada","8":"product_tag-delfin","9":"product_tag-delfinariu","10":"product_tag-hurghada-cs","11":"product_tag-vylet","12":"product_tag-vylety-z-hurghady","13":"pa_age-dite","14":"pa_age-dospely","16":"first","17":"instock","18":"sale","19":"taxable","20":"shipping-taxable","21":"purchasable","22":"product-type-variable"},"yoast_head":"<!-- This site is optimized with the Yoast SEO Premium plugin v26.9 (Yoast SEO v27.3) - https:\/\/yoast.com\/product\/yoast-seo-premium-wordpress\/ -->\n<title>Plav\u00e1n\u00ed s delf\u00edny v Hurghad\u011b<\/title>\n<meta name=\"description\" content=\"Plav\u00e1n\u00ed s delf\u00edny v Hurghad\u011b m\u016f\u017eete plavat s delf\u00edny velmi t\u011bsn\u011b v baz\u00e9nu. V\u00fdlet d\u00e1v\u00e1 p\u0159\u00edle\u017eitost dot\u00fdkat se, l\u00edbat a hr\u00e1t si s t\u011bmito mil\u00fdmi tvory\" \/>\n<meta name=\"robots\" content=\"index, follow, max-snippet:-1, max-image-preview:large, max-video-preview:-1\" \/>\n<link rel=\"canonical\" href=\"https:\/\/landioustravel.com\/cs\/shop\/plavani-delfiny-hurghada\/\" \/>\n<meta property=\"og:locale\" content=\"cs_CZ\" \/>\n<meta property=\"og:type\" content=\"article\" \/>\n<meta property=\"og:title\" content=\"Plav\u00e1n\u00ed s delf\u00edny v Hurghad\u011b\" \/>\n<meta property=\"og:description\" content=\"Landious Travel\" \/>\n<meta property=\"og:url\" content=\"https:\/\/landioustravel.com\/cs\/shop\/plavani-delfiny-hurghada\/\" \/>\n<meta property=\"og:site_name\" content=\"Landious Travel\" \/>\n<meta property=\"article:publisher\" content=\"https:\/\/web.facebook.com\/landiousEgypt\" \/>\n<meta property=\"article:modified_time\" content=\"2025-10-01T17:16:15+00:00\" \/>\n<meta property=\"og:image\" content=\"https:\/\/landioustravel.com\/wp-content\/uploads\/2020\/11\/swimming_with_the_dolphins_hurghada-e1617556125615.jpg\" \/>\n\t<meta property=\"og:image:width\" content=\"1200\" \/>\n\t<meta property=\"og:image:height\" content=\"675\" \/>\n\t<meta property=\"og:image:type\" content=\"image\/jpeg\" \/>\n<meta name=\"twitter:card\" content=\"summary_large_image\" \/>\n<meta name=\"twitter:site\" content=\"@LandiousTours\" \/>\n<meta name=\"twitter:label1\" content=\"Odhadovan\u00e1 doba \u010dten\u00ed\" \/>\n\t<meta name=\"twitter:data1\" content=\"2 minuty\" \/>\n<script type=\"application\/ld+json\" class=\"yoast-schema-graph\">{\"@context\":\"https:\\\/\\\/schema.org\",\"@graph\":[{\"@type\":\"WebPage\",\"@id\":\"https:\\\/\\\/landioustravel.com\\\/cs\\\/shop\\\/plavani-delfiny-hurghada\\\/\",\"url\":\"https:\\\/\\\/landioustravel.com\\\/cs\\\/shop\\\/plavani-delfiny-hurghada\\\/\",\"name\":\"Plav\u00e1n\u00ed s delf\u00edny v Hurghad\u011b\",\"isPartOf\":{\"@id\":\"https:\\\/\\\/landioustravel.com\\\/cs\\\/#website\"},\"primaryImageOfPage\":{\"@id\":\"https:\\\/\\\/landioustravel.com\\\/cs\\\/shop\\\/plavani-delfiny-hurghada\\\/#primaryimage\"},\"image\":{\"@id\":\"https:\\\/\\\/landioustravel.com\\\/cs\\\/shop\\\/plavani-delfiny-hurghada\\\/#primaryimage\"},\"thumbnailUrl\":\"https:\\\/\\\/i0.wp.com\\\/landioustravel.com\\\/wp-content\\\/uploads\\\/2020\\\/11\\\/swimming_with_the_dolphins_hurghada-e1617556125615.jpg?fit=1200%2C675&ssl=1\",\"datePublished\":\"2020-10-25T21:32:33+00:00\",\"dateModified\":\"2025-10-01T17:16:15+00:00\",\"description\":\"Plav\u00e1n\u00ed s delf\u00edny v Hurghad\u011b m\u016f\u017eete plavat s delf\u00edny velmi t\u011bsn\u011b v baz\u00e9nu. V\u00fdlet d\u00e1v\u00e1 p\u0159\u00edle\u017eitost dot\u00fdkat se, l\u00edbat a hr\u00e1t si s t\u011bmito mil\u00fdmi tvory\",\"breadcrumb\":{\"@id\":\"https:\\\/\\\/landioustravel.com\\\/cs\\\/shop\\\/plavani-delfiny-hurghada\\\/#breadcrumb\"},\"inLanguage\":\"cs\",\"potentialAction\":[{\"@type\":\"ReadAction\",\"target\":[\"https:\\\/\\\/landioustravel.com\\\/cs\\\/shop\\\/plavani-delfiny-hurghada\\\/\"]}]},{\"@type\":\"ImageObject\",\"inLanguage\":\"cs\",\"@id\":\"https:\\\/\\\/landioustravel.com\\\/cs\\\/shop\\\/plavani-delfiny-hurghada\\\/#primaryimage\",\"url\":\"https:\\\/\\\/i0.wp.com\\\/landioustravel.com\\\/wp-content\\\/uploads\\\/2020\\\/11\\\/swimming_with_the_dolphins_hurghada-e1617556125615.jpg?fit=1200%2C675&ssl=1\",\"contentUrl\":\"https:\\\/\\\/i0.wp.com\\\/landioustravel.com\\\/wp-content\\\/uploads\\\/2020\\\/11\\\/swimming_with_the_dolphins_hurghada-e1617556125615.jpg?fit=1200%2C675&ssl=1\",\"width\":1200,\"height\":675,\"caption\":\"Schwimmen mit Delfinen Reise Hurghada\"},{\"@type\":\"BreadcrumbList\",\"@id\":\"https:\\\/\\\/landioustravel.com\\\/cs\\\/shop\\\/plavani-delfiny-hurghada\\\/#breadcrumb\",\"itemListElement\":[{\"@type\":\"ListItem\",\"position\":1,\"name\":\"Home\",\"item\":\"https:\\\/\\\/landioustravel.com\\\/cs\\\/\"},{\"@type\":\"ListItem\",\"position\":2,\"name\":\"Slu\u017eby a v\u00fdlety\",\"item\":\"https:\\\/\\\/landioustravel.com\\\/cs\\\/\"},{\"@type\":\"ListItem\",\"position\":3,\"name\":\"Plav\u00e1n\u00ed s delf\u00edny v Hurghad\u011b\"}]},{\"@type\":\"WebSite\",\"@id\":\"https:\\\/\\\/landioustravel.com\\\/cs\\\/#website\",\"url\":\"https:\\\/\\\/landioustravel.com\\\/cs\\\/\",\"name\":\"Landious Travel\",\"description\":\"Excursions, trips and cruises in Egypt\",\"publisher\":{\"@id\":\"https:\\\/\\\/landioustravel.com\\\/cs\\\/#organization\"},\"potentialAction\":[{\"@type\":\"SearchAction\",\"target\":{\"@type\":\"EntryPoint\",\"urlTemplate\":\"https:\\\/\\\/landioustravel.com\\\/cs\\\/?s={search_term_string}\"},\"query-input\":{\"@type\":\"PropertyValueSpecification\",\"valueRequired\":true,\"valueName\":\"search_term_string\"}}],\"inLanguage\":\"cs\"},{\"@type\":[\"Organization\",\"Place\"],\"@id\":\"https:\\\/\\\/landioustravel.com\\\/cs\\\/#organization\",\"name\":\"Landious Travel\",\"alternateName\":\"Landious Travel\",\"url\":\"https:\\\/\\\/landioustravel.com\\\/cs\\\/\",\"logo\":{\"@id\":\"https:\\\/\\\/landioustravel.com\\\/cs\\\/shop\\\/plavani-delfiny-hurghada\\\/#local-main-organization-logo\"},\"image\":{\"@id\":\"https:\\\/\\\/landioustravel.com\\\/cs\\\/shop\\\/plavani-delfiny-hurghada\\\/#local-main-organization-logo\"},\"sameAs\":[\"https:\\\/\\\/web.facebook.com\\\/landiousEgypt\",\"https:\\\/\\\/x.com\\\/LandiousTours\",\"https:\\\/\\\/mastodon.social\\\/@landious\"],\"legalName\":\"Landious Travel\",\"telephone\":[],\"openingHoursSpecification\":[{\"@type\":\"OpeningHoursSpecification\",\"dayOfWeek\":[\"Monday\",\"Tuesday\",\"Wednesday\",\"Thursday\",\"Friday\",\"Saturday\",\"Sunday\"],\"opens\":\"09:00\",\"closes\":\"17:00\"}]},{\"@type\":\"ImageObject\",\"inLanguage\":\"cs\",\"@id\":\"https:\\\/\\\/landioustravel.com\\\/cs\\\/shop\\\/plavani-delfiny-hurghada\\\/#local-main-organization-logo\",\"url\":\"https:\\\/\\\/i0.wp.com\\\/landioustravel.com\\\/wp-content\\\/uploads\\\/2021\\\/06\\\/Landious-T.png?fit=500%2C500&ssl=1\",\"contentUrl\":\"https:\\\/\\\/i0.wp.com\\\/landioustravel.com\\\/wp-content\\\/uploads\\\/2021\\\/06\\\/Landious-T.png?fit=500%2C500&ssl=1\",\"width\":500,\"height\":500,\"caption\":\"Landious Travel\"}]}<\/script>\n<!-- \/ Yoast SEO Premium plugin. -->","yoast_head_json":{"title":"Plav\u00e1n\u00ed s delf\u00edny v Hurghad\u011b","description":"Plav\u00e1n\u00ed s delf\u00edny v Hurghad\u011b m\u016f\u017eete plavat s delf\u00edny velmi t\u011bsn\u011b v baz\u00e9nu. V\u00fdlet d\u00e1v\u00e1 p\u0159\u00edle\u017eitost dot\u00fdkat se, l\u00edbat a hr\u00e1t si s t\u011bmito mil\u00fdmi tvory","robots":{"index":"index","follow":"follow","max-snippet":"max-snippet:-1","max-image-preview":"max-image-preview:large","max-video-preview":"max-video-preview:-1"},"canonical":"https:\/\/landioustravel.com\/cs\/shop\/plavani-delfiny-hurghada\/","og_locale":"cs_CZ","og_type":"article","og_title":"Plav\u00e1n\u00ed s delf\u00edny v Hurghad\u011b","og_description":"Landious Travel","og_url":"https:\/\/landioustravel.com\/cs\/shop\/plavani-delfiny-hurghada\/","og_site_name":"Landious Travel","article_publisher":"https:\/\/web.facebook.com\/landiousEgypt","article_modified_time":"2025-10-01T17:16:15+00:00","og_image":[{"width":1200,"height":675,"url":"https:\/\/landioustravel.com\/wp-content\/uploads\/2020\/11\/swimming_with_the_dolphins_hurghada-e1617556125615.jpg","type":"image\/jpeg"}],"twitter_card":"summary_large_image","twitter_site":"@LandiousTours","twitter_misc":{"Odhadovan\u00e1 doba \u010dten\u00ed":"2 minuty"},"schema":{"@context":"https:\/\/schema.org","@graph":[{"@type":"WebPage","@id":"https:\/\/landioustravel.com\/cs\/shop\/plavani-delfiny-hurghada\/","url":"https:\/\/landioustravel.com\/cs\/shop\/plavani-delfiny-hurghada\/","name":"Plav\u00e1n\u00ed s delf\u00edny v Hurghad\u011b","isPartOf":{"@id":"https:\/\/landioustravel.com\/cs\/#website"},"primaryImageOfPage":{"@id":"https:\/\/landioustravel.com\/cs\/shop\/plavani-delfiny-hurghada\/#primaryimage"},"image":{"@id":"https:\/\/landioustravel.com\/cs\/shop\/plavani-delfiny-hurghada\/#primaryimage"},"thumbnailUrl":"https:\/\/i0.wp.com\/landioustravel.com\/wp-content\/uploads\/2020\/11\/swimming_with_the_dolphins_hurghada-e1617556125615.jpg?fit=1200%2C675&ssl=1","datePublished":"2020-10-25T21:32:33+00:00","dateModified":"2025-10-01T17:16:15+00:00","description":"Plav\u00e1n\u00ed s delf\u00edny v Hurghad\u011b m\u016f\u017eete plavat s delf\u00edny velmi t\u011bsn\u011b v baz\u00e9nu. V\u00fdlet d\u00e1v\u00e1 p\u0159\u00edle\u017eitost dot\u00fdkat se, l\u00edbat a hr\u00e1t si s t\u011bmito mil\u00fdmi tvory","breadcrumb":{"@id":"https:\/\/landioustravel.com\/cs\/shop\/plavani-delfiny-hurghada\/#breadcrumb"},"inLanguage":"cs","potentialAction":[{"@type":"ReadAction","target":["https:\/\/landioustravel.com\/cs\/shop\/plavani-delfiny-hurghada\/"]}]},{"@type":"ImageObject","inLanguage":"cs","@id":"https:\/\/landioustravel.com\/cs\/shop\/plavani-delfiny-hurghada\/#primaryimage","url":"https:\/\/i0.wp.com\/landioustravel.com\/wp-content\/uploads\/2020\/11\/swimming_with_the_dolphins_hurghada-e1617556125615.jpg?fit=1200%2C675&ssl=1","contentUrl":"https:\/\/i0.wp.com\/landioustravel.com\/wp-content\/uploads\/2020\/11\/swimming_with_the_dolphins_hurghada-e1617556125615.jpg?fit=1200%2C675&ssl=1","width":1200,"height":675,"caption":"Schwimmen mit Delfinen Reise Hurghada"},{"@type":"BreadcrumbList","@id":"https:\/\/landioustravel.com\/cs\/shop\/plavani-delfiny-hurghada\/#breadcrumb","itemListElement":[{"@type":"ListItem","position":1,"name":"Home","item":"https:\/\/landioustravel.com\/cs\/"},{"@type":"ListItem","position":2,"name":"Slu\u017eby a v\u00fdlety","item":"https:\/\/landioustravel.com\/cs\/"},{"@type":"ListItem","position":3,"name":"Plav\u00e1n\u00ed s delf\u00edny v Hurghad\u011b"}]},{"@type":"WebSite","@id":"https:\/\/landioustravel.com\/cs\/#website","url":"https:\/\/landioustravel.com\/cs\/","name":"Landious Travel","description":"Excursions, trips and cruises in Egypt","publisher":{"@id":"https:\/\/landioustravel.com\/cs\/#organization"},"potentialAction":[{"@type":"SearchAction","target":{"@type":"EntryPoint","urlTemplate":"https:\/\/landioustravel.com\/cs\/?s={search_term_string}"},"query-input":{"@type":"PropertyValueSpecification","valueRequired":true,"valueName":"search_term_string"}}],"inLanguage":"cs"},{"@type":["Organization","Place"],"@id":"https:\/\/landioustravel.com\/cs\/#organization","name":"Landious Travel","alternateName":"Landious Travel","url":"https:\/\/landioustravel.com\/cs\/","logo":{"@id":"https:\/\/landioustravel.com\/cs\/shop\/plavani-delfiny-hurghada\/#local-main-organization-logo"},"image":{"@id":"https:\/\/landioustravel.com\/cs\/shop\/plavani-delfiny-hurghada\/#local-main-organization-logo"},"sameAs":["https:\/\/web.facebook.com\/landiousEgypt","https:\/\/x.com\/LandiousTours","https:\/\/mastodon.social\/@landious"],"legalName":"Landious Travel","telephone":[],"openingHoursSpecification":[{"@type":"OpeningHoursSpecification","dayOfWeek":["Monday","Tuesday","Wednesday","Thursday","Friday","Saturday","Sunday"],"opens":"09:00","closes":"17:00"}]},{"@type":"ImageObject","inLanguage":"cs","@id":"https:\/\/landioustravel.com\/cs\/shop\/plavani-delfiny-hurghada\/#local-main-organization-logo","url":"https:\/\/i0.wp.com\/landioustravel.com\/wp-content\/uploads\/2021\/06\/Landious-T.png?fit=500%2C500&ssl=1","contentUrl":"https:\/\/i0.wp.com\/landioustravel.com\/wp-content\/uploads\/2021\/06\/Landious-T.png?fit=500%2C500&ssl=1","width":500,"height":500,"caption":"Landious Travel"}]}},"jetpack_publicize_connections":[],"uagb_featured_image_src":{"full":["https:\/\/i0.wp.com\/landioustravel.com\/wp-content\/uploads\/2020\/11\/swimming_with_the_dolphins_hurghada-e1617556125615.jpg?fit=1200%2C675&ssl=1",1200,675,false],"thumbnail":["https:\/\/i0.wp.com\/landioustravel.com\/wp-content\/uploads\/2020\/11\/swimming_with_the_dolphins_hurghada-e1617556125615.jpg?resize=150%2C150&ssl=1",150,150,true],"medium":["https:\/\/i0.wp.com\/landioustravel.com\/wp-content\/uploads\/2020\/11\/swimming_with_the_dolphins_hurghada-e1617556125615.jpg?fit=300%2C199&ssl=1",300,199,true],"medium_large":["https:\/\/i0.wp.com\/landioustravel.com\/wp-content\/uploads\/2020\/11\/swimming_with_the_dolphins_hurghada-e1617556125615.jpg?fit=768%2C510&ssl=1",768,510,true],"large":["https:\/\/i0.wp.com\/landioustravel.com\/wp-content\/uploads\/2020\/11\/swimming_with_the_dolphins_hurghada-e1617556125615.jpg?fit=980%2C651&ssl=1",980,651,true],"1536x1536":["https:\/\/i0.wp.com\/landioustravel.com\/wp-content\/uploads\/2020\/11\/swimming_with_the_dolphins_hurghada-e1617556125615.jpg?fit=1536%2C1020&ssl=1",1536,1020,true],"2048x2048":["https:\/\/i0.wp.com\/landioustravel.com\/wp-content\/uploads\/2020\/11\/swimming_with_the_dolphins_hurghada-e1617556125615.jpg?fit=2048%2C1360&ssl=1",2048,1360,true],"newspack-article-block-landscape-large":["https:\/\/i0.wp.com\/landioustravel.com\/wp-content\/uploads\/2020\/11\/swimming_with_the_dolphins_hurghada-e1617556125615.jpg?resize=1200%2C675&ssl=1",1200,900,true],"newspack-article-block-portrait-large":["https:\/\/i0.wp.com\/landioustravel.com\/wp-content\/uploads\/2020\/11\/swimming_with_the_dolphins_hurghada-e1617556125615.jpg?resize=900%2C675&ssl=1",900,797,true],"newspack-article-block-square-large":["https:\/\/i0.wp.com\/landioustravel.com\/wp-content\/uploads\/2020\/11\/swimming_with_the_dolphins_hurghada-e1617556125615.jpg?resize=1200%2C675&ssl=1",1200,1200,true],"newspack-article-block-landscape-medium":["https:\/\/i0.wp.com\/landioustravel.com\/wp-content\/uploads\/2020\/11\/swimming_with_the_dolphins_hurghada-e1617556125615.jpg?resize=800%2C600&ssl=1",800,600,true],"newspack-article-block-portrait-medium":["https:\/\/i0.wp.com\/landioustravel.com\/wp-content\/uploads\/2020\/11\/swimming_with_the_dolphins_hurghada-e1617556125615.jpg?resize=600%2C675&ssl=1",600,797,true],"newspack-article-block-square-medium":["https:\/\/i0.wp.com\/landioustravel.com\/wp-content\/uploads\/2020\/11\/swimming_with_the_dolphins_hurghada-e1617556125615.jpg?resize=800%2C675&ssl=1",800,797,true],"newspack-article-block-landscape-intermediate":["https:\/\/i0.wp.com\/landioustravel.com\/wp-content\/uploads\/2020\/11\/swimming_with_the_dolphins_hurghada-e1617556125615.jpg?resize=600%2C450&ssl=1",600,450,true],"newspack-article-block-portrait-intermediate":["https:\/\/i0.wp.com\/landioustravel.com\/wp-content\/uploads\/2020\/11\/swimming_with_the_dolphins_hurghada-e1617556125615.jpg?resize=450%2C600&ssl=1",450,600,true],"newspack-article-block-square-intermediate":["https:\/\/i0.wp.com\/landioustravel.com\/wp-content\/uploads\/2020\/11\/swimming_with_the_dolphins_hurghada-e1617556125615.jpg?resize=600%2C600&ssl=1",600,600,true],"newspack-article-block-landscape-small":["https:\/\/i0.wp.com\/landioustravel.com\/wp-content\/uploads\/2020\/11\/swimming_with_the_dolphins_hurghada-e1617556125615.jpg?resize=400%2C300&ssl=1",400,300,true],"newspack-article-block-portrait-small":["https:\/\/i0.wp.com\/landioustravel.com\/wp-content\/uploads\/2020\/11\/swimming_with_the_dolphins_hurghada-e1617556125615.jpg?resize=300%2C400&ssl=1",300,400,true],"newspack-article-block-square-small":["https:\/\/i0.wp.com\/landioustravel.com\/wp-content\/uploads\/2020\/11\/swimming_with_the_dolphins_hurghada-e1617556125615.jpg?resize=400%2C400&ssl=1",400,400,true],"newspack-article-block-landscape-tiny":["https:\/\/i0.wp.com\/landioustravel.com\/wp-content\/uploads\/2020\/11\/swimming_with_the_dolphins_hurghada-e1617556125615.jpg?resize=200%2C150&ssl=1",200,150,true],"newspack-article-block-portrait-tiny":["https:\/\/i0.wp.com\/landioustravel.com\/wp-content\/uploads\/2020\/11\/swimming_with_the_dolphins_hurghada-e1617556125615.jpg?resize=150%2C200&ssl=1",150,200,true],"newspack-article-block-square-tiny":["https:\/\/i0.wp.com\/landioustravel.com\/wp-content\/uploads\/2020\/11\/swimming_with_the_dolphins_hurghada-e1617556125615.jpg?resize=200%2C200&ssl=1",200,200,true],"newspack-article-block-uncropped":["https:\/\/i0.wp.com\/landioustravel.com\/wp-content\/uploads\/2020\/11\/swimming_with_the_dolphins_hurghada-e1617556125615.jpg?fit=1200%2C797&ssl=1",1200,797,true],"woocommerce_thumbnail":["https:\/\/i0.wp.com\/landioustravel.com\/wp-content\/uploads\/2020\/11\/swimming_with_the_dolphins_hurghada-e1617556125615.jpg?resize=324%2C324&ssl=1",324,324,true],"woocommerce_single":["https:\/\/i0.wp.com\/landioustravel.com\/wp-content\/uploads\/2020\/11\/swimming_with_the_dolphins_hurghada-e1617556125615.jpg?fit=416%2C234&ssl=1",416,234,true],"woocommerce_gallery_thumbnail":["https:\/\/i0.wp.com\/landioustravel.com\/wp-content\/uploads\/2020\/11\/swimming_with_the_dolphins_hurghada-e1617556125615.jpg?resize=100%2C100&ssl=1",100,100,true]},"uagb_author_info":{"display_name":"Mofreh Landious","author_link":"https:\/\/landioustravel.com\/cs\/author\/"},"uagb_comment_info":3,"uagb_excerpt":"Za\u017eijte radost z plav\u00e1n\u00ed s delf\u00edny zbl\u00edzka v Hurghad\u011b s na\u0161\u00edm \u00fa\u017easn\u00fdm v\u00fdletem. Na\u0161i odborn\u00ed tren\u00e9\u0159i budou dohl\u00ed\u017eet na va\u0161e 5minutov\u00e9 plav\u00e1n\u00ed a daj\u00ed v\u00e1m \u0161anci hr\u00e1t si, dot\u00fdkat se a dokonce i dostat polibek od delf\u00edna. Budete m\u00edt p\u0159\u00edle\u017eitost komunikovat s t\u011bmito kr\u00e1sn\u00fdmi tvory v p\u0159\u00e1telsk\u00e9m a bezpe\u010dn\u00e9m prost\u0159ed\u00ed. Toto dobrodru\u017estv\u00ed je vhodn\u00e9 pro&hellip;","jetpack_sharing_enabled":true,"jetpack_likes_enabled":true,"amp_enabled":true,"_links":{"self":[{"href":"https:\/\/landioustravel.com\/cs\/wp-json\/wp\/v2\/product\/25453","targetHints":{"allow":["GET"]}}],"collection":[{"href":"https:\/\/landioustravel.com\/cs\/wp-json\/wp\/v2\/product"}],"about":[{"href":"https:\/\/landioustravel.com\/cs\/wp-json\/wp\/v2\/types\/product"}],"replies":[{"embeddable":true,"href":"https:\/\/landioustravel.com\/cs\/wp-json\/wp\/v2\/comments?post=25453"}],"wp:featuredmedia":[{"embeddable":true,"href":"https:\/\/landioustravel.com\/cs\/wp-json\/wp\/v2\/media\/25789"}],"wp:attachment":[{"href":"https:\/\/landioustravel.com\/cs\/wp-json\/wp\/v2\/media?parent=25453"}],"wp:term":[{"taxonomy":"product_brand","embeddable":true,"href":"https:\/\/landioustravel.com\/cs\/wp-json\/wp\/v2\/product_brand?post=25453"},{"taxonomy":"product_cat","embeddable":true,"href":"https:\/\/landioustravel.com\/cs\/wp-json\/wp\/v2\/product_cat?post=25453"},{"taxonomy":"product_tag","embeddable":true,"href":"https:\/\/landioustravel.com\/cs\/wp-json\/wp\/v2\/product_tag?post=25453"}],"curies":[{"name":"wp","href":"https:\/\/api.w.org\/{rel}","templated":true}]}}