{"id":1296,"date":"2019-01-19T02:08:39","date_gmt":"2019-01-19T00:08:39","guid":{"rendered":"https:\/\/landioustravel.com\/kontakte\/"},"modified":"2023-04-24T00:28:59","modified_gmt":"2023-04-23T22:28:59","slug":"kontakte","status":"publish","type":"page","link":"https:\/\/landioustravel.com\/de\/kontakte\/","title":{"rendered":"Kontakte"},"content":{"rendered":"\n<p>In dieser Rubrik stellen wir Ihnen unsere Kontakte zur Verf\u00fcgung und zeigen Ihnen, wie Sie uns am besten erreichen. Generell gibt es zwei Kan\u00e4le, um mit uns in Kontakt zu treten. Landious Travel hat einen physischen Standort sowie eine Online-Pr\u00e4senz. Weiter unten informieren wir Sie \u00fcber diese beiden Kan\u00e4le:<\/p>\n\n\n\n<ul class=\"wp-block-list\">\n<li>Physischer Standort.<\/li>\n\n\n\n<li>Auch Online-Pr\u00e4senz.<\/li>\n<\/ul>\n\n\n\n<h2 class=\"wp-block-heading\" id=\"h-physischer-standort-und-adresse\">Physischer Standort und Adresse<\/h2>\n\n\n\n<p>Landious Travel hat einen physischen Standort in <a href=\"https:\/\/landioustravel.com\/de\/hurghada-stadt\/\">Hurghada<\/a> und mehreren <a href=\"https:\/\/landioustravel.com\/de\/agypten\/aegyptische-staedte\/\">\u00e4gyptischen St\u00e4dten<\/a>. Wir empfehlen Ihnen jedoch dringend, uns \u00fcber unsere Website oder das bereitgestellte Mobiltelefon zu kontaktieren. Sie k\u00f6nnen uns auch \u00fcber unsere Social-Media-Seiten erreichen. Bitte beachten Sie, dass wir einen Vertreter zur Verf\u00fcgung stellen, der Sie in Ihrem Hotel abholt, wenn dies dringend erforderlich ist.<\/p>\n\n\n\n<h3 class=\"wp-block-heading\" id=\"h-adresse-in-hurghada\">Adresse in Hurghada<\/h3>\n\n\n\n<p>\u00c4gypten, Hurghada, Sheraton Road, El Sentral St.,<\/p>\n\n\n\n<h3 class=\"wp-block-heading\" id=\"h-online-prasenz\">Online-Pr\u00e4senz<\/h3>\n\n\n\n<p>Das Team von Landious Travel nimmt gerne Ihre Buchungen \u00fcber diese Website entgegen. Wir empfehlen Ihnen dringend, Ihren Service (Reise, Ausflug oder Tour) \u00fcber unsere Website zu buchen, indem Sie das Produkt in den Warenkorb legen und den Bestellvorgang fortsetzen. Sie k\u00f6nnen uns auch \u00fcber unsere Handynummer \/ WhatsApp \/ Viber kontaktieren. Au\u00dferdem sind wir in den sozialen Medien pr\u00e4sent: Facebook, Google My Business und Twitter. Nat\u00fcrlich kannst du dir einen dieser Social Media Kan\u00e4le zu uns holen.<\/p>\n\n\n\n<h2 class=\"wp-block-heading\" id=\"h-buchung-und-informationen\">Buchung und Informationen<\/h2>\n\n\n\n<ul class=\"wp-block-list\">\n<li>Handy: +2 01019611266<\/li>\n\n\n\n<li>mofreh78eg@gmail.com<\/li>\n<\/ul>\n\n\n\n<h2 class=\"wp-block-heading\" id=\"h-gesprachspartner\">Gespr\u00e4chspartner<\/h2>\n\n\n\n<ul class=\"wp-block-list\">\n<li>Regie: Mofreh Landious<\/li>\n\n\n\n<li>Verkaufsleiter: Taysseer Zakhary<\/li>\n<\/ul>\n","protected":false},"excerpt":{"rendered":"<p>Landious Travel &#8211; \u00c4gypten, Hurghada, Sheraton Street, gegen\u00fcber dem Hotel Seagull, mofreh78eg@gmail.com, +2 01019611266, +2 01123012284<\/p>\n","protected":false},"author":1,"featured_media":97955,"parent":0,"menu_order":2,"comment_status":"open","ping_status":"closed","template":"","meta":{"_coblocks_attr":"","_coblocks_dimensions":"","_coblocks_responsive_height":"","_coblocks_accordion_ie_support":"","_uag_custom_page_level_css":"","footnotes":""},"class_list":["post-1296","page","type-page","status-publish","has-post-thumbnail","hentry"],"yoast_head":"<!-- This site is optimized with the Yoast SEO Premium plugin v27.5 (Yoast SEO v27.5) - https:\/\/yoast.com\/product\/yoast-seo-premium-wordpress\/ -->\n<title>Kontakte - Buchung und Informationen - Landious Travel<\/title>\n<meta name=\"description\" content=\"Kontakte Landious Travel hat einen physischen Standort in Hurghada und mehreren \u00e4gyptischen St\u00e4dten. Wir empfehlen Ihnen jedoch dringend, uns\" \/>\n<meta name=\"robots\" content=\"index, follow, max-snippet:-1, max-image-preview:large, max-video-preview:-1\" \/>\n<link rel=\"canonical\" href=\"https:\/\/landioustravel.com\/de\/kontakte\/\" \/>\n<meta property=\"og:locale\" content=\"de_DE\" \/>\n<meta property=\"og:type\" content=\"article\" \/>\n<meta property=\"og:title\" content=\"Kontakte\" \/>\n<meta property=\"og:description\" content=\"Kontakte Landious Travel hat einen physischen Standort in Hurghada und mehreren \u00e4gyptischen St\u00e4dten. Wir empfehlen Ihnen jedoch dringend, uns\" \/>\n<meta property=\"og:url\" content=\"https:\/\/landioustravel.com\/de\/kontakte\/\" \/>\n<meta property=\"og:site_name\" content=\"Landious Travel\" \/>\n<meta property=\"article:publisher\" content=\"https:\/\/web.facebook.com\/landiousEgypt\" \/>\n<meta property=\"article:modified_time\" content=\"2023-04-23T22:28:59+00:00\" \/>\n<meta property=\"og:image\" content=\"https:\/\/i0.wp.com\/landioustravel.com\/wp-content\/uploads\/2022\/08\/Contact-Us-e1660041495590.png?fit=1200%2C435&ssl=1\" \/>\n\t<meta property=\"og:image:width\" content=\"1200\" \/>\n\t<meta property=\"og:image:height\" content=\"435\" \/>\n\t<meta property=\"og:image:type\" content=\"image\/png\" \/>\n<meta name=\"twitter:card\" content=\"summary_large_image\" \/>\n<meta name=\"twitter:site\" content=\"@LandiousTours\" \/>\n<meta name=\"twitter:label1\" content=\"Gesch\u00e4tzte Lesezeit\" \/>\n\t<meta name=\"twitter:data1\" content=\"2\u00a0Minuten\" \/>\n<script type=\"application\/ld+json\" class=\"yoast-schema-graph\">{\"@context\":\"https:\\\/\\\/schema.org\",\"@graph\":[{\"@type\":\"WebPage\",\"@id\":\"https:\\\/\\\/landioustravel.com\\\/de\\\/kontakte\\\/\",\"url\":\"https:\\\/\\\/landioustravel.com\\\/de\\\/kontakte\\\/\",\"name\":\"Kontakte - Buchung und Informationen - Landious Travel\",\"isPartOf\":{\"@id\":\"https:\\\/\\\/landioustravel.com\\\/de\\\/#website\"},\"primaryImageOfPage\":{\"@id\":\"https:\\\/\\\/landioustravel.com\\\/de\\\/kontakte\\\/#primaryimage\"},\"image\":{\"@id\":\"https:\\\/\\\/landioustravel.com\\\/de\\\/kontakte\\\/#primaryimage\"},\"thumbnailUrl\":\"https:\\\/\\\/i0.wp.com\\\/landioustravel.com\\\/wp-content\\\/uploads\\\/2022\\\/08\\\/Contact-Us-e1660041495590.png?fit=1200%2C435&ssl=1\",\"datePublished\":\"2019-01-19T00:08:39+00:00\",\"dateModified\":\"2023-04-23T22:28:59+00:00\",\"description\":\"Kontakte Landious Travel hat einen physischen Standort in Hurghada und mehreren \u00e4gyptischen St\u00e4dten. Wir empfehlen Ihnen jedoch dringend, uns\",\"breadcrumb\":{\"@id\":\"https:\\\/\\\/landioustravel.com\\\/de\\\/kontakte\\\/#breadcrumb\"},\"inLanguage\":\"de\",\"potentialAction\":[{\"@type\":\"ReadAction\",\"target\":[\"https:\\\/\\\/landioustravel.com\\\/de\\\/kontakte\\\/\"]}]},{\"@type\":\"ImageObject\",\"inLanguage\":\"de\",\"@id\":\"https:\\\/\\\/landioustravel.com\\\/de\\\/kontakte\\\/#primaryimage\",\"url\":\"https:\\\/\\\/i0.wp.com\\\/landioustravel.com\\\/wp-content\\\/uploads\\\/2022\\\/08\\\/Contact-Us-e1660041495590.png?fit=1200%2C435&ssl=1\",\"contentUrl\":\"https:\\\/\\\/i0.wp.com\\\/landioustravel.com\\\/wp-content\\\/uploads\\\/2022\\\/08\\\/Contact-Us-e1660041495590.png?fit=1200%2C435&ssl=1\",\"width\":1200,\"height\":435,\"caption\":\"Contacts\"},{\"@type\":\"BreadcrumbList\",\"@id\":\"https:\\\/\\\/landioustravel.com\\\/de\\\/kontakte\\\/#breadcrumb\",\"itemListElement\":[{\"@type\":\"ListItem\",\"position\":1,\"name\":\"Home\",\"item\":\"https:\\\/\\\/landioustravel.com\\\/de\\\/\"},{\"@type\":\"ListItem\",\"position\":2,\"name\":\"Kontakte\"}]},{\"@type\":\"WebSite\",\"@id\":\"https:\\\/\\\/landioustravel.com\\\/de\\\/#website\",\"url\":\"https:\\\/\\\/landioustravel.com\\\/de\\\/\",\"name\":\"Landious Travel\",\"description\":\"Excursions, trips and cruises in Egypt\",\"publisher\":{\"@id\":\"https:\\\/\\\/landioustravel.com\\\/de\\\/#organization\"},\"potentialAction\":[{\"@type\":\"SearchAction\",\"target\":{\"@type\":\"EntryPoint\",\"urlTemplate\":\"https:\\\/\\\/landioustravel.com\\\/de\\\/?s={search_term_string}\"},\"query-input\":{\"@type\":\"PropertyValueSpecification\",\"valueRequired\":true,\"valueName\":\"search_term_string\"}}],\"inLanguage\":\"de\"},{\"@type\":[\"Organization\",\"Place\"],\"@id\":\"https:\\\/\\\/landioustravel.com\\\/de\\\/#organization\",\"name\":\"Landious Travel\",\"alternateName\":\"Landious Travel\",\"url\":\"https:\\\/\\\/landioustravel.com\\\/de\\\/\",\"logo\":{\"@id\":\"https:\\\/\\\/landioustravel.com\\\/de\\\/kontakte\\\/#local-main-organization-logo\"},\"image\":{\"@id\":\"https:\\\/\\\/landioustravel.com\\\/de\\\/kontakte\\\/#local-main-organization-logo\"},\"sameAs\":[\"https:\\\/\\\/web.facebook.com\\\/landiousEgypt\",\"https:\\\/\\\/x.com\\\/LandiousTours\",\"https:\\\/\\\/mastodon.social\\\/@landious\"],\"legalName\":\"Landious Travel\",\"telephone\":[],\"openingHoursSpecification\":[{\"@type\":\"OpeningHoursSpecification\",\"dayOfWeek\":[\"Monday\",\"Tuesday\",\"Wednesday\",\"Thursday\",\"Friday\",\"Saturday\",\"Sunday\"],\"opens\":\"09:00\",\"closes\":\"17:00\"}]},{\"@type\":\"ImageObject\",\"inLanguage\":\"de\",\"@id\":\"https:\\\/\\\/landioustravel.com\\\/de\\\/kontakte\\\/#local-main-organization-logo\",\"url\":\"https:\\\/\\\/i0.wp.com\\\/landioustravel.com\\\/wp-content\\\/uploads\\\/2021\\\/06\\\/Landious-T.png?fit=500%2C500&ssl=1\",\"contentUrl\":\"https:\\\/\\\/i0.wp.com\\\/landioustravel.com\\\/wp-content\\\/uploads\\\/2021\\\/06\\\/Landious-T.png?fit=500%2C500&ssl=1\",\"width\":500,\"height\":500,\"caption\":\"Landious Travel\"}]}<\/script>\n<!-- \/ Yoast SEO Premium plugin. -->","yoast_head_json":{"title":"Kontakte - Buchung und Informationen - Landious Travel","description":"Kontakte Landious Travel hat einen physischen Standort in Hurghada und mehreren \u00e4gyptischen St\u00e4dten. Wir empfehlen Ihnen jedoch dringend, uns","robots":{"index":"index","follow":"follow","max-snippet":"max-snippet:-1","max-image-preview":"max-image-preview:large","max-video-preview":"max-video-preview:-1"},"canonical":"https:\/\/landioustravel.com\/de\/kontakte\/","og_locale":"de_DE","og_type":"article","og_title":"Kontakte","og_description":"Kontakte Landious Travel hat einen physischen Standort in Hurghada und mehreren \u00e4gyptischen St\u00e4dten. Wir empfehlen Ihnen jedoch dringend, uns","og_url":"https:\/\/landioustravel.com\/de\/kontakte\/","og_site_name":"Landious Travel","article_publisher":"https:\/\/web.facebook.com\/landiousEgypt","article_modified_time":"2023-04-23T22:28:59+00:00","og_image":[{"width":1200,"height":435,"url":"https:\/\/i0.wp.com\/landioustravel.com\/wp-content\/uploads\/2022\/08\/Contact-Us-e1660041495590.png?fit=1200%2C435&ssl=1","type":"image\/png"}],"twitter_card":"summary_large_image","twitter_site":"@LandiousTours","twitter_misc":{"Gesch\u00e4tzte Lesezeit":"2\u00a0Minuten"},"schema":{"@context":"https:\/\/schema.org","@graph":[{"@type":"WebPage","@id":"https:\/\/landioustravel.com\/de\/kontakte\/","url":"https:\/\/landioustravel.com\/de\/kontakte\/","name":"Kontakte - Buchung und Informationen - Landious Travel","isPartOf":{"@id":"https:\/\/landioustravel.com\/de\/#website"},"primaryImageOfPage":{"@id":"https:\/\/landioustravel.com\/de\/kontakte\/#primaryimage"},"image":{"@id":"https:\/\/landioustravel.com\/de\/kontakte\/#primaryimage"},"thumbnailUrl":"https:\/\/i0.wp.com\/landioustravel.com\/wp-content\/uploads\/2022\/08\/Contact-Us-e1660041495590.png?fit=1200%2C435&ssl=1","datePublished":"2019-01-19T00:08:39+00:00","dateModified":"2023-04-23T22:28:59+00:00","description":"Kontakte Landious Travel hat einen physischen Standort in Hurghada und mehreren \u00e4gyptischen St\u00e4dten. Wir empfehlen Ihnen jedoch dringend, uns","breadcrumb":{"@id":"https:\/\/landioustravel.com\/de\/kontakte\/#breadcrumb"},"inLanguage":"de","potentialAction":[{"@type":"ReadAction","target":["https:\/\/landioustravel.com\/de\/kontakte\/"]}]},{"@type":"ImageObject","inLanguage":"de","@id":"https:\/\/landioustravel.com\/de\/kontakte\/#primaryimage","url":"https:\/\/i0.wp.com\/landioustravel.com\/wp-content\/uploads\/2022\/08\/Contact-Us-e1660041495590.png?fit=1200%2C435&ssl=1","contentUrl":"https:\/\/i0.wp.com\/landioustravel.com\/wp-content\/uploads\/2022\/08\/Contact-Us-e1660041495590.png?fit=1200%2C435&ssl=1","width":1200,"height":435,"caption":"Contacts"},{"@type":"BreadcrumbList","@id":"https:\/\/landioustravel.com\/de\/kontakte\/#breadcrumb","itemListElement":[{"@type":"ListItem","position":1,"name":"Home","item":"https:\/\/landioustravel.com\/de\/"},{"@type":"ListItem","position":2,"name":"Kontakte"}]},{"@type":"WebSite","@id":"https:\/\/landioustravel.com\/de\/#website","url":"https:\/\/landioustravel.com\/de\/","name":"Landious Travel","description":"Excursions, trips and cruises in Egypt","publisher":{"@id":"https:\/\/landioustravel.com\/de\/#organization"},"potentialAction":[{"@type":"SearchAction","target":{"@type":"EntryPoint","urlTemplate":"https:\/\/landioustravel.com\/de\/?s={search_term_string}"},"query-input":{"@type":"PropertyValueSpecification","valueRequired":true,"valueName":"search_term_string"}}],"inLanguage":"de"},{"@type":["Organization","Place"],"@id":"https:\/\/landioustravel.com\/de\/#organization","name":"Landious Travel","alternateName":"Landious Travel","url":"https:\/\/landioustravel.com\/de\/","logo":{"@id":"https:\/\/landioustravel.com\/de\/kontakte\/#local-main-organization-logo"},"image":{"@id":"https:\/\/landioustravel.com\/de\/kontakte\/#local-main-organization-logo"},"sameAs":["https:\/\/web.facebook.com\/landiousEgypt","https:\/\/x.com\/LandiousTours","https:\/\/mastodon.social\/@landious"],"legalName":"Landious Travel","telephone":[],"openingHoursSpecification":[{"@type":"OpeningHoursSpecification","dayOfWeek":["Monday","Tuesday","Wednesday","Thursday","Friday","Saturday","Sunday"],"opens":"09:00","closes":"17:00"}]},{"@type":"ImageObject","inLanguage":"de","@id":"https:\/\/landioustravel.com\/de\/kontakte\/#local-main-organization-logo","url":"https:\/\/i0.wp.com\/landioustravel.com\/wp-content\/uploads\/2021\/06\/Landious-T.png?fit=500%2C500&ssl=1","contentUrl":"https:\/\/i0.wp.com\/landioustravel.com\/wp-content\/uploads\/2021\/06\/Landious-T.png?fit=500%2C500&ssl=1","width":500,"height":500,"caption":"Landious Travel"}]}},"uagb_featured_image_src":{"full":["https:\/\/i0.wp.com\/landioustravel.com\/wp-content\/uploads\/2022\/08\/Contact-Us-e1660041495590.png?fit=1200%2C435&ssl=1",1200,435,false],"thumbnail":["https:\/\/i0.wp.com\/landioustravel.com\/wp-content\/uploads\/2022\/08\/Contact-Us-e1660041495590.png?resize=150%2C150&ssl=1",150,150,true],"medium":["https:\/\/i0.wp.com\/landioustravel.com\/wp-content\/uploads\/2022\/08\/Contact-Us-e1660041495590.png?fit=300%2C109&ssl=1",300,109,true],"medium_large":["https:\/\/i0.wp.com\/landioustravel.com\/wp-content\/uploads\/2022\/08\/Contact-Us-e1660041495590.png?fit=768%2C278&ssl=1",768,278,true],"large":["https:\/\/i0.wp.com\/landioustravel.com\/wp-content\/uploads\/2022\/08\/Contact-Us-e1660041495590.png?fit=980%2C355&ssl=1",980,355,true],"1536x1536":["https:\/\/i0.wp.com\/landioustravel.com\/wp-content\/uploads\/2022\/08\/Contact-Us-e1660041495590.png?fit=1200%2C435&ssl=1",1200,435,true],"2048x2048":["https:\/\/i0.wp.com\/landioustravel.com\/wp-content\/uploads\/2022\/08\/Contact-Us-e1660041495590.png?fit=1200%2C435&ssl=1",1200,435,true],"newspack-article-block-landscape-large":["https:\/\/i0.wp.com\/landioustravel.com\/wp-content\/uploads\/2022\/08\/Contact-Us-e1660041495590.png?resize=1200%2C435&ssl=1",1200,435,true],"newspack-article-block-portrait-large":["https:\/\/i0.wp.com\/landioustravel.com\/wp-content\/uploads\/2022\/08\/Contact-Us-e1660041495590.png?resize=900%2C435&ssl=1",900,435,true],"newspack-article-block-square-large":["https:\/\/i0.wp.com\/landioustravel.com\/wp-content\/uploads\/2022\/08\/Contact-Us-e1660041495590.png?resize=1200%2C435&ssl=1",1200,435,true],"newspack-article-block-landscape-medium":["https:\/\/i0.wp.com\/landioustravel.com\/wp-content\/uploads\/2022\/08\/Contact-Us-e1660041495590.png?resize=800%2C435&ssl=1",800,435,true],"newspack-article-block-portrait-medium":["https:\/\/i0.wp.com\/landioustravel.com\/wp-content\/uploads\/2022\/08\/Contact-Us-e1660041495590.png?resize=600%2C435&ssl=1",600,435,true],"newspack-article-block-square-medium":["https:\/\/i0.wp.com\/landioustravel.com\/wp-content\/uploads\/2022\/08\/Contact-Us-e1660041495590.png?resize=800%2C435&ssl=1",800,435,true],"newspack-article-block-landscape-intermediate":["https:\/\/i0.wp.com\/landioustravel.com\/wp-content\/uploads\/2022\/08\/Contact-Us-e1660041495590.png?resize=600%2C435&ssl=1",600,435,true],"newspack-article-block-portrait-intermediate":["https:\/\/i0.wp.com\/landioustravel.com\/wp-content\/uploads\/2022\/08\/Contact-Us-e1660041495590.png?resize=450%2C435&ssl=1",450,435,true],"newspack-article-block-square-intermediate":["https:\/\/i0.wp.com\/landioustravel.com\/wp-content\/uploads\/2022\/08\/Contact-Us-e1660041495590.png?resize=600%2C435&ssl=1",600,435,true],"newspack-article-block-landscape-small":["https:\/\/i0.wp.com\/landioustravel.com\/wp-content\/uploads\/2022\/08\/Contact-Us-e1660041495590.png?resize=400%2C300&ssl=1",400,300,true],"newspack-article-block-portrait-small":["https:\/\/i0.wp.com\/landioustravel.com\/wp-content\/uploads\/2022\/08\/Contact-Us-e1660041495590.png?resize=300%2C400&ssl=1",300,400,true],"newspack-article-block-square-small":["https:\/\/i0.wp.com\/landioustravel.com\/wp-content\/uploads\/2022\/08\/Contact-Us-e1660041495590.png?resize=400%2C400&ssl=1",400,400,true],"newspack-article-block-landscape-tiny":["https:\/\/i0.wp.com\/landioustravel.com\/wp-content\/uploads\/2022\/08\/Contact-Us-e1660041495590.png?resize=200%2C150&ssl=1",200,150,true],"newspack-article-block-portrait-tiny":["https:\/\/i0.wp.com\/landioustravel.com\/wp-content\/uploads\/2022\/08\/Contact-Us-e1660041495590.png?resize=150%2C200&ssl=1",150,200,true],"newspack-article-block-square-tiny":["https:\/\/i0.wp.com\/landioustravel.com\/wp-content\/uploads\/2022\/08\/Contact-Us-e1660041495590.png?resize=200%2C200&ssl=1",200,200,true],"newspack-article-block-uncropped":["https:\/\/i0.wp.com\/landioustravel.com\/wp-content\/uploads\/2022\/08\/Contact-Us-e1660041495590.png?fit=1200%2C435&ssl=1",1200,435,true],"woocommerce_thumbnail":["https:\/\/i0.wp.com\/landioustravel.com\/wp-content\/uploads\/2022\/08\/Contact-Us-e1660041495590.png?resize=324%2C324&ssl=1",324,324,true],"woocommerce_single":["https:\/\/i0.wp.com\/landioustravel.com\/wp-content\/uploads\/2022\/08\/Contact-Us-e1660041495590.png?fit=416%2C151&ssl=1",416,151,true],"woocommerce_gallery_thumbnail":["https:\/\/i0.wp.com\/landioustravel.com\/wp-content\/uploads\/2022\/08\/Contact-Us-e1660041495590.png?resize=100%2C100&ssl=1",100,100,true]},"uagb_author_info":{"display_name":"Mofreh Landious","author_link":"https:\/\/landioustravel.com\/de\/author\/landious\/"},"uagb_comment_info":2,"uagb_excerpt":"Landious Travel - \u00c4gypten, Hurghada, Sheraton Street, gegen\u00fcber dem Hotel Seagull, mofreh78eg@gmail.com, +2 01019611266, +2 01123012284","jetpack_sharing_enabled":true,"jetpack_shortlink":"https:\/\/wp.me\/Par4r5-kU","jetpack_likes_enabled":true,"amp_enabled":true,"_links":{"self":[{"href":"https:\/\/landioustravel.com\/de\/wp-json\/wp\/v2\/pages\/1296","targetHints":{"allow":["GET"]}}],"collection":[{"href":"https:\/\/landioustravel.com\/de\/wp-json\/wp\/v2\/pages"}],"about":[{"href":"https:\/\/landioustravel.com\/de\/wp-json\/wp\/v2\/types\/page"}],"author":[{"embeddable":true,"href":"https:\/\/landioustravel.com\/de\/wp-json\/wp\/v2\/users\/1"}],"replies":[{"embeddable":true,"href":"https:\/\/landioustravel.com\/de\/wp-json\/wp\/v2\/comments?post=1296"}],"version-history":[{"count":3,"href":"https:\/\/landioustravel.com\/de\/wp-json\/wp\/v2\/pages\/1296\/revisions"}],"predecessor-version":[{"id":141318,"href":"https:\/\/landioustravel.com\/de\/wp-json\/wp\/v2\/pages\/1296\/revisions\/141318"}],"wp:featuredmedia":[{"embeddable":true,"href":"https:\/\/landioustravel.com\/de\/wp-json\/wp\/v2\/media\/97955"}],"wp:attachment":[{"href":"https:\/\/landioustravel.com\/de\/wp-json\/wp\/v2\/media?parent=1296"}],"curies":[{"name":"wp","href":"https:\/\/api.w.org\/{rel}","templated":true}]}}