{"id":1715,"date":"2019-01-30T17:52:47","date_gmt":"2019-01-30T15:52:47","guid":{"rendered":"https:\/\/landioustravel.com\/agypten\/"},"modified":"2024-04-29T09:16:54","modified_gmt":"2024-04-29T06:16:54","slug":"agypten","status":"publish","type":"page","link":"https:\/\/landioustravel.com\/de\/agypten\/","title":{"rendered":"\u00c4gypten"},"content":{"rendered":"\n<p><amp-fit-text layout=\"fixed-height\" min-font-size=\"14\" max-font-size=\"48\" height=\"50\">\u00c4gypten, offiziell die Arabische Republik \u00c4gypten, ist ein transkontinentales Land, das die nord\u00f6stliche Ecke Afrikas und die s\u00fcdwestliche Ecke Asiens auf der Sinai-Halbinsel besetzt. Gleichzeitig ist \u00c4gypten ein s\u00fcdliches Mittelmeerland, das im Norden an das Mittelmeer, im Nordosten an den Gazastreifen und an <a href=\"https:\/\/www.google.com\/maps\/place\/Israel\/@31.3867115,32.8380848,7z\/data=!3m1!4b1!4m5!3m4!1s0x1500492432a7c98b:0x6a6b422013352cba!8m2!3d31.046051!4d34.851612\" target=\"_blank\" rel=\"noreferrer noopener\">Israel<\/a> grenzt, im Osten an den Golf von Aqaba und das Rote Meer, im S\u00fcden an den Sudan und im Westen an Libyen.<\/amp-fit-text><\/p>\n\n\n\n<iframe src=\"https:\/\/www.google.com\/maps\/embed?pb=!1m18!1m12!1m3!1d7305024.779509097!2d26.33908119602438!3d26.619439419762067!2m3!1f0!2f0!3f0!3m2!1i1024!2i768!4f13.1!3m3!1m2!1s0x14368976c35c36e9%3A0x2c45a00925c4c444!2sEgypt!5e0!3m2!1sen!2seg!4v1616793824729!5m2!1sen!2seg\" width=\"1200px\" height=\"450\" style=\"border:0;\" allowfullscreen=\"\" loading=\"lazy\"><\/iframe>\n\n\n\n<p>In diesem Artikel geben wir ein Briefing zu folgenden Themen:<\/p>\n\n\n\n<ul class=\"is-style-default wp-block-list\">\n<li>St\u00e4dte und Gouvernorate in \u00c4gypten.<\/li>\n\n\n\n<li>Geschichte \u00c4gyptens.<\/li>\n\n\n\n<li>Alte Tempel in \u00c4gypten.<\/li>\n\n\n\n<li>Alte \u00e4gyptische Gottheiten.<\/li>\n\n\n\n<li>Auch das Klima in \u00c4gypten.<\/li>\n<\/ul>\n\n\n\n<h2 class=\"wp-block-heading\">St\u00e4dte in \u00c4gypten<\/h2>\n\n\n\n<p><amp-fit-text layout=\"fixed-height\" min-font-size=\"14\" max-font-size=\"48\" height=\"50\">Wenn wir uns die Karte der Arabischen Republik \u00c4gypten ansehen, k\u00f6nnen wir feststellen, dass die Mehrheit der <a href=\"https:\/\/landioustravel.com\/de\/agypten\/aegyptische-staedte\/\">Gouvernorate<\/a>, St\u00e4dte und Gemeinden am Nil liegt. Erw\u00e4hnenswert. \u00c4gypten hat mehr als 200 St\u00e4dte mit einer Bev\u00f6lkerung von \u00fcber 15000 p. Und dieses Gouvernement von <a href=\"https:\/\/landioustravel.com\/de\/agypten\/aegyptische-staedte\/gouvernement-kairo\/\">Kairo<\/a> erscheint als Hauptstadt \u00c4gyptens.<\/amp-fit-text><\/p>\n\n\n\n<p><amp-fit-text layout=\"fixed-height\" min-font-size=\"14\" max-font-size=\"48\" height=\"50\">Administrativ teilt die \u00e4gyptische Beh\u00f6rde das Land in 27 Gouvernorate auf. Jede Provinz wird von einem Gouverneur verwaltet, der vom \u00e4gyptischen Pr\u00e4sidenten ernannt wird.<\/amp-fit-text><\/p>\n\n\n\n<h2 class=\"wp-block-heading\">Geschichte \u00c4gyptens<\/h2>\n\n\n\n<p><amp-fit-text layout=\"fixed-height\" min-font-size=\"14\" max-font-size=\"48\" height=\"50\">Die Arabische Republik \u00c4gypten, ARE, hat eine der interessantesten und l\u00e4ngsten Geschichten der Welt. Die <a href=\"https:\/\/landioustravel.com\/de\/agypten\/geschichte-aegyptens\/\">Geschichte \u00c4gyptens<\/a> ist voller aufregender und interessanter Ereignisse. Gleichzeitig datiert es f\u00fcr das sehr fr\u00fche Erscheinen der menschlichen Zivilisation auf der Erde. Diese Geschichte reicht bis ins 6. bis 4. Jahrtausend vor Christus zur\u00fcck. Deshalb betrachten wir \u00c4gypten als die Wiege der Zivilisation! Zweifellos bezieht sich die sehr fr\u00fche Geschichte \u00c4gyptens auf das Wissen \u00fcber Urbanisierung, landwirtschaftliche T\u00e4tigkeiten und die F\u00e4higkeit, ein Schriftsystem zu haben. Es bezieht sich auch auf eine Tendenz zum Glauben und Anbeten und schlie\u00dflich auf die F\u00e4higkeit, eine Zentralregierung zu haben.<\/amp-fit-text><\/p>\n\n\n\n<h2 class=\"wp-block-heading\">Alte \u00e4gyptische Tempel<\/h2>\n\n\n\n<p><amp-fit-text layout=\"fixed-height\" min-font-size=\"14\" max-font-size=\"48\" height=\"50\">Die alten \u00c4gypter bauten ihre <a href=\"https:\/\/landioustravel.com\/de\/agypten\/agyptischen-tempel\/\">Tempel<\/a> f\u00fcr die offizielle Verehrung der <a href=\"https:\/\/landioustravel.com\/de\/agypten\/aegyptische-gottheiten\/\">G\u00f6tter<\/a> und das Gedenken an die Pharaonen. Aus dem vorherigen Grund bauten sie diese Tempel auch im alten \u00c4gypten und in den Gebieten unter \u00e4gyptischer Kontrolle. Nach den <a href=\"https:\/\/landioustravel.com\/de\/agypten\/geschichte-aegyptens\/geschichte-alt-agypt\/\">alten \u00c4gyptern<\/a>; glaubt, diese Tempel waren Wohnungen der G\u00f6tter. Nach der alten \u00e4gyptischen Religion war der K\u00f6nig des alten \u00c4gypten der Sohn der G\u00f6tter. So k\u00f6nnen wir sagen, dass der alte \u00c4gypter auch in diesen Tempeln den Pharao \u00c4gyptens verehrte. Die alten \u00e4gyptischen Priester f\u00fchrten darin eine Vielzahl von Ritualen durch.<\/amp-fit-text><\/p>\n\n\n\n<h2 class=\"wp-block-heading\">Alte \u00e4gyptische Gottheiten<\/h2>\n\n\n\n<p><amp-fit-text layout=\"fixed-height\" min-font-size=\"14\" max-font-size=\"48\" height=\"50\">Das Studium der alt\u00e4gyptischen \u00dcberzeugungen ist ein sehr interessanter Teil des Wissens, der jedem in den Sinn kommen kann. Eine gro\u00dfe Anzahl <a href=\"https:\/\/landioustravel.com\/de\/agypten\/aegyptische-gottheiten\/\">alt\u00e4gyptischer Gottheiten<\/a> und Mythen, die sie umgeben, haben den Kern dieser \u00dcberzeugungen gebildet. Wir k\u00f6nnen die alten \u00e4gyptischen Gottheiten als jene G\u00f6tter und G\u00f6ttinnen definieren, die im alten \u00c4gypten verehrt wurden. Die Glaubenss\u00e4tze und Rituale, die diese G\u00f6tter umgeben, bildeten die alte \u00e4gyptische Religion, die irgendwann in der Vorgeschichte aufkam.<\/amp-fit-text><\/p>\n\n\n\n<h2 class=\"wp-block-heading\">Klima<\/h2>\n\n\n\n<p><amp-fit-text layout=\"fixed-height\" min-font-size=\"14\" max-font-size=\"48\" height=\"50\">\u00c4gypten kann als \u00f6de W\u00fcste angesehen werden, mit Ausnahme des d\u00fcnnen Terrassenstreifens entlang des Nils und des Deltas. Im Allgemeinen ist der Sommer hei\u00df und trocken und der Winter ist mild. Daher k\u00f6nnen wir davon ausgehen, dass die Zeit von Oktober bis April mit Sicherheit die beste Reisezeit f\u00fcr \u00c4gypten ist.<\/amp-fit-text><\/p>\n\n\n\n<h3 class=\"wp-block-heading\">Klima in den n\u00f6rdlichen Teilen \u00c4gyptens<\/h3>\n\n\n\n<p><amp-fit-text layout=\"fixed-height\" min-font-size=\"14\" max-font-size=\"48\" height=\"50\">Das Klima variiert jedoch geringf\u00fcgig, je nachdem, wo Sie leben. An der Nordk\u00fcste des Mittelmeers regnet es in den Wintermonaten am st\u00e4rksten. Es ist interessant zu wissen, dass Gewitter mit starken Regenschauern, die oft mehrere Stunden dauern, hier keine Seltenheit sind. Zum Beispiel k\u00f6nnen Alexandria, Marsa Matruh und alle anderen K\u00fcstengebiete und sogar das Delta dieses Ph\u00e4nomen beobachten. Hagel ist keine Seltenheit, besonders in der W\u00fcste, wo das Wetter normalerweise k\u00fchler ist. An regnerischen Tagen l\u00e4sst das W\u00fcstenwetter das Eis fallen und sogar den Frost entstehen.<\/amp-fit-text><\/p>\n\n\n\n<h3 class=\"wp-block-heading\">Klima auf der Halbinsel Sinai<\/h3>\n\n\n\n<p><amp-fit-text layout=\"fixed-height\" min-font-size=\"14\" max-font-size=\"48\" height=\"50\">In den Bergen des Sinai und des Roten Meeres regnet es im Allgemeinen. \u00dcberschwemmungen in diesen Gebieten sind ein weit verbreitetes Klimaph\u00e4nomen, bei dem in sehr kurzer Zeit so viel Regen fallen kann, auch Donner und Blitz. Aufgrund der Natur des W\u00fcstenlandes f\u00e4llt Wasser vom Regen schnell durch H\u00fcgel, Berge und \u00fcberschwemmt die lokalen Gebiete. Diese \u00dcberschwemmungen treten jedoch in der Regel alle zwei oder drei Jahre auf und treten je nach Witterung in etwa 10 bis 15 Jahren h\u00e4ufig \u00fcberhaupt nicht auf. Wenn dies passiert, ist es oft in fr\u00fchen Zeiten der Saison wie im September, Oktober oder im sp\u00e4ten Winter wie Februar oder M\u00e4rz.<\/amp-fit-text><\/p>\n\n\n\n<p><amp-fit-text layout=\"fixed-height\" min-font-size=\"14\" max-font-size=\"48\" height=\"50\">Auch in H\u00f6henlagen wie auf dem Gipfel des Sinai k\u00f6nnen die Temperaturen viel st\u00e4rker sinken als in den umliegenden Gebieten, so dass in den Wintermonaten Schnee fallen kann, da die Temperaturen unter den Gefrierpunkt fallen k\u00f6nnen, und auch in W\u00fcstengebieten mit niedrigen Anziehungspunkten Fr\u00f6ste auftreten k\u00f6nnen wo die Temperaturen normalerweise k\u00fchler sind als in St\u00e4dten<\/amp-fit-text><\/p>\n","protected":false},"excerpt":{"rendered":"<p>\u00c4gypten, offiziell die arabische Republik \u00c4gypten, ist ein transkontinentales Land, das die nord\u00f6stliche Ecke Afrikas und die s\u00fcdwestliche Ecke Asiens an der Sinai-Halbinsel einnimmt. Gleichzeitig ist \u00c4gypten ein s\u00fcdliches Mittelmeerland, das im Norden durch das Mittelmeer, den Gazastreifen und Israel im Nordosten, den Golf von Akaba und das Rote Meer im Osten, den Sudan im S\u00fcden und Libyen im Westen begrenzt wird . \u00dcber dem Golf von Aqaba liegt Jordanien, \u00fcber dem Roten Meer liegt Saudi-Arabien und \u00fcber dem Mittelmeer liegen Zypern, Liban, Syrien, Griechenland und die T\u00fcrkei.<\/p>\n","protected":false},"author":1,"featured_media":30193,"parent":0,"menu_order":0,"comment_status":"open","ping_status":"open","template":"","meta":{"_coblocks_attr":"","_coblocks_dimensions":"","_coblocks_responsive_height":"","_coblocks_accordion_ie_support":"","_uag_custom_page_level_css":"","jetpack_post_was_ever_published":false,"footnotes":""},"class_list":["post-1715","page","type-page","status-publish","has-post-thumbnail","hentry"],"yoast_head":"<!-- This site is optimized with the Yoast SEO Premium plugin v26.9 (Yoast SEO v27.3) - https:\/\/yoast.com\/product\/yoast-seo-premium-wordpress\/ -->\n<title>\u00c4gypten - Informationen und Standort - Landious Travel<\/title>\n<meta name=\"description\" content=\"\u00c4gypten Die arabische Republik \u00c4gypten, ist ein transkontinentales Land, das die nord\u00f6stliche Ecke Afrikas und die s\u00fcdwestliche Ecke Asiens\" \/>\n<meta name=\"robots\" content=\"index, follow, max-snippet:-1, max-image-preview:large, max-video-preview:-1\" \/>\n<link rel=\"canonical\" href=\"https:\/\/landioustravel.com\/de\/agypten\/\" \/>\n<meta property=\"og:locale\" content=\"de_DE\" \/>\n<meta property=\"og:type\" content=\"article\" \/>\n<meta property=\"og:title\" content=\"\u00c4gypten\" \/>\n<meta property=\"og:description\" content=\"\u00c4gypten Die arabische Republik \u00c4gypten, ist ein transkontinentales Land, das die nord\u00f6stliche Ecke Afrikas und die s\u00fcdwestliche Ecke Asiens\" \/>\n<meta property=\"og:url\" content=\"https:\/\/landioustravel.com\/de\/agypten\/\" \/>\n<meta property=\"og:site_name\" content=\"Landious Travel\" \/>\n<meta property=\"article:publisher\" content=\"https:\/\/web.facebook.com\/landiousEgypt\" \/>\n<meta property=\"article:modified_time\" content=\"2024-04-29T06:16:54+00:00\" \/>\n<meta property=\"og:image\" content=\"https:\/\/i0.wp.com\/landioustravel.com\/wp-content\/uploads\/2021\/03\/Agypten-e1616861724724.jpg?fit=1200%2C675&ssl=1\" \/>\n\t<meta property=\"og:image:width\" content=\"1200\" \/>\n\t<meta property=\"og:image:height\" content=\"675\" \/>\n\t<meta property=\"og:image:type\" content=\"image\/jpeg\" \/>\n<meta name=\"twitter:card\" content=\"summary_large_image\" \/>\n<meta name=\"twitter:site\" content=\"@LandiousTours\" \/>\n<meta name=\"twitter:label1\" content=\"Gesch\u00e4tzte Lesezeit\" \/>\n\t<meta name=\"twitter:data1\" content=\"4\u00a0Minuten\" \/>\n<script type=\"application\/ld+json\" class=\"yoast-schema-graph\">{\"@context\":\"https:\\\/\\\/schema.org\",\"@graph\":[{\"@type\":\"WebPage\",\"@id\":\"https:\\\/\\\/landioustravel.com\\\/de\\\/agypten\\\/\",\"url\":\"https:\\\/\\\/landioustravel.com\\\/de\\\/agypten\\\/\",\"name\":\"\u00c4gypten - Informationen und Standort - Landious Travel\",\"isPartOf\":{\"@id\":\"https:\\\/\\\/landioustravel.com\\\/de\\\/#website\"},\"primaryImageOfPage\":{\"@id\":\"https:\\\/\\\/landioustravel.com\\\/de\\\/agypten\\\/#primaryimage\"},\"image\":{\"@id\":\"https:\\\/\\\/landioustravel.com\\\/de\\\/agypten\\\/#primaryimage\"},\"thumbnailUrl\":\"https:\\\/\\\/i0.wp.com\\\/landioustravel.com\\\/wp-content\\\/uploads\\\/2021\\\/03\\\/Agypten-e1616861724724.jpg?fit=1200%2C675&ssl=1\",\"datePublished\":\"2019-01-30T15:52:47+00:00\",\"dateModified\":\"2024-04-29T06:16:54+00:00\",\"description\":\"\u00c4gypten Die arabische Republik \u00c4gypten, ist ein transkontinentales Land, das die nord\u00f6stliche Ecke Afrikas und die s\u00fcdwestliche Ecke Asiens\",\"breadcrumb\":{\"@id\":\"https:\\\/\\\/landioustravel.com\\\/de\\\/agypten\\\/#breadcrumb\"},\"inLanguage\":\"de\",\"potentialAction\":[{\"@type\":\"ReadAction\",\"target\":[\"https:\\\/\\\/landioustravel.com\\\/de\\\/agypten\\\/\"]}]},{\"@type\":\"ImageObject\",\"inLanguage\":\"de\",\"@id\":\"https:\\\/\\\/landioustravel.com\\\/de\\\/agypten\\\/#primaryimage\",\"url\":\"https:\\\/\\\/i0.wp.com\\\/landioustravel.com\\\/wp-content\\\/uploads\\\/2021\\\/03\\\/Agypten-e1616861724724.jpg?fit=1200%2C675&ssl=1\",\"contentUrl\":\"https:\\\/\\\/i0.wp.com\\\/landioustravel.com\\\/wp-content\\\/uploads\\\/2021\\\/03\\\/Agypten-e1616861724724.jpg?fit=1200%2C675&ssl=1\",\"width\":1200,\"height\":675,\"caption\":\"\u00c4gypten\"},{\"@type\":\"BreadcrumbList\",\"@id\":\"https:\\\/\\\/landioustravel.com\\\/de\\\/agypten\\\/#breadcrumb\",\"itemListElement\":[{\"@type\":\"ListItem\",\"position\":1,\"name\":\"Home\",\"item\":\"https:\\\/\\\/landioustravel.com\\\/de\\\/\"},{\"@type\":\"ListItem\",\"position\":2,\"name\":\"\u00c4gypten\"}]},{\"@type\":\"WebSite\",\"@id\":\"https:\\\/\\\/landioustravel.com\\\/de\\\/#website\",\"url\":\"https:\\\/\\\/landioustravel.com\\\/de\\\/\",\"name\":\"Landious Travel\",\"description\":\"Excursions, trips and cruises in Egypt\",\"publisher\":{\"@id\":\"https:\\\/\\\/landioustravel.com\\\/de\\\/#organization\"},\"potentialAction\":[{\"@type\":\"SearchAction\",\"target\":{\"@type\":\"EntryPoint\",\"urlTemplate\":\"https:\\\/\\\/landioustravel.com\\\/de\\\/?s={search_term_string}\"},\"query-input\":{\"@type\":\"PropertyValueSpecification\",\"valueRequired\":true,\"valueName\":\"search_term_string\"}}],\"inLanguage\":\"de\"},{\"@type\":[\"Organization\",\"Place\"],\"@id\":\"https:\\\/\\\/landioustravel.com\\\/de\\\/#organization\",\"name\":\"Landious Travel\",\"alternateName\":\"Landious Travel\",\"url\":\"https:\\\/\\\/landioustravel.com\\\/de\\\/\",\"logo\":{\"@id\":\"https:\\\/\\\/landioustravel.com\\\/de\\\/agypten\\\/#local-main-organization-logo\"},\"image\":{\"@id\":\"https:\\\/\\\/landioustravel.com\\\/de\\\/agypten\\\/#local-main-organization-logo\"},\"sameAs\":[\"https:\\\/\\\/web.facebook.com\\\/landiousEgypt\",\"https:\\\/\\\/x.com\\\/LandiousTours\",\"https:\\\/\\\/mastodon.social\\\/@landious\"],\"legalName\":\"Landious Travel\",\"telephone\":[],\"openingHoursSpecification\":[{\"@type\":\"OpeningHoursSpecification\",\"dayOfWeek\":[\"Monday\",\"Tuesday\",\"Wednesday\",\"Thursday\",\"Friday\",\"Saturday\",\"Sunday\"],\"opens\":\"09:00\",\"closes\":\"17:00\"}]},{\"@type\":\"ImageObject\",\"inLanguage\":\"de\",\"@id\":\"https:\\\/\\\/landioustravel.com\\\/de\\\/agypten\\\/#local-main-organization-logo\",\"url\":\"https:\\\/\\\/i0.wp.com\\\/landioustravel.com\\\/wp-content\\\/uploads\\\/2021\\\/06\\\/Landious-T.png?fit=500%2C500&ssl=1\",\"contentUrl\":\"https:\\\/\\\/i0.wp.com\\\/landioustravel.com\\\/wp-content\\\/uploads\\\/2021\\\/06\\\/Landious-T.png?fit=500%2C500&ssl=1\",\"width\":500,\"height\":500,\"caption\":\"Landious Travel\"}]}<\/script>\n<!-- \/ Yoast SEO Premium plugin. -->","yoast_head_json":{"title":"\u00c4gypten - Informationen und Standort - Landious Travel","description":"\u00c4gypten Die arabische Republik \u00c4gypten, ist ein transkontinentales Land, das die nord\u00f6stliche Ecke Afrikas und die s\u00fcdwestliche Ecke Asiens","robots":{"index":"index","follow":"follow","max-snippet":"max-snippet:-1","max-image-preview":"max-image-preview:large","max-video-preview":"max-video-preview:-1"},"canonical":"https:\/\/landioustravel.com\/de\/agypten\/","og_locale":"de_DE","og_type":"article","og_title":"\u00c4gypten","og_description":"\u00c4gypten Die arabische Republik \u00c4gypten, ist ein transkontinentales Land, das die nord\u00f6stliche Ecke Afrikas und die s\u00fcdwestliche Ecke Asiens","og_url":"https:\/\/landioustravel.com\/de\/agypten\/","og_site_name":"Landious Travel","article_publisher":"https:\/\/web.facebook.com\/landiousEgypt","article_modified_time":"2024-04-29T06:16:54+00:00","og_image":[{"width":1200,"height":675,"url":"https:\/\/i0.wp.com\/landioustravel.com\/wp-content\/uploads\/2021\/03\/Agypten-e1616861724724.jpg?fit=1200%2C675&ssl=1","type":"image\/jpeg"}],"twitter_card":"summary_large_image","twitter_site":"@LandiousTours","twitter_misc":{"Gesch\u00e4tzte Lesezeit":"4\u00a0Minuten"},"schema":{"@context":"https:\/\/schema.org","@graph":[{"@type":"WebPage","@id":"https:\/\/landioustravel.com\/de\/agypten\/","url":"https:\/\/landioustravel.com\/de\/agypten\/","name":"\u00c4gypten - Informationen und Standort - Landious Travel","isPartOf":{"@id":"https:\/\/landioustravel.com\/de\/#website"},"primaryImageOfPage":{"@id":"https:\/\/landioustravel.com\/de\/agypten\/#primaryimage"},"image":{"@id":"https:\/\/landioustravel.com\/de\/agypten\/#primaryimage"},"thumbnailUrl":"https:\/\/i0.wp.com\/landioustravel.com\/wp-content\/uploads\/2021\/03\/Agypten-e1616861724724.jpg?fit=1200%2C675&ssl=1","datePublished":"2019-01-30T15:52:47+00:00","dateModified":"2024-04-29T06:16:54+00:00","description":"\u00c4gypten Die arabische Republik \u00c4gypten, ist ein transkontinentales Land, das die nord\u00f6stliche Ecke Afrikas und die s\u00fcdwestliche Ecke Asiens","breadcrumb":{"@id":"https:\/\/landioustravel.com\/de\/agypten\/#breadcrumb"},"inLanguage":"de","potentialAction":[{"@type":"ReadAction","target":["https:\/\/landioustravel.com\/de\/agypten\/"]}]},{"@type":"ImageObject","inLanguage":"de","@id":"https:\/\/landioustravel.com\/de\/agypten\/#primaryimage","url":"https:\/\/i0.wp.com\/landioustravel.com\/wp-content\/uploads\/2021\/03\/Agypten-e1616861724724.jpg?fit=1200%2C675&ssl=1","contentUrl":"https:\/\/i0.wp.com\/landioustravel.com\/wp-content\/uploads\/2021\/03\/Agypten-e1616861724724.jpg?fit=1200%2C675&ssl=1","width":1200,"height":675,"caption":"\u00c4gypten"},{"@type":"BreadcrumbList","@id":"https:\/\/landioustravel.com\/de\/agypten\/#breadcrumb","itemListElement":[{"@type":"ListItem","position":1,"name":"Home","item":"https:\/\/landioustravel.com\/de\/"},{"@type":"ListItem","position":2,"name":"\u00c4gypten"}]},{"@type":"WebSite","@id":"https:\/\/landioustravel.com\/de\/#website","url":"https:\/\/landioustravel.com\/de\/","name":"Landious Travel","description":"Excursions, trips and cruises in Egypt","publisher":{"@id":"https:\/\/landioustravel.com\/de\/#organization"},"potentialAction":[{"@type":"SearchAction","target":{"@type":"EntryPoint","urlTemplate":"https:\/\/landioustravel.com\/de\/?s={search_term_string}"},"query-input":{"@type":"PropertyValueSpecification","valueRequired":true,"valueName":"search_term_string"}}],"inLanguage":"de"},{"@type":["Organization","Place"],"@id":"https:\/\/landioustravel.com\/de\/#organization","name":"Landious Travel","alternateName":"Landious Travel","url":"https:\/\/landioustravel.com\/de\/","logo":{"@id":"https:\/\/landioustravel.com\/de\/agypten\/#local-main-organization-logo"},"image":{"@id":"https:\/\/landioustravel.com\/de\/agypten\/#local-main-organization-logo"},"sameAs":["https:\/\/web.facebook.com\/landiousEgypt","https:\/\/x.com\/LandiousTours","https:\/\/mastodon.social\/@landious"],"legalName":"Landious Travel","telephone":[],"openingHoursSpecification":[{"@type":"OpeningHoursSpecification","dayOfWeek":["Monday","Tuesday","Wednesday","Thursday","Friday","Saturday","Sunday"],"opens":"09:00","closes":"17:00"}]},{"@type":"ImageObject","inLanguage":"de","@id":"https:\/\/landioustravel.com\/de\/agypten\/#local-main-organization-logo","url":"https:\/\/i0.wp.com\/landioustravel.com\/wp-content\/uploads\/2021\/06\/Landious-T.png?fit=500%2C500&ssl=1","contentUrl":"https:\/\/i0.wp.com\/landioustravel.com\/wp-content\/uploads\/2021\/06\/Landious-T.png?fit=500%2C500&ssl=1","width":500,"height":500,"caption":"Landious Travel"}]}},"uagb_featured_image_src":{"full":["https:\/\/i0.wp.com\/landioustravel.com\/wp-content\/uploads\/2021\/03\/Agypten-e1616861724724.jpg?fit=1200%2C675&ssl=1",1200,675,false],"thumbnail":["https:\/\/i0.wp.com\/landioustravel.com\/wp-content\/uploads\/2021\/03\/Agypten-e1616861724724.jpg?resize=150%2C150&ssl=1",150,150,true],"medium":["https:\/\/i0.wp.com\/landioustravel.com\/wp-content\/uploads\/2021\/03\/Agypten-e1616861724724.jpg?fit=300%2C169&ssl=1",300,169,true],"medium_large":["https:\/\/i0.wp.com\/landioustravel.com\/wp-content\/uploads\/2021\/03\/Agypten-e1616861724724.jpg?fit=768%2C432&ssl=1",768,432,true],"large":["https:\/\/i0.wp.com\/landioustravel.com\/wp-content\/uploads\/2021\/03\/Agypten-e1616861724724.jpg?fit=980%2C551&ssl=1",980,551,true],"1536x1536":["https:\/\/i0.wp.com\/landioustravel.com\/wp-content\/uploads\/2021\/03\/Agypten-e1616861724724.jpg?fit=1536%2C864&ssl=1",1536,864,true],"2048x2048":["https:\/\/i0.wp.com\/landioustravel.com\/wp-content\/uploads\/2021\/03\/Agypten-e1616861724724.jpg?fit=1200%2C675&ssl=1",1200,675,true],"newspack-article-block-landscape-large":["https:\/\/i0.wp.com\/landioustravel.com\/wp-content\/uploads\/2021\/03\/Agypten-e1616861724724.jpg?resize=1200%2C675&ssl=1",1200,900,true],"newspack-article-block-portrait-large":["https:\/\/i0.wp.com\/landioustravel.com\/wp-content\/uploads\/2021\/03\/Agypten-e1616861724724.jpg?resize=900%2C675&ssl=1",900,900,true],"newspack-article-block-square-large":["https:\/\/i0.wp.com\/landioustravel.com\/wp-content\/uploads\/2021\/03\/Agypten-e1616861724724.jpg?resize=1200%2C675&ssl=1",1200,900,true],"newspack-article-block-landscape-medium":["https:\/\/i0.wp.com\/landioustravel.com\/wp-content\/uploads\/2021\/03\/Agypten-e1616861724724.jpg?resize=800%2C600&ssl=1",800,600,true],"newspack-article-block-portrait-medium":["https:\/\/i0.wp.com\/landioustravel.com\/wp-content\/uploads\/2021\/03\/Agypten-e1616861724724.jpg?resize=600%2C675&ssl=1",600,800,true],"newspack-article-block-square-medium":["https:\/\/i0.wp.com\/landioustravel.com\/wp-content\/uploads\/2021\/03\/Agypten-e1616861724724.jpg?resize=800%2C675&ssl=1",800,800,true],"newspack-article-block-landscape-intermediate":["https:\/\/i0.wp.com\/landioustravel.com\/wp-content\/uploads\/2021\/03\/Agypten-e1616861724724.jpg?resize=600%2C450&ssl=1",600,450,true],"newspack-article-block-portrait-intermediate":["https:\/\/i0.wp.com\/landioustravel.com\/wp-content\/uploads\/2021\/03\/Agypten-e1616861724724.jpg?resize=450%2C600&ssl=1",450,600,true],"newspack-article-block-square-intermediate":["https:\/\/i0.wp.com\/landioustravel.com\/wp-content\/uploads\/2021\/03\/Agypten-e1616861724724.jpg?resize=600%2C600&ssl=1",600,600,true],"newspack-article-block-landscape-small":["https:\/\/i0.wp.com\/landioustravel.com\/wp-content\/uploads\/2021\/03\/Agypten-e1616861724724.jpg?resize=400%2C300&ssl=1",400,300,true],"newspack-article-block-portrait-small":["https:\/\/i0.wp.com\/landioustravel.com\/wp-content\/uploads\/2021\/03\/Agypten-e1616861724724.jpg?resize=300%2C400&ssl=1",300,400,true],"newspack-article-block-square-small":["https:\/\/i0.wp.com\/landioustravel.com\/wp-content\/uploads\/2021\/03\/Agypten-e1616861724724.jpg?resize=400%2C400&ssl=1",400,400,true],"newspack-article-block-landscape-tiny":["https:\/\/i0.wp.com\/landioustravel.com\/wp-content\/uploads\/2021\/03\/Agypten-e1616861724724.jpg?resize=200%2C150&ssl=1",200,150,true],"newspack-article-block-portrait-tiny":["https:\/\/i0.wp.com\/landioustravel.com\/wp-content\/uploads\/2021\/03\/Agypten-e1616861724724.jpg?resize=150%2C200&ssl=1",150,200,true],"newspack-article-block-square-tiny":["https:\/\/i0.wp.com\/landioustravel.com\/wp-content\/uploads\/2021\/03\/Agypten-e1616861724724.jpg?resize=200%2C200&ssl=1",200,200,true],"newspack-article-block-uncropped":["https:\/\/i0.wp.com\/landioustravel.com\/wp-content\/uploads\/2021\/03\/Agypten-e1616861724724.jpg?fit=1200%2C675&ssl=1",1200,675,true],"woocommerce_thumbnail":["https:\/\/i0.wp.com\/landioustravel.com\/wp-content\/uploads\/2021\/03\/Agypten-e1616861724724.jpg?resize=324%2C324&ssl=1",324,324,true],"woocommerce_single":["https:\/\/i0.wp.com\/landioustravel.com\/wp-content\/uploads\/2021\/03\/Agypten-e1616861724724.jpg?fit=416%2C234&ssl=1",416,234,true],"woocommerce_gallery_thumbnail":["https:\/\/i0.wp.com\/landioustravel.com\/wp-content\/uploads\/2021\/03\/Agypten-e1616861724724.jpg?resize=100%2C100&ssl=1",100,100,true]},"uagb_author_info":{"display_name":"Mofreh Landious","author_link":"https:\/\/landioustravel.com\/de\/author\/landious\/"},"uagb_comment_info":0,"uagb_excerpt":"\u00c4gypten, offiziell die arabische Republik \u00c4gypten, ist ein transkontinentales Land, das die nord\u00f6stliche Ecke Afrikas und die s\u00fcdwestliche Ecke Asiens an der Sinai-Halbinsel einnimmt. Gleichzeitig ist \u00c4gypten ein s\u00fcdliches Mittelmeerland, das im Norden durch das Mittelmeer, den Gazastreifen und Israel im Nordosten, den Golf von Akaba und das Rote Meer im Osten, den Sudan im&hellip;","jetpack_sharing_enabled":true,"jetpack_shortlink":"https:\/\/wp.me\/Par4r5-rF","jetpack_likes_enabled":true,"amp_enabled":true,"_links":{"self":[{"href":"https:\/\/landioustravel.com\/de\/wp-json\/wp\/v2\/pages\/1715","targetHints":{"allow":["GET"]}}],"collection":[{"href":"https:\/\/landioustravel.com\/de\/wp-json\/wp\/v2\/pages"}],"about":[{"href":"https:\/\/landioustravel.com\/de\/wp-json\/wp\/v2\/types\/page"}],"author":[{"embeddable":true,"href":"https:\/\/landioustravel.com\/de\/wp-json\/wp\/v2\/users\/1"}],"replies":[{"embeddable":true,"href":"https:\/\/landioustravel.com\/de\/wp-json\/wp\/v2\/comments?post=1715"}],"version-history":[{"count":1,"href":"https:\/\/landioustravel.com\/de\/wp-json\/wp\/v2\/pages\/1715\/revisions"}],"predecessor-version":[{"id":149970,"href":"https:\/\/landioustravel.com\/de\/wp-json\/wp\/v2\/pages\/1715\/revisions\/149970"}],"wp:featuredmedia":[{"embeddable":true,"href":"https:\/\/landioustravel.com\/de\/wp-json\/wp\/v2\/media\/30193"}],"wp:attachment":[{"href":"https:\/\/landioustravel.com\/de\/wp-json\/wp\/v2\/media?parent=1715"}],"curies":[{"name":"wp","href":"https:\/\/api.w.org\/{rel}","templated":true}]}}