{"id":30113,"date":"2021-03-26T22:29:25","date_gmt":"2021-03-26T20:29:25","guid":{"rendered":"https:\/\/landioustravel.com\/?page_id=30113"},"modified":"2021-03-27T15:56:48","modified_gmt":"2021-03-27T13:56:48","slug":"dahshur-touren","status":"publish","type":"page","link":"https:\/\/landioustravel.com\/de\/dahshur-touren\/","title":{"rendered":"Dahshur Touren"},"content":{"rendered":"\n<p>In diesem Artikel w\u00e4hlen wir <a href=\"https:\/\/www.google.com\/maps\/place\/Dahshur,+Monshaat+Dahshour,+Al+Badrashin,+Giza+Governorate\/@29.7939806,31.2322027,15z\/data=!3m1!4b1!4m5!3m4!1s0x14584aba306afabf:0xb23969dfbda0de94!8m2!3d29.7971482!4d31.2433164\" target=\"_blank\" rel=\"noreferrer noopener\">Dahshur<\/a> als einen ber\u00fchmten Ort, \u00fcber den wir sprechen k\u00f6nnen. Wir werden auch zeigen, welche Touren wir an diesem historischen Ort machen k\u00f6nnen. Zun\u00e4chst werden wir eine Einf\u00fchrung in diesen Ort geben. Anschlie\u00dfend zeigen wir Ihnen, wie Sie es von verschiedenen Zielen aus erreichen k\u00f6nnen. Au\u00dferdem geben wir einen Buchungslink zu Dahshsur-Touren zur Reservierung. Dahshur-Touren sind unglaublich und informativ!<\/p>\n\n\n\n<h2 class=\"wp-block-heading\" id=\"h-geschichte-von-dahshur\">Geschichte von Dahshur<\/h2>\n\n\n\n<p>Dahshur ist eine k\u00f6nigliche Nekropole in der W\u00fcste am Westufer des Nils. Es liegt etwa 40 Kilometer s\u00fcdlich von <a href=\"https:\/\/landioustravel.com\/de\/agypten\/aegyptische-staedte\/gouvernement-kairo\/\">Kairo<\/a>. Und es diente als Nekropole f\u00fcr die <a href=\"https:\/\/landioustravel.com\/de\/agypten\/geschichte-aegyptens\/geschichte-alt-agypt\/\">alte \u00e4gyptische<\/a> Hauptstadt Memphis. Es ist auch vor allem f\u00fcr mehrere Pyramiden bekannt, von denen zwei zu den \u00e4ltesten, gr\u00f6\u00dften und am besten erhaltenen in <a href=\"https:\/\/landioustravel.com\/de\/agypten\/\">\u00c4gypten<\/a> geh\u00f6ren. Die alten \u00c4gypter bauten diese Pyramiden von 2613 bis 2589 v.<\/p>\n\n\n\n<p>Die Dahshur-Pyramiden vermitteln uns das Wissen \u00fcber den \u00dcbergang von steilen Pyramiden zu glatten Pyramiden. Dieses Wissen f\u00fchrte sicherlich zum Bau der Gro\u00dfen Pyramide in Gizeh. Das letzte der sieben Weltwunder der Antike steht bis heute.<\/p>\n\n\n\n<h2 class=\"wp-block-heading\" id=\"h-dahshur-touren-ab-kairo\">Dahshur Touren ab Kairo<\/h2>\n\n\n\n<p>Nat\u00fcrlich ist Gizeh das n\u00e4chstgelegene Ziel, um nach Dahshur zu gelangen und seine Denkm\u00e4ler zu besichtigen. Im Allgemeinen werden Touristen, die in Hotels in Gizeh und Kairo \u00fcbernachten, feststellen, dass es nicht weit ist, an diesen Ort zu gelangen. Zweifellos bietet dieser Ort ihnen eine hervorragende Gelegenheit, Dahshur zu besuchen. Gl\u00fccklicherweise organisieren Reiseveranstalter gemeinsam eine Ganztagestour zu Pyramiden, Dahshur und Sakkara. Auf dieser Tour sehen Sie die drei Pyramiden in Gizeh, den Taltempel (Mumifizierungstempel) und die Gro\u00dfe Sphinx. Alle diese zuvor erw\u00e4hnten Denkm\u00e4ler befinden sich im Pyramidenkomplex. Au\u00dferdem k\u00f6nnen Sie die Stufenpyramide von Djoser in der Nekropole von Sakkara erkunden. die Pyramiden von Dahshur. Der Reisepreis beinhaltet das Mittagessen.<\/p>\n\n\n\n<p>Das Folgende ist ein Link zu dieser Tour:<\/p>\n\n\n\n<figure class=\"wp-block-embed is-type-wp-embed is-provider-landious-travel wp-block-embed-landious-travel\"><div class=\"wp-block-embed__wrapper\">\n<blockquote class=\"wp-embedded-content\" data-secret=\"0xT9ri1sB0\"><a href=\"https:\/\/landioustravel.com\/de\/shop\/reise-pyramiden-sakkara-dahshur-kairo\/\">Sakkara &#038; Dahshur Reise Kairo<\/a><\/blockquote><iframe loading=\"lazy\" class=\"wp-embedded-content\" sandbox=\"allow-scripts\" security=\"restricted\" style=\"position: absolute; clip: rect(1px, 1px, 1px, 1px);\" title=\"&#8222;Sakkara &#038; Dahshur Reise Kairo&#8220; &#8212; Landious Travel\" src=\"https:\/\/landioustravel.com\/de\/shop\/reise-pyramiden-sakkara-dahshur-kairo\/embed\/#?secret=0xT9ri1sB0\" data-secret=\"0xT9ri1sB0\" width=\"600\" height=\"338\" frameborder=\"0\" marginwidth=\"0\" marginheight=\"0\" scrolling=\"no\"><\/iframe>\n<\/div><figcaption><a href=\"https:\/\/landioustravel.com\/de\/shop\/reise-pyramiden-sakkara-dahshur-kairo\/\" target=\"_blank\" rel=\"noreferrer noopener\">Sakkara &amp; Dahshur Reise Kairo<\/a><\/figcaption><\/figure>\n\n\n\n<h2 class=\"wp-block-heading\" id=\"h-dahshur-touren-von-hurghada\">Dahshur Touren von Hurghada<\/h2>\n\n\n\n<p>Obwohl es weit ist, nach Dahshour zu gelangen, k\u00f6nnen Touristen einen Ausflug zu diesem erstaunlichen Ort arrangieren. Es gibt verschiedene M\u00f6glichkeiten, um von Hurghada nach Dahshur zu reisen. Die akzeptabelsten Optionen sind individuelle Reisen.<\/p>\n\n\n\n<p>Das Folgende ist ein Link zu dieser Reise, die Sie privat nach Dahshur unternehmen k\u00f6nnen:<\/p>\n\n\n\n<figure class=\"wp-block-embed is-type-wp-embed is-provider-landious-travel wp-block-embed-landious-travel\"><div class=\"wp-block-embed__wrapper\">\n<blockquote class=\"wp-embedded-content\" data-secret=\"nuzWI0iuDv\"><a href=\"https:\/\/landioustravel.com\/de\/shop\/sakkara-dahshur-reise-hurghada\/\">Sakkara &#038; Dahshur Reise Hurghada<\/a><\/blockquote><iframe loading=\"lazy\" class=\"wp-embedded-content\" sandbox=\"allow-scripts\" security=\"restricted\" style=\"position: absolute; clip: rect(1px, 1px, 1px, 1px);\" title=\"&#8222;Sakkara &#038; Dahshur Reise Hurghada&#8220; &#8212; Landious Travel\" src=\"https:\/\/landioustravel.com\/de\/shop\/sakkara-dahshur-reise-hurghada\/embed\/#?secret=nuzWI0iuDv\" data-secret=\"nuzWI0iuDv\" width=\"600\" height=\"338\" frameborder=\"0\" marginwidth=\"0\" marginheight=\"0\" scrolling=\"no\"><\/iframe>\n<\/div><figcaption><a href=\"https:\/\/landioustravel.com\/de\/shop\/sakkara-dahshur-reise-hurghada\/\" target=\"_blank\" rel=\"noreferrer noopener\">Sakkara &amp; Dahshur Reise Hurghada<\/a><\/figcaption><\/figure>\n","protected":false},"excerpt":{"rendered":"<p>In diesem Artikel w\u00e4hlen wir Dahshur als einen ber\u00fchmten Ort, \u00fcber den wir sprechen k\u00f6nnen. Wir werden auch zeigen, welche Touren wir an diesem historischen Ort machen k\u00f6nnen. Zun\u00e4chst werden wir eine Einf\u00fchrung in diesen Ort geben. Anschlie\u00dfend zeigen wir Ihnen, wie Sie es von verschiedenen Zielen aus erreichen k\u00f6nnen. Au\u00dferdem geben wir einen Buchungslink [&hellip;]<\/p>\n","protected":false},"author":1,"featured_media":30178,"parent":0,"menu_order":0,"comment_status":"open","ping_status":"closed","template":"","meta":{"_coblocks_attr":"","_coblocks_dimensions":"","_coblocks_responsive_height":"","_coblocks_accordion_ie_support":"","_uag_custom_page_level_css":"","jetpack_post_was_ever_published":false,"footnotes":""},"class_list":["post-30113","page","type-page","status-publish","has-post-thumbnail","hentry"],"yoast_head":"<!-- This site is optimized with the Yoast SEO Premium plugin v26.9 (Yoast SEO v27.3) - https:\/\/yoast.com\/product\/yoast-seo-premium-wordpress\/ -->\n<title>Dahshur Touren - Informationen und Route - Landious Travel<\/title>\n<meta name=\"description\" content=\"Dahshur Touren Wir Dahshur als einen ber\u00fchmten Ort, \u00fcber den wir sprechen k\u00f6nnen. Welche Touren wir an diesem historischen Ort machen k\u00f6nnen\" \/>\n<meta name=\"robots\" content=\"index, follow, max-snippet:-1, max-image-preview:large, max-video-preview:-1\" \/>\n<link rel=\"canonical\" href=\"https:\/\/landioustravel.com\/de\/dahshur-touren\/\" \/>\n<meta property=\"og:locale\" content=\"de_DE\" \/>\n<meta property=\"og:type\" content=\"article\" \/>\n<meta property=\"og:title\" content=\"Dahshur Touren\" \/>\n<meta property=\"og:description\" content=\"Dahshur Touren Wir Dahshur als einen ber\u00fchmten Ort, \u00fcber den wir sprechen k\u00f6nnen. Welche Touren wir an diesem historischen Ort machen k\u00f6nnen\" \/>\n<meta property=\"og:url\" content=\"https:\/\/landioustravel.com\/de\/dahshur-touren\/\" \/>\n<meta property=\"og:site_name\" content=\"Landious Travel\" \/>\n<meta property=\"article:publisher\" content=\"https:\/\/web.facebook.com\/landiousEgypt\" \/>\n<meta property=\"article:modified_time\" content=\"2021-03-27T13:56:48+00:00\" \/>\n<meta property=\"og:image\" content=\"https:\/\/i0.wp.com\/landioustravel.com\/wp-content\/uploads\/2021\/03\/Dahshur_touren-e1616851706490.jpg?fit=1200%2C675&ssl=1\" \/>\n\t<meta property=\"og:image:width\" content=\"1200\" \/>\n\t<meta property=\"og:image:height\" content=\"675\" \/>\n\t<meta property=\"og:image:type\" content=\"image\/jpeg\" \/>\n<meta name=\"twitter:card\" content=\"summary_large_image\" \/>\n<meta name=\"twitter:site\" content=\"@LandiousTours\" \/>\n<meta name=\"twitter:label1\" content=\"Gesch\u00e4tzte Lesezeit\" \/>\n\t<meta name=\"twitter:data1\" content=\"2\u00a0Minuten\" \/>\n<script type=\"application\/ld+json\" class=\"yoast-schema-graph\">{\"@context\":\"https:\\\/\\\/schema.org\",\"@graph\":[{\"@type\":\"WebPage\",\"@id\":\"https:\\\/\\\/landioustravel.com\\\/de\\\/dahshur-touren\\\/\",\"url\":\"https:\\\/\\\/landioustravel.com\\\/de\\\/dahshur-touren\\\/\",\"name\":\"Dahshur Touren - Informationen und Route - Landious Travel\",\"isPartOf\":{\"@id\":\"https:\\\/\\\/landioustravel.com\\\/de\\\/#website\"},\"primaryImageOfPage\":{\"@id\":\"https:\\\/\\\/landioustravel.com\\\/de\\\/dahshur-touren\\\/#primaryimage\"},\"image\":{\"@id\":\"https:\\\/\\\/landioustravel.com\\\/de\\\/dahshur-touren\\\/#primaryimage\"},\"thumbnailUrl\":\"https:\\\/\\\/i0.wp.com\\\/landioustravel.com\\\/wp-content\\\/uploads\\\/2021\\\/03\\\/Dahshur_touren-e1616851706490.jpg?fit=1200%2C675&ssl=1\",\"datePublished\":\"2021-03-26T20:29:25+00:00\",\"dateModified\":\"2021-03-27T13:56:48+00:00\",\"description\":\"Dahshur Touren Wir Dahshur als einen ber\u00fchmten Ort, \u00fcber den wir sprechen k\u00f6nnen. Welche Touren wir an diesem historischen Ort machen k\u00f6nnen\",\"breadcrumb\":{\"@id\":\"https:\\\/\\\/landioustravel.com\\\/de\\\/dahshur-touren\\\/#breadcrumb\"},\"inLanguage\":\"de\",\"potentialAction\":[{\"@type\":\"ReadAction\",\"target\":[\"https:\\\/\\\/landioustravel.com\\\/de\\\/dahshur-touren\\\/\"]}]},{\"@type\":\"ImageObject\",\"inLanguage\":\"de\",\"@id\":\"https:\\\/\\\/landioustravel.com\\\/de\\\/dahshur-touren\\\/#primaryimage\",\"url\":\"https:\\\/\\\/i0.wp.com\\\/landioustravel.com\\\/wp-content\\\/uploads\\\/2021\\\/03\\\/Dahshur_touren-e1616851706490.jpg?fit=1200%2C675&ssl=1\",\"contentUrl\":\"https:\\\/\\\/i0.wp.com\\\/landioustravel.com\\\/wp-content\\\/uploads\\\/2021\\\/03\\\/Dahshur_touren-e1616851706490.jpg?fit=1200%2C675&ssl=1\",\"width\":1200,\"height\":675,\"caption\":\"Dahshur Touren\"},{\"@type\":\"BreadcrumbList\",\"@id\":\"https:\\\/\\\/landioustravel.com\\\/de\\\/dahshur-touren\\\/#breadcrumb\",\"itemListElement\":[{\"@type\":\"ListItem\",\"position\":1,\"name\":\"Home\",\"item\":\"https:\\\/\\\/landioustravel.com\\\/de\\\/\"},{\"@type\":\"ListItem\",\"position\":2,\"name\":\"Dahshur Touren\"}]},{\"@type\":\"WebSite\",\"@id\":\"https:\\\/\\\/landioustravel.com\\\/de\\\/#website\",\"url\":\"https:\\\/\\\/landioustravel.com\\\/de\\\/\",\"name\":\"Landious Travel\",\"description\":\"Excursions, trips and cruises in Egypt\",\"publisher\":{\"@id\":\"https:\\\/\\\/landioustravel.com\\\/de\\\/#organization\"},\"potentialAction\":[{\"@type\":\"SearchAction\",\"target\":{\"@type\":\"EntryPoint\",\"urlTemplate\":\"https:\\\/\\\/landioustravel.com\\\/de\\\/?s={search_term_string}\"},\"query-input\":{\"@type\":\"PropertyValueSpecification\",\"valueRequired\":true,\"valueName\":\"search_term_string\"}}],\"inLanguage\":\"de\"},{\"@type\":[\"Organization\",\"Place\"],\"@id\":\"https:\\\/\\\/landioustravel.com\\\/de\\\/#organization\",\"name\":\"Landious Travel\",\"alternateName\":\"Landious Travel\",\"url\":\"https:\\\/\\\/landioustravel.com\\\/de\\\/\",\"logo\":{\"@id\":\"https:\\\/\\\/landioustravel.com\\\/de\\\/dahshur-touren\\\/#local-main-organization-logo\"},\"image\":{\"@id\":\"https:\\\/\\\/landioustravel.com\\\/de\\\/dahshur-touren\\\/#local-main-organization-logo\"},\"sameAs\":[\"https:\\\/\\\/web.facebook.com\\\/landiousEgypt\",\"https:\\\/\\\/x.com\\\/LandiousTours\",\"https:\\\/\\\/mastodon.social\\\/@landious\"],\"legalName\":\"Landious Travel\",\"telephone\":[],\"openingHoursSpecification\":[{\"@type\":\"OpeningHoursSpecification\",\"dayOfWeek\":[\"Monday\",\"Tuesday\",\"Wednesday\",\"Thursday\",\"Friday\",\"Saturday\",\"Sunday\"],\"opens\":\"09:00\",\"closes\":\"17:00\"}]},{\"@type\":\"ImageObject\",\"inLanguage\":\"de\",\"@id\":\"https:\\\/\\\/landioustravel.com\\\/de\\\/dahshur-touren\\\/#local-main-organization-logo\",\"url\":\"https:\\\/\\\/i0.wp.com\\\/landioustravel.com\\\/wp-content\\\/uploads\\\/2021\\\/06\\\/Landious-T.png?fit=500%2C500&ssl=1\",\"contentUrl\":\"https:\\\/\\\/i0.wp.com\\\/landioustravel.com\\\/wp-content\\\/uploads\\\/2021\\\/06\\\/Landious-T.png?fit=500%2C500&ssl=1\",\"width\":500,\"height\":500,\"caption\":\"Landious Travel\"}]}<\/script>\n<!-- \/ Yoast SEO Premium plugin. -->","yoast_head_json":{"title":"Dahshur Touren - Informationen und Route - Landious Travel","description":"Dahshur Touren Wir Dahshur als einen ber\u00fchmten Ort, \u00fcber den wir sprechen k\u00f6nnen. Welche Touren wir an diesem historischen Ort machen k\u00f6nnen","robots":{"index":"index","follow":"follow","max-snippet":"max-snippet:-1","max-image-preview":"max-image-preview:large","max-video-preview":"max-video-preview:-1"},"canonical":"https:\/\/landioustravel.com\/de\/dahshur-touren\/","og_locale":"de_DE","og_type":"article","og_title":"Dahshur Touren","og_description":"Dahshur Touren Wir Dahshur als einen ber\u00fchmten Ort, \u00fcber den wir sprechen k\u00f6nnen. Welche Touren wir an diesem historischen Ort machen k\u00f6nnen","og_url":"https:\/\/landioustravel.com\/de\/dahshur-touren\/","og_site_name":"Landious Travel","article_publisher":"https:\/\/web.facebook.com\/landiousEgypt","article_modified_time":"2021-03-27T13:56:48+00:00","og_image":[{"width":1200,"height":675,"url":"https:\/\/i0.wp.com\/landioustravel.com\/wp-content\/uploads\/2021\/03\/Dahshur_touren-e1616851706490.jpg?fit=1200%2C675&ssl=1","type":"image\/jpeg"}],"twitter_card":"summary_large_image","twitter_site":"@LandiousTours","twitter_misc":{"Gesch\u00e4tzte Lesezeit":"2\u00a0Minuten"},"schema":{"@context":"https:\/\/schema.org","@graph":[{"@type":"WebPage","@id":"https:\/\/landioustravel.com\/de\/dahshur-touren\/","url":"https:\/\/landioustravel.com\/de\/dahshur-touren\/","name":"Dahshur Touren - Informationen und Route - Landious Travel","isPartOf":{"@id":"https:\/\/landioustravel.com\/de\/#website"},"primaryImageOfPage":{"@id":"https:\/\/landioustravel.com\/de\/dahshur-touren\/#primaryimage"},"image":{"@id":"https:\/\/landioustravel.com\/de\/dahshur-touren\/#primaryimage"},"thumbnailUrl":"https:\/\/i0.wp.com\/landioustravel.com\/wp-content\/uploads\/2021\/03\/Dahshur_touren-e1616851706490.jpg?fit=1200%2C675&ssl=1","datePublished":"2021-03-26T20:29:25+00:00","dateModified":"2021-03-27T13:56:48+00:00","description":"Dahshur Touren Wir Dahshur als einen ber\u00fchmten Ort, \u00fcber den wir sprechen k\u00f6nnen. Welche Touren wir an diesem historischen Ort machen k\u00f6nnen","breadcrumb":{"@id":"https:\/\/landioustravel.com\/de\/dahshur-touren\/#breadcrumb"},"inLanguage":"de","potentialAction":[{"@type":"ReadAction","target":["https:\/\/landioustravel.com\/de\/dahshur-touren\/"]}]},{"@type":"ImageObject","inLanguage":"de","@id":"https:\/\/landioustravel.com\/de\/dahshur-touren\/#primaryimage","url":"https:\/\/i0.wp.com\/landioustravel.com\/wp-content\/uploads\/2021\/03\/Dahshur_touren-e1616851706490.jpg?fit=1200%2C675&ssl=1","contentUrl":"https:\/\/i0.wp.com\/landioustravel.com\/wp-content\/uploads\/2021\/03\/Dahshur_touren-e1616851706490.jpg?fit=1200%2C675&ssl=1","width":1200,"height":675,"caption":"Dahshur Touren"},{"@type":"BreadcrumbList","@id":"https:\/\/landioustravel.com\/de\/dahshur-touren\/#breadcrumb","itemListElement":[{"@type":"ListItem","position":1,"name":"Home","item":"https:\/\/landioustravel.com\/de\/"},{"@type":"ListItem","position":2,"name":"Dahshur Touren"}]},{"@type":"WebSite","@id":"https:\/\/landioustravel.com\/de\/#website","url":"https:\/\/landioustravel.com\/de\/","name":"Landious Travel","description":"Excursions, trips and cruises in Egypt","publisher":{"@id":"https:\/\/landioustravel.com\/de\/#organization"},"potentialAction":[{"@type":"SearchAction","target":{"@type":"EntryPoint","urlTemplate":"https:\/\/landioustravel.com\/de\/?s={search_term_string}"},"query-input":{"@type":"PropertyValueSpecification","valueRequired":true,"valueName":"search_term_string"}}],"inLanguage":"de"},{"@type":["Organization","Place"],"@id":"https:\/\/landioustravel.com\/de\/#organization","name":"Landious Travel","alternateName":"Landious Travel","url":"https:\/\/landioustravel.com\/de\/","logo":{"@id":"https:\/\/landioustravel.com\/de\/dahshur-touren\/#local-main-organization-logo"},"image":{"@id":"https:\/\/landioustravel.com\/de\/dahshur-touren\/#local-main-organization-logo"},"sameAs":["https:\/\/web.facebook.com\/landiousEgypt","https:\/\/x.com\/LandiousTours","https:\/\/mastodon.social\/@landious"],"legalName":"Landious Travel","telephone":[],"openingHoursSpecification":[{"@type":"OpeningHoursSpecification","dayOfWeek":["Monday","Tuesday","Wednesday","Thursday","Friday","Saturday","Sunday"],"opens":"09:00","closes":"17:00"}]},{"@type":"ImageObject","inLanguage":"de","@id":"https:\/\/landioustravel.com\/de\/dahshur-touren\/#local-main-organization-logo","url":"https:\/\/i0.wp.com\/landioustravel.com\/wp-content\/uploads\/2021\/06\/Landious-T.png?fit=500%2C500&ssl=1","contentUrl":"https:\/\/i0.wp.com\/landioustravel.com\/wp-content\/uploads\/2021\/06\/Landious-T.png?fit=500%2C500&ssl=1","width":500,"height":500,"caption":"Landious Travel"}]}},"uagb_featured_image_src":{"full":["https:\/\/i0.wp.com\/landioustravel.com\/wp-content\/uploads\/2021\/03\/Dahshur_touren-e1616851706490.jpg?fit=1200%2C675&ssl=1",1200,675,false],"thumbnail":["https:\/\/i0.wp.com\/landioustravel.com\/wp-content\/uploads\/2021\/03\/Dahshur_touren-e1616851706490.jpg?resize=150%2C150&ssl=1",150,150,true],"medium":["https:\/\/i0.wp.com\/landioustravel.com\/wp-content\/uploads\/2021\/03\/Dahshur_touren-e1616851706490.jpg?fit=300%2C169&ssl=1",300,169,true],"medium_large":["https:\/\/i0.wp.com\/landioustravel.com\/wp-content\/uploads\/2021\/03\/Dahshur_touren-e1616851706490.jpg?fit=768%2C432&ssl=1",768,432,true],"large":["https:\/\/i0.wp.com\/landioustravel.com\/wp-content\/uploads\/2021\/03\/Dahshur_touren-e1616851706490.jpg?fit=980%2C551&ssl=1",980,551,true],"1536x1536":["https:\/\/i0.wp.com\/landioustravel.com\/wp-content\/uploads\/2021\/03\/Dahshur_touren-e1616851706490.jpg?fit=1200%2C675&ssl=1",1200,675,true],"2048x2048":["https:\/\/i0.wp.com\/landioustravel.com\/wp-content\/uploads\/2021\/03\/Dahshur_touren-e1616851706490.jpg?fit=1200%2C675&ssl=1",1200,675,true],"newspack-article-block-landscape-large":["https:\/\/i0.wp.com\/landioustravel.com\/wp-content\/uploads\/2021\/03\/Dahshur_touren-e1616851706490.jpg?resize=1200%2C675&ssl=1",1200,675,true],"newspack-article-block-portrait-large":["https:\/\/i0.wp.com\/landioustravel.com\/wp-content\/uploads\/2021\/03\/Dahshur_touren-e1616851706490.jpg?resize=900%2C675&ssl=1",900,675,true],"newspack-article-block-square-large":["https:\/\/i0.wp.com\/landioustravel.com\/wp-content\/uploads\/2021\/03\/Dahshur_touren-e1616851706490.jpg?resize=1200%2C675&ssl=1",1200,675,true],"newspack-article-block-landscape-medium":["https:\/\/i0.wp.com\/landioustravel.com\/wp-content\/uploads\/2021\/03\/Dahshur_touren-e1616851706490.jpg?resize=800%2C600&ssl=1",800,600,true],"newspack-article-block-portrait-medium":["https:\/\/i0.wp.com\/landioustravel.com\/wp-content\/uploads\/2021\/03\/Dahshur_touren-e1616851706490.jpg?resize=600%2C675&ssl=1",600,675,true],"newspack-article-block-square-medium":["https:\/\/i0.wp.com\/landioustravel.com\/wp-content\/uploads\/2021\/03\/Dahshur_touren-e1616851706490.jpg?resize=800%2C675&ssl=1",800,675,true],"newspack-article-block-landscape-intermediate":["https:\/\/i0.wp.com\/landioustravel.com\/wp-content\/uploads\/2021\/03\/Dahshur_touren-e1616851706490.jpg?resize=600%2C450&ssl=1",600,450,true],"newspack-article-block-portrait-intermediate":["https:\/\/i0.wp.com\/landioustravel.com\/wp-content\/uploads\/2021\/03\/Dahshur_touren-e1616851706490.jpg?resize=450%2C600&ssl=1",450,600,true],"newspack-article-block-square-intermediate":["https:\/\/i0.wp.com\/landioustravel.com\/wp-content\/uploads\/2021\/03\/Dahshur_touren-e1616851706490.jpg?resize=600%2C600&ssl=1",600,600,true],"newspack-article-block-landscape-small":["https:\/\/i0.wp.com\/landioustravel.com\/wp-content\/uploads\/2021\/03\/Dahshur_touren-e1616851706490.jpg?resize=400%2C300&ssl=1",400,300,true],"newspack-article-block-portrait-small":["https:\/\/i0.wp.com\/landioustravel.com\/wp-content\/uploads\/2021\/03\/Dahshur_touren-e1616851706490.jpg?resize=300%2C400&ssl=1",300,400,true],"newspack-article-block-square-small":["https:\/\/i0.wp.com\/landioustravel.com\/wp-content\/uploads\/2021\/03\/Dahshur_touren-e1616851706490.jpg?resize=400%2C400&ssl=1",400,400,true],"newspack-article-block-landscape-tiny":["https:\/\/i0.wp.com\/landioustravel.com\/wp-content\/uploads\/2021\/03\/Dahshur_touren-e1616851706490.jpg?resize=200%2C150&ssl=1",200,150,true],"newspack-article-block-portrait-tiny":["https:\/\/i0.wp.com\/landioustravel.com\/wp-content\/uploads\/2021\/03\/Dahshur_touren-e1616851706490.jpg?resize=150%2C200&ssl=1",150,200,true],"newspack-article-block-square-tiny":["https:\/\/i0.wp.com\/landioustravel.com\/wp-content\/uploads\/2021\/03\/Dahshur_touren-e1616851706490.jpg?resize=200%2C200&ssl=1",200,200,true],"newspack-article-block-uncropped":["https:\/\/i0.wp.com\/landioustravel.com\/wp-content\/uploads\/2021\/03\/Dahshur_touren-e1616851706490.jpg?fit=1200%2C675&ssl=1",1200,675,true],"woocommerce_thumbnail":["https:\/\/i0.wp.com\/landioustravel.com\/wp-content\/uploads\/2021\/03\/Dahshur_touren-e1616851706490.jpg?resize=324%2C324&ssl=1",324,324,true],"woocommerce_single":["https:\/\/i0.wp.com\/landioustravel.com\/wp-content\/uploads\/2021\/03\/Dahshur_touren-e1616851706490.jpg?fit=416%2C234&ssl=1",416,234,true],"woocommerce_gallery_thumbnail":["https:\/\/i0.wp.com\/landioustravel.com\/wp-content\/uploads\/2021\/03\/Dahshur_touren-e1616851706490.jpg?resize=100%2C100&ssl=1",100,100,true]},"uagb_author_info":{"display_name":"Mofreh Landious","author_link":"https:\/\/landioustravel.com\/de\/author\/landious\/"},"uagb_comment_info":0,"uagb_excerpt":"In diesem Artikel w\u00e4hlen wir Dahshur als einen ber\u00fchmten Ort, \u00fcber den wir sprechen k\u00f6nnen. Wir werden auch zeigen, welche Touren wir an diesem historischen Ort machen k\u00f6nnen. Zun\u00e4chst werden wir eine Einf\u00fchrung in diesen Ort geben. Anschlie\u00dfend zeigen wir Ihnen, wie Sie es von verschiedenen Zielen aus erreichen k\u00f6nnen. Au\u00dferdem geben wir einen Buchungslink&hellip;","jetpack_sharing_enabled":true,"jetpack_shortlink":"https:\/\/wp.me\/Par4r5-7PH","jetpack_likes_enabled":true,"amp_enabled":true,"_links":{"self":[{"href":"https:\/\/landioustravel.com\/de\/wp-json\/wp\/v2\/pages\/30113","targetHints":{"allow":["GET"]}}],"collection":[{"href":"https:\/\/landioustravel.com\/de\/wp-json\/wp\/v2\/pages"}],"about":[{"href":"https:\/\/landioustravel.com\/de\/wp-json\/wp\/v2\/types\/page"}],"author":[{"embeddable":true,"href":"https:\/\/landioustravel.com\/de\/wp-json\/wp\/v2\/users\/1"}],"replies":[{"embeddable":true,"href":"https:\/\/landioustravel.com\/de\/wp-json\/wp\/v2\/comments?post=30113"}],"version-history":[{"count":0,"href":"https:\/\/landioustravel.com\/de\/wp-json\/wp\/v2\/pages\/30113\/revisions"}],"wp:featuredmedia":[{"embeddable":true,"href":"https:\/\/landioustravel.com\/de\/wp-json\/wp\/v2\/media\/30178"}],"wp:attachment":[{"href":"https:\/\/landioustravel.com\/de\/wp-json\/wp\/v2\/media?parent=30113"}],"curies":[{"name":"wp","href":"https:\/\/api.w.org\/{rel}","templated":true}]}}