{"id":3586,"date":"2019-03-29T13:31:35","date_gmt":"2019-03-29T11:31:35","guid":{"rendered":"https:\/\/landioustravel.com\/?page_id=3586"},"modified":"2021-09-01T20:48:47","modified_gmt":"2021-09-01T18:48:47","slug":"luxor-tempel","status":"publish","type":"page","link":"https:\/\/landioustravel.com\/de\/agypten\/agyptischen-tempel\/luxor-tempel\/","title":{"rendered":"Luxor Tempel"},"content":{"rendered":"\n<p>Amenhotep III (1390-52 v. Chr.) baute den Luxor-Tempel, aber <a href=\"https:\/\/landioustravel.com\/de\/agypten\/pharaonen-aegypten\/tutanchamun\/\">Tutanchamun<\/a> (1336-27 v. Chr.) und Horemheb (1323-1295 v.Chr.) vollendeten ihn. Schlie\u00dflich f\u00fcgte <a href=\"https:\/\/landioustravel.com\/de\/agypten\/pharaonen-aegypten\/ramses-ii\/\">Ramses II.<\/a> (1279-13 v. Chr.) diesen Tempel seinem eigenen hinzu. Ein Granitschrein, der Alexander dem Gro\u00dfen (332-305 v. Chr.) gewidmet ist, steht auf der R\u00fcckseite des Tempels. Der Tempel von Ramses II war das Zentrum des wichtigsten <a href=\"https:\/\/landioustravel.com\/de\/agypten\/feste-alten-aegypten\/\">Feste<\/a> \u2013 des Festivals von Opet. Dieses Fest sollte den menschlichen Aspekt des Herrschers mit dem g\u00f6ttlichen Amt in Einklang bringen.<\/p>\n\n\n\n<h2 class=\"wp-block-heading\" id=\"h-lage-des-luxor-tempels\">Lage des Luxor-Tempels<\/h2>\n\n\n\n<p>Der Luxor-Tempel ist ein alt\u00e4gyptischer Tempelkomplex am Ostufer des <a href=\"https:\/\/landioustravel.com\/de\/nil\/\">Nils<\/a> in der Stadt Theben im <a href=\"https:\/\/landioustravel.com\/de\/agypten\/aegyptische-staedte\/luxor-gouvernement\/\">Gouvernement Luxor<\/a>.<\/p>\n\n\n\n<div style=\"min-height:400px\" data-map-attr=\"\/qaddress\/q:\/qluxor temple\/q||\/qlat\/q:\/qundefined\/q||\/qlng\/q:\/qundefined\/q||\/qskin\/q:\/qstandard\/q||\/qzoom\/q:\/q12\/q||\/qiconSize\/q:\/q36\/q||\/qmapTypeControl\/q:\/qtrue\/q||\/qzoomControl\/q:\/qtrue\/q||\/qstreetViewControl\/q:\/qtrue\/q||\/qfullscreenControl\/q:\/qtrue\/q\" class=\"wp-block-coblocks-map\"><iframe title=\"Google Map\" frameborder=\"0\" style=\"width:100%;min-height:400px\" src=\"https:\/\/www.google.com\/maps?q=luxor%20temple&amp;output=embed&amp;hl=en-US&amp;z=12\"><\/iframe><\/div>\n\n\n\n<h2 class=\"wp-block-heading\">Geschichte des Tempels<\/h2>\n\n\n\n<p>Bis jetzt k\u00f6nnen wir feststellen, dass der Luxor-Tempel immer noch als Kultst\u00e4tte dient. W\u00e4hrend der christlichen \u00c4ra bauten die fr\u00fchen Christen die S\u00e4ulenhalle des Tempels in eine christliche Kirche um. Besucher dieses Tempels k\u00f6nnen die \u00dcberreste einer anderen koptischen Kirche westlich dieses Tempels sehen. Sie schlossen die T\u00fcr zu Alexanders Schrein und errichteten in dieser Zeit die Kirche im zweiten offenen Hof. Nach dem Auftreten des Islam in \u00c4gypten verlor der Tempel schnell seinen Sinn. Dann begruben Luxors Stra\u00dfen und H\u00e4user es mehr als tausend Jahre lang. Sp\u00e4ter baute ein Sufi-Scheich Yusuf Abu al-Hajjaj eine <a href=\"https:\/\/www.google.com\/maps\/place\/Abou+al-Haggag+Mosque\/@25.699874,32.6375858,17z\/data=!3m1!4b1!4m5!3m4!1s0x144915d20755d635:0x3946ca93a2c07781!8m2!3d25.6998692!4d32.6397745\" target=\"_blank\" rel=\"noreferrer noopener\">Moschee<\/a> \u00fcber dem nord\u00f6stlichen Teil davon. Bei der k\u00fcrzlichen Freilegung des Tempels hielten die Arch\u00e4ologen diese Moschee intakt, obwohl sie einen Teil des Luxor-Tempels verbirgt. Es dient immer noch bis heute.<\/p>\n","protected":false},"excerpt":{"rendered":"<p>Amenhotep III (1390-52 v. Chr.) baute den Luxor-Tempel, aber Tutanchamun (1336-27 v. Chr.) und Horemheb (1323-1295 v.Chr.) vollendeten ihn. Schlie\u00dflich f\u00fcgte Ramses II. (1279-13 v. Chr.) diesen Tempel seinem eigenen hinzu. Ein Granitschrein, der Alexander dem Gro\u00dfen (332-305 v. Chr.) gewidmet ist, steht auf der R\u00fcckseite des Tempels. Der Tempel von Ramses II war das [&hellip;]<\/p>\n","protected":false},"author":1,"featured_media":30506,"parent":3125,"menu_order":3,"comment_status":"open","ping_status":"closed","template":"","meta":{"_coblocks_attr":"","_coblocks_dimensions":"","_coblocks_responsive_height":"","_coblocks_accordion_ie_support":"","_uag_custom_page_level_css":"","footnotes":""},"class_list":["post-3586","page","type-page","status-publish","has-post-thumbnail","hentry"],"yoast_head":"<!-- This site is optimized with the Yoast SEO Premium plugin v27.5 (Yoast SEO v27.5) - https:\/\/yoast.com\/product\/yoast-seo-premium-wordpress\/ -->\n<title>Luxor Tempel - Information und Geschichte - Landious Travel<\/title>\n<meta name=\"description\" content=\"Luxor Tempel ist ein antiker \u00e4gyptischer Tempelkomplex, der am Ostufer des Nils in der Stadt Thebes liegt, wurde von Amenhotep III\" \/>\n<meta name=\"robots\" content=\"index, follow, max-snippet:-1, max-image-preview:large, max-video-preview:-1\" \/>\n<link rel=\"canonical\" href=\"https:\/\/landioustravel.com\/de\/agypten\/agyptischen-tempel\/luxor-tempel\/\" \/>\n<meta property=\"og:locale\" content=\"de_DE\" \/>\n<meta property=\"og:type\" content=\"article\" \/>\n<meta property=\"og:title\" content=\"Luxor Tempel\" \/>\n<meta property=\"og:description\" content=\"Luxor Tempel ist ein antiker \u00e4gyptischer Tempelkomplex, der am Ostufer des Nils in der Stadt Thebes liegt, wurde von Amenhotep III\" \/>\n<meta property=\"og:url\" content=\"https:\/\/landioustravel.com\/de\/agypten\/agyptischen-tempel\/luxor-tempel\/\" \/>\n<meta property=\"og:site_name\" content=\"Landious Travel\" \/>\n<meta property=\"article:publisher\" content=\"https:\/\/web.facebook.com\/landiousEgypt\" \/>\n<meta property=\"article:modified_time\" content=\"2021-09-01T18:48:47+00:00\" \/>\n<meta property=\"og:image\" content=\"https:\/\/i0.wp.com\/landioustravel.com\/wp-content\/uploads\/2021\/03\/Luxor-Tempel-e1617196686428.jpg?fit=1200%2C675&ssl=1\" \/>\n\t<meta property=\"og:image:width\" content=\"1200\" \/>\n\t<meta property=\"og:image:height\" content=\"675\" \/>\n\t<meta property=\"og:image:type\" content=\"image\/jpeg\" \/>\n<meta name=\"twitter:card\" content=\"summary_large_image\" \/>\n<meta name=\"twitter:site\" content=\"@LandiousTours\" \/>\n<meta name=\"twitter:label1\" content=\"Gesch\u00e4tzte Lesezeit\" \/>\n\t<meta name=\"twitter:data1\" content=\"1\u00a0Minute\" \/>\n<script type=\"application\/ld+json\" class=\"yoast-schema-graph\">{\"@context\":\"https:\\\/\\\/schema.org\",\"@graph\":[{\"@type\":\"WebPage\",\"@id\":\"https:\\\/\\\/landioustravel.com\\\/de\\\/agypten\\\/agyptischen-tempel\\\/luxor-tempel\\\/\",\"url\":\"https:\\\/\\\/landioustravel.com\\\/de\\\/agypten\\\/agyptischen-tempel\\\/luxor-tempel\\\/\",\"name\":\"Luxor Tempel - Information und Geschichte - Landious Travel\",\"isPartOf\":{\"@id\":\"https:\\\/\\\/landioustravel.com\\\/de\\\/#website\"},\"primaryImageOfPage\":{\"@id\":\"https:\\\/\\\/landioustravel.com\\\/de\\\/agypten\\\/agyptischen-tempel\\\/luxor-tempel\\\/#primaryimage\"},\"image\":{\"@id\":\"https:\\\/\\\/landioustravel.com\\\/de\\\/agypten\\\/agyptischen-tempel\\\/luxor-tempel\\\/#primaryimage\"},\"thumbnailUrl\":\"https:\\\/\\\/i0.wp.com\\\/landioustravel.com\\\/wp-content\\\/uploads\\\/2021\\\/03\\\/Luxor-Tempel-e1617196686428.jpg?fit=1200%2C675&ssl=1\",\"datePublished\":\"2019-03-29T11:31:35+00:00\",\"dateModified\":\"2021-09-01T18:48:47+00:00\",\"description\":\"Luxor Tempel ist ein antiker \u00e4gyptischer Tempelkomplex, der am Ostufer des Nils in der Stadt Thebes liegt, wurde von Amenhotep III\",\"breadcrumb\":{\"@id\":\"https:\\\/\\\/landioustravel.com\\\/de\\\/agypten\\\/agyptischen-tempel\\\/luxor-tempel\\\/#breadcrumb\"},\"inLanguage\":\"de\",\"potentialAction\":[{\"@type\":\"ReadAction\",\"target\":[\"https:\\\/\\\/landioustravel.com\\\/de\\\/agypten\\\/agyptischen-tempel\\\/luxor-tempel\\\/\"]}]},{\"@type\":\"ImageObject\",\"inLanguage\":\"de\",\"@id\":\"https:\\\/\\\/landioustravel.com\\\/de\\\/agypten\\\/agyptischen-tempel\\\/luxor-tempel\\\/#primaryimage\",\"url\":\"https:\\\/\\\/i0.wp.com\\\/landioustravel.com\\\/wp-content\\\/uploads\\\/2021\\\/03\\\/Luxor-Tempel-e1617196686428.jpg?fit=1200%2C675&ssl=1\",\"contentUrl\":\"https:\\\/\\\/i0.wp.com\\\/landioustravel.com\\\/wp-content\\\/uploads\\\/2021\\\/03\\\/Luxor-Tempel-e1617196686428.jpg?fit=1200%2C675&ssl=1\",\"width\":1200,\"height\":675,\"caption\":\"Luxor Tempel\"},{\"@type\":\"BreadcrumbList\",\"@id\":\"https:\\\/\\\/landioustravel.com\\\/de\\\/agypten\\\/agyptischen-tempel\\\/luxor-tempel\\\/#breadcrumb\",\"itemListElement\":[{\"@type\":\"ListItem\",\"position\":1,\"name\":\"Home\",\"item\":\"https:\\\/\\\/landioustravel.com\\\/de\\\/\"},{\"@type\":\"ListItem\",\"position\":2,\"name\":\"\u00c4gypten\",\"item\":\"https:\\\/\\\/landioustravel.com\\\/de\\\/agypten\\\/\"},{\"@type\":\"ListItem\",\"position\":3,\"name\":\"\u00c4gyptischen Tempel\",\"item\":\"https:\\\/\\\/landioustravel.com\\\/de\\\/agypten\\\/agyptischen-tempel\\\/\"},{\"@type\":\"ListItem\",\"position\":4,\"name\":\"Luxor Tempel\"}]},{\"@type\":\"WebSite\",\"@id\":\"https:\\\/\\\/landioustravel.com\\\/de\\\/#website\",\"url\":\"https:\\\/\\\/landioustravel.com\\\/de\\\/\",\"name\":\"Landious Travel\",\"description\":\"Excursions, trips and cruises in Egypt\",\"publisher\":{\"@id\":\"https:\\\/\\\/landioustravel.com\\\/de\\\/#organization\"},\"potentialAction\":[{\"@type\":\"SearchAction\",\"target\":{\"@type\":\"EntryPoint\",\"urlTemplate\":\"https:\\\/\\\/landioustravel.com\\\/de\\\/?s={search_term_string}\"},\"query-input\":{\"@type\":\"PropertyValueSpecification\",\"valueRequired\":true,\"valueName\":\"search_term_string\"}}],\"inLanguage\":\"de\"},{\"@type\":[\"Organization\",\"Place\"],\"@id\":\"https:\\\/\\\/landioustravel.com\\\/de\\\/#organization\",\"name\":\"Landious Travel\",\"alternateName\":\"Landious Travel\",\"url\":\"https:\\\/\\\/landioustravel.com\\\/de\\\/\",\"logo\":{\"@id\":\"https:\\\/\\\/landioustravel.com\\\/de\\\/agypten\\\/agyptischen-tempel\\\/luxor-tempel\\\/#local-main-organization-logo\"},\"image\":{\"@id\":\"https:\\\/\\\/landioustravel.com\\\/de\\\/agypten\\\/agyptischen-tempel\\\/luxor-tempel\\\/#local-main-organization-logo\"},\"sameAs\":[\"https:\\\/\\\/web.facebook.com\\\/landiousEgypt\",\"https:\\\/\\\/x.com\\\/LandiousTours\",\"https:\\\/\\\/mastodon.social\\\/@landious\"],\"legalName\":\"Landious Travel\",\"telephone\":[],\"openingHoursSpecification\":[{\"@type\":\"OpeningHoursSpecification\",\"dayOfWeek\":[\"Monday\",\"Tuesday\",\"Wednesday\",\"Thursday\",\"Friday\",\"Saturday\",\"Sunday\"],\"opens\":\"09:00\",\"closes\":\"17:00\"}]},{\"@type\":\"ImageObject\",\"inLanguage\":\"de\",\"@id\":\"https:\\\/\\\/landioustravel.com\\\/de\\\/agypten\\\/agyptischen-tempel\\\/luxor-tempel\\\/#local-main-organization-logo\",\"url\":\"https:\\\/\\\/i0.wp.com\\\/landioustravel.com\\\/wp-content\\\/uploads\\\/2021\\\/06\\\/Landious-T.png?fit=500%2C500&ssl=1\",\"contentUrl\":\"https:\\\/\\\/i0.wp.com\\\/landioustravel.com\\\/wp-content\\\/uploads\\\/2021\\\/06\\\/Landious-T.png?fit=500%2C500&ssl=1\",\"width\":500,\"height\":500,\"caption\":\"Landious Travel\"}]}<\/script>\n<!-- \/ Yoast SEO Premium plugin. -->","yoast_head_json":{"title":"Luxor Tempel - Information und Geschichte - Landious Travel","description":"Luxor Tempel ist ein antiker \u00e4gyptischer Tempelkomplex, der am Ostufer des Nils in der Stadt Thebes liegt, wurde von Amenhotep III","robots":{"index":"index","follow":"follow","max-snippet":"max-snippet:-1","max-image-preview":"max-image-preview:large","max-video-preview":"max-video-preview:-1"},"canonical":"https:\/\/landioustravel.com\/de\/agypten\/agyptischen-tempel\/luxor-tempel\/","og_locale":"de_DE","og_type":"article","og_title":"Luxor Tempel","og_description":"Luxor Tempel ist ein antiker \u00e4gyptischer Tempelkomplex, der am Ostufer des Nils in der Stadt Thebes liegt, wurde von Amenhotep III","og_url":"https:\/\/landioustravel.com\/de\/agypten\/agyptischen-tempel\/luxor-tempel\/","og_site_name":"Landious Travel","article_publisher":"https:\/\/web.facebook.com\/landiousEgypt","article_modified_time":"2021-09-01T18:48:47+00:00","og_image":[{"width":1200,"height":675,"url":"https:\/\/i0.wp.com\/landioustravel.com\/wp-content\/uploads\/2021\/03\/Luxor-Tempel-e1617196686428.jpg?fit=1200%2C675&ssl=1","type":"image\/jpeg"}],"twitter_card":"summary_large_image","twitter_site":"@LandiousTours","twitter_misc":{"Gesch\u00e4tzte Lesezeit":"1\u00a0Minute"},"schema":{"@context":"https:\/\/schema.org","@graph":[{"@type":"WebPage","@id":"https:\/\/landioustravel.com\/de\/agypten\/agyptischen-tempel\/luxor-tempel\/","url":"https:\/\/landioustravel.com\/de\/agypten\/agyptischen-tempel\/luxor-tempel\/","name":"Luxor Tempel - Information und Geschichte - Landious Travel","isPartOf":{"@id":"https:\/\/landioustravel.com\/de\/#website"},"primaryImageOfPage":{"@id":"https:\/\/landioustravel.com\/de\/agypten\/agyptischen-tempel\/luxor-tempel\/#primaryimage"},"image":{"@id":"https:\/\/landioustravel.com\/de\/agypten\/agyptischen-tempel\/luxor-tempel\/#primaryimage"},"thumbnailUrl":"https:\/\/i0.wp.com\/landioustravel.com\/wp-content\/uploads\/2021\/03\/Luxor-Tempel-e1617196686428.jpg?fit=1200%2C675&ssl=1","datePublished":"2019-03-29T11:31:35+00:00","dateModified":"2021-09-01T18:48:47+00:00","description":"Luxor Tempel ist ein antiker \u00e4gyptischer Tempelkomplex, der am Ostufer des Nils in der Stadt Thebes liegt, wurde von Amenhotep III","breadcrumb":{"@id":"https:\/\/landioustravel.com\/de\/agypten\/agyptischen-tempel\/luxor-tempel\/#breadcrumb"},"inLanguage":"de","potentialAction":[{"@type":"ReadAction","target":["https:\/\/landioustravel.com\/de\/agypten\/agyptischen-tempel\/luxor-tempel\/"]}]},{"@type":"ImageObject","inLanguage":"de","@id":"https:\/\/landioustravel.com\/de\/agypten\/agyptischen-tempel\/luxor-tempel\/#primaryimage","url":"https:\/\/i0.wp.com\/landioustravel.com\/wp-content\/uploads\/2021\/03\/Luxor-Tempel-e1617196686428.jpg?fit=1200%2C675&ssl=1","contentUrl":"https:\/\/i0.wp.com\/landioustravel.com\/wp-content\/uploads\/2021\/03\/Luxor-Tempel-e1617196686428.jpg?fit=1200%2C675&ssl=1","width":1200,"height":675,"caption":"Luxor Tempel"},{"@type":"BreadcrumbList","@id":"https:\/\/landioustravel.com\/de\/agypten\/agyptischen-tempel\/luxor-tempel\/#breadcrumb","itemListElement":[{"@type":"ListItem","position":1,"name":"Home","item":"https:\/\/landioustravel.com\/de\/"},{"@type":"ListItem","position":2,"name":"\u00c4gypten","item":"https:\/\/landioustravel.com\/de\/agypten\/"},{"@type":"ListItem","position":3,"name":"\u00c4gyptischen Tempel","item":"https:\/\/landioustravel.com\/de\/agypten\/agyptischen-tempel\/"},{"@type":"ListItem","position":4,"name":"Luxor Tempel"}]},{"@type":"WebSite","@id":"https:\/\/landioustravel.com\/de\/#website","url":"https:\/\/landioustravel.com\/de\/","name":"Landious Travel","description":"Excursions, trips and cruises in Egypt","publisher":{"@id":"https:\/\/landioustravel.com\/de\/#organization"},"potentialAction":[{"@type":"SearchAction","target":{"@type":"EntryPoint","urlTemplate":"https:\/\/landioustravel.com\/de\/?s={search_term_string}"},"query-input":{"@type":"PropertyValueSpecification","valueRequired":true,"valueName":"search_term_string"}}],"inLanguage":"de"},{"@type":["Organization","Place"],"@id":"https:\/\/landioustravel.com\/de\/#organization","name":"Landious Travel","alternateName":"Landious Travel","url":"https:\/\/landioustravel.com\/de\/","logo":{"@id":"https:\/\/landioustravel.com\/de\/agypten\/agyptischen-tempel\/luxor-tempel\/#local-main-organization-logo"},"image":{"@id":"https:\/\/landioustravel.com\/de\/agypten\/agyptischen-tempel\/luxor-tempel\/#local-main-organization-logo"},"sameAs":["https:\/\/web.facebook.com\/landiousEgypt","https:\/\/x.com\/LandiousTours","https:\/\/mastodon.social\/@landious"],"legalName":"Landious Travel","telephone":[],"openingHoursSpecification":[{"@type":"OpeningHoursSpecification","dayOfWeek":["Monday","Tuesday","Wednesday","Thursday","Friday","Saturday","Sunday"],"opens":"09:00","closes":"17:00"}]},{"@type":"ImageObject","inLanguage":"de","@id":"https:\/\/landioustravel.com\/de\/agypten\/agyptischen-tempel\/luxor-tempel\/#local-main-organization-logo","url":"https:\/\/i0.wp.com\/landioustravel.com\/wp-content\/uploads\/2021\/06\/Landious-T.png?fit=500%2C500&ssl=1","contentUrl":"https:\/\/i0.wp.com\/landioustravel.com\/wp-content\/uploads\/2021\/06\/Landious-T.png?fit=500%2C500&ssl=1","width":500,"height":500,"caption":"Landious Travel"}]}},"uagb_featured_image_src":{"full":["https:\/\/i0.wp.com\/landioustravel.com\/wp-content\/uploads\/2021\/03\/Luxor-Tempel-e1617196686428.jpg?fit=1200%2C675&ssl=1",1200,675,false],"thumbnail":["https:\/\/i0.wp.com\/landioustravel.com\/wp-content\/uploads\/2021\/03\/Luxor-Tempel-e1617196686428.jpg?resize=150%2C150&ssl=1",150,150,true],"medium":["https:\/\/i0.wp.com\/landioustravel.com\/wp-content\/uploads\/2021\/03\/Luxor-Tempel-e1617196686428.jpg?fit=300%2C169&ssl=1",300,169,true],"medium_large":["https:\/\/i0.wp.com\/landioustravel.com\/wp-content\/uploads\/2021\/03\/Luxor-Tempel-e1617196686428.jpg?fit=768%2C432&ssl=1",768,432,true],"large":["https:\/\/i0.wp.com\/landioustravel.com\/wp-content\/uploads\/2021\/03\/Luxor-Tempel-e1617196686428.jpg?fit=980%2C551&ssl=1",980,551,true],"1536x1536":["https:\/\/i0.wp.com\/landioustravel.com\/wp-content\/uploads\/2021\/03\/Luxor-Tempel-e1617196686428.jpg?fit=1200%2C675&ssl=1",1200,675,true],"2048x2048":["https:\/\/i0.wp.com\/landioustravel.com\/wp-content\/uploads\/2021\/03\/Luxor-Tempel-e1617196686428.jpg?fit=1200%2C675&ssl=1",1200,675,true],"newspack-article-block-landscape-large":["https:\/\/i0.wp.com\/landioustravel.com\/wp-content\/uploads\/2021\/03\/Luxor-Tempel-e1617196686428.jpg?resize=1200%2C675&ssl=1",1200,693,true],"newspack-article-block-portrait-large":["https:\/\/i0.wp.com\/landioustravel.com\/wp-content\/uploads\/2021\/03\/Luxor-Tempel-e1617196686428.jpg?resize=900%2C675&ssl=1",900,693,true],"newspack-article-block-square-large":["https:\/\/i0.wp.com\/landioustravel.com\/wp-content\/uploads\/2021\/03\/Luxor-Tempel-e1617196686428.jpg?resize=1200%2C675&ssl=1",1200,693,true],"newspack-article-block-landscape-medium":["https:\/\/i0.wp.com\/landioustravel.com\/wp-content\/uploads\/2021\/03\/Luxor-Tempel-e1617196686428.jpg?resize=800%2C600&ssl=1",800,600,true],"newspack-article-block-portrait-medium":["https:\/\/i0.wp.com\/landioustravel.com\/wp-content\/uploads\/2021\/03\/Luxor-Tempel-e1617196686428.jpg?resize=600%2C675&ssl=1",600,693,true],"newspack-article-block-square-medium":["https:\/\/i0.wp.com\/landioustravel.com\/wp-content\/uploads\/2021\/03\/Luxor-Tempel-e1617196686428.jpg?resize=800%2C675&ssl=1",800,693,true],"newspack-article-block-landscape-intermediate":["https:\/\/i0.wp.com\/landioustravel.com\/wp-content\/uploads\/2021\/03\/Luxor-Tempel-e1617196686428.jpg?resize=600%2C450&ssl=1",600,450,true],"newspack-article-block-portrait-intermediate":["https:\/\/i0.wp.com\/landioustravel.com\/wp-content\/uploads\/2021\/03\/Luxor-Tempel-e1617196686428.jpg?resize=450%2C600&ssl=1",450,600,true],"newspack-article-block-square-intermediate":["https:\/\/i0.wp.com\/landioustravel.com\/wp-content\/uploads\/2021\/03\/Luxor-Tempel-e1617196686428.jpg?resize=600%2C600&ssl=1",600,600,true],"newspack-article-block-landscape-small":["https:\/\/i0.wp.com\/landioustravel.com\/wp-content\/uploads\/2021\/03\/Luxor-Tempel-e1617196686428.jpg?resize=400%2C300&ssl=1",400,300,true],"newspack-article-block-portrait-small":["https:\/\/i0.wp.com\/landioustravel.com\/wp-content\/uploads\/2021\/03\/Luxor-Tempel-e1617196686428.jpg?resize=300%2C400&ssl=1",300,400,true],"newspack-article-block-square-small":["https:\/\/i0.wp.com\/landioustravel.com\/wp-content\/uploads\/2021\/03\/Luxor-Tempel-e1617196686428.jpg?resize=400%2C400&ssl=1",400,400,true],"newspack-article-block-landscape-tiny":["https:\/\/i0.wp.com\/landioustravel.com\/wp-content\/uploads\/2021\/03\/Luxor-Tempel-e1617196686428.jpg?resize=200%2C150&ssl=1",200,150,true],"newspack-article-block-portrait-tiny":["https:\/\/i0.wp.com\/landioustravel.com\/wp-content\/uploads\/2021\/03\/Luxor-Tempel-e1617196686428.jpg?resize=150%2C200&ssl=1",150,200,true],"newspack-article-block-square-tiny":["https:\/\/i0.wp.com\/landioustravel.com\/wp-content\/uploads\/2021\/03\/Luxor-Tempel-e1617196686428.jpg?resize=200%2C200&ssl=1",200,200,true],"newspack-article-block-uncropped":["https:\/\/i0.wp.com\/landioustravel.com\/wp-content\/uploads\/2021\/03\/Luxor-Tempel-e1617196686428.jpg?fit=1200%2C675&ssl=1",1200,675,true],"woocommerce_thumbnail":["https:\/\/i0.wp.com\/landioustravel.com\/wp-content\/uploads\/2021\/03\/Luxor-Tempel-e1617196686428.jpg?resize=324%2C324&ssl=1",324,324,true],"woocommerce_single":["https:\/\/i0.wp.com\/landioustravel.com\/wp-content\/uploads\/2021\/03\/Luxor-Tempel-e1617196686428.jpg?fit=416%2C234&ssl=1",416,234,true],"woocommerce_gallery_thumbnail":["https:\/\/i0.wp.com\/landioustravel.com\/wp-content\/uploads\/2021\/03\/Luxor-Tempel-e1617196686428.jpg?resize=100%2C100&ssl=1",100,100,true]},"uagb_author_info":{"display_name":"Mofreh Landious","author_link":"https:\/\/landioustravel.com\/de\/author\/landious\/"},"uagb_comment_info":0,"uagb_excerpt":"Amenhotep III (1390-52 v. Chr.) baute den Luxor-Tempel, aber Tutanchamun (1336-27 v. Chr.) und Horemheb (1323-1295 v.Chr.) vollendeten ihn. Schlie\u00dflich f\u00fcgte Ramses II. (1279-13 v. Chr.) diesen Tempel seinem eigenen hinzu. Ein Granitschrein, der Alexander dem Gro\u00dfen (332-305 v. Chr.) gewidmet ist, steht auf der R\u00fcckseite des Tempels. Der Tempel von Ramses II war das&hellip;","jetpack_sharing_enabled":true,"jetpack_shortlink":"https:\/\/wp.me\/Par4r5-VQ","jetpack_likes_enabled":true,"amp_enabled":true,"_links":{"self":[{"href":"https:\/\/landioustravel.com\/de\/wp-json\/wp\/v2\/pages\/3586","targetHints":{"allow":["GET"]}}],"collection":[{"href":"https:\/\/landioustravel.com\/de\/wp-json\/wp\/v2\/pages"}],"about":[{"href":"https:\/\/landioustravel.com\/de\/wp-json\/wp\/v2\/types\/page"}],"author":[{"embeddable":true,"href":"https:\/\/landioustravel.com\/de\/wp-json\/wp\/v2\/users\/1"}],"replies":[{"embeddable":true,"href":"https:\/\/landioustravel.com\/de\/wp-json\/wp\/v2\/comments?post=3586"}],"version-history":[{"count":0,"href":"https:\/\/landioustravel.com\/de\/wp-json\/wp\/v2\/pages\/3586\/revisions"}],"up":[{"embeddable":true,"href":"https:\/\/landioustravel.com\/de\/wp-json\/wp\/v2\/pages\/3125"}],"wp:featuredmedia":[{"embeddable":true,"href":"https:\/\/landioustravel.com\/de\/wp-json\/wp\/v2\/media\/30506"}],"wp:attachment":[{"href":"https:\/\/landioustravel.com\/de\/wp-json\/wp\/v2\/media?parent=3586"}],"curies":[{"name":"wp","href":"https:\/\/api.w.org\/{rel}","templated":true}]}}