{"id":3637,"date":"2019-03-31T17:59:44","date_gmt":"2019-03-31T15:59:44","guid":{"rendered":"https:\/\/landioustravel.com\/?page_id=3637"},"modified":"2021-09-03T03:10:56","modified_gmt":"2021-09-03T01:10:56","slug":"amun-de","status":"publish","type":"page","link":"https:\/\/landioustravel.com\/de\/agypten\/aegyptische-gottheiten\/amun-de\/","title":{"rendered":"Gott Amun"},"content":{"rendered":"\n<p>Gott Amun war eine <a href=\"https:\/\/landioustravel.com\/de\/agypten\/aegyptische-gottheiten\/\">Gottheit<\/a> in der \u00e4gyptischen Mythologie, die zu einer der wichtigsten <a href=\"https:\/\/landioustravel.com\/de\/agypten\/aegyptische-gottheiten\/\">Gottheiten<\/a> im <a href=\"https:\/\/landioustravel.com\/de\/agypten\/geschichte-aegyptens\/geschichte-alt-agypt\/\">alten \u00c4gypten<\/a> wurde. Der Name buchstabierte auch Amon, Amoun, Amen und manchmal Imen. Das Wort \u201eAmun\u201c bedeutet \u201eder Unsichtbare\u201c.<\/p>\n\n\n\n<p>Die alten \u00c4gypter stellten den Gott Amun in verschiedenen Formen dar. Daher erschien Amun in Gestalt eines Mannes mit Widderkopf, eines froschk\u00f6pfigen Mannes, eines Widders, eines Mannes mit einer Strau\u00dfenfederkrone und einer Gans.<\/p>\n\n\n\n<h2 class=\"wp-block-heading\" id=\"h-g-ttliche-stellung-des-gottes-amun-im-alten-gypten\">G\u00f6ttliche Stellung des Gottes Amun im alten \u00c4gypten<\/h2>\n\n\n\n<p>Amun begann als thebischer Wind- und Fruchtbarkeitsgott. Seine Macht wuchs, als die Stadt Theben von einem unbedeutenden Dorf im alten K\u00f6nigreich zu einer m\u00e4chtigen Metropole im Mittleren und Neuen K\u00f6nigreich wuchs. Er stieg auf, um ein Mitglied der acht G\u00f6tter zu werden, die zusammen die Ogdoad von <a href=\"https:\/\/www.google.com\/maps\/place\/Al+Ashmunin,+El-Horeya+Ezbet+Ibrahim+Awad,+Melawi,+Menia+Governorate\/@27.7751637,30.7941994,15z\/data=!3m1!4b1!4m5!3m4!1s0x1444d6b4f84b798b:0xbc51977e974e22ba!8m2!3d27.7756546!4d30.8002609\" target=\"_blank\" rel=\"noreferrer noopener\">Hermopolis<\/a> genannt werden. Er wurde dann Mitglied der drei G\u00f6tter, die als Triade von <a href=\"https:\/\/www.google.com\/maps\/place\/Thebes,+Al+Qarna,+Luxor+Governorate\/@25.7215604,32.6062497,17z\/data=!3m1!4b1!4m5!3m4!1s0x1449166b191d2779:0x87e0680d7455856d!8m2!3d25.7214556!4d32.608315\" target=\"_blank\" rel=\"noreferrer noopener\">Theben<\/a> bezeichnet werden.<\/p>\n\n\n\n<p>Damals nannten ihn die alten \u00c4gypter den Schutzpatron der thebanischen <a href=\"https:\/\/landioustravel.com\/de\/agypten\/pharaonen-aegypten\/\">Pharaonen<\/a>. Au\u00dferdem verbanden sie ihn schlie\u00dflich mit dem Sonnengott <a href=\"https:\/\/landioustravel.com\/de\/agypten\/aegyptische-gottheiten\/gott-ra\/\">Ra<\/a>, der die dominierende Gottheit des Alten K\u00f6nigreichs war. So erhielt er Namen wie Amun-Ra, K\u00f6nig der G\u00f6tter und Herrscher der Gro\u00dfen Ennead. Auch die alten \u00c4gypter feierten Amun-Ra als Nationalgott, Sch\u00f6pfer des Universums, Besch\u00fctzer des Pharaos und Kriegsgott.<\/p>\n\n\n\n<h2 class=\"wp-block-heading\">Tempel, die Amun Ra . geweiht sind<\/h2>\n\n\n\n<p>Der <a href=\"https:\/\/landioustravel.com\/de\/agypten\/agyptischen-tempel\/tempel-karnak\/\">Tempel von Karnak<\/a> war der Haupttempel von Amun. Sein Ruhm reichte weit \u00fcber die Grenzen \u00c4gyptens hinaus. So verbreitete sich Amuns Kult nach \u00c4thiopien, Nubien, Libyen und einem Gro\u00dfteil Pal\u00e4stinas. Die Griechen hielten ihn f\u00fcr eine \u00e4gyptische Manifestation ihres Gottes Zeus. Sogar Alexander der Gro\u00dfe hielt es f\u00fcr lohnenswert, das Orakel des Gottes Amun zu konsultieren.<\/p>\n\n\n\n<h3 class=\"wp-block-heading\">Tempel des Gottes Amun in Karnak<\/h3>\n\n\n\n<p>Der Hauptunterschied zwischen Karnak und den meisten anderen Tempeln und St\u00e4tten in \u00c4gypten ist die Zeit des Baus und der Entwicklung. Wir sprechen hier nicht von einem einzigen Tempel; sondern ein Komplex von Tempeln. Als alt\u00e4gyptischer Tempel begann der Bau im Reich der Mitte und dauerte bis in die ptolem\u00e4ische Zeit. Es hat lange gedauert, bis er seine endg\u00fcltige Form erreicht hatte.<\/p>\n\n\n\n<p>Fast alle alten \u00e4gyptischen Herrscher haben in diesem riesigen und kolossalen Komplex ihre Spuren hinterlassen. Etwa drei\u00dfig Pharaonen trugen zu den Geb\u00e4uden bei. Dieser Bau- und Renovierungsprozess hat zu einer Gr\u00f6\u00dfe, Komplexit\u00e4t und Vielfalt gef\u00fchrt, die anderswo nicht zu sehen ist. Es ist das gr\u00f6\u00dfte jemals gebaute religi\u00f6se Geb\u00e4ude mit einer Fl\u00e4che von etwa 200 Hektar! Dar\u00fcber hinaus war es fast 2.000 Jahre lang ein Wallfahrtsort.<\/p>\n\n\n\n<h3 class=\"wp-block-heading\">Geschichte des Tempels des Gottes Amun<\/h3>\n\n\n\n<p>Der Tempelkomplex von Karnak beherbergt mehrere Tempel, Kapellen, T\u00fcrme und andere Geb\u00e4ude. Der Bau des Komplexes begann w\u00e4hrend der Herrschaft von Senusret I. im Reich der Mitte und dauerte bis in die ptolem\u00e4ische Zeit. Wenn wir uns den Ort genauer ansehen, k\u00f6nnen wir jedoch feststellen, dass die meisten Geb\u00e4ude aus dem Neuen Reich stammen.<\/p>\n\n\n\n<p>Dieser Komplex ist ein riesiges offenes Gel\u00e4nde. Es besteht aus vier Hauptteilen: dem gro\u00dfen Tempel des Gottes Amun, dem Bezirk von Mut, dem Bezirk von Montu und dem abgebauten Tempel von Amenhotep IV. Einige kleinere Tempel und Heiligt\u00fcmer verbinden den Bezirk von Mut, den Bezirk von Amun-Re und den <a href=\"https:\/\/landioustravel.com\/de\/agypten\/agyptischen-tempel\/luxor-tempel\/\">Luxor-Tempel<\/a>.<\/p>\n","protected":false},"excerpt":{"rendered":"<p>Gott Amun war eine Gottheit in der \u00e4gyptischen Mythologie, die zu einer der wichtigsten Gottheiten im alten \u00c4gypten wurde. Der Name buchstabierte auch Amon, Amoun, Amen und manchmal Imen. Das Wort \u201eAmun\u201c bedeutet \u201eder Unsichtbare\u201c. Die alten \u00c4gypter stellten den Gott Amun in verschiedenen Formen dar. Daher erschien Amun in Gestalt eines Mannes mit Widderkopf, [&hellip;]<\/p>\n","protected":false},"author":1,"featured_media":37056,"parent":3618,"menu_order":2,"comment_status":"open","ping_status":"closed","template":"","meta":{"_coblocks_attr":"","_coblocks_dimensions":"","_coblocks_responsive_height":"","_coblocks_accordion_ie_support":"","_uag_custom_page_level_css":"","footnotes":""},"class_list":["post-3637","page","type-page","status-publish","has-post-thumbnail","hentry"],"yoast_head":"<!-- This site is optimized with the Yoast SEO Premium plugin v26.9 (Yoast SEO v27.5) - https:\/\/yoast.com\/product\/yoast-seo-premium-wordpress\/ -->\n<title>Gott Amun - Rollen und religi\u00f6se Stellung - Landious Travel<\/title>\n<meta name=\"description\" content=\"Gott Amun war eine Gottheit in der \u00e4gyptischen Mythologie, die zu einer der wichtigsten Gottheiten im alten \u00c4gypten wurde. Der Name\" \/>\n<meta name=\"robots\" content=\"index, follow, max-snippet:-1, max-image-preview:large, max-video-preview:-1\" \/>\n<link rel=\"canonical\" href=\"https:\/\/landioustravel.com\/de\/agypten\/aegyptische-gottheiten\/amun-de\/\" \/>\n<meta property=\"og:locale\" content=\"de_DE\" \/>\n<meta property=\"og:type\" content=\"article\" \/>\n<meta property=\"og:title\" content=\"Gott Amun\" \/>\n<meta property=\"og:description\" content=\"Gott Amun war eine Gottheit in der \u00e4gyptischen Mythologie, die zu einer der wichtigsten Gottheiten im alten \u00c4gypten wurde. Der Name\" \/>\n<meta property=\"og:url\" content=\"https:\/\/landioustravel.com\/de\/agypten\/aegyptische-gottheiten\/amun-de\/\" \/>\n<meta property=\"og:site_name\" content=\"Landious Travel\" \/>\n<meta property=\"article:publisher\" content=\"https:\/\/web.facebook.com\/landiousEgypt\" \/>\n<meta property=\"article:modified_time\" content=\"2021-09-03T01:10:56+00:00\" \/>\n<meta property=\"og:image\" content=\"https:\/\/i0.wp.com\/landioustravel.com\/wp-content\/uploads\/2021\/09\/Gott-Amun-e1630631405377.jpg?fit=1200%2C675&ssl=1\" \/>\n\t<meta property=\"og:image:width\" content=\"1200\" \/>\n\t<meta property=\"og:image:height\" content=\"675\" \/>\n\t<meta property=\"og:image:type\" content=\"image\/jpeg\" \/>\n<meta name=\"twitter:card\" content=\"summary_large_image\" \/>\n<meta name=\"twitter:site\" content=\"@LandiousTours\" \/>\n<meta name=\"twitter:label1\" content=\"Gesch\u00e4tzte Lesezeit\" \/>\n\t<meta name=\"twitter:data1\" content=\"3\u00a0Minuten\" \/>\n<script type=\"application\/ld+json\" class=\"yoast-schema-graph\">{\"@context\":\"https:\\\/\\\/schema.org\",\"@graph\":[{\"@type\":\"WebPage\",\"@id\":\"https:\\\/\\\/landioustravel.com\\\/de\\\/agypten\\\/aegyptische-gottheiten\\\/amun-de\\\/\",\"url\":\"https:\\\/\\\/landioustravel.com\\\/de\\\/agypten\\\/aegyptische-gottheiten\\\/amun-de\\\/\",\"name\":\"Gott Amun - Rollen und religi\u00f6se Stellung - Landious Travel\",\"isPartOf\":{\"@id\":\"https:\\\/\\\/landioustravel.com\\\/de\\\/#website\"},\"primaryImageOfPage\":{\"@id\":\"https:\\\/\\\/landioustravel.com\\\/de\\\/agypten\\\/aegyptische-gottheiten\\\/amun-de\\\/#primaryimage\"},\"image\":{\"@id\":\"https:\\\/\\\/landioustravel.com\\\/de\\\/agypten\\\/aegyptische-gottheiten\\\/amun-de\\\/#primaryimage\"},\"thumbnailUrl\":\"https:\\\/\\\/i0.wp.com\\\/landioustravel.com\\\/wp-content\\\/uploads\\\/2021\\\/09\\\/Gott-Amun-e1630631405377.jpg?fit=1200%2C675&ssl=1\",\"datePublished\":\"2019-03-31T15:59:44+00:00\",\"dateModified\":\"2021-09-03T01:10:56+00:00\",\"description\":\"Gott Amun war eine Gottheit in der \u00e4gyptischen Mythologie, die zu einer der wichtigsten Gottheiten im alten \u00c4gypten wurde. Der Name\",\"breadcrumb\":{\"@id\":\"https:\\\/\\\/landioustravel.com\\\/de\\\/agypten\\\/aegyptische-gottheiten\\\/amun-de\\\/#breadcrumb\"},\"inLanguage\":\"de\",\"potentialAction\":[{\"@type\":\"ReadAction\",\"target\":[\"https:\\\/\\\/landioustravel.com\\\/de\\\/agypten\\\/aegyptische-gottheiten\\\/amun-de\\\/\"]}]},{\"@type\":\"ImageObject\",\"inLanguage\":\"de\",\"@id\":\"https:\\\/\\\/landioustravel.com\\\/de\\\/agypten\\\/aegyptische-gottheiten\\\/amun-de\\\/#primaryimage\",\"url\":\"https:\\\/\\\/i0.wp.com\\\/landioustravel.com\\\/wp-content\\\/uploads\\\/2021\\\/09\\\/Gott-Amun-e1630631405377.jpg?fit=1200%2C675&ssl=1\",\"contentUrl\":\"https:\\\/\\\/i0.wp.com\\\/landioustravel.com\\\/wp-content\\\/uploads\\\/2021\\\/09\\\/Gott-Amun-e1630631405377.jpg?fit=1200%2C675&ssl=1\",\"width\":1200,\"height\":675,\"caption\":\"Gott Amun\"},{\"@type\":\"BreadcrumbList\",\"@id\":\"https:\\\/\\\/landioustravel.com\\\/de\\\/agypten\\\/aegyptische-gottheiten\\\/amun-de\\\/#breadcrumb\",\"itemListElement\":[{\"@type\":\"ListItem\",\"position\":1,\"name\":\"Home\",\"item\":\"https:\\\/\\\/landioustravel.com\\\/de\\\/\"},{\"@type\":\"ListItem\",\"position\":2,\"name\":\"\u00c4gypten\",\"item\":\"https:\\\/\\\/landioustravel.com\\\/de\\\/agypten\\\/\"},{\"@type\":\"ListItem\",\"position\":3,\"name\":\"\u00c4gyptische Gottheiten\",\"item\":\"https:\\\/\\\/landioustravel.com\\\/de\\\/agypten\\\/aegyptische-gottheiten\\\/\"},{\"@type\":\"ListItem\",\"position\":4,\"name\":\"Gott Amun\"}]},{\"@type\":\"WebSite\",\"@id\":\"https:\\\/\\\/landioustravel.com\\\/de\\\/#website\",\"url\":\"https:\\\/\\\/landioustravel.com\\\/de\\\/\",\"name\":\"Landious Travel\",\"description\":\"Excursions, trips and cruises in Egypt\",\"publisher\":{\"@id\":\"https:\\\/\\\/landioustravel.com\\\/de\\\/#organization\"},\"potentialAction\":[{\"@type\":\"SearchAction\",\"target\":{\"@type\":\"EntryPoint\",\"urlTemplate\":\"https:\\\/\\\/landioustravel.com\\\/de\\\/?s={search_term_string}\"},\"query-input\":{\"@type\":\"PropertyValueSpecification\",\"valueRequired\":true,\"valueName\":\"search_term_string\"}}],\"inLanguage\":\"de\"},{\"@type\":[\"Organization\",\"Place\"],\"@id\":\"https:\\\/\\\/landioustravel.com\\\/de\\\/#organization\",\"name\":\"Landious Travel\",\"alternateName\":\"Landious Travel\",\"url\":\"https:\\\/\\\/landioustravel.com\\\/de\\\/\",\"logo\":{\"@id\":\"https:\\\/\\\/landioustravel.com\\\/de\\\/agypten\\\/aegyptische-gottheiten\\\/amun-de\\\/#local-main-organization-logo\"},\"image\":{\"@id\":\"https:\\\/\\\/landioustravel.com\\\/de\\\/agypten\\\/aegyptische-gottheiten\\\/amun-de\\\/#local-main-organization-logo\"},\"sameAs\":[\"https:\\\/\\\/web.facebook.com\\\/landiousEgypt\",\"https:\\\/\\\/x.com\\\/LandiousTours\",\"https:\\\/\\\/mastodon.social\\\/@landious\"],\"legalName\":\"Landious Travel\",\"telephone\":[],\"openingHoursSpecification\":[{\"@type\":\"OpeningHoursSpecification\",\"dayOfWeek\":[\"Monday\",\"Tuesday\",\"Wednesday\",\"Thursday\",\"Friday\",\"Saturday\",\"Sunday\"],\"opens\":\"09:00\",\"closes\":\"17:00\"}]},{\"@type\":\"ImageObject\",\"inLanguage\":\"de\",\"@id\":\"https:\\\/\\\/landioustravel.com\\\/de\\\/agypten\\\/aegyptische-gottheiten\\\/amun-de\\\/#local-main-organization-logo\",\"url\":\"https:\\\/\\\/i0.wp.com\\\/landioustravel.com\\\/wp-content\\\/uploads\\\/2021\\\/06\\\/Landious-T.png?fit=500%2C500&ssl=1\",\"contentUrl\":\"https:\\\/\\\/i0.wp.com\\\/landioustravel.com\\\/wp-content\\\/uploads\\\/2021\\\/06\\\/Landious-T.png?fit=500%2C500&ssl=1\",\"width\":500,\"height\":500,\"caption\":\"Landious Travel\"}]}<\/script>\n<!-- \/ Yoast SEO Premium plugin. -->","yoast_head_json":{"title":"Gott Amun - Rollen und religi\u00f6se Stellung - Landious Travel","description":"Gott Amun war eine Gottheit in der \u00e4gyptischen Mythologie, die zu einer der wichtigsten Gottheiten im alten \u00c4gypten wurde. Der Name","robots":{"index":"index","follow":"follow","max-snippet":"max-snippet:-1","max-image-preview":"max-image-preview:large","max-video-preview":"max-video-preview:-1"},"canonical":"https:\/\/landioustravel.com\/de\/agypten\/aegyptische-gottheiten\/amun-de\/","og_locale":"de_DE","og_type":"article","og_title":"Gott Amun","og_description":"Gott Amun war eine Gottheit in der \u00e4gyptischen Mythologie, die zu einer der wichtigsten Gottheiten im alten \u00c4gypten wurde. Der Name","og_url":"https:\/\/landioustravel.com\/de\/agypten\/aegyptische-gottheiten\/amun-de\/","og_site_name":"Landious Travel","article_publisher":"https:\/\/web.facebook.com\/landiousEgypt","article_modified_time":"2021-09-03T01:10:56+00:00","og_image":[{"width":1200,"height":675,"url":"https:\/\/i0.wp.com\/landioustravel.com\/wp-content\/uploads\/2021\/09\/Gott-Amun-e1630631405377.jpg?fit=1200%2C675&ssl=1","type":"image\/jpeg"}],"twitter_card":"summary_large_image","twitter_site":"@LandiousTours","twitter_misc":{"Gesch\u00e4tzte Lesezeit":"3\u00a0Minuten"},"schema":{"@context":"https:\/\/schema.org","@graph":[{"@type":"WebPage","@id":"https:\/\/landioustravel.com\/de\/agypten\/aegyptische-gottheiten\/amun-de\/","url":"https:\/\/landioustravel.com\/de\/agypten\/aegyptische-gottheiten\/amun-de\/","name":"Gott Amun - Rollen und religi\u00f6se Stellung - Landious Travel","isPartOf":{"@id":"https:\/\/landioustravel.com\/de\/#website"},"primaryImageOfPage":{"@id":"https:\/\/landioustravel.com\/de\/agypten\/aegyptische-gottheiten\/amun-de\/#primaryimage"},"image":{"@id":"https:\/\/landioustravel.com\/de\/agypten\/aegyptische-gottheiten\/amun-de\/#primaryimage"},"thumbnailUrl":"https:\/\/i0.wp.com\/landioustravel.com\/wp-content\/uploads\/2021\/09\/Gott-Amun-e1630631405377.jpg?fit=1200%2C675&ssl=1","datePublished":"2019-03-31T15:59:44+00:00","dateModified":"2021-09-03T01:10:56+00:00","description":"Gott Amun war eine Gottheit in der \u00e4gyptischen Mythologie, die zu einer der wichtigsten Gottheiten im alten \u00c4gypten wurde. Der Name","breadcrumb":{"@id":"https:\/\/landioustravel.com\/de\/agypten\/aegyptische-gottheiten\/amun-de\/#breadcrumb"},"inLanguage":"de","potentialAction":[{"@type":"ReadAction","target":["https:\/\/landioustravel.com\/de\/agypten\/aegyptische-gottheiten\/amun-de\/"]}]},{"@type":"ImageObject","inLanguage":"de","@id":"https:\/\/landioustravel.com\/de\/agypten\/aegyptische-gottheiten\/amun-de\/#primaryimage","url":"https:\/\/i0.wp.com\/landioustravel.com\/wp-content\/uploads\/2021\/09\/Gott-Amun-e1630631405377.jpg?fit=1200%2C675&ssl=1","contentUrl":"https:\/\/i0.wp.com\/landioustravel.com\/wp-content\/uploads\/2021\/09\/Gott-Amun-e1630631405377.jpg?fit=1200%2C675&ssl=1","width":1200,"height":675,"caption":"Gott Amun"},{"@type":"BreadcrumbList","@id":"https:\/\/landioustravel.com\/de\/agypten\/aegyptische-gottheiten\/amun-de\/#breadcrumb","itemListElement":[{"@type":"ListItem","position":1,"name":"Home","item":"https:\/\/landioustravel.com\/de\/"},{"@type":"ListItem","position":2,"name":"\u00c4gypten","item":"https:\/\/landioustravel.com\/de\/agypten\/"},{"@type":"ListItem","position":3,"name":"\u00c4gyptische Gottheiten","item":"https:\/\/landioustravel.com\/de\/agypten\/aegyptische-gottheiten\/"},{"@type":"ListItem","position":4,"name":"Gott Amun"}]},{"@type":"WebSite","@id":"https:\/\/landioustravel.com\/de\/#website","url":"https:\/\/landioustravel.com\/de\/","name":"Landious Travel","description":"Excursions, trips and cruises in Egypt","publisher":{"@id":"https:\/\/landioustravel.com\/de\/#organization"},"potentialAction":[{"@type":"SearchAction","target":{"@type":"EntryPoint","urlTemplate":"https:\/\/landioustravel.com\/de\/?s={search_term_string}"},"query-input":{"@type":"PropertyValueSpecification","valueRequired":true,"valueName":"search_term_string"}}],"inLanguage":"de"},{"@type":["Organization","Place"],"@id":"https:\/\/landioustravel.com\/de\/#organization","name":"Landious Travel","alternateName":"Landious Travel","url":"https:\/\/landioustravel.com\/de\/","logo":{"@id":"https:\/\/landioustravel.com\/de\/agypten\/aegyptische-gottheiten\/amun-de\/#local-main-organization-logo"},"image":{"@id":"https:\/\/landioustravel.com\/de\/agypten\/aegyptische-gottheiten\/amun-de\/#local-main-organization-logo"},"sameAs":["https:\/\/web.facebook.com\/landiousEgypt","https:\/\/x.com\/LandiousTours","https:\/\/mastodon.social\/@landious"],"legalName":"Landious Travel","telephone":[],"openingHoursSpecification":[{"@type":"OpeningHoursSpecification","dayOfWeek":["Monday","Tuesday","Wednesday","Thursday","Friday","Saturday","Sunday"],"opens":"09:00","closes":"17:00"}]},{"@type":"ImageObject","inLanguage":"de","@id":"https:\/\/landioustravel.com\/de\/agypten\/aegyptische-gottheiten\/amun-de\/#local-main-organization-logo","url":"https:\/\/i0.wp.com\/landioustravel.com\/wp-content\/uploads\/2021\/06\/Landious-T.png?fit=500%2C500&ssl=1","contentUrl":"https:\/\/i0.wp.com\/landioustravel.com\/wp-content\/uploads\/2021\/06\/Landious-T.png?fit=500%2C500&ssl=1","width":500,"height":500,"caption":"Landious Travel"}]}},"uagb_featured_image_src":{"full":["https:\/\/i0.wp.com\/landioustravel.com\/wp-content\/uploads\/2021\/09\/Gott-Amun-e1630631405377.jpg?fit=1200%2C675&ssl=1",1200,675,false],"thumbnail":["https:\/\/i0.wp.com\/landioustravel.com\/wp-content\/uploads\/2021\/09\/Gott-Amun-e1630631405377.jpg?resize=150%2C150&ssl=1",150,150,true],"medium":["https:\/\/i0.wp.com\/landioustravel.com\/wp-content\/uploads\/2021\/09\/Gott-Amun-e1630631405377.jpg?fit=300%2C169&ssl=1",300,169,true],"medium_large":["https:\/\/i0.wp.com\/landioustravel.com\/wp-content\/uploads\/2021\/09\/Gott-Amun-e1630631405377.jpg?fit=768%2C432&ssl=1",768,432,true],"large":["https:\/\/i0.wp.com\/landioustravel.com\/wp-content\/uploads\/2021\/09\/Gott-Amun-e1630631405377.jpg?fit=980%2C551&ssl=1",980,551,true],"1536x1536":["https:\/\/i0.wp.com\/landioustravel.com\/wp-content\/uploads\/2021\/09\/Gott-Amun-e1630631405377.jpg?fit=1536%2C864&ssl=1",1536,864,true],"2048x2048":["https:\/\/i0.wp.com\/landioustravel.com\/wp-content\/uploads\/2021\/09\/Gott-Amun-e1630631405377.jpg?fit=1200%2C675&ssl=1",1200,675,true],"newspack-article-block-landscape-large":["https:\/\/i0.wp.com\/landioustravel.com\/wp-content\/uploads\/2021\/09\/Gott-Amun-e1630631405377.jpg?resize=1200%2C675&ssl=1",1200,900,true],"newspack-article-block-portrait-large":["https:\/\/i0.wp.com\/landioustravel.com\/wp-content\/uploads\/2021\/09\/Gott-Amun-e1630631405377.jpg?resize=900%2C675&ssl=1",900,1152,true],"newspack-article-block-square-large":["https:\/\/i0.wp.com\/landioustravel.com\/wp-content\/uploads\/2021\/09\/Gott-Amun-e1630631405377.jpg?resize=1200%2C675&ssl=1",1200,1152,true],"newspack-article-block-landscape-medium":["https:\/\/i0.wp.com\/landioustravel.com\/wp-content\/uploads\/2021\/09\/Gott-Amun-e1630631405377.jpg?resize=800%2C600&ssl=1",800,600,true],"newspack-article-block-portrait-medium":["https:\/\/i0.wp.com\/landioustravel.com\/wp-content\/uploads\/2021\/09\/Gott-Amun-e1630631405377.jpg?resize=600%2C675&ssl=1",600,800,true],"newspack-article-block-square-medium":["https:\/\/i0.wp.com\/landioustravel.com\/wp-content\/uploads\/2021\/09\/Gott-Amun-e1630631405377.jpg?resize=800%2C675&ssl=1",800,800,true],"newspack-article-block-landscape-intermediate":["https:\/\/i0.wp.com\/landioustravel.com\/wp-content\/uploads\/2021\/09\/Gott-Amun-e1630631405377.jpg?resize=600%2C450&ssl=1",600,450,true],"newspack-article-block-portrait-intermediate":["https:\/\/i0.wp.com\/landioustravel.com\/wp-content\/uploads\/2021\/09\/Gott-Amun-e1630631405377.jpg?resize=450%2C600&ssl=1",450,600,true],"newspack-article-block-square-intermediate":["https:\/\/i0.wp.com\/landioustravel.com\/wp-content\/uploads\/2021\/09\/Gott-Amun-e1630631405377.jpg?resize=600%2C600&ssl=1",600,600,true],"newspack-article-block-landscape-small":["https:\/\/i0.wp.com\/landioustravel.com\/wp-content\/uploads\/2021\/09\/Gott-Amun-e1630631405377.jpg?resize=400%2C300&ssl=1",400,300,true],"newspack-article-block-portrait-small":["https:\/\/i0.wp.com\/landioustravel.com\/wp-content\/uploads\/2021\/09\/Gott-Amun-e1630631405377.jpg?resize=300%2C400&ssl=1",300,400,true],"newspack-article-block-square-small":["https:\/\/i0.wp.com\/landioustravel.com\/wp-content\/uploads\/2021\/09\/Gott-Amun-e1630631405377.jpg?resize=400%2C400&ssl=1",400,400,true],"newspack-article-block-landscape-tiny":["https:\/\/i0.wp.com\/landioustravel.com\/wp-content\/uploads\/2021\/09\/Gott-Amun-e1630631405377.jpg?resize=200%2C150&ssl=1",200,150,true],"newspack-article-block-portrait-tiny":["https:\/\/i0.wp.com\/landioustravel.com\/wp-content\/uploads\/2021\/09\/Gott-Amun-e1630631405377.jpg?resize=150%2C200&ssl=1",150,200,true],"newspack-article-block-square-tiny":["https:\/\/i0.wp.com\/landioustravel.com\/wp-content\/uploads\/2021\/09\/Gott-Amun-e1630631405377.jpg?resize=200%2C200&ssl=1",200,200,true],"newspack-article-block-uncropped":["https:\/\/i0.wp.com\/landioustravel.com\/wp-content\/uploads\/2021\/09\/Gott-Amun-e1630631405377.jpg?fit=1200%2C675&ssl=1",1200,675,true],"woocommerce_thumbnail":["https:\/\/i0.wp.com\/landioustravel.com\/wp-content\/uploads\/2021\/09\/Gott-Amun-e1630631405377.jpg?resize=324%2C324&ssl=1",324,324,true],"woocommerce_single":["https:\/\/i0.wp.com\/landioustravel.com\/wp-content\/uploads\/2021\/09\/Gott-Amun-e1630631405377.jpg?fit=416%2C234&ssl=1",416,234,true],"woocommerce_gallery_thumbnail":["https:\/\/i0.wp.com\/landioustravel.com\/wp-content\/uploads\/2021\/09\/Gott-Amun-e1630631405377.jpg?resize=100%2C100&ssl=1",100,100,true]},"uagb_author_info":{"display_name":"Mofreh Landious","author_link":"https:\/\/landioustravel.com\/de\/author\/landious\/"},"uagb_comment_info":0,"uagb_excerpt":"Gott Amun war eine Gottheit in der \u00e4gyptischen Mythologie, die zu einer der wichtigsten Gottheiten im alten \u00c4gypten wurde. Der Name buchstabierte auch Amon, Amoun, Amen und manchmal Imen. Das Wort \u201eAmun\u201c bedeutet \u201eder Unsichtbare\u201c. Die alten \u00c4gypter stellten den Gott Amun in verschiedenen Formen dar. Daher erschien Amun in Gestalt eines Mannes mit Widderkopf,&hellip;","jetpack_sharing_enabled":true,"jetpack_shortlink":"https:\/\/wp.me\/Par4r5-WF","jetpack_likes_enabled":true,"amp_enabled":true,"_links":{"self":[{"href":"https:\/\/landioustravel.com\/de\/wp-json\/wp\/v2\/pages\/3637","targetHints":{"allow":["GET"]}}],"collection":[{"href":"https:\/\/landioustravel.com\/de\/wp-json\/wp\/v2\/pages"}],"about":[{"href":"https:\/\/landioustravel.com\/de\/wp-json\/wp\/v2\/types\/page"}],"author":[{"embeddable":true,"href":"https:\/\/landioustravel.com\/de\/wp-json\/wp\/v2\/users\/1"}],"replies":[{"embeddable":true,"href":"https:\/\/landioustravel.com\/de\/wp-json\/wp\/v2\/comments?post=3637"}],"version-history":[{"count":0,"href":"https:\/\/landioustravel.com\/de\/wp-json\/wp\/v2\/pages\/3637\/revisions"}],"up":[{"embeddable":true,"href":"https:\/\/landioustravel.com\/de\/wp-json\/wp\/v2\/pages\/3618"}],"wp:featuredmedia":[{"embeddable":true,"href":"https:\/\/landioustravel.com\/de\/wp-json\/wp\/v2\/media\/37056"}],"wp:attachment":[{"href":"https:\/\/landioustravel.com\/de\/wp-json\/wp\/v2\/media?parent=3637"}],"curies":[{"name":"wp","href":"https:\/\/api.w.org\/{rel}","templated":true}]}}