{"id":4150,"date":"2019-04-22T14:33:19","date_gmt":"2019-04-22T12:33:19","guid":{"rendered":"https:\/\/landioustravel.com\/?page_id=4150"},"modified":"2021-09-01T02:29:44","modified_gmt":"2021-09-01T00:29:44","slug":"qena-gouvernement","status":"publish","type":"page","link":"https:\/\/landioustravel.com\/de\/agypten\/aegyptische-staedte\/qena-gouvernement\/","title":{"rendered":"Gouvernement Qena"},"content":{"rendered":"\n<p>Das Gouvernement Qena erstreckt sich \u00fcber 168 km entlang des <a href=\"https:\/\/landioustravel.com\/de\/nil\/\">Nils<\/a> und ist 577 km von <a href=\"https:\/\/landioustravel.com\/de\/agypten\/aegyptische-staedte\/gouvernement-kairo\/\">Kairo<\/a> entfernt. Es grenzt im Norden an das <a href=\"https:\/\/landioustravel.com\/de\/agypten\/aegyptische-staedte\/sohag-gouvernement\/\">Gouvernement Sohag<\/a> und im S\u00fcden an das <a href=\"https:\/\/landioustravel.com\/de\/agypten\/aegyptische-staedte\/luxor-gouvernement\/\">Gouvernement Luxor<\/a>. Au\u00dferdem grenzt es im Osten an das <a href=\"https:\/\/landioustravel.com\/de\/agypten\/aegyptische-staedte\/bahr-ahmar-gouvernement\/\">Gouvernement Al-Bahr Al-Ahmar<\/a> (Rotes Meer) und im Westen an das <a href=\"https:\/\/www.google.com\/maps\/place\/New+Valley+Governorate\/@24.770884,24.373957,6z\/data=!3m1!4b1!4m5!3m4!1s0x144769b3ff373a8b:0x1c667b337679e0bf!8m2!3d24.5455638!4d27.1735316\" target=\"_blank\" rel=\"noreferrer noopener\">Gouvernement New Valley<\/a>.<\/p>\n\n\n\n<h2 class=\"wp-block-heading\">Lage des Gouvernements Qena<\/h2>\n\n\n\n<div style=\"min-height:400px\" data-map-attr=\"\/qaddress\/q:\/qqena governorate\/q||\/qlat\/q:\/qundefined\/q||\/qlng\/q:\/qundefined\/q||\/qskin\/q:\/qstandard\/q||\/qzoom\/q:\/q8\/q||\/qiconSize\/q:\/q36\/q||\/qmapTypeControl\/q:\/qtrue\/q||\/qzoomControl\/q:\/qtrue\/q||\/qstreetViewControl\/q:\/qtrue\/q||\/qfullscreenControl\/q:\/qtrue\/q\" class=\"wp-block-coblocks-map\"><iframe title=\"Google Map\" frameborder=\"0\" style=\"width:100%;min-height:400px\" src=\"https:\/\/www.google.com\/maps?q=qena%20governorate&amp;output=embed&amp;hl=en-US&amp;z=8\"><\/iframe><\/div>\n\n\n\n<h2 class=\"wp-block-heading\">Geschichte des Gouvernements Qena<\/h2>\n\n\n\n<p>Qena ist eines der 27 <a href=\"https:\/\/landioustravel.com\/de\/agypten\/aegyptische-staedte\/\">Gouvernements \u00c4gyptens<\/a>. Die tief verwurzelte <a href=\"https:\/\/landioustravel.com\/de\/agypten\/geschichte-aegyptens\/\">Geschichte<\/a> und das Erbe kennzeichnen dieses Gouvernement wie alle St\u00e4dte im Niltal. Tats\u00e4chlich k\u00f6nnen wir in den verbliebenen alt\u00e4gyptischen Denkm\u00e4lern in Naqada und Dendera viel \u00fcber seine Geschichte erfahren. Diese Denkm\u00e4ler best\u00e4tigen, dass die Geschichte von Qena so lange zur\u00fcckreicht wie die Geschichte der Zivilisation in <a href=\"https:\/\/landioustravel.com\/de\/agypten\/\">\u00c4gypten<\/a>.<\/p>\n\n\n\n<p>&nbsp;Sp\u00e4ter teilte Muhammad Ali, der 1805 \u00c4gypten regierte, das Land in Direktionen auf. Dementsprechend wurde Girga \u201eOber\u00e4gypten\u201c zu einer dieser Direktionen. Au\u00dferdem hatte diese Direktion mehrere St\u00e4dte, darunter Mishta im Norden, Qena und Esna im S\u00fcden.<\/p>\n\n\n\n<p>Nach einer anderen demonstrativen Spaltung im Jahr 1960 wurde Qena ein Gouvernement. Und so erstreckte es sich vom S\u00fcden des Gouvernements Sohag bis nach Esna City im S\u00fcden. Schlie\u00dflich trennte sich Luxor 2009 von ihr, um ein neues Gouvernement zu bilden.<\/p>\n\n\n\n<h2 class=\"wp-block-heading\">Verwaltungsabteilungen des Gouvernements<\/h2>\n\n\n\n<p>Das Gouvernement Qena besteht aus den folgenden 11 Verwaltungsbezirken oder 11 zentralen St\u00e4dten:<\/p>\n\n\n\n<ul class=\"wp-block-list\"><li>Abu Tescht.<\/li><li>El Waqf.<\/li><li>Dishna.<\/li><li>Auch Farshut.<\/li><li>Neue Qena.<\/li><li>Naga Hammadi.<\/li><li>Au\u00dferdem Naqada.<\/li><li>Quft (Gebtu oder Coptos).<\/li><li>Qena.<\/li><li>Au\u00dferdem, Qus.<\/li><\/ul>\n\n\n\n<p>Die oben genannten zentralen St\u00e4dte (Markazes) haben l\u00e4ndliche lokale Einheiten mit untergeordneten D\u00f6rfern.<\/p>\n\n\n\n<h2 class=\"wp-block-heading\">Sehensw\u00fcrdigkeiten in Gouvernement Qena<\/h2>\n\n\n\n<h3 class=\"wp-block-heading\">Tempel von Dendera<\/h3>\n\n\n\n<p>Der <a href=\"https:\/\/landioustravel.com\/de\/agypten\/agyptischen-tempel\/die-tempel-dendera\/\">Komplexer Tempel von Dendera<\/a> ist einer der am besten erhaltenen Tempelkomplexe in \u00c4gypten. Der gesamte Komplex umfasst etwa 40.000 Quadratmeter und wird von einer gro\u00dfen Mauer aus Lehmziegeln umgeben. Dieses Gebiet wurde als sechster Nome von Ober\u00e4gypten s\u00fcdlich von Abydos genutzt. Der Dendera-Tempelkomplex steht 7 km von Qena entfernt, etwa 2,5 km s\u00fcd\u00f6stlich von Dendera, Regierungsbezirk Qena-\u00c4gypten.<\/p>\n","protected":false},"excerpt":{"rendered":"<p>Das Gouvernement Qena erstreckt sich \u00fcber 168 km entlang des Nils und ist 577 km von Kairo entfernt. Es grenzt im Norden an das Gouvernement Sohag und im S\u00fcden an das Gouvernement Luxor. Au\u00dferdem grenzt es im Osten an das Gouvernement Al-Bahr Al-Ahmar (Rotes Meer) und im Westen an das Gouvernement New Valley. Lage des [&hellip;]<\/p>\n","protected":false},"author":1,"featured_media":30315,"parent":3527,"menu_order":0,"comment_status":"open","ping_status":"closed","template":"","meta":{"_coblocks_attr":"","_coblocks_dimensions":"","_coblocks_responsive_height":"","_coblocks_accordion_ie_support":"","_uag_custom_page_level_css":"","footnotes":""},"class_list":["post-4150","page","type-page","status-publish","has-post-thumbnail","hentry"],"yoast_head":"<!-- This site is optimized with the Yoast SEO Premium plugin v26.9 (Yoast SEO v27.5) - https:\/\/yoast.com\/product\/yoast-seo-premium-wordpress\/ -->\n<title>Gouvernement Qena - Information - Landious Travel<\/title>\n<meta name=\"description\" content=\"Gouvernement Qena erstreckt sich \u00fcber 168 km entlang des Nil und ist 577 km von Kairo entfernt. Es wird im Norden von Sohag, im S\u00fcden\" \/>\n<meta name=\"robots\" content=\"index, follow, max-snippet:-1, max-image-preview:large, max-video-preview:-1\" \/>\n<link rel=\"canonical\" href=\"https:\/\/landioustravel.com\/de\/agypten\/aegyptische-staedte\/qena-gouvernement\/\" \/>\n<meta property=\"og:locale\" content=\"de_DE\" \/>\n<meta property=\"og:type\" content=\"article\" \/>\n<meta property=\"og:title\" content=\"Gouvernement Qena\" \/>\n<meta property=\"og:description\" content=\"Gouvernement Qena erstreckt sich \u00fcber 168 km entlang des Nil und ist 577 km von Kairo entfernt. Es wird im Norden von Sohag, im S\u00fcden\" \/>\n<meta property=\"og:url\" content=\"https:\/\/landioustravel.com\/de\/agypten\/aegyptische-staedte\/qena-gouvernement\/\" \/>\n<meta property=\"og:site_name\" content=\"Landious Travel\" \/>\n<meta property=\"article:publisher\" content=\"https:\/\/web.facebook.com\/landiousEgypt\" \/>\n<meta property=\"article:modified_time\" content=\"2021-09-01T00:29:44+00:00\" \/>\n<meta property=\"og:image\" content=\"https:\/\/i0.wp.com\/landioustravel.com\/wp-content\/uploads\/2021\/03\/Gouvernement-Qena-e1617042976441.jpg?fit=1200%2C675&ssl=1\" \/>\n\t<meta property=\"og:image:width\" content=\"1200\" \/>\n\t<meta property=\"og:image:height\" content=\"675\" \/>\n\t<meta property=\"og:image:type\" content=\"image\/jpeg\" \/>\n<meta name=\"twitter:card\" content=\"summary_large_image\" \/>\n<meta name=\"twitter:site\" content=\"@LandiousTours\" \/>\n<meta name=\"twitter:label1\" content=\"Gesch\u00e4tzte Lesezeit\" \/>\n\t<meta name=\"twitter:data1\" content=\"2\u00a0Minuten\" \/>\n<script type=\"application\/ld+json\" class=\"yoast-schema-graph\">{\"@context\":\"https:\\\/\\\/schema.org\",\"@graph\":[{\"@type\":\"WebPage\",\"@id\":\"https:\\\/\\\/landioustravel.com\\\/de\\\/agypten\\\/aegyptische-staedte\\\/qena-gouvernement\\\/\",\"url\":\"https:\\\/\\\/landioustravel.com\\\/de\\\/agypten\\\/aegyptische-staedte\\\/qena-gouvernement\\\/\",\"name\":\"Gouvernement Qena - Information - Landious Travel\",\"isPartOf\":{\"@id\":\"https:\\\/\\\/landioustravel.com\\\/de\\\/#website\"},\"primaryImageOfPage\":{\"@id\":\"https:\\\/\\\/landioustravel.com\\\/de\\\/agypten\\\/aegyptische-staedte\\\/qena-gouvernement\\\/#primaryimage\"},\"image\":{\"@id\":\"https:\\\/\\\/landioustravel.com\\\/de\\\/agypten\\\/aegyptische-staedte\\\/qena-gouvernement\\\/#primaryimage\"},\"thumbnailUrl\":\"https:\\\/\\\/i0.wp.com\\\/landioustravel.com\\\/wp-content\\\/uploads\\\/2021\\\/03\\\/Gouvernement-Qena-e1617042976441.jpg?fit=1200%2C675&ssl=1\",\"datePublished\":\"2019-04-22T12:33:19+00:00\",\"dateModified\":\"2021-09-01T00:29:44+00:00\",\"description\":\"Gouvernement Qena erstreckt sich \u00fcber 168 km entlang des Nil und ist 577 km von Kairo entfernt. Es wird im Norden von Sohag, im S\u00fcden\",\"breadcrumb\":{\"@id\":\"https:\\\/\\\/landioustravel.com\\\/de\\\/agypten\\\/aegyptische-staedte\\\/qena-gouvernement\\\/#breadcrumb\"},\"inLanguage\":\"de\",\"potentialAction\":[{\"@type\":\"ReadAction\",\"target\":[\"https:\\\/\\\/landioustravel.com\\\/de\\\/agypten\\\/aegyptische-staedte\\\/qena-gouvernement\\\/\"]}]},{\"@type\":\"ImageObject\",\"inLanguage\":\"de\",\"@id\":\"https:\\\/\\\/landioustravel.com\\\/de\\\/agypten\\\/aegyptische-staedte\\\/qena-gouvernement\\\/#primaryimage\",\"url\":\"https:\\\/\\\/i0.wp.com\\\/landioustravel.com\\\/wp-content\\\/uploads\\\/2021\\\/03\\\/Gouvernement-Qena-e1617042976441.jpg?fit=1200%2C675&ssl=1\",\"contentUrl\":\"https:\\\/\\\/i0.wp.com\\\/landioustravel.com\\\/wp-content\\\/uploads\\\/2021\\\/03\\\/Gouvernement-Qena-e1617042976441.jpg?fit=1200%2C675&ssl=1\",\"width\":1200,\"height\":675,\"caption\":\"Gouvernement Qena\"},{\"@type\":\"BreadcrumbList\",\"@id\":\"https:\\\/\\\/landioustravel.com\\\/de\\\/agypten\\\/aegyptische-staedte\\\/qena-gouvernement\\\/#breadcrumb\",\"itemListElement\":[{\"@type\":\"ListItem\",\"position\":1,\"name\":\"Home\",\"item\":\"https:\\\/\\\/landioustravel.com\\\/de\\\/\"},{\"@type\":\"ListItem\",\"position\":2,\"name\":\"\u00c4gypten\",\"item\":\"https:\\\/\\\/landioustravel.com\\\/de\\\/agypten\\\/\"},{\"@type\":\"ListItem\",\"position\":3,\"name\":\"\u00c4gyptische St\u00e4dte\",\"item\":\"https:\\\/\\\/landioustravel.com\\\/de\\\/agypten\\\/aegyptische-staedte\\\/\"},{\"@type\":\"ListItem\",\"position\":4,\"name\":\"Gouvernement Qena\"}]},{\"@type\":\"WebSite\",\"@id\":\"https:\\\/\\\/landioustravel.com\\\/de\\\/#website\",\"url\":\"https:\\\/\\\/landioustravel.com\\\/de\\\/\",\"name\":\"Landious Travel\",\"description\":\"Excursions, trips and cruises in Egypt\",\"publisher\":{\"@id\":\"https:\\\/\\\/landioustravel.com\\\/de\\\/#organization\"},\"potentialAction\":[{\"@type\":\"SearchAction\",\"target\":{\"@type\":\"EntryPoint\",\"urlTemplate\":\"https:\\\/\\\/landioustravel.com\\\/de\\\/?s={search_term_string}\"},\"query-input\":{\"@type\":\"PropertyValueSpecification\",\"valueRequired\":true,\"valueName\":\"search_term_string\"}}],\"inLanguage\":\"de\"},{\"@type\":[\"Organization\",\"Place\"],\"@id\":\"https:\\\/\\\/landioustravel.com\\\/de\\\/#organization\",\"name\":\"Landious Travel\",\"alternateName\":\"Landious Travel\",\"url\":\"https:\\\/\\\/landioustravel.com\\\/de\\\/\",\"logo\":{\"@id\":\"https:\\\/\\\/landioustravel.com\\\/de\\\/agypten\\\/aegyptische-staedte\\\/qena-gouvernement\\\/#local-main-organization-logo\"},\"image\":{\"@id\":\"https:\\\/\\\/landioustravel.com\\\/de\\\/agypten\\\/aegyptische-staedte\\\/qena-gouvernement\\\/#local-main-organization-logo\"},\"sameAs\":[\"https:\\\/\\\/web.facebook.com\\\/landiousEgypt\",\"https:\\\/\\\/x.com\\\/LandiousTours\",\"https:\\\/\\\/mastodon.social\\\/@landious\"],\"legalName\":\"Landious Travel\",\"telephone\":[],\"openingHoursSpecification\":[{\"@type\":\"OpeningHoursSpecification\",\"dayOfWeek\":[\"Monday\",\"Tuesday\",\"Wednesday\",\"Thursday\",\"Friday\",\"Saturday\",\"Sunday\"],\"opens\":\"09:00\",\"closes\":\"17:00\"}]},{\"@type\":\"ImageObject\",\"inLanguage\":\"de\",\"@id\":\"https:\\\/\\\/landioustravel.com\\\/de\\\/agypten\\\/aegyptische-staedte\\\/qena-gouvernement\\\/#local-main-organization-logo\",\"url\":\"https:\\\/\\\/i0.wp.com\\\/landioustravel.com\\\/wp-content\\\/uploads\\\/2021\\\/06\\\/Landious-T.png?fit=500%2C500&ssl=1\",\"contentUrl\":\"https:\\\/\\\/i0.wp.com\\\/landioustravel.com\\\/wp-content\\\/uploads\\\/2021\\\/06\\\/Landious-T.png?fit=500%2C500&ssl=1\",\"width\":500,\"height\":500,\"caption\":\"Landious Travel\"}]}<\/script>\n<!-- \/ Yoast SEO Premium plugin. -->","yoast_head_json":{"title":"Gouvernement Qena - Information - Landious Travel","description":"Gouvernement Qena erstreckt sich \u00fcber 168 km entlang des Nil und ist 577 km von Kairo entfernt. Es wird im Norden von Sohag, im S\u00fcden","robots":{"index":"index","follow":"follow","max-snippet":"max-snippet:-1","max-image-preview":"max-image-preview:large","max-video-preview":"max-video-preview:-1"},"canonical":"https:\/\/landioustravel.com\/de\/agypten\/aegyptische-staedte\/qena-gouvernement\/","og_locale":"de_DE","og_type":"article","og_title":"Gouvernement Qena","og_description":"Gouvernement Qena erstreckt sich \u00fcber 168 km entlang des Nil und ist 577 km von Kairo entfernt. Es wird im Norden von Sohag, im S\u00fcden","og_url":"https:\/\/landioustravel.com\/de\/agypten\/aegyptische-staedte\/qena-gouvernement\/","og_site_name":"Landious Travel","article_publisher":"https:\/\/web.facebook.com\/landiousEgypt","article_modified_time":"2021-09-01T00:29:44+00:00","og_image":[{"width":1200,"height":675,"url":"https:\/\/i0.wp.com\/landioustravel.com\/wp-content\/uploads\/2021\/03\/Gouvernement-Qena-e1617042976441.jpg?fit=1200%2C675&ssl=1","type":"image\/jpeg"}],"twitter_card":"summary_large_image","twitter_site":"@LandiousTours","twitter_misc":{"Gesch\u00e4tzte Lesezeit":"2\u00a0Minuten"},"schema":{"@context":"https:\/\/schema.org","@graph":[{"@type":"WebPage","@id":"https:\/\/landioustravel.com\/de\/agypten\/aegyptische-staedte\/qena-gouvernement\/","url":"https:\/\/landioustravel.com\/de\/agypten\/aegyptische-staedte\/qena-gouvernement\/","name":"Gouvernement Qena - Information - Landious Travel","isPartOf":{"@id":"https:\/\/landioustravel.com\/de\/#website"},"primaryImageOfPage":{"@id":"https:\/\/landioustravel.com\/de\/agypten\/aegyptische-staedte\/qena-gouvernement\/#primaryimage"},"image":{"@id":"https:\/\/landioustravel.com\/de\/agypten\/aegyptische-staedte\/qena-gouvernement\/#primaryimage"},"thumbnailUrl":"https:\/\/i0.wp.com\/landioustravel.com\/wp-content\/uploads\/2021\/03\/Gouvernement-Qena-e1617042976441.jpg?fit=1200%2C675&ssl=1","datePublished":"2019-04-22T12:33:19+00:00","dateModified":"2021-09-01T00:29:44+00:00","description":"Gouvernement Qena erstreckt sich \u00fcber 168 km entlang des Nil und ist 577 km von Kairo entfernt. Es wird im Norden von Sohag, im S\u00fcden","breadcrumb":{"@id":"https:\/\/landioustravel.com\/de\/agypten\/aegyptische-staedte\/qena-gouvernement\/#breadcrumb"},"inLanguage":"de","potentialAction":[{"@type":"ReadAction","target":["https:\/\/landioustravel.com\/de\/agypten\/aegyptische-staedte\/qena-gouvernement\/"]}]},{"@type":"ImageObject","inLanguage":"de","@id":"https:\/\/landioustravel.com\/de\/agypten\/aegyptische-staedte\/qena-gouvernement\/#primaryimage","url":"https:\/\/i0.wp.com\/landioustravel.com\/wp-content\/uploads\/2021\/03\/Gouvernement-Qena-e1617042976441.jpg?fit=1200%2C675&ssl=1","contentUrl":"https:\/\/i0.wp.com\/landioustravel.com\/wp-content\/uploads\/2021\/03\/Gouvernement-Qena-e1617042976441.jpg?fit=1200%2C675&ssl=1","width":1200,"height":675,"caption":"Gouvernement Qena"},{"@type":"BreadcrumbList","@id":"https:\/\/landioustravel.com\/de\/agypten\/aegyptische-staedte\/qena-gouvernement\/#breadcrumb","itemListElement":[{"@type":"ListItem","position":1,"name":"Home","item":"https:\/\/landioustravel.com\/de\/"},{"@type":"ListItem","position":2,"name":"\u00c4gypten","item":"https:\/\/landioustravel.com\/de\/agypten\/"},{"@type":"ListItem","position":3,"name":"\u00c4gyptische St\u00e4dte","item":"https:\/\/landioustravel.com\/de\/agypten\/aegyptische-staedte\/"},{"@type":"ListItem","position":4,"name":"Gouvernement Qena"}]},{"@type":"WebSite","@id":"https:\/\/landioustravel.com\/de\/#website","url":"https:\/\/landioustravel.com\/de\/","name":"Landious Travel","description":"Excursions, trips and cruises in Egypt","publisher":{"@id":"https:\/\/landioustravel.com\/de\/#organization"},"potentialAction":[{"@type":"SearchAction","target":{"@type":"EntryPoint","urlTemplate":"https:\/\/landioustravel.com\/de\/?s={search_term_string}"},"query-input":{"@type":"PropertyValueSpecification","valueRequired":true,"valueName":"search_term_string"}}],"inLanguage":"de"},{"@type":["Organization","Place"],"@id":"https:\/\/landioustravel.com\/de\/#organization","name":"Landious Travel","alternateName":"Landious Travel","url":"https:\/\/landioustravel.com\/de\/","logo":{"@id":"https:\/\/landioustravel.com\/de\/agypten\/aegyptische-staedte\/qena-gouvernement\/#local-main-organization-logo"},"image":{"@id":"https:\/\/landioustravel.com\/de\/agypten\/aegyptische-staedte\/qena-gouvernement\/#local-main-organization-logo"},"sameAs":["https:\/\/web.facebook.com\/landiousEgypt","https:\/\/x.com\/LandiousTours","https:\/\/mastodon.social\/@landious"],"legalName":"Landious Travel","telephone":[],"openingHoursSpecification":[{"@type":"OpeningHoursSpecification","dayOfWeek":["Monday","Tuesday","Wednesday","Thursday","Friday","Saturday","Sunday"],"opens":"09:00","closes":"17:00"}]},{"@type":"ImageObject","inLanguage":"de","@id":"https:\/\/landioustravel.com\/de\/agypten\/aegyptische-staedte\/qena-gouvernement\/#local-main-organization-logo","url":"https:\/\/i0.wp.com\/landioustravel.com\/wp-content\/uploads\/2021\/06\/Landious-T.png?fit=500%2C500&ssl=1","contentUrl":"https:\/\/i0.wp.com\/landioustravel.com\/wp-content\/uploads\/2021\/06\/Landious-T.png?fit=500%2C500&ssl=1","width":500,"height":500,"caption":"Landious Travel"}]}},"uagb_featured_image_src":{"full":["https:\/\/i0.wp.com\/landioustravel.com\/wp-content\/uploads\/2021\/03\/Gouvernement-Qena-e1617042976441.jpg?fit=1200%2C675&ssl=1",1200,675,false],"thumbnail":["https:\/\/i0.wp.com\/landioustravel.com\/wp-content\/uploads\/2021\/03\/Gouvernement-Qena-e1617042976441.jpg?resize=150%2C150&ssl=1",150,150,true],"medium":["https:\/\/i0.wp.com\/landioustravel.com\/wp-content\/uploads\/2021\/03\/Gouvernement-Qena-e1617042976441.jpg?fit=300%2C169&ssl=1",300,169,true],"medium_large":["https:\/\/i0.wp.com\/landioustravel.com\/wp-content\/uploads\/2021\/03\/Gouvernement-Qena-e1617042976441.jpg?fit=768%2C432&ssl=1",768,432,true],"large":["https:\/\/i0.wp.com\/landioustravel.com\/wp-content\/uploads\/2021\/03\/Gouvernement-Qena-e1617042976441.jpg?fit=980%2C551&ssl=1",980,551,true],"1536x1536":["https:\/\/i0.wp.com\/landioustravel.com\/wp-content\/uploads\/2021\/03\/Gouvernement-Qena-e1617042976441.jpg?fit=1536%2C864&ssl=1",1536,864,true],"2048x2048":["https:\/\/i0.wp.com\/landioustravel.com\/wp-content\/uploads\/2021\/03\/Gouvernement-Qena-e1617042976441.jpg?fit=1200%2C675&ssl=1",1200,675,true],"newspack-article-block-landscape-large":["https:\/\/i0.wp.com\/landioustravel.com\/wp-content\/uploads\/2021\/03\/Gouvernement-Qena-e1617042976441.jpg?resize=1200%2C675&ssl=1",1200,900,true],"newspack-article-block-portrait-large":["https:\/\/i0.wp.com\/landioustravel.com\/wp-content\/uploads\/2021\/03\/Gouvernement-Qena-e1617042976441.jpg?resize=900%2C675&ssl=1",900,1125,true],"newspack-article-block-square-large":["https:\/\/i0.wp.com\/landioustravel.com\/wp-content\/uploads\/2021\/03\/Gouvernement-Qena-e1617042976441.jpg?resize=1200%2C675&ssl=1",1200,1125,true],"newspack-article-block-landscape-medium":["https:\/\/i0.wp.com\/landioustravel.com\/wp-content\/uploads\/2021\/03\/Gouvernement-Qena-e1617042976441.jpg?resize=800%2C600&ssl=1",800,600,true],"newspack-article-block-portrait-medium":["https:\/\/i0.wp.com\/landioustravel.com\/wp-content\/uploads\/2021\/03\/Gouvernement-Qena-e1617042976441.jpg?resize=600%2C675&ssl=1",600,800,true],"newspack-article-block-square-medium":["https:\/\/i0.wp.com\/landioustravel.com\/wp-content\/uploads\/2021\/03\/Gouvernement-Qena-e1617042976441.jpg?resize=800%2C675&ssl=1",800,800,true],"newspack-article-block-landscape-intermediate":["https:\/\/i0.wp.com\/landioustravel.com\/wp-content\/uploads\/2021\/03\/Gouvernement-Qena-e1617042976441.jpg?resize=600%2C450&ssl=1",600,450,true],"newspack-article-block-portrait-intermediate":["https:\/\/i0.wp.com\/landioustravel.com\/wp-content\/uploads\/2021\/03\/Gouvernement-Qena-e1617042976441.jpg?resize=450%2C600&ssl=1",450,600,true],"newspack-article-block-square-intermediate":["https:\/\/i0.wp.com\/landioustravel.com\/wp-content\/uploads\/2021\/03\/Gouvernement-Qena-e1617042976441.jpg?resize=600%2C600&ssl=1",600,600,true],"newspack-article-block-landscape-small":["https:\/\/i0.wp.com\/landioustravel.com\/wp-content\/uploads\/2021\/03\/Gouvernement-Qena-e1617042976441.jpg?resize=400%2C300&ssl=1",400,300,true],"newspack-article-block-portrait-small":["https:\/\/i0.wp.com\/landioustravel.com\/wp-content\/uploads\/2021\/03\/Gouvernement-Qena-e1617042976441.jpg?resize=300%2C400&ssl=1",300,400,true],"newspack-article-block-square-small":["https:\/\/i0.wp.com\/landioustravel.com\/wp-content\/uploads\/2021\/03\/Gouvernement-Qena-e1617042976441.jpg?resize=400%2C400&ssl=1",400,400,true],"newspack-article-block-landscape-tiny":["https:\/\/i0.wp.com\/landioustravel.com\/wp-content\/uploads\/2021\/03\/Gouvernement-Qena-e1617042976441.jpg?resize=200%2C150&ssl=1",200,150,true],"newspack-article-block-portrait-tiny":["https:\/\/i0.wp.com\/landioustravel.com\/wp-content\/uploads\/2021\/03\/Gouvernement-Qena-e1617042976441.jpg?resize=150%2C200&ssl=1",150,200,true],"newspack-article-block-square-tiny":["https:\/\/i0.wp.com\/landioustravel.com\/wp-content\/uploads\/2021\/03\/Gouvernement-Qena-e1617042976441.jpg?resize=200%2C200&ssl=1",200,200,true],"newspack-article-block-uncropped":["https:\/\/i0.wp.com\/landioustravel.com\/wp-content\/uploads\/2021\/03\/Gouvernement-Qena-e1617042976441.jpg?fit=1200%2C675&ssl=1",1200,675,true],"woocommerce_thumbnail":["https:\/\/i0.wp.com\/landioustravel.com\/wp-content\/uploads\/2021\/03\/Gouvernement-Qena-e1617042976441.jpg?resize=324%2C324&ssl=1",324,324,true],"woocommerce_single":["https:\/\/i0.wp.com\/landioustravel.com\/wp-content\/uploads\/2021\/03\/Gouvernement-Qena-e1617042976441.jpg?fit=416%2C234&ssl=1",416,234,true],"woocommerce_gallery_thumbnail":["https:\/\/i0.wp.com\/landioustravel.com\/wp-content\/uploads\/2021\/03\/Gouvernement-Qena-e1617042976441.jpg?resize=100%2C100&ssl=1",100,100,true]},"uagb_author_info":{"display_name":"Mofreh Landious","author_link":"https:\/\/landioustravel.com\/de\/author\/landious\/"},"uagb_comment_info":0,"uagb_excerpt":"Das Gouvernement Qena erstreckt sich \u00fcber 168 km entlang des Nils und ist 577 km von Kairo entfernt. Es grenzt im Norden an das Gouvernement Sohag und im S\u00fcden an das Gouvernement Luxor. Au\u00dferdem grenzt es im Osten an das Gouvernement Al-Bahr Al-Ahmar (Rotes Meer) und im Westen an das Gouvernement New Valley. Lage des&hellip;","jetpack_sharing_enabled":true,"jetpack_shortlink":"https:\/\/wp.me\/Par4r5-14W","jetpack_likes_enabled":true,"amp_enabled":true,"_links":{"self":[{"href":"https:\/\/landioustravel.com\/de\/wp-json\/wp\/v2\/pages\/4150","targetHints":{"allow":["GET"]}}],"collection":[{"href":"https:\/\/landioustravel.com\/de\/wp-json\/wp\/v2\/pages"}],"about":[{"href":"https:\/\/landioustravel.com\/de\/wp-json\/wp\/v2\/types\/page"}],"author":[{"embeddable":true,"href":"https:\/\/landioustravel.com\/de\/wp-json\/wp\/v2\/users\/1"}],"replies":[{"embeddable":true,"href":"https:\/\/landioustravel.com\/de\/wp-json\/wp\/v2\/comments?post=4150"}],"version-history":[{"count":0,"href":"https:\/\/landioustravel.com\/de\/wp-json\/wp\/v2\/pages\/4150\/revisions"}],"up":[{"embeddable":true,"href":"https:\/\/landioustravel.com\/de\/wp-json\/wp\/v2\/pages\/3527"}],"wp:featuredmedia":[{"embeddable":true,"href":"https:\/\/landioustravel.com\/de\/wp-json\/wp\/v2\/media\/30315"}],"wp:attachment":[{"href":"https:\/\/landioustravel.com\/de\/wp-json\/wp\/v2\/media?parent=4150"}],"curies":[{"name":"wp","href":"https:\/\/api.w.org\/{rel}","templated":true}]}}