{"id":4167,"date":"2019-04-24T15:26:30","date_gmt":"2019-04-24T13:26:30","guid":{"rendered":"https:\/\/landioustravel.com\/?page_id=4167"},"modified":"2021-03-29T21:51:38","modified_gmt":"2021-03-29T19:51:38","slug":"sohag-gouvernement","status":"publish","type":"page","link":"https:\/\/landioustravel.com\/de\/agypten\/aegyptische-staedte\/sohag-gouvernement\/","title":{"rendered":"Gouvernement Sohag"},"content":{"rendered":"\n<amp-fit-text layout=\"fixed-height\" min-font-size=\"14\" max-font-size=\"48\" height=\"50\"><p><amp-fit-text layout=\"fixed-height\" min-font-size=\"14\" max-font-size=\"48\" height=\"50\">Das Gouvernement Sohag erstreckt sich 125 km entlang des Nils und ist 467 km von <a href=\"https:\/\/landioustravel.com\/de\/agypten\/aegyptische-staedte\/gouvernement-kairo\/\">Kairo<\/a> entfernt. Es grenzt im Norden an das Gouvernement Assiut, im S\u00fcden an <a href=\"https:\/\/landioustravel.com\/de\/agypten\/aegyptische-staedte\/qena-gouvernement\/\">das Gouvernement Qena<\/a>, im Osten an das <a href=\"https:\/\/landioustravel.com\/de\/agypten\/aegyptische-staedte\/bahr-ahmar-gouvernement\/\">Gouvernement Al-Bahr Al-Ahmar<\/a> (Rotes Meer) und im Westen an das Gouvernement <a href=\"https:\/\/www.google.com\/maps\/place\/New+Valley+Governorate\/@24.8263268,26.6240848,7z\/data=!3m1!4b1!4m5!3m4!1s0x144769b3ff373a8b:0x1c667b337679e0bf!8m2!3d24.5455638!4d27.1735316\" target=\"_blank\" rel=\"noreferrer noopener\">New Valley<\/a>.<\/amp-fit-text><\/p><\/amp-fit-text>\n\n\n\n<iframe src=\"https:\/\/www.google.com\/maps\/embed?pb=!1m18!1m12!1m3!1d1824643.140399883!2d30.907147122828952!3d26.720236679520163!2m3!1f0!2f0!3f0!3m2!1i1024!2i768!4f13.1!3m3!1m2!1s0x14458c30b0d13dd3%3A0xeb4eebd15e2c2eaf!2sSohag%20Governorate!5e0!3m2!1sen!2seg!4v1617047094344!5m2!1sen!2seg\" width=\"1200\" height=\"450\" style=\"border:0;\" allowfullscreen=\"\" loading=\"lazy\"><\/iframe>\n\n\n\n<amp-fit-text layout=\"fixed-height\" min-font-size=\"14\" max-font-size=\"48\" height=\"50\"><h2 class=\"wp-block-heading\" id=\"h-die-geschichte-des-gouvernements\">Die Geschichte des Gouvernements<\/h2><\/amp-fit-text>\n\n\n\n<amp-fit-text layout=\"fixed-height\" min-font-size=\"14\" max-font-size=\"48\" height=\"50\"><p><amp-fit-text layout=\"fixed-height\" min-font-size=\"14\" max-font-size=\"48\" height=\"50\">Sohag, es ist eines der 27 <a href=\"https:\/\/landioustravel.com\/de\/agypten\/aegyptische-staedte\/\">Gouvernorate \u00c4gyptens<\/a>. Dieses Gouvernement hat eine tief verwurzelte Geschichte und Erbe wie alle im Niltal gelegenen Gouvernements. Die <a href=\"https:\/\/landioustravel.com\/de\/agypten\/geschichte-aegyptens\/\">Geschichte<\/a> dieses Gouvernements reicht bis in die Zivilisationsgeschichte \u00c4gyptens zur\u00fcck. Wir k\u00f6nnen viel \u00fcber die Geschichte dieses Gouvernements aus den verbleibenden <a href=\"https:\/\/landioustravel.com\/de\/agypten\/geschichte-aegyptens\/geschichte-alt-agypt\/\">antiken \u00e4gyptischen<\/a> Monumenten in <a href=\"https:\/\/landioustravel.com\/de\/abydos-dorf\/\">Abydos<\/a> erfahren. In den ersten vier alten \u00e4gyptischen Dynastien war Abydos die Hauptstadt von \u00c4gypten. Die antike Stadt El-Tina, das Dorf aus Schlamm oder Lehm n\u00f6rdlich von Abydos, war auch Heimat und Hauptquartier des ersten Pharaos Narmer, dem es um 3100 v. Chr. Gelang, \u00c4gypten zu vereinen.<\/amp-fit-text><\/p><\/amp-fit-text>\n\n\n\n<amp-fit-text layout=\"fixed-height\" min-font-size=\"14\" max-font-size=\"48\" height=\"50\"><p><amp-fit-text layout=\"fixed-height\" min-font-size=\"14\" max-font-size=\"48\" height=\"50\">Sp\u00e4ter teilte Muhammad Ali, der 1805 \u00c4gypten regierte, das Land in Direktionen. Eine dieser Direktionen hie\u00df Girga oder Ober\u00e4gypten. Dementsprechend hatte diese Direktion eine Reihe von St\u00e4dten, darunter Mishta im Norden und Esna im S\u00fcden. Zu dieser Zeit gab es in dieser Direktion ein Dorf namens Sohag.<\/amp-fit-text><\/p><\/amp-fit-text>\n\n\n\n<amp-fit-text layout=\"fixed-height\" min-font-size=\"14\" max-font-size=\"48\" height=\"50\"><p><amp-fit-text layout=\"fixed-height\" min-font-size=\"14\" max-font-size=\"48\" height=\"50\">Mit der neuen demonstrativen Division f\u00fcr die Gouvernements im Jahr 1960 verlor Girga einen gro\u00dfen Teil seines s\u00fcdlichen Gebiets, und die Hauptstadt wurde in ein Dorf namens Sohag verlegt. Mit der Zeit wurde Sohag zu einer modernen Stadt mit dem zweitgr\u00f6\u00dften Gebiet dieses Gouvernements.<\/amp-fit-text><\/p><\/amp-fit-text>\n\n\n\n<amp-fit-text layout=\"fixed-height\" min-font-size=\"14\" max-font-size=\"48\" height=\"50\"><h2 class=\"wp-block-heading\" id=\"h-administrative-teilung-des-gouvernements-sohag\">Administrative Teilung des Gouvernements Sohag<\/h2><\/amp-fit-text>\n\n\n\n<amp-fit-text layout=\"fixed-height\" min-font-size=\"14\" max-font-size=\"48\" height=\"50\"><p><amp-fit-text layout=\"fixed-height\" min-font-size=\"14\" max-font-size=\"48\" height=\"50\">Das Gouvernement Sohag besteht aus 11 Verwaltungsabteilungen oder 11 zentralen St\u00e4dten:<\/amp-fit-text><\/p><\/amp-fit-text>\n\n\n\n<ul class=\"wp-block-list\"><li>Akhmim<\/li><li>El-Balyana (die s\u00fcdlichste Stadt)<\/li><li>Sohag (die Hauptstadt)<\/li><li>Tima (die n\u00f6rdlichste Stadt)<\/li><li>El-Maragha<\/li><li>Tahta<\/li><li>El-Mansha (die fl\u00e4chengr\u00f6\u00dfte Stadt)<\/li><li>Girga<\/li><li>Juhayna<\/li><li>Dar El-Salam<\/li><li>Und auch, Sakulta<\/li><\/ul>\n\n\n\n<amp-fit-text layout=\"fixed-height\" min-font-size=\"14\" max-font-size=\"48\" height=\"50\"><p><amp-fit-text layout=\"fixed-height\" min-font-size=\"14\" max-font-size=\"48\" height=\"50\">Die oben genannten zentralen St\u00e4dte (Markazes) haben 51 l\u00e4ndliche \u00f6rtliche Einheiten mit 213 D\u00f6rfern. Von all diesen St\u00e4dten oder Markazes gilt El-Mansha fl\u00e4chenm\u00e4\u00dfig als die gr\u00f6\u00dfte, gefolgt von Sohag City.<\/amp-fit-text><\/p><\/amp-fit-text>\n","protected":false},"excerpt":{"rendered":"<p>Das Gouvernement Sohag erstreckt sich 125 km entlang des Nils und ist 467 km von Kairo entfernt. Es grenzt im Norden an das Gouvernement Assiut, im S\u00fcden an das Gouvernement Qena, im Osten an das Gouvernement Al-Bahr Al-Ahmar (Rotes Meer) und im Westen an das Gouvernement New Valley. Die Geschichte des Gouvernements Sohag, es ist [&hellip;]<\/p>\n","protected":false},"author":1,"featured_media":30325,"parent":3527,"menu_order":0,"comment_status":"open","ping_status":"open","template":"","meta":{"_coblocks_attr":"","_coblocks_dimensions":"","_coblocks_responsive_height":"","_coblocks_accordion_ie_support":"","_uag_custom_page_level_css":"","jetpack_post_was_ever_published":false,"footnotes":""},"class_list":["post-4167","page","type-page","status-publish","has-post-thumbnail","hentry"],"yoast_head":"<!-- This site is optimized with the Yoast SEO Premium plugin v26.9 (Yoast SEO v27.3) - https:\/\/yoast.com\/product\/yoast-seo-premium-wordpress\/ -->\n<title>Gouvernement Sohag - Information - Landious Travel<\/title>\n<meta name=\"description\" content=\"Gouvernement Sohag erstreckt sich 125 km entlang des Nils und ist 467 km von Kairo entfernt. Es grenzt im Norden an das Gouvernement Assiut\" \/>\n<meta name=\"robots\" content=\"index, follow, max-snippet:-1, max-image-preview:large, max-video-preview:-1\" \/>\n<link rel=\"canonical\" href=\"https:\/\/landioustravel.com\/de\/agypten\/aegyptische-staedte\/sohag-gouvernement\/\" \/>\n<meta property=\"og:locale\" content=\"de_DE\" \/>\n<meta property=\"og:type\" content=\"article\" \/>\n<meta property=\"og:title\" content=\"Gouvernement Sohag\" \/>\n<meta property=\"og:description\" content=\"Gouvernement Sohag erstreckt sich 125 km entlang des Nils und ist 467 km von Kairo entfernt. Es grenzt im Norden an das Gouvernement Assiut\" \/>\n<meta property=\"og:url\" content=\"https:\/\/landioustravel.com\/de\/agypten\/aegyptische-staedte\/sohag-gouvernement\/\" \/>\n<meta property=\"og:site_name\" content=\"Landious Travel\" \/>\n<meta property=\"article:publisher\" content=\"https:\/\/web.facebook.com\/landiousEgypt\" \/>\n<meta property=\"article:modified_time\" content=\"2021-03-29T19:51:38+00:00\" \/>\n<meta property=\"og:image\" content=\"https:\/\/i0.wp.com\/landioustravel.com\/wp-content\/uploads\/2021\/03\/Gouvernement-Sohag.jpg?fit=1198%2C676&ssl=1\" \/>\n\t<meta property=\"og:image:width\" content=\"1198\" \/>\n\t<meta property=\"og:image:height\" content=\"676\" \/>\n\t<meta property=\"og:image:type\" content=\"image\/jpeg\" \/>\n<meta name=\"twitter:card\" content=\"summary_large_image\" \/>\n<meta name=\"twitter:site\" content=\"@LandiousTours\" \/>\n<meta name=\"twitter:label1\" content=\"Gesch\u00e4tzte Lesezeit\" \/>\n\t<meta name=\"twitter:data1\" content=\"2\u00a0Minuten\" \/>\n<script type=\"application\/ld+json\" class=\"yoast-schema-graph\">{\"@context\":\"https:\\\/\\\/schema.org\",\"@graph\":[{\"@type\":\"WebPage\",\"@id\":\"https:\\\/\\\/landioustravel.com\\\/de\\\/agypten\\\/aegyptische-staedte\\\/sohag-gouvernement\\\/\",\"url\":\"https:\\\/\\\/landioustravel.com\\\/de\\\/agypten\\\/aegyptische-staedte\\\/sohag-gouvernement\\\/\",\"name\":\"Gouvernement Sohag - Information - Landious Travel\",\"isPartOf\":{\"@id\":\"https:\\\/\\\/landioustravel.com\\\/de\\\/#website\"},\"primaryImageOfPage\":{\"@id\":\"https:\\\/\\\/landioustravel.com\\\/de\\\/agypten\\\/aegyptische-staedte\\\/sohag-gouvernement\\\/#primaryimage\"},\"image\":{\"@id\":\"https:\\\/\\\/landioustravel.com\\\/de\\\/agypten\\\/aegyptische-staedte\\\/sohag-gouvernement\\\/#primaryimage\"},\"thumbnailUrl\":\"https:\\\/\\\/i0.wp.com\\\/landioustravel.com\\\/wp-content\\\/uploads\\\/2021\\\/03\\\/Gouvernement-Sohag.jpg?fit=1198%2C676&ssl=1\",\"datePublished\":\"2019-04-24T13:26:30+00:00\",\"dateModified\":\"2021-03-29T19:51:38+00:00\",\"description\":\"Gouvernement Sohag erstreckt sich 125 km entlang des Nils und ist 467 km von Kairo entfernt. Es grenzt im Norden an das Gouvernement Assiut\",\"breadcrumb\":{\"@id\":\"https:\\\/\\\/landioustravel.com\\\/de\\\/agypten\\\/aegyptische-staedte\\\/sohag-gouvernement\\\/#breadcrumb\"},\"inLanguage\":\"de\",\"potentialAction\":[{\"@type\":\"ReadAction\",\"target\":[\"https:\\\/\\\/landioustravel.com\\\/de\\\/agypten\\\/aegyptische-staedte\\\/sohag-gouvernement\\\/\"]}]},{\"@type\":\"ImageObject\",\"inLanguage\":\"de\",\"@id\":\"https:\\\/\\\/landioustravel.com\\\/de\\\/agypten\\\/aegyptische-staedte\\\/sohag-gouvernement\\\/#primaryimage\",\"url\":\"https:\\\/\\\/i0.wp.com\\\/landioustravel.com\\\/wp-content\\\/uploads\\\/2021\\\/03\\\/Gouvernement-Sohag.jpg?fit=1198%2C676&ssl=1\",\"contentUrl\":\"https:\\\/\\\/i0.wp.com\\\/landioustravel.com\\\/wp-content\\\/uploads\\\/2021\\\/03\\\/Gouvernement-Sohag.jpg?fit=1198%2C676&ssl=1\",\"width\":1198,\"height\":676,\"caption\":\"Gouvernement Sohag\"},{\"@type\":\"BreadcrumbList\",\"@id\":\"https:\\\/\\\/landioustravel.com\\\/de\\\/agypten\\\/aegyptische-staedte\\\/sohag-gouvernement\\\/#breadcrumb\",\"itemListElement\":[{\"@type\":\"ListItem\",\"position\":1,\"name\":\"Home\",\"item\":\"https:\\\/\\\/landioustravel.com\\\/de\\\/\"},{\"@type\":\"ListItem\",\"position\":2,\"name\":\"\u00c4gypten\",\"item\":\"https:\\\/\\\/landioustravel.com\\\/de\\\/agypten\\\/\"},{\"@type\":\"ListItem\",\"position\":3,\"name\":\"\u00c4gyptische St\u00e4dte\",\"item\":\"https:\\\/\\\/landioustravel.com\\\/de\\\/agypten\\\/aegyptische-staedte\\\/\"},{\"@type\":\"ListItem\",\"position\":4,\"name\":\"Gouvernement Sohag\"}]},{\"@type\":\"WebSite\",\"@id\":\"https:\\\/\\\/landioustravel.com\\\/de\\\/#website\",\"url\":\"https:\\\/\\\/landioustravel.com\\\/de\\\/\",\"name\":\"Landious Travel\",\"description\":\"Excursions, trips and cruises in Egypt\",\"publisher\":{\"@id\":\"https:\\\/\\\/landioustravel.com\\\/de\\\/#organization\"},\"potentialAction\":[{\"@type\":\"SearchAction\",\"target\":{\"@type\":\"EntryPoint\",\"urlTemplate\":\"https:\\\/\\\/landioustravel.com\\\/de\\\/?s={search_term_string}\"},\"query-input\":{\"@type\":\"PropertyValueSpecification\",\"valueRequired\":true,\"valueName\":\"search_term_string\"}}],\"inLanguage\":\"de\"},{\"@type\":[\"Organization\",\"Place\"],\"@id\":\"https:\\\/\\\/landioustravel.com\\\/de\\\/#organization\",\"name\":\"Landious Travel\",\"alternateName\":\"Landious Travel\",\"url\":\"https:\\\/\\\/landioustravel.com\\\/de\\\/\",\"logo\":{\"@id\":\"https:\\\/\\\/landioustravel.com\\\/de\\\/agypten\\\/aegyptische-staedte\\\/sohag-gouvernement\\\/#local-main-organization-logo\"},\"image\":{\"@id\":\"https:\\\/\\\/landioustravel.com\\\/de\\\/agypten\\\/aegyptische-staedte\\\/sohag-gouvernement\\\/#local-main-organization-logo\"},\"sameAs\":[\"https:\\\/\\\/web.facebook.com\\\/landiousEgypt\",\"https:\\\/\\\/x.com\\\/LandiousTours\",\"https:\\\/\\\/mastodon.social\\\/@landious\"],\"legalName\":\"Landious Travel\",\"telephone\":[],\"openingHoursSpecification\":[{\"@type\":\"OpeningHoursSpecification\",\"dayOfWeek\":[\"Monday\",\"Tuesday\",\"Wednesday\",\"Thursday\",\"Friday\",\"Saturday\",\"Sunday\"],\"opens\":\"09:00\",\"closes\":\"17:00\"}]},{\"@type\":\"ImageObject\",\"inLanguage\":\"de\",\"@id\":\"https:\\\/\\\/landioustravel.com\\\/de\\\/agypten\\\/aegyptische-staedte\\\/sohag-gouvernement\\\/#local-main-organization-logo\",\"url\":\"https:\\\/\\\/i0.wp.com\\\/landioustravel.com\\\/wp-content\\\/uploads\\\/2021\\\/06\\\/Landious-T.png?fit=500%2C500&ssl=1\",\"contentUrl\":\"https:\\\/\\\/i0.wp.com\\\/landioustravel.com\\\/wp-content\\\/uploads\\\/2021\\\/06\\\/Landious-T.png?fit=500%2C500&ssl=1\",\"width\":500,\"height\":500,\"caption\":\"Landious Travel\"}]}<\/script>\n<!-- \/ Yoast SEO Premium plugin. -->","yoast_head_json":{"title":"Gouvernement Sohag - Information - Landious Travel","description":"Gouvernement Sohag erstreckt sich 125 km entlang des Nils und ist 467 km von Kairo entfernt. Es grenzt im Norden an das Gouvernement Assiut","robots":{"index":"index","follow":"follow","max-snippet":"max-snippet:-1","max-image-preview":"max-image-preview:large","max-video-preview":"max-video-preview:-1"},"canonical":"https:\/\/landioustravel.com\/de\/agypten\/aegyptische-staedte\/sohag-gouvernement\/","og_locale":"de_DE","og_type":"article","og_title":"Gouvernement Sohag","og_description":"Gouvernement Sohag erstreckt sich 125 km entlang des Nils und ist 467 km von Kairo entfernt. Es grenzt im Norden an das Gouvernement Assiut","og_url":"https:\/\/landioustravel.com\/de\/agypten\/aegyptische-staedte\/sohag-gouvernement\/","og_site_name":"Landious Travel","article_publisher":"https:\/\/web.facebook.com\/landiousEgypt","article_modified_time":"2021-03-29T19:51:38+00:00","og_image":[{"width":1198,"height":676,"url":"https:\/\/i0.wp.com\/landioustravel.com\/wp-content\/uploads\/2021\/03\/Gouvernement-Sohag.jpg?fit=1198%2C676&ssl=1","type":"image\/jpeg"}],"twitter_card":"summary_large_image","twitter_site":"@LandiousTours","twitter_misc":{"Gesch\u00e4tzte Lesezeit":"2\u00a0Minuten"},"schema":{"@context":"https:\/\/schema.org","@graph":[{"@type":"WebPage","@id":"https:\/\/landioustravel.com\/de\/agypten\/aegyptische-staedte\/sohag-gouvernement\/","url":"https:\/\/landioustravel.com\/de\/agypten\/aegyptische-staedte\/sohag-gouvernement\/","name":"Gouvernement Sohag - Information - Landious Travel","isPartOf":{"@id":"https:\/\/landioustravel.com\/de\/#website"},"primaryImageOfPage":{"@id":"https:\/\/landioustravel.com\/de\/agypten\/aegyptische-staedte\/sohag-gouvernement\/#primaryimage"},"image":{"@id":"https:\/\/landioustravel.com\/de\/agypten\/aegyptische-staedte\/sohag-gouvernement\/#primaryimage"},"thumbnailUrl":"https:\/\/i0.wp.com\/landioustravel.com\/wp-content\/uploads\/2021\/03\/Gouvernement-Sohag.jpg?fit=1198%2C676&ssl=1","datePublished":"2019-04-24T13:26:30+00:00","dateModified":"2021-03-29T19:51:38+00:00","description":"Gouvernement Sohag erstreckt sich 125 km entlang des Nils und ist 467 km von Kairo entfernt. Es grenzt im Norden an das Gouvernement Assiut","breadcrumb":{"@id":"https:\/\/landioustravel.com\/de\/agypten\/aegyptische-staedte\/sohag-gouvernement\/#breadcrumb"},"inLanguage":"de","potentialAction":[{"@type":"ReadAction","target":["https:\/\/landioustravel.com\/de\/agypten\/aegyptische-staedte\/sohag-gouvernement\/"]}]},{"@type":"ImageObject","inLanguage":"de","@id":"https:\/\/landioustravel.com\/de\/agypten\/aegyptische-staedte\/sohag-gouvernement\/#primaryimage","url":"https:\/\/i0.wp.com\/landioustravel.com\/wp-content\/uploads\/2021\/03\/Gouvernement-Sohag.jpg?fit=1198%2C676&ssl=1","contentUrl":"https:\/\/i0.wp.com\/landioustravel.com\/wp-content\/uploads\/2021\/03\/Gouvernement-Sohag.jpg?fit=1198%2C676&ssl=1","width":1198,"height":676,"caption":"Gouvernement Sohag"},{"@type":"BreadcrumbList","@id":"https:\/\/landioustravel.com\/de\/agypten\/aegyptische-staedte\/sohag-gouvernement\/#breadcrumb","itemListElement":[{"@type":"ListItem","position":1,"name":"Home","item":"https:\/\/landioustravel.com\/de\/"},{"@type":"ListItem","position":2,"name":"\u00c4gypten","item":"https:\/\/landioustravel.com\/de\/agypten\/"},{"@type":"ListItem","position":3,"name":"\u00c4gyptische St\u00e4dte","item":"https:\/\/landioustravel.com\/de\/agypten\/aegyptische-staedte\/"},{"@type":"ListItem","position":4,"name":"Gouvernement Sohag"}]},{"@type":"WebSite","@id":"https:\/\/landioustravel.com\/de\/#website","url":"https:\/\/landioustravel.com\/de\/","name":"Landious Travel","description":"Excursions, trips and cruises in Egypt","publisher":{"@id":"https:\/\/landioustravel.com\/de\/#organization"},"potentialAction":[{"@type":"SearchAction","target":{"@type":"EntryPoint","urlTemplate":"https:\/\/landioustravel.com\/de\/?s={search_term_string}"},"query-input":{"@type":"PropertyValueSpecification","valueRequired":true,"valueName":"search_term_string"}}],"inLanguage":"de"},{"@type":["Organization","Place"],"@id":"https:\/\/landioustravel.com\/de\/#organization","name":"Landious Travel","alternateName":"Landious Travel","url":"https:\/\/landioustravel.com\/de\/","logo":{"@id":"https:\/\/landioustravel.com\/de\/agypten\/aegyptische-staedte\/sohag-gouvernement\/#local-main-organization-logo"},"image":{"@id":"https:\/\/landioustravel.com\/de\/agypten\/aegyptische-staedte\/sohag-gouvernement\/#local-main-organization-logo"},"sameAs":["https:\/\/web.facebook.com\/landiousEgypt","https:\/\/x.com\/LandiousTours","https:\/\/mastodon.social\/@landious"],"legalName":"Landious Travel","telephone":[],"openingHoursSpecification":[{"@type":"OpeningHoursSpecification","dayOfWeek":["Monday","Tuesday","Wednesday","Thursday","Friday","Saturday","Sunday"],"opens":"09:00","closes":"17:00"}]},{"@type":"ImageObject","inLanguage":"de","@id":"https:\/\/landioustravel.com\/de\/agypten\/aegyptische-staedte\/sohag-gouvernement\/#local-main-organization-logo","url":"https:\/\/i0.wp.com\/landioustravel.com\/wp-content\/uploads\/2021\/06\/Landious-T.png?fit=500%2C500&ssl=1","contentUrl":"https:\/\/i0.wp.com\/landioustravel.com\/wp-content\/uploads\/2021\/06\/Landious-T.png?fit=500%2C500&ssl=1","width":500,"height":500,"caption":"Landious Travel"}]}},"uagb_featured_image_src":{"full":["https:\/\/i0.wp.com\/landioustravel.com\/wp-content\/uploads\/2021\/03\/Gouvernement-Sohag.jpg?fit=1198%2C676&ssl=1",1198,676,false],"thumbnail":["https:\/\/i0.wp.com\/landioustravel.com\/wp-content\/uploads\/2021\/03\/Gouvernement-Sohag.jpg?resize=150%2C150&ssl=1",150,150,true],"medium":["https:\/\/i0.wp.com\/landioustravel.com\/wp-content\/uploads\/2021\/03\/Gouvernement-Sohag.jpg?fit=300%2C169&ssl=1",300,169,true],"medium_large":["https:\/\/i0.wp.com\/landioustravel.com\/wp-content\/uploads\/2021\/03\/Gouvernement-Sohag.jpg?fit=768%2C433&ssl=1",768,433,true],"large":["https:\/\/i0.wp.com\/landioustravel.com\/wp-content\/uploads\/2021\/03\/Gouvernement-Sohag.jpg?fit=980%2C553&ssl=1",980,553,true],"1536x1536":["https:\/\/i0.wp.com\/landioustravel.com\/wp-content\/uploads\/2021\/03\/Gouvernement-Sohag.jpg?fit=1198%2C676&ssl=1",1198,676,true],"2048x2048":["https:\/\/i0.wp.com\/landioustravel.com\/wp-content\/uploads\/2021\/03\/Gouvernement-Sohag.jpg?fit=1198%2C676&ssl=1",1198,676,true],"newspack-article-block-landscape-large":["https:\/\/i0.wp.com\/landioustravel.com\/wp-content\/uploads\/2021\/03\/Gouvernement-Sohag.jpg?resize=1198%2C676&ssl=1",1198,676,true],"newspack-article-block-portrait-large":["https:\/\/i0.wp.com\/landioustravel.com\/wp-content\/uploads\/2021\/03\/Gouvernement-Sohag.jpg?resize=900%2C676&ssl=1",900,676,true],"newspack-article-block-square-large":["https:\/\/i0.wp.com\/landioustravel.com\/wp-content\/uploads\/2021\/03\/Gouvernement-Sohag.jpg?resize=1198%2C676&ssl=1",1198,676,true],"newspack-article-block-landscape-medium":["https:\/\/i0.wp.com\/landioustravel.com\/wp-content\/uploads\/2021\/03\/Gouvernement-Sohag.jpg?resize=800%2C600&ssl=1",800,600,true],"newspack-article-block-portrait-medium":["https:\/\/i0.wp.com\/landioustravel.com\/wp-content\/uploads\/2021\/03\/Gouvernement-Sohag.jpg?resize=600%2C676&ssl=1",600,676,true],"newspack-article-block-square-medium":["https:\/\/i0.wp.com\/landioustravel.com\/wp-content\/uploads\/2021\/03\/Gouvernement-Sohag.jpg?resize=800%2C676&ssl=1",800,676,true],"newspack-article-block-landscape-intermediate":["https:\/\/i0.wp.com\/landioustravel.com\/wp-content\/uploads\/2021\/03\/Gouvernement-Sohag.jpg?resize=600%2C450&ssl=1",600,450,true],"newspack-article-block-portrait-intermediate":["https:\/\/i0.wp.com\/landioustravel.com\/wp-content\/uploads\/2021\/03\/Gouvernement-Sohag.jpg?resize=450%2C600&ssl=1",450,600,true],"newspack-article-block-square-intermediate":["https:\/\/i0.wp.com\/landioustravel.com\/wp-content\/uploads\/2021\/03\/Gouvernement-Sohag.jpg?resize=600%2C600&ssl=1",600,600,true],"newspack-article-block-landscape-small":["https:\/\/i0.wp.com\/landioustravel.com\/wp-content\/uploads\/2021\/03\/Gouvernement-Sohag.jpg?resize=400%2C300&ssl=1",400,300,true],"newspack-article-block-portrait-small":["https:\/\/i0.wp.com\/landioustravel.com\/wp-content\/uploads\/2021\/03\/Gouvernement-Sohag.jpg?resize=300%2C400&ssl=1",300,400,true],"newspack-article-block-square-small":["https:\/\/i0.wp.com\/landioustravel.com\/wp-content\/uploads\/2021\/03\/Gouvernement-Sohag.jpg?resize=400%2C400&ssl=1",400,400,true],"newspack-article-block-landscape-tiny":["https:\/\/i0.wp.com\/landioustravel.com\/wp-content\/uploads\/2021\/03\/Gouvernement-Sohag.jpg?resize=200%2C150&ssl=1",200,150,true],"newspack-article-block-portrait-tiny":["https:\/\/i0.wp.com\/landioustravel.com\/wp-content\/uploads\/2021\/03\/Gouvernement-Sohag.jpg?resize=150%2C200&ssl=1",150,200,true],"newspack-article-block-square-tiny":["https:\/\/i0.wp.com\/landioustravel.com\/wp-content\/uploads\/2021\/03\/Gouvernement-Sohag.jpg?resize=200%2C200&ssl=1",200,200,true],"newspack-article-block-uncropped":["https:\/\/i0.wp.com\/landioustravel.com\/wp-content\/uploads\/2021\/03\/Gouvernement-Sohag.jpg?fit=1198%2C676&ssl=1",1198,676,true],"woocommerce_thumbnail":["https:\/\/i0.wp.com\/landioustravel.com\/wp-content\/uploads\/2021\/03\/Gouvernement-Sohag.jpg?resize=324%2C324&ssl=1",324,324,true],"woocommerce_single":["https:\/\/i0.wp.com\/landioustravel.com\/wp-content\/uploads\/2021\/03\/Gouvernement-Sohag.jpg?fit=416%2C235&ssl=1",416,235,true],"woocommerce_gallery_thumbnail":["https:\/\/i0.wp.com\/landioustravel.com\/wp-content\/uploads\/2021\/03\/Gouvernement-Sohag.jpg?resize=100%2C100&ssl=1",100,100,true]},"uagb_author_info":{"display_name":"Mofreh Landious","author_link":"https:\/\/landioustravel.com\/de\/author\/landious\/"},"uagb_comment_info":0,"uagb_excerpt":"Das Gouvernement Sohag erstreckt sich 125 km entlang des Nils und ist 467 km von Kairo entfernt. Es grenzt im Norden an das Gouvernement Assiut, im S\u00fcden an das Gouvernement Qena, im Osten an das Gouvernement Al-Bahr Al-Ahmar (Rotes Meer) und im Westen an das Gouvernement New Valley. Die Geschichte des Gouvernements Sohag, es ist&hellip;","jetpack_sharing_enabled":true,"jetpack_shortlink":"https:\/\/wp.me\/Par4r5-15d","jetpack_likes_enabled":true,"amp_enabled":true,"_links":{"self":[{"href":"https:\/\/landioustravel.com\/de\/wp-json\/wp\/v2\/pages\/4167","targetHints":{"allow":["GET"]}}],"collection":[{"href":"https:\/\/landioustravel.com\/de\/wp-json\/wp\/v2\/pages"}],"about":[{"href":"https:\/\/landioustravel.com\/de\/wp-json\/wp\/v2\/types\/page"}],"author":[{"embeddable":true,"href":"https:\/\/landioustravel.com\/de\/wp-json\/wp\/v2\/users\/1"}],"replies":[{"embeddable":true,"href":"https:\/\/landioustravel.com\/de\/wp-json\/wp\/v2\/comments?post=4167"}],"version-history":[{"count":0,"href":"https:\/\/landioustravel.com\/de\/wp-json\/wp\/v2\/pages\/4167\/revisions"}],"up":[{"embeddable":true,"href":"https:\/\/landioustravel.com\/de\/wp-json\/wp\/v2\/pages\/3527"}],"wp:featuredmedia":[{"embeddable":true,"href":"https:\/\/landioustravel.com\/de\/wp-json\/wp\/v2\/media\/30325"}],"wp:attachment":[{"href":"https:\/\/landioustravel.com\/de\/wp-json\/wp\/v2\/media?parent=4167"}],"curies":[{"name":"wp","href":"https:\/\/api.w.org\/{rel}","templated":true}]}}