{"id":4370,"date":"2019-05-03T04:10:47","date_gmt":"2019-05-03T02:10:47","guid":{"rendered":"https:\/\/landioustravel.com\/?page_id=4370"},"modified":"2021-03-29T11:29:13","modified_gmt":"2021-03-29T09:29:13","slug":"assuan-gouvernement","status":"publish","type":"page","link":"https:\/\/landioustravel.com\/de\/agypten\/aegyptische-staedte\/assuan-gouvernement\/","title":{"rendered":"Assuan Gouvernement"},"content":{"rendered":"\n<amp-fit-text layout=\"fixed-height\" min-font-size=\"14\" max-font-size=\"48\" height=\"50\"><p><amp-fit-text layout=\"fixed-height\" min-font-size=\"14\" max-font-size=\"48\" height=\"50\">Assuan ist eines der <a href=\"https:\/\/landioustravel.com\/de\/agypten\/aegyptische-staedte\/\">Gouvernements von \u00c4gypten<\/a>. Dieses Gouvernement liegt im \u00e4u\u00dfersten S\u00fcden des Landes in Ober\u00e4gypten, die Hauptstadt ist Assuan. Dieses Gouvernement grenzt im Norden an <a href=\"https:\/\/landioustravel.com\/de\/agypten\/aegyptische-staedte\/qena-gouvernement\/\">Qena<\/a>, im Osten an das <a href=\"https:\/\/landioustravel.com\/de\/agypten\/aegyptische-staedte\/bahr-ahmar-gouvernement\/\">Gouvernement Al-Bahr Al-Ahmar<\/a> (Rotes Meer), im Westen an das New Valley und im S\u00fcden an den Norden des Sudan.<\/amp-fit-text><\/p><\/amp-fit-text>\n\n\n\n<iframe src=\"https:\/\/www.google.com\/maps\/embed?pb=!1m18!1m12!1m3!1d3736958.1943422677!2d30.00662248032371!3d23.840876727202097!2m3!1f0!2f0!3f0!3m2!1i1024!2i768!4f13.1!3m3!1m2!1s0x14367b5c59d76343%3A0xde8fdc9fa5c3881d!2sAswan%20Governorate!5e0!3m2!1sen!2seg!4v1617009513190!5m2!1sen!2seg\" width=\"1200\" height=\"450\" style=\"border:0;\" allowfullscreen=\"\" loading=\"lazy\"><\/iframe>\n\n\n\n<amp-fit-text layout=\"fixed-height\" min-font-size=\"14\" max-font-size=\"48\" height=\"50\"><h2 class=\"wp-block-heading\" id=\"h-die-geschichte-des-gouvernements-assuan\">Die Geschichte des Gouvernements Assuan<\/h2><\/amp-fit-text>\n\n\n\n<amp-fit-text layout=\"fixed-height\" min-font-size=\"14\" max-font-size=\"48\" height=\"50\"><p><amp-fit-text layout=\"fixed-height\" min-font-size=\"14\" max-font-size=\"48\" height=\"50\">Assuan ist eines der 27 Gouvernements von <a href=\"https:\/\/landioustravel.com\/de\/agypten\/\">\u00c4gypten<\/a>. Dieses Gouvernement hat eine tief verwurzelte <a href=\"https:\/\/landioustravel.com\/de\/agypten\/geschichte-aegyptens\/\">Geschichte<\/a> und Erbe wie alle im Niltal gelegenen Gouvernements. Die Geschichte dieses Gouvernements reicht bis in die Zivilisationsgeschichte \u00c4gyptens zur\u00fcck. \u00dcber die Geschichte dieses Gouvernements k\u00f6nnen wir viel aus den verbleibenden antiken \u00e4gyptischen Monumenten in Aswan City und Abu Simbel erfahren. Die Geschichte des Gouvernements ist in den vielen griechisch-r\u00f6mischen Monumenten von Edfu, Kom Ombo, Philae und im mittleren Bereich dieses Gouvernements zu finden.<\/amp-fit-text><\/p><\/amp-fit-text>\n\n\n\n<amp-fit-text layout=\"fixed-height\" min-font-size=\"14\" max-font-size=\"48\" height=\"50\"><p><amp-fit-text layout=\"fixed-height\" min-font-size=\"14\" max-font-size=\"48\" height=\"50\">Die Hauptstadt dieses Distrikts ist die Stadt Assuan. Es ist die antike Stadt Swenett, die Grenzstadt des antiken \u00c4gyptens in Richtung S\u00fcden.<\/amp-fit-text><\/p><\/amp-fit-text>\n\n\n\n<amp-fit-text layout=\"fixed-height\" min-font-size=\"14\" max-font-size=\"48\" height=\"50\"><p><amp-fit-text layout=\"fixed-height\" min-font-size=\"14\" max-font-size=\"48\" height=\"50\">Der alte \u00c4gypter nutzte den Ort zu verschiedenen Zwecken. Zu diesen Zwecken geh\u00f6rt die Verwendung seiner Steinbr\u00fcche. Diese Steinbr\u00fcche wurden f\u00fcr ihren Stein und besonders f\u00fcr den Granitfelsen Syenit gefeiert. Sie lieferten die kolossalen Statuen, Obelisken und monolithischen Schreine, die man in ganz \u00c4gypten findet, einschlie\u00dflich der Pyramiden; und die Spuren der Steinbrecher, die vor 3.000 Jahren dort gearbeitet haben, sind noch immer im einheimischen Fels sichtbar. Sie liegen an beiden Ufern des Nils, und neben ihnen wurde eine 6,5 km lange Stra\u00dfe von Syene nach Philae geschnitten.<\/amp-fit-text><\/p><\/amp-fit-text>\n\n\n\n<amp-fit-text layout=\"fixed-height\" min-font-size=\"14\" max-font-size=\"48\" height=\"50\"><p><amp-fit-text layout=\"fixed-height\" min-font-size=\"14\" max-font-size=\"48\" height=\"50\">Der alte \u00c4gypter nutzte den Ort auch als Garnison. Diese Milit\u00e4rstation wurde bis vor kurzem genutzt.<\/amp-fit-text><\/p><\/amp-fit-text>\n\n\n\n<amp-fit-text layout=\"fixed-height\" min-font-size=\"14\" max-font-size=\"48\" height=\"50\"><h2 class=\"wp-block-heading\" id=\"h-die-verwaltungsabteilungen-des-governorates\">Die Verwaltungsabteilungen des Governorates<\/h2><\/amp-fit-text>\n\n\n\n<amp-fit-text layout=\"fixed-height\" min-font-size=\"14\" max-font-size=\"48\" height=\"50\"><p><amp-fit-text layout=\"fixed-height\" min-font-size=\"14\" max-font-size=\"48\" height=\"50\">Das Gouvernement ist in folgende Verwaltungsbereiche unterteilt:<\/amp-fit-text><\/p><\/amp-fit-text>\n\n\n\n<ul class=\"wp-block-list\"><li>Abu simbel<\/li><li>Assuan<\/li><li>Daraw<\/li><li>Edfu<\/li><li><a href=\"https:\/\/www.google.com\/maps\/place\/Kom+Ombo,+Markaz+Kom+Ombo,+Aswan+Governorate\/@24.4670185,32.9006259,13z\/data=!3m1!4b1!4m5!3m4!1s0x14360f98f74bd505:0xee718ff8545f0926!8m2!3d24.4698032!4d32.9381321\" target=\"_blank\" rel=\"noreferrer noopener\">Kom Ombo<\/a><\/li><li>New Assuan<\/li><li>Neues Tuschka<\/li><li>Nasser City<\/li><\/ul>\n","protected":false},"excerpt":{"rendered":"<p>Assuan ist eines der Gouvernements von \u00c4gypten. Dieses Gouvernement liegt im \u00e4u\u00dfersten S\u00fcden des Landes in Ober\u00e4gypten, die Hauptstadt ist Assuan. Dieses Gouvernement grenzt im Norden an Qena, im Osten an das Gouvernement Al-Bahr Al-Ahmar (Rotes Meer), im Westen an das New Valley und im S\u00fcden an den Norden des Sudan. Die Geschichte des Gouvernements [&hellip;]<\/p>\n","protected":false},"author":1,"featured_media":30278,"parent":3527,"menu_order":0,"comment_status":"open","ping_status":"closed","template":"","meta":{"_coblocks_attr":"","_coblocks_dimensions":"","_coblocks_responsive_height":"","_coblocks_accordion_ie_support":"","_uag_custom_page_level_css":"","footnotes":""},"class_list":["post-4370","page","type-page","status-publish","has-post-thumbnail","hentry"],"yoast_head":"<!-- This site is optimized with the Yoast SEO Premium plugin v26.9 (Yoast SEO v27.5) - https:\/\/yoast.com\/product\/yoast-seo-premium-wordpress\/ -->\n<title>Assuan Gouvernement - Information - Landious Travel<\/title>\n<meta name=\"description\" content=\"Assuan Gouvernement ist eines der Gouvernements von \u00c4gypten. liegt im \u00e4u\u00dfersten S\u00fcden des Landes in Ober\u00e4gypten, die Hauptstadt ist Assuan\" \/>\n<meta name=\"robots\" content=\"index, follow, max-snippet:-1, max-image-preview:large, max-video-preview:-1\" \/>\n<link rel=\"canonical\" href=\"https:\/\/landioustravel.com\/de\/agypten\/aegyptische-staedte\/assuan-gouvernement\/\" \/>\n<meta property=\"og:locale\" content=\"de_DE\" \/>\n<meta property=\"og:type\" content=\"article\" \/>\n<meta property=\"og:title\" content=\"Assuan Gouvernement\" \/>\n<meta property=\"og:description\" content=\"Assuan Gouvernement ist eines der Gouvernements von \u00c4gypten. liegt im \u00e4u\u00dfersten S\u00fcden des Landes in Ober\u00e4gypten, die Hauptstadt ist Assuan\" \/>\n<meta property=\"og:url\" content=\"https:\/\/landioustravel.com\/de\/agypten\/aegyptische-staedte\/assuan-gouvernement\/\" \/>\n<meta property=\"og:site_name\" content=\"Landious Travel\" \/>\n<meta property=\"article:publisher\" content=\"https:\/\/web.facebook.com\/landiousEgypt\" \/>\n<meta property=\"article:modified_time\" content=\"2021-03-29T09:29:13+00:00\" \/>\n<meta property=\"og:image\" content=\"https:\/\/i0.wp.com\/landioustravel.com\/wp-content\/uploads\/2021\/03\/Assuan-Gouvernement-e1617010109966.jpg?fit=1200%2C675&ssl=1\" \/>\n\t<meta property=\"og:image:width\" content=\"1200\" \/>\n\t<meta property=\"og:image:height\" content=\"675\" \/>\n\t<meta property=\"og:image:type\" content=\"image\/jpeg\" \/>\n<meta name=\"twitter:card\" content=\"summary_large_image\" \/>\n<meta name=\"twitter:site\" content=\"@LandiousTours\" \/>\n<meta name=\"twitter:label1\" content=\"Gesch\u00e4tzte Lesezeit\" \/>\n\t<meta name=\"twitter:data1\" content=\"2\u00a0Minuten\" \/>\n<script type=\"application\/ld+json\" class=\"yoast-schema-graph\">{\"@context\":\"https:\\\/\\\/schema.org\",\"@graph\":[{\"@type\":\"WebPage\",\"@id\":\"https:\\\/\\\/landioustravel.com\\\/de\\\/agypten\\\/aegyptische-staedte\\\/assuan-gouvernement\\\/\",\"url\":\"https:\\\/\\\/landioustravel.com\\\/de\\\/agypten\\\/aegyptische-staedte\\\/assuan-gouvernement\\\/\",\"name\":\"Assuan Gouvernement - Information - Landious Travel\",\"isPartOf\":{\"@id\":\"https:\\\/\\\/landioustravel.com\\\/de\\\/#website\"},\"primaryImageOfPage\":{\"@id\":\"https:\\\/\\\/landioustravel.com\\\/de\\\/agypten\\\/aegyptische-staedte\\\/assuan-gouvernement\\\/#primaryimage\"},\"image\":{\"@id\":\"https:\\\/\\\/landioustravel.com\\\/de\\\/agypten\\\/aegyptische-staedte\\\/assuan-gouvernement\\\/#primaryimage\"},\"thumbnailUrl\":\"https:\\\/\\\/i0.wp.com\\\/landioustravel.com\\\/wp-content\\\/uploads\\\/2021\\\/03\\\/Assuan-Gouvernement-e1617010109966.jpg?fit=1200%2C675&ssl=1\",\"datePublished\":\"2019-05-03T02:10:47+00:00\",\"dateModified\":\"2021-03-29T09:29:13+00:00\",\"description\":\"Assuan Gouvernement ist eines der Gouvernements von \u00c4gypten. liegt im \u00e4u\u00dfersten S\u00fcden des Landes in Ober\u00e4gypten, die Hauptstadt ist Assuan\",\"breadcrumb\":{\"@id\":\"https:\\\/\\\/landioustravel.com\\\/de\\\/agypten\\\/aegyptische-staedte\\\/assuan-gouvernement\\\/#breadcrumb\"},\"inLanguage\":\"de\",\"potentialAction\":[{\"@type\":\"ReadAction\",\"target\":[\"https:\\\/\\\/landioustravel.com\\\/de\\\/agypten\\\/aegyptische-staedte\\\/assuan-gouvernement\\\/\"]}]},{\"@type\":\"ImageObject\",\"inLanguage\":\"de\",\"@id\":\"https:\\\/\\\/landioustravel.com\\\/de\\\/agypten\\\/aegyptische-staedte\\\/assuan-gouvernement\\\/#primaryimage\",\"url\":\"https:\\\/\\\/i0.wp.com\\\/landioustravel.com\\\/wp-content\\\/uploads\\\/2021\\\/03\\\/Assuan-Gouvernement-e1617010109966.jpg?fit=1200%2C675&ssl=1\",\"contentUrl\":\"https:\\\/\\\/i0.wp.com\\\/landioustravel.com\\\/wp-content\\\/uploads\\\/2021\\\/03\\\/Assuan-Gouvernement-e1617010109966.jpg?fit=1200%2C675&ssl=1\",\"width\":1200,\"height\":675,\"caption\":\"Assuan Gouvernement\"},{\"@type\":\"BreadcrumbList\",\"@id\":\"https:\\\/\\\/landioustravel.com\\\/de\\\/agypten\\\/aegyptische-staedte\\\/assuan-gouvernement\\\/#breadcrumb\",\"itemListElement\":[{\"@type\":\"ListItem\",\"position\":1,\"name\":\"Home\",\"item\":\"https:\\\/\\\/landioustravel.com\\\/de\\\/\"},{\"@type\":\"ListItem\",\"position\":2,\"name\":\"\u00c4gypten\",\"item\":\"https:\\\/\\\/landioustravel.com\\\/de\\\/agypten\\\/\"},{\"@type\":\"ListItem\",\"position\":3,\"name\":\"\u00c4gyptische St\u00e4dte\",\"item\":\"https:\\\/\\\/landioustravel.com\\\/de\\\/agypten\\\/aegyptische-staedte\\\/\"},{\"@type\":\"ListItem\",\"position\":4,\"name\":\"Assuan Gouvernement\"}]},{\"@type\":\"WebSite\",\"@id\":\"https:\\\/\\\/landioustravel.com\\\/de\\\/#website\",\"url\":\"https:\\\/\\\/landioustravel.com\\\/de\\\/\",\"name\":\"Landious Travel\",\"description\":\"Excursions, trips and cruises in Egypt\",\"publisher\":{\"@id\":\"https:\\\/\\\/landioustravel.com\\\/de\\\/#organization\"},\"potentialAction\":[{\"@type\":\"SearchAction\",\"target\":{\"@type\":\"EntryPoint\",\"urlTemplate\":\"https:\\\/\\\/landioustravel.com\\\/de\\\/?s={search_term_string}\"},\"query-input\":{\"@type\":\"PropertyValueSpecification\",\"valueRequired\":true,\"valueName\":\"search_term_string\"}}],\"inLanguage\":\"de\"},{\"@type\":[\"Organization\",\"Place\"],\"@id\":\"https:\\\/\\\/landioustravel.com\\\/de\\\/#organization\",\"name\":\"Landious Travel\",\"alternateName\":\"Landious Travel\",\"url\":\"https:\\\/\\\/landioustravel.com\\\/de\\\/\",\"logo\":{\"@id\":\"https:\\\/\\\/landioustravel.com\\\/de\\\/agypten\\\/aegyptische-staedte\\\/assuan-gouvernement\\\/#local-main-organization-logo\"},\"image\":{\"@id\":\"https:\\\/\\\/landioustravel.com\\\/de\\\/agypten\\\/aegyptische-staedte\\\/assuan-gouvernement\\\/#local-main-organization-logo\"},\"sameAs\":[\"https:\\\/\\\/web.facebook.com\\\/landiousEgypt\",\"https:\\\/\\\/x.com\\\/LandiousTours\",\"https:\\\/\\\/mastodon.social\\\/@landious\"],\"legalName\":\"Landious Travel\",\"telephone\":[],\"openingHoursSpecification\":[{\"@type\":\"OpeningHoursSpecification\",\"dayOfWeek\":[\"Monday\",\"Tuesday\",\"Wednesday\",\"Thursday\",\"Friday\",\"Saturday\",\"Sunday\"],\"opens\":\"09:00\",\"closes\":\"17:00\"}]},{\"@type\":\"ImageObject\",\"inLanguage\":\"de\",\"@id\":\"https:\\\/\\\/landioustravel.com\\\/de\\\/agypten\\\/aegyptische-staedte\\\/assuan-gouvernement\\\/#local-main-organization-logo\",\"url\":\"https:\\\/\\\/i0.wp.com\\\/landioustravel.com\\\/wp-content\\\/uploads\\\/2021\\\/06\\\/Landious-T.png?fit=500%2C500&ssl=1\",\"contentUrl\":\"https:\\\/\\\/i0.wp.com\\\/landioustravel.com\\\/wp-content\\\/uploads\\\/2021\\\/06\\\/Landious-T.png?fit=500%2C500&ssl=1\",\"width\":500,\"height\":500,\"caption\":\"Landious Travel\"}]}<\/script>\n<!-- \/ Yoast SEO Premium plugin. -->","yoast_head_json":{"title":"Assuan Gouvernement - Information - Landious Travel","description":"Assuan Gouvernement ist eines der Gouvernements von \u00c4gypten. liegt im \u00e4u\u00dfersten S\u00fcden des Landes in Ober\u00e4gypten, die Hauptstadt ist Assuan","robots":{"index":"index","follow":"follow","max-snippet":"max-snippet:-1","max-image-preview":"max-image-preview:large","max-video-preview":"max-video-preview:-1"},"canonical":"https:\/\/landioustravel.com\/de\/agypten\/aegyptische-staedte\/assuan-gouvernement\/","og_locale":"de_DE","og_type":"article","og_title":"Assuan Gouvernement","og_description":"Assuan Gouvernement ist eines der Gouvernements von \u00c4gypten. liegt im \u00e4u\u00dfersten S\u00fcden des Landes in Ober\u00e4gypten, die Hauptstadt ist Assuan","og_url":"https:\/\/landioustravel.com\/de\/agypten\/aegyptische-staedte\/assuan-gouvernement\/","og_site_name":"Landious Travel","article_publisher":"https:\/\/web.facebook.com\/landiousEgypt","article_modified_time":"2021-03-29T09:29:13+00:00","og_image":[{"width":1200,"height":675,"url":"https:\/\/i0.wp.com\/landioustravel.com\/wp-content\/uploads\/2021\/03\/Assuan-Gouvernement-e1617010109966.jpg?fit=1200%2C675&ssl=1","type":"image\/jpeg"}],"twitter_card":"summary_large_image","twitter_site":"@LandiousTours","twitter_misc":{"Gesch\u00e4tzte Lesezeit":"2\u00a0Minuten"},"schema":{"@context":"https:\/\/schema.org","@graph":[{"@type":"WebPage","@id":"https:\/\/landioustravel.com\/de\/agypten\/aegyptische-staedte\/assuan-gouvernement\/","url":"https:\/\/landioustravel.com\/de\/agypten\/aegyptische-staedte\/assuan-gouvernement\/","name":"Assuan Gouvernement - Information - Landious Travel","isPartOf":{"@id":"https:\/\/landioustravel.com\/de\/#website"},"primaryImageOfPage":{"@id":"https:\/\/landioustravel.com\/de\/agypten\/aegyptische-staedte\/assuan-gouvernement\/#primaryimage"},"image":{"@id":"https:\/\/landioustravel.com\/de\/agypten\/aegyptische-staedte\/assuan-gouvernement\/#primaryimage"},"thumbnailUrl":"https:\/\/i0.wp.com\/landioustravel.com\/wp-content\/uploads\/2021\/03\/Assuan-Gouvernement-e1617010109966.jpg?fit=1200%2C675&ssl=1","datePublished":"2019-05-03T02:10:47+00:00","dateModified":"2021-03-29T09:29:13+00:00","description":"Assuan Gouvernement ist eines der Gouvernements von \u00c4gypten. liegt im \u00e4u\u00dfersten S\u00fcden des Landes in Ober\u00e4gypten, die Hauptstadt ist Assuan","breadcrumb":{"@id":"https:\/\/landioustravel.com\/de\/agypten\/aegyptische-staedte\/assuan-gouvernement\/#breadcrumb"},"inLanguage":"de","potentialAction":[{"@type":"ReadAction","target":["https:\/\/landioustravel.com\/de\/agypten\/aegyptische-staedte\/assuan-gouvernement\/"]}]},{"@type":"ImageObject","inLanguage":"de","@id":"https:\/\/landioustravel.com\/de\/agypten\/aegyptische-staedte\/assuan-gouvernement\/#primaryimage","url":"https:\/\/i0.wp.com\/landioustravel.com\/wp-content\/uploads\/2021\/03\/Assuan-Gouvernement-e1617010109966.jpg?fit=1200%2C675&ssl=1","contentUrl":"https:\/\/i0.wp.com\/landioustravel.com\/wp-content\/uploads\/2021\/03\/Assuan-Gouvernement-e1617010109966.jpg?fit=1200%2C675&ssl=1","width":1200,"height":675,"caption":"Assuan Gouvernement"},{"@type":"BreadcrumbList","@id":"https:\/\/landioustravel.com\/de\/agypten\/aegyptische-staedte\/assuan-gouvernement\/#breadcrumb","itemListElement":[{"@type":"ListItem","position":1,"name":"Home","item":"https:\/\/landioustravel.com\/de\/"},{"@type":"ListItem","position":2,"name":"\u00c4gypten","item":"https:\/\/landioustravel.com\/de\/agypten\/"},{"@type":"ListItem","position":3,"name":"\u00c4gyptische St\u00e4dte","item":"https:\/\/landioustravel.com\/de\/agypten\/aegyptische-staedte\/"},{"@type":"ListItem","position":4,"name":"Assuan Gouvernement"}]},{"@type":"WebSite","@id":"https:\/\/landioustravel.com\/de\/#website","url":"https:\/\/landioustravel.com\/de\/","name":"Landious Travel","description":"Excursions, trips and cruises in Egypt","publisher":{"@id":"https:\/\/landioustravel.com\/de\/#organization"},"potentialAction":[{"@type":"SearchAction","target":{"@type":"EntryPoint","urlTemplate":"https:\/\/landioustravel.com\/de\/?s={search_term_string}"},"query-input":{"@type":"PropertyValueSpecification","valueRequired":true,"valueName":"search_term_string"}}],"inLanguage":"de"},{"@type":["Organization","Place"],"@id":"https:\/\/landioustravel.com\/de\/#organization","name":"Landious Travel","alternateName":"Landious Travel","url":"https:\/\/landioustravel.com\/de\/","logo":{"@id":"https:\/\/landioustravel.com\/de\/agypten\/aegyptische-staedte\/assuan-gouvernement\/#local-main-organization-logo"},"image":{"@id":"https:\/\/landioustravel.com\/de\/agypten\/aegyptische-staedte\/assuan-gouvernement\/#local-main-organization-logo"},"sameAs":["https:\/\/web.facebook.com\/landiousEgypt","https:\/\/x.com\/LandiousTours","https:\/\/mastodon.social\/@landious"],"legalName":"Landious Travel","telephone":[],"openingHoursSpecification":[{"@type":"OpeningHoursSpecification","dayOfWeek":["Monday","Tuesday","Wednesday","Thursday","Friday","Saturday","Sunday"],"opens":"09:00","closes":"17:00"}]},{"@type":"ImageObject","inLanguage":"de","@id":"https:\/\/landioustravel.com\/de\/agypten\/aegyptische-staedte\/assuan-gouvernement\/#local-main-organization-logo","url":"https:\/\/i0.wp.com\/landioustravel.com\/wp-content\/uploads\/2021\/06\/Landious-T.png?fit=500%2C500&ssl=1","contentUrl":"https:\/\/i0.wp.com\/landioustravel.com\/wp-content\/uploads\/2021\/06\/Landious-T.png?fit=500%2C500&ssl=1","width":500,"height":500,"caption":"Landious Travel"}]}},"uagb_featured_image_src":{"full":["https:\/\/i0.wp.com\/landioustravel.com\/wp-content\/uploads\/2021\/03\/Assuan-Gouvernement-e1617010109966.jpg?fit=1200%2C675&ssl=1",1200,675,false],"thumbnail":["https:\/\/i0.wp.com\/landioustravel.com\/wp-content\/uploads\/2021\/03\/Assuan-Gouvernement-e1617010109966.jpg?resize=150%2C150&ssl=1",150,150,true],"medium":["https:\/\/i0.wp.com\/landioustravel.com\/wp-content\/uploads\/2021\/03\/Assuan-Gouvernement-e1617010109966.jpg?fit=300%2C169&ssl=1",300,169,true],"medium_large":["https:\/\/i0.wp.com\/landioustravel.com\/wp-content\/uploads\/2021\/03\/Assuan-Gouvernement-e1617010109966.jpg?fit=768%2C432&ssl=1",768,432,true],"large":["https:\/\/i0.wp.com\/landioustravel.com\/wp-content\/uploads\/2021\/03\/Assuan-Gouvernement-e1617010109966.jpg?fit=980%2C551&ssl=1",980,551,true],"1536x1536":["https:\/\/i0.wp.com\/landioustravel.com\/wp-content\/uploads\/2021\/03\/Assuan-Gouvernement-e1617010109966.jpg?fit=1536%2C864&ssl=1",1536,864,true],"2048x2048":["https:\/\/i0.wp.com\/landioustravel.com\/wp-content\/uploads\/2021\/03\/Assuan-Gouvernement-e1617010109966.jpg?fit=2048%2C1152&ssl=1",2048,1152,true],"newspack-article-block-landscape-large":["https:\/\/i0.wp.com\/landioustravel.com\/wp-content\/uploads\/2021\/03\/Assuan-Gouvernement-e1617010109966.jpg?resize=1200%2C675&ssl=1",1200,900,true],"newspack-article-block-portrait-large":["https:\/\/i0.wp.com\/landioustravel.com\/wp-content\/uploads\/2021\/03\/Assuan-Gouvernement-e1617010109966.jpg?resize=900%2C675&ssl=1",900,1200,true],"newspack-article-block-square-large":["https:\/\/i0.wp.com\/landioustravel.com\/wp-content\/uploads\/2021\/03\/Assuan-Gouvernement-e1617010109966.jpg?resize=1200%2C675&ssl=1",1200,1200,true],"newspack-article-block-landscape-medium":["https:\/\/i0.wp.com\/landioustravel.com\/wp-content\/uploads\/2021\/03\/Assuan-Gouvernement-e1617010109966.jpg?resize=800%2C600&ssl=1",800,600,true],"newspack-article-block-portrait-medium":["https:\/\/i0.wp.com\/landioustravel.com\/wp-content\/uploads\/2021\/03\/Assuan-Gouvernement-e1617010109966.jpg?resize=600%2C675&ssl=1",600,800,true],"newspack-article-block-square-medium":["https:\/\/i0.wp.com\/landioustravel.com\/wp-content\/uploads\/2021\/03\/Assuan-Gouvernement-e1617010109966.jpg?resize=800%2C675&ssl=1",800,800,true],"newspack-article-block-landscape-intermediate":["https:\/\/i0.wp.com\/landioustravel.com\/wp-content\/uploads\/2021\/03\/Assuan-Gouvernement-e1617010109966.jpg?resize=600%2C450&ssl=1",600,450,true],"newspack-article-block-portrait-intermediate":["https:\/\/i0.wp.com\/landioustravel.com\/wp-content\/uploads\/2021\/03\/Assuan-Gouvernement-e1617010109966.jpg?resize=450%2C600&ssl=1",450,600,true],"newspack-article-block-square-intermediate":["https:\/\/i0.wp.com\/landioustravel.com\/wp-content\/uploads\/2021\/03\/Assuan-Gouvernement-e1617010109966.jpg?resize=600%2C600&ssl=1",600,600,true],"newspack-article-block-landscape-small":["https:\/\/i0.wp.com\/landioustravel.com\/wp-content\/uploads\/2021\/03\/Assuan-Gouvernement-e1617010109966.jpg?resize=400%2C300&ssl=1",400,300,true],"newspack-article-block-portrait-small":["https:\/\/i0.wp.com\/landioustravel.com\/wp-content\/uploads\/2021\/03\/Assuan-Gouvernement-e1617010109966.jpg?resize=300%2C400&ssl=1",300,400,true],"newspack-article-block-square-small":["https:\/\/i0.wp.com\/landioustravel.com\/wp-content\/uploads\/2021\/03\/Assuan-Gouvernement-e1617010109966.jpg?resize=400%2C400&ssl=1",400,400,true],"newspack-article-block-landscape-tiny":["https:\/\/i0.wp.com\/landioustravel.com\/wp-content\/uploads\/2021\/03\/Assuan-Gouvernement-e1617010109966.jpg?resize=200%2C150&ssl=1",200,150,true],"newspack-article-block-portrait-tiny":["https:\/\/i0.wp.com\/landioustravel.com\/wp-content\/uploads\/2021\/03\/Assuan-Gouvernement-e1617010109966.jpg?resize=150%2C200&ssl=1",150,200,true],"newspack-article-block-square-tiny":["https:\/\/i0.wp.com\/landioustravel.com\/wp-content\/uploads\/2021\/03\/Assuan-Gouvernement-e1617010109966.jpg?resize=200%2C200&ssl=1",200,200,true],"newspack-article-block-uncropped":["https:\/\/i0.wp.com\/landioustravel.com\/wp-content\/uploads\/2021\/03\/Assuan-Gouvernement-e1617010109966.jpg?fit=1200%2C675&ssl=1",1200,675,true],"woocommerce_thumbnail":["https:\/\/i0.wp.com\/landioustravel.com\/wp-content\/uploads\/2021\/03\/Assuan-Gouvernement-e1617010109966.jpg?resize=324%2C324&ssl=1",324,324,true],"woocommerce_single":["https:\/\/i0.wp.com\/landioustravel.com\/wp-content\/uploads\/2021\/03\/Assuan-Gouvernement-e1617010109966.jpg?fit=416%2C234&ssl=1",416,234,true],"woocommerce_gallery_thumbnail":["https:\/\/i0.wp.com\/landioustravel.com\/wp-content\/uploads\/2021\/03\/Assuan-Gouvernement-e1617010109966.jpg?resize=100%2C100&ssl=1",100,100,true]},"uagb_author_info":{"display_name":"Mofreh Landious","author_link":"https:\/\/landioustravel.com\/de\/author\/landious\/"},"uagb_comment_info":0,"uagb_excerpt":"Assuan ist eines der Gouvernements von \u00c4gypten. Dieses Gouvernement liegt im \u00e4u\u00dfersten S\u00fcden des Landes in Ober\u00e4gypten, die Hauptstadt ist Assuan. Dieses Gouvernement grenzt im Norden an Qena, im Osten an das Gouvernement Al-Bahr Al-Ahmar (Rotes Meer), im Westen an das New Valley und im S\u00fcden an den Norden des Sudan. Die Geschichte des Gouvernements&hellip;","jetpack_sharing_enabled":true,"jetpack_shortlink":"https:\/\/wp.me\/Par4r5-18u","jetpack_likes_enabled":true,"amp_enabled":true,"_links":{"self":[{"href":"https:\/\/landioustravel.com\/de\/wp-json\/wp\/v2\/pages\/4370","targetHints":{"allow":["GET"]}}],"collection":[{"href":"https:\/\/landioustravel.com\/de\/wp-json\/wp\/v2\/pages"}],"about":[{"href":"https:\/\/landioustravel.com\/de\/wp-json\/wp\/v2\/types\/page"}],"author":[{"embeddable":true,"href":"https:\/\/landioustravel.com\/de\/wp-json\/wp\/v2\/users\/1"}],"replies":[{"embeddable":true,"href":"https:\/\/landioustravel.com\/de\/wp-json\/wp\/v2\/comments?post=4370"}],"version-history":[{"count":0,"href":"https:\/\/landioustravel.com\/de\/wp-json\/wp\/v2\/pages\/4370\/revisions"}],"up":[{"embeddable":true,"href":"https:\/\/landioustravel.com\/de\/wp-json\/wp\/v2\/pages\/3527"}],"wp:featuredmedia":[{"embeddable":true,"href":"https:\/\/landioustravel.com\/de\/wp-json\/wp\/v2\/media\/30278"}],"wp:attachment":[{"href":"https:\/\/landioustravel.com\/de\/wp-json\/wp\/v2\/media?parent=4370"}],"curies":[{"name":"wp","href":"https:\/\/api.w.org\/{rel}","templated":true}]}}