{"id":4450,"date":"2019-05-08T17:03:40","date_gmt":"2019-05-08T15:03:40","guid":{"rendered":"https:\/\/landioustravel.com\/?page_id=4450"},"modified":"2021-09-03T14:33:20","modified_gmt":"2021-09-03T12:33:20","slug":"tempel-hathor-dendera","status":"publish","type":"page","link":"https:\/\/landioustravel.com\/de\/agypten\/agyptischen-tempel\/tempel-hathor-dendera\/","title":{"rendered":"Tempel von Hathor in Dendera"},"content":{"rendered":"\n<p>Wenn Sie den <a href=\"https:\/\/landioustravel.com\/de\/agypten\/agyptischen-tempel\/die-tempel-dendera\/\">Tempelkomplex von Dendera<\/a> betreten, sehen Sie den Tempel der <a href=\"https:\/\/landioustravel.com\/de\/agypten\/aegyptische-gottheiten\/goettin-hathor\/\">G\u00f6ttin Hathor<\/a>. Es ist das dominierende Geb\u00e4ude des Komplexes und einer der am besten erhaltenen <a href=\"https:\/\/landioustravel.com\/de\/agypten\/geschichte-aegyptens\/\">Tempel in \u00c4gypten<\/a>.<\/p>\n\n\n\n<h2 class=\"wp-block-heading\">Lage des Hathor-Tempels in Dendera<\/h2>\n\n\n\n<p>Der Hathor-Tempel in <a href=\"https:\/\/www.google.com\/maps\/place\/Dandarah,+Qena,+Qena+Governorate\/@26.1661,32.6464381,15z\/data=!3m1!4b1!4m5!3m4!1s0x144ec96dc07aec1f:0xccdeea30d7bc9e34!8m2!3d26.1676376!4d32.6564286\" target=\"_blank\" rel=\"noreferrer noopener\">Dendera<\/a> steht in den Tempeln des Dendera-Tempelkomplexes im <a href=\"https:\/\/landioustravel.com\/de\/agypten\/aegyptische-staedte\/qena-gouvernement\/\">Gouvernement Qena<\/a>. Der <a href=\"https:\/\/landioustravel.com\/de\/agypten\/agyptischen-tempel\/die-tempel-dendera\/\">Tempelkomplex von Dendera<\/a> ist einer der am besten erhaltenen Tempelkomplexe in <a href=\"https:\/\/landioustravel.com\/de\/agypten\/\">\u00c4gypten<\/a>. Au\u00dferdem umfasst der gesamte Komplex etwa 40.000 Quadratmeter und wird von einer gro\u00dfen Mauer aus Lehmziegeln umgeben. Die alten \u00c4gypter nutzten das Gebiet von Dendera als sechsten Nome Ober\u00e4gyptens, s\u00fcdlich von <a href=\"https:\/\/landioustravel.com\/de\/abydos-dorf\/\">Abydos<\/a>.<\/p>\n\n\n\n<div style=\"min-height:400px\" data-map-attr=\"\/qaddress\/q:\/qtemple of hathor\/q||\/qlat\/q:\/qundefined\/q||\/qlng\/q:\/qundefined\/q||\/qskin\/q:\/qstandard\/q||\/qzoom\/q:\/q12\/q||\/qiconSize\/q:\/q36\/q||\/qmapTypeControl\/q:\/qtrue\/q||\/qzoomControl\/q:\/qtrue\/q||\/qstreetViewControl\/q:\/qtrue\/q||\/qfullscreenControl\/q:\/qtrue\/q\" class=\"wp-block-coblocks-map\"><iframe title=\"Google Map\" frameborder=\"0\" style=\"width:100%;min-height:400px\" src=\"https:\/\/www.google.com\/maps?q=temple%20of%20hathor&amp;output=embed&amp;hl=en-US&amp;z=12\"><\/iframe><\/div>\n\n\n\n<h2 class=\"wp-block-heading\">G\u00f6ttin Hathor<\/h2>\n\n\n\n<p>G\u00f6ttin Hathor war eine der <a href=\"https:\/\/landioustravel.com\/de\/agypten\/aegyptische-gottheiten\/\">Hauptg\u00f6ttinnen<\/a> der alt\u00e4gyptischen Religion. Sie war die G\u00f6ttin des Himmels, der Musik, des Tanzes, der Freude, der Liebe, der Sexualit\u00e4t und der m\u00fctterlichen F\u00fcrsorge. Au\u00dferdem erschien die G\u00f6ttin als himmlische Mutter von <a href=\"https:\/\/landioustravel.com\/de\/agypten\/aegyptische-gottheiten\/gott-horus\/\">Horus<\/a> und <a href=\"https:\/\/landioustravel.com\/de\/agypten\/aegyptische-gottheiten\/gott-ra\/\">Ra<\/a>.<\/p>\n\n\n\n<h2 class=\"wp-block-heading\">Geschichte des Tempels<\/h2>\n\n\n\n<p>Der Tempel von Hathor in Dendera ist ein wundersames Wunder, das es zu erkunden gilt! Dieser Tempel wurde an derselben Stelle bereits im Reich der Mitte bis zum r\u00f6mischen Kaiser Trajan umgebaut.<\/p>\n\n\n\n<p>Die \u00c4gypter bauten den heutigen Hathor-Tempel haupts\u00e4chlich w\u00e4hrend der sp\u00e4ten Ptolem\u00e4erzeit, insbesondere w\u00e4hrend Ptolemaios XII und Kleopatra VII. Sp\u00e4ter haben die R\u00f6mer den Bau dieses Tempels erg\u00e4nzt. Obwohl die Herrscherdynastie, die diesen Tempel gebaut hat, keine einheimischen \u00c4gypter waren, folgt das Design des Tempels dem anderer klassischer \u00e4gyptischer Tempel mit Ausnahme der Fassade der S\u00e4ulenhalle. Laut Inschrift \u00fcber dem Eingang hat Kaiser Tiberius diese Fassade errichtet.<\/p>\n\n\n\n<h2 class=\"wp-block-heading\" id=\"h-zu-den-layoutelementen-des-tempels-von-hathor-geh-ren\">Zu den Layoutelementen des Tempels von Hathor geh\u00f6ren:<\/h2>\n\n\n\n<ul class=\"is-style-checkbox wp-block-list\"><li>Gro\u00dfe Hypostyle-Halle<\/li><li> Kleine Hypostyle-Halle<\/li><li> Labor<\/li><li> Eintrag anbieten<\/li><li> Lagerzeitschrift<\/li><li> Schatzkammer<\/li><li> Ausfahrt gut<\/li><li> Zugang zum Treppenhaus<\/li><li> Halle der Ennead<\/li><li> Angebothalle<\/li><li> Gro\u00dfartiger Sitz und Hauptheiligtum<\/li><li> Schrein des Nome von Dendera<\/li><li> Schrein der Isis<\/li><li> Und Schrein von Sokar<\/li><li> Schrein des Harsomtus<\/li><li> Schrein von Hathors Sistrum<\/li><li> Und Schrein der G\u00f6tter von Unter\u00e4gypten<\/li><li> Schrein von Hathor<\/li><li> Schrein des Thrones von Re<\/li><li> Und Schrein von Re<\/li><li> Schrein des Menat-Kragens<\/li><li> Schrein von Ihy<\/li><li> Der reine Ort<\/li><li> Gericht des ersten Festes<\/li><li> Passage<\/li><li> Auch Treppe zum Dach<\/li><\/ul>\n","protected":false},"excerpt":{"rendered":"<p>Wenn Sie den Tempelkomplex von Dendera betreten, sehen Sie den Tempel der G\u00f6ttin Hathor. Es ist das dominierende Geb\u00e4ude des Komplexes und einer der am besten erhaltenen Tempel in \u00c4gypten. Lage des Hathor-Tempels in Dendera Der Hathor-Tempel in Dendera steht in den Tempeln des Dendera-Tempelkomplexes im Gouvernement Qena. Der Tempelkomplex von Dendera ist einer der [&hellip;]<\/p>\n","protected":false},"author":1,"featured_media":37067,"parent":3125,"menu_order":0,"comment_status":"open","ping_status":"closed","template":"","meta":{"_coblocks_attr":"","_coblocks_dimensions":"","_coblocks_responsive_height":"","_coblocks_accordion_ie_support":"","_uag_custom_page_level_css":"","footnotes":""},"class_list":["post-4450","page","type-page","status-publish","has-post-thumbnail","hentry"],"yoast_head":"<!-- This site is optimized with the Yoast SEO Premium plugin v27.5 (Yoast SEO v27.5) - https:\/\/yoast.com\/product\/yoast-seo-premium-wordpress\/ -->\n<title>Tempel von Hathor in Dendera - Geschichte - Landious Travel<\/title>\n<meta name=\"description\" content=\"Tempel von Hathor in Dendera Wenn Sie sich im Dendera-Tempelkomplex befinden, k\u00f6nnen Sie feststellen, dass Sie dem Tempel der G\u00f6ttin Hathor\" \/>\n<meta name=\"robots\" content=\"index, follow, max-snippet:-1, max-image-preview:large, max-video-preview:-1\" \/>\n<link rel=\"canonical\" href=\"https:\/\/landioustravel.com\/de\/agypten\/agyptischen-tempel\/tempel-hathor-dendera\/\" \/>\n<meta property=\"og:locale\" content=\"de_DE\" \/>\n<meta property=\"og:type\" content=\"article\" \/>\n<meta property=\"og:title\" content=\"Tempel von Hathor in Dendera\" \/>\n<meta property=\"og:description\" content=\"Tempel von Hathor in Dendera Wenn Sie sich im Dendera-Tempelkomplex befinden, k\u00f6nnen Sie feststellen, dass Sie dem Tempel der G\u00f6ttin Hathor\" \/>\n<meta property=\"og:url\" content=\"https:\/\/landioustravel.com\/de\/agypten\/agyptischen-tempel\/tempel-hathor-dendera\/\" \/>\n<meta property=\"og:site_name\" content=\"Landious Travel\" \/>\n<meta property=\"article:publisher\" content=\"https:\/\/web.facebook.com\/landiousEgypt\" \/>\n<meta property=\"article:modified_time\" content=\"2021-09-03T12:33:20+00:00\" \/>\n<meta property=\"og:image\" content=\"https:\/\/i0.wp.com\/landioustravel.com\/wp-content\/uploads\/2021\/09\/Tempel-von-Hathor-in-Dendera-e1630672312755.jpg?fit=1200%2C675&ssl=1\" \/>\n\t<meta property=\"og:image:width\" content=\"1200\" \/>\n\t<meta property=\"og:image:height\" content=\"675\" \/>\n\t<meta property=\"og:image:type\" content=\"image\/jpeg\" \/>\n<meta name=\"twitter:card\" content=\"summary_large_image\" \/>\n<meta name=\"twitter:site\" content=\"@LandiousTours\" \/>\n<meta name=\"twitter:label1\" content=\"Gesch\u00e4tzte Lesezeit\" \/>\n\t<meta name=\"twitter:data1\" content=\"2\u00a0Minuten\" \/>\n<script type=\"application\/ld+json\" class=\"yoast-schema-graph\">{\"@context\":\"https:\\\/\\\/schema.org\",\"@graph\":[{\"@type\":\"WebPage\",\"@id\":\"https:\\\/\\\/landioustravel.com\\\/de\\\/agypten\\\/agyptischen-tempel\\\/tempel-hathor-dendera\\\/\",\"url\":\"https:\\\/\\\/landioustravel.com\\\/de\\\/agypten\\\/agyptischen-tempel\\\/tempel-hathor-dendera\\\/\",\"name\":\"Tempel von Hathor in Dendera - Geschichte - Landious Travel\",\"isPartOf\":{\"@id\":\"https:\\\/\\\/landioustravel.com\\\/de\\\/#website\"},\"primaryImageOfPage\":{\"@id\":\"https:\\\/\\\/landioustravel.com\\\/de\\\/agypten\\\/agyptischen-tempel\\\/tempel-hathor-dendera\\\/#primaryimage\"},\"image\":{\"@id\":\"https:\\\/\\\/landioustravel.com\\\/de\\\/agypten\\\/agyptischen-tempel\\\/tempel-hathor-dendera\\\/#primaryimage\"},\"thumbnailUrl\":\"https:\\\/\\\/i0.wp.com\\\/landioustravel.com\\\/wp-content\\\/uploads\\\/2021\\\/09\\\/Tempel-von-Hathor-in-Dendera-e1630672312755.jpg?fit=1200%2C675&ssl=1\",\"datePublished\":\"2019-05-08T15:03:40+00:00\",\"dateModified\":\"2021-09-03T12:33:20+00:00\",\"description\":\"Tempel von Hathor in Dendera Wenn Sie sich im Dendera-Tempelkomplex befinden, k\u00f6nnen Sie feststellen, dass Sie dem Tempel der G\u00f6ttin Hathor\",\"breadcrumb\":{\"@id\":\"https:\\\/\\\/landioustravel.com\\\/de\\\/agypten\\\/agyptischen-tempel\\\/tempel-hathor-dendera\\\/#breadcrumb\"},\"inLanguage\":\"de\",\"potentialAction\":[{\"@type\":\"ReadAction\",\"target\":[\"https:\\\/\\\/landioustravel.com\\\/de\\\/agypten\\\/agyptischen-tempel\\\/tempel-hathor-dendera\\\/\"]}]},{\"@type\":\"ImageObject\",\"inLanguage\":\"de\",\"@id\":\"https:\\\/\\\/landioustravel.com\\\/de\\\/agypten\\\/agyptischen-tempel\\\/tempel-hathor-dendera\\\/#primaryimage\",\"url\":\"https:\\\/\\\/i0.wp.com\\\/landioustravel.com\\\/wp-content\\\/uploads\\\/2021\\\/09\\\/Tempel-von-Hathor-in-Dendera-e1630672312755.jpg?fit=1200%2C675&ssl=1\",\"contentUrl\":\"https:\\\/\\\/i0.wp.com\\\/landioustravel.com\\\/wp-content\\\/uploads\\\/2021\\\/09\\\/Tempel-von-Hathor-in-Dendera-e1630672312755.jpg?fit=1200%2C675&ssl=1\",\"width\":1200,\"height\":675,\"caption\":\"Tempel von Hathor in Dendera\"},{\"@type\":\"BreadcrumbList\",\"@id\":\"https:\\\/\\\/landioustravel.com\\\/de\\\/agypten\\\/agyptischen-tempel\\\/tempel-hathor-dendera\\\/#breadcrumb\",\"itemListElement\":[{\"@type\":\"ListItem\",\"position\":1,\"name\":\"Home\",\"item\":\"https:\\\/\\\/landioustravel.com\\\/de\\\/\"},{\"@type\":\"ListItem\",\"position\":2,\"name\":\"\u00c4gypten\",\"item\":\"https:\\\/\\\/landioustravel.com\\\/de\\\/agypten\\\/\"},{\"@type\":\"ListItem\",\"position\":3,\"name\":\"\u00c4gyptischen Tempel\",\"item\":\"https:\\\/\\\/landioustravel.com\\\/de\\\/agypten\\\/agyptischen-tempel\\\/\"},{\"@type\":\"ListItem\",\"position\":4,\"name\":\"Tempel von Hathor in Dendera\"}]},{\"@type\":\"WebSite\",\"@id\":\"https:\\\/\\\/landioustravel.com\\\/de\\\/#website\",\"url\":\"https:\\\/\\\/landioustravel.com\\\/de\\\/\",\"name\":\"Landious Travel\",\"description\":\"Excursions, trips and cruises in Egypt\",\"publisher\":{\"@id\":\"https:\\\/\\\/landioustravel.com\\\/de\\\/#organization\"},\"potentialAction\":[{\"@type\":\"SearchAction\",\"target\":{\"@type\":\"EntryPoint\",\"urlTemplate\":\"https:\\\/\\\/landioustravel.com\\\/de\\\/?s={search_term_string}\"},\"query-input\":{\"@type\":\"PropertyValueSpecification\",\"valueRequired\":true,\"valueName\":\"search_term_string\"}}],\"inLanguage\":\"de\"},{\"@type\":[\"Organization\",\"Place\"],\"@id\":\"https:\\\/\\\/landioustravel.com\\\/de\\\/#organization\",\"name\":\"Landious Travel\",\"alternateName\":\"Landious Travel\",\"url\":\"https:\\\/\\\/landioustravel.com\\\/de\\\/\",\"logo\":{\"@id\":\"https:\\\/\\\/landioustravel.com\\\/de\\\/agypten\\\/agyptischen-tempel\\\/tempel-hathor-dendera\\\/#local-main-organization-logo\"},\"image\":{\"@id\":\"https:\\\/\\\/landioustravel.com\\\/de\\\/agypten\\\/agyptischen-tempel\\\/tempel-hathor-dendera\\\/#local-main-organization-logo\"},\"sameAs\":[\"https:\\\/\\\/web.facebook.com\\\/landiousEgypt\",\"https:\\\/\\\/x.com\\\/LandiousTours\",\"https:\\\/\\\/mastodon.social\\\/@landious\"],\"legalName\":\"Landious Travel\",\"telephone\":[],\"openingHoursSpecification\":[{\"@type\":\"OpeningHoursSpecification\",\"dayOfWeek\":[\"Monday\",\"Tuesday\",\"Wednesday\",\"Thursday\",\"Friday\",\"Saturday\",\"Sunday\"],\"opens\":\"09:00\",\"closes\":\"17:00\"}]},{\"@type\":\"ImageObject\",\"inLanguage\":\"de\",\"@id\":\"https:\\\/\\\/landioustravel.com\\\/de\\\/agypten\\\/agyptischen-tempel\\\/tempel-hathor-dendera\\\/#local-main-organization-logo\",\"url\":\"https:\\\/\\\/i0.wp.com\\\/landioustravel.com\\\/wp-content\\\/uploads\\\/2021\\\/06\\\/Landious-T.png?fit=500%2C500&ssl=1\",\"contentUrl\":\"https:\\\/\\\/i0.wp.com\\\/landioustravel.com\\\/wp-content\\\/uploads\\\/2021\\\/06\\\/Landious-T.png?fit=500%2C500&ssl=1\",\"width\":500,\"height\":500,\"caption\":\"Landious Travel\"}]}<\/script>\n<!-- \/ Yoast SEO Premium plugin. -->","yoast_head_json":{"title":"Tempel von Hathor in Dendera - Geschichte - Landious Travel","description":"Tempel von Hathor in Dendera Wenn Sie sich im Dendera-Tempelkomplex befinden, k\u00f6nnen Sie feststellen, dass Sie dem Tempel der G\u00f6ttin Hathor","robots":{"index":"index","follow":"follow","max-snippet":"max-snippet:-1","max-image-preview":"max-image-preview:large","max-video-preview":"max-video-preview:-1"},"canonical":"https:\/\/landioustravel.com\/de\/agypten\/agyptischen-tempel\/tempel-hathor-dendera\/","og_locale":"de_DE","og_type":"article","og_title":"Tempel von Hathor in Dendera","og_description":"Tempel von Hathor in Dendera Wenn Sie sich im Dendera-Tempelkomplex befinden, k\u00f6nnen Sie feststellen, dass Sie dem Tempel der G\u00f6ttin Hathor","og_url":"https:\/\/landioustravel.com\/de\/agypten\/agyptischen-tempel\/tempel-hathor-dendera\/","og_site_name":"Landious Travel","article_publisher":"https:\/\/web.facebook.com\/landiousEgypt","article_modified_time":"2021-09-03T12:33:20+00:00","og_image":[{"width":1200,"height":675,"url":"https:\/\/i0.wp.com\/landioustravel.com\/wp-content\/uploads\/2021\/09\/Tempel-von-Hathor-in-Dendera-e1630672312755.jpg?fit=1200%2C675&ssl=1","type":"image\/jpeg"}],"twitter_card":"summary_large_image","twitter_site":"@LandiousTours","twitter_misc":{"Gesch\u00e4tzte Lesezeit":"2\u00a0Minuten"},"schema":{"@context":"https:\/\/schema.org","@graph":[{"@type":"WebPage","@id":"https:\/\/landioustravel.com\/de\/agypten\/agyptischen-tempel\/tempel-hathor-dendera\/","url":"https:\/\/landioustravel.com\/de\/agypten\/agyptischen-tempel\/tempel-hathor-dendera\/","name":"Tempel von Hathor in Dendera - Geschichte - Landious Travel","isPartOf":{"@id":"https:\/\/landioustravel.com\/de\/#website"},"primaryImageOfPage":{"@id":"https:\/\/landioustravel.com\/de\/agypten\/agyptischen-tempel\/tempel-hathor-dendera\/#primaryimage"},"image":{"@id":"https:\/\/landioustravel.com\/de\/agypten\/agyptischen-tempel\/tempel-hathor-dendera\/#primaryimage"},"thumbnailUrl":"https:\/\/i0.wp.com\/landioustravel.com\/wp-content\/uploads\/2021\/09\/Tempel-von-Hathor-in-Dendera-e1630672312755.jpg?fit=1200%2C675&ssl=1","datePublished":"2019-05-08T15:03:40+00:00","dateModified":"2021-09-03T12:33:20+00:00","description":"Tempel von Hathor in Dendera Wenn Sie sich im Dendera-Tempelkomplex befinden, k\u00f6nnen Sie feststellen, dass Sie dem Tempel der G\u00f6ttin Hathor","breadcrumb":{"@id":"https:\/\/landioustravel.com\/de\/agypten\/agyptischen-tempel\/tempel-hathor-dendera\/#breadcrumb"},"inLanguage":"de","potentialAction":[{"@type":"ReadAction","target":["https:\/\/landioustravel.com\/de\/agypten\/agyptischen-tempel\/tempel-hathor-dendera\/"]}]},{"@type":"ImageObject","inLanguage":"de","@id":"https:\/\/landioustravel.com\/de\/agypten\/agyptischen-tempel\/tempel-hathor-dendera\/#primaryimage","url":"https:\/\/i0.wp.com\/landioustravel.com\/wp-content\/uploads\/2021\/09\/Tempel-von-Hathor-in-Dendera-e1630672312755.jpg?fit=1200%2C675&ssl=1","contentUrl":"https:\/\/i0.wp.com\/landioustravel.com\/wp-content\/uploads\/2021\/09\/Tempel-von-Hathor-in-Dendera-e1630672312755.jpg?fit=1200%2C675&ssl=1","width":1200,"height":675,"caption":"Tempel von Hathor in Dendera"},{"@type":"BreadcrumbList","@id":"https:\/\/landioustravel.com\/de\/agypten\/agyptischen-tempel\/tempel-hathor-dendera\/#breadcrumb","itemListElement":[{"@type":"ListItem","position":1,"name":"Home","item":"https:\/\/landioustravel.com\/de\/"},{"@type":"ListItem","position":2,"name":"\u00c4gypten","item":"https:\/\/landioustravel.com\/de\/agypten\/"},{"@type":"ListItem","position":3,"name":"\u00c4gyptischen Tempel","item":"https:\/\/landioustravel.com\/de\/agypten\/agyptischen-tempel\/"},{"@type":"ListItem","position":4,"name":"Tempel von Hathor in Dendera"}]},{"@type":"WebSite","@id":"https:\/\/landioustravel.com\/de\/#website","url":"https:\/\/landioustravel.com\/de\/","name":"Landious Travel","description":"Excursions, trips and cruises in Egypt","publisher":{"@id":"https:\/\/landioustravel.com\/de\/#organization"},"potentialAction":[{"@type":"SearchAction","target":{"@type":"EntryPoint","urlTemplate":"https:\/\/landioustravel.com\/de\/?s={search_term_string}"},"query-input":{"@type":"PropertyValueSpecification","valueRequired":true,"valueName":"search_term_string"}}],"inLanguage":"de"},{"@type":["Organization","Place"],"@id":"https:\/\/landioustravel.com\/de\/#organization","name":"Landious Travel","alternateName":"Landious Travel","url":"https:\/\/landioustravel.com\/de\/","logo":{"@id":"https:\/\/landioustravel.com\/de\/agypten\/agyptischen-tempel\/tempel-hathor-dendera\/#local-main-organization-logo"},"image":{"@id":"https:\/\/landioustravel.com\/de\/agypten\/agyptischen-tempel\/tempel-hathor-dendera\/#local-main-organization-logo"},"sameAs":["https:\/\/web.facebook.com\/landiousEgypt","https:\/\/x.com\/LandiousTours","https:\/\/mastodon.social\/@landious"],"legalName":"Landious Travel","telephone":[],"openingHoursSpecification":[{"@type":"OpeningHoursSpecification","dayOfWeek":["Monday","Tuesday","Wednesday","Thursday","Friday","Saturday","Sunday"],"opens":"09:00","closes":"17:00"}]},{"@type":"ImageObject","inLanguage":"de","@id":"https:\/\/landioustravel.com\/de\/agypten\/agyptischen-tempel\/tempel-hathor-dendera\/#local-main-organization-logo","url":"https:\/\/i0.wp.com\/landioustravel.com\/wp-content\/uploads\/2021\/06\/Landious-T.png?fit=500%2C500&ssl=1","contentUrl":"https:\/\/i0.wp.com\/landioustravel.com\/wp-content\/uploads\/2021\/06\/Landious-T.png?fit=500%2C500&ssl=1","width":500,"height":500,"caption":"Landious Travel"}]}},"uagb_featured_image_src":{"full":["https:\/\/i0.wp.com\/landioustravel.com\/wp-content\/uploads\/2021\/09\/Tempel-von-Hathor-in-Dendera-e1630672312755.jpg?fit=1200%2C675&ssl=1",1200,675,false],"thumbnail":["https:\/\/i0.wp.com\/landioustravel.com\/wp-content\/uploads\/2021\/09\/Tempel-von-Hathor-in-Dendera-e1630672312755.jpg?resize=150%2C150&ssl=1",150,150,true],"medium":["https:\/\/i0.wp.com\/landioustravel.com\/wp-content\/uploads\/2021\/09\/Tempel-von-Hathor-in-Dendera-e1630672312755.jpg?fit=300%2C169&ssl=1",300,169,true],"medium_large":["https:\/\/i0.wp.com\/landioustravel.com\/wp-content\/uploads\/2021\/09\/Tempel-von-Hathor-in-Dendera-e1630672312755.jpg?fit=768%2C432&ssl=1",768,432,true],"large":["https:\/\/i0.wp.com\/landioustravel.com\/wp-content\/uploads\/2021\/09\/Tempel-von-Hathor-in-Dendera-e1630672312755.jpg?fit=980%2C551&ssl=1",980,551,true],"1536x1536":["https:\/\/i0.wp.com\/landioustravel.com\/wp-content\/uploads\/2021\/09\/Tempel-von-Hathor-in-Dendera-e1630672312755.jpg?fit=1536%2C864&ssl=1",1536,864,true],"2048x2048":["https:\/\/i0.wp.com\/landioustravel.com\/wp-content\/uploads\/2021\/09\/Tempel-von-Hathor-in-Dendera-e1630672312755.jpg?fit=1200%2C675&ssl=1",1200,675,true],"newspack-article-block-landscape-large":["https:\/\/i0.wp.com\/landioustravel.com\/wp-content\/uploads\/2021\/09\/Tempel-von-Hathor-in-Dendera-e1630672312755.jpg?resize=1200%2C675&ssl=1",1200,883,true],"newspack-article-block-portrait-large":["https:\/\/i0.wp.com\/landioustravel.com\/wp-content\/uploads\/2021\/09\/Tempel-von-Hathor-in-Dendera-e1630672312755.jpg?resize=900%2C675&ssl=1",900,883,true],"newspack-article-block-square-large":["https:\/\/i0.wp.com\/landioustravel.com\/wp-content\/uploads\/2021\/09\/Tempel-von-Hathor-in-Dendera-e1630672312755.jpg?resize=1200%2C675&ssl=1",1200,883,true],"newspack-article-block-landscape-medium":["https:\/\/i0.wp.com\/landioustravel.com\/wp-content\/uploads\/2021\/09\/Tempel-von-Hathor-in-Dendera-e1630672312755.jpg?resize=800%2C600&ssl=1",800,600,true],"newspack-article-block-portrait-medium":["https:\/\/i0.wp.com\/landioustravel.com\/wp-content\/uploads\/2021\/09\/Tempel-von-Hathor-in-Dendera-e1630672312755.jpg?resize=600%2C675&ssl=1",600,800,true],"newspack-article-block-square-medium":["https:\/\/i0.wp.com\/landioustravel.com\/wp-content\/uploads\/2021\/09\/Tempel-von-Hathor-in-Dendera-e1630672312755.jpg?resize=800%2C675&ssl=1",800,800,true],"newspack-article-block-landscape-intermediate":["https:\/\/i0.wp.com\/landioustravel.com\/wp-content\/uploads\/2021\/09\/Tempel-von-Hathor-in-Dendera-e1630672312755.jpg?resize=600%2C450&ssl=1",600,450,true],"newspack-article-block-portrait-intermediate":["https:\/\/i0.wp.com\/landioustravel.com\/wp-content\/uploads\/2021\/09\/Tempel-von-Hathor-in-Dendera-e1630672312755.jpg?resize=450%2C600&ssl=1",450,600,true],"newspack-article-block-square-intermediate":["https:\/\/i0.wp.com\/landioustravel.com\/wp-content\/uploads\/2021\/09\/Tempel-von-Hathor-in-Dendera-e1630672312755.jpg?resize=600%2C600&ssl=1",600,600,true],"newspack-article-block-landscape-small":["https:\/\/i0.wp.com\/landioustravel.com\/wp-content\/uploads\/2021\/09\/Tempel-von-Hathor-in-Dendera-e1630672312755.jpg?resize=400%2C300&ssl=1",400,300,true],"newspack-article-block-portrait-small":["https:\/\/i0.wp.com\/landioustravel.com\/wp-content\/uploads\/2021\/09\/Tempel-von-Hathor-in-Dendera-e1630672312755.jpg?resize=300%2C400&ssl=1",300,400,true],"newspack-article-block-square-small":["https:\/\/i0.wp.com\/landioustravel.com\/wp-content\/uploads\/2021\/09\/Tempel-von-Hathor-in-Dendera-e1630672312755.jpg?resize=400%2C400&ssl=1",400,400,true],"newspack-article-block-landscape-tiny":["https:\/\/i0.wp.com\/landioustravel.com\/wp-content\/uploads\/2021\/09\/Tempel-von-Hathor-in-Dendera-e1630672312755.jpg?resize=200%2C150&ssl=1",200,150,true],"newspack-article-block-portrait-tiny":["https:\/\/i0.wp.com\/landioustravel.com\/wp-content\/uploads\/2021\/09\/Tempel-von-Hathor-in-Dendera-e1630672312755.jpg?resize=150%2C200&ssl=1",150,200,true],"newspack-article-block-square-tiny":["https:\/\/i0.wp.com\/landioustravel.com\/wp-content\/uploads\/2021\/09\/Tempel-von-Hathor-in-Dendera-e1630672312755.jpg?resize=200%2C200&ssl=1",200,200,true],"newspack-article-block-uncropped":["https:\/\/i0.wp.com\/landioustravel.com\/wp-content\/uploads\/2021\/09\/Tempel-von-Hathor-in-Dendera-e1630672312755.jpg?fit=1200%2C675&ssl=1",1200,675,true],"woocommerce_thumbnail":["https:\/\/i0.wp.com\/landioustravel.com\/wp-content\/uploads\/2021\/09\/Tempel-von-Hathor-in-Dendera-e1630672312755.jpg?resize=324%2C324&ssl=1",324,324,true],"woocommerce_single":["https:\/\/i0.wp.com\/landioustravel.com\/wp-content\/uploads\/2021\/09\/Tempel-von-Hathor-in-Dendera-e1630672312755.jpg?fit=416%2C234&ssl=1",416,234,true],"woocommerce_gallery_thumbnail":["https:\/\/i0.wp.com\/landioustravel.com\/wp-content\/uploads\/2021\/09\/Tempel-von-Hathor-in-Dendera-e1630672312755.jpg?resize=100%2C100&ssl=1",100,100,true]},"uagb_author_info":{"display_name":"Mofreh Landious","author_link":"https:\/\/landioustravel.com\/de\/author\/landious\/"},"uagb_comment_info":0,"uagb_excerpt":"Wenn Sie den Tempelkomplex von Dendera betreten, sehen Sie den Tempel der G\u00f6ttin Hathor. Es ist das dominierende Geb\u00e4ude des Komplexes und einer der am besten erhaltenen Tempel in \u00c4gypten. Lage des Hathor-Tempels in Dendera Der Hathor-Tempel in Dendera steht in den Tempeln des Dendera-Tempelkomplexes im Gouvernement Qena. Der Tempelkomplex von Dendera ist einer der&hellip;","jetpack_sharing_enabled":true,"jetpack_shortlink":"https:\/\/wp.me\/Par4r5-19M","jetpack_likes_enabled":true,"amp_enabled":true,"_links":{"self":[{"href":"https:\/\/landioustravel.com\/de\/wp-json\/wp\/v2\/pages\/4450","targetHints":{"allow":["GET"]}}],"collection":[{"href":"https:\/\/landioustravel.com\/de\/wp-json\/wp\/v2\/pages"}],"about":[{"href":"https:\/\/landioustravel.com\/de\/wp-json\/wp\/v2\/types\/page"}],"author":[{"embeddable":true,"href":"https:\/\/landioustravel.com\/de\/wp-json\/wp\/v2\/users\/1"}],"replies":[{"embeddable":true,"href":"https:\/\/landioustravel.com\/de\/wp-json\/wp\/v2\/comments?post=4450"}],"version-history":[{"count":0,"href":"https:\/\/landioustravel.com\/de\/wp-json\/wp\/v2\/pages\/4450\/revisions"}],"up":[{"embeddable":true,"href":"https:\/\/landioustravel.com\/de\/wp-json\/wp\/v2\/pages\/3125"}],"wp:featuredmedia":[{"embeddable":true,"href":"https:\/\/landioustravel.com\/de\/wp-json\/wp\/v2\/media\/37067"}],"wp:attachment":[{"href":"https:\/\/landioustravel.com\/de\/wp-json\/wp\/v2\/media?parent=4450"}],"curies":[{"name":"wp","href":"https:\/\/api.w.org\/{rel}","templated":true}]}}