{"id":1236,"date":"2018-12-16T20:52:00","date_gmt":"2019-01-17T09:34:12","guid":{"rendered":"https:\/\/landioustravel.com\/?post_type=product&#038;p=1236"},"modified":"2024-09-24T01:49:03","modified_gmt":"2024-09-23T22:49:03","slug":"ausflug-kairo-alexandria-sharm-sheikh","status":"publish","type":"product","link":"https:\/\/landioustravel.com\/de\/shop\/ausflug-kairo-alexandria-sharm-sheikh\/","title":{"rendered":"Kairo &#038; Alexandria Ausflug Sharm El Sheikh"},"content":{"rendered":"<p>Es ist ein intensives Ausflugsprogramm nach <a href=\"https:\/\/landioustravel.com\/de\/agypten\/aegyptische-staedte\/gouvernement-kairo\/\">Kairo<\/a> und Alexandria vom Ferienort <a href=\"https:\/\/landioustravel.com\/de\/sharm-sheikh-stadt\/\">Sharm El Sheikh<\/a> in <a href=\"https:\/\/landioustravel.com\/de\/agypten\/\">\u00c4gypten<\/a>! Wir empfehlen die Tour auf jeden Fall, da Touristen die beeindruckendsten Sehensw\u00fcrdigkeiten sehen k\u00f6nnen. Diese Attraktionen befinden sich in drei verschiedenen St\u00e4dten: Kairo, Gizeh und Alexandria. In den St\u00e4dten Kairo und Gizeh k\u00f6nnen Sie die <a href=\"https:\/\/landioustravel.com\/de\/agypten\/geschichte-aegyptens\/geschichte-alt-agypt\/\">alten \u00e4gyptischen<\/a> Denkm\u00e4ler besuchen. W\u00e4hrend Ihres Aufenthalts in Alexandria sehen Sie die Sehensw\u00fcrdigkeiten des R\u00f6mischen Reiches und die Neuzeit. All dies erm\u00f6glicht es Ihnen, mehr \u00fcber die <a href=\"https:\/\/landioustravel.com\/de\/agypten\/geschichte-aegyptens\/\">Geschichte \u00c4gyptens<\/a> zu erfahren und viele Eindr\u00fccke zu erhalten. ONLINE BUCHUNG KAIRO &amp; ALEXANDRIA AUSFLUG SHARM EL SHEIKH UND BESTER PREIS!<\/p>\n<h2>Highlights auf Kairo &amp; Alexandria Ausflug von Sharm El Sheikh<\/h2>\n<p>Das Programm des ersten Tages in Kairo:<\/p>\n<ul>\n<li>Besuch des \u00c4gyptischen Museums in Kairo.<\/li>\n<li>Die drei Pyramiden in Gizeh.<\/li>\n<li>Die Gro\u00dfe Sphinx im Pyramidenkomplex.<\/li>\n<li>Auch \u00dcbernachtung im Hotel.<\/li>\n<\/ul>\n<p>Das Programm am zweiten Tag in Alexandria:<\/p>\n<ul>\n<li>Besuchen Sie den Montazah Park und den Leuchtturm von Alexandria.<\/li>\n<li>Besuchen Sie die Alexandria Library.<\/li>\n<li>Mittagessen in einem Fischrestaurant.<\/li>\n<li>Zitadelle von Qeitbay und Abu Abbas Moschee.<\/li>\n<li>Besuchen Sie auch das r\u00f6mische Amphitheater.<\/li>\n<\/ul>\n<h3>Programm des zweit\u00e4gigen Ausfluges nach Kairo-Alexandria<\/h3>\n<ul>\n<li>Der Vertreter von <a href=\"https:\/\/landioustravel.com\/de\/kontakte\/\">Landious Travel<\/a> holt Sie gegen Mitternacht von Ihrem Hotel in Hurghada ab.<\/li>\n<li>Nachdem alle Ank\u00f6mmlinge abgeholt wurden, f\u00e4hrt der Bus in Richtung Kairo. Dann passiert es die St\u00e4dte El Tor, Abu Zinema, Ras Sidr und Suez. Alle diese St\u00e4dte liegen n\u00f6rdlich von Sharm El Sheikh an der K\u00fcste des Roten Meeres. Der Weg vom Zentrum von Sharm El Sheikh nach Kairo dauert ungef\u00e4hr 6 Stunden.<\/li>\n<\/ul>\n<h4 style=\"text-align: center;\">Erstes Tagesprogramm in Kairo<\/h4>\n<ul>\n<li>Sobald Sie in Kairo angekommen sind, beginnt Ihr Ausflug nach Kairo-Alexandria. Die erste Station dort ist das \u00c4gyptische Museum. Bis dahin wird Ihr F\u00fchrer die Aufgabe haben, alle Exponate in diesem riesigen Museum zu zeigen. Au\u00dferdem gibt er Ihnen Zeit zum Fotografieren.<\/li>\n<li>Nach dem letzten Besuch starten Sie als kostenpflichtige Option ein Bootspicknick am Nil. Die Nilreise ist ein zus\u00e4tzliches Programm und muss im Voraus \u00fcber uns gebucht werden! Sobald das Bootspicknick am Nil endet, fahren Sie in eine andere Stadt &#8211; Gizeh.<\/li>\n<li>Nat\u00fcrlich geht Ihre Reise in Gizeh weiter. Folglich wird die erste Station dort zum Mittagessen im Restaurant sein. Dieses Restaurant bietet Ihnen ein offenes Mittagsbuffet.<\/li>\n<li>Nach dem Mittagessen machen Sie eine kurze Einkaufstour.<\/li>\n<li>Dann geht die Gruppe zum Pyramidenkomplex, wo es so gro\u00dfe Pyramiden und die Sphinx gibt. Dementsprechend zeigt Ihr Guide sie und gibt Ihnen Zeit, um sie zu fotografieren.<\/li>\n<li>Vor dem Ende des Programms in Gizeh haben Touristen Zeit zum Einkaufen in der Parf\u00fcmhalle.<\/li>\n<li>Danach gehen Sie zum Hotel, um einzuchecken und Ihre Nacht zu verbringen.<\/li>\n<li>Am Morgen m\u00fcssen Sie nach Alexandria reisen. Daher holen wir Sie gegen 03:00 Uhr von Ihrem Hotel ab.<\/li>\n<\/ul>\n<h5 style=\"text-align: center;\">Zweites Tagesprogramm in Alexandria<\/h5>\n<ul>\n<li>Sobald Sie in Alexandria ankommen, zeigen wir Ihnen Al Montazah. Dieser Privatstrand hat viele Attraktionen zu entdecken. Dort sehen Sie den Palast des K\u00f6nigs von \u00c4gypten und den Pharos-Leuchtturm.<\/li>\n<li>Dann sehen Sie die Bibliothek von Alexandria und die Abu Abbas Moschee.<\/li>\n<li>Danach besuchen Sie die Zitadelle von Qeitbay.<\/li>\n<li>Nach dem Besuch der Festung essen Sie in einem Fischrestaurant zu Mittag. Dieses Restaurant bietet Ihnen ein Mittagsmen\u00fc.<\/li>\n<li>Schlie\u00dflich kehren Sie nach Kairo zur\u00fcck und fahren weiter nach Sharm El Sheikh.<\/li>\n<li>Dieser Ausflug von <a href=\"https:\/\/www.google.de\/maps\/place\/Scharm+El-Scheich,+Qesm+Sharm+Ash+Sheikh,+Dschanub+Sina\/@27.9466924,34.2787129,12z\/data=!3m1!4b1!4m5!3m4!1s0x14533bca3624d2e3:0xdd987e9c1945fd9c!8m2!3d27.9654198!4d34.3617769\" target=\"_blank\" rel=\"noopener\">Sharm El-Sheikh<\/a> nach Kairo-Alexandria endet am zweiten Tag gegen 23:00 Uhr.<\/li>\n<\/ul>\n<h4>Was beinhaltet Kairo &amp; Alexandria Ausflug Sharm El Sheikh Preis?<\/h4>\n<ul>\n<li>Tickets f\u00fcr Tempelbesuche.<\/li>\n<li>Essen (au\u00dfer Getr\u00e4nke).<\/li>\n<li>F\u00fchren.<\/li>\n<li>Transfer nach Kairo-Alexandria und zur\u00fcck zu Ihrem Hotel.<\/li>\n<\/ul>\n<h5>Was beinhaltet das Sharm El Sheikh-Programm f\u00fcr Ausfl\u00fcge nach Kairo und Alexandria nicht?<\/h5>\n<ul>\n<li>Zus\u00e4tzliche Ausflugsprogramme.<\/li>\n<li>Auch Getr\u00e4nke.<\/li>\n<\/ul>\n<h6>Was nehmen Sie f\u00fcr die Tour mit?<\/h6>\n<ul>\n<li>Fr\u00fchst\u00fccksbox.<\/li>\n<li>Reisepass.<\/li>\n<li>Auch Kleidung f\u00fcr die Saison.<\/li>\n<\/ul>\n<h6>Kairo &amp; Alexandria Ausflug Sharm El Sheikh Buchungstage<\/h6>\n<ul>\n<li>T\u00e4glich von 00:00 Uhr bis 23:00 Uhr am zweiten Tag.<\/li>\n<\/ul>\n","protected":false},"excerpt":{"rendered":"<p>Sind Sie daran interessiert, w\u00e4hrend Ihres Besuchs in \u00c4gypten die pr\u00e4chtigen St\u00e4dte Kairo und Alexandria zu erkunden? Unser zweit\u00e4giger Ausflug ab Sharm El-Sheikh bietet Ihnen die M\u00f6glichkeit, die atemberaubenden Pyramiden von Gizeh zu bestaunen und das \u00c4gyptische Museum in Kairo zu besuchen. Sie k\u00f6nnen auch ein entspanntes Bootspicknick auf dem Nil genie\u00dfen und in der Parf\u00fcmfabrik Souvenirs kaufen.<\/p>\n<p>Am zweiten Tag begleitet Sie unser freundlicher und sachkundiger englischsprachiger Reisef\u00fchrer nach Alexandria, wo Sie den historischen Palast des K\u00f6nigs von \u00c4gypten in Montaza, die Festung Qaitbay und die wundersch\u00f6ne Alexandria-Bibliothek besichtigen. Sie besuchen auch das koptische Patriarchat und die Abu-Abbas-Moschee, die in der \u00e4gyptischen Geschichte eine gro\u00dfe Bedeutung haben.<\/p>\n<p>Wir verstehen, dass Reisen anstrengend sein kann. Deshalb holen wir Sie in einem gro\u00dfen, klimatisierten Reisebus von Ihrem Hotel in Sharm El-Sheikh ab und sorgen daf\u00fcr, dass Sie w\u00e4hrend Ihrer Reise eine komfortable Unterkunft haben. Wir bieten Ihnen auch ausreichend Zeit zur freien Verf\u00fcgung, um die St\u00e4dte auf eigene Faust zu erkunden. Am Ende des Ausflugs bringen wir Sie zur\u00fcck zu Ihrem Hotel in Sharm el-Sheikh. Entdecken Sie mit uns die reiche Geschichte und Kultur \u00c4gyptens!<\/p>\n","protected":false},"featured_media":51271,"comment_status":"open","ping_status":"closed","template":"","meta":{"_coblocks_attr":"","_coblocks_dimensions":"","_coblocks_responsive_height":"","_coblocks_accordion_ie_support":"","_uag_custom_page_level_css":"","jetpack_post_was_ever_published":false,"jetpack_publicize_message":"","jetpack_publicize_feature_enabled":true,"jetpack_social_post_already_shared":true,"jetpack_social_options":{"image_generator_settings":{"template":"highway","default_image_id":0,"font":"","enabled":false},"version":2},"_wpas_customize_per_network":false},"product_brand":[],"product_cat":[1605,1604],"product_tag":[1656,1653,9906,1652,1654,1657,1655],"class_list":{"0":"post-1236","1":"product","2":"type-product","3":"status-publish","4":"has-post-thumbnail","6":"product_cat-historische-ausfluge-sharm-sheikh","7":"product_cat-ausfluge-sharm-sheikh","8":"product_tag-alexandria-de","9":"product_tag-ausflug","10":"product_tag-besichtigung","11":"product_tag-kairo","12":"product_tag-pyramiden","13":"product_tag-sharm-el-sheikh-de","14":"product_tag-sphinx-de","15":"pa_age-erwachsene","16":"pa_age-kind","18":"first","19":"instock","20":"sale","21":"purchasable","22":"product-type-variable"},"yoast_head":"<!-- This site is optimized with the Yoast SEO Premium plugin v26.9 (Yoast SEO v27.3) - https:\/\/yoast.com\/product\/yoast-seo-premium-wordpress\/ -->\n<title>Kairo &amp; Alexandria Ausflug Sharm El Sheikh<\/title>\n<meta name=\"description\" content=\"Kairo &amp; Alexandria Ausflug Sharm El Sheikh Pyramiden und Sphinx in Gizeh, das \u00c4gyptische Museum in Kairo, die Festung Qaitbay und Montazah\" \/>\n<meta name=\"robots\" content=\"index, follow, max-snippet:-1, max-image-preview:large, max-video-preview:-1\" \/>\n<link rel=\"canonical\" href=\"https:\/\/landioustravel.com\/de\/shop\/ausflug-kairo-alexandria-sharm-sheikh\/\" \/>\n<meta property=\"og:locale\" content=\"de_DE\" \/>\n<meta property=\"og:type\" content=\"article\" \/>\n<meta property=\"og:title\" content=\"Kairo &amp; Alexandria Ausflug Sharm El Sheikh\" \/>\n<meta property=\"og:description\" content=\"Landious Travel\" \/>\n<meta property=\"og:url\" content=\"https:\/\/landioustravel.com\/de\/shop\/ausflug-kairo-alexandria-sharm-sheikh\/\" \/>\n<meta property=\"og:site_name\" content=\"Landious Travel\" \/>\n<meta property=\"article:publisher\" content=\"https:\/\/web.facebook.com\/landiousEgypt\" \/>\n<meta property=\"article:modified_time\" content=\"2024-09-23T22:49:03+00:00\" \/>\n<meta property=\"og:image\" content=\"https:\/\/landioustravel.com\/wp-content\/uploads\/2021\/05\/landious-montaza-palace-e1621971093894.jpg\" \/>\n\t<meta property=\"og:image:width\" content=\"1200\" \/>\n\t<meta property=\"og:image:height\" content=\"675\" \/>\n\t<meta property=\"og:image:type\" content=\"image\/jpeg\" \/>\n<meta name=\"twitter:card\" content=\"summary_large_image\" \/>\n<meta name=\"twitter:site\" content=\"@LandiousTours\" \/>\n<meta name=\"twitter:label1\" content=\"Gesch\u00e4tzte Lesezeit\" \/>\n\t<meta name=\"twitter:data1\" content=\"3\u00a0Minuten\" \/>\n<script type=\"application\/ld+json\" class=\"yoast-schema-graph\">{\"@context\":\"https:\\\/\\\/schema.org\",\"@graph\":[{\"@type\":\"WebPage\",\"@id\":\"https:\\\/\\\/landioustravel.com\\\/de\\\/shop\\\/ausflug-kairo-alexandria-sharm-sheikh\\\/\",\"url\":\"https:\\\/\\\/landioustravel.com\\\/de\\\/shop\\\/ausflug-kairo-alexandria-sharm-sheikh\\\/\",\"name\":\"Kairo & Alexandria Ausflug Sharm El Sheikh\",\"isPartOf\":{\"@id\":\"https:\\\/\\\/landioustravel.com\\\/de\\\/#website\"},\"primaryImageOfPage\":{\"@id\":\"https:\\\/\\\/landioustravel.com\\\/de\\\/shop\\\/ausflug-kairo-alexandria-sharm-sheikh\\\/#primaryimage\"},\"image\":{\"@id\":\"https:\\\/\\\/landioustravel.com\\\/de\\\/shop\\\/ausflug-kairo-alexandria-sharm-sheikh\\\/#primaryimage\"},\"thumbnailUrl\":\"https:\\\/\\\/i0.wp.com\\\/landioustravel.com\\\/wp-content\\\/uploads\\\/2021\\\/05\\\/landious-montaza-palace-e1621971093894.jpg?fit=1200%2C675&ssl=1\",\"datePublished\":\"2019-01-17T09:34:12+00:00\",\"dateModified\":\"2024-09-23T22:49:03+00:00\",\"description\":\"Kairo & Alexandria Ausflug Sharm El Sheikh Pyramiden und Sphinx in Gizeh, das \u00c4gyptische Museum in Kairo, die Festung Qaitbay und Montazah\",\"breadcrumb\":{\"@id\":\"https:\\\/\\\/landioustravel.com\\\/de\\\/shop\\\/ausflug-kairo-alexandria-sharm-sheikh\\\/#breadcrumb\"},\"inLanguage\":\"de\",\"potentialAction\":[{\"@type\":\"ReadAction\",\"target\":[\"https:\\\/\\\/landioustravel.com\\\/de\\\/shop\\\/ausflug-kairo-alexandria-sharm-sheikh\\\/\"]}]},{\"@type\":\"ImageObject\",\"inLanguage\":\"de\",\"@id\":\"https:\\\/\\\/landioustravel.com\\\/de\\\/shop\\\/ausflug-kairo-alexandria-sharm-sheikh\\\/#primaryimage\",\"url\":\"https:\\\/\\\/i0.wp.com\\\/landioustravel.com\\\/wp-content\\\/uploads\\\/2021\\\/05\\\/landious-montaza-palace-e1621971093894.jpg?fit=1200%2C675&ssl=1\",\"contentUrl\":\"https:\\\/\\\/i0.wp.com\\\/landioustravel.com\\\/wp-content\\\/uploads\\\/2021\\\/05\\\/landious-montaza-palace-e1621971093894.jpg?fit=1200%2C675&ssl=1\",\"width\":1200,\"height\":675,\"caption\":\"Montaza Palace\"},{\"@type\":\"BreadcrumbList\",\"@id\":\"https:\\\/\\\/landioustravel.com\\\/de\\\/shop\\\/ausflug-kairo-alexandria-sharm-sheikh\\\/#breadcrumb\",\"itemListElement\":[{\"@type\":\"ListItem\",\"position\":1,\"name\":\"Home\",\"item\":\"https:\\\/\\\/landioustravel.com\\\/de\\\/\"},{\"@type\":\"ListItem\",\"position\":2,\"name\":\"\u00c4gypten Touren\",\"item\":\"https:\\\/\\\/landioustravel.com\\\/de\\\/\"},{\"@type\":\"ListItem\",\"position\":3,\"name\":\"Kairo &#038; Alexandria Ausflug Sharm El Sheikh\"}]},{\"@type\":\"WebSite\",\"@id\":\"https:\\\/\\\/landioustravel.com\\\/de\\\/#website\",\"url\":\"https:\\\/\\\/landioustravel.com\\\/de\\\/\",\"name\":\"Landious Travel\",\"description\":\"Excursions, trips and cruises in Egypt\",\"publisher\":{\"@id\":\"https:\\\/\\\/landioustravel.com\\\/de\\\/#organization\"},\"potentialAction\":[{\"@type\":\"SearchAction\",\"target\":{\"@type\":\"EntryPoint\",\"urlTemplate\":\"https:\\\/\\\/landioustravel.com\\\/de\\\/?s={search_term_string}\"},\"query-input\":{\"@type\":\"PropertyValueSpecification\",\"valueRequired\":true,\"valueName\":\"search_term_string\"}}],\"inLanguage\":\"de\"},{\"@type\":[\"Organization\",\"Place\"],\"@id\":\"https:\\\/\\\/landioustravel.com\\\/de\\\/#organization\",\"name\":\"Landious Travel\",\"alternateName\":\"Landious Travel\",\"url\":\"https:\\\/\\\/landioustravel.com\\\/de\\\/\",\"logo\":{\"@id\":\"https:\\\/\\\/landioustravel.com\\\/de\\\/shop\\\/ausflug-kairo-alexandria-sharm-sheikh\\\/#local-main-organization-logo\"},\"image\":{\"@id\":\"https:\\\/\\\/landioustravel.com\\\/de\\\/shop\\\/ausflug-kairo-alexandria-sharm-sheikh\\\/#local-main-organization-logo\"},\"sameAs\":[\"https:\\\/\\\/web.facebook.com\\\/landiousEgypt\",\"https:\\\/\\\/x.com\\\/LandiousTours\",\"https:\\\/\\\/mastodon.social\\\/@landious\"],\"legalName\":\"Landious Travel\",\"telephone\":[],\"openingHoursSpecification\":[{\"@type\":\"OpeningHoursSpecification\",\"dayOfWeek\":[\"Monday\",\"Tuesday\",\"Wednesday\",\"Thursday\",\"Friday\",\"Saturday\",\"Sunday\"],\"opens\":\"09:00\",\"closes\":\"17:00\"}]},{\"@type\":\"ImageObject\",\"inLanguage\":\"de\",\"@id\":\"https:\\\/\\\/landioustravel.com\\\/de\\\/shop\\\/ausflug-kairo-alexandria-sharm-sheikh\\\/#local-main-organization-logo\",\"url\":\"https:\\\/\\\/i0.wp.com\\\/landioustravel.com\\\/wp-content\\\/uploads\\\/2021\\\/06\\\/Landious-T.png?fit=500%2C500&ssl=1\",\"contentUrl\":\"https:\\\/\\\/i0.wp.com\\\/landioustravel.com\\\/wp-content\\\/uploads\\\/2021\\\/06\\\/Landious-T.png?fit=500%2C500&ssl=1\",\"width\":500,\"height\":500,\"caption\":\"Landious Travel\"}]}<\/script>\n<!-- \/ Yoast SEO Premium plugin. -->","yoast_head_json":{"title":"Kairo & Alexandria Ausflug Sharm El Sheikh","description":"Kairo & Alexandria Ausflug Sharm El Sheikh Pyramiden und Sphinx in Gizeh, das \u00c4gyptische Museum in Kairo, die Festung Qaitbay und Montazah","robots":{"index":"index","follow":"follow","max-snippet":"max-snippet:-1","max-image-preview":"max-image-preview:large","max-video-preview":"max-video-preview:-1"},"canonical":"https:\/\/landioustravel.com\/de\/shop\/ausflug-kairo-alexandria-sharm-sheikh\/","og_locale":"de_DE","og_type":"article","og_title":"Kairo & Alexandria Ausflug Sharm El Sheikh","og_description":"Landious Travel","og_url":"https:\/\/landioustravel.com\/de\/shop\/ausflug-kairo-alexandria-sharm-sheikh\/","og_site_name":"Landious Travel","article_publisher":"https:\/\/web.facebook.com\/landiousEgypt","article_modified_time":"2024-09-23T22:49:03+00:00","og_image":[{"width":1200,"height":675,"url":"https:\/\/landioustravel.com\/wp-content\/uploads\/2021\/05\/landious-montaza-palace-e1621971093894.jpg","type":"image\/jpeg"}],"twitter_card":"summary_large_image","twitter_site":"@LandiousTours","twitter_misc":{"Gesch\u00e4tzte Lesezeit":"3\u00a0Minuten"},"schema":{"@context":"https:\/\/schema.org","@graph":[{"@type":"WebPage","@id":"https:\/\/landioustravel.com\/de\/shop\/ausflug-kairo-alexandria-sharm-sheikh\/","url":"https:\/\/landioustravel.com\/de\/shop\/ausflug-kairo-alexandria-sharm-sheikh\/","name":"Kairo & Alexandria Ausflug Sharm El Sheikh","isPartOf":{"@id":"https:\/\/landioustravel.com\/de\/#website"},"primaryImageOfPage":{"@id":"https:\/\/landioustravel.com\/de\/shop\/ausflug-kairo-alexandria-sharm-sheikh\/#primaryimage"},"image":{"@id":"https:\/\/landioustravel.com\/de\/shop\/ausflug-kairo-alexandria-sharm-sheikh\/#primaryimage"},"thumbnailUrl":"https:\/\/i0.wp.com\/landioustravel.com\/wp-content\/uploads\/2021\/05\/landious-montaza-palace-e1621971093894.jpg?fit=1200%2C675&ssl=1","datePublished":"2019-01-17T09:34:12+00:00","dateModified":"2024-09-23T22:49:03+00:00","description":"Kairo & Alexandria Ausflug Sharm El Sheikh Pyramiden und Sphinx in Gizeh, das \u00c4gyptische Museum in Kairo, die Festung Qaitbay und Montazah","breadcrumb":{"@id":"https:\/\/landioustravel.com\/de\/shop\/ausflug-kairo-alexandria-sharm-sheikh\/#breadcrumb"},"inLanguage":"de","potentialAction":[{"@type":"ReadAction","target":["https:\/\/landioustravel.com\/de\/shop\/ausflug-kairo-alexandria-sharm-sheikh\/"]}]},{"@type":"ImageObject","inLanguage":"de","@id":"https:\/\/landioustravel.com\/de\/shop\/ausflug-kairo-alexandria-sharm-sheikh\/#primaryimage","url":"https:\/\/i0.wp.com\/landioustravel.com\/wp-content\/uploads\/2021\/05\/landious-montaza-palace-e1621971093894.jpg?fit=1200%2C675&ssl=1","contentUrl":"https:\/\/i0.wp.com\/landioustravel.com\/wp-content\/uploads\/2021\/05\/landious-montaza-palace-e1621971093894.jpg?fit=1200%2C675&ssl=1","width":1200,"height":675,"caption":"Montaza Palace"},{"@type":"BreadcrumbList","@id":"https:\/\/landioustravel.com\/de\/shop\/ausflug-kairo-alexandria-sharm-sheikh\/#breadcrumb","itemListElement":[{"@type":"ListItem","position":1,"name":"Home","item":"https:\/\/landioustravel.com\/de\/"},{"@type":"ListItem","position":2,"name":"\u00c4gypten Touren","item":"https:\/\/landioustravel.com\/de\/"},{"@type":"ListItem","position":3,"name":"Kairo &#038; Alexandria Ausflug Sharm El Sheikh"}]},{"@type":"WebSite","@id":"https:\/\/landioustravel.com\/de\/#website","url":"https:\/\/landioustravel.com\/de\/","name":"Landious Travel","description":"Excursions, trips and cruises in Egypt","publisher":{"@id":"https:\/\/landioustravel.com\/de\/#organization"},"potentialAction":[{"@type":"SearchAction","target":{"@type":"EntryPoint","urlTemplate":"https:\/\/landioustravel.com\/de\/?s={search_term_string}"},"query-input":{"@type":"PropertyValueSpecification","valueRequired":true,"valueName":"search_term_string"}}],"inLanguage":"de"},{"@type":["Organization","Place"],"@id":"https:\/\/landioustravel.com\/de\/#organization","name":"Landious Travel","alternateName":"Landious Travel","url":"https:\/\/landioustravel.com\/de\/","logo":{"@id":"https:\/\/landioustravel.com\/de\/shop\/ausflug-kairo-alexandria-sharm-sheikh\/#local-main-organization-logo"},"image":{"@id":"https:\/\/landioustravel.com\/de\/shop\/ausflug-kairo-alexandria-sharm-sheikh\/#local-main-organization-logo"},"sameAs":["https:\/\/web.facebook.com\/landiousEgypt","https:\/\/x.com\/LandiousTours","https:\/\/mastodon.social\/@landious"],"legalName":"Landious Travel","telephone":[],"openingHoursSpecification":[{"@type":"OpeningHoursSpecification","dayOfWeek":["Monday","Tuesday","Wednesday","Thursday","Friday","Saturday","Sunday"],"opens":"09:00","closes":"17:00"}]},{"@type":"ImageObject","inLanguage":"de","@id":"https:\/\/landioustravel.com\/de\/shop\/ausflug-kairo-alexandria-sharm-sheikh\/#local-main-organization-logo","url":"https:\/\/i0.wp.com\/landioustravel.com\/wp-content\/uploads\/2021\/06\/Landious-T.png?fit=500%2C500&ssl=1","contentUrl":"https:\/\/i0.wp.com\/landioustravel.com\/wp-content\/uploads\/2021\/06\/Landious-T.png?fit=500%2C500&ssl=1","width":500,"height":500,"caption":"Landious Travel"}]}},"jetpack_publicize_connections":[],"uagb_featured_image_src":{"full":["https:\/\/i0.wp.com\/landioustravel.com\/wp-content\/uploads\/2021\/05\/landious-montaza-palace-e1621971093894.jpg?fit=1200%2C675&ssl=1",1200,675,false],"thumbnail":["https:\/\/i0.wp.com\/landioustravel.com\/wp-content\/uploads\/2021\/05\/landious-montaza-palace-e1621971093894.jpg?resize=150%2C150&ssl=1",150,150,true],"medium":["https:\/\/i0.wp.com\/landioustravel.com\/wp-content\/uploads\/2021\/05\/landious-montaza-palace-e1621971093894.jpg?fit=300%2C169&ssl=1",300,169,true],"medium_large":["https:\/\/i0.wp.com\/landioustravel.com\/wp-content\/uploads\/2021\/05\/landious-montaza-palace-e1621971093894.jpg?fit=768%2C432&ssl=1",768,432,true],"large":["https:\/\/i0.wp.com\/landioustravel.com\/wp-content\/uploads\/2021\/05\/landious-montaza-palace-e1621971093894.jpg?fit=980%2C551&ssl=1",980,551,true],"1536x1536":["https:\/\/i0.wp.com\/landioustravel.com\/wp-content\/uploads\/2021\/05\/landious-montaza-palace-e1621971093894.jpg?fit=1536%2C864&ssl=1",1536,864,true],"2048x2048":["https:\/\/i0.wp.com\/landioustravel.com\/wp-content\/uploads\/2021\/05\/landious-montaza-palace-e1621971093894.jpg?fit=2048%2C1152&ssl=1",2048,1152,true],"newspack-article-block-landscape-large":["https:\/\/i0.wp.com\/landioustravel.com\/wp-content\/uploads\/2021\/05\/landious-montaza-palace-e1621971093894.jpg?resize=1200%2C675&ssl=1",1200,900,true],"newspack-article-block-portrait-large":["https:\/\/i0.wp.com\/landioustravel.com\/wp-content\/uploads\/2021\/05\/landious-montaza-palace-e1621971093894.jpg?resize=900%2C675&ssl=1",900,1200,true],"newspack-article-block-square-large":["https:\/\/i0.wp.com\/landioustravel.com\/wp-content\/uploads\/2021\/05\/landious-montaza-palace-e1621971093894.jpg?resize=1200%2C675&ssl=1",1200,1200,true],"newspack-article-block-landscape-medium":["https:\/\/i0.wp.com\/landioustravel.com\/wp-content\/uploads\/2021\/05\/landious-montaza-palace-e1621971093894.jpg?resize=800%2C600&ssl=1",800,600,true],"newspack-article-block-portrait-medium":["https:\/\/i0.wp.com\/landioustravel.com\/wp-content\/uploads\/2021\/05\/landious-montaza-palace-e1621971093894.jpg?resize=600%2C675&ssl=1",600,800,true],"newspack-article-block-square-medium":["https:\/\/i0.wp.com\/landioustravel.com\/wp-content\/uploads\/2021\/05\/landious-montaza-palace-e1621971093894.jpg?resize=800%2C675&ssl=1",800,800,true],"newspack-article-block-landscape-intermediate":["https:\/\/i0.wp.com\/landioustravel.com\/wp-content\/uploads\/2021\/05\/landious-montaza-palace-e1621971093894.jpg?resize=600%2C450&ssl=1",600,450,true],"newspack-article-block-portrait-intermediate":["https:\/\/i0.wp.com\/landioustravel.com\/wp-content\/uploads\/2021\/05\/landious-montaza-palace-e1621971093894.jpg?resize=450%2C600&ssl=1",450,600,true],"newspack-article-block-square-intermediate":["https:\/\/i0.wp.com\/landioustravel.com\/wp-content\/uploads\/2021\/05\/landious-montaza-palace-e1621971093894.jpg?resize=600%2C600&ssl=1",600,600,true],"newspack-article-block-landscape-small":["https:\/\/i0.wp.com\/landioustravel.com\/wp-content\/uploads\/2021\/05\/landious-montaza-palace-e1621971093894.jpg?resize=400%2C300&ssl=1",400,300,true],"newspack-article-block-portrait-small":["https:\/\/i0.wp.com\/landioustravel.com\/wp-content\/uploads\/2021\/05\/landious-montaza-palace-e1621971093894.jpg?resize=300%2C400&ssl=1",300,400,true],"newspack-article-block-square-small":["https:\/\/i0.wp.com\/landioustravel.com\/wp-content\/uploads\/2021\/05\/landious-montaza-palace-e1621971093894.jpg?resize=400%2C400&ssl=1",400,400,true],"newspack-article-block-landscape-tiny":["https:\/\/i0.wp.com\/landioustravel.com\/wp-content\/uploads\/2021\/05\/landious-montaza-palace-e1621971093894.jpg?resize=200%2C150&ssl=1",200,150,true],"newspack-article-block-portrait-tiny":["https:\/\/i0.wp.com\/landioustravel.com\/wp-content\/uploads\/2021\/05\/landious-montaza-palace-e1621971093894.jpg?resize=150%2C200&ssl=1",150,200,true],"newspack-article-block-square-tiny":["https:\/\/i0.wp.com\/landioustravel.com\/wp-content\/uploads\/2021\/05\/landious-montaza-palace-e1621971093894.jpg?resize=200%2C200&ssl=1",200,200,true],"newspack-article-block-uncropped":["https:\/\/i0.wp.com\/landioustravel.com\/wp-content\/uploads\/2021\/05\/landious-montaza-palace-e1621971093894.jpg?fit=1200%2C675&ssl=1",1200,675,true],"woocommerce_thumbnail":["https:\/\/i0.wp.com\/landioustravel.com\/wp-content\/uploads\/2021\/05\/landious-montaza-palace-e1621971093894.jpg?resize=324%2C324&ssl=1",324,324,true],"woocommerce_single":["https:\/\/i0.wp.com\/landioustravel.com\/wp-content\/uploads\/2021\/05\/landious-montaza-palace-e1621971093894.jpg?fit=416%2C234&ssl=1",416,234,true],"woocommerce_gallery_thumbnail":["https:\/\/i0.wp.com\/landioustravel.com\/wp-content\/uploads\/2021\/05\/landious-montaza-palace-e1621971093894.jpg?resize=100%2C100&ssl=1",100,100,true]},"uagb_author_info":{"display_name":"Mofreh Landious","author_link":"https:\/\/landioustravel.com\/de\/author\/"},"uagb_comment_info":6,"uagb_excerpt":"Sind Sie daran interessiert, w\u00e4hrend Ihres Besuchs in \u00c4gypten die pr\u00e4chtigen St\u00e4dte Kairo und Alexandria zu erkunden? Unser zweit\u00e4giger Ausflug ab Sharm El-Sheikh bietet Ihnen die M\u00f6glichkeit, die atemberaubenden Pyramiden von Gizeh zu bestaunen und das \u00c4gyptische Museum in Kairo zu besuchen. Sie k\u00f6nnen auch ein entspanntes Bootspicknick auf dem Nil genie\u00dfen und in der&hellip;","jetpack_sharing_enabled":true,"jetpack_likes_enabled":true,"amp_enabled":true,"_links":{"self":[{"href":"https:\/\/landioustravel.com\/de\/wp-json\/wp\/v2\/product\/1236","targetHints":{"allow":["GET"]}}],"collection":[{"href":"https:\/\/landioustravel.com\/de\/wp-json\/wp\/v2\/product"}],"about":[{"href":"https:\/\/landioustravel.com\/de\/wp-json\/wp\/v2\/types\/product"}],"replies":[{"embeddable":true,"href":"https:\/\/landioustravel.com\/de\/wp-json\/wp\/v2\/comments?post=1236"}],"wp:featuredmedia":[{"embeddable":true,"href":"https:\/\/landioustravel.com\/de\/wp-json\/wp\/v2\/media\/51271"}],"wp:attachment":[{"href":"https:\/\/landioustravel.com\/de\/wp-json\/wp\/v2\/media?parent=1236"}],"wp:term":[{"taxonomy":"product_brand","embeddable":true,"href":"https:\/\/landioustravel.com\/de\/wp-json\/wp\/v2\/product_brand?post=1236"},{"taxonomy":"product_cat","embeddable":true,"href":"https:\/\/landioustravel.com\/de\/wp-json\/wp\/v2\/product_cat?post=1236"},{"taxonomy":"product_tag","embeddable":true,"href":"https:\/\/landioustravel.com\/de\/wp-json\/wp\/v2\/product_tag?post=1236"}],"curies":[{"name":"wp","href":"https:\/\/api.w.org\/{rel}","templated":true}]}}