{"id":1240,"date":"2018-12-14T11:16:38","date_gmt":"2019-01-17T10:27:40","guid":{"rendered":"https:\/\/landioustravel.com\/?post_type=product&#038;p=1240"},"modified":"2024-09-18T20:13:31","modified_gmt":"2024-09-18T17:13:31","slug":"exkursion-jerusalem-sharm-sheikh","status":"publish","type":"product","link":"https:\/\/landioustravel.com\/de\/shop\/exkursion-jerusalem-sharm-sheikh\/","title":{"rendered":"Jerusalem Ausflug Sharm El Sheikh"},"content":{"rendered":"<p>Es ist ein sehr spiritueller eint\u00e4giger Ausflug nach Jerusalem vom Ferienort <a href=\"https:\/\/landioustravel.com\/de\/sharm-sheikh-stadt\/\">Sharm El Sheikh<\/a> in <a href=\"https:\/\/landioustravel.com\/de\/agypten\/\">\u00c4gypten<\/a>! Wir empfehlen die Reise, weil Sie so die religi\u00f6sesten und spirituellsten Orte der Welt sehen k\u00f6nnen! Diese Reise erinnert mit Sicherheit an das Leben des Erretters Jesus Christus in Israel! Au\u00dferdem gibt Ihnen der Besuch in Jerusalem mehr Informationen \u00fcber die Geschichte des Christentums. Dar\u00fcber hinaus k\u00f6nnen Sie wichtige biblische Ereignisse und Fakten leben. ONLINE-BUCHUNG JERUSALEM AUSFLUG SHARM EL SHEIKH UND BESTER PREIS!<\/p>\n<h2>H\u00f6hepunkte der Jerusalem-Exkursion von Sharm El Sheikh<\/h2>\n<ul>\n<li>\u00d6lberg in Jerusalem.<\/li>\n<li>Die Klagemauer.<\/li>\n<li>Und der Weg der Tr\u00fcbsal.<\/li>\n<li>Die Kirche des Heiligen Grabes.<\/li>\n<li>Mittagessen.<\/li>\n<li>Die Geburtskirche.<\/li>\n<li>Auch Schwimmen im Toten Meer.<\/li>\n<\/ul>\n<h3>Ausflugsprogramm nach Jerusalem<\/h3>\n<ul>\n<li>Der Vertreter von <a href=\"https:\/\/landioustravel.com\/de\/kontakte\/\">Landious Travel<\/a> holt Sie gegen 20:00 Uhr von Ihrem Hotel in Sharm El-Sheikh ab.<\/li>\n<li>Nachdem alle Ank\u00f6mmlinge abgeholt wurden, f\u00e4hrt der Bus zu den Grenzen mit Israel. Es wird zusammen mit den K\u00fcstenst\u00e4dten Dahab, Nuweiba und Taba fahren. Alle diese St\u00e4dte liegen n\u00f6rdlich von Sharm El Sheikh an der K\u00fcste des Roten Meeres. Der Weg vom Zentrum von Sharm El Sheikh bis zu den Grenzen dauert ungef\u00e4hr 3 Stunden.<\/li>\n<\/ul>\n<h4>Programm in Israel<\/h4>\n<ul>\n<li>Zun\u00e4chst machen Sie einen Zwischenstopp auf dem \u00d6lberg in Jerusalem. Auf dem Gipfel dieses Berges genie\u00dfen Sie einen Panoramablick auf den Tempelberg und die Altstadt.<\/li>\n<li>Zweitens gehen Sie zum Jerusalemer Tempel und halten an der Klagemauer.<\/li>\n<li>Dann gehen Sie den Weg der Tr\u00fcbsal entlang &#8211; den Weg des Kreuzes. Nach der Bibel trug der Erretter das Kreuz mit sich und ging zum Ort der Kreuzigung auf Golgatha. Hier sehen Sie ein Loch im Felsen, wo sie das Kreuz installiert haben. Sie werden auch Zeuge des Risses sein, der nach einem Blitzschlag im Felsen auftrat.<\/li>\n<li>Danach besuchen Sie die Grabeskirche. Diese Kirche liegt in der N\u00e4he der H\u00f6hle Jesu Christi.<\/li>\n<li>Weiter kommt die Mittagszeit.<\/li>\n<li>Wieder setzen Sie Ihre Reise fort und besuchen die Geburtskirche in der Stadt Bethlehem.<\/li>\n<li>Und dann fast eine Stunde im Toten Meer schwimmen.<\/li>\n<\/ul>\n<h5 style=\"text-align: center;\">Abfahrt nach Sharm El Sheikh<\/h5>\n<ul>\n<li>Schlie\u00dflich kehren Sie nach Sharm El-Sheikh zur\u00fcck, nachdem Sie diese erstaunliche Sightseeing-Reise nach Jerusalem beendet haben.<\/li>\n<li>Dieser Ausflug von <a href=\"https:\/\/www.google.de\/maps\/place\/Scharm+El-Scheich,+Qesm+Sharm+Ash+Sheikh,+Dschanub+Sina\/@27.9466924,34.2787129,12z\/data=!3m1!4b1!4m5!3m4!1s0x14533bca3624d2e3:0xdd987e9c1945fd9c!8m2!3d27.9654198!4d34.3617769\" target=\"_blank\" rel=\"noopener\">Sharm El Sheikh<\/a> nach Jerusalem endet am zweiten Tag gegen 23:00 Uhr.<\/li>\n<\/ul>\n<h4>Was beinhaltet Jerusalem\/Sharm El Sheikh Preis?<\/h4>\n<ul>\n<li>Eintritts Karten.<\/li>\n<li>Mittagessen.<\/li>\n<li>Transfer von Sharm El-Sheikh nach Jerusalem und zur\u00fcck zum Hotel.<\/li>\n<\/ul>\n<h5>Was beinhaltet das Jerusalem Excursion Sharm El Sheikh Programm nicht?<\/h5>\n<ul>\n<li>F\u00fchren. Der englische Reisef\u00fchrer kostet 200 $ pro Touristengruppe.<\/li>\n<li>Zus\u00e4tzliche Exkursionsprogramme, falls nicht im obigen Programm enthalten.<\/li>\n<\/ul>\n<h6>Was nehmen Sie f\u00fcr die Reise mit?<\/h6>\n<ul>\n<li>Reisepass.<\/li>\n<li>Fr\u00fchst\u00fccksbox.<\/li>\n<li>Auch Kleidung f\u00fcr die Saison.<\/li>\n<\/ul>\n<h6>Jerusalem Exkursion Sharm El Sheikh Buchungstage<\/h6>\n<ul>\n<li>Montags von 20:00 bis 23:00 Uhr am zweiten Tag.<\/li>\n<\/ul>\n","protected":false},"excerpt":{"rendered":"<p>Wenn Sie sich entschieden haben, Ihren Urlaub in Sharm El-Sheikh zu verbringen, bieten wir Ihnen die M\u00f6glichkeit, das Heilige Land in Israel zu erleben. Die Jerusalem Over Day Tour gibt Ihnen die M\u00f6glichkeit, in die spirituelle und historische Bedeutung dieses heiligen Ortes einzutauchen. W\u00e4hrend Ihrer Reise besuchen Sie den \u00d6lberg und die Klagemauer und machen einen Spaziergang entlang der Tribulation Road. Sie sehen auch die Grabeskirche und die Geburtskirche und machen schlie\u00dflich einen Halt am Toten Meer. Im Reisepreis sind Transfers, Eintrittskarten und Mittagessen enthalten.<\/p>\n<p>Unser Ausflugsplan beginnt mit einer Best\u00e4tigungs-E-Mail, die die Einzelheiten der Reise enth\u00e4lt, einschlie\u00dflich der Abholzeit von Ihrem Hotel (normalerweise gegen 8:00 Uhr, abh\u00e4ngig von der Lage Ihres Hotels). Nachdem Sie abgeholt wurden, \u00fcberqueren wir zu Fu\u00df die Grenze auf die andere Seite Israels, wo Sie Ihren englischsprachigen Reiseleiter treffen. Bitte beachten Sie, dass die Zeit, die Sie an der Grenze verbringen, aufgrund der gro\u00dfen Anzahl von Reisenden und politischen Problemen au\u00dferhalb unserer Kontrolle liegt.<\/p>\n<p>Anschlie\u00dfend fahren wir anderthalb Stunden lang durch das Avara-Tal in Richtung des Toten Meeres, dem tiefsten Punkt der Erde. Sie haben eine Stunde Zeit, um die nat\u00fcrliche Sch\u00f6nheit zu erkunden und auf Wunsch ein Bad im mineralreichen Wasser zu nehmen. Wir besuchen auch den Ort, an dem die Schriftrollen vom Toten Meer gefunden wurden, und werden Zeuge der in der W\u00fcste lebenden Beduinenst\u00e4mme.<\/p>\n<p>Wenn Sie am \u00d6lberg ankommen, genie\u00dfen Sie einen Panoramablick auf die Stadt und erhalten eine Einf\u00fchrung in ihre Geschichte und Kultur. Anschlie\u00dfend besuchen wir die Klagemauer, die letzten \u00dcberreste des j\u00fcdischen Tempels, und folgen dem Leidensweg, der zur Grabeskirche f\u00fchrt, wo Jesus gekreuzigt und begraben wurde.<\/p>\n<p>Wir machen eine Mittagspause in einem der \u00f6rtlichen Restaurants, bevor wir die Stadt Bethlehem besuchen, wo sich die Geburtskirche befindet. Hier wurde Jesus Christus geboren und ist das zentrale Pilgerziel f\u00fcr Christen weltweit. Bevor wir zur Grenze zur\u00fcckkehren, haben wir die M\u00f6glichkeit, in Bethlehem ein paar Souvenirs von diesem heiligen Ort zu kaufen.<\/p>\n<p>Der Ausflug beinhaltet einen klimatisierten Transport \u00fcberall in Jerusalem und Sharm El Sheikh, alle Eintrittsgelder zu den im Reiseplan genannten Touristenattraktionen, Grenzsteuern und Visa, Mittagessen in einem lokalen Restaurant und einen englischsprachigen Reisef\u00fchrer. Wir hoffen, dass Sie uns auf dieser Reise zur Entdeckung des Heiligen Landes begleiten.<\/p>\n","protected":false},"featured_media":99978,"comment_status":"open","ping_status":"closed","template":"","meta":{"_coblocks_attr":"","_coblocks_dimensions":"","_coblocks_responsive_height":"","_coblocks_accordion_ie_support":"","_uag_custom_page_level_css":"","jetpack_post_was_ever_published":false,"jetpack_publicize_message":"","jetpack_publicize_feature_enabled":true,"jetpack_social_post_already_shared":true,"jetpack_social_options":{"image_generator_settings":{"template":"highway","default_image_id":0,"font":"","enabled":false},"version":2},"_wpas_customize_per_network":false},"product_brand":[],"product_cat":[1605,1604,23606],"product_tag":[1653,9906,1657],"class_list":{"0":"post-1240","1":"product","2":"type-product","3":"status-publish","4":"has-post-thumbnail","6":"product_cat-historische-ausfluge-sharm-sheikh","7":"product_cat-ausfluge-sharm-sheikh","8":"product_cat-tagesausfluege-sharm-sheikh","9":"product_tag-ausflug","10":"product_tag-besichtigung","11":"product_tag-sharm-el-sheikh-de","12":"pa_age-erwachsene","13":"pa_age-kind","15":"first","16":"instock","17":"sale","18":"purchasable","19":"product-type-variable"},"yoast_head":"<!-- This site is optimized with the Yoast SEO Premium plugin v26.9 (Yoast SEO v27.3) - https:\/\/yoast.com\/product\/yoast-seo-premium-wordpress\/ -->\n<title>Jerusalem Ausflug Sharm El Sheikh<\/title>\n<meta name=\"description\" content=\"Jerusalem Ausflug Sharm El Sheikh f\u00fchrt zum \u00d6lberg, der Klagemauer, der Stra\u00dfe der Trauer, der Grabeskirche, der Geburtskirche\" \/>\n<meta name=\"robots\" content=\"index, follow, max-snippet:-1, max-image-preview:large, max-video-preview:-1\" \/>\n<link rel=\"canonical\" href=\"https:\/\/landioustravel.com\/de\/shop\/exkursion-jerusalem-sharm-sheikh\/\" \/>\n<meta property=\"og:locale\" content=\"de_DE\" \/>\n<meta property=\"og:type\" content=\"article\" \/>\n<meta property=\"og:title\" content=\"Jerusalem Ausflug Sharm El Sheikh\" \/>\n<meta property=\"og:description\" content=\"Landious Travel\" \/>\n<meta property=\"og:url\" content=\"https:\/\/landioustravel.com\/de\/shop\/exkursion-jerusalem-sharm-sheikh\/\" \/>\n<meta property=\"og:site_name\" content=\"Landious Travel\" \/>\n<meta property=\"article:publisher\" content=\"https:\/\/web.facebook.com\/landiousEgypt\" \/>\n<meta property=\"article:modified_time\" content=\"2024-09-18T17:13:31+00:00\" \/>\n<meta property=\"og:image\" content=\"https:\/\/landioustravel.com\/wp-content\/uploads\/2018\/12\/Mount-of-Olives-in-Jerusalem-e1669427546714.jpg\" \/>\n\t<meta property=\"og:image:width\" content=\"1200\" \/>\n\t<meta property=\"og:image:height\" content=\"675\" \/>\n\t<meta property=\"og:image:type\" content=\"image\/jpeg\" \/>\n<meta name=\"twitter:card\" content=\"summary_large_image\" \/>\n<meta name=\"twitter:site\" content=\"@LandiousTours\" \/>\n<meta name=\"twitter:label1\" content=\"Gesch\u00e4tzte Lesezeit\" \/>\n\t<meta name=\"twitter:data1\" content=\"3\u00a0Minuten\" \/>\n<script type=\"application\/ld+json\" class=\"yoast-schema-graph\">{\"@context\":\"https:\\\/\\\/schema.org\",\"@graph\":[{\"@type\":\"WebPage\",\"@id\":\"https:\\\/\\\/landioustravel.com\\\/de\\\/shop\\\/exkursion-jerusalem-sharm-sheikh\\\/\",\"url\":\"https:\\\/\\\/landioustravel.com\\\/de\\\/shop\\\/exkursion-jerusalem-sharm-sheikh\\\/\",\"name\":\"Jerusalem Ausflug Sharm El Sheikh\",\"isPartOf\":{\"@id\":\"https:\\\/\\\/landioustravel.com\\\/de\\\/#website\"},\"primaryImageOfPage\":{\"@id\":\"https:\\\/\\\/landioustravel.com\\\/de\\\/shop\\\/exkursion-jerusalem-sharm-sheikh\\\/#primaryimage\"},\"image\":{\"@id\":\"https:\\\/\\\/landioustravel.com\\\/de\\\/shop\\\/exkursion-jerusalem-sharm-sheikh\\\/#primaryimage\"},\"thumbnailUrl\":\"https:\\\/\\\/i0.wp.com\\\/landioustravel.com\\\/wp-content\\\/uploads\\\/2018\\\/12\\\/Mount-of-Olives-in-Jerusalem-e1669427546714.jpg?fit=1200%2C675&ssl=1\",\"datePublished\":\"2019-01-17T10:27:40+00:00\",\"dateModified\":\"2024-09-18T17:13:31+00:00\",\"description\":\"Jerusalem Ausflug Sharm El Sheikh f\u00fchrt zum \u00d6lberg, der Klagemauer, der Stra\u00dfe der Trauer, der Grabeskirche, der Geburtskirche\",\"breadcrumb\":{\"@id\":\"https:\\\/\\\/landioustravel.com\\\/de\\\/shop\\\/exkursion-jerusalem-sharm-sheikh\\\/#breadcrumb\"},\"inLanguage\":\"de\",\"potentialAction\":[{\"@type\":\"ReadAction\",\"target\":[\"https:\\\/\\\/landioustravel.com\\\/de\\\/shop\\\/exkursion-jerusalem-sharm-sheikh\\\/\"]}]},{\"@type\":\"ImageObject\",\"inLanguage\":\"de\",\"@id\":\"https:\\\/\\\/landioustravel.com\\\/de\\\/shop\\\/exkursion-jerusalem-sharm-sheikh\\\/#primaryimage\",\"url\":\"https:\\\/\\\/i0.wp.com\\\/landioustravel.com\\\/wp-content\\\/uploads\\\/2018\\\/12\\\/Mount-of-Olives-in-Jerusalem-e1669427546714.jpg?fit=1200%2C675&ssl=1\",\"contentUrl\":\"https:\\\/\\\/i0.wp.com\\\/landioustravel.com\\\/wp-content\\\/uploads\\\/2018\\\/12\\\/Mount-of-Olives-in-Jerusalem-e1669427546714.jpg?fit=1200%2C675&ssl=1\",\"width\":1200,\"height\":675,\"caption\":\"Mount of Olives in Jerusalem\"},{\"@type\":\"BreadcrumbList\",\"@id\":\"https:\\\/\\\/landioustravel.com\\\/de\\\/shop\\\/exkursion-jerusalem-sharm-sheikh\\\/#breadcrumb\",\"itemListElement\":[{\"@type\":\"ListItem\",\"position\":1,\"name\":\"Home\",\"item\":\"https:\\\/\\\/landioustravel.com\\\/de\\\/\"},{\"@type\":\"ListItem\",\"position\":2,\"name\":\"\u00c4gypten Touren\",\"item\":\"https:\\\/\\\/landioustravel.com\\\/de\\\/\"},{\"@type\":\"ListItem\",\"position\":3,\"name\":\"Jerusalem Ausflug Sharm El Sheikh\"}]},{\"@type\":\"WebSite\",\"@id\":\"https:\\\/\\\/landioustravel.com\\\/de\\\/#website\",\"url\":\"https:\\\/\\\/landioustravel.com\\\/de\\\/\",\"name\":\"Landious Travel\",\"description\":\"Excursions, trips and cruises in Egypt\",\"publisher\":{\"@id\":\"https:\\\/\\\/landioustravel.com\\\/de\\\/#organization\"},\"potentialAction\":[{\"@type\":\"SearchAction\",\"target\":{\"@type\":\"EntryPoint\",\"urlTemplate\":\"https:\\\/\\\/landioustravel.com\\\/de\\\/?s={search_term_string}\"},\"query-input\":{\"@type\":\"PropertyValueSpecification\",\"valueRequired\":true,\"valueName\":\"search_term_string\"}}],\"inLanguage\":\"de\"},{\"@type\":[\"Organization\",\"Place\"],\"@id\":\"https:\\\/\\\/landioustravel.com\\\/de\\\/#organization\",\"name\":\"Landious Travel\",\"alternateName\":\"Landious Travel\",\"url\":\"https:\\\/\\\/landioustravel.com\\\/de\\\/\",\"logo\":{\"@id\":\"https:\\\/\\\/landioustravel.com\\\/de\\\/shop\\\/exkursion-jerusalem-sharm-sheikh\\\/#local-main-organization-logo\"},\"image\":{\"@id\":\"https:\\\/\\\/landioustravel.com\\\/de\\\/shop\\\/exkursion-jerusalem-sharm-sheikh\\\/#local-main-organization-logo\"},\"sameAs\":[\"https:\\\/\\\/web.facebook.com\\\/landiousEgypt\",\"https:\\\/\\\/x.com\\\/LandiousTours\",\"https:\\\/\\\/mastodon.social\\\/@landious\"],\"legalName\":\"Landious Travel\",\"telephone\":[],\"openingHoursSpecification\":[{\"@type\":\"OpeningHoursSpecification\",\"dayOfWeek\":[\"Monday\",\"Tuesday\",\"Wednesday\",\"Thursday\",\"Friday\",\"Saturday\",\"Sunday\"],\"opens\":\"09:00\",\"closes\":\"17:00\"}]},{\"@type\":\"ImageObject\",\"inLanguage\":\"de\",\"@id\":\"https:\\\/\\\/landioustravel.com\\\/de\\\/shop\\\/exkursion-jerusalem-sharm-sheikh\\\/#local-main-organization-logo\",\"url\":\"https:\\\/\\\/i0.wp.com\\\/landioustravel.com\\\/wp-content\\\/uploads\\\/2021\\\/06\\\/Landious-T.png?fit=500%2C500&ssl=1\",\"contentUrl\":\"https:\\\/\\\/i0.wp.com\\\/landioustravel.com\\\/wp-content\\\/uploads\\\/2021\\\/06\\\/Landious-T.png?fit=500%2C500&ssl=1\",\"width\":500,\"height\":500,\"caption\":\"Landious Travel\"}]}<\/script>\n<!-- \/ Yoast SEO Premium plugin. -->","yoast_head_json":{"title":"Jerusalem Ausflug Sharm El Sheikh","description":"Jerusalem Ausflug Sharm El Sheikh f\u00fchrt zum \u00d6lberg, der Klagemauer, der Stra\u00dfe der Trauer, der Grabeskirche, der Geburtskirche","robots":{"index":"index","follow":"follow","max-snippet":"max-snippet:-1","max-image-preview":"max-image-preview:large","max-video-preview":"max-video-preview:-1"},"canonical":"https:\/\/landioustravel.com\/de\/shop\/exkursion-jerusalem-sharm-sheikh\/","og_locale":"de_DE","og_type":"article","og_title":"Jerusalem Ausflug Sharm El Sheikh","og_description":"Landious Travel","og_url":"https:\/\/landioustravel.com\/de\/shop\/exkursion-jerusalem-sharm-sheikh\/","og_site_name":"Landious Travel","article_publisher":"https:\/\/web.facebook.com\/landiousEgypt","article_modified_time":"2024-09-18T17:13:31+00:00","og_image":[{"width":1200,"height":675,"url":"https:\/\/landioustravel.com\/wp-content\/uploads\/2018\/12\/Mount-of-Olives-in-Jerusalem-e1669427546714.jpg","type":"image\/jpeg"}],"twitter_card":"summary_large_image","twitter_site":"@LandiousTours","twitter_misc":{"Gesch\u00e4tzte Lesezeit":"3\u00a0Minuten"},"schema":{"@context":"https:\/\/schema.org","@graph":[{"@type":"WebPage","@id":"https:\/\/landioustravel.com\/de\/shop\/exkursion-jerusalem-sharm-sheikh\/","url":"https:\/\/landioustravel.com\/de\/shop\/exkursion-jerusalem-sharm-sheikh\/","name":"Jerusalem Ausflug Sharm El Sheikh","isPartOf":{"@id":"https:\/\/landioustravel.com\/de\/#website"},"primaryImageOfPage":{"@id":"https:\/\/landioustravel.com\/de\/shop\/exkursion-jerusalem-sharm-sheikh\/#primaryimage"},"image":{"@id":"https:\/\/landioustravel.com\/de\/shop\/exkursion-jerusalem-sharm-sheikh\/#primaryimage"},"thumbnailUrl":"https:\/\/i0.wp.com\/landioustravel.com\/wp-content\/uploads\/2018\/12\/Mount-of-Olives-in-Jerusalem-e1669427546714.jpg?fit=1200%2C675&ssl=1","datePublished":"2019-01-17T10:27:40+00:00","dateModified":"2024-09-18T17:13:31+00:00","description":"Jerusalem Ausflug Sharm El Sheikh f\u00fchrt zum \u00d6lberg, der Klagemauer, der Stra\u00dfe der Trauer, der Grabeskirche, der Geburtskirche","breadcrumb":{"@id":"https:\/\/landioustravel.com\/de\/shop\/exkursion-jerusalem-sharm-sheikh\/#breadcrumb"},"inLanguage":"de","potentialAction":[{"@type":"ReadAction","target":["https:\/\/landioustravel.com\/de\/shop\/exkursion-jerusalem-sharm-sheikh\/"]}]},{"@type":"ImageObject","inLanguage":"de","@id":"https:\/\/landioustravel.com\/de\/shop\/exkursion-jerusalem-sharm-sheikh\/#primaryimage","url":"https:\/\/i0.wp.com\/landioustravel.com\/wp-content\/uploads\/2018\/12\/Mount-of-Olives-in-Jerusalem-e1669427546714.jpg?fit=1200%2C675&ssl=1","contentUrl":"https:\/\/i0.wp.com\/landioustravel.com\/wp-content\/uploads\/2018\/12\/Mount-of-Olives-in-Jerusalem-e1669427546714.jpg?fit=1200%2C675&ssl=1","width":1200,"height":675,"caption":"Mount of Olives in Jerusalem"},{"@type":"BreadcrumbList","@id":"https:\/\/landioustravel.com\/de\/shop\/exkursion-jerusalem-sharm-sheikh\/#breadcrumb","itemListElement":[{"@type":"ListItem","position":1,"name":"Home","item":"https:\/\/landioustravel.com\/de\/"},{"@type":"ListItem","position":2,"name":"\u00c4gypten Touren","item":"https:\/\/landioustravel.com\/de\/"},{"@type":"ListItem","position":3,"name":"Jerusalem Ausflug Sharm El Sheikh"}]},{"@type":"WebSite","@id":"https:\/\/landioustravel.com\/de\/#website","url":"https:\/\/landioustravel.com\/de\/","name":"Landious Travel","description":"Excursions, trips and cruises in Egypt","publisher":{"@id":"https:\/\/landioustravel.com\/de\/#organization"},"potentialAction":[{"@type":"SearchAction","target":{"@type":"EntryPoint","urlTemplate":"https:\/\/landioustravel.com\/de\/?s={search_term_string}"},"query-input":{"@type":"PropertyValueSpecification","valueRequired":true,"valueName":"search_term_string"}}],"inLanguage":"de"},{"@type":["Organization","Place"],"@id":"https:\/\/landioustravel.com\/de\/#organization","name":"Landious Travel","alternateName":"Landious Travel","url":"https:\/\/landioustravel.com\/de\/","logo":{"@id":"https:\/\/landioustravel.com\/de\/shop\/exkursion-jerusalem-sharm-sheikh\/#local-main-organization-logo"},"image":{"@id":"https:\/\/landioustravel.com\/de\/shop\/exkursion-jerusalem-sharm-sheikh\/#local-main-organization-logo"},"sameAs":["https:\/\/web.facebook.com\/landiousEgypt","https:\/\/x.com\/LandiousTours","https:\/\/mastodon.social\/@landious"],"legalName":"Landious Travel","telephone":[],"openingHoursSpecification":[{"@type":"OpeningHoursSpecification","dayOfWeek":["Monday","Tuesday","Wednesday","Thursday","Friday","Saturday","Sunday"],"opens":"09:00","closes":"17:00"}]},{"@type":"ImageObject","inLanguage":"de","@id":"https:\/\/landioustravel.com\/de\/shop\/exkursion-jerusalem-sharm-sheikh\/#local-main-organization-logo","url":"https:\/\/i0.wp.com\/landioustravel.com\/wp-content\/uploads\/2021\/06\/Landious-T.png?fit=500%2C500&ssl=1","contentUrl":"https:\/\/i0.wp.com\/landioustravel.com\/wp-content\/uploads\/2021\/06\/Landious-T.png?fit=500%2C500&ssl=1","width":500,"height":500,"caption":"Landious Travel"}]}},"jetpack_publicize_connections":[],"uagb_featured_image_src":{"full":["https:\/\/i0.wp.com\/landioustravel.com\/wp-content\/uploads\/2018\/12\/Mount-of-Olives-in-Jerusalem-e1669427546714.jpg?fit=1200%2C675&ssl=1",1200,675,false],"thumbnail":["https:\/\/i0.wp.com\/landioustravel.com\/wp-content\/uploads\/2018\/12\/Mount-of-Olives-in-Jerusalem-e1669427546714.jpg?resize=150%2C150&ssl=1",150,150,true],"medium":["https:\/\/i0.wp.com\/landioustravel.com\/wp-content\/uploads\/2018\/12\/Mount-of-Olives-in-Jerusalem-e1669427546714.jpg?fit=300%2C169&ssl=1",300,169,true],"medium_large":["https:\/\/i0.wp.com\/landioustravel.com\/wp-content\/uploads\/2018\/12\/Mount-of-Olives-in-Jerusalem-e1669427546714.jpg?fit=768%2C432&ssl=1",768,432,true],"large":["https:\/\/i0.wp.com\/landioustravel.com\/wp-content\/uploads\/2018\/12\/Mount-of-Olives-in-Jerusalem-e1669427546714.jpg?fit=980%2C551&ssl=1",980,551,true],"1536x1536":["https:\/\/i0.wp.com\/landioustravel.com\/wp-content\/uploads\/2018\/12\/Mount-of-Olives-in-Jerusalem-e1669427546714.jpg?fit=1536%2C864&ssl=1",1536,864,true],"2048x2048":["https:\/\/i0.wp.com\/landioustravel.com\/wp-content\/uploads\/2018\/12\/Mount-of-Olives-in-Jerusalem-e1669427546714.jpg?fit=1200%2C675&ssl=1",1200,675,true],"newspack-article-block-landscape-large":["https:\/\/i0.wp.com\/landioustravel.com\/wp-content\/uploads\/2018\/12\/Mount-of-Olives-in-Jerusalem-e1669427546714.jpg?resize=1200%2C675&ssl=1",1200,675,true],"newspack-article-block-portrait-large":["https:\/\/i0.wp.com\/landioustravel.com\/wp-content\/uploads\/2018\/12\/Mount-of-Olives-in-Jerusalem-e1669427546714.jpg?resize=900%2C675&ssl=1",900,675,true],"newspack-article-block-square-large":["https:\/\/i0.wp.com\/landioustravel.com\/wp-content\/uploads\/2018\/12\/Mount-of-Olives-in-Jerusalem-e1669427546714.jpg?resize=1200%2C675&ssl=1",1200,675,true],"newspack-article-block-landscape-medium":["https:\/\/i0.wp.com\/landioustravel.com\/wp-content\/uploads\/2018\/12\/Mount-of-Olives-in-Jerusalem-e1669427546714.jpg?resize=800%2C600&ssl=1",800,600,true],"newspack-article-block-portrait-medium":["https:\/\/i0.wp.com\/landioustravel.com\/wp-content\/uploads\/2018\/12\/Mount-of-Olives-in-Jerusalem-e1669427546714.jpg?resize=600%2C675&ssl=1",600,675,true],"newspack-article-block-square-medium":["https:\/\/i0.wp.com\/landioustravel.com\/wp-content\/uploads\/2018\/12\/Mount-of-Olives-in-Jerusalem-e1669427546714.jpg?resize=800%2C675&ssl=1",800,675,true],"newspack-article-block-landscape-intermediate":["https:\/\/i0.wp.com\/landioustravel.com\/wp-content\/uploads\/2018\/12\/Mount-of-Olives-in-Jerusalem-e1669427546714.jpg?resize=600%2C450&ssl=1",600,450,true],"newspack-article-block-portrait-intermediate":["https:\/\/i0.wp.com\/landioustravel.com\/wp-content\/uploads\/2018\/12\/Mount-of-Olives-in-Jerusalem-e1669427546714.jpg?resize=450%2C600&ssl=1",450,600,true],"newspack-article-block-square-intermediate":["https:\/\/i0.wp.com\/landioustravel.com\/wp-content\/uploads\/2018\/12\/Mount-of-Olives-in-Jerusalem-e1669427546714.jpg?resize=600%2C600&ssl=1",600,600,true],"newspack-article-block-landscape-small":["https:\/\/i0.wp.com\/landioustravel.com\/wp-content\/uploads\/2018\/12\/Mount-of-Olives-in-Jerusalem-e1669427546714.jpg?resize=400%2C300&ssl=1",400,300,true],"newspack-article-block-portrait-small":["https:\/\/i0.wp.com\/landioustravel.com\/wp-content\/uploads\/2018\/12\/Mount-of-Olives-in-Jerusalem-e1669427546714.jpg?resize=300%2C400&ssl=1",300,400,true],"newspack-article-block-square-small":["https:\/\/i0.wp.com\/landioustravel.com\/wp-content\/uploads\/2018\/12\/Mount-of-Olives-in-Jerusalem-e1669427546714.jpg?resize=400%2C400&ssl=1",400,400,true],"newspack-article-block-landscape-tiny":["https:\/\/i0.wp.com\/landioustravel.com\/wp-content\/uploads\/2018\/12\/Mount-of-Olives-in-Jerusalem-e1669427546714.jpg?resize=200%2C150&ssl=1",200,150,true],"newspack-article-block-portrait-tiny":["https:\/\/i0.wp.com\/landioustravel.com\/wp-content\/uploads\/2018\/12\/Mount-of-Olives-in-Jerusalem-e1669427546714.jpg?resize=150%2C200&ssl=1",150,200,true],"newspack-article-block-square-tiny":["https:\/\/i0.wp.com\/landioustravel.com\/wp-content\/uploads\/2018\/12\/Mount-of-Olives-in-Jerusalem-e1669427546714.jpg?resize=200%2C200&ssl=1",200,200,true],"newspack-article-block-uncropped":["https:\/\/i0.wp.com\/landioustravel.com\/wp-content\/uploads\/2018\/12\/Mount-of-Olives-in-Jerusalem-e1669427546714.jpg?fit=1200%2C675&ssl=1",1200,675,true],"woocommerce_thumbnail":["https:\/\/i0.wp.com\/landioustravel.com\/wp-content\/uploads\/2018\/12\/Mount-of-Olives-in-Jerusalem-e1669427546714.jpg?resize=324%2C324&ssl=1",324,324,true],"woocommerce_single":["https:\/\/i0.wp.com\/landioustravel.com\/wp-content\/uploads\/2018\/12\/Mount-of-Olives-in-Jerusalem-e1669427546714.jpg?fit=416%2C234&ssl=1",416,234,true],"woocommerce_gallery_thumbnail":["https:\/\/i0.wp.com\/landioustravel.com\/wp-content\/uploads\/2018\/12\/Mount-of-Olives-in-Jerusalem-e1669427546714.jpg?resize=100%2C100&ssl=1",100,100,true]},"uagb_author_info":{"display_name":"Mofreh Landious","author_link":"https:\/\/landioustravel.com\/de\/author\/"},"uagb_comment_info":7,"uagb_excerpt":"Wenn Sie sich entschieden haben, Ihren Urlaub in Sharm El-Sheikh zu verbringen, bieten wir Ihnen die M\u00f6glichkeit, das Heilige Land in Israel zu erleben. Die Jerusalem Over Day Tour gibt Ihnen die M\u00f6glichkeit, in die spirituelle und historische Bedeutung dieses heiligen Ortes einzutauchen. W\u00e4hrend Ihrer Reise besuchen Sie den \u00d6lberg und die Klagemauer und machen&hellip;","jetpack_sharing_enabled":true,"jetpack_likes_enabled":true,"amp_enabled":true,"_links":{"self":[{"href":"https:\/\/landioustravel.com\/de\/wp-json\/wp\/v2\/product\/1240","targetHints":{"allow":["GET"]}}],"collection":[{"href":"https:\/\/landioustravel.com\/de\/wp-json\/wp\/v2\/product"}],"about":[{"href":"https:\/\/landioustravel.com\/de\/wp-json\/wp\/v2\/types\/product"}],"replies":[{"embeddable":true,"href":"https:\/\/landioustravel.com\/de\/wp-json\/wp\/v2\/comments?post=1240"}],"wp:featuredmedia":[{"embeddable":true,"href":"https:\/\/landioustravel.com\/de\/wp-json\/wp\/v2\/media\/99978"}],"wp:attachment":[{"href":"https:\/\/landioustravel.com\/de\/wp-json\/wp\/v2\/media?parent=1240"}],"wp:term":[{"taxonomy":"product_brand","embeddable":true,"href":"https:\/\/landioustravel.com\/de\/wp-json\/wp\/v2\/product_brand?post=1240"},{"taxonomy":"product_cat","embeddable":true,"href":"https:\/\/landioustravel.com\/de\/wp-json\/wp\/v2\/product_cat?post=1240"},{"taxonomy":"product_tag","embeddable":true,"href":"https:\/\/landioustravel.com\/de\/wp-json\/wp\/v2\/product_tag?post=1240"}],"curies":[{"name":"wp","href":"https:\/\/api.w.org\/{rel}","templated":true}]}}