{"id":1242,"date":"2018-12-12T16:16:09","date_gmt":"2019-01-17T10:43:16","guid":{"rendered":"https:\/\/landioustravel.com\/?post_type=product&#038;p=1242"},"modified":"2024-09-29T20:14:32","modified_gmt":"2024-09-29T17:14:32","slug":"ausflug-kletterberg-moses-sharm-sheikh","status":"publish","type":"product","link":"https:\/\/landioustravel.com\/de\/shop\/ausflug-kletterberg-moses-sharm-sheikh\/","title":{"rendered":"Moses Bergtour Sharm El Sheikh"},"content":{"rendered":"<p>Es ist ein sehr spiritueller Ausflug, um den Berg des Propheten Moses aus dem Ferienort <a href=\"https:\/\/landioustravel.com\/de\/sharm-sheikh-stadt\/\">Sharm El-Sheikh<\/a> in <a href=\"https:\/\/landioustravel.com\/de\/agypten\/\">\u00c4gypten<\/a> zu besteigen! Au\u00dferdem k\u00f6nnen Sie das herrliche Kloster der heiligen Katharina besuchen. Wir empfehlen die Reise, da Sie so eine der beeindruckendsten Sehensw\u00fcrdigkeiten der Sinai-Halbinsel sehen k\u00f6nnen &#8211; den Berg Sinai! Die Reise erinnert an den Weg des Propheten Moses vom Delta-Nil zur Sinai-Halbinsel. Insbesondere erinnert es an die Transformation von Jabal Mousa. Es ist zweifellos so, dass der Besuch des Klosters der heiligen Katharina Ihnen mehr spirituelle Kraft verleiht. Au\u00dferdem erhalten Sie Informationen \u00fcber die Geschichte des Christentums in \u00c4gypten. In der Tat, Moses bergtour von Sharm El Sheikh ist es wert! ONLINE-BUCHUNG MOSES BERGTOUR SHARM EL SHEIKH BUCHUNG UND BESTER PREIS!<\/p>\n<p>H\u00f6hepunkte auf Moses Bergtour von Sharm El Sheikh<\/p>\n<ul>\n<li>Den Berg des Propheten Moses besteigen.<\/li>\n<li>Fr\u00fchst\u00fcck.<\/li>\n<li>Besuch des Klosters St. Katharina auf der Sinai-Halbinsel.<\/li>\n<\/ul>\n<h3>Programm der Exkursion zum Berg Moses<\/h3>\n<ul>\n<li>Der Vertreter von <a href=\"https:\/\/landioustravel.com\/de\/kontakte\/\">Landious Travel<\/a> holt Sie gegen 20:00 Uhr von Ihrem Hotel in Sharm El-Sheikh ab.<\/li>\n<li>Nachdem alle abgeholt wurden, f\u00e4hrt der Bus in Richtung des Klosters St. Catherine und f\u00e4hrt mit den K\u00fcstenst\u00e4dten Dahab und Nuweiba. Alle diese St\u00e4dte liegen n\u00f6rdlich von Sharm El Sheikh an der Ostk\u00fcste des Roten Meeres. Der Weg vom Zentrum von Sharm El Sheikh zum Kloster dauert ungef\u00e4hr 3 Stunden.<\/li>\n<\/ul>\n<h4 style=\"text-align: center;\">Programm auf dem Mosesberg<\/h4>\n<ul>\n<li>Wenn Sie im Kloster der heiligen Katharina ankommen, beginnen Sie, den Berg Moses zu besteigen.<\/li>\n<li>Auf dem Weg zum Gipfel des Berges machen Sie zweimal oder \u00f6fter eine Pause.<\/li>\n<li>Wenn Sie die Spitze des Berges Moses erreichen, warten Sie auf den Sonnenaufgang. Im Morgengrauen geht die Sonne wunderbar vor Ihren Augen auf. Mit dem Ende eines solchen Panoramablicks auf die Sinai-Berge steigen Sie zum Kloster der heiligen Katharina ab.<\/li>\n<li>Danach fr\u00fchst\u00fccken Sie.<\/li>\n<\/ul>\n<h5 style=\"text-align: center;\">Programm im Katharinenkloster<\/h5>\n<ul>\n<li>Nach dem Fr\u00fchst\u00fcck beginnt das Programm mit einem Besuch des Klosters St. Katharina. Dementsprechend hat Ihr F\u00fchrer die Aufgabe, alle Hauptschreine des Klosters zu zeigen. Au\u00dferdem gibt er Ihnen Zeit zum Fotografieren.<\/li>\n<li>Dann sehen Sie im Kloster die Reliquien der Heiligen Katharina und den Busch des brennenden Busches. Dann gelangen Sie zum Friedhof und zur Krypta unter der Kapelle des Heiligen Trifonab. Au\u00dferdem sehen Sie die \u00e4ltesten Mosaike, Ikonen und die ber\u00fchmte Sinai-Bibliothek.<\/li>\n<\/ul>\n<h5 style=\"text-align: center;\">Abfahrt nach Sharm El Sheikh<\/h5>\n<ul>\n<li>Sobald der Besuch im Kloster der heiligen Katharina beendet ist, kehren Sie nach Sharm El Sheikh zur\u00fcck.<\/li>\n<li>Die Jabal Mousa Reise von <a href=\"https:\/\/www.google.de\/maps\/place\/Scharm+El-Scheich,+Qesm+Sharm+Ash+Sheikh,+Dschanub+Sina\/@27.9466924,34.2787129,12z\/data=!3m1!4b1!4m5!3m4!1s0x14533bca3624d2e3:0xdd987e9c1945fd9c!8m2!3d27.9654198!4d34.3617769\" target=\"_blank\" rel=\"noopener\">Sharm El Sheikh<\/a> endet gegen 15:00 Uhr am zweiten Tag.<\/li>\n<\/ul>\n<h4>Was beinhaltet Moses Berg \/ Sharm El Sheikh Preise?<\/h4>\n<ul>\n<li>Fr\u00fchst\u00fcck.<\/li>\n<li>F\u00fchren.<\/li>\n<li>Transfer zum Kloster und zur\u00fcck zu Ihrem Hotel.<\/li>\n<\/ul>\n<h5>Was beinhaltet das Moses Bergtour Sharm El Sheikh Programm nicht?<\/h5>\n<ul>\n<li>Zus\u00e4tzliche Ausflugsprogramme, falls nicht im oben genannten Programm enthalten.<\/li>\n<\/ul>\n<h6>Was nehmen Sie f\u00fcr die Reise mit?<\/h6>\n<ul>\n<li>Fr\u00fchst\u00fccksbox.<\/li>\n<li>Reisepass.<\/li>\n<li>Auch Kleidung f\u00fcr die Saison.<\/li>\n<\/ul>\n<h6>Moses Bergtour Sharm El Sheikh Buchungstage<\/h6>\n<ul>\n<li>Sonntags von 20:00 bis 15:00 Uhr am zweiten Tag.<\/li>\n<li>Mittwochs von 20:00 bis 15:00 Uhr am zweiten Tag.<\/li>\n<li>Auch samstags von 20:00 bis 15:00 Uhr am zweiten Tag.<\/li>\n<\/ul>\n","protected":false},"excerpt":{"rendered":"<p>Unsere Welt ist voller einzigartiger Orte und Sehensw\u00fcrdigkeiten, die uns viel Freude und Erfrischung bereiten. Ein solcher Ausflug, der sowohl spirituelle als auch historische Bedeutung hat, ist der \u201eAufstieg zum Berg des Propheten Moses\u201c.<\/p>\n<p>W\u00e4hrend dieser Reise erklimmen Sie den Berg und erleben den spektakul\u00e4ren Sonnenaufgang auf seinem Gipfel, bevor Sie ein herzhaftes Fr\u00fchst\u00fcck genie\u00dfen. Anschlie\u00dfend k\u00f6nnen Sie das wundersch\u00f6ne Katharinenkloster besichtigen.<\/p>\n<p>Der Aufstieg auf den Berg dauert etwa 2-3 Stunden, aber die atemberaubende Aussicht auf den Sonnenaufgang lohnt sich auf jeden Fall. Sobald Sie den Berg hinuntergestiegen sind, k\u00f6nnen Sie das Katharinenkloster erkunden, eines der ber\u00fchmtesten der Welt. Es wurde zwischen 527 und 565 n. Chr. erbaut und ist nach der heiligen Katharina benannt, die f\u00fcr ihren christlichen Glauben den M\u00e4rtyrertod erlitt.<\/p>\n<p>W\u00e4hrend Ihres Besuchs sehen Sie die griechisch-orthodoxe Kirche, die Ikonen der Anbetung und das ber\u00fchmte Mosaik der Verkl\u00e4rung. Das Kloster beherbergt auch die Kapelle des brennenden Dornbuschs, an der angeblich Moses den brennenden Dornbusch gesehen hat. Die unsch\u00e4tzbaren Kunstwerke, Klosterikonen und illuminierten Manuskripte machen dies zu einem unvergesslichen Erlebnis.<\/p>\n<p>Unsere Tour beinhaltet einen qualifizierten \u00c4gyptologenf\u00fchrer, einen lokalen F\u00fchrer w\u00e4hrend Ihres Aufstiegs auf den Berg und einen Hin- und R\u00fccktransport von Ihrem Hotel oder Hafen in Sharm el Sheikh. Wir \u00fcbernehmen auch die Geb\u00fchren f\u00fcr den St. Catherine Nationalpark und den Transport mit dem Fahrzeug.<\/p>\n<p>Wir wissen, wie wichtig es ist, diese bedeutenden historischen und spirituellen St\u00e4tten zu erleben, und wir bem\u00fchen uns, Ihre Reise so angenehm und unvergesslich wie m\u00f6glich zu gestalten. Begleiten Sie uns zu diesem unvergesslichen Erlebnis und lassen Sie sich von uns die Wunder des \u201eAufstiegs zum Berg des Propheten Moses\u201c zeigen.<\/p>\n","protected":false},"featured_media":110004,"comment_status":"open","ping_status":"closed","template":"","meta":{"_coblocks_attr":"","_coblocks_dimensions":"","_coblocks_responsive_height":"","_coblocks_accordion_ie_support":"","_uag_custom_page_level_css":"","jetpack_post_was_ever_published":false,"jetpack_publicize_message":"","jetpack_publicize_feature_enabled":true,"jetpack_social_post_already_shared":true,"jetpack_social_options":{"image_generator_settings":{"template":"highway","default_image_id":0,"font":"","enabled":false},"version":2},"_wpas_customize_per_network":false},"product_brand":[],"product_cat":[1605,1604],"product_tag":[1653,9906,2184,1657],"class_list":{"0":"post-1242","1":"product","2":"type-product","3":"status-publish","4":"has-post-thumbnail","6":"product_cat-historische-ausfluge-sharm-sheikh","7":"product_cat-ausfluge-sharm-sheikh","8":"product_tag-ausflug","9":"product_tag-besichtigung","10":"product_tag-kloster-der-hl-katharina","11":"product_tag-sharm-el-sheikh-de","12":"pa_age-erwachsene","13":"pa_age-kind-1-4-jahre","14":"pa_age-kind-5-11-jahre","16":"first","17":"instock","18":"sale","19":"taxable","20":"shipping-taxable","21":"purchasable","22":"product-type-variable"},"yoast_head":"<!-- This site is optimized with the Yoast SEO Premium plugin v26.9 (Yoast SEO v27.3) - https:\/\/yoast.com\/product\/yoast-seo-premium-wordpress\/ -->\n<title>Moses Bergtour Sharm El Sheikh<\/title>\n<meta name=\"description\" content=\"Moses Bergtour Sharm El Sheikh geht es zum Kloster der Hl. Katharina, wo man den Berg des Propheten Moses besteigen kann, preis\" \/>\n<meta name=\"robots\" content=\"index, follow, max-snippet:-1, max-image-preview:large, max-video-preview:-1\" \/>\n<link rel=\"canonical\" href=\"https:\/\/landioustravel.com\/de\/shop\/ausflug-kletterberg-moses-sharm-sheikh\/\" \/>\n<meta property=\"og:locale\" content=\"de_DE\" \/>\n<meta property=\"og:type\" content=\"article\" \/>\n<meta property=\"og:title\" content=\"Moses Bergtour Sharm El Sheikh\" \/>\n<meta property=\"og:description\" content=\"Landious Travel\" \/>\n<meta property=\"og:url\" content=\"https:\/\/landioustravel.com\/de\/shop\/ausflug-kletterberg-moses-sharm-sheikh\/\" \/>\n<meta property=\"og:site_name\" content=\"Landious Travel\" \/>\n<meta property=\"article:publisher\" content=\"https:\/\/web.facebook.com\/landiousEgypt\" \/>\n<meta property=\"article:modified_time\" content=\"2024-09-29T17:14:32+00:00\" \/>\n<meta property=\"og:image\" content=\"https:\/\/i0.wp.com\/landioustravel.com\/wp-content\/uploads\/2022\/06\/Saint-Katherine-Protectorate.jpg?fit=600%2C450&ssl=1\" \/>\n\t<meta property=\"og:image:width\" content=\"600\" \/>\n\t<meta property=\"og:image:height\" content=\"450\" \/>\n\t<meta property=\"og:image:type\" content=\"image\/jpeg\" \/>\n<meta name=\"twitter:card\" content=\"summary_large_image\" \/>\n<meta name=\"twitter:site\" content=\"@LandiousTours\" \/>\n<meta name=\"twitter:label1\" content=\"Gesch\u00e4tzte Lesezeit\" \/>\n\t<meta name=\"twitter:data1\" content=\"3\u00a0Minuten\" \/>\n<script type=\"application\/ld+json\" class=\"yoast-schema-graph\">{\"@context\":\"https:\\\/\\\/schema.org\",\"@graph\":[{\"@type\":\"WebPage\",\"@id\":\"https:\\\/\\\/landioustravel.com\\\/de\\\/shop\\\/ausflug-kletterberg-moses-sharm-sheikh\\\/\",\"url\":\"https:\\\/\\\/landioustravel.com\\\/de\\\/shop\\\/ausflug-kletterberg-moses-sharm-sheikh\\\/\",\"name\":\"Moses Bergtour Sharm El Sheikh\",\"isPartOf\":{\"@id\":\"https:\\\/\\\/landioustravel.com\\\/de\\\/#website\"},\"primaryImageOfPage\":{\"@id\":\"https:\\\/\\\/landioustravel.com\\\/de\\\/shop\\\/ausflug-kletterberg-moses-sharm-sheikh\\\/#primaryimage\"},\"image\":{\"@id\":\"https:\\\/\\\/landioustravel.com\\\/de\\\/shop\\\/ausflug-kletterberg-moses-sharm-sheikh\\\/#primaryimage\"},\"thumbnailUrl\":\"https:\\\/\\\/i0.wp.com\\\/landioustravel.com\\\/wp-content\\\/uploads\\\/2022\\\/06\\\/Saint-Katherine-Protectorate.jpg?fit=600%2C450&ssl=1\",\"datePublished\":\"2019-01-17T10:43:16+00:00\",\"dateModified\":\"2024-09-29T17:14:32+00:00\",\"description\":\"Moses Bergtour Sharm El Sheikh geht es zum Kloster der Hl. Katharina, wo man den Berg des Propheten Moses besteigen kann, preis\",\"breadcrumb\":{\"@id\":\"https:\\\/\\\/landioustravel.com\\\/de\\\/shop\\\/ausflug-kletterberg-moses-sharm-sheikh\\\/#breadcrumb\"},\"inLanguage\":\"de\",\"potentialAction\":[{\"@type\":\"ReadAction\",\"target\":[\"https:\\\/\\\/landioustravel.com\\\/de\\\/shop\\\/ausflug-kletterberg-moses-sharm-sheikh\\\/\"]}]},{\"@type\":\"ImageObject\",\"inLanguage\":\"de\",\"@id\":\"https:\\\/\\\/landioustravel.com\\\/de\\\/shop\\\/ausflug-kletterberg-moses-sharm-sheikh\\\/#primaryimage\",\"url\":\"https:\\\/\\\/i0.wp.com\\\/landioustravel.com\\\/wp-content\\\/uploads\\\/2022\\\/06\\\/Saint-Katherine-Protectorate.jpg?fit=600%2C450&ssl=1\",\"contentUrl\":\"https:\\\/\\\/i0.wp.com\\\/landioustravel.com\\\/wp-content\\\/uploads\\\/2022\\\/06\\\/Saint-Katherine-Protectorate.jpg?fit=600%2C450&ssl=1\",\"width\":600,\"height\":450,\"caption\":\"Saint Katherine Protectorate\"},{\"@type\":\"BreadcrumbList\",\"@id\":\"https:\\\/\\\/landioustravel.com\\\/de\\\/shop\\\/ausflug-kletterberg-moses-sharm-sheikh\\\/#breadcrumb\",\"itemListElement\":[{\"@type\":\"ListItem\",\"position\":1,\"name\":\"Home\",\"item\":\"https:\\\/\\\/landioustravel.com\\\/de\\\/\"},{\"@type\":\"ListItem\",\"position\":2,\"name\":\"\u00c4gypten Touren\",\"item\":\"https:\\\/\\\/landioustravel.com\\\/de\\\/\"},{\"@type\":\"ListItem\",\"position\":3,\"name\":\"Moses Bergtour Sharm El Sheikh\"}]},{\"@type\":\"WebSite\",\"@id\":\"https:\\\/\\\/landioustravel.com\\\/de\\\/#website\",\"url\":\"https:\\\/\\\/landioustravel.com\\\/de\\\/\",\"name\":\"Landious Travel\",\"description\":\"Excursions, trips and cruises in Egypt\",\"publisher\":{\"@id\":\"https:\\\/\\\/landioustravel.com\\\/de\\\/#organization\"},\"potentialAction\":[{\"@type\":\"SearchAction\",\"target\":{\"@type\":\"EntryPoint\",\"urlTemplate\":\"https:\\\/\\\/landioustravel.com\\\/de\\\/?s={search_term_string}\"},\"query-input\":{\"@type\":\"PropertyValueSpecification\",\"valueRequired\":true,\"valueName\":\"search_term_string\"}}],\"inLanguage\":\"de\"},{\"@type\":[\"Organization\",\"Place\"],\"@id\":\"https:\\\/\\\/landioustravel.com\\\/de\\\/#organization\",\"name\":\"Landious Travel\",\"alternateName\":\"Landious Travel\",\"url\":\"https:\\\/\\\/landioustravel.com\\\/de\\\/\",\"logo\":{\"@id\":\"https:\\\/\\\/landioustravel.com\\\/de\\\/shop\\\/ausflug-kletterberg-moses-sharm-sheikh\\\/#local-main-organization-logo\"},\"image\":{\"@id\":\"https:\\\/\\\/landioustravel.com\\\/de\\\/shop\\\/ausflug-kletterberg-moses-sharm-sheikh\\\/#local-main-organization-logo\"},\"sameAs\":[\"https:\\\/\\\/web.facebook.com\\\/landiousEgypt\",\"https:\\\/\\\/x.com\\\/LandiousTours\",\"https:\\\/\\\/mastodon.social\\\/@landious\"],\"legalName\":\"Landious Travel\",\"telephone\":[],\"openingHoursSpecification\":[{\"@type\":\"OpeningHoursSpecification\",\"dayOfWeek\":[\"Monday\",\"Tuesday\",\"Wednesday\",\"Thursday\",\"Friday\",\"Saturday\",\"Sunday\"],\"opens\":\"09:00\",\"closes\":\"17:00\"}]},{\"@type\":\"ImageObject\",\"inLanguage\":\"de\",\"@id\":\"https:\\\/\\\/landioustravel.com\\\/de\\\/shop\\\/ausflug-kletterberg-moses-sharm-sheikh\\\/#local-main-organization-logo\",\"url\":\"https:\\\/\\\/i0.wp.com\\\/landioustravel.com\\\/wp-content\\\/uploads\\\/2021\\\/06\\\/Landious-T.png?fit=500%2C500&ssl=1\",\"contentUrl\":\"https:\\\/\\\/i0.wp.com\\\/landioustravel.com\\\/wp-content\\\/uploads\\\/2021\\\/06\\\/Landious-T.png?fit=500%2C500&ssl=1\",\"width\":500,\"height\":500,\"caption\":\"Landious Travel\"}]}<\/script>\n<!-- \/ Yoast SEO Premium plugin. -->","yoast_head_json":{"title":"Moses Bergtour Sharm El Sheikh","description":"Moses Bergtour Sharm El Sheikh geht es zum Kloster der Hl. Katharina, wo man den Berg des Propheten Moses besteigen kann, preis","robots":{"index":"index","follow":"follow","max-snippet":"max-snippet:-1","max-image-preview":"max-image-preview:large","max-video-preview":"max-video-preview:-1"},"canonical":"https:\/\/landioustravel.com\/de\/shop\/ausflug-kletterberg-moses-sharm-sheikh\/","og_locale":"de_DE","og_type":"article","og_title":"Moses Bergtour Sharm El Sheikh","og_description":"Landious Travel","og_url":"https:\/\/landioustravel.com\/de\/shop\/ausflug-kletterberg-moses-sharm-sheikh\/","og_site_name":"Landious Travel","article_publisher":"https:\/\/web.facebook.com\/landiousEgypt","article_modified_time":"2024-09-29T17:14:32+00:00","og_image":[{"width":600,"height":450,"url":"https:\/\/i0.wp.com\/landioustravel.com\/wp-content\/uploads\/2022\/06\/Saint-Katherine-Protectorate.jpg?fit=600%2C450&ssl=1","type":"image\/jpeg"}],"twitter_card":"summary_large_image","twitter_site":"@LandiousTours","twitter_misc":{"Gesch\u00e4tzte Lesezeit":"3\u00a0Minuten"},"schema":{"@context":"https:\/\/schema.org","@graph":[{"@type":"WebPage","@id":"https:\/\/landioustravel.com\/de\/shop\/ausflug-kletterberg-moses-sharm-sheikh\/","url":"https:\/\/landioustravel.com\/de\/shop\/ausflug-kletterberg-moses-sharm-sheikh\/","name":"Moses Bergtour Sharm El Sheikh","isPartOf":{"@id":"https:\/\/landioustravel.com\/de\/#website"},"primaryImageOfPage":{"@id":"https:\/\/landioustravel.com\/de\/shop\/ausflug-kletterberg-moses-sharm-sheikh\/#primaryimage"},"image":{"@id":"https:\/\/landioustravel.com\/de\/shop\/ausflug-kletterberg-moses-sharm-sheikh\/#primaryimage"},"thumbnailUrl":"https:\/\/i0.wp.com\/landioustravel.com\/wp-content\/uploads\/2022\/06\/Saint-Katherine-Protectorate.jpg?fit=600%2C450&ssl=1","datePublished":"2019-01-17T10:43:16+00:00","dateModified":"2024-09-29T17:14:32+00:00","description":"Moses Bergtour Sharm El Sheikh geht es zum Kloster der Hl. Katharina, wo man den Berg des Propheten Moses besteigen kann, preis","breadcrumb":{"@id":"https:\/\/landioustravel.com\/de\/shop\/ausflug-kletterberg-moses-sharm-sheikh\/#breadcrumb"},"inLanguage":"de","potentialAction":[{"@type":"ReadAction","target":["https:\/\/landioustravel.com\/de\/shop\/ausflug-kletterberg-moses-sharm-sheikh\/"]}]},{"@type":"ImageObject","inLanguage":"de","@id":"https:\/\/landioustravel.com\/de\/shop\/ausflug-kletterberg-moses-sharm-sheikh\/#primaryimage","url":"https:\/\/i0.wp.com\/landioustravel.com\/wp-content\/uploads\/2022\/06\/Saint-Katherine-Protectorate.jpg?fit=600%2C450&ssl=1","contentUrl":"https:\/\/i0.wp.com\/landioustravel.com\/wp-content\/uploads\/2022\/06\/Saint-Katherine-Protectorate.jpg?fit=600%2C450&ssl=1","width":600,"height":450,"caption":"Saint Katherine Protectorate"},{"@type":"BreadcrumbList","@id":"https:\/\/landioustravel.com\/de\/shop\/ausflug-kletterberg-moses-sharm-sheikh\/#breadcrumb","itemListElement":[{"@type":"ListItem","position":1,"name":"Home","item":"https:\/\/landioustravel.com\/de\/"},{"@type":"ListItem","position":2,"name":"\u00c4gypten Touren","item":"https:\/\/landioustravel.com\/de\/"},{"@type":"ListItem","position":3,"name":"Moses Bergtour Sharm El Sheikh"}]},{"@type":"WebSite","@id":"https:\/\/landioustravel.com\/de\/#website","url":"https:\/\/landioustravel.com\/de\/","name":"Landious Travel","description":"Excursions, trips and cruises in Egypt","publisher":{"@id":"https:\/\/landioustravel.com\/de\/#organization"},"potentialAction":[{"@type":"SearchAction","target":{"@type":"EntryPoint","urlTemplate":"https:\/\/landioustravel.com\/de\/?s={search_term_string}"},"query-input":{"@type":"PropertyValueSpecification","valueRequired":true,"valueName":"search_term_string"}}],"inLanguage":"de"},{"@type":["Organization","Place"],"@id":"https:\/\/landioustravel.com\/de\/#organization","name":"Landious Travel","alternateName":"Landious Travel","url":"https:\/\/landioustravel.com\/de\/","logo":{"@id":"https:\/\/landioustravel.com\/de\/shop\/ausflug-kletterberg-moses-sharm-sheikh\/#local-main-organization-logo"},"image":{"@id":"https:\/\/landioustravel.com\/de\/shop\/ausflug-kletterberg-moses-sharm-sheikh\/#local-main-organization-logo"},"sameAs":["https:\/\/web.facebook.com\/landiousEgypt","https:\/\/x.com\/LandiousTours","https:\/\/mastodon.social\/@landious"],"legalName":"Landious Travel","telephone":[],"openingHoursSpecification":[{"@type":"OpeningHoursSpecification","dayOfWeek":["Monday","Tuesday","Wednesday","Thursday","Friday","Saturday","Sunday"],"opens":"09:00","closes":"17:00"}]},{"@type":"ImageObject","inLanguage":"de","@id":"https:\/\/landioustravel.com\/de\/shop\/ausflug-kletterberg-moses-sharm-sheikh\/#local-main-organization-logo","url":"https:\/\/i0.wp.com\/landioustravel.com\/wp-content\/uploads\/2021\/06\/Landious-T.png?fit=500%2C500&ssl=1","contentUrl":"https:\/\/i0.wp.com\/landioustravel.com\/wp-content\/uploads\/2021\/06\/Landious-T.png?fit=500%2C500&ssl=1","width":500,"height":500,"caption":"Landious Travel"}]}},"jetpack_publicize_connections":[],"uagb_featured_image_src":{"full":["https:\/\/i0.wp.com\/landioustravel.com\/wp-content\/uploads\/2022\/06\/Saint-Katherine-Protectorate.jpg?fit=600%2C450&ssl=1",600,450,false],"thumbnail":["https:\/\/i0.wp.com\/landioustravel.com\/wp-content\/uploads\/2022\/06\/Saint-Katherine-Protectorate.jpg?resize=150%2C150&ssl=1",150,150,true],"medium":["https:\/\/i0.wp.com\/landioustravel.com\/wp-content\/uploads\/2022\/06\/Saint-Katherine-Protectorate.jpg?fit=300%2C225&ssl=1",300,225,true],"medium_large":["https:\/\/i0.wp.com\/landioustravel.com\/wp-content\/uploads\/2022\/06\/Saint-Katherine-Protectorate.jpg?fit=600%2C450&ssl=1",600,450,true],"large":["https:\/\/i0.wp.com\/landioustravel.com\/wp-content\/uploads\/2022\/06\/Saint-Katherine-Protectorate.jpg?fit=600%2C450&ssl=1",600,450,true],"1536x1536":["https:\/\/i0.wp.com\/landioustravel.com\/wp-content\/uploads\/2022\/06\/Saint-Katherine-Protectorate.jpg?fit=600%2C450&ssl=1",600,450,true],"2048x2048":["https:\/\/i0.wp.com\/landioustravel.com\/wp-content\/uploads\/2022\/06\/Saint-Katherine-Protectorate.jpg?fit=600%2C450&ssl=1",600,450,true],"newspack-article-block-landscape-large":["https:\/\/i0.wp.com\/landioustravel.com\/wp-content\/uploads\/2022\/06\/Saint-Katherine-Protectorate.jpg?resize=600%2C450&ssl=1",600,450,true],"newspack-article-block-portrait-large":["https:\/\/i0.wp.com\/landioustravel.com\/wp-content\/uploads\/2022\/06\/Saint-Katherine-Protectorate.jpg?resize=600%2C450&ssl=1",600,450,true],"newspack-article-block-square-large":["https:\/\/i0.wp.com\/landioustravel.com\/wp-content\/uploads\/2022\/06\/Saint-Katherine-Protectorate.jpg?resize=600%2C450&ssl=1",600,450,true],"newspack-article-block-landscape-medium":["https:\/\/i0.wp.com\/landioustravel.com\/wp-content\/uploads\/2022\/06\/Saint-Katherine-Protectorate.jpg?resize=600%2C450&ssl=1",600,450,true],"newspack-article-block-portrait-medium":["https:\/\/i0.wp.com\/landioustravel.com\/wp-content\/uploads\/2022\/06\/Saint-Katherine-Protectorate.jpg?resize=600%2C450&ssl=1",600,450,true],"newspack-article-block-square-medium":["https:\/\/i0.wp.com\/landioustravel.com\/wp-content\/uploads\/2022\/06\/Saint-Katherine-Protectorate.jpg?resize=600%2C450&ssl=1",600,450,true],"newspack-article-block-landscape-intermediate":["https:\/\/i0.wp.com\/landioustravel.com\/wp-content\/uploads\/2022\/06\/Saint-Katherine-Protectorate.jpg?resize=600%2C450&ssl=1",600,450,true],"newspack-article-block-portrait-intermediate":["https:\/\/i0.wp.com\/landioustravel.com\/wp-content\/uploads\/2022\/06\/Saint-Katherine-Protectorate.jpg?resize=450%2C450&ssl=1",450,450,true],"newspack-article-block-square-intermediate":["https:\/\/i0.wp.com\/landioustravel.com\/wp-content\/uploads\/2022\/06\/Saint-Katherine-Protectorate.jpg?resize=600%2C450&ssl=1",600,450,true],"newspack-article-block-landscape-small":["https:\/\/i0.wp.com\/landioustravel.com\/wp-content\/uploads\/2022\/06\/Saint-Katherine-Protectorate.jpg?resize=400%2C300&ssl=1",400,300,true],"newspack-article-block-portrait-small":["https:\/\/i0.wp.com\/landioustravel.com\/wp-content\/uploads\/2022\/06\/Saint-Katherine-Protectorate.jpg?resize=300%2C400&ssl=1",300,400,true],"newspack-article-block-square-small":["https:\/\/i0.wp.com\/landioustravel.com\/wp-content\/uploads\/2022\/06\/Saint-Katherine-Protectorate.jpg?resize=400%2C400&ssl=1",400,400,true],"newspack-article-block-landscape-tiny":["https:\/\/i0.wp.com\/landioustravel.com\/wp-content\/uploads\/2022\/06\/Saint-Katherine-Protectorate.jpg?resize=200%2C150&ssl=1",200,150,true],"newspack-article-block-portrait-tiny":["https:\/\/i0.wp.com\/landioustravel.com\/wp-content\/uploads\/2022\/06\/Saint-Katherine-Protectorate.jpg?resize=150%2C200&ssl=1",150,200,true],"newspack-article-block-square-tiny":["https:\/\/i0.wp.com\/landioustravel.com\/wp-content\/uploads\/2022\/06\/Saint-Katherine-Protectorate.jpg?resize=200%2C200&ssl=1",200,200,true],"newspack-article-block-uncropped":["https:\/\/i0.wp.com\/landioustravel.com\/wp-content\/uploads\/2022\/06\/Saint-Katherine-Protectorate.jpg?fit=600%2C450&ssl=1",600,450,true],"woocommerce_thumbnail":["https:\/\/i0.wp.com\/landioustravel.com\/wp-content\/uploads\/2022\/06\/Saint-Katherine-Protectorate.jpg?resize=324%2C324&ssl=1",324,324,true],"woocommerce_single":["https:\/\/i0.wp.com\/landioustravel.com\/wp-content\/uploads\/2022\/06\/Saint-Katherine-Protectorate.jpg?fit=416%2C312&ssl=1",416,312,true],"woocommerce_gallery_thumbnail":["https:\/\/i0.wp.com\/landioustravel.com\/wp-content\/uploads\/2022\/06\/Saint-Katherine-Protectorate.jpg?resize=100%2C100&ssl=1",100,100,true]},"uagb_author_info":{"display_name":"Mofreh Landious","author_link":"https:\/\/landioustravel.com\/de\/author\/"},"uagb_comment_info":7,"uagb_excerpt":"Unsere Welt ist voller einzigartiger Orte und Sehensw\u00fcrdigkeiten, die uns viel Freude und Erfrischung bereiten. Ein solcher Ausflug, der sowohl spirituelle als auch historische Bedeutung hat, ist der \u201eAufstieg zum Berg des Propheten Moses\u201c. W\u00e4hrend dieser Reise erklimmen Sie den Berg und erleben den spektakul\u00e4ren Sonnenaufgang auf seinem Gipfel, bevor Sie ein herzhaftes Fr\u00fchst\u00fcck genie\u00dfen.&hellip;","jetpack_sharing_enabled":true,"jetpack_likes_enabled":true,"amp_enabled":true,"_links":{"self":[{"href":"https:\/\/landioustravel.com\/de\/wp-json\/wp\/v2\/product\/1242","targetHints":{"allow":["GET"]}}],"collection":[{"href":"https:\/\/landioustravel.com\/de\/wp-json\/wp\/v2\/product"}],"about":[{"href":"https:\/\/landioustravel.com\/de\/wp-json\/wp\/v2\/types\/product"}],"replies":[{"embeddable":true,"href":"https:\/\/landioustravel.com\/de\/wp-json\/wp\/v2\/comments?post=1242"}],"wp:featuredmedia":[{"embeddable":true,"href":"https:\/\/landioustravel.com\/de\/wp-json\/wp\/v2\/media\/110004"}],"wp:attachment":[{"href":"https:\/\/landioustravel.com\/de\/wp-json\/wp\/v2\/media?parent=1242"}],"wp:term":[{"taxonomy":"product_brand","embeddable":true,"href":"https:\/\/landioustravel.com\/de\/wp-json\/wp\/v2\/product_brand?post=1242"},{"taxonomy":"product_cat","embeddable":true,"href":"https:\/\/landioustravel.com\/de\/wp-json\/wp\/v2\/product_cat?post=1242"},{"taxonomy":"product_tag","embeddable":true,"href":"https:\/\/landioustravel.com\/de\/wp-json\/wp\/v2\/product_tag?post=1242"}],"curies":[{"name":"wp","href":"https:\/\/api.w.org\/{rel}","templated":true}]}}