{"id":1248,"date":"2023-04-03T07:37:30","date_gmt":"2023-04-03T05:37:30","guid":{"rendered":"https:\/\/landioustravel.com\/?post_type=product&#038;p=1248"},"modified":"2025-10-21T20:13:30","modified_gmt":"2025-10-21T17:13:30","slug":"angelausflug-in-hurghada","status":"publish","type":"product","link":"https:\/\/landioustravel.com\/de\/shop\/angelausflug-in-hurghada\/","title":{"rendered":"Angelausflug Hurghada"},"content":{"rendered":"<p>Es ist eine interessante Fischerbootfahrt im Roten Meer in <a href=\"https:\/\/landioustravel.com\/de\/hurghada-stadt\/\">Hurghada<\/a>, <a href=\"https:\/\/landioustravel.com\/de\/agypten\/\">\u00c4gypten<\/a>! Wir empfehlen die Reise, da hier Touristen im Meer angeln k\u00f6nnen. Besuchen Sie auch die wundersch\u00f6nen Korallenriffe und eine Vielzahl von Fischen und genie\u00dfen Sie ein Meerespicknick durch das Rote Meer. In der Tat ist es einer der existierendsten Hurghada-Ausfl\u00fcge! ONLINE BUCHUNG ANGELAUSFLUG HURGHADA\u00a0 UND BESTER PREIS!<\/p>\n<h2>H\u00f6hepunkte der Angeltour in Hurghada<\/h2>\n<ul>\n<li>Angeln im offenen Meer.<\/li>\n<li>Schnorcheln mit Masken und Flossen.<\/li>\n<li>Auch Mittagessen auf dem Boot.<\/li>\n<\/ul>\n<h3>Programm des Fischfangabenteuers<\/h3>\n<ul>\n<li><a href=\"https:\/\/landioustravel.com\/de\/kontakte\/\">Landious Travel<\/a> holt Sie gegen 08:00 Uhr von Ihrem Hotel in Hurghada ab.<\/li>\n<li>Nachdem alle Ank\u00f6mmlinge abgeholt wurden, f\u00e4hrt der Bus zum Hafen. Der Weg zum Hafen dauert ca. 20 Minuten.<\/li>\n<li>Sie finden Ihr Boot im Hafen. Es ist gro\u00df und schick! Dieses Boot besteht aus zwei Etagen. Sobald Sie ins Boot steigen, m\u00fcssen Sie Ihre Schuhe ausziehen und sich auf das Trolling-Angeln vorbereiten. Das Fangen eines Fisches durch Trolling findet statt, w\u00e4hrend das Boot auf dem Meer segelt. Aus diesem Grund stellen wir zwei Trolling-Ruten auf der R\u00fcckseite des Bootes zur Verf\u00fcgung.<\/li>\n<li>Das Boot f\u00e4hrt weiter durch das Rote Meer, sobald sich die Gruppe versammelt. Dann wird es irgendwo auf offener See anhalten, damit Sie direkt von seinem Brett aus fischen k\u00f6nnen. Bis dahin kann jeder angeln gehen.<\/li>\n<li>Als n\u00e4chstes machen Sie einen Zwischenstopp an einem anderen Ort, wo Sie mit Masken und Flossen schwimmen.<\/li>\n<li>Nach diesem Stopp versammelt sich die Gruppe im ersten Stock zum Mittagessen. Zur Mittagszeit ist das Buffet ge\u00f6ffnet.<\/li>\n<li>Sp\u00e4ter werden Sie versuchen, woanders Fische zu fangen.<\/li>\n<li>Schlie\u00dflich begleiten wir Sie nach einem so aufregenden Angelerlebnis im Roten Meer zur\u00fcck zu Ihren Hotels.<\/li>\n<li>Diese Angeltour in <a href=\"https:\/\/www.google.de\/maps\/place\/Hurghada,+Al-Bahr+al-ahmar\/@27.1928369,33.5015083,10z\/data=!3m1!4b1!4m5!3m4!1s0x145287b2cd3dbbb3:0x2db807f98bd3c360!8m2!3d27.2578957!4d33.8116067\" target=\"_blank\" rel=\"noopener\">Hurghada<\/a> endet gegen 16:30 Uhr.<\/li>\n<\/ul>\n<h4>Was beinhaltet der Preis f\u00fcr einen Hurghada-Angelausflug?<\/h4>\n<ul>\n<li>Angelausr\u00fcstung.<\/li>\n<li>Schnorchelausr\u00fcstung.<\/li>\n<li>Essen.<\/li>\n<li>Transfer zum Hafen und zur\u00fcck zum Hotel.<\/li>\n<\/ul>\n<h5>Was beinhaltet das Programm f\u00fcr Angeltouren in Hurghada nicht?<\/h5>\n<ul>\n<li>Video DVD.<\/li>\n<li>Auch die Foto-CD.<\/li>\n<\/ul>\n<h6>Was Sie f\u00fcr die Reise mitnehmen sollten<\/h6>\n<ul>\n<li>Handtuch.<\/li>\n<li>Auch Sonnenschutz.<\/li>\n<\/ul>\n<h6>Angeltour Hurghada Buchungstage<\/h6>\n<ul>\n<li>Dienstags von 08:00 bis 17:00 Uhr.<\/li>\n<\/ul>\n<p>Auch freitags von 08:00 bis 17:00 Uhr.<\/p>\n<h3>Dienstleistungen w\u00e4hrend der Angeltour in Hurghada pr\u00e4sentiert<\/h3>\n<ul>\n<li>Transport: Landious Travel verwendet klimatisierte Limousinen\/Kleinbusse als Transportmittel. Ein professioneller Fahrer begleitet Sie zum Hafen und zur\u00fcck zu Ihren Hotels.<\/li>\n<li>F\u00fchrung: Ein professioneller englischer Reiseleiter holt Sie von Ihren Hotels ab und begleitet Sie zum Hafen.<\/li>\n<li>Bootsausstattung: Unsere Boote sind neue dreist\u00f6ckige. Diese Boote haben einen Speisesaal, einen Wasserk\u00e4lter, eine K\u00fcche und zwei Toiletten. Au\u00dferdem statten wir sie im ersten Stock mit Schwimmwesten, Schnorchelausr\u00fcstung und zwei Trolling-Rollen aus. W\u00e4hrenddessen verf\u00fcgt der Sonnendeckboden \u00fcber bequeme Sonnenliegen und ein Zelt.<\/li>\n<li>Team und so: Sie haben eine freundliche und professionelle Crew auf dem Boot. Unsere Instruktoren und Trainer werden Sie w\u00e4hrend der Reise begleiten.<\/li>\n<li>Essen: Wir pr\u00e4sentieren ein hochwertiges Mittagessen auf dem Boot mit verschiedenen Gerichten.<\/li>\n<\/ul>\n","protected":false},"excerpt":{"rendered":"<p>Erleben Sie mit uns ein unvergessliches Angelerlebnis im Roten Meer und kochen Sie Ihren Fang direkt vor Ort. Der Nervenkitzel des Fangs wird nur durch den k\u00f6stlichen Geschmack Ihrer frisch zubereiteten Mahlzeit \u00fcbertroffen. Unser Boot ankert im offenen Meer, wo Sie verschiedene Fische fangen k\u00f6nnen. Anschlie\u00dfend haben Sie die M\u00f6glichkeit, Ihren Fang zum Mittagessen in der Bootsk\u00fcche zuzubereiten und zu genie\u00dfen. Zum kr\u00f6nenden Abschluss des Ausflugs k\u00f6nnen Sie mit Taucherbrille und Schwimmflossen ein erfrischendes Bad im offenen Meer nehmen. Im Reisepreis ist alles enthalten, was Sie brauchen, einschlie\u00dflich Transfers, Angelausr\u00fcstung und Mittagessen.<\/p>\n","protected":false},"featured_media":100246,"comment_status":"open","ping_status":"closed","template":"","meta":{"_coblocks_attr":"","_coblocks_dimensions":"","_coblocks_responsive_height":"","_coblocks_accordion_ie_support":"","_uag_custom_page_level_css":"","jetpack_publicize_message":"","jetpack_publicize_feature_enabled":true,"jetpack_social_post_already_shared":true,"jetpack_social_options":{"image_generator_settings":{"template":"highway","default_image_id":0,"font":"","enabled":false},"version":2},"_wpas_customize_per_network":false},"product_brand":[],"product_cat":[22096,22083,1597,22097,1603],"product_tag":[2168,1653,1774,1777,2097,1778],"class_list":{"0":"post-1248","1":"product","2":"type-product","3":"status-publish","4":"has-post-thumbnail","6":"product_cat-budgetfreundliche-hurghada-ausfluege","7":"product_cat-hurghada-angelausfluege","8":"product_cat-ausfluge-hurghada","9":"product_cat-hurghada-familienausfluege","10":"product_cat-seereisen-hurghada","11":"product_tag-das-fischen","12":"product_tag-ausflug","13":"product_tag-hurghada-de","14":"product_tag-meer","15":"product_tag-meeresausfluge-in-hurghada","16":"product_tag-schnorcheln","17":"pa_age-erwachsene","18":"pa_age-kind","20":"first","21":"instock","22":"sale","23":"purchasable","24":"product-type-variable"},"yoast_head":"<!-- This site is optimized with the Yoast SEO Premium plugin v27.5 (Yoast SEO v27.5) - https:\/\/yoast.com\/product\/yoast-seo-premium-wordpress\/ -->\n<title>Angelausflug Hurghada - Buchen - Landious Travel<\/title>\n<meta name=\"description\" content=\"Angelausflug Hurghada erm\u00f6glicht es, Fische von einer Yacht im Roten Meer zu fangen. Zum Programm geh\u00f6ren auch Schwimmen, preis\" \/>\n<meta name=\"robots\" content=\"index, follow, max-snippet:-1, max-image-preview:large, max-video-preview:-1\" \/>\n<link rel=\"canonical\" href=\"https:\/\/landioustravel.com\/de\/shop\/angelausflug-in-hurghada\/\" \/>\n<meta property=\"og:locale\" content=\"de_DE\" \/>\n<meta property=\"og:type\" content=\"article\" \/>\n<meta property=\"og:title\" content=\"Angelausflug Hurghada\" \/>\n<meta property=\"og:description\" content=\"Landious Travel\" \/>\n<meta property=\"og:url\" content=\"https:\/\/landioustravel.com\/de\/shop\/angelausflug-in-hurghada\/\" \/>\n<meta property=\"og:site_name\" content=\"Landious Travel\" \/>\n<meta property=\"article:publisher\" content=\"https:\/\/web.facebook.com\/landiousEgypt\" \/>\n<meta property=\"article:modified_time\" content=\"2025-10-21T17:13:30+00:00\" \/>\n<meta property=\"og:image\" content=\"https:\/\/i0.wp.com\/landioustravel.com\/wp-content\/uploads\/2018\/12\/Fishing-Trip-Hurghada-e1669479757911.jpg?fit=1200%2C675&ssl=1\" \/>\n\t<meta property=\"og:image:width\" content=\"1200\" \/>\n\t<meta property=\"og:image:height\" content=\"675\" \/>\n\t<meta property=\"og:image:type\" content=\"image\/jpeg\" \/>\n<meta name=\"twitter:card\" content=\"summary_large_image\" \/>\n<meta name=\"twitter:site\" content=\"@LandiousTours\" \/>\n<meta name=\"twitter:label1\" content=\"Gesch\u00e4tzte Lesezeit\" \/>\n\t<meta name=\"twitter:data1\" content=\"2\u00a0Minuten\" \/>\n<script type=\"application\/ld+json\" class=\"yoast-schema-graph\">{\"@context\":\"https:\\\/\\\/schema.org\",\"@graph\":[{\"@type\":\"WebPage\",\"@id\":\"https:\\\/\\\/landioustravel.com\\\/de\\\/shop\\\/angelausflug-in-hurghada\\\/\",\"url\":\"https:\\\/\\\/landioustravel.com\\\/de\\\/shop\\\/angelausflug-in-hurghada\\\/\",\"name\":\"Angelausflug Hurghada - Buchen - Landious Travel\",\"isPartOf\":{\"@id\":\"https:\\\/\\\/landioustravel.com\\\/de\\\/#website\"},\"primaryImageOfPage\":{\"@id\":\"https:\\\/\\\/landioustravel.com\\\/de\\\/shop\\\/angelausflug-in-hurghada\\\/#primaryimage\"},\"image\":{\"@id\":\"https:\\\/\\\/landioustravel.com\\\/de\\\/shop\\\/angelausflug-in-hurghada\\\/#primaryimage\"},\"thumbnailUrl\":\"https:\\\/\\\/i0.wp.com\\\/landioustravel.com\\\/wp-content\\\/uploads\\\/2018\\\/12\\\/Fishing-Trip-Hurghada-e1669479757911.jpg?fit=1200%2C675&ssl=1\",\"datePublished\":\"2023-04-03T05:37:30+00:00\",\"dateModified\":\"2025-10-21T17:13:30+00:00\",\"description\":\"Angelausflug Hurghada erm\u00f6glicht es, Fische von einer Yacht im Roten Meer zu fangen. Zum Programm geh\u00f6ren auch Schwimmen, preis\",\"breadcrumb\":{\"@id\":\"https:\\\/\\\/landioustravel.com\\\/de\\\/shop\\\/angelausflug-in-hurghada\\\/#breadcrumb\"},\"inLanguage\":\"de\",\"potentialAction\":[{\"@type\":\"ReadAction\",\"target\":[\"https:\\\/\\\/landioustravel.com\\\/de\\\/shop\\\/angelausflug-in-hurghada\\\/\"]}]},{\"@type\":\"ImageObject\",\"inLanguage\":\"de\",\"@id\":\"https:\\\/\\\/landioustravel.com\\\/de\\\/shop\\\/angelausflug-in-hurghada\\\/#primaryimage\",\"url\":\"https:\\\/\\\/i0.wp.com\\\/landioustravel.com\\\/wp-content\\\/uploads\\\/2018\\\/12\\\/Fishing-Trip-Hurghada-e1669479757911.jpg?fit=1200%2C675&ssl=1\",\"contentUrl\":\"https:\\\/\\\/i0.wp.com\\\/landioustravel.com\\\/wp-content\\\/uploads\\\/2018\\\/12\\\/Fishing-Trip-Hurghada-e1669479757911.jpg?fit=1200%2C675&ssl=1\",\"width\":1200,\"height\":675,\"caption\":\"Fishing Trip Hurghada\"},{\"@type\":\"BreadcrumbList\",\"@id\":\"https:\\\/\\\/landioustravel.com\\\/de\\\/shop\\\/angelausflug-in-hurghada\\\/#breadcrumb\",\"itemListElement\":[{\"@type\":\"ListItem\",\"position\":1,\"name\":\"Home\",\"item\":\"https:\\\/\\\/landioustravel.com\\\/de\\\/\"},{\"@type\":\"ListItem\",\"position\":2,\"name\":\"\u00c4gypten Touren\",\"item\":\"https:\\\/\\\/landioustravel.com\\\/de\\\/\"},{\"@type\":\"ListItem\",\"position\":3,\"name\":\"Angelausflug Hurghada\"}]},{\"@type\":\"WebSite\",\"@id\":\"https:\\\/\\\/landioustravel.com\\\/de\\\/#website\",\"url\":\"https:\\\/\\\/landioustravel.com\\\/de\\\/\",\"name\":\"Landious Travel\",\"description\":\"Excursions, trips and cruises in Egypt\",\"publisher\":{\"@id\":\"https:\\\/\\\/landioustravel.com\\\/de\\\/#organization\"},\"potentialAction\":[{\"@type\":\"SearchAction\",\"target\":{\"@type\":\"EntryPoint\",\"urlTemplate\":\"https:\\\/\\\/landioustravel.com\\\/de\\\/?s={search_term_string}\"},\"query-input\":{\"@type\":\"PropertyValueSpecification\",\"valueRequired\":true,\"valueName\":\"search_term_string\"}}],\"inLanguage\":\"de\"},{\"@type\":[\"Organization\",\"Place\"],\"@id\":\"https:\\\/\\\/landioustravel.com\\\/de\\\/#organization\",\"name\":\"Landious Travel\",\"alternateName\":\"Landious Travel\",\"url\":\"https:\\\/\\\/landioustravel.com\\\/de\\\/\",\"logo\":{\"@id\":\"https:\\\/\\\/landioustravel.com\\\/de\\\/shop\\\/angelausflug-in-hurghada\\\/#local-main-organization-logo\"},\"image\":{\"@id\":\"https:\\\/\\\/landioustravel.com\\\/de\\\/shop\\\/angelausflug-in-hurghada\\\/#local-main-organization-logo\"},\"sameAs\":[\"https:\\\/\\\/web.facebook.com\\\/landiousEgypt\",\"https:\\\/\\\/x.com\\\/LandiousTours\",\"https:\\\/\\\/mastodon.social\\\/@landious\"],\"legalName\":\"Landious Travel\",\"telephone\":[],\"openingHoursSpecification\":[{\"@type\":\"OpeningHoursSpecification\",\"dayOfWeek\":[\"Monday\",\"Tuesday\",\"Wednesday\",\"Thursday\",\"Friday\",\"Saturday\",\"Sunday\"],\"opens\":\"09:00\",\"closes\":\"17:00\"}]},{\"@type\":\"ImageObject\",\"inLanguage\":\"de\",\"@id\":\"https:\\\/\\\/landioustravel.com\\\/de\\\/shop\\\/angelausflug-in-hurghada\\\/#local-main-organization-logo\",\"url\":\"https:\\\/\\\/i0.wp.com\\\/landioustravel.com\\\/wp-content\\\/uploads\\\/2021\\\/06\\\/Landious-T.png?fit=500%2C500&ssl=1\",\"contentUrl\":\"https:\\\/\\\/i0.wp.com\\\/landioustravel.com\\\/wp-content\\\/uploads\\\/2021\\\/06\\\/Landious-T.png?fit=500%2C500&ssl=1\",\"width\":500,\"height\":500,\"caption\":\"Landious Travel\"}]}<\/script>\n<!-- \/ Yoast SEO Premium plugin. -->","yoast_head_json":{"title":"Angelausflug Hurghada - Buchen - Landious Travel","description":"Angelausflug Hurghada erm\u00f6glicht es, Fische von einer Yacht im Roten Meer zu fangen. Zum Programm geh\u00f6ren auch Schwimmen, preis","robots":{"index":"index","follow":"follow","max-snippet":"max-snippet:-1","max-image-preview":"max-image-preview:large","max-video-preview":"max-video-preview:-1"},"canonical":"https:\/\/landioustravel.com\/de\/shop\/angelausflug-in-hurghada\/","og_locale":"de_DE","og_type":"article","og_title":"Angelausflug Hurghada","og_description":"Landious Travel","og_url":"https:\/\/landioustravel.com\/de\/shop\/angelausflug-in-hurghada\/","og_site_name":"Landious Travel","article_publisher":"https:\/\/web.facebook.com\/landiousEgypt","article_modified_time":"2025-10-21T17:13:30+00:00","og_image":[{"width":1200,"height":675,"url":"https:\/\/i0.wp.com\/landioustravel.com\/wp-content\/uploads\/2018\/12\/Fishing-Trip-Hurghada-e1669479757911.jpg?fit=1200%2C675&ssl=1","type":"image\/jpeg"}],"twitter_card":"summary_large_image","twitter_site":"@LandiousTours","twitter_misc":{"Gesch\u00e4tzte Lesezeit":"2\u00a0Minuten"},"schema":{"@context":"https:\/\/schema.org","@graph":[{"@type":"WebPage","@id":"https:\/\/landioustravel.com\/de\/shop\/angelausflug-in-hurghada\/","url":"https:\/\/landioustravel.com\/de\/shop\/angelausflug-in-hurghada\/","name":"Angelausflug Hurghada - Buchen - Landious Travel","isPartOf":{"@id":"https:\/\/landioustravel.com\/de\/#website"},"primaryImageOfPage":{"@id":"https:\/\/landioustravel.com\/de\/shop\/angelausflug-in-hurghada\/#primaryimage"},"image":{"@id":"https:\/\/landioustravel.com\/de\/shop\/angelausflug-in-hurghada\/#primaryimage"},"thumbnailUrl":"https:\/\/i0.wp.com\/landioustravel.com\/wp-content\/uploads\/2018\/12\/Fishing-Trip-Hurghada-e1669479757911.jpg?fit=1200%2C675&ssl=1","datePublished":"2023-04-03T05:37:30+00:00","dateModified":"2025-10-21T17:13:30+00:00","description":"Angelausflug Hurghada erm\u00f6glicht es, Fische von einer Yacht im Roten Meer zu fangen. Zum Programm geh\u00f6ren auch Schwimmen, preis","breadcrumb":{"@id":"https:\/\/landioustravel.com\/de\/shop\/angelausflug-in-hurghada\/#breadcrumb"},"inLanguage":"de","potentialAction":[{"@type":"ReadAction","target":["https:\/\/landioustravel.com\/de\/shop\/angelausflug-in-hurghada\/"]}]},{"@type":"ImageObject","inLanguage":"de","@id":"https:\/\/landioustravel.com\/de\/shop\/angelausflug-in-hurghada\/#primaryimage","url":"https:\/\/i0.wp.com\/landioustravel.com\/wp-content\/uploads\/2018\/12\/Fishing-Trip-Hurghada-e1669479757911.jpg?fit=1200%2C675&ssl=1","contentUrl":"https:\/\/i0.wp.com\/landioustravel.com\/wp-content\/uploads\/2018\/12\/Fishing-Trip-Hurghada-e1669479757911.jpg?fit=1200%2C675&ssl=1","width":1200,"height":675,"caption":"Fishing Trip Hurghada"},{"@type":"BreadcrumbList","@id":"https:\/\/landioustravel.com\/de\/shop\/angelausflug-in-hurghada\/#breadcrumb","itemListElement":[{"@type":"ListItem","position":1,"name":"Home","item":"https:\/\/landioustravel.com\/de\/"},{"@type":"ListItem","position":2,"name":"\u00c4gypten Touren","item":"https:\/\/landioustravel.com\/de\/"},{"@type":"ListItem","position":3,"name":"Angelausflug Hurghada"}]},{"@type":"WebSite","@id":"https:\/\/landioustravel.com\/de\/#website","url":"https:\/\/landioustravel.com\/de\/","name":"Landious Travel","description":"Excursions, trips and cruises in Egypt","publisher":{"@id":"https:\/\/landioustravel.com\/de\/#organization"},"potentialAction":[{"@type":"SearchAction","target":{"@type":"EntryPoint","urlTemplate":"https:\/\/landioustravel.com\/de\/?s={search_term_string}"},"query-input":{"@type":"PropertyValueSpecification","valueRequired":true,"valueName":"search_term_string"}}],"inLanguage":"de"},{"@type":["Organization","Place"],"@id":"https:\/\/landioustravel.com\/de\/#organization","name":"Landious Travel","alternateName":"Landious Travel","url":"https:\/\/landioustravel.com\/de\/","logo":{"@id":"https:\/\/landioustravel.com\/de\/shop\/angelausflug-in-hurghada\/#local-main-organization-logo"},"image":{"@id":"https:\/\/landioustravel.com\/de\/shop\/angelausflug-in-hurghada\/#local-main-organization-logo"},"sameAs":["https:\/\/web.facebook.com\/landiousEgypt","https:\/\/x.com\/LandiousTours","https:\/\/mastodon.social\/@landious"],"legalName":"Landious Travel","telephone":[],"openingHoursSpecification":[{"@type":"OpeningHoursSpecification","dayOfWeek":["Monday","Tuesday","Wednesday","Thursday","Friday","Saturday","Sunday"],"opens":"09:00","closes":"17:00"}]},{"@type":"ImageObject","inLanguage":"de","@id":"https:\/\/landioustravel.com\/de\/shop\/angelausflug-in-hurghada\/#local-main-organization-logo","url":"https:\/\/i0.wp.com\/landioustravel.com\/wp-content\/uploads\/2021\/06\/Landious-T.png?fit=500%2C500&ssl=1","contentUrl":"https:\/\/i0.wp.com\/landioustravel.com\/wp-content\/uploads\/2021\/06\/Landious-T.png?fit=500%2C500&ssl=1","width":500,"height":500,"caption":"Landious Travel"}]}},"jetpack_publicize_connections":[],"uagb_featured_image_src":{"full":["https:\/\/i0.wp.com\/landioustravel.com\/wp-content\/uploads\/2018\/12\/Fishing-Trip-Hurghada-e1669479757911.jpg?fit=1200%2C675&ssl=1",1200,675,false],"thumbnail":["https:\/\/i0.wp.com\/landioustravel.com\/wp-content\/uploads\/2018\/12\/Fishing-Trip-Hurghada-e1669479757911.jpg?resize=150%2C150&ssl=1",150,150,true],"medium":["https:\/\/i0.wp.com\/landioustravel.com\/wp-content\/uploads\/2018\/12\/Fishing-Trip-Hurghada-e1669479757911.jpg?fit=300%2C169&ssl=1",300,169,true],"medium_large":["https:\/\/i0.wp.com\/landioustravel.com\/wp-content\/uploads\/2018\/12\/Fishing-Trip-Hurghada-e1669479757911.jpg?fit=768%2C432&ssl=1",768,432,true],"large":["https:\/\/i0.wp.com\/landioustravel.com\/wp-content\/uploads\/2018\/12\/Fishing-Trip-Hurghada-e1669479757911.jpg?fit=980%2C551&ssl=1",980,551,true],"1536x1536":["https:\/\/i0.wp.com\/landioustravel.com\/wp-content\/uploads\/2018\/12\/Fishing-Trip-Hurghada-e1669479757911.jpg?fit=1200%2C675&ssl=1",1200,675,true],"2048x2048":["https:\/\/i0.wp.com\/landioustravel.com\/wp-content\/uploads\/2018\/12\/Fishing-Trip-Hurghada-e1669479757911.jpg?fit=1200%2C675&ssl=1",1200,675,true],"newspack-article-block-landscape-large":["https:\/\/i0.wp.com\/landioustravel.com\/wp-content\/uploads\/2018\/12\/Fishing-Trip-Hurghada-e1669479757911.jpg?resize=1200%2C675&ssl=1",1200,675,true],"newspack-article-block-portrait-large":["https:\/\/i0.wp.com\/landioustravel.com\/wp-content\/uploads\/2018\/12\/Fishing-Trip-Hurghada-e1669479757911.jpg?resize=900%2C675&ssl=1",900,675,true],"newspack-article-block-square-large":["https:\/\/i0.wp.com\/landioustravel.com\/wp-content\/uploads\/2018\/12\/Fishing-Trip-Hurghada-e1669479757911.jpg?resize=1200%2C675&ssl=1",1200,675,true],"newspack-article-block-landscape-medium":["https:\/\/i0.wp.com\/landioustravel.com\/wp-content\/uploads\/2018\/12\/Fishing-Trip-Hurghada-e1669479757911.jpg?resize=800%2C600&ssl=1",800,600,true],"newspack-article-block-portrait-medium":["https:\/\/i0.wp.com\/landioustravel.com\/wp-content\/uploads\/2018\/12\/Fishing-Trip-Hurghada-e1669479757911.jpg?resize=600%2C675&ssl=1",600,675,true],"newspack-article-block-square-medium":["https:\/\/i0.wp.com\/landioustravel.com\/wp-content\/uploads\/2018\/12\/Fishing-Trip-Hurghada-e1669479757911.jpg?resize=800%2C675&ssl=1",800,675,true],"newspack-article-block-landscape-intermediate":["https:\/\/i0.wp.com\/landioustravel.com\/wp-content\/uploads\/2018\/12\/Fishing-Trip-Hurghada-e1669479757911.jpg?resize=600%2C450&ssl=1",600,450,true],"newspack-article-block-portrait-intermediate":["https:\/\/i0.wp.com\/landioustravel.com\/wp-content\/uploads\/2018\/12\/Fishing-Trip-Hurghada-e1669479757911.jpg?resize=450%2C600&ssl=1",450,600,true],"newspack-article-block-square-intermediate":["https:\/\/i0.wp.com\/landioustravel.com\/wp-content\/uploads\/2018\/12\/Fishing-Trip-Hurghada-e1669479757911.jpg?resize=600%2C600&ssl=1",600,600,true],"newspack-article-block-landscape-small":["https:\/\/i0.wp.com\/landioustravel.com\/wp-content\/uploads\/2018\/12\/Fishing-Trip-Hurghada-e1669479757911.jpg?resize=400%2C300&ssl=1",400,300,true],"newspack-article-block-portrait-small":["https:\/\/i0.wp.com\/landioustravel.com\/wp-content\/uploads\/2018\/12\/Fishing-Trip-Hurghada-e1669479757911.jpg?resize=300%2C400&ssl=1",300,400,true],"newspack-article-block-square-small":["https:\/\/i0.wp.com\/landioustravel.com\/wp-content\/uploads\/2018\/12\/Fishing-Trip-Hurghada-e1669479757911.jpg?resize=400%2C400&ssl=1",400,400,true],"newspack-article-block-landscape-tiny":["https:\/\/i0.wp.com\/landioustravel.com\/wp-content\/uploads\/2018\/12\/Fishing-Trip-Hurghada-e1669479757911.jpg?resize=200%2C150&ssl=1",200,150,true],"newspack-article-block-portrait-tiny":["https:\/\/i0.wp.com\/landioustravel.com\/wp-content\/uploads\/2018\/12\/Fishing-Trip-Hurghada-e1669479757911.jpg?resize=150%2C200&ssl=1",150,200,true],"newspack-article-block-square-tiny":["https:\/\/i0.wp.com\/landioustravel.com\/wp-content\/uploads\/2018\/12\/Fishing-Trip-Hurghada-e1669479757911.jpg?resize=200%2C200&ssl=1",200,200,true],"newspack-article-block-uncropped":["https:\/\/i0.wp.com\/landioustravel.com\/wp-content\/uploads\/2018\/12\/Fishing-Trip-Hurghada-e1669479757911.jpg?fit=1200%2C675&ssl=1",1200,675,true],"woocommerce_thumbnail":["https:\/\/i0.wp.com\/landioustravel.com\/wp-content\/uploads\/2018\/12\/Fishing-Trip-Hurghada-e1669479757911.jpg?resize=324%2C324&ssl=1",324,324,true],"woocommerce_single":["https:\/\/i0.wp.com\/landioustravel.com\/wp-content\/uploads\/2018\/12\/Fishing-Trip-Hurghada-e1669479757911.jpg?fit=416%2C234&ssl=1",416,234,true],"woocommerce_gallery_thumbnail":["https:\/\/i0.wp.com\/landioustravel.com\/wp-content\/uploads\/2018\/12\/Fishing-Trip-Hurghada-e1669479757911.jpg?resize=100%2C100&ssl=1",100,100,true]},"uagb_author_info":{"display_name":"Mofreh Landious","author_link":"https:\/\/landioustravel.com\/de\/author\/"},"uagb_comment_info":3,"uagb_excerpt":"Erleben Sie mit uns ein unvergessliches Angelerlebnis im Roten Meer und kochen Sie Ihren Fang direkt vor Ort. Der Nervenkitzel des Fangs wird nur durch den k\u00f6stlichen Geschmack Ihrer frisch zubereiteten Mahlzeit \u00fcbertroffen. Unser Boot ankert im offenen Meer, wo Sie verschiedene Fische fangen k\u00f6nnen. Anschlie\u00dfend haben Sie die M\u00f6glichkeit, Ihren Fang zum Mittagessen in&hellip;","jetpack_sharing_enabled":true,"jetpack_likes_enabled":true,"amp_enabled":true,"_links":{"self":[{"href":"https:\/\/landioustravel.com\/de\/wp-json\/wp\/v2\/product\/1248","targetHints":{"allow":["GET"]}}],"collection":[{"href":"https:\/\/landioustravel.com\/de\/wp-json\/wp\/v2\/product"}],"about":[{"href":"https:\/\/landioustravel.com\/de\/wp-json\/wp\/v2\/types\/product"}],"replies":[{"embeddable":true,"href":"https:\/\/landioustravel.com\/de\/wp-json\/wp\/v2\/comments?post=1248"}],"wp:featuredmedia":[{"embeddable":true,"href":"https:\/\/landioustravel.com\/de\/wp-json\/wp\/v2\/media\/100246"}],"wp:attachment":[{"href":"https:\/\/landioustravel.com\/de\/wp-json\/wp\/v2\/media?parent=1248"}],"wp:term":[{"taxonomy":"product_brand","embeddable":true,"href":"https:\/\/landioustravel.com\/de\/wp-json\/wp\/v2\/product_brand?post=1248"},{"taxonomy":"product_cat","embeddable":true,"href":"https:\/\/landioustravel.com\/de\/wp-json\/wp\/v2\/product_cat?post=1248"},{"taxonomy":"product_tag","embeddable":true,"href":"https:\/\/landioustravel.com\/de\/wp-json\/wp\/v2\/product_tag?post=1248"}],"curies":[{"name":"wp","href":"https:\/\/api.w.org\/{rel}","templated":true}]}}