{"id":1252,"date":"2018-12-09T08:05:36","date_gmt":"2019-01-17T21:07:22","guid":{"rendered":"https:\/\/landioustravel.com\/?post_type=product&#038;p=1252"},"modified":"2026-04-08T05:15:15","modified_gmt":"2026-04-08T03:15:15","slug":"seereise-halb-u-boot-sharm-sheikh","status":"publish","type":"product","link":"https:\/\/landioustravel.com\/de\/shop\/seereise-halb-u-boot-sharm-sheikh\/","title":{"rendered":"Halb U Boot Ausflug Sharm El Sheikh"},"content":{"rendered":"<p>Es ist eine beliebte Seereise mit einem U-Boot in <a href=\"https:\/\/landioustravel.com\/de\/sharm-sheikh-stadt\/\">Sharm El Sheikh<\/a>, <a href=\"https:\/\/landioustravel.com\/de\/agypten\/\">\u00c4gypten<\/a>! Wir empfehlen die Reise, da Touristen jeden Alters eine gute Zeit am Meer verbringen k\u00f6nnen. In der Zwischenzeit k\u00f6nnen sie wundersch\u00f6ne Korallenriffe und eine Vielzahl von Fischen beobachten. Und genie\u00dfen Sie ein Picknick auf dem Meer durch das Rote Meer. ONLINE-BUCHUNG HALB U BOOT AUSFLUG SHARM EL SHEIKH UND BESTER PREIS!<\/p>\n<h2>H\u00f6hepunkte der Exkursion mit einem Halb-U-Boot in Sharm El Sheikh<\/h2>\n<ul>\n<li>Meerespicknick am rotes meer.<\/li>\n<li>Auch Beobachtung der Unterwasserwelt aus dem Inneren des U-Bootes.<\/li>\n<\/ul>\n<h3>Exkursionsprogramm mit einem U-Boot<\/h3>\n<ul>\n<li>Der Vertreter von <a href=\"https:\/\/landioustravel.com\/de\/kontakte\/\">Landious Travel<\/a> holt Sie gegen 10:00 Uhr von Ihrem Hotel in Sharm El-Sheikh ab.<\/li>\n<li>Dann f\u00e4hrt der Bus zum Hafen, nachdem alle Ank\u00f6mmlinge ausgew\u00e4hlt wurden. Der Weg zum Hafen dauert ca. 20 Minuten.<\/li>\n<li>Zu Beginn des Ausflugsprogramms machen Sie ein Meerespicknick am Roten Meer.<\/li>\n<li>Dann gehen Sie ins Erdgeschoss, um etwa 45 Minuten lang Fische und Korallen zu sehen.<\/li>\n<li>Auf dem R\u00fcckweg zum Hafen haben Sie immer noch die M\u00f6glichkeit, Korallen und Fische zu sehen.<\/li>\n<li>Schlie\u00dflich begleiten wir Sie nach einer so sch\u00f6nen Reise an Bord eines U-Bootes zur\u00fcck zu Ihren Hotels.<\/li>\n<li>Dieser Ausflug mit einem U-Boot in <a href=\"https:\/\/www.google.de\/maps\/place\/Scharm+El-Scheich,+Qesm+Sharm+Ash+Sheikh,+Dschanub+Sina\/@27.946844,34.2787122,12z\/data=!3m1!4b1!4m5!3m4!1s0x14533bca3624d2e3:0xdd987e9c1945fd9c!8m2!3d27.9654198!4d34.3617769\" target=\"_blank\" rel=\"noopener\">Sharm El-Sheikh<\/a> endet gegen 13:00 Uhr.<\/li>\n<\/ul>\n<h4>Was beinhaltet Semi Submarine Sharm El Sheikh Preis?<\/h4>\n<ul>\n<li>Transfer zum Hafen und zur\u00fcck zum Hotel.<\/li>\n<\/ul>\n<h5>Was beinhaltet das Programm von Semi-Submarine Sharm El Sheikh nicht?<\/h5>\n<ul>\n<li>Video DVD.<\/li>\n<li>Auch die Foto-CD.<\/li>\n<\/ul>\n<h6>Was nehmen Sie f\u00fcr die Reise mit?<\/h6>\n<ul>\n<li>Sonnenschutz.<\/li>\n<\/ul>\n<h6>Halb U Boot \/ Sharm El Sheikh Buchungstage<\/h6>\n<ul>\n<li>T\u00e4glich von 10:00 bis 13:00 Uhr.<\/li>\n<\/ul>\n<h3>Dienstleistungen w\u00e4hrend der Semi-U-Boot-Reise in Sharm El Sheikh pr\u00e4sentiert<\/h3>\n<ul>\n<li>Transport: Landious Travel verwendet klimatisierte Limousinen\/ Kleinbusse als Transportmittel. Ein professioneller Fahrer begleitet Sie zum Hafen und zur\u00fcck zu Ihren Hotels.<\/li>\n<li>F\u00fchrung: Ein professioneller englischer Reiseleiter holt Sie von Ihren Hotels ab und begleitet Sie zum Hafen.<\/li>\n<li>Bootsausstattung: Unsere Boote sind neue dreist\u00f6ckige. Diese Boote haben einen Speisesaal, einen Wasserk\u00e4lter, eine K\u00fcche und zwei Toiletten. Au\u00dferdem statten wir sie im ersten Stock mit Schwimmwesten, Schnorchelausr\u00fcstung und zwei Trolling-Rollen aus. W\u00e4hrenddessen verf\u00fcgt der Sonnendeckboden \u00fcber bequeme Sonnenliegen und ein Zelt.<\/li>\n<li>Team und so: Sie haben eine freundliche und professionelle Crew auf dem Boot. Unsere Instruktoren und Trainer werden Sie w\u00e4hrend der Reise begleite.<\/li>\n<\/ul>\n","protected":false},"excerpt":{"rendered":"<p>Machen Sie sich bereit f\u00fcr ein unvergessliches Abenteuer in Sharm El Sheikh an Bord eines 2-Deck-Halb-U-Boots! Durch die riesigen Panoramafenster haben Sie einen atemberaubenden Blick auf die Unterwasserwelt des Roten Meeres. Erleben Sie die beeindruckenden Korallenriffe und lebhaften Fischschw\u00e4rme des Roten Meeres bequem vom Halb-U-Boot aus. Das Boot gleitet \u00fcber das ruhige Wasser des Meeres, w\u00e4hrend Sie sich im Halb-U-Boot zur\u00fccklehnen und entspannen und v\u00f6llig in die Unterwasserwelt eintauchen.<\/p>\n<p>Der Halb-U-Boot-Ausflug im Roten Meer ab Sharm El Sheikh ist ein Muss f\u00fcr Familien und Einzelpersonen, die Abenteuer und Nervenkitzel suchen. Es ist, als h\u00e4tte man sein eigenes U-Boot! Der Bootsboden reicht 4 Meter unter die Wasseroberfl\u00e4che und bietet so einen hautnahen und pers\u00f6nlichen Einblick in die Unterwasserwelt. Sie haben gen\u00fcgend Zeit, diese unvergesslichen Momente mit der Kamera festzuhalten und Erinnerungen mit nach Hause zu nehmen, die ein Leben lang anhalten.<\/p>\n<p>Diese Tour ist ideal f\u00fcr Familien, die mit Kindern reisen, da sie so die M\u00f6glichkeit haben, die Wunder der Unterwasserwelt zum ersten Mal zu erleben. Auch Erwachsene k\u00f6nnen von dieser Tour profitieren, denn sie bietet einen ersten Einblick in die Unterwasserwelt und ermutigt sie, ihre \u00c4ngste zu \u00fcberwinden und einzutauchen. Kinder werden die aufregende Atmosph\u00e4re des U-Bootes lieben und der Ausflug wird mit Sicherheit zu einem unvergesslichen Abenteuer.<\/p>\n<p>Machen Sie sich bereit f\u00fcr eine aufregende Reise, die Sie von der herrlichen Unterwasserwelt des Roten Meeres in Erstaunen versetzen wird! Begleiten Sie uns auf einer spannenden Unterwassertour mit 18 Panoramafenstern im Format 100 x 125 cm. Bequem in einem beweglichen Rundsessel sitzend, k\u00f6nnen Sie die Sch\u00f6nheit des Korallenriffs, der bunten Fische und des Abgrunds aus allen Blickwinkeln betrachten. Der Seas-Cop bietet Platz f\u00fcr bis zu 34 Passagiere und sorgt so f\u00fcr ein sicheres und komfortables Erlebnis f\u00fcr alle. Wir holen Sie zur vereinbarten Zeit von Ihrem Hotel ab, und nach einer 20-min\u00fctigen Fahrt besteigen wir das Halb-U-Boot und machen uns auf den Weg zu unserem Abenteuer.<\/p>\n","protected":false},"featured_media":100282,"comment_status":"open","ping_status":"closed","template":"","meta":{"_coblocks_attr":"","_coblocks_dimensions":"","_coblocks_responsive_height":"","_coblocks_accordion_ie_support":"","_uag_custom_page_level_css":"","jetpack_post_was_ever_published":false,"jetpack_publicize_message":"","jetpack_publicize_feature_enabled":true,"jetpack_social_post_already_shared":true,"jetpack_social_options":{"image_generator_settings":{"template":"highway","default_image_id":0,"font":"","enabled":false},"version":2},"_wpas_customize_per_network":false},"product_brand":[],"product_cat":[1472,1470,22631],"product_tag":[22565,1514,1496,1526],"class_list":{"0":"post-1252","1":"product","2":"type-product","3":"status-publish","4":"has-post-thumbnail","6":"product_cat-sea-trips-sharm-el-sheikh","7":"product_cat-excursions-sharm-el-sheikh","8":"product_cat-day-trips-sharm-sheikh","9":"product_tag-excursion","10":"product_tag-semi-submarine","11":"product_tag-sea","12":"product_tag-sharm-el-sheikh","13":"pa_age-adult","14":"pa_age-child-1-4-years","15":"pa_age-child-5-11-years","17":"first","18":"instock","19":"sale","20":"purchasable","21":"product-type-variable"},"yoast_head":"<!-- This site is optimized with the Yoast SEO Premium plugin v26.9 (Yoast SEO v27.3) - https:\/\/yoast.com\/product\/yoast-seo-premium-wordpress\/ -->\n<title>Halb U Boot Ausflug Sharm El Sheikh<\/title>\n<meta name=\"description\" content=\"Halb U Boot Ausflug Sharm El Sheikh k\u00f6nnen Sie die Korallen und Fische des Roten Meeres an Bord des Halb-U-Boots problemlos sehen, preis\" \/>\n<meta name=\"robots\" content=\"index, follow, max-snippet:-1, max-image-preview:large, max-video-preview:-1\" \/>\n<link rel=\"canonical\" href=\"https:\/\/landioustravel.com\/de\/shop\/seereise-halb-u-boot-sharm-sheikh\/\" \/>\n<meta property=\"og:locale\" content=\"de_DE\" \/>\n<meta property=\"og:type\" content=\"article\" \/>\n<meta property=\"og:title\" content=\"Halb U Boot Ausflug Sharm El Sheikh\" \/>\n<meta property=\"og:description\" content=\"Landious Travel\" \/>\n<meta property=\"og:url\" content=\"https:\/\/landioustravel.com\/de\/shop\/seereise-halb-u-boot-sharm-sheikh\/\" \/>\n<meta property=\"og:site_name\" content=\"Landious Travel\" \/>\n<meta property=\"article:publisher\" content=\"https:\/\/web.facebook.com\/landiousEgypt\" \/>\n<meta property=\"article:modified_time\" content=\"2026-04-08T03:15:15+00:00\" \/>\n<meta property=\"og:image\" content=\"https:\/\/i0.wp.com\/landioustravel.com\/wp-content\/uploads\/2018\/12\/Semi-Submarine-Excursion-Sharm-El-Sheikh-e1669492996378.jpg?fit=1201%2C675&ssl=1\" \/>\n\t<meta property=\"og:image:width\" content=\"1201\" \/>\n\t<meta property=\"og:image:height\" content=\"675\" \/>\n\t<meta property=\"og:image:type\" content=\"image\/jpeg\" \/>\n<meta name=\"twitter:card\" content=\"summary_large_image\" \/>\n<meta name=\"twitter:site\" content=\"@LandiousTours\" \/>\n<meta name=\"twitter:label1\" content=\"Gesch\u00e4tzte Lesezeit\" \/>\n\t<meta name=\"twitter:data1\" content=\"2\u00a0Minuten\" \/>\n<script type=\"application\/ld+json\" class=\"yoast-schema-graph\">{\"@context\":\"https:\\\/\\\/schema.org\",\"@graph\":[{\"@type\":\"WebPage\",\"@id\":\"https:\\\/\\\/landioustravel.com\\\/de\\\/shop\\\/seereise-halb-u-boot-sharm-sheikh\\\/\",\"url\":\"https:\\\/\\\/landioustravel.com\\\/de\\\/shop\\\/seereise-halb-u-boot-sharm-sheikh\\\/\",\"name\":\"Halb U Boot Ausflug Sharm El Sheikh\",\"isPartOf\":{\"@id\":\"https:\\\/\\\/landioustravel.com\\\/de\\\/#website\"},\"primaryImageOfPage\":{\"@id\":\"https:\\\/\\\/landioustravel.com\\\/de\\\/shop\\\/seereise-halb-u-boot-sharm-sheikh\\\/#primaryimage\"},\"image\":{\"@id\":\"https:\\\/\\\/landioustravel.com\\\/de\\\/shop\\\/seereise-halb-u-boot-sharm-sheikh\\\/#primaryimage\"},\"thumbnailUrl\":\"https:\\\/\\\/i0.wp.com\\\/landioustravel.com\\\/wp-content\\\/uploads\\\/2018\\\/12\\\/Semi-Submarine-Excursion-Sharm-El-Sheikh-e1669492996378.jpg?fit=1201%2C675&ssl=1\",\"datePublished\":\"2019-01-17T21:07:22+00:00\",\"dateModified\":\"2026-04-08T03:15:15+00:00\",\"description\":\"Halb U Boot Ausflug Sharm El Sheikh k\u00f6nnen Sie die Korallen und Fische des Roten Meeres an Bord des Halb-U-Boots problemlos sehen, preis\",\"breadcrumb\":{\"@id\":\"https:\\\/\\\/landioustravel.com\\\/de\\\/shop\\\/seereise-halb-u-boot-sharm-sheikh\\\/#breadcrumb\"},\"inLanguage\":\"de\",\"potentialAction\":[{\"@type\":\"ReadAction\",\"target\":[\"https:\\\/\\\/landioustravel.com\\\/de\\\/shop\\\/seereise-halb-u-boot-sharm-sheikh\\\/\"]}]},{\"@type\":\"ImageObject\",\"inLanguage\":\"de\",\"@id\":\"https:\\\/\\\/landioustravel.com\\\/de\\\/shop\\\/seereise-halb-u-boot-sharm-sheikh\\\/#primaryimage\",\"url\":\"https:\\\/\\\/i0.wp.com\\\/landioustravel.com\\\/wp-content\\\/uploads\\\/2018\\\/12\\\/Semi-Submarine-Excursion-Sharm-El-Sheikh-e1669492996378.jpg?fit=1201%2C675&ssl=1\",\"contentUrl\":\"https:\\\/\\\/i0.wp.com\\\/landioustravel.com\\\/wp-content\\\/uploads\\\/2018\\\/12\\\/Semi-Submarine-Excursion-Sharm-El-Sheikh-e1669492996378.jpg?fit=1201%2C675&ssl=1\",\"width\":1201,\"height\":675,\"caption\":\"Semi Submarine Excursion Sharm El Sheikh\"},{\"@type\":\"BreadcrumbList\",\"@id\":\"https:\\\/\\\/landioustravel.com\\\/de\\\/shop\\\/seereise-halb-u-boot-sharm-sheikh\\\/#breadcrumb\",\"itemListElement\":[{\"@type\":\"ListItem\",\"position\":1,\"name\":\"Home\",\"item\":\"https:\\\/\\\/landioustravel.com\\\/de\\\/\"},{\"@type\":\"ListItem\",\"position\":2,\"name\":\"\u00c4gypten Touren\",\"item\":\"https:\\\/\\\/landioustravel.com\\\/de\\\/\"},{\"@type\":\"ListItem\",\"position\":3,\"name\":\"Halb U Boot Ausflug Sharm El Sheikh\"}]},{\"@type\":\"WebSite\",\"@id\":\"https:\\\/\\\/landioustravel.com\\\/de\\\/#website\",\"url\":\"https:\\\/\\\/landioustravel.com\\\/de\\\/\",\"name\":\"Landious Travel\",\"description\":\"Excursions, trips and cruises in Egypt\",\"publisher\":{\"@id\":\"https:\\\/\\\/landioustravel.com\\\/de\\\/#organization\"},\"potentialAction\":[{\"@type\":\"SearchAction\",\"target\":{\"@type\":\"EntryPoint\",\"urlTemplate\":\"https:\\\/\\\/landioustravel.com\\\/de\\\/?s={search_term_string}\"},\"query-input\":{\"@type\":\"PropertyValueSpecification\",\"valueRequired\":true,\"valueName\":\"search_term_string\"}}],\"inLanguage\":\"de\"},{\"@type\":[\"Organization\",\"Place\"],\"@id\":\"https:\\\/\\\/landioustravel.com\\\/de\\\/#organization\",\"name\":\"Landious Travel\",\"alternateName\":\"Landious Travel\",\"url\":\"https:\\\/\\\/landioustravel.com\\\/de\\\/\",\"logo\":{\"@id\":\"https:\\\/\\\/landioustravel.com\\\/de\\\/shop\\\/seereise-halb-u-boot-sharm-sheikh\\\/#local-main-organization-logo\"},\"image\":{\"@id\":\"https:\\\/\\\/landioustravel.com\\\/de\\\/shop\\\/seereise-halb-u-boot-sharm-sheikh\\\/#local-main-organization-logo\"},\"sameAs\":[\"https:\\\/\\\/web.facebook.com\\\/landiousEgypt\",\"https:\\\/\\\/x.com\\\/LandiousTours\",\"https:\\\/\\\/mastodon.social\\\/@landious\"],\"legalName\":\"Landious Travel\",\"telephone\":[],\"openingHoursSpecification\":[{\"@type\":\"OpeningHoursSpecification\",\"dayOfWeek\":[\"Monday\",\"Tuesday\",\"Wednesday\",\"Thursday\",\"Friday\",\"Saturday\",\"Sunday\"],\"opens\":\"09:00\",\"closes\":\"17:00\"}]},{\"@type\":\"ImageObject\",\"inLanguage\":\"de\",\"@id\":\"https:\\\/\\\/landioustravel.com\\\/de\\\/shop\\\/seereise-halb-u-boot-sharm-sheikh\\\/#local-main-organization-logo\",\"url\":\"https:\\\/\\\/i0.wp.com\\\/landioustravel.com\\\/wp-content\\\/uploads\\\/2021\\\/06\\\/Landious-T.png?fit=500%2C500&ssl=1\",\"contentUrl\":\"https:\\\/\\\/i0.wp.com\\\/landioustravel.com\\\/wp-content\\\/uploads\\\/2021\\\/06\\\/Landious-T.png?fit=500%2C500&ssl=1\",\"width\":500,\"height\":500,\"caption\":\"Landious Travel\"}]}<\/script>\n<!-- \/ Yoast SEO Premium plugin. -->","yoast_head_json":{"title":"Halb U Boot Ausflug Sharm El Sheikh","description":"Halb U Boot Ausflug Sharm El Sheikh k\u00f6nnen Sie die Korallen und Fische des Roten Meeres an Bord des Halb-U-Boots problemlos sehen, preis","robots":{"index":"index","follow":"follow","max-snippet":"max-snippet:-1","max-image-preview":"max-image-preview:large","max-video-preview":"max-video-preview:-1"},"canonical":"https:\/\/landioustravel.com\/de\/shop\/seereise-halb-u-boot-sharm-sheikh\/","og_locale":"de_DE","og_type":"article","og_title":"Halb U Boot Ausflug Sharm El Sheikh","og_description":"Landious Travel","og_url":"https:\/\/landioustravel.com\/de\/shop\/seereise-halb-u-boot-sharm-sheikh\/","og_site_name":"Landious Travel","article_publisher":"https:\/\/web.facebook.com\/landiousEgypt","article_modified_time":"2026-04-08T03:15:15+00:00","og_image":[{"width":1201,"height":675,"url":"https:\/\/i0.wp.com\/landioustravel.com\/wp-content\/uploads\/2018\/12\/Semi-Submarine-Excursion-Sharm-El-Sheikh-e1669492996378.jpg?fit=1201%2C675&ssl=1","type":"image\/jpeg"}],"twitter_card":"summary_large_image","twitter_site":"@LandiousTours","twitter_misc":{"Gesch\u00e4tzte Lesezeit":"2\u00a0Minuten"},"schema":{"@context":"https:\/\/schema.org","@graph":[{"@type":"WebPage","@id":"https:\/\/landioustravel.com\/de\/shop\/seereise-halb-u-boot-sharm-sheikh\/","url":"https:\/\/landioustravel.com\/de\/shop\/seereise-halb-u-boot-sharm-sheikh\/","name":"Halb U Boot Ausflug Sharm El Sheikh","isPartOf":{"@id":"https:\/\/landioustravel.com\/de\/#website"},"primaryImageOfPage":{"@id":"https:\/\/landioustravel.com\/de\/shop\/seereise-halb-u-boot-sharm-sheikh\/#primaryimage"},"image":{"@id":"https:\/\/landioustravel.com\/de\/shop\/seereise-halb-u-boot-sharm-sheikh\/#primaryimage"},"thumbnailUrl":"https:\/\/i0.wp.com\/landioustravel.com\/wp-content\/uploads\/2018\/12\/Semi-Submarine-Excursion-Sharm-El-Sheikh-e1669492996378.jpg?fit=1201%2C675&ssl=1","datePublished":"2019-01-17T21:07:22+00:00","dateModified":"2026-04-08T03:15:15+00:00","description":"Halb U Boot Ausflug Sharm El Sheikh k\u00f6nnen Sie die Korallen und Fische des Roten Meeres an Bord des Halb-U-Boots problemlos sehen, preis","breadcrumb":{"@id":"https:\/\/landioustravel.com\/de\/shop\/seereise-halb-u-boot-sharm-sheikh\/#breadcrumb"},"inLanguage":"de","potentialAction":[{"@type":"ReadAction","target":["https:\/\/landioustravel.com\/de\/shop\/seereise-halb-u-boot-sharm-sheikh\/"]}]},{"@type":"ImageObject","inLanguage":"de","@id":"https:\/\/landioustravel.com\/de\/shop\/seereise-halb-u-boot-sharm-sheikh\/#primaryimage","url":"https:\/\/i0.wp.com\/landioustravel.com\/wp-content\/uploads\/2018\/12\/Semi-Submarine-Excursion-Sharm-El-Sheikh-e1669492996378.jpg?fit=1201%2C675&ssl=1","contentUrl":"https:\/\/i0.wp.com\/landioustravel.com\/wp-content\/uploads\/2018\/12\/Semi-Submarine-Excursion-Sharm-El-Sheikh-e1669492996378.jpg?fit=1201%2C675&ssl=1","width":1201,"height":675,"caption":"Semi Submarine Excursion Sharm El Sheikh"},{"@type":"BreadcrumbList","@id":"https:\/\/landioustravel.com\/de\/shop\/seereise-halb-u-boot-sharm-sheikh\/#breadcrumb","itemListElement":[{"@type":"ListItem","position":1,"name":"Home","item":"https:\/\/landioustravel.com\/de\/"},{"@type":"ListItem","position":2,"name":"\u00c4gypten Touren","item":"https:\/\/landioustravel.com\/de\/"},{"@type":"ListItem","position":3,"name":"Halb U Boot Ausflug Sharm El Sheikh"}]},{"@type":"WebSite","@id":"https:\/\/landioustravel.com\/de\/#website","url":"https:\/\/landioustravel.com\/de\/","name":"Landious Travel","description":"Excursions, trips and cruises in Egypt","publisher":{"@id":"https:\/\/landioustravel.com\/de\/#organization"},"potentialAction":[{"@type":"SearchAction","target":{"@type":"EntryPoint","urlTemplate":"https:\/\/landioustravel.com\/de\/?s={search_term_string}"},"query-input":{"@type":"PropertyValueSpecification","valueRequired":true,"valueName":"search_term_string"}}],"inLanguage":"de"},{"@type":["Organization","Place"],"@id":"https:\/\/landioustravel.com\/de\/#organization","name":"Landious Travel","alternateName":"Landious Travel","url":"https:\/\/landioustravel.com\/de\/","logo":{"@id":"https:\/\/landioustravel.com\/de\/shop\/seereise-halb-u-boot-sharm-sheikh\/#local-main-organization-logo"},"image":{"@id":"https:\/\/landioustravel.com\/de\/shop\/seereise-halb-u-boot-sharm-sheikh\/#local-main-organization-logo"},"sameAs":["https:\/\/web.facebook.com\/landiousEgypt","https:\/\/x.com\/LandiousTours","https:\/\/mastodon.social\/@landious"],"legalName":"Landious Travel","telephone":[],"openingHoursSpecification":[{"@type":"OpeningHoursSpecification","dayOfWeek":["Monday","Tuesday","Wednesday","Thursday","Friday","Saturday","Sunday"],"opens":"09:00","closes":"17:00"}]},{"@type":"ImageObject","inLanguage":"de","@id":"https:\/\/landioustravel.com\/de\/shop\/seereise-halb-u-boot-sharm-sheikh\/#local-main-organization-logo","url":"https:\/\/i0.wp.com\/landioustravel.com\/wp-content\/uploads\/2021\/06\/Landious-T.png?fit=500%2C500&ssl=1","contentUrl":"https:\/\/i0.wp.com\/landioustravel.com\/wp-content\/uploads\/2021\/06\/Landious-T.png?fit=500%2C500&ssl=1","width":500,"height":500,"caption":"Landious Travel"}]}},"jetpack_publicize_connections":[],"uagb_featured_image_src":{"full":["https:\/\/i0.wp.com\/landioustravel.com\/wp-content\/uploads\/2018\/12\/Semi-Submarine-Excursion-Sharm-El-Sheikh-e1669492996378.jpg?fit=1201%2C675&ssl=1",1201,675,false],"thumbnail":["https:\/\/i0.wp.com\/landioustravel.com\/wp-content\/uploads\/2018\/12\/Semi-Submarine-Excursion-Sharm-El-Sheikh-e1669492996378.jpg?resize=150%2C150&ssl=1",150,150,true],"medium":["https:\/\/i0.wp.com\/landioustravel.com\/wp-content\/uploads\/2018\/12\/Semi-Submarine-Excursion-Sharm-El-Sheikh-e1669492996378.jpg?fit=300%2C169&ssl=1",300,169,true],"medium_large":["https:\/\/i0.wp.com\/landioustravel.com\/wp-content\/uploads\/2018\/12\/Semi-Submarine-Excursion-Sharm-El-Sheikh-e1669492996378.jpg?fit=768%2C432&ssl=1",768,432,true],"large":["https:\/\/i0.wp.com\/landioustravel.com\/wp-content\/uploads\/2018\/12\/Semi-Submarine-Excursion-Sharm-El-Sheikh-e1669492996378.jpg?fit=980%2C551&ssl=1",980,551,true],"1536x1536":["https:\/\/i0.wp.com\/landioustravel.com\/wp-content\/uploads\/2018\/12\/Semi-Submarine-Excursion-Sharm-El-Sheikh-e1669492996378.jpg?fit=1201%2C675&ssl=1",1201,675,true],"2048x2048":["https:\/\/i0.wp.com\/landioustravel.com\/wp-content\/uploads\/2018\/12\/Semi-Submarine-Excursion-Sharm-El-Sheikh-e1669492996378.jpg?fit=1201%2C675&ssl=1",1201,675,true],"newspack-article-block-landscape-large":["https:\/\/i0.wp.com\/landioustravel.com\/wp-content\/uploads\/2018\/12\/Semi-Submarine-Excursion-Sharm-El-Sheikh-e1669492996378.jpg?resize=1200%2C674&ssl=1",1200,674,true],"newspack-article-block-portrait-large":["https:\/\/i0.wp.com\/landioustravel.com\/wp-content\/uploads\/2018\/12\/Semi-Submarine-Excursion-Sharm-El-Sheikh-e1669492996378.jpg?resize=900%2C675&ssl=1",900,675,true],"newspack-article-block-square-large":["https:\/\/i0.wp.com\/landioustravel.com\/wp-content\/uploads\/2018\/12\/Semi-Submarine-Excursion-Sharm-El-Sheikh-e1669492996378.jpg?resize=1200%2C674&ssl=1",1200,674,true],"newspack-article-block-landscape-medium":["https:\/\/i0.wp.com\/landioustravel.com\/wp-content\/uploads\/2018\/12\/Semi-Submarine-Excursion-Sharm-El-Sheikh-e1669492996378.jpg?resize=800%2C600&ssl=1",800,600,true],"newspack-article-block-portrait-medium":["https:\/\/i0.wp.com\/landioustravel.com\/wp-content\/uploads\/2018\/12\/Semi-Submarine-Excursion-Sharm-El-Sheikh-e1669492996378.jpg?resize=600%2C675&ssl=1",600,675,true],"newspack-article-block-square-medium":["https:\/\/i0.wp.com\/landioustravel.com\/wp-content\/uploads\/2018\/12\/Semi-Submarine-Excursion-Sharm-El-Sheikh-e1669492996378.jpg?resize=800%2C675&ssl=1",800,675,true],"newspack-article-block-landscape-intermediate":["https:\/\/i0.wp.com\/landioustravel.com\/wp-content\/uploads\/2018\/12\/Semi-Submarine-Excursion-Sharm-El-Sheikh-e1669492996378.jpg?resize=600%2C450&ssl=1",600,450,true],"newspack-article-block-portrait-intermediate":["https:\/\/i0.wp.com\/landioustravel.com\/wp-content\/uploads\/2018\/12\/Semi-Submarine-Excursion-Sharm-El-Sheikh-e1669492996378.jpg?resize=450%2C600&ssl=1",450,600,true],"newspack-article-block-square-intermediate":["https:\/\/i0.wp.com\/landioustravel.com\/wp-content\/uploads\/2018\/12\/Semi-Submarine-Excursion-Sharm-El-Sheikh-e1669492996378.jpg?resize=600%2C600&ssl=1",600,600,true],"newspack-article-block-landscape-small":["https:\/\/i0.wp.com\/landioustravel.com\/wp-content\/uploads\/2018\/12\/Semi-Submarine-Excursion-Sharm-El-Sheikh-e1669492996378.jpg?resize=400%2C300&ssl=1",400,300,true],"newspack-article-block-portrait-small":["https:\/\/i0.wp.com\/landioustravel.com\/wp-content\/uploads\/2018\/12\/Semi-Submarine-Excursion-Sharm-El-Sheikh-e1669492996378.jpg?resize=300%2C400&ssl=1",300,400,true],"newspack-article-block-square-small":["https:\/\/i0.wp.com\/landioustravel.com\/wp-content\/uploads\/2018\/12\/Semi-Submarine-Excursion-Sharm-El-Sheikh-e1669492996378.jpg?resize=400%2C400&ssl=1",400,400,true],"newspack-article-block-landscape-tiny":["https:\/\/i0.wp.com\/landioustravel.com\/wp-content\/uploads\/2018\/12\/Semi-Submarine-Excursion-Sharm-El-Sheikh-e1669492996378.jpg?resize=200%2C150&ssl=1",200,150,true],"newspack-article-block-portrait-tiny":["https:\/\/i0.wp.com\/landioustravel.com\/wp-content\/uploads\/2018\/12\/Semi-Submarine-Excursion-Sharm-El-Sheikh-e1669492996378.jpg?resize=150%2C200&ssl=1",150,200,true],"newspack-article-block-square-tiny":["https:\/\/i0.wp.com\/landioustravel.com\/wp-content\/uploads\/2018\/12\/Semi-Submarine-Excursion-Sharm-El-Sheikh-e1669492996378.jpg?resize=200%2C200&ssl=1",200,200,true],"newspack-article-block-uncropped":["https:\/\/i0.wp.com\/landioustravel.com\/wp-content\/uploads\/2018\/12\/Semi-Submarine-Excursion-Sharm-El-Sheikh-e1669492996378.jpg?fit=1200%2C674&ssl=1",1200,674,true],"woocommerce_thumbnail":["https:\/\/i0.wp.com\/landioustravel.com\/wp-content\/uploads\/2018\/12\/Semi-Submarine-Excursion-Sharm-El-Sheikh-e1669492996378.jpg?resize=324%2C324&ssl=1",324,324,true],"woocommerce_single":["https:\/\/i0.wp.com\/landioustravel.com\/wp-content\/uploads\/2018\/12\/Semi-Submarine-Excursion-Sharm-El-Sheikh-e1669492996378.jpg?fit=416%2C234&ssl=1",416,234,true],"woocommerce_gallery_thumbnail":["https:\/\/i0.wp.com\/landioustravel.com\/wp-content\/uploads\/2018\/12\/Semi-Submarine-Excursion-Sharm-El-Sheikh-e1669492996378.jpg?resize=100%2C100&ssl=1",100,100,true]},"uagb_author_info":{"display_name":"Mofreh Landious","author_link":"https:\/\/landioustravel.com\/de\/author\/"},"uagb_comment_info":8,"uagb_excerpt":"Machen Sie sich bereit f\u00fcr ein unvergessliches Abenteuer in Sharm El Sheikh an Bord eines 2-Deck-Halb-U-Boots! Durch die riesigen Panoramafenster haben Sie einen atemberaubenden Blick auf die Unterwasserwelt des Roten Meeres. Erleben Sie die beeindruckenden Korallenriffe und lebhaften Fischschw\u00e4rme des Roten Meeres bequem vom Halb-U-Boot aus. Das Boot gleitet \u00fcber das ruhige Wasser des Meeres,&hellip;","jetpack_sharing_enabled":true,"jetpack_likes_enabled":true,"amp_enabled":true,"_links":{"self":[{"href":"https:\/\/landioustravel.com\/de\/wp-json\/wp\/v2\/product\/1252","targetHints":{"allow":["GET"]}}],"collection":[{"href":"https:\/\/landioustravel.com\/de\/wp-json\/wp\/v2\/product"}],"about":[{"href":"https:\/\/landioustravel.com\/de\/wp-json\/wp\/v2\/types\/product"}],"replies":[{"embeddable":true,"href":"https:\/\/landioustravel.com\/de\/wp-json\/wp\/v2\/comments?post=1252"}],"wp:featuredmedia":[{"embeddable":true,"href":"https:\/\/landioustravel.com\/de\/wp-json\/wp\/v2\/media\/100282"}],"wp:attachment":[{"href":"https:\/\/landioustravel.com\/de\/wp-json\/wp\/v2\/media?parent=1252"}],"wp:term":[{"taxonomy":"product_brand","embeddable":true,"href":"https:\/\/landioustravel.com\/de\/wp-json\/wp\/v2\/product_brand?post=1252"},{"taxonomy":"product_cat","embeddable":true,"href":"https:\/\/landioustravel.com\/de\/wp-json\/wp\/v2\/product_cat?post=1252"},{"taxonomy":"product_tag","embeddable":true,"href":"https:\/\/landioustravel.com\/de\/wp-json\/wp\/v2\/product_tag?post=1252"}],"curies":[{"name":"wp","href":"https:\/\/api.w.org\/{rel}","templated":true}]}}