{"id":1259,"date":"2018-12-06T15:16:29","date_gmt":"2019-01-17T22:24:00","guid":{"rendered":"https:\/\/landioustravel.com\/?post_type=product&#038;p=1259"},"modified":"2026-04-20T19:13:42","modified_gmt":"2026-04-20T17:13:42","slug":"ausflugstauchen-ras-mohammed-sharm-sheikh","status":"publish","type":"product","link":"https:\/\/landioustravel.com\/de\/shop\/ausflugstauchen-ras-mohammed-sharm-sheikh\/","title":{"rendered":"Ras Mohammed Tauchausflug Sharm El Sheikh"},"content":{"rendered":"<p>Es ist ein wunderbarer Seeausflug zum Tauchen im Ferienort <a href=\"https:\/\/landioustravel.com\/de\/sharm-sheikh-stadt\/\">Sharm el-Sheikh<\/a>, <a href=\"https:\/\/landioustravel.com\/de\/agypten\/\">\u00c4gypten<\/a>! Wir empfehlen es so sehr! Tats\u00e4chlich erm\u00f6glicht diese Reise Touristen, wundersch\u00f6ne Korallenriffe und eine Vielzahl von Fischen unter Wasser zu sehen. Au\u00dferdem k\u00f6nnen Sie im weltber\u00fchmten Tauchsport Ras Mohammed schwimmen. Die Reise erm\u00f6glicht es Ihnen auch, ein Meerespicknick durch das Rote Meer an einem sehr sch\u00f6nen Ort zu genie\u00dfen. ONLINE-BUCHUNG RAS MOHAMMED TAUCHAUSFLUG SHARM EL SHEIKH UND ERHALTEN SIE DEN BESTEN PREIS! Es ist eine ausgezeichnete Wahl!<\/p>\n<h2>H\u00f6hepunkte des Ras Mohammed Tauchausfluges von Sharm El Sheikh<\/h2>\n<ul>\n<li>Meerespicknick.<\/li>\n<li>Vom Boot aus im offenen Meer schwimmen.<\/li>\n<li>Zweimal unter Wasser tauchen.<\/li>\n<li>Auch Mittagessen auf dem Boot.<\/li>\n<\/ul>\n<h3>Programm f\u00fcr Tauchausfl\u00fcge in Ras Mohammed<\/h3>\n<ul>\n<li>Der Vertreter von <a href=\"https:\/\/landioustravel.com\/de\/kontakte\/\">Landious Travel<\/a> holt Sie gegen 08:00 Uhr von Ihrem Hotel in Sharm El-Sheikh ab.<\/li>\n<li>Nachdem alle Ank\u00f6mmlinge abgeholt wurden, f\u00e4hrt der Bus zum Hafen. Der Weg zu diesem Hafen dauert ca. 30 Minuten.<\/li>\n<li>In diesem Hafen finden Sie Ihr Boot. Es ist gro\u00df und schick! Dieses Boot besteht aus zwei Etagen.<\/li>\n<li>Sobald Sie in dieses Boot einsteigen, m\u00fcssen Sie Ihre Schuhe ausziehen. Dann k\u00f6nnen Sie sich im zweiten Stock erheben, um sich auf dem oberen Sonnendeck zu br\u00e4unen.<\/li>\n<li>Das Boot f\u00e4hrt weiter durch das Rote Meer, sobald sich die Gruppe versammelt. Danach machen Sie einen Stopp im offenen Meer, an den wundersch\u00f6nen Korallenriffen. Dann gehst du tauchen.<\/li>\n<li>Wenn dieser Stopp endet, versammelt sich die Gruppe zum Mittagessen im ersten Stock der Yacht. Zur Mittagszeit ist das Buffet ge\u00f6ffnet.<\/li>\n<li>Die Reise geht weiter und Sie erhalten eine zweite Station zum Tauchen an einem anderen Meeresort.<\/li>\n<li>Schlie\u00dflich begleiten wir Sie nach einem so aufregenden Taucherlebnis im Ras Mohammed National Park zur\u00fcck zu Ihren Hotels.<\/li>\n<li>Der Ras Mohammed Tauchausflug von <a href=\"https:\/\/www.google.de\/maps\/place\/Scharm+El-Scheich,+Qesm+Sharm+Ash+Sheikh,+Dschanub+Sina\/@27.946844,34.2787122,12z\/data=!3m1!4b1!4m5!3m4!1s0x14533bca3624d2e3:0xdd987e9c1945fd9c!8m2!3d27.9654198!4d34.3617769\" target=\"_blank\" rel=\"noopener\">Sharm El Sheikh<\/a> endet gegen 16:30 Uhr.<\/li>\n<\/ul>\n<h4>Was beinhaltet Ras Mohammed Tauchausflug Sharm El Sheikh Preis?<\/h4>\n<ul>\n<li>Schnorchelausr\u00fcstung.<\/li>\n<li>Tauchausr\u00fcstung.<\/li>\n<li>Essen &amp; Trinken.<\/li>\n<li>Transfer zum Hafen und zur\u00fcck zum Hotel.<\/li>\n<\/ul>\n<h5>Was beinhaltet das Ras Mohammed Tauchausflug Sharm El Sheikh Programm nicht?<\/h5>\n<ul>\n<li>Video DVD.<\/li>\n<li>Auch die Foto-CD.<\/li>\n<\/ul>\n<h6>Was nehmen Sie f\u00fcr die Reise mit?<\/h6>\n<ul>\n<li>Handtuch.<\/li>\n<li>Auch Sonnenschutz.<\/li>\n<\/ul>\n<h6>Ras Mohammed Tauchausflug Sharm El Sheikh Buchungstage<\/h6>\n<ul>\n<li>T\u00e4glich von 08:00 bis 17:00 Uhr.<\/li>\n<\/ul>\n<h3>Dienstleistungen, die w\u00e4hrend des Ras Mohammed Tauchausfluges von Sharm El Sheikh pr\u00e4sentiert wurden<\/h3>\n<ul>\n<li>Transport: Landious Travel bedient Sie mit einer klimatisierten Limousine \/ einem Kleinbus. Ein professioneller Fahrer begleitet Sie zum Hafen und zur\u00fcck zu Ihren Hotels.<\/li>\n<li>F\u00fchrung: Ein professioneller englischer Reiseleiter holt Sie von Ihren Hotels ab und begleitet Sie zum Hafen.<\/li>\n<li>Bootsausstattung: Unsere Boote sind neue dreist\u00f6ckige. Diese Boote haben einen Speisesaal, einen Wasserk\u00e4lter, eine K\u00fcche und zwei Toiletten. Au\u00dferdem statten wir sie im ersten Stock mit Schwimmwesten, Schnorchelausr\u00fcstung und zwei Trolling-Rollen aus. W\u00e4hrenddessen verf\u00fcgt der Sonnendeckboden \u00fcber bequeme Sonnenliegen und ein Zelt.<\/li>\n<li>Team und so: Sie haben eine freundliche und professionelle Crew auf dem Boot. Unsere Instruktoren und Trainer werden Sie w\u00e4hrend der Reise begleiten.<\/li>\n<li>Essen: Wir pr\u00e4sentieren ein hochwertiges Mittagessen auf dem Boot mit verschiedenen Gerichten.<\/li>\n<\/ul>\n","protected":false},"excerpt":{"rendered":"<p>Begeben Sie sich vom Yachthafen von Sharm El Sheikh aus auf ein aufregendes Abenteuer und entdecken Sie die Wunder des Roten Meeres wie nie zuvor! Auf dieser unglaublichen Bootstour werden Sie zum atemberaubenden Ras-Mohammed-Nationalpark und zur White Island gebracht, wo Sie das lebhafte Korallenriff und das kristallklare Wasser erkunden k\u00f6nnen.<\/p>\n<p>Machen Sie sich bereit f\u00fcr ein unvergessliches Erlebnis, wenn Sie an Bord der komfortablen Yacht gehen und in Richtung der s\u00fcdlichsten Spitze der Sinai-Halbinsel segeln. Mit der frischen Meeresbrise auf Ihrem Gesicht und dem glitzernden Wasser rundherum werden Sie sich wie im Paradies f\u00fchlen! Und das ist erst der Anfang.<\/p>\n<p>Sobald Sie im Ras-Mohammed-Nationalpark ankommen, werden Sie von der atemberaubenden Unterwasserwelt begeistert sein, die Sie erwartet. Lassen Sie sich von den farbenfrohen Fischen, Korallenformationen und anderen faszinierenden Meereslebewesen faszinieren. Mit der Hilfe unseres professionellen Guides k\u00f6nnen Sie sich entscheiden, zweimal zu tauchen und sich auf ein Abenteuer zu begeben, um mehr vom Riff zu sehen.<\/p>\n<p>Aber das Abenteuer h\u00f6rt hier nicht auf! Als n\u00e4chstes bringen wir Sie zur atemberaubenden White Island, wo Sie im weichen Sand entspannen, Fotos vom glitzernden Roten Meer machen und in den umliegenden seichten Gew\u00e4ssern schnorcheln k\u00f6nnen. Und w\u00e4hrenddessen k\u00f6nnen Sie an Deck der Yacht ein k\u00f6stliches Mittagsbuffet genie\u00dfen. Von Reis, Nudeln, Salaten und Grillh\u00e4hnchen bis hin zu Fisch haben wir f\u00fcr jeden Geschmack etwas dabei.<\/p>\n<p>Am Ende des Tages werden Sie zu Ihrem Hotel zur\u00fcckgebracht und f\u00fchlen sich erf\u00fcllt und gl\u00fccklich. Dieser Tauchausflug zum Nationalpark Ras Mohammed ist ein Muss f\u00fcr Naturliebhaber und wir sorgen daf\u00fcr, dass Sie eine unterhaltsame und unvergessliche Zeit haben.<\/p>\n<p>Begleiten Sie uns auf dieser unglaublichen Bootsfahrt und lassen Sie uns gemeinsam unvergessliche Erinnerungen schaffen!<\/p>\n","protected":false},"featured_media":100408,"comment_status":"open","ping_status":"closed","template":"","meta":{"_coblocks_attr":"","_coblocks_dimensions":"","_coblocks_responsive_height":"","_coblocks_accordion_ie_support":"","_uag_custom_page_level_css":"","jetpack_publicize_message":"","jetpack_publicize_feature_enabled":true,"jetpack_social_post_already_shared":true,"jetpack_social_options":{"image_generator_settings":{"template":"highway","default_image_id":0,"font":"","enabled":false},"version":2},"_wpas_customize_per_network":false},"product_brand":[],"product_cat":[1606,1604,23606],"product_tag":[1653,1844,1777,1778,1657,2114],"class_list":{"0":"post-1259","1":"product","2":"type-product","3":"status-publish","4":"has-post-thumbnail","6":"product_cat-seereisen-sharm-sheikh","7":"product_cat-ausfluge-sharm-sheikh","8":"product_cat-tagesausfluege-sharm-sheikh","9":"product_tag-ausflug","10":"product_tag-bootsausfluge","11":"product_tag-meer","12":"product_tag-schnorcheln","13":"product_tag-sharm-el-sheikh-de","14":"product_tag-tauchen","15":"pa_age-erwachsene","16":"pa_age-kind","18":"first","19":"instock","20":"sale","21":"purchasable","22":"product-type-variable"},"yoast_head":"<!-- This site is optimized with the Yoast SEO Premium plugin v27.5 (Yoast SEO v27.5) - https:\/\/yoast.com\/product\/yoast-seo-premium-wordpress\/ -->\n<title>Ras Mohammed Tauchausflug Sharm El Sheikh<\/title>\n<meta name=\"description\" content=\"Ras Mohammed Tauchausflug Sharm El Sheikh gibt Ihnen die M\u00f6glichkeit, zweimal mit Unterwasseratemger\u00e4t unter Wasser zu tauchen, preis\" \/>\n<meta name=\"robots\" content=\"index, follow, max-snippet:-1, max-image-preview:large, max-video-preview:-1\" \/>\n<link rel=\"canonical\" href=\"https:\/\/landioustravel.com\/de\/shop\/ausflugstauchen-ras-mohammed-sharm-sheikh\/\" \/>\n<meta property=\"og:locale\" content=\"de_DE\" \/>\n<meta property=\"og:type\" content=\"article\" \/>\n<meta property=\"og:title\" content=\"Ras Mohammed Tauchausflug Sharm El Sheikh\" \/>\n<meta property=\"og:description\" content=\"Landious Travel\" \/>\n<meta property=\"og:url\" content=\"https:\/\/landioustravel.com\/de\/shop\/ausflugstauchen-ras-mohammed-sharm-sheikh\/\" \/>\n<meta property=\"og:site_name\" content=\"Landious Travel\" \/>\n<meta property=\"article:publisher\" content=\"https:\/\/web.facebook.com\/landiousEgypt\" \/>\n<meta property=\"article:modified_time\" content=\"2026-04-20T17:13:42+00:00\" \/>\n<meta property=\"og:image\" content=\"https:\/\/i0.wp.com\/landioustravel.com\/wp-content\/uploads\/2018\/12\/Ras-Muhammad-Protected-Diving-e1669506469715.jpg?fit=1200%2C675&ssl=1\" \/>\n\t<meta property=\"og:image:width\" content=\"1200\" \/>\n\t<meta property=\"og:image:height\" content=\"675\" \/>\n\t<meta property=\"og:image:type\" content=\"image\/jpeg\" \/>\n<meta name=\"twitter:card\" content=\"summary_large_image\" \/>\n<meta name=\"twitter:site\" content=\"@LandiousTours\" \/>\n<meta name=\"twitter:label1\" content=\"Gesch\u00e4tzte Lesezeit\" \/>\n\t<meta name=\"twitter:data1\" content=\"3\u00a0Minuten\" \/>\n<script type=\"application\/ld+json\" class=\"yoast-schema-graph\">{\"@context\":\"https:\\\/\\\/schema.org\",\"@graph\":[{\"@type\":\"WebPage\",\"@id\":\"https:\\\/\\\/landioustravel.com\\\/de\\\/shop\\\/ausflugstauchen-ras-mohammed-sharm-sheikh\\\/\",\"url\":\"https:\\\/\\\/landioustravel.com\\\/de\\\/shop\\\/ausflugstauchen-ras-mohammed-sharm-sheikh\\\/\",\"name\":\"Ras Mohammed Tauchausflug Sharm El Sheikh\",\"isPartOf\":{\"@id\":\"https:\\\/\\\/landioustravel.com\\\/de\\\/#website\"},\"primaryImageOfPage\":{\"@id\":\"https:\\\/\\\/landioustravel.com\\\/de\\\/shop\\\/ausflugstauchen-ras-mohammed-sharm-sheikh\\\/#primaryimage\"},\"image\":{\"@id\":\"https:\\\/\\\/landioustravel.com\\\/de\\\/shop\\\/ausflugstauchen-ras-mohammed-sharm-sheikh\\\/#primaryimage\"},\"thumbnailUrl\":\"https:\\\/\\\/i0.wp.com\\\/landioustravel.com\\\/wp-content\\\/uploads\\\/2018\\\/12\\\/Ras-Muhammad-Protected-Diving-e1669506469715.jpg?fit=1200%2C675&ssl=1\",\"datePublished\":\"2019-01-17T22:24:00+00:00\",\"dateModified\":\"2026-04-20T17:13:42+00:00\",\"description\":\"Ras Mohammed Tauchausflug Sharm El Sheikh gibt Ihnen die M\u00f6glichkeit, zweimal mit Unterwasseratemger\u00e4t unter Wasser zu tauchen, preis\",\"breadcrumb\":{\"@id\":\"https:\\\/\\\/landioustravel.com\\\/de\\\/shop\\\/ausflugstauchen-ras-mohammed-sharm-sheikh\\\/#breadcrumb\"},\"inLanguage\":\"de\",\"potentialAction\":[{\"@type\":\"ReadAction\",\"target\":[\"https:\\\/\\\/landioustravel.com\\\/de\\\/shop\\\/ausflugstauchen-ras-mohammed-sharm-sheikh\\\/\"]}]},{\"@type\":\"ImageObject\",\"inLanguage\":\"de\",\"@id\":\"https:\\\/\\\/landioustravel.com\\\/de\\\/shop\\\/ausflugstauchen-ras-mohammed-sharm-sheikh\\\/#primaryimage\",\"url\":\"https:\\\/\\\/i0.wp.com\\\/landioustravel.com\\\/wp-content\\\/uploads\\\/2018\\\/12\\\/Ras-Muhammad-Protected-Diving-e1669506469715.jpg?fit=1200%2C675&ssl=1\",\"contentUrl\":\"https:\\\/\\\/i0.wp.com\\\/landioustravel.com\\\/wp-content\\\/uploads\\\/2018\\\/12\\\/Ras-Muhammad-Protected-Diving-e1669506469715.jpg?fit=1200%2C675&ssl=1\",\"width\":1200,\"height\":675,\"caption\":\"Ras Mohammed Diving Excursion Sharm\"},{\"@type\":\"BreadcrumbList\",\"@id\":\"https:\\\/\\\/landioustravel.com\\\/de\\\/shop\\\/ausflugstauchen-ras-mohammed-sharm-sheikh\\\/#breadcrumb\",\"itemListElement\":[{\"@type\":\"ListItem\",\"position\":1,\"name\":\"Home\",\"item\":\"https:\\\/\\\/landioustravel.com\\\/de\\\/\"},{\"@type\":\"ListItem\",\"position\":2,\"name\":\"\u00c4gypten Touren\",\"item\":\"https:\\\/\\\/landioustravel.com\\\/de\\\/\"},{\"@type\":\"ListItem\",\"position\":3,\"name\":\"Ras Mohammed Tauchausflug Sharm El Sheikh\"}]},{\"@type\":\"WebSite\",\"@id\":\"https:\\\/\\\/landioustravel.com\\\/de\\\/#website\",\"url\":\"https:\\\/\\\/landioustravel.com\\\/de\\\/\",\"name\":\"Landious Travel\",\"description\":\"Excursions, trips and cruises in Egypt\",\"publisher\":{\"@id\":\"https:\\\/\\\/landioustravel.com\\\/de\\\/#organization\"},\"potentialAction\":[{\"@type\":\"SearchAction\",\"target\":{\"@type\":\"EntryPoint\",\"urlTemplate\":\"https:\\\/\\\/landioustravel.com\\\/de\\\/?s={search_term_string}\"},\"query-input\":{\"@type\":\"PropertyValueSpecification\",\"valueRequired\":true,\"valueName\":\"search_term_string\"}}],\"inLanguage\":\"de\"},{\"@type\":[\"Organization\",\"Place\"],\"@id\":\"https:\\\/\\\/landioustravel.com\\\/de\\\/#organization\",\"name\":\"Landious Travel\",\"alternateName\":\"Landious Travel\",\"url\":\"https:\\\/\\\/landioustravel.com\\\/de\\\/\",\"logo\":{\"@id\":\"https:\\\/\\\/landioustravel.com\\\/de\\\/shop\\\/ausflugstauchen-ras-mohammed-sharm-sheikh\\\/#local-main-organization-logo\"},\"image\":{\"@id\":\"https:\\\/\\\/landioustravel.com\\\/de\\\/shop\\\/ausflugstauchen-ras-mohammed-sharm-sheikh\\\/#local-main-organization-logo\"},\"sameAs\":[\"https:\\\/\\\/web.facebook.com\\\/landiousEgypt\",\"https:\\\/\\\/x.com\\\/LandiousTours\",\"https:\\\/\\\/mastodon.social\\\/@landious\"],\"legalName\":\"Landious Travel\",\"telephone\":[],\"openingHoursSpecification\":[{\"@type\":\"OpeningHoursSpecification\",\"dayOfWeek\":[\"Monday\",\"Tuesday\",\"Wednesday\",\"Thursday\",\"Friday\",\"Saturday\",\"Sunday\"],\"opens\":\"09:00\",\"closes\":\"17:00\"}]},{\"@type\":\"ImageObject\",\"inLanguage\":\"de\",\"@id\":\"https:\\\/\\\/landioustravel.com\\\/de\\\/shop\\\/ausflugstauchen-ras-mohammed-sharm-sheikh\\\/#local-main-organization-logo\",\"url\":\"https:\\\/\\\/i0.wp.com\\\/landioustravel.com\\\/wp-content\\\/uploads\\\/2021\\\/06\\\/Landious-T.png?fit=500%2C500&ssl=1\",\"contentUrl\":\"https:\\\/\\\/i0.wp.com\\\/landioustravel.com\\\/wp-content\\\/uploads\\\/2021\\\/06\\\/Landious-T.png?fit=500%2C500&ssl=1\",\"width\":500,\"height\":500,\"caption\":\"Landious Travel\"}]}<\/script>\n<!-- \/ Yoast SEO Premium plugin. -->","yoast_head_json":{"title":"Ras Mohammed Tauchausflug Sharm El Sheikh","description":"Ras Mohammed Tauchausflug Sharm El Sheikh gibt Ihnen die M\u00f6glichkeit, zweimal mit Unterwasseratemger\u00e4t unter Wasser zu tauchen, preis","robots":{"index":"index","follow":"follow","max-snippet":"max-snippet:-1","max-image-preview":"max-image-preview:large","max-video-preview":"max-video-preview:-1"},"canonical":"https:\/\/landioustravel.com\/de\/shop\/ausflugstauchen-ras-mohammed-sharm-sheikh\/","og_locale":"de_DE","og_type":"article","og_title":"Ras Mohammed Tauchausflug Sharm El Sheikh","og_description":"Landious Travel","og_url":"https:\/\/landioustravel.com\/de\/shop\/ausflugstauchen-ras-mohammed-sharm-sheikh\/","og_site_name":"Landious Travel","article_publisher":"https:\/\/web.facebook.com\/landiousEgypt","article_modified_time":"2026-04-20T17:13:42+00:00","og_image":[{"width":1200,"height":675,"url":"https:\/\/i0.wp.com\/landioustravel.com\/wp-content\/uploads\/2018\/12\/Ras-Muhammad-Protected-Diving-e1669506469715.jpg?fit=1200%2C675&ssl=1","type":"image\/jpeg"}],"twitter_card":"summary_large_image","twitter_site":"@LandiousTours","twitter_misc":{"Gesch\u00e4tzte Lesezeit":"3\u00a0Minuten"},"schema":{"@context":"https:\/\/schema.org","@graph":[{"@type":"WebPage","@id":"https:\/\/landioustravel.com\/de\/shop\/ausflugstauchen-ras-mohammed-sharm-sheikh\/","url":"https:\/\/landioustravel.com\/de\/shop\/ausflugstauchen-ras-mohammed-sharm-sheikh\/","name":"Ras Mohammed Tauchausflug Sharm El Sheikh","isPartOf":{"@id":"https:\/\/landioustravel.com\/de\/#website"},"primaryImageOfPage":{"@id":"https:\/\/landioustravel.com\/de\/shop\/ausflugstauchen-ras-mohammed-sharm-sheikh\/#primaryimage"},"image":{"@id":"https:\/\/landioustravel.com\/de\/shop\/ausflugstauchen-ras-mohammed-sharm-sheikh\/#primaryimage"},"thumbnailUrl":"https:\/\/i0.wp.com\/landioustravel.com\/wp-content\/uploads\/2018\/12\/Ras-Muhammad-Protected-Diving-e1669506469715.jpg?fit=1200%2C675&ssl=1","datePublished":"2019-01-17T22:24:00+00:00","dateModified":"2026-04-20T17:13:42+00:00","description":"Ras Mohammed Tauchausflug Sharm El Sheikh gibt Ihnen die M\u00f6glichkeit, zweimal mit Unterwasseratemger\u00e4t unter Wasser zu tauchen, preis","breadcrumb":{"@id":"https:\/\/landioustravel.com\/de\/shop\/ausflugstauchen-ras-mohammed-sharm-sheikh\/#breadcrumb"},"inLanguage":"de","potentialAction":[{"@type":"ReadAction","target":["https:\/\/landioustravel.com\/de\/shop\/ausflugstauchen-ras-mohammed-sharm-sheikh\/"]}]},{"@type":"ImageObject","inLanguage":"de","@id":"https:\/\/landioustravel.com\/de\/shop\/ausflugstauchen-ras-mohammed-sharm-sheikh\/#primaryimage","url":"https:\/\/i0.wp.com\/landioustravel.com\/wp-content\/uploads\/2018\/12\/Ras-Muhammad-Protected-Diving-e1669506469715.jpg?fit=1200%2C675&ssl=1","contentUrl":"https:\/\/i0.wp.com\/landioustravel.com\/wp-content\/uploads\/2018\/12\/Ras-Muhammad-Protected-Diving-e1669506469715.jpg?fit=1200%2C675&ssl=1","width":1200,"height":675,"caption":"Ras Mohammed Diving Excursion Sharm"},{"@type":"BreadcrumbList","@id":"https:\/\/landioustravel.com\/de\/shop\/ausflugstauchen-ras-mohammed-sharm-sheikh\/#breadcrumb","itemListElement":[{"@type":"ListItem","position":1,"name":"Home","item":"https:\/\/landioustravel.com\/de\/"},{"@type":"ListItem","position":2,"name":"\u00c4gypten Touren","item":"https:\/\/landioustravel.com\/de\/"},{"@type":"ListItem","position":3,"name":"Ras Mohammed Tauchausflug Sharm El Sheikh"}]},{"@type":"WebSite","@id":"https:\/\/landioustravel.com\/de\/#website","url":"https:\/\/landioustravel.com\/de\/","name":"Landious Travel","description":"Excursions, trips and cruises in Egypt","publisher":{"@id":"https:\/\/landioustravel.com\/de\/#organization"},"potentialAction":[{"@type":"SearchAction","target":{"@type":"EntryPoint","urlTemplate":"https:\/\/landioustravel.com\/de\/?s={search_term_string}"},"query-input":{"@type":"PropertyValueSpecification","valueRequired":true,"valueName":"search_term_string"}}],"inLanguage":"de"},{"@type":["Organization","Place"],"@id":"https:\/\/landioustravel.com\/de\/#organization","name":"Landious Travel","alternateName":"Landious Travel","url":"https:\/\/landioustravel.com\/de\/","logo":{"@id":"https:\/\/landioustravel.com\/de\/shop\/ausflugstauchen-ras-mohammed-sharm-sheikh\/#local-main-organization-logo"},"image":{"@id":"https:\/\/landioustravel.com\/de\/shop\/ausflugstauchen-ras-mohammed-sharm-sheikh\/#local-main-organization-logo"},"sameAs":["https:\/\/web.facebook.com\/landiousEgypt","https:\/\/x.com\/LandiousTours","https:\/\/mastodon.social\/@landious"],"legalName":"Landious Travel","telephone":[],"openingHoursSpecification":[{"@type":"OpeningHoursSpecification","dayOfWeek":["Monday","Tuesday","Wednesday","Thursday","Friday","Saturday","Sunday"],"opens":"09:00","closes":"17:00"}]},{"@type":"ImageObject","inLanguage":"de","@id":"https:\/\/landioustravel.com\/de\/shop\/ausflugstauchen-ras-mohammed-sharm-sheikh\/#local-main-organization-logo","url":"https:\/\/i0.wp.com\/landioustravel.com\/wp-content\/uploads\/2021\/06\/Landious-T.png?fit=500%2C500&ssl=1","contentUrl":"https:\/\/i0.wp.com\/landioustravel.com\/wp-content\/uploads\/2021\/06\/Landious-T.png?fit=500%2C500&ssl=1","width":500,"height":500,"caption":"Landious Travel"}]}},"jetpack_publicize_connections":[],"uagb_featured_image_src":{"full":["https:\/\/i0.wp.com\/landioustravel.com\/wp-content\/uploads\/2018\/12\/Ras-Muhammad-Protected-Diving-e1669506469715.jpg?fit=1200%2C675&ssl=1",1200,675,false],"thumbnail":["https:\/\/i0.wp.com\/landioustravel.com\/wp-content\/uploads\/2018\/12\/Ras-Muhammad-Protected-Diving-e1669506469715.jpg?resize=150%2C150&ssl=1",150,150,true],"medium":["https:\/\/i0.wp.com\/landioustravel.com\/wp-content\/uploads\/2018\/12\/Ras-Muhammad-Protected-Diving-e1669506469715.jpg?fit=300%2C169&ssl=1",300,169,true],"medium_large":["https:\/\/i0.wp.com\/landioustravel.com\/wp-content\/uploads\/2018\/12\/Ras-Muhammad-Protected-Diving-e1669506469715.jpg?fit=768%2C432&ssl=1",768,432,true],"large":["https:\/\/i0.wp.com\/landioustravel.com\/wp-content\/uploads\/2018\/12\/Ras-Muhammad-Protected-Diving-e1669506469715.jpg?fit=980%2C551&ssl=1",980,551,true],"1536x1536":["https:\/\/i0.wp.com\/landioustravel.com\/wp-content\/uploads\/2018\/12\/Ras-Muhammad-Protected-Diving-e1669506469715.jpg?fit=1536%2C996&ssl=1",1536,996,true],"2048x2048":["https:\/\/i0.wp.com\/landioustravel.com\/wp-content\/uploads\/2018\/12\/Ras-Muhammad-Protected-Diving-e1669506469715.jpg?fit=1200%2C675&ssl=1",1200,675,true],"newspack-article-block-landscape-large":["https:\/\/i0.wp.com\/landioustravel.com\/wp-content\/uploads\/2018\/12\/Ras-Muhammad-Protected-Diving-e1669506469715.jpg?resize=1200%2C675&ssl=1",1200,675,true],"newspack-article-block-portrait-large":["https:\/\/i0.wp.com\/landioustravel.com\/wp-content\/uploads\/2018\/12\/Ras-Muhammad-Protected-Diving-e1669506469715.jpg?resize=900%2C675&ssl=1",900,675,true],"newspack-article-block-square-large":["https:\/\/i0.wp.com\/landioustravel.com\/wp-content\/uploads\/2018\/12\/Ras-Muhammad-Protected-Diving-e1669506469715.jpg?resize=1200%2C675&ssl=1",1200,675,true],"newspack-article-block-landscape-medium":["https:\/\/i0.wp.com\/landioustravel.com\/wp-content\/uploads\/2018\/12\/Ras-Muhammad-Protected-Diving-e1669506469715.jpg?resize=800%2C600&ssl=1",800,600,true],"newspack-article-block-portrait-medium":["https:\/\/i0.wp.com\/landioustravel.com\/wp-content\/uploads\/2018\/12\/Ras-Muhammad-Protected-Diving-e1669506469715.jpg?resize=600%2C675&ssl=1",600,675,true],"newspack-article-block-square-medium":["https:\/\/i0.wp.com\/landioustravel.com\/wp-content\/uploads\/2018\/12\/Ras-Muhammad-Protected-Diving-e1669506469715.jpg?resize=800%2C675&ssl=1",800,675,true],"newspack-article-block-landscape-intermediate":["https:\/\/i0.wp.com\/landioustravel.com\/wp-content\/uploads\/2018\/12\/Ras-Muhammad-Protected-Diving-e1669506469715.jpg?resize=600%2C450&ssl=1",600,450,true],"newspack-article-block-portrait-intermediate":["https:\/\/i0.wp.com\/landioustravel.com\/wp-content\/uploads\/2018\/12\/Ras-Muhammad-Protected-Diving-e1669506469715.jpg?resize=450%2C600&ssl=1",450,600,true],"newspack-article-block-square-intermediate":["https:\/\/i0.wp.com\/landioustravel.com\/wp-content\/uploads\/2018\/12\/Ras-Muhammad-Protected-Diving-e1669506469715.jpg?resize=600%2C600&ssl=1",600,600,true],"newspack-article-block-landscape-small":["https:\/\/i0.wp.com\/landioustravel.com\/wp-content\/uploads\/2018\/12\/Ras-Muhammad-Protected-Diving-e1669506469715.jpg?resize=400%2C300&ssl=1",400,300,true],"newspack-article-block-portrait-small":["https:\/\/i0.wp.com\/landioustravel.com\/wp-content\/uploads\/2018\/12\/Ras-Muhammad-Protected-Diving-e1669506469715.jpg?resize=300%2C400&ssl=1",300,400,true],"newspack-article-block-square-small":["https:\/\/i0.wp.com\/landioustravel.com\/wp-content\/uploads\/2018\/12\/Ras-Muhammad-Protected-Diving-e1669506469715.jpg?resize=400%2C400&ssl=1",400,400,true],"newspack-article-block-landscape-tiny":["https:\/\/i0.wp.com\/landioustravel.com\/wp-content\/uploads\/2018\/12\/Ras-Muhammad-Protected-Diving-e1669506469715.jpg?resize=200%2C150&ssl=1",200,150,true],"newspack-article-block-portrait-tiny":["https:\/\/i0.wp.com\/landioustravel.com\/wp-content\/uploads\/2018\/12\/Ras-Muhammad-Protected-Diving-e1669506469715.jpg?resize=150%2C200&ssl=1",150,200,true],"newspack-article-block-square-tiny":["https:\/\/i0.wp.com\/landioustravel.com\/wp-content\/uploads\/2018\/12\/Ras-Muhammad-Protected-Diving-e1669506469715.jpg?resize=200%2C200&ssl=1",200,200,true],"newspack-article-block-uncropped":["https:\/\/i0.wp.com\/landioustravel.com\/wp-content\/uploads\/2018\/12\/Ras-Muhammad-Protected-Diving-e1669506469715.jpg?fit=1200%2C675&ssl=1",1200,675,true],"woocommerce_thumbnail":["https:\/\/i0.wp.com\/landioustravel.com\/wp-content\/uploads\/2018\/12\/Ras-Muhammad-Protected-Diving-e1669506469715.jpg?resize=324%2C324&ssl=1",324,324,true],"woocommerce_single":["https:\/\/i0.wp.com\/landioustravel.com\/wp-content\/uploads\/2018\/12\/Ras-Muhammad-Protected-Diving-e1669506469715.jpg?fit=416%2C234&ssl=1",416,234,true],"woocommerce_gallery_thumbnail":["https:\/\/i0.wp.com\/landioustravel.com\/wp-content\/uploads\/2018\/12\/Ras-Muhammad-Protected-Diving-e1669506469715.jpg?resize=100%2C100&ssl=1",100,100,true]},"uagb_author_info":{"display_name":"Mofreh Landious","author_link":"https:\/\/landioustravel.com\/de\/author\/"},"uagb_comment_info":5,"uagb_excerpt":"Begeben Sie sich vom Yachthafen von Sharm El Sheikh aus auf ein aufregendes Abenteuer und entdecken Sie die Wunder des Roten Meeres wie nie zuvor! Auf dieser unglaublichen Bootstour werden Sie zum atemberaubenden Ras-Mohammed-Nationalpark und zur White Island gebracht, wo Sie das lebhafte Korallenriff und das kristallklare Wasser erkunden k\u00f6nnen. Machen Sie sich bereit f\u00fcr&hellip;","jetpack_sharing_enabled":true,"jetpack_likes_enabled":true,"amp_enabled":true,"_links":{"self":[{"href":"https:\/\/landioustravel.com\/de\/wp-json\/wp\/v2\/product\/1259","targetHints":{"allow":["GET"]}}],"collection":[{"href":"https:\/\/landioustravel.com\/de\/wp-json\/wp\/v2\/product"}],"about":[{"href":"https:\/\/landioustravel.com\/de\/wp-json\/wp\/v2\/types\/product"}],"replies":[{"embeddable":true,"href":"https:\/\/landioustravel.com\/de\/wp-json\/wp\/v2\/comments?post=1259"}],"wp:featuredmedia":[{"embeddable":true,"href":"https:\/\/landioustravel.com\/de\/wp-json\/wp\/v2\/media\/100408"}],"wp:attachment":[{"href":"https:\/\/landioustravel.com\/de\/wp-json\/wp\/v2\/media?parent=1259"}],"wp:term":[{"taxonomy":"product_brand","embeddable":true,"href":"https:\/\/landioustravel.com\/de\/wp-json\/wp\/v2\/product_brand?post=1259"},{"taxonomy":"product_cat","embeddable":true,"href":"https:\/\/landioustravel.com\/de\/wp-json\/wp\/v2\/product_cat?post=1259"},{"taxonomy":"product_tag","embeddable":true,"href":"https:\/\/landioustravel.com\/de\/wp-json\/wp\/v2\/product_tag?post=1259"}],"curies":[{"name":"wp","href":"https:\/\/api.w.org\/{rel}","templated":true}]}}