{"id":1268,"date":"2018-11-24T23:26:03","date_gmt":"2019-01-18T15:30:09","guid":{"rendered":"https:\/\/landioustravel.com\/?post_type=product&#038;p=1268"},"modified":"2026-03-14T19:14:12","modified_gmt":"2026-03-14T17:14:12","slug":"exkursion-mega-safari-hurghada","status":"publish","type":"product","link":"https:\/\/landioustravel.com\/de\/shop\/exkursion-mega-safari-hurghada\/","title":{"rendered":"Mega Safari Ausflug Hurghada"},"content":{"rendered":"<p>Wir empfehlen die Reise, da Touristen auf einer Strecke von 50 km Quad fahren k\u00f6nnen. Die Reise erm\u00f6glicht es Ihnen auch, die W\u00fcste zu sehen und sich mit dem Lebensstil der Beduinen vertraut zu machen. Au\u00dferdem beinhaltet es einen Besuch im Beduinendorf, wo Sie mehr Unterhaltungsstopps erhalten. Wir nennen dieses Programm Mega Safari, denn es geht 50 km durch die W\u00fcste. Auch weil es mehrere Unterhaltungspunkte hat. Es ist der aktivste Ausflug auf W\u00fcstensafari in <a href=\"https:\/\/landioustravel.com\/de\/hurghada-stadt\/\">Hurghada<\/a>, <a href=\"https:\/\/landioustravel.com\/de\/agypten\/\">\u00c4gypten<\/a>! ONLINE BUCHUNG MEGA SAFARI AUSFLUG HURGHADA UND BESTER PREIS!<\/p>\n<h2>H\u00f6hepunkte der Mega Safari Exkursion Hurghada<\/h2>\n<ul>\n<li>Fahren Sie mit dem Quad 50 km durch die W\u00fcste.<\/li>\n<li>Dann Kamel- und Buggyreiten.<\/li>\n<li>Als n\u00e4chstes beobachten Sie das Terrarium.<\/li>\n<li>Und das Beduinendorf besuchen.<\/li>\n<li>Trotzdem haben Sie Zeit f\u00fcr Abendessen und orientalische T\u00e4nze.<\/li>\n<\/ul>\n<h3>Programm der Mega-Safari-Reise<\/h3>\n<ul>\n<li>Zun\u00e4chst holt Sie der Vertreter von <a href=\"https:\/\/landioustravel.com\/de\/kontakte\/\">Landious Travel<\/a> gegen 13:00 Uhr von Ihrem Hotel in Hurghada ab.<\/li>\n<li>Zweitens, nachdem alle Ank\u00f6mmlinge abgeholt wurden, f\u00e4hrt der Minibus \/ Jeep in Richtung W\u00fcste und f\u00e4hrt zu unserem Quad-Bike-Center. Der Weg zu diesem Zentrum dauert ungef\u00e4hr 25 Minuten.<\/li>\n<\/ul>\n<h4 style=\"text-align: center;\">Aufw\u00e4rmen &amp; Anleitung<\/h4>\n<ul>\n<li>Zuerst machen Sie sich bereit, eine Sonnenbrille zu tragen, einen Schal auf den Kopf zu falten und einen Helm aufzusetzen.<\/li>\n<li>Zweitens wird es f\u00fcr kurze Zeit Unterricht und Schulung geben. Dieses Training machen wir, um sicherzustellen, dass Sie Quads sicher fahren k\u00f6nnen.<\/li>\n<\/ul>\n<h5 style=\"text-align: center;\">Quadfahren in Richtung Beduinendorf<\/h5>\n<ul>\n<li>Schlie\u00dflich starten Sie Ihren Mega-Safari-Zeitplan, indem Sie 25 km durch die W\u00fcste in Richtung Beduinendorf fahren.<\/li>\n<\/ul>\n<h5 style=\"text-align: center;\">Aktivit\u00e4ten im Beduinendorf<\/h5>\n<ul>\n<li>Sobald Sie im Beduinendorf angekommen sind, reiten Sie Kamele. Au\u00dferdem k\u00f6nnen Sie mit Beduinen fotografieren.<\/li>\n<li>Dann fahren Sie etwa 10 Minuten mit dem D\u00fcnenbuggy.<\/li>\n<li>Nach der Fahrt mit dem D\u00fcnenbuggy fahren Sie weiter bis zur n\u00e4chsten Haltestelle. Dieser Stopp wird das Terrarium beobachten.<\/li>\n<li>Nat\u00fcrlich gibt es in Beduin Village noch mehr zu tun. Auf dem Weg begleitet Sie Ihr F\u00fchrer in das Beduinendorf. Dann zeigt er Ihnen, wie die Beduinen in der W\u00fcste leben. Insbesondere zeigt er Ihnen, wie sie Brot zubereiten und kochen. Es wird sehr interessant sein!<\/li>\n<li>Im Beduinenzelt werden Sie zu Abend essen.<\/li>\n<li>Au\u00dferdem beobachten Sie die orientalischen T\u00e4nze und blicken durch ein Teleskop auf Sterne.<\/li>\n<\/ul>\n<h5 style=\"text-align: center;\">Quad Biken in Richtung Bahnhof<\/h5>\n<ul>\n<li>Der n\u00e4chste wichtige Punkt in diesem Programm ist die R\u00fcckfahrt von 25 km zur Basis.<\/li>\n<\/ul>\n<h5 style=\"text-align: center;\">Zur\u00fcck zuhause<\/h5>\n<ul>\n<li>Schlie\u00dflich begleiten wir Sie nach einem fantastischen Abenteuer in der W\u00fcste um Hurghada zur\u00fcck zu Ihren Hotels.<\/li>\n<li>Diese Exkursions-Mega-Safari in <a href=\"https:\/\/www.google.de\/maps\/place\/Hurghada,+Al-Bahr+al-ahmar\/@27.1928369,33.5015083,10z\/data=!3m1!4b1!4m5!3m4!1s0x145287b2cd3dbbb3:0x2db807f98bd3c360!8m2!3d27.2578957!4d33.8116067\" target=\"_blank\" rel=\"noopener\">Hurghada<\/a> endet gegen 19:00 Uhr.<\/li>\n<\/ul>\n<h4>Was beinhaltet der Preis f\u00fcr Mega Safari Reise Hurghada?<\/h4>\n<ul>\n<li>Mittagessen.<\/li>\n<li>Transfer in die W\u00fcste und zur\u00fcck zum Hotel.<\/li>\n<\/ul>\n<h5>Was beinhaltet der Preis der Reise nicht?<\/h5>\n<ul>\n<li>Video DVD.<\/li>\n<li>Auch die Foto-CD.<\/li>\n<\/ul>\n<h6>Was Sie f\u00fcr die Reise mitnehmen sollten<\/h6>\n<ul>\n<li>Schal.<\/li>\n<li>Auch Sonnenbrillen.<\/li>\n<\/ul>\n<h6>Mega Safari Exkursion Hurghada Buchungstage<\/h6>\n<ul>\n<li>T\u00e4glich von 13:00 bis 19:00 Uhr.<\/li>\n<\/ul>\n","protected":false},"excerpt":{"rendered":"<p>Wenn Sie auf der Suche nach einem aufregenden Abenteuer sind, ist die W\u00fcste von Hurghada der perfekte Spielplatz f\u00fcr Gel\u00e4ndefahrzeuge. Sie haben viel Platz zum Beschleunigen und zum Aufwirbeln von Sand. Der beste Teil? Sie m\u00fcssen sich um die Organisation nichts k\u00fcmmern. Tauchen Sie bei diesem ATV-Ausflug in die Beduinenkultur ein und genie\u00dfen Sie das Gel\u00e4nde. Nachdem Sie Anweisungen erhalten haben, sausen Sie \u00fcber den Sand zu einem Beduinendorf, wo Sie mit den freundlichen Einheimischen plaudern, auf einem Kamel reiten, den Sonnenuntergang beobachten und das Abendessen genie\u00dfen k\u00f6nnen. Bevor Sie es merken, sausen Sie zur\u00fcck zur Basis auf Ihrem eigenen ATV. Diese Tour ab Hurghada ist die einfachste M\u00f6glichkeit, das ATV-Fahren auszuprobieren, da Ausr\u00fcstung und Anleitung im Preis inbegriffen sind. Genie\u00dfen Sie den Komfort des R\u00fccktransports sowie der Abholung und R\u00fcckgabe vom Hotel.<\/p>\n<p>Am Nachmittag holen wir Sie von Ihrem Hotel in Hurghada ab und bringen Sie in einem klimatisierten Fahrzeug in die W\u00fcstenwildnis in der N\u00e4he des Resorts. Wenn Sie sich der Quad-Bike-Station n\u00e4hern, werden Sie von den kargen Bergen und Ebenen fasziniert sein. Bevor Sie Ihre aufregende Fahrt beginnen, h\u00f6ren Sie sich eine Sicherheitseinweisung an und lernen Sie von einem erfahrenen Instruktor die Regeln des Offroad-Fahrens. Sobald Sie bereit sind, steigen Sie auf Ihr robustes Allradfahrrad, setzen Sie Ihren mitgelieferten Helm auf und erhalten Sie Anweisungen zur Bedienung der Bedienelemente. Wenn Sie Ihrem F\u00fchrer im Konvoi durch den Sand folgen, wird Ihr Selbstvertrauen zunehmen und Sie werden unterwegs schneller. Wirbeln Sie etwas Staub auf und genie\u00dfen Sie die Landschaft, w\u00e4hrend Sie \u00fcber den W\u00fcstensand und das schroffe Gel\u00e4nde in Richtung eines Beduinendorfs rasen. Nach etwa 28 Meilen (45,06 km) erreichen Sie die Siedlung. Dort k\u00f6nnen Sie einen erfrischenden Tee trinken, eine Shisha trinken, auf einem Kamel reiten und mit den freundlichen Einheimischen zu Abend essen. Klettern Sie abschlie\u00dfend auf eine der sanften D\u00fcnen, um den Sonnenuntergang in der W\u00fcste zu fotografieren, bevor Sie zu Ihrem Quad zur\u00fcckkehren und zur Basis zur\u00fcckfahren. Wir bringen Sie zu Ihrem Hotel, um Ihr Erlebnis abzuschlie\u00dfen.<\/p>\n<p>Wenn Sie auf der Suche nach einer ausgedehnten Sahara-Safari in Hurghada sind, ist Hurghada Mega-Safari die beste Wahl. Sie fahren haupts\u00e4chlich Quads und D\u00fcnenbuggys, es gibt aber auch andere Unterhaltungsangebote wie Kamelreiten und Beobachten des Terrariums. Diese Safari bietet Ihnen auch die M\u00f6glichkeit, die Beduinen zu treffen und mehr \u00fcber ihre Kultur zu erfahren. Sie genie\u00dfen das Abendessen und folkloristische T\u00e4nze in einem Beduinenzelt, was es zu einem umfassenden Erlebnis macht.<\/p>\n","protected":false},"featured_media":1378,"comment_status":"open","ping_status":"closed","template":"","meta":{"_coblocks_attr":"","_coblocks_dimensions":"","_coblocks_responsive_height":"","_coblocks_accordion_ie_support":"","_uag_custom_page_level_css":"","jetpack_post_was_ever_published":false,"jetpack_publicize_message":"","jetpack_publicize_feature_enabled":true,"jetpack_social_post_already_shared":true,"jetpack_social_options":{"image_generator_settings":{"template":"highway","default_image_id":0,"font":"","enabled":false},"version":2},"_wpas_customize_per_network":false},"product_brand":[],"product_cat":[22096,1597,22160,1602],"product_tag":[1653,1774,2180,2177,2113],"class_list":{"0":"post-1268","1":"product","2":"type-product","3":"status-publish","4":"has-post-thumbnail","6":"product_cat-budgetfreundliche-hurghada-ausfluege","7":"product_cat-ausfluge-hurghada","8":"product_cat-hurghada-quad-touren","9":"product_cat-safaritouren-hurghada","10":"product_tag-ausflug","11":"product_tag-hurghada-de","12":"product_tag-quadfahren","13":"product_tag-safari-de","14":"product_tag-wustensafari","16":"first","17":"instock","18":"sale","19":"purchasable","20":"product-type-variable"},"yoast_head":"<!-- This site is optimized with the Yoast SEO Premium plugin v26.9 (Yoast SEO v27.3) - https:\/\/yoast.com\/product\/yoast-seo-premium-wordpress\/ -->\n<title>Mega Safari Ausflug Hurghada - Buchen - Landious Travel<\/title>\n<meta name=\"description\" content=\"Mega Safari Ausflug Hurghada Quadfahren, Kamel und Buggy, Besuch des Terrariums und Beduinen der Antike. Das Programm beinhaltet Abendessen\" \/>\n<meta name=\"robots\" content=\"index, follow, max-snippet:-1, max-image-preview:large, max-video-preview:-1\" \/>\n<link rel=\"canonical\" href=\"https:\/\/landioustravel.com\/de\/shop\/exkursion-mega-safari-hurghada\/\" \/>\n<meta property=\"og:locale\" content=\"de_DE\" \/>\n<meta property=\"og:type\" content=\"article\" \/>\n<meta property=\"og:title\" content=\"Mega Safari Ausflug Hurghada\" \/>\n<meta property=\"og:description\" content=\"Landious Travel\" \/>\n<meta property=\"og:url\" content=\"https:\/\/landioustravel.com\/de\/shop\/exkursion-mega-safari-hurghada\/\" \/>\n<meta property=\"og:site_name\" content=\"Landious Travel\" \/>\n<meta property=\"article:publisher\" content=\"https:\/\/web.facebook.com\/landiousEgypt\" \/>\n<meta property=\"article:modified_time\" content=\"2026-03-14T17:14:12+00:00\" \/>\n<meta property=\"og:image\" content=\"https:\/\/i0.wp.com\/landioustravel.com\/wp-content\/uploads\/2019\/01\/Exkursion_Mega-Safari_in_Hurghada-e1552759603273.jpg?fit=1200%2C673&ssl=1\" \/>\n\t<meta property=\"og:image:width\" content=\"1200\" \/>\n\t<meta property=\"og:image:height\" content=\"673\" \/>\n\t<meta property=\"og:image:type\" content=\"image\/jpeg\" \/>\n<meta name=\"twitter:card\" content=\"summary_large_image\" \/>\n<meta name=\"twitter:site\" content=\"@LandiousTours\" \/>\n<meta name=\"twitter:label1\" content=\"Gesch\u00e4tzte Lesezeit\" \/>\n\t<meta name=\"twitter:data1\" content=\"2\u00a0Minuten\" \/>\n<script type=\"application\/ld+json\" class=\"yoast-schema-graph\">{\"@context\":\"https:\\\/\\\/schema.org\",\"@graph\":[{\"@type\":\"WebPage\",\"@id\":\"https:\\\/\\\/landioustravel.com\\\/de\\\/shop\\\/exkursion-mega-safari-hurghada\\\/\",\"url\":\"https:\\\/\\\/landioustravel.com\\\/de\\\/shop\\\/exkursion-mega-safari-hurghada\\\/\",\"name\":\"Mega Safari Ausflug Hurghada - Buchen - Landious Travel\",\"isPartOf\":{\"@id\":\"https:\\\/\\\/landioustravel.com\\\/de\\\/#website\"},\"primaryImageOfPage\":{\"@id\":\"https:\\\/\\\/landioustravel.com\\\/de\\\/shop\\\/exkursion-mega-safari-hurghada\\\/#primaryimage\"},\"image\":{\"@id\":\"https:\\\/\\\/landioustravel.com\\\/de\\\/shop\\\/exkursion-mega-safari-hurghada\\\/#primaryimage\"},\"thumbnailUrl\":\"https:\\\/\\\/i0.wp.com\\\/landioustravel.com\\\/wp-content\\\/uploads\\\/2019\\\/01\\\/Exkursion_Mega-Safari_in_Hurghada-e1552759603273.jpg?fit=1200%2C673&ssl=1\",\"datePublished\":\"2019-01-18T15:30:09+00:00\",\"dateModified\":\"2026-03-14T17:14:12+00:00\",\"description\":\"Mega Safari Ausflug Hurghada Quadfahren, Kamel und Buggy, Besuch des Terrariums und Beduinen der Antike. Das Programm beinhaltet Abendessen\",\"breadcrumb\":{\"@id\":\"https:\\\/\\\/landioustravel.com\\\/de\\\/shop\\\/exkursion-mega-safari-hurghada\\\/#breadcrumb\"},\"inLanguage\":\"de\",\"potentialAction\":[{\"@type\":\"ReadAction\",\"target\":[\"https:\\\/\\\/landioustravel.com\\\/de\\\/shop\\\/exkursion-mega-safari-hurghada\\\/\"]}]},{\"@type\":\"ImageObject\",\"inLanguage\":\"de\",\"@id\":\"https:\\\/\\\/landioustravel.com\\\/de\\\/shop\\\/exkursion-mega-safari-hurghada\\\/#primaryimage\",\"url\":\"https:\\\/\\\/i0.wp.com\\\/landioustravel.com\\\/wp-content\\\/uploads\\\/2019\\\/01\\\/Exkursion_Mega-Safari_in_Hurghada-e1552759603273.jpg?fit=1200%2C673&ssl=1\",\"contentUrl\":\"https:\\\/\\\/i0.wp.com\\\/landioustravel.com\\\/wp-content\\\/uploads\\\/2019\\\/01\\\/Exkursion_Mega-Safari_in_Hurghada-e1552759603273.jpg?fit=1200%2C673&ssl=1\",\"width\":1200,\"height\":673,\"caption\":\"Exkursion Mega-Safari in Hurghada\"},{\"@type\":\"BreadcrumbList\",\"@id\":\"https:\\\/\\\/landioustravel.com\\\/de\\\/shop\\\/exkursion-mega-safari-hurghada\\\/#breadcrumb\",\"itemListElement\":[{\"@type\":\"ListItem\",\"position\":1,\"name\":\"Home\",\"item\":\"https:\\\/\\\/landioustravel.com\\\/de\\\/\"},{\"@type\":\"ListItem\",\"position\":2,\"name\":\"\u00c4gypten Touren\",\"item\":\"https:\\\/\\\/landioustravel.com\\\/de\\\/\"},{\"@type\":\"ListItem\",\"position\":3,\"name\":\"Mega Safari Ausflug Hurghada\"}]},{\"@type\":\"WebSite\",\"@id\":\"https:\\\/\\\/landioustravel.com\\\/de\\\/#website\",\"url\":\"https:\\\/\\\/landioustravel.com\\\/de\\\/\",\"name\":\"Landious Travel\",\"description\":\"Excursions, trips and cruises in Egypt\",\"publisher\":{\"@id\":\"https:\\\/\\\/landioustravel.com\\\/de\\\/#organization\"},\"potentialAction\":[{\"@type\":\"SearchAction\",\"target\":{\"@type\":\"EntryPoint\",\"urlTemplate\":\"https:\\\/\\\/landioustravel.com\\\/de\\\/?s={search_term_string}\"},\"query-input\":{\"@type\":\"PropertyValueSpecification\",\"valueRequired\":true,\"valueName\":\"search_term_string\"}}],\"inLanguage\":\"de\"},{\"@type\":[\"Organization\",\"Place\"],\"@id\":\"https:\\\/\\\/landioustravel.com\\\/de\\\/#organization\",\"name\":\"Landious Travel\",\"alternateName\":\"Landious Travel\",\"url\":\"https:\\\/\\\/landioustravel.com\\\/de\\\/\",\"logo\":{\"@id\":\"https:\\\/\\\/landioustravel.com\\\/de\\\/shop\\\/exkursion-mega-safari-hurghada\\\/#local-main-organization-logo\"},\"image\":{\"@id\":\"https:\\\/\\\/landioustravel.com\\\/de\\\/shop\\\/exkursion-mega-safari-hurghada\\\/#local-main-organization-logo\"},\"sameAs\":[\"https:\\\/\\\/web.facebook.com\\\/landiousEgypt\",\"https:\\\/\\\/x.com\\\/LandiousTours\",\"https:\\\/\\\/mastodon.social\\\/@landious\"],\"legalName\":\"Landious Travel\",\"telephone\":[],\"openingHoursSpecification\":[{\"@type\":\"OpeningHoursSpecification\",\"dayOfWeek\":[\"Monday\",\"Tuesday\",\"Wednesday\",\"Thursday\",\"Friday\",\"Saturday\",\"Sunday\"],\"opens\":\"09:00\",\"closes\":\"17:00\"}]},{\"@type\":\"ImageObject\",\"inLanguage\":\"de\",\"@id\":\"https:\\\/\\\/landioustravel.com\\\/de\\\/shop\\\/exkursion-mega-safari-hurghada\\\/#local-main-organization-logo\",\"url\":\"https:\\\/\\\/i0.wp.com\\\/landioustravel.com\\\/wp-content\\\/uploads\\\/2021\\\/06\\\/Landious-T.png?fit=500%2C500&ssl=1\",\"contentUrl\":\"https:\\\/\\\/i0.wp.com\\\/landioustravel.com\\\/wp-content\\\/uploads\\\/2021\\\/06\\\/Landious-T.png?fit=500%2C500&ssl=1\",\"width\":500,\"height\":500,\"caption\":\"Landious Travel\"}]}<\/script>\n<!-- \/ Yoast SEO Premium plugin. -->","yoast_head_json":{"title":"Mega Safari Ausflug Hurghada - Buchen - Landious Travel","description":"Mega Safari Ausflug Hurghada Quadfahren, Kamel und Buggy, Besuch des Terrariums und Beduinen der Antike. Das Programm beinhaltet Abendessen","robots":{"index":"index","follow":"follow","max-snippet":"max-snippet:-1","max-image-preview":"max-image-preview:large","max-video-preview":"max-video-preview:-1"},"canonical":"https:\/\/landioustravel.com\/de\/shop\/exkursion-mega-safari-hurghada\/","og_locale":"de_DE","og_type":"article","og_title":"Mega Safari Ausflug Hurghada","og_description":"Landious Travel","og_url":"https:\/\/landioustravel.com\/de\/shop\/exkursion-mega-safari-hurghada\/","og_site_name":"Landious Travel","article_publisher":"https:\/\/web.facebook.com\/landiousEgypt","article_modified_time":"2026-03-14T17:14:12+00:00","og_image":[{"width":1200,"height":673,"url":"https:\/\/i0.wp.com\/landioustravel.com\/wp-content\/uploads\/2019\/01\/Exkursion_Mega-Safari_in_Hurghada-e1552759603273.jpg?fit=1200%2C673&ssl=1","type":"image\/jpeg"}],"twitter_card":"summary_large_image","twitter_site":"@LandiousTours","twitter_misc":{"Gesch\u00e4tzte Lesezeit":"2\u00a0Minuten"},"schema":{"@context":"https:\/\/schema.org","@graph":[{"@type":"WebPage","@id":"https:\/\/landioustravel.com\/de\/shop\/exkursion-mega-safari-hurghada\/","url":"https:\/\/landioustravel.com\/de\/shop\/exkursion-mega-safari-hurghada\/","name":"Mega Safari Ausflug Hurghada - Buchen - Landious Travel","isPartOf":{"@id":"https:\/\/landioustravel.com\/de\/#website"},"primaryImageOfPage":{"@id":"https:\/\/landioustravel.com\/de\/shop\/exkursion-mega-safari-hurghada\/#primaryimage"},"image":{"@id":"https:\/\/landioustravel.com\/de\/shop\/exkursion-mega-safari-hurghada\/#primaryimage"},"thumbnailUrl":"https:\/\/i0.wp.com\/landioustravel.com\/wp-content\/uploads\/2019\/01\/Exkursion_Mega-Safari_in_Hurghada-e1552759603273.jpg?fit=1200%2C673&ssl=1","datePublished":"2019-01-18T15:30:09+00:00","dateModified":"2026-03-14T17:14:12+00:00","description":"Mega Safari Ausflug Hurghada Quadfahren, Kamel und Buggy, Besuch des Terrariums und Beduinen der Antike. Das Programm beinhaltet Abendessen","breadcrumb":{"@id":"https:\/\/landioustravel.com\/de\/shop\/exkursion-mega-safari-hurghada\/#breadcrumb"},"inLanguage":"de","potentialAction":[{"@type":"ReadAction","target":["https:\/\/landioustravel.com\/de\/shop\/exkursion-mega-safari-hurghada\/"]}]},{"@type":"ImageObject","inLanguage":"de","@id":"https:\/\/landioustravel.com\/de\/shop\/exkursion-mega-safari-hurghada\/#primaryimage","url":"https:\/\/i0.wp.com\/landioustravel.com\/wp-content\/uploads\/2019\/01\/Exkursion_Mega-Safari_in_Hurghada-e1552759603273.jpg?fit=1200%2C673&ssl=1","contentUrl":"https:\/\/i0.wp.com\/landioustravel.com\/wp-content\/uploads\/2019\/01\/Exkursion_Mega-Safari_in_Hurghada-e1552759603273.jpg?fit=1200%2C673&ssl=1","width":1200,"height":673,"caption":"Exkursion Mega-Safari in Hurghada"},{"@type":"BreadcrumbList","@id":"https:\/\/landioustravel.com\/de\/shop\/exkursion-mega-safari-hurghada\/#breadcrumb","itemListElement":[{"@type":"ListItem","position":1,"name":"Home","item":"https:\/\/landioustravel.com\/de\/"},{"@type":"ListItem","position":2,"name":"\u00c4gypten Touren","item":"https:\/\/landioustravel.com\/de\/"},{"@type":"ListItem","position":3,"name":"Mega Safari Ausflug Hurghada"}]},{"@type":"WebSite","@id":"https:\/\/landioustravel.com\/de\/#website","url":"https:\/\/landioustravel.com\/de\/","name":"Landious Travel","description":"Excursions, trips and cruises in Egypt","publisher":{"@id":"https:\/\/landioustravel.com\/de\/#organization"},"potentialAction":[{"@type":"SearchAction","target":{"@type":"EntryPoint","urlTemplate":"https:\/\/landioustravel.com\/de\/?s={search_term_string}"},"query-input":{"@type":"PropertyValueSpecification","valueRequired":true,"valueName":"search_term_string"}}],"inLanguage":"de"},{"@type":["Organization","Place"],"@id":"https:\/\/landioustravel.com\/de\/#organization","name":"Landious Travel","alternateName":"Landious Travel","url":"https:\/\/landioustravel.com\/de\/","logo":{"@id":"https:\/\/landioustravel.com\/de\/shop\/exkursion-mega-safari-hurghada\/#local-main-organization-logo"},"image":{"@id":"https:\/\/landioustravel.com\/de\/shop\/exkursion-mega-safari-hurghada\/#local-main-organization-logo"},"sameAs":["https:\/\/web.facebook.com\/landiousEgypt","https:\/\/x.com\/LandiousTours","https:\/\/mastodon.social\/@landious"],"legalName":"Landious Travel","telephone":[],"openingHoursSpecification":[{"@type":"OpeningHoursSpecification","dayOfWeek":["Monday","Tuesday","Wednesday","Thursday","Friday","Saturday","Sunday"],"opens":"09:00","closes":"17:00"}]},{"@type":"ImageObject","inLanguage":"de","@id":"https:\/\/landioustravel.com\/de\/shop\/exkursion-mega-safari-hurghada\/#local-main-organization-logo","url":"https:\/\/i0.wp.com\/landioustravel.com\/wp-content\/uploads\/2021\/06\/Landious-T.png?fit=500%2C500&ssl=1","contentUrl":"https:\/\/i0.wp.com\/landioustravel.com\/wp-content\/uploads\/2021\/06\/Landious-T.png?fit=500%2C500&ssl=1","width":500,"height":500,"caption":"Landious Travel"}]}},"jetpack_publicize_connections":[],"uagb_featured_image_src":{"full":["https:\/\/i0.wp.com\/landioustravel.com\/wp-content\/uploads\/2019\/01\/Exkursion_Mega-Safari_in_Hurghada-e1552759603273.jpg?fit=1200%2C673&ssl=1",1200,673,false],"thumbnail":["https:\/\/i0.wp.com\/landioustravel.com\/wp-content\/uploads\/2019\/01\/Exkursion_Mega-Safari_in_Hurghada-e1552759603273.jpg?resize=150%2C150&ssl=1",150,150,true],"medium":["https:\/\/i0.wp.com\/landioustravel.com\/wp-content\/uploads\/2019\/01\/Exkursion_Mega-Safari_in_Hurghada-e1552759603273.jpg?fit=300%2C168&ssl=1",300,168,true],"medium_large":["https:\/\/i0.wp.com\/landioustravel.com\/wp-content\/uploads\/2019\/01\/Exkursion_Mega-Safari_in_Hurghada-e1552759603273.jpg?fit=768%2C431&ssl=1",768,431,true],"large":["https:\/\/i0.wp.com\/landioustravel.com\/wp-content\/uploads\/2019\/01\/Exkursion_Mega-Safari_in_Hurghada-e1552759603273.jpg?fit=980%2C549&ssl=1",980,549,true],"1536x1536":["https:\/\/i0.wp.com\/landioustravel.com\/wp-content\/uploads\/2019\/01\/Exkursion_Mega-Safari_in_Hurghada-e1552759603273.jpg?fit=1200%2C673&ssl=1",1200,673,true],"2048x2048":["https:\/\/i0.wp.com\/landioustravel.com\/wp-content\/uploads\/2019\/01\/Exkursion_Mega-Safari_in_Hurghada-e1552759603273.jpg?fit=1200%2C673&ssl=1",1200,673,true],"newspack-article-block-landscape-large":["https:\/\/i0.wp.com\/landioustravel.com\/wp-content\/uploads\/2019\/01\/Exkursion_Mega-Safari_in_Hurghada-e1552759603273.jpg?resize=1200%2C673&ssl=1",1200,673,true],"newspack-article-block-portrait-large":["https:\/\/i0.wp.com\/landioustravel.com\/wp-content\/uploads\/2019\/01\/Exkursion_Mega-Safari_in_Hurghada-e1552759603273.jpg?resize=900%2C673&ssl=1",900,673,true],"newspack-article-block-square-large":["https:\/\/i0.wp.com\/landioustravel.com\/wp-content\/uploads\/2019\/01\/Exkursion_Mega-Safari_in_Hurghada-e1552759603273.jpg?resize=1200%2C673&ssl=1",1200,673,true],"newspack-article-block-landscape-medium":["https:\/\/i0.wp.com\/landioustravel.com\/wp-content\/uploads\/2019\/01\/Exkursion_Mega-Safari_in_Hurghada-e1552759603273.jpg?resize=800%2C600&ssl=1",800,600,true],"newspack-article-block-portrait-medium":["https:\/\/i0.wp.com\/landioustravel.com\/wp-content\/uploads\/2019\/01\/Exkursion_Mega-Safari_in_Hurghada-e1552759603273.jpg?resize=600%2C673&ssl=1",600,673,true],"newspack-article-block-square-medium":["https:\/\/i0.wp.com\/landioustravel.com\/wp-content\/uploads\/2019\/01\/Exkursion_Mega-Safari_in_Hurghada-e1552759603273.jpg?resize=800%2C673&ssl=1",800,673,true],"newspack-article-block-landscape-intermediate":["https:\/\/i0.wp.com\/landioustravel.com\/wp-content\/uploads\/2019\/01\/Exkursion_Mega-Safari_in_Hurghada-e1552759603273.jpg?resize=600%2C450&ssl=1",600,450,true],"newspack-article-block-portrait-intermediate":["https:\/\/i0.wp.com\/landioustravel.com\/wp-content\/uploads\/2019\/01\/Exkursion_Mega-Safari_in_Hurghada-e1552759603273.jpg?resize=450%2C600&ssl=1",450,600,true],"newspack-article-block-square-intermediate":["https:\/\/i0.wp.com\/landioustravel.com\/wp-content\/uploads\/2019\/01\/Exkursion_Mega-Safari_in_Hurghada-e1552759603273.jpg?resize=600%2C600&ssl=1",600,600,true],"newspack-article-block-landscape-small":["https:\/\/i0.wp.com\/landioustravel.com\/wp-content\/uploads\/2019\/01\/Exkursion_Mega-Safari_in_Hurghada-e1552759603273.jpg?resize=400%2C300&ssl=1",400,300,true],"newspack-article-block-portrait-small":["https:\/\/i0.wp.com\/landioustravel.com\/wp-content\/uploads\/2019\/01\/Exkursion_Mega-Safari_in_Hurghada-e1552759603273.jpg?resize=300%2C400&ssl=1",300,400,true],"newspack-article-block-square-small":["https:\/\/i0.wp.com\/landioustravel.com\/wp-content\/uploads\/2019\/01\/Exkursion_Mega-Safari_in_Hurghada-e1552759603273.jpg?resize=400%2C400&ssl=1",400,400,true],"newspack-article-block-landscape-tiny":["https:\/\/i0.wp.com\/landioustravel.com\/wp-content\/uploads\/2019\/01\/Exkursion_Mega-Safari_in_Hurghada-e1552759603273.jpg?resize=200%2C150&ssl=1",200,150,true],"newspack-article-block-portrait-tiny":["https:\/\/i0.wp.com\/landioustravel.com\/wp-content\/uploads\/2019\/01\/Exkursion_Mega-Safari_in_Hurghada-e1552759603273.jpg?resize=150%2C200&ssl=1",150,200,true],"newspack-article-block-square-tiny":["https:\/\/i0.wp.com\/landioustravel.com\/wp-content\/uploads\/2019\/01\/Exkursion_Mega-Safari_in_Hurghada-e1552759603273.jpg?resize=200%2C200&ssl=1",200,200,true],"newspack-article-block-uncropped":["https:\/\/i0.wp.com\/landioustravel.com\/wp-content\/uploads\/2019\/01\/Exkursion_Mega-Safari_in_Hurghada-e1552759603273.jpg?fit=1200%2C673&ssl=1",1200,673,true],"woocommerce_thumbnail":["https:\/\/i0.wp.com\/landioustravel.com\/wp-content\/uploads\/2019\/01\/Exkursion_Mega-Safari_in_Hurghada-e1552759603273.jpg?resize=324%2C324&ssl=1",324,324,true],"woocommerce_single":["https:\/\/i0.wp.com\/landioustravel.com\/wp-content\/uploads\/2019\/01\/Exkursion_Mega-Safari_in_Hurghada-e1552759603273.jpg?fit=416%2C233&ssl=1",416,233,true],"woocommerce_gallery_thumbnail":["https:\/\/i0.wp.com\/landioustravel.com\/wp-content\/uploads\/2019\/01\/Exkursion_Mega-Safari_in_Hurghada-e1552759603273.jpg?resize=100%2C100&ssl=1",100,100,true]},"uagb_author_info":{"display_name":"Mofreh Landious","author_link":"https:\/\/landioustravel.com\/de\/author\/"},"uagb_comment_info":3,"uagb_excerpt":"Wenn Sie auf der Suche nach einem aufregenden Abenteuer sind, ist die W\u00fcste von Hurghada der perfekte Spielplatz f\u00fcr Gel\u00e4ndefahrzeuge. Sie haben viel Platz zum Beschleunigen und zum Aufwirbeln von Sand. Der beste Teil? Sie m\u00fcssen sich um die Organisation nichts k\u00fcmmern. Tauchen Sie bei diesem ATV-Ausflug in die Beduinenkultur ein und genie\u00dfen Sie das&hellip;","jetpack_sharing_enabled":true,"jetpack_likes_enabled":true,"amp_enabled":true,"_links":{"self":[{"href":"https:\/\/landioustravel.com\/de\/wp-json\/wp\/v2\/product\/1268","targetHints":{"allow":["GET"]}}],"collection":[{"href":"https:\/\/landioustravel.com\/de\/wp-json\/wp\/v2\/product"}],"about":[{"href":"https:\/\/landioustravel.com\/de\/wp-json\/wp\/v2\/types\/product"}],"replies":[{"embeddable":true,"href":"https:\/\/landioustravel.com\/de\/wp-json\/wp\/v2\/comments?post=1268"}],"wp:featuredmedia":[{"embeddable":true,"href":"https:\/\/landioustravel.com\/de\/wp-json\/wp\/v2\/media\/1378"}],"wp:attachment":[{"href":"https:\/\/landioustravel.com\/de\/wp-json\/wp\/v2\/media?parent=1268"}],"wp:term":[{"taxonomy":"product_brand","embeddable":true,"href":"https:\/\/landioustravel.com\/de\/wp-json\/wp\/v2\/product_brand?post=1268"},{"taxonomy":"product_cat","embeddable":true,"href":"https:\/\/landioustravel.com\/de\/wp-json\/wp\/v2\/product_cat?post=1268"},{"taxonomy":"product_tag","embeddable":true,"href":"https:\/\/landioustravel.com\/de\/wp-json\/wp\/v2\/product_tag?post=1268"}],"curies":[{"name":"wp","href":"https:\/\/api.w.org\/{rel}","templated":true}]}}