{"id":1269,"date":"2018-11-24T20:28:55","date_gmt":"2019-01-18T15:43:04","guid":{"rendered":"https:\/\/landioustravel.com\/?post_type=product&#038;p=1269"},"modified":"2025-10-01T20:20:09","modified_gmt":"2025-10-01T17:20:09","slug":"ausflug-gesundheitszentrum-hurghada","status":"publish","type":"product","link":"https:\/\/landioustravel.com\/de\/shop\/ausflug-gesundheitszentrum-hurghada\/","title":{"rendered":"Spa Center Ausflug Hurghada"},"content":{"rendered":"<p>Es ist eine sehr wichtige Gesundheitsreise zum t\u00fcrkischen Bade-Hammam in <a href=\"https:\/\/landioustravel.com\/de\/hurghada-stadt\/\">Hurghada<\/a>, <a href=\"https:\/\/landioustravel.com\/de\/agypten\/\">\u00c4gypten<\/a>! Wir empfehlen die Reise, weil sie die Durchblutung verbessert, die gesunde Atmung wiederherstellt und bei Schlaflosigkeit hilft. Au\u00dferdem behandelt es effektiv verschiedene Hautkrankheiten, verj\u00fcngt und heilt K\u00f6rper und Seele! ONLINE BUCHUNG SPA CENTER AUSFLUG HURGHADA UND BESTER PREIS!<\/p>\n<h2>Highlights auf Spa Center Ausflug Hurghada<\/h2>\n<ul>\n<li>Mit einem Cocktail einmassieren.<\/li>\n<li>Hammam.<\/li>\n<li>Sauna.<\/li>\n<li>Bachbad.<\/li>\n<li>Whirlpool.<\/li>\n<li>Auch K\u00f6rperpeeling mit Schaum und Maske.<\/li>\n<\/ul>\n<h3>Ausflugsprogramm zum Wellnesscenter<\/h3>\n<ul>\n<li>Zun\u00e4chst holt Sie der Vertreter von <a href=\"https:\/\/landioustravel.com\/de\/kontakte\/\">Landious Travel<\/a> gegen 16:00 Uhr von Ihrem Hotel in Hurghada ab. bin.<\/li>\n<li>Zweitens f\u00e4hrt der Bus nach Abholung aller Ank\u00f6mmlinge zum Rivoli Spa Center. Der Weg zu diesem Spa dauert ca. 15 Minuten.<\/li>\n<\/ul>\n<h4 style=\"text-align: center;\">Prozeduren im Spa<\/h4>\n<ul>\n<li>Sobald Sie in Rivoli angekommen sind, beginnt das Ausflugsprogramm. Dieses Programm mit all seinen verschiedenen Verfahren dauert 2 Stunden.<\/li>\n<li>Zun\u00e4chst begr\u00fc\u00dfen Sie die Mitarbeiter des Wellness-Spezialisten. Anschlie\u00dfend erkl\u00e4ren sie, wie Sie sich zwischen den verschiedenen Umgebungen des Spas bewegen k\u00f6nnen. Au\u00dferdem zeigen sie Ihnen einen separaten Bereich zum Wechseln der Kleidung und geben Ihnen frische, saubere Kleidung. Wenn Sie fertig sind, haben Sie ein t\u00fcrkisches Bad. Was bedeutet T\u00fcrkisches Bad? Das T\u00fcrkische Bad ist eine regenerierende Behandlung f\u00fcr den K\u00f6rper. Diese Behandlung findet in einer bestimmten Umgebung statt. Es besteht aus einem Raum mit hei\u00dfem und trockenem Luftstrom. Die Wirkung dieser Umgebung l\u00e4sst Ihren K\u00f6rper allm\u00e4hlich nass werden. Sicherlich wird dieser Prozess Ihren K\u00f6rper von allen Giftstoffen ausscheiden. Zus\u00e4tzlich hat diese Umgebung sanftes Licht und sanfte Musik, um ein entspannendes Gef\u00fchl zu vermitteln. Dann erhalten Sie einige spezielle Verfahren. Durch diese Verfahren wird Ihr K\u00f6rper mit parf\u00fcmierten \u00d6len bedeckt. Dadurch f\u00fchlen Sie sich total erfrischt und voller Energie!<\/li>\n<li>Anschlie\u00dfend setzen Sie sich 15 Minuten lang in der Sauna dem Dampf aus.<\/li>\n<li>Nach der Sauna f\u00fchren Sie Massagisten zur Peeling- und Schaummassage.<\/li>\n<li>Au\u00dferdem steigen Sie f\u00fcr 15 Minuten in den Whirlpool.<\/li>\n<li>Sp\u00e4ter kommt der letzte Punkt dieses Programms _ Massage. Diese K\u00f6rpermassage dauert 50 Minuten.<\/li>\n<\/ul>\n<h5 style=\"text-align: center;\">Zur\u00fcck zuhause<\/h5>\n<ul>\n<li>Schlie\u00dflich begleiten wir Sie nach einer so freudigen Erfrischung im besten Spa-Center zur\u00fcck zu Ihrem Hotel.<\/li>\n<li>Dieser Ausflug von <a href=\"https:\/\/www.google.de\/maps\/place\/Hurghada,+Al-Bahr+al-ahmar\/@27.1928369,33.5015083,10z\/data=!3m1!4b1!4m5!3m4!1s0x145287b2cd3dbbb3:0x2db807f98bd3c360!8m2!3d27.2578957!4d33.8116067\" target=\"_blank\" rel=\"noopener\">Hurghada<\/a> zum Wellnesscenter endet gegen 13:00 Uhr.<\/li>\n<\/ul>\n<h4>Was beinhaltet der Preis f\u00fcr den Spa Center Ausflug Hurghada?<\/h4>\n<ul>\n<li>Transfer zum Fitnesscenter und zur\u00fcck zum Hotel.<\/li>\n<\/ul>\n<h5>Was beinhaltet das Programm der Spa Center Exkursion Hurghada nicht?<\/h5>\n<ul>\n<li>Alle zus\u00e4tzlichen Programme oder Verfahren, sofern diese nicht im oben genannten Programm enthalten sind.<\/li>\n<\/ul>\n<h6>Was nehmen Sie f\u00fcr die Reise mit?<\/h6>\n<p>Sonnenbrille.<\/p>\n<h6>Spa Center Ausflug Hurghada Buchungstage<\/h6>\n<ul>\n<li>T\u00e4glich von 11:00 bis 13:00 Uhr.<\/li>\n<\/ul>\n","protected":false},"excerpt":{"rendered":"<p>Suchen Sie nach einer M\u00f6glichkeit, sich zu entspannen und sich verj\u00fcngt zu f\u00fchlen? G\u00f6nnen Sie sich einen luxuri\u00f6sen Spa-Tag in Hurghada! Dieser Ausflug ist die perfekte M\u00f6glichkeit, sich zu entspannen und sich erfrischt, jugendlich und sch\u00f6n zu f\u00fchlen. Im Wellnesscenter werden Sie mit einer Reihe von Behandlungen und Massagen verw\u00f6hnt, darunter ein t\u00fcrkisches Bad, ein K\u00f6rperpeeling, eine Sauna und ein Whirlpool.<\/p>\n<p>Zu den H\u00f6hepunkten der Tour geh\u00f6ren eine anregende t\u00fcrkische Schaummassage und ein Peeling, freie Zeit zum Genie\u00dfen der Sauna, des Dampfbads und des Whirlpools sowie ein hei\u00dfes Getr\u00e4nk zur Erfrischung. Erleben Sie auch die wohltuende Wirkung einer Ganzk\u00f6rpermassage, die Ihnen ein entspanntes und verj\u00fcngtes Gef\u00fchl verleiht.<\/p>\n<p>Unser Tourprogramm beginnt damit, dass wir Sie von Ihrem Hotel abholen und zum Spa im Herzen der Stadt bringen. Unser freundliches und sachkundiges Personal hei\u00dft Sie willkommen und erkl\u00e4rt Ihnen, wie Sie sich in den verschiedenen Umgebungen zurechtfinden, die mit sanftem Licht und beruhigender Musik eine entspannende und magische Atmosph\u00e4re schaffen sollen.<\/p>\n<p>Wir empfehlen Ihnen, zu Beginn Ihrer Reise das T\u00fcrkische Bad zu besuchen, um ein Abbl\u00e4ttern der Haut nach dem Sonnenbad zu vermeiden. Entspannen Sie sich in der Sauna, genie\u00dfen Sie den Whirlpool und probieren Sie eine Seifenmassage und ein Peeling. G\u00f6nnen Sie sich eine Gesichtsmaske und eine 45-min\u00fctige Ganzk\u00f6rpermassage, um Ihre Haut zu verw\u00f6hnen und ein neues Gef\u00fchl zu hinterlassen.<\/p>\n<p>Nach Abschluss Ihres zweist\u00fcndigen Programms begleiten wir Sie zur\u00fcck zu Ihrem Hotel. Alle unsere Pakete beinhalten Transfers im privaten, klimatisierten Fahrzeug, Peeling, Dampfbad, Schaummassage, Sauna, Whirlpool, 45-min\u00fctige Ganzk\u00f6rpermassage, Peeling, Reiseleitung, Handtuch und ein Begr\u00fc\u00dfungsgetr\u00e4nk.<\/p>\n<p>G\u00f6nnen Sie sich einen luxuri\u00f6sen Spa-Tag und verlassen Sie sich erfrischt und verj\u00fcngt!<\/p>\n","protected":false},"featured_media":137491,"comment_status":"open","ping_status":"closed","template":"","meta":{"_coblocks_attr":"","_coblocks_dimensions":"","_coblocks_responsive_height":"","_coblocks_accordion_ie_support":"","_uag_custom_page_level_css":"","jetpack_publicize_message":"","jetpack_publicize_feature_enabled":true,"jetpack_social_post_already_shared":true,"jetpack_social_options":{"image_generator_settings":{"template":"highway","default_image_id":0,"font":"","enabled":false},"version":2},"_wpas_customize_per_network":false},"product_brand":[],"product_cat":[22096,1597,1600],"product_tag":[1653,1774,2195,2212,2220],"class_list":{"0":"post-1269","1":"product","2":"type-product","3":"status-publish","4":"has-post-thumbnail","6":"product_cat-budgetfreundliche-hurghada-ausfluege","7":"product_cat-ausfluge-hurghada","8":"product_cat-wellnessausfluge-hurghada","9":"product_tag-ausflug","10":"product_tag-hurghada-de","11":"product_tag-sauna-de","12":"product_tag-turkisches-bad","13":"product_tag-wellness-zentrum-de","15":"first","16":"instock","17":"sale","18":"virtual","19":"purchasable","20":"product-type-simple"},"yoast_head":"<!-- This site is optimized with the Yoast SEO Premium plugin v27.5 (Yoast SEO v27.5) - https:\/\/yoast.com\/product\/yoast-seo-premium-wordpress\/ -->\n<title>Spa Center Ausflug Hurghada - Buchen - Landious Travel<\/title>\n<meta name=\"description\" content=\"Spa Center Ausflug Hurghada ein paar Behandlungen g\u00f6nnen. Dazu geh\u00f6ren Sauna, Massage, Whirlpool, Hamam und K\u00f6rperpeeling mit Schaum\" \/>\n<meta name=\"robots\" content=\"index, follow, max-snippet:-1, max-image-preview:large, max-video-preview:-1\" \/>\n<link rel=\"canonical\" href=\"https:\/\/landioustravel.com\/de\/shop\/ausflug-gesundheitszentrum-hurghada\/\" \/>\n<meta property=\"og:locale\" content=\"de_DE\" \/>\n<meta property=\"og:type\" content=\"article\" \/>\n<meta property=\"og:title\" content=\"Spa Center Ausflug Hurghada\" \/>\n<meta property=\"og:description\" content=\"Landious Travel\" \/>\n<meta property=\"og:url\" content=\"https:\/\/landioustravel.com\/de\/shop\/ausflug-gesundheitszentrum-hurghada\/\" \/>\n<meta property=\"og:site_name\" content=\"Landious Travel\" \/>\n<meta property=\"article:publisher\" content=\"https:\/\/web.facebook.com\/landiousEgypt\" \/>\n<meta property=\"article:modified_time\" content=\"2025-10-01T17:20:09+00:00\" \/>\n<meta property=\"og:image\" content=\"https:\/\/i0.wp.com\/landioustravel.com\/wp-content\/uploads\/2018\/11\/Spa-Centre-Excursion-Hurghada-e1670658431807.jpg?fit=1200%2C675&ssl=1\" \/>\n\t<meta property=\"og:image:width\" content=\"1200\" \/>\n\t<meta property=\"og:image:height\" content=\"675\" \/>\n\t<meta property=\"og:image:type\" content=\"image\/jpeg\" \/>\n<meta name=\"twitter:card\" content=\"summary_large_image\" \/>\n<meta name=\"twitter:site\" content=\"@LandiousTours\" \/>\n<meta name=\"twitter:label1\" content=\"Gesch\u00e4tzte Lesezeit\" \/>\n\t<meta name=\"twitter:data1\" content=\"2\u00a0Minuten\" \/>\n<script type=\"application\/ld+json\" class=\"yoast-schema-graph\">{\"@context\":\"https:\\\/\\\/schema.org\",\"@graph\":[{\"@type\":\"WebPage\",\"@id\":\"https:\\\/\\\/landioustravel.com\\\/de\\\/shop\\\/ausflug-gesundheitszentrum-hurghada\\\/\",\"url\":\"https:\\\/\\\/landioustravel.com\\\/de\\\/shop\\\/ausflug-gesundheitszentrum-hurghada\\\/\",\"name\":\"Spa Center Ausflug Hurghada - Buchen - Landious Travel\",\"isPartOf\":{\"@id\":\"https:\\\/\\\/landioustravel.com\\\/de\\\/#website\"},\"primaryImageOfPage\":{\"@id\":\"https:\\\/\\\/landioustravel.com\\\/de\\\/shop\\\/ausflug-gesundheitszentrum-hurghada\\\/#primaryimage\"},\"image\":{\"@id\":\"https:\\\/\\\/landioustravel.com\\\/de\\\/shop\\\/ausflug-gesundheitszentrum-hurghada\\\/#primaryimage\"},\"thumbnailUrl\":\"https:\\\/\\\/i0.wp.com\\\/landioustravel.com\\\/wp-content\\\/uploads\\\/2018\\\/11\\\/Spa-Centre-Excursion-Hurghada-e1670658431807.jpg?fit=1200%2C675&ssl=1\",\"datePublished\":\"2019-01-18T15:43:04+00:00\",\"dateModified\":\"2025-10-01T17:20:09+00:00\",\"description\":\"Spa Center Ausflug Hurghada ein paar Behandlungen g\u00f6nnen. Dazu geh\u00f6ren Sauna, Massage, Whirlpool, Hamam und K\u00f6rperpeeling mit Schaum\",\"breadcrumb\":{\"@id\":\"https:\\\/\\\/landioustravel.com\\\/de\\\/shop\\\/ausflug-gesundheitszentrum-hurghada\\\/#breadcrumb\"},\"inLanguage\":\"de\",\"potentialAction\":[{\"@type\":\"ReadAction\",\"target\":[\"https:\\\/\\\/landioustravel.com\\\/de\\\/shop\\\/ausflug-gesundheitszentrum-hurghada\\\/\"]}]},{\"@type\":\"ImageObject\",\"inLanguage\":\"de\",\"@id\":\"https:\\\/\\\/landioustravel.com\\\/de\\\/shop\\\/ausflug-gesundheitszentrum-hurghada\\\/#primaryimage\",\"url\":\"https:\\\/\\\/i0.wp.com\\\/landioustravel.com\\\/wp-content\\\/uploads\\\/2018\\\/11\\\/Spa-Centre-Excursion-Hurghada-e1670658431807.jpg?fit=1200%2C675&ssl=1\",\"contentUrl\":\"https:\\\/\\\/i0.wp.com\\\/landioustravel.com\\\/wp-content\\\/uploads\\\/2018\\\/11\\\/Spa-Centre-Excursion-Hurghada-e1670658431807.jpg?fit=1200%2C675&ssl=1\",\"width\":1200,\"height\":675,\"caption\":\"Spa Centre Excursion Hurghada\"},{\"@type\":\"BreadcrumbList\",\"@id\":\"https:\\\/\\\/landioustravel.com\\\/de\\\/shop\\\/ausflug-gesundheitszentrum-hurghada\\\/#breadcrumb\",\"itemListElement\":[{\"@type\":\"ListItem\",\"position\":1,\"name\":\"Home\",\"item\":\"https:\\\/\\\/landioustravel.com\\\/de\\\/\"},{\"@type\":\"ListItem\",\"position\":2,\"name\":\"\u00c4gypten Touren\",\"item\":\"https:\\\/\\\/landioustravel.com\\\/de\\\/\"},{\"@type\":\"ListItem\",\"position\":3,\"name\":\"Spa Center Ausflug Hurghada\"}]},{\"@type\":\"WebSite\",\"@id\":\"https:\\\/\\\/landioustravel.com\\\/de\\\/#website\",\"url\":\"https:\\\/\\\/landioustravel.com\\\/de\\\/\",\"name\":\"Landious Travel\",\"description\":\"Excursions, trips and cruises in Egypt\",\"publisher\":{\"@id\":\"https:\\\/\\\/landioustravel.com\\\/de\\\/#organization\"},\"potentialAction\":[{\"@type\":\"SearchAction\",\"target\":{\"@type\":\"EntryPoint\",\"urlTemplate\":\"https:\\\/\\\/landioustravel.com\\\/de\\\/?s={search_term_string}\"},\"query-input\":{\"@type\":\"PropertyValueSpecification\",\"valueRequired\":true,\"valueName\":\"search_term_string\"}}],\"inLanguage\":\"de\"},{\"@type\":[\"Organization\",\"Place\"],\"@id\":\"https:\\\/\\\/landioustravel.com\\\/de\\\/#organization\",\"name\":\"Landious Travel\",\"alternateName\":\"Landious Travel\",\"url\":\"https:\\\/\\\/landioustravel.com\\\/de\\\/\",\"logo\":{\"@id\":\"https:\\\/\\\/landioustravel.com\\\/de\\\/shop\\\/ausflug-gesundheitszentrum-hurghada\\\/#local-main-organization-logo\"},\"image\":{\"@id\":\"https:\\\/\\\/landioustravel.com\\\/de\\\/shop\\\/ausflug-gesundheitszentrum-hurghada\\\/#local-main-organization-logo\"},\"sameAs\":[\"https:\\\/\\\/web.facebook.com\\\/landiousEgypt\",\"https:\\\/\\\/x.com\\\/LandiousTours\",\"https:\\\/\\\/mastodon.social\\\/@landious\"],\"legalName\":\"Landious Travel\",\"telephone\":[],\"openingHoursSpecification\":[{\"@type\":\"OpeningHoursSpecification\",\"dayOfWeek\":[\"Monday\",\"Tuesday\",\"Wednesday\",\"Thursday\",\"Friday\",\"Saturday\",\"Sunday\"],\"opens\":\"09:00\",\"closes\":\"17:00\"}]},{\"@type\":\"ImageObject\",\"inLanguage\":\"de\",\"@id\":\"https:\\\/\\\/landioustravel.com\\\/de\\\/shop\\\/ausflug-gesundheitszentrum-hurghada\\\/#local-main-organization-logo\",\"url\":\"https:\\\/\\\/i0.wp.com\\\/landioustravel.com\\\/wp-content\\\/uploads\\\/2021\\\/06\\\/Landious-T.png?fit=500%2C500&ssl=1\",\"contentUrl\":\"https:\\\/\\\/i0.wp.com\\\/landioustravel.com\\\/wp-content\\\/uploads\\\/2021\\\/06\\\/Landious-T.png?fit=500%2C500&ssl=1\",\"width\":500,\"height\":500,\"caption\":\"Landious Travel\"}]}<\/script>\n<!-- \/ Yoast SEO Premium plugin. -->","yoast_head_json":{"title":"Spa Center Ausflug Hurghada - Buchen - Landious Travel","description":"Spa Center Ausflug Hurghada ein paar Behandlungen g\u00f6nnen. Dazu geh\u00f6ren Sauna, Massage, Whirlpool, Hamam und K\u00f6rperpeeling mit Schaum","robots":{"index":"index","follow":"follow","max-snippet":"max-snippet:-1","max-image-preview":"max-image-preview:large","max-video-preview":"max-video-preview:-1"},"canonical":"https:\/\/landioustravel.com\/de\/shop\/ausflug-gesundheitszentrum-hurghada\/","og_locale":"de_DE","og_type":"article","og_title":"Spa Center Ausflug Hurghada","og_description":"Landious Travel","og_url":"https:\/\/landioustravel.com\/de\/shop\/ausflug-gesundheitszentrum-hurghada\/","og_site_name":"Landious Travel","article_publisher":"https:\/\/web.facebook.com\/landiousEgypt","article_modified_time":"2025-10-01T17:20:09+00:00","og_image":[{"width":1200,"height":675,"url":"https:\/\/i0.wp.com\/landioustravel.com\/wp-content\/uploads\/2018\/11\/Spa-Centre-Excursion-Hurghada-e1670658431807.jpg?fit=1200%2C675&ssl=1","type":"image\/jpeg"}],"twitter_card":"summary_large_image","twitter_site":"@LandiousTours","twitter_misc":{"Gesch\u00e4tzte Lesezeit":"2\u00a0Minuten"},"schema":{"@context":"https:\/\/schema.org","@graph":[{"@type":"WebPage","@id":"https:\/\/landioustravel.com\/de\/shop\/ausflug-gesundheitszentrum-hurghada\/","url":"https:\/\/landioustravel.com\/de\/shop\/ausflug-gesundheitszentrum-hurghada\/","name":"Spa Center Ausflug Hurghada - Buchen - Landious Travel","isPartOf":{"@id":"https:\/\/landioustravel.com\/de\/#website"},"primaryImageOfPage":{"@id":"https:\/\/landioustravel.com\/de\/shop\/ausflug-gesundheitszentrum-hurghada\/#primaryimage"},"image":{"@id":"https:\/\/landioustravel.com\/de\/shop\/ausflug-gesundheitszentrum-hurghada\/#primaryimage"},"thumbnailUrl":"https:\/\/i0.wp.com\/landioustravel.com\/wp-content\/uploads\/2018\/11\/Spa-Centre-Excursion-Hurghada-e1670658431807.jpg?fit=1200%2C675&ssl=1","datePublished":"2019-01-18T15:43:04+00:00","dateModified":"2025-10-01T17:20:09+00:00","description":"Spa Center Ausflug Hurghada ein paar Behandlungen g\u00f6nnen. Dazu geh\u00f6ren Sauna, Massage, Whirlpool, Hamam und K\u00f6rperpeeling mit Schaum","breadcrumb":{"@id":"https:\/\/landioustravel.com\/de\/shop\/ausflug-gesundheitszentrum-hurghada\/#breadcrumb"},"inLanguage":"de","potentialAction":[{"@type":"ReadAction","target":["https:\/\/landioustravel.com\/de\/shop\/ausflug-gesundheitszentrum-hurghada\/"]}]},{"@type":"ImageObject","inLanguage":"de","@id":"https:\/\/landioustravel.com\/de\/shop\/ausflug-gesundheitszentrum-hurghada\/#primaryimage","url":"https:\/\/i0.wp.com\/landioustravel.com\/wp-content\/uploads\/2018\/11\/Spa-Centre-Excursion-Hurghada-e1670658431807.jpg?fit=1200%2C675&ssl=1","contentUrl":"https:\/\/i0.wp.com\/landioustravel.com\/wp-content\/uploads\/2018\/11\/Spa-Centre-Excursion-Hurghada-e1670658431807.jpg?fit=1200%2C675&ssl=1","width":1200,"height":675,"caption":"Spa Centre Excursion Hurghada"},{"@type":"BreadcrumbList","@id":"https:\/\/landioustravel.com\/de\/shop\/ausflug-gesundheitszentrum-hurghada\/#breadcrumb","itemListElement":[{"@type":"ListItem","position":1,"name":"Home","item":"https:\/\/landioustravel.com\/de\/"},{"@type":"ListItem","position":2,"name":"\u00c4gypten Touren","item":"https:\/\/landioustravel.com\/de\/"},{"@type":"ListItem","position":3,"name":"Spa Center Ausflug Hurghada"}]},{"@type":"WebSite","@id":"https:\/\/landioustravel.com\/de\/#website","url":"https:\/\/landioustravel.com\/de\/","name":"Landious Travel","description":"Excursions, trips and cruises in Egypt","publisher":{"@id":"https:\/\/landioustravel.com\/de\/#organization"},"potentialAction":[{"@type":"SearchAction","target":{"@type":"EntryPoint","urlTemplate":"https:\/\/landioustravel.com\/de\/?s={search_term_string}"},"query-input":{"@type":"PropertyValueSpecification","valueRequired":true,"valueName":"search_term_string"}}],"inLanguage":"de"},{"@type":["Organization","Place"],"@id":"https:\/\/landioustravel.com\/de\/#organization","name":"Landious Travel","alternateName":"Landious Travel","url":"https:\/\/landioustravel.com\/de\/","logo":{"@id":"https:\/\/landioustravel.com\/de\/shop\/ausflug-gesundheitszentrum-hurghada\/#local-main-organization-logo"},"image":{"@id":"https:\/\/landioustravel.com\/de\/shop\/ausflug-gesundheitszentrum-hurghada\/#local-main-organization-logo"},"sameAs":["https:\/\/web.facebook.com\/landiousEgypt","https:\/\/x.com\/LandiousTours","https:\/\/mastodon.social\/@landious"],"legalName":"Landious Travel","telephone":[],"openingHoursSpecification":[{"@type":"OpeningHoursSpecification","dayOfWeek":["Monday","Tuesday","Wednesday","Thursday","Friday","Saturday","Sunday"],"opens":"09:00","closes":"17:00"}]},{"@type":"ImageObject","inLanguage":"de","@id":"https:\/\/landioustravel.com\/de\/shop\/ausflug-gesundheitszentrum-hurghada\/#local-main-organization-logo","url":"https:\/\/i0.wp.com\/landioustravel.com\/wp-content\/uploads\/2021\/06\/Landious-T.png?fit=500%2C500&ssl=1","contentUrl":"https:\/\/i0.wp.com\/landioustravel.com\/wp-content\/uploads\/2021\/06\/Landious-T.png?fit=500%2C500&ssl=1","width":500,"height":500,"caption":"Landious Travel"}]}},"jetpack_publicize_connections":[],"uagb_featured_image_src":{"full":["https:\/\/i0.wp.com\/landioustravel.com\/wp-content\/uploads\/2018\/11\/Spa-Centre-Excursion-Hurghada-e1670658431807.jpg?fit=1200%2C675&ssl=1",1200,675,false],"thumbnail":["https:\/\/i0.wp.com\/landioustravel.com\/wp-content\/uploads\/2018\/11\/Spa-Centre-Excursion-Hurghada-e1670658431807.jpg?resize=150%2C150&ssl=1",150,150,true],"medium":["https:\/\/i0.wp.com\/landioustravel.com\/wp-content\/uploads\/2018\/11\/Spa-Centre-Excursion-Hurghada-e1670658431807.jpg?fit=300%2C169&ssl=1",300,169,true],"medium_large":["https:\/\/i0.wp.com\/landioustravel.com\/wp-content\/uploads\/2018\/11\/Spa-Centre-Excursion-Hurghada-e1670658431807.jpg?fit=768%2C432&ssl=1",768,432,true],"large":["https:\/\/i0.wp.com\/landioustravel.com\/wp-content\/uploads\/2018\/11\/Spa-Centre-Excursion-Hurghada-e1670658431807.jpg?fit=980%2C551&ssl=1",980,551,true],"1536x1536":["https:\/\/i0.wp.com\/landioustravel.com\/wp-content\/uploads\/2018\/11\/Spa-Centre-Excursion-Hurghada-e1670658431807.jpg?fit=1536%2C1086&ssl=1",1536,1086,true],"2048x2048":["https:\/\/i0.wp.com\/landioustravel.com\/wp-content\/uploads\/2018\/11\/Spa-Centre-Excursion-Hurghada-e1670658431807.jpg?fit=1200%2C675&ssl=1",1200,675,true],"newspack-article-block-landscape-large":["https:\/\/i0.wp.com\/landioustravel.com\/wp-content\/uploads\/2018\/11\/Spa-Centre-Excursion-Hurghada-e1670658431807.jpg?resize=1200%2C675&ssl=1",1200,675,true],"newspack-article-block-portrait-large":["https:\/\/i0.wp.com\/landioustravel.com\/wp-content\/uploads\/2018\/11\/Spa-Centre-Excursion-Hurghada-e1670658431807.jpg?resize=900%2C675&ssl=1",900,675,true],"newspack-article-block-square-large":["https:\/\/i0.wp.com\/landioustravel.com\/wp-content\/uploads\/2018\/11\/Spa-Centre-Excursion-Hurghada-e1670658431807.jpg?resize=1200%2C675&ssl=1",1200,675,true],"newspack-article-block-landscape-medium":["https:\/\/i0.wp.com\/landioustravel.com\/wp-content\/uploads\/2018\/11\/Spa-Centre-Excursion-Hurghada-e1670658431807.jpg?resize=800%2C600&ssl=1",800,600,true],"newspack-article-block-portrait-medium":["https:\/\/i0.wp.com\/landioustravel.com\/wp-content\/uploads\/2018\/11\/Spa-Centre-Excursion-Hurghada-e1670658431807.jpg?resize=600%2C675&ssl=1",600,675,true],"newspack-article-block-square-medium":["https:\/\/i0.wp.com\/landioustravel.com\/wp-content\/uploads\/2018\/11\/Spa-Centre-Excursion-Hurghada-e1670658431807.jpg?resize=800%2C675&ssl=1",800,675,true],"newspack-article-block-landscape-intermediate":["https:\/\/i0.wp.com\/landioustravel.com\/wp-content\/uploads\/2018\/11\/Spa-Centre-Excursion-Hurghada-e1670658431807.jpg?resize=600%2C450&ssl=1",600,450,true],"newspack-article-block-portrait-intermediate":["https:\/\/i0.wp.com\/landioustravel.com\/wp-content\/uploads\/2018\/11\/Spa-Centre-Excursion-Hurghada-e1670658431807.jpg?resize=450%2C600&ssl=1",450,600,true],"newspack-article-block-square-intermediate":["https:\/\/i0.wp.com\/landioustravel.com\/wp-content\/uploads\/2018\/11\/Spa-Centre-Excursion-Hurghada-e1670658431807.jpg?resize=600%2C600&ssl=1",600,600,true],"newspack-article-block-landscape-small":["https:\/\/i0.wp.com\/landioustravel.com\/wp-content\/uploads\/2018\/11\/Spa-Centre-Excursion-Hurghada-e1670658431807.jpg?resize=400%2C300&ssl=1",400,300,true],"newspack-article-block-portrait-small":["https:\/\/i0.wp.com\/landioustravel.com\/wp-content\/uploads\/2018\/11\/Spa-Centre-Excursion-Hurghada-e1670658431807.jpg?resize=300%2C400&ssl=1",300,400,true],"newspack-article-block-square-small":["https:\/\/i0.wp.com\/landioustravel.com\/wp-content\/uploads\/2018\/11\/Spa-Centre-Excursion-Hurghada-e1670658431807.jpg?resize=400%2C400&ssl=1",400,400,true],"newspack-article-block-landscape-tiny":["https:\/\/i0.wp.com\/landioustravel.com\/wp-content\/uploads\/2018\/11\/Spa-Centre-Excursion-Hurghada-e1670658431807.jpg?resize=200%2C150&ssl=1",200,150,true],"newspack-article-block-portrait-tiny":["https:\/\/i0.wp.com\/landioustravel.com\/wp-content\/uploads\/2018\/11\/Spa-Centre-Excursion-Hurghada-e1670658431807.jpg?resize=150%2C200&ssl=1",150,200,true],"newspack-article-block-square-tiny":["https:\/\/i0.wp.com\/landioustravel.com\/wp-content\/uploads\/2018\/11\/Spa-Centre-Excursion-Hurghada-e1670658431807.jpg?resize=200%2C200&ssl=1",200,200,true],"newspack-article-block-uncropped":["https:\/\/i0.wp.com\/landioustravel.com\/wp-content\/uploads\/2018\/11\/Spa-Centre-Excursion-Hurghada-e1670658431807.jpg?fit=1200%2C675&ssl=1",1200,675,true],"woocommerce_thumbnail":["https:\/\/i0.wp.com\/landioustravel.com\/wp-content\/uploads\/2018\/11\/Spa-Centre-Excursion-Hurghada-e1670658431807.jpg?resize=324%2C324&ssl=1",324,324,true],"woocommerce_single":["https:\/\/i0.wp.com\/landioustravel.com\/wp-content\/uploads\/2018\/11\/Spa-Centre-Excursion-Hurghada-e1670658431807.jpg?fit=416%2C234&ssl=1",416,234,true],"woocommerce_gallery_thumbnail":["https:\/\/i0.wp.com\/landioustravel.com\/wp-content\/uploads\/2018\/11\/Spa-Centre-Excursion-Hurghada-e1670658431807.jpg?resize=100%2C100&ssl=1",100,100,true]},"uagb_author_info":{"display_name":"Mofreh Landious","author_link":"https:\/\/landioustravel.com\/de\/author\/"},"uagb_comment_info":9,"uagb_excerpt":"Suchen Sie nach einer M\u00f6glichkeit, sich zu entspannen und sich verj\u00fcngt zu f\u00fchlen? G\u00f6nnen Sie sich einen luxuri\u00f6sen Spa-Tag in Hurghada! Dieser Ausflug ist die perfekte M\u00f6glichkeit, sich zu entspannen und sich erfrischt, jugendlich und sch\u00f6n zu f\u00fchlen. Im Wellnesscenter werden Sie mit einer Reihe von Behandlungen und Massagen verw\u00f6hnt, darunter ein t\u00fcrkisches Bad, ein&hellip;","jetpack_sharing_enabled":true,"jetpack_likes_enabled":true,"amp_enabled":true,"_links":{"self":[{"href":"https:\/\/landioustravel.com\/de\/wp-json\/wp\/v2\/product\/1269","targetHints":{"allow":["GET"]}}],"collection":[{"href":"https:\/\/landioustravel.com\/de\/wp-json\/wp\/v2\/product"}],"about":[{"href":"https:\/\/landioustravel.com\/de\/wp-json\/wp\/v2\/types\/product"}],"replies":[{"embeddable":true,"href":"https:\/\/landioustravel.com\/de\/wp-json\/wp\/v2\/comments?post=1269"}],"wp:featuredmedia":[{"embeddable":true,"href":"https:\/\/landioustravel.com\/de\/wp-json\/wp\/v2\/media\/137491"}],"wp:attachment":[{"href":"https:\/\/landioustravel.com\/de\/wp-json\/wp\/v2\/media?parent=1269"}],"wp:term":[{"taxonomy":"product_brand","embeddable":true,"href":"https:\/\/landioustravel.com\/de\/wp-json\/wp\/v2\/product_brand?post=1269"},{"taxonomy":"product_cat","embeddable":true,"href":"https:\/\/landioustravel.com\/de\/wp-json\/wp\/v2\/product_cat?post=1269"},{"taxonomy":"product_tag","embeddable":true,"href":"https:\/\/landioustravel.com\/de\/wp-json\/wp\/v2\/product_tag?post=1269"}],"curies":[{"name":"wp","href":"https:\/\/api.w.org\/{rel}","templated":true}]}}