{"id":1302,"date":"2018-11-17T21:49:32","date_gmt":"2019-01-19T01:07:58","guid":{"rendered":"https:\/\/landioustravel.com\/?post_type=product&#038;p=1302"},"modified":"2024-03-06T19:15:56","modified_gmt":"2024-03-06T17:15:56","slug":"ausflug-u-boot-hurghada","status":"publish","type":"product","link":"https:\/\/landioustravel.com\/de\/shop\/ausflug-u-boot-hurghada\/","title":{"rendered":"U Boot Ausflug Hurghada"},"content":{"rendered":"<p>Es ist eine interessante Seereise mit dem U-Boot &#8222;Sindbad\u201c in <a href=\"https:\/\/landioustravel.com\/de\/hurghada-stadt\/\">Hurghada<\/a>, <a href=\"https:\/\/landioustravel.com\/de\/agypten\/\">\u00c4gypten<\/a>! Wir empfehlen die Reise, da dies die einzige Option an Bord eines U-Bootes im Roten Meer ist. Es ist erstaunlich, dieses Gef\u00fchl zu erleben und es in ein U-Boot zu bringen! In der Tat wird es eine einmalige Gelegenheit sein, wundersch\u00f6ne Korallenriffe und eine Vielzahl von Fischen an Bord eines U-Bootes zu sehen! Au\u00dferdem k\u00f6nnen Sie auf dieser Reise ein kurzes Bootspicknick \u00fcber dem Roten Meer genie\u00dfen. Dieses Picknick wird in der N\u00e4he der sehr sch\u00f6nen Gegend in der N\u00e4he der <a href=\"https:\/\/landioustravel.com\/de\/agypten\/meeresinseln\/giftun-inseln\/\">Insel Giftun<\/a> stattfinden. ONLINE-BUCHUNG U BOOT AUSFLUG HURGHADA UND BESTER PREIS!<\/p>\n<h2>H\u00f6hepunkte der U-Boot-Exkursion Hurghada<\/h2>\n<ul>\n<li>Meerespicknick am Roten Meer.<\/li>\n<li>Betrachten Sie auch die Unterwasserwelt an Bord des U-Bootes Sindbad.<\/li>\n<\/ul>\n<h3>Programm der Sindbad U-Boot-Reise<\/h3>\n<ul>\n<li>Der Vertreter von <a href=\"https:\/\/landioustravel.com\/de\/kontakte\/\">Landious Travel<\/a> holt Sie gegen 10:00 Uhr von Ihrem Hotel in Hurghada ab.<\/li>\n<li>Nachdem alle Ank\u00f6mmlinge abgeholt wurden, f\u00e4hrt der Bus direkt zum Hafen. Der Weg zu diesem Hafen dauert ungef\u00e4hr 20 Minuten.<\/li>\n<li>Zu Beginn des Programms genie\u00dfen Sie ein Picknick auf dem Meer durch das Rote Meer. Dieses Meerespicknick wird an Bord eines Bootes sein.<\/li>\n<li>Das gleiche Boot f\u00e4hrt zu einer schwimmenden B\u00fchne. Dementsprechend bringt es Sie zum U-Boot. Dann werden Sie die Pl\u00e4tze wechseln; und dann nehmen Sie einen Platz an Bord des U-Bootes ein.<\/li>\n<li>Danach beginnt das U-Boot bis zu einer Tiefe von 25 Metern zu sinken. Auf diese Weise k\u00f6nnen Sie Fische und Korallenriffe in dieser Tiefe sehen. Das Beobachten der Unterwasserwelt an Bord dieses U-Bootes dauert eine ganze Stunde.<\/li>\n<li>Zuletzt wechseln Sie noch einmal die Pl\u00e4tze und setzen sich auf das Boot in Richtung Hafen.<\/li>\n<li>Schlie\u00dflich werden wir Sie nach einem so sch\u00f6nen Abenteuer zur\u00fcck zu Ihren Hotels bringen.<\/li>\n<li>Dieser Seeausflug mit dem U-Boot in <a href=\"https:\/\/www.google.de\/maps\/place\/Hurghada,+Al-Bahr+al-ahmar\/@27.1928369,33.5015083,10z\/data=!3m1!4b1!4m5!3m4!1s0x145287b2cd3dbbb3:0x2db807f98bd3c360!8m2!3d27.2578957!4d33.8116067\" target=\"_blank\" rel=\"noopener\">Hurghada<\/a> endet gegen 14:00 Uhr.<\/li>\n<\/ul>\n<h4>Was beinhaltet der U-Boot-Ausflug Hurghada Preis?<\/h4>\n<ul>\n<li>Transfer zum Hafen und zur\u00fcck zum Hotel.<\/li>\n<\/ul>\n<h5>Was beinhaltet das U-Boot-Ausflug-Hurghada-Programm nicht?<\/h5>\n<ul>\n<li>Video DVD.<\/li>\n<li>Auch die Foto-CD.<\/li>\n<\/ul>\n<h6>Was nehmen Sie f\u00fcr die Tour mit?<\/h6>\n<ul>\n<li>Sonnenbrille.<\/li>\n<\/ul>\n<h6>U-Boot-Ausflug Hurghada Buchungstage<\/h6>\n<ul>\n<li>T\u00e4glich von 10:00 bis 12:00 Uhr.<\/li>\n<li>Auch t\u00e4glich von 14:00 bis 16:00 Uhr.<\/li>\n<\/ul>\n","protected":false},"excerpt":{"rendered":"<p>Machen Sie sich bereit f\u00fcr ein unglaubliches Abenteuer auf dem Sindbad-U-Boot in Hurghada! Sie reisen durch das glitzernde Rote Meer und werden von den atemberaubenden Riffen und farbenfrohen Fischen in einer Tiefe von 25 Metern begeistert sein. Sie bleiben die ganze Zeit trocken und bequem! Und das Beste daran?<\/p>\n<p>Wenn Sie unter die Oberfl\u00e4che des Roten Meeres hinabsteigen, werden Sie mit einem unvergleichlichen farbenfrohen und lehrreichen Erlebnis verw\u00f6hnt. Bewundern Sie das Wunderland der Korallen und die erstaunliche Vielfalt an Fischen, w\u00e4hrend Sie in Tiefen von bis zu 20 Metern vordringen. Im Reisepreis sind Transfers und eine Eintrittskarte enthalten, Sie m\u00fcssen sich also nur zur\u00fccklehnen und die Fahrt genie\u00dfen.<\/p>\n<p>Das Sindbad-U-Boot ist wirklich erstaunlich und sollte man sich nicht entgehen lassen! Sie begeben sich auf eine Bootsfahrt zum einzigen U-Boot im Nahen Osten und sehen die Unterwasserwelt auf ganz neue Weise. Mit 44 Passagiersitzen und speziellen Sichtportalen werden Sie sich wie ein echter Unterwasserforscher f\u00fchlen. Und mit seinem milit\u00e4risch inspirierten Design ist das Sindbad Submarine ein cooles Gef\u00e4hrt!<\/p>\n<p>W\u00e4hrend des Ausflugs entdecken Sie ein versunkenes Schiff, mit Algen bedeckte Skulpturen und sogar Truhen, in denen m\u00f6glicherweise einst Piratensch\u00e4tze lagen. Und das Unterwasserleben ist einfach atemberaubend \u2013 Sie werden so viele bunte Fische sehen, dass Sie gar nicht wissen, wo Sie zuerst suchen sollen!<\/p>\n<p>Machen Sie sich also bereit f\u00fcr eine unvergessliche Reise mit dem Sindbad-U-Boot. Es ist ein Abenteuer, das Sie nie vergessen werden!<\/p>\n","protected":false},"featured_media":97819,"comment_status":"open","ping_status":"closed","template":"","meta":{"_coblocks_attr":"","_coblocks_dimensions":"","_coblocks_responsive_height":"","_coblocks_accordion_ie_support":"","_uag_custom_page_level_css":"","jetpack_publicize_message":"","jetpack_publicize_feature_enabled":true,"jetpack_social_post_already_shared":true,"jetpack_social_options":{"image_generator_settings":{"template":"highway","default_image_id":0,"font":"","enabled":false},"version":2},"_wpas_customize_per_network":false},"product_brand":[],"product_cat":[22096,1597,22097,1603],"product_tag":[1653,1844,1774,1777,2186,2208],"class_list":{"0":"post-1302","1":"product","2":"type-product","3":"status-publish","4":"has-post-thumbnail","6":"product_cat-budgetfreundliche-hurghada-ausfluege","7":"product_cat-ausfluge-hurghada","8":"product_cat-hurghada-familienausfluege","9":"product_cat-seereisen-hurghada","10":"product_tag-ausflug","11":"product_tag-bootsausfluge","12":"product_tag-hurghada-de","13":"product_tag-meer","14":"product_tag-u-boot","15":"product_tag-u-boot-sinbad","16":"pa_age-erwachsene","17":"pa_age-kind-1-4-jahre","18":"pa_age-kind-5-11-jahre","20":"first","21":"instock","22":"sale","23":"purchasable","24":"product-type-variable"},"yoast_head":"<!-- This site is optimized with the Yoast SEO Premium plugin v27.5 (Yoast SEO v27.5) - https:\/\/yoast.com\/product\/yoast-seo-premium-wordpress\/ -->\n<title>U Boot Ausflug Hurghada - Buchen - Landious Travel<\/title>\n<meta name=\"description\" content=\"U Boot Ausflug Hurghada machen Sie ein Picknick am Roten Meer und eine wunderbare Aussicht von diesem 2-Deck-U-Boot aus, preis, programm\" \/>\n<meta name=\"robots\" content=\"index, follow, max-snippet:-1, max-image-preview:large, max-video-preview:-1\" \/>\n<link rel=\"canonical\" href=\"https:\/\/landioustravel.com\/de\/shop\/ausflug-u-boot-hurghada\/\" \/>\n<meta property=\"og:locale\" content=\"de_DE\" \/>\n<meta property=\"og:type\" content=\"article\" \/>\n<meta property=\"og:title\" content=\"U Boot Ausflug Hurghada\" \/>\n<meta property=\"og:description\" content=\"Landious Travel\" \/>\n<meta property=\"og:url\" content=\"https:\/\/landioustravel.com\/de\/shop\/ausflug-u-boot-hurghada\/\" \/>\n<meta property=\"og:site_name\" content=\"Landious Travel\" \/>\n<meta property=\"article:publisher\" content=\"https:\/\/web.facebook.com\/landiousEgypt\" \/>\n<meta property=\"article:modified_time\" content=\"2024-03-06T17:15:56+00:00\" \/>\n<meta property=\"og:image\" content=\"https:\/\/i0.wp.com\/landioustravel.com\/wp-content\/uploads\/2018\/11\/Submarine-Excursion-Hurghada.jpg?fit=720%2C480&ssl=1\" \/>\n\t<meta property=\"og:image:width\" content=\"720\" \/>\n\t<meta property=\"og:image:height\" content=\"480\" \/>\n\t<meta property=\"og:image:type\" content=\"image\/jpeg\" \/>\n<meta name=\"twitter:card\" content=\"summary_large_image\" \/>\n<meta name=\"twitter:site\" content=\"@LandiousTours\" \/>\n<meta name=\"twitter:label1\" content=\"Gesch\u00e4tzte Lesezeit\" \/>\n\t<meta name=\"twitter:data1\" content=\"2\u00a0Minuten\" \/>\n<script type=\"application\/ld+json\" class=\"yoast-schema-graph\">{\"@context\":\"https:\\\/\\\/schema.org\",\"@graph\":[{\"@type\":\"WebPage\",\"@id\":\"https:\\\/\\\/landioustravel.com\\\/de\\\/shop\\\/ausflug-u-boot-hurghada\\\/\",\"url\":\"https:\\\/\\\/landioustravel.com\\\/de\\\/shop\\\/ausflug-u-boot-hurghada\\\/\",\"name\":\"U Boot Ausflug Hurghada - Buchen - Landious Travel\",\"isPartOf\":{\"@id\":\"https:\\\/\\\/landioustravel.com\\\/de\\\/#website\"},\"primaryImageOfPage\":{\"@id\":\"https:\\\/\\\/landioustravel.com\\\/de\\\/shop\\\/ausflug-u-boot-hurghada\\\/#primaryimage\"},\"image\":{\"@id\":\"https:\\\/\\\/landioustravel.com\\\/de\\\/shop\\\/ausflug-u-boot-hurghada\\\/#primaryimage\"},\"thumbnailUrl\":\"https:\\\/\\\/i0.wp.com\\\/landioustravel.com\\\/wp-content\\\/uploads\\\/2018\\\/11\\\/Submarine-Excursion-Hurghada.jpg?fit=720%2C480&ssl=1\",\"datePublished\":\"2019-01-19T01:07:58+00:00\",\"dateModified\":\"2024-03-06T17:15:56+00:00\",\"description\":\"U Boot Ausflug Hurghada machen Sie ein Picknick am Roten Meer und eine wunderbare Aussicht von diesem 2-Deck-U-Boot aus, preis, programm\",\"breadcrumb\":{\"@id\":\"https:\\\/\\\/landioustravel.com\\\/de\\\/shop\\\/ausflug-u-boot-hurghada\\\/#breadcrumb\"},\"inLanguage\":\"de\",\"potentialAction\":[{\"@type\":\"ReadAction\",\"target\":[\"https:\\\/\\\/landioustravel.com\\\/de\\\/shop\\\/ausflug-u-boot-hurghada\\\/\"]}]},{\"@type\":\"ImageObject\",\"inLanguage\":\"de\",\"@id\":\"https:\\\/\\\/landioustravel.com\\\/de\\\/shop\\\/ausflug-u-boot-hurghada\\\/#primaryimage\",\"url\":\"https:\\\/\\\/i0.wp.com\\\/landioustravel.com\\\/wp-content\\\/uploads\\\/2018\\\/11\\\/Submarine-Excursion-Hurghada.jpg?fit=720%2C480&ssl=1\",\"contentUrl\":\"https:\\\/\\\/i0.wp.com\\\/landioustravel.com\\\/wp-content\\\/uploads\\\/2018\\\/11\\\/Submarine-Excursion-Hurghada.jpg?fit=720%2C480&ssl=1\",\"width\":720,\"height\":480,\"caption\":\"Submarine Excursion Hurghada\"},{\"@type\":\"BreadcrumbList\",\"@id\":\"https:\\\/\\\/landioustravel.com\\\/de\\\/shop\\\/ausflug-u-boot-hurghada\\\/#breadcrumb\",\"itemListElement\":[{\"@type\":\"ListItem\",\"position\":1,\"name\":\"Home\",\"item\":\"https:\\\/\\\/landioustravel.com\\\/de\\\/\"},{\"@type\":\"ListItem\",\"position\":2,\"name\":\"\u00c4gypten Touren\",\"item\":\"https:\\\/\\\/landioustravel.com\\\/de\\\/\"},{\"@type\":\"ListItem\",\"position\":3,\"name\":\"U Boot Ausflug Hurghada\"}]},{\"@type\":\"WebSite\",\"@id\":\"https:\\\/\\\/landioustravel.com\\\/de\\\/#website\",\"url\":\"https:\\\/\\\/landioustravel.com\\\/de\\\/\",\"name\":\"Landious Travel\",\"description\":\"Excursions, trips and cruises in Egypt\",\"publisher\":{\"@id\":\"https:\\\/\\\/landioustravel.com\\\/de\\\/#organization\"},\"potentialAction\":[{\"@type\":\"SearchAction\",\"target\":{\"@type\":\"EntryPoint\",\"urlTemplate\":\"https:\\\/\\\/landioustravel.com\\\/de\\\/?s={search_term_string}\"},\"query-input\":{\"@type\":\"PropertyValueSpecification\",\"valueRequired\":true,\"valueName\":\"search_term_string\"}}],\"inLanguage\":\"de\"},{\"@type\":[\"Organization\",\"Place\"],\"@id\":\"https:\\\/\\\/landioustravel.com\\\/de\\\/#organization\",\"name\":\"Landious Travel\",\"alternateName\":\"Landious Travel\",\"url\":\"https:\\\/\\\/landioustravel.com\\\/de\\\/\",\"logo\":{\"@id\":\"https:\\\/\\\/landioustravel.com\\\/de\\\/shop\\\/ausflug-u-boot-hurghada\\\/#local-main-organization-logo\"},\"image\":{\"@id\":\"https:\\\/\\\/landioustravel.com\\\/de\\\/shop\\\/ausflug-u-boot-hurghada\\\/#local-main-organization-logo\"},\"sameAs\":[\"https:\\\/\\\/web.facebook.com\\\/landiousEgypt\",\"https:\\\/\\\/x.com\\\/LandiousTours\",\"https:\\\/\\\/mastodon.social\\\/@landious\"],\"legalName\":\"Landious Travel\",\"telephone\":[],\"openingHoursSpecification\":[{\"@type\":\"OpeningHoursSpecification\",\"dayOfWeek\":[\"Monday\",\"Tuesday\",\"Wednesday\",\"Thursday\",\"Friday\",\"Saturday\",\"Sunday\"],\"opens\":\"09:00\",\"closes\":\"17:00\"}]},{\"@type\":\"ImageObject\",\"inLanguage\":\"de\",\"@id\":\"https:\\\/\\\/landioustravel.com\\\/de\\\/shop\\\/ausflug-u-boot-hurghada\\\/#local-main-organization-logo\",\"url\":\"https:\\\/\\\/i0.wp.com\\\/landioustravel.com\\\/wp-content\\\/uploads\\\/2021\\\/06\\\/Landious-T.png?fit=500%2C500&ssl=1\",\"contentUrl\":\"https:\\\/\\\/i0.wp.com\\\/landioustravel.com\\\/wp-content\\\/uploads\\\/2021\\\/06\\\/Landious-T.png?fit=500%2C500&ssl=1\",\"width\":500,\"height\":500,\"caption\":\"Landious Travel\"}]}<\/script>\n<!-- \/ Yoast SEO Premium plugin. -->","yoast_head_json":{"title":"U Boot Ausflug Hurghada - Buchen - Landious Travel","description":"U Boot Ausflug Hurghada machen Sie ein Picknick am Roten Meer und eine wunderbare Aussicht von diesem 2-Deck-U-Boot aus, preis, programm","robots":{"index":"index","follow":"follow","max-snippet":"max-snippet:-1","max-image-preview":"max-image-preview:large","max-video-preview":"max-video-preview:-1"},"canonical":"https:\/\/landioustravel.com\/de\/shop\/ausflug-u-boot-hurghada\/","og_locale":"de_DE","og_type":"article","og_title":"U Boot Ausflug Hurghada","og_description":"Landious Travel","og_url":"https:\/\/landioustravel.com\/de\/shop\/ausflug-u-boot-hurghada\/","og_site_name":"Landious Travel","article_publisher":"https:\/\/web.facebook.com\/landiousEgypt","article_modified_time":"2024-03-06T17:15:56+00:00","og_image":[{"width":720,"height":480,"url":"https:\/\/i0.wp.com\/landioustravel.com\/wp-content\/uploads\/2018\/11\/Submarine-Excursion-Hurghada.jpg?fit=720%2C480&ssl=1","type":"image\/jpeg"}],"twitter_card":"summary_large_image","twitter_site":"@LandiousTours","twitter_misc":{"Gesch\u00e4tzte Lesezeit":"2\u00a0Minuten"},"schema":{"@context":"https:\/\/schema.org","@graph":[{"@type":"WebPage","@id":"https:\/\/landioustravel.com\/de\/shop\/ausflug-u-boot-hurghada\/","url":"https:\/\/landioustravel.com\/de\/shop\/ausflug-u-boot-hurghada\/","name":"U Boot Ausflug Hurghada - Buchen - Landious Travel","isPartOf":{"@id":"https:\/\/landioustravel.com\/de\/#website"},"primaryImageOfPage":{"@id":"https:\/\/landioustravel.com\/de\/shop\/ausflug-u-boot-hurghada\/#primaryimage"},"image":{"@id":"https:\/\/landioustravel.com\/de\/shop\/ausflug-u-boot-hurghada\/#primaryimage"},"thumbnailUrl":"https:\/\/i0.wp.com\/landioustravel.com\/wp-content\/uploads\/2018\/11\/Submarine-Excursion-Hurghada.jpg?fit=720%2C480&ssl=1","datePublished":"2019-01-19T01:07:58+00:00","dateModified":"2024-03-06T17:15:56+00:00","description":"U Boot Ausflug Hurghada machen Sie ein Picknick am Roten Meer und eine wunderbare Aussicht von diesem 2-Deck-U-Boot aus, preis, programm","breadcrumb":{"@id":"https:\/\/landioustravel.com\/de\/shop\/ausflug-u-boot-hurghada\/#breadcrumb"},"inLanguage":"de","potentialAction":[{"@type":"ReadAction","target":["https:\/\/landioustravel.com\/de\/shop\/ausflug-u-boot-hurghada\/"]}]},{"@type":"ImageObject","inLanguage":"de","@id":"https:\/\/landioustravel.com\/de\/shop\/ausflug-u-boot-hurghada\/#primaryimage","url":"https:\/\/i0.wp.com\/landioustravel.com\/wp-content\/uploads\/2018\/11\/Submarine-Excursion-Hurghada.jpg?fit=720%2C480&ssl=1","contentUrl":"https:\/\/i0.wp.com\/landioustravel.com\/wp-content\/uploads\/2018\/11\/Submarine-Excursion-Hurghada.jpg?fit=720%2C480&ssl=1","width":720,"height":480,"caption":"Submarine Excursion Hurghada"},{"@type":"BreadcrumbList","@id":"https:\/\/landioustravel.com\/de\/shop\/ausflug-u-boot-hurghada\/#breadcrumb","itemListElement":[{"@type":"ListItem","position":1,"name":"Home","item":"https:\/\/landioustravel.com\/de\/"},{"@type":"ListItem","position":2,"name":"\u00c4gypten Touren","item":"https:\/\/landioustravel.com\/de\/"},{"@type":"ListItem","position":3,"name":"U Boot Ausflug Hurghada"}]},{"@type":"WebSite","@id":"https:\/\/landioustravel.com\/de\/#website","url":"https:\/\/landioustravel.com\/de\/","name":"Landious Travel","description":"Excursions, trips and cruises in Egypt","publisher":{"@id":"https:\/\/landioustravel.com\/de\/#organization"},"potentialAction":[{"@type":"SearchAction","target":{"@type":"EntryPoint","urlTemplate":"https:\/\/landioustravel.com\/de\/?s={search_term_string}"},"query-input":{"@type":"PropertyValueSpecification","valueRequired":true,"valueName":"search_term_string"}}],"inLanguage":"de"},{"@type":["Organization","Place"],"@id":"https:\/\/landioustravel.com\/de\/#organization","name":"Landious Travel","alternateName":"Landious Travel","url":"https:\/\/landioustravel.com\/de\/","logo":{"@id":"https:\/\/landioustravel.com\/de\/shop\/ausflug-u-boot-hurghada\/#local-main-organization-logo"},"image":{"@id":"https:\/\/landioustravel.com\/de\/shop\/ausflug-u-boot-hurghada\/#local-main-organization-logo"},"sameAs":["https:\/\/web.facebook.com\/landiousEgypt","https:\/\/x.com\/LandiousTours","https:\/\/mastodon.social\/@landious"],"legalName":"Landious Travel","telephone":[],"openingHoursSpecification":[{"@type":"OpeningHoursSpecification","dayOfWeek":["Monday","Tuesday","Wednesday","Thursday","Friday","Saturday","Sunday"],"opens":"09:00","closes":"17:00"}]},{"@type":"ImageObject","inLanguage":"de","@id":"https:\/\/landioustravel.com\/de\/shop\/ausflug-u-boot-hurghada\/#local-main-organization-logo","url":"https:\/\/i0.wp.com\/landioustravel.com\/wp-content\/uploads\/2021\/06\/Landious-T.png?fit=500%2C500&ssl=1","contentUrl":"https:\/\/i0.wp.com\/landioustravel.com\/wp-content\/uploads\/2021\/06\/Landious-T.png?fit=500%2C500&ssl=1","width":500,"height":500,"caption":"Landious Travel"}]}},"jetpack_publicize_connections":[],"uagb_featured_image_src":{"full":["https:\/\/i0.wp.com\/landioustravel.com\/wp-content\/uploads\/2018\/11\/Submarine-Excursion-Hurghada.jpg?fit=720%2C480&ssl=1",720,480,false],"thumbnail":["https:\/\/i0.wp.com\/landioustravel.com\/wp-content\/uploads\/2018\/11\/Submarine-Excursion-Hurghada.jpg?resize=150%2C150&ssl=1",150,150,true],"medium":["https:\/\/i0.wp.com\/landioustravel.com\/wp-content\/uploads\/2018\/11\/Submarine-Excursion-Hurghada.jpg?fit=300%2C200&ssl=1",300,200,true],"medium_large":["https:\/\/i0.wp.com\/landioustravel.com\/wp-content\/uploads\/2018\/11\/Submarine-Excursion-Hurghada.jpg?fit=720%2C480&ssl=1",720,480,true],"large":["https:\/\/i0.wp.com\/landioustravel.com\/wp-content\/uploads\/2018\/11\/Submarine-Excursion-Hurghada.jpg?fit=720%2C480&ssl=1",720,480,true],"1536x1536":["https:\/\/i0.wp.com\/landioustravel.com\/wp-content\/uploads\/2018\/11\/Submarine-Excursion-Hurghada.jpg?fit=720%2C480&ssl=1",720,480,true],"2048x2048":["https:\/\/i0.wp.com\/landioustravel.com\/wp-content\/uploads\/2018\/11\/Submarine-Excursion-Hurghada.jpg?fit=720%2C480&ssl=1",720,480,true],"newspack-article-block-landscape-large":["https:\/\/i0.wp.com\/landioustravel.com\/wp-content\/uploads\/2018\/11\/Submarine-Excursion-Hurghada.jpg?resize=720%2C480&ssl=1",720,480,true],"newspack-article-block-portrait-large":["https:\/\/i0.wp.com\/landioustravel.com\/wp-content\/uploads\/2018\/11\/Submarine-Excursion-Hurghada.jpg?resize=720%2C480&ssl=1",720,480,true],"newspack-article-block-square-large":["https:\/\/i0.wp.com\/landioustravel.com\/wp-content\/uploads\/2018\/11\/Submarine-Excursion-Hurghada.jpg?resize=720%2C480&ssl=1",720,480,true],"newspack-article-block-landscape-medium":["https:\/\/i0.wp.com\/landioustravel.com\/wp-content\/uploads\/2018\/11\/Submarine-Excursion-Hurghada.jpg?resize=720%2C480&ssl=1",720,480,true],"newspack-article-block-portrait-medium":["https:\/\/i0.wp.com\/landioustravel.com\/wp-content\/uploads\/2018\/11\/Submarine-Excursion-Hurghada.jpg?resize=600%2C480&ssl=1",600,480,true],"newspack-article-block-square-medium":["https:\/\/i0.wp.com\/landioustravel.com\/wp-content\/uploads\/2018\/11\/Submarine-Excursion-Hurghada.jpg?resize=720%2C480&ssl=1",720,480,true],"newspack-article-block-landscape-intermediate":["https:\/\/i0.wp.com\/landioustravel.com\/wp-content\/uploads\/2018\/11\/Submarine-Excursion-Hurghada.jpg?resize=600%2C450&ssl=1",600,450,true],"newspack-article-block-portrait-intermediate":["https:\/\/i0.wp.com\/landioustravel.com\/wp-content\/uploads\/2018\/11\/Submarine-Excursion-Hurghada.jpg?resize=450%2C480&ssl=1",450,480,true],"newspack-article-block-square-intermediate":["https:\/\/i0.wp.com\/landioustravel.com\/wp-content\/uploads\/2018\/11\/Submarine-Excursion-Hurghada.jpg?resize=600%2C480&ssl=1",600,480,true],"newspack-article-block-landscape-small":["https:\/\/i0.wp.com\/landioustravel.com\/wp-content\/uploads\/2018\/11\/Submarine-Excursion-Hurghada.jpg?resize=400%2C300&ssl=1",400,300,true],"newspack-article-block-portrait-small":["https:\/\/i0.wp.com\/landioustravel.com\/wp-content\/uploads\/2018\/11\/Submarine-Excursion-Hurghada.jpg?resize=300%2C400&ssl=1",300,400,true],"newspack-article-block-square-small":["https:\/\/i0.wp.com\/landioustravel.com\/wp-content\/uploads\/2018\/11\/Submarine-Excursion-Hurghada.jpg?resize=400%2C400&ssl=1",400,400,true],"newspack-article-block-landscape-tiny":["https:\/\/i0.wp.com\/landioustravel.com\/wp-content\/uploads\/2018\/11\/Submarine-Excursion-Hurghada.jpg?resize=200%2C150&ssl=1",200,150,true],"newspack-article-block-portrait-tiny":["https:\/\/i0.wp.com\/landioustravel.com\/wp-content\/uploads\/2018\/11\/Submarine-Excursion-Hurghada.jpg?resize=150%2C200&ssl=1",150,200,true],"newspack-article-block-square-tiny":["https:\/\/i0.wp.com\/landioustravel.com\/wp-content\/uploads\/2018\/11\/Submarine-Excursion-Hurghada.jpg?resize=200%2C200&ssl=1",200,200,true],"newspack-article-block-uncropped":["https:\/\/i0.wp.com\/landioustravel.com\/wp-content\/uploads\/2018\/11\/Submarine-Excursion-Hurghada.jpg?fit=720%2C480&ssl=1",720,480,true],"woocommerce_thumbnail":["https:\/\/i0.wp.com\/landioustravel.com\/wp-content\/uploads\/2018\/11\/Submarine-Excursion-Hurghada.jpg?resize=324%2C324&ssl=1",324,324,true],"woocommerce_single":["https:\/\/i0.wp.com\/landioustravel.com\/wp-content\/uploads\/2018\/11\/Submarine-Excursion-Hurghada.jpg?fit=416%2C277&ssl=1",416,277,true],"woocommerce_gallery_thumbnail":["https:\/\/i0.wp.com\/landioustravel.com\/wp-content\/uploads\/2018\/11\/Submarine-Excursion-Hurghada.jpg?resize=100%2C100&ssl=1",100,100,true]},"uagb_author_info":{"display_name":"Mofreh Landious","author_link":"https:\/\/landioustravel.com\/de\/author\/"},"uagb_comment_info":3,"uagb_excerpt":"Machen Sie sich bereit f\u00fcr ein unglaubliches Abenteuer auf dem Sindbad-U-Boot in Hurghada! Sie reisen durch das glitzernde Rote Meer und werden von den atemberaubenden Riffen und farbenfrohen Fischen in einer Tiefe von 25 Metern begeistert sein. Sie bleiben die ganze Zeit trocken und bequem! Und das Beste daran? Wenn Sie unter die Oberfl\u00e4che des&hellip;","jetpack_sharing_enabled":true,"jetpack_likes_enabled":true,"amp_enabled":true,"_links":{"self":[{"href":"https:\/\/landioustravel.com\/de\/wp-json\/wp\/v2\/product\/1302","targetHints":{"allow":["GET"]}}],"collection":[{"href":"https:\/\/landioustravel.com\/de\/wp-json\/wp\/v2\/product"}],"about":[{"href":"https:\/\/landioustravel.com\/de\/wp-json\/wp\/v2\/types\/product"}],"replies":[{"embeddable":true,"href":"https:\/\/landioustravel.com\/de\/wp-json\/wp\/v2\/comments?post=1302"}],"wp:featuredmedia":[{"embeddable":true,"href":"https:\/\/landioustravel.com\/de\/wp-json\/wp\/v2\/media\/97819"}],"wp:attachment":[{"href":"https:\/\/landioustravel.com\/de\/wp-json\/wp\/v2\/media?parent=1302"}],"wp:term":[{"taxonomy":"product_brand","embeddable":true,"href":"https:\/\/landioustravel.com\/de\/wp-json\/wp\/v2\/product_brand?post=1302"},{"taxonomy":"product_cat","embeddable":true,"href":"https:\/\/landioustravel.com\/de\/wp-json\/wp\/v2\/product_cat?post=1302"},{"taxonomy":"product_tag","embeddable":true,"href":"https:\/\/landioustravel.com\/de\/wp-json\/wp\/v2\/product_tag?post=1302"}],"curies":[{"name":"wp","href":"https:\/\/api.w.org\/{rel}","templated":true}]}}