{"id":1305,"date":"2023-03-28T02:32:27","date_gmt":"2019-01-19T01:26:25","guid":{"rendered":"https:\/\/landioustravel.com\/?post_type=product&#038;p=1305"},"modified":"2025-11-03T19:13:40","modified_gmt":"2025-11-03T17:13:40","slug":"ausflug-el-gouna-hurghada","status":"publish","type":"product","link":"https:\/\/landioustravel.com\/de\/shop\/ausflug-el-gouna-hurghada\/","title":{"rendered":"El Gouna Ausflug Hurghada"},"content":{"rendered":"<p>Es ist ein beliebter Seeausflug nach El-Gouna von <a href=\"https:\/\/landioustravel.com\/de\/hurghada-stadt\/\">Hurghada<\/a>, <a href=\"https:\/\/landioustravel.com\/de\/agypten\/\">\u00c4gypten<\/a>! Wir empfehlen die Reise, weil es Touristen erm\u00f6glicht, eine gute Zeit im Meer zu schwimmen. Au\u00dferdem k\u00f6nnen Sie die wundersch\u00f6nen Korallenriffe und eine Vielzahl von Fischen beobachten. Au\u00dferdem genie\u00dfen Sie ein Bootspicknick am Roten Meer. Letztendlich k\u00f6nnen Sie sich auf dieser Reise im \u00e4gyptischen Venedig niederlassen _ El Gouna! ONLINE BUCHUNG EL GOUNA AUSFLUG HURGHADA UND BESTER PREIS!<\/p>\n<h2>H\u00f6hepunkte der El Gouna Exkursion Hurghada<\/h2>\n<ul>\n<li>Schwimmen im offenen Meer.<\/li>\n<li>Schnorcheln.<\/li>\n<li>Mittagessen an Bord.<\/li>\n<li>Angeln.<\/li>\n<li>Sightseeing-Motorbootstour um El Gouna (Lagunenfahrt).<\/li>\n<li>Auch eine Wanderung in El-Gouna.<\/li>\n<\/ul>\n<h3>Programm der El Gouna Reise<\/h3>\n<ul>\n<li>Zun\u00e4chst holt Sie der Vertreter von <a href=\"https:\/\/landioustravel.com\/de\/kontakte\/\">Landious Travel<\/a> gegen 08:00 Uhr in Ihrem Hotel in Hurghada ab.<\/li>\n<li>Zweitens f\u00e4hrt der Bus nach dem Abholen aller Ank\u00f6mmlinge zum Hafen. Der Weg zu diesem Hafen dauert ca. 30 Minuten.<\/li>\n<li>Sie finden Ihr Boot in diesem Hafen. Es ist gro\u00df und schick! Dieses Boot besteht aus zwei Etagen. Sobald Sie ins Boot steigen, m\u00fcssen Sie Ihre Schuhe ausziehen. Und dann k\u00f6nnen Sie sich im zweiten Stock erheben, um sich auf dem oberen Sonnendeck zu br\u00e4unen.<\/li>\n<\/ul>\n<h4 style=\"text-align: center;\">Seepicknick &amp; Schnorchelstopp<\/h4>\n<ul>\n<li>Dieses Kreuzfahrtschiff wird \u00fcber das Rote Meer fahren, sobald sich die Gruppe versammelt. Nat\u00fcrlich werden Sie ein sch\u00f6nes Picknick auf dem Meer genie\u00dfen, w\u00e4hrend das Boot segelt. Au\u00dferdem k\u00f6nnen Sie auf dem Oberdeck ein Sonnenbad genie\u00dfen.<\/li>\n<li>An einem wundersch\u00f6nen Korallenriff-Meeresspiegel machen Sie Ihren ersten Stopp auf offener See. Dort k\u00f6nnen Sie nat\u00fcrlich mit Masken und Flossen schwimmen und schnorcheln.<\/li>\n<\/ul>\n<h5 style=\"text-align: center;\">Lagoonfahrt und El Gouna Discovery<\/h5>\n<ul>\n<li>Danach springen Sie in ein Motorboot, um El Gouna n\u00e4her zu betrachten. Dann f\u00e4hrt dieses Motorboot durch die Kan\u00e4le des \u00e4gyptischen Venedig. Nat\u00fcrlich k\u00f6nnen Sie den Ort von innen sehen. In der Zwischenzeit wird Ihr Guide Informationen zu diesem Ort anzeigen und geben.<\/li>\n<li>Nach der vorherigen Lagunentour landen Sie auf El-Gouna. Dann beginnen Sie einen Rundgang durch den Ort. Wieder einmal begleitet Sie der Guide und zeigt Ihnen die Sehensw\u00fcrdigkeiten in El Gouna.<\/li>\n<\/ul>\n<h5 style=\"text-align: center;\">Mittagessen an Bord<\/h5>\n<ul>\n<li>Danach bringen wir Sie zur\u00fcck zum Boot. Dann versammelt sich die Gruppe zum Mittagessen. Zur Mittagszeit ist das Buffet ge\u00f6ffnet.<\/li>\n<li>Als n\u00e4chstes machen Sie einen Zwischenstopp an einem anderen Meeresplatz, um einen Fisch zu fangen.<\/li>\n<\/ul>\n<h5 style=\"text-align: center;\">Zur\u00fcck zuhause<\/h5>\n<ul>\n<li>Schlie\u00dflich begleiten wir Sie nach einem so interessanten Schnorchelausflug in El-Gouna zur\u00fcck zu Ihren Hotels.<\/li>\n<li>Dieser Ausflug von <a href=\"https:\/\/www.google.de\/maps\/place\/Hurghada,+Al-Bahr+al-ahmar\/@27.1928369,33.5015083,10z\/data=!3m1!4b1!4m5!3m4!1s0x145287b2cd3dbbb3:0x2db807f98bd3c360!8m2!3d27.2578957!4d33.8116067\" target=\"_blank\" rel=\"noopener\">Hurghada<\/a> nach El Gouna endet gegen 16:30 Uhr.<\/li>\n<\/ul>\n<h4>Was beinhaltet der Preis f\u00fcr El Gouna Ausflug Hurghada?<\/h4>\n<ul>\n<li>Masken und Flossen.<\/li>\n<li>Essen &amp; Trinken.<\/li>\n<li>Transfer zum Hafen und zur\u00fcck zum Hotel.<\/li>\n<\/ul>\n<h5>Was beinhaltet das Programm von El Gouna Ausflug Hurghada nicht?<\/h5>\n<ul>\n<li>Video DVD.<\/li>\n<li>Auch die Foto-CD.<\/li>\n<\/ul>\n<h6>Was nehmen Sie f\u00fcr die Tour mit?<\/h6>\n<ul>\n<li>Handtuch.<\/li>\n<li>Auch Sonnenschutz.<\/li>\n<\/ul>\n<h6>El Gouna Ausflug Hurghada Buchungstage<\/h6>\n<ul>\n<li>Montag von 08:00 bis 17:00 Uhr.<\/li>\n<li>Auch Donnerstag von 08:00 bis 17:00 Uhr.<\/li>\n<\/ul>\n<h3>Dienstleistungen w\u00e4hrend der El Gouna Exkursion von Hurghada vorgestellt<\/h3>\n<ul>\n<li><strong>Transport<\/strong>: Landious Travel bedient Sie mit einer klimatisierten Limousine\/einem Kleinbus. Ein professioneller Fahrer begleitet Sie zum Hafen und zur\u00fcck zu Ihren Hotels.<\/li>\n<li><strong>F\u00fchrung<\/strong>: Ein professioneller englischer Reiseleiter holt Sie von Ihren Hotels ab und begleitet Sie zum Hafen<\/li>\n<li><strong>Bootsausstattung<\/strong>: Unsere Boote sind neue dreist\u00f6ckige. Diese Boote haben einen Speisesaal, einen Wasserk\u00e4lter, eine K\u00fcche, zwei Toiletten und Schwimmwesten. Au\u00dferdem bieten wir Schnorchelausr\u00fcstung, zwei Trolling-Rollen, im ersten Stock. W\u00e4hrenddessen verf\u00fcgt der Sonnendeckboden \u00fcber bequeme Sonnenliegen und ein Zelt.<\/li>\n<li><strong>Team und so<\/strong>: Sie haben eine freundliche und professionelle Crew auf dem Boot. Unsere Instruktoren und Trainer werden Sie w\u00e4hrend der Reise begleiten.<\/li>\n<li>Auch <strong>Essen<\/strong>: Wir pr\u00e4sentieren ein hochwertiges Mittagessen auf dem Boot mit verschiedenen Gerichten.<\/li>\n<\/ul>\n","protected":false},"excerpt":{"rendered":"<p>Der Ausflug von Hurghada ins \u00e4gyptische Venedig zieht viele Touristen an. Der Grund daf\u00fcr ist, dass das Reiseprogramm reichhaltig ist und verschiedene Unterhaltungspunkte bietet. Dementsprechend genie\u00dfen Touristen auf dem Weg in den Ferienort El Gouna ein Picknick entlang der K\u00fcste des Roten Meeres. Manchmal besteht die M\u00f6glichkeit, diese Lieblingsdelfine w\u00e4hrend des Seepicknicks zu treffen. Dies wird sicherlich jedem auf dem Boot gefallen. Au\u00dferdem h\u00e4lt das Boot auf offener See an; Damit unsere Touristen mit Masken und Flossen schnorcheln und angeln k\u00f6nnen. Sobald Sie in El Gouna ankommen, werden Sie einen Lagunenausflug genie\u00dfen. Auf dieser Lagunenfahrt f\u00fchrt Sie eine Motorboot-Tour \u00fcber die Kan\u00e4le in diesem Resort. Es ist sch\u00f6n, den Ort zu sehen!<\/p>\n","protected":false},"featured_media":25219,"comment_status":"open","ping_status":"closed","template":"","meta":{"_coblocks_attr":"","_coblocks_dimensions":"","_coblocks_responsive_height":"","_coblocks_accordion_ie_support":"","_uag_custom_page_level_css":"","jetpack_publicize_message":"","jetpack_publicize_feature_enabled":true,"jetpack_social_post_already_shared":true,"jetpack_social_options":{"image_generator_settings":{"template":"highway","default_image_id":0,"font":"","enabled":false},"version":2},"_wpas_customize_per_network":false},"product_brand":[],"product_cat":[22096,1597,22109,22097,20141,1603],"product_tag":[2143,1653,1844,1843,1774,1777,1778],"class_list":{"0":"post-1305","1":"product","2":"type-product","3":"status-publish","4":"has-post-thumbnail","6":"product_cat-budgetfreundliche-hurghada-ausfluege","7":"product_cat-ausfluge-hurghada","8":"product_cat-hurghada-ausfluege-delfinhaus","9":"product_cat-hurghada-familienausfluege","10":"product_cat-hurghada-schnorchelausfluege","11":"product_cat-seereisen-hurghada","12":"product_tag-ausfluge-von-hurghada","13":"product_tag-ausflug","14":"product_tag-bootsausfluge","15":"product_tag-el-gouna-de","16":"product_tag-hurghada-de","17":"product_tag-meer","18":"product_tag-schnorcheln","20":"first","21":"instock","22":"sale","23":"virtual","24":"purchasable","25":"product-type-simple"},"yoast_head":"<!-- This site is optimized with the Yoast SEO Premium plugin v27.5 (Yoast SEO v27.5) - https:\/\/yoast.com\/product\/yoast-seo-premium-wordpress\/ -->\n<title>El Gouna Ausflug Hurghada - Venedig - Landious Travel<\/title>\n<meta name=\"description\" content=\"El Gouna Ausflug Hurghada Ausflug ins \u00e4gyptische Venedig von Hurghada aus beinhaltet ein Picknick am Roten Meer auf dem Weg nach El Gouna\" \/>\n<meta name=\"robots\" content=\"index, follow, max-snippet:-1, max-image-preview:large, max-video-preview:-1\" \/>\n<link rel=\"canonical\" href=\"https:\/\/landioustravel.com\/de\/shop\/ausflug-el-gouna-hurghada\/\" \/>\n<meta property=\"og:locale\" content=\"de_DE\" \/>\n<meta property=\"og:type\" content=\"article\" \/>\n<meta property=\"og:title\" content=\"El Gouna Ausflug Hurghada\" \/>\n<meta property=\"og:description\" content=\"Landious Travel\" \/>\n<meta property=\"og:url\" content=\"https:\/\/landioustravel.com\/de\/shop\/ausflug-el-gouna-hurghada\/\" \/>\n<meta property=\"og:site_name\" content=\"Landious Travel\" \/>\n<meta property=\"article:publisher\" content=\"https:\/\/web.facebook.com\/landiousEgypt\" \/>\n<meta property=\"article:modified_time\" content=\"2025-11-03T17:13:40+00:00\" \/>\n<meta property=\"og:image\" content=\"https:\/\/i0.wp.com\/landioustravel.com\/wp-content\/uploads\/2020\/10\/trip_el-gouna_hurghada-e1617918202423.jpg?fit=1200%2C675&ssl=1\" \/>\n\t<meta property=\"og:image:width\" content=\"1200\" \/>\n\t<meta property=\"og:image:height\" content=\"675\" \/>\n\t<meta property=\"og:image:type\" content=\"image\/jpeg\" \/>\n<meta name=\"twitter:card\" content=\"summary_large_image\" \/>\n<meta name=\"twitter:site\" content=\"@LandiousTours\" \/>\n<meta name=\"twitter:label1\" content=\"Gesch\u00e4tzte Lesezeit\" \/>\n\t<meta name=\"twitter:data1\" content=\"3\u00a0Minuten\" \/>\n<script type=\"application\/ld+json\" class=\"yoast-schema-graph\">{\"@context\":\"https:\\\/\\\/schema.org\",\"@graph\":[{\"@type\":\"WebPage\",\"@id\":\"https:\\\/\\\/landioustravel.com\\\/de\\\/shop\\\/ausflug-el-gouna-hurghada\\\/\",\"url\":\"https:\\\/\\\/landioustravel.com\\\/de\\\/shop\\\/ausflug-el-gouna-hurghada\\\/\",\"name\":\"El Gouna Ausflug Hurghada - Venedig - Landious Travel\",\"isPartOf\":{\"@id\":\"https:\\\/\\\/landioustravel.com\\\/de\\\/#website\"},\"primaryImageOfPage\":{\"@id\":\"https:\\\/\\\/landioustravel.com\\\/de\\\/shop\\\/ausflug-el-gouna-hurghada\\\/#primaryimage\"},\"image\":{\"@id\":\"https:\\\/\\\/landioustravel.com\\\/de\\\/shop\\\/ausflug-el-gouna-hurghada\\\/#primaryimage\"},\"thumbnailUrl\":\"https:\\\/\\\/i0.wp.com\\\/landioustravel.com\\\/wp-content\\\/uploads\\\/2020\\\/10\\\/trip_el-gouna_hurghada-e1617918202423.jpg?fit=1200%2C675&ssl=1\",\"datePublished\":\"2019-01-19T01:26:25+00:00\",\"dateModified\":\"2025-11-03T17:13:40+00:00\",\"description\":\"El Gouna Ausflug Hurghada Ausflug ins \u00e4gyptische Venedig von Hurghada aus beinhaltet ein Picknick am Roten Meer auf dem Weg nach El Gouna\",\"breadcrumb\":{\"@id\":\"https:\\\/\\\/landioustravel.com\\\/de\\\/shop\\\/ausflug-el-gouna-hurghada\\\/#breadcrumb\"},\"inLanguage\":\"de\",\"potentialAction\":[{\"@type\":\"ReadAction\",\"target\":[\"https:\\\/\\\/landioustravel.com\\\/de\\\/shop\\\/ausflug-el-gouna-hurghada\\\/\"]}]},{\"@type\":\"ImageObject\",\"inLanguage\":\"de\",\"@id\":\"https:\\\/\\\/landioustravel.com\\\/de\\\/shop\\\/ausflug-el-gouna-hurghada\\\/#primaryimage\",\"url\":\"https:\\\/\\\/i0.wp.com\\\/landioustravel.com\\\/wp-content\\\/uploads\\\/2020\\\/10\\\/trip_el-gouna_hurghada-e1617918202423.jpg?fit=1200%2C675&ssl=1\",\"contentUrl\":\"https:\\\/\\\/i0.wp.com\\\/landioustravel.com\\\/wp-content\\\/uploads\\\/2020\\\/10\\\/trip_el-gouna_hurghada-e1617918202423.jpg?fit=1200%2C675&ssl=1\",\"width\":1200,\"height\":675,\"caption\":\"El Gouna Excursion Hurghada\"},{\"@type\":\"BreadcrumbList\",\"@id\":\"https:\\\/\\\/landioustravel.com\\\/de\\\/shop\\\/ausflug-el-gouna-hurghada\\\/#breadcrumb\",\"itemListElement\":[{\"@type\":\"ListItem\",\"position\":1,\"name\":\"Home\",\"item\":\"https:\\\/\\\/landioustravel.com\\\/de\\\/\"},{\"@type\":\"ListItem\",\"position\":2,\"name\":\"\u00c4gypten Touren\",\"item\":\"https:\\\/\\\/landioustravel.com\\\/de\\\/\"},{\"@type\":\"ListItem\",\"position\":3,\"name\":\"El Gouna Ausflug Hurghada\"}]},{\"@type\":\"WebSite\",\"@id\":\"https:\\\/\\\/landioustravel.com\\\/de\\\/#website\",\"url\":\"https:\\\/\\\/landioustravel.com\\\/de\\\/\",\"name\":\"Landious Travel\",\"description\":\"Excursions, trips and cruises in Egypt\",\"publisher\":{\"@id\":\"https:\\\/\\\/landioustravel.com\\\/de\\\/#organization\"},\"potentialAction\":[{\"@type\":\"SearchAction\",\"target\":{\"@type\":\"EntryPoint\",\"urlTemplate\":\"https:\\\/\\\/landioustravel.com\\\/de\\\/?s={search_term_string}\"},\"query-input\":{\"@type\":\"PropertyValueSpecification\",\"valueRequired\":true,\"valueName\":\"search_term_string\"}}],\"inLanguage\":\"de\"},{\"@type\":[\"Organization\",\"Place\"],\"@id\":\"https:\\\/\\\/landioustravel.com\\\/de\\\/#organization\",\"name\":\"Landious Travel\",\"alternateName\":\"Landious Travel\",\"url\":\"https:\\\/\\\/landioustravel.com\\\/de\\\/\",\"logo\":{\"@id\":\"https:\\\/\\\/landioustravel.com\\\/de\\\/shop\\\/ausflug-el-gouna-hurghada\\\/#local-main-organization-logo\"},\"image\":{\"@id\":\"https:\\\/\\\/landioustravel.com\\\/de\\\/shop\\\/ausflug-el-gouna-hurghada\\\/#local-main-organization-logo\"},\"sameAs\":[\"https:\\\/\\\/web.facebook.com\\\/landiousEgypt\",\"https:\\\/\\\/x.com\\\/LandiousTours\",\"https:\\\/\\\/mastodon.social\\\/@landious\"],\"legalName\":\"Landious Travel\",\"telephone\":[],\"openingHoursSpecification\":[{\"@type\":\"OpeningHoursSpecification\",\"dayOfWeek\":[\"Monday\",\"Tuesday\",\"Wednesday\",\"Thursday\",\"Friday\",\"Saturday\",\"Sunday\"],\"opens\":\"09:00\",\"closes\":\"17:00\"}]},{\"@type\":\"ImageObject\",\"inLanguage\":\"de\",\"@id\":\"https:\\\/\\\/landioustravel.com\\\/de\\\/shop\\\/ausflug-el-gouna-hurghada\\\/#local-main-organization-logo\",\"url\":\"https:\\\/\\\/i0.wp.com\\\/landioustravel.com\\\/wp-content\\\/uploads\\\/2021\\\/06\\\/Landious-T.png?fit=500%2C500&ssl=1\",\"contentUrl\":\"https:\\\/\\\/i0.wp.com\\\/landioustravel.com\\\/wp-content\\\/uploads\\\/2021\\\/06\\\/Landious-T.png?fit=500%2C500&ssl=1\",\"width\":500,\"height\":500,\"caption\":\"Landious Travel\"}]}<\/script>\n<!-- \/ Yoast SEO Premium plugin. -->","yoast_head_json":{"title":"El Gouna Ausflug Hurghada - Venedig - Landious Travel","description":"El Gouna Ausflug Hurghada Ausflug ins \u00e4gyptische Venedig von Hurghada aus beinhaltet ein Picknick am Roten Meer auf dem Weg nach El Gouna","robots":{"index":"index","follow":"follow","max-snippet":"max-snippet:-1","max-image-preview":"max-image-preview:large","max-video-preview":"max-video-preview:-1"},"canonical":"https:\/\/landioustravel.com\/de\/shop\/ausflug-el-gouna-hurghada\/","og_locale":"de_DE","og_type":"article","og_title":"El Gouna Ausflug Hurghada","og_description":"Landious Travel","og_url":"https:\/\/landioustravel.com\/de\/shop\/ausflug-el-gouna-hurghada\/","og_site_name":"Landious Travel","article_publisher":"https:\/\/web.facebook.com\/landiousEgypt","article_modified_time":"2025-11-03T17:13:40+00:00","og_image":[{"width":1200,"height":675,"url":"https:\/\/i0.wp.com\/landioustravel.com\/wp-content\/uploads\/2020\/10\/trip_el-gouna_hurghada-e1617918202423.jpg?fit=1200%2C675&ssl=1","type":"image\/jpeg"}],"twitter_card":"summary_large_image","twitter_site":"@LandiousTours","twitter_misc":{"Gesch\u00e4tzte Lesezeit":"3\u00a0Minuten"},"schema":{"@context":"https:\/\/schema.org","@graph":[{"@type":"WebPage","@id":"https:\/\/landioustravel.com\/de\/shop\/ausflug-el-gouna-hurghada\/","url":"https:\/\/landioustravel.com\/de\/shop\/ausflug-el-gouna-hurghada\/","name":"El Gouna Ausflug Hurghada - Venedig - Landious Travel","isPartOf":{"@id":"https:\/\/landioustravel.com\/de\/#website"},"primaryImageOfPage":{"@id":"https:\/\/landioustravel.com\/de\/shop\/ausflug-el-gouna-hurghada\/#primaryimage"},"image":{"@id":"https:\/\/landioustravel.com\/de\/shop\/ausflug-el-gouna-hurghada\/#primaryimage"},"thumbnailUrl":"https:\/\/i0.wp.com\/landioustravel.com\/wp-content\/uploads\/2020\/10\/trip_el-gouna_hurghada-e1617918202423.jpg?fit=1200%2C675&ssl=1","datePublished":"2019-01-19T01:26:25+00:00","dateModified":"2025-11-03T17:13:40+00:00","description":"El Gouna Ausflug Hurghada Ausflug ins \u00e4gyptische Venedig von Hurghada aus beinhaltet ein Picknick am Roten Meer auf dem Weg nach El Gouna","breadcrumb":{"@id":"https:\/\/landioustravel.com\/de\/shop\/ausflug-el-gouna-hurghada\/#breadcrumb"},"inLanguage":"de","potentialAction":[{"@type":"ReadAction","target":["https:\/\/landioustravel.com\/de\/shop\/ausflug-el-gouna-hurghada\/"]}]},{"@type":"ImageObject","inLanguage":"de","@id":"https:\/\/landioustravel.com\/de\/shop\/ausflug-el-gouna-hurghada\/#primaryimage","url":"https:\/\/i0.wp.com\/landioustravel.com\/wp-content\/uploads\/2020\/10\/trip_el-gouna_hurghada-e1617918202423.jpg?fit=1200%2C675&ssl=1","contentUrl":"https:\/\/i0.wp.com\/landioustravel.com\/wp-content\/uploads\/2020\/10\/trip_el-gouna_hurghada-e1617918202423.jpg?fit=1200%2C675&ssl=1","width":1200,"height":675,"caption":"El Gouna Excursion Hurghada"},{"@type":"BreadcrumbList","@id":"https:\/\/landioustravel.com\/de\/shop\/ausflug-el-gouna-hurghada\/#breadcrumb","itemListElement":[{"@type":"ListItem","position":1,"name":"Home","item":"https:\/\/landioustravel.com\/de\/"},{"@type":"ListItem","position":2,"name":"\u00c4gypten Touren","item":"https:\/\/landioustravel.com\/de\/"},{"@type":"ListItem","position":3,"name":"El Gouna Ausflug Hurghada"}]},{"@type":"WebSite","@id":"https:\/\/landioustravel.com\/de\/#website","url":"https:\/\/landioustravel.com\/de\/","name":"Landious Travel","description":"Excursions, trips and cruises in Egypt","publisher":{"@id":"https:\/\/landioustravel.com\/de\/#organization"},"potentialAction":[{"@type":"SearchAction","target":{"@type":"EntryPoint","urlTemplate":"https:\/\/landioustravel.com\/de\/?s={search_term_string}"},"query-input":{"@type":"PropertyValueSpecification","valueRequired":true,"valueName":"search_term_string"}}],"inLanguage":"de"},{"@type":["Organization","Place"],"@id":"https:\/\/landioustravel.com\/de\/#organization","name":"Landious Travel","alternateName":"Landious Travel","url":"https:\/\/landioustravel.com\/de\/","logo":{"@id":"https:\/\/landioustravel.com\/de\/shop\/ausflug-el-gouna-hurghada\/#local-main-organization-logo"},"image":{"@id":"https:\/\/landioustravel.com\/de\/shop\/ausflug-el-gouna-hurghada\/#local-main-organization-logo"},"sameAs":["https:\/\/web.facebook.com\/landiousEgypt","https:\/\/x.com\/LandiousTours","https:\/\/mastodon.social\/@landious"],"legalName":"Landious Travel","telephone":[],"openingHoursSpecification":[{"@type":"OpeningHoursSpecification","dayOfWeek":["Monday","Tuesday","Wednesday","Thursday","Friday","Saturday","Sunday"],"opens":"09:00","closes":"17:00"}]},{"@type":"ImageObject","inLanguage":"de","@id":"https:\/\/landioustravel.com\/de\/shop\/ausflug-el-gouna-hurghada\/#local-main-organization-logo","url":"https:\/\/i0.wp.com\/landioustravel.com\/wp-content\/uploads\/2021\/06\/Landious-T.png?fit=500%2C500&ssl=1","contentUrl":"https:\/\/i0.wp.com\/landioustravel.com\/wp-content\/uploads\/2021\/06\/Landious-T.png?fit=500%2C500&ssl=1","width":500,"height":500,"caption":"Landious Travel"}]}},"jetpack_publicize_connections":[],"uagb_featured_image_src":{"full":["https:\/\/i0.wp.com\/landioustravel.com\/wp-content\/uploads\/2020\/10\/trip_el-gouna_hurghada-e1617918202423.jpg?fit=1200%2C675&ssl=1",1200,675,false],"thumbnail":["https:\/\/i0.wp.com\/landioustravel.com\/wp-content\/uploads\/2020\/10\/trip_el-gouna_hurghada-e1617918202423.jpg?resize=150%2C150&ssl=1",150,150,true],"medium":["https:\/\/i0.wp.com\/landioustravel.com\/wp-content\/uploads\/2020\/10\/trip_el-gouna_hurghada-e1617918202423.jpg?fit=300%2C169&ssl=1",300,169,true],"medium_large":["https:\/\/i0.wp.com\/landioustravel.com\/wp-content\/uploads\/2020\/10\/trip_el-gouna_hurghada-e1617918202423.jpg?fit=768%2C432&ssl=1",768,432,true],"large":["https:\/\/i0.wp.com\/landioustravel.com\/wp-content\/uploads\/2020\/10\/trip_el-gouna_hurghada-e1617918202423.jpg?fit=980%2C551&ssl=1",980,551,true],"1536x1536":["https:\/\/i0.wp.com\/landioustravel.com\/wp-content\/uploads\/2020\/10\/trip_el-gouna_hurghada-e1617918202423.jpg?fit=1200%2C675&ssl=1",1200,675,true],"2048x2048":["https:\/\/i0.wp.com\/landioustravel.com\/wp-content\/uploads\/2020\/10\/trip_el-gouna_hurghada-e1617918202423.jpg?fit=1200%2C675&ssl=1",1200,675,true],"newspack-article-block-landscape-large":["https:\/\/i0.wp.com\/landioustravel.com\/wp-content\/uploads\/2020\/10\/trip_el-gouna_hurghada-e1617918202423.jpg?resize=1200%2C675&ssl=1",1200,853,true],"newspack-article-block-portrait-large":["https:\/\/i0.wp.com\/landioustravel.com\/wp-content\/uploads\/2020\/10\/trip_el-gouna_hurghada-e1617918202423.jpg?resize=900%2C675&ssl=1",900,675,true],"newspack-article-block-square-large":["https:\/\/i0.wp.com\/landioustravel.com\/wp-content\/uploads\/2020\/10\/trip_el-gouna_hurghada-e1617918202423.jpg?resize=1200%2C675&ssl=1",1200,853,true],"newspack-article-block-landscape-medium":["https:\/\/i0.wp.com\/landioustravel.com\/wp-content\/uploads\/2020\/10\/trip_el-gouna_hurghada-e1617918202423.jpg?resize=800%2C600&ssl=1",800,600,true],"newspack-article-block-portrait-medium":["https:\/\/i0.wp.com\/landioustravel.com\/wp-content\/uploads\/2020\/10\/trip_el-gouna_hurghada-e1617918202423.jpg?resize=600%2C675&ssl=1",600,675,true],"newspack-article-block-square-medium":["https:\/\/i0.wp.com\/landioustravel.com\/wp-content\/uploads\/2020\/10\/trip_el-gouna_hurghada-e1617918202423.jpg?resize=800%2C675&ssl=1",800,675,true],"newspack-article-block-landscape-intermediate":["https:\/\/i0.wp.com\/landioustravel.com\/wp-content\/uploads\/2020\/10\/trip_el-gouna_hurghada-e1617918202423.jpg?resize=600%2C450&ssl=1",600,450,true],"newspack-article-block-portrait-intermediate":["https:\/\/i0.wp.com\/landioustravel.com\/wp-content\/uploads\/2020\/10\/trip_el-gouna_hurghada-e1617918202423.jpg?resize=450%2C600&ssl=1",450,600,true],"newspack-article-block-square-intermediate":["https:\/\/i0.wp.com\/landioustravel.com\/wp-content\/uploads\/2020\/10\/trip_el-gouna_hurghada-e1617918202423.jpg?resize=600%2C600&ssl=1",600,600,true],"newspack-article-block-landscape-small":["https:\/\/i0.wp.com\/landioustravel.com\/wp-content\/uploads\/2020\/10\/trip_el-gouna_hurghada-e1617918202423.jpg?resize=400%2C300&ssl=1",400,300,true],"newspack-article-block-portrait-small":["https:\/\/i0.wp.com\/landioustravel.com\/wp-content\/uploads\/2020\/10\/trip_el-gouna_hurghada-e1617918202423.jpg?resize=300%2C400&ssl=1",300,400,true],"newspack-article-block-square-small":["https:\/\/i0.wp.com\/landioustravel.com\/wp-content\/uploads\/2020\/10\/trip_el-gouna_hurghada-e1617918202423.jpg?resize=400%2C400&ssl=1",400,400,true],"newspack-article-block-landscape-tiny":["https:\/\/i0.wp.com\/landioustravel.com\/wp-content\/uploads\/2020\/10\/trip_el-gouna_hurghada-e1617918202423.jpg?resize=200%2C150&ssl=1",200,150,true],"newspack-article-block-portrait-tiny":["https:\/\/i0.wp.com\/landioustravel.com\/wp-content\/uploads\/2020\/10\/trip_el-gouna_hurghada-e1617918202423.jpg?resize=150%2C200&ssl=1",150,200,true],"newspack-article-block-square-tiny":["https:\/\/i0.wp.com\/landioustravel.com\/wp-content\/uploads\/2020\/10\/trip_el-gouna_hurghada-e1617918202423.jpg?resize=200%2C200&ssl=1",200,200,true],"newspack-article-block-uncropped":["https:\/\/i0.wp.com\/landioustravel.com\/wp-content\/uploads\/2020\/10\/trip_el-gouna_hurghada-e1617918202423.jpg?fit=1200%2C800&ssl=1",1200,800,true],"woocommerce_thumbnail":["https:\/\/i0.wp.com\/landioustravel.com\/wp-content\/uploads\/2020\/10\/trip_el-gouna_hurghada-e1617918202423.jpg?resize=324%2C324&ssl=1",324,324,true],"woocommerce_single":["https:\/\/i0.wp.com\/landioustravel.com\/wp-content\/uploads\/2020\/10\/trip_el-gouna_hurghada-e1617918202423.jpg?fit=416%2C234&ssl=1",416,234,true],"woocommerce_gallery_thumbnail":["https:\/\/i0.wp.com\/landioustravel.com\/wp-content\/uploads\/2020\/10\/trip_el-gouna_hurghada-e1617918202423.jpg?resize=100%2C100&ssl=1",100,100,true]},"uagb_author_info":{"display_name":"Mofreh Landious","author_link":"https:\/\/landioustravel.com\/de\/author\/"},"uagb_comment_info":3,"uagb_excerpt":"Der Ausflug von Hurghada ins \u00e4gyptische Venedig zieht viele Touristen an. Der Grund daf\u00fcr ist, dass das Reiseprogramm reichhaltig ist und verschiedene Unterhaltungspunkte bietet. Dementsprechend genie\u00dfen Touristen auf dem Weg in den Ferienort El Gouna ein Picknick entlang der K\u00fcste des Roten Meeres. Manchmal besteht die M\u00f6glichkeit, diese Lieblingsdelfine w\u00e4hrend des Seepicknicks zu treffen. Dies&hellip;","jetpack_sharing_enabled":true,"jetpack_likes_enabled":true,"amp_enabled":true,"_links":{"self":[{"href":"https:\/\/landioustravel.com\/de\/wp-json\/wp\/v2\/product\/1305","targetHints":{"allow":["GET"]}}],"collection":[{"href":"https:\/\/landioustravel.com\/de\/wp-json\/wp\/v2\/product"}],"about":[{"href":"https:\/\/landioustravel.com\/de\/wp-json\/wp\/v2\/types\/product"}],"replies":[{"embeddable":true,"href":"https:\/\/landioustravel.com\/de\/wp-json\/wp\/v2\/comments?post=1305"}],"wp:featuredmedia":[{"embeddable":true,"href":"https:\/\/landioustravel.com\/de\/wp-json\/wp\/v2\/media\/25219"}],"wp:attachment":[{"href":"https:\/\/landioustravel.com\/de\/wp-json\/wp\/v2\/media?parent=1305"}],"wp:term":[{"taxonomy":"product_brand","embeddable":true,"href":"https:\/\/landioustravel.com\/de\/wp-json\/wp\/v2\/product_brand?post=1305"},{"taxonomy":"product_cat","embeddable":true,"href":"https:\/\/landioustravel.com\/de\/wp-json\/wp\/v2\/product_cat?post=1305"},{"taxonomy":"product_tag","embeddable":true,"href":"https:\/\/landioustravel.com\/de\/wp-json\/wp\/v2\/product_tag?post=1305"}],"curies":[{"name":"wp","href":"https:\/\/api.w.org\/{rel}","templated":true}]}}