{"id":1316,"date":"2023-03-27T15:36:54","date_gmt":"2019-01-19T03:15:19","guid":{"rendered":"https:\/\/landioustravel.com\/?post_type=product&#038;p=1316"},"modified":"2024-07-22T18:42:26","modified_gmt":"2024-07-22T15:42:26","slug":"quadfahrt-hurghada","status":"publish","type":"product","link":"https:\/\/landioustravel.com\/de\/shop\/quadfahrt-hurghada\/","title":{"rendered":"Dreist\u00fcndige Quadfahrt in Hurghada"},"content":{"rendered":"<p>Eine sehr aktive Reise zum Quadfahren in <a href=\"https:\/\/landioustravel.com\/de\/hurghada-stadt\/\">Hurghada<\/a>, <a href=\"https:\/\/landioustravel.com\/de\/agypten\/\">\u00c4gypten<\/a>! Wir empfehlen den Ausflug, damit Touristen eine gute Zeit mit Quads verbringen k\u00f6nnen. Diese Fahrt wird f\u00fcr eine lange Strecke in der W\u00fcste sein &#8211; 50 km. Au\u00dferdem k\u00f6nnen Sie die W\u00fcste in Hurghada entdecken und die Kultur der Beduinen kennenlernen. Es ist eine sch\u00f6ne Erfahrung f\u00fcr eine dreist\u00fcndige Moto-Safari in Hurghada! ONLINE-BUCHUNG Dreist\u00fcndige QUADFAHRT IN HURGHADA UND BESTER PREIS!<\/p>\n<h2>H\u00f6hepunkte auf Dreist\u00fcndige Quadfahrt in Hurghada<\/h2>\n<ul>\n<li>Quadfahren f\u00fcr eine Strecke von 50 km in der W\u00fcste.<\/li>\n<li>Kamelreiten.<\/li>\n<li>Auch Tee trinken im Beduinenzelt.<\/li>\n<\/ul>\n<h3>Programm des Quadfahrens<\/h3>\n<ul>\n<li>Zun\u00e4chst holt Sie der Vertreter von <a href=\"https:\/\/landioustravel.com\/de\/kontakte\/\">Landious Travel<\/a> gegen 08:00 Uhr vom Hotel ab.<\/li>\n<li>Zweitens, nachdem wir alle Ank\u00f6mmlinge abgeholt haben, f\u00e4hrt unser Minibus\/Jeep in die W\u00fcste, wo es eine Quad-Basis gibt. Der Weg zu dieser Basis dauert etwa 30 Minuten.<\/li>\n<\/ul>\n<h4 style=\"text-align: center;\">Aufw\u00e4rmen &amp; Anleitung<\/h4>\n<ul>\n<li>Grunds\u00e4tzlich m\u00fcssen Sie sich fertig machen. Sie tun dies, indem Sie einen Schal auf Ihren Kopf, Ihren Helm und eine Sonnenbrille legen.<\/li>\n<li>Dann gibt es Unterricht und Training f\u00fcr eine kurze Zeit.<\/li>\n<\/ul>\n<h5 style=\"text-align: center;\">Quadfahren in Richtung Beduinendorf<\/h5>\n<ul>\n<li>Anschlie\u00dfend fahren Sie 25 km durch die W\u00fcste zum Beduinendorf.<\/li>\n<li>Sobald Sie im Beduinendorf ankommen, werden Sie Kamelreiten. An diesem Ort k\u00f6nnen Sie mit den Beduinen fotografieren.<\/li>\n<li>Nach dem Kamelreiten begleitet Sie Ihr Guide zum Beduinenzelt. In diesem Zelt trinken Sie eine Tasse Tee. Au\u00dferdem k\u00f6nnen Sie den Leitfaden Fragen stellen, auf die Sie eine Antwort erhalten m\u00fcssen.<\/li>\n<\/ul>\n<h5 style=\"text-align: center;\">Quad Biken in Richtung Bahnhof<\/h5>\n<ul>\n<li>Wieder m\u00fcssen Sie sich bereit machen, zur\u00fcckzufahren. Der R\u00fcckweg ist 25 km von der Basis entfernt. Diese Quad-Safari dauert normalerweise drei Stunden.<\/li>\n<li>Sobald Sie Ihr Abenteuer und Ihre sch\u00f6ne Aktivit\u00e4t beendet haben, beginnt ein Briefing mit Bild und DVD. Vor dem Start des Quadfahren bietet Ihnen Ihr Trainer an, einige Fotos zu machen. Nat\u00fcrlich wird es eine gute Gelegenheit sein, sich diese sch\u00f6nen Momente zu merken. Anschlie\u00dfend bietet Ihnen der Fotograf diese Bilder gegen Aufpreis an. Der Preis dieser Bilder variiert je nach Gr\u00f6\u00dfe. Es wird etwas Optionales sein, es zu haben. Das DVD-Briefing dauert 10 Minuten.<\/li>\n<\/ul>\n<h5 style=\"text-align: center;\">Zur\u00fcck zuhause<\/h5>\n<ul>\n<li>Schlie\u00dflich begleiten wir Sie zur\u00fcck zu Ihren Hotels.<\/li>\n<li>Diese dreist\u00fcndige Moto Safari in <a href=\"https:\/\/www.google.de\/maps\/place\/Hurghada,+Al-Bahr+al-ahmar\/@27.1922261,33.5015195,10z\/data=!3m1!4b1!4m5!3m4!1s0x145287b2cd3dbbb3:0x2db807f98bd3c360!8m2!3d27.2578957!4d33.8116067\" target=\"_blank\" rel=\"noopener\">Hurghada<\/a> endet gegen 12:00 Uhr.<\/li>\n<\/ul>\n<h4>Was beinhaltet der Preis f\u00fcr eine Quad-Radtour in Hurghada?<\/h4>\n<ul>\n<li>Transfer in die W\u00fcste und zur\u00fcck zum Hotel.<\/li>\n<\/ul>\n<h5>Was beinhaltet das Programm der Quad Fahren Tour Hurghada nicht?<\/h5>\n<ul>\n<li>Video DVD.<\/li>\n<li>Auch die Foto-CD.<\/li>\n<\/ul>\n<h5>Was f\u00fcr eine dreist\u00fcndige Moto-Safari-Reise?<\/h5>\n<ul>\n<li>Schal.<\/li>\n<li>Auch Sonnenbrillen.<\/li>\n<\/ul>\n<h6>Dreist\u00fcndige Quadfahrt in Hurghada Buchungstage<\/h6>\n<ul>\n<li>T\u00e4glich von 08:00 bis 12:00 Uhr.<\/li>\n<\/ul>\n","protected":false},"excerpt":{"rendered":"<p>Machen Sie sich bereit f\u00fcr ein unvergessliches Abenteuer! Steigen Sie bei einer gef\u00fchrten Tour ab Hurghada auf ein Quad und erkunden Sie die atemberaubende \u00f6stliche Sahara. Sie k\u00f6nnen sogar ein traditionelles Beduinendorf besuchen, um Tee und Shisha zu trinken und mehr \u00fcber die faszinierende Lebensweise der Beduinen in der W\u00fcste zu erfahren. Der beste Teil? Dieses Erlebnis findet in den k\u00fchleren Morgenstunden statt und beinhaltet Hin- und R\u00fccktransfer zum Hotel sowie die gesamte notwendige Ausr\u00fcstung. Und wenn Ihnen das noch nicht genug Spannung ist, k\u00f6nnen Sie sich auch f\u00fcr die ATV-Quad-Safari, den Kamelritt und die Beduinendorf-Tour entscheiden. Sp\u00fcren Sie, wie Ihr Adrenalin in die H\u00f6he schie\u00dft, w\u00e4hrend Sie mit dem Quad durch die D\u00fcnen sausen, und entspannen Sie sich anschlie\u00dfend bei einem traditionellen Tee und einem Kamelritt. Bei der 3-st\u00fcndigen W\u00fcstensafari haben Sie gen\u00fcgend Zeit, die atemberaubende W\u00fcstenlandschaft zu genie\u00dfen und sich mit der lokalen Beduinenkultur vertraut zu machen. Also, worauf wartest Du? Buchen Sie noch heute Ihr Abenteuer und machen Sie sich bereit f\u00fcr die Fahrt Ihres Lebens!<\/p>\n","protected":false},"featured_media":131026,"comment_status":"open","ping_status":"closed","template":"","meta":{"_coblocks_attr":"","_coblocks_dimensions":"","_coblocks_responsive_height":"","_coblocks_accordion_ie_support":"","_uag_custom_page_level_css":"","jetpack_post_was_ever_published":false,"jetpack_publicize_message":"","jetpack_publicize_feature_enabled":true,"jetpack_social_post_already_shared":true,"jetpack_social_options":{"image_generator_settings":{"template":"highway","default_image_id":0,"font":"","enabled":false},"version":2},"_wpas_customize_per_network":false},"product_brand":[],"product_cat":[22096,1597,22160,1602],"product_tag":[1653,1774,2180,2177],"class_list":{"0":"post-1316","1":"product","2":"type-product","3":"status-publish","4":"has-post-thumbnail","6":"product_cat-budgetfreundliche-hurghada-ausfluege","7":"product_cat-ausfluge-hurghada","8":"product_cat-hurghada-quad-touren","9":"product_cat-safaritouren-hurghada","10":"product_tag-ausflug","11":"product_tag-hurghada-de","12":"product_tag-quadfahren","13":"product_tag-safari-de","15":"first","16":"instock","17":"sale","18":"taxable","19":"shipping-taxable","20":"purchasable","21":"product-type-variable"},"yoast_head":"<!-- This site is optimized with the Yoast SEO Premium plugin v26.9 (Yoast SEO v27.3) - https:\/\/yoast.com\/product\/yoast-seo-premium-wordpress\/ -->\n<title>Dreist\u00fcndige Quadfahrt in Hurghada<\/title>\n<meta name=\"description\" content=\"Dreist\u00fcndige Quadfahrt in Hurghada k\u00f6nnen Sie 50 km in der W\u00fcste Quad fahren und Kamel reiten. Sie \u00fcberqueren die W\u00fcste zu den Beduinen\" \/>\n<meta name=\"robots\" content=\"index, follow, max-snippet:-1, max-image-preview:large, max-video-preview:-1\" \/>\n<link rel=\"canonical\" href=\"https:\/\/landioustravel.com\/de\/shop\/quadfahrt-hurghada\/\" \/>\n<meta property=\"og:locale\" content=\"de_DE\" \/>\n<meta property=\"og:type\" content=\"article\" \/>\n<meta property=\"og:title\" content=\"Dreist\u00fcndige Quadfahrt in Hurghada\" \/>\n<meta property=\"og:description\" content=\"Landious Travel\" \/>\n<meta property=\"og:url\" content=\"https:\/\/landioustravel.com\/de\/shop\/quadfahrt-hurghada\/\" \/>\n<meta property=\"og:site_name\" content=\"Landious Travel\" \/>\n<meta property=\"article:publisher\" content=\"https:\/\/web.facebook.com\/landiousEgypt\" \/>\n<meta property=\"article:modified_time\" content=\"2024-07-22T15:42:26+00:00\" \/>\n<meta property=\"og:image\" content=\"https:\/\/i0.wp.com\/landioustravel.com\/wp-content\/uploads\/2018\/11\/Quad-Biking-Safari-Hurghada-e1670018168119.jpg?fit=1201%2C675&ssl=1\" \/>\n\t<meta property=\"og:image:width\" content=\"1201\" \/>\n\t<meta property=\"og:image:height\" content=\"675\" \/>\n\t<meta property=\"og:image:type\" content=\"image\/jpeg\" \/>\n<meta name=\"twitter:card\" content=\"summary_large_image\" \/>\n<meta name=\"twitter:site\" content=\"@LandiousTours\" \/>\n<meta name=\"twitter:label1\" content=\"Gesch\u00e4tzte Lesezeit\" \/>\n\t<meta name=\"twitter:data1\" content=\"2\u00a0Minuten\" \/>\n<script type=\"application\/ld+json\" class=\"yoast-schema-graph\">{\"@context\":\"https:\\\/\\\/schema.org\",\"@graph\":[{\"@type\":\"WebPage\",\"@id\":\"https:\\\/\\\/landioustravel.com\\\/de\\\/shop\\\/quadfahrt-hurghada\\\/\",\"url\":\"https:\\\/\\\/landioustravel.com\\\/de\\\/shop\\\/quadfahrt-hurghada\\\/\",\"name\":\"Dreist\u00fcndige Quadfahrt in Hurghada\",\"isPartOf\":{\"@id\":\"https:\\\/\\\/landioustravel.com\\\/de\\\/#website\"},\"primaryImageOfPage\":{\"@id\":\"https:\\\/\\\/landioustravel.com\\\/de\\\/shop\\\/quadfahrt-hurghada\\\/#primaryimage\"},\"image\":{\"@id\":\"https:\\\/\\\/landioustravel.com\\\/de\\\/shop\\\/quadfahrt-hurghada\\\/#primaryimage\"},\"thumbnailUrl\":\"https:\\\/\\\/i0.wp.com\\\/landioustravel.com\\\/wp-content\\\/uploads\\\/2018\\\/11\\\/Quad-Biking-Safari-Hurghada-e1670018168119.jpg?fit=1201%2C675&ssl=1\",\"datePublished\":\"2019-01-19T03:15:19+00:00\",\"dateModified\":\"2024-07-22T15:42:26+00:00\",\"description\":\"Dreist\u00fcndige Quadfahrt in Hurghada k\u00f6nnen Sie 50 km in der W\u00fcste Quad fahren und Kamel reiten. Sie \u00fcberqueren die W\u00fcste zu den Beduinen\",\"breadcrumb\":{\"@id\":\"https:\\\/\\\/landioustravel.com\\\/de\\\/shop\\\/quadfahrt-hurghada\\\/#breadcrumb\"},\"inLanguage\":\"de\",\"potentialAction\":[{\"@type\":\"ReadAction\",\"target\":[\"https:\\\/\\\/landioustravel.com\\\/de\\\/shop\\\/quadfahrt-hurghada\\\/\"]}]},{\"@type\":\"ImageObject\",\"inLanguage\":\"de\",\"@id\":\"https:\\\/\\\/landioustravel.com\\\/de\\\/shop\\\/quadfahrt-hurghada\\\/#primaryimage\",\"url\":\"https:\\\/\\\/i0.wp.com\\\/landioustravel.com\\\/wp-content\\\/uploads\\\/2018\\\/11\\\/Quad-Biking-Safari-Hurghada-e1670018168119.jpg?fit=1201%2C675&ssl=1\",\"contentUrl\":\"https:\\\/\\\/i0.wp.com\\\/landioustravel.com\\\/wp-content\\\/uploads\\\/2018\\\/11\\\/Quad-Biking-Safari-Hurghada-e1670018168119.jpg?fit=1201%2C675&ssl=1\",\"width\":1201,\"height\":675,\"caption\":\"Quad Biking Safari Hurghada\"},{\"@type\":\"BreadcrumbList\",\"@id\":\"https:\\\/\\\/landioustravel.com\\\/de\\\/shop\\\/quadfahrt-hurghada\\\/#breadcrumb\",\"itemListElement\":[{\"@type\":\"ListItem\",\"position\":1,\"name\":\"Home\",\"item\":\"https:\\\/\\\/landioustravel.com\\\/de\\\/\"},{\"@type\":\"ListItem\",\"position\":2,\"name\":\"\u00c4gypten Touren\",\"item\":\"https:\\\/\\\/landioustravel.com\\\/de\\\/\"},{\"@type\":\"ListItem\",\"position\":3,\"name\":\"Dreist\u00fcndige Quadfahrt in Hurghada\"}]},{\"@type\":\"WebSite\",\"@id\":\"https:\\\/\\\/landioustravel.com\\\/de\\\/#website\",\"url\":\"https:\\\/\\\/landioustravel.com\\\/de\\\/\",\"name\":\"Landious Travel\",\"description\":\"Excursions, trips and cruises in Egypt\",\"publisher\":{\"@id\":\"https:\\\/\\\/landioustravel.com\\\/de\\\/#organization\"},\"potentialAction\":[{\"@type\":\"SearchAction\",\"target\":{\"@type\":\"EntryPoint\",\"urlTemplate\":\"https:\\\/\\\/landioustravel.com\\\/de\\\/?s={search_term_string}\"},\"query-input\":{\"@type\":\"PropertyValueSpecification\",\"valueRequired\":true,\"valueName\":\"search_term_string\"}}],\"inLanguage\":\"de\"},{\"@type\":[\"Organization\",\"Place\"],\"@id\":\"https:\\\/\\\/landioustravel.com\\\/de\\\/#organization\",\"name\":\"Landious Travel\",\"alternateName\":\"Landious Travel\",\"url\":\"https:\\\/\\\/landioustravel.com\\\/de\\\/\",\"logo\":{\"@id\":\"https:\\\/\\\/landioustravel.com\\\/de\\\/shop\\\/quadfahrt-hurghada\\\/#local-main-organization-logo\"},\"image\":{\"@id\":\"https:\\\/\\\/landioustravel.com\\\/de\\\/shop\\\/quadfahrt-hurghada\\\/#local-main-organization-logo\"},\"sameAs\":[\"https:\\\/\\\/web.facebook.com\\\/landiousEgypt\",\"https:\\\/\\\/x.com\\\/LandiousTours\",\"https:\\\/\\\/mastodon.social\\\/@landious\"],\"legalName\":\"Landious Travel\",\"telephone\":[],\"openingHoursSpecification\":[{\"@type\":\"OpeningHoursSpecification\",\"dayOfWeek\":[\"Monday\",\"Tuesday\",\"Wednesday\",\"Thursday\",\"Friday\",\"Saturday\",\"Sunday\"],\"opens\":\"09:00\",\"closes\":\"17:00\"}]},{\"@type\":\"ImageObject\",\"inLanguage\":\"de\",\"@id\":\"https:\\\/\\\/landioustravel.com\\\/de\\\/shop\\\/quadfahrt-hurghada\\\/#local-main-organization-logo\",\"url\":\"https:\\\/\\\/i0.wp.com\\\/landioustravel.com\\\/wp-content\\\/uploads\\\/2021\\\/06\\\/Landious-T.png?fit=500%2C500&ssl=1\",\"contentUrl\":\"https:\\\/\\\/i0.wp.com\\\/landioustravel.com\\\/wp-content\\\/uploads\\\/2021\\\/06\\\/Landious-T.png?fit=500%2C500&ssl=1\",\"width\":500,\"height\":500,\"caption\":\"Landious Travel\"}]}<\/script>\n<!-- \/ Yoast SEO Premium plugin. -->","yoast_head_json":{"title":"Dreist\u00fcndige Quadfahrt in Hurghada","description":"Dreist\u00fcndige Quadfahrt in Hurghada k\u00f6nnen Sie 50 km in der W\u00fcste Quad fahren und Kamel reiten. Sie \u00fcberqueren die W\u00fcste zu den Beduinen","robots":{"index":"index","follow":"follow","max-snippet":"max-snippet:-1","max-image-preview":"max-image-preview:large","max-video-preview":"max-video-preview:-1"},"canonical":"https:\/\/landioustravel.com\/de\/shop\/quadfahrt-hurghada\/","og_locale":"de_DE","og_type":"article","og_title":"Dreist\u00fcndige Quadfahrt in Hurghada","og_description":"Landious Travel","og_url":"https:\/\/landioustravel.com\/de\/shop\/quadfahrt-hurghada\/","og_site_name":"Landious Travel","article_publisher":"https:\/\/web.facebook.com\/landiousEgypt","article_modified_time":"2024-07-22T15:42:26+00:00","og_image":[{"width":1201,"height":675,"url":"https:\/\/i0.wp.com\/landioustravel.com\/wp-content\/uploads\/2018\/11\/Quad-Biking-Safari-Hurghada-e1670018168119.jpg?fit=1201%2C675&ssl=1","type":"image\/jpeg"}],"twitter_card":"summary_large_image","twitter_site":"@LandiousTours","twitter_misc":{"Gesch\u00e4tzte Lesezeit":"2\u00a0Minuten"},"schema":{"@context":"https:\/\/schema.org","@graph":[{"@type":"WebPage","@id":"https:\/\/landioustravel.com\/de\/shop\/quadfahrt-hurghada\/","url":"https:\/\/landioustravel.com\/de\/shop\/quadfahrt-hurghada\/","name":"Dreist\u00fcndige Quadfahrt in Hurghada","isPartOf":{"@id":"https:\/\/landioustravel.com\/de\/#website"},"primaryImageOfPage":{"@id":"https:\/\/landioustravel.com\/de\/shop\/quadfahrt-hurghada\/#primaryimage"},"image":{"@id":"https:\/\/landioustravel.com\/de\/shop\/quadfahrt-hurghada\/#primaryimage"},"thumbnailUrl":"https:\/\/i0.wp.com\/landioustravel.com\/wp-content\/uploads\/2018\/11\/Quad-Biking-Safari-Hurghada-e1670018168119.jpg?fit=1201%2C675&ssl=1","datePublished":"2019-01-19T03:15:19+00:00","dateModified":"2024-07-22T15:42:26+00:00","description":"Dreist\u00fcndige Quadfahrt in Hurghada k\u00f6nnen Sie 50 km in der W\u00fcste Quad fahren und Kamel reiten. Sie \u00fcberqueren die W\u00fcste zu den Beduinen","breadcrumb":{"@id":"https:\/\/landioustravel.com\/de\/shop\/quadfahrt-hurghada\/#breadcrumb"},"inLanguage":"de","potentialAction":[{"@type":"ReadAction","target":["https:\/\/landioustravel.com\/de\/shop\/quadfahrt-hurghada\/"]}]},{"@type":"ImageObject","inLanguage":"de","@id":"https:\/\/landioustravel.com\/de\/shop\/quadfahrt-hurghada\/#primaryimage","url":"https:\/\/i0.wp.com\/landioustravel.com\/wp-content\/uploads\/2018\/11\/Quad-Biking-Safari-Hurghada-e1670018168119.jpg?fit=1201%2C675&ssl=1","contentUrl":"https:\/\/i0.wp.com\/landioustravel.com\/wp-content\/uploads\/2018\/11\/Quad-Biking-Safari-Hurghada-e1670018168119.jpg?fit=1201%2C675&ssl=1","width":1201,"height":675,"caption":"Quad Biking Safari Hurghada"},{"@type":"BreadcrumbList","@id":"https:\/\/landioustravel.com\/de\/shop\/quadfahrt-hurghada\/#breadcrumb","itemListElement":[{"@type":"ListItem","position":1,"name":"Home","item":"https:\/\/landioustravel.com\/de\/"},{"@type":"ListItem","position":2,"name":"\u00c4gypten Touren","item":"https:\/\/landioustravel.com\/de\/"},{"@type":"ListItem","position":3,"name":"Dreist\u00fcndige Quadfahrt in Hurghada"}]},{"@type":"WebSite","@id":"https:\/\/landioustravel.com\/de\/#website","url":"https:\/\/landioustravel.com\/de\/","name":"Landious Travel","description":"Excursions, trips and cruises in Egypt","publisher":{"@id":"https:\/\/landioustravel.com\/de\/#organization"},"potentialAction":[{"@type":"SearchAction","target":{"@type":"EntryPoint","urlTemplate":"https:\/\/landioustravel.com\/de\/?s={search_term_string}"},"query-input":{"@type":"PropertyValueSpecification","valueRequired":true,"valueName":"search_term_string"}}],"inLanguage":"de"},{"@type":["Organization","Place"],"@id":"https:\/\/landioustravel.com\/de\/#organization","name":"Landious Travel","alternateName":"Landious Travel","url":"https:\/\/landioustravel.com\/de\/","logo":{"@id":"https:\/\/landioustravel.com\/de\/shop\/quadfahrt-hurghada\/#local-main-organization-logo"},"image":{"@id":"https:\/\/landioustravel.com\/de\/shop\/quadfahrt-hurghada\/#local-main-organization-logo"},"sameAs":["https:\/\/web.facebook.com\/landiousEgypt","https:\/\/x.com\/LandiousTours","https:\/\/mastodon.social\/@landious"],"legalName":"Landious Travel","telephone":[],"openingHoursSpecification":[{"@type":"OpeningHoursSpecification","dayOfWeek":["Monday","Tuesday","Wednesday","Thursday","Friday","Saturday","Sunday"],"opens":"09:00","closes":"17:00"}]},{"@type":"ImageObject","inLanguage":"de","@id":"https:\/\/landioustravel.com\/de\/shop\/quadfahrt-hurghada\/#local-main-organization-logo","url":"https:\/\/i0.wp.com\/landioustravel.com\/wp-content\/uploads\/2021\/06\/Landious-T.png?fit=500%2C500&ssl=1","contentUrl":"https:\/\/i0.wp.com\/landioustravel.com\/wp-content\/uploads\/2021\/06\/Landious-T.png?fit=500%2C500&ssl=1","width":500,"height":500,"caption":"Landious Travel"}]}},"jetpack_publicize_connections":[],"uagb_featured_image_src":{"full":["https:\/\/i0.wp.com\/landioustravel.com\/wp-content\/uploads\/2018\/11\/Quad-Biking-Safari-Hurghada-e1670018168119.jpg?fit=1201%2C675&ssl=1",1201,675,false],"thumbnail":["https:\/\/i0.wp.com\/landioustravel.com\/wp-content\/uploads\/2018\/11\/Quad-Biking-Safari-Hurghada-e1670018168119.jpg?resize=150%2C150&ssl=1",150,150,true],"medium":["https:\/\/i0.wp.com\/landioustravel.com\/wp-content\/uploads\/2018\/11\/Quad-Biking-Safari-Hurghada-e1670018168119.jpg?fit=300%2C169&ssl=1",300,169,true],"medium_large":["https:\/\/i0.wp.com\/landioustravel.com\/wp-content\/uploads\/2018\/11\/Quad-Biking-Safari-Hurghada-e1670018168119.jpg?fit=768%2C432&ssl=1",768,432,true],"large":["https:\/\/i0.wp.com\/landioustravel.com\/wp-content\/uploads\/2018\/11\/Quad-Biking-Safari-Hurghada-e1670018168119.jpg?fit=980%2C551&ssl=1",980,551,true],"1536x1536":["https:\/\/i0.wp.com\/landioustravel.com\/wp-content\/uploads\/2018\/11\/Quad-Biking-Safari-Hurghada-e1670018168119.jpg?fit=1536%2C597&ssl=1",1536,597,true],"2048x2048":["https:\/\/i0.wp.com\/landioustravel.com\/wp-content\/uploads\/2018\/11\/Quad-Biking-Safari-Hurghada-e1670018168119.jpg?fit=1201%2C675&ssl=1",1201,675,true],"newspack-article-block-landscape-large":["https:\/\/i0.wp.com\/landioustravel.com\/wp-content\/uploads\/2018\/11\/Quad-Biking-Safari-Hurghada-e1670018168119.jpg?resize=1200%2C674&ssl=1",1200,674,true],"newspack-article-block-portrait-large":["https:\/\/i0.wp.com\/landioustravel.com\/wp-content\/uploads\/2018\/11\/Quad-Biking-Safari-Hurghada-e1670018168119.jpg?resize=900%2C675&ssl=1",900,675,true],"newspack-article-block-square-large":["https:\/\/i0.wp.com\/landioustravel.com\/wp-content\/uploads\/2018\/11\/Quad-Biking-Safari-Hurghada-e1670018168119.jpg?resize=1200%2C674&ssl=1",1200,674,true],"newspack-article-block-landscape-medium":["https:\/\/i0.wp.com\/landioustravel.com\/wp-content\/uploads\/2018\/11\/Quad-Biking-Safari-Hurghada-e1670018168119.jpg?resize=800%2C600&ssl=1",800,600,true],"newspack-article-block-portrait-medium":["https:\/\/i0.wp.com\/landioustravel.com\/wp-content\/uploads\/2018\/11\/Quad-Biking-Safari-Hurghada-e1670018168119.jpg?resize=600%2C675&ssl=1",600,675,true],"newspack-article-block-square-medium":["https:\/\/i0.wp.com\/landioustravel.com\/wp-content\/uploads\/2018\/11\/Quad-Biking-Safari-Hurghada-e1670018168119.jpg?resize=800%2C675&ssl=1",800,675,true],"newspack-article-block-landscape-intermediate":["https:\/\/i0.wp.com\/landioustravel.com\/wp-content\/uploads\/2018\/11\/Quad-Biking-Safari-Hurghada-e1670018168119.jpg?resize=600%2C450&ssl=1",600,450,true],"newspack-article-block-portrait-intermediate":["https:\/\/i0.wp.com\/landioustravel.com\/wp-content\/uploads\/2018\/11\/Quad-Biking-Safari-Hurghada-e1670018168119.jpg?resize=450%2C600&ssl=1",450,600,true],"newspack-article-block-square-intermediate":["https:\/\/i0.wp.com\/landioustravel.com\/wp-content\/uploads\/2018\/11\/Quad-Biking-Safari-Hurghada-e1670018168119.jpg?resize=600%2C600&ssl=1",600,600,true],"newspack-article-block-landscape-small":["https:\/\/i0.wp.com\/landioustravel.com\/wp-content\/uploads\/2018\/11\/Quad-Biking-Safari-Hurghada-e1670018168119.jpg?resize=400%2C300&ssl=1",400,300,true],"newspack-article-block-portrait-small":["https:\/\/i0.wp.com\/landioustravel.com\/wp-content\/uploads\/2018\/11\/Quad-Biking-Safari-Hurghada-e1670018168119.jpg?resize=300%2C400&ssl=1",300,400,true],"newspack-article-block-square-small":["https:\/\/i0.wp.com\/landioustravel.com\/wp-content\/uploads\/2018\/11\/Quad-Biking-Safari-Hurghada-e1670018168119.jpg?resize=400%2C400&ssl=1",400,400,true],"newspack-article-block-landscape-tiny":["https:\/\/i0.wp.com\/landioustravel.com\/wp-content\/uploads\/2018\/11\/Quad-Biking-Safari-Hurghada-e1670018168119.jpg?resize=200%2C150&ssl=1",200,150,true],"newspack-article-block-portrait-tiny":["https:\/\/i0.wp.com\/landioustravel.com\/wp-content\/uploads\/2018\/11\/Quad-Biking-Safari-Hurghada-e1670018168119.jpg?resize=150%2C200&ssl=1",150,200,true],"newspack-article-block-square-tiny":["https:\/\/i0.wp.com\/landioustravel.com\/wp-content\/uploads\/2018\/11\/Quad-Biking-Safari-Hurghada-e1670018168119.jpg?resize=200%2C200&ssl=1",200,200,true],"newspack-article-block-uncropped":["https:\/\/i0.wp.com\/landioustravel.com\/wp-content\/uploads\/2018\/11\/Quad-Biking-Safari-Hurghada-e1670018168119.jpg?fit=1200%2C674&ssl=1",1200,674,true],"woocommerce_thumbnail":["https:\/\/i0.wp.com\/landioustravel.com\/wp-content\/uploads\/2018\/11\/Quad-Biking-Safari-Hurghada-e1670018168119.jpg?resize=324%2C324&ssl=1",324,324,true],"woocommerce_single":["https:\/\/i0.wp.com\/landioustravel.com\/wp-content\/uploads\/2018\/11\/Quad-Biking-Safari-Hurghada-e1670018168119.jpg?fit=416%2C234&ssl=1",416,234,true],"woocommerce_gallery_thumbnail":["https:\/\/i0.wp.com\/landioustravel.com\/wp-content\/uploads\/2018\/11\/Quad-Biking-Safari-Hurghada-e1670018168119.jpg?resize=100%2C100&ssl=1",100,100,true]},"uagb_author_info":{"display_name":"Mofreh Landious","author_link":"https:\/\/landioustravel.com\/de\/author\/"},"uagb_comment_info":5,"uagb_excerpt":"Machen Sie sich bereit f\u00fcr ein unvergessliches Abenteuer! Steigen Sie bei einer gef\u00fchrten Tour ab Hurghada auf ein Quad und erkunden Sie die atemberaubende \u00f6stliche Sahara. Sie k\u00f6nnen sogar ein traditionelles Beduinendorf besuchen, um Tee und Shisha zu trinken und mehr \u00fcber die faszinierende Lebensweise der Beduinen in der W\u00fcste zu erfahren. Der beste Teil?&hellip;","jetpack_sharing_enabled":true,"jetpack_likes_enabled":true,"amp_enabled":true,"_links":{"self":[{"href":"https:\/\/landioustravel.com\/de\/wp-json\/wp\/v2\/product\/1316","targetHints":{"allow":["GET"]}}],"collection":[{"href":"https:\/\/landioustravel.com\/de\/wp-json\/wp\/v2\/product"}],"about":[{"href":"https:\/\/landioustravel.com\/de\/wp-json\/wp\/v2\/types\/product"}],"replies":[{"embeddable":true,"href":"https:\/\/landioustravel.com\/de\/wp-json\/wp\/v2\/comments?post=1316"}],"wp:featuredmedia":[{"embeddable":true,"href":"https:\/\/landioustravel.com\/de\/wp-json\/wp\/v2\/media\/131026"}],"wp:attachment":[{"href":"https:\/\/landioustravel.com\/de\/wp-json\/wp\/v2\/media?parent=1316"}],"wp:term":[{"taxonomy":"product_brand","embeddable":true,"href":"https:\/\/landioustravel.com\/de\/wp-json\/wp\/v2\/product_brand?post=1316"},{"taxonomy":"product_cat","embeddable":true,"href":"https:\/\/landioustravel.com\/de\/wp-json\/wp\/v2\/product_cat?post=1316"},{"taxonomy":"product_tag","embeddable":true,"href":"https:\/\/landioustravel.com\/de\/wp-json\/wp\/v2\/product_tag?post=1316"}],"curies":[{"name":"wp","href":"https:\/\/api.w.org\/{rel}","templated":true}]}}