{"id":1318,"date":"2018-11-12T08:00:37","date_gmt":"2019-01-19T03:38:34","guid":{"rendered":"https:\/\/landioustravel.com\/?post_type=product&#038;p=1318"},"modified":"2026-01-03T19:24:52","modified_gmt":"2026-01-03T17:24:52","slug":"ausflug-utopia-hurghada","status":"publish","type":"product","link":"https:\/\/landioustravel.com\/de\/shop\/ausflug-utopia-hurghada\/","title":{"rendered":"Super Utopia Ausflug Hurghada"},"content":{"rendered":"<p>Es ist eine wundervolle Seereise zur Insel Utopia vom Ferienort <a href=\"https:\/\/landioustravel.com\/de\/hurghada-stadt\/\">Hurghada<\/a> in <a href=\"https:\/\/landioustravel.com\/de\/agypten\/\">\u00c4gypten<\/a>! Wir empfehlen den Ausflug, da Touristen auf einer der sandigsten <a href=\"https:\/\/landioustravel.com\/de\/agypten\/meeresinseln\/\">Inseln<\/a> \u00c4gyptens landen k\u00f6nnen. Diese Reise erm\u00f6glicht es, eine gute Zeit auf See zu verbringen und wundersch\u00f6ne Korallenriffe und verschiedene Fische zu sehen. Hier k\u00f6nnen Sie ein Picknick auf dem Meer durch das Rote Meer genie\u00dfen und auf die Utopia-Insel selbst gelangen. Au\u00dferdem fahren Touristen mit Bananen- und Sofaspielzeug. Deshalb nennen wir dieses Programm Super Utopia. Es ist wirklich eine erstaunliche Erfahrung, K\u00f6rper und Seele zu fesseln! ONLINE BUCHUNG SUPER UTOPIA AUSFLUG HURGHADA UND BESTER PREIS!<\/p>\n<h2>H\u00f6hepunkte der Super Utopia Exkursion von Hurghada<\/h2>\n<ul>\n<li>Schwimmen und Schnorcheln im offenen Meer vom Boot aus.<\/li>\n<li>Fischereit\u00e4tigkeit.<\/li>\n<li>Mittagessen an Bord.<\/li>\n<li>Bananen- und Sofafahrten.<\/li>\n<li>Auch Landung auf der Insel Utopia.<\/li>\n<\/ul>\n<h3>Programm der Super Utopia Reise<\/h3>\n<ul>\n<li>Zun\u00e4chst holt Sie der Vertreter von <a href=\"https:\/\/landioustravel.com\/de\/kontakte\/\">Landious Travel<\/a> gegen 08:00 Uhr in Ihrem Hotel in Hurghada ab.<\/li>\n<li>Zweitens f\u00e4hrt der Bus nach Abholung aller Ank\u00f6mmlinge direkt zum Hafen. Der Weg zu diesem Hafen dauert ungef\u00e4hr 45 Minuten.<\/li>\n<li>Sie finden Ihr Boot im Hafen. Es ist gro\u00df und schick! Dieses Boot hat zwei Stockwerke. Sobald Sie ins Boot steigen, m\u00fcssen Sie Ihre Schuhe ausziehen. Dann k\u00f6nnen Sie sich zum Br\u00e4unen auf das Sonnendeck erheben.<\/li>\n<\/ul>\n<h4 style=\"text-align: center;\">Seepicknick<\/h4>\n<ul>\n<li>Das Boot wird \u00fcber das Rote Meer segeln, sobald sich die Gruppe versammelt.<\/li>\n<li>Ab dann wird das Boot so nahe an einem wundersch\u00f6nen Korallenriffpunkt ankern. So machen Sie einen Zwischenstopp auf offener See. An dieser Stelle haben Sie eine gute Gelegenheit, mit Masken und Flossen zu schwimmen und zu schnorcheln. Dieser Stopp dauert eine ganze Stunde.<\/li>\n<li>Als n\u00e4chstes machen Sie einen Zwischenstopp an einem anderen Ort, um angeln zu gehen.<\/li>\n<\/ul>\n<h5 style=\"text-align: center;\">Landung auf Utopia Island<\/h5>\n<ul>\n<li>Nach dem Angelstopp fahren Sie mit einem durchsichtigen Boot zur Insel Utopia.<\/li>\n<li>Von der Insel aus k\u00f6nnen Sie zum Schnorcheln ins Meer gehen. Ansonsten k\u00f6nnen Sie sich auf dem weichen und gesunden Sand des Strandes suhlen.<\/li>\n<li>Dann bringen wir Sie zum Mittagessen zur\u00fcck zum Boot. Zur Mittagszeit ist das Buffet ge\u00f6ffnet.<\/li>\n<li>Anschlie\u00dfend k\u00f6nnen Sie Bananen- und Sofa-Wasserspielzeug reiten.<\/li>\n<\/ul>\n<h5 style=\"text-align: center;\">Abfahrt nach Hurghada<\/h5>\n<ul>\n<li>Schlie\u00dflich begleiten wir Sie nach einem so sch\u00f6nen Schnorchelausflug zur Insel Utopia zur\u00fcck zu Ihren Hotels.<\/li>\n<li>Der Super Utopia Ausflug von <a href=\"https:\/\/www.google.de\/maps\/place\/Hurghada,+Al-Bahr+al-ahmar\/@27.1922261,33.5015195,10z\/data=!3m1!4b1!4m5!3m4!1s0x145287b2cd3dbbb3:0x2db807f98bd3c360!8m2!3d27.2578957!4d33.8116067\" target=\"_blank\" rel=\"noopener\">Hurghada<\/a> endet gegen 16:30 Uhr.<\/li>\n<\/ul>\n<h4>Was beinhaltet der Preis f\u00fcr Super Utopia Ausflug Hurghada?<\/h4>\n<ul>\n<li>Schnorchelausr\u00fcstung.<\/li>\n<li>Essen &amp; Trinken.<\/li>\n<li>Transfer zum Hafen und zur\u00fcck zum Hotel.<\/li>\n<\/ul>\n<h5>Was beinhaltet das Programm von Super Utopia Hurghada nicht?<\/h5>\n<ul>\n<li>Video DVD.<\/li>\n<li>Auch die Foto-CD.<\/li>\n<\/ul>\n<h6>Was nehmen Sie f\u00fcr die Reise mit?<\/h6>\n<ul>\n<li>Handtuch.<\/li>\n<li>Auch Sonnenschutz.<\/li>\n<\/ul>\n<h6>Super Utopia Ausflug Hurghada Buchungstage<\/h6>\n<ul>\n<li>T\u00e4glich von 08:00 bis 17:00 Uhr.<\/li>\n<\/ul>\n<h3>Dienstleistungen w\u00e4hrend der Super Utopia Reise von Hurghada pr\u00e4sentiert<\/h3>\n<ul style=\"list-style-type: square;\">\n<li>Transport: Landious Travel bedient Sie mit einer klimatisierten Limousine\/einem Kleinbus. Ein professioneller Fahrer begleitet Sie zum Hafen und zur\u00fcck zu Ihren Hotels.<\/li>\n<li>F\u00fchrung: Ein professioneller englischer Reiseleiter holt Sie von Ihren Hotels ab und begleitet Sie zum Hafen.<\/li>\n<li>Bootsausstattung: Unsere Boote sind neue dreist\u00f6ckige. Wir haben diese Boote mit einem Speisesaal, einem Wasserk\u00e4lter, einer K\u00fcche und zwei Toiletten ausgestattet. Zus\u00e4tzlich stellen wir im ersten Stock Schwimmwesten, Schnorchelausr\u00fcstung und zwei Trolling-Rollen zur Verf\u00fcgung. W\u00e4hrenddessen verf\u00fcgt der Sonnendeckboden \u00fcber bequeme Sonnenliegen und ein Zelt.<\/li>\n<li>Team und so: Sie haben eine freundliche und professionelle Crew auf dem Boot. Unsere Instruktoren und Trainer werden Sie w\u00e4hrend der Reise begleiten.<\/li>\n<li>Essen: Wir pr\u00e4sentieren ein hochwertiges Mittagessen auf dem Boot mit verschiedenen Gerichten.<\/li>\n<\/ul>\n","protected":false},"excerpt":{"rendered":"<p>Wir freuen uns, Ihnen einen unvergesslichen Seeausflug zur Utopia-Insel anbieten zu k\u00f6nnen! Unser Programm soll Ihnen eine Reihe aufregender Wassersportaktivit\u00e4ten und die M\u00f6glichkeit bieten, die Insel zu erkunden. Von Schwimmen und Schnorcheln bis hin zu Angeln und Reiten auf Bananen- und Sofa-Wasserspielzeugen verspricht dieses Programm einen Tag voller Abenteuer und Spa\u00df. Wir wissen, wie wichtig Sicherheit und Komfort f\u00fcr unsere G\u00e4ste sind. Deshalb bieten wir kostenlose Transfers, Mittagessen und Getr\u00e4nke an, um ein sorgenfreies Erlebnis zu gew\u00e4hrleisten. Diese Reise ist perfekt f\u00fcr alle, die ein gef\u00fchlvolles und erholsames Erlebnis inmitten des kristallklaren Wassers des Roten Meeres suchen.<\/p>\n<p>W\u00e4hrend der Reise stellen wir Ihnen die gesamte notwendige Ausr\u00fcstung f\u00fcr Erwachsene und Kinder zur Verf\u00fcgung, damit Sie die beiden Stopps zum Schnorcheln f\u00fcr jeweils eine Stunde genie\u00dfen k\u00f6nnen. Sie haben die M\u00f6glichkeit, eine Vielzahl von Korallen- und Fischarten aus n\u00e4chster N\u00e4he zu beobachten, was zu einem wahrhaft magischen Erlebnis wird. Nach dem Schnorcheln verw\u00f6hnen wir Sie mit einem k\u00f6stlichen orientalischen Mittagessen mit Nudeln, Reis, Kartoffeln, Fleisch, Fisch, Salaten und Obst. Um Ihren Durst zu stillen, bieten wir eine Auswahl an alkoholfreien Getr\u00e4nken an.<\/p>\n<p>Nach dem Mittagessen haben Sie 1,30 Stunden Zeit, um die Insel zu erkunden und ihre Sch\u00f6nheit zu genie\u00dfen. Wenn Sie Lust auf Angeln haben, sind Sie bei uns genau richtig. Wir stellen die gesamte notwendige Ausr\u00fcstung zur Verf\u00fcgung, um Ihr Angelerlebnis zu einem unvergesslichen Erlebnis zu machen. Um die Spannung noch zu steigern, bieten wir kostenlose Fahrten mit dem Bananenboot und dem verr\u00fcckten Sofa sowie eine Fahrt mit dem Glasboot an.<\/p>\n<p>Wir verstehen, dass Sicherheit oberste Priorit\u00e4t hat, deshalb haben wir daf\u00fcr gesorgt, dass das Boot mit allen notwendigen Sicherheitsma\u00dfnahmen ausgestattet ist. Wir m\u00f6chten, dass Sie Ihre Reise ohne Sorgen in vollen Z\u00fcgen genie\u00dfen k\u00f6nnen. Wir empfehlen diesen Ausflug allen Wassersportbegeisterten, die ihren Geist, K\u00f6rper und ihre Seele inmitten der magischen Gew\u00e4sser der Utopia-Insel regenerieren m\u00f6chten.<\/p>\n","protected":false},"featured_media":29155,"comment_status":"open","ping_status":"closed","template":"","meta":{"_coblocks_attr":"","_coblocks_dimensions":"","_coblocks_responsive_height":"","_coblocks_accordion_ie_support":"","_uag_custom_page_level_css":"","jetpack_post_was_ever_published":false,"jetpack_publicize_message":"","jetpack_publicize_feature_enabled":true,"jetpack_social_post_already_shared":true,"jetpack_social_options":{"image_generator_settings":{"template":"highway","default_image_id":0,"font":"","enabled":false},"version":2},"_wpas_customize_per_network":false},"product_brand":[],"product_cat":[22096,1597,22097,22082,20141,1603],"product_tag":[2143,1653,1844,2172,1774,1777,1778],"class_list":{"0":"post-1318","1":"product","2":"type-product","3":"status-publish","4":"has-post-thumbnail","6":"product_cat-budgetfreundliche-hurghada-ausfluege","7":"product_cat-ausfluge-hurghada","8":"product_cat-hurghada-familienausfluege","9":"product_cat-hurghada-inselausfluege","10":"product_cat-hurghada-schnorchelausfluege","11":"product_cat-seereisen-hurghada","12":"product_tag-ausfluge-von-hurghada","13":"product_tag-ausflug","14":"product_tag-bootsausfluge","15":"product_tag-die-insel","16":"product_tag-hurghada-de","17":"product_tag-meer","18":"product_tag-schnorcheln","19":"pa_age-erwachsene","20":"pa_age-kind-1-4-jahre","21":"pa_age-kind-5-11-jahre","23":"first","24":"instock","25":"sale","26":"purchasable","27":"product-type-variable"},"yoast_head":"<!-- This site is optimized with the Yoast SEO Premium plugin v26.9 (Yoast SEO v27.3) - https:\/\/yoast.com\/product\/yoast-seo-premium-wordpress\/ -->\n<title>Super Utopia Ausflug Hurghada<\/title>\n<meta name=\"description\" content=\"Super Utopia Ausflug Hurghada Dazu geh\u00f6ren Schwimmen mit Masken und Flossen auf hoher See, Angeln, Landen auf der Insel Utopia und Fahren\" \/>\n<meta name=\"robots\" content=\"index, follow, max-snippet:-1, max-image-preview:large, max-video-preview:-1\" \/>\n<link rel=\"canonical\" href=\"https:\/\/landioustravel.com\/de\/shop\/ausflug-utopia-hurghada\/\" \/>\n<meta property=\"og:locale\" content=\"de_DE\" \/>\n<meta property=\"og:type\" content=\"article\" \/>\n<meta property=\"og:title\" content=\"Super Utopia Ausflug Hurghada\" \/>\n<meta property=\"og:description\" content=\"Landious Travel\" \/>\n<meta property=\"og:url\" content=\"https:\/\/landioustravel.com\/de\/shop\/ausflug-utopia-hurghada\/\" \/>\n<meta property=\"og:site_name\" content=\"Landious Travel\" \/>\n<meta property=\"article:publisher\" content=\"https:\/\/web.facebook.com\/landiousEgypt\" \/>\n<meta property=\"article:modified_time\" content=\"2026-01-03T17:24:52+00:00\" \/>\n<meta property=\"og:image\" content=\"https:\/\/i0.wp.com\/landioustravel.com\/wp-content\/uploads\/2021\/03\/Utopia_snprkelling_trip-e1615595681766.jpg?fit=1200%2C675&ssl=1\" \/>\n\t<meta property=\"og:image:width\" content=\"1200\" \/>\n\t<meta property=\"og:image:height\" content=\"675\" \/>\n\t<meta property=\"og:image:type\" content=\"image\/jpeg\" \/>\n<meta name=\"twitter:card\" content=\"summary_large_image\" \/>\n<meta name=\"twitter:site\" content=\"@LandiousTours\" \/>\n<meta name=\"twitter:label1\" content=\"Gesch\u00e4tzte Lesezeit\" \/>\n\t<meta name=\"twitter:data1\" content=\"3\u00a0Minuten\" \/>\n<script type=\"application\/ld+json\" class=\"yoast-schema-graph\">{\"@context\":\"https:\\\/\\\/schema.org\",\"@graph\":[{\"@type\":\"WebPage\",\"@id\":\"https:\\\/\\\/landioustravel.com\\\/de\\\/shop\\\/ausflug-utopia-hurghada\\\/\",\"url\":\"https:\\\/\\\/landioustravel.com\\\/de\\\/shop\\\/ausflug-utopia-hurghada\\\/\",\"name\":\"Super Utopia Ausflug Hurghada\",\"isPartOf\":{\"@id\":\"https:\\\/\\\/landioustravel.com\\\/de\\\/#website\"},\"primaryImageOfPage\":{\"@id\":\"https:\\\/\\\/landioustravel.com\\\/de\\\/shop\\\/ausflug-utopia-hurghada\\\/#primaryimage\"},\"image\":{\"@id\":\"https:\\\/\\\/landioustravel.com\\\/de\\\/shop\\\/ausflug-utopia-hurghada\\\/#primaryimage\"},\"thumbnailUrl\":\"https:\\\/\\\/i0.wp.com\\\/landioustravel.com\\\/wp-content\\\/uploads\\\/2021\\\/03\\\/Utopia_snprkelling_trip-e1615595681766.jpg?fit=1200%2C675&ssl=1\",\"datePublished\":\"2019-01-19T03:38:34+00:00\",\"dateModified\":\"2026-01-03T17:24:52+00:00\",\"description\":\"Super Utopia Ausflug Hurghada Dazu geh\u00f6ren Schwimmen mit Masken und Flossen auf hoher See, Angeln, Landen auf der Insel Utopia und Fahren\",\"breadcrumb\":{\"@id\":\"https:\\\/\\\/landioustravel.com\\\/de\\\/shop\\\/ausflug-utopia-hurghada\\\/#breadcrumb\"},\"inLanguage\":\"de\",\"potentialAction\":[{\"@type\":\"ReadAction\",\"target\":[\"https:\\\/\\\/landioustravel.com\\\/de\\\/shop\\\/ausflug-utopia-hurghada\\\/\"]}]},{\"@type\":\"ImageObject\",\"inLanguage\":\"de\",\"@id\":\"https:\\\/\\\/landioustravel.com\\\/de\\\/shop\\\/ausflug-utopia-hurghada\\\/#primaryimage\",\"url\":\"https:\\\/\\\/i0.wp.com\\\/landioustravel.com\\\/wp-content\\\/uploads\\\/2021\\\/03\\\/Utopia_snprkelling_trip-e1615595681766.jpg?fit=1200%2C675&ssl=1\",\"contentUrl\":\"https:\\\/\\\/i0.wp.com\\\/landioustravel.com\\\/wp-content\\\/uploads\\\/2021\\\/03\\\/Utopia_snprkelling_trip-e1615595681766.jpg?fit=1200%2C675&ssl=1\",\"width\":1200,\"height\":675,\"caption\":\"\u042d\u043a\u0441\u043a\u0443\u0440\u0441\u0438\u044f \u0421\u0443\u043f\u0435\u0440 \u0423\u0442\u043e\u043f\u0438\u044f \u0438\u0437 \u0425\u0443\u0440\u0433\u0430\u0434\u044b\"},{\"@type\":\"BreadcrumbList\",\"@id\":\"https:\\\/\\\/landioustravel.com\\\/de\\\/shop\\\/ausflug-utopia-hurghada\\\/#breadcrumb\",\"itemListElement\":[{\"@type\":\"ListItem\",\"position\":1,\"name\":\"Home\",\"item\":\"https:\\\/\\\/landioustravel.com\\\/de\\\/\"},{\"@type\":\"ListItem\",\"position\":2,\"name\":\"\u00c4gypten Touren\",\"item\":\"https:\\\/\\\/landioustravel.com\\\/de\\\/\"},{\"@type\":\"ListItem\",\"position\":3,\"name\":\"Super Utopia Ausflug Hurghada\"}]},{\"@type\":\"WebSite\",\"@id\":\"https:\\\/\\\/landioustravel.com\\\/de\\\/#website\",\"url\":\"https:\\\/\\\/landioustravel.com\\\/de\\\/\",\"name\":\"Landious Travel\",\"description\":\"Excursions, trips and cruises in Egypt\",\"publisher\":{\"@id\":\"https:\\\/\\\/landioustravel.com\\\/de\\\/#organization\"},\"potentialAction\":[{\"@type\":\"SearchAction\",\"target\":{\"@type\":\"EntryPoint\",\"urlTemplate\":\"https:\\\/\\\/landioustravel.com\\\/de\\\/?s={search_term_string}\"},\"query-input\":{\"@type\":\"PropertyValueSpecification\",\"valueRequired\":true,\"valueName\":\"search_term_string\"}}],\"inLanguage\":\"de\"},{\"@type\":[\"Organization\",\"Place\"],\"@id\":\"https:\\\/\\\/landioustravel.com\\\/de\\\/#organization\",\"name\":\"Landious Travel\",\"alternateName\":\"Landious Travel\",\"url\":\"https:\\\/\\\/landioustravel.com\\\/de\\\/\",\"logo\":{\"@id\":\"https:\\\/\\\/landioustravel.com\\\/de\\\/shop\\\/ausflug-utopia-hurghada\\\/#local-main-organization-logo\"},\"image\":{\"@id\":\"https:\\\/\\\/landioustravel.com\\\/de\\\/shop\\\/ausflug-utopia-hurghada\\\/#local-main-organization-logo\"},\"sameAs\":[\"https:\\\/\\\/web.facebook.com\\\/landiousEgypt\",\"https:\\\/\\\/x.com\\\/LandiousTours\",\"https:\\\/\\\/mastodon.social\\\/@landious\"],\"legalName\":\"Landious Travel\",\"telephone\":[],\"openingHoursSpecification\":[{\"@type\":\"OpeningHoursSpecification\",\"dayOfWeek\":[\"Monday\",\"Tuesday\",\"Wednesday\",\"Thursday\",\"Friday\",\"Saturday\",\"Sunday\"],\"opens\":\"09:00\",\"closes\":\"17:00\"}]},{\"@type\":\"ImageObject\",\"inLanguage\":\"de\",\"@id\":\"https:\\\/\\\/landioustravel.com\\\/de\\\/shop\\\/ausflug-utopia-hurghada\\\/#local-main-organization-logo\",\"url\":\"https:\\\/\\\/i0.wp.com\\\/landioustravel.com\\\/wp-content\\\/uploads\\\/2021\\\/06\\\/Landious-T.png?fit=500%2C500&ssl=1\",\"contentUrl\":\"https:\\\/\\\/i0.wp.com\\\/landioustravel.com\\\/wp-content\\\/uploads\\\/2021\\\/06\\\/Landious-T.png?fit=500%2C500&ssl=1\",\"width\":500,\"height\":500,\"caption\":\"Landious Travel\"}]}<\/script>\n<!-- \/ Yoast SEO Premium plugin. -->","yoast_head_json":{"title":"Super Utopia Ausflug Hurghada","description":"Super Utopia Ausflug Hurghada Dazu geh\u00f6ren Schwimmen mit Masken und Flossen auf hoher See, Angeln, Landen auf der Insel Utopia und Fahren","robots":{"index":"index","follow":"follow","max-snippet":"max-snippet:-1","max-image-preview":"max-image-preview:large","max-video-preview":"max-video-preview:-1"},"canonical":"https:\/\/landioustravel.com\/de\/shop\/ausflug-utopia-hurghada\/","og_locale":"de_DE","og_type":"article","og_title":"Super Utopia Ausflug Hurghada","og_description":"Landious Travel","og_url":"https:\/\/landioustravel.com\/de\/shop\/ausflug-utopia-hurghada\/","og_site_name":"Landious Travel","article_publisher":"https:\/\/web.facebook.com\/landiousEgypt","article_modified_time":"2026-01-03T17:24:52+00:00","og_image":[{"width":1200,"height":675,"url":"https:\/\/i0.wp.com\/landioustravel.com\/wp-content\/uploads\/2021\/03\/Utopia_snprkelling_trip-e1615595681766.jpg?fit=1200%2C675&ssl=1","type":"image\/jpeg"}],"twitter_card":"summary_large_image","twitter_site":"@LandiousTours","twitter_misc":{"Gesch\u00e4tzte Lesezeit":"3\u00a0Minuten"},"schema":{"@context":"https:\/\/schema.org","@graph":[{"@type":"WebPage","@id":"https:\/\/landioustravel.com\/de\/shop\/ausflug-utopia-hurghada\/","url":"https:\/\/landioustravel.com\/de\/shop\/ausflug-utopia-hurghada\/","name":"Super Utopia Ausflug Hurghada","isPartOf":{"@id":"https:\/\/landioustravel.com\/de\/#website"},"primaryImageOfPage":{"@id":"https:\/\/landioustravel.com\/de\/shop\/ausflug-utopia-hurghada\/#primaryimage"},"image":{"@id":"https:\/\/landioustravel.com\/de\/shop\/ausflug-utopia-hurghada\/#primaryimage"},"thumbnailUrl":"https:\/\/i0.wp.com\/landioustravel.com\/wp-content\/uploads\/2021\/03\/Utopia_snprkelling_trip-e1615595681766.jpg?fit=1200%2C675&ssl=1","datePublished":"2019-01-19T03:38:34+00:00","dateModified":"2026-01-03T17:24:52+00:00","description":"Super Utopia Ausflug Hurghada Dazu geh\u00f6ren Schwimmen mit Masken und Flossen auf hoher See, Angeln, Landen auf der Insel Utopia und Fahren","breadcrumb":{"@id":"https:\/\/landioustravel.com\/de\/shop\/ausflug-utopia-hurghada\/#breadcrumb"},"inLanguage":"de","potentialAction":[{"@type":"ReadAction","target":["https:\/\/landioustravel.com\/de\/shop\/ausflug-utopia-hurghada\/"]}]},{"@type":"ImageObject","inLanguage":"de","@id":"https:\/\/landioustravel.com\/de\/shop\/ausflug-utopia-hurghada\/#primaryimage","url":"https:\/\/i0.wp.com\/landioustravel.com\/wp-content\/uploads\/2021\/03\/Utopia_snprkelling_trip-e1615595681766.jpg?fit=1200%2C675&ssl=1","contentUrl":"https:\/\/i0.wp.com\/landioustravel.com\/wp-content\/uploads\/2021\/03\/Utopia_snprkelling_trip-e1615595681766.jpg?fit=1200%2C675&ssl=1","width":1200,"height":675,"caption":"\u042d\u043a\u0441\u043a\u0443\u0440\u0441\u0438\u044f \u0421\u0443\u043f\u0435\u0440 \u0423\u0442\u043e\u043f\u0438\u044f \u0438\u0437 \u0425\u0443\u0440\u0433\u0430\u0434\u044b"},{"@type":"BreadcrumbList","@id":"https:\/\/landioustravel.com\/de\/shop\/ausflug-utopia-hurghada\/#breadcrumb","itemListElement":[{"@type":"ListItem","position":1,"name":"Home","item":"https:\/\/landioustravel.com\/de\/"},{"@type":"ListItem","position":2,"name":"\u00c4gypten Touren","item":"https:\/\/landioustravel.com\/de\/"},{"@type":"ListItem","position":3,"name":"Super Utopia Ausflug Hurghada"}]},{"@type":"WebSite","@id":"https:\/\/landioustravel.com\/de\/#website","url":"https:\/\/landioustravel.com\/de\/","name":"Landious Travel","description":"Excursions, trips and cruises in Egypt","publisher":{"@id":"https:\/\/landioustravel.com\/de\/#organization"},"potentialAction":[{"@type":"SearchAction","target":{"@type":"EntryPoint","urlTemplate":"https:\/\/landioustravel.com\/de\/?s={search_term_string}"},"query-input":{"@type":"PropertyValueSpecification","valueRequired":true,"valueName":"search_term_string"}}],"inLanguage":"de"},{"@type":["Organization","Place"],"@id":"https:\/\/landioustravel.com\/de\/#organization","name":"Landious Travel","alternateName":"Landious Travel","url":"https:\/\/landioustravel.com\/de\/","logo":{"@id":"https:\/\/landioustravel.com\/de\/shop\/ausflug-utopia-hurghada\/#local-main-organization-logo"},"image":{"@id":"https:\/\/landioustravel.com\/de\/shop\/ausflug-utopia-hurghada\/#local-main-organization-logo"},"sameAs":["https:\/\/web.facebook.com\/landiousEgypt","https:\/\/x.com\/LandiousTours","https:\/\/mastodon.social\/@landious"],"legalName":"Landious Travel","telephone":[],"openingHoursSpecification":[{"@type":"OpeningHoursSpecification","dayOfWeek":["Monday","Tuesday","Wednesday","Thursday","Friday","Saturday","Sunday"],"opens":"09:00","closes":"17:00"}]},{"@type":"ImageObject","inLanguage":"de","@id":"https:\/\/landioustravel.com\/de\/shop\/ausflug-utopia-hurghada\/#local-main-organization-logo","url":"https:\/\/i0.wp.com\/landioustravel.com\/wp-content\/uploads\/2021\/06\/Landious-T.png?fit=500%2C500&ssl=1","contentUrl":"https:\/\/i0.wp.com\/landioustravel.com\/wp-content\/uploads\/2021\/06\/Landious-T.png?fit=500%2C500&ssl=1","width":500,"height":500,"caption":"Landious Travel"}]}},"jetpack_publicize_connections":[],"uagb_featured_image_src":{"full":["https:\/\/i0.wp.com\/landioustravel.com\/wp-content\/uploads\/2021\/03\/Utopia_snprkelling_trip-e1615595681766.jpg?fit=1200%2C675&ssl=1",1200,675,false],"thumbnail":["https:\/\/i0.wp.com\/landioustravel.com\/wp-content\/uploads\/2021\/03\/Utopia_snprkelling_trip-e1615595681766.jpg?resize=150%2C150&ssl=1",150,150,true],"medium":["https:\/\/i0.wp.com\/landioustravel.com\/wp-content\/uploads\/2021\/03\/Utopia_snprkelling_trip-e1615595681766.jpg?fit=300%2C169&ssl=1",300,169,true],"medium_large":["https:\/\/i0.wp.com\/landioustravel.com\/wp-content\/uploads\/2021\/03\/Utopia_snprkelling_trip-e1615595681766.jpg?fit=768%2C432&ssl=1",768,432,true],"large":["https:\/\/i0.wp.com\/landioustravel.com\/wp-content\/uploads\/2021\/03\/Utopia_snprkelling_trip-e1615595681766.jpg?fit=980%2C551&ssl=1",980,551,true],"1536x1536":["https:\/\/i0.wp.com\/landioustravel.com\/wp-content\/uploads\/2021\/03\/Utopia_snprkelling_trip-e1615595681766.jpg?fit=1536%2C864&ssl=1",1536,864,true],"2048x2048":["https:\/\/i0.wp.com\/landioustravel.com\/wp-content\/uploads\/2021\/03\/Utopia_snprkelling_trip-e1615595681766.jpg?fit=2048%2C1152&ssl=1",2048,1152,true],"newspack-article-block-landscape-large":["https:\/\/i0.wp.com\/landioustravel.com\/wp-content\/uploads\/2021\/03\/Utopia_snprkelling_trip-e1615595681766.jpg?resize=1200%2C675&ssl=1",1200,900,true],"newspack-article-block-portrait-large":["https:\/\/i0.wp.com\/landioustravel.com\/wp-content\/uploads\/2021\/03\/Utopia_snprkelling_trip-e1615595681766.jpg?resize=900%2C675&ssl=1",900,675,true],"newspack-article-block-square-large":["https:\/\/i0.wp.com\/landioustravel.com\/wp-content\/uploads\/2021\/03\/Utopia_snprkelling_trip-e1615595681766.jpg?resize=1200%2C675&ssl=1",1200,1200,true],"newspack-article-block-landscape-medium":["https:\/\/i0.wp.com\/landioustravel.com\/wp-content\/uploads\/2021\/03\/Utopia_snprkelling_trip-e1615595681766.jpg?resize=800%2C600&ssl=1",800,600,true],"newspack-article-block-portrait-medium":["https:\/\/i0.wp.com\/landioustravel.com\/wp-content\/uploads\/2021\/03\/Utopia_snprkelling_trip-e1615595681766.jpg?resize=600%2C675&ssl=1",600,675,true],"newspack-article-block-square-medium":["https:\/\/i0.wp.com\/landioustravel.com\/wp-content\/uploads\/2021\/03\/Utopia_snprkelling_trip-e1615595681766.jpg?resize=800%2C675&ssl=1",800,675,true],"newspack-article-block-landscape-intermediate":["https:\/\/i0.wp.com\/landioustravel.com\/wp-content\/uploads\/2021\/03\/Utopia_snprkelling_trip-e1615595681766.jpg?resize=600%2C450&ssl=1",600,450,true],"newspack-article-block-portrait-intermediate":["https:\/\/i0.wp.com\/landioustravel.com\/wp-content\/uploads\/2021\/03\/Utopia_snprkelling_trip-e1615595681766.jpg?resize=450%2C600&ssl=1",450,600,true],"newspack-article-block-square-intermediate":["https:\/\/i0.wp.com\/landioustravel.com\/wp-content\/uploads\/2021\/03\/Utopia_snprkelling_trip-e1615595681766.jpg?resize=600%2C600&ssl=1",600,600,true],"newspack-article-block-landscape-small":["https:\/\/i0.wp.com\/landioustravel.com\/wp-content\/uploads\/2021\/03\/Utopia_snprkelling_trip-e1615595681766.jpg?resize=400%2C300&ssl=1",400,300,true],"newspack-article-block-portrait-small":["https:\/\/i0.wp.com\/landioustravel.com\/wp-content\/uploads\/2021\/03\/Utopia_snprkelling_trip-e1615595681766.jpg?resize=300%2C400&ssl=1",300,400,true],"newspack-article-block-square-small":["https:\/\/i0.wp.com\/landioustravel.com\/wp-content\/uploads\/2021\/03\/Utopia_snprkelling_trip-e1615595681766.jpg?resize=400%2C400&ssl=1",400,400,true],"newspack-article-block-landscape-tiny":["https:\/\/i0.wp.com\/landioustravel.com\/wp-content\/uploads\/2021\/03\/Utopia_snprkelling_trip-e1615595681766.jpg?resize=200%2C150&ssl=1",200,150,true],"newspack-article-block-portrait-tiny":["https:\/\/i0.wp.com\/landioustravel.com\/wp-content\/uploads\/2021\/03\/Utopia_snprkelling_trip-e1615595681766.jpg?resize=150%2C200&ssl=1",150,200,true],"newspack-article-block-square-tiny":["https:\/\/i0.wp.com\/landioustravel.com\/wp-content\/uploads\/2021\/03\/Utopia_snprkelling_trip-e1615595681766.jpg?resize=200%2C200&ssl=1",200,200,true],"newspack-article-block-uncropped":["https:\/\/i0.wp.com\/landioustravel.com\/wp-content\/uploads\/2021\/03\/Utopia_snprkelling_trip-e1615595681766.jpg?fit=1200%2C675&ssl=1",1200,675,true],"woocommerce_thumbnail":["https:\/\/i0.wp.com\/landioustravel.com\/wp-content\/uploads\/2021\/03\/Utopia_snprkelling_trip-e1615595681766.jpg?resize=324%2C324&ssl=1",324,324,true],"woocommerce_single":["https:\/\/i0.wp.com\/landioustravel.com\/wp-content\/uploads\/2021\/03\/Utopia_snprkelling_trip-e1615595681766.jpg?fit=416%2C234&ssl=1",416,234,true],"woocommerce_gallery_thumbnail":["https:\/\/i0.wp.com\/landioustravel.com\/wp-content\/uploads\/2021\/03\/Utopia_snprkelling_trip-e1615595681766.jpg?resize=100%2C100&ssl=1",100,100,true]},"uagb_author_info":{"display_name":"Mofreh Landious","author_link":"https:\/\/landioustravel.com\/de\/author\/"},"uagb_comment_info":8,"uagb_excerpt":"Wir freuen uns, Ihnen einen unvergesslichen Seeausflug zur Utopia-Insel anbieten zu k\u00f6nnen! Unser Programm soll Ihnen eine Reihe aufregender Wassersportaktivit\u00e4ten und die M\u00f6glichkeit bieten, die Insel zu erkunden. Von Schwimmen und Schnorcheln bis hin zu Angeln und Reiten auf Bananen- und Sofa-Wasserspielzeugen verspricht dieses Programm einen Tag voller Abenteuer und Spa\u00df. Wir wissen, wie wichtig&hellip;","jetpack_sharing_enabled":true,"jetpack_likes_enabled":true,"amp_enabled":true,"_links":{"self":[{"href":"https:\/\/landioustravel.com\/de\/wp-json\/wp\/v2\/product\/1318","targetHints":{"allow":["GET"]}}],"collection":[{"href":"https:\/\/landioustravel.com\/de\/wp-json\/wp\/v2\/product"}],"about":[{"href":"https:\/\/landioustravel.com\/de\/wp-json\/wp\/v2\/types\/product"}],"replies":[{"embeddable":true,"href":"https:\/\/landioustravel.com\/de\/wp-json\/wp\/v2\/comments?post=1318"}],"wp:featuredmedia":[{"embeddable":true,"href":"https:\/\/landioustravel.com\/de\/wp-json\/wp\/v2\/media\/29155"}],"wp:attachment":[{"href":"https:\/\/landioustravel.com\/de\/wp-json\/wp\/v2\/media?parent=1318"}],"wp:term":[{"taxonomy":"product_brand","embeddable":true,"href":"https:\/\/landioustravel.com\/de\/wp-json\/wp\/v2\/product_brand?post=1318"},{"taxonomy":"product_cat","embeddable":true,"href":"https:\/\/landioustravel.com\/de\/wp-json\/wp\/v2\/product_cat?post=1318"},{"taxonomy":"product_tag","embeddable":true,"href":"https:\/\/landioustravel.com\/de\/wp-json\/wp\/v2\/product_tag?post=1318"}],"curies":[{"name":"wp","href":"https:\/\/api.w.org\/{rel}","templated":true}]}}