{"id":1320,"date":"2018-11-12T00:52:50","date_gmt":"2019-01-19T03:51:18","guid":{"rendered":"https:\/\/landioustravel.com\/?post_type=product&#038;p=1320"},"modified":"2024-09-17T20:14:02","modified_gmt":"2024-09-17T17:14:02","slug":"ausflug-kairo-gizeh-hurghada","status":"publish","type":"product","link":"https:\/\/landioustravel.com\/de\/shop\/ausflug-kairo-gizeh-hurghada\/","title":{"rendered":"Gizeh &#038; Kairo Ausflug Hurghada"},"content":{"rendered":"<p>Es ist eine wundervolle Reise nach Kairo &#8211; Gizeh von <a href=\"https:\/\/landioustravel.com\/de\/hurghada-stadt\/\">Hurghada<\/a>, <a href=\"https:\/\/landioustravel.com\/de\/agypten\/\">\u00c4gypten<\/a>! Wir empfehlen den Ausflug, da Touristen die beeindruckendsten Sehensw\u00fcrdigkeiten des alten \u00c4gypten besichtigen k\u00f6nnen. Dar\u00fcber hinaus k\u00f6nnen Touristen mehr \u00fcber die Geschichte des Landes erfahren. Zweifellos ist diese Tour die beliebteste Hurghada-Exkursion zu Pyramiden! ONLINE BUCHUNG GIZEH &amp; KAIRO AUSFLUG HURGHADA UND BESTER PREIS!<\/p>\n<h2>Highlights auf Kairo &amp; Gizeh Ausflug von Hurghada<\/h2>\n<ul>\n<li>Besuchen Sie das \u00c4gyptische Museum in Kairo.<\/li>\n<li>Mittagessen.<\/li>\n<li>Besuchen Sie die drei Pyramiden in Gizeh.<\/li>\n<li>Besuchen Sie auch die Gro\u00dfe Sphinx im Pyramidenkomplex.<\/li>\n<\/ul>\n<h3>Programm der Kairo-Gizeh-Reise<\/h3>\n<ul>\n<li>Zun\u00e4chst holt Sie der Vertreter von <a href=\"https:\/\/landioustravel.com\/de\/kontakte\/\">Landious Travel<\/a> gegen 02:00 Uhr von Ihrem Hotel in Hurghada ab.<\/li>\n<li>Zweitens f\u00e4hrt der Kleinbus nach Kairo, nachdem er alle Ank\u00f6mmlinge abgeholt hat. Es wird die Stadt Ras Ghareb, Zaafaran, Ain Sozno und Suez passieren. Alle diese St\u00e4dte liegen n\u00f6rdlich von Hurghada an der K\u00fcste des Roten Meeres. Die Stra\u00dfe vom Zentrum von Hurghada nach Kairo dauert etwa 6 Stunden.<\/li>\n<li>Bemerkenswert ist, dass der Ausflug von Hurghada nach Kairo &#8211; Gizeh in zwei verschiedene St\u00e4dte f\u00fchrt &#8211; Kairo und Gizeh.<\/li>\n<\/ul>\n<h4 style=\"text-align: center;\">Programm in Kairo<\/h4>\n<ul>\n<li>Sobald Sie in Kairo ankommen, zeigen wir Ihnen das \u00c4gyptische Museum. Ihr F\u00fchrer wird die Aufgabe haben, alle diese Tempel zu zeigen und Zeit zum Fotografieren zu geben.<\/li>\n<li>Nach dem Besuch des \u00c4gyptischen Museums in Kairo starten Sie eine Bootsfahrt \u00fcber den Nil. Dies ist ein zus\u00e4tzliches Programm. Nat\u00fcrlich k\u00f6nnen Sie es im Voraus \u00fcber uns buchen! Sobald die Bootsfahrt auf dem Nil endet, fahren Sie in eine andere Stadt &#8211; Gizeh.<\/li>\n<\/ul>\n<h5 style=\"text-align: center;\">Programm in Gizeh<\/h5>\n<ul>\n<li>Nat\u00fcrlich wird die Tour in Gizeh fortgesetzt. Die erste Station wird im Restaurant sein. Es bietet ein Buffet.<\/li>\n<li>Anschlie\u00dfend geht die Gruppe zum Pyramidenkomplex, wo sich die drei gro\u00dfen Pyramiden und die Sphinx befinden. Ihr Reiseleiter zeigt Ihnen diese Denkm\u00e4ler noch einmal und gibt Ihnen Zeit, sie zu fotografieren.<\/li>\n<li>Schlie\u00dflich f\u00e4hrt unser Bus nach einem solchen Programm in den wundersch\u00f6nen St\u00e4dten Kairo und Gizeh zur\u00fcck.<\/li>\n<li>Dieser Ausflug von <a href=\"https:\/\/www.google.de\/maps\/place\/Hurghada,+Al-Bahr+al-ahmar\/@27.1922261,33.5015195,10z\/data=!3m1!4b1!4m5!3m4!1s0x145287b2cd3dbbb3:0x2db807f98bd3c360!8m2!3d27.2578957!4d33.8116067\" target=\"_blank\" rel=\"noopener\">Hurghada<\/a> nach Kairo und Gizeh endet gegen 22:00 Uhr.<\/li>\n<\/ul>\n<h4>Was beinhaltet der Preis f\u00fcr einen Ausflug nach Kairo und Gizeh in Hurghada?<\/h4>\n<ul>\n<li>Tickets f\u00fcr Tempelbesuche.<\/li>\n<li>Mittagessen.<\/li>\n<li>F\u00fchren.<\/li>\n<li>Transfer nach Kairo und zur\u00fcck zum Hotel.<\/li>\n<\/ul>\n<h5>Was beinhaltet das Programm Cairo &amp; Giza Excursion Hurghada nicht?<\/h5>\n<ul>\n<li>Zus\u00e4tzliche Ausflugsprogramme, falls nicht im oben genannten Programm enthalten.<\/li>\n<li>Auch Getr\u00e4nke im Restaurant.<\/li>\n<\/ul>\n<h6>Was nehmen Sie f\u00fcr die Reise nach Kairo &#8211; Gizeh mit?<\/h6>\n<ul>\n<li>Fr\u00fchst\u00fccksbox.<\/li>\n<li>Reisepass.<\/li>\n<li>Auch Kleidung f\u00fcr die Saison.<\/li>\n<\/ul>\n<h6>Kairo &amp; Gizeh Ausflug Hurghada Buchungstage<\/h6>\n<ul>\n<li>T\u00e4glich von 02:00 bis 22:00 Uhr.<\/li>\n<\/ul>\n","protected":false},"excerpt":{"rendered":"<p>Begeben Sie sich auf eine Reise nach Kairo und lassen Sie uns f\u00fcr Ihren Komfort und Ihre Sicherheit sorgen. Unser klimatisierter Bus holt Sie von Ihrem Hotel in Hurghada ab und f\u00e4hrt Sie durch die atemberaubende Landschaft des Roten Meeres und der W\u00fcste. Sobald Sie in Kairo ankommen, erwartet Sie Ihr Reiseleiter und nimmt Sie mit auf eine Bustour. Wir verstehen, dass die Reise an einen neuen Ort \u00fcberw\u00e4ltigend sein kann, deshalb stehen wir Ihnen bei jedem Schritt des Weges zur Seite.<\/p>\n<p>Das \u00c4gyptische Nationalmuseum ist eine Sehensw\u00fcrdigkeit, die Sie unbedingt gesehen haben m\u00fcssen. Unsere Tour f\u00fchrt Sie dorthin, um die pharaonischen Sch\u00e4tze zu bestaunen, darunter Tutanchamuns Goldschatz und die faszinierenden Sarkophage. Sie k\u00f6nnen auch die ber\u00fchmten Pyramiden besichtigen, die als eines der sieben Weltwunder gelten. Ihr Reiseleiter gibt Ihnen ausreichend Zeit, die Pyramiden zu bewundern und die atemberaubende Aussicht vom Plateau aus zu genie\u00dfen. Und nat\u00fcrlich ist kein Besuch der Pyramiden vollst\u00e4ndig, ohne die Sphinx gesehen zu haben.<\/p>\n<p>Sollten Sie noch etwas Energie \u00fcbrig haben, bieten wir gegen Aufpreis optional eine Nilfahrt an.<\/p>\n<p>Wir verstehen, dass Sie sich die antiken Wunder Kairos nicht entgehen lassen m\u00f6chten, nur weil Sie in Hurghada sind. Deshalb haben wir es uns zur Aufgabe gemacht, Ihnen eine komfortable und bequeme M\u00f6glichkeit zu bieten, die Highlights von Kairo zu erleben. Unser Fahrer-Guide bringt Sie in einem klimatisierten Fahrzeug und wir bieten sogar ein k\u00f6stliches Mittagessen und einen Besuch auf dem \u00f6rtlichen Basar an. Sie haben alles, was Sie brauchen, um Erinnerungen zu schaffen, die ein Leben lang anhalten.<\/p>\n<p>Wir wissen, dass Reisen stressig sein kann, deshalb m\u00f6chten wir es Ihnen so einfach wie m\u00f6glich machen. Deshalb holen wir Sie zu einem f\u00fcr Sie passenden Zeitpunkt von Ihrem Hotel ab und k\u00fcmmern uns um alle Details. Sie k\u00f6nnen sich zur\u00fccklehnen, entspannen und sich von uns die Wunder Kairos zeigen lassen.<\/p>\n","protected":false},"featured_media":46709,"comment_status":"open","ping_status":"closed","template":"","meta":{"_coblocks_attr":"","_coblocks_dimensions":"","_coblocks_responsive_height":"","_coblocks_accordion_ie_support":"","_uag_custom_page_level_css":"","jetpack_post_was_ever_published":false,"jetpack_publicize_message":"","jetpack_publicize_feature_enabled":true,"jetpack_social_post_already_shared":true,"jetpack_social_options":{"image_generator_settings":{"template":"highway","default_image_id":0,"font":"","enabled":false},"version":2},"_wpas_customize_per_network":false},"product_brand":[],"product_cat":[22096,1601,1597,22153,20140,20143],"product_tag":[2143,1653,9906,1774,1652,1654,1655],"class_list":{"0":"post-1320","1":"product","2":"type-product","3":"status-publish","4":"has-post-thumbnail","6":"product_cat-budgetfreundliche-hurghada-ausfluege","7":"product_cat-historische-ausfluge-hurghada","8":"product_cat-ausfluge-hurghada","9":"product_cat-hurghada-ausfluege-kairo","10":"product_cat-hurghada-tagestouren-kairo","11":"product_cat-hurghada-touren-pyramiden","12":"product_tag-ausfluge-von-hurghada","13":"product_tag-ausflug","14":"product_tag-besichtigung","15":"product_tag-hurghada-de","16":"product_tag-kairo","17":"product_tag-pyramiden","18":"product_tag-sphinx-de","19":"pa_age-erwachsene","20":"pa_age-kind-1-4-jahre","21":"pa_age-kind-5-11-jahre","23":"first","24":"instock","25":"sale","26":"purchasable","27":"product-type-variable"},"yoast_head":"<!-- This site is optimized with the Yoast SEO Premium plugin v26.9 (Yoast SEO v27.3) - https:\/\/yoast.com\/product\/yoast-seo-premium-wordpress\/ -->\n<title>Gizeh &amp; Kairo Ausflug Hurghada<\/title>\n<meta name=\"description\" content=\"Gizeh &amp; Kairo Ausflug Hurghada zu den drei gro\u00dfen Pyramiden, der Gro\u00dfen Sphinx in Gizeh und dem \u00c4gyptischen Museum in Kairo. Preis, programm\" \/>\n<meta name=\"robots\" content=\"index, follow, max-snippet:-1, max-image-preview:large, max-video-preview:-1\" \/>\n<link rel=\"canonical\" href=\"https:\/\/landioustravel.com\/de\/shop\/ausflug-kairo-gizeh-hurghada\/\" \/>\n<meta property=\"og:locale\" content=\"de_DE\" \/>\n<meta property=\"og:type\" content=\"article\" \/>\n<meta property=\"og:title\" content=\"Gizeh &amp; Kairo Ausflug Hurghada\" \/>\n<meta property=\"og:description\" content=\"Landious Travel\" \/>\n<meta property=\"og:url\" content=\"https:\/\/landioustravel.com\/de\/shop\/ausflug-kairo-gizeh-hurghada\/\" \/>\n<meta property=\"og:site_name\" content=\"Landious Travel\" \/>\n<meta property=\"article:publisher\" content=\"https:\/\/web.facebook.com\/landiousEgypt\" \/>\n<meta property=\"article:modified_time\" content=\"2024-09-17T17:14:02+00:00\" \/>\n<meta property=\"og:image\" content=\"https:\/\/i0.wp.com\/landioustravel.com\/wp-content\/uploads\/2018\/11\/Giza-Cairo-Excursion-Hurghada-e1617832610155.jpg?fit=1200%2C674&ssl=1\" \/>\n\t<meta property=\"og:image:width\" content=\"1200\" \/>\n\t<meta property=\"og:image:height\" content=\"674\" \/>\n\t<meta property=\"og:image:type\" content=\"image\/jpeg\" \/>\n<meta name=\"twitter:card\" content=\"summary_large_image\" \/>\n<meta name=\"twitter:site\" content=\"@LandiousTours\" \/>\n<meta name=\"twitter:label1\" content=\"Gesch\u00e4tzte Lesezeit\" \/>\n\t<meta name=\"twitter:data1\" content=\"2\u00a0Minuten\" \/>\n<script type=\"application\/ld+json\" class=\"yoast-schema-graph\">{\"@context\":\"https:\\\/\\\/schema.org\",\"@graph\":[{\"@type\":\"WebPage\",\"@id\":\"https:\\\/\\\/landioustravel.com\\\/de\\\/shop\\\/ausflug-kairo-gizeh-hurghada\\\/\",\"url\":\"https:\\\/\\\/landioustravel.com\\\/de\\\/shop\\\/ausflug-kairo-gizeh-hurghada\\\/\",\"name\":\"Gizeh & Kairo Ausflug Hurghada\",\"isPartOf\":{\"@id\":\"https:\\\/\\\/landioustravel.com\\\/de\\\/#website\"},\"primaryImageOfPage\":{\"@id\":\"https:\\\/\\\/landioustravel.com\\\/de\\\/shop\\\/ausflug-kairo-gizeh-hurghada\\\/#primaryimage\"},\"image\":{\"@id\":\"https:\\\/\\\/landioustravel.com\\\/de\\\/shop\\\/ausflug-kairo-gizeh-hurghada\\\/#primaryimage\"},\"thumbnailUrl\":\"https:\\\/\\\/i0.wp.com\\\/landioustravel.com\\\/wp-content\\\/uploads\\\/2018\\\/11\\\/Giza-Cairo-Excursion-Hurghada-e1617832610155.jpg?fit=1200%2C674&ssl=1\",\"datePublished\":\"2019-01-19T03:51:18+00:00\",\"dateModified\":\"2024-09-17T17:14:02+00:00\",\"description\":\"Gizeh & Kairo Ausflug Hurghada zu den drei gro\u00dfen Pyramiden, der Gro\u00dfen Sphinx in Gizeh und dem \u00c4gyptischen Museum in Kairo. Preis, programm\",\"breadcrumb\":{\"@id\":\"https:\\\/\\\/landioustravel.com\\\/de\\\/shop\\\/ausflug-kairo-gizeh-hurghada\\\/#breadcrumb\"},\"inLanguage\":\"de\",\"potentialAction\":[{\"@type\":\"ReadAction\",\"target\":[\"https:\\\/\\\/landioustravel.com\\\/de\\\/shop\\\/ausflug-kairo-gizeh-hurghada\\\/\"]}]},{\"@type\":\"ImageObject\",\"inLanguage\":\"de\",\"@id\":\"https:\\\/\\\/landioustravel.com\\\/de\\\/shop\\\/ausflug-kairo-gizeh-hurghada\\\/#primaryimage\",\"url\":\"https:\\\/\\\/i0.wp.com\\\/landioustravel.com\\\/wp-content\\\/uploads\\\/2018\\\/11\\\/Giza-Cairo-Excursion-Hurghada-e1617832610155.jpg?fit=1200%2C674&ssl=1\",\"contentUrl\":\"https:\\\/\\\/i0.wp.com\\\/landioustravel.com\\\/wp-content\\\/uploads\\\/2018\\\/11\\\/Giza-Cairo-Excursion-Hurghada-e1617832610155.jpg?fit=1200%2C674&ssl=1\",\"width\":1200,\"height\":674,\"caption\":\"Giza Cairo Excursion Hurghada\"},{\"@type\":\"BreadcrumbList\",\"@id\":\"https:\\\/\\\/landioustravel.com\\\/de\\\/shop\\\/ausflug-kairo-gizeh-hurghada\\\/#breadcrumb\",\"itemListElement\":[{\"@type\":\"ListItem\",\"position\":1,\"name\":\"Home\",\"item\":\"https:\\\/\\\/landioustravel.com\\\/de\\\/\"},{\"@type\":\"ListItem\",\"position\":2,\"name\":\"\u00c4gypten Touren\",\"item\":\"https:\\\/\\\/landioustravel.com\\\/de\\\/\"},{\"@type\":\"ListItem\",\"position\":3,\"name\":\"Gizeh &#038; Kairo Ausflug Hurghada\"}]},{\"@type\":\"WebSite\",\"@id\":\"https:\\\/\\\/landioustravel.com\\\/de\\\/#website\",\"url\":\"https:\\\/\\\/landioustravel.com\\\/de\\\/\",\"name\":\"Landious Travel\",\"description\":\"Excursions, trips and cruises in Egypt\",\"publisher\":{\"@id\":\"https:\\\/\\\/landioustravel.com\\\/de\\\/#organization\"},\"potentialAction\":[{\"@type\":\"SearchAction\",\"target\":{\"@type\":\"EntryPoint\",\"urlTemplate\":\"https:\\\/\\\/landioustravel.com\\\/de\\\/?s={search_term_string}\"},\"query-input\":{\"@type\":\"PropertyValueSpecification\",\"valueRequired\":true,\"valueName\":\"search_term_string\"}}],\"inLanguage\":\"de\"},{\"@type\":[\"Organization\",\"Place\"],\"@id\":\"https:\\\/\\\/landioustravel.com\\\/de\\\/#organization\",\"name\":\"Landious Travel\",\"alternateName\":\"Landious Travel\",\"url\":\"https:\\\/\\\/landioustravel.com\\\/de\\\/\",\"logo\":{\"@id\":\"https:\\\/\\\/landioustravel.com\\\/de\\\/shop\\\/ausflug-kairo-gizeh-hurghada\\\/#local-main-organization-logo\"},\"image\":{\"@id\":\"https:\\\/\\\/landioustravel.com\\\/de\\\/shop\\\/ausflug-kairo-gizeh-hurghada\\\/#local-main-organization-logo\"},\"sameAs\":[\"https:\\\/\\\/web.facebook.com\\\/landiousEgypt\",\"https:\\\/\\\/x.com\\\/LandiousTours\",\"https:\\\/\\\/mastodon.social\\\/@landious\"],\"legalName\":\"Landious Travel\",\"telephone\":[],\"openingHoursSpecification\":[{\"@type\":\"OpeningHoursSpecification\",\"dayOfWeek\":[\"Monday\",\"Tuesday\",\"Wednesday\",\"Thursday\",\"Friday\",\"Saturday\",\"Sunday\"],\"opens\":\"09:00\",\"closes\":\"17:00\"}]},{\"@type\":\"ImageObject\",\"inLanguage\":\"de\",\"@id\":\"https:\\\/\\\/landioustravel.com\\\/de\\\/shop\\\/ausflug-kairo-gizeh-hurghada\\\/#local-main-organization-logo\",\"url\":\"https:\\\/\\\/i0.wp.com\\\/landioustravel.com\\\/wp-content\\\/uploads\\\/2021\\\/06\\\/Landious-T.png?fit=500%2C500&ssl=1\",\"contentUrl\":\"https:\\\/\\\/i0.wp.com\\\/landioustravel.com\\\/wp-content\\\/uploads\\\/2021\\\/06\\\/Landious-T.png?fit=500%2C500&ssl=1\",\"width\":500,\"height\":500,\"caption\":\"Landious Travel\"}]}<\/script>\n<!-- \/ Yoast SEO Premium plugin. -->","yoast_head_json":{"title":"Gizeh & Kairo Ausflug Hurghada","description":"Gizeh & Kairo Ausflug Hurghada zu den drei gro\u00dfen Pyramiden, der Gro\u00dfen Sphinx in Gizeh und dem \u00c4gyptischen Museum in Kairo. Preis, programm","robots":{"index":"index","follow":"follow","max-snippet":"max-snippet:-1","max-image-preview":"max-image-preview:large","max-video-preview":"max-video-preview:-1"},"canonical":"https:\/\/landioustravel.com\/de\/shop\/ausflug-kairo-gizeh-hurghada\/","og_locale":"de_DE","og_type":"article","og_title":"Gizeh & Kairo Ausflug Hurghada","og_description":"Landious Travel","og_url":"https:\/\/landioustravel.com\/de\/shop\/ausflug-kairo-gizeh-hurghada\/","og_site_name":"Landious Travel","article_publisher":"https:\/\/web.facebook.com\/landiousEgypt","article_modified_time":"2024-09-17T17:14:02+00:00","og_image":[{"width":1200,"height":674,"url":"https:\/\/i0.wp.com\/landioustravel.com\/wp-content\/uploads\/2018\/11\/Giza-Cairo-Excursion-Hurghada-e1617832610155.jpg?fit=1200%2C674&ssl=1","type":"image\/jpeg"}],"twitter_card":"summary_large_image","twitter_site":"@LandiousTours","twitter_misc":{"Gesch\u00e4tzte Lesezeit":"2\u00a0Minuten"},"schema":{"@context":"https:\/\/schema.org","@graph":[{"@type":"WebPage","@id":"https:\/\/landioustravel.com\/de\/shop\/ausflug-kairo-gizeh-hurghada\/","url":"https:\/\/landioustravel.com\/de\/shop\/ausflug-kairo-gizeh-hurghada\/","name":"Gizeh & Kairo Ausflug Hurghada","isPartOf":{"@id":"https:\/\/landioustravel.com\/de\/#website"},"primaryImageOfPage":{"@id":"https:\/\/landioustravel.com\/de\/shop\/ausflug-kairo-gizeh-hurghada\/#primaryimage"},"image":{"@id":"https:\/\/landioustravel.com\/de\/shop\/ausflug-kairo-gizeh-hurghada\/#primaryimage"},"thumbnailUrl":"https:\/\/i0.wp.com\/landioustravel.com\/wp-content\/uploads\/2018\/11\/Giza-Cairo-Excursion-Hurghada-e1617832610155.jpg?fit=1200%2C674&ssl=1","datePublished":"2019-01-19T03:51:18+00:00","dateModified":"2024-09-17T17:14:02+00:00","description":"Gizeh & Kairo Ausflug Hurghada zu den drei gro\u00dfen Pyramiden, der Gro\u00dfen Sphinx in Gizeh und dem \u00c4gyptischen Museum in Kairo. Preis, programm","breadcrumb":{"@id":"https:\/\/landioustravel.com\/de\/shop\/ausflug-kairo-gizeh-hurghada\/#breadcrumb"},"inLanguage":"de","potentialAction":[{"@type":"ReadAction","target":["https:\/\/landioustravel.com\/de\/shop\/ausflug-kairo-gizeh-hurghada\/"]}]},{"@type":"ImageObject","inLanguage":"de","@id":"https:\/\/landioustravel.com\/de\/shop\/ausflug-kairo-gizeh-hurghada\/#primaryimage","url":"https:\/\/i0.wp.com\/landioustravel.com\/wp-content\/uploads\/2018\/11\/Giza-Cairo-Excursion-Hurghada-e1617832610155.jpg?fit=1200%2C674&ssl=1","contentUrl":"https:\/\/i0.wp.com\/landioustravel.com\/wp-content\/uploads\/2018\/11\/Giza-Cairo-Excursion-Hurghada-e1617832610155.jpg?fit=1200%2C674&ssl=1","width":1200,"height":674,"caption":"Giza Cairo Excursion Hurghada"},{"@type":"BreadcrumbList","@id":"https:\/\/landioustravel.com\/de\/shop\/ausflug-kairo-gizeh-hurghada\/#breadcrumb","itemListElement":[{"@type":"ListItem","position":1,"name":"Home","item":"https:\/\/landioustravel.com\/de\/"},{"@type":"ListItem","position":2,"name":"\u00c4gypten Touren","item":"https:\/\/landioustravel.com\/de\/"},{"@type":"ListItem","position":3,"name":"Gizeh &#038; Kairo Ausflug Hurghada"}]},{"@type":"WebSite","@id":"https:\/\/landioustravel.com\/de\/#website","url":"https:\/\/landioustravel.com\/de\/","name":"Landious Travel","description":"Excursions, trips and cruises in Egypt","publisher":{"@id":"https:\/\/landioustravel.com\/de\/#organization"},"potentialAction":[{"@type":"SearchAction","target":{"@type":"EntryPoint","urlTemplate":"https:\/\/landioustravel.com\/de\/?s={search_term_string}"},"query-input":{"@type":"PropertyValueSpecification","valueRequired":true,"valueName":"search_term_string"}}],"inLanguage":"de"},{"@type":["Organization","Place"],"@id":"https:\/\/landioustravel.com\/de\/#organization","name":"Landious Travel","alternateName":"Landious Travel","url":"https:\/\/landioustravel.com\/de\/","logo":{"@id":"https:\/\/landioustravel.com\/de\/shop\/ausflug-kairo-gizeh-hurghada\/#local-main-organization-logo"},"image":{"@id":"https:\/\/landioustravel.com\/de\/shop\/ausflug-kairo-gizeh-hurghada\/#local-main-organization-logo"},"sameAs":["https:\/\/web.facebook.com\/landiousEgypt","https:\/\/x.com\/LandiousTours","https:\/\/mastodon.social\/@landious"],"legalName":"Landious Travel","telephone":[],"openingHoursSpecification":[{"@type":"OpeningHoursSpecification","dayOfWeek":["Monday","Tuesday","Wednesday","Thursday","Friday","Saturday","Sunday"],"opens":"09:00","closes":"17:00"}]},{"@type":"ImageObject","inLanguage":"de","@id":"https:\/\/landioustravel.com\/de\/shop\/ausflug-kairo-gizeh-hurghada\/#local-main-organization-logo","url":"https:\/\/i0.wp.com\/landioustravel.com\/wp-content\/uploads\/2021\/06\/Landious-T.png?fit=500%2C500&ssl=1","contentUrl":"https:\/\/i0.wp.com\/landioustravel.com\/wp-content\/uploads\/2021\/06\/Landious-T.png?fit=500%2C500&ssl=1","width":500,"height":500,"caption":"Landious Travel"}]}},"jetpack_publicize_connections":[],"uagb_featured_image_src":{"full":["https:\/\/i0.wp.com\/landioustravel.com\/wp-content\/uploads\/2018\/11\/Giza-Cairo-Excursion-Hurghada-e1617832610155.jpg?fit=1200%2C674&ssl=1",1200,674,false],"thumbnail":["https:\/\/i0.wp.com\/landioustravel.com\/wp-content\/uploads\/2018\/11\/Giza-Cairo-Excursion-Hurghada-e1617832610155.jpg?resize=150%2C150&ssl=1",150,150,true],"medium":["https:\/\/i0.wp.com\/landioustravel.com\/wp-content\/uploads\/2018\/11\/Giza-Cairo-Excursion-Hurghada-e1617832610155.jpg?fit=300%2C169&ssl=1",300,169,true],"medium_large":["https:\/\/i0.wp.com\/landioustravel.com\/wp-content\/uploads\/2018\/11\/Giza-Cairo-Excursion-Hurghada-e1617832610155.jpg?fit=768%2C432&ssl=1",768,432,true],"large":["https:\/\/i0.wp.com\/landioustravel.com\/wp-content\/uploads\/2018\/11\/Giza-Cairo-Excursion-Hurghada-e1617832610155.jpg?fit=980%2C550&ssl=1",980,550,true],"1536x1536":["https:\/\/i0.wp.com\/landioustravel.com\/wp-content\/uploads\/2018\/11\/Giza-Cairo-Excursion-Hurghada-e1617832610155.jpg?fit=1536%2C863&ssl=1",1536,863,true],"2048x2048":["https:\/\/i0.wp.com\/landioustravel.com\/wp-content\/uploads\/2018\/11\/Giza-Cairo-Excursion-Hurghada-e1617832610155.jpg?fit=1200%2C674&ssl=1",1200,674,true],"newspack-article-block-landscape-large":["https:\/\/i0.wp.com\/landioustravel.com\/wp-content\/uploads\/2018\/11\/Giza-Cairo-Excursion-Hurghada-e1617832610155.jpg?resize=1200%2C674&ssl=1",1200,900,true],"newspack-article-block-portrait-large":["https:\/\/i0.wp.com\/landioustravel.com\/wp-content\/uploads\/2018\/11\/Giza-Cairo-Excursion-Hurghada-e1617832610155.jpg?resize=900%2C674&ssl=1",900,921,true],"newspack-article-block-square-large":["https:\/\/i0.wp.com\/landioustravel.com\/wp-content\/uploads\/2018\/11\/Giza-Cairo-Excursion-Hurghada-e1617832610155.jpg?resize=1200%2C674&ssl=1",1200,921,true],"newspack-article-block-landscape-medium":["https:\/\/i0.wp.com\/landioustravel.com\/wp-content\/uploads\/2018\/11\/Giza-Cairo-Excursion-Hurghada-e1617832610155.jpg?resize=800%2C600&ssl=1",800,600,true],"newspack-article-block-portrait-medium":["https:\/\/i0.wp.com\/landioustravel.com\/wp-content\/uploads\/2018\/11\/Giza-Cairo-Excursion-Hurghada-e1617832610155.jpg?resize=600%2C674&ssl=1",600,800,true],"newspack-article-block-square-medium":["https:\/\/i0.wp.com\/landioustravel.com\/wp-content\/uploads\/2018\/11\/Giza-Cairo-Excursion-Hurghada-e1617832610155.jpg?resize=800%2C674&ssl=1",800,800,true],"newspack-article-block-landscape-intermediate":["https:\/\/i0.wp.com\/landioustravel.com\/wp-content\/uploads\/2018\/11\/Giza-Cairo-Excursion-Hurghada-e1617832610155.jpg?resize=600%2C450&ssl=1",600,450,true],"newspack-article-block-portrait-intermediate":["https:\/\/i0.wp.com\/landioustravel.com\/wp-content\/uploads\/2018\/11\/Giza-Cairo-Excursion-Hurghada-e1617832610155.jpg?resize=450%2C600&ssl=1",450,600,true],"newspack-article-block-square-intermediate":["https:\/\/i0.wp.com\/landioustravel.com\/wp-content\/uploads\/2018\/11\/Giza-Cairo-Excursion-Hurghada-e1617832610155.jpg?resize=600%2C600&ssl=1",600,600,true],"newspack-article-block-landscape-small":["https:\/\/i0.wp.com\/landioustravel.com\/wp-content\/uploads\/2018\/11\/Giza-Cairo-Excursion-Hurghada-e1617832610155.jpg?resize=400%2C300&ssl=1",400,300,true],"newspack-article-block-portrait-small":["https:\/\/i0.wp.com\/landioustravel.com\/wp-content\/uploads\/2018\/11\/Giza-Cairo-Excursion-Hurghada-e1617832610155.jpg?resize=300%2C400&ssl=1",300,400,true],"newspack-article-block-square-small":["https:\/\/i0.wp.com\/landioustravel.com\/wp-content\/uploads\/2018\/11\/Giza-Cairo-Excursion-Hurghada-e1617832610155.jpg?resize=400%2C400&ssl=1",400,400,true],"newspack-article-block-landscape-tiny":["https:\/\/i0.wp.com\/landioustravel.com\/wp-content\/uploads\/2018\/11\/Giza-Cairo-Excursion-Hurghada-e1617832610155.jpg?resize=200%2C150&ssl=1",200,150,true],"newspack-article-block-portrait-tiny":["https:\/\/i0.wp.com\/landioustravel.com\/wp-content\/uploads\/2018\/11\/Giza-Cairo-Excursion-Hurghada-e1617832610155.jpg?resize=150%2C200&ssl=1",150,200,true],"newspack-article-block-square-tiny":["https:\/\/i0.wp.com\/landioustravel.com\/wp-content\/uploads\/2018\/11\/Giza-Cairo-Excursion-Hurghada-e1617832610155.jpg?resize=200%2C200&ssl=1",200,200,true],"newspack-article-block-uncropped":["https:\/\/i0.wp.com\/landioustravel.com\/wp-content\/uploads\/2018\/11\/Giza-Cairo-Excursion-Hurghada-e1617832610155.jpg?fit=1200%2C674&ssl=1",1200,674,true],"woocommerce_thumbnail":["https:\/\/i0.wp.com\/landioustravel.com\/wp-content\/uploads\/2018\/11\/Giza-Cairo-Excursion-Hurghada-e1617832610155.jpg?resize=324%2C324&ssl=1",324,324,true],"woocommerce_single":["https:\/\/i0.wp.com\/landioustravel.com\/wp-content\/uploads\/2018\/11\/Giza-Cairo-Excursion-Hurghada-e1617832610155.jpg?fit=416%2C234&ssl=1",416,234,true],"woocommerce_gallery_thumbnail":["https:\/\/i0.wp.com\/landioustravel.com\/wp-content\/uploads\/2018\/11\/Giza-Cairo-Excursion-Hurghada-e1617832610155.jpg?resize=100%2C100&ssl=1",100,100,true]},"uagb_author_info":{"display_name":"Mofreh Landious","author_link":"https:\/\/landioustravel.com\/de\/author\/"},"uagb_comment_info":6,"uagb_excerpt":"Begeben Sie sich auf eine Reise nach Kairo und lassen Sie uns f\u00fcr Ihren Komfort und Ihre Sicherheit sorgen. Unser klimatisierter Bus holt Sie von Ihrem Hotel in Hurghada ab und f\u00e4hrt Sie durch die atemberaubende Landschaft des Roten Meeres und der W\u00fcste. Sobald Sie in Kairo ankommen, erwartet Sie Ihr Reiseleiter und nimmt Sie&hellip;","jetpack_sharing_enabled":true,"jetpack_likes_enabled":true,"amp_enabled":true,"_links":{"self":[{"href":"https:\/\/landioustravel.com\/de\/wp-json\/wp\/v2\/product\/1320","targetHints":{"allow":["GET"]}}],"collection":[{"href":"https:\/\/landioustravel.com\/de\/wp-json\/wp\/v2\/product"}],"about":[{"href":"https:\/\/landioustravel.com\/de\/wp-json\/wp\/v2\/types\/product"}],"replies":[{"embeddable":true,"href":"https:\/\/landioustravel.com\/de\/wp-json\/wp\/v2\/comments?post=1320"}],"wp:featuredmedia":[{"embeddable":true,"href":"https:\/\/landioustravel.com\/de\/wp-json\/wp\/v2\/media\/46709"}],"wp:attachment":[{"href":"https:\/\/landioustravel.com\/de\/wp-json\/wp\/v2\/media?parent=1320"}],"wp:term":[{"taxonomy":"product_brand","embeddable":true,"href":"https:\/\/landioustravel.com\/de\/wp-json\/wp\/v2\/product_brand?post=1320"},{"taxonomy":"product_cat","embeddable":true,"href":"https:\/\/landioustravel.com\/de\/wp-json\/wp\/v2\/product_cat?post=1320"},{"taxonomy":"product_tag","embeddable":true,"href":"https:\/\/landioustravel.com\/de\/wp-json\/wp\/v2\/product_tag?post=1320"}],"curies":[{"name":"wp","href":"https:\/\/api.w.org\/{rel}","templated":true}]}}