{"id":134721,"date":"2023-01-08T23:44:57","date_gmt":"2023-01-24T13:12:09","guid":{"rendered":"https:\/\/landioustravel.com\/?post_type=product&#038;p=134721"},"modified":"2023-06-14T01:45:55","modified_gmt":"2023-06-13T23:45:55","slug":"kairo-private-tour-gouna","status":"publish","type":"product","link":"https:\/\/landioustravel.com\/de\/shop\/kairo-private-tour-gouna\/","title":{"rendered":"Kairo Private Tour El Gouna"},"content":{"rendered":"<p><strong>Kairo Private Tour El Gouna<\/strong> ist eine eint\u00e4gige individuelle Reise, um die Attraktionen von Gizeh und <a href=\"https:\/\/landioustravel.com\/de\/agypten\/aegyptische-staedte\/gouvernement-kairo\/\">Kairo<\/a> von El Gouna, Gouvernement Rotes Meer, \u00c4gypten aus zu sehen! Es ist einer der beliebtesten pers\u00f6nlichen Ausfl\u00fcge in El Gouna! Wir empfehlen die Reise, weil sie es Touristen erm\u00f6glicht, die beeindruckendsten Sehensw\u00fcrdigkeiten des alten \u00c4gypten zu sehen und mehr \u00fcber seine Geschichte zu erfahren.<\/p>\n<h2>H\u00f6hepunkte der privaten Kairo-Tour ab El Gouna<\/h2>\n<ul>\n<li>Besuchen Sie das \u00c4gyptische Museum in Kairo.<\/li>\n<li>Mittagessen in einem Restaurant.<\/li>\n<li>Sehen Sie die drei Pyramiden in Gizeh.<\/li>\n<li>Auch die Gro\u00dfe Sphinx im Pyramidenkomplex.<\/li>\n<\/ul>\n<h2>Programm des privaten Ausflugs nach Kairo-Gizeh<\/h2>\n<ul>\n<li>Der Vertreter von Landious Travel holt Sie gegen 01:00 Uhr von Ihrem Hotel in El Gouna ab.<\/li>\n<li>Nachdem Sie Sie abgeholt haben, f\u00e4hrt Ihr privates Fahrzeug (Limousine oder Minibus) nach Kairo, vorbei an den St\u00e4dten Ras Ghareb, Zaafarana, Ain Sokhna und Suez. Alle diese St\u00e4dte liegen n\u00f6rdlich von Hurghada an der K\u00fcste des Roten Meeres. Vom Zentrum von El Gouna nach Kairo dauert die Fahrt etwa 6 Stunden.<\/li>\n<\/ul>\n<h3>Programm in Kairo<\/h3>\n<ul>\n<li>Wir zeigen Ihnen das \u00c4gyptische Museum, sobald Sie in Kairo ankommen. Es gibt ungef\u00e4hr 100 Ausstellungsr\u00e4ume in diesem Museum. Diese S\u00e4le zeigen eine einzigartige Sammlung, die aus etwa 150.000 St\u00fccken besteht. Ihr Reiseleiter hat die Aufgabe, die sch\u00f6nen Ausstellungen dieses Museums zu zeigen und Ihnen Zeit zum Fotografieren zu geben.<\/li>\n<li>Nach dem Besuch des \u00c4gyptischen Museums in Kairo k\u00f6nnen Sie eine Bootsfahrt auf dem Nil unternehmen. Es ist ein kostenpflichtiges Zusatzprogramm! Sobald die Bootsfahrt auf dem Nil endet, fahren Sie in eine andere Stadt \u2013 Gizeh.<\/li>\n<\/ul>\n<h3>Programm in Gizeh<\/h3>\n<ul>\n<li>Die Reise geht weiter in Gizeh. Der erste Halt dort wird am Restaurant sein. Es bietet ein Buffet.<\/li>\n<li>Nach dem Mittagessen fahren Sie zum Pyramidenkomplex von Gizeh, den fantastischen drei Pyramiden und der Sphinx. Ihr Guide zeigt sie und gibt Ihnen Zeit, ein Foto zu machen.<\/li>\n<\/ul>\n<h3>Abfahrt<\/h3>\n<ul>\n<li>Schlie\u00dflich wird unser Bus nach einem solchen Programm in den sch\u00f6nen St\u00e4dten Kairo und Gizeh nach El Gouna zur\u00fcckkehren.<\/li>\n<li>Diese individuelle Kairo-Reise von El Gouna endet gegen 22:00 Uhr.<\/li>\n<\/ul>\n<h2>Was beinhaltet der Preis der individuellen Reise nach Kairo ab El Gouna?<\/h2>\n<ul>\n<li>Eintrittskarten f\u00fcr Tempelbesuche.<\/li>\n<li>Mittagessen.<\/li>\n<li>Getr\u00e4nke.<\/li>\n<li>Privater F\u00fchrer.<\/li>\n<li>Auch private klimatisierte Fahrzeuge.<\/li>\n<\/ul>\n<h2>Was beinhaltet das Programm der Individualreise nach El Gouna nicht?<\/h2>\n<ul>\n<li>Zus\u00e4tzliche Programme, falls nicht im obigen Programm enthalten.<\/li>\n<li>Auch Getr\u00e4nke im Restaurant.<\/li>\n<\/ul>\n<h2>Was nehmen Sie f\u00fcr die Reise mit?<\/h2>\n<ul>\n<li>Fr\u00fchst\u00fccksbox.<\/li>\n<li>Auch Kleidung f\u00fcr die Saison.<\/li>\n<\/ul>\n<h2>Buchungstage der Kairoer Privattour El Gouna<\/h2>\n<ul>\n<li>T\u00e4glich von 02:00 \u2013 22:00 Uhr.<\/li>\n<\/ul>\n<h2>Was erwartet Sie w\u00e4hrend der Kairo-Individualreise nach El Gouna?<\/h2>\n<h3>\u00e4gyptisches Museum<\/h3>\n<p>Das \u00c4gyptische Museum ist das \u00e4lteste arch\u00e4ologische Museum in \u00c4gypten und im Nahen Osten. Es zeigt eine umfangreiche Sammlung, die von der pr\u00e4dynastischen Zeit bis zur griechisch-r\u00f6mischen Zeit reicht. Dar\u00fcber hinaus beherbergt dieses Depot die umfassendste Sammlung pharaonischer Altert\u00fcmer der Welt. Diese fantastische Sammlung zeichnet 5.000 Jahre \u00e4gyptische Geschichte nach.<\/p>\n<h3>Pyramidenkomplex von Gizeh<\/h3>\n<p>Der Pyramidenkomplex von Gizeh ist die beliebteste Touristenattraktion in \u00c4gypten. Wir nennen es auch die Nekropole von Gizeh. Dieser Komplex ist eine alt\u00e4gyptische St\u00e4tte auf dem Gizeh-Plateau. Es ist weithin bekannt und umfasst die Gro\u00dfe Pyramide von Gizeh mit den dazugeh\u00f6rigen Netzwerken und die Sphinx von Gizeh. Die alten \u00c4gypter bauten diese massiven Konstruktionen w\u00e4hrend der vierten Dynastie des alten K\u00f6nigreichs des alten \u00c4gypten. Dar\u00fcber hinaus umfasst der Gizeh-Komplex mehrere Friedh\u00f6fe und die \u00dcberreste einer Arbeitersiedlung auf seinem Territorium.<\/p>\n<h3>Cheops-Pyramide<\/h3>\n<p>Die Cheops-Pyramide erhebt sich in einer H\u00f6he von 138,5 Metern. Diese \u00e4lteste und gr\u00f6\u00dfte Pyramide befindet sich im Pyramidenkomplex von Gizeh und hat die Menschen im Laufe der Jahrhunderte in Erstaunen versetzt. Dieses Wunder ist ein Teil der Sieben Weltwunder der Antike.<\/p>\n<h3>Pyramide von Chephren<\/h3>\n<p>Die Pyramide von Khafre steht bei 448 Fu\u00df mit einer Basisl\u00e4nge von 706 Fu\u00df. Diese Ma\u00dfe machen diese Pyramide zum zweith\u00f6chsten und zweitgr\u00f6\u00dften Pyramidenkomplex von Gizeh. Es beherbergt das Grab des Pharao Khafre aus der vierten Dynastie, der zwischen 2558 und 2532 v. Chr. regierte. Dieses historische Denkmal ist auch als Chephren-Pyramide bekannt.<\/p>\n<h3>Menkaure-Pyramide<\/h3>\n<p>Mykerinos ist die dritte Pyramide im Pyramidenkomplex von Gizeh im Gro\u00dfraum Kairo, \u00c4gypten. Kleinster der drei; Diese sch\u00f6ne Struktur erhebt sich auf 66 Meter (218 Fu\u00df). Die Menkaure-Pyramide beherbergt einige der beeindruckendsten Skulpturen aus der alt\u00e4gyptischen Geschichte, obwohl sie kurz ist.<\/p>\n<h3>Gro\u00dfe Sphinx<\/h3>\n<p>Die Gro\u00dfe Sphinx ist eine der bedeutendsten Skulpturen der Welt. Es zeigt den K\u00f6rper eines zur\u00fcckgelehnten L\u00f6wen und einen menschlichen Kopf in fast 66 Fu\u00df H\u00f6he. Ein k\u00f6niglicher Kopfschmuck ziert den menschlichen Kopf der Sphinx. Die L\u00e4nge dieser pr\u00e4chtigen Statue betr\u00e4gt etwa 240 Fu\u00df.<\/p>\n","protected":false},"excerpt":{"rendered":"<p>Erleben Sie die Wunder Kairos und seine reiche Geschichte auf einem Tagesausflug von El Gouna aus. Sehen Sie sich die majest\u00e4tischen Pyramiden von Gizeh und die ber\u00fchmte Gro\u00dfe Sphinx an, bevor Sie ein k\u00f6stliches Mittagessen genie\u00dfen. Anschlie\u00dfend tauchen Sie ein in die faszinierenden Ausstellungen des \u00c4gyptischen Museums. Als Bonus genie\u00dfen Sie auch eine entspannte Bootsfahrt auf dem Nil. Alle notwendigen Ausgaben sind im Reisepreis enthalten, wie private Transfers, Eintrittskarten und Mittagessen. Bei dieser privaten Tagestour mit dem Auto k\u00f6nnen Sie das Museum, die Pyramiden von Gizeh und die Gro\u00dfe Sphinx erkunden, bevor Sie sicher zu Ihrem Hotel in El Gouna zur\u00fcckgebracht werden. Begleiten Sie uns auf dieser spannenden Reise durch die Zeitalter, von der Pharaonenzeit bis zur koptischen und islamischen Zeit. Sehen Sie die Pyramiden und die Sphinx von Gizeh und erkunden Sie das Museum \u2013 alles an einem Tag.<\/p>\n","protected":false},"featured_media":134727,"comment_status":"open","ping_status":"closed","template":"","meta":{"_coblocks_attr":"","_coblocks_dimensions":"","_coblocks_responsive_height":"","_coblocks_accordion_ie_support":"","_uag_custom_page_level_css":"","jetpack_publicize_message":"","jetpack_publicize_feature_enabled":true,"jetpack_social_post_already_shared":true,"jetpack_social_options":{"image_generator_settings":{"template":"highway","default_image_id":0,"font":"","enabled":false},"version":2},"_wpas_customize_per_network":false},"product_brand":[],"product_cat":[20137,22038,22035,22041,22153],"product_tag":[1653,9906,1843,1652,1654,1655],"class_list":{"0":"post-134721","1":"product","2":"type-product","3":"status-publish","4":"has-post-thumbnail","6":"product_cat-gouna-private-ausfluege","7":"product_cat-gouna-private-besichtigung-touren","8":"product_cat-gouna-private-tagestouren-kairo","9":"product_cat-gouna-private-touren-pyramiden","10":"product_cat-hurghada-ausfluege-kairo","11":"product_tag-ausflug","12":"product_tag-besichtigung","13":"product_tag-el-gouna-de","14":"product_tag-kairo","15":"product_tag-pyramiden","16":"product_tag-sphinx-de","18":"first","19":"instock","20":"sale","21":"taxable","22":"shipping-taxable","23":"purchasable","24":"product-type-variable"},"yoast_head":"<!-- This site is optimized with the Yoast SEO Premium plugin v27.5 (Yoast SEO v27.5) - https:\/\/yoast.com\/product\/yoast-seo-premium-wordpress\/ -->\n<title>Kairo Private Tour El Gouna - Buchen - Landious Travel<\/title>\n<meta name=\"description\" content=\"Kairo Private Tour El Gouna ist eine eint\u00e4gige individuelle Reise, um die Attraktionen von Gizeh und Kairo von El Gouna, Gouvernement Rotes Meer, \u00c4gypten\" \/>\n<meta name=\"robots\" content=\"index, follow, max-snippet:-1, max-image-preview:large, max-video-preview:-1\" \/>\n<link rel=\"canonical\" href=\"https:\/\/landioustravel.com\/de\/shop\/kairo-private-tour-gouna\/\" \/>\n<meta property=\"og:locale\" content=\"de_DE\" \/>\n<meta property=\"og:type\" content=\"article\" \/>\n<meta property=\"og:title\" content=\"Kairo Private Tour El Gouna\" \/>\n<meta property=\"og:description\" content=\"Landious Travel\" \/>\n<meta property=\"og:url\" content=\"https:\/\/landioustravel.com\/de\/shop\/kairo-private-tour-gouna\/\" \/>\n<meta property=\"og:site_name\" content=\"Landious Travel\" \/>\n<meta property=\"article:publisher\" content=\"https:\/\/web.facebook.com\/landiousEgypt\" \/>\n<meta property=\"article:modified_time\" content=\"2023-06-13T23:45:55+00:00\" \/>\n<meta property=\"og:image\" content=\"https:\/\/i0.wp.com\/landioustravel.com\/wp-content\/uploads\/2023\/01\/Cairo-Private-Tour-El-Gouna-e1673214053744.jpg?fit=1201%2C675&ssl=1\" \/>\n\t<meta property=\"og:image:width\" content=\"1201\" \/>\n\t<meta property=\"og:image:height\" content=\"675\" \/>\n\t<meta property=\"og:image:type\" content=\"image\/jpeg\" \/>\n<meta name=\"twitter:card\" content=\"summary_large_image\" \/>\n<meta name=\"twitter:site\" content=\"@LandiousTours\" \/>\n<meta name=\"twitter:label1\" content=\"Gesch\u00e4tzte Lesezeit\" \/>\n\t<meta name=\"twitter:data1\" content=\"4\u00a0Minuten\" \/>\n<script type=\"application\/ld+json\" class=\"yoast-schema-graph\">{\"@context\":\"https:\\\/\\\/schema.org\",\"@graph\":[{\"@type\":\"WebPage\",\"@id\":\"https:\\\/\\\/landioustravel.com\\\/de\\\/shop\\\/kairo-private-tour-gouna\\\/\",\"url\":\"https:\\\/\\\/landioustravel.com\\\/de\\\/shop\\\/kairo-private-tour-gouna\\\/\",\"name\":\"Kairo Private Tour El Gouna - Buchen - Landious Travel\",\"isPartOf\":{\"@id\":\"https:\\\/\\\/landioustravel.com\\\/de\\\/#website\"},\"primaryImageOfPage\":{\"@id\":\"https:\\\/\\\/landioustravel.com\\\/de\\\/shop\\\/kairo-private-tour-gouna\\\/#primaryimage\"},\"image\":{\"@id\":\"https:\\\/\\\/landioustravel.com\\\/de\\\/shop\\\/kairo-private-tour-gouna\\\/#primaryimage\"},\"thumbnailUrl\":\"https:\\\/\\\/i0.wp.com\\\/landioustravel.com\\\/wp-content\\\/uploads\\\/2023\\\/01\\\/Cairo-Private-Tour-El-Gouna-e1673214053744.jpg?fit=1201%2C675&ssl=1\",\"datePublished\":\"2023-01-24T13:12:09+00:00\",\"dateModified\":\"2023-06-13T23:45:55+00:00\",\"description\":\"Kairo Private Tour El Gouna ist eine eint\u00e4gige individuelle Reise, um die Attraktionen von Gizeh und Kairo von El Gouna, Gouvernement Rotes Meer, \u00c4gypten\",\"breadcrumb\":{\"@id\":\"https:\\\/\\\/landioustravel.com\\\/de\\\/shop\\\/kairo-private-tour-gouna\\\/#breadcrumb\"},\"inLanguage\":\"de\",\"potentialAction\":[{\"@type\":\"ReadAction\",\"target\":[\"https:\\\/\\\/landioustravel.com\\\/de\\\/shop\\\/kairo-private-tour-gouna\\\/\"]}]},{\"@type\":\"ImageObject\",\"inLanguage\":\"de\",\"@id\":\"https:\\\/\\\/landioustravel.com\\\/de\\\/shop\\\/kairo-private-tour-gouna\\\/#primaryimage\",\"url\":\"https:\\\/\\\/i0.wp.com\\\/landioustravel.com\\\/wp-content\\\/uploads\\\/2023\\\/01\\\/Cairo-Private-Tour-El-Gouna-e1673214053744.jpg?fit=1201%2C675&ssl=1\",\"contentUrl\":\"https:\\\/\\\/i0.wp.com\\\/landioustravel.com\\\/wp-content\\\/uploads\\\/2023\\\/01\\\/Cairo-Private-Tour-El-Gouna-e1673214053744.jpg?fit=1201%2C675&ssl=1\",\"width\":1201,\"height\":675,\"caption\":\"Cairo Private Tour El Gouna\"},{\"@type\":\"BreadcrumbList\",\"@id\":\"https:\\\/\\\/landioustravel.com\\\/de\\\/shop\\\/kairo-private-tour-gouna\\\/#breadcrumb\",\"itemListElement\":[{\"@type\":\"ListItem\",\"position\":1,\"name\":\"Home\",\"item\":\"https:\\\/\\\/landioustravel.com\\\/de\\\/\"},{\"@type\":\"ListItem\",\"position\":2,\"name\":\"\u00c4gypten Touren\",\"item\":\"https:\\\/\\\/landioustravel.com\\\/de\\\/\"},{\"@type\":\"ListItem\",\"position\":3,\"name\":\"Kairo Private Tour El Gouna\"}]},{\"@type\":\"WebSite\",\"@id\":\"https:\\\/\\\/landioustravel.com\\\/de\\\/#website\",\"url\":\"https:\\\/\\\/landioustravel.com\\\/de\\\/\",\"name\":\"Landious Travel\",\"description\":\"Excursions, trips and cruises in Egypt\",\"publisher\":{\"@id\":\"https:\\\/\\\/landioustravel.com\\\/de\\\/#organization\"},\"potentialAction\":[{\"@type\":\"SearchAction\",\"target\":{\"@type\":\"EntryPoint\",\"urlTemplate\":\"https:\\\/\\\/landioustravel.com\\\/de\\\/?s={search_term_string}\"},\"query-input\":{\"@type\":\"PropertyValueSpecification\",\"valueRequired\":true,\"valueName\":\"search_term_string\"}}],\"inLanguage\":\"de\"},{\"@type\":[\"Organization\",\"Place\"],\"@id\":\"https:\\\/\\\/landioustravel.com\\\/de\\\/#organization\",\"name\":\"Landious Travel\",\"alternateName\":\"Landious Travel\",\"url\":\"https:\\\/\\\/landioustravel.com\\\/de\\\/\",\"logo\":{\"@id\":\"https:\\\/\\\/landioustravel.com\\\/de\\\/shop\\\/kairo-private-tour-gouna\\\/#local-main-organization-logo\"},\"image\":{\"@id\":\"https:\\\/\\\/landioustravel.com\\\/de\\\/shop\\\/kairo-private-tour-gouna\\\/#local-main-organization-logo\"},\"sameAs\":[\"https:\\\/\\\/web.facebook.com\\\/landiousEgypt\",\"https:\\\/\\\/x.com\\\/LandiousTours\",\"https:\\\/\\\/mastodon.social\\\/@landious\"],\"legalName\":\"Landious Travel\",\"telephone\":[],\"openingHoursSpecification\":[{\"@type\":\"OpeningHoursSpecification\",\"dayOfWeek\":[\"Monday\",\"Tuesday\",\"Wednesday\",\"Thursday\",\"Friday\",\"Saturday\",\"Sunday\"],\"opens\":\"09:00\",\"closes\":\"17:00\"}]},{\"@type\":\"ImageObject\",\"inLanguage\":\"de\",\"@id\":\"https:\\\/\\\/landioustravel.com\\\/de\\\/shop\\\/kairo-private-tour-gouna\\\/#local-main-organization-logo\",\"url\":\"https:\\\/\\\/i0.wp.com\\\/landioustravel.com\\\/wp-content\\\/uploads\\\/2021\\\/06\\\/Landious-T.png?fit=500%2C500&ssl=1\",\"contentUrl\":\"https:\\\/\\\/i0.wp.com\\\/landioustravel.com\\\/wp-content\\\/uploads\\\/2021\\\/06\\\/Landious-T.png?fit=500%2C500&ssl=1\",\"width\":500,\"height\":500,\"caption\":\"Landious Travel\"}]}<\/script>\n<!-- \/ Yoast SEO Premium plugin. -->","yoast_head_json":{"title":"Kairo Private Tour El Gouna - Buchen - Landious Travel","description":"Kairo Private Tour El Gouna ist eine eint\u00e4gige individuelle Reise, um die Attraktionen von Gizeh und Kairo von El Gouna, Gouvernement Rotes Meer, \u00c4gypten","robots":{"index":"index","follow":"follow","max-snippet":"max-snippet:-1","max-image-preview":"max-image-preview:large","max-video-preview":"max-video-preview:-1"},"canonical":"https:\/\/landioustravel.com\/de\/shop\/kairo-private-tour-gouna\/","og_locale":"de_DE","og_type":"article","og_title":"Kairo Private Tour El Gouna","og_description":"Landious Travel","og_url":"https:\/\/landioustravel.com\/de\/shop\/kairo-private-tour-gouna\/","og_site_name":"Landious Travel","article_publisher":"https:\/\/web.facebook.com\/landiousEgypt","article_modified_time":"2023-06-13T23:45:55+00:00","og_image":[{"width":1201,"height":675,"url":"https:\/\/i0.wp.com\/landioustravel.com\/wp-content\/uploads\/2023\/01\/Cairo-Private-Tour-El-Gouna-e1673214053744.jpg?fit=1201%2C675&ssl=1","type":"image\/jpeg"}],"twitter_card":"summary_large_image","twitter_site":"@LandiousTours","twitter_misc":{"Gesch\u00e4tzte Lesezeit":"4\u00a0Minuten"},"schema":{"@context":"https:\/\/schema.org","@graph":[{"@type":"WebPage","@id":"https:\/\/landioustravel.com\/de\/shop\/kairo-private-tour-gouna\/","url":"https:\/\/landioustravel.com\/de\/shop\/kairo-private-tour-gouna\/","name":"Kairo Private Tour El Gouna - Buchen - Landious Travel","isPartOf":{"@id":"https:\/\/landioustravel.com\/de\/#website"},"primaryImageOfPage":{"@id":"https:\/\/landioustravel.com\/de\/shop\/kairo-private-tour-gouna\/#primaryimage"},"image":{"@id":"https:\/\/landioustravel.com\/de\/shop\/kairo-private-tour-gouna\/#primaryimage"},"thumbnailUrl":"https:\/\/i0.wp.com\/landioustravel.com\/wp-content\/uploads\/2023\/01\/Cairo-Private-Tour-El-Gouna-e1673214053744.jpg?fit=1201%2C675&ssl=1","datePublished":"2023-01-24T13:12:09+00:00","dateModified":"2023-06-13T23:45:55+00:00","description":"Kairo Private Tour El Gouna ist eine eint\u00e4gige individuelle Reise, um die Attraktionen von Gizeh und Kairo von El Gouna, Gouvernement Rotes Meer, \u00c4gypten","breadcrumb":{"@id":"https:\/\/landioustravel.com\/de\/shop\/kairo-private-tour-gouna\/#breadcrumb"},"inLanguage":"de","potentialAction":[{"@type":"ReadAction","target":["https:\/\/landioustravel.com\/de\/shop\/kairo-private-tour-gouna\/"]}]},{"@type":"ImageObject","inLanguage":"de","@id":"https:\/\/landioustravel.com\/de\/shop\/kairo-private-tour-gouna\/#primaryimage","url":"https:\/\/i0.wp.com\/landioustravel.com\/wp-content\/uploads\/2023\/01\/Cairo-Private-Tour-El-Gouna-e1673214053744.jpg?fit=1201%2C675&ssl=1","contentUrl":"https:\/\/i0.wp.com\/landioustravel.com\/wp-content\/uploads\/2023\/01\/Cairo-Private-Tour-El-Gouna-e1673214053744.jpg?fit=1201%2C675&ssl=1","width":1201,"height":675,"caption":"Cairo Private Tour El Gouna"},{"@type":"BreadcrumbList","@id":"https:\/\/landioustravel.com\/de\/shop\/kairo-private-tour-gouna\/#breadcrumb","itemListElement":[{"@type":"ListItem","position":1,"name":"Home","item":"https:\/\/landioustravel.com\/de\/"},{"@type":"ListItem","position":2,"name":"\u00c4gypten Touren","item":"https:\/\/landioustravel.com\/de\/"},{"@type":"ListItem","position":3,"name":"Kairo Private Tour El Gouna"}]},{"@type":"WebSite","@id":"https:\/\/landioustravel.com\/de\/#website","url":"https:\/\/landioustravel.com\/de\/","name":"Landious Travel","description":"Excursions, trips and cruises in Egypt","publisher":{"@id":"https:\/\/landioustravel.com\/de\/#organization"},"potentialAction":[{"@type":"SearchAction","target":{"@type":"EntryPoint","urlTemplate":"https:\/\/landioustravel.com\/de\/?s={search_term_string}"},"query-input":{"@type":"PropertyValueSpecification","valueRequired":true,"valueName":"search_term_string"}}],"inLanguage":"de"},{"@type":["Organization","Place"],"@id":"https:\/\/landioustravel.com\/de\/#organization","name":"Landious Travel","alternateName":"Landious Travel","url":"https:\/\/landioustravel.com\/de\/","logo":{"@id":"https:\/\/landioustravel.com\/de\/shop\/kairo-private-tour-gouna\/#local-main-organization-logo"},"image":{"@id":"https:\/\/landioustravel.com\/de\/shop\/kairo-private-tour-gouna\/#local-main-organization-logo"},"sameAs":["https:\/\/web.facebook.com\/landiousEgypt","https:\/\/x.com\/LandiousTours","https:\/\/mastodon.social\/@landious"],"legalName":"Landious Travel","telephone":[],"openingHoursSpecification":[{"@type":"OpeningHoursSpecification","dayOfWeek":["Monday","Tuesday","Wednesday","Thursday","Friday","Saturday","Sunday"],"opens":"09:00","closes":"17:00"}]},{"@type":"ImageObject","inLanguage":"de","@id":"https:\/\/landioustravel.com\/de\/shop\/kairo-private-tour-gouna\/#local-main-organization-logo","url":"https:\/\/i0.wp.com\/landioustravel.com\/wp-content\/uploads\/2021\/06\/Landious-T.png?fit=500%2C500&ssl=1","contentUrl":"https:\/\/i0.wp.com\/landioustravel.com\/wp-content\/uploads\/2021\/06\/Landious-T.png?fit=500%2C500&ssl=1","width":500,"height":500,"caption":"Landious Travel"}]}},"jetpack_publicize_connections":[],"uagb_featured_image_src":{"full":["https:\/\/i0.wp.com\/landioustravel.com\/wp-content\/uploads\/2023\/01\/Cairo-Private-Tour-El-Gouna-e1673214053744.jpg?fit=1201%2C675&ssl=1",1201,675,false],"thumbnail":["https:\/\/i0.wp.com\/landioustravel.com\/wp-content\/uploads\/2023\/01\/Cairo-Private-Tour-El-Gouna-e1673214053744.jpg?resize=150%2C150&ssl=1",150,150,true],"medium":["https:\/\/i0.wp.com\/landioustravel.com\/wp-content\/uploads\/2023\/01\/Cairo-Private-Tour-El-Gouna-e1673214053744.jpg?fit=300%2C169&ssl=1",300,169,true],"medium_large":["https:\/\/i0.wp.com\/landioustravel.com\/wp-content\/uploads\/2023\/01\/Cairo-Private-Tour-El-Gouna-e1673214053744.jpg?fit=768%2C432&ssl=1",768,432,true],"large":["https:\/\/i0.wp.com\/landioustravel.com\/wp-content\/uploads\/2023\/01\/Cairo-Private-Tour-El-Gouna-e1673214053744.jpg?fit=980%2C551&ssl=1",980,551,true],"1536x1536":["https:\/\/i0.wp.com\/landioustravel.com\/wp-content\/uploads\/2023\/01\/Cairo-Private-Tour-El-Gouna-e1673214053744.jpg?fit=1201%2C675&ssl=1",1201,675,true],"2048x2048":["https:\/\/i0.wp.com\/landioustravel.com\/wp-content\/uploads\/2023\/01\/Cairo-Private-Tour-El-Gouna-e1673214053744.jpg?fit=1201%2C675&ssl=1",1201,675,true],"newspack-article-block-landscape-large":["https:\/\/i0.wp.com\/landioustravel.com\/wp-content\/uploads\/2023\/01\/Cairo-Private-Tour-El-Gouna-e1673214053744.jpg?resize=1200%2C674&ssl=1",1200,674,true],"newspack-article-block-portrait-large":["https:\/\/i0.wp.com\/landioustravel.com\/wp-content\/uploads\/2023\/01\/Cairo-Private-Tour-El-Gouna-e1673214053744.jpg?resize=900%2C675&ssl=1",900,675,true],"newspack-article-block-square-large":["https:\/\/i0.wp.com\/landioustravel.com\/wp-content\/uploads\/2023\/01\/Cairo-Private-Tour-El-Gouna-e1673214053744.jpg?resize=1200%2C674&ssl=1",1200,674,true],"newspack-article-block-landscape-medium":["https:\/\/i0.wp.com\/landioustravel.com\/wp-content\/uploads\/2023\/01\/Cairo-Private-Tour-El-Gouna-e1673214053744.jpg?resize=800%2C600&ssl=1",800,600,true],"newspack-article-block-portrait-medium":["https:\/\/i0.wp.com\/landioustravel.com\/wp-content\/uploads\/2023\/01\/Cairo-Private-Tour-El-Gouna-e1673214053744.jpg?resize=600%2C675&ssl=1",600,675,true],"newspack-article-block-square-medium":["https:\/\/i0.wp.com\/landioustravel.com\/wp-content\/uploads\/2023\/01\/Cairo-Private-Tour-El-Gouna-e1673214053744.jpg?resize=800%2C675&ssl=1",800,675,true],"newspack-article-block-landscape-intermediate":["https:\/\/i0.wp.com\/landioustravel.com\/wp-content\/uploads\/2023\/01\/Cairo-Private-Tour-El-Gouna-e1673214053744.jpg?resize=600%2C450&ssl=1",600,450,true],"newspack-article-block-portrait-intermediate":["https:\/\/i0.wp.com\/landioustravel.com\/wp-content\/uploads\/2023\/01\/Cairo-Private-Tour-El-Gouna-e1673214053744.jpg?resize=450%2C600&ssl=1",450,600,true],"newspack-article-block-square-intermediate":["https:\/\/i0.wp.com\/landioustravel.com\/wp-content\/uploads\/2023\/01\/Cairo-Private-Tour-El-Gouna-e1673214053744.jpg?resize=600%2C600&ssl=1",600,600,true],"newspack-article-block-landscape-small":["https:\/\/i0.wp.com\/landioustravel.com\/wp-content\/uploads\/2023\/01\/Cairo-Private-Tour-El-Gouna-e1673214053744.jpg?resize=400%2C300&ssl=1",400,300,true],"newspack-article-block-portrait-small":["https:\/\/i0.wp.com\/landioustravel.com\/wp-content\/uploads\/2023\/01\/Cairo-Private-Tour-El-Gouna-e1673214053744.jpg?resize=300%2C400&ssl=1",300,400,true],"newspack-article-block-square-small":["https:\/\/i0.wp.com\/landioustravel.com\/wp-content\/uploads\/2023\/01\/Cairo-Private-Tour-El-Gouna-e1673214053744.jpg?resize=400%2C400&ssl=1",400,400,true],"newspack-article-block-landscape-tiny":["https:\/\/i0.wp.com\/landioustravel.com\/wp-content\/uploads\/2023\/01\/Cairo-Private-Tour-El-Gouna-e1673214053744.jpg?resize=200%2C150&ssl=1",200,150,true],"newspack-article-block-portrait-tiny":["https:\/\/i0.wp.com\/landioustravel.com\/wp-content\/uploads\/2023\/01\/Cairo-Private-Tour-El-Gouna-e1673214053744.jpg?resize=150%2C200&ssl=1",150,200,true],"newspack-article-block-square-tiny":["https:\/\/i0.wp.com\/landioustravel.com\/wp-content\/uploads\/2023\/01\/Cairo-Private-Tour-El-Gouna-e1673214053744.jpg?resize=200%2C200&ssl=1",200,200,true],"newspack-article-block-uncropped":["https:\/\/i0.wp.com\/landioustravel.com\/wp-content\/uploads\/2023\/01\/Cairo-Private-Tour-El-Gouna-e1673214053744.jpg?fit=1200%2C674&ssl=1",1200,674,true],"woocommerce_thumbnail":["https:\/\/i0.wp.com\/landioustravel.com\/wp-content\/uploads\/2023\/01\/Cairo-Private-Tour-El-Gouna-e1673214053744.jpg?resize=324%2C324&ssl=1",324,324,true],"woocommerce_single":["https:\/\/i0.wp.com\/landioustravel.com\/wp-content\/uploads\/2023\/01\/Cairo-Private-Tour-El-Gouna-e1673214053744.jpg?fit=416%2C234&ssl=1",416,234,true],"woocommerce_gallery_thumbnail":["https:\/\/i0.wp.com\/landioustravel.com\/wp-content\/uploads\/2023\/01\/Cairo-Private-Tour-El-Gouna-e1673214053744.jpg?resize=100%2C100&ssl=1",100,100,true]},"uagb_author_info":{"display_name":"Mofreh Landious","author_link":"https:\/\/landioustravel.com\/de\/author\/"},"uagb_comment_info":0,"uagb_excerpt":"Erleben Sie die Wunder Kairos und seine reiche Geschichte auf einem Tagesausflug von El Gouna aus. Sehen Sie sich die majest\u00e4tischen Pyramiden von Gizeh und die ber\u00fchmte Gro\u00dfe Sphinx an, bevor Sie ein k\u00f6stliches Mittagessen genie\u00dfen. Anschlie\u00dfend tauchen Sie ein in die faszinierenden Ausstellungen des \u00c4gyptischen Museums. Als Bonus genie\u00dfen Sie auch eine entspannte Bootsfahrt&hellip;","jetpack_sharing_enabled":true,"jetpack_likes_enabled":true,"amp_enabled":true,"_links":{"self":[{"href":"https:\/\/landioustravel.com\/de\/wp-json\/wp\/v2\/product\/134721","targetHints":{"allow":["GET"]}}],"collection":[{"href":"https:\/\/landioustravel.com\/de\/wp-json\/wp\/v2\/product"}],"about":[{"href":"https:\/\/landioustravel.com\/de\/wp-json\/wp\/v2\/types\/product"}],"replies":[{"embeddable":true,"href":"https:\/\/landioustravel.com\/de\/wp-json\/wp\/v2\/comments?post=134721"}],"wp:featuredmedia":[{"embeddable":true,"href":"https:\/\/landioustravel.com\/de\/wp-json\/wp\/v2\/media\/134727"}],"wp:attachment":[{"href":"https:\/\/landioustravel.com\/de\/wp-json\/wp\/v2\/media?parent=134721"}],"wp:term":[{"taxonomy":"product_brand","embeddable":true,"href":"https:\/\/landioustravel.com\/de\/wp-json\/wp\/v2\/product_brand?post=134721"},{"taxonomy":"product_cat","embeddable":true,"href":"https:\/\/landioustravel.com\/de\/wp-json\/wp\/v2\/product_cat?post=134721"},{"taxonomy":"product_tag","embeddable":true,"href":"https:\/\/landioustravel.com\/de\/wp-json\/wp\/v2\/product_tag?post=134721"}],"curies":[{"name":"wp","href":"https:\/\/api.w.org\/{rel}","templated":true}]}}