{"id":134956,"date":"2023-01-06T02:00:18","date_gmt":"2023-01-25T18:08:20","guid":{"rendered":"https:\/\/landioustravel.com\/?post_type=product&#038;p=134956"},"modified":"2023-06-15T01:35:18","modified_gmt":"2023-06-14T23:35:18","slug":"memphis-sakkara-tour-von-gouna","status":"publish","type":"product","link":"https:\/\/landioustravel.com\/de\/shop\/memphis-sakkara-tour-von-gouna\/","title":{"rendered":"Memphis Sakkara Tour von El Gouna"},"content":{"rendered":"<p><strong>Memphis Saqqara Tour El Gouna<\/strong> ist ein wundersch\u00f6ner Tagesausflug zum Pyramidenkomplex in Gizeh, Sakkara und Memphis von El Gouna, \u00c4gypten! Wir empfehlen diesen Tagesausflug, weil er es Touristen erm\u00f6glicht, die beeindruckendsten Sehensw\u00fcrdigkeiten und Denkm\u00e4ler des alten \u00c4gypten zu sehen \u2013 die alten \u00e4gyptischen Pyramiden. Au\u00dferdem erfahren wir mehr \u00fcber die Geschichte des Landes.<\/p>\n<h2>H\u00f6hepunkte der Memphis-Sakkara-Tour ab El Gouna<\/h2>\n<ul>\n<li>Sehen Sie die drei Pyramiden in Gizeh,<\/li>\n<li>Der Taltempel (Mumifizierungstempel).<\/li>\n<li>Auch die Gro\u00dfe Sphinx befindet sich im Pyramidenkomplex.<\/li>\n<li>Besuchen Sie die Stufenpyramide des Djoser in der Nekropole von Sakkara.<\/li>\n<li>Mittagessen in einem Restaurant.<\/li>\n<li>Bewundern Sie au\u00dferdem die Statue von Ramses II in Memphis.<\/li>\n<\/ul>\n<h2>Ausflugsprogramm nach Gizeh-Sakkara-Memphis<\/h2>\n<ul>\n<li>Der Vertreter von Landious Travel holt Sie gegen 01:00 Uhr von Ihrem Hotel in El Gouna ab.<\/li>\n<li>Sobald wir jede Ecke ausgew\u00e4hlt haben, f\u00e4hrt Ihr privates Fahrzeug (Limousine oder Minibus) direkt nach Gizeh. Von Kairo nach Gizeh dauert der Weg etwa eine Stunde.<\/li>\n<\/ul>\n<h3>Programm in Gizeh<\/h3>\n<ul>\n<li>Sobald Sie in Gizeh ankommen, begeben Sie sich zum Pyramidenkomplex. In diesem Pyramidenkomplex befinden sich die gro\u00dfen drei Pyramiden von Gizeh \u2013 Cheops, Chephren und Mykerinus. Au\u00dferdem hat es die Gro\u00dfe Sphinx und den Taltempel. Zuerst besuchen Sie die drei Pyramiden. Und dann besuchen Sie die Gro\u00dfe Sphinx, die aus der Zeit von Chephren stammt. Abschlie\u00dfend besuchen Sie den Valley Temple. Ihr Reiseleiter zeigt sie und gibt Ihnen Zeit, ein Foto zu Ihrer Bequemlichkeit zu machen.<\/li>\n<\/ul>\n<h3>Programm in Sakkara<\/h3>\n<ul>\n<li>Weiter geht es nach Sakkara, nachdem Sie den Pyramidenkomplex in Gizeh besucht haben. In Sakkara k\u00f6nnen Sie die Stufenpyramide von K\u00f6nig Djoser sehen. Es ist die \u00e4lteste prim\u00e4re Steinstruktur der Welt aus der 3. Dynastie.<\/li>\n<li>Das Mittagessen kommt gleich nach diesem fantastischen Besuch der Nekropole von Sakkara.<\/li>\n<\/ul>\n<h3>Programm in Memphis<\/h3>\n<ul>\n<li>Danach fahren Sie in diese alte Stadt, die von K\u00f6nig Menes \u2013 Memphis \u2013 gegr\u00fcndet wurde. Es war die Hauptstadt von \u00c4gypten w\u00e4hrend des Alten Reiches. Au\u00dferdem blieb es \u00fcber 3000 Jahre lang das Zentrum von Herrschaft und Kultur. So sehen Sie in Memphis die einzigartige Statue von Ramses II und die Alabaster-Sphinx.<\/li>\n<\/ul>\n<h3>Abfahrt<\/h3>\n<ul>\n<li>Schlie\u00dflich kehren Sie nach einem solchen Programm in der sch\u00f6nen Stadt Gizeh zu Ihren Hotels zur\u00fcck.<\/li>\n<li>Diese Reise von El Gouna nach Memphis und Sakkara endet gegen 22:00 Uhr.<\/li>\n<\/ul>\n<h2>Was beinhaltet der Preis der Memphis &amp; Sakkara Reise nach El Gouna?<\/h2>\n<ul>\n<li>Eintrittskarten f\u00fcr Tempelbesuche.<\/li>\n<li>Getr\u00e4nke.<\/li>\n<li>Privater F\u00fchrer.<\/li>\n<li>Au\u00dferdem stellen wir Ihnen private klimatisierte Fahrzeuge zur Verf\u00fcgung.<\/li>\n<\/ul>\n<h2>Was beinhaltet das Programm von Memphis &amp; Sakkara El Gouna nicht?<\/h2>\n<ul>\n<li>Zus\u00e4tzliche Programme, falls nicht im obigen Programm enthalten.<\/li>\n<\/ul>\n<h2>Was Sie f\u00fcr die Reise mitnehmen sollten<\/h2>\n<ul>\n<li>Reisepass.<\/li>\n<li>Sonnenbrille.<\/li>\n<li>Nehmen Sie auch geeignete Kleidung f\u00fcr die Jahreszeit mit.<\/li>\n<\/ul>\n<h2>Buchungstage der Memphis Saqqara Tour El Gouna<\/h2>\n<ul>\n<li>T\u00e4glich von 01:00 \u2013 22:00 Uhr.<\/li>\n<\/ul>\n","protected":false},"excerpt":{"rendered":"<p>Begeben Sie sich mit der Gizeh-Pyramiden-Tour auf eine unvergessliche Reise und erleben Sie die Pracht des alten \u00c4gypten! An nur einem Tag besuchen Sie die Pyramiden von Cheops, Chephren und Mykerinus und bestaunen die Gro\u00dfe Sphinx, die aus der Zeit von Chephren stammt. Sie erkunden auch den Taltempel und entdecken die \u00e4lteste gro\u00dfe Steinstruktur der Welt, die Stufenpyramide von Djoser, die in der 3. Dynastie f\u00fcr K\u00f6nig Djoser erbaut wurde. Und das ist nicht alles! Au\u00dferdem genie\u00dfen Sie ein k\u00f6stliches Mittagessen in einem lokalen Restaurant. Aber das Abenteuer ist damit noch nicht zu Ende! Mit einem privaten Reiseleiter setzen Sie Ihre Erkundung der Sch\u00e4tze \u00c4gyptens fort, besuchen die jahrhundertealte Stufenpyramide des Djoser in Sakkara und erkunden die Ruinen des antiken Memphis, einschlie\u00dflich der gefallenen Statue von Ramses II. Diese personalisierte Tour erm\u00f6glicht es Ihnen, die Reiseroute an Ihre Interessen anzupassen und so ein Erlebnis zu gew\u00e4hrleisten, das Sie nie vergessen werden. Lassen Sie sich diese Gelegenheit nicht entgehen, einige der gr\u00f6\u00dften Antiquit\u00e4ten \u00c4gyptens zu entdecken! Snacks, Abholung und R\u00fccktransfer vom und zum Hotel sowie Mittagessen sind f\u00fcr Ihren Komfort und Ihre Bequemlichkeit im Preis inbegriffen.<\/p>\n","protected":false},"featured_media":134957,"comment_status":"open","ping_status":"closed","template":"","meta":{"_coblocks_attr":"","_coblocks_dimensions":"","_coblocks_responsive_height":"","_coblocks_accordion_ie_support":"","_uag_custom_page_level_css":"","jetpack_publicize_message":"","jetpack_publicize_feature_enabled":true,"jetpack_social_post_already_shared":true,"jetpack_social_options":{"image_generator_settings":{"template":"highway","default_image_id":0,"font":"","enabled":false},"version":2},"_wpas_customize_per_network":false},"product_brand":[],"product_cat":[20137,22038,22035,22041],"product_tag":[1653,9906,1843,1652,1654,1655],"class_list":{"0":"post-134956","1":"product","2":"type-product","3":"status-publish","4":"has-post-thumbnail","6":"product_cat-gouna-private-ausfluege","7":"product_cat-gouna-private-besichtigung-touren","8":"product_cat-gouna-private-tagestouren-kairo","9":"product_cat-gouna-private-touren-pyramiden","10":"product_tag-ausflug","11":"product_tag-besichtigung","12":"product_tag-el-gouna-de","13":"product_tag-kairo","14":"product_tag-pyramiden","15":"product_tag-sphinx-de","17":"first","18":"instock","19":"sale","20":"taxable","21":"shipping-taxable","22":"purchasable","23":"product-type-variable"},"yoast_head":"<!-- This site is optimized with the Yoast SEO Premium plugin v27.5 (Yoast SEO v27.5) - https:\/\/yoast.com\/product\/yoast-seo-premium-wordpress\/ -->\n<title>Memphis Sakkara Tour von El Gouna<\/title>\n<meta name=\"description\" content=\"Memphis Sakkara Tour von El Gouna ist ein wundersch\u00f6ner Tagesausflug zum Pyramidenkomplex in Gizeh, Sakkara und Memphis von El Gouna, \u00c4gypten! Wir empfehlen\" \/>\n<meta name=\"robots\" content=\"index, follow, max-snippet:-1, max-image-preview:large, max-video-preview:-1\" \/>\n<link rel=\"canonical\" href=\"https:\/\/landioustravel.com\/de\/shop\/memphis-sakkara-tour-von-gouna\/\" \/>\n<meta property=\"og:locale\" content=\"de_DE\" \/>\n<meta property=\"og:type\" content=\"article\" \/>\n<meta property=\"og:title\" content=\"Memphis Sakkara Tour von El Gouna\" \/>\n<meta property=\"og:description\" content=\"Landious Travel\" \/>\n<meta property=\"og:url\" content=\"https:\/\/landioustravel.com\/de\/shop\/memphis-sakkara-tour-von-gouna\/\" \/>\n<meta property=\"og:site_name\" content=\"Landious Travel\" \/>\n<meta property=\"article:publisher\" content=\"https:\/\/web.facebook.com\/landiousEgypt\" \/>\n<meta property=\"article:modified_time\" content=\"2023-06-14T23:35:18+00:00\" \/>\n<meta property=\"og:image\" content=\"https:\/\/i0.wp.com\/landioustravel.com\/wp-content\/uploads\/2023\/01\/Memphis-Saqqara-Tour-El-Gouna-e1672962820703.jpg?fit=1200%2C675&ssl=1\" \/>\n\t<meta property=\"og:image:width\" content=\"1200\" \/>\n\t<meta property=\"og:image:height\" content=\"675\" \/>\n\t<meta property=\"og:image:type\" content=\"image\/jpeg\" \/>\n<meta name=\"twitter:card\" content=\"summary_large_image\" \/>\n<meta name=\"twitter:site\" content=\"@LandiousTours\" \/>\n<meta name=\"twitter:label1\" content=\"Gesch\u00e4tzte Lesezeit\" \/>\n\t<meta name=\"twitter:data1\" content=\"2\u00a0Minuten\" \/>\n<script type=\"application\/ld+json\" class=\"yoast-schema-graph\">{\"@context\":\"https:\\\/\\\/schema.org\",\"@graph\":[{\"@type\":\"WebPage\",\"@id\":\"https:\\\/\\\/landioustravel.com\\\/de\\\/shop\\\/memphis-sakkara-tour-von-gouna\\\/\",\"url\":\"https:\\\/\\\/landioustravel.com\\\/de\\\/shop\\\/memphis-sakkara-tour-von-gouna\\\/\",\"name\":\"Memphis Sakkara Tour von El Gouna\",\"isPartOf\":{\"@id\":\"https:\\\/\\\/landioustravel.com\\\/de\\\/#website\"},\"primaryImageOfPage\":{\"@id\":\"https:\\\/\\\/landioustravel.com\\\/de\\\/shop\\\/memphis-sakkara-tour-von-gouna\\\/#primaryimage\"},\"image\":{\"@id\":\"https:\\\/\\\/landioustravel.com\\\/de\\\/shop\\\/memphis-sakkara-tour-von-gouna\\\/#primaryimage\"},\"thumbnailUrl\":\"https:\\\/\\\/i0.wp.com\\\/landioustravel.com\\\/wp-content\\\/uploads\\\/2023\\\/01\\\/Memphis-Saqqara-Tour-El-Gouna-e1672962820703.jpg?fit=1200%2C675&ssl=1\",\"datePublished\":\"2023-01-25T18:08:20+00:00\",\"dateModified\":\"2023-06-14T23:35:18+00:00\",\"description\":\"Memphis Sakkara Tour von El Gouna ist ein wundersch\u00f6ner Tagesausflug zum Pyramidenkomplex in Gizeh, Sakkara und Memphis von El Gouna, \u00c4gypten! Wir empfehlen\",\"breadcrumb\":{\"@id\":\"https:\\\/\\\/landioustravel.com\\\/de\\\/shop\\\/memphis-sakkara-tour-von-gouna\\\/#breadcrumb\"},\"inLanguage\":\"de\",\"potentialAction\":[{\"@type\":\"ReadAction\",\"target\":[\"https:\\\/\\\/landioustravel.com\\\/de\\\/shop\\\/memphis-sakkara-tour-von-gouna\\\/\"]}]},{\"@type\":\"ImageObject\",\"inLanguage\":\"de\",\"@id\":\"https:\\\/\\\/landioustravel.com\\\/de\\\/shop\\\/memphis-sakkara-tour-von-gouna\\\/#primaryimage\",\"url\":\"https:\\\/\\\/i0.wp.com\\\/landioustravel.com\\\/wp-content\\\/uploads\\\/2023\\\/01\\\/Memphis-Saqqara-Tour-El-Gouna-e1672962820703.jpg?fit=1200%2C675&ssl=1\",\"contentUrl\":\"https:\\\/\\\/i0.wp.com\\\/landioustravel.com\\\/wp-content\\\/uploads\\\/2023\\\/01\\\/Memphis-Saqqara-Tour-El-Gouna-e1672962820703.jpg?fit=1200%2C675&ssl=1\",\"width\":1200,\"height\":675,\"caption\":\"Memphis Saqqara Tour El Gouna\"},{\"@type\":\"BreadcrumbList\",\"@id\":\"https:\\\/\\\/landioustravel.com\\\/de\\\/shop\\\/memphis-sakkara-tour-von-gouna\\\/#breadcrumb\",\"itemListElement\":[{\"@type\":\"ListItem\",\"position\":1,\"name\":\"Home\",\"item\":\"https:\\\/\\\/landioustravel.com\\\/de\\\/\"},{\"@type\":\"ListItem\",\"position\":2,\"name\":\"\u00c4gypten Touren\",\"item\":\"https:\\\/\\\/landioustravel.com\\\/de\\\/\"},{\"@type\":\"ListItem\",\"position\":3,\"name\":\"Memphis Sakkara Tour von El Gouna\"}]},{\"@type\":\"WebSite\",\"@id\":\"https:\\\/\\\/landioustravel.com\\\/de\\\/#website\",\"url\":\"https:\\\/\\\/landioustravel.com\\\/de\\\/\",\"name\":\"Landious Travel\",\"description\":\"Excursions, trips and cruises in Egypt\",\"publisher\":{\"@id\":\"https:\\\/\\\/landioustravel.com\\\/de\\\/#organization\"},\"potentialAction\":[{\"@type\":\"SearchAction\",\"target\":{\"@type\":\"EntryPoint\",\"urlTemplate\":\"https:\\\/\\\/landioustravel.com\\\/de\\\/?s={search_term_string}\"},\"query-input\":{\"@type\":\"PropertyValueSpecification\",\"valueRequired\":true,\"valueName\":\"search_term_string\"}}],\"inLanguage\":\"de\"},{\"@type\":[\"Organization\",\"Place\"],\"@id\":\"https:\\\/\\\/landioustravel.com\\\/de\\\/#organization\",\"name\":\"Landious Travel\",\"alternateName\":\"Landious Travel\",\"url\":\"https:\\\/\\\/landioustravel.com\\\/de\\\/\",\"logo\":{\"@id\":\"https:\\\/\\\/landioustravel.com\\\/de\\\/shop\\\/memphis-sakkara-tour-von-gouna\\\/#local-main-organization-logo\"},\"image\":{\"@id\":\"https:\\\/\\\/landioustravel.com\\\/de\\\/shop\\\/memphis-sakkara-tour-von-gouna\\\/#local-main-organization-logo\"},\"sameAs\":[\"https:\\\/\\\/web.facebook.com\\\/landiousEgypt\",\"https:\\\/\\\/x.com\\\/LandiousTours\",\"https:\\\/\\\/mastodon.social\\\/@landious\"],\"legalName\":\"Landious Travel\",\"telephone\":[],\"openingHoursSpecification\":[{\"@type\":\"OpeningHoursSpecification\",\"dayOfWeek\":[\"Monday\",\"Tuesday\",\"Wednesday\",\"Thursday\",\"Friday\",\"Saturday\",\"Sunday\"],\"opens\":\"09:00\",\"closes\":\"17:00\"}]},{\"@type\":\"ImageObject\",\"inLanguage\":\"de\",\"@id\":\"https:\\\/\\\/landioustravel.com\\\/de\\\/shop\\\/memphis-sakkara-tour-von-gouna\\\/#local-main-organization-logo\",\"url\":\"https:\\\/\\\/i0.wp.com\\\/landioustravel.com\\\/wp-content\\\/uploads\\\/2021\\\/06\\\/Landious-T.png?fit=500%2C500&ssl=1\",\"contentUrl\":\"https:\\\/\\\/i0.wp.com\\\/landioustravel.com\\\/wp-content\\\/uploads\\\/2021\\\/06\\\/Landious-T.png?fit=500%2C500&ssl=1\",\"width\":500,\"height\":500,\"caption\":\"Landious Travel\"}]}<\/script>\n<!-- \/ Yoast SEO Premium plugin. -->","yoast_head_json":{"title":"Memphis Sakkara Tour von El Gouna","description":"Memphis Sakkara Tour von El Gouna ist ein wundersch\u00f6ner Tagesausflug zum Pyramidenkomplex in Gizeh, Sakkara und Memphis von El Gouna, \u00c4gypten! Wir empfehlen","robots":{"index":"index","follow":"follow","max-snippet":"max-snippet:-1","max-image-preview":"max-image-preview:large","max-video-preview":"max-video-preview:-1"},"canonical":"https:\/\/landioustravel.com\/de\/shop\/memphis-sakkara-tour-von-gouna\/","og_locale":"de_DE","og_type":"article","og_title":"Memphis Sakkara Tour von El Gouna","og_description":"Landious Travel","og_url":"https:\/\/landioustravel.com\/de\/shop\/memphis-sakkara-tour-von-gouna\/","og_site_name":"Landious Travel","article_publisher":"https:\/\/web.facebook.com\/landiousEgypt","article_modified_time":"2023-06-14T23:35:18+00:00","og_image":[{"width":1200,"height":675,"url":"https:\/\/i0.wp.com\/landioustravel.com\/wp-content\/uploads\/2023\/01\/Memphis-Saqqara-Tour-El-Gouna-e1672962820703.jpg?fit=1200%2C675&ssl=1","type":"image\/jpeg"}],"twitter_card":"summary_large_image","twitter_site":"@LandiousTours","twitter_misc":{"Gesch\u00e4tzte Lesezeit":"2\u00a0Minuten"},"schema":{"@context":"https:\/\/schema.org","@graph":[{"@type":"WebPage","@id":"https:\/\/landioustravel.com\/de\/shop\/memphis-sakkara-tour-von-gouna\/","url":"https:\/\/landioustravel.com\/de\/shop\/memphis-sakkara-tour-von-gouna\/","name":"Memphis Sakkara Tour von El Gouna","isPartOf":{"@id":"https:\/\/landioustravel.com\/de\/#website"},"primaryImageOfPage":{"@id":"https:\/\/landioustravel.com\/de\/shop\/memphis-sakkara-tour-von-gouna\/#primaryimage"},"image":{"@id":"https:\/\/landioustravel.com\/de\/shop\/memphis-sakkara-tour-von-gouna\/#primaryimage"},"thumbnailUrl":"https:\/\/i0.wp.com\/landioustravel.com\/wp-content\/uploads\/2023\/01\/Memphis-Saqqara-Tour-El-Gouna-e1672962820703.jpg?fit=1200%2C675&ssl=1","datePublished":"2023-01-25T18:08:20+00:00","dateModified":"2023-06-14T23:35:18+00:00","description":"Memphis Sakkara Tour von El Gouna ist ein wundersch\u00f6ner Tagesausflug zum Pyramidenkomplex in Gizeh, Sakkara und Memphis von El Gouna, \u00c4gypten! Wir empfehlen","breadcrumb":{"@id":"https:\/\/landioustravel.com\/de\/shop\/memphis-sakkara-tour-von-gouna\/#breadcrumb"},"inLanguage":"de","potentialAction":[{"@type":"ReadAction","target":["https:\/\/landioustravel.com\/de\/shop\/memphis-sakkara-tour-von-gouna\/"]}]},{"@type":"ImageObject","inLanguage":"de","@id":"https:\/\/landioustravel.com\/de\/shop\/memphis-sakkara-tour-von-gouna\/#primaryimage","url":"https:\/\/i0.wp.com\/landioustravel.com\/wp-content\/uploads\/2023\/01\/Memphis-Saqqara-Tour-El-Gouna-e1672962820703.jpg?fit=1200%2C675&ssl=1","contentUrl":"https:\/\/i0.wp.com\/landioustravel.com\/wp-content\/uploads\/2023\/01\/Memphis-Saqqara-Tour-El-Gouna-e1672962820703.jpg?fit=1200%2C675&ssl=1","width":1200,"height":675,"caption":"Memphis Saqqara Tour El Gouna"},{"@type":"BreadcrumbList","@id":"https:\/\/landioustravel.com\/de\/shop\/memphis-sakkara-tour-von-gouna\/#breadcrumb","itemListElement":[{"@type":"ListItem","position":1,"name":"Home","item":"https:\/\/landioustravel.com\/de\/"},{"@type":"ListItem","position":2,"name":"\u00c4gypten Touren","item":"https:\/\/landioustravel.com\/de\/"},{"@type":"ListItem","position":3,"name":"Memphis Sakkara Tour von El Gouna"}]},{"@type":"WebSite","@id":"https:\/\/landioustravel.com\/de\/#website","url":"https:\/\/landioustravel.com\/de\/","name":"Landious Travel","description":"Excursions, trips and cruises in Egypt","publisher":{"@id":"https:\/\/landioustravel.com\/de\/#organization"},"potentialAction":[{"@type":"SearchAction","target":{"@type":"EntryPoint","urlTemplate":"https:\/\/landioustravel.com\/de\/?s={search_term_string}"},"query-input":{"@type":"PropertyValueSpecification","valueRequired":true,"valueName":"search_term_string"}}],"inLanguage":"de"},{"@type":["Organization","Place"],"@id":"https:\/\/landioustravel.com\/de\/#organization","name":"Landious Travel","alternateName":"Landious Travel","url":"https:\/\/landioustravel.com\/de\/","logo":{"@id":"https:\/\/landioustravel.com\/de\/shop\/memphis-sakkara-tour-von-gouna\/#local-main-organization-logo"},"image":{"@id":"https:\/\/landioustravel.com\/de\/shop\/memphis-sakkara-tour-von-gouna\/#local-main-organization-logo"},"sameAs":["https:\/\/web.facebook.com\/landiousEgypt","https:\/\/x.com\/LandiousTours","https:\/\/mastodon.social\/@landious"],"legalName":"Landious Travel","telephone":[],"openingHoursSpecification":[{"@type":"OpeningHoursSpecification","dayOfWeek":["Monday","Tuesday","Wednesday","Thursday","Friday","Saturday","Sunday"],"opens":"09:00","closes":"17:00"}]},{"@type":"ImageObject","inLanguage":"de","@id":"https:\/\/landioustravel.com\/de\/shop\/memphis-sakkara-tour-von-gouna\/#local-main-organization-logo","url":"https:\/\/i0.wp.com\/landioustravel.com\/wp-content\/uploads\/2021\/06\/Landious-T.png?fit=500%2C500&ssl=1","contentUrl":"https:\/\/i0.wp.com\/landioustravel.com\/wp-content\/uploads\/2021\/06\/Landious-T.png?fit=500%2C500&ssl=1","width":500,"height":500,"caption":"Landious Travel"}]}},"jetpack_publicize_connections":[],"uagb_featured_image_src":{"full":["https:\/\/i0.wp.com\/landioustravel.com\/wp-content\/uploads\/2023\/01\/Memphis-Saqqara-Tour-El-Gouna-e1672962820703.jpg?fit=1200%2C675&ssl=1",1200,675,false],"thumbnail":["https:\/\/i0.wp.com\/landioustravel.com\/wp-content\/uploads\/2023\/01\/Memphis-Saqqara-Tour-El-Gouna-e1672962820703.jpg?resize=150%2C150&ssl=1",150,150,true],"medium":["https:\/\/i0.wp.com\/landioustravel.com\/wp-content\/uploads\/2023\/01\/Memphis-Saqqara-Tour-El-Gouna-e1672962820703.jpg?fit=300%2C169&ssl=1",300,169,true],"medium_large":["https:\/\/i0.wp.com\/landioustravel.com\/wp-content\/uploads\/2023\/01\/Memphis-Saqqara-Tour-El-Gouna-e1672962820703.jpg?fit=768%2C432&ssl=1",768,432,true],"large":["https:\/\/i0.wp.com\/landioustravel.com\/wp-content\/uploads\/2023\/01\/Memphis-Saqqara-Tour-El-Gouna-e1672962820703.jpg?fit=980%2C551&ssl=1",980,551,true],"1536x1536":["https:\/\/i0.wp.com\/landioustravel.com\/wp-content\/uploads\/2023\/01\/Memphis-Saqqara-Tour-El-Gouna-e1672962820703.jpg?fit=1200%2C675&ssl=1",1200,675,true],"2048x2048":["https:\/\/i0.wp.com\/landioustravel.com\/wp-content\/uploads\/2023\/01\/Memphis-Saqqara-Tour-El-Gouna-e1672962820703.jpg?fit=1200%2C675&ssl=1",1200,675,true],"newspack-article-block-landscape-large":["https:\/\/i0.wp.com\/landioustravel.com\/wp-content\/uploads\/2023\/01\/Memphis-Saqqara-Tour-El-Gouna-e1672962820703.jpg?resize=1200%2C675&ssl=1",1200,675,true],"newspack-article-block-portrait-large":["https:\/\/i0.wp.com\/landioustravel.com\/wp-content\/uploads\/2023\/01\/Memphis-Saqqara-Tour-El-Gouna-e1672962820703.jpg?resize=900%2C675&ssl=1",900,675,true],"newspack-article-block-square-large":["https:\/\/i0.wp.com\/landioustravel.com\/wp-content\/uploads\/2023\/01\/Memphis-Saqqara-Tour-El-Gouna-e1672962820703.jpg?resize=1200%2C675&ssl=1",1200,675,true],"newspack-article-block-landscape-medium":["https:\/\/i0.wp.com\/landioustravel.com\/wp-content\/uploads\/2023\/01\/Memphis-Saqqara-Tour-El-Gouna-e1672962820703.jpg?resize=800%2C600&ssl=1",800,600,true],"newspack-article-block-portrait-medium":["https:\/\/i0.wp.com\/landioustravel.com\/wp-content\/uploads\/2023\/01\/Memphis-Saqqara-Tour-El-Gouna-e1672962820703.jpg?resize=600%2C675&ssl=1",600,675,true],"newspack-article-block-square-medium":["https:\/\/i0.wp.com\/landioustravel.com\/wp-content\/uploads\/2023\/01\/Memphis-Saqqara-Tour-El-Gouna-e1672962820703.jpg?resize=800%2C675&ssl=1",800,675,true],"newspack-article-block-landscape-intermediate":["https:\/\/i0.wp.com\/landioustravel.com\/wp-content\/uploads\/2023\/01\/Memphis-Saqqara-Tour-El-Gouna-e1672962820703.jpg?resize=600%2C450&ssl=1",600,450,true],"newspack-article-block-portrait-intermediate":["https:\/\/i0.wp.com\/landioustravel.com\/wp-content\/uploads\/2023\/01\/Memphis-Saqqara-Tour-El-Gouna-e1672962820703.jpg?resize=450%2C600&ssl=1",450,600,true],"newspack-article-block-square-intermediate":["https:\/\/i0.wp.com\/landioustravel.com\/wp-content\/uploads\/2023\/01\/Memphis-Saqqara-Tour-El-Gouna-e1672962820703.jpg?resize=600%2C600&ssl=1",600,600,true],"newspack-article-block-landscape-small":["https:\/\/i0.wp.com\/landioustravel.com\/wp-content\/uploads\/2023\/01\/Memphis-Saqqara-Tour-El-Gouna-e1672962820703.jpg?resize=400%2C300&ssl=1",400,300,true],"newspack-article-block-portrait-small":["https:\/\/i0.wp.com\/landioustravel.com\/wp-content\/uploads\/2023\/01\/Memphis-Saqqara-Tour-El-Gouna-e1672962820703.jpg?resize=300%2C400&ssl=1",300,400,true],"newspack-article-block-square-small":["https:\/\/i0.wp.com\/landioustravel.com\/wp-content\/uploads\/2023\/01\/Memphis-Saqqara-Tour-El-Gouna-e1672962820703.jpg?resize=400%2C400&ssl=1",400,400,true],"newspack-article-block-landscape-tiny":["https:\/\/i0.wp.com\/landioustravel.com\/wp-content\/uploads\/2023\/01\/Memphis-Saqqara-Tour-El-Gouna-e1672962820703.jpg?resize=200%2C150&ssl=1",200,150,true],"newspack-article-block-portrait-tiny":["https:\/\/i0.wp.com\/landioustravel.com\/wp-content\/uploads\/2023\/01\/Memphis-Saqqara-Tour-El-Gouna-e1672962820703.jpg?resize=150%2C200&ssl=1",150,200,true],"newspack-article-block-square-tiny":["https:\/\/i0.wp.com\/landioustravel.com\/wp-content\/uploads\/2023\/01\/Memphis-Saqqara-Tour-El-Gouna-e1672962820703.jpg?resize=200%2C200&ssl=1",200,200,true],"newspack-article-block-uncropped":["https:\/\/i0.wp.com\/landioustravel.com\/wp-content\/uploads\/2023\/01\/Memphis-Saqqara-Tour-El-Gouna-e1672962820703.jpg?fit=1200%2C675&ssl=1",1200,675,true],"woocommerce_thumbnail":["https:\/\/i0.wp.com\/landioustravel.com\/wp-content\/uploads\/2023\/01\/Memphis-Saqqara-Tour-El-Gouna-e1672962820703.jpg?resize=324%2C324&ssl=1",324,324,true],"woocommerce_single":["https:\/\/i0.wp.com\/landioustravel.com\/wp-content\/uploads\/2023\/01\/Memphis-Saqqara-Tour-El-Gouna-e1672962820703.jpg?fit=416%2C234&ssl=1",416,234,true],"woocommerce_gallery_thumbnail":["https:\/\/i0.wp.com\/landioustravel.com\/wp-content\/uploads\/2023\/01\/Memphis-Saqqara-Tour-El-Gouna-e1672962820703.jpg?resize=100%2C100&ssl=1",100,100,true]},"uagb_author_info":{"display_name":"Mofreh Landious","author_link":"https:\/\/landioustravel.com\/de\/author\/"},"uagb_comment_info":0,"uagb_excerpt":"Begeben Sie sich mit der Gizeh-Pyramiden-Tour auf eine unvergessliche Reise und erleben Sie die Pracht des alten \u00c4gypten! An nur einem Tag besuchen Sie die Pyramiden von Cheops, Chephren und Mykerinus und bestaunen die Gro\u00dfe Sphinx, die aus der Zeit von Chephren stammt. Sie erkunden auch den Taltempel und entdecken die \u00e4lteste gro\u00dfe Steinstruktur der&hellip;","jetpack_sharing_enabled":true,"jetpack_likes_enabled":true,"amp_enabled":true,"_links":{"self":[{"href":"https:\/\/landioustravel.com\/de\/wp-json\/wp\/v2\/product\/134956","targetHints":{"allow":["GET"]}}],"collection":[{"href":"https:\/\/landioustravel.com\/de\/wp-json\/wp\/v2\/product"}],"about":[{"href":"https:\/\/landioustravel.com\/de\/wp-json\/wp\/v2\/types\/product"}],"replies":[{"embeddable":true,"href":"https:\/\/landioustravel.com\/de\/wp-json\/wp\/v2\/comments?post=134956"}],"wp:featuredmedia":[{"embeddable":true,"href":"https:\/\/landioustravel.com\/de\/wp-json\/wp\/v2\/media\/134957"}],"wp:attachment":[{"href":"https:\/\/landioustravel.com\/de\/wp-json\/wp\/v2\/media?parent=134956"}],"wp:term":[{"taxonomy":"product_brand","embeddable":true,"href":"https:\/\/landioustravel.com\/de\/wp-json\/wp\/v2\/product_brand?post=134956"},{"taxonomy":"product_cat","embeddable":true,"href":"https:\/\/landioustravel.com\/de\/wp-json\/wp\/v2\/product_cat?post=134956"},{"taxonomy":"product_tag","embeddable":true,"href":"https:\/\/landioustravel.com\/de\/wp-json\/wp\/v2\/product_tag?post=134956"}],"curies":[{"name":"wp","href":"https:\/\/api.w.org\/{rel}","templated":true}]}}