{"id":134970,"date":"2023-01-06T00:13:17","date_gmt":"2023-01-26T08:28:52","guid":{"rendered":"https:\/\/landioustravel.com\/?post_type=product&#038;p=134970"},"modified":"2024-02-29T10:21:30","modified_gmt":"2024-02-29T08:21:30","slug":"hurghada-private-quadfaren-gouna","status":"publish","type":"product","link":"https:\/\/landioustravel.com\/de\/shop\/hurghada-private-quadfaren-gouna\/","title":{"rendered":"Hurghada Private Quadfaren El Gouna"},"content":{"rendered":"<p>Zweifellos ist Quadfahren die beliebteste Safari-Aktivit\u00e4t in Hurghada! <strong>Hurghada Private Quadfaren El Gouna<\/strong> ist eine sehr aktive private Reise zum Quadfahren von El Gouna, \u00c4gypten! Wir empfehlen den Ausflug, weil er es den Touristen erm\u00f6glicht, eine gute Zeit zu haben. Es wird es erm\u00f6glichen, mit Quads lange Strecken in der W\u00fcste zu fahren \u2013 50 km. Au\u00dferdem k\u00f6nnen Sie die W\u00fcste in Hurghada entdecken und sich mit der Kultur der Beduinen vertraut machen. Es ist eine sch\u00f6ne Erfahrung f\u00fcr eine dreist\u00fcndige Moto-Safari in Hurghada!<\/p>\n<h2>H\u00f6hepunkte beim individuellen Quadfahren in Hurghada<\/h2>\n<ul>\n<li>Quadfahren f\u00fcr eine Strecke von 50 km in der W\u00fcste.<\/li>\n<li>Kamelreiten in der W\u00fcste.<\/li>\n<li>Trinken Sie auch Tee im Beduinenzelt.<\/li>\n<\/ul>\n<h2>Programm von Hurghada Private Quadfahren El Gouna<\/h2>\n<ul>\n<li>Der Vertreter von Landious Travel holt Sie gegen 08:00 Uhr von den Hotels in El Gouna ab.<\/li>\n<li>Nachdem wir alle Ank\u00f6mmlinge abgeholt haben, f\u00e4hrt unser Minibus\/Jeep zu einer Quad-Basis in Richtung W\u00fcste. Der Weg zur Quadstation dauert ca. 30 Minuten.<\/li>\n<li>Zu Beginn des individuellen Quadfahrens m\u00fcssen Sie sich mit Kopftuch, Helm und Sonnenbrille vorbereiten.<\/li>\n<li>Dann gibt es noch ein bisschen Unterricht und Training.<\/li>\n<li>Als n\u00e4chstes fahren Sie 25 km durch die W\u00fcste zum Beduinendorf.<\/li>\n<li>Sobald Sie im Beduinendorf ankommen, reiten Sie auf einem Kamel und machen Fotos mit den Beduinen.<\/li>\n<li>Nach dem Kamelreiten begleitet Sie der Guide zum Beduinenzelt. Dort trinkt man Tee und stellt die Leitfragen, die man beantworten muss.<\/li>\n<li>Noch einmal machen Sie sich bereit, 25 km zur\u00fcck zur Basis zu fahren. Diese Fahrt auf einer Quad-Safari dauert in der Regel drei Stunden.<\/li>\n<li>Eine Bild- und DVD-Einweisung beginnt, sobald Sie Ihr Abenteuer und Ihre vergn\u00fcgliche Aktivit\u00e4t beendet haben. Am Ende der Fahrt bietet Ihnen Ihr Trainer einige Fotos an, um diese sch\u00f6nen Momente in Erinnerung zu behalten \u2013 diese Bilder erhalten Sie anschlie\u00dfend gegen Aufpreis. Das DVD-Briefing dauert 30 Minuten. Der Preis variiert je nach Gr\u00f6\u00dfe. Es wird etwas Optionales sein.<\/li>\n<li>Schlie\u00dflich bringen wir Sie zur\u00fcck zu Ihrem Hotel.<\/li>\n<li>Dieses \u201eHurghada Individual Quadfahren von El Gouna\u201c endet gegen Mittag.<\/li>\n<li>Was beinhaltet der Preis f\u00fcr Individual Quadfahren El Gouna?<\/li>\n<li>Transfer in die W\u00fcste und zur\u00fcck zum Hotel.<\/li>\n<\/ul>\n<h2>Was beinhaltet das Private Quadfahren El Gouna Programm nicht?<\/h2>\n<ul>\n<li>Video-DVD.<\/li>\n<li>Auch die Foto-CD.<\/li>\n<\/ul>\n<h2>Was sollte man f\u00fcr die dreist\u00fcndige Moto-Safari-Reise mitnehmen?<\/h2>\n<ul>\n<li>Schal.<\/li>\n<li>Auch Sonnenbrillen.<\/li>\n<\/ul>\n<h2>Buchungstage von Hurghada Private Quadfahren El Gouna<\/h2>\n<ul>\n<li>T\u00e4glich von 08:00 \u2013 12:00 Uhr.<\/li>\n<\/ul>\n","protected":false},"excerpt":{"rendered":"<p>Die W\u00fcstensafari-Reise \u201eIndividuelles Quadfahren f\u00fcr drei Stunden ab El Gouna\u201c ist ein absolutes Muss f\u00fcr alle, die ein Abenteuer in der \u00e4gyptischen W\u00fcste suchen. Mit einer Strecke von 50 km, die mit Quads zur\u00fcckgelegt werden muss, und der M\u00f6glichkeit, auf Kamelen zu reiten, ist diese Reise eine gro\u00dfartige Gelegenheit, die nat\u00fcrliche Sch\u00f6nheit der W\u00fcste kennenzulernen und sogar die Beduinen zu treffen, die sie als Heimat bezeichnen. Der beste Teil? Der Reisepreis beinhaltet den Transfer, sodass es ein stressfreies Erlebnis ist.<\/p>\n<p>Die H\u00f6hepunkte dieser Tour sind erstaunlich. Machen Sie sich bereit f\u00fcr eine aufregende Fahrt mit dem Quad, erkunden Sie die herrliche W\u00fcste und besuchen Sie ein traditionelles Beduinendorf. W\u00e4hrend der 3-st\u00fcndigen Tour k\u00f6nnen Sie atemberaubende Ausblicke auf die \u00e4gyptische W\u00fcste genie\u00dfen und sogar eine entspannende Pause einlegen, um unvergessliche Fotos von der Quad-Tour zu machen.<\/p>\n<p>Die erste Station dieses Abenteuers ist die Quad-Station, wo Sie die M\u00f6glichkeit haben, eine Probefahrt zu machen und alle wichtigen Details des Quads zu erfahren, bevor Sie mit der Tour beginnen. Sobald Sie bereit sind, machen Sie sich bereit, die Sandd\u00fcnen zu erobern und das Adrenalin durch Ihren K\u00f6rper zu sp\u00fcren. Die Sch\u00f6nheit der W\u00fcste wird an Ihnen vorbeiziehen und Sie von ihrer Gro\u00dfartigkeit in Staunen und Ehrfurcht versetzen.<\/p>\n<p>Nach etwa einer Stunde Fahrt haben Sie die M\u00f6glichkeit, das charmante Beduinendorf zu erkunden. Hier k\u00f6nnen Sie entspannen, Beduinentee trinken und mehr \u00fcber ihre Lebensweise und Traditionen in der W\u00fcste Hurghada erfahren. Vergessen Sie nicht, einen Ausritt auf dem Kamel zu machen und Zeuge ihrer erstaunlichen Anpassung an die raue W\u00fcstenumgebung zu werden.<\/p>\n<p>Schlie\u00dflich geht es durch die Sandd\u00fcnen und die W\u00fcste zur\u00fcck zum Ausgangspunkt der W\u00fcstensafari El Gouna, wo Sie an Ihrem Hotel in El Gouna abgesetzt werden. Dieses Top-Quad-W\u00fcstenabenteuer sollten Sie sich nicht entgehen lassen. Erleben Sie den Nervenkitzel des Quadfahrens in der \u00e4gyptischen W\u00fcste und tauchen Sie ein in die Kultur der Beduinen.<\/p>\n","protected":false},"featured_media":134230,"comment_status":"open","ping_status":"closed","template":"","meta":{"_coblocks_attr":"","_coblocks_dimensions":"","_coblocks_responsive_height":"","_coblocks_accordion_ie_support":"","_uag_custom_page_level_css":"","jetpack_publicize_message":"","jetpack_publicize_feature_enabled":true,"jetpack_social_post_already_shared":true,"jetpack_social_options":{"image_generator_settings":{"template":"highway","default_image_id":0,"font":"","enabled":false},"version":2},"_wpas_customize_per_network":false},"product_brand":[],"product_cat":[20137,22036,22160],"product_tag":[1653,1843,2180,2177,2113],"class_list":{"0":"post-134970","1":"product","2":"type-product","3":"status-publish","4":"has-post-thumbnail","6":"product_cat-gouna-private-ausfluege","7":"product_cat-gouna-private-safari-touren","8":"product_cat-hurghada-quad-touren","9":"product_tag-ausflug","10":"product_tag-el-gouna-de","11":"product_tag-quadfahren","12":"product_tag-safari-de","13":"product_tag-wustensafari","15":"first","16":"instock","17":"sale","18":"taxable","19":"shipping-taxable","20":"purchasable","21":"product-type-variable"},"yoast_head":"<!-- This site is optimized with the Yoast SEO Premium plugin v27.5 (Yoast SEO v27.5) - https:\/\/yoast.com\/product\/yoast-seo-premium-wordpress\/ -->\n<title>Hurghada Private Quadfaren El Gouna<\/title>\n<meta name=\"description\" content=\"Hurghada Private Quadfaren El Gouna ist eine sehr aktive private Reise zum Quadfahren von El Gouna, \u00c4gypten! Wir empfehlen den Ausflug, weil er es den\" \/>\n<meta name=\"robots\" content=\"index, follow, max-snippet:-1, max-image-preview:large, max-video-preview:-1\" \/>\n<link rel=\"canonical\" href=\"https:\/\/landioustravel.com\/de\/shop\/hurghada-private-quadfaren-gouna\/\" \/>\n<meta property=\"og:locale\" content=\"de_DE\" \/>\n<meta property=\"og:type\" content=\"article\" \/>\n<meta property=\"og:title\" content=\"Hurghada Private Quadfaren El Gouna\" \/>\n<meta property=\"og:description\" content=\"Landious Travel\" \/>\n<meta property=\"og:url\" content=\"https:\/\/landioustravel.com\/de\/shop\/hurghada-private-quadfaren-gouna\/\" \/>\n<meta property=\"og:site_name\" content=\"Landious Travel\" \/>\n<meta property=\"article:publisher\" content=\"https:\/\/web.facebook.com\/landiousEgypt\" \/>\n<meta property=\"article:modified_time\" content=\"2024-02-29T08:21:30+00:00\" \/>\n<meta property=\"og:image\" content=\"https:\/\/i0.wp.com\/landioustravel.com\/wp-content\/uploads\/2023\/01\/Hurghada-Private-Quad-Biking-El-Gouna-e1672956681800.jpg?fit=1200%2C675&ssl=1\" \/>\n\t<meta property=\"og:image:width\" content=\"1200\" \/>\n\t<meta property=\"og:image:height\" content=\"675\" \/>\n\t<meta property=\"og:image:type\" content=\"image\/jpeg\" \/>\n<meta name=\"twitter:card\" content=\"summary_large_image\" \/>\n<meta name=\"twitter:site\" content=\"@LandiousTours\" \/>\n<meta name=\"twitter:label1\" content=\"Gesch\u00e4tzte Lesezeit\" \/>\n\t<meta name=\"twitter:data1\" content=\"2\u00a0Minuten\" \/>\n<script type=\"application\/ld+json\" class=\"yoast-schema-graph\">{\"@context\":\"https:\\\/\\\/schema.org\",\"@graph\":[{\"@type\":\"WebPage\",\"@id\":\"https:\\\/\\\/landioustravel.com\\\/de\\\/shop\\\/hurghada-private-quadfaren-gouna\\\/\",\"url\":\"https:\\\/\\\/landioustravel.com\\\/de\\\/shop\\\/hurghada-private-quadfaren-gouna\\\/\",\"name\":\"Hurghada Private Quadfaren El Gouna\",\"isPartOf\":{\"@id\":\"https:\\\/\\\/landioustravel.com\\\/de\\\/#website\"},\"primaryImageOfPage\":{\"@id\":\"https:\\\/\\\/landioustravel.com\\\/de\\\/shop\\\/hurghada-private-quadfaren-gouna\\\/#primaryimage\"},\"image\":{\"@id\":\"https:\\\/\\\/landioustravel.com\\\/de\\\/shop\\\/hurghada-private-quadfaren-gouna\\\/#primaryimage\"},\"thumbnailUrl\":\"https:\\\/\\\/i0.wp.com\\\/landioustravel.com\\\/wp-content\\\/uploads\\\/2023\\\/01\\\/Hurghada-Private-Quad-Biking-El-Gouna-e1672956681800.jpg?fit=1200%2C675&ssl=1\",\"datePublished\":\"2023-01-26T08:28:52+00:00\",\"dateModified\":\"2024-02-29T08:21:30+00:00\",\"description\":\"Hurghada Private Quadfaren El Gouna ist eine sehr aktive private Reise zum Quadfahren von El Gouna, \u00c4gypten! Wir empfehlen den Ausflug, weil er es den\",\"breadcrumb\":{\"@id\":\"https:\\\/\\\/landioustravel.com\\\/de\\\/shop\\\/hurghada-private-quadfaren-gouna\\\/#breadcrumb\"},\"inLanguage\":\"de\",\"potentialAction\":[{\"@type\":\"ReadAction\",\"target\":[\"https:\\\/\\\/landioustravel.com\\\/de\\\/shop\\\/hurghada-private-quadfaren-gouna\\\/\"]}]},{\"@type\":\"ImageObject\",\"inLanguage\":\"de\",\"@id\":\"https:\\\/\\\/landioustravel.com\\\/de\\\/shop\\\/hurghada-private-quadfaren-gouna\\\/#primaryimage\",\"url\":\"https:\\\/\\\/i0.wp.com\\\/landioustravel.com\\\/wp-content\\\/uploads\\\/2023\\\/01\\\/Hurghada-Private-Quad-Biking-El-Gouna-e1672956681800.jpg?fit=1200%2C675&ssl=1\",\"contentUrl\":\"https:\\\/\\\/i0.wp.com\\\/landioustravel.com\\\/wp-content\\\/uploads\\\/2023\\\/01\\\/Hurghada-Private-Quad-Biking-El-Gouna-e1672956681800.jpg?fit=1200%2C675&ssl=1\",\"width\":1200,\"height\":675,\"caption\":\"Hurghada Private Quad Biking El Gouna\"},{\"@type\":\"BreadcrumbList\",\"@id\":\"https:\\\/\\\/landioustravel.com\\\/de\\\/shop\\\/hurghada-private-quadfaren-gouna\\\/#breadcrumb\",\"itemListElement\":[{\"@type\":\"ListItem\",\"position\":1,\"name\":\"Home\",\"item\":\"https:\\\/\\\/landioustravel.com\\\/de\\\/\"},{\"@type\":\"ListItem\",\"position\":2,\"name\":\"\u00c4gypten Touren\",\"item\":\"https:\\\/\\\/landioustravel.com\\\/de\\\/\"},{\"@type\":\"ListItem\",\"position\":3,\"name\":\"Hurghada Private Quadfaren El Gouna\"}]},{\"@type\":\"WebSite\",\"@id\":\"https:\\\/\\\/landioustravel.com\\\/de\\\/#website\",\"url\":\"https:\\\/\\\/landioustravel.com\\\/de\\\/\",\"name\":\"Landious Travel\",\"description\":\"Excursions, trips and cruises in Egypt\",\"publisher\":{\"@id\":\"https:\\\/\\\/landioustravel.com\\\/de\\\/#organization\"},\"potentialAction\":[{\"@type\":\"SearchAction\",\"target\":{\"@type\":\"EntryPoint\",\"urlTemplate\":\"https:\\\/\\\/landioustravel.com\\\/de\\\/?s={search_term_string}\"},\"query-input\":{\"@type\":\"PropertyValueSpecification\",\"valueRequired\":true,\"valueName\":\"search_term_string\"}}],\"inLanguage\":\"de\"},{\"@type\":[\"Organization\",\"Place\"],\"@id\":\"https:\\\/\\\/landioustravel.com\\\/de\\\/#organization\",\"name\":\"Landious Travel\",\"alternateName\":\"Landious Travel\",\"url\":\"https:\\\/\\\/landioustravel.com\\\/de\\\/\",\"logo\":{\"@id\":\"https:\\\/\\\/landioustravel.com\\\/de\\\/shop\\\/hurghada-private-quadfaren-gouna\\\/#local-main-organization-logo\"},\"image\":{\"@id\":\"https:\\\/\\\/landioustravel.com\\\/de\\\/shop\\\/hurghada-private-quadfaren-gouna\\\/#local-main-organization-logo\"},\"sameAs\":[\"https:\\\/\\\/web.facebook.com\\\/landiousEgypt\",\"https:\\\/\\\/x.com\\\/LandiousTours\",\"https:\\\/\\\/mastodon.social\\\/@landious\"],\"legalName\":\"Landious Travel\",\"telephone\":[],\"openingHoursSpecification\":[{\"@type\":\"OpeningHoursSpecification\",\"dayOfWeek\":[\"Monday\",\"Tuesday\",\"Wednesday\",\"Thursday\",\"Friday\",\"Saturday\",\"Sunday\"],\"opens\":\"09:00\",\"closes\":\"17:00\"}]},{\"@type\":\"ImageObject\",\"inLanguage\":\"de\",\"@id\":\"https:\\\/\\\/landioustravel.com\\\/de\\\/shop\\\/hurghada-private-quadfaren-gouna\\\/#local-main-organization-logo\",\"url\":\"https:\\\/\\\/i0.wp.com\\\/landioustravel.com\\\/wp-content\\\/uploads\\\/2021\\\/06\\\/Landious-T.png?fit=500%2C500&ssl=1\",\"contentUrl\":\"https:\\\/\\\/i0.wp.com\\\/landioustravel.com\\\/wp-content\\\/uploads\\\/2021\\\/06\\\/Landious-T.png?fit=500%2C500&ssl=1\",\"width\":500,\"height\":500,\"caption\":\"Landious Travel\"}]}<\/script>\n<!-- \/ Yoast SEO Premium plugin. -->","yoast_head_json":{"title":"Hurghada Private Quadfaren El Gouna","description":"Hurghada Private Quadfaren El Gouna ist eine sehr aktive private Reise zum Quadfahren von El Gouna, \u00c4gypten! Wir empfehlen den Ausflug, weil er es den","robots":{"index":"index","follow":"follow","max-snippet":"max-snippet:-1","max-image-preview":"max-image-preview:large","max-video-preview":"max-video-preview:-1"},"canonical":"https:\/\/landioustravel.com\/de\/shop\/hurghada-private-quadfaren-gouna\/","og_locale":"de_DE","og_type":"article","og_title":"Hurghada Private Quadfaren El Gouna","og_description":"Landious Travel","og_url":"https:\/\/landioustravel.com\/de\/shop\/hurghada-private-quadfaren-gouna\/","og_site_name":"Landious Travel","article_publisher":"https:\/\/web.facebook.com\/landiousEgypt","article_modified_time":"2024-02-29T08:21:30+00:00","og_image":[{"width":1200,"height":675,"url":"https:\/\/i0.wp.com\/landioustravel.com\/wp-content\/uploads\/2023\/01\/Hurghada-Private-Quad-Biking-El-Gouna-e1672956681800.jpg?fit=1200%2C675&ssl=1","type":"image\/jpeg"}],"twitter_card":"summary_large_image","twitter_site":"@LandiousTours","twitter_misc":{"Gesch\u00e4tzte Lesezeit":"2\u00a0Minuten"},"schema":{"@context":"https:\/\/schema.org","@graph":[{"@type":"WebPage","@id":"https:\/\/landioustravel.com\/de\/shop\/hurghada-private-quadfaren-gouna\/","url":"https:\/\/landioustravel.com\/de\/shop\/hurghada-private-quadfaren-gouna\/","name":"Hurghada Private Quadfaren El Gouna","isPartOf":{"@id":"https:\/\/landioustravel.com\/de\/#website"},"primaryImageOfPage":{"@id":"https:\/\/landioustravel.com\/de\/shop\/hurghada-private-quadfaren-gouna\/#primaryimage"},"image":{"@id":"https:\/\/landioustravel.com\/de\/shop\/hurghada-private-quadfaren-gouna\/#primaryimage"},"thumbnailUrl":"https:\/\/i0.wp.com\/landioustravel.com\/wp-content\/uploads\/2023\/01\/Hurghada-Private-Quad-Biking-El-Gouna-e1672956681800.jpg?fit=1200%2C675&ssl=1","datePublished":"2023-01-26T08:28:52+00:00","dateModified":"2024-02-29T08:21:30+00:00","description":"Hurghada Private Quadfaren El Gouna ist eine sehr aktive private Reise zum Quadfahren von El Gouna, \u00c4gypten! Wir empfehlen den Ausflug, weil er es den","breadcrumb":{"@id":"https:\/\/landioustravel.com\/de\/shop\/hurghada-private-quadfaren-gouna\/#breadcrumb"},"inLanguage":"de","potentialAction":[{"@type":"ReadAction","target":["https:\/\/landioustravel.com\/de\/shop\/hurghada-private-quadfaren-gouna\/"]}]},{"@type":"ImageObject","inLanguage":"de","@id":"https:\/\/landioustravel.com\/de\/shop\/hurghada-private-quadfaren-gouna\/#primaryimage","url":"https:\/\/i0.wp.com\/landioustravel.com\/wp-content\/uploads\/2023\/01\/Hurghada-Private-Quad-Biking-El-Gouna-e1672956681800.jpg?fit=1200%2C675&ssl=1","contentUrl":"https:\/\/i0.wp.com\/landioustravel.com\/wp-content\/uploads\/2023\/01\/Hurghada-Private-Quad-Biking-El-Gouna-e1672956681800.jpg?fit=1200%2C675&ssl=1","width":1200,"height":675,"caption":"Hurghada Private Quad Biking El Gouna"},{"@type":"BreadcrumbList","@id":"https:\/\/landioustravel.com\/de\/shop\/hurghada-private-quadfaren-gouna\/#breadcrumb","itemListElement":[{"@type":"ListItem","position":1,"name":"Home","item":"https:\/\/landioustravel.com\/de\/"},{"@type":"ListItem","position":2,"name":"\u00c4gypten Touren","item":"https:\/\/landioustravel.com\/de\/"},{"@type":"ListItem","position":3,"name":"Hurghada Private Quadfaren El Gouna"}]},{"@type":"WebSite","@id":"https:\/\/landioustravel.com\/de\/#website","url":"https:\/\/landioustravel.com\/de\/","name":"Landious Travel","description":"Excursions, trips and cruises in Egypt","publisher":{"@id":"https:\/\/landioustravel.com\/de\/#organization"},"potentialAction":[{"@type":"SearchAction","target":{"@type":"EntryPoint","urlTemplate":"https:\/\/landioustravel.com\/de\/?s={search_term_string}"},"query-input":{"@type":"PropertyValueSpecification","valueRequired":true,"valueName":"search_term_string"}}],"inLanguage":"de"},{"@type":["Organization","Place"],"@id":"https:\/\/landioustravel.com\/de\/#organization","name":"Landious Travel","alternateName":"Landious Travel","url":"https:\/\/landioustravel.com\/de\/","logo":{"@id":"https:\/\/landioustravel.com\/de\/shop\/hurghada-private-quadfaren-gouna\/#local-main-organization-logo"},"image":{"@id":"https:\/\/landioustravel.com\/de\/shop\/hurghada-private-quadfaren-gouna\/#local-main-organization-logo"},"sameAs":["https:\/\/web.facebook.com\/landiousEgypt","https:\/\/x.com\/LandiousTours","https:\/\/mastodon.social\/@landious"],"legalName":"Landious Travel","telephone":[],"openingHoursSpecification":[{"@type":"OpeningHoursSpecification","dayOfWeek":["Monday","Tuesday","Wednesday","Thursday","Friday","Saturday","Sunday"],"opens":"09:00","closes":"17:00"}]},{"@type":"ImageObject","inLanguage":"de","@id":"https:\/\/landioustravel.com\/de\/shop\/hurghada-private-quadfaren-gouna\/#local-main-organization-logo","url":"https:\/\/i0.wp.com\/landioustravel.com\/wp-content\/uploads\/2021\/06\/Landious-T.png?fit=500%2C500&ssl=1","contentUrl":"https:\/\/i0.wp.com\/landioustravel.com\/wp-content\/uploads\/2021\/06\/Landious-T.png?fit=500%2C500&ssl=1","width":500,"height":500,"caption":"Landious Travel"}]}},"jetpack_publicize_connections":[],"uagb_featured_image_src":{"full":["https:\/\/i0.wp.com\/landioustravel.com\/wp-content\/uploads\/2023\/01\/Hurghada-Private-Quad-Biking-El-Gouna-e1672956681800.jpg?fit=1200%2C675&ssl=1",1200,675,false],"thumbnail":["https:\/\/i0.wp.com\/landioustravel.com\/wp-content\/uploads\/2023\/01\/Hurghada-Private-Quad-Biking-El-Gouna-e1672956681800.jpg?resize=150%2C150&ssl=1",150,150,true],"medium":["https:\/\/i0.wp.com\/landioustravel.com\/wp-content\/uploads\/2023\/01\/Hurghada-Private-Quad-Biking-El-Gouna-e1672956681800.jpg?fit=300%2C169&ssl=1",300,169,true],"medium_large":["https:\/\/i0.wp.com\/landioustravel.com\/wp-content\/uploads\/2023\/01\/Hurghada-Private-Quad-Biking-El-Gouna-e1672956681800.jpg?fit=768%2C432&ssl=1",768,432,true],"large":["https:\/\/i0.wp.com\/landioustravel.com\/wp-content\/uploads\/2023\/01\/Hurghada-Private-Quad-Biking-El-Gouna-e1672956681800.jpg?fit=980%2C551&ssl=1",980,551,true],"1536x1536":["https:\/\/i0.wp.com\/landioustravel.com\/wp-content\/uploads\/2023\/01\/Hurghada-Private-Quad-Biking-El-Gouna-e1672956681800.jpg?fit=1200%2C675&ssl=1",1200,675,true],"2048x2048":["https:\/\/i0.wp.com\/landioustravel.com\/wp-content\/uploads\/2023\/01\/Hurghada-Private-Quad-Biking-El-Gouna-e1672956681800.jpg?fit=1200%2C675&ssl=1",1200,675,true],"newspack-article-block-landscape-large":["https:\/\/i0.wp.com\/landioustravel.com\/wp-content\/uploads\/2023\/01\/Hurghada-Private-Quad-Biking-El-Gouna-e1672956681800.jpg?resize=1200%2C675&ssl=1",1200,675,true],"newspack-article-block-portrait-large":["https:\/\/i0.wp.com\/landioustravel.com\/wp-content\/uploads\/2023\/01\/Hurghada-Private-Quad-Biking-El-Gouna-e1672956681800.jpg?resize=900%2C675&ssl=1",900,675,true],"newspack-article-block-square-large":["https:\/\/i0.wp.com\/landioustravel.com\/wp-content\/uploads\/2023\/01\/Hurghada-Private-Quad-Biking-El-Gouna-e1672956681800.jpg?resize=1200%2C675&ssl=1",1200,675,true],"newspack-article-block-landscape-medium":["https:\/\/i0.wp.com\/landioustravel.com\/wp-content\/uploads\/2023\/01\/Hurghada-Private-Quad-Biking-El-Gouna-e1672956681800.jpg?resize=800%2C600&ssl=1",800,600,true],"newspack-article-block-portrait-medium":["https:\/\/i0.wp.com\/landioustravel.com\/wp-content\/uploads\/2023\/01\/Hurghada-Private-Quad-Biking-El-Gouna-e1672956681800.jpg?resize=600%2C675&ssl=1",600,675,true],"newspack-article-block-square-medium":["https:\/\/i0.wp.com\/landioustravel.com\/wp-content\/uploads\/2023\/01\/Hurghada-Private-Quad-Biking-El-Gouna-e1672956681800.jpg?resize=800%2C675&ssl=1",800,675,true],"newspack-article-block-landscape-intermediate":["https:\/\/i0.wp.com\/landioustravel.com\/wp-content\/uploads\/2023\/01\/Hurghada-Private-Quad-Biking-El-Gouna-e1672956681800.jpg?resize=600%2C450&ssl=1",600,450,true],"newspack-article-block-portrait-intermediate":["https:\/\/i0.wp.com\/landioustravel.com\/wp-content\/uploads\/2023\/01\/Hurghada-Private-Quad-Biking-El-Gouna-e1672956681800.jpg?resize=450%2C600&ssl=1",450,600,true],"newspack-article-block-square-intermediate":["https:\/\/i0.wp.com\/landioustravel.com\/wp-content\/uploads\/2023\/01\/Hurghada-Private-Quad-Biking-El-Gouna-e1672956681800.jpg?resize=600%2C600&ssl=1",600,600,true],"newspack-article-block-landscape-small":["https:\/\/i0.wp.com\/landioustravel.com\/wp-content\/uploads\/2023\/01\/Hurghada-Private-Quad-Biking-El-Gouna-e1672956681800.jpg?resize=400%2C300&ssl=1",400,300,true],"newspack-article-block-portrait-small":["https:\/\/i0.wp.com\/landioustravel.com\/wp-content\/uploads\/2023\/01\/Hurghada-Private-Quad-Biking-El-Gouna-e1672956681800.jpg?resize=300%2C400&ssl=1",300,400,true],"newspack-article-block-square-small":["https:\/\/i0.wp.com\/landioustravel.com\/wp-content\/uploads\/2023\/01\/Hurghada-Private-Quad-Biking-El-Gouna-e1672956681800.jpg?resize=400%2C400&ssl=1",400,400,true],"newspack-article-block-landscape-tiny":["https:\/\/i0.wp.com\/landioustravel.com\/wp-content\/uploads\/2023\/01\/Hurghada-Private-Quad-Biking-El-Gouna-e1672956681800.jpg?resize=200%2C150&ssl=1",200,150,true],"newspack-article-block-portrait-tiny":["https:\/\/i0.wp.com\/landioustravel.com\/wp-content\/uploads\/2023\/01\/Hurghada-Private-Quad-Biking-El-Gouna-e1672956681800.jpg?resize=150%2C200&ssl=1",150,200,true],"newspack-article-block-square-tiny":["https:\/\/i0.wp.com\/landioustravel.com\/wp-content\/uploads\/2023\/01\/Hurghada-Private-Quad-Biking-El-Gouna-e1672956681800.jpg?resize=200%2C200&ssl=1",200,200,true],"newspack-article-block-uncropped":["https:\/\/i0.wp.com\/landioustravel.com\/wp-content\/uploads\/2023\/01\/Hurghada-Private-Quad-Biking-El-Gouna-e1672956681800.jpg?fit=1200%2C675&ssl=1",1200,675,true],"woocommerce_thumbnail":["https:\/\/i0.wp.com\/landioustravel.com\/wp-content\/uploads\/2023\/01\/Hurghada-Private-Quad-Biking-El-Gouna-e1672956681800.jpg?resize=324%2C324&ssl=1",324,324,true],"woocommerce_single":["https:\/\/i0.wp.com\/landioustravel.com\/wp-content\/uploads\/2023\/01\/Hurghada-Private-Quad-Biking-El-Gouna-e1672956681800.jpg?fit=416%2C234&ssl=1",416,234,true],"woocommerce_gallery_thumbnail":["https:\/\/i0.wp.com\/landioustravel.com\/wp-content\/uploads\/2023\/01\/Hurghada-Private-Quad-Biking-El-Gouna-e1672956681800.jpg?resize=100%2C100&ssl=1",100,100,true]},"uagb_author_info":{"display_name":"Mofreh Landious","author_link":"https:\/\/landioustravel.com\/de\/author\/"},"uagb_comment_info":0,"uagb_excerpt":"Die W\u00fcstensafari-Reise \u201eIndividuelles Quadfahren f\u00fcr drei Stunden ab El Gouna\u201c ist ein absolutes Muss f\u00fcr alle, die ein Abenteuer in der \u00e4gyptischen W\u00fcste suchen. Mit einer Strecke von 50 km, die mit Quads zur\u00fcckgelegt werden muss, und der M\u00f6glichkeit, auf Kamelen zu reiten, ist diese Reise eine gro\u00dfartige Gelegenheit, die nat\u00fcrliche Sch\u00f6nheit der W\u00fcste kennenzulernen&hellip;","jetpack_sharing_enabled":true,"jetpack_likes_enabled":true,"amp_enabled":true,"_links":{"self":[{"href":"https:\/\/landioustravel.com\/de\/wp-json\/wp\/v2\/product\/134970","targetHints":{"allow":["GET"]}}],"collection":[{"href":"https:\/\/landioustravel.com\/de\/wp-json\/wp\/v2\/product"}],"about":[{"href":"https:\/\/landioustravel.com\/de\/wp-json\/wp\/v2\/types\/product"}],"replies":[{"embeddable":true,"href":"https:\/\/landioustravel.com\/de\/wp-json\/wp\/v2\/comments?post=134970"}],"wp:featuredmedia":[{"embeddable":true,"href":"https:\/\/landioustravel.com\/de\/wp-json\/wp\/v2\/media\/134230"}],"wp:attachment":[{"href":"https:\/\/landioustravel.com\/de\/wp-json\/wp\/v2\/media?parent=134970"}],"wp:term":[{"taxonomy":"product_brand","embeddable":true,"href":"https:\/\/landioustravel.com\/de\/wp-json\/wp\/v2\/product_brand?post=134970"},{"taxonomy":"product_cat","embeddable":true,"href":"https:\/\/landioustravel.com\/de\/wp-json\/wp\/v2\/product_cat?post=134970"},{"taxonomy":"product_tag","embeddable":true,"href":"https:\/\/landioustravel.com\/de\/wp-json\/wp\/v2\/product_tag?post=134970"}],"curies":[{"name":"wp","href":"https:\/\/api.w.org\/{rel}","templated":true}]}}