{"id":134976,"date":"2023-01-05T19:46:01","date_gmt":"2023-01-26T12:47:11","guid":{"rendered":"https:\/\/landioustravel.com\/?post_type=product&#038;p=134976"},"modified":"2023-06-15T02:16:42","modified_gmt":"2023-06-15T00:16:42","slug":"delphinhaus-schnellboot-gouna","status":"publish","type":"product","link":"https:\/\/landioustravel.com\/de\/shop\/delphinhaus-schnellboot-gouna\/","title":{"rendered":"Delfinhaus Schnellboot El Gouna"},"content":{"rendered":"<p><strong>Delfinhaus Schnellboot El Gouna<\/strong> ist eine fantastische Reise mit dem Schnellboot zur Delfinbucht von El Gouna, \u00c4gypten! Wir empfehlen den Ausflug, weil es den Touristen erm\u00f6glicht, eine gute Zeit im Meer zu verbringen und mit Delfinen zu schwimmen. Au\u00dferdem k\u00f6nnen Sie die wundersch\u00f6nen Korallenriffe und eine Vielzahl von Fischen sehen und ein Meerespicknick durch das Rote Meer genie\u00dfen. Wir empfehlen Ihnen, Ihre Reisen individuell zu gestalten, um alles f\u00fcr Sie zu besorgen! Diese Reise ist die perfekte Wahl f\u00fcr Menschen, die nicht den ganzen Tag in einem Boot verbringen oder es mit anderen teilen m\u00f6chten.<\/p>\n<h2>H\u00f6hepunkte auf dem Privaten Schnellboot zum Delfinhaus von El Gouna<\/h2>\n<ul>\n<li>Schwimmen Sie mit den Delphinen im offenen Meer.<\/li>\n<li>Schnorcheln Sie auch im offenen Meer.<\/li>\n<\/ul>\n<h2>Programm der privaten Schnellbootfahrt<\/h2>\n<ul>\n<li>Der Vertreter von Landious Travel holt Sie gegen 08:00 Uhr vom Hotel in El Gouna ab.<\/li>\n<li>Nachdem alle Ank\u00f6mmlinge abgeholt wurden, f\u00e4hrt der Bus zum Hafen. Der Weg zum Hafen dauert ca. 10 Minuten.<\/li>\n<li>Im Hafen finden Sie Ihr Schnellboot. Es ist ein unglaublich schickes! Dieses Schnellboot hat bequeme Sitze und K\u00fchlboxen. Sobald Sie in das Schnellboot steigen, bereiten Sie sich auf ein fabelhaftes Picknick \u00fcber dem Roten Meer vor.<\/li>\n<li>Zu diesem Zweck segelt das Schnellboot \u00fcber das Rote Meer zu einem wundersch\u00f6nen Korallenriffplatz. Als n\u00e4chstes machen Sie an diesem wundersch\u00f6nen Meeresplatz Halt. Nat\u00fcrlich k\u00f6nnen Sie mit Maske und Flossen schwimmen und schnorcheln.<\/li>\n<li>Als n\u00e4chstes halten Sie an einem anderen Ort mit sch\u00f6nen Meerestieren \u2013 Delfinen. Dieser Stopp ist etwas Besonderes \u2013 Schwimmen mit Delfinen im offenen Meer. Nat\u00fcrlich in Delfinhaus, wo Delfine in gro\u00dfer Zahl leben.<\/li>\n<li>Schlie\u00dflich bringen wir Sie zur\u00fcck zu Ihrem Hotel.<\/li>\n<li>Dieses private Schnellboot von El Gouna nach Delfinhaus endet gegen 12:30 Uhr.<\/li>\n<\/ul>\n<h2>Was beinhaltet der Preis des Schnellboots Delfinbucht El Gouna?<\/h2>\n<ul>\n<li>Privates Schnellboot.<\/li>\n<li>Au\u00dferdem Transfer zum Hafen und zur\u00fcck zum Hotel.<\/li>\n<li>Eintrittsgeb\u00fchr (5 USD pro Person)<\/li>\n<\/ul>\n<h2>Was beinhaltet das Programm des Schnellboots Delfinbucht El Gouna nicht?<\/h2>\n<ul>\n<li>Schnorchelausr\u00fcstung<\/li>\n<li>Getr\u00e4nke und Snacks auf dem Schnellboot<\/li>\n<li>Video-DVD.<\/li>\n<li>Auch die Foto-CD.<\/li>\n<\/ul>\n<h2>Was nehmen Sie f\u00fcr die Reise mit?<\/h2>\n<ul>\n<li>Handtuch.<\/li>\n<li>Au\u00dferdem Sonnencreme.<\/li>\n<\/ul>\n<h2>Buchungstage des Delfinhaus mit dem Schnellboot El Gouna<\/h2>\n<ul>\n<li>T\u00e4glich von 08:00 \u2013 12:30 Uhr.<\/li>\n<\/ul>\n<h2>N\u00fctzliche Gesten \u00fcber Schnellbooteinrichtungen<\/h2>\n<p>Alle unsere Schnellboote verf\u00fcgen \u00fcber ein JBL-Soundsystem, eine Frischwasserdusche, ein Bimini-Top, ein Sonnendeck, eine Eisbox, Steckdosen und eine Leiter. Auf der anderen Seite unterscheiden sich Schnellboote je nach Motorleistung und Sitzplatzkapazit\u00e4t. Die folgende Liste zeigt diese Variationen:<\/p>\n<ul>\n<li>140 PS mit vier Sitzen.<\/li>\n<li>140 PS mit sechs Sitzen.<\/li>\n<li>200 PS mit sechs Sitzen.<\/li>\n<li>250 PS mit acht Sitzpl\u00e4tzen. Dieser ist mit einer Toilette ausgestattet.<\/li>\n<li>Und auch der 500 PS mit acht Sitzen.<\/li>\n<\/ul>\n","protected":false},"excerpt":{"rendered":"<p>Sind Sie bereit f\u00fcr ein unvergessliches Abenteuer in Hurghada? Begleiten Sie uns auf einer privaten Schnellbootfahrt zum Dolphin House und lassen Sie sich \u00fcberraschen! Wir holen Sie um 8:00 Uhr von Ihrem Hotel ab und bringen Sie zum Pier, wo unser ausger\u00fcstetes Boot auf Sie wartet.<\/p>\n<p>Machen Sie sich bereit zum Schnorcheln an einigen der sch\u00f6nsten Orte im Roten Meer und schwimmen Sie mit Delfinen in ihrer nat\u00fcrlichen Umgebung. Das Delphinhaus beherbergt eine gro\u00dfe Anzahl verspielter Wassertiere, und wenn Mutter Natur entgegenkommt, k\u00f6nnen Sie Dutzende Delfine im Wasser spielen und neben Ihrem Boot schwimmen sehen.<\/p>\n<p>Erleben Sie die Delfine in ihrem nat\u00fcrlichen Lebensraum, fernab der Zw\u00e4nge eines k\u00fcnstlichen Beckens und einer kontrollierten Umgebung. Beobachten Sie ihr normales Verhalten, und wenn sie sich entscheiden, mit Ihnen zu spielen, geschieht dies nach ihrem Willen. Es ist eine einzigartige Gelegenheit, mit diesen erstaunlichen Kreaturen in freier Wildbahn in Kontakt zu treten.<\/p>\n<p>Unsere 4-st\u00fcndige Hochgeschwindigkeitsboottour zum Dolphin House auf hoher See in Hurghada ist eine der sch\u00f6nsten Aktivit\u00e4ten, die Sie in der Gegend unternehmen k\u00f6nnen. Sie machen insgesamt 3 Stopps an verschiedenen Orten, wo Sie abseits der Touristenstr\u00f6me die wundersch\u00f6nen Korallen und eine Vielzahl exotischer Fische bewundern k\u00f6nnen. An Bord wird auch ein kleines Mittagsbuffet serviert.<\/p>\n<p>Verpassen Sie nicht die Gelegenheit, diesen fantastischen Delfinausflug mit uns auf einem privaten Schnellboot in Hurghada zu erleben. Buchen Sie jetzt Ihre Reise und machen Sie sich bereit f\u00fcr das Abenteuer Ihres Lebens!<\/p>\n","protected":false},"featured_media":134977,"comment_status":"open","ping_status":"closed","template":"","meta":{"_coblocks_attr":"","_coblocks_dimensions":"","_coblocks_responsive_height":"","_coblocks_accordion_ie_support":"","_uag_custom_page_level_css":"","jetpack_post_was_ever_published":false,"jetpack_publicize_message":"","jetpack_publicize_feature_enabled":true,"jetpack_social_post_already_shared":true,"jetpack_social_options":{"image_generator_settings":{"template":"highway","default_image_id":0,"font":"","enabled":false},"version":2},"_wpas_customize_per_network":false},"product_brand":[],"product_cat":[20137,22039,22037],"product_tag":[1653,1844,1843,1777,1778],"class_list":{"0":"post-134976","1":"product","2":"type-product","3":"status-publish","4":"has-post-thumbnail","6":"product_cat-gouna-private-ausfluege","7":"product_cat-gouna-private-schnorchelausfluege","8":"product_cat-gouna-private-seereisen","9":"product_tag-ausflug","10":"product_tag-bootsausfluge","11":"product_tag-el-gouna-de","12":"product_tag-meer","13":"product_tag-schnorcheln","15":"first","16":"instock","17":"sale","18":"taxable","19":"shipping-taxable","20":"purchasable","21":"product-type-variable"},"yoast_head":"<!-- This site is optimized with the Yoast SEO Premium plugin v26.9 (Yoast SEO v27.3) - https:\/\/yoast.com\/product\/yoast-seo-premium-wordpress\/ -->\n<title>Delfinhaus Schnellboot El Gouna<\/title>\n<meta name=\"description\" content=\"Delfinhaus Schnellboot El Gouna ist eine fantastische Reise mit dem Schnellboot zur Delfinbucht von El Gouna, \u00c4gypten! Wir empfehlen den Ausflug, weil es\" \/>\n<meta name=\"robots\" content=\"index, follow, max-snippet:-1, max-image-preview:large, max-video-preview:-1\" \/>\n<link rel=\"canonical\" href=\"https:\/\/landioustravel.com\/de\/shop\/delphinhaus-schnellboot-gouna\/\" \/>\n<meta property=\"og:locale\" content=\"de_DE\" \/>\n<meta property=\"og:type\" content=\"article\" \/>\n<meta property=\"og:title\" content=\"Delfinhaus Schnellboot El Gouna\" \/>\n<meta property=\"og:description\" content=\"Landious Travel\" \/>\n<meta property=\"og:url\" content=\"https:\/\/landioustravel.com\/de\/shop\/delphinhaus-schnellboot-gouna\/\" \/>\n<meta property=\"og:site_name\" content=\"Landious Travel\" \/>\n<meta property=\"article:publisher\" content=\"https:\/\/web.facebook.com\/landiousEgypt\" \/>\n<meta property=\"article:modified_time\" content=\"2023-06-15T00:16:42+00:00\" \/>\n<meta property=\"og:image\" content=\"https:\/\/i0.wp.com\/landioustravel.com\/wp-content\/uploads\/2023\/01\/Dolphin-House-Speedboat-El-Gouna-e1672940609967.jpg?fit=1200%2C675&ssl=1\" \/>\n\t<meta property=\"og:image:width\" content=\"1200\" \/>\n\t<meta property=\"og:image:height\" content=\"675\" \/>\n\t<meta property=\"og:image:type\" content=\"image\/jpeg\" \/>\n<meta name=\"twitter:card\" content=\"summary_large_image\" \/>\n<meta name=\"twitter:site\" content=\"@LandiousTours\" \/>\n<meta name=\"twitter:label1\" content=\"Gesch\u00e4tzte Lesezeit\" \/>\n\t<meta name=\"twitter:data1\" content=\"2\u00a0Minuten\" \/>\n<script type=\"application\/ld+json\" class=\"yoast-schema-graph\">{\"@context\":\"https:\\\/\\\/schema.org\",\"@graph\":[{\"@type\":\"WebPage\",\"@id\":\"https:\\\/\\\/landioustravel.com\\\/de\\\/shop\\\/delphinhaus-schnellboot-gouna\\\/\",\"url\":\"https:\\\/\\\/landioustravel.com\\\/de\\\/shop\\\/delphinhaus-schnellboot-gouna\\\/\",\"name\":\"Delfinhaus Schnellboot El Gouna\",\"isPartOf\":{\"@id\":\"https:\\\/\\\/landioustravel.com\\\/de\\\/#website\"},\"primaryImageOfPage\":{\"@id\":\"https:\\\/\\\/landioustravel.com\\\/de\\\/shop\\\/delphinhaus-schnellboot-gouna\\\/#primaryimage\"},\"image\":{\"@id\":\"https:\\\/\\\/landioustravel.com\\\/de\\\/shop\\\/delphinhaus-schnellboot-gouna\\\/#primaryimage\"},\"thumbnailUrl\":\"https:\\\/\\\/i0.wp.com\\\/landioustravel.com\\\/wp-content\\\/uploads\\\/2023\\\/01\\\/Dolphin-House-Speedboat-El-Gouna-e1672940609967.jpg?fit=1200%2C675&ssl=1\",\"datePublished\":\"2023-01-26T12:47:11+00:00\",\"dateModified\":\"2023-06-15T00:16:42+00:00\",\"description\":\"Delfinhaus Schnellboot El Gouna ist eine fantastische Reise mit dem Schnellboot zur Delfinbucht von El Gouna, \u00c4gypten! Wir empfehlen den Ausflug, weil es\",\"breadcrumb\":{\"@id\":\"https:\\\/\\\/landioustravel.com\\\/de\\\/shop\\\/delphinhaus-schnellboot-gouna\\\/#breadcrumb\"},\"inLanguage\":\"de\",\"potentialAction\":[{\"@type\":\"ReadAction\",\"target\":[\"https:\\\/\\\/landioustravel.com\\\/de\\\/shop\\\/delphinhaus-schnellboot-gouna\\\/\"]}]},{\"@type\":\"ImageObject\",\"inLanguage\":\"de\",\"@id\":\"https:\\\/\\\/landioustravel.com\\\/de\\\/shop\\\/delphinhaus-schnellboot-gouna\\\/#primaryimage\",\"url\":\"https:\\\/\\\/i0.wp.com\\\/landioustravel.com\\\/wp-content\\\/uploads\\\/2023\\\/01\\\/Dolphin-House-Speedboat-El-Gouna-e1672940609967.jpg?fit=1200%2C675&ssl=1\",\"contentUrl\":\"https:\\\/\\\/i0.wp.com\\\/landioustravel.com\\\/wp-content\\\/uploads\\\/2023\\\/01\\\/Dolphin-House-Speedboat-El-Gouna-e1672940609967.jpg?fit=1200%2C675&ssl=1\",\"width\":1200,\"height\":675,\"caption\":\"Dolphin House Speedboat El Gouna\"},{\"@type\":\"BreadcrumbList\",\"@id\":\"https:\\\/\\\/landioustravel.com\\\/de\\\/shop\\\/delphinhaus-schnellboot-gouna\\\/#breadcrumb\",\"itemListElement\":[{\"@type\":\"ListItem\",\"position\":1,\"name\":\"Home\",\"item\":\"https:\\\/\\\/landioustravel.com\\\/de\\\/\"},{\"@type\":\"ListItem\",\"position\":2,\"name\":\"\u00c4gypten Touren\",\"item\":\"https:\\\/\\\/landioustravel.com\\\/de\\\/\"},{\"@type\":\"ListItem\",\"position\":3,\"name\":\"Delfinhaus Schnellboot El Gouna\"}]},{\"@type\":\"WebSite\",\"@id\":\"https:\\\/\\\/landioustravel.com\\\/de\\\/#website\",\"url\":\"https:\\\/\\\/landioustravel.com\\\/de\\\/\",\"name\":\"Landious Travel\",\"description\":\"Excursions, trips and cruises in Egypt\",\"publisher\":{\"@id\":\"https:\\\/\\\/landioustravel.com\\\/de\\\/#organization\"},\"potentialAction\":[{\"@type\":\"SearchAction\",\"target\":{\"@type\":\"EntryPoint\",\"urlTemplate\":\"https:\\\/\\\/landioustravel.com\\\/de\\\/?s={search_term_string}\"},\"query-input\":{\"@type\":\"PropertyValueSpecification\",\"valueRequired\":true,\"valueName\":\"search_term_string\"}}],\"inLanguage\":\"de\"},{\"@type\":[\"Organization\",\"Place\"],\"@id\":\"https:\\\/\\\/landioustravel.com\\\/de\\\/#organization\",\"name\":\"Landious Travel\",\"alternateName\":\"Landious Travel\",\"url\":\"https:\\\/\\\/landioustravel.com\\\/de\\\/\",\"logo\":{\"@id\":\"https:\\\/\\\/landioustravel.com\\\/de\\\/shop\\\/delphinhaus-schnellboot-gouna\\\/#local-main-organization-logo\"},\"image\":{\"@id\":\"https:\\\/\\\/landioustravel.com\\\/de\\\/shop\\\/delphinhaus-schnellboot-gouna\\\/#local-main-organization-logo\"},\"sameAs\":[\"https:\\\/\\\/web.facebook.com\\\/landiousEgypt\",\"https:\\\/\\\/x.com\\\/LandiousTours\",\"https:\\\/\\\/mastodon.social\\\/@landious\"],\"legalName\":\"Landious Travel\",\"telephone\":[],\"openingHoursSpecification\":[{\"@type\":\"OpeningHoursSpecification\",\"dayOfWeek\":[\"Monday\",\"Tuesday\",\"Wednesday\",\"Thursday\",\"Friday\",\"Saturday\",\"Sunday\"],\"opens\":\"09:00\",\"closes\":\"17:00\"}]},{\"@type\":\"ImageObject\",\"inLanguage\":\"de\",\"@id\":\"https:\\\/\\\/landioustravel.com\\\/de\\\/shop\\\/delphinhaus-schnellboot-gouna\\\/#local-main-organization-logo\",\"url\":\"https:\\\/\\\/i0.wp.com\\\/landioustravel.com\\\/wp-content\\\/uploads\\\/2021\\\/06\\\/Landious-T.png?fit=500%2C500&ssl=1\",\"contentUrl\":\"https:\\\/\\\/i0.wp.com\\\/landioustravel.com\\\/wp-content\\\/uploads\\\/2021\\\/06\\\/Landious-T.png?fit=500%2C500&ssl=1\",\"width\":500,\"height\":500,\"caption\":\"Landious Travel\"}]}<\/script>\n<!-- \/ Yoast SEO Premium plugin. -->","yoast_head_json":{"title":"Delfinhaus Schnellboot El Gouna","description":"Delfinhaus Schnellboot El Gouna ist eine fantastische Reise mit dem Schnellboot zur Delfinbucht von El Gouna, \u00c4gypten! Wir empfehlen den Ausflug, weil es","robots":{"index":"index","follow":"follow","max-snippet":"max-snippet:-1","max-image-preview":"max-image-preview:large","max-video-preview":"max-video-preview:-1"},"canonical":"https:\/\/landioustravel.com\/de\/shop\/delphinhaus-schnellboot-gouna\/","og_locale":"de_DE","og_type":"article","og_title":"Delfinhaus Schnellboot El Gouna","og_description":"Landious Travel","og_url":"https:\/\/landioustravel.com\/de\/shop\/delphinhaus-schnellboot-gouna\/","og_site_name":"Landious Travel","article_publisher":"https:\/\/web.facebook.com\/landiousEgypt","article_modified_time":"2023-06-15T00:16:42+00:00","og_image":[{"width":1200,"height":675,"url":"https:\/\/i0.wp.com\/landioustravel.com\/wp-content\/uploads\/2023\/01\/Dolphin-House-Speedboat-El-Gouna-e1672940609967.jpg?fit=1200%2C675&ssl=1","type":"image\/jpeg"}],"twitter_card":"summary_large_image","twitter_site":"@LandiousTours","twitter_misc":{"Gesch\u00e4tzte Lesezeit":"2\u00a0Minuten"},"schema":{"@context":"https:\/\/schema.org","@graph":[{"@type":"WebPage","@id":"https:\/\/landioustravel.com\/de\/shop\/delphinhaus-schnellboot-gouna\/","url":"https:\/\/landioustravel.com\/de\/shop\/delphinhaus-schnellboot-gouna\/","name":"Delfinhaus Schnellboot El Gouna","isPartOf":{"@id":"https:\/\/landioustravel.com\/de\/#website"},"primaryImageOfPage":{"@id":"https:\/\/landioustravel.com\/de\/shop\/delphinhaus-schnellboot-gouna\/#primaryimage"},"image":{"@id":"https:\/\/landioustravel.com\/de\/shop\/delphinhaus-schnellboot-gouna\/#primaryimage"},"thumbnailUrl":"https:\/\/i0.wp.com\/landioustravel.com\/wp-content\/uploads\/2023\/01\/Dolphin-House-Speedboat-El-Gouna-e1672940609967.jpg?fit=1200%2C675&ssl=1","datePublished":"2023-01-26T12:47:11+00:00","dateModified":"2023-06-15T00:16:42+00:00","description":"Delfinhaus Schnellboot El Gouna ist eine fantastische Reise mit dem Schnellboot zur Delfinbucht von El Gouna, \u00c4gypten! Wir empfehlen den Ausflug, weil es","breadcrumb":{"@id":"https:\/\/landioustravel.com\/de\/shop\/delphinhaus-schnellboot-gouna\/#breadcrumb"},"inLanguage":"de","potentialAction":[{"@type":"ReadAction","target":["https:\/\/landioustravel.com\/de\/shop\/delphinhaus-schnellboot-gouna\/"]}]},{"@type":"ImageObject","inLanguage":"de","@id":"https:\/\/landioustravel.com\/de\/shop\/delphinhaus-schnellboot-gouna\/#primaryimage","url":"https:\/\/i0.wp.com\/landioustravel.com\/wp-content\/uploads\/2023\/01\/Dolphin-House-Speedboat-El-Gouna-e1672940609967.jpg?fit=1200%2C675&ssl=1","contentUrl":"https:\/\/i0.wp.com\/landioustravel.com\/wp-content\/uploads\/2023\/01\/Dolphin-House-Speedboat-El-Gouna-e1672940609967.jpg?fit=1200%2C675&ssl=1","width":1200,"height":675,"caption":"Dolphin House Speedboat El Gouna"},{"@type":"BreadcrumbList","@id":"https:\/\/landioustravel.com\/de\/shop\/delphinhaus-schnellboot-gouna\/#breadcrumb","itemListElement":[{"@type":"ListItem","position":1,"name":"Home","item":"https:\/\/landioustravel.com\/de\/"},{"@type":"ListItem","position":2,"name":"\u00c4gypten Touren","item":"https:\/\/landioustravel.com\/de\/"},{"@type":"ListItem","position":3,"name":"Delfinhaus Schnellboot El Gouna"}]},{"@type":"WebSite","@id":"https:\/\/landioustravel.com\/de\/#website","url":"https:\/\/landioustravel.com\/de\/","name":"Landious Travel","description":"Excursions, trips and cruises in Egypt","publisher":{"@id":"https:\/\/landioustravel.com\/de\/#organization"},"potentialAction":[{"@type":"SearchAction","target":{"@type":"EntryPoint","urlTemplate":"https:\/\/landioustravel.com\/de\/?s={search_term_string}"},"query-input":{"@type":"PropertyValueSpecification","valueRequired":true,"valueName":"search_term_string"}}],"inLanguage":"de"},{"@type":["Organization","Place"],"@id":"https:\/\/landioustravel.com\/de\/#organization","name":"Landious Travel","alternateName":"Landious Travel","url":"https:\/\/landioustravel.com\/de\/","logo":{"@id":"https:\/\/landioustravel.com\/de\/shop\/delphinhaus-schnellboot-gouna\/#local-main-organization-logo"},"image":{"@id":"https:\/\/landioustravel.com\/de\/shop\/delphinhaus-schnellboot-gouna\/#local-main-organization-logo"},"sameAs":["https:\/\/web.facebook.com\/landiousEgypt","https:\/\/x.com\/LandiousTours","https:\/\/mastodon.social\/@landious"],"legalName":"Landious Travel","telephone":[],"openingHoursSpecification":[{"@type":"OpeningHoursSpecification","dayOfWeek":["Monday","Tuesday","Wednesday","Thursday","Friday","Saturday","Sunday"],"opens":"09:00","closes":"17:00"}]},{"@type":"ImageObject","inLanguage":"de","@id":"https:\/\/landioustravel.com\/de\/shop\/delphinhaus-schnellboot-gouna\/#local-main-organization-logo","url":"https:\/\/i0.wp.com\/landioustravel.com\/wp-content\/uploads\/2021\/06\/Landious-T.png?fit=500%2C500&ssl=1","contentUrl":"https:\/\/i0.wp.com\/landioustravel.com\/wp-content\/uploads\/2021\/06\/Landious-T.png?fit=500%2C500&ssl=1","width":500,"height":500,"caption":"Landious Travel"}]}},"jetpack_publicize_connections":[],"uagb_featured_image_src":{"full":["https:\/\/i0.wp.com\/landioustravel.com\/wp-content\/uploads\/2023\/01\/Dolphin-House-Speedboat-El-Gouna-e1672940609967.jpg?fit=1200%2C675&ssl=1",1200,675,false],"thumbnail":["https:\/\/i0.wp.com\/landioustravel.com\/wp-content\/uploads\/2023\/01\/Dolphin-House-Speedboat-El-Gouna-e1672940609967.jpg?resize=150%2C150&ssl=1",150,150,true],"medium":["https:\/\/i0.wp.com\/landioustravel.com\/wp-content\/uploads\/2023\/01\/Dolphin-House-Speedboat-El-Gouna-e1672940609967.jpg?fit=300%2C169&ssl=1",300,169,true],"medium_large":["https:\/\/i0.wp.com\/landioustravel.com\/wp-content\/uploads\/2023\/01\/Dolphin-House-Speedboat-El-Gouna-e1672940609967.jpg?fit=768%2C432&ssl=1",768,432,true],"large":["https:\/\/i0.wp.com\/landioustravel.com\/wp-content\/uploads\/2023\/01\/Dolphin-House-Speedboat-El-Gouna-e1672940609967.jpg?fit=980%2C551&ssl=1",980,551,true],"1536x1536":["https:\/\/i0.wp.com\/landioustravel.com\/wp-content\/uploads\/2023\/01\/Dolphin-House-Speedboat-El-Gouna-e1672940609967.jpg?fit=1200%2C675&ssl=1",1200,675,true],"2048x2048":["https:\/\/i0.wp.com\/landioustravel.com\/wp-content\/uploads\/2023\/01\/Dolphin-House-Speedboat-El-Gouna-e1672940609967.jpg?fit=1200%2C675&ssl=1",1200,675,true],"newspack-article-block-landscape-large":["https:\/\/i0.wp.com\/landioustravel.com\/wp-content\/uploads\/2023\/01\/Dolphin-House-Speedboat-El-Gouna-e1672940609967.jpg?resize=1200%2C675&ssl=1",1200,675,true],"newspack-article-block-portrait-large":["https:\/\/i0.wp.com\/landioustravel.com\/wp-content\/uploads\/2023\/01\/Dolphin-House-Speedboat-El-Gouna-e1672940609967.jpg?resize=900%2C675&ssl=1",900,675,true],"newspack-article-block-square-large":["https:\/\/i0.wp.com\/landioustravel.com\/wp-content\/uploads\/2023\/01\/Dolphin-House-Speedboat-El-Gouna-e1672940609967.jpg?resize=1200%2C675&ssl=1",1200,675,true],"newspack-article-block-landscape-medium":["https:\/\/i0.wp.com\/landioustravel.com\/wp-content\/uploads\/2023\/01\/Dolphin-House-Speedboat-El-Gouna-e1672940609967.jpg?resize=800%2C600&ssl=1",800,600,true],"newspack-article-block-portrait-medium":["https:\/\/i0.wp.com\/landioustravel.com\/wp-content\/uploads\/2023\/01\/Dolphin-House-Speedboat-El-Gouna-e1672940609967.jpg?resize=600%2C675&ssl=1",600,675,true],"newspack-article-block-square-medium":["https:\/\/i0.wp.com\/landioustravel.com\/wp-content\/uploads\/2023\/01\/Dolphin-House-Speedboat-El-Gouna-e1672940609967.jpg?resize=800%2C675&ssl=1",800,675,true],"newspack-article-block-landscape-intermediate":["https:\/\/i0.wp.com\/landioustravel.com\/wp-content\/uploads\/2023\/01\/Dolphin-House-Speedboat-El-Gouna-e1672940609967.jpg?resize=600%2C450&ssl=1",600,450,true],"newspack-article-block-portrait-intermediate":["https:\/\/i0.wp.com\/landioustravel.com\/wp-content\/uploads\/2023\/01\/Dolphin-House-Speedboat-El-Gouna-e1672940609967.jpg?resize=450%2C600&ssl=1",450,600,true],"newspack-article-block-square-intermediate":["https:\/\/i0.wp.com\/landioustravel.com\/wp-content\/uploads\/2023\/01\/Dolphin-House-Speedboat-El-Gouna-e1672940609967.jpg?resize=600%2C600&ssl=1",600,600,true],"newspack-article-block-landscape-small":["https:\/\/i0.wp.com\/landioustravel.com\/wp-content\/uploads\/2023\/01\/Dolphin-House-Speedboat-El-Gouna-e1672940609967.jpg?resize=400%2C300&ssl=1",400,300,true],"newspack-article-block-portrait-small":["https:\/\/i0.wp.com\/landioustravel.com\/wp-content\/uploads\/2023\/01\/Dolphin-House-Speedboat-El-Gouna-e1672940609967.jpg?resize=300%2C400&ssl=1",300,400,true],"newspack-article-block-square-small":["https:\/\/i0.wp.com\/landioustravel.com\/wp-content\/uploads\/2023\/01\/Dolphin-House-Speedboat-El-Gouna-e1672940609967.jpg?resize=400%2C400&ssl=1",400,400,true],"newspack-article-block-landscape-tiny":["https:\/\/i0.wp.com\/landioustravel.com\/wp-content\/uploads\/2023\/01\/Dolphin-House-Speedboat-El-Gouna-e1672940609967.jpg?resize=200%2C150&ssl=1",200,150,true],"newspack-article-block-portrait-tiny":["https:\/\/i0.wp.com\/landioustravel.com\/wp-content\/uploads\/2023\/01\/Dolphin-House-Speedboat-El-Gouna-e1672940609967.jpg?resize=150%2C200&ssl=1",150,200,true],"newspack-article-block-square-tiny":["https:\/\/i0.wp.com\/landioustravel.com\/wp-content\/uploads\/2023\/01\/Dolphin-House-Speedboat-El-Gouna-e1672940609967.jpg?resize=200%2C200&ssl=1",200,200,true],"newspack-article-block-uncropped":["https:\/\/i0.wp.com\/landioustravel.com\/wp-content\/uploads\/2023\/01\/Dolphin-House-Speedboat-El-Gouna-e1672940609967.jpg?fit=1200%2C675&ssl=1",1200,675,true],"woocommerce_thumbnail":["https:\/\/i0.wp.com\/landioustravel.com\/wp-content\/uploads\/2023\/01\/Dolphin-House-Speedboat-El-Gouna-e1672940609967.jpg?resize=324%2C324&ssl=1",324,324,true],"woocommerce_single":["https:\/\/i0.wp.com\/landioustravel.com\/wp-content\/uploads\/2023\/01\/Dolphin-House-Speedboat-El-Gouna-e1672940609967.jpg?fit=416%2C234&ssl=1",416,234,true],"woocommerce_gallery_thumbnail":["https:\/\/i0.wp.com\/landioustravel.com\/wp-content\/uploads\/2023\/01\/Dolphin-House-Speedboat-El-Gouna-e1672940609967.jpg?resize=100%2C100&ssl=1",100,100,true]},"uagb_author_info":{"display_name":"Mofreh Landious","author_link":"https:\/\/landioustravel.com\/de\/author\/"},"uagb_comment_info":0,"uagb_excerpt":"Sind Sie bereit f\u00fcr ein unvergessliches Abenteuer in Hurghada? Begleiten Sie uns auf einer privaten Schnellbootfahrt zum Dolphin House und lassen Sie sich \u00fcberraschen! Wir holen Sie um 8:00 Uhr von Ihrem Hotel ab und bringen Sie zum Pier, wo unser ausger\u00fcstetes Boot auf Sie wartet. Machen Sie sich bereit zum Schnorcheln an einigen der&hellip;","jetpack_sharing_enabled":true,"jetpack_likes_enabled":true,"amp_enabled":true,"_links":{"self":[{"href":"https:\/\/landioustravel.com\/de\/wp-json\/wp\/v2\/product\/134976","targetHints":{"allow":["GET"]}}],"collection":[{"href":"https:\/\/landioustravel.com\/de\/wp-json\/wp\/v2\/product"}],"about":[{"href":"https:\/\/landioustravel.com\/de\/wp-json\/wp\/v2\/types\/product"}],"replies":[{"embeddable":true,"href":"https:\/\/landioustravel.com\/de\/wp-json\/wp\/v2\/comments?post=134976"}],"wp:featuredmedia":[{"embeddable":true,"href":"https:\/\/landioustravel.com\/de\/wp-json\/wp\/v2\/media\/134977"}],"wp:attachment":[{"href":"https:\/\/landioustravel.com\/de\/wp-json\/wp\/v2\/media?parent=134976"}],"wp:term":[{"taxonomy":"product_brand","embeddable":true,"href":"https:\/\/landioustravel.com\/de\/wp-json\/wp\/v2\/product_brand?post=134976"},{"taxonomy":"product_cat","embeddable":true,"href":"https:\/\/landioustravel.com\/de\/wp-json\/wp\/v2\/product_cat?post=134976"},{"taxonomy":"product_tag","embeddable":true,"href":"https:\/\/landioustravel.com\/de\/wp-json\/wp\/v2\/product_tag?post=134976"}],"curies":[{"name":"wp","href":"https:\/\/api.w.org\/{rel}","templated":true}]}}