{"id":134984,"date":"2023-01-05T23:05:16","date_gmt":"2023-01-26T13:59:21","guid":{"rendered":"https:\/\/landioustravel.com\/?post_type=product&#038;p=134984"},"modified":"2023-06-15T01:57:17","modified_gmt":"2023-06-14T23:57:17","slug":"sharm-naga-private-reise-gouna","status":"publish","type":"product","link":"https:\/\/landioustravel.com\/de\/shop\/sharm-naga-private-reise-gouna\/","title":{"rendered":"Sharm El Naga Private Reise El Gouna"},"content":{"rendered":"<p><strong>Sharm El Naga Private Reise El Gouna<\/strong> ist eine einzigartige individuelle ausflug nach Sharm El-Naga von El Gouna, \u00c4gypten! Wir empfehlen die Reise, weil sie es den Touristen erm\u00f6glicht, eine gute Zeit auf See zu verbringen! Diese Reise erm\u00f6glicht es Ihnen, wundersch\u00f6ne Korallenriffe und eine Vielzahl von Fischen an einem der sch\u00f6nsten Orte in Safaga zu sehen. Dar\u00fcber hinaus werden Sie es genie\u00dfen, im Roten Meer zu schnorcheln und sich am goldenen Strand der Bucht von Sharm El-Naga zurechtzufinden. Dieser Strand verf\u00fcgt \u00fcber alle Einrichtungen.<\/p>\n<h2>H\u00f6hepunkte der Sharm El Naga Reise von El Gouna<\/h2>\n<ul>\n<li>Schwimmen Sie vom Strand aus im Meer.<\/li>\n<li>Schnorcheln mit Maske und Flossen.<\/li>\n<li>Mittagessen im Strandrestaurant.<\/li>\n<li>Landen Sie auch am bestausgestatteten Strand in der Bucht von Sharm El-Naga.<\/li>\n<\/ul>\n<h2>Programm des Schnorchelausflugs in der Bucht von Sharm El-Naga<\/h2>\n<ul>\n<li>Der Vertreter von Landious Travel holt Sie gegen 08:00 Uhr von den Hotels in El Gouna ab.<\/li>\n<li>Nachdem Sie alle Ank\u00f6mmlinge abgeholt haben, f\u00e4hrt der Bus nach Sharm El-Naga Bay. Der Weg zu diesem Nationalpark dauert ungef\u00e4hr 40 Minuten.<\/li>\n<li>Dann kommt die n\u00e4chste Station. Dieser Stopp wird am traumhaften Strand von Sharm El-Naga sein. Dieser Strand verf\u00fcgt \u00fcber alle Einrichtungen \u2013 Sonnenschirme, Liegen, ein Restaurant, eine Snackbar und Toiletten.<\/li>\n<li>Am Strand verbringen Sie f\u00fcnf Stunden. W\u00e4hrend dieser Zeit haben Sie die M\u00f6glichkeit, alle Aktivit\u00e4ten zu unternehmen, die Ihnen gefallen. Es ist ein fantastischer Meeresplatz, an dem Sie schwimmen, schnorcheln und Ihren K\u00f6rper den Sonnenstrahlen aussetzen k\u00f6nnen.<\/li>\n<li>Schlie\u00dflich bringen wir Sie zur\u00fcck zu Ihrem Hotel.<\/li>\n<li>Dieser private Ausflug von El Gouna nach Sharm El-Naga endet gegen 16:00 Uhr.<\/li>\n<\/ul>\n<h2>Was beinhaltet der Preis f\u00fcr den Schnorchelausflug nach Sharm El Naga?<\/h2>\n<ul>\n<li>Eintrittsgeb\u00fchren f\u00fcr den Nationalpark Sharm El-Naga.<\/li>\n<li>Der Preis beinhaltet Schnorchelausr\u00fcstung (Masken und Flossen).<\/li>\n<li>Speisen &amp; Getr\u00e4nke.<\/li>\n<li>Au\u00dferdem individueller Transfer nach Sharm El-Naga Bay und zur\u00fcck zum Hotel.<\/li>\n<\/ul>\n<h2>Was beinhaltet das Programm des Sharm El Naga Strand nicht?<\/h2>\n<ul>\n<li>Getr\u00e4nke an der Strandbar.<\/li>\n<li>Video-DVD.<\/li>\n<li>Auch die Foto-CD.<\/li>\n<\/ul>\n<h2>WAS MUSS MAN F\u00dcR DIE REISE MITNEHMEN?<\/h2>\n<ul>\n<li>Handtuch.<\/li>\n<li>Au\u00dferdem Sonnencreme.<\/li>\n<\/ul>\n<h2>Buchungstage<\/h2>\n<ul>\n<li>T\u00e4glich von 08:00 \u2013 16:00 Uhr.<\/li>\n<\/ul>\n<h2>Informationen \u00fcber Sharm El Naga<\/h2>\n<p>Das Sharm El-Naga-Reservat ist eines der sch\u00f6nsten Touristengebiete f\u00fcr Erholung und Genuss der spezifischen Meeresaktivit\u00e4ten in diesem Gebiet. Es ist eines der besten Ziele f\u00fcr Schnorchel- und Tauchliebhaber. Sharm El Naga ist sehr reich an malerischem Meeresleben. In diesem Nationalpark finden Sie eine wunderbare Gruppe von Korallenriffen, in denen viele Wasserorganismen leben.<\/p>\n","protected":false},"excerpt":{"rendered":"<p>Entfliehen Sie dem Paradies mit unserem Schnorchelausflug nach Sharm El Naga ab El Gouna! Machen Sie sich bereit f\u00fcr einen Tag voller Abenteuer, Entspannung und Spa\u00df. Sie werden von unserem freundlichen Vertreter in einem komfortablen, klimatisierten Reisebus von Ihrem Hotel in El Gouna zu einem romantischen Ausflug in die Bucht von Sharm El Naga gebracht. Dieser atemberaubende Ort bietet ein wundersch\u00f6nes Korallenriff, kristallklares Wasser, einen Sandstrand und zahlreiche Freizeiteinrichtungen an der K\u00fcste.<\/p>\n<p>Sobald Sie angekommen sind, k\u00f6nnen Sie den Tag damit verbringen, die Sonne zu genie\u00dfen, am Riff zu schnorcheln und am Strand zu spielen. Der Spielplatz ist speziell so gestaltet, dass er f\u00fcr Ihre Kinder sicher und unterhaltsam ist. Und wenn Sie abenteuerlustig sind, k\u00f6nnen Sie sogar einen Pferde- oder Kamelritt genie\u00dfen!<\/p>\n<p>Entdecken Sie beim Schnorcheln, was sich unter der Oberfl\u00e4che verbirgt, und beobachten Sie die beeindruckenden Korallenriffe und farbenfrohen Fische, aus denen diese Unterwasserwelt besteht. Nutzen Sie die Abgeschiedenheit des Strandes und seine weitgehend unber\u00fchrte Umgebung, um sich so richtig zu entspannen und zu entspannen.<\/p>\n<p>Und nat\u00fcrlich sorgen wir mit einem inbegriffenen Mittagessen und Getr\u00e4nken daf\u00fcr, dass Sie gut ern\u00e4hrt und mit Fl\u00fcssigkeit versorgt sind. Genie\u00dfen Sie die k\u00f6stlichen Speisen und alkoholfreien Getr\u00e4nke im Restaurant und genie\u00dfen Sie dabei die atemberaubende Aussicht.<\/p>\n<p>Gegen 16:00 Uhr bringen wir Sie zur\u00fcck zu Ihrem Hotel in Hurghada, \u00c4gypten, Rotes Meer, wo Sie sich erfrischt und verj\u00fcngt f\u00fchlen und unvergessliche Erinnerungen an Ihren Tag im Paradies haben. Kommen Sie zu uns f\u00fcr einen ganzen Tag Schnorcheln in der Bucht von Sharm el Naga und erleben Sie die Magie des Roten Meeres!<\/p>\n","protected":false},"featured_media":134989,"comment_status":"open","ping_status":"closed","template":"","meta":{"_coblocks_attr":"","_coblocks_dimensions":"","_coblocks_responsive_height":"","_coblocks_accordion_ie_support":"","_uag_custom_page_level_css":"","jetpack_publicize_message":"","jetpack_publicize_feature_enabled":true,"jetpack_social_post_already_shared":true,"jetpack_social_options":{"image_generator_settings":{"template":"highway","default_image_id":0,"font":"","enabled":false},"version":2},"_wpas_customize_per_network":false},"product_brand":[],"product_cat":[20137,22039,22037],"product_tag":[1653,1844,1843,1777,1778],"class_list":{"0":"post-134984","1":"product","2":"type-product","3":"status-publish","4":"has-post-thumbnail","6":"product_cat-gouna-private-ausfluege","7":"product_cat-gouna-private-schnorchelausfluege","8":"product_cat-gouna-private-seereisen","9":"product_tag-ausflug","10":"product_tag-bootsausfluge","11":"product_tag-el-gouna-de","12":"product_tag-meer","13":"product_tag-schnorcheln","15":"first","16":"instock","17":"sale","18":"taxable","19":"shipping-taxable","20":"purchasable","21":"product-type-variable"},"yoast_head":"<!-- This site is optimized with the Yoast SEO Premium plugin v27.5 (Yoast SEO v27.5) - https:\/\/yoast.com\/product\/yoast-seo-premium-wordpress\/ -->\n<title>Sharm El Naga Private Reise El Gouna<\/title>\n<meta name=\"description\" content=\"Sharm El Naga Private Reise El Gouna ist eine einzigartige individuelle ausflug nach Sharm El-Naga von El Gouna, \u00c4gypten! Wir empfehlen die Reise, weil sie\" \/>\n<meta name=\"robots\" content=\"index, follow, max-snippet:-1, max-image-preview:large, max-video-preview:-1\" \/>\n<link rel=\"canonical\" href=\"https:\/\/landioustravel.com\/de\/shop\/sharm-naga-private-reise-gouna\/\" \/>\n<meta property=\"og:locale\" content=\"de_DE\" \/>\n<meta property=\"og:type\" content=\"article\" \/>\n<meta property=\"og:title\" content=\"Sharm El Naga Private Reise El Gouna\" \/>\n<meta property=\"og:description\" content=\"Landious Travel\" \/>\n<meta property=\"og:url\" content=\"https:\/\/landioustravel.com\/de\/shop\/sharm-naga-private-reise-gouna\/\" \/>\n<meta property=\"og:site_name\" content=\"Landious Travel\" \/>\n<meta property=\"article:publisher\" content=\"https:\/\/web.facebook.com\/landiousEgypt\" \/>\n<meta property=\"article:modified_time\" content=\"2023-06-14T23:57:17+00:00\" \/>\n<meta property=\"og:image\" content=\"https:\/\/i0.wp.com\/landioustravel.com\/wp-content\/uploads\/2023\/01\/Sharm-El-Naga-Private-Trip-El-Gouna-e1672952125996.jpg?fit=1159%2C675&ssl=1\" \/>\n\t<meta property=\"og:image:width\" content=\"1159\" \/>\n\t<meta property=\"og:image:height\" content=\"675\" \/>\n\t<meta property=\"og:image:type\" content=\"image\/jpeg\" \/>\n<meta name=\"twitter:card\" content=\"summary_large_image\" \/>\n<meta name=\"twitter:site\" content=\"@LandiousTours\" \/>\n<meta name=\"twitter:label1\" content=\"Gesch\u00e4tzte Lesezeit\" \/>\n\t<meta name=\"twitter:data1\" content=\"2\u00a0Minuten\" \/>\n<script type=\"application\/ld+json\" class=\"yoast-schema-graph\">{\"@context\":\"https:\\\/\\\/schema.org\",\"@graph\":[{\"@type\":\"WebPage\",\"@id\":\"https:\\\/\\\/landioustravel.com\\\/de\\\/shop\\\/sharm-naga-private-reise-gouna\\\/\",\"url\":\"https:\\\/\\\/landioustravel.com\\\/de\\\/shop\\\/sharm-naga-private-reise-gouna\\\/\",\"name\":\"Sharm El Naga Private Reise El Gouna\",\"isPartOf\":{\"@id\":\"https:\\\/\\\/landioustravel.com\\\/de\\\/#website\"},\"primaryImageOfPage\":{\"@id\":\"https:\\\/\\\/landioustravel.com\\\/de\\\/shop\\\/sharm-naga-private-reise-gouna\\\/#primaryimage\"},\"image\":{\"@id\":\"https:\\\/\\\/landioustravel.com\\\/de\\\/shop\\\/sharm-naga-private-reise-gouna\\\/#primaryimage\"},\"thumbnailUrl\":\"https:\\\/\\\/i0.wp.com\\\/landioustravel.com\\\/wp-content\\\/uploads\\\/2023\\\/01\\\/Sharm-El-Naga-Private-Trip-El-Gouna-e1672952125996.jpg?fit=1159%2C675&ssl=1\",\"datePublished\":\"2023-01-26T13:59:21+00:00\",\"dateModified\":\"2023-06-14T23:57:17+00:00\",\"description\":\"Sharm El Naga Private Reise El Gouna ist eine einzigartige individuelle ausflug nach Sharm El-Naga von El Gouna, \u00c4gypten! Wir empfehlen die Reise, weil sie\",\"breadcrumb\":{\"@id\":\"https:\\\/\\\/landioustravel.com\\\/de\\\/shop\\\/sharm-naga-private-reise-gouna\\\/#breadcrumb\"},\"inLanguage\":\"de\",\"potentialAction\":[{\"@type\":\"ReadAction\",\"target\":[\"https:\\\/\\\/landioustravel.com\\\/de\\\/shop\\\/sharm-naga-private-reise-gouna\\\/\"]}]},{\"@type\":\"ImageObject\",\"inLanguage\":\"de\",\"@id\":\"https:\\\/\\\/landioustravel.com\\\/de\\\/shop\\\/sharm-naga-private-reise-gouna\\\/#primaryimage\",\"url\":\"https:\\\/\\\/i0.wp.com\\\/landioustravel.com\\\/wp-content\\\/uploads\\\/2023\\\/01\\\/Sharm-El-Naga-Private-Trip-El-Gouna-e1672952125996.jpg?fit=1159%2C675&ssl=1\",\"contentUrl\":\"https:\\\/\\\/i0.wp.com\\\/landioustravel.com\\\/wp-content\\\/uploads\\\/2023\\\/01\\\/Sharm-El-Naga-Private-Trip-El-Gouna-e1672952125996.jpg?fit=1159%2C675&ssl=1\",\"width\":1159,\"height\":675,\"caption\":\"Sharm El Naga Private Trip El Gouna\"},{\"@type\":\"BreadcrumbList\",\"@id\":\"https:\\\/\\\/landioustravel.com\\\/de\\\/shop\\\/sharm-naga-private-reise-gouna\\\/#breadcrumb\",\"itemListElement\":[{\"@type\":\"ListItem\",\"position\":1,\"name\":\"Home\",\"item\":\"https:\\\/\\\/landioustravel.com\\\/de\\\/\"},{\"@type\":\"ListItem\",\"position\":2,\"name\":\"\u00c4gypten Touren\",\"item\":\"https:\\\/\\\/landioustravel.com\\\/de\\\/\"},{\"@type\":\"ListItem\",\"position\":3,\"name\":\"Sharm El Naga Private Reise El Gouna\"}]},{\"@type\":\"WebSite\",\"@id\":\"https:\\\/\\\/landioustravel.com\\\/de\\\/#website\",\"url\":\"https:\\\/\\\/landioustravel.com\\\/de\\\/\",\"name\":\"Landious Travel\",\"description\":\"Excursions, trips and cruises in Egypt\",\"publisher\":{\"@id\":\"https:\\\/\\\/landioustravel.com\\\/de\\\/#organization\"},\"potentialAction\":[{\"@type\":\"SearchAction\",\"target\":{\"@type\":\"EntryPoint\",\"urlTemplate\":\"https:\\\/\\\/landioustravel.com\\\/de\\\/?s={search_term_string}\"},\"query-input\":{\"@type\":\"PropertyValueSpecification\",\"valueRequired\":true,\"valueName\":\"search_term_string\"}}],\"inLanguage\":\"de\"},{\"@type\":[\"Organization\",\"Place\"],\"@id\":\"https:\\\/\\\/landioustravel.com\\\/de\\\/#organization\",\"name\":\"Landious Travel\",\"alternateName\":\"Landious Travel\",\"url\":\"https:\\\/\\\/landioustravel.com\\\/de\\\/\",\"logo\":{\"@id\":\"https:\\\/\\\/landioustravel.com\\\/de\\\/shop\\\/sharm-naga-private-reise-gouna\\\/#local-main-organization-logo\"},\"image\":{\"@id\":\"https:\\\/\\\/landioustravel.com\\\/de\\\/shop\\\/sharm-naga-private-reise-gouna\\\/#local-main-organization-logo\"},\"sameAs\":[\"https:\\\/\\\/web.facebook.com\\\/landiousEgypt\",\"https:\\\/\\\/x.com\\\/LandiousTours\",\"https:\\\/\\\/mastodon.social\\\/@landious\"],\"legalName\":\"Landious Travel\",\"telephone\":[],\"openingHoursSpecification\":[{\"@type\":\"OpeningHoursSpecification\",\"dayOfWeek\":[\"Monday\",\"Tuesday\",\"Wednesday\",\"Thursday\",\"Friday\",\"Saturday\",\"Sunday\"],\"opens\":\"09:00\",\"closes\":\"17:00\"}]},{\"@type\":\"ImageObject\",\"inLanguage\":\"de\",\"@id\":\"https:\\\/\\\/landioustravel.com\\\/de\\\/shop\\\/sharm-naga-private-reise-gouna\\\/#local-main-organization-logo\",\"url\":\"https:\\\/\\\/i0.wp.com\\\/landioustravel.com\\\/wp-content\\\/uploads\\\/2021\\\/06\\\/Landious-T.png?fit=500%2C500&ssl=1\",\"contentUrl\":\"https:\\\/\\\/i0.wp.com\\\/landioustravel.com\\\/wp-content\\\/uploads\\\/2021\\\/06\\\/Landious-T.png?fit=500%2C500&ssl=1\",\"width\":500,\"height\":500,\"caption\":\"Landious Travel\"}]}<\/script>\n<!-- \/ Yoast SEO Premium plugin. -->","yoast_head_json":{"title":"Sharm El Naga Private Reise El Gouna","description":"Sharm El Naga Private Reise El Gouna ist eine einzigartige individuelle ausflug nach Sharm El-Naga von El Gouna, \u00c4gypten! Wir empfehlen die Reise, weil sie","robots":{"index":"index","follow":"follow","max-snippet":"max-snippet:-1","max-image-preview":"max-image-preview:large","max-video-preview":"max-video-preview:-1"},"canonical":"https:\/\/landioustravel.com\/de\/shop\/sharm-naga-private-reise-gouna\/","og_locale":"de_DE","og_type":"article","og_title":"Sharm El Naga Private Reise El Gouna","og_description":"Landious Travel","og_url":"https:\/\/landioustravel.com\/de\/shop\/sharm-naga-private-reise-gouna\/","og_site_name":"Landious Travel","article_publisher":"https:\/\/web.facebook.com\/landiousEgypt","article_modified_time":"2023-06-14T23:57:17+00:00","og_image":[{"width":1159,"height":675,"url":"https:\/\/i0.wp.com\/landioustravel.com\/wp-content\/uploads\/2023\/01\/Sharm-El-Naga-Private-Trip-El-Gouna-e1672952125996.jpg?fit=1159%2C675&ssl=1","type":"image\/jpeg"}],"twitter_card":"summary_large_image","twitter_site":"@LandiousTours","twitter_misc":{"Gesch\u00e4tzte Lesezeit":"2\u00a0Minuten"},"schema":{"@context":"https:\/\/schema.org","@graph":[{"@type":"WebPage","@id":"https:\/\/landioustravel.com\/de\/shop\/sharm-naga-private-reise-gouna\/","url":"https:\/\/landioustravel.com\/de\/shop\/sharm-naga-private-reise-gouna\/","name":"Sharm El Naga Private Reise El Gouna","isPartOf":{"@id":"https:\/\/landioustravel.com\/de\/#website"},"primaryImageOfPage":{"@id":"https:\/\/landioustravel.com\/de\/shop\/sharm-naga-private-reise-gouna\/#primaryimage"},"image":{"@id":"https:\/\/landioustravel.com\/de\/shop\/sharm-naga-private-reise-gouna\/#primaryimage"},"thumbnailUrl":"https:\/\/i0.wp.com\/landioustravel.com\/wp-content\/uploads\/2023\/01\/Sharm-El-Naga-Private-Trip-El-Gouna-e1672952125996.jpg?fit=1159%2C675&ssl=1","datePublished":"2023-01-26T13:59:21+00:00","dateModified":"2023-06-14T23:57:17+00:00","description":"Sharm El Naga Private Reise El Gouna ist eine einzigartige individuelle ausflug nach Sharm El-Naga von El Gouna, \u00c4gypten! Wir empfehlen die Reise, weil sie","breadcrumb":{"@id":"https:\/\/landioustravel.com\/de\/shop\/sharm-naga-private-reise-gouna\/#breadcrumb"},"inLanguage":"de","potentialAction":[{"@type":"ReadAction","target":["https:\/\/landioustravel.com\/de\/shop\/sharm-naga-private-reise-gouna\/"]}]},{"@type":"ImageObject","inLanguage":"de","@id":"https:\/\/landioustravel.com\/de\/shop\/sharm-naga-private-reise-gouna\/#primaryimage","url":"https:\/\/i0.wp.com\/landioustravel.com\/wp-content\/uploads\/2023\/01\/Sharm-El-Naga-Private-Trip-El-Gouna-e1672952125996.jpg?fit=1159%2C675&ssl=1","contentUrl":"https:\/\/i0.wp.com\/landioustravel.com\/wp-content\/uploads\/2023\/01\/Sharm-El-Naga-Private-Trip-El-Gouna-e1672952125996.jpg?fit=1159%2C675&ssl=1","width":1159,"height":675,"caption":"Sharm El Naga Private Trip El Gouna"},{"@type":"BreadcrumbList","@id":"https:\/\/landioustravel.com\/de\/shop\/sharm-naga-private-reise-gouna\/#breadcrumb","itemListElement":[{"@type":"ListItem","position":1,"name":"Home","item":"https:\/\/landioustravel.com\/de\/"},{"@type":"ListItem","position":2,"name":"\u00c4gypten Touren","item":"https:\/\/landioustravel.com\/de\/"},{"@type":"ListItem","position":3,"name":"Sharm El Naga Private Reise El Gouna"}]},{"@type":"WebSite","@id":"https:\/\/landioustravel.com\/de\/#website","url":"https:\/\/landioustravel.com\/de\/","name":"Landious Travel","description":"Excursions, trips and cruises in Egypt","publisher":{"@id":"https:\/\/landioustravel.com\/de\/#organization"},"potentialAction":[{"@type":"SearchAction","target":{"@type":"EntryPoint","urlTemplate":"https:\/\/landioustravel.com\/de\/?s={search_term_string}"},"query-input":{"@type":"PropertyValueSpecification","valueRequired":true,"valueName":"search_term_string"}}],"inLanguage":"de"},{"@type":["Organization","Place"],"@id":"https:\/\/landioustravel.com\/de\/#organization","name":"Landious Travel","alternateName":"Landious Travel","url":"https:\/\/landioustravel.com\/de\/","logo":{"@id":"https:\/\/landioustravel.com\/de\/shop\/sharm-naga-private-reise-gouna\/#local-main-organization-logo"},"image":{"@id":"https:\/\/landioustravel.com\/de\/shop\/sharm-naga-private-reise-gouna\/#local-main-organization-logo"},"sameAs":["https:\/\/web.facebook.com\/landiousEgypt","https:\/\/x.com\/LandiousTours","https:\/\/mastodon.social\/@landious"],"legalName":"Landious Travel","telephone":[],"openingHoursSpecification":[{"@type":"OpeningHoursSpecification","dayOfWeek":["Monday","Tuesday","Wednesday","Thursday","Friday","Saturday","Sunday"],"opens":"09:00","closes":"17:00"}]},{"@type":"ImageObject","inLanguage":"de","@id":"https:\/\/landioustravel.com\/de\/shop\/sharm-naga-private-reise-gouna\/#local-main-organization-logo","url":"https:\/\/i0.wp.com\/landioustravel.com\/wp-content\/uploads\/2021\/06\/Landious-T.png?fit=500%2C500&ssl=1","contentUrl":"https:\/\/i0.wp.com\/landioustravel.com\/wp-content\/uploads\/2021\/06\/Landious-T.png?fit=500%2C500&ssl=1","width":500,"height":500,"caption":"Landious Travel"}]}},"jetpack_publicize_connections":[],"uagb_featured_image_src":{"full":["https:\/\/i0.wp.com\/landioustravel.com\/wp-content\/uploads\/2023\/01\/Sharm-El-Naga-Private-Trip-El-Gouna-e1672952125996.jpg?fit=1159%2C675&ssl=1",1159,675,false],"thumbnail":["https:\/\/i0.wp.com\/landioustravel.com\/wp-content\/uploads\/2023\/01\/Sharm-El-Naga-Private-Trip-El-Gouna-e1672952125996.jpg?resize=150%2C150&ssl=1",150,150,true],"medium":["https:\/\/i0.wp.com\/landioustravel.com\/wp-content\/uploads\/2023\/01\/Sharm-El-Naga-Private-Trip-El-Gouna-e1672952125996.jpg?fit=300%2C175&ssl=1",300,175,true],"medium_large":["https:\/\/i0.wp.com\/landioustravel.com\/wp-content\/uploads\/2023\/01\/Sharm-El-Naga-Private-Trip-El-Gouna-e1672952125996.jpg?fit=768%2C447&ssl=1",768,447,true],"large":["https:\/\/i0.wp.com\/landioustravel.com\/wp-content\/uploads\/2023\/01\/Sharm-El-Naga-Private-Trip-El-Gouna-e1672952125996.jpg?fit=980%2C570&ssl=1",980,570,true],"1536x1536":["https:\/\/i0.wp.com\/landioustravel.com\/wp-content\/uploads\/2023\/01\/Sharm-El-Naga-Private-Trip-El-Gouna-e1672952125996.jpg?fit=1159%2C675&ssl=1",1159,675,true],"2048x2048":["https:\/\/i0.wp.com\/landioustravel.com\/wp-content\/uploads\/2023\/01\/Sharm-El-Naga-Private-Trip-El-Gouna-e1672952125996.jpg?fit=1159%2C675&ssl=1",1159,675,true],"newspack-article-block-landscape-large":["https:\/\/i0.wp.com\/landioustravel.com\/wp-content\/uploads\/2023\/01\/Sharm-El-Naga-Private-Trip-El-Gouna-e1672952125996.jpg?resize=1159%2C675&ssl=1",1159,675,true],"newspack-article-block-portrait-large":["https:\/\/i0.wp.com\/landioustravel.com\/wp-content\/uploads\/2023\/01\/Sharm-El-Naga-Private-Trip-El-Gouna-e1672952125996.jpg?resize=900%2C675&ssl=1",900,675,true],"newspack-article-block-square-large":["https:\/\/i0.wp.com\/landioustravel.com\/wp-content\/uploads\/2023\/01\/Sharm-El-Naga-Private-Trip-El-Gouna-e1672952125996.jpg?resize=1159%2C675&ssl=1",1159,675,true],"newspack-article-block-landscape-medium":["https:\/\/i0.wp.com\/landioustravel.com\/wp-content\/uploads\/2023\/01\/Sharm-El-Naga-Private-Trip-El-Gouna-e1672952125996.jpg?resize=800%2C600&ssl=1",800,600,true],"newspack-article-block-portrait-medium":["https:\/\/i0.wp.com\/landioustravel.com\/wp-content\/uploads\/2023\/01\/Sharm-El-Naga-Private-Trip-El-Gouna-e1672952125996.jpg?resize=600%2C675&ssl=1",600,675,true],"newspack-article-block-square-medium":["https:\/\/i0.wp.com\/landioustravel.com\/wp-content\/uploads\/2023\/01\/Sharm-El-Naga-Private-Trip-El-Gouna-e1672952125996.jpg?resize=800%2C675&ssl=1",800,675,true],"newspack-article-block-landscape-intermediate":["https:\/\/i0.wp.com\/landioustravel.com\/wp-content\/uploads\/2023\/01\/Sharm-El-Naga-Private-Trip-El-Gouna-e1672952125996.jpg?resize=600%2C450&ssl=1",600,450,true],"newspack-article-block-portrait-intermediate":["https:\/\/i0.wp.com\/landioustravel.com\/wp-content\/uploads\/2023\/01\/Sharm-El-Naga-Private-Trip-El-Gouna-e1672952125996.jpg?resize=450%2C600&ssl=1",450,600,true],"newspack-article-block-square-intermediate":["https:\/\/i0.wp.com\/landioustravel.com\/wp-content\/uploads\/2023\/01\/Sharm-El-Naga-Private-Trip-El-Gouna-e1672952125996.jpg?resize=600%2C600&ssl=1",600,600,true],"newspack-article-block-landscape-small":["https:\/\/i0.wp.com\/landioustravel.com\/wp-content\/uploads\/2023\/01\/Sharm-El-Naga-Private-Trip-El-Gouna-e1672952125996.jpg?resize=400%2C300&ssl=1",400,300,true],"newspack-article-block-portrait-small":["https:\/\/i0.wp.com\/landioustravel.com\/wp-content\/uploads\/2023\/01\/Sharm-El-Naga-Private-Trip-El-Gouna-e1672952125996.jpg?resize=300%2C400&ssl=1",300,400,true],"newspack-article-block-square-small":["https:\/\/i0.wp.com\/landioustravel.com\/wp-content\/uploads\/2023\/01\/Sharm-El-Naga-Private-Trip-El-Gouna-e1672952125996.jpg?resize=400%2C400&ssl=1",400,400,true],"newspack-article-block-landscape-tiny":["https:\/\/i0.wp.com\/landioustravel.com\/wp-content\/uploads\/2023\/01\/Sharm-El-Naga-Private-Trip-El-Gouna-e1672952125996.jpg?resize=200%2C150&ssl=1",200,150,true],"newspack-article-block-portrait-tiny":["https:\/\/i0.wp.com\/landioustravel.com\/wp-content\/uploads\/2023\/01\/Sharm-El-Naga-Private-Trip-El-Gouna-e1672952125996.jpg?resize=150%2C200&ssl=1",150,200,true],"newspack-article-block-square-tiny":["https:\/\/i0.wp.com\/landioustravel.com\/wp-content\/uploads\/2023\/01\/Sharm-El-Naga-Private-Trip-El-Gouna-e1672952125996.jpg?resize=200%2C200&ssl=1",200,200,true],"newspack-article-block-uncropped":["https:\/\/i0.wp.com\/landioustravel.com\/wp-content\/uploads\/2023\/01\/Sharm-El-Naga-Private-Trip-El-Gouna-e1672952125996.jpg?fit=1159%2C675&ssl=1",1159,675,true],"woocommerce_thumbnail":["https:\/\/i0.wp.com\/landioustravel.com\/wp-content\/uploads\/2023\/01\/Sharm-El-Naga-Private-Trip-El-Gouna-e1672952125996.jpg?resize=324%2C324&ssl=1",324,324,true],"woocommerce_single":["https:\/\/i0.wp.com\/landioustravel.com\/wp-content\/uploads\/2023\/01\/Sharm-El-Naga-Private-Trip-El-Gouna-e1672952125996.jpg?fit=416%2C242&ssl=1",416,242,true],"woocommerce_gallery_thumbnail":["https:\/\/i0.wp.com\/landioustravel.com\/wp-content\/uploads\/2023\/01\/Sharm-El-Naga-Private-Trip-El-Gouna-e1672952125996.jpg?resize=100%2C100&ssl=1",100,100,true]},"uagb_author_info":{"display_name":"Mofreh Landious","author_link":"https:\/\/landioustravel.com\/de\/author\/"},"uagb_comment_info":0,"uagb_excerpt":"Entfliehen Sie dem Paradies mit unserem Schnorchelausflug nach Sharm El Naga ab El Gouna! Machen Sie sich bereit f\u00fcr einen Tag voller Abenteuer, Entspannung und Spa\u00df. Sie werden von unserem freundlichen Vertreter in einem komfortablen, klimatisierten Reisebus von Ihrem Hotel in El Gouna zu einem romantischen Ausflug in die Bucht von Sharm El Naga gebracht.&hellip;","jetpack_sharing_enabled":true,"jetpack_likes_enabled":true,"amp_enabled":true,"_links":{"self":[{"href":"https:\/\/landioustravel.com\/de\/wp-json\/wp\/v2\/product\/134984","targetHints":{"allow":["GET"]}}],"collection":[{"href":"https:\/\/landioustravel.com\/de\/wp-json\/wp\/v2\/product"}],"about":[{"href":"https:\/\/landioustravel.com\/de\/wp-json\/wp\/v2\/types\/product"}],"replies":[{"embeddable":true,"href":"https:\/\/landioustravel.com\/de\/wp-json\/wp\/v2\/comments?post=134984"}],"wp:featuredmedia":[{"embeddable":true,"href":"https:\/\/landioustravel.com\/de\/wp-json\/wp\/v2\/media\/134989"}],"wp:attachment":[{"href":"https:\/\/landioustravel.com\/de\/wp-json\/wp\/v2\/media?parent=134984"}],"wp:term":[{"taxonomy":"product_brand","embeddable":true,"href":"https:\/\/landioustravel.com\/de\/wp-json\/wp\/v2\/product_brand?post=134984"},{"taxonomy":"product_cat","embeddable":true,"href":"https:\/\/landioustravel.com\/de\/wp-json\/wp\/v2\/product_cat?post=134984"},{"taxonomy":"product_tag","embeddable":true,"href":"https:\/\/landioustravel.com\/de\/wp-json\/wp\/v2\/product_tag?post=134984"}],"curies":[{"name":"wp","href":"https:\/\/api.w.org\/{rel}","templated":true}]}}