{"id":135008,"date":"2023-01-04T22:04:03","date_gmt":"2023-01-26T21:17:41","guid":{"rendered":"https:\/\/landioustravel.com\/?post_type=product&#038;p=135008"},"modified":"2023-06-15T13:36:59","modified_gmt":"2023-06-15T11:36:59","slug":"private-angelausflug-gouna","status":"publish","type":"product","link":"https:\/\/landioustravel.com\/de\/shop\/private-angelausflug-gouna\/","title":{"rendered":"Private Angelausflug El Gouna"},"content":{"rendered":"<p><strong>Der private Angelausflug El Gouna<\/strong> ist ein angenehmer individueller Angelausflug in El Gouna, Gouvernement Rotes Meer \u2013 \u00c4gypten! Auf dieser Reise k\u00f6nnen Sie sowohl das Meer als auch das professionelle Angeln genie\u00dfen! Wir empfehlen den Ausflug, damit Touristen im Meer angeln k\u00f6nnen. Au\u00dferdem erm\u00f6glicht es einem, die wundersch\u00f6nen Korallenriffe und Fische des Roten Meeres zu sehen. Dar\u00fcber hinaus k\u00f6nnen Sie ein privates Picknick im Roten Meer genie\u00dfen. Es ist eine der sch\u00f6nsten Seereisen in El Gouna!<\/p>\n<h2>H\u00f6hepunkte des individuellen Angelausflugs in El Gouna<\/h2>\n<ul>\n<li>Angeln im offenen Meer.<\/li>\n<li>Schnorcheln mit Maske und Flossen.<\/li>\n<li>Au\u00dferdem Mittagessen auf dem Boot.<\/li>\n<\/ul>\n<h2>Programm der individuellen Angeltour<\/h2>\n<ul>\n<li>Der Vertreter von Landious Travel holt Sie gegen 08:00 Uhr von den Hotels in El Gouna ab.<\/li>\n<li>Nach der Abholung f\u00e4hrt der Bus zum Hafen. Der Weg zum Pier dauert ca. 40 Minuten.<\/li>\n<li>Sie finden Ihr Boot im Hafen. Dieses Boot besteht aus zwei Etagen. So eine gro\u00dfe und schicke Kreuzfahrt! Am liebsten ziehen Sie Ihre Schuhe aus, sobald Sie das Schiff betreten. Dann k\u00f6nnen Sie sich zum Br\u00e4unen in die obere Etage erheben. Oder machen Sie sich bereit f\u00fcr das Schleppangeln.<\/li>\n<\/ul>\n<h3>Schleppangeln &amp; Meerespicknick<\/h3>\n<ul>\n<li>Sobald sich die Gruppe versammelt hat, wird das Boot \u00fcber das Rote Meer segeln. Bis dahin haben Sie zwei M\u00f6glichkeiten: Sonnenbaden und das Picknick auf dem Meer genie\u00dfen oder sich auf das Schleppangeln vorbereiten.<\/li>\n<li>Bitte beachten Sie, dass das Fangen eines Fisches durch Trolling stattfindet, w\u00e4hrend das Boot \u00fcber das Meer segelt. Aus diesem Grund bieten wir zwei Schleppruten am Heck des Bootes an.<\/li>\n<\/ul>\n<h3>Angeln im offenen Meer<\/h3>\n<ul>\n<li>Anschlie\u00dfend wird Ihr Boot im offenen Meer vor Anker gehen. So k\u00f6nnen Sie direkt von seinem Brett aus fischen. Zu dieser Zeit kann jeder fischen gehen.<\/li>\n<li>Nat\u00fcrlich werden Sie diesen Versuch mehr als einmal wiederholen, und die Ver\u00e4nderung h\u00f6rt auf.<\/li>\n<li>Nach diesen Angelstopps treffen Sie sich zum Mittagessen im Speisesaal. W\u00e4hrend der Mittagszeit ist das Buffet ge\u00f6ffnet.<\/li>\n<li>Nach dem Mittagessen k\u00f6nnen Sie im offenen Meer schwimmen und schnorcheln.<\/li>\n<li>Sp\u00e4ter versuchen Sie erneut, woanders Fische zu fangen.<\/li>\n<li>Schlie\u00dflich kehrt das Boot zum Hafen zur\u00fcck.<\/li>\n<\/ul>\n<h3>Zur\u00fcck zuhause<\/h3>\n<ul>\n<li>Schlie\u00dflich bringen wir Sie vom Hafen zur\u00fcck zu Ihrem Hotel.<\/li>\n<li>Dieser private Angelausflug von El Gouna endet gegen 16:30 Uhr.<\/li>\n<\/ul>\n<h2>Was beinhaltet der Preis eines individuellen Angelausflugs nach El Gouna?<\/h2>\n<ul>\n<li>Individuelles Privatboot.<\/li>\n<li>Angelausr\u00fcstung.<\/li>\n<li>Schnorchelausr\u00fcstung.<\/li>\n<li>Essen und Trinken.<\/li>\n<li>Auch Individualtransfer zum Hafen und zur\u00fcck zum Hotel.<\/li>\n<\/ul>\n<h2>Was beinhaltet das Programm der individuellen Angeltour El Gouna nicht?<\/h2>\n<ul>\n<li>Eintrittsgeb\u00fchr (5 USD pro Person)<\/li>\n<li>Video-DVD.<\/li>\n<li>Auch die Foto-CD.<\/li>\n<\/ul>\n<h2>Was nehmen Sie f\u00fcr die Reise mit?<\/h2>\n<ul>\n<li>Handtuch.<\/li>\n<li>Au\u00dferdem Sonnencreme.<\/li>\n<\/ul>\n<h2>Buchungstage des privaten Angelausflugs El Gouna<\/h2>\n<ul>\n<li>T\u00e4glich von 08:00 \u2013 17:00 Uhr.<\/li>\n<\/ul>\n<h2>Dienstleistungen, die w\u00e4hrend des individuellen Angelausflugs in El Gouna pr\u00e4sentiert werden<\/h2>\n<ul>\n<li>Transport: Landious Travel nutzt eine klimatisierte Limousine\/einen Minibus, um Sie zu bedienen. Ein professioneller Fahrer begleitet Sie zum Hafen und zu Ihrem Hotel.<\/li>\n<li>F\u00fchrung: Ein professioneller englischer Reiseleiter holt Sie von Ihren Hotels ab und begleitet Sie zum Hafen.<\/li>\n<li>Bootsausstattung: Unsere Boote sind neu und haben drei Etagen. Diese Boote haben einen Speisesaal, einen Wasserk\u00fchler, eine K\u00fcche und zwei Toiletten. An Bord statten wir diese Boote mit Schwimmwesten, Schnorchelausr\u00fcstung und zwei Trolling-Rollen im ersten Stock aus. Auf dem Sonnendeck befinden sich bequeme Sonnenliegen und ein Zelt.<\/li>\n<li>Team und Personal: Sie werden eine freundliche und professionelle Crew auf dem Boot haben. Unsere Instruktoren und Trainer begleiten Sie w\u00e4hrend der Reise.<\/li>\n<li>Essen: Wir bieten ein k\u00f6stliches Mittagessen auf dem Boot mit verschiedenen Gerichten an.<\/li>\n<\/ul>\n","protected":false},"excerpt":{"rendered":"<p>Erleben Sie den Nervenkitzel des Angelns im Roten Meer und kochen Sie Ihren Fang direkt auf dem Boot! Stellen Sie sich vor, Sie genie\u00dfen zum Mittagessen den frischesten und k\u00f6stlichsten Fisch, umgeben vom atemberaubenden offenen Meer. Diese Angeltour ab El Gouna ist ein Abenteuer, das Sie nicht verpassen sollten! Unser individueller Ausflug f\u00fchrt Sie zu den besten Angelpl\u00e4tzen der Gegend, wo Sie viele Fische fangen und sogar mit Maske und Flossen schwimmen k\u00f6nnen, bevor Sie zur\u00fcckkehren.<\/p>\n","protected":false},"featured_media":134077,"comment_status":"open","ping_status":"closed","template":"","meta":{"_coblocks_attr":"","_coblocks_dimensions":"","_coblocks_responsive_height":"","_coblocks_accordion_ie_support":"","_uag_custom_page_level_css":"","jetpack_post_was_ever_published":false,"jetpack_publicize_message":"","jetpack_publicize_feature_enabled":true,"jetpack_social_post_already_shared":true,"jetpack_social_options":{"image_generator_settings":{"template":"highway","default_image_id":0,"font":"","enabled":false},"version":2},"_wpas_customize_per_network":false},"product_brand":[],"product_cat":[20137,22037],"product_tag":[2168,1653,1844,1843,1774,1777,1778],"class_list":{"0":"post-135008","1":"product","2":"type-product","3":"status-publish","4":"has-post-thumbnail","6":"product_cat-gouna-private-ausfluege","7":"product_cat-gouna-private-seereisen","8":"product_tag-das-fischen","9":"product_tag-ausflug","10":"product_tag-bootsausfluge","11":"product_tag-el-gouna-de","12":"product_tag-hurghada-de","13":"product_tag-meer","14":"product_tag-schnorcheln","16":"first","17":"instock","18":"sale","19":"taxable","20":"shipping-taxable","21":"purchasable","22":"product-type-variable"},"yoast_head":"<!-- This site is optimized with the Yoast SEO Premium plugin v26.9 (Yoast SEO v27.3) - https:\/\/yoast.com\/product\/yoast-seo-premium-wordpress\/ -->\n<title>Private Angelausflug El Gouna<\/title>\n<meta name=\"description\" content=\"Private Angelausflug El Gouna ist ein angenehmer individueller Angelausflug in El Gouna, Gouvernement Rotes Meer \u2013 \u00c4gypten! Auf dieser Reise k\u00f6nnen Sie\" \/>\n<meta name=\"robots\" content=\"index, follow, max-snippet:-1, max-image-preview:large, max-video-preview:-1\" \/>\n<link rel=\"canonical\" href=\"https:\/\/landioustravel.com\/de\/shop\/private-angelausflug-gouna\/\" \/>\n<meta property=\"og:locale\" content=\"de_DE\" \/>\n<meta property=\"og:type\" content=\"article\" \/>\n<meta property=\"og:title\" content=\"Private Angelausflug El Gouna\" \/>\n<meta property=\"og:description\" content=\"Landious Travel\" \/>\n<meta property=\"og:url\" content=\"https:\/\/landioustravel.com\/de\/shop\/private-angelausflug-gouna\/\" \/>\n<meta property=\"og:site_name\" content=\"Landious Travel\" \/>\n<meta property=\"article:publisher\" content=\"https:\/\/web.facebook.com\/landiousEgypt\" \/>\n<meta property=\"article:modified_time\" content=\"2023-06-15T11:36:59+00:00\" \/>\n<meta property=\"og:image\" content=\"https:\/\/i0.wp.com\/landioustravel.com\/wp-content\/uploads\/2023\/01\/Private-Fishing-Trip-El-Gouna-e1672862110903.jpg?fit=1200%2C675&ssl=1\" \/>\n\t<meta property=\"og:image:width\" content=\"1200\" \/>\n\t<meta property=\"og:image:height\" content=\"675\" \/>\n\t<meta property=\"og:image:type\" content=\"image\/jpeg\" \/>\n<meta name=\"twitter:card\" content=\"summary_large_image\" \/>\n<meta name=\"twitter:site\" content=\"@LandiousTours\" \/>\n<meta name=\"twitter:label1\" content=\"Gesch\u00e4tzte Lesezeit\" \/>\n\t<meta name=\"twitter:data1\" content=\"3\u00a0Minuten\" \/>\n<script type=\"application\/ld+json\" class=\"yoast-schema-graph\">{\"@context\":\"https:\\\/\\\/schema.org\",\"@graph\":[{\"@type\":\"WebPage\",\"@id\":\"https:\\\/\\\/landioustravel.com\\\/de\\\/shop\\\/private-angelausflug-gouna\\\/\",\"url\":\"https:\\\/\\\/landioustravel.com\\\/de\\\/shop\\\/private-angelausflug-gouna\\\/\",\"name\":\"Private Angelausflug El Gouna\",\"isPartOf\":{\"@id\":\"https:\\\/\\\/landioustravel.com\\\/de\\\/#website\"},\"primaryImageOfPage\":{\"@id\":\"https:\\\/\\\/landioustravel.com\\\/de\\\/shop\\\/private-angelausflug-gouna\\\/#primaryimage\"},\"image\":{\"@id\":\"https:\\\/\\\/landioustravel.com\\\/de\\\/shop\\\/private-angelausflug-gouna\\\/#primaryimage\"},\"thumbnailUrl\":\"https:\\\/\\\/i0.wp.com\\\/landioustravel.com\\\/wp-content\\\/uploads\\\/2023\\\/01\\\/Private-Fishing-Trip-El-Gouna-e1672862110903.jpg?fit=1200%2C675&ssl=1\",\"datePublished\":\"2023-01-26T21:17:41+00:00\",\"dateModified\":\"2023-06-15T11:36:59+00:00\",\"description\":\"Private Angelausflug El Gouna ist ein angenehmer individueller Angelausflug in El Gouna, Gouvernement Rotes Meer \u2013 \u00c4gypten! Auf dieser Reise k\u00f6nnen Sie\",\"breadcrumb\":{\"@id\":\"https:\\\/\\\/landioustravel.com\\\/de\\\/shop\\\/private-angelausflug-gouna\\\/#breadcrumb\"},\"inLanguage\":\"de\",\"potentialAction\":[{\"@type\":\"ReadAction\",\"target\":[\"https:\\\/\\\/landioustravel.com\\\/de\\\/shop\\\/private-angelausflug-gouna\\\/\"]}]},{\"@type\":\"ImageObject\",\"inLanguage\":\"de\",\"@id\":\"https:\\\/\\\/landioustravel.com\\\/de\\\/shop\\\/private-angelausflug-gouna\\\/#primaryimage\",\"url\":\"https:\\\/\\\/i0.wp.com\\\/landioustravel.com\\\/wp-content\\\/uploads\\\/2023\\\/01\\\/Private-Fishing-Trip-El-Gouna-e1672862110903.jpg?fit=1200%2C675&ssl=1\",\"contentUrl\":\"https:\\\/\\\/i0.wp.com\\\/landioustravel.com\\\/wp-content\\\/uploads\\\/2023\\\/01\\\/Private-Fishing-Trip-El-Gouna-e1672862110903.jpg?fit=1200%2C675&ssl=1\",\"width\":1200,\"height\":675,\"caption\":\"Private Fishing Trip El Gouna\"},{\"@type\":\"BreadcrumbList\",\"@id\":\"https:\\\/\\\/landioustravel.com\\\/de\\\/shop\\\/private-angelausflug-gouna\\\/#breadcrumb\",\"itemListElement\":[{\"@type\":\"ListItem\",\"position\":1,\"name\":\"Home\",\"item\":\"https:\\\/\\\/landioustravel.com\\\/de\\\/\"},{\"@type\":\"ListItem\",\"position\":2,\"name\":\"\u00c4gypten Touren\",\"item\":\"https:\\\/\\\/landioustravel.com\\\/de\\\/\"},{\"@type\":\"ListItem\",\"position\":3,\"name\":\"Private Angelausflug El Gouna\"}]},{\"@type\":\"WebSite\",\"@id\":\"https:\\\/\\\/landioustravel.com\\\/de\\\/#website\",\"url\":\"https:\\\/\\\/landioustravel.com\\\/de\\\/\",\"name\":\"Landious Travel\",\"description\":\"Excursions, trips and cruises in Egypt\",\"publisher\":{\"@id\":\"https:\\\/\\\/landioustravel.com\\\/de\\\/#organization\"},\"potentialAction\":[{\"@type\":\"SearchAction\",\"target\":{\"@type\":\"EntryPoint\",\"urlTemplate\":\"https:\\\/\\\/landioustravel.com\\\/de\\\/?s={search_term_string}\"},\"query-input\":{\"@type\":\"PropertyValueSpecification\",\"valueRequired\":true,\"valueName\":\"search_term_string\"}}],\"inLanguage\":\"de\"},{\"@type\":[\"Organization\",\"Place\"],\"@id\":\"https:\\\/\\\/landioustravel.com\\\/de\\\/#organization\",\"name\":\"Landious Travel\",\"alternateName\":\"Landious Travel\",\"url\":\"https:\\\/\\\/landioustravel.com\\\/de\\\/\",\"logo\":{\"@id\":\"https:\\\/\\\/landioustravel.com\\\/de\\\/shop\\\/private-angelausflug-gouna\\\/#local-main-organization-logo\"},\"image\":{\"@id\":\"https:\\\/\\\/landioustravel.com\\\/de\\\/shop\\\/private-angelausflug-gouna\\\/#local-main-organization-logo\"},\"sameAs\":[\"https:\\\/\\\/web.facebook.com\\\/landiousEgypt\",\"https:\\\/\\\/x.com\\\/LandiousTours\",\"https:\\\/\\\/mastodon.social\\\/@landious\"],\"legalName\":\"Landious Travel\",\"telephone\":[],\"openingHoursSpecification\":[{\"@type\":\"OpeningHoursSpecification\",\"dayOfWeek\":[\"Monday\",\"Tuesday\",\"Wednesday\",\"Thursday\",\"Friday\",\"Saturday\",\"Sunday\"],\"opens\":\"09:00\",\"closes\":\"17:00\"}]},{\"@type\":\"ImageObject\",\"inLanguage\":\"de\",\"@id\":\"https:\\\/\\\/landioustravel.com\\\/de\\\/shop\\\/private-angelausflug-gouna\\\/#local-main-organization-logo\",\"url\":\"https:\\\/\\\/i0.wp.com\\\/landioustravel.com\\\/wp-content\\\/uploads\\\/2021\\\/06\\\/Landious-T.png?fit=500%2C500&ssl=1\",\"contentUrl\":\"https:\\\/\\\/i0.wp.com\\\/landioustravel.com\\\/wp-content\\\/uploads\\\/2021\\\/06\\\/Landious-T.png?fit=500%2C500&ssl=1\",\"width\":500,\"height\":500,\"caption\":\"Landious Travel\"}]}<\/script>\n<!-- \/ Yoast SEO Premium plugin. -->","yoast_head_json":{"title":"Private Angelausflug El Gouna","description":"Private Angelausflug El Gouna ist ein angenehmer individueller Angelausflug in El Gouna, Gouvernement Rotes Meer \u2013 \u00c4gypten! Auf dieser Reise k\u00f6nnen Sie","robots":{"index":"index","follow":"follow","max-snippet":"max-snippet:-1","max-image-preview":"max-image-preview:large","max-video-preview":"max-video-preview:-1"},"canonical":"https:\/\/landioustravel.com\/de\/shop\/private-angelausflug-gouna\/","og_locale":"de_DE","og_type":"article","og_title":"Private Angelausflug El Gouna","og_description":"Landious Travel","og_url":"https:\/\/landioustravel.com\/de\/shop\/private-angelausflug-gouna\/","og_site_name":"Landious Travel","article_publisher":"https:\/\/web.facebook.com\/landiousEgypt","article_modified_time":"2023-06-15T11:36:59+00:00","og_image":[{"width":1200,"height":675,"url":"https:\/\/i0.wp.com\/landioustravel.com\/wp-content\/uploads\/2023\/01\/Private-Fishing-Trip-El-Gouna-e1672862110903.jpg?fit=1200%2C675&ssl=1","type":"image\/jpeg"}],"twitter_card":"summary_large_image","twitter_site":"@LandiousTours","twitter_misc":{"Gesch\u00e4tzte Lesezeit":"3\u00a0Minuten"},"schema":{"@context":"https:\/\/schema.org","@graph":[{"@type":"WebPage","@id":"https:\/\/landioustravel.com\/de\/shop\/private-angelausflug-gouna\/","url":"https:\/\/landioustravel.com\/de\/shop\/private-angelausflug-gouna\/","name":"Private Angelausflug El Gouna","isPartOf":{"@id":"https:\/\/landioustravel.com\/de\/#website"},"primaryImageOfPage":{"@id":"https:\/\/landioustravel.com\/de\/shop\/private-angelausflug-gouna\/#primaryimage"},"image":{"@id":"https:\/\/landioustravel.com\/de\/shop\/private-angelausflug-gouna\/#primaryimage"},"thumbnailUrl":"https:\/\/i0.wp.com\/landioustravel.com\/wp-content\/uploads\/2023\/01\/Private-Fishing-Trip-El-Gouna-e1672862110903.jpg?fit=1200%2C675&ssl=1","datePublished":"2023-01-26T21:17:41+00:00","dateModified":"2023-06-15T11:36:59+00:00","description":"Private Angelausflug El Gouna ist ein angenehmer individueller Angelausflug in El Gouna, Gouvernement Rotes Meer \u2013 \u00c4gypten! Auf dieser Reise k\u00f6nnen Sie","breadcrumb":{"@id":"https:\/\/landioustravel.com\/de\/shop\/private-angelausflug-gouna\/#breadcrumb"},"inLanguage":"de","potentialAction":[{"@type":"ReadAction","target":["https:\/\/landioustravel.com\/de\/shop\/private-angelausflug-gouna\/"]}]},{"@type":"ImageObject","inLanguage":"de","@id":"https:\/\/landioustravel.com\/de\/shop\/private-angelausflug-gouna\/#primaryimage","url":"https:\/\/i0.wp.com\/landioustravel.com\/wp-content\/uploads\/2023\/01\/Private-Fishing-Trip-El-Gouna-e1672862110903.jpg?fit=1200%2C675&ssl=1","contentUrl":"https:\/\/i0.wp.com\/landioustravel.com\/wp-content\/uploads\/2023\/01\/Private-Fishing-Trip-El-Gouna-e1672862110903.jpg?fit=1200%2C675&ssl=1","width":1200,"height":675,"caption":"Private Fishing Trip El Gouna"},{"@type":"BreadcrumbList","@id":"https:\/\/landioustravel.com\/de\/shop\/private-angelausflug-gouna\/#breadcrumb","itemListElement":[{"@type":"ListItem","position":1,"name":"Home","item":"https:\/\/landioustravel.com\/de\/"},{"@type":"ListItem","position":2,"name":"\u00c4gypten Touren","item":"https:\/\/landioustravel.com\/de\/"},{"@type":"ListItem","position":3,"name":"Private Angelausflug El Gouna"}]},{"@type":"WebSite","@id":"https:\/\/landioustravel.com\/de\/#website","url":"https:\/\/landioustravel.com\/de\/","name":"Landious Travel","description":"Excursions, trips and cruises in Egypt","publisher":{"@id":"https:\/\/landioustravel.com\/de\/#organization"},"potentialAction":[{"@type":"SearchAction","target":{"@type":"EntryPoint","urlTemplate":"https:\/\/landioustravel.com\/de\/?s={search_term_string}"},"query-input":{"@type":"PropertyValueSpecification","valueRequired":true,"valueName":"search_term_string"}}],"inLanguage":"de"},{"@type":["Organization","Place"],"@id":"https:\/\/landioustravel.com\/de\/#organization","name":"Landious Travel","alternateName":"Landious Travel","url":"https:\/\/landioustravel.com\/de\/","logo":{"@id":"https:\/\/landioustravel.com\/de\/shop\/private-angelausflug-gouna\/#local-main-organization-logo"},"image":{"@id":"https:\/\/landioustravel.com\/de\/shop\/private-angelausflug-gouna\/#local-main-organization-logo"},"sameAs":["https:\/\/web.facebook.com\/landiousEgypt","https:\/\/x.com\/LandiousTours","https:\/\/mastodon.social\/@landious"],"legalName":"Landious Travel","telephone":[],"openingHoursSpecification":[{"@type":"OpeningHoursSpecification","dayOfWeek":["Monday","Tuesday","Wednesday","Thursday","Friday","Saturday","Sunday"],"opens":"09:00","closes":"17:00"}]},{"@type":"ImageObject","inLanguage":"de","@id":"https:\/\/landioustravel.com\/de\/shop\/private-angelausflug-gouna\/#local-main-organization-logo","url":"https:\/\/i0.wp.com\/landioustravel.com\/wp-content\/uploads\/2021\/06\/Landious-T.png?fit=500%2C500&ssl=1","contentUrl":"https:\/\/i0.wp.com\/landioustravel.com\/wp-content\/uploads\/2021\/06\/Landious-T.png?fit=500%2C500&ssl=1","width":500,"height":500,"caption":"Landious Travel"}]}},"jetpack_publicize_connections":[],"uagb_featured_image_src":{"full":["https:\/\/i0.wp.com\/landioustravel.com\/wp-content\/uploads\/2023\/01\/Private-Fishing-Trip-El-Gouna-e1672862110903.jpg?fit=1200%2C675&ssl=1",1200,675,false],"thumbnail":["https:\/\/i0.wp.com\/landioustravel.com\/wp-content\/uploads\/2023\/01\/Private-Fishing-Trip-El-Gouna-e1672862110903.jpg?resize=150%2C150&ssl=1",150,150,true],"medium":["https:\/\/i0.wp.com\/landioustravel.com\/wp-content\/uploads\/2023\/01\/Private-Fishing-Trip-El-Gouna-e1672862110903.jpg?fit=300%2C169&ssl=1",300,169,true],"medium_large":["https:\/\/i0.wp.com\/landioustravel.com\/wp-content\/uploads\/2023\/01\/Private-Fishing-Trip-El-Gouna-e1672862110903.jpg?fit=768%2C432&ssl=1",768,432,true],"large":["https:\/\/i0.wp.com\/landioustravel.com\/wp-content\/uploads\/2023\/01\/Private-Fishing-Trip-El-Gouna-e1672862110903.jpg?fit=980%2C551&ssl=1",980,551,true],"1536x1536":["https:\/\/i0.wp.com\/landioustravel.com\/wp-content\/uploads\/2023\/01\/Private-Fishing-Trip-El-Gouna-e1672862110903.jpg?fit=1200%2C675&ssl=1",1200,675,true],"2048x2048":["https:\/\/i0.wp.com\/landioustravel.com\/wp-content\/uploads\/2023\/01\/Private-Fishing-Trip-El-Gouna-e1672862110903.jpg?fit=1200%2C675&ssl=1",1200,675,true],"newspack-article-block-landscape-large":["https:\/\/i0.wp.com\/landioustravel.com\/wp-content\/uploads\/2023\/01\/Private-Fishing-Trip-El-Gouna-e1672862110903.jpg?resize=1200%2C675&ssl=1",1200,675,true],"newspack-article-block-portrait-large":["https:\/\/i0.wp.com\/landioustravel.com\/wp-content\/uploads\/2023\/01\/Private-Fishing-Trip-El-Gouna-e1672862110903.jpg?resize=900%2C675&ssl=1",900,675,true],"newspack-article-block-square-large":["https:\/\/i0.wp.com\/landioustravel.com\/wp-content\/uploads\/2023\/01\/Private-Fishing-Trip-El-Gouna-e1672862110903.jpg?resize=1200%2C675&ssl=1",1200,675,true],"newspack-article-block-landscape-medium":["https:\/\/i0.wp.com\/landioustravel.com\/wp-content\/uploads\/2023\/01\/Private-Fishing-Trip-El-Gouna-e1672862110903.jpg?resize=800%2C600&ssl=1",800,600,true],"newspack-article-block-portrait-medium":["https:\/\/i0.wp.com\/landioustravel.com\/wp-content\/uploads\/2023\/01\/Private-Fishing-Trip-El-Gouna-e1672862110903.jpg?resize=600%2C675&ssl=1",600,675,true],"newspack-article-block-square-medium":["https:\/\/i0.wp.com\/landioustravel.com\/wp-content\/uploads\/2023\/01\/Private-Fishing-Trip-El-Gouna-e1672862110903.jpg?resize=800%2C675&ssl=1",800,675,true],"newspack-article-block-landscape-intermediate":["https:\/\/i0.wp.com\/landioustravel.com\/wp-content\/uploads\/2023\/01\/Private-Fishing-Trip-El-Gouna-e1672862110903.jpg?resize=600%2C450&ssl=1",600,450,true],"newspack-article-block-portrait-intermediate":["https:\/\/i0.wp.com\/landioustravel.com\/wp-content\/uploads\/2023\/01\/Private-Fishing-Trip-El-Gouna-e1672862110903.jpg?resize=450%2C600&ssl=1",450,600,true],"newspack-article-block-square-intermediate":["https:\/\/i0.wp.com\/landioustravel.com\/wp-content\/uploads\/2023\/01\/Private-Fishing-Trip-El-Gouna-e1672862110903.jpg?resize=600%2C600&ssl=1",600,600,true],"newspack-article-block-landscape-small":["https:\/\/i0.wp.com\/landioustravel.com\/wp-content\/uploads\/2023\/01\/Private-Fishing-Trip-El-Gouna-e1672862110903.jpg?resize=400%2C300&ssl=1",400,300,true],"newspack-article-block-portrait-small":["https:\/\/i0.wp.com\/landioustravel.com\/wp-content\/uploads\/2023\/01\/Private-Fishing-Trip-El-Gouna-e1672862110903.jpg?resize=300%2C400&ssl=1",300,400,true],"newspack-article-block-square-small":["https:\/\/i0.wp.com\/landioustravel.com\/wp-content\/uploads\/2023\/01\/Private-Fishing-Trip-El-Gouna-e1672862110903.jpg?resize=400%2C400&ssl=1",400,400,true],"newspack-article-block-landscape-tiny":["https:\/\/i0.wp.com\/landioustravel.com\/wp-content\/uploads\/2023\/01\/Private-Fishing-Trip-El-Gouna-e1672862110903.jpg?resize=200%2C150&ssl=1",200,150,true],"newspack-article-block-portrait-tiny":["https:\/\/i0.wp.com\/landioustravel.com\/wp-content\/uploads\/2023\/01\/Private-Fishing-Trip-El-Gouna-e1672862110903.jpg?resize=150%2C200&ssl=1",150,200,true],"newspack-article-block-square-tiny":["https:\/\/i0.wp.com\/landioustravel.com\/wp-content\/uploads\/2023\/01\/Private-Fishing-Trip-El-Gouna-e1672862110903.jpg?resize=200%2C200&ssl=1",200,200,true],"newspack-article-block-uncropped":["https:\/\/i0.wp.com\/landioustravel.com\/wp-content\/uploads\/2023\/01\/Private-Fishing-Trip-El-Gouna-e1672862110903.jpg?fit=1200%2C675&ssl=1",1200,675,true],"woocommerce_thumbnail":["https:\/\/i0.wp.com\/landioustravel.com\/wp-content\/uploads\/2023\/01\/Private-Fishing-Trip-El-Gouna-e1672862110903.jpg?resize=324%2C324&ssl=1",324,324,true],"woocommerce_single":["https:\/\/i0.wp.com\/landioustravel.com\/wp-content\/uploads\/2023\/01\/Private-Fishing-Trip-El-Gouna-e1672862110903.jpg?fit=416%2C234&ssl=1",416,234,true],"woocommerce_gallery_thumbnail":["https:\/\/i0.wp.com\/landioustravel.com\/wp-content\/uploads\/2023\/01\/Private-Fishing-Trip-El-Gouna-e1672862110903.jpg?resize=100%2C100&ssl=1",100,100,true]},"uagb_author_info":{"display_name":"Mofreh Landious","author_link":"https:\/\/landioustravel.com\/de\/author\/"},"uagb_comment_info":0,"uagb_excerpt":"Erleben Sie den Nervenkitzel des Angelns im Roten Meer und kochen Sie Ihren Fang direkt auf dem Boot! Stellen Sie sich vor, Sie genie\u00dfen zum Mittagessen den frischesten und k\u00f6stlichsten Fisch, umgeben vom atemberaubenden offenen Meer. Diese Angeltour ab El Gouna ist ein Abenteuer, das Sie nicht verpassen sollten! Unser individueller Ausflug f\u00fchrt Sie zu&hellip;","jetpack_sharing_enabled":true,"jetpack_likes_enabled":true,"amp_enabled":true,"_links":{"self":[{"href":"https:\/\/landioustravel.com\/de\/wp-json\/wp\/v2\/product\/135008","targetHints":{"allow":["GET"]}}],"collection":[{"href":"https:\/\/landioustravel.com\/de\/wp-json\/wp\/v2\/product"}],"about":[{"href":"https:\/\/landioustravel.com\/de\/wp-json\/wp\/v2\/types\/product"}],"replies":[{"embeddable":true,"href":"https:\/\/landioustravel.com\/de\/wp-json\/wp\/v2\/comments?post=135008"}],"wp:featuredmedia":[{"embeddable":true,"href":"https:\/\/landioustravel.com\/de\/wp-json\/wp\/v2\/media\/134077"}],"wp:attachment":[{"href":"https:\/\/landioustravel.com\/de\/wp-json\/wp\/v2\/media?parent=135008"}],"wp:term":[{"taxonomy":"product_brand","embeddable":true,"href":"https:\/\/landioustravel.com\/de\/wp-json\/wp\/v2\/product_brand?post=135008"},{"taxonomy":"product_cat","embeddable":true,"href":"https:\/\/landioustravel.com\/de\/wp-json\/wp\/v2\/product_cat?post=135008"},{"taxonomy":"product_tag","embeddable":true,"href":"https:\/\/landioustravel.com\/de\/wp-json\/wp\/v2\/product_tag?post=135008"}],"curies":[{"name":"wp","href":"https:\/\/api.w.org\/{rel}","templated":true}]}}