{"id":135021,"date":"2023-01-04T03:42:13","date_gmt":"2023-01-26T21:49:54","guid":{"rendered":"https:\/\/landioustravel.com\/?post_type=product&#038;p=135021"},"modified":"2023-06-15T14:25:49","modified_gmt":"2023-06-15T12:25:49","slug":"bahariya-oasentour-gouna","status":"publish","type":"product","link":"https:\/\/landioustravel.com\/de\/shop\/bahariya-oasentour-gouna\/","title":{"rendered":"Bahariya Oasentour El Gouna"},"content":{"rendered":"<p><strong>Bahariya Oasentour El Gouna<\/strong> ist eine wundersch\u00f6ne zweit\u00e4gige Tour zur Bahariya Oasis von El Gouna, \u00c4gypten! Wir empfehlen diesen Tagesausflug gerne, denn er erm\u00f6glicht Touristen, die fantastischsten Sehensw\u00fcrdigkeiten und Denkm\u00e4ler in dieser Oase zu sehen. In der Tat wird es erm\u00f6glichen, die W\u00fcstennatur mit ihren undurchdringlichen Ausblicken zu genie\u00dfen; und die alt\u00e4gyptischen Denkm\u00e4ler. Diese Reise beinhaltet viele Aktivit\u00e4ten wie W\u00fcstensafari, Reisen, Sightseeing und Camping. Es wird ein unvergessliches Erlebnis und ein aufregendes Abenteuer in \u00c4gypten!<\/p>\n<h2>H\u00f6hepunkte der Bahariya Oasentour Tour von El Gouna<\/h2>\n<ul>\n<li>Besuchen Sie die Oase Bahariya.<\/li>\n<li>Besuchen Sie die Schwarze W\u00fcste und die nat\u00fcrlichen hei\u00dfen Quellen von El Haize.<\/li>\n<li>Mittagessen.<\/li>\n<li>Kristallberg.<\/li>\n<li>Tal von Agabat.<\/li>\n<li>Nationalpark Wei\u00dfe W\u00fcste.<\/li>\n<li>Camping in der wei\u00dfen W\u00fcste.<\/li>\n<li>Auch Golden Mumien-Showroom und Nobles Tombs.<\/li>\n<\/ul>\n<h2>Programm f\u00fcr einen privaten Ausflug in die Oase Baharyia<\/h2>\n<ul>\n<li>Der Vertreter von Landious Travel holt Sie gegen 02:00 Uhr vom Hotel (in El Gouna) ab.<\/li>\n<li>Sobald wir jede Ecke ausgew\u00e4hlt haben, f\u00e4hrt ein privates Fahrzeug (Limousine oder Minibus) direkt zur Oase Bahariya. Der Weg vom Zentrum von El Gouna nach Baharyia dauert ungef\u00e4hr 7 Stunden.<\/li>\n<\/ul>\n<h3>Ersttagsprogramm in der Oase Baharyia<\/h3>\n<ul>\n<li>Sobald Sie in der Oase Bahariya ankommen, werden Sie zu Mittag essen. Dann besuchen Sie die Schwarze W\u00fcste und die nat\u00fcrliche hei\u00dfe Quelle von El Haize \u2013 wir nennen sie auch St. George Oasis. Danach fahren Sie zum Kristallberg und den Felsformationen im Tal von Agabat.<\/li>\n<li>Die Fahrt zur Oase Bahariya geht weiter. Weiter geht es zum White Desert National Park \u2013 \u00c4gyptens bekanntestes W\u00fcstenziel. Erstaunlicherweise ist die Anzahl der wundersch\u00f6nen, vom Wind geschnitzten Felsformationen, die wie riesige Pilze oder Kiesel geformt sind, etwas Herausragendes im Vergleich zu jeder W\u00fcste der Welt.<\/li>\n<li>Wenn es Abend wird, campen Sie in der wei\u00dfen W\u00fcste oder wir \u00fcbernachten im Oasenhotel Farafra. Das h\u00e4ngt nat\u00fcrlich von der Verf\u00fcgbarkeit ab.<\/li>\n<\/ul>\n<h3>Programm am zweiten Tag in der Oase Baharyia<\/h3>\n<ul>\n<li>Der zweite Tag der Tour zur Oase Bahariya beginnt mit dem Fr\u00fchst\u00fcck. Dann fahren Sie zum goldenen Mumienausstellungsraum. Danach genie\u00dfen Sie einen Besuch der Noble Tombs \u2013 eine riesige Bestattung in der Oase Bahariya, die auf die 26. Dynastie zur\u00fcckgeht.<\/li>\n<li>Der n\u00e4chste Halt wird auf dem Gipfel des Schwarzen Berges sein. In der Tat werden Sie so viel Spa\u00df daran haben, diesen Berg zu besteigen!<\/li>\n<li>Nach all diesen Abenteuern und dem Spa\u00df genie\u00dfen Sie ein Mittagessen, bevor Sie sich von diesem besonderen Ort verabschieden.<\/li>\n<\/ul>\n<h3>Abfahrt<\/h3>\n<ul>\n<li>Schlie\u00dflich kehren Sie nach dem Programm der Wei\u00dfen und Schwarzen W\u00fcste zu den Hotels zur\u00fcck.<\/li>\n<li>Diese Tour zur Bahariya-Oase ab El Gouna endet am zweiten Tag gegen 23:00 Uhr.<\/li>\n<\/ul>\n<h2>Was beinhaltet der Preis der Bahariya Oasis Tour El Gouna?<\/h2>\n<ul>\n<li>Eintrittskarten f\u00fcr Tempelbesuche.<\/li>\n<li>Getr\u00e4nke.<\/li>\n<li>Privater F\u00fchrer.<\/li>\n<li>Der Preis beinhaltet auch private klimatisierte Fahrzeuge.<\/li>\n<li>Transfer mit einem privaten 4\u00d74-Fahrzeug in die Wei\u00dfe und Schwarze W\u00fcste.<\/li>\n<li>Au\u00dferdem ist eine \u00dcbernachtung in der W\u00fcste (Camping) enthalten.<\/li>\n<li>Au\u00dferdem erhalten Ausfl\u00fcgler ein Fr\u00fchst\u00fcck, zwei Mittagessen und ein Abendessen.<\/li>\n<\/ul>\n<h2>Was beinhaltet das Programm der Bahariya Oasis Tour El Gouna nicht?<\/h2>\n<ul>\n<li>Kippen<\/li>\n<li>Zus\u00e4tzliche Programme, falls nicht im obigen Programm enthalten.<\/li>\n<\/ul>\n<h2>WAS MUSS MAN F\u00dcR DIE REISE MITNEHMEN?<\/h2>\n<ul>\n<li>Reisepass.<\/li>\n<li>Sonnenbrille.<\/li>\n<li>Tragen Sie auch Kleidung f\u00fcr die Saison mit sich.<\/li>\n<\/ul>\n<h2>Buchungstage der Bahariya Oasis Tour El Gouna<\/h2>\n<ul>\n<li>T\u00e4glich von 08:00 \u2013 16:00 Uhr zweiter Tag.<\/li>\n<\/ul>\n","protected":false},"excerpt":{"rendered":"<p>Begeben Sie sich von El Gouna aus auf einen aufregenden zweit\u00e4gigen Ausflug in die bezaubernde Wei\u00dfe W\u00fcste und die Bahariya-Oase! Tauchen Sie ein in die faszinierende Sch\u00f6nheit der \u00e4gyptischen W\u00fcste, wo unber\u00fchrte Natur und reiche Geschichte zu einem unvergesslichen Abenteuer zusammenkommen. Machen Sie sich bereit, die Schwarz-Wei\u00df-W\u00fcste, die nat\u00fcrliche hei\u00dfe Quelle von El Haize, den Crystal Mountain, das Tal von Agabat, den White Desert National Park, den Golden Mummy Showroom und die Nobles Tombs zu erkunden. Diese aufregende Tour ist Ihre Chance, die beeindruckenden Wunder der W\u00fcste zu erleben und k\u00f6stliche Speisen und Getr\u00e4nke zu genie\u00dfen. Packen Sie also Ihre Koffer und machen Sie sich bereit f\u00fcr den Nervenkitzel Ihres Lebens!<\/p>\n","protected":false},"featured_media":133894,"comment_status":"open","ping_status":"closed","template":"","meta":{"_coblocks_attr":"","_coblocks_dimensions":"","_coblocks_responsive_height":"","_coblocks_accordion_ie_support":"","_uag_custom_page_level_css":"","jetpack_publicize_message":"","jetpack_publicize_feature_enabled":true,"jetpack_social_post_already_shared":true,"jetpack_social_options":{"image_generator_settings":{"template":"highway","default_image_id":0,"font":"","enabled":false},"version":2},"_wpas_customize_per_network":false},"product_brand":[],"product_cat":[20137,22036],"product_tag":[1653,9906,1843,19039,2177,2113],"class_list":{"0":"post-135021","1":"product","2":"type-product","3":"status-publish","4":"has-post-thumbnail","6":"product_cat-gouna-private-ausfluege","7":"product_cat-gouna-private-safari-touren","8":"product_tag-ausflug","9":"product_tag-besichtigung","10":"product_tag-el-gouna-de","11":"product_tag-jeepsafari-de","12":"product_tag-safari-de","13":"product_tag-wustensafari","15":"first","16":"instock","17":"sale","18":"taxable","19":"shipping-taxable","20":"purchasable","21":"product-type-variable"},"yoast_head":"<!-- This site is optimized with the Yoast SEO Premium plugin v27.5 (Yoast SEO v27.5) - https:\/\/yoast.com\/product\/yoast-seo-premium-wordpress\/ -->\n<title>Bahariya Oasentour El Gouna<\/title>\n<meta name=\"description\" content=\"Bahariya Oasentour El Gouna ist eine wundersch\u00f6ne zweit\u00e4gige Tour zur Bahariya Oasis von El Gouna, \u00c4gypten! Wir empfehlen diesen Tagesausflug gerne, denn\" \/>\n<meta name=\"robots\" content=\"index, follow, max-snippet:-1, max-image-preview:large, max-video-preview:-1\" \/>\n<link rel=\"canonical\" href=\"https:\/\/landioustravel.com\/de\/shop\/bahariya-oasentour-gouna\/\" \/>\n<meta property=\"og:locale\" content=\"de_DE\" \/>\n<meta property=\"og:type\" content=\"article\" \/>\n<meta property=\"og:title\" content=\"Bahariya Oasentour El Gouna\" \/>\n<meta property=\"og:description\" content=\"Landious Travel\" \/>\n<meta property=\"og:url\" content=\"https:\/\/landioustravel.com\/de\/shop\/bahariya-oasentour-gouna\/\" \/>\n<meta property=\"og:site_name\" content=\"Landious Travel\" \/>\n<meta property=\"article:publisher\" content=\"https:\/\/web.facebook.com\/landiousEgypt\" \/>\n<meta property=\"article:modified_time\" content=\"2023-06-15T12:25:49+00:00\" \/>\n<meta property=\"og:image\" content=\"https:\/\/i0.wp.com\/landioustravel.com\/wp-content\/uploads\/2023\/01\/Bahariya-Oasis-Tour-El-Gouna-e1672795975320.jpg?fit=1200%2C675&ssl=1\" \/>\n\t<meta property=\"og:image:width\" content=\"1200\" \/>\n\t<meta property=\"og:image:height\" content=\"675\" \/>\n\t<meta property=\"og:image:type\" content=\"image\/jpeg\" \/>\n<meta name=\"twitter:card\" content=\"summary_large_image\" \/>\n<meta name=\"twitter:site\" content=\"@LandiousTours\" \/>\n<meta name=\"twitter:label1\" content=\"Gesch\u00e4tzte Lesezeit\" \/>\n\t<meta name=\"twitter:data1\" content=\"3\u00a0Minuten\" \/>\n<script type=\"application\/ld+json\" class=\"yoast-schema-graph\">{\"@context\":\"https:\\\/\\\/schema.org\",\"@graph\":[{\"@type\":\"WebPage\",\"@id\":\"https:\\\/\\\/landioustravel.com\\\/de\\\/shop\\\/bahariya-oasentour-gouna\\\/\",\"url\":\"https:\\\/\\\/landioustravel.com\\\/de\\\/shop\\\/bahariya-oasentour-gouna\\\/\",\"name\":\"Bahariya Oasentour El Gouna\",\"isPartOf\":{\"@id\":\"https:\\\/\\\/landioustravel.com\\\/de\\\/#website\"},\"primaryImageOfPage\":{\"@id\":\"https:\\\/\\\/landioustravel.com\\\/de\\\/shop\\\/bahariya-oasentour-gouna\\\/#primaryimage\"},\"image\":{\"@id\":\"https:\\\/\\\/landioustravel.com\\\/de\\\/shop\\\/bahariya-oasentour-gouna\\\/#primaryimage\"},\"thumbnailUrl\":\"https:\\\/\\\/i0.wp.com\\\/landioustravel.com\\\/wp-content\\\/uploads\\\/2023\\\/01\\\/Bahariya-Oasis-Tour-El-Gouna-e1672795975320.jpg?fit=1200%2C675&ssl=1\",\"datePublished\":\"2023-01-26T21:49:54+00:00\",\"dateModified\":\"2023-06-15T12:25:49+00:00\",\"description\":\"Bahariya Oasentour El Gouna ist eine wundersch\u00f6ne zweit\u00e4gige Tour zur Bahariya Oasis von El Gouna, \u00c4gypten! Wir empfehlen diesen Tagesausflug gerne, denn\",\"breadcrumb\":{\"@id\":\"https:\\\/\\\/landioustravel.com\\\/de\\\/shop\\\/bahariya-oasentour-gouna\\\/#breadcrumb\"},\"inLanguage\":\"de\",\"potentialAction\":[{\"@type\":\"ReadAction\",\"target\":[\"https:\\\/\\\/landioustravel.com\\\/de\\\/shop\\\/bahariya-oasentour-gouna\\\/\"]}]},{\"@type\":\"ImageObject\",\"inLanguage\":\"de\",\"@id\":\"https:\\\/\\\/landioustravel.com\\\/de\\\/shop\\\/bahariya-oasentour-gouna\\\/#primaryimage\",\"url\":\"https:\\\/\\\/i0.wp.com\\\/landioustravel.com\\\/wp-content\\\/uploads\\\/2023\\\/01\\\/Bahariya-Oasis-Tour-El-Gouna-e1672795975320.jpg?fit=1200%2C675&ssl=1\",\"contentUrl\":\"https:\\\/\\\/i0.wp.com\\\/landioustravel.com\\\/wp-content\\\/uploads\\\/2023\\\/01\\\/Bahariya-Oasis-Tour-El-Gouna-e1672795975320.jpg?fit=1200%2C675&ssl=1\",\"width\":1200,\"height\":675,\"caption\":\"Bahariya Oasis Tour El Gouna\"},{\"@type\":\"BreadcrumbList\",\"@id\":\"https:\\\/\\\/landioustravel.com\\\/de\\\/shop\\\/bahariya-oasentour-gouna\\\/#breadcrumb\",\"itemListElement\":[{\"@type\":\"ListItem\",\"position\":1,\"name\":\"Home\",\"item\":\"https:\\\/\\\/landioustravel.com\\\/de\\\/\"},{\"@type\":\"ListItem\",\"position\":2,\"name\":\"\u00c4gypten Touren\",\"item\":\"https:\\\/\\\/landioustravel.com\\\/de\\\/\"},{\"@type\":\"ListItem\",\"position\":3,\"name\":\"Bahariya Oasentour El Gouna\"}]},{\"@type\":\"WebSite\",\"@id\":\"https:\\\/\\\/landioustravel.com\\\/de\\\/#website\",\"url\":\"https:\\\/\\\/landioustravel.com\\\/de\\\/\",\"name\":\"Landious Travel\",\"description\":\"Excursions, trips and cruises in Egypt\",\"publisher\":{\"@id\":\"https:\\\/\\\/landioustravel.com\\\/de\\\/#organization\"},\"potentialAction\":[{\"@type\":\"SearchAction\",\"target\":{\"@type\":\"EntryPoint\",\"urlTemplate\":\"https:\\\/\\\/landioustravel.com\\\/de\\\/?s={search_term_string}\"},\"query-input\":{\"@type\":\"PropertyValueSpecification\",\"valueRequired\":true,\"valueName\":\"search_term_string\"}}],\"inLanguage\":\"de\"},{\"@type\":[\"Organization\",\"Place\"],\"@id\":\"https:\\\/\\\/landioustravel.com\\\/de\\\/#organization\",\"name\":\"Landious Travel\",\"alternateName\":\"Landious Travel\",\"url\":\"https:\\\/\\\/landioustravel.com\\\/de\\\/\",\"logo\":{\"@id\":\"https:\\\/\\\/landioustravel.com\\\/de\\\/shop\\\/bahariya-oasentour-gouna\\\/#local-main-organization-logo\"},\"image\":{\"@id\":\"https:\\\/\\\/landioustravel.com\\\/de\\\/shop\\\/bahariya-oasentour-gouna\\\/#local-main-organization-logo\"},\"sameAs\":[\"https:\\\/\\\/web.facebook.com\\\/landiousEgypt\",\"https:\\\/\\\/x.com\\\/LandiousTours\",\"https:\\\/\\\/mastodon.social\\\/@landious\"],\"legalName\":\"Landious Travel\",\"telephone\":[],\"openingHoursSpecification\":[{\"@type\":\"OpeningHoursSpecification\",\"dayOfWeek\":[\"Monday\",\"Tuesday\",\"Wednesday\",\"Thursday\",\"Friday\",\"Saturday\",\"Sunday\"],\"opens\":\"09:00\",\"closes\":\"17:00\"}]},{\"@type\":\"ImageObject\",\"inLanguage\":\"de\",\"@id\":\"https:\\\/\\\/landioustravel.com\\\/de\\\/shop\\\/bahariya-oasentour-gouna\\\/#local-main-organization-logo\",\"url\":\"https:\\\/\\\/i0.wp.com\\\/landioustravel.com\\\/wp-content\\\/uploads\\\/2021\\\/06\\\/Landious-T.png?fit=500%2C500&ssl=1\",\"contentUrl\":\"https:\\\/\\\/i0.wp.com\\\/landioustravel.com\\\/wp-content\\\/uploads\\\/2021\\\/06\\\/Landious-T.png?fit=500%2C500&ssl=1\",\"width\":500,\"height\":500,\"caption\":\"Landious Travel\"}]}<\/script>\n<!-- \/ Yoast SEO Premium plugin. -->","yoast_head_json":{"title":"Bahariya Oasentour El Gouna","description":"Bahariya Oasentour El Gouna ist eine wundersch\u00f6ne zweit\u00e4gige Tour zur Bahariya Oasis von El Gouna, \u00c4gypten! Wir empfehlen diesen Tagesausflug gerne, denn","robots":{"index":"index","follow":"follow","max-snippet":"max-snippet:-1","max-image-preview":"max-image-preview:large","max-video-preview":"max-video-preview:-1"},"canonical":"https:\/\/landioustravel.com\/de\/shop\/bahariya-oasentour-gouna\/","og_locale":"de_DE","og_type":"article","og_title":"Bahariya Oasentour El Gouna","og_description":"Landious Travel","og_url":"https:\/\/landioustravel.com\/de\/shop\/bahariya-oasentour-gouna\/","og_site_name":"Landious Travel","article_publisher":"https:\/\/web.facebook.com\/landiousEgypt","article_modified_time":"2023-06-15T12:25:49+00:00","og_image":[{"width":1200,"height":675,"url":"https:\/\/i0.wp.com\/landioustravel.com\/wp-content\/uploads\/2023\/01\/Bahariya-Oasis-Tour-El-Gouna-e1672795975320.jpg?fit=1200%2C675&ssl=1","type":"image\/jpeg"}],"twitter_card":"summary_large_image","twitter_site":"@LandiousTours","twitter_misc":{"Gesch\u00e4tzte Lesezeit":"3\u00a0Minuten"},"schema":{"@context":"https:\/\/schema.org","@graph":[{"@type":"WebPage","@id":"https:\/\/landioustravel.com\/de\/shop\/bahariya-oasentour-gouna\/","url":"https:\/\/landioustravel.com\/de\/shop\/bahariya-oasentour-gouna\/","name":"Bahariya Oasentour El Gouna","isPartOf":{"@id":"https:\/\/landioustravel.com\/de\/#website"},"primaryImageOfPage":{"@id":"https:\/\/landioustravel.com\/de\/shop\/bahariya-oasentour-gouna\/#primaryimage"},"image":{"@id":"https:\/\/landioustravel.com\/de\/shop\/bahariya-oasentour-gouna\/#primaryimage"},"thumbnailUrl":"https:\/\/i0.wp.com\/landioustravel.com\/wp-content\/uploads\/2023\/01\/Bahariya-Oasis-Tour-El-Gouna-e1672795975320.jpg?fit=1200%2C675&ssl=1","datePublished":"2023-01-26T21:49:54+00:00","dateModified":"2023-06-15T12:25:49+00:00","description":"Bahariya Oasentour El Gouna ist eine wundersch\u00f6ne zweit\u00e4gige Tour zur Bahariya Oasis von El Gouna, \u00c4gypten! Wir empfehlen diesen Tagesausflug gerne, denn","breadcrumb":{"@id":"https:\/\/landioustravel.com\/de\/shop\/bahariya-oasentour-gouna\/#breadcrumb"},"inLanguage":"de","potentialAction":[{"@type":"ReadAction","target":["https:\/\/landioustravel.com\/de\/shop\/bahariya-oasentour-gouna\/"]}]},{"@type":"ImageObject","inLanguage":"de","@id":"https:\/\/landioustravel.com\/de\/shop\/bahariya-oasentour-gouna\/#primaryimage","url":"https:\/\/i0.wp.com\/landioustravel.com\/wp-content\/uploads\/2023\/01\/Bahariya-Oasis-Tour-El-Gouna-e1672795975320.jpg?fit=1200%2C675&ssl=1","contentUrl":"https:\/\/i0.wp.com\/landioustravel.com\/wp-content\/uploads\/2023\/01\/Bahariya-Oasis-Tour-El-Gouna-e1672795975320.jpg?fit=1200%2C675&ssl=1","width":1200,"height":675,"caption":"Bahariya Oasis Tour El Gouna"},{"@type":"BreadcrumbList","@id":"https:\/\/landioustravel.com\/de\/shop\/bahariya-oasentour-gouna\/#breadcrumb","itemListElement":[{"@type":"ListItem","position":1,"name":"Home","item":"https:\/\/landioustravel.com\/de\/"},{"@type":"ListItem","position":2,"name":"\u00c4gypten Touren","item":"https:\/\/landioustravel.com\/de\/"},{"@type":"ListItem","position":3,"name":"Bahariya Oasentour El Gouna"}]},{"@type":"WebSite","@id":"https:\/\/landioustravel.com\/de\/#website","url":"https:\/\/landioustravel.com\/de\/","name":"Landious Travel","description":"Excursions, trips and cruises in Egypt","publisher":{"@id":"https:\/\/landioustravel.com\/de\/#organization"},"potentialAction":[{"@type":"SearchAction","target":{"@type":"EntryPoint","urlTemplate":"https:\/\/landioustravel.com\/de\/?s={search_term_string}"},"query-input":{"@type":"PropertyValueSpecification","valueRequired":true,"valueName":"search_term_string"}}],"inLanguage":"de"},{"@type":["Organization","Place"],"@id":"https:\/\/landioustravel.com\/de\/#organization","name":"Landious Travel","alternateName":"Landious Travel","url":"https:\/\/landioustravel.com\/de\/","logo":{"@id":"https:\/\/landioustravel.com\/de\/shop\/bahariya-oasentour-gouna\/#local-main-organization-logo"},"image":{"@id":"https:\/\/landioustravel.com\/de\/shop\/bahariya-oasentour-gouna\/#local-main-organization-logo"},"sameAs":["https:\/\/web.facebook.com\/landiousEgypt","https:\/\/x.com\/LandiousTours","https:\/\/mastodon.social\/@landious"],"legalName":"Landious Travel","telephone":[],"openingHoursSpecification":[{"@type":"OpeningHoursSpecification","dayOfWeek":["Monday","Tuesday","Wednesday","Thursday","Friday","Saturday","Sunday"],"opens":"09:00","closes":"17:00"}]},{"@type":"ImageObject","inLanguage":"de","@id":"https:\/\/landioustravel.com\/de\/shop\/bahariya-oasentour-gouna\/#local-main-organization-logo","url":"https:\/\/i0.wp.com\/landioustravel.com\/wp-content\/uploads\/2021\/06\/Landious-T.png?fit=500%2C500&ssl=1","contentUrl":"https:\/\/i0.wp.com\/landioustravel.com\/wp-content\/uploads\/2021\/06\/Landious-T.png?fit=500%2C500&ssl=1","width":500,"height":500,"caption":"Landious Travel"}]}},"jetpack_publicize_connections":[],"uagb_featured_image_src":{"full":["https:\/\/i0.wp.com\/landioustravel.com\/wp-content\/uploads\/2023\/01\/Bahariya-Oasis-Tour-El-Gouna-e1672795975320.jpg?fit=1200%2C675&ssl=1",1200,675,false],"thumbnail":["https:\/\/i0.wp.com\/landioustravel.com\/wp-content\/uploads\/2023\/01\/Bahariya-Oasis-Tour-El-Gouna-e1672795975320.jpg?resize=150%2C150&ssl=1",150,150,true],"medium":["https:\/\/i0.wp.com\/landioustravel.com\/wp-content\/uploads\/2023\/01\/Bahariya-Oasis-Tour-El-Gouna-e1672795975320.jpg?fit=300%2C169&ssl=1",300,169,true],"medium_large":["https:\/\/i0.wp.com\/landioustravel.com\/wp-content\/uploads\/2023\/01\/Bahariya-Oasis-Tour-El-Gouna-e1672795975320.jpg?fit=768%2C432&ssl=1",768,432,true],"large":["https:\/\/i0.wp.com\/landioustravel.com\/wp-content\/uploads\/2023\/01\/Bahariya-Oasis-Tour-El-Gouna-e1672795975320.jpg?fit=980%2C551&ssl=1",980,551,true],"1536x1536":["https:\/\/i0.wp.com\/landioustravel.com\/wp-content\/uploads\/2023\/01\/Bahariya-Oasis-Tour-El-Gouna-e1672795975320.jpg?fit=1200%2C675&ssl=1",1200,675,true],"2048x2048":["https:\/\/i0.wp.com\/landioustravel.com\/wp-content\/uploads\/2023\/01\/Bahariya-Oasis-Tour-El-Gouna-e1672795975320.jpg?fit=1200%2C675&ssl=1",1200,675,true],"newspack-article-block-landscape-large":["https:\/\/i0.wp.com\/landioustravel.com\/wp-content\/uploads\/2023\/01\/Bahariya-Oasis-Tour-El-Gouna-e1672795975320.jpg?resize=1200%2C675&ssl=1",1200,675,true],"newspack-article-block-portrait-large":["https:\/\/i0.wp.com\/landioustravel.com\/wp-content\/uploads\/2023\/01\/Bahariya-Oasis-Tour-El-Gouna-e1672795975320.jpg?resize=900%2C675&ssl=1",900,675,true],"newspack-article-block-square-large":["https:\/\/i0.wp.com\/landioustravel.com\/wp-content\/uploads\/2023\/01\/Bahariya-Oasis-Tour-El-Gouna-e1672795975320.jpg?resize=1200%2C675&ssl=1",1200,675,true],"newspack-article-block-landscape-medium":["https:\/\/i0.wp.com\/landioustravel.com\/wp-content\/uploads\/2023\/01\/Bahariya-Oasis-Tour-El-Gouna-e1672795975320.jpg?resize=800%2C600&ssl=1",800,600,true],"newspack-article-block-portrait-medium":["https:\/\/i0.wp.com\/landioustravel.com\/wp-content\/uploads\/2023\/01\/Bahariya-Oasis-Tour-El-Gouna-e1672795975320.jpg?resize=600%2C675&ssl=1",600,675,true],"newspack-article-block-square-medium":["https:\/\/i0.wp.com\/landioustravel.com\/wp-content\/uploads\/2023\/01\/Bahariya-Oasis-Tour-El-Gouna-e1672795975320.jpg?resize=800%2C675&ssl=1",800,675,true],"newspack-article-block-landscape-intermediate":["https:\/\/i0.wp.com\/landioustravel.com\/wp-content\/uploads\/2023\/01\/Bahariya-Oasis-Tour-El-Gouna-e1672795975320.jpg?resize=600%2C450&ssl=1",600,450,true],"newspack-article-block-portrait-intermediate":["https:\/\/i0.wp.com\/landioustravel.com\/wp-content\/uploads\/2023\/01\/Bahariya-Oasis-Tour-El-Gouna-e1672795975320.jpg?resize=450%2C600&ssl=1",450,600,true],"newspack-article-block-square-intermediate":["https:\/\/i0.wp.com\/landioustravel.com\/wp-content\/uploads\/2023\/01\/Bahariya-Oasis-Tour-El-Gouna-e1672795975320.jpg?resize=600%2C600&ssl=1",600,600,true],"newspack-article-block-landscape-small":["https:\/\/i0.wp.com\/landioustravel.com\/wp-content\/uploads\/2023\/01\/Bahariya-Oasis-Tour-El-Gouna-e1672795975320.jpg?resize=400%2C300&ssl=1",400,300,true],"newspack-article-block-portrait-small":["https:\/\/i0.wp.com\/landioustravel.com\/wp-content\/uploads\/2023\/01\/Bahariya-Oasis-Tour-El-Gouna-e1672795975320.jpg?resize=300%2C400&ssl=1",300,400,true],"newspack-article-block-square-small":["https:\/\/i0.wp.com\/landioustravel.com\/wp-content\/uploads\/2023\/01\/Bahariya-Oasis-Tour-El-Gouna-e1672795975320.jpg?resize=400%2C400&ssl=1",400,400,true],"newspack-article-block-landscape-tiny":["https:\/\/i0.wp.com\/landioustravel.com\/wp-content\/uploads\/2023\/01\/Bahariya-Oasis-Tour-El-Gouna-e1672795975320.jpg?resize=200%2C150&ssl=1",200,150,true],"newspack-article-block-portrait-tiny":["https:\/\/i0.wp.com\/landioustravel.com\/wp-content\/uploads\/2023\/01\/Bahariya-Oasis-Tour-El-Gouna-e1672795975320.jpg?resize=150%2C200&ssl=1",150,200,true],"newspack-article-block-square-tiny":["https:\/\/i0.wp.com\/landioustravel.com\/wp-content\/uploads\/2023\/01\/Bahariya-Oasis-Tour-El-Gouna-e1672795975320.jpg?resize=200%2C200&ssl=1",200,200,true],"newspack-article-block-uncropped":["https:\/\/i0.wp.com\/landioustravel.com\/wp-content\/uploads\/2023\/01\/Bahariya-Oasis-Tour-El-Gouna-e1672795975320.jpg?fit=1200%2C675&ssl=1",1200,675,true],"woocommerce_thumbnail":["https:\/\/i0.wp.com\/landioustravel.com\/wp-content\/uploads\/2023\/01\/Bahariya-Oasis-Tour-El-Gouna-e1672795975320.jpg?resize=324%2C324&ssl=1",324,324,true],"woocommerce_single":["https:\/\/i0.wp.com\/landioustravel.com\/wp-content\/uploads\/2023\/01\/Bahariya-Oasis-Tour-El-Gouna-e1672795975320.jpg?fit=416%2C234&ssl=1",416,234,true],"woocommerce_gallery_thumbnail":["https:\/\/i0.wp.com\/landioustravel.com\/wp-content\/uploads\/2023\/01\/Bahariya-Oasis-Tour-El-Gouna-e1672795975320.jpg?resize=100%2C100&ssl=1",100,100,true]},"uagb_author_info":{"display_name":"Mofreh Landious","author_link":"https:\/\/landioustravel.com\/de\/author\/"},"uagb_comment_info":0,"uagb_excerpt":"Begeben Sie sich von El Gouna aus auf einen aufregenden zweit\u00e4gigen Ausflug in die bezaubernde Wei\u00dfe W\u00fcste und die Bahariya-Oase! Tauchen Sie ein in die faszinierende Sch\u00f6nheit der \u00e4gyptischen W\u00fcste, wo unber\u00fchrte Natur und reiche Geschichte zu einem unvergesslichen Abenteuer zusammenkommen. Machen Sie sich bereit, die Schwarz-Wei\u00df-W\u00fcste, die nat\u00fcrliche hei\u00dfe Quelle von El Haize, den&hellip;","jetpack_sharing_enabled":true,"jetpack_likes_enabled":true,"amp_enabled":true,"_links":{"self":[{"href":"https:\/\/landioustravel.com\/de\/wp-json\/wp\/v2\/product\/135021","targetHints":{"allow":["GET"]}}],"collection":[{"href":"https:\/\/landioustravel.com\/de\/wp-json\/wp\/v2\/product"}],"about":[{"href":"https:\/\/landioustravel.com\/de\/wp-json\/wp\/v2\/types\/product"}],"replies":[{"embeddable":true,"href":"https:\/\/landioustravel.com\/de\/wp-json\/wp\/v2\/comments?post=135021"}],"wp:featuredmedia":[{"embeddable":true,"href":"https:\/\/landioustravel.com\/de\/wp-json\/wp\/v2\/media\/133894"}],"wp:attachment":[{"href":"https:\/\/landioustravel.com\/de\/wp-json\/wp\/v2\/media?parent=135021"}],"wp:term":[{"taxonomy":"product_brand","embeddable":true,"href":"https:\/\/landioustravel.com\/de\/wp-json\/wp\/v2\/product_brand?post=135021"},{"taxonomy":"product_cat","embeddable":true,"href":"https:\/\/landioustravel.com\/de\/wp-json\/wp\/v2\/product_cat?post=135021"},{"taxonomy":"product_tag","embeddable":true,"href":"https:\/\/landioustravel.com\/de\/wp-json\/wp\/v2\/product_tag?post=135021"}],"curies":[{"name":"wp","href":"https:\/\/api.w.org\/{rel}","templated":true}]}}