{"id":135038,"date":"2023-01-03T14:58:29","date_gmt":"2023-01-27T08:00:39","guid":{"rendered":"https:\/\/landioustravel.com\/?post_type=product&#038;p=135038"},"modified":"2023-06-16T14:11:40","modified_gmt":"2023-06-16T12:11:40","slug":"delfinschwimmausflug-gouna","status":"publish","type":"product","link":"https:\/\/landioustravel.com\/de\/shop\/delfinschwimmausflug-gouna\/","title":{"rendered":"Delfinschwimmausflug El Gouna"},"content":{"rendered":"<p><strong>Delfinschwimmausflug El Gouna<\/strong> ist ein beliebter Unterhaltungsausflug zum Schwimmen in einem Pool mit freundlichen Delfinen aus El Gouna, \u00c4gypten! Wir empfehlen den Ausflug, weil es Touristen erm\u00f6glicht, angenehm mit Delfinen zu schwimmen. Dieses Delfinschwimmerlebnis ist eine gro\u00dfartige M\u00f6glichkeit, diese sch\u00f6nen Kreaturen aus n\u00e4chster N\u00e4he zu treffen. Sie k\u00f6nnen die Delfine ber\u00fchren, k\u00fcssen, umarmen, schwimmen, singen und mit ihnen spielen. Es ist eine M\u00f6glichkeit, gl\u00fcckliche Erinnerungen an die Interaktion mit diesen intelligenten Meeress\u00e4ugern zu teilen.<\/p>\n<p>Was f\u00fcr eine fabelhafte Erfahrung, dass Sie diese festlichen Aktivit\u00e4ten machen k\u00f6nnen! Es ist wirklich eine der besten Unterhaltungsreisen, die Sie in Hurghada unternehmen k\u00f6nnen! Nat\u00fcrlich k\u00f6nnen Sie die ganze Familie bei dieser Aktivit\u00e4t begleiten und die Tr\u00e4ume wahr werden lassen.<\/p>\n<h2>H\u00f6hepunkte des Delfin-Schwimmausflugs in El Gouna<\/h2>\n<ul>\n<li>Schwimmen mit den Delfinen im Schwimmbad.<\/li>\n<li>Machen Sie auch Fotos und machen Sie eine DVD-Einweisung.<\/li>\n<\/ul>\n<h2>Programm f\u00fcr Schwimmerlebnisse mit Delfinen<\/h2>\n<ul>\n<li>Der Vertreter von Landious Travel holt Sie gegen 09:00 Uhr von Ihrem Hotel in El Gouna ab.<\/li>\n<li>Nachdem alle Ank\u00f6mmlinge abgeholt wurden, f\u00e4hrt der Bus zum Delphinarium in Safaga. Der Weg zum Delphinarium dauert ca. 30 Minuten.<\/li>\n<li>Im Delfinarium haben Sie Platz zum Umziehen. Bei Bedarf k\u00f6nnen Sie auch einen Badeanzug und eine Schwimmweste anziehen.<\/li>\n<li>Einer der faszinierenden Punkte dieser Erfahrung ist die Interaktion mit Delfinen. Sie werden so ein sch\u00f6nes Gef\u00fchl bekommen, wenn Sie mit ihnen interagieren. Delfine sind eine der freundlichsten und intelligentesten Arten der Welt! Der n\u00e4chste Hauptstopp ist das Schwimmen mit freundlichen Delfinen. Es ist f\u00fcr alle Altersgruppen geeignet, sich mit diesen niedlichen Kreaturen in einem gro\u00dfen Schwimmbecken zu vergn\u00fcgen. Sie haben einen Delfin f\u00fcr je zwei Personen und einen professionellen Trainer, der Ihnen hilft, dieses aufregende Erlebnis zu genie\u00dfen. Genie\u00dfen Sie Ihr Schwimmerlebnis mit Delfinen, indem Sie diese entz\u00fcckenden Kreaturen im Pool ber\u00fchren, streicheln, umarmen und k\u00fcssen. Denken Sie daran, f\u00fcr die Kamera zu l\u00e4cheln! Bewahren Sie diese unvergesslichen Erinnerungen mit digitalen Fotos Ihres Schwimmerlebnisses mit Delfinen auf.<\/li>\n<li>Sobald Sie Ihre Interaktion beendet haben, beginnt ein Bild- und DVD-Briefing. Dieses DVD-Briefing dauert 30 Minuten. Ihr Trainer wird Ihnen anbieten, bis dahin einige Fotos zu machen, um sich an diese sch\u00f6nen Momente zu erinnern. Anschlie\u00dfend stellt Ihnen der Trainer diese Bilder gegen Aufpreis zur Verf\u00fcgung. Nat\u00fcrlich variiert der Preis je nach Gr\u00f6\u00dfe. Es wird jedoch etwas Optionales sein.<\/li>\n<li>Nach einer so wunderbaren Delfinfahrt kehrt Ihr Bus schlie\u00dflich zu Ihrem Hotel zur\u00fcck. Au\u00dferdem begleiten wir Sie wieder zu Ihren Hotels.<\/li>\n<li>Dieser Delfin-Schwimmausflug von El Gouna endet gegen Mittag.<\/li>\n<\/ul>\n<h2>Was beinhaltet der Preis f\u00fcr den Ausflug \u201eSchwimmen mit Delfinen\u201c ab El Gouna?<\/h2>\n<ul>\n<li>Professioneller Trainer.<\/li>\n<li>Rettungsweste.<\/li>\n<li>Au\u00dferdem Transfer zum Delphinarium und zur\u00fcck zum Hotel.<\/li>\n<\/ul>\n<h2>Was beinhaltet das Delfin-Schwimmausflug El Gouna Programm nicht?<\/h2>\n<ul>\n<li>Video-DVD.<\/li>\n<li>Auch die Foto-CD.<\/li>\n<\/ul>\n<h2>Was nehmen Sie f\u00fcr die Reise mit?<\/h2>\n<ul>\n<li>Handtuch.<\/li>\n<li>Au\u00dferdem Sonnencreme.<\/li>\n<li>Zus\u00e4tzliches Geld.<\/li>\n<\/ul>\n<h2>Buchungstage des Delfin-Schwimmausflugs in El Gouna<\/h2>\n<ul>\n<li>T\u00e4glich von 09:00 \u2013 12:00 Uhr.<\/li>\n<\/ul>\n","protected":false},"excerpt":{"rendered":"<p>Erleben Sie die Freude, mit Delfinen in El Gouna aus n\u00e4chster N\u00e4he zu schwimmen! Auf dieser fantastischen Reise k\u00f6nnen Sie diese unglaublichen Kreaturen in einer freundlichen und sicheren Umgebung spielen, k\u00fcssen und sogar ber\u00fchren. Das Paket beinhaltet Transfers, sodass Sie sich darauf konzentrieren k\u00f6nnen, Ihre Zeit mit diesen sch\u00f6nen Tieren zu genie\u00dfen. In nur f\u00fcnf Minuten werden Sie die Intelligenz dieser gro\u00dfartigen Kreaturen entdecken, w\u00e4hrend Sie im Hurghada Dolphin World schwimmen und mit ihnen interagieren. Machen Sie mit und schaffen Sie unvergessliche Erinnerungen mit unseren Delfinfreunden!<\/p>\n","protected":false},"featured_media":135039,"comment_status":"open","ping_status":"closed","template":"","meta":{"_coblocks_attr":"","_coblocks_dimensions":"","_coblocks_responsive_height":"","_coblocks_accordion_ie_support":"","_uag_custom_page_level_css":"","jetpack_post_was_ever_published":false,"jetpack_publicize_message":"","jetpack_publicize_feature_enabled":true,"jetpack_social_post_already_shared":true,"jetpack_social_options":{"image_generator_settings":{"template":"highway","default_image_id":0,"font":"","enabled":false},"version":2},"_wpas_customize_per_network":false},"product_brand":[],"product_cat":[20131,20133],"product_tag":[1653,2222,1843],"class_list":{"0":"post-135038","1":"product","2":"type-product","3":"status-publish","4":"has-post-thumbnail","6":"product_cat-gouna-ausfluege","7":"product_cat-gouna-unterhaltungsreisen","8":"product_tag-ausflug","9":"product_tag-delphinarium-de","10":"product_tag-el-gouna-de","11":"pa_age-erwachsene","12":"pa_age-kind-1-4-jahre","13":"pa_age-kind-5-11-jahre","15":"first","16":"instock","17":"sale","18":"taxable","19":"shipping-taxable","20":"purchasable","21":"product-type-variable"},"yoast_head":"<!-- This site is optimized with the Yoast SEO Premium plugin v26.9 (Yoast SEO v27.3) - https:\/\/yoast.com\/product\/yoast-seo-premium-wordpress\/ -->\n<title>Delfinschwimmausflug El Gouna<\/title>\n<meta name=\"description\" content=\"Delfinschwimmausflug El Gouna ist ein beliebter Unterhaltungsausflug zum Schwimmen in einem Pool mit freundlichen Delfinen aus El Gouna, \u00c4gypten! Wir\" \/>\n<meta name=\"robots\" content=\"index, follow, max-snippet:-1, max-image-preview:large, max-video-preview:-1\" \/>\n<link rel=\"canonical\" href=\"https:\/\/landioustravel.com\/de\/shop\/delfinschwimmausflug-gouna\/\" \/>\n<meta property=\"og:locale\" content=\"de_DE\" \/>\n<meta property=\"og:type\" content=\"article\" \/>\n<meta property=\"og:title\" content=\"Delfinschwimmausflug El Gouna\" \/>\n<meta property=\"og:description\" content=\"Landious Travel\" \/>\n<meta property=\"og:url\" content=\"https:\/\/landioustravel.com\/de\/shop\/delfinschwimmausflug-gouna\/\" \/>\n<meta property=\"og:site_name\" content=\"Landious Travel\" \/>\n<meta property=\"article:publisher\" content=\"https:\/\/web.facebook.com\/landiousEgypt\" \/>\n<meta property=\"article:modified_time\" content=\"2023-06-16T12:11:40+00:00\" \/>\n<meta property=\"og:image\" content=\"https:\/\/i0.wp.com\/landioustravel.com\/wp-content\/uploads\/2023\/01\/Dolphin-Swimming-Trip-El-Gouna-e1672750524883.jpg?fit=1200%2C675&ssl=1\" \/>\n\t<meta property=\"og:image:width\" content=\"1200\" \/>\n\t<meta property=\"og:image:height\" content=\"675\" \/>\n\t<meta property=\"og:image:type\" content=\"image\/jpeg\" \/>\n<meta name=\"twitter:card\" content=\"summary_large_image\" \/>\n<meta name=\"twitter:site\" content=\"@LandiousTours\" \/>\n<meta name=\"twitter:label1\" content=\"Gesch\u00e4tzte Lesezeit\" \/>\n\t<meta name=\"twitter:data1\" content=\"3\u00a0Minuten\" \/>\n<script type=\"application\/ld+json\" class=\"yoast-schema-graph\">{\"@context\":\"https:\\\/\\\/schema.org\",\"@graph\":[{\"@type\":\"WebPage\",\"@id\":\"https:\\\/\\\/landioustravel.com\\\/de\\\/shop\\\/delfinschwimmausflug-gouna\\\/\",\"url\":\"https:\\\/\\\/landioustravel.com\\\/de\\\/shop\\\/delfinschwimmausflug-gouna\\\/\",\"name\":\"Delfinschwimmausflug El Gouna\",\"isPartOf\":{\"@id\":\"https:\\\/\\\/landioustravel.com\\\/de\\\/#website\"},\"primaryImageOfPage\":{\"@id\":\"https:\\\/\\\/landioustravel.com\\\/de\\\/shop\\\/delfinschwimmausflug-gouna\\\/#primaryimage\"},\"image\":{\"@id\":\"https:\\\/\\\/landioustravel.com\\\/de\\\/shop\\\/delfinschwimmausflug-gouna\\\/#primaryimage\"},\"thumbnailUrl\":\"https:\\\/\\\/i0.wp.com\\\/landioustravel.com\\\/wp-content\\\/uploads\\\/2023\\\/01\\\/Dolphin-Swimming-Trip-El-Gouna-e1672750524883.jpg?fit=1200%2C675&ssl=1\",\"datePublished\":\"2023-01-27T08:00:39+00:00\",\"dateModified\":\"2023-06-16T12:11:40+00:00\",\"description\":\"Delfinschwimmausflug El Gouna ist ein beliebter Unterhaltungsausflug zum Schwimmen in einem Pool mit freundlichen Delfinen aus El Gouna, \u00c4gypten! Wir\",\"breadcrumb\":{\"@id\":\"https:\\\/\\\/landioustravel.com\\\/de\\\/shop\\\/delfinschwimmausflug-gouna\\\/#breadcrumb\"},\"inLanguage\":\"de\",\"potentialAction\":[{\"@type\":\"ReadAction\",\"target\":[\"https:\\\/\\\/landioustravel.com\\\/de\\\/shop\\\/delfinschwimmausflug-gouna\\\/\"]}]},{\"@type\":\"ImageObject\",\"inLanguage\":\"de\",\"@id\":\"https:\\\/\\\/landioustravel.com\\\/de\\\/shop\\\/delfinschwimmausflug-gouna\\\/#primaryimage\",\"url\":\"https:\\\/\\\/i0.wp.com\\\/landioustravel.com\\\/wp-content\\\/uploads\\\/2023\\\/01\\\/Dolphin-Swimming-Trip-El-Gouna-e1672750524883.jpg?fit=1200%2C675&ssl=1\",\"contentUrl\":\"https:\\\/\\\/i0.wp.com\\\/landioustravel.com\\\/wp-content\\\/uploads\\\/2023\\\/01\\\/Dolphin-Swimming-Trip-El-Gouna-e1672750524883.jpg?fit=1200%2C675&ssl=1\",\"width\":1200,\"height\":675,\"caption\":\"Dolphin Swimming Trip El Gouna\"},{\"@type\":\"BreadcrumbList\",\"@id\":\"https:\\\/\\\/landioustravel.com\\\/de\\\/shop\\\/delfinschwimmausflug-gouna\\\/#breadcrumb\",\"itemListElement\":[{\"@type\":\"ListItem\",\"position\":1,\"name\":\"Home\",\"item\":\"https:\\\/\\\/landioustravel.com\\\/de\\\/\"},{\"@type\":\"ListItem\",\"position\":2,\"name\":\"\u00c4gypten Touren\",\"item\":\"https:\\\/\\\/landioustravel.com\\\/de\\\/\"},{\"@type\":\"ListItem\",\"position\":3,\"name\":\"Delfinschwimmausflug El Gouna\"}]},{\"@type\":\"WebSite\",\"@id\":\"https:\\\/\\\/landioustravel.com\\\/de\\\/#website\",\"url\":\"https:\\\/\\\/landioustravel.com\\\/de\\\/\",\"name\":\"Landious Travel\",\"description\":\"Excursions, trips and cruises in Egypt\",\"publisher\":{\"@id\":\"https:\\\/\\\/landioustravel.com\\\/de\\\/#organization\"},\"potentialAction\":[{\"@type\":\"SearchAction\",\"target\":{\"@type\":\"EntryPoint\",\"urlTemplate\":\"https:\\\/\\\/landioustravel.com\\\/de\\\/?s={search_term_string}\"},\"query-input\":{\"@type\":\"PropertyValueSpecification\",\"valueRequired\":true,\"valueName\":\"search_term_string\"}}],\"inLanguage\":\"de\"},{\"@type\":[\"Organization\",\"Place\"],\"@id\":\"https:\\\/\\\/landioustravel.com\\\/de\\\/#organization\",\"name\":\"Landious Travel\",\"alternateName\":\"Landious Travel\",\"url\":\"https:\\\/\\\/landioustravel.com\\\/de\\\/\",\"logo\":{\"@id\":\"https:\\\/\\\/landioustravel.com\\\/de\\\/shop\\\/delfinschwimmausflug-gouna\\\/#local-main-organization-logo\"},\"image\":{\"@id\":\"https:\\\/\\\/landioustravel.com\\\/de\\\/shop\\\/delfinschwimmausflug-gouna\\\/#local-main-organization-logo\"},\"sameAs\":[\"https:\\\/\\\/web.facebook.com\\\/landiousEgypt\",\"https:\\\/\\\/x.com\\\/LandiousTours\",\"https:\\\/\\\/mastodon.social\\\/@landious\"],\"legalName\":\"Landious Travel\",\"telephone\":[],\"openingHoursSpecification\":[{\"@type\":\"OpeningHoursSpecification\",\"dayOfWeek\":[\"Monday\",\"Tuesday\",\"Wednesday\",\"Thursday\",\"Friday\",\"Saturday\",\"Sunday\"],\"opens\":\"09:00\",\"closes\":\"17:00\"}]},{\"@type\":\"ImageObject\",\"inLanguage\":\"de\",\"@id\":\"https:\\\/\\\/landioustravel.com\\\/de\\\/shop\\\/delfinschwimmausflug-gouna\\\/#local-main-organization-logo\",\"url\":\"https:\\\/\\\/i0.wp.com\\\/landioustravel.com\\\/wp-content\\\/uploads\\\/2021\\\/06\\\/Landious-T.png?fit=500%2C500&ssl=1\",\"contentUrl\":\"https:\\\/\\\/i0.wp.com\\\/landioustravel.com\\\/wp-content\\\/uploads\\\/2021\\\/06\\\/Landious-T.png?fit=500%2C500&ssl=1\",\"width\":500,\"height\":500,\"caption\":\"Landious Travel\"}]}<\/script>\n<!-- \/ Yoast SEO Premium plugin. -->","yoast_head_json":{"title":"Delfinschwimmausflug El Gouna","description":"Delfinschwimmausflug El Gouna ist ein beliebter Unterhaltungsausflug zum Schwimmen in einem Pool mit freundlichen Delfinen aus El Gouna, \u00c4gypten! Wir","robots":{"index":"index","follow":"follow","max-snippet":"max-snippet:-1","max-image-preview":"max-image-preview:large","max-video-preview":"max-video-preview:-1"},"canonical":"https:\/\/landioustravel.com\/de\/shop\/delfinschwimmausflug-gouna\/","og_locale":"de_DE","og_type":"article","og_title":"Delfinschwimmausflug El Gouna","og_description":"Landious Travel","og_url":"https:\/\/landioustravel.com\/de\/shop\/delfinschwimmausflug-gouna\/","og_site_name":"Landious Travel","article_publisher":"https:\/\/web.facebook.com\/landiousEgypt","article_modified_time":"2023-06-16T12:11:40+00:00","og_image":[{"width":1200,"height":675,"url":"https:\/\/i0.wp.com\/landioustravel.com\/wp-content\/uploads\/2023\/01\/Dolphin-Swimming-Trip-El-Gouna-e1672750524883.jpg?fit=1200%2C675&ssl=1","type":"image\/jpeg"}],"twitter_card":"summary_large_image","twitter_site":"@LandiousTours","twitter_misc":{"Gesch\u00e4tzte Lesezeit":"3\u00a0Minuten"},"schema":{"@context":"https:\/\/schema.org","@graph":[{"@type":"WebPage","@id":"https:\/\/landioustravel.com\/de\/shop\/delfinschwimmausflug-gouna\/","url":"https:\/\/landioustravel.com\/de\/shop\/delfinschwimmausflug-gouna\/","name":"Delfinschwimmausflug El Gouna","isPartOf":{"@id":"https:\/\/landioustravel.com\/de\/#website"},"primaryImageOfPage":{"@id":"https:\/\/landioustravel.com\/de\/shop\/delfinschwimmausflug-gouna\/#primaryimage"},"image":{"@id":"https:\/\/landioustravel.com\/de\/shop\/delfinschwimmausflug-gouna\/#primaryimage"},"thumbnailUrl":"https:\/\/i0.wp.com\/landioustravel.com\/wp-content\/uploads\/2023\/01\/Dolphin-Swimming-Trip-El-Gouna-e1672750524883.jpg?fit=1200%2C675&ssl=1","datePublished":"2023-01-27T08:00:39+00:00","dateModified":"2023-06-16T12:11:40+00:00","description":"Delfinschwimmausflug El Gouna ist ein beliebter Unterhaltungsausflug zum Schwimmen in einem Pool mit freundlichen Delfinen aus El Gouna, \u00c4gypten! Wir","breadcrumb":{"@id":"https:\/\/landioustravel.com\/de\/shop\/delfinschwimmausflug-gouna\/#breadcrumb"},"inLanguage":"de","potentialAction":[{"@type":"ReadAction","target":["https:\/\/landioustravel.com\/de\/shop\/delfinschwimmausflug-gouna\/"]}]},{"@type":"ImageObject","inLanguage":"de","@id":"https:\/\/landioustravel.com\/de\/shop\/delfinschwimmausflug-gouna\/#primaryimage","url":"https:\/\/i0.wp.com\/landioustravel.com\/wp-content\/uploads\/2023\/01\/Dolphin-Swimming-Trip-El-Gouna-e1672750524883.jpg?fit=1200%2C675&ssl=1","contentUrl":"https:\/\/i0.wp.com\/landioustravel.com\/wp-content\/uploads\/2023\/01\/Dolphin-Swimming-Trip-El-Gouna-e1672750524883.jpg?fit=1200%2C675&ssl=1","width":1200,"height":675,"caption":"Dolphin Swimming Trip El Gouna"},{"@type":"BreadcrumbList","@id":"https:\/\/landioustravel.com\/de\/shop\/delfinschwimmausflug-gouna\/#breadcrumb","itemListElement":[{"@type":"ListItem","position":1,"name":"Home","item":"https:\/\/landioustravel.com\/de\/"},{"@type":"ListItem","position":2,"name":"\u00c4gypten Touren","item":"https:\/\/landioustravel.com\/de\/"},{"@type":"ListItem","position":3,"name":"Delfinschwimmausflug El Gouna"}]},{"@type":"WebSite","@id":"https:\/\/landioustravel.com\/de\/#website","url":"https:\/\/landioustravel.com\/de\/","name":"Landious Travel","description":"Excursions, trips and cruises in Egypt","publisher":{"@id":"https:\/\/landioustravel.com\/de\/#organization"},"potentialAction":[{"@type":"SearchAction","target":{"@type":"EntryPoint","urlTemplate":"https:\/\/landioustravel.com\/de\/?s={search_term_string}"},"query-input":{"@type":"PropertyValueSpecification","valueRequired":true,"valueName":"search_term_string"}}],"inLanguage":"de"},{"@type":["Organization","Place"],"@id":"https:\/\/landioustravel.com\/de\/#organization","name":"Landious Travel","alternateName":"Landious Travel","url":"https:\/\/landioustravel.com\/de\/","logo":{"@id":"https:\/\/landioustravel.com\/de\/shop\/delfinschwimmausflug-gouna\/#local-main-organization-logo"},"image":{"@id":"https:\/\/landioustravel.com\/de\/shop\/delfinschwimmausflug-gouna\/#local-main-organization-logo"},"sameAs":["https:\/\/web.facebook.com\/landiousEgypt","https:\/\/x.com\/LandiousTours","https:\/\/mastodon.social\/@landious"],"legalName":"Landious Travel","telephone":[],"openingHoursSpecification":[{"@type":"OpeningHoursSpecification","dayOfWeek":["Monday","Tuesday","Wednesday","Thursday","Friday","Saturday","Sunday"],"opens":"09:00","closes":"17:00"}]},{"@type":"ImageObject","inLanguage":"de","@id":"https:\/\/landioustravel.com\/de\/shop\/delfinschwimmausflug-gouna\/#local-main-organization-logo","url":"https:\/\/i0.wp.com\/landioustravel.com\/wp-content\/uploads\/2021\/06\/Landious-T.png?fit=500%2C500&ssl=1","contentUrl":"https:\/\/i0.wp.com\/landioustravel.com\/wp-content\/uploads\/2021\/06\/Landious-T.png?fit=500%2C500&ssl=1","width":500,"height":500,"caption":"Landious Travel"}]}},"jetpack_publicize_connections":[],"uagb_featured_image_src":{"full":["https:\/\/i0.wp.com\/landioustravel.com\/wp-content\/uploads\/2023\/01\/Dolphin-Swimming-Trip-El-Gouna-e1672750524883.jpg?fit=1200%2C675&ssl=1",1200,675,false],"thumbnail":["https:\/\/i0.wp.com\/landioustravel.com\/wp-content\/uploads\/2023\/01\/Dolphin-Swimming-Trip-El-Gouna-e1672750524883.jpg?resize=150%2C150&ssl=1",150,150,true],"medium":["https:\/\/i0.wp.com\/landioustravel.com\/wp-content\/uploads\/2023\/01\/Dolphin-Swimming-Trip-El-Gouna-e1672750524883.jpg?fit=300%2C169&ssl=1",300,169,true],"medium_large":["https:\/\/i0.wp.com\/landioustravel.com\/wp-content\/uploads\/2023\/01\/Dolphin-Swimming-Trip-El-Gouna-e1672750524883.jpg?fit=768%2C432&ssl=1",768,432,true],"large":["https:\/\/i0.wp.com\/landioustravel.com\/wp-content\/uploads\/2023\/01\/Dolphin-Swimming-Trip-El-Gouna-e1672750524883.jpg?fit=980%2C551&ssl=1",980,551,true],"1536x1536":["https:\/\/i0.wp.com\/landioustravel.com\/wp-content\/uploads\/2023\/01\/Dolphin-Swimming-Trip-El-Gouna-e1672750524883.jpg?fit=1200%2C675&ssl=1",1200,675,true],"2048x2048":["https:\/\/i0.wp.com\/landioustravel.com\/wp-content\/uploads\/2023\/01\/Dolphin-Swimming-Trip-El-Gouna-e1672750524883.jpg?fit=1200%2C675&ssl=1",1200,675,true],"newspack-article-block-landscape-large":["https:\/\/i0.wp.com\/landioustravel.com\/wp-content\/uploads\/2023\/01\/Dolphin-Swimming-Trip-El-Gouna-e1672750524883.jpg?resize=1200%2C675&ssl=1",1200,675,true],"newspack-article-block-portrait-large":["https:\/\/i0.wp.com\/landioustravel.com\/wp-content\/uploads\/2023\/01\/Dolphin-Swimming-Trip-El-Gouna-e1672750524883.jpg?resize=900%2C675&ssl=1",900,675,true],"newspack-article-block-square-large":["https:\/\/i0.wp.com\/landioustravel.com\/wp-content\/uploads\/2023\/01\/Dolphin-Swimming-Trip-El-Gouna-e1672750524883.jpg?resize=1200%2C675&ssl=1",1200,675,true],"newspack-article-block-landscape-medium":["https:\/\/i0.wp.com\/landioustravel.com\/wp-content\/uploads\/2023\/01\/Dolphin-Swimming-Trip-El-Gouna-e1672750524883.jpg?resize=800%2C600&ssl=1",800,600,true],"newspack-article-block-portrait-medium":["https:\/\/i0.wp.com\/landioustravel.com\/wp-content\/uploads\/2023\/01\/Dolphin-Swimming-Trip-El-Gouna-e1672750524883.jpg?resize=600%2C675&ssl=1",600,675,true],"newspack-article-block-square-medium":["https:\/\/i0.wp.com\/landioustravel.com\/wp-content\/uploads\/2023\/01\/Dolphin-Swimming-Trip-El-Gouna-e1672750524883.jpg?resize=800%2C675&ssl=1",800,675,true],"newspack-article-block-landscape-intermediate":["https:\/\/i0.wp.com\/landioustravel.com\/wp-content\/uploads\/2023\/01\/Dolphin-Swimming-Trip-El-Gouna-e1672750524883.jpg?resize=600%2C450&ssl=1",600,450,true],"newspack-article-block-portrait-intermediate":["https:\/\/i0.wp.com\/landioustravel.com\/wp-content\/uploads\/2023\/01\/Dolphin-Swimming-Trip-El-Gouna-e1672750524883.jpg?resize=450%2C600&ssl=1",450,600,true],"newspack-article-block-square-intermediate":["https:\/\/i0.wp.com\/landioustravel.com\/wp-content\/uploads\/2023\/01\/Dolphin-Swimming-Trip-El-Gouna-e1672750524883.jpg?resize=600%2C600&ssl=1",600,600,true],"newspack-article-block-landscape-small":["https:\/\/i0.wp.com\/landioustravel.com\/wp-content\/uploads\/2023\/01\/Dolphin-Swimming-Trip-El-Gouna-e1672750524883.jpg?resize=400%2C300&ssl=1",400,300,true],"newspack-article-block-portrait-small":["https:\/\/i0.wp.com\/landioustravel.com\/wp-content\/uploads\/2023\/01\/Dolphin-Swimming-Trip-El-Gouna-e1672750524883.jpg?resize=300%2C400&ssl=1",300,400,true],"newspack-article-block-square-small":["https:\/\/i0.wp.com\/landioustravel.com\/wp-content\/uploads\/2023\/01\/Dolphin-Swimming-Trip-El-Gouna-e1672750524883.jpg?resize=400%2C400&ssl=1",400,400,true],"newspack-article-block-landscape-tiny":["https:\/\/i0.wp.com\/landioustravel.com\/wp-content\/uploads\/2023\/01\/Dolphin-Swimming-Trip-El-Gouna-e1672750524883.jpg?resize=200%2C150&ssl=1",200,150,true],"newspack-article-block-portrait-tiny":["https:\/\/i0.wp.com\/landioustravel.com\/wp-content\/uploads\/2023\/01\/Dolphin-Swimming-Trip-El-Gouna-e1672750524883.jpg?resize=150%2C200&ssl=1",150,200,true],"newspack-article-block-square-tiny":["https:\/\/i0.wp.com\/landioustravel.com\/wp-content\/uploads\/2023\/01\/Dolphin-Swimming-Trip-El-Gouna-e1672750524883.jpg?resize=200%2C200&ssl=1",200,200,true],"newspack-article-block-uncropped":["https:\/\/i0.wp.com\/landioustravel.com\/wp-content\/uploads\/2023\/01\/Dolphin-Swimming-Trip-El-Gouna-e1672750524883.jpg?fit=1200%2C675&ssl=1",1200,675,true],"woocommerce_thumbnail":["https:\/\/i0.wp.com\/landioustravel.com\/wp-content\/uploads\/2023\/01\/Dolphin-Swimming-Trip-El-Gouna-e1672750524883.jpg?resize=324%2C324&ssl=1",324,324,true],"woocommerce_single":["https:\/\/i0.wp.com\/landioustravel.com\/wp-content\/uploads\/2023\/01\/Dolphin-Swimming-Trip-El-Gouna-e1672750524883.jpg?fit=416%2C234&ssl=1",416,234,true],"woocommerce_gallery_thumbnail":["https:\/\/i0.wp.com\/landioustravel.com\/wp-content\/uploads\/2023\/01\/Dolphin-Swimming-Trip-El-Gouna-e1672750524883.jpg?resize=100%2C100&ssl=1",100,100,true]},"uagb_author_info":{"display_name":"Mofreh Landious","author_link":"https:\/\/landioustravel.com\/de\/author\/"},"uagb_comment_info":0,"uagb_excerpt":"Erleben Sie die Freude, mit Delfinen in El Gouna aus n\u00e4chster N\u00e4he zu schwimmen! Auf dieser fantastischen Reise k\u00f6nnen Sie diese unglaublichen Kreaturen in einer freundlichen und sicheren Umgebung spielen, k\u00fcssen und sogar ber\u00fchren. Das Paket beinhaltet Transfers, sodass Sie sich darauf konzentrieren k\u00f6nnen, Ihre Zeit mit diesen sch\u00f6nen Tieren zu genie\u00dfen. In nur f\u00fcnf&hellip;","jetpack_sharing_enabled":true,"jetpack_likes_enabled":true,"amp_enabled":true,"_links":{"self":[{"href":"https:\/\/landioustravel.com\/de\/wp-json\/wp\/v2\/product\/135038","targetHints":{"allow":["GET"]}}],"collection":[{"href":"https:\/\/landioustravel.com\/de\/wp-json\/wp\/v2\/product"}],"about":[{"href":"https:\/\/landioustravel.com\/de\/wp-json\/wp\/v2\/types\/product"}],"replies":[{"embeddable":true,"href":"https:\/\/landioustravel.com\/de\/wp-json\/wp\/v2\/comments?post=135038"}],"wp:featuredmedia":[{"embeddable":true,"href":"https:\/\/landioustravel.com\/de\/wp-json\/wp\/v2\/media\/135039"}],"wp:attachment":[{"href":"https:\/\/landioustravel.com\/de\/wp-json\/wp\/v2\/media?parent=135038"}],"wp:term":[{"taxonomy":"product_brand","embeddable":true,"href":"https:\/\/landioustravel.com\/de\/wp-json\/wp\/v2\/product_brand?post=135038"},{"taxonomy":"product_cat","embeddable":true,"href":"https:\/\/landioustravel.com\/de\/wp-json\/wp\/v2\/product_cat?post=135038"},{"taxonomy":"product_tag","embeddable":true,"href":"https:\/\/landioustravel.com\/de\/wp-json\/wp\/v2\/product_tag?post=135038"}],"curies":[{"name":"wp","href":"https:\/\/api.w.org\/{rel}","templated":true}]}}